{"id":81558,"date":"2025-08-05T23:53:57","date_gmt":"2025-08-05T23:53:57","guid":{"rendered":"https:\/\/transfereurope.com\/transfer-z-krakova-do-bratislavy\/"},"modified":"2025-08-05T23:53:57","modified_gmt":"2025-08-05T23:53:57","slug":"transfer-z-krakova-do-bratislavy","status":"publish","type":"page","link":"https:\/\/transfereurope.com\/sk\/transfer-z-krakova-do-bratislavy\/","title":{"rendered":"Transfer z Krakova do Bratislavy"},"content":{"rendered":"\n<div id=\"t4-masthead\" class=\"t4-section  t4-masthead\">\n<div class=\"t4-col text-center\">\n<div class=\"ja-masthead\" >\n<div class=\"ja-masthead-detail\">\n<h1 class=\"ja-masthead-title\">Transfer z Krakova do Bratislavy<\/h1>\n<p>                 <!---->            <\/p>\n<div class=\"block-breadcrumb\">                       <\/div>\n<\/p><\/div>\n<\/p><\/div>\n<pre><\/pre>\n<\/div>\n<\/div>\n<div id=\"t4-main-body\" class=\"t4-section  t4-main-body\" role=\"main body\">\n<div class=\"t4-section-inner container\">\n<div class=\"t4-row row\">\n<div class=\"t4-col col-12 col-xl\">\n<div id=\"system-message-container\"> \t<\/div>\n<div class=\"com-content-article item-page view-tour-detail\">\n<div class=\"tour-top-info clearfix\">\n<div class=\"pull-left\">\n<div class=\"category-article-dot\">\n<div class=\"category-name\"> \t\t\t\t\t<a href=\"\/sk\/destinacie\/krakov\" itemprop=\"genre\">Krakov Osobn\u00e1 preprava<\/a> \t\t\t\t<\/div>\n<\/p><\/div>\n<\/p><\/div>\n<div class=\"pull-right\">\n<div class=\"text-danger tour-price\"> \t\t\t\t\t\t<a href=\"\/sk\/rezervovat-transfer\">Rezervova\u0165<\/a><\/div>\n<\/p><\/div>\n<\/p><\/div>\n<p>  \t <!--\t-->  \t<\/p>\n<div class=\"vm-product-container\">\n<figure class=\"pull-left item-image\">\n<div class=\"main-image\"> \t\t<a title=\"Krakow to Bratislava Transfer Service\" rel='vm-additional-images' href=\"\/images\/virtuemart\/product\/Italy Milan Transfers (5)41.jpg\"><img decoding=\"async\"  loading=\"lazy\"  src=\"\/wp-content\/uploads\/2025\/08\/Italy-Milan-Transfers-541-10.jpg\"  alt=\"Krakow to Bratislava Transfer Service\"  \/><\/a>\t\t<\/p>\n<div class=\"clear\"><\/div>\n<\/p><\/div>\n<\/figure>\n<div class=\"vm-product-details-container\">\n<div class=\"spacer-buy-area\">    \t\t \t\t<\/div>\n<\/p><\/div>\n<div class=\"clear\"><\/div>\n<\/p><\/div>\n<div class=\"product-description\" >\n<div class=\"book-now mt-5\" style=\"text-align: left;\">\n<p>Pl\u00e1nujete cestu z Krakova do Bratislavy a h\u013ead\u00e1te spo\u013eahliv\u00fd a pohodln\u00fd sp\u00f4sob dopravy? U\u017e nemus\u00edte h\u013eada\u0165 \u010falej! Na\u0161a slu\u017eba transferu z Krakova do Bratislavy je tu, aby v\u00e1m zabezpe\u010dila bezprobl\u00e9mov\u00e9 a bezprobl\u00e9mov\u00e9 cestovanie.<\/p>\n<p>Na\u0161a prepravn\u00e1 slu\u017eba v\u00e1m pon\u00faka pohodlie s\u00fakromn\u00e9ho vodi\u010da a pohodln\u00e9 vozidlo na va\u0161u cestu. Ch\u00e1peme, \u017ee cesta medzi t\u00fdmito dvoma kr\u00e1snymi mestami by mala by\u0165 rovnako pr\u00edjemn\u00e1 ako samotn\u00e1 destin\u00e1cia. Preto v\u00e1m poskytujeme profesion\u00e1lneho a zdvoril\u00e9ho s\u00fakromn\u00e9ho vodi\u010da, ktor\u00fd sa sna\u017e\u00ed zabezpe\u010di\u0165, aby bola va\u0161a cesta bezpe\u010dn\u00e1 a pr\u00edjemn\u00e1. Na\u0161e modern\u00e9 a dobre udr\u017eiavan\u00e9 vozidl\u00e1 zaru\u010duj\u00fa plynul\u00fa a pohodln\u00fa jazdu.<\/p>\n<p style=\"text-align: center;\"><a class=\"btn btn-primary\" href=\"\/sk\/rezervovat-transfer\">Rezervova\u0165<\/a><\/p>\n<h2 style=\"text-align: center;\"><strong>Pre\u010do si vybra\u0165 n\u00e1\u0161 transfer z Krakova do Bratislavy?<\/strong><\/h2>\n<ul>\n<li style=\"font-weight: 400;\"><strong>Komfort:<\/strong> Cestujte v dobre udr\u017eiavanom a priestrannom aute, ktor\u00e9 vyhovuje va\u0161im potreb\u00e1m.<\/li>\n<li style=\"font-weight: 400;\"><strong>Profesion\u00e1lni vodi\u010di:<\/strong> Na\u0161i s\u00fakromn\u00ed vodi\u010di s\u00fa sk\u00fasen\u00ed, zdvoril\u00ed a poznaj\u00fa najlep\u0161ie trasy.<\/li>\n<li style=\"font-weight: 400;\"><strong>Dochv\u00ed\u013enos\u0165:<\/strong> Vieme, \u017ee je d\u00f4le\u017eit\u00e9 pr\u00eds\u0165 na\u010das, tak\u017ee sa m\u00f4\u017eete spo\u013eahn\u00fa\u0165, \u017ee pr\u00eddeme v\u010das.<\/li>\n<li style=\"font-weight: 400;\"><strong>Bezpe\u010dnos\u0165:<\/strong> Va\u0161a bezpe\u010dnos\u0165 je na\u0161ou prioritou a my dodr\u017eiavame tie najvy\u0161\u0161ie bezpe\u010dnostn\u00e9 normy.<\/li>\n<li style=\"font-weight: 400;\"><strong>Pohodlie:<\/strong> Nemus\u00edte sa stara\u0165 o parkovanie, navig\u00e1ciu ani manipul\u00e1ciu s bato\u017einou.<\/li>\n<li style=\"font-weight: 400;\"><strong>Cenov\u00e1 dostupnos\u0165:<\/strong> Vychutnajte si pr\u00e9miov\u00e9 slu\u017eby za v\u00fdhodn\u00e9 ceny.<\/li>\n<\/ul>\n<h2 style=\"text-align: center;\">\u00a0<\/h2>\n<h2 style=\"text-align: center;\"><strong>Rezerv\u00e1cia transferu z Krakova do Bratislavy\u00a0<\/strong><\/h2>\n<p>Rezerv\u00e1cia na\u0161ej slu\u017eby transferu z Krakova do Bratislavy je jednoduch\u00e1. Jednoducho n\u00e1s kontaktujte a my v\u00e1m poskytneme cenov\u00fa ponuku, ktor\u00e1 bude vyhovova\u0165 v\u00e1\u0161mu rozpo\u010dtu. Po potvrden\u00ed rezerv\u00e1cie sa m\u00f4\u017eete uvo\u013eni\u0165 a te\u0161i\u0165 sa na pohodln\u00fa cestu bez stresu.<\/p>\n<p>Pri svojich cestovn\u00fdch pl\u00e1noch nerobte kompromisy v oblasti komfortu, bezpe\u010dnosti a pohodlia. Vyberte si na\u0161u slu\u017ebu pren\u00e1jmu s\u00fakromn\u00e9ho vozidla pre v\u00e1\u0161 transfer z Krakova do Bratislavy a za\u017eite dokonal\u00e9 dopravn\u00e9 slu\u017eby. Zarezervujte si miesto e\u0161te dnes a u\u017eite si n\u00e1dhern\u00fa cestu medzi t\u00fdmito dvoma pozoruhodn\u00fdmi eur\u00f3pskymi mestami.<\/p>\n<p style=\"text-align: center;\"><a class=\"btn btn-primary\" href=\"\/sk\/rezervovat-transfer\">Rezervova\u0165<\/a><\/p>\n<h2 style=\"text-align: center;\"><b>Ako sa dosta\u0165 z Krakova do Bratislavy<\/b><\/h2>\n<p>Zauj\u00edma v\u00e1s, ako pohodlne a jednoducho cestova\u0165 z Krakova do Bratislavy? Na\u0161a \u0161pecializovan\u00e1 slu\u017eba transferu v\u00e1s zahrnie! Objavte pohodlie na\u0161ej transferovej slu\u017eby z Krakova do Bratislavy a za\u017eite cestu medzi t\u00fdmito dvoma podmaniv\u00fdmi mestami bez stresu.<\/p>\n<h3>Rezervujte si svoj transfer<\/h3>\n<p>Za\u010dnite rezerv\u00e1ciou transferu z Krakova do Bratislavy s na\u0161imi spo\u013eahliv\u00fdmi slu\u017ebami. Rezerv\u00e1ciu m\u00f4\u017eete vykona\u0165 online alebo kontaktovan\u00edm n\u00e1\u0161ho priate\u013esk\u00e9ho t\u00edmu z\u00e1kazn\u00edckej podpory. Pon\u00fakame bezprobl\u00e9mov\u00fd proces rezerv\u00e1cie, aby sme zabezpe\u010dili, \u017ee va\u0161e cestovn\u00e9 pl\u00e1ny bud\u00fa \u010do najpohodlnej\u0161ie.<\/p>\n<h3>Vyberte si svoje vozidlo<\/h3>\n<p>Vyberte si vozidlo, ktor\u00e9 najlep\u0161ie vyhovuje va\u0161im potreb\u00e1m a preferenci\u00e1m. Pon\u00fakame cel\u00fd rad pohodln\u00fdch a dobre udr\u017eiavan\u00fdch vozidiel, ktor\u00e9 sa prisp\u00f4sobia r\u00f4znym ve\u013ekostiam skup\u00edn a po\u017eiadavk\u00e1m na cestovanie. \u010ci u\u017e cestujete sami, so skupinou alebo potrebujete extra priestor na bato\u017einu, m\u00e1me pre v\u00e1s to spr\u00e1vne vozidlo.<\/p>\n<h3>S\u00fakromn\u00fd vodi\u010d k va\u0161im slu\u017eb\u00e1m<\/h3>\n<p>U\u017eite si luxus s\u00fakromn\u00e9ho vodi\u010da, ktor\u00fd v\u00e1s vyzdvihne na po\u017eadovanom mieste v Krakove. Na\u0161i sk\u00fasen\u00ed a zdvoril\u00ed vodi\u010di sa sna\u017eia zabezpe\u010di\u0165 bezpe\u010dn\u00fa a pr\u00edjemn\u00fa cestu. Pohodlne sa usa\u010fte a relaxujte, k\u00fdm sa bud\u00fa pohybova\u0165 po cest\u00e1ch a postaraj\u00fa sa o v\u0161etky aspekty va\u0161ej prepravy.<\/p>\n<p>\u00a0<\/p>\n<h3>Cestovanie bez stresu<\/h3>\n<p>Rozl\u00fa\u010dte sa so stresom z navig\u00e1cie po nezn\u00e1mych tras\u00e1ch, s verejnou dopravou alebo s bato\u017einou. Na\u0161a slu\u017eba transferu z Krakova do Bratislavy je navrhnut\u00e1 tak, aby va\u0161e cestovanie bolo \u010do najhlad\u0161ie. V\u00e1\u0161 vodi\u010d sa postar\u00e1 o to, aby ste do cie\u013ea v Bratislave dorazili v\u010das a v pohodl\u00ed.<\/p>\n<h3>U\u017eite si cestu<\/h3>\n<p>Po\u010das cesty medzi Krakovom a Bratislavou budete ma\u0165 pr\u00edle\u017eitos\u0165 pozrie\u0165 si malebn\u00fa krajinu a historick\u00e9 pamiatky tohto regi\u00f3nu. V\u00e1\u0161 s\u00fakromn\u00fd vodi\u010d v\u00e1m poskytne zauj\u00edmav\u00e9 postrehy a odpor\u00fa\u010dania, ktor\u00e9 obohatia va\u0161u cestu.<\/p>\n<h3>Dosiahnite svoj cie\u013e<\/h3>\n<p>Uvo\u013enite sa a vychutnajte si cestu s vedom\u00edm, \u017ee do cie\u013ea v Bratislave doraz\u00edte odd\u00fdchnut\u00ed a pripraven\u00ed spozn\u00e1va\u0165 toto pulzuj\u00face mesto. Na\u0161a slu\u017eba transferu v\u00e1s zbav\u00ed starost\u00ed s cestovan\u00edm, aby ste sa mohli s\u00fastredi\u0165 na \u010do najlep\u0161ie vyu\u017eitie \u010dasu str\u00e1ven\u00e9ho v Bratislave.<\/p>\n<p style=\"text-align: center;\"><a class=\"btn btn-primary\" href=\"\/sk\/rezervovat-transfer\">Rezervova\u0165<\/a><\/p>\n<p style=\"text-align: left;\">Nedovo\u013ete, aby v\u00e1m pl\u00e1ny na cestu zatienili obavy z dopravy. Vyberte si na\u0161u slu\u017ebu transferu z Krakova do Bratislavy, ktor\u00e1 v\u00e1m zabezpe\u010d\u00ed bezprobl\u00e9mov\u00fa a pr\u00edjemn\u00fa cestu. Rezervujte si transfer e\u0161te dnes a za\u017eite pohodlie a komfort pri cestovan\u00ed medzi t\u00fdmito dvoma pozoruhodn\u00fdmi eur\u00f3pskymi mestami.<\/p>\n<\/p><\/div>\n<\/p><\/div>\n<div class=\"product-price-container\">\n<div class=\"sale-price\"> \t\t<\/div>\n<\/p><\/div>\n<div class=\"options\"><\/div>\n<div> \t\t<\/div>\n<p>   \t        <script type=\"text\/javascript\" ><\/script>  <script type=\"text\/javascript\" ><\/script> <script type=\"text\/javascript\" ><\/script>  <script type=\"text\/javascript\" ><\/script> <script type=\"text\/javascript\" ><\/script> <script type=\"text\/javascript\" ><\/script> <script type=\"text\/javascript\" ><\/script> <\/div>\n<p> \t\t<!-- \u041f\u043b\u0430\u0433\u0438\u043d \u0440\u0435\u0439\u0442\u0438\u043d\u0433\u0430 --> <\/p>\n<div class=\"vrvote-body\">\n<ul class=\"vrvote-ul\">\n<li id=\"rating_76\" class=\"current-rating\" style=\"width:99.17%;\"><\/li>\n<li> \t\t\t\t\t\t<a class=\"vr-one-star\" onclick=\"javascript:JSVRvote(76,1,119,24,0)\" href=\"javascript:void(null)\">1<\/a> \t\t\t\t\t<\/li>\n<li> \t\t\t\t\t\t<a class=\"vr-two-stars\" onclick=\"javascript:JSVRvote(76,2,119,24,0)\" href=\"javascript:void(null)\">2<\/a> \t\t\t\t\t<\/li>\n<li> \t\t\t\t\t\t<a class=\"vr-three-stars\" onclick=\"javascript:JSVRvote(76,3,119,24,0)\" href=\"javascript:void(null)\">3<\/a> \t\t\t\t\t<\/li>\n<li> \t\t\t\t\t\t<a class=\"vr-four-stars\" onclick=\"javascript:JSVRvote(76,4,119,24,0)\" href=\"javascript:void(null)\">4<\/a> \t\t\t\t\t<\/li>\n<li> \t\t\t\t\t\t<a class=\"vr-five-stars\" onclick=\"javascript:JSVRvote(76,5,119,24,0)\" href=\"javascript:void(null)\">5<\/a> \t\t\t\t\t<\/li>\n<\/ul><\/div>\n<p> \t\t\t<span id=\"vrvote_76\" class=\"vrvote-count\"><small><\/small><\/span>\t<\/span><script type=\"application\/ld+json\"><\/script>   <\/div>\n<div class=\"t4-col sidebar-r col-12 col-xl-4\">\n<div class=\"t4-module module\" id=\"Mod306\">\n<div class=\"module-inner\">\n<div class=\"module-ct\">\n<div class=\"bannergroup\">\n<div class=\"banneritem\"> \t\t\t\t\t\t\t\t\t\t\t\t\t\t\t\t\t\t\t\t\t\t\t\t\t\t\t\t\t\t\t\t\t\t\t\t\t\t\t\t\t\t\t\t\t\t\t\t\t\t<img \t\t\t\t\t\tsrc=\"\/wp-content\/uploads\/2025\/08\/banner-transfer-europe-sk-449.png\" \t\t\t\t\t\talt=\"Banner-sk\" \t\t\t\t\t\t\t\t\t\t\t\t\t\t\t\t\t\/> \t\t\t\t\t\t\t\t\t\t\t<\/p>\n<div class=\"clr\"><\/div>\n<\/p><\/div>\n<\/p><\/div>\n<\/p><\/div>\n<\/div>\n<\/div><\/div>\n<\/p><\/div>\n<\/div><\/div>\n<div id=\"t4-section-8\" class=\"t4-section  t4-section-8  section-border-top\" role=\"section-8\">\n<div class=\"bg-overlay bg-overlay-image\">&nbsp;<\/div>\n<\/p><\/div>\n<p>  <a href='javascript:' id='back-to-top'><i class='fa fa-chevron-up'><\/i><\/a>                <\/p>\n","protected":false},"excerpt":{"rendered":"<p>Transfer z Krakova do Bratislavy Krakov Osobn\u00e1 preprava Rezervova\u0165 Pl\u00e1nujete cestu z Krakova do Bratislavy a h\u013ead\u00e1te spo\u013eahliv\u00fd a pohodln\u00fd sp\u00f4sob dopravy? U\u017e nemus\u00edte h\u013eada\u0165 \u010falej! Na\u0161a slu\u017eba transferu z Krakova do Bratislavy je tu, aby v\u00e1m zabezpe\u010dila bezprobl\u00e9mov\u00e9 a bezprobl\u00e9mov\u00e9 cestovanie. Na\u0161a prepravn\u00e1 slu\u017eba v\u00e1m pon\u00faka pohodlie s\u00fakromn\u00e9ho vodi\u010da a pohodln\u00e9 vozidlo na va\u0161u [&hellip;]<\/p>\n","protected":false},"author":1,"featured_media":81559,"parent":0,"menu_order":0,"comment_status":"closed","ping_status":"closed","template":"","meta":{"footnotes":""},"class_list":["post-81558","page","type-page","status-publish","has-post-thumbnail","hentry"],"yoast_head":"<!-- This site is optimized with the Yoast SEO plugin v25.6 - https:\/\/yoast.com\/wordpress\/plugins\/seo\/ -->\n<title>Transfer z Krakova do Bratislavy - Transfer Europe<\/title>\n<meta name=\"description\" content=\"\u0160of\u00e9rujte z Krakova do Bratislavy s vodi\u010dom. Zarezervujte si online transfer Krakov - Bratislava na serveri Transfer Europe \u2714Ve\u013ek\u00fd vozov\u00fd park \u2714VIP taxi \u2714Bezpe\u010dn\u00e1 platba.\" \/>\n<meta name=\"robots\" content=\"index, follow, max-snippet:-1, max-image-preview:large, max-video-preview:-1\" \/>\n<link rel=\"canonical\" href=\"https:\/\/transfereurope.com\/sk\/transfer-z-krakova-do-bratislavy\/\" \/>\n<meta property=\"og:locale\" content=\"sk_SK\" \/>\n<meta property=\"og:type\" content=\"article\" \/>\n<meta property=\"og:title\" content=\"Transfer z Krakova do Bratislavy - Transfer Europe\" \/>\n<meta property=\"og:description\" content=\"\u0160of\u00e9rujte z Krakova do Bratislavy s vodi\u010dom. Zarezervujte si online transfer Krakov - Bratislava na serveri Transfer Europe \u2714Ve\u013ek\u00fd vozov\u00fd park \u2714VIP taxi \u2714Bezpe\u010dn\u00e1 platba.\" \/>\n<meta property=\"og:url\" content=\"https:\/\/transfereurope.com\/sk\/transfer-z-krakova-do-bratislavy\/\" \/>\n<meta property=\"og:site_name\" content=\"transfereurope\" \/>\n<meta property=\"og:image\" content=\"https:\/\/transfereurope.com\/wp-content\/uploads\/2025\/08\/Italy-Milan-Transfers-541-10-1.jpg\" \/>\n\t<meta property=\"og:image:width\" content=\"1500\" \/>\n\t<meta property=\"og:image:height\" content=\"2000\" \/>\n\t<meta property=\"og:image:type\" content=\"image\/jpeg\" \/>\n<meta name=\"twitter:card\" content=\"summary_large_image\" \/>\n<meta name=\"twitter:label1\" content=\"Predpokladan\u00fd \u010das \u010d\u00edtania\" \/>\n\t<meta name=\"twitter:data1\" content=\"4 min\u00faty\" \/>\n<script type=\"application\/ld+json\" class=\"yoast-schema-graph\">{\"@context\":\"https:\/\/schema.org\",\"@graph\":[{\"@type\":\"WebPage\",\"@id\":\"https:\/\/transfereurope.com\/sk\/transfer-z-krakova-do-bratislavy\/\",\"url\":\"https:\/\/transfereurope.com\/sk\/transfer-z-krakova-do-bratislavy\/\",\"name\":\"Transfer z Krakova do Bratislavy - Transfer Europe\",\"isPartOf\":{\"@id\":\"https:\/\/transfereurope.com\/sk\/#website\"},\"primaryImageOfPage\":{\"@id\":\"https:\/\/transfereurope.com\/sk\/transfer-z-krakova-do-bratislavy\/#primaryimage\"},\"image\":{\"@id\":\"https:\/\/transfereurope.com\/sk\/transfer-z-krakova-do-bratislavy\/#primaryimage\"},\"thumbnailUrl\":\"https:\/\/transfereurope.com\/wp-content\/uploads\/2025\/08\/Italy-Milan-Transfers-541-10-1.jpg\",\"datePublished\":\"2025-08-05T23:53:57+00:00\",\"description\":\"\u0160of\u00e9rujte z Krakova do Bratislavy s vodi\u010dom. Zarezervujte si online transfer Krakov - Bratislava na serveri Transfer Europe \u2714Ve\u013ek\u00fd vozov\u00fd park \u2714VIP taxi \u2714Bezpe\u010dn\u00e1 platba.\",\"breadcrumb\":{\"@id\":\"https:\/\/transfereurope.com\/sk\/transfer-z-krakova-do-bratislavy\/#breadcrumb\"},\"inLanguage\":\"sk-SK\",\"potentialAction\":[{\"@type\":\"ReadAction\",\"target\":[\"https:\/\/transfereurope.com\/sk\/transfer-z-krakova-do-bratislavy\/\"]}]},{\"@type\":\"ImageObject\",\"inLanguage\":\"sk-SK\",\"@id\":\"https:\/\/transfereurope.com\/sk\/transfer-z-krakova-do-bratislavy\/#primaryimage\",\"url\":\"https:\/\/transfereurope.com\/wp-content\/uploads\/2025\/08\/Italy-Milan-Transfers-541-10-1.jpg\",\"contentUrl\":\"https:\/\/transfereurope.com\/wp-content\/uploads\/2025\/08\/Italy-Milan-Transfers-541-10-1.jpg\",\"width\":1500,\"height\":2000},{\"@type\":\"BreadcrumbList\",\"@id\":\"https:\/\/transfereurope.com\/sk\/transfer-z-krakova-do-bratislavy\/#breadcrumb\",\"itemListElement\":[{\"@type\":\"ListItem\",\"position\":1,\"name\":\"Home\",\"item\":\"https:\/\/transfereurope.com\/sk\/\"},{\"@type\":\"ListItem\",\"position\":2,\"name\":\"Transfer z Krakova do Bratislavy\"}]},{\"@type\":\"WebSite\",\"@id\":\"https:\/\/transfereurope.com\/sk\/#website\",\"url\":\"https:\/\/transfereurope.com\/sk\/\",\"name\":\"transfereurope\",\"description\":\"\",\"publisher\":{\"@id\":\"https:\/\/transfereurope.com\/sk\/#organization\"},\"potentialAction\":[{\"@type\":\"SearchAction\",\"target\":{\"@type\":\"EntryPoint\",\"urlTemplate\":\"https:\/\/transfereurope.com\/sk\/?s={search_term_string}\"},\"query-input\":{\"@type\":\"PropertyValueSpecification\",\"valueRequired\":true,\"valueName\":\"search_term_string\"}}],\"inLanguage\":\"sk-SK\"},{\"@type\":\"Organization\",\"@id\":\"https:\/\/transfereurope.com\/sk\/#organization\",\"name\":\"transfereurope\",\"url\":\"https:\/\/transfereurope.com\/sk\/\",\"logo\":{\"@type\":\"ImageObject\",\"inLanguage\":\"sk-SK\",\"@id\":\"https:\/\/transfereurope.com\/sk\/#\/schema\/logo\/image\/\",\"url\":\"https:\/\/transfereurope.com\/wp-content\/uploads\/2025\/08\/TRANSFERS-1655.png\",\"contentUrl\":\"https:\/\/transfereurope.com\/wp-content\/uploads\/2025\/08\/TRANSFERS-1655.png\",\"width\":500,\"height\":274,\"caption\":\"transfereurope\"},\"image\":{\"@id\":\"https:\/\/transfereurope.com\/sk\/#\/schema\/logo\/image\/\"}}]}<\/script>\n<!-- \/ Yoast SEO plugin. -->","yoast_head_json":{"title":"Transfer z Krakova do Bratislavy - Transfer Europe","description":"\u0160of\u00e9rujte z Krakova do Bratislavy s vodi\u010dom. Zarezervujte si online transfer Krakov - Bratislava na serveri Transfer Europe \u2714Ve\u013ek\u00fd vozov\u00fd park \u2714VIP taxi \u2714Bezpe\u010dn\u00e1 platba.","robots":{"index":"index","follow":"follow","max-snippet":"max-snippet:-1","max-image-preview":"max-image-preview:large","max-video-preview":"max-video-preview:-1"},"canonical":"https:\/\/transfereurope.com\/sk\/transfer-z-krakova-do-bratislavy\/","og_locale":"sk_SK","og_type":"article","og_title":"Transfer z Krakova do Bratislavy - Transfer Europe","og_description":"\u0160of\u00e9rujte z Krakova do Bratislavy s vodi\u010dom. Zarezervujte si online transfer Krakov - Bratislava na serveri Transfer Europe \u2714Ve\u013ek\u00fd vozov\u00fd park \u2714VIP taxi \u2714Bezpe\u010dn\u00e1 platba.","og_url":"https:\/\/transfereurope.com\/sk\/transfer-z-krakova-do-bratislavy\/","og_site_name":"transfereurope","og_image":[{"width":1500,"height":2000,"url":"https:\/\/transfereurope.com\/wp-content\/uploads\/2025\/08\/Italy-Milan-Transfers-541-10-1.jpg","type":"image\/jpeg"}],"twitter_card":"summary_large_image","twitter_misc":{"Predpokladan\u00fd \u010das \u010d\u00edtania":"4 min\u00faty"},"schema":{"@context":"https:\/\/schema.org","@graph":[{"@type":"WebPage","@id":"https:\/\/transfereurope.com\/sk\/transfer-z-krakova-do-bratislavy\/","url":"https:\/\/transfereurope.com\/sk\/transfer-z-krakova-do-bratislavy\/","name":"Transfer z Krakova do Bratislavy - Transfer Europe","isPartOf":{"@id":"https:\/\/transfereurope.com\/sk\/#website"},"primaryImageOfPage":{"@id":"https:\/\/transfereurope.com\/sk\/transfer-z-krakova-do-bratislavy\/#primaryimage"},"image":{"@id":"https:\/\/transfereurope.com\/sk\/transfer-z-krakova-do-bratislavy\/#primaryimage"},"thumbnailUrl":"https:\/\/transfereurope.com\/wp-content\/uploads\/2025\/08\/Italy-Milan-Transfers-541-10-1.jpg","datePublished":"2025-08-05T23:53:57+00:00","description":"\u0160of\u00e9rujte z Krakova do Bratislavy s vodi\u010dom. Zarezervujte si online transfer Krakov - Bratislava na serveri Transfer Europe \u2714Ve\u013ek\u00fd vozov\u00fd park \u2714VIP taxi \u2714Bezpe\u010dn\u00e1 platba.","breadcrumb":{"@id":"https:\/\/transfereurope.com\/sk\/transfer-z-krakova-do-bratislavy\/#breadcrumb"},"inLanguage":"sk-SK","potentialAction":[{"@type":"ReadAction","target":["https:\/\/transfereurope.com\/sk\/transfer-z-krakova-do-bratislavy\/"]}]},{"@type":"ImageObject","inLanguage":"sk-SK","@id":"https:\/\/transfereurope.com\/sk\/transfer-z-krakova-do-bratislavy\/#primaryimage","url":"https:\/\/transfereurope.com\/wp-content\/uploads\/2025\/08\/Italy-Milan-Transfers-541-10-1.jpg","contentUrl":"https:\/\/transfereurope.com\/wp-content\/uploads\/2025\/08\/Italy-Milan-Transfers-541-10-1.jpg","width":1500,"height":2000},{"@type":"BreadcrumbList","@id":"https:\/\/transfereurope.com\/sk\/transfer-z-krakova-do-bratislavy\/#breadcrumb","itemListElement":[{"@type":"ListItem","position":1,"name":"Home","item":"https:\/\/transfereurope.com\/sk\/"},{"@type":"ListItem","position":2,"name":"Transfer z Krakova do Bratislavy"}]},{"@type":"WebSite","@id":"https:\/\/transfereurope.com\/sk\/#website","url":"https:\/\/transfereurope.com\/sk\/","name":"transfereurope","description":"","publisher":{"@id":"https:\/\/transfereurope.com\/sk\/#organization"},"potentialAction":[{"@type":"SearchAction","target":{"@type":"EntryPoint","urlTemplate":"https:\/\/transfereurope.com\/sk\/?s={search_term_string}"},"query-input":{"@type":"PropertyValueSpecification","valueRequired":true,"valueName":"search_term_string"}}],"inLanguage":"sk-SK"},{"@type":"Organization","@id":"https:\/\/transfereurope.com\/sk\/#organization","name":"transfereurope","url":"https:\/\/transfereurope.com\/sk\/","logo":{"@type":"ImageObject","inLanguage":"sk-SK","@id":"https:\/\/transfereurope.com\/sk\/#\/schema\/logo\/image\/","url":"https:\/\/transfereurope.com\/wp-content\/uploads\/2025\/08\/TRANSFERS-1655.png","contentUrl":"https:\/\/transfereurope.com\/wp-content\/uploads\/2025\/08\/TRANSFERS-1655.png","width":500,"height":274,"caption":"transfereurope"},"image":{"@id":"https:\/\/transfereurope.com\/sk\/#\/schema\/logo\/image\/"}}]}},"_links":{"self":[{"href":"https:\/\/transfereurope.com\/sk\/wp-json\/wp\/v2\/pages\/81558","targetHints":{"allow":["GET"]}}],"collection":[{"href":"https:\/\/transfereurope.com\/sk\/wp-json\/wp\/v2\/pages"}],"about":[{"href":"https:\/\/transfereurope.com\/sk\/wp-json\/wp\/v2\/types\/page"}],"author":[{"embeddable":true,"href":"https:\/\/transfereurope.com\/sk\/wp-json\/wp\/v2\/users\/1"}],"replies":[{"embeddable":true,"href":"https:\/\/transfereurope.com\/sk\/wp-json\/wp\/v2\/comments?post=81558"}],"version-history":[{"count":0,"href":"https:\/\/transfereurope.com\/sk\/wp-json\/wp\/v2\/pages\/81558\/revisions"}],"wp:featuredmedia":[{"embeddable":true,"href":"https:\/\/transfereurope.com\/sk\/wp-json\/wp\/v2\/media\/81559"}],"wp:attachment":[{"href":"https:\/\/transfereurope.com\/sk\/wp-json\/wp\/v2\/media?parent=81558"}],"curies":[{"name":"wp","href":"https:\/\/api.w.org\/{rel}","templated":true}]}}