{"id":81459,"date":"2025-08-05T23:53:06","date_gmt":"2025-08-05T23:53:06","guid":{"rendered":"https:\/\/transfereurope.com\/transfer-z-krakova-do-viedne\/"},"modified":"2025-08-05T23:53:06","modified_gmt":"2025-08-05T23:53:06","slug":"transfer-z-krakova-do-viedne","status":"publish","type":"page","link":"https:\/\/transfereurope.com\/sk\/transfer-z-krakova-do-viedne\/","title":{"rendered":"Transfer z Krakova do Viedne"},"content":{"rendered":"\n<div id=\"t4-masthead\" class=\"t4-section  t4-masthead\">\n<div class=\"t4-col text-center\">\n<div class=\"ja-masthead\" >\n<div class=\"ja-masthead-detail\">\n<h1 class=\"ja-masthead-title\">Transfer z Krakova do Viedne<\/h1>\n<p>                 <!---->            <\/p>\n<div class=\"block-breadcrumb\">                       <\/div>\n<\/p><\/div>\n<\/p><\/div>\n<pre><\/pre>\n<\/div>\n<\/div>\n<div id=\"t4-main-body\" class=\"t4-section  t4-main-body\" role=\"main body\">\n<div class=\"t4-section-inner container\">\n<div class=\"t4-row row\">\n<div class=\"t4-col col-12 col-xl\">\n<div id=\"system-message-container\"> \t<\/div>\n<div class=\"com-content-article item-page view-tour-detail\">\n<div class=\"tour-top-info clearfix\">\n<div class=\"pull-left\">\n<div class=\"category-article-dot\">\n<div class=\"category-name\"> \t\t\t\t\t<a href=\"\/sk\/destinacie\/krakov\" itemprop=\"genre\">Krakov Osobn\u00e1 preprava<\/a> \t\t\t\t<\/div>\n<\/p><\/div>\n<\/p><\/div>\n<div class=\"pull-right\">\n<div class=\"text-danger tour-price\"> \t\t\t\t\t\t<a href=\"\/sk\/rezervovat-transfer\">Rezervova\u0165<\/a><\/div>\n<\/p><\/div>\n<\/p><\/div>\n<p>  \t <!--\t-->  \t<\/p>\n<div class=\"vm-product-container\">\n<figure class=\"pull-left item-image\">\n<div class=\"main-image\"> \t\t<a title=\"Krakow to Vienna Transfer Service\" rel='vm-additional-images' href=\"\/images\/virtuemart\/product\/Europe Destinations Transfers (4)93.jpg\"><img decoding=\"async\"  loading=\"lazy\"  src=\"\/wp-content\/uploads\/2025\/08\/Europe-Destinations-Transfers-493-10.jpg\"  alt=\"Krakow to Vienna Transfer Service\"  \/><\/a>\t\t<\/p>\n<div class=\"clear\"><\/div>\n<\/p><\/div>\n<\/figure>\n<div class=\"vm-product-details-container\">\n<div class=\"spacer-buy-area\">    \t\t \t\t<\/div>\n<\/p><\/div>\n<div class=\"clear\"><\/div>\n<\/p><\/div>\n<div class=\"product-description\" >\n<div class=\"book-now mt-5\" style=\"text-align: left;\">\n<p>Vitajte na str\u00e1nkach hlavnej slu\u017eby transferu z Krakova do Viedne! Ke\u010f ide o bezprobl\u00e9mov\u00fa a pohodln\u00fa prepravu medzi t\u00fdmito dvoma ikonick\u00fdmi eur\u00f3pskymi mestami, sme va\u0161ou spo\u013eahlivou vo\u013ebou. Na\u0161a \u0161pi\u010dkov\u00e1 slu\u017eba pren\u00e1jmu auta so s\u00fakromn\u00fdm vodi\u010dom v\u00e1m zaru\u010d\u00ed, \u017ee va\u0161a cesta nebude len transferom, ale z\u00e1\u017eitkom, na ktor\u00fd budete spom\u00edna\u0165.<\/p>\n<p style=\"text-align: center;\"><a class=\"btn btn-primary\" href=\"\/sk\/rezervovat-transfer\">Rezervova\u0165<\/a><\/p>\n<h2 style=\"text-align: center;\"><strong>Pre\u010do si vybra\u0165 n\u00e1\u0161 transfer z Krakova do Viedne?<\/strong><\/h2>\n<ul>\n<li><strong>Pohodlie:<\/strong> S na\u0161\u00edm osobn\u00fdm vodi\u010dom za volantom sa m\u00f4\u017eete pohodlne usadi\u0165, relaxova\u0165 a u\u017e\u00edva\u0165 si cestu. Rozl\u00fa\u010dte sa so stresom z navig\u00e1cie vo verejnej doprave alebo z preplnen\u00fdch autobusov a vlakov.<\/li>\n<li><strong>Komfort:<\/strong> N\u00e1\u0161 vozov\u00fd park dobre udr\u017eiavan\u00fdch vozidiel pon\u00faka komfort, ktor\u00e9mu sa \u0165a\u017eko nie\u010do vyrovn\u00e1. \u010ci u\u017e cestujete pracovne alebo na dovolenku, zasl\u00fa\u017eite si, aby ste cestovali \u0161t\u00fdlovo.<\/li>\n<li><strong>Spo\u013eahlivos\u0165:<\/strong> Na\u0161ou zna\u010dkou je dochv\u00ed\u013enos\u0165. V\u00e1\u017eime si v\u00e1\u0161 \u010das a sna\u017e\u00edme sa poskytova\u0165 spo\u013eahliv\u00e9 slu\u017eby, na ktor\u00e9 sa m\u00f4\u017eete spo\u013eahn\u00fa\u0165. V\u00e1\u0161 s\u00fakromn\u00fd vodi\u010d v\u00e1s bude \u010daka\u0165 na po\u017eadovanom mieste vyzdvihnutia v Krakove a vy si m\u00f4\u017eete by\u0165 ist\u00ed, \u017ee do cie\u013ea vo Viedni doraz\u00edte na\u010das.<\/li>\n<li><strong>Personalizovan\u00e9 slu\u017eby:<\/strong> N\u00e1\u0161 s\u00fakromn\u00fd vodi\u010d nie je len oper\u00e1tor, ale v\u00e1\u0161 oddan\u00fd partner, ktor\u00fd v\u00e1m zabezpe\u010d\u00ed bezprobl\u00e9mov\u00fa cestu. S\u00fa znal\u00ed, zdvoril\u00ed a dobre sa orientuj\u00fa v najlep\u0161\u00edch tras\u00e1ch a miestnych poznatkoch.<\/li>\n<li><strong>Konkuren\u010dn\u00e9 ceny:<\/strong> Pon\u00fakame konkurencieschopn\u00e9 ceny za na\u0161e slu\u017eby pren\u00e1jmu vozidiel, ktor\u00e9 v\u00e1m poskytn\u00fa vynikaj\u00facu hodnotu za va\u0161e peniaze. \u017diadne skryt\u00e9 poplatky ani prekvapenia &#8211; len priame a transparentn\u00e9 ceny.<\/li>\n<li><strong>Bezpe\u010dnos\u0165:<\/strong> Va\u0161a bezpe\u010dnos\u0165 je na\u0161ou prioritou. Na\u0161e vozidl\u00e1 s\u00fa vybaven\u00e9 v\u0161etk\u00fdmi potrebn\u00fdmi bezpe\u010dnostn\u00fdmi prvkami a na\u0161i vodi\u010di s\u00fa sk\u00fasen\u00ed a zodpovedn\u00ed.<\/li>\n<\/ul>\n<h2 style=\"text-align: center;\">\u00a0<\/h2>\n<h2 style=\"text-align: center;\"><strong>Rezerv\u00e1cia transferu z Krakova do Viedne\u00a0<\/strong><\/h2>\n<p>Rezerv\u00e1cia s\u00fakromn\u00e9ho vodi\u010da na prepravu z Krakova do Viedne je jednoduch\u00e1. Jednoducho n\u00e1s kontaktujte a my sa postar\u00e1me o v\u0161etko ostatn\u00e9. Ozn\u00e1mte n\u00e1m preferovan\u00e9 miesto vyzdvihnutia, po\u010det cestuj\u00facich a ak\u00e9ko\u013evek \u0161peci\u00e1lne po\u017eiadavky. Postar\u00e1me sa o logistiku, tak\u017ee sa m\u00f4\u017eete s\u00fastredi\u0165 na vychutn\u00e1vanie si cesty.<\/p>\n<p>Urobte si z cesty medzi Krakovom a Vied\u0148ou nezabudnute\u013en\u00fd z\u00e1\u017eitok s na\u0161ou profesion\u00e1lnou slu\u017ebou pren\u00e1jmu auta. Kontaktujte n\u00e1s e\u0161te dnes a zabezpe\u010dte si pohodln\u00fa a spo\u013eahliv\u00fa prepravu. Va\u0161e dobrodru\u017estvo \u010dak\u00e1 a my sme tu, aby sme v\u00e1s tam dopravili.<\/p>\n<p style=\"text-align: center;\"><a class=\"btn btn-primary\" href=\"\/sk\/rezervovat-transfer\">Rezervova\u0165<\/a><\/p>\n<h2 style=\"text-align: center;\"><b>Ako sa dosta\u0165 z Krakova do Viedne<\/b><\/h2>\n<p>Cesta z Krakova do Viedne je jednoduch\u00e1 a m\u00f4\u017eete si vybra\u0165 z nieko\u013ek\u00fdch pohodln\u00fdch mo\u017enost\u00ed. Tu je stru\u010dn\u00fd sprievodca, ako t\u00fato cestu uskuto\u010dni\u0165:<\/p>\n<h3>Leteckou dopravou<\/h3>\n<p>Najr\u00fdchlej\u0161\u00ed sp\u00f4sob, ako sa dosta\u0165 z Krakova do Viedne, je priamy let. Viacer\u00e9 leteck\u00e9 spolo\u010dnosti pon\u00fakaj\u00fa pravideln\u00e9 lety medzi medzin\u00e1rodn\u00fdm letiskom J\u00e1na Pavla II. Krakov-Balice (KRK) a medzin\u00e1rodn\u00fdm letiskom Viede\u0148 (VIE). Let trv\u00e1 pribli\u017ene 1,5 a\u017e 2 hodiny, \u010do z neho rob\u00ed \u010dasovo \u00fasporn\u00fa mo\u017enos\u0165.<\/p>\n<h3>Vlakom<\/h3>\n<p>Ak uprednost\u0148ujete vyhliadkov\u00fa trasu, zv\u00e1\u017ete cestu vlakom. Medzi Krakovom a Vied\u0148ou prem\u00e1vaj\u00fa denne vlakov\u00e9 spoje. Cesta pon\u00faka kr\u00e1sne v\u00fdh\u013eady na krajinu a je skvel\u00fdm sp\u00f4sobom, ako spozna\u0165 eur\u00f3psky \u017eelezni\u010dn\u00fd syst\u00e9m. Cesta vlakom trv\u00e1 pribli\u017ene 4 a\u017e 5 hod\u00edn v z\u00e1vislosti od typu vlaku, ktor\u00fd si vyberiete.<\/p>\n<h3>Autobusom<\/h3>\n<p>Pre t\u00fdch, ktor\u00ed h\u013eadaj\u00fa cenovo v\u00fdhodn\u00fa dopravu, je k dispoz\u00edcii aj autobusov\u00e1 doprava. Medzi Krakovom a Vied\u0148ou prem\u00e1va nieko\u013eko autobusov\u00fdch spolo\u010dnost\u00ed. Cesta autobusom je zvy\u010dajne dlh\u0161ia ako vlakom alebo lietadlom a trv\u00e1 pribli\u017ene 4 a\u017e 6 hod\u00edn v z\u00e1vislosti od prem\u00e1vky a zast\u00e1vok na ceste.<\/p>\n<p>\u00a0<\/p>\n<h3>Automobilom<\/h3>\n<p>Cestuj\u00faci, ktor\u00ed uprednost\u0148uj\u00fa flexibilitu svojho programu, si m\u00f4\u017eu prenaja\u0165 auto a do Viedne sa dopravi\u0165 autom. Vzdialenos\u0165 je pribli\u017ene 350 km a cesta trv\u00e1 pribli\u017ene 4 a\u017e 5 hod\u00edn v z\u00e1vislosti od zvolenej trasy a stavu vozovky.<\/p>\n<h3>Kombin\u00e1cia dopravy<\/h3>\n<p>M\u00f4\u017eete sa rozhodn\u00fa\u0165 aj pre kombin\u00e1ciu r\u00f4znych sp\u00f4sobov dopravy. M\u00f4\u017eete napr\u00edklad cestova\u0165 vlakom do Bratislavy na Slovensku a potom prest\u00fapi\u0165 na vlak alebo autobus do Viedne. To v\u00e1m m\u00f4\u017ee pon\u00faknu\u0165 flexibilitu a mo\u017enos\u0165 presk\u00fama\u0165 r\u00f4zne mest\u00e1 po ceste.<\/p>\n<h3><span style=\"text-decoration: underline;\">D\u00f4le\u017eit\u00e9 tipy<\/span><\/h3>\n<p>Nezabudnite si skontrolova\u0165 cestovn\u00e9 poriadky, rezervova\u0165 si l\u00edstky vopred a zoh\u013eadni\u0165 pr\u00edpadn\u00e9 cestovn\u00e9 obmedzenia alebo po\u017eiadavky s\u00favisiace s COVID-19.<\/p>\n<p>Ak cestujete do zahrani\u010dia, uistite sa, \u017ee v\u00e1\u0161 cestovn\u00fd pas a v\u0161etky po\u017eadovan\u00e9 v\u00edza s\u00fa aktu\u00e1lne.<\/p>\n<p style=\"text-align: center;\"><a class=\"btn btn-primary\" href=\"\/sk\/rezervovat-transfer\">Rezervova\u0165<\/a><\/p>\n<p style=\"text-align: left;\">Ka\u017ed\u00fd sp\u00f4sob dopravy m\u00e1 svoje v\u00fdhody, preto si vyberte ten, ktor\u00fd najlep\u0161ie vyhovuje va\u0161im preferenci\u00e1m a \u010dasov\u00e9mu rozvrhu. \u010ci u\u017e h\u013ead\u00e1te r\u00fdchlos\u0165, pohodlie alebo cenov\u00fa dostupnos\u0165, pre va\u0161u cestu z Krakova do Viedne sa n\u00e1jde vhodn\u00e1 mo\u017enos\u0165.<\/p>\n<\/p><\/div>\n<\/p><\/div>\n<div class=\"product-price-container\">\n<div class=\"sale-price\"> \t\t<\/div>\n<\/p><\/div>\n<div class=\"options\"><\/div>\n<div> \t\t<\/div>\n<p>   \t        <script type=\"text\/javascript\" ><\/script>  <script type=\"text\/javascript\" ><\/script> <script type=\"text\/javascript\" ><\/script>  <script type=\"text\/javascript\" ><\/script> <script type=\"text\/javascript\" ><\/script> <script type=\"text\/javascript\" ><\/script> <script type=\"text\/javascript\" ><\/script> <\/div>\n<p> \t\t<!-- \u041f\u043b\u0430\u0433\u0438\u043d \u0440\u0435\u0439\u0442\u0438\u043d\u0433\u0430 --> <\/p>\n<div class=\"vrvote-body\">\n<ul class=\"vrvote-ul\">\n<li id=\"rating_75\" class=\"current-rating\" style=\"width:99.17%;\"><\/li>\n<li> \t\t\t\t\t\t<a class=\"vr-one-star\" onclick=\"javascript:JSVRvote(75,1,119,24,0)\" href=\"javascript:void(null)\">1<\/a> \t\t\t\t\t<\/li>\n<li> \t\t\t\t\t\t<a class=\"vr-two-stars\" onclick=\"javascript:JSVRvote(75,2,119,24,0)\" href=\"javascript:void(null)\">2<\/a> \t\t\t\t\t<\/li>\n<li> \t\t\t\t\t\t<a class=\"vr-three-stars\" onclick=\"javascript:JSVRvote(75,3,119,24,0)\" href=\"javascript:void(null)\">3<\/a> \t\t\t\t\t<\/li>\n<li> \t\t\t\t\t\t<a class=\"vr-four-stars\" onclick=\"javascript:JSVRvote(75,4,119,24,0)\" href=\"javascript:void(null)\">4<\/a> \t\t\t\t\t<\/li>\n<li> \t\t\t\t\t\t<a class=\"vr-five-stars\" onclick=\"javascript:JSVRvote(75,5,119,24,0)\" href=\"javascript:void(null)\">5<\/a> \t\t\t\t\t<\/li>\n<\/ul><\/div>\n<p> \t\t\t<span id=\"vrvote_75\" class=\"vrvote-count\"><small><\/small><\/span>\t<\/span><script type=\"application\/ld+json\"><\/script>   <\/div>\n<div class=\"t4-col sidebar-r col-12 col-xl-4\">\n<div class=\"t4-module module\" id=\"Mod306\">\n<div class=\"module-inner\">\n<div class=\"module-ct\">\n<div class=\"bannergroup\">\n<div class=\"banneritem\"> \t\t\t\t\t\t\t\t\t\t\t\t\t\t\t\t\t\t\t\t\t\t\t\t\t\t\t\t\t\t\t\t\t\t\t\t\t\t\t\t\t\t\t\t\t\t\t\t\t\t<img \t\t\t\t\t\tsrc=\"\/wp-content\/uploads\/2025\/08\/banner-transfer-europe-sk-448.png\" \t\t\t\t\t\talt=\"Banner-sk\" \t\t\t\t\t\t\t\t\t\t\t\t\t\t\t\t\t\/> \t\t\t\t\t\t\t\t\t\t\t<\/p>\n<div class=\"clr\"><\/div>\n<\/p><\/div>\n<\/p><\/div>\n<\/p><\/div>\n<\/div>\n<\/div><\/div>\n<\/p><\/div>\n<\/div><\/div>\n<div id=\"t4-section-8\" class=\"t4-section  t4-section-8  section-border-top\" role=\"section-8\">\n<div class=\"bg-overlay bg-overlay-image\">&nbsp;<\/div>\n<\/p><\/div>\n<p>  <a href='javascript:' id='back-to-top'><i class='fa fa-chevron-up'><\/i><\/a>                <\/p>\n","protected":false},"excerpt":{"rendered":"<p>Transfer z Krakova do Viedne Krakov Osobn\u00e1 preprava Rezervova\u0165 Vitajte na str\u00e1nkach hlavnej slu\u017eby transferu z Krakova do Viedne! Ke\u010f ide o bezprobl\u00e9mov\u00fa a pohodln\u00fa prepravu medzi t\u00fdmito dvoma ikonick\u00fdmi eur\u00f3pskymi mestami, sme va\u0161ou spo\u013eahlivou vo\u013ebou. Na\u0161a \u0161pi\u010dkov\u00e1 slu\u017eba pren\u00e1jmu auta so s\u00fakromn\u00fdm vodi\u010dom v\u00e1m zaru\u010d\u00ed, \u017ee va\u0161a cesta nebude len transferom, ale z\u00e1\u017eitkom, na [&hellip;]<\/p>\n","protected":false},"author":1,"featured_media":81460,"parent":0,"menu_order":0,"comment_status":"closed","ping_status":"closed","template":"","meta":{"footnotes":""},"class_list":["post-81459","page","type-page","status-publish","has-post-thumbnail","hentry"],"yoast_head":"<!-- This site is optimized with the Yoast SEO plugin v25.6 - https:\/\/yoast.com\/wordpress\/plugins\/seo\/ -->\n<title>Transfer z Krakova do Viedne - Transfer Eur\u00f3pa<\/title>\n<meta name=\"description\" content=\"\u0160of\u00e9rujte z Krakova do Viedne s vodi\u010dom. Rezervujte si online transfer Krakov - Viede\u0148 na Transfer Europe \u2714Ve\u013ek\u00fd vozov\u00fd park \u2714VIP taxi \u2714Bezpe\u010dn\u00e1 platba.\" \/>\n<meta name=\"robots\" content=\"index, follow, max-snippet:-1, max-image-preview:large, max-video-preview:-1\" \/>\n<link rel=\"canonical\" href=\"https:\/\/transfereurope.com\/sk\/transfer-z-krakova-do-viedne\/\" \/>\n<meta property=\"og:locale\" content=\"sk_SK\" \/>\n<meta property=\"og:type\" content=\"article\" \/>\n<meta property=\"og:title\" content=\"Transfer z Krakova do Viedne - Transfer Eur\u00f3pa\" \/>\n<meta property=\"og:description\" content=\"\u0160of\u00e9rujte z Krakova do Viedne s vodi\u010dom. Rezervujte si online transfer Krakov - Viede\u0148 na Transfer Europe \u2714Ve\u013ek\u00fd vozov\u00fd park \u2714VIP taxi \u2714Bezpe\u010dn\u00e1 platba.\" \/>\n<meta property=\"og:url\" content=\"https:\/\/transfereurope.com\/sk\/transfer-z-krakova-do-viedne\/\" \/>\n<meta property=\"og:site_name\" content=\"transfereurope\" \/>\n<meta property=\"og:image\" content=\"https:\/\/transfereurope.com\/wp-content\/uploads\/2025\/08\/Europe-Destinations-Transfers-493-10-1.jpg\" \/>\n\t<meta property=\"og:image:width\" content=\"1500\" \/>\n\t<meta property=\"og:image:height\" content=\"2000\" \/>\n\t<meta property=\"og:image:type\" content=\"image\/jpeg\" \/>\n<meta name=\"twitter:card\" content=\"summary_large_image\" \/>\n<meta name=\"twitter:label1\" content=\"Predpokladan\u00fd \u010das \u010d\u00edtania\" \/>\n\t<meta name=\"twitter:data1\" content=\"4 min\u00faty\" \/>\n<script type=\"application\/ld+json\" class=\"yoast-schema-graph\">{\"@context\":\"https:\/\/schema.org\",\"@graph\":[{\"@type\":\"WebPage\",\"@id\":\"https:\/\/transfereurope.com\/sk\/transfer-z-krakova-do-viedne\/\",\"url\":\"https:\/\/transfereurope.com\/sk\/transfer-z-krakova-do-viedne\/\",\"name\":\"Transfer z Krakova do Viedne - Transfer Eur\u00f3pa\",\"isPartOf\":{\"@id\":\"https:\/\/transfereurope.com\/sk\/#website\"},\"primaryImageOfPage\":{\"@id\":\"https:\/\/transfereurope.com\/sk\/transfer-z-krakova-do-viedne\/#primaryimage\"},\"image\":{\"@id\":\"https:\/\/transfereurope.com\/sk\/transfer-z-krakova-do-viedne\/#primaryimage\"},\"thumbnailUrl\":\"https:\/\/transfereurope.com\/wp-content\/uploads\/2025\/08\/Europe-Destinations-Transfers-493-10-1.jpg\",\"datePublished\":\"2025-08-05T23:53:06+00:00\",\"description\":\"\u0160of\u00e9rujte z Krakova do Viedne s vodi\u010dom. Rezervujte si online transfer Krakov - Viede\u0148 na Transfer Europe \u2714Ve\u013ek\u00fd vozov\u00fd park \u2714VIP taxi \u2714Bezpe\u010dn\u00e1 platba.\",\"breadcrumb\":{\"@id\":\"https:\/\/transfereurope.com\/sk\/transfer-z-krakova-do-viedne\/#breadcrumb\"},\"inLanguage\":\"sk-SK\",\"potentialAction\":[{\"@type\":\"ReadAction\",\"target\":[\"https:\/\/transfereurope.com\/sk\/transfer-z-krakova-do-viedne\/\"]}]},{\"@type\":\"ImageObject\",\"inLanguage\":\"sk-SK\",\"@id\":\"https:\/\/transfereurope.com\/sk\/transfer-z-krakova-do-viedne\/#primaryimage\",\"url\":\"https:\/\/transfereurope.com\/wp-content\/uploads\/2025\/08\/Europe-Destinations-Transfers-493-10-1.jpg\",\"contentUrl\":\"https:\/\/transfereurope.com\/wp-content\/uploads\/2025\/08\/Europe-Destinations-Transfers-493-10-1.jpg\",\"width\":1500,\"height\":2000},{\"@type\":\"BreadcrumbList\",\"@id\":\"https:\/\/transfereurope.com\/sk\/transfer-z-krakova-do-viedne\/#breadcrumb\",\"itemListElement\":[{\"@type\":\"ListItem\",\"position\":1,\"name\":\"Home\",\"item\":\"https:\/\/transfereurope.com\/sk\/\"},{\"@type\":\"ListItem\",\"position\":2,\"name\":\"Transfer z Krakova do Viedne\"}]},{\"@type\":\"WebSite\",\"@id\":\"https:\/\/transfereurope.com\/sk\/#website\",\"url\":\"https:\/\/transfereurope.com\/sk\/\",\"name\":\"transfereurope\",\"description\":\"\",\"publisher\":{\"@id\":\"https:\/\/transfereurope.com\/sk\/#organization\"},\"potentialAction\":[{\"@type\":\"SearchAction\",\"target\":{\"@type\":\"EntryPoint\",\"urlTemplate\":\"https:\/\/transfereurope.com\/sk\/?s={search_term_string}\"},\"query-input\":{\"@type\":\"PropertyValueSpecification\",\"valueRequired\":true,\"valueName\":\"search_term_string\"}}],\"inLanguage\":\"sk-SK\"},{\"@type\":\"Organization\",\"@id\":\"https:\/\/transfereurope.com\/sk\/#organization\",\"name\":\"transfereurope\",\"url\":\"https:\/\/transfereurope.com\/sk\/\",\"logo\":{\"@type\":\"ImageObject\",\"inLanguage\":\"sk-SK\",\"@id\":\"https:\/\/transfereurope.com\/sk\/#\/schema\/logo\/image\/\",\"url\":\"https:\/\/transfereurope.com\/wp-content\/uploads\/2025\/08\/TRANSFERS-1655.png\",\"contentUrl\":\"https:\/\/transfereurope.com\/wp-content\/uploads\/2025\/08\/TRANSFERS-1655.png\",\"width\":500,\"height\":274,\"caption\":\"transfereurope\"},\"image\":{\"@id\":\"https:\/\/transfereurope.com\/sk\/#\/schema\/logo\/image\/\"}}]}<\/script>\n<!-- \/ Yoast SEO plugin. -->","yoast_head_json":{"title":"Transfer z Krakova do Viedne - Transfer Eur\u00f3pa","description":"\u0160of\u00e9rujte z Krakova do Viedne s vodi\u010dom. Rezervujte si online transfer Krakov - Viede\u0148 na Transfer Europe \u2714Ve\u013ek\u00fd vozov\u00fd park \u2714VIP taxi \u2714Bezpe\u010dn\u00e1 platba.","robots":{"index":"index","follow":"follow","max-snippet":"max-snippet:-1","max-image-preview":"max-image-preview:large","max-video-preview":"max-video-preview:-1"},"canonical":"https:\/\/transfereurope.com\/sk\/transfer-z-krakova-do-viedne\/","og_locale":"sk_SK","og_type":"article","og_title":"Transfer z Krakova do Viedne - Transfer Eur\u00f3pa","og_description":"\u0160of\u00e9rujte z Krakova do Viedne s vodi\u010dom. Rezervujte si online transfer Krakov - Viede\u0148 na Transfer Europe \u2714Ve\u013ek\u00fd vozov\u00fd park \u2714VIP taxi \u2714Bezpe\u010dn\u00e1 platba.","og_url":"https:\/\/transfereurope.com\/sk\/transfer-z-krakova-do-viedne\/","og_site_name":"transfereurope","og_image":[{"width":1500,"height":2000,"url":"https:\/\/transfereurope.com\/wp-content\/uploads\/2025\/08\/Europe-Destinations-Transfers-493-10-1.jpg","type":"image\/jpeg"}],"twitter_card":"summary_large_image","twitter_misc":{"Predpokladan\u00fd \u010das \u010d\u00edtania":"4 min\u00faty"},"schema":{"@context":"https:\/\/schema.org","@graph":[{"@type":"WebPage","@id":"https:\/\/transfereurope.com\/sk\/transfer-z-krakova-do-viedne\/","url":"https:\/\/transfereurope.com\/sk\/transfer-z-krakova-do-viedne\/","name":"Transfer z Krakova do Viedne - Transfer Eur\u00f3pa","isPartOf":{"@id":"https:\/\/transfereurope.com\/sk\/#website"},"primaryImageOfPage":{"@id":"https:\/\/transfereurope.com\/sk\/transfer-z-krakova-do-viedne\/#primaryimage"},"image":{"@id":"https:\/\/transfereurope.com\/sk\/transfer-z-krakova-do-viedne\/#primaryimage"},"thumbnailUrl":"https:\/\/transfereurope.com\/wp-content\/uploads\/2025\/08\/Europe-Destinations-Transfers-493-10-1.jpg","datePublished":"2025-08-05T23:53:06+00:00","description":"\u0160of\u00e9rujte z Krakova do Viedne s vodi\u010dom. Rezervujte si online transfer Krakov - Viede\u0148 na Transfer Europe \u2714Ve\u013ek\u00fd vozov\u00fd park \u2714VIP taxi \u2714Bezpe\u010dn\u00e1 platba.","breadcrumb":{"@id":"https:\/\/transfereurope.com\/sk\/transfer-z-krakova-do-viedne\/#breadcrumb"},"inLanguage":"sk-SK","potentialAction":[{"@type":"ReadAction","target":["https:\/\/transfereurope.com\/sk\/transfer-z-krakova-do-viedne\/"]}]},{"@type":"ImageObject","inLanguage":"sk-SK","@id":"https:\/\/transfereurope.com\/sk\/transfer-z-krakova-do-viedne\/#primaryimage","url":"https:\/\/transfereurope.com\/wp-content\/uploads\/2025\/08\/Europe-Destinations-Transfers-493-10-1.jpg","contentUrl":"https:\/\/transfereurope.com\/wp-content\/uploads\/2025\/08\/Europe-Destinations-Transfers-493-10-1.jpg","width":1500,"height":2000},{"@type":"BreadcrumbList","@id":"https:\/\/transfereurope.com\/sk\/transfer-z-krakova-do-viedne\/#breadcrumb","itemListElement":[{"@type":"ListItem","position":1,"name":"Home","item":"https:\/\/transfereurope.com\/sk\/"},{"@type":"ListItem","position":2,"name":"Transfer z Krakova do Viedne"}]},{"@type":"WebSite","@id":"https:\/\/transfereurope.com\/sk\/#website","url":"https:\/\/transfereurope.com\/sk\/","name":"transfereurope","description":"","publisher":{"@id":"https:\/\/transfereurope.com\/sk\/#organization"},"potentialAction":[{"@type":"SearchAction","target":{"@type":"EntryPoint","urlTemplate":"https:\/\/transfereurope.com\/sk\/?s={search_term_string}"},"query-input":{"@type":"PropertyValueSpecification","valueRequired":true,"valueName":"search_term_string"}}],"inLanguage":"sk-SK"},{"@type":"Organization","@id":"https:\/\/transfereurope.com\/sk\/#organization","name":"transfereurope","url":"https:\/\/transfereurope.com\/sk\/","logo":{"@type":"ImageObject","inLanguage":"sk-SK","@id":"https:\/\/transfereurope.com\/sk\/#\/schema\/logo\/image\/","url":"https:\/\/transfereurope.com\/wp-content\/uploads\/2025\/08\/TRANSFERS-1655.png","contentUrl":"https:\/\/transfereurope.com\/wp-content\/uploads\/2025\/08\/TRANSFERS-1655.png","width":500,"height":274,"caption":"transfereurope"},"image":{"@id":"https:\/\/transfereurope.com\/sk\/#\/schema\/logo\/image\/"}}]}},"_links":{"self":[{"href":"https:\/\/transfereurope.com\/sk\/wp-json\/wp\/v2\/pages\/81459","targetHints":{"allow":["GET"]}}],"collection":[{"href":"https:\/\/transfereurope.com\/sk\/wp-json\/wp\/v2\/pages"}],"about":[{"href":"https:\/\/transfereurope.com\/sk\/wp-json\/wp\/v2\/types\/page"}],"author":[{"embeddable":true,"href":"https:\/\/transfereurope.com\/sk\/wp-json\/wp\/v2\/users\/1"}],"replies":[{"embeddable":true,"href":"https:\/\/transfereurope.com\/sk\/wp-json\/wp\/v2\/comments?post=81459"}],"version-history":[{"count":0,"href":"https:\/\/transfereurope.com\/sk\/wp-json\/wp\/v2\/pages\/81459\/revisions"}],"wp:featuredmedia":[{"embeddable":true,"href":"https:\/\/transfereurope.com\/sk\/wp-json\/wp\/v2\/media\/81460"}],"wp:attachment":[{"href":"https:\/\/transfereurope.com\/sk\/wp-json\/wp\/v2\/media?parent=81459"}],"curies":[{"name":"wp","href":"https:\/\/api.w.org\/{rel}","templated":true}]}}