{"id":81162,"date":"2025-08-05T23:50:33","date_gmt":"2025-08-05T23:50:33","guid":{"rendered":"https:\/\/transfereurope.com\/transfer-z-letiska-salzburg-mozart-do-bratislavy\/"},"modified":"2025-08-05T23:50:33","modified_gmt":"2025-08-05T23:50:33","slug":"transfer-z-letiska-salzburg-mozart-do-bratislavy","status":"publish","type":"page","link":"https:\/\/transfereurope.com\/sk\/transfer-z-letiska-salzburg-mozart-do-bratislavy\/","title":{"rendered":"Transfer z letiska Mozart v Salzburgu do Bratislavy"},"content":{"rendered":"\n<div id=\"t4-masthead\" class=\"t4-section  t4-masthead\">\n<div class=\"t4-col text-center\">\n<div class=\"ja-masthead\" >\n<div class=\"ja-masthead-detail\">\n<h1 class=\"ja-masthead-title\">Transfer z letiska Mozart v Salzburgu do Bratislavy<\/h1>\n<p>                 <!---->            <\/p>\n<div class=\"block-breadcrumb\">                       <\/div>\n<\/p><\/div>\n<\/p><\/div>\n<pre><\/pre>\n<\/div>\n<\/div>\n<div id=\"t4-main-body\" class=\"t4-section  t4-main-body\" role=\"main body\">\n<div class=\"t4-section-inner container\">\n<div class=\"t4-row row\">\n<div class=\"t4-col col-12 col-xl\">\n<div id=\"system-message-container\"> \t<\/div>\n<div class=\"com-content-article item-page view-tour-detail\">\n<div class=\"tour-top-info clearfix\">\n<div class=\"pull-left\">\n<div class=\"category-article-dot\">\n<div class=\"category-name\"> \t\t\t\t\t<a href=\"\/sk\/destinacie\/salzburg\" itemprop=\"genre\">Salzburg Osobn\u00e1 preprava<\/a> \t\t\t\t<\/div>\n<\/p><\/div>\n<\/p><\/div>\n<div class=\"pull-right\">\n<div class=\"text-danger tour-price\"> \t\t\t\t\t\t<a href=\"\/sk\/rezervovat-transfer\">Rezervova\u0165<\/a><\/div>\n<\/p><\/div>\n<\/p><\/div>\n<p>  \t <!--\t-->  \t<\/p>\n<div class=\"vm-product-container\">\n<figure class=\"pull-left item-image\">\n<div class=\"main-image\"> \t\t<a  rel='vm-additional-images' href=\"\/images\/virtuemart\/product\/Europe Destinations Transfers (3)99.jpg\"><img decoding=\"async\"  loading=\"lazy\"  src=\"\/wp-content\/uploads\/2025\/08\/Europe-Destinations-Transfers-399-2.jpg\"  \/><\/a>\t\t<\/p>\n<div class=\"clear\"><\/div>\n<\/p><\/div>\n<\/figure>\n<div class=\"vm-product-details-container\">\n<div class=\"spacer-buy-area\">    \t\t \t\t<\/div>\n<\/p><\/div>\n<div class=\"clear\"><\/div>\n<\/p><\/div>\n<div class=\"product-description\" >\n<div class=\"book-now mt-5\" style=\"text-align: left;\">\n<p>Vitajte v slu\u017ebe transferu z letiska Salzburg Mozart do Bratislavy! Uvedomujeme si d\u00f4le\u017eitos\u0165 bezprobl\u00e9movej a pohodlnej cesty, a preto v\u00e1m pon\u00fakame \u0161pi\u010dkov\u00fd z\u00e1\u017eitok z prepravy so s\u00fakromn\u00fdm vodi\u010dom. \u010ci u\u017e ste s\u00f3lo cestuj\u00faci, rodina alebo skupina, na\u0161a slu\u017eba pren\u00e1jmu s\u00fakromn\u00e9ho vozidla je navrhnut\u00e1 tak, aby uspokojila v\u0161etky va\u0161e potreby v oblasti dopravy.<\/p>\n<p>Na\u0161a slu\u017eba transferu z letiska Salzburg Mozart do Bratislavy je tu preto, aby v\u00e1m zabezpe\u010dila pr\u00edjemn\u00fa cestu bez stresu. S vyhraden\u00fdm s\u00fakromn\u00fdm vodi\u010dom si m\u00f4\u017eete odd\u00fdchnu\u0165 a s\u00fastredi\u0165 sa na svoju cestu, zatia\u013e \u010do my sa postar\u00e1me o logistiku prepravy. Poskytujeme v\u00e1m pohodln\u00fa a spo\u013eahliv\u00fa mo\u017enos\u0165 prepravy, v\u010faka ktorej bude va\u0161a cesta z letiska Salzburg Mozart do Bratislavy plynul\u00e1 a bezprobl\u00e9mov\u00e1.<\/p>\n<p style=\"text-align: center;\"><a class=\"btn btn-primary\" href=\"\/sk\/rezervovat-transfer-z-na-letisko\">Rezervova\u0165<\/a><\/p>\n<h2 style=\"text-align: center;\"><strong>Pre\u010do si vybra\u0165 na\u0161u slu\u017ebu transferu z letiska Salzburg Mozart Airport do Bratislavy?<\/strong><\/h2>\n<ul>\n<li style=\"font-weight: 400;\"><strong>S\u00fakromn\u00fd vodi\u010d:<\/strong> Na\u0161i profesion\u00e1lni a zdvoril\u00ed s\u00fakromn\u00ed vodi\u010di sa postaraj\u00fa o va\u0161u bezpe\u010dnos\u0165 a pohodlie po\u010das celej cesty. Maj\u00fa miestne znalosti, aby v\u00e1s efekt\u00edvne navigovali a spr\u00edjemnili v\u00e1m cestovanie.<\/li>\n<li style=\"font-weight: 400;\"><strong>Pohodln\u00e9 vozidl\u00e1:<\/strong> Pon\u00fakame flotilu dobre udr\u017eiavan\u00fdch a pohodln\u00fdch vozidiel, ktor\u00e9 vyhovuj\u00fa va\u0161im \u0161pecifick\u00fdm potreb\u00e1m, \u010di u\u017e cestujete sami alebo so skupinou.<\/li>\n<li style=\"font-weight: 400;\"><strong>Spo\u013eahliv\u00e1 doprava:<\/strong> Na\u0161e slu\u017eby s\u00fa zn\u00e1me svojou presnos\u0165ou a spo\u013eahlivos\u0165ou. Budeme na v\u00e1s \u010daka\u0165 na letisku Salzburg Mozart Airport, pripraven\u00ed odviez\u0165 v\u00e1s do cie\u013ea va\u0161ej cesty v Bratislave.<\/li>\n<li style=\"font-weight: 400;\"><strong>Slu\u017eby od dver\u00ed k dver\u00e1m:<\/strong> Poskytujeme transfer od dver\u00ed k dver\u00e1m, tak\u017ee sa nemus\u00edte stara\u0165 o h\u013eadanie cesty z letiska do va\u0161ej cie\u013eovej destin\u00e1cie. Odvezieme v\u00e1s priamo tam, kam potrebujete.<\/li>\n<li style=\"font-weight: 400;\"><strong>Konkuren\u010dn\u00e9 ceny:<\/strong> Na\u0161e slu\u017eby pren\u00e1jmu s\u00fakromn\u00fdch vozidiel s\u00fa nielen pohodln\u00e9, ale aj cenovo dostupn\u00e9. Pon\u00fakame konkurencieschopn\u00e9 ceny, v\u010faka ktor\u00fdm bude va\u0161a cesta n\u00e1kladovo efekt\u00edvna.<\/li>\n<\/ul>\n<h2 style=\"text-align: center;\">\u00a0<\/h2>\n<h2 style=\"text-align: center;\"><strong>Rezerv\u00e1cia transferu z letiska Salzburg Mozart Airport do Bratislavy\u00a0<\/strong><\/h2>\n<p>Za\u017eite pohodlie a komfort s\u00fakromnej prepravy s na\u0161ou transferovou slu\u017ebou z letiska Salzburg Mozart do Bratislavy. Rezervujte si u n\u00e1s pren\u00e1jom vozidla a u\u017eite si bezstresov\u00fa a pr\u00edjemn\u00fa cestu z letiska do cie\u013ea v Bratislave. Dovo\u013ete n\u00e1m, aby sme boli va\u0161ou vo\u013ebou pre prepravu so s\u00fakromn\u00fdm vodi\u010dom, ke\u010f cestujete medzi Salzburgom a Bratislavou.<\/p>\n<p style=\"text-align: center;\"><a class=\"btn btn-primary\" href=\"\/sk\/rezervovat-transfer-z-na-letisko\">Rezervova\u0165<\/a><\/p>\n<h2 style=\"text-align: center;\"><b>Ako sa dosta\u0165 z letiska Salzburg Mozart do Bratislavy<\/b><\/h2>\n<p>Cesta z letiska Salzburg Mozart do Bratislavy je jednoduch\u00e1 a pohodln\u00e1. Tu je nieko\u013eko mo\u017enost\u00ed, ktor\u00e9 m\u00f4\u017eete zv\u00e1\u017ei\u0165:<\/p>\n<h3>Slu\u017eba s\u00fakromn\u00e9ho transferu<\/h3>\n<p>Jedn\u00fdm z najbezprobl\u00e9movej\u0161\u00edch sp\u00f4sobov, ako cestova\u0165 z letiska Mozart v Salzburgu do Bratislavy, je vyu\u017ei\u0165 s\u00fakromn\u00fd transfer. M\u00f4\u017eete si vopred rezervova\u0165 s\u00fakromn\u00e9 auto alebo dod\u00e1vku a profesion\u00e1lny vodi\u010d v\u00e1s priv\u00edta na letisku a odvezie v\u00e1s priamo do cie\u013ea v Bratislave. T\u00e1to mo\u017enos\u0165 pon\u00faka komfort a pohodlie a je ide\u00e1lna pre cestuj\u00facich, ktor\u00ed h\u013eadaj\u00fa cestu bez stresu.<\/p>\n<h3>Vlak<\/h3>\n<p>Zo Salzburg Hauptbahnhof (hlavnej \u017eelezni\u010dnej stanice v Salzburgu) sa do Bratislavy dostanete vlakom. Cesta zvy\u010dajne zah\u0155\u0148a prestup vo Viedni. Hoci m\u00f4\u017ee trva\u0165 o nie\u010do dlh\u0161ie ako in\u00e9 mo\u017enosti, je to cenovo v\u00fdhodn\u00fd sp\u00f4sob cestovania a cestou si m\u00f4\u017eete vychutna\u0165 malebn\u00e9 v\u00fdh\u013eady.<\/p>\n<h3>Autobus<\/h3>\n<p>Zo Salzburgu do Bratislavy prem\u00e1va nieko\u013eko autobusov\u00fdch spolo\u010dnost\u00ed. M\u00f4\u017eete si pozrie\u0165 cestovn\u00e9 poriadky a rezervova\u0165 si l\u00edstky vopred. Cesta autobusom m\u00f4\u017ee trva\u0165 dlh\u0161ie ako autom alebo vlakom, ale m\u00f4\u017ee to by\u0165 finan\u010dne v\u00fdhodn\u00e1 vo\u013eba.<\/p>\n<p>\u00a0<\/p>\n<h3>Po\u017ei\u010dov\u0148a \u00e1ut<\/h3>\n<p>Ak d\u00e1vate prednos\u0165 flexibilite a nez\u00e1vislosti, m\u00f4\u017eete si na letisku Salzburg Mozart prenaja\u0165 auto a odviez\u0165 sa do Bratislavy. Cesta je dlh\u00e1 pribli\u017ene 300 kilometrov a m\u00f4\u017ee by\u0165 malebnou cestou. Len sa uistite, \u017ee ste obozn\u00e1men\u00ed s medzin\u00e1rodn\u00fdmi pravidlami jazdy a m\u00e1te potrebn\u00e9 doklady.<\/p>\n<h3>Taxislu\u017eba<\/h3>\n<p>Na letisku Salzburg Mozart Airport s\u00fa \u013eahko dostupn\u00e9 tax\u00edky. Tax\u00edkom sa m\u00f4\u017eete odviez\u0165 na najbli\u017e\u0161iu \u017eelezni\u010dn\u00fa stanicu alebo autobusov\u00fa stanicu a pokra\u010dova\u0165 v ceste do Bratislavy. Hoci t\u00e1to mo\u017enos\u0165 m\u00f4\u017ee by\u0165 drah\u0161ia ako in\u00e9, pon\u00faka pohodlie a slu\u017eby od dver\u00ed k dver\u00e1m.<\/p>\n<h3>Spolo\u010dn\u00e9 slu\u017eby kyvadlovej dopravy<\/h3>\n<p>Niektor\u00e9 spolo\u010dnosti pon\u00fakaj\u00fa spolo\u010dn\u00fa kyvadlov\u00fa dopravu medzi Salzburgom a Bratislavou. Tieto slu\u017eby v\u00e1m umo\u017enia zdie\u013ea\u0165 n\u00e1klady na dopravu s ostatn\u00fdmi cestuj\u00facimi a m\u00f4\u017eu by\u0165 pohodlnou vo\u013ebou, ak sa \u010dasovo zhoduj\u00fa s va\u0161\u00edm harmonogramom.<\/p>\n<p style=\"text-align: center;\"><a class=\"btn btn-primary\" href=\"\/sk\/rezervovat-transfer-z-na-letisko\">Rezervova\u0165<\/a><\/p>\n<p style=\"text-align: left;\">Bez oh\u013eadu na to, ktor\u00fa mo\u017enos\u0165 si vyberiete, je d\u00f4le\u017eit\u00e9 napl\u00e1nova\u0165 si cestu vopred, najm\u00e4 ak m\u00e1te konkr\u00e9tne \u010dasy pr\u00edchodu alebo preferencie. Ka\u017ed\u00fd sp\u00f4sob dopravy m\u00e1 svoje v\u00fdhody, preto si vyberte ten, ktor\u00fd najlep\u0161ie vyhovuje va\u0161im potreb\u00e1m, \u010di u\u017e na z\u00e1klade ceny, pohodlia alebo cestovn\u00fdch sk\u00fasenost\u00ed. Bezpe\u010dn\u00e9 cesty z letiska Salzburg Mozart do Bratislavy!<\/p>\n<\/p><\/div>\n<\/p><\/div>\n<div class=\"product-price-container\">\n<div class=\"sale-price\"> \t\t<\/div>\n<\/p><\/div>\n<div class=\"options\"><\/div>\n<div> \t\t<\/div>\n<p>   \t        <script type=\"text\/javascript\" ><\/script>  <script type=\"text\/javascript\" ><\/script> <script type=\"text\/javascript\" ><\/script>  <script type=\"text\/javascript\" ><\/script> <script type=\"text\/javascript\" ><\/script> <script type=\"text\/javascript\" ><\/script> <script type=\"text\/javascript\" ><\/script> <\/div>\n<p> \t\t<!-- \u041f\u043b\u0430\u0433\u0438\u043d \u0440\u0435\u0439\u0442\u0438\u043d\u0433\u0430 --> <\/p>\n<div class=\"vrvote-body\">\n<ul class=\"vrvote-ul\">\n<li id=\"rating_88\" class=\"current-rating\" style=\"width:99.05%;\"><\/li>\n<li> \t\t\t\t\t\t<a class=\"vr-one-star\" onclick=\"javascript:JSVRvote(88,1,104,21,0)\" href=\"javascript:void(null)\">1<\/a> \t\t\t\t\t<\/li>\n<li> \t\t\t\t\t\t<a class=\"vr-two-stars\" onclick=\"javascript:JSVRvote(88,2,104,21,0)\" href=\"javascript:void(null)\">2<\/a> \t\t\t\t\t<\/li>\n<li> \t\t\t\t\t\t<a class=\"vr-three-stars\" onclick=\"javascript:JSVRvote(88,3,104,21,0)\" href=\"javascript:void(null)\">3<\/a> \t\t\t\t\t<\/li>\n<li> \t\t\t\t\t\t<a class=\"vr-four-stars\" onclick=\"javascript:JSVRvote(88,4,104,21,0)\" href=\"javascript:void(null)\">4<\/a> \t\t\t\t\t<\/li>\n<li> \t\t\t\t\t\t<a class=\"vr-five-stars\" onclick=\"javascript:JSVRvote(88,5,104,21,0)\" href=\"javascript:void(null)\">5<\/a> \t\t\t\t\t<\/li>\n<\/ul><\/div>\n<p> \t\t\t<span id=\"vrvote_88\" class=\"vrvote-count\"><small><\/small><\/span>\t<\/span><script type=\"application\/ld+json\"><\/script>   <\/div>\n<div class=\"t4-col sidebar-r col-12 col-xl-4\">\n<div class=\"t4-module module\" id=\"Mod306\">\n<div class=\"module-inner\">\n<div class=\"module-ct\">\n<div class=\"bannergroup\">\n<div class=\"banneritem\"> \t\t\t\t\t\t\t\t\t\t\t\t\t\t\t\t\t\t\t\t\t\t\t\t\t\t\t\t\t\t\t\t\t\t\t\t\t\t\t\t\t\t\t\t\t\t\t\t\t\t<img \t\t\t\t\t\tsrc=\"\/wp-content\/uploads\/2025\/08\/banner-transfer-europe-sk-445.png\" \t\t\t\t\t\talt=\"Banner-sk\" \t\t\t\t\t\t\t\t\t\t\t\t\t\t\t\t\t\/> \t\t\t\t\t\t\t\t\t\t\t<\/p>\n<div class=\"clr\"><\/div>\n<\/p><\/div>\n<\/p><\/div>\n<\/p><\/div>\n<\/div>\n<\/div><\/div>\n<\/p><\/div>\n<\/div><\/div>\n<div id=\"t4-section-8\" class=\"t4-section  t4-section-8  section-border-top\" role=\"section-8\">\n<div class=\"bg-overlay bg-overlay-image\">&nbsp;<\/div>\n<\/p><\/div>\n<p>  <a href='javascript:' id='back-to-top'><i class='fa fa-chevron-up'><\/i><\/a>                <\/p>\n","protected":false},"excerpt":{"rendered":"<p>Transfer z letiska Mozart v Salzburgu do Bratislavy Salzburg Osobn\u00e1 preprava Rezervova\u0165 Vitajte v slu\u017ebe transferu z letiska Salzburg Mozart do Bratislavy! Uvedomujeme si d\u00f4le\u017eitos\u0165 bezprobl\u00e9movej a pohodlnej cesty, a preto v\u00e1m pon\u00fakame \u0161pi\u010dkov\u00fd z\u00e1\u017eitok z prepravy so s\u00fakromn\u00fdm vodi\u010dom. \u010ci u\u017e ste s\u00f3lo cestuj\u00faci, rodina alebo skupina, na\u0161a slu\u017eba pren\u00e1jmu s\u00fakromn\u00e9ho vozidla je navrhnut\u00e1 [&hellip;]<\/p>\n","protected":false},"author":1,"featured_media":81163,"parent":0,"menu_order":0,"comment_status":"closed","ping_status":"closed","template":"","meta":{"footnotes":""},"class_list":["post-81162","page","type-page","status-publish","has-post-thumbnail","hentry"],"yoast_head":"<!-- This site is optimized with the Yoast SEO plugin v25.6 - https:\/\/yoast.com\/wordpress\/plugins\/seo\/ -->\n<title>Transfer z letiska Salzburg-Mozart, SZG do Bratislavy - Transfer Eur\u00f3pa<\/title>\n<meta name=\"description\" content=\"Cesta z letiska SZG do mesta Bratislava na Slovensku autom s vodi\u010dom. Zarezervujte si online transfer Letisko Salzburg-Mozart - Bratislava prostredn\u00edctvom slu\u017eby Transfer Europe \u2714 Ve\u013ek\u00fd vozov\u00fd park \u2714 VIP taxi \u2714 Bezpe\u010dn\u00e9 platby.\" \/>\n<meta name=\"robots\" content=\"index, follow, max-snippet:-1, max-image-preview:large, max-video-preview:-1\" \/>\n<link rel=\"canonical\" href=\"https:\/\/transfereurope.com\/sk\/transfer-z-letiska-salzburg-mozart-do-bratislavy\/\" \/>\n<meta property=\"og:locale\" content=\"sk_SK\" \/>\n<meta property=\"og:type\" content=\"article\" \/>\n<meta property=\"og:title\" content=\"Transfer z letiska Salzburg-Mozart, SZG do Bratislavy - Transfer Eur\u00f3pa\" \/>\n<meta property=\"og:description\" content=\"Cesta z letiska SZG do mesta Bratislava na Slovensku autom s vodi\u010dom. Zarezervujte si online transfer Letisko Salzburg-Mozart - Bratislava prostredn\u00edctvom slu\u017eby Transfer Europe \u2714 Ve\u013ek\u00fd vozov\u00fd park \u2714 VIP taxi \u2714 Bezpe\u010dn\u00e9 platby.\" \/>\n<meta property=\"og:url\" content=\"https:\/\/transfereurope.com\/sk\/transfer-z-letiska-salzburg-mozart-do-bratislavy\/\" \/>\n<meta property=\"og:site_name\" content=\"transfereurope\" \/>\n<meta property=\"og:image\" content=\"https:\/\/transfereurope.com\/wp-content\/uploads\/2025\/08\/Europe-Destinations-Transfers-399-2-1.jpg\" \/>\n\t<meta property=\"og:image:width\" content=\"1500\" \/>\n\t<meta property=\"og:image:height\" content=\"2000\" \/>\n\t<meta property=\"og:image:type\" content=\"image\/jpeg\" \/>\n<meta name=\"twitter:card\" content=\"summary_large_image\" \/>\n<meta name=\"twitter:label1\" content=\"Predpokladan\u00fd \u010das \u010d\u00edtania\" \/>\n\t<meta name=\"twitter:data1\" content=\"4 min\u00faty\" \/>\n<script type=\"application\/ld+json\" class=\"yoast-schema-graph\">{\"@context\":\"https:\/\/schema.org\",\"@graph\":[{\"@type\":\"WebPage\",\"@id\":\"https:\/\/transfereurope.com\/sk\/transfer-z-letiska-salzburg-mozart-do-bratislavy\/\",\"url\":\"https:\/\/transfereurope.com\/sk\/transfer-z-letiska-salzburg-mozart-do-bratislavy\/\",\"name\":\"Transfer z letiska Salzburg-Mozart, SZG do Bratislavy - Transfer Eur\u00f3pa\",\"isPartOf\":{\"@id\":\"https:\/\/transfereurope.com\/sk\/#website\"},\"primaryImageOfPage\":{\"@id\":\"https:\/\/transfereurope.com\/sk\/transfer-z-letiska-salzburg-mozart-do-bratislavy\/#primaryimage\"},\"image\":{\"@id\":\"https:\/\/transfereurope.com\/sk\/transfer-z-letiska-salzburg-mozart-do-bratislavy\/#primaryimage\"},\"thumbnailUrl\":\"https:\/\/transfereurope.com\/wp-content\/uploads\/2025\/08\/Europe-Destinations-Transfers-399-2-1.jpg\",\"datePublished\":\"2025-08-05T23:50:33+00:00\",\"description\":\"Cesta z letiska SZG do mesta Bratislava na Slovensku autom s vodi\u010dom. Zarezervujte si online transfer Letisko Salzburg-Mozart - Bratislava prostredn\u00edctvom slu\u017eby Transfer Europe \u2714 Ve\u013ek\u00fd vozov\u00fd park \u2714 VIP taxi \u2714 Bezpe\u010dn\u00e9 platby.\",\"breadcrumb\":{\"@id\":\"https:\/\/transfereurope.com\/sk\/transfer-z-letiska-salzburg-mozart-do-bratislavy\/#breadcrumb\"},\"inLanguage\":\"sk-SK\",\"potentialAction\":[{\"@type\":\"ReadAction\",\"target\":[\"https:\/\/transfereurope.com\/sk\/transfer-z-letiska-salzburg-mozart-do-bratislavy\/\"]}]},{\"@type\":\"ImageObject\",\"inLanguage\":\"sk-SK\",\"@id\":\"https:\/\/transfereurope.com\/sk\/transfer-z-letiska-salzburg-mozart-do-bratislavy\/#primaryimage\",\"url\":\"https:\/\/transfereurope.com\/wp-content\/uploads\/2025\/08\/Europe-Destinations-Transfers-399-2-1.jpg\",\"contentUrl\":\"https:\/\/transfereurope.com\/wp-content\/uploads\/2025\/08\/Europe-Destinations-Transfers-399-2-1.jpg\",\"width\":1500,\"height\":2000},{\"@type\":\"BreadcrumbList\",\"@id\":\"https:\/\/transfereurope.com\/sk\/transfer-z-letiska-salzburg-mozart-do-bratislavy\/#breadcrumb\",\"itemListElement\":[{\"@type\":\"ListItem\",\"position\":1,\"name\":\"Home\",\"item\":\"https:\/\/transfereurope.com\/sk\/\"},{\"@type\":\"ListItem\",\"position\":2,\"name\":\"Transfer z letiska Mozart v Salzburgu do Bratislavy\"}]},{\"@type\":\"WebSite\",\"@id\":\"https:\/\/transfereurope.com\/sk\/#website\",\"url\":\"https:\/\/transfereurope.com\/sk\/\",\"name\":\"transfereurope\",\"description\":\"\",\"publisher\":{\"@id\":\"https:\/\/transfereurope.com\/sk\/#organization\"},\"potentialAction\":[{\"@type\":\"SearchAction\",\"target\":{\"@type\":\"EntryPoint\",\"urlTemplate\":\"https:\/\/transfereurope.com\/sk\/?s={search_term_string}\"},\"query-input\":{\"@type\":\"PropertyValueSpecification\",\"valueRequired\":true,\"valueName\":\"search_term_string\"}}],\"inLanguage\":\"sk-SK\"},{\"@type\":\"Organization\",\"@id\":\"https:\/\/transfereurope.com\/sk\/#organization\",\"name\":\"transfereurope\",\"url\":\"https:\/\/transfereurope.com\/sk\/\",\"logo\":{\"@type\":\"ImageObject\",\"inLanguage\":\"sk-SK\",\"@id\":\"https:\/\/transfereurope.com\/sk\/#\/schema\/logo\/image\/\",\"url\":\"https:\/\/transfereurope.com\/wp-content\/uploads\/2025\/08\/TRANSFERS-1655.png\",\"contentUrl\":\"https:\/\/transfereurope.com\/wp-content\/uploads\/2025\/08\/TRANSFERS-1655.png\",\"width\":500,\"height\":274,\"caption\":\"transfereurope\"},\"image\":{\"@id\":\"https:\/\/transfereurope.com\/sk\/#\/schema\/logo\/image\/\"}}]}<\/script>\n<!-- \/ Yoast SEO plugin. -->","yoast_head_json":{"title":"Transfer z letiska Salzburg-Mozart, SZG do Bratislavy - Transfer Eur\u00f3pa","description":"Cesta z letiska SZG do mesta Bratislava na Slovensku autom s vodi\u010dom. Zarezervujte si online transfer Letisko Salzburg-Mozart - Bratislava prostredn\u00edctvom slu\u017eby Transfer Europe \u2714 Ve\u013ek\u00fd vozov\u00fd park \u2714 VIP taxi \u2714 Bezpe\u010dn\u00e9 platby.","robots":{"index":"index","follow":"follow","max-snippet":"max-snippet:-1","max-image-preview":"max-image-preview:large","max-video-preview":"max-video-preview:-1"},"canonical":"https:\/\/transfereurope.com\/sk\/transfer-z-letiska-salzburg-mozart-do-bratislavy\/","og_locale":"sk_SK","og_type":"article","og_title":"Transfer z letiska Salzburg-Mozart, SZG do Bratislavy - Transfer Eur\u00f3pa","og_description":"Cesta z letiska SZG do mesta Bratislava na Slovensku autom s vodi\u010dom. Zarezervujte si online transfer Letisko Salzburg-Mozart - Bratislava prostredn\u00edctvom slu\u017eby Transfer Europe \u2714 Ve\u013ek\u00fd vozov\u00fd park \u2714 VIP taxi \u2714 Bezpe\u010dn\u00e9 platby.","og_url":"https:\/\/transfereurope.com\/sk\/transfer-z-letiska-salzburg-mozart-do-bratislavy\/","og_site_name":"transfereurope","og_image":[{"width":1500,"height":2000,"url":"https:\/\/transfereurope.com\/wp-content\/uploads\/2025\/08\/Europe-Destinations-Transfers-399-2-1.jpg","type":"image\/jpeg"}],"twitter_card":"summary_large_image","twitter_misc":{"Predpokladan\u00fd \u010das \u010d\u00edtania":"4 min\u00faty"},"schema":{"@context":"https:\/\/schema.org","@graph":[{"@type":"WebPage","@id":"https:\/\/transfereurope.com\/sk\/transfer-z-letiska-salzburg-mozart-do-bratislavy\/","url":"https:\/\/transfereurope.com\/sk\/transfer-z-letiska-salzburg-mozart-do-bratislavy\/","name":"Transfer z letiska Salzburg-Mozart, SZG do Bratislavy - Transfer Eur\u00f3pa","isPartOf":{"@id":"https:\/\/transfereurope.com\/sk\/#website"},"primaryImageOfPage":{"@id":"https:\/\/transfereurope.com\/sk\/transfer-z-letiska-salzburg-mozart-do-bratislavy\/#primaryimage"},"image":{"@id":"https:\/\/transfereurope.com\/sk\/transfer-z-letiska-salzburg-mozart-do-bratislavy\/#primaryimage"},"thumbnailUrl":"https:\/\/transfereurope.com\/wp-content\/uploads\/2025\/08\/Europe-Destinations-Transfers-399-2-1.jpg","datePublished":"2025-08-05T23:50:33+00:00","description":"Cesta z letiska SZG do mesta Bratislava na Slovensku autom s vodi\u010dom. Zarezervujte si online transfer Letisko Salzburg-Mozart - Bratislava prostredn\u00edctvom slu\u017eby Transfer Europe \u2714 Ve\u013ek\u00fd vozov\u00fd park \u2714 VIP taxi \u2714 Bezpe\u010dn\u00e9 platby.","breadcrumb":{"@id":"https:\/\/transfereurope.com\/sk\/transfer-z-letiska-salzburg-mozart-do-bratislavy\/#breadcrumb"},"inLanguage":"sk-SK","potentialAction":[{"@type":"ReadAction","target":["https:\/\/transfereurope.com\/sk\/transfer-z-letiska-salzburg-mozart-do-bratislavy\/"]}]},{"@type":"ImageObject","inLanguage":"sk-SK","@id":"https:\/\/transfereurope.com\/sk\/transfer-z-letiska-salzburg-mozart-do-bratislavy\/#primaryimage","url":"https:\/\/transfereurope.com\/wp-content\/uploads\/2025\/08\/Europe-Destinations-Transfers-399-2-1.jpg","contentUrl":"https:\/\/transfereurope.com\/wp-content\/uploads\/2025\/08\/Europe-Destinations-Transfers-399-2-1.jpg","width":1500,"height":2000},{"@type":"BreadcrumbList","@id":"https:\/\/transfereurope.com\/sk\/transfer-z-letiska-salzburg-mozart-do-bratislavy\/#breadcrumb","itemListElement":[{"@type":"ListItem","position":1,"name":"Home","item":"https:\/\/transfereurope.com\/sk\/"},{"@type":"ListItem","position":2,"name":"Transfer z letiska Mozart v Salzburgu do Bratislavy"}]},{"@type":"WebSite","@id":"https:\/\/transfereurope.com\/sk\/#website","url":"https:\/\/transfereurope.com\/sk\/","name":"transfereurope","description":"","publisher":{"@id":"https:\/\/transfereurope.com\/sk\/#organization"},"potentialAction":[{"@type":"SearchAction","target":{"@type":"EntryPoint","urlTemplate":"https:\/\/transfereurope.com\/sk\/?s={search_term_string}"},"query-input":{"@type":"PropertyValueSpecification","valueRequired":true,"valueName":"search_term_string"}}],"inLanguage":"sk-SK"},{"@type":"Organization","@id":"https:\/\/transfereurope.com\/sk\/#organization","name":"transfereurope","url":"https:\/\/transfereurope.com\/sk\/","logo":{"@type":"ImageObject","inLanguage":"sk-SK","@id":"https:\/\/transfereurope.com\/sk\/#\/schema\/logo\/image\/","url":"https:\/\/transfereurope.com\/wp-content\/uploads\/2025\/08\/TRANSFERS-1655.png","contentUrl":"https:\/\/transfereurope.com\/wp-content\/uploads\/2025\/08\/TRANSFERS-1655.png","width":500,"height":274,"caption":"transfereurope"},"image":{"@id":"https:\/\/transfereurope.com\/sk\/#\/schema\/logo\/image\/"}}]}},"_links":{"self":[{"href":"https:\/\/transfereurope.com\/sk\/wp-json\/wp\/v2\/pages\/81162","targetHints":{"allow":["GET"]}}],"collection":[{"href":"https:\/\/transfereurope.com\/sk\/wp-json\/wp\/v2\/pages"}],"about":[{"href":"https:\/\/transfereurope.com\/sk\/wp-json\/wp\/v2\/types\/page"}],"author":[{"embeddable":true,"href":"https:\/\/transfereurope.com\/sk\/wp-json\/wp\/v2\/users\/1"}],"replies":[{"embeddable":true,"href":"https:\/\/transfereurope.com\/sk\/wp-json\/wp\/v2\/comments?post=81162"}],"version-history":[{"count":0,"href":"https:\/\/transfereurope.com\/sk\/wp-json\/wp\/v2\/pages\/81162\/revisions"}],"wp:featuredmedia":[{"embeddable":true,"href":"https:\/\/transfereurope.com\/sk\/wp-json\/wp\/v2\/media\/81163"}],"wp:attachment":[{"href":"https:\/\/transfereurope.com\/sk\/wp-json\/wp\/v2\/media?parent=81162"}],"curies":[{"name":"wp","href":"https:\/\/api.w.org\/{rel}","templated":true}]}}