{"id":81063,"date":"2025-08-05T23:49:42","date_gmt":"2025-08-05T23:49:42","guid":{"rendered":"https:\/\/transfereurope.com\/transfer-z-letiska-salzburg-mozart-do-viedne\/"},"modified":"2025-08-05T23:49:42","modified_gmt":"2025-08-05T23:49:42","slug":"transfer-z-letiska-salzburg-mozart-do-viedne","status":"publish","type":"page","link":"https:\/\/transfereurope.com\/sk\/transfer-z-letiska-salzburg-mozart-do-viedne\/","title":{"rendered":"Transfer z letiska Salzburg Mozart do Viedne"},"content":{"rendered":"\n<div id=\"t4-masthead\" class=\"t4-section  t4-masthead\">\n<div class=\"t4-col text-center\">\n<div class=\"ja-masthead\" >\n<div class=\"ja-masthead-detail\">\n<h1 class=\"ja-masthead-title\">Transfer z letiska Salzburg Mozart do Viedne<\/h1>\n<p>                 <!---->            <\/p>\n<div class=\"block-breadcrumb\">                       <\/div>\n<\/p><\/div>\n<\/p><\/div>\n<pre><\/pre>\n<\/div>\n<\/div>\n<div id=\"t4-main-body\" class=\"t4-section  t4-main-body\" role=\"main body\">\n<div class=\"t4-section-inner container\">\n<div class=\"t4-row row\">\n<div class=\"t4-col col-12 col-xl\">\n<div id=\"system-message-container\"> \t<\/div>\n<div class=\"com-content-article item-page view-tour-detail\">\n<div class=\"tour-top-info clearfix\">\n<div class=\"pull-left\">\n<div class=\"category-article-dot\">\n<div class=\"category-name\"> \t\t\t\t\t<a href=\"\/sk\/destinacie\/salzburg\" itemprop=\"genre\">Salzburg Osobn\u00e1 preprava<\/a> \t\t\t\t<\/div>\n<\/p><\/div>\n<\/p><\/div>\n<div class=\"pull-right\">\n<div class=\"text-danger tour-price\"> \t\t\t\t\t\t<a href=\"\/sk\/rezervovat-transfer\">Rezervova\u0165<\/a><\/div>\n<\/p><\/div>\n<\/p><\/div>\n<p>  \t <!--\t-->  \t<\/p>\n<div class=\"vm-product-container\">\n<figure class=\"pull-left item-image\">\n<div class=\"main-image\"> \t\t<a title=\"Salzburg Mozart Airport to Vienna Transfer Service\" rel='vm-additional-images' href=\"\/images\/virtuemart\/product\/Europe Destinations Transfers (1)56.jpg\"><img decoding=\"async\"  loading=\"lazy\"  src=\"\/wp-content\/uploads\/2025\/08\/Europe-Destinations-Transfers-156-2.jpg\"  alt=\"Salzburg Mozart Airport to Vienna Transfer Service\"  \/><\/a>\t\t<\/p>\n<div class=\"clear\"><\/div>\n<\/p><\/div>\n<\/figure>\n<div class=\"vm-product-details-container\">\n<div class=\"spacer-buy-area\">    \t\t \t\t<\/div>\n<\/p><\/div>\n<div class=\"clear\"><\/div>\n<\/p><\/div>\n<div class=\"product-description\" >\n<div class=\"book-now mt-5\" style=\"text-align: left;\">\n<p>Vitajte na str\u00e1nkach hlavnej transferovej slu\u017eby z letiska Salzburg Mozart do Viedne! V na\u0161ej spolo\u010dnosti si uvedomujeme d\u00f4le\u017eitos\u0165 bezprobl\u00e9movej dopravy pri cestovan\u00ed medzi t\u00fdmito dvoma kr\u00e1snymi rak\u00faskymi mestami. \u010ci u\u017e ste turista, ktor\u00fd t\u00fa\u017ei presk\u00fama\u0165 o\u010daruj\u00face uli\u010dky Viedne, alebo obchodn\u00fd cestuj\u00faci s nabit\u00fdm programom, na\u0161e slu\u017eby pren\u00e1jmu s\u00fakromn\u00fdch vozidiel a prepravy s\u00fa navrhnut\u00e9 tak, aby splnili v\u0161etky va\u0161e potreby.<\/p>\n<p>N\u00e1\u0161 \u0161pecializovan\u00fd t\u00edm sk\u00fasen\u00fdch vodi\u010dov sa sna\u017e\u00ed zabezpe\u010di\u0165 v\u00e1m pohodln\u00fa a komfortn\u00fa cestu. S na\u0161imi slu\u017ebami transferu z letiska Salzburg Mozart do Viedne m\u00f4\u017eete relaxova\u0165 a vychutn\u00e1va\u0165 si malebn\u00fa kr\u00e1su Rak\u00faska, zatia\u013e \u010do my sa postar\u00e1me o zvy\u0161ok.<\/p>\n<p style=\"text-align: center;\"><a class=\"btn btn-primary\" href=\"\/sk\/rezervovat-transfer-z-na-letisko\">Rezervova\u0165<\/a><\/p>\n<h2 style=\"text-align: center;\"><strong>Pre\u010do si vybra\u0165 n\u00e1\u0161 transfer z letiska Salzburg Mozart do Viedne?<\/strong><\/h2>\n<ul>\n<li><strong>S\u00fakromn\u00fd vodi\u010d:<\/strong> Mozarta v Salzburgu: Na\u0161i profesion\u00e1lni, zdvoril\u00ed a viacjazy\u010dn\u00ed vodi\u010di v\u00e1m bud\u00fa k dispoz\u00edcii a zabezpe\u010dia v\u00e1m bezprobl\u00e9mov\u00fa cestu od chv\u00edle, ke\u010f doraz\u00edte na letisko Salzburg Mozart.<\/li>\n<li><strong>Doprava:<\/strong> Pon\u00fakame \u0161irok\u00fa \u0161k\u00e1lu pohodln\u00fdch vozidiel, ktor\u00e9 vyhovuj\u00fa va\u0161im preferenci\u00e1m a ve\u013ekosti skupiny, od mana\u017e\u00e9rskych sedanov a\u017e po priestrann\u00e9 dod\u00e1vky, ktor\u00e9 v\u00e1m zabezpe\u010dia \u0161t\u00fdlov\u00e9 a pohodln\u00e9 cestovanie.<\/li>\n<li><strong>Pren\u00e1jom auta:<\/strong> Na\u0161e dobre udr\u017eiavan\u00e9 vozidl\u00e1 s\u00fa k dispoz\u00edcii na pren\u00e1jom, \u010do v\u00e1m poskytne flexibilitu pri spozn\u00e1van\u00ed Viedne vlastn\u00fdm tempom alebo pri ak\u00fdchko\u013evek in\u00fdch dopravn\u00fdch potreb\u00e1ch.<\/li>\n<li><strong>Spo\u013eahliv\u00e9 slu\u017eby:<\/strong> Sme hrd\u00ed na na\u0161u presnos\u0165 a spo\u013eahlivos\u0165, v\u010faka \u010domu sa do cie\u013ea dostanete bezpe\u010dne a na\u010das.<\/li>\n<li><strong>Slu\u017eby od dver\u00ed k dver\u00e1m:<\/strong> Mozarta v Salzburgu a vysad\u00edme v\u00e1s na po\u017eadovanom mieste vo Viedni, \u010d\u00edm zabezpe\u010d\u00edme bezprobl\u00e9mov\u00fa a pohodln\u00fa cestu.<\/li>\n<li><strong>Konkuren\u010dn\u00e9 ceny:<\/strong> Vychutnajte si dostupn\u00e9 ceny bez kompromisov v kvalite slu\u017eieb. Ver\u00edme, \u017ee na\u0161im z\u00e1kazn\u00edkom poskytujeme v\u00fdnimo\u010dn\u00fa hodnotu.<\/li>\n<\/ul>\n<h2 style=\"text-align: center;\">\u00a0<\/h2>\n<h2 style=\"text-align: center;\"><strong>Rezerv\u00e1cia transferu z letiska Salzburg Mozart do Viedne\u00a0<\/strong><\/h2>\n<p>Rezerv\u00e1cia transferu z letiska Salzburg Mozart do Viedne s nami je jednoduch\u00e1 a pohodln\u00e1. Jednoducho kontaktujte n\u00e1\u0161 t\u00edm z\u00e1kazn\u00edckej podpory alebo pou\u017eite n\u00e1\u0161 u\u017e\u00edvate\u013esky pr\u00edvetiv\u00fd online rezerva\u010dn\u00fd syst\u00e9m a zabezpe\u010dte si prepravu. Za\u017eite \u010daro Rak\u00faska s na\u0161imi d\u00f4veryhodn\u00fdmi a \u0161pecializovan\u00fdmi prepravn\u00fdmi slu\u017ebami. Va\u0161a cesta z letiska Salzburg Mozart do Viedne sa pr\u00e1ve stala ove\u013ea plynulej\u0161ou v\u010faka na\u0161ej spo\u013eahlivej a pohodlnej osobnej automobilovej doprave.<\/p>\n<p style=\"text-align: center;\"><a class=\"btn btn-primary\" href=\"\/sk\/rezervovat-transfer-z-na-letisko\">Rezervova\u0165<\/a><\/p>\n<h2 style=\"text-align: center;\"><b>Ako sa dosta\u0165 z letiska Salzburg Mozart do Viedne<\/b><\/h2>\n<p>Cesta z letiska Salzburg Mozart do Viedne je jednoduch\u00e1 a efekt\u00edvna a na v\u00fdber m\u00e1te nieko\u013eko pohodln\u00fdch mo\u017enost\u00ed dopravy. Tu je stru\u010dn\u00fd sprievodca, ako t\u00fato cestu absolvova\u0165:<\/p>\n<h3>Automobilom<\/h3>\n<p>Najflexibilnej\u0161ou mo\u017enos\u0165ou je prenaja\u0165 si auto na letisku Salzburg Mozart Airport. To v\u00e1m umo\u017en\u00ed presk\u00fama\u0165 krajinu vlastn\u00fdm tempom a v pr\u00edpade potreby sa vybra\u0165 na vyhliadkov\u00e9 trasy.<\/p>\n<p>Cesta je dlh\u00e1 pribli\u017ene 300 kilometrov a trv\u00e1 pribli\u017ene 3 a\u017e 4 hodiny v z\u00e1vislosti od dopravn\u00fdch podmienok. Do Viedne sa dostanete po dia\u013eniciach A1 a A21.<\/p>\n<p>Uistite sa, \u017ee ste informovan\u00ed o mo\u017enostiach parkovania vo Viedni, preto\u017ee parkovanie v centre mesta m\u00f4\u017ee by\u0165 obmedzen\u00e9 a drah\u00e9.<\/p>\n<h3>Vlakom<\/h3>\n<p>\u010eal\u0161ou pohodlnou mo\u017enos\u0165ou je cestova\u0165 vlakom. Hlavn\u00e1 \u017eelezni\u010dn\u00e1 stanica v Salzburgu, Salzburg Hauptbahnhof, m\u00e1 pravideln\u00e9 spojenie s Vied\u0148ou.<\/p>\n<p>Cesta vlakom zvy\u010dajne trv\u00e1 pribli\u017ene 2,5 a\u017e 3 hodiny. Vlaky s\u00fa pohodln\u00e9 a pon\u00fakaj\u00fa kr\u00e1sny v\u00fdh\u013ead na rak\u00fasku krajinu.<\/p>\n<p>Nezabudnite si pozrie\u0165 cestovn\u00fd poriadok vlakov a rezervova\u0165 si l\u00edstok vopred, aby ste z\u00edskali najlep\u0161ie ceny a vo\u013en\u00e9 miesta.<\/p>\n<p>\u00a0<\/p>\n<h3>Autobusom<\/h3>\n<p>Medzi Salzburgom a Vied\u0148ou prem\u00e1va nieko\u013eko autobusov\u00fdch spolo\u010dnost\u00ed. M\u00f4\u017eu by\u0165 cenovo v\u00fdhodn\u00e9, ale \u010das cesty sa m\u00f4\u017ee l\u00ed\u0161i\u0165, preto si overte cestovn\u00e9 poriadky a mo\u017enosti.<\/p>\n<p>Autobusy odch\u00e1dzaj\u00fa z hlavnej autobusovej stanice v Salzburgu a prich\u00e1dzaj\u00fa na r\u00f4zne miesta vo Viedni vr\u00e1tane Erdbergu a Vienna International Busterminal (VIB).<\/p>\n<h3>Kyvadlovou dopravou alebo s\u00fakromn\u00fdm transferom<\/h3>\n<p>Ak chcete cestova\u0165 bez probl\u00e9mov, objednajte si kyvadlov\u00fa dopravu alebo s\u00fakromn\u00fd transfer. Ak uprednost\u0148ujete slu\u017ebu od dver\u00ed k dver\u00e1m, je to pohodln\u00e1 a komfortn\u00e1 mo\u017enos\u0165.<\/p>\n<p>Viacer\u00e9 spolo\u010dnosti pon\u00fakaj\u00fa spolo\u010dn\u00fa alebo s\u00fakromn\u00fa kyvadlov\u00fa dopravu z letiska Salzburg Mozart do Viedne. Nezabudnite si vopred rezervova\u0165 miesto, aby ste si ho zabezpe\u010dili.<\/p>\n<h3>Lietadlom<\/h3>\n<p>Aj ke\u010f sa to m\u00f4\u017ee zda\u0165 nelogick\u00e9, niektor\u00ed cestuj\u00faci sa rozhodn\u00fa pre vn\u00fatro\u0161t\u00e1tny let z letiska Salzburg na medzin\u00e1rodn\u00e9 letisko Viede\u0148. To m\u00f4\u017ee u\u0161etri\u0165 \u010das, ale nemus\u00ed to by\u0165 t\u00e1 naj\u0161etrnej\u0161ia vo\u013eba k \u017eivotn\u00e9mu prostrediu.<\/p>\n<p style=\"text-align: center;\"><a class=\"btn btn-primary\" href=\"\/sk\/rezervovat-transfer-z-na-letisko\">Rezervova\u0165<\/a><\/p>\n<p style=\"text-align: left;\">Nezabudnite si cestu vopred napl\u00e1nova\u0165, skontrolova\u0165 cestovn\u00e9 poriadky a zv\u00e1\u017ei\u0165 faktory, ako je \u010das cesty, n\u00e1klady a va\u0161e preferencie. Bez oh\u013eadu na v\u00e1\u0161 v\u00fdber je cesta z letiska Salzburg Mozart do Viedne cestou plnou n\u00e1dhernej krajiny a rak\u00faskeho \u0161armu.<\/p>\n<\/p><\/div>\n<\/p><\/div>\n<div class=\"product-price-container\">\n<div class=\"sale-price\"> \t\t<\/div>\n<\/p><\/div>\n<div class=\"options\"><\/div>\n<div> \t\t<\/div>\n<p>   \t        <script type=\"text\/javascript\" ><\/script>  <script type=\"text\/javascript\" ><\/script> <script type=\"text\/javascript\" ><\/script>  <script type=\"text\/javascript\" ><\/script> <script type=\"text\/javascript\" ><\/script> <script type=\"text\/javascript\" ><\/script> <script type=\"text\/javascript\" ><\/script> <\/div>\n<p> \t\t<!-- \u041f\u043b\u0430\u0433\u0438\u043d \u0440\u0435\u0439\u0442\u0438\u043d\u0433\u0430 --> <\/p>\n<div class=\"vrvote-body\">\n<ul class=\"vrvote-ul\">\n<li id=\"rating_86\" class=\"current-rating\" style=\"width:97.89%;\"><\/li>\n<li> \t\t\t\t\t\t<a class=\"vr-one-star\" onclick=\"javascript:JSVRvote(86,1,93,19,0)\" href=\"javascript:void(null)\">1<\/a> \t\t\t\t\t<\/li>\n<li> \t\t\t\t\t\t<a class=\"vr-two-stars\" onclick=\"javascript:JSVRvote(86,2,93,19,0)\" href=\"javascript:void(null)\">2<\/a> \t\t\t\t\t<\/li>\n<li> \t\t\t\t\t\t<a class=\"vr-three-stars\" onclick=\"javascript:JSVRvote(86,3,93,19,0)\" href=\"javascript:void(null)\">3<\/a> \t\t\t\t\t<\/li>\n<li> \t\t\t\t\t\t<a class=\"vr-four-stars\" onclick=\"javascript:JSVRvote(86,4,93,19,0)\" href=\"javascript:void(null)\">4<\/a> \t\t\t\t\t<\/li>\n<li> \t\t\t\t\t\t<a class=\"vr-five-stars\" onclick=\"javascript:JSVRvote(86,5,93,19,0)\" href=\"javascript:void(null)\">5<\/a> \t\t\t\t\t<\/li>\n<\/ul><\/div>\n<p> \t\t\t<span id=\"vrvote_86\" class=\"vrvote-count\"><small><\/small><\/span>\t<\/span><script type=\"application\/ld+json\"><\/script>   <\/div>\n<div class=\"t4-col sidebar-r col-12 col-xl-4\">\n<div class=\"t4-module module\" id=\"Mod306\">\n<div class=\"module-inner\">\n<div class=\"module-ct\">\n<div class=\"bannergroup\">\n<div class=\"banneritem\"> \t\t\t\t\t\t\t\t\t\t\t\t\t\t\t\t\t\t\t\t\t\t\t\t\t\t\t\t\t\t\t\t\t\t\t\t\t\t\t\t\t\t\t\t\t\t\t\t\t\t<img \t\t\t\t\t\tsrc=\"\/wp-content\/uploads\/2025\/08\/banner-transfer-europe-sk-444.png\" \t\t\t\t\t\talt=\"Banner-sk\" \t\t\t\t\t\t\t\t\t\t\t\t\t\t\t\t\t\/> \t\t\t\t\t\t\t\t\t\t\t<\/p>\n<div class=\"clr\"><\/div>\n<\/p><\/div>\n<\/p><\/div>\n<\/p><\/div>\n<\/div>\n<\/div><\/div>\n<\/p><\/div>\n<\/div><\/div>\n<div id=\"t4-section-8\" class=\"t4-section  t4-section-8  section-border-top\" role=\"section-8\">\n<div class=\"bg-overlay bg-overlay-image\">&nbsp;<\/div>\n<\/p><\/div>\n<p>  <a href='javascript:' id='back-to-top'><i class='fa fa-chevron-up'><\/i><\/a>                <\/p>\n","protected":false},"excerpt":{"rendered":"<p>Transfer z letiska Salzburg Mozart do Viedne Salzburg Osobn\u00e1 preprava Rezervova\u0165 Vitajte na str\u00e1nkach hlavnej transferovej slu\u017eby z letiska Salzburg Mozart do Viedne! V na\u0161ej spolo\u010dnosti si uvedomujeme d\u00f4le\u017eitos\u0165 bezprobl\u00e9movej dopravy pri cestovan\u00ed medzi t\u00fdmito dvoma kr\u00e1snymi rak\u00faskymi mestami. \u010ci u\u017e ste turista, ktor\u00fd t\u00fa\u017ei presk\u00fama\u0165 o\u010daruj\u00face uli\u010dky Viedne, alebo obchodn\u00fd cestuj\u00faci s nabit\u00fdm programom, [&hellip;]<\/p>\n","protected":false},"author":1,"featured_media":81064,"parent":0,"menu_order":0,"comment_status":"closed","ping_status":"closed","template":"","meta":{"footnotes":""},"class_list":["post-81063","page","type-page","status-publish","has-post-thumbnail","hentry"],"yoast_head":"<!-- This site is optimized with the Yoast SEO plugin v25.6 - https:\/\/yoast.com\/wordpress\/plugins\/seo\/ -->\n<title>Transfer z letiska Salzburg-Mozart, SZG do Viedne - Transfer Eur\u00f3pa<\/title>\n<meta name=\"description\" content=\"Cesta z letiska SZG do rak\u00faskej Viedne autom s vodi\u010dom. Zarezervujte si online transfer Letisko Salzburg-Mozart - Viede\u0148 prostredn\u00edctvom slu\u017eby Transfer Europe \u2714 Ve\u013ek\u00fd vozov\u00fd park \u2714 VIP taxi \u2714 Bezpe\u010dn\u00e9 platby.\" \/>\n<meta name=\"robots\" content=\"index, follow, max-snippet:-1, max-image-preview:large, max-video-preview:-1\" \/>\n<link rel=\"canonical\" href=\"https:\/\/transfereurope.com\/sk\/transfer-z-letiska-salzburg-mozart-do-viedne\/\" \/>\n<meta property=\"og:locale\" content=\"sk_SK\" \/>\n<meta property=\"og:type\" content=\"article\" \/>\n<meta property=\"og:title\" content=\"Transfer z letiska Salzburg-Mozart, SZG do Viedne - Transfer Eur\u00f3pa\" \/>\n<meta property=\"og:description\" content=\"Cesta z letiska SZG do rak\u00faskej Viedne autom s vodi\u010dom. Zarezervujte si online transfer Letisko Salzburg-Mozart - Viede\u0148 prostredn\u00edctvom slu\u017eby Transfer Europe \u2714 Ve\u013ek\u00fd vozov\u00fd park \u2714 VIP taxi \u2714 Bezpe\u010dn\u00e9 platby.\" \/>\n<meta property=\"og:url\" content=\"https:\/\/transfereurope.com\/sk\/transfer-z-letiska-salzburg-mozart-do-viedne\/\" \/>\n<meta property=\"og:site_name\" content=\"transfereurope\" \/>\n<meta property=\"og:image\" content=\"https:\/\/transfereurope.com\/wp-content\/uploads\/2025\/08\/Europe-Destinations-Transfers-156-2-1.jpg\" \/>\n\t<meta property=\"og:image:width\" content=\"1500\" \/>\n\t<meta property=\"og:image:height\" content=\"2000\" \/>\n\t<meta property=\"og:image:type\" content=\"image\/jpeg\" \/>\n<meta name=\"twitter:card\" content=\"summary_large_image\" \/>\n<meta name=\"twitter:label1\" content=\"Predpokladan\u00fd \u010das \u010d\u00edtania\" \/>\n\t<meta name=\"twitter:data1\" content=\"4 min\u00faty\" \/>\n<script type=\"application\/ld+json\" class=\"yoast-schema-graph\">{\"@context\":\"https:\/\/schema.org\",\"@graph\":[{\"@type\":\"WebPage\",\"@id\":\"https:\/\/transfereurope.com\/sk\/transfer-z-letiska-salzburg-mozart-do-viedne\/\",\"url\":\"https:\/\/transfereurope.com\/sk\/transfer-z-letiska-salzburg-mozart-do-viedne\/\",\"name\":\"Transfer z letiska Salzburg-Mozart, SZG do Viedne - Transfer Eur\u00f3pa\",\"isPartOf\":{\"@id\":\"https:\/\/transfereurope.com\/sk\/#website\"},\"primaryImageOfPage\":{\"@id\":\"https:\/\/transfereurope.com\/sk\/transfer-z-letiska-salzburg-mozart-do-viedne\/#primaryimage\"},\"image\":{\"@id\":\"https:\/\/transfereurope.com\/sk\/transfer-z-letiska-salzburg-mozart-do-viedne\/#primaryimage\"},\"thumbnailUrl\":\"https:\/\/transfereurope.com\/wp-content\/uploads\/2025\/08\/Europe-Destinations-Transfers-156-2-1.jpg\",\"datePublished\":\"2025-08-05T23:49:42+00:00\",\"description\":\"Cesta z letiska SZG do rak\u00faskej Viedne autom s vodi\u010dom. Zarezervujte si online transfer Letisko Salzburg-Mozart - Viede\u0148 prostredn\u00edctvom slu\u017eby Transfer Europe \u2714 Ve\u013ek\u00fd vozov\u00fd park \u2714 VIP taxi \u2714 Bezpe\u010dn\u00e9 platby.\",\"breadcrumb\":{\"@id\":\"https:\/\/transfereurope.com\/sk\/transfer-z-letiska-salzburg-mozart-do-viedne\/#breadcrumb\"},\"inLanguage\":\"sk-SK\",\"potentialAction\":[{\"@type\":\"ReadAction\",\"target\":[\"https:\/\/transfereurope.com\/sk\/transfer-z-letiska-salzburg-mozart-do-viedne\/\"]}]},{\"@type\":\"ImageObject\",\"inLanguage\":\"sk-SK\",\"@id\":\"https:\/\/transfereurope.com\/sk\/transfer-z-letiska-salzburg-mozart-do-viedne\/#primaryimage\",\"url\":\"https:\/\/transfereurope.com\/wp-content\/uploads\/2025\/08\/Europe-Destinations-Transfers-156-2-1.jpg\",\"contentUrl\":\"https:\/\/transfereurope.com\/wp-content\/uploads\/2025\/08\/Europe-Destinations-Transfers-156-2-1.jpg\",\"width\":1500,\"height\":2000},{\"@type\":\"BreadcrumbList\",\"@id\":\"https:\/\/transfereurope.com\/sk\/transfer-z-letiska-salzburg-mozart-do-viedne\/#breadcrumb\",\"itemListElement\":[{\"@type\":\"ListItem\",\"position\":1,\"name\":\"Home\",\"item\":\"https:\/\/transfereurope.com\/sk\/\"},{\"@type\":\"ListItem\",\"position\":2,\"name\":\"Transfer z letiska Salzburg Mozart do Viedne\"}]},{\"@type\":\"WebSite\",\"@id\":\"https:\/\/transfereurope.com\/sk\/#website\",\"url\":\"https:\/\/transfereurope.com\/sk\/\",\"name\":\"transfereurope\",\"description\":\"\",\"publisher\":{\"@id\":\"https:\/\/transfereurope.com\/sk\/#organization\"},\"potentialAction\":[{\"@type\":\"SearchAction\",\"target\":{\"@type\":\"EntryPoint\",\"urlTemplate\":\"https:\/\/transfereurope.com\/sk\/?s={search_term_string}\"},\"query-input\":{\"@type\":\"PropertyValueSpecification\",\"valueRequired\":true,\"valueName\":\"search_term_string\"}}],\"inLanguage\":\"sk-SK\"},{\"@type\":\"Organization\",\"@id\":\"https:\/\/transfereurope.com\/sk\/#organization\",\"name\":\"transfereurope\",\"url\":\"https:\/\/transfereurope.com\/sk\/\",\"logo\":{\"@type\":\"ImageObject\",\"inLanguage\":\"sk-SK\",\"@id\":\"https:\/\/transfereurope.com\/sk\/#\/schema\/logo\/image\/\",\"url\":\"https:\/\/transfereurope.com\/wp-content\/uploads\/2025\/08\/TRANSFERS-1655.png\",\"contentUrl\":\"https:\/\/transfereurope.com\/wp-content\/uploads\/2025\/08\/TRANSFERS-1655.png\",\"width\":500,\"height\":274,\"caption\":\"transfereurope\"},\"image\":{\"@id\":\"https:\/\/transfereurope.com\/sk\/#\/schema\/logo\/image\/\"}}]}<\/script>\n<!-- \/ Yoast SEO plugin. -->","yoast_head_json":{"title":"Transfer z letiska Salzburg-Mozart, SZG do Viedne - Transfer Eur\u00f3pa","description":"Cesta z letiska SZG do rak\u00faskej Viedne autom s vodi\u010dom. Zarezervujte si online transfer Letisko Salzburg-Mozart - Viede\u0148 prostredn\u00edctvom slu\u017eby Transfer Europe \u2714 Ve\u013ek\u00fd vozov\u00fd park \u2714 VIP taxi \u2714 Bezpe\u010dn\u00e9 platby.","robots":{"index":"index","follow":"follow","max-snippet":"max-snippet:-1","max-image-preview":"max-image-preview:large","max-video-preview":"max-video-preview:-1"},"canonical":"https:\/\/transfereurope.com\/sk\/transfer-z-letiska-salzburg-mozart-do-viedne\/","og_locale":"sk_SK","og_type":"article","og_title":"Transfer z letiska Salzburg-Mozart, SZG do Viedne - Transfer Eur\u00f3pa","og_description":"Cesta z letiska SZG do rak\u00faskej Viedne autom s vodi\u010dom. Zarezervujte si online transfer Letisko Salzburg-Mozart - Viede\u0148 prostredn\u00edctvom slu\u017eby Transfer Europe \u2714 Ve\u013ek\u00fd vozov\u00fd park \u2714 VIP taxi \u2714 Bezpe\u010dn\u00e9 platby.","og_url":"https:\/\/transfereurope.com\/sk\/transfer-z-letiska-salzburg-mozart-do-viedne\/","og_site_name":"transfereurope","og_image":[{"width":1500,"height":2000,"url":"https:\/\/transfereurope.com\/wp-content\/uploads\/2025\/08\/Europe-Destinations-Transfers-156-2-1.jpg","type":"image\/jpeg"}],"twitter_card":"summary_large_image","twitter_misc":{"Predpokladan\u00fd \u010das \u010d\u00edtania":"4 min\u00faty"},"schema":{"@context":"https:\/\/schema.org","@graph":[{"@type":"WebPage","@id":"https:\/\/transfereurope.com\/sk\/transfer-z-letiska-salzburg-mozart-do-viedne\/","url":"https:\/\/transfereurope.com\/sk\/transfer-z-letiska-salzburg-mozart-do-viedne\/","name":"Transfer z letiska Salzburg-Mozart, SZG do Viedne - Transfer Eur\u00f3pa","isPartOf":{"@id":"https:\/\/transfereurope.com\/sk\/#website"},"primaryImageOfPage":{"@id":"https:\/\/transfereurope.com\/sk\/transfer-z-letiska-salzburg-mozart-do-viedne\/#primaryimage"},"image":{"@id":"https:\/\/transfereurope.com\/sk\/transfer-z-letiska-salzburg-mozart-do-viedne\/#primaryimage"},"thumbnailUrl":"https:\/\/transfereurope.com\/wp-content\/uploads\/2025\/08\/Europe-Destinations-Transfers-156-2-1.jpg","datePublished":"2025-08-05T23:49:42+00:00","description":"Cesta z letiska SZG do rak\u00faskej Viedne autom s vodi\u010dom. Zarezervujte si online transfer Letisko Salzburg-Mozart - Viede\u0148 prostredn\u00edctvom slu\u017eby Transfer Europe \u2714 Ve\u013ek\u00fd vozov\u00fd park \u2714 VIP taxi \u2714 Bezpe\u010dn\u00e9 platby.","breadcrumb":{"@id":"https:\/\/transfereurope.com\/sk\/transfer-z-letiska-salzburg-mozart-do-viedne\/#breadcrumb"},"inLanguage":"sk-SK","potentialAction":[{"@type":"ReadAction","target":["https:\/\/transfereurope.com\/sk\/transfer-z-letiska-salzburg-mozart-do-viedne\/"]}]},{"@type":"ImageObject","inLanguage":"sk-SK","@id":"https:\/\/transfereurope.com\/sk\/transfer-z-letiska-salzburg-mozart-do-viedne\/#primaryimage","url":"https:\/\/transfereurope.com\/wp-content\/uploads\/2025\/08\/Europe-Destinations-Transfers-156-2-1.jpg","contentUrl":"https:\/\/transfereurope.com\/wp-content\/uploads\/2025\/08\/Europe-Destinations-Transfers-156-2-1.jpg","width":1500,"height":2000},{"@type":"BreadcrumbList","@id":"https:\/\/transfereurope.com\/sk\/transfer-z-letiska-salzburg-mozart-do-viedne\/#breadcrumb","itemListElement":[{"@type":"ListItem","position":1,"name":"Home","item":"https:\/\/transfereurope.com\/sk\/"},{"@type":"ListItem","position":2,"name":"Transfer z letiska Salzburg Mozart do Viedne"}]},{"@type":"WebSite","@id":"https:\/\/transfereurope.com\/sk\/#website","url":"https:\/\/transfereurope.com\/sk\/","name":"transfereurope","description":"","publisher":{"@id":"https:\/\/transfereurope.com\/sk\/#organization"},"potentialAction":[{"@type":"SearchAction","target":{"@type":"EntryPoint","urlTemplate":"https:\/\/transfereurope.com\/sk\/?s={search_term_string}"},"query-input":{"@type":"PropertyValueSpecification","valueRequired":true,"valueName":"search_term_string"}}],"inLanguage":"sk-SK"},{"@type":"Organization","@id":"https:\/\/transfereurope.com\/sk\/#organization","name":"transfereurope","url":"https:\/\/transfereurope.com\/sk\/","logo":{"@type":"ImageObject","inLanguage":"sk-SK","@id":"https:\/\/transfereurope.com\/sk\/#\/schema\/logo\/image\/","url":"https:\/\/transfereurope.com\/wp-content\/uploads\/2025\/08\/TRANSFERS-1655.png","contentUrl":"https:\/\/transfereurope.com\/wp-content\/uploads\/2025\/08\/TRANSFERS-1655.png","width":500,"height":274,"caption":"transfereurope"},"image":{"@id":"https:\/\/transfereurope.com\/sk\/#\/schema\/logo\/image\/"}}]}},"_links":{"self":[{"href":"https:\/\/transfereurope.com\/sk\/wp-json\/wp\/v2\/pages\/81063","targetHints":{"allow":["GET"]}}],"collection":[{"href":"https:\/\/transfereurope.com\/sk\/wp-json\/wp\/v2\/pages"}],"about":[{"href":"https:\/\/transfereurope.com\/sk\/wp-json\/wp\/v2\/types\/page"}],"author":[{"embeddable":true,"href":"https:\/\/transfereurope.com\/sk\/wp-json\/wp\/v2\/users\/1"}],"replies":[{"embeddable":true,"href":"https:\/\/transfereurope.com\/sk\/wp-json\/wp\/v2\/comments?post=81063"}],"version-history":[{"count":0,"href":"https:\/\/transfereurope.com\/sk\/wp-json\/wp\/v2\/pages\/81063\/revisions"}],"wp:featuredmedia":[{"embeddable":true,"href":"https:\/\/transfereurope.com\/sk\/wp-json\/wp\/v2\/media\/81064"}],"wp:attachment":[{"href":"https:\/\/transfereurope.com\/sk\/wp-json\/wp\/v2\/media?parent=81063"}],"curies":[{"name":"wp","href":"https:\/\/api.w.org\/{rel}","templated":true}]}}