{"id":80271,"date":"2025-08-05T23:42:34","date_gmt":"2025-08-05T23:42:34","guid":{"rendered":"https:\/\/transfereurope.com\/transfer-z-drazdan-do-brna\/"},"modified":"2025-08-05T23:42:34","modified_gmt":"2025-08-05T23:42:34","slug":"transfer-z-drazdan-do-brna","status":"publish","type":"page","link":"https:\/\/transfereurope.com\/sk\/transfer-z-drazdan-do-brna\/","title":{"rendered":"Transfer z Dr\u00e1\u017e\u010fan do Brna"},"content":{"rendered":"\n<div id=\"t4-masthead\" class=\"t4-section  t4-masthead\">\n<div class=\"t4-col text-center\">\n<div class=\"ja-masthead\" >\n<div class=\"ja-masthead-detail\">\n<h1 class=\"ja-masthead-title\">Transfer z Dr\u00e1\u017e\u010fan do Brna<\/h1>\n<p>                 <!---->            <\/p>\n<div class=\"block-breadcrumb\">                       <\/div>\n<\/p><\/div>\n<\/p><\/div>\n<pre><\/pre>\n<\/div>\n<\/div>\n<div id=\"t4-main-body\" class=\"t4-section  t4-main-body\" role=\"main body\">\n<div class=\"t4-section-inner container\">\n<div class=\"t4-row row\">\n<div class=\"t4-col col-12 col-xl\">\n<div id=\"system-message-container\"> \t<\/div>\n<div class=\"com-content-article item-page view-tour-detail\">\n<div class=\"tour-top-info clearfix\">\n<div class=\"pull-left\">\n<div class=\"category-article-dot\">\n<div class=\"category-name\"> \t\t\t\t\t<a href=\"\/sk\/destinacie\/dresden\" itemprop=\"genre\">Dr\u00e1\u017e\u010fany Osobn\u00e1 preprava<\/a> \t\t\t\t<\/div>\n<\/p><\/div>\n<\/p><\/div>\n<div class=\"pull-right\">\n<div class=\"text-danger tour-price\"> \t\t\t\t\t\t<a href=\"\/sk\/rezervovat-transfer\">Rezervova\u0165<\/a><\/div>\n<\/p><\/div>\n<\/p><\/div>\n<p>  \t <!--\t-->  \t<\/p>\n<div class=\"vm-product-container\">\n<figure class=\"pull-left item-image\">\n<div class=\"main-image\"> \t\t<a title=\"Dresden to Brno Transfer Service\" rel='vm-additional-images' href=\"\/images\/virtuemart\/product\/Europe Destinations Transfers (1)858.jpg\"><img decoding=\"async\"  loading=\"lazy\"  src=\"\/wp-content\/uploads\/2025\/08\/Europe-Destinations-Transfers-1858-10.jpg\"  alt=\"Dresden to Brno Transfer Service\"  \/><\/a>\t\t<\/p>\n<div class=\"clear\"><\/div>\n<\/p><\/div>\n<\/figure>\n<div class=\"vm-product-details-container\">\n<div class=\"spacer-buy-area\">    \t\t \t\t<\/div>\n<\/p><\/div>\n<div class=\"clear\"><\/div>\n<\/p><\/div>\n<div class=\"product-description\" >\n<div class=\"book-now mt-5\" style=\"text-align: left;\">\n<p>Ke\u010f ide o bezprobl\u00e9mov\u00fa prepravu medzi Dr\u00e1\u017e\u010fanmi a Brnom, sme va\u0161ou spo\u013eahlivou vo\u013ebou. N\u00e1\u0161 s\u00fakromn\u00fd pren\u00e1jom vozidiel pon\u00faka bezprobl\u00e9mov\u00fa a pohodln\u00fa cestu, v\u010faka ktorej sa do cie\u013ea dostanete \u0161t\u00fdlovo a na\u010das.<\/p>\n<p>Na\u0161i s\u00fakromn\u00ed vodi\u010di s\u00fa ve\u013emi sk\u00fasen\u00ed a odhodlan\u00ed poskytn\u00fa\u0165 v\u00e1m bezpe\u010dn\u00fd a spo\u013eahliv\u00fd z\u00e1\u017eitok z prepravy. \u010ci u\u017e cestujete pracovne alebo na dovolenku, na\u0161i profesion\u00e1lni vodi\u010di sa postaraj\u00fa o to, aby bola va\u0161a cesta pohodln\u00e1 a bez stresu.<\/p>\n<p style=\"text-align: center;\"><a class=\"btn btn-primary\" href=\"\/sk\/rezervovat-transfer\">Rezervova\u0165<\/a><\/p>\n<h2 style=\"text-align: center;\"><strong>Pre\u010do si vybra\u0165 n\u00e1\u0161 transfer z Dr\u00e1\u017e\u010fan do Brna?<\/strong><\/h2>\n<ul>\n<li><strong>Pren\u00e1jom s\u00fakromn\u00e9ho vozidla:<\/strong> Pon\u00fakame flotilu dobre udr\u017eiavan\u00fdch, pohodln\u00fdch vozidiel pre va\u0161e potreby. Vyberte si vozidlo, ktor\u00e9 vyhovuje va\u0161im preferenci\u00e1m, a u\u017eite si s\u00fakromn\u00fa, individu\u00e1lnu jazdu.<\/li>\n<li><strong>Sk\u00fasen\u00ed vodi\u010di:<\/strong> Na\u0161i vodi\u010di maj\u00fa znalosti o najlep\u0161\u00edch tras\u00e1ch a miestnych poznatkoch, v\u010faka \u010domu sa do cie\u013ea dostanete efekt\u00edvne a pohodlne.<\/li>\n<li><strong>Slu\u017eby od dver\u00ed k dver\u00e1m:<\/strong> Poskytujeme prepravu od dver\u00ed k dver\u00e1m, v\u010faka \u010domu je va\u0161a cesta pohodln\u00e1 a bezprobl\u00e9mov\u00e1.<\/li>\n<li><strong>Presnos\u0165:<\/strong> Ch\u00e1peme hodnotu v\u00e1\u0161ho \u010dasu. Na\u0161i vodi\u010di s\u00fa dochv\u00ed\u013eni a zabezpe\u010dia, aby ste sa do cie\u013ea dostali pod\u013ea pl\u00e1nu.<\/li>\n<li><strong>Flexibiln\u00e1 rezerv\u00e1cia:<\/strong> Na\u0161e slu\u017eby s\u00fa k dispoz\u00edcii 24 hod\u00edn denne, 7 dn\u00ed v t\u00fd\u017edni a umo\u017e\u0148uj\u00fa v\u00e1m rezervova\u0165 si prepravu pod\u013ea va\u0161ich predst\u00e1v. \u010ci u\u017e m\u00e1te denn\u00fd alebo no\u010dn\u00fd let, sme tu, aby sme sa prisp\u00f4sobili va\u0161im potreb\u00e1m.<\/li>\n<\/ul>\n<h2 style=\"text-align: center;\">\u00a0<\/h2>\n<h2 style=\"text-align: center;\"><strong>Rezerv\u00e1cia transferu z Dr\u00e1\u017e\u010fan do Brna\u00a0<\/strong><\/h2>\n<p>Za\u017eite s nami dokonal\u00fd transfer z Dr\u00e1\u017e\u010fan do Brna. U\u017eite si pohodlie s\u00fakromnej dopravy a istotu spo\u013eahliv\u00fdch slu\u017eieb, ktor\u00e9 klad\u00fa va\u0161e pohodlie na prv\u00e9 miesto. Rezervujte si cestu e\u0161te dnes a nechajte n\u00e1s postara\u0165 sa o va\u0161e prepravn\u00e9 potreby.<\/p>\n<p style=\"text-align: center;\"><a class=\"btn btn-primary\" href=\"\/sk\/rezervovat-transfer\">Rezervova\u0165<\/a><\/p>\n<h2 style=\"text-align: center;\"><b>Ako sa dosta\u0165 z Dr\u00e1\u017e\u010fan do Brna<\/b><\/h2>\n<p>Cestujete z Dr\u00e1\u017e\u010fan do Brna? Objavte svoje mo\u017enosti pre bezprobl\u00e9mov\u00fa a pr\u00edjemn\u00fa cestu.<\/p>\n<h3>Vlak<\/h3>\n<p>Jedn\u00fdm z najob\u013e\u00fabenej\u0161\u00edch sp\u00f4sobov cestovania z Dr\u00e1\u017e\u010fan do Brna je vlak. Cesta poskytuje malebn\u00e9 v\u00fdh\u013eady pri prech\u00e1dzan\u00ed malebnou krajinou strednej Eur\u00f3py. Jazda vlakom pon\u00faka komfort a pohodlie a m\u00f4\u017eete si vybra\u0165 z r\u00f4znych vlakov\u00fdch spojov, ktor\u00e9 vyhovuj\u00fa v\u00e1\u0161mu \u010dasov\u00e9mu rozvrhu.<\/p>\n<h3>Autobus<\/h3>\n<p>\u010eal\u0161ou cenovo v\u00fdhodnou mo\u017enos\u0165ou je autobus. Medzi Dr\u00e1\u017e\u010fanmi a Brnom prem\u00e1va nieko\u013eko autobusov\u00fdch spolo\u010dnost\u00ed, ktor\u00e9 pon\u00fakaj\u00fa v\u00fdhodn\u00e9 cestovn\u00e9 a r\u00f4zne \u010dasy odchodov. Je to praktick\u00e1 vo\u013eba pre t\u00fdch, ktor\u00ed uprednost\u0148uj\u00fa pozemn\u00e9 cestovanie.<\/p>\n<p>\u00a0<\/p>\n<h3>Auto<\/h3>\n<p>Ak si cen\u00edte flexibilitu a chcete trasu presk\u00fama\u0165 vlastn\u00fdm tempom, zv\u00e1\u017ete mo\u017enos\u0165 pren\u00e1jmu auta. T\u00e1to mo\u017enos\u0165 v\u00e1m umo\u017en\u00ed zastavi\u0165 sa po ceste a objavova\u0165 skryt\u00e9 skvosty \u010deskej a nemeckej krajiny. Ak pl\u00e1nujete prekro\u010di\u0165 medzin\u00e1rodn\u00e9 hranice, uistite sa, \u017ee m\u00e1te potrebn\u00e9 povolenia a poistenie.<\/p>\n<h3>Lety<\/h3>\n<p>Hoci medzi Dr\u00e1\u017e\u010fanmi a Brnom nie s\u00fa priame lety, m\u00f4\u017eete zv\u00e1\u017ei\u0165 prestup na niektorom z ve\u013ek\u00fdch let\u00edsk. Brno m\u00e1 vlastn\u00e9 letisko a nieko\u013eko letov sp\u00e1ja Dr\u00e1\u017e\u010fany s Brnom s medziprist\u00e1t\u00edm. Nezabudnite si pozrie\u0165 letov\u00e9 poriadky a ceny letov, aby ste na\u0161li najvhodnej\u0161iu mo\u017enos\u0165 pre svoje cestovn\u00e9 pl\u00e1ny.<\/p>\n<h3>S\u00fakromn\u00fd transfer<\/h3>\n<p>Ak chcete cestova\u0165 bez stresu a pohodlne, v\u00fdbornou vo\u013ebou je pren\u00e1jom s\u00fakromnej prepravnej slu\u017eby s vodi\u010dom. T\u00e1to mo\u017enos\u0165 poskytuje slu\u017eby od dver\u00ed k dver\u00e1m a pohodlie s\u00fakromn\u00e9ho vozidla pre va\u0161e prepravn\u00e9 potreby.<\/p>\n<p style=\"text-align: center;\"><a class=\"btn btn-primary\" href=\"\/sk\/rezervovat-transfer\">Rezervova\u0165<\/a><\/p>\n<p style=\"text-align: left;\">Bez oh\u013eadu na to, ktor\u00fd sp\u00f4sob dopravy si vyberiete, Dr\u00e1\u017e\u010fany aj Brno maj\u00fa \u010do pon\u00faknu\u0165 z h\u013eadiska kult\u00fary, hist\u00f3rie a pulzuj\u00faceho mestsk\u00e9ho \u017eivota. Napl\u00e1nujte si cestu, zv\u00e1\u017ete svoje preferencie a vyberte si mo\u017enos\u0165, ktor\u00e1 najlep\u0161ie vyhovuje v\u00e1\u0161mu \u0161t\u00fdlu cestovania a \u010dasov\u00e9mu rozvrhu. \u0160\u0165astn\u00fa cestu z Dr\u00e1\u017e\u010fan do Brna!<\/p>\n<\/p><\/div>\n<\/p><\/div>\n<div class=\"product-price-container\">\n<div class=\"sale-price\"> \t\t<\/div>\n<\/p><\/div>\n<div class=\"options\"><\/div>\n<div> \t\t<\/div>\n<p>   \t        <script type=\"text\/javascript\" ><\/script>  <script type=\"text\/javascript\" ><\/script> <script type=\"text\/javascript\" ><\/script>  <script type=\"text\/javascript\" ><\/script> <script type=\"text\/javascript\" ><\/script> <script type=\"text\/javascript\" ><\/script> <script type=\"text\/javascript\" ><\/script> <\/div>\n<p> \t\t<!-- \u041f\u043b\u0430\u0433\u0438\u043d \u0440\u0435\u0439\u0442\u0438\u043d\u0433\u0430 --> <\/p>\n<div class=\"vrvote-body\">\n<ul class=\"vrvote-ul\">\n<li id=\"rating_52\" class=\"current-rating\" style=\"width:97.65%;\"><\/li>\n<li> \t\t\t\t\t\t<a class=\"vr-one-star\" onclick=\"javascript:JSVRvote(52,1,166,34,0)\" href=\"javascript:void(null)\">1<\/a> \t\t\t\t\t<\/li>\n<li> \t\t\t\t\t\t<a class=\"vr-two-stars\" onclick=\"javascript:JSVRvote(52,2,166,34,0)\" href=\"javascript:void(null)\">2<\/a> \t\t\t\t\t<\/li>\n<li> \t\t\t\t\t\t<a class=\"vr-three-stars\" onclick=\"javascript:JSVRvote(52,3,166,34,0)\" href=\"javascript:void(null)\">3<\/a> \t\t\t\t\t<\/li>\n<li> \t\t\t\t\t\t<a class=\"vr-four-stars\" onclick=\"javascript:JSVRvote(52,4,166,34,0)\" href=\"javascript:void(null)\">4<\/a> \t\t\t\t\t<\/li>\n<li> \t\t\t\t\t\t<a class=\"vr-five-stars\" onclick=\"javascript:JSVRvote(52,5,166,34,0)\" href=\"javascript:void(null)\">5<\/a> \t\t\t\t\t<\/li>\n<\/ul><\/div>\n<p> \t\t\t<span id=\"vrvote_52\" class=\"vrvote-count\"><small><\/small><\/span>\t<\/span><script type=\"application\/ld+json\"><\/script>   <\/div>\n<div class=\"t4-col sidebar-r col-12 col-xl-4\">\n<div class=\"t4-module module\" id=\"Mod306\">\n<div class=\"module-inner\">\n<div class=\"module-ct\">\n<div class=\"bannergroup\">\n<div class=\"banneritem\"> \t\t\t\t\t\t\t\t\t\t\t\t\t\t\t\t\t\t\t\t\t\t\t\t\t\t\t\t\t\t\t\t\t\t\t\t\t\t\t\t\t\t\t\t\t\t\t\t\t\t<img \t\t\t\t\t\tsrc=\"\/wp-content\/uploads\/2025\/08\/banner-transfer-europe-sk-436.png\" \t\t\t\t\t\talt=\"Banner-sk\" \t\t\t\t\t\t\t\t\t\t\t\t\t\t\t\t\t\/> \t\t\t\t\t\t\t\t\t\t\t<\/p>\n<div class=\"clr\"><\/div>\n<\/p><\/div>\n<\/p><\/div>\n<\/p><\/div>\n<\/div>\n<\/div><\/div>\n<\/p><\/div>\n<\/div><\/div>\n<div id=\"t4-section-8\" class=\"t4-section  t4-section-8  section-border-top\" role=\"section-8\">\n<div class=\"bg-overlay bg-overlay-image\">&nbsp;<\/div>\n<\/p><\/div>\n<p>  <a href='javascript:' id='back-to-top'><i class='fa fa-chevron-up'><\/i><\/a>                <\/p>\n","protected":false},"excerpt":{"rendered":"<p>Transfer z Dr\u00e1\u017e\u010fan do Brna Dr\u00e1\u017e\u010fany Osobn\u00e1 preprava Rezervova\u0165 Ke\u010f ide o bezprobl\u00e9mov\u00fa prepravu medzi Dr\u00e1\u017e\u010fanmi a Brnom, sme va\u0161ou spo\u013eahlivou vo\u013ebou. N\u00e1\u0161 s\u00fakromn\u00fd pren\u00e1jom vozidiel pon\u00faka bezprobl\u00e9mov\u00fa a pohodln\u00fa cestu, v\u010faka ktorej sa do cie\u013ea dostanete \u0161t\u00fdlovo a na\u010das. Na\u0161i s\u00fakromn\u00ed vodi\u010di s\u00fa ve\u013emi sk\u00fasen\u00ed a odhodlan\u00ed poskytn\u00fa\u0165 v\u00e1m bezpe\u010dn\u00fd a spo\u013eahliv\u00fd z\u00e1\u017eitok z [&hellip;]<\/p>\n","protected":false},"author":1,"featured_media":80272,"parent":0,"menu_order":0,"comment_status":"closed","ping_status":"closed","template":"","meta":{"footnotes":""},"class_list":["post-80271","page","type-page","status-publish","has-post-thumbnail","hentry"],"yoast_head":"<!-- This site is optimized with the Yoast SEO plugin v25.6 - https:\/\/yoast.com\/wordpress\/plugins\/seo\/ -->\n<title>Transfer z Dr\u00e1\u017e\u010fan do Brna - Transfer Europe<\/title>\n<meta name=\"description\" content=\"\u0160of\u00e9rujte z Dr\u00e1\u017e\u010fan do Brna s vodi\u010dom. Objednajte si online prevod Dr\u00e1\u017e\u010fany - Brno na Transfer Europe \u2714Ve\u013ek\u00fd vozov\u00fd park \u2714VIP taxi \u2714Bezpe\u010dn\u00e1 platba \u260e+421 951 460 615\" \/>\n<meta name=\"robots\" content=\"index, follow, max-snippet:-1, max-image-preview:large, max-video-preview:-1\" \/>\n<link rel=\"canonical\" href=\"https:\/\/transfereurope.com\/sk\/transfer-z-drazdan-do-brna\/\" \/>\n<meta property=\"og:locale\" content=\"sk_SK\" \/>\n<meta property=\"og:type\" content=\"article\" \/>\n<meta property=\"og:title\" content=\"Transfer z Dr\u00e1\u017e\u010fan do Brna - Transfer Europe\" \/>\n<meta property=\"og:description\" content=\"\u0160of\u00e9rujte z Dr\u00e1\u017e\u010fan do Brna s vodi\u010dom. Objednajte si online prevod Dr\u00e1\u017e\u010fany - Brno na Transfer Europe \u2714Ve\u013ek\u00fd vozov\u00fd park \u2714VIP taxi \u2714Bezpe\u010dn\u00e1 platba \u260e+421 951 460 615\" \/>\n<meta property=\"og:url\" content=\"https:\/\/transfereurope.com\/sk\/transfer-z-drazdan-do-brna\/\" \/>\n<meta property=\"og:site_name\" content=\"transfereurope\" \/>\n<meta property=\"og:image\" content=\"https:\/\/transfereurope.com\/wp-content\/uploads\/2025\/08\/Europe-Destinations-Transfers-1858-10-1.jpg\" \/>\n\t<meta property=\"og:image:width\" content=\"1500\" \/>\n\t<meta property=\"og:image:height\" content=\"2000\" \/>\n\t<meta property=\"og:image:type\" content=\"image\/jpeg\" \/>\n<meta name=\"twitter:card\" content=\"summary_large_image\" \/>\n<meta name=\"twitter:label1\" content=\"Predpokladan\u00fd \u010das \u010d\u00edtania\" \/>\n\t<meta name=\"twitter:data1\" content=\"4 min\u00faty\" \/>\n<script type=\"application\/ld+json\" class=\"yoast-schema-graph\">{\"@context\":\"https:\/\/schema.org\",\"@graph\":[{\"@type\":\"WebPage\",\"@id\":\"https:\/\/transfereurope.com\/sk\/transfer-z-drazdan-do-brna\/\",\"url\":\"https:\/\/transfereurope.com\/sk\/transfer-z-drazdan-do-brna\/\",\"name\":\"Transfer z Dr\u00e1\u017e\u010fan do Brna - Transfer Europe\",\"isPartOf\":{\"@id\":\"https:\/\/transfereurope.com\/sk\/#website\"},\"primaryImageOfPage\":{\"@id\":\"https:\/\/transfereurope.com\/sk\/transfer-z-drazdan-do-brna\/#primaryimage\"},\"image\":{\"@id\":\"https:\/\/transfereurope.com\/sk\/transfer-z-drazdan-do-brna\/#primaryimage\"},\"thumbnailUrl\":\"https:\/\/transfereurope.com\/wp-content\/uploads\/2025\/08\/Europe-Destinations-Transfers-1858-10-1.jpg\",\"datePublished\":\"2025-08-05T23:42:34+00:00\",\"description\":\"\u0160of\u00e9rujte z Dr\u00e1\u017e\u010fan do Brna s vodi\u010dom. Objednajte si online prevod Dr\u00e1\u017e\u010fany - Brno na Transfer Europe \u2714Ve\u013ek\u00fd vozov\u00fd park \u2714VIP taxi \u2714Bezpe\u010dn\u00e1 platba \u260e+421 951 460 615\",\"breadcrumb\":{\"@id\":\"https:\/\/transfereurope.com\/sk\/transfer-z-drazdan-do-brna\/#breadcrumb\"},\"inLanguage\":\"sk-SK\",\"potentialAction\":[{\"@type\":\"ReadAction\",\"target\":[\"https:\/\/transfereurope.com\/sk\/transfer-z-drazdan-do-brna\/\"]}]},{\"@type\":\"ImageObject\",\"inLanguage\":\"sk-SK\",\"@id\":\"https:\/\/transfereurope.com\/sk\/transfer-z-drazdan-do-brna\/#primaryimage\",\"url\":\"https:\/\/transfereurope.com\/wp-content\/uploads\/2025\/08\/Europe-Destinations-Transfers-1858-10-1.jpg\",\"contentUrl\":\"https:\/\/transfereurope.com\/wp-content\/uploads\/2025\/08\/Europe-Destinations-Transfers-1858-10-1.jpg\",\"width\":1500,\"height\":2000},{\"@type\":\"BreadcrumbList\",\"@id\":\"https:\/\/transfereurope.com\/sk\/transfer-z-drazdan-do-brna\/#breadcrumb\",\"itemListElement\":[{\"@type\":\"ListItem\",\"position\":1,\"name\":\"Home\",\"item\":\"https:\/\/transfereurope.com\/sk\/\"},{\"@type\":\"ListItem\",\"position\":2,\"name\":\"Transfer z Dr\u00e1\u017e\u010fan do Brna\"}]},{\"@type\":\"WebSite\",\"@id\":\"https:\/\/transfereurope.com\/sk\/#website\",\"url\":\"https:\/\/transfereurope.com\/sk\/\",\"name\":\"transfereurope\",\"description\":\"\",\"publisher\":{\"@id\":\"https:\/\/transfereurope.com\/sk\/#organization\"},\"potentialAction\":[{\"@type\":\"SearchAction\",\"target\":{\"@type\":\"EntryPoint\",\"urlTemplate\":\"https:\/\/transfereurope.com\/sk\/?s={search_term_string}\"},\"query-input\":{\"@type\":\"PropertyValueSpecification\",\"valueRequired\":true,\"valueName\":\"search_term_string\"}}],\"inLanguage\":\"sk-SK\"},{\"@type\":\"Organization\",\"@id\":\"https:\/\/transfereurope.com\/sk\/#organization\",\"name\":\"transfereurope\",\"url\":\"https:\/\/transfereurope.com\/sk\/\",\"logo\":{\"@type\":\"ImageObject\",\"inLanguage\":\"sk-SK\",\"@id\":\"https:\/\/transfereurope.com\/sk\/#\/schema\/logo\/image\/\",\"url\":\"https:\/\/transfereurope.com\/wp-content\/uploads\/2025\/08\/TRANSFERS-1655.png\",\"contentUrl\":\"https:\/\/transfereurope.com\/wp-content\/uploads\/2025\/08\/TRANSFERS-1655.png\",\"width\":500,\"height\":274,\"caption\":\"transfereurope\"},\"image\":{\"@id\":\"https:\/\/transfereurope.com\/sk\/#\/schema\/logo\/image\/\"}}]}<\/script>\n<!-- \/ Yoast SEO plugin. -->","yoast_head_json":{"title":"Transfer z Dr\u00e1\u017e\u010fan do Brna - Transfer Europe","description":"\u0160of\u00e9rujte z Dr\u00e1\u017e\u010fan do Brna s vodi\u010dom. Objednajte si online prevod Dr\u00e1\u017e\u010fany - Brno na Transfer Europe \u2714Ve\u013ek\u00fd vozov\u00fd park \u2714VIP taxi \u2714Bezpe\u010dn\u00e1 platba \u260e+421 951 460 615","robots":{"index":"index","follow":"follow","max-snippet":"max-snippet:-1","max-image-preview":"max-image-preview:large","max-video-preview":"max-video-preview:-1"},"canonical":"https:\/\/transfereurope.com\/sk\/transfer-z-drazdan-do-brna\/","og_locale":"sk_SK","og_type":"article","og_title":"Transfer z Dr\u00e1\u017e\u010fan do Brna - Transfer Europe","og_description":"\u0160of\u00e9rujte z Dr\u00e1\u017e\u010fan do Brna s vodi\u010dom. Objednajte si online prevod Dr\u00e1\u017e\u010fany - Brno na Transfer Europe \u2714Ve\u013ek\u00fd vozov\u00fd park \u2714VIP taxi \u2714Bezpe\u010dn\u00e1 platba \u260e+421 951 460 615","og_url":"https:\/\/transfereurope.com\/sk\/transfer-z-drazdan-do-brna\/","og_site_name":"transfereurope","og_image":[{"width":1500,"height":2000,"url":"https:\/\/transfereurope.com\/wp-content\/uploads\/2025\/08\/Europe-Destinations-Transfers-1858-10-1.jpg","type":"image\/jpeg"}],"twitter_card":"summary_large_image","twitter_misc":{"Predpokladan\u00fd \u010das \u010d\u00edtania":"4 min\u00faty"},"schema":{"@context":"https:\/\/schema.org","@graph":[{"@type":"WebPage","@id":"https:\/\/transfereurope.com\/sk\/transfer-z-drazdan-do-brna\/","url":"https:\/\/transfereurope.com\/sk\/transfer-z-drazdan-do-brna\/","name":"Transfer z Dr\u00e1\u017e\u010fan do Brna - Transfer Europe","isPartOf":{"@id":"https:\/\/transfereurope.com\/sk\/#website"},"primaryImageOfPage":{"@id":"https:\/\/transfereurope.com\/sk\/transfer-z-drazdan-do-brna\/#primaryimage"},"image":{"@id":"https:\/\/transfereurope.com\/sk\/transfer-z-drazdan-do-brna\/#primaryimage"},"thumbnailUrl":"https:\/\/transfereurope.com\/wp-content\/uploads\/2025\/08\/Europe-Destinations-Transfers-1858-10-1.jpg","datePublished":"2025-08-05T23:42:34+00:00","description":"\u0160of\u00e9rujte z Dr\u00e1\u017e\u010fan do Brna s vodi\u010dom. Objednajte si online prevod Dr\u00e1\u017e\u010fany - Brno na Transfer Europe \u2714Ve\u013ek\u00fd vozov\u00fd park \u2714VIP taxi \u2714Bezpe\u010dn\u00e1 platba \u260e+421 951 460 615","breadcrumb":{"@id":"https:\/\/transfereurope.com\/sk\/transfer-z-drazdan-do-brna\/#breadcrumb"},"inLanguage":"sk-SK","potentialAction":[{"@type":"ReadAction","target":["https:\/\/transfereurope.com\/sk\/transfer-z-drazdan-do-brna\/"]}]},{"@type":"ImageObject","inLanguage":"sk-SK","@id":"https:\/\/transfereurope.com\/sk\/transfer-z-drazdan-do-brna\/#primaryimage","url":"https:\/\/transfereurope.com\/wp-content\/uploads\/2025\/08\/Europe-Destinations-Transfers-1858-10-1.jpg","contentUrl":"https:\/\/transfereurope.com\/wp-content\/uploads\/2025\/08\/Europe-Destinations-Transfers-1858-10-1.jpg","width":1500,"height":2000},{"@type":"BreadcrumbList","@id":"https:\/\/transfereurope.com\/sk\/transfer-z-drazdan-do-brna\/#breadcrumb","itemListElement":[{"@type":"ListItem","position":1,"name":"Home","item":"https:\/\/transfereurope.com\/sk\/"},{"@type":"ListItem","position":2,"name":"Transfer z Dr\u00e1\u017e\u010fan do Brna"}]},{"@type":"WebSite","@id":"https:\/\/transfereurope.com\/sk\/#website","url":"https:\/\/transfereurope.com\/sk\/","name":"transfereurope","description":"","publisher":{"@id":"https:\/\/transfereurope.com\/sk\/#organization"},"potentialAction":[{"@type":"SearchAction","target":{"@type":"EntryPoint","urlTemplate":"https:\/\/transfereurope.com\/sk\/?s={search_term_string}"},"query-input":{"@type":"PropertyValueSpecification","valueRequired":true,"valueName":"search_term_string"}}],"inLanguage":"sk-SK"},{"@type":"Organization","@id":"https:\/\/transfereurope.com\/sk\/#organization","name":"transfereurope","url":"https:\/\/transfereurope.com\/sk\/","logo":{"@type":"ImageObject","inLanguage":"sk-SK","@id":"https:\/\/transfereurope.com\/sk\/#\/schema\/logo\/image\/","url":"https:\/\/transfereurope.com\/wp-content\/uploads\/2025\/08\/TRANSFERS-1655.png","contentUrl":"https:\/\/transfereurope.com\/wp-content\/uploads\/2025\/08\/TRANSFERS-1655.png","width":500,"height":274,"caption":"transfereurope"},"image":{"@id":"https:\/\/transfereurope.com\/sk\/#\/schema\/logo\/image\/"}}]}},"_links":{"self":[{"href":"https:\/\/transfereurope.com\/sk\/wp-json\/wp\/v2\/pages\/80271","targetHints":{"allow":["GET"]}}],"collection":[{"href":"https:\/\/transfereurope.com\/sk\/wp-json\/wp\/v2\/pages"}],"about":[{"href":"https:\/\/transfereurope.com\/sk\/wp-json\/wp\/v2\/types\/page"}],"author":[{"embeddable":true,"href":"https:\/\/transfereurope.com\/sk\/wp-json\/wp\/v2\/users\/1"}],"replies":[{"embeddable":true,"href":"https:\/\/transfereurope.com\/sk\/wp-json\/wp\/v2\/comments?post=80271"}],"version-history":[{"count":0,"href":"https:\/\/transfereurope.com\/sk\/wp-json\/wp\/v2\/pages\/80271\/revisions"}],"wp:featuredmedia":[{"embeddable":true,"href":"https:\/\/transfereurope.com\/sk\/wp-json\/wp\/v2\/media\/80272"}],"wp:attachment":[{"href":"https:\/\/transfereurope.com\/sk\/wp-json\/wp\/v2\/media?parent=80271"}],"curies":[{"name":"wp","href":"https:\/\/api.w.org\/{rel}","templated":true}]}}