{"id":80073,"date":"2025-08-05T23:40:48","date_gmt":"2025-08-05T23:40:48","guid":{"rendered":"https:\/\/transfereurope.com\/transfer-z-brnenskeho-letiska-do-brna\/"},"modified":"2025-08-05T23:40:48","modified_gmt":"2025-08-05T23:40:48","slug":"transfer-z-brnenskeho-letiska-do-brna","status":"publish","type":"page","link":"https:\/\/transfereurope.com\/sk\/transfer-z-brnenskeho-letiska-do-brna\/","title":{"rendered":"Transfer z brnensk\u00e9ho letiska do Brna"},"content":{"rendered":"\n<div id=\"t4-masthead\" class=\"t4-section  t4-masthead\">\n<div class=\"t4-col text-center\">\n<div class=\"ja-masthead\" >\n<div class=\"ja-masthead-detail\">\n<h1 class=\"ja-masthead-title\">Transfer z brnensk\u00e9ho letiska do Brna<\/h1>\n<p>                 <!---->            <\/p>\n<div class=\"block-breadcrumb\">                       <\/div>\n<\/p><\/div>\n<\/p><\/div>\n<pre><\/pre>\n<\/div>\n<\/div>\n<div id=\"t4-main-body\" class=\"t4-section  t4-main-body\" role=\"main body\">\n<div class=\"t4-section-inner container\">\n<div class=\"t4-row row\">\n<div class=\"t4-col col-12 col-xl\">\n<div id=\"system-message-container\"> \t<\/div>\n<div class=\"com-content-article item-page view-tour-detail\">\n<div class=\"tour-top-info clearfix\">\n<div class=\"pull-left\">\n<div class=\"category-article-dot\">\n<div class=\"category-name\"> \t\t\t\t\t<a href=\"\/sk\/destinacie\/brno\" itemprop=\"genre\">Brno Osobn\u00e1 preprava<\/a> \t\t\t\t<\/div>\n<\/p><\/div>\n<\/p><\/div>\n<div class=\"pull-right\">\n<div class=\"text-danger tour-price\"> \t\t\t\t\t\t<a href=\"\/sk\/rezervovat-transfer\">Rezervova\u0165<\/a><\/div>\n<\/p><\/div>\n<\/p><\/div>\n<p>  \t <!--\t-->  \t<\/p>\n<div class=\"vm-product-container\">\n<figure class=\"pull-left item-image\">\n<div class=\"main-image\"> \t\t<a title=\"Brno Airport to Brno City Transfer Service\" rel='vm-additional-images' href=\"\/images\/virtuemart\/product\/Europe Destinations Transfers (1)89.jpg\"><img decoding=\"async\"  loading=\"lazy\"  src=\"\/wp-content\/uploads\/2025\/08\/Europe-Destinations-Transfers-189-2.jpg\"  alt=\"Brno Airport to Brno City Transfer Service\"  \/><\/a>\t\t<\/p>\n<div class=\"clear\"><\/div>\n<\/p><\/div>\n<\/figure>\n<div class=\"vm-product-details-container\">\n<div class=\"spacer-buy-area\">    \t\t \t\t<\/div>\n<\/p><\/div>\n<div class=\"clear\"><\/div>\n<\/p><\/div>\n<div class=\"product-description\" >\n<div class=\"book-now mt-5\" style=\"text-align: left;\">\n<p>Po pr\u00edlete na letisko v Brne sa pohodlne odveziete do centra mesta v\u010faka na\u0161ej \u0161pi\u010dkovej dopravnej slu\u017ebe. V spolo\u010dnosti Brno Airport to Brno City Transfer sa \u0161pecializujeme na poskytovanie \u0161pi\u010dkov\u00fdch dopravn\u00fdch rie\u0161en\u00ed pre cestuj\u00facich, ako ste vy, a zabezpe\u010dujeme bezprobl\u00e9mov\u00fd a pohodln\u00fd transfer.<\/p>\n<p style=\"text-align: center;\"><a class=\"btn btn-primary\" href=\"\/sk\/rezervovat-transfer-z-na-letisko\">Rezervova\u0165<\/a><\/p>\n<h2 style=\"text-align: center;\"><strong>Pre\u010do si vybra\u0165 na\u0161u slu\u017ebu transferu z letiska Brno do mesta Brno?<\/strong><\/h2>\n<ul>\n<li><strong>Slu\u017eby s\u00fakromn\u00fdch vodi\u010dov:<\/strong> Na\u0161i sk\u00fasen\u00ed a profesion\u00e1lni s\u00fakromn\u00ed vodi\u010di sa postaraj\u00fa o to, aby va\u0161a cesta z letiska v Brne do mesta prebehla \u010do najhlad\u0161ie. Dobre sa vyznaj\u00fa v miestnej oblasti a po\u010das celej jazdy sa staraj\u00fa o va\u0161u bezpe\u010dnos\u0165 a pohodlie.<\/li>\n<li><strong>Dokonalos\u0165 pren\u00e1jmu auta:<\/strong> Sme hrd\u00ed na n\u00e1\u0161 rozsiahly vozov\u00fd park dobre udr\u017eiavan\u00fdch, pohodln\u00fdch a spo\u013eahliv\u00fdch vozidiel. \u010ci u\u017e cestujete sami alebo so skupinou, m\u00e1me pre v\u00e1s dokonal\u00e9 vozidlo, ktor\u00e9 vyhovie va\u0161im potreb\u00e1m. S na\u0161ou slu\u017ebou pren\u00e1jmu auta si m\u00f4\u017eete vychutna\u0165 cestu z letiska do mesta Brno bez stresu.<\/li>\n<li><strong>Pohodln\u00e1 preprava:<\/strong> Ch\u00e1peme, \u017ee \u010das je ve\u013emi d\u00f4le\u017eit\u00fd, a na\u0161\u00edm prvorad\u00fdm cie\u013eom je dosta\u0165 v\u00e1s do cie\u013ea okam\u017eite. S na\u0161imi prepravn\u00fdmi slu\u017ebami sa m\u00f4\u017eete spo\u013eahn\u00fa\u0165 na presnos\u0165 a efekt\u00edvnos\u0165, v\u010faka \u010domu bude v\u00e1\u0161 pr\u00edchod do Brna bezprobl\u00e9mov\u00fdm z\u00e1\u017eitkom.<\/li>\n<li><strong>Personalizovan\u00e9 slu\u017eby:<\/strong> Na\u0161e slu\u017eby prisp\u00f4sobujeme va\u0161im \u0161pecifick\u00fdm po\u017eiadavk\u00e1m. \u010ci u\u017e potrebujete r\u00fdchly a efekt\u00edvny transfer, alebo d\u00e1vate prednos\u0165 pokojnej\u0161ej jazde, postar\u00e1me sa o v\u00e1s. Va\u0161e pohodlie a spokojnos\u0165 s\u00fa na\u0161imi hlavn\u00fdmi prioritami.<\/li>\n<li><strong>Cenovo dostupn\u00e9 a transparentn\u00e9 ceny:<\/strong> Na\u0161e konkurencieschopn\u00e9 ceny v\u00e1m zaru\u010dia, \u017ee za svoje peniaze dostanete najlep\u0161iu hodnotu. N\u00e1klady budete pozna\u0165 vopred, bez skryt\u00fdch poplatkov a prekvapen\u00ed, \u010do v\u00e1m u\u013eah\u010d\u00ed zostavenie rozpo\u010dtu na prepravu z letiska Brno do mesta Brno.<\/li>\n<\/ul>\n<h2 style=\"text-align: center;\">\u00a0<\/h2>\n<h2 style=\"text-align: center;\"><strong>Rezerv\u00e1cia transferu z letiska Brno do mesta Brno\u00a0<\/strong><\/h2>\n<p>V spolo\u010dnosti Brno Airport to Brno City Transfer sa sna\u017e\u00edme poskytova\u0165 \u0161pi\u010dkov\u00e9 dopravn\u00e9 slu\u017eby, ktor\u00e9 v\u00e1m spr\u00edjemnia cestovanie. Dovo\u013ete n\u00e1m, aby sme boli va\u0161ou preferovanou vo\u013ebou pre transfery z letiska, pren\u00e1jom automobilov a slu\u017eby s\u00fakromn\u00e9ho vodi\u010da v Brne. Te\u0161\u00edme sa, \u017ee v\u00e1m budeme m\u00f4c\u0165 sl\u00fa\u017ei\u0165 a spr\u00edjemn\u00edme v\u00e1m cestu do mesta. Rezervujte si u n\u00e1s prepravu e\u0161te dnes!<\/p>\n<p style=\"text-align: center;\"><a class=\"btn btn-primary\" href=\"\/sk\/rezervovat-transfer-z-na-letisko\">Rezervova\u0165<\/a><\/p>\n<h2 style=\"text-align: center;\"><b>Ako sa dosta\u0165 z letiska Brno do mesta Brno<\/b><\/h2>\n<p>Ak sa chyst\u00e1te na v\u00fdlet do pulzuj\u00faceho mesta Brno, prv\u00fdm krokom je zabezpe\u010di\u0165 hladk\u00fa a pohodln\u00fa cestu z letiska do centra mesta. Tu je n\u00e1vod, ako sa m\u00f4\u017eete bez probl\u00e9mov dosta\u0165 z letiska Brno do mesta Brno:<\/p>\n<h3>Letiskov\u00e1 kyvadlov\u00e1 doprava<\/h3>\n<p>Jedn\u00fdm z najpohodlnej\u0161\u00edch sp\u00f4sobov, ako sa dosta\u0165 z letiska do Brna, je vyu\u017ei\u0165 letiskov\u00fa kyvadlov\u00fa dopravu. Letisko Brno pon\u00faka pravideln\u00e9 kyvadlov\u00e9 autobusy, ktor\u00e9 poskytuj\u00fa cenovo v\u00fdhodn\u00fa a jednoduch\u00fa mo\u017enos\u0165 dopravy. Tieto kyvadlov\u00e9 autobusy v\u00e1s zvy\u010dajne vysadia na k\u013e\u00fa\u010dov\u00fdch miestach v meste, \u010do v\u00e1m u\u013eah\u010d\u00ed pr\u00edstup k cie\u013eu va\u0161ej cesty.<\/p>\n<h3>Taxislu\u017eba<\/h3>\n<p>Na brnianskom letisku s\u00fa \u013eahko dostupn\u00e9 tax\u00edky. \u013dahko ich n\u00e1jdete pred termin\u00e1lom. Tax\u00edky poskytuj\u00fa slu\u017eby od dver\u00ed k dver\u00e1m, v\u010faka \u010domu sa \u013eahko dostanete do cie\u013ea. Pred za\u010dat\u00edm cesty si nezabudnite skontrolova\u0165 ceny a potvrdi\u0165 cestovn\u00e9 s vodi\u010dom.<\/p>\n<p>\u00a0<\/p>\n<h3>Pren\u00e1jom \u00e1ut<\/h3>\n<p>Pre cestuj\u00facich, ktor\u00ed uprednost\u0148uj\u00fa flexibilitu a nez\u00e1vislos\u0165, je pren\u00e1jom auta na letisku Brno ob\u013e\u00fabenou vo\u013ebou. Na letisku p\u00f4sobia r\u00f4zne po\u017ei\u010dovne \u00e1ut, ktor\u00e9 pon\u00fakaj\u00fa \u0161irok\u00fa \u0161k\u00e1lu vozidiel pod\u013ea va\u0161ich potrieb. T\u00e1to mo\u017enos\u0165 v\u00e1m umo\u017en\u00ed presk\u00fama\u0165 Brno a jeho okolie vlastn\u00fdm tempom.<\/p>\n<h3>Slu\u017eby s\u00fakromn\u00e9ho transferu<\/h3>\n<p>Ak h\u013ead\u00e1te pohodln\u00e9 a individu\u00e1lne rie\u0161enie prepravy, k dispoz\u00edcii s\u00fa slu\u017eby s\u00fakromn\u00e9ho transferu. M\u00f4\u017eete si vopred objedna\u0165 s\u00fakromn\u00e9ho vodi\u010da alebo auto so \u0161of\u00e9rom, \u010d\u00edm si zabezpe\u010d\u00edte bezprobl\u00e9mov\u00fa cestu z letiska do cie\u013ea v Brne. T\u00e1to mo\u017enos\u0165 je ide\u00e1lna pre t\u00fdch, ktor\u00ed si cenia s\u00fakromie a pohodlie.<\/p>\n<h3>Verejn\u00e1 doprava<\/h3>\n<p>Letisko Brno je dobre napojen\u00e9 na sie\u0165 mestskej hromadnej dopravy. Z letiska sa m\u00f4\u017eete dosta\u0165 autobusom do r\u00f4znych \u010dast\u00ed mesta. Nezabudnite si pozrie\u0165 cestovn\u00e9 poriadky a trasy autobusov, aby ste na\u0161li ten, ktor\u00fd vyhovuje va\u0161im potreb\u00e1m.<\/p>\n<p style=\"text-align: center;\"><a class=\"btn btn-primary\" href=\"\/sk\/rezervovat-transfer-z-na-letisko\">Rezervova\u0165<\/a><\/p>\n<p style=\"text-align: left;\">Cesta z letiska Brno do mesta Brno je jednoduch\u00e1 v\u010faka viacer\u00fdm mo\u017enostiam dopravy. Vyberte si t\u00fa, ktor\u00e1 najlep\u0161ie vyhovuje va\u0161im preferenci\u00e1m, rozpo\u010dtu a \u010dasov\u00e9mu rozvrhu, a za\u010dnite svoju n\u00e1v\u0161tevu Brna tou spr\u00e1vnou nohou. U\u017eite si pobyt v tomto kr\u00e1snom meste!<\/p>\n<\/p><\/div>\n<\/p><\/div>\n<div class=\"product-price-container\">\n<div class=\"sale-price\"> \t\t<\/div>\n<\/p><\/div>\n<div class=\"options\"><\/div>\n<div> \t\t<\/div>\n<p>   \t        <script type=\"text\/javascript\" ><\/script>  <script type=\"text\/javascript\" ><\/script> <script type=\"text\/javascript\" ><\/script>  <script type=\"text\/javascript\" ><\/script> <script type=\"text\/javascript\" ><\/script> <script type=\"text\/javascript\" ><\/script> <script type=\"text\/javascript\" ><\/script> <\/div>\n<p> \t\t<!-- \u041f\u043b\u0430\u0433\u0438\u043d \u0440\u0435\u0439\u0442\u0438\u043d\u0433\u0430 --> <\/p>\n<div class=\"vrvote-body\">\n<ul class=\"vrvote-ul\">\n<li id=\"rating_50\" class=\"current-rating\" style=\"width:97.37%;\"><\/li>\n<li> \t\t\t\t\t\t<a class=\"vr-one-star\" onclick=\"javascript:JSVRvote(50,1,185,38,0)\" href=\"javascript:void(null)\">1<\/a> \t\t\t\t\t<\/li>\n<li> \t\t\t\t\t\t<a class=\"vr-two-stars\" onclick=\"javascript:JSVRvote(50,2,185,38,0)\" href=\"javascript:void(null)\">2<\/a> \t\t\t\t\t<\/li>\n<li> \t\t\t\t\t\t<a class=\"vr-three-stars\" onclick=\"javascript:JSVRvote(50,3,185,38,0)\" href=\"javascript:void(null)\">3<\/a> \t\t\t\t\t<\/li>\n<li> \t\t\t\t\t\t<a class=\"vr-four-stars\" onclick=\"javascript:JSVRvote(50,4,185,38,0)\" href=\"javascript:void(null)\">4<\/a> \t\t\t\t\t<\/li>\n<li> \t\t\t\t\t\t<a class=\"vr-five-stars\" onclick=\"javascript:JSVRvote(50,5,185,38,0)\" href=\"javascript:void(null)\">5<\/a> \t\t\t\t\t<\/li>\n<\/ul><\/div>\n<p> \t\t\t<span id=\"vrvote_50\" class=\"vrvote-count\"><small><\/small><\/span>\t<\/span><script type=\"application\/ld+json\"><\/script>   <\/div>\n<div class=\"t4-col sidebar-r col-12 col-xl-4\">\n<div class=\"t4-module module\" id=\"Mod306\">\n<div class=\"module-inner\">\n<div class=\"module-ct\">\n<div class=\"bannergroup\">\n<div class=\"banneritem\"> \t\t\t\t\t\t\t\t\t\t\t\t\t\t\t\t\t\t\t\t\t\t\t\t\t\t\t\t\t\t\t\t\t\t\t\t\t\t\t\t\t\t\t\t\t\t\t\t\t\t<img \t\t\t\t\t\tsrc=\"\/wp-content\/uploads\/2025\/08\/banner-transfer-europe-sk-434.png\" \t\t\t\t\t\talt=\"Banner-sk\" \t\t\t\t\t\t\t\t\t\t\t\t\t\t\t\t\t\/> \t\t\t\t\t\t\t\t\t\t\t<\/p>\n<div class=\"clr\"><\/div>\n<\/p><\/div>\n<\/p><\/div>\n<\/p><\/div>\n<\/div>\n<\/div><\/div>\n<\/p><\/div>\n<\/div><\/div>\n<div id=\"t4-section-8\" class=\"t4-section  t4-section-8  section-border-top\" role=\"section-8\">\n<div class=\"bg-overlay bg-overlay-image\">&nbsp;<\/div>\n<\/p><\/div>\n<p>  <a href='javascript:' id='back-to-top'><i class='fa fa-chevron-up'><\/i><\/a>                <\/p>\n","protected":false},"excerpt":{"rendered":"<p>Transfer z brnensk\u00e9ho letiska do Brna Brno Osobn\u00e1 preprava Rezervova\u0165 Po pr\u00edlete na letisko v Brne sa pohodlne odveziete do centra mesta v\u010faka na\u0161ej \u0161pi\u010dkovej dopravnej slu\u017ebe. V spolo\u010dnosti Brno Airport to Brno City Transfer sa \u0161pecializujeme na poskytovanie \u0161pi\u010dkov\u00fdch dopravn\u00fdch rie\u0161en\u00ed pre cestuj\u00facich, ako ste vy, a zabezpe\u010dujeme bezprobl\u00e9mov\u00fd a pohodln\u00fd transfer. Rezervova\u0165 Pre\u010do [&hellip;]<\/p>\n","protected":false},"author":1,"featured_media":80074,"parent":0,"menu_order":0,"comment_status":"closed","ping_status":"closed","template":"","meta":{"footnotes":""},"class_list":["post-80073","page","type-page","status-publish","has-post-thumbnail","hentry"],"yoast_head":"<!-- This site is optimized with the Yoast SEO plugin v25.6 - https:\/\/yoast.com\/wordpress\/plugins\/seo\/ -->\n<title>Transfer z brnensk\u00e9ho letiska do mesta alebo hotela - Transfer Europe<\/title>\n<meta name=\"description\" content=\"Transfer z brnensk\u00e9ho letiska do centra mesta s vodi\u010dom. Zarezervujte si transfer z letiska v Brne do hotela pomocou slu\u017eby Transfer Europe \u2714 Ve\u013ek\u00fd vozov\u00fd park \u2714 Profesion\u00e1lni vodi\u010di \u260e + 421 951 460 615.\" \/>\n<meta name=\"robots\" content=\"index, follow, max-snippet:-1, max-image-preview:large, max-video-preview:-1\" \/>\n<link rel=\"canonical\" href=\"https:\/\/transfereurope.com\/sk\/transfer-z-brnenskeho-letiska-do-brna\/\" \/>\n<meta property=\"og:locale\" content=\"sk_SK\" \/>\n<meta property=\"og:type\" content=\"article\" \/>\n<meta property=\"og:title\" content=\"Transfer z brnensk\u00e9ho letiska do mesta alebo hotela - Transfer Europe\" \/>\n<meta property=\"og:description\" content=\"Transfer z brnensk\u00e9ho letiska do centra mesta s vodi\u010dom. Zarezervujte si transfer z letiska v Brne do hotela pomocou slu\u017eby Transfer Europe \u2714 Ve\u013ek\u00fd vozov\u00fd park \u2714 Profesion\u00e1lni vodi\u010di \u260e + 421 951 460 615.\" \/>\n<meta property=\"og:url\" content=\"https:\/\/transfereurope.com\/sk\/transfer-z-brnenskeho-letiska-do-brna\/\" \/>\n<meta property=\"og:site_name\" content=\"transfereurope\" \/>\n<meta property=\"og:image\" content=\"https:\/\/transfereurope.com\/wp-content\/uploads\/2025\/08\/Europe-Destinations-Transfers-189-2-1.jpg\" \/>\n\t<meta property=\"og:image:width\" content=\"1500\" \/>\n\t<meta property=\"og:image:height\" content=\"2000\" \/>\n\t<meta property=\"og:image:type\" content=\"image\/jpeg\" \/>\n<meta name=\"twitter:card\" content=\"summary_large_image\" \/>\n<meta name=\"twitter:label1\" content=\"Predpokladan\u00fd \u010das \u010d\u00edtania\" \/>\n\t<meta name=\"twitter:data1\" content=\"4 min\u00faty\" \/>\n<script type=\"application\/ld+json\" class=\"yoast-schema-graph\">{\"@context\":\"https:\/\/schema.org\",\"@graph\":[{\"@type\":\"WebPage\",\"@id\":\"https:\/\/transfereurope.com\/sk\/transfer-z-brnenskeho-letiska-do-brna\/\",\"url\":\"https:\/\/transfereurope.com\/sk\/transfer-z-brnenskeho-letiska-do-brna\/\",\"name\":\"Transfer z brnensk\u00e9ho letiska do mesta alebo hotela - Transfer Europe\",\"isPartOf\":{\"@id\":\"https:\/\/transfereurope.com\/sk\/#website\"},\"primaryImageOfPage\":{\"@id\":\"https:\/\/transfereurope.com\/sk\/transfer-z-brnenskeho-letiska-do-brna\/#primaryimage\"},\"image\":{\"@id\":\"https:\/\/transfereurope.com\/sk\/transfer-z-brnenskeho-letiska-do-brna\/#primaryimage\"},\"thumbnailUrl\":\"https:\/\/transfereurope.com\/wp-content\/uploads\/2025\/08\/Europe-Destinations-Transfers-189-2-1.jpg\",\"datePublished\":\"2025-08-05T23:40:48+00:00\",\"description\":\"Transfer z brnensk\u00e9ho letiska do centra mesta s vodi\u010dom. Zarezervujte si transfer z letiska v Brne do hotela pomocou slu\u017eby Transfer Europe \u2714 Ve\u013ek\u00fd vozov\u00fd park \u2714 Profesion\u00e1lni vodi\u010di \u260e + 421 951 460 615.\",\"breadcrumb\":{\"@id\":\"https:\/\/transfereurope.com\/sk\/transfer-z-brnenskeho-letiska-do-brna\/#breadcrumb\"},\"inLanguage\":\"sk-SK\",\"potentialAction\":[{\"@type\":\"ReadAction\",\"target\":[\"https:\/\/transfereurope.com\/sk\/transfer-z-brnenskeho-letiska-do-brna\/\"]}]},{\"@type\":\"ImageObject\",\"inLanguage\":\"sk-SK\",\"@id\":\"https:\/\/transfereurope.com\/sk\/transfer-z-brnenskeho-letiska-do-brna\/#primaryimage\",\"url\":\"https:\/\/transfereurope.com\/wp-content\/uploads\/2025\/08\/Europe-Destinations-Transfers-189-2-1.jpg\",\"contentUrl\":\"https:\/\/transfereurope.com\/wp-content\/uploads\/2025\/08\/Europe-Destinations-Transfers-189-2-1.jpg\",\"width\":1500,\"height\":2000},{\"@type\":\"BreadcrumbList\",\"@id\":\"https:\/\/transfereurope.com\/sk\/transfer-z-brnenskeho-letiska-do-brna\/#breadcrumb\",\"itemListElement\":[{\"@type\":\"ListItem\",\"position\":1,\"name\":\"Home\",\"item\":\"https:\/\/transfereurope.com\/sk\/\"},{\"@type\":\"ListItem\",\"position\":2,\"name\":\"Transfer z brnensk\u00e9ho letiska do Brna\"}]},{\"@type\":\"WebSite\",\"@id\":\"https:\/\/transfereurope.com\/sk\/#website\",\"url\":\"https:\/\/transfereurope.com\/sk\/\",\"name\":\"transfereurope\",\"description\":\"\",\"publisher\":{\"@id\":\"https:\/\/transfereurope.com\/sk\/#organization\"},\"potentialAction\":[{\"@type\":\"SearchAction\",\"target\":{\"@type\":\"EntryPoint\",\"urlTemplate\":\"https:\/\/transfereurope.com\/sk\/?s={search_term_string}\"},\"query-input\":{\"@type\":\"PropertyValueSpecification\",\"valueRequired\":true,\"valueName\":\"search_term_string\"}}],\"inLanguage\":\"sk-SK\"},{\"@type\":\"Organization\",\"@id\":\"https:\/\/transfereurope.com\/sk\/#organization\",\"name\":\"transfereurope\",\"url\":\"https:\/\/transfereurope.com\/sk\/\",\"logo\":{\"@type\":\"ImageObject\",\"inLanguage\":\"sk-SK\",\"@id\":\"https:\/\/transfereurope.com\/sk\/#\/schema\/logo\/image\/\",\"url\":\"https:\/\/transfereurope.com\/wp-content\/uploads\/2025\/08\/TRANSFERS-1655.png\",\"contentUrl\":\"https:\/\/transfereurope.com\/wp-content\/uploads\/2025\/08\/TRANSFERS-1655.png\",\"width\":500,\"height\":274,\"caption\":\"transfereurope\"},\"image\":{\"@id\":\"https:\/\/transfereurope.com\/sk\/#\/schema\/logo\/image\/\"}}]}<\/script>\n<!-- \/ Yoast SEO plugin. -->","yoast_head_json":{"title":"Transfer z brnensk\u00e9ho letiska do mesta alebo hotela - Transfer Europe","description":"Transfer z brnensk\u00e9ho letiska do centra mesta s vodi\u010dom. Zarezervujte si transfer z letiska v Brne do hotela pomocou slu\u017eby Transfer Europe \u2714 Ve\u013ek\u00fd vozov\u00fd park \u2714 Profesion\u00e1lni vodi\u010di \u260e + 421 951 460 615.","robots":{"index":"index","follow":"follow","max-snippet":"max-snippet:-1","max-image-preview":"max-image-preview:large","max-video-preview":"max-video-preview:-1"},"canonical":"https:\/\/transfereurope.com\/sk\/transfer-z-brnenskeho-letiska-do-brna\/","og_locale":"sk_SK","og_type":"article","og_title":"Transfer z brnensk\u00e9ho letiska do mesta alebo hotela - Transfer Europe","og_description":"Transfer z brnensk\u00e9ho letiska do centra mesta s vodi\u010dom. Zarezervujte si transfer z letiska v Brne do hotela pomocou slu\u017eby Transfer Europe \u2714 Ve\u013ek\u00fd vozov\u00fd park \u2714 Profesion\u00e1lni vodi\u010di \u260e + 421 951 460 615.","og_url":"https:\/\/transfereurope.com\/sk\/transfer-z-brnenskeho-letiska-do-brna\/","og_site_name":"transfereurope","og_image":[{"width":1500,"height":2000,"url":"https:\/\/transfereurope.com\/wp-content\/uploads\/2025\/08\/Europe-Destinations-Transfers-189-2-1.jpg","type":"image\/jpeg"}],"twitter_card":"summary_large_image","twitter_misc":{"Predpokladan\u00fd \u010das \u010d\u00edtania":"4 min\u00faty"},"schema":{"@context":"https:\/\/schema.org","@graph":[{"@type":"WebPage","@id":"https:\/\/transfereurope.com\/sk\/transfer-z-brnenskeho-letiska-do-brna\/","url":"https:\/\/transfereurope.com\/sk\/transfer-z-brnenskeho-letiska-do-brna\/","name":"Transfer z brnensk\u00e9ho letiska do mesta alebo hotela - Transfer Europe","isPartOf":{"@id":"https:\/\/transfereurope.com\/sk\/#website"},"primaryImageOfPage":{"@id":"https:\/\/transfereurope.com\/sk\/transfer-z-brnenskeho-letiska-do-brna\/#primaryimage"},"image":{"@id":"https:\/\/transfereurope.com\/sk\/transfer-z-brnenskeho-letiska-do-brna\/#primaryimage"},"thumbnailUrl":"https:\/\/transfereurope.com\/wp-content\/uploads\/2025\/08\/Europe-Destinations-Transfers-189-2-1.jpg","datePublished":"2025-08-05T23:40:48+00:00","description":"Transfer z brnensk\u00e9ho letiska do centra mesta s vodi\u010dom. Zarezervujte si transfer z letiska v Brne do hotela pomocou slu\u017eby Transfer Europe \u2714 Ve\u013ek\u00fd vozov\u00fd park \u2714 Profesion\u00e1lni vodi\u010di \u260e + 421 951 460 615.","breadcrumb":{"@id":"https:\/\/transfereurope.com\/sk\/transfer-z-brnenskeho-letiska-do-brna\/#breadcrumb"},"inLanguage":"sk-SK","potentialAction":[{"@type":"ReadAction","target":["https:\/\/transfereurope.com\/sk\/transfer-z-brnenskeho-letiska-do-brna\/"]}]},{"@type":"ImageObject","inLanguage":"sk-SK","@id":"https:\/\/transfereurope.com\/sk\/transfer-z-brnenskeho-letiska-do-brna\/#primaryimage","url":"https:\/\/transfereurope.com\/wp-content\/uploads\/2025\/08\/Europe-Destinations-Transfers-189-2-1.jpg","contentUrl":"https:\/\/transfereurope.com\/wp-content\/uploads\/2025\/08\/Europe-Destinations-Transfers-189-2-1.jpg","width":1500,"height":2000},{"@type":"BreadcrumbList","@id":"https:\/\/transfereurope.com\/sk\/transfer-z-brnenskeho-letiska-do-brna\/#breadcrumb","itemListElement":[{"@type":"ListItem","position":1,"name":"Home","item":"https:\/\/transfereurope.com\/sk\/"},{"@type":"ListItem","position":2,"name":"Transfer z brnensk\u00e9ho letiska do Brna"}]},{"@type":"WebSite","@id":"https:\/\/transfereurope.com\/sk\/#website","url":"https:\/\/transfereurope.com\/sk\/","name":"transfereurope","description":"","publisher":{"@id":"https:\/\/transfereurope.com\/sk\/#organization"},"potentialAction":[{"@type":"SearchAction","target":{"@type":"EntryPoint","urlTemplate":"https:\/\/transfereurope.com\/sk\/?s={search_term_string}"},"query-input":{"@type":"PropertyValueSpecification","valueRequired":true,"valueName":"search_term_string"}}],"inLanguage":"sk-SK"},{"@type":"Organization","@id":"https:\/\/transfereurope.com\/sk\/#organization","name":"transfereurope","url":"https:\/\/transfereurope.com\/sk\/","logo":{"@type":"ImageObject","inLanguage":"sk-SK","@id":"https:\/\/transfereurope.com\/sk\/#\/schema\/logo\/image\/","url":"https:\/\/transfereurope.com\/wp-content\/uploads\/2025\/08\/TRANSFERS-1655.png","contentUrl":"https:\/\/transfereurope.com\/wp-content\/uploads\/2025\/08\/TRANSFERS-1655.png","width":500,"height":274,"caption":"transfereurope"},"image":{"@id":"https:\/\/transfereurope.com\/sk\/#\/schema\/logo\/image\/"}}]}},"_links":{"self":[{"href":"https:\/\/transfereurope.com\/sk\/wp-json\/wp\/v2\/pages\/80073","targetHints":{"allow":["GET"]}}],"collection":[{"href":"https:\/\/transfereurope.com\/sk\/wp-json\/wp\/v2\/pages"}],"about":[{"href":"https:\/\/transfereurope.com\/sk\/wp-json\/wp\/v2\/types\/page"}],"author":[{"embeddable":true,"href":"https:\/\/transfereurope.com\/sk\/wp-json\/wp\/v2\/users\/1"}],"replies":[{"embeddable":true,"href":"https:\/\/transfereurope.com\/sk\/wp-json\/wp\/v2\/comments?post=80073"}],"version-history":[{"count":0,"href":"https:\/\/transfereurope.com\/sk\/wp-json\/wp\/v2\/pages\/80073\/revisions"}],"wp:featuredmedia":[{"embeddable":true,"href":"https:\/\/transfereurope.com\/sk\/wp-json\/wp\/v2\/media\/80074"}],"wp:attachment":[{"href":"https:\/\/transfereurope.com\/sk\/wp-json\/wp\/v2\/media?parent=80073"}],"curies":[{"name":"wp","href":"https:\/\/api.w.org\/{rel}","templated":true}]}}