{"id":79875,"date":"2025-08-05T23:38:51","date_gmt":"2025-08-05T23:38:51","guid":{"rendered":"https:\/\/transfereurope.com\/transfer-z-brna-do-bratislavy\/"},"modified":"2025-08-05T23:38:51","modified_gmt":"2025-08-05T23:38:51","slug":"transfer-z-brna-do-bratislavy","status":"publish","type":"page","link":"https:\/\/transfereurope.com\/sk\/transfer-z-brna-do-bratislavy\/","title":{"rendered":"Transfer z Brna do Bratislavy"},"content":{"rendered":"\n<div id=\"t4-masthead\" class=\"t4-section  t4-masthead\">\n<div class=\"t4-col text-center\">\n<div class=\"ja-masthead\" >\n<div class=\"ja-masthead-detail\">\n<h1 class=\"ja-masthead-title\">Transfer z Brna do Bratislavy<\/h1>\n<p>                 <!---->            <\/p>\n<div class=\"block-breadcrumb\">                       <\/div>\n<\/p><\/div>\n<\/p><\/div>\n<pre><\/pre>\n<\/div>\n<\/div>\n<div id=\"t4-main-body\" class=\"t4-section  t4-main-body\" role=\"main body\">\n<div class=\"t4-section-inner container\">\n<div class=\"t4-row row\">\n<div class=\"t4-col col-12 col-xl\">\n<div id=\"system-message-container\"> \t<\/div>\n<p>       <script type=\"text\/javascript\" ><\/script> <\/p>\n<div class=\"com-content-article item-page view-tour-detail\">\n<div class=\"tour-top-info clearfix\">\n<div class=\"pull-left\">\n<div class=\"category-article-dot\">\n<div class=\"category-name\"> \t\t\t\t\t<a href=\"\/sk\/destinacie\/brno\" itemprop=\"genre\">Brno Osobn\u00e1 preprava<\/a> \t\t\t\t<\/div>\n<\/p><\/div>\n<\/p><\/div>\n<div class=\"pull-right\">\n<div class=\"text-danger tour-price\"> \t\t\t\t\t\t<a href=\"\/sk\/rezervovat-transfer\">Rezervova\u0165<\/a><\/div>\n<\/p><\/div>\n<\/p><\/div>\n<p>  \t <!--\t-->  \t<\/p>\n<div class=\"vm-product-container\">\n<figure class=\"pull-left item-image\">\n<div class=\"main-image\"> \t\t<a title=\"Brno to Bratislava Transfer Service\" rel='vm-additional-images' href=\"\/images\/virtuemart\/product\/Italy Milan Transfers (5)98.jpg\"><img decoding=\"async\"  loading=\"lazy\"  src=\"\/wp-content\/uploads\/2025\/08\/Italy-Milan-Transfers-598-10.jpg\"  alt=\"Brno to Bratislava Transfer Service\"  \/><\/a>\t\t<\/p>\n<div class=\"clear\"><\/div>\n<\/p><\/div>\n<\/figure>\n<div class=\"vm-product-details-container\">\n<div class=\"spacer-buy-area\">    \t\t \t\t<\/div>\n<\/p><\/div>\n<div class=\"clear\"><\/div>\n<\/p><\/div>\n<div class=\"product-description\" >\n<p>Ak potrebujete spo\u013eahliv\u00fd a pohodln\u00fd dopravn\u00fd prostriedok medzi Brnom a Bratislavou, neh\u013eadajte \u010falej. N\u00e1\u0161 pr\u00e9miov\u00fd pren\u00e1jom vozidiel pon\u00faka pohodlie s\u00fakromn\u00e9ho vodi\u010da, ktor\u00fd v\u00e1m bude k dispoz\u00edcii pre bezprobl\u00e9mov\u00fa cestu. Bez oh\u013eadu na to, \u010di cestujete slu\u017eobne alebo na dovolenku, sme odhodlan\u00ed poskytn\u00fa\u0165 v\u00e1m dopravn\u00e9 slu\u017eby najvy\u0161\u0161ej kvality.<\/p>\n<p style=\"text-align: center;\"><a class=\"btn btn-primary\" href=\"\/sk\/rezervovat-transfer\">Rezervova\u0165<\/a><\/p>\n<h2 style=\"text-align: center;\"><strong>Pre\u010do si vybra\u0165 na\u0161e slu\u017eby transferu z Brna do Bratislavy?<\/strong><\/h2>\n<ul>\n<li><strong>Pohodln\u00fd pren\u00e1jom auta:<\/strong> N\u00e1\u0161 vozov\u00fd park dobre udr\u017eiavan\u00fdch vozidiel v\u00e1m zaru\u010d\u00ed \u0161t\u00fdlov\u00e9 a pohodln\u00e9 cestovanie. M\u00f4\u017eete si vybra\u0165 z ponuky vozidiel pod\u013ea va\u0161ich preferenci\u00ed a ve\u013ekosti skupiny.<\/li>\n<li><strong>S\u00fakromn\u00fd vodi\u010d:<\/strong> Va\u0161a bezpe\u010dnos\u0165 a pohodlie s\u00fa na\u0161imi hlavn\u00fdmi prioritami. S na\u0161imi sk\u00fasen\u00fdmi a profesion\u00e1lnymi s\u00fakromn\u00fdmi vodi\u010dmi m\u00f4\u017eete relaxova\u0165 a u\u017e\u00edva\u0165 si cestu s vedom\u00edm, \u017ee ste v dobr\u00fdch ruk\u00e1ch.<\/li>\n<li><strong>Efekt\u00edvnos\u0165 a dochv\u00ed\u013enos\u0165:<\/strong> Ch\u00e1peme hodnotu v\u00e1\u0161ho \u010dasu. Na\u0161e prepravn\u00e9 slu\u017eby s\u00fa navrhnut\u00e9 tak, aby boli presn\u00e9 a efekt\u00edvne, aby ste sa v\u017edy dostali do cie\u013ea na\u010das.<\/li>\n<li><strong>Konkuren\u010dn\u00e9 ceny:<\/strong> Pon\u00fakame prijate\u013en\u00e9 ceny bez toho, aby sme robili kompromisy v kvalite slu\u017eieb. Zist\u00edte, \u017ee na\u0161e slu\u017eby pren\u00e1jmu vozidiel s\u00fa vynikaj\u00facou hodnotou za va\u0161e peniaze.<\/li>\n<li><strong>Slu\u017eby od dver\u00ed k dver\u00e1m:<\/strong> Vyzdvihneme v\u00e1s a vylo\u017e\u00edme na vami preferovan\u00fdch miestach, \u010d\u00edm zabezpe\u010d\u00edme va\u0161e pohodlie od za\u010diatku a\u017e do konca.<\/li>\n<li><strong>Preprava na mieru:<\/strong> Na\u0161a slu\u017eba m\u00f4\u017ee by\u0165 prisp\u00f4soben\u00e1 va\u0161im \u0161pecifick\u00fdm potreb\u00e1m, \u010di u\u017e ide o jednosmern\u00fa cestu, spiato\u010dn\u00fa cestu alebo dokonca viacero zast\u00e1vok po ceste.<\/li>\n<\/ul>\n<h2 style=\"text-align: center;\">\u00a0<\/h2>\n<h2 style=\"text-align: center;\"><strong>Rezerv\u00e1cia transferu z Brna do Bratislavy\u00a0<\/strong><\/h2>\n<p>S transferom z Brna do Bratislavy si m\u00f4\u017eete odd\u00fdchnu\u0165, vychutna\u0165 si scen\u00e9riu alebo sa pripravi\u0165 na \u010fal\u0161ie stretnutie a necha\u0165 stres z dopravy za sebou. Dovo\u013ete n\u00e1m, aby sme sa stali va\u0161\u00edm spo\u013eahliv\u00fdm partnerom pre v\u0161etky va\u0161e potreby v oblasti dopravy medzi Brnom a Bratislavou.<\/p>\n<p>Kontaktujte n\u00e1s e\u0161te dnes a rezervujte si pren\u00e1jom vozidla so s\u00fakromn\u00fdm vodi\u010dom a za\u017eite maxim\u00e1lny komfort a pohodlie na va\u0161ej ceste. Va\u0161a spokojnos\u0165 je na\u0161ou najvy\u0161\u0161ou prioritou a te\u0161\u00edme sa, \u017ee v\u00e1m budeme m\u00f4c\u0165 \u010doskoro sl\u00fa\u017ei\u0165.<\/p>\n<p style=\"text-align: center;\"><a class=\"btn btn-primary\" href=\"\/sk\/rezervovat-transfer\">Rezervova\u0165<\/a><\/p>\n<h2 style=\"text-align: center;\"><b>Ako sa dosta\u0165 z Brna do Bratislavy<\/b><\/h2>\n<p>Cesta z Brna do Bratislavy je jednoduch\u00e1 a m\u00f4\u017eete si vybra\u0165 z viacer\u00fdch mo\u017enost\u00ed dopravy. \u010ci u\u017e cestujete pracovne alebo na dovolenku, tu s\u00fa najbe\u017enej\u0161ie sp\u00f4soby, ako sa na cestu dosta\u0165:<\/p>\n<h3>Automobilom<\/h3>\n<p>Najflexibilnej\u0161ou mo\u017enos\u0165ou je cesta autom z Brna do Bratislavy. Vzdialenos\u0165 medzi t\u00fdmito dvoma mestami je pribli\u017ene 130 kilometrov a cesta trv\u00e1 pribli\u017ene 1,5 a\u017e 2 hodiny. Pre r\u00fdchlu a pohodln\u00fa cestu m\u00f4\u017eete vyu\u017ei\u0165 dia\u013enicu D2. Nezabudnite si skontrolova\u0165 pr\u00edpadn\u00e9 m\u00fdto a v pr\u00edpade potreby si zaobstarajte potrebn\u00e9 dia\u013eni\u010dn\u00e9 zn\u00e1mky.<\/p>\n<h3>Autobusom<\/h3>\n<p>Pravideln\u00fa dopravu medzi Brnom a Bratislavou zabezpe\u010duje nieko\u013eko autobusov\u00fdch spolo\u010dnost\u00ed. Cesta autobusom zvy\u010dajne trv\u00e1 pribli\u017ene 2,5 a\u017e 3 hodiny. Pre bezprobl\u00e9mov\u00fa cestu si m\u00f4\u017eete pozrie\u0165 cestovn\u00e9 poriadky a rezervova\u0165 si l\u00edstky vopred.<\/p>\n<h3>Vlakom<\/h3>\n<p>\u010eal\u0161ou pohodlnou mo\u017enos\u0165ou s\u00fa vlaky. Z brnenskej hlavnej \u017eelezni\u010dnej stanice m\u00f4\u017eete nast\u00fapi\u0165 na vlak na bratislavsk\u00fa hlavn\u00fa stanicu. Cesta vlakom trv\u00e1 pribli\u017ene 2,5 a\u017e 3 hodiny. Nezabudnite si skontrolova\u0165 cestovn\u00e9 poriadky a rezervova\u0165 si l\u00edstky vopred, najm\u00e4 v \u010dase cestovnej \u0161pi\u010dky.<\/p>\n<p>\u00a0<\/p>\n<h3>S\u00fakromn\u00fdm transferom<\/h3>\n<p>Ak si chcete dopria\u0165 pohodln\u00fd a individu\u00e1lny z\u00e1\u017eitok, zv\u00e1\u017ete pren\u00e1jom s\u00fakromnej prepravnej slu\u017eby. S\u00fakromn\u00ed vodi\u010di v\u00e1s m\u00f4\u017eu vyzdvihn\u00fa\u0165 v Brne a odviez\u0165 priamo do cie\u013ea v Bratislave, \u010d\u00edm v\u00e1m pon\u00faknu pohodln\u00fa cestu bez stresu.<\/p>\n<h3>Leteckou dopravou<\/h3>\n<p>Ak sa pon\u00e1h\u013eate, z letiska v Brne do Bratislavy lietate denne. Let je r\u00fdchly, ale nezabudnite na \u010das potrebn\u00fd na odbavenie na letisku a bezpe\u010dnostn\u00e9 proced\u00fary. Je to s\u00edce najr\u00fdchlej\u0161ia mo\u017enos\u0165, ale nie v\u017edy najpohodlnej\u0161ia.<\/p>\n<h3>Spolo\u010dn\u00e9 pou\u017e\u00edvanie auta<\/h3>\n<p>M\u00f4\u017eete tie\u017e presk\u00fama\u0165 mo\u017enosti spoluj\u00fazdy, pri ktorej sa o jazdu podel\u00edte s niek\u00fdm, kto cestuje z Brna do Bratislavy. M\u00f4\u017ee to by\u0165 cenovo v\u00fdhodn\u00fd a ekologick\u00fd sp\u00f4sob dopravy.<\/p>\n<p style=\"text-align: center;\"><a class=\"btn btn-primary\" href=\"\/sk\/rezervovat-transfer\">Rezervova\u0165<\/a><\/p>\n<p style=\"text-align: left;\">Pred v\u00fdberom zv\u00e1\u017ete svoje priority: \u010das, n\u00e1klady, pohodlie alebo flexibilitu. Ka\u017ed\u00fd sp\u00f4sob dopravy m\u00e1 svoje v\u00fdhody, preto si vyberte ten, ktor\u00fd najlep\u0161ie vyhovuje va\u0161im potreb\u00e1m a preferenci\u00e1m. Bezpe\u010dn\u00e9 cestovanie!<\/p>\n<\/p><\/div>\n<div class=\"product-price-container\">\n<div class=\"sale-price\"> \t\t<\/div>\n<\/p><\/div>\n<div class=\"options\"><\/div>\n<div> \t\t<\/div>\n<p>   \t  <script type=\"text\/javascript\" ><\/script>  <script type=\"text\/javascript\" ><\/script>  <script type=\"text\/javascript\" ><\/script> <script type=\"text\/javascript\" ><\/script> <script type=\"text\/javascript\" ><\/script> <script type=\"text\/javascript\" ><\/script> <\/div>\n<p> \t\t<!-- \u041f\u043b\u0430\u0433\u0438\u043d \u0440\u0435\u0439\u0442\u0438\u043d\u0433\u0430 --> <\/p>\n<div class=\"vrvote-body\">\n<ul class=\"vrvote-ul\">\n<li id=\"rating_48\" class=\"current-rating\" style=\"width:98.33%;\"><\/li>\n<li> \t\t\t\t\t\t<a class=\"vr-one-star\" onclick=\"javascript:JSVRvote(48,1,177,36,0)\" href=\"javascript:void(null)\">1<\/a> \t\t\t\t\t<\/li>\n<li> \t\t\t\t\t\t<a class=\"vr-two-stars\" onclick=\"javascript:JSVRvote(48,2,177,36,0)\" href=\"javascript:void(null)\">2<\/a> \t\t\t\t\t<\/li>\n<li> \t\t\t\t\t\t<a class=\"vr-three-stars\" onclick=\"javascript:JSVRvote(48,3,177,36,0)\" href=\"javascript:void(null)\">3<\/a> \t\t\t\t\t<\/li>\n<li> \t\t\t\t\t\t<a class=\"vr-four-stars\" onclick=\"javascript:JSVRvote(48,4,177,36,0)\" href=\"javascript:void(null)\">4<\/a> \t\t\t\t\t<\/li>\n<li> \t\t\t\t\t\t<a class=\"vr-five-stars\" onclick=\"javascript:JSVRvote(48,5,177,36,0)\" href=\"javascript:void(null)\">5<\/a> \t\t\t\t\t<\/li>\n<\/ul><\/div>\n<p> \t\t\t<span id=\"vrvote_48\" class=\"vrvote-count\"><small><\/small><\/span>\t<\/span><script type=\"application\/ld+json\"><\/script>   <\/div>\n<div class=\"t4-col sidebar-r col-12 col-xl-4\">\n<div class=\"t4-module module\" id=\"Mod306\">\n<div class=\"module-inner\">\n<div class=\"module-ct\">\n<div class=\"bannergroup\">\n<div class=\"banneritem\"> \t\t\t\t\t\t\t\t\t\t\t\t\t\t\t\t\t\t\t\t\t\t\t\t\t\t\t\t\t\t\t\t\t\t\t\t\t\t\t\t\t\t\t\t\t\t\t\t\t\t<img \t\t\t\t\t\tsrc=\"\/wp-content\/uploads\/2025\/08\/banner-transfer-europe-sk-432.png\" \t\t\t\t\t\talt=\"Banner-sk\" \t\t\t\t\t\t\t\t\t\t\t\t\t\t\t\t\t\/> \t\t\t\t\t\t\t\t\t\t\t<\/p>\n<div class=\"clr\"><\/div>\n<\/p><\/div>\n<\/p><\/div>\n<\/p><\/div>\n<\/div>\n<\/div><\/div>\n<\/p><\/div>\n<\/div><\/div>\n<div id=\"t4-section-8\" class=\"t4-section  t4-section-8  section-border-top\" role=\"section-8\">\n<div class=\"bg-overlay bg-overlay-image\">&nbsp;<\/div>\n<\/p><\/div>\n<p>  <a href='javascript:' id='back-to-top'><i class='fa fa-chevron-up'><\/i><\/a>                <\/p>\n","protected":false},"excerpt":{"rendered":"<p>Transfer z Brna do Bratislavy Brno Osobn\u00e1 preprava Rezervova\u0165 Ak potrebujete spo\u013eahliv\u00fd a pohodln\u00fd dopravn\u00fd prostriedok medzi Brnom a Bratislavou, neh\u013eadajte \u010falej. N\u00e1\u0161 pr\u00e9miov\u00fd pren\u00e1jom vozidiel pon\u00faka pohodlie s\u00fakromn\u00e9ho vodi\u010da, ktor\u00fd v\u00e1m bude k dispoz\u00edcii pre bezprobl\u00e9mov\u00fa cestu. Bez oh\u013eadu na to, \u010di cestujete slu\u017eobne alebo na dovolenku, sme odhodlan\u00ed poskytn\u00fa\u0165 v\u00e1m dopravn\u00e9 slu\u017eby najvy\u0161\u0161ej [&hellip;]<\/p>\n","protected":false},"author":1,"featured_media":79876,"parent":0,"menu_order":0,"comment_status":"closed","ping_status":"closed","template":"","meta":{"footnotes":""},"class_list":["post-79875","page","type-page","status-publish","has-post-thumbnail","hentry"],"yoast_head":"<!-- This site is optimized with the Yoast SEO plugin v25.6 - https:\/\/yoast.com\/wordpress\/plugins\/seo\/ -->\n<title>Transfer z Brna do Bratislavy s vodi\u010dom - Transfer Europe<\/title>\n<meta name=\"description\" content=\"Prenajmite si auto z Brna do Bratislavy so \u0161of\u00e9rom. Zarezervujte si s\u00fakromn\u00fd transfer Brno-Bratislava na Transfer Europe \u2714 Ve\u013ek\u00fd vozov\u00fd park \u2714 Profesion\u00e1lni vodi\u010di \u260e + 421 951 460 615.\" \/>\n<meta name=\"robots\" content=\"index, follow, max-snippet:-1, max-image-preview:large, max-video-preview:-1\" \/>\n<link rel=\"canonical\" href=\"https:\/\/transfereurope.com\/sk\/transfer-z-brna-do-bratislavy\/\" \/>\n<meta property=\"og:locale\" content=\"sk_SK\" \/>\n<meta property=\"og:type\" content=\"article\" \/>\n<meta property=\"og:title\" content=\"Transfer z Brna do Bratislavy s vodi\u010dom - Transfer Europe\" \/>\n<meta property=\"og:description\" content=\"Prenajmite si auto z Brna do Bratislavy so \u0161of\u00e9rom. Zarezervujte si s\u00fakromn\u00fd transfer Brno-Bratislava na Transfer Europe \u2714 Ve\u013ek\u00fd vozov\u00fd park \u2714 Profesion\u00e1lni vodi\u010di \u260e + 421 951 460 615.\" \/>\n<meta property=\"og:url\" content=\"https:\/\/transfereurope.com\/sk\/transfer-z-brna-do-bratislavy\/\" \/>\n<meta property=\"og:site_name\" content=\"transfereurope\" \/>\n<meta property=\"og:image\" content=\"https:\/\/transfereurope.com\/wp-content\/uploads\/2025\/08\/Italy-Milan-Transfers-598-10-1.jpg\" \/>\n\t<meta property=\"og:image:width\" content=\"1500\" \/>\n\t<meta property=\"og:image:height\" content=\"2000\" \/>\n\t<meta property=\"og:image:type\" content=\"image\/jpeg\" \/>\n<meta name=\"twitter:card\" content=\"summary_large_image\" \/>\n<meta name=\"twitter:label1\" content=\"Predpokladan\u00fd \u010das \u010d\u00edtania\" \/>\n\t<meta name=\"twitter:data1\" content=\"4 min\u00faty\" \/>\n<script type=\"application\/ld+json\" class=\"yoast-schema-graph\">{\"@context\":\"https:\/\/schema.org\",\"@graph\":[{\"@type\":\"WebPage\",\"@id\":\"https:\/\/transfereurope.com\/sk\/transfer-z-brna-do-bratislavy\/\",\"url\":\"https:\/\/transfereurope.com\/sk\/transfer-z-brna-do-bratislavy\/\",\"name\":\"Transfer z Brna do Bratislavy s vodi\u010dom - Transfer Europe\",\"isPartOf\":{\"@id\":\"https:\/\/transfereurope.com\/sk\/#website\"},\"primaryImageOfPage\":{\"@id\":\"https:\/\/transfereurope.com\/sk\/transfer-z-brna-do-bratislavy\/#primaryimage\"},\"image\":{\"@id\":\"https:\/\/transfereurope.com\/sk\/transfer-z-brna-do-bratislavy\/#primaryimage\"},\"thumbnailUrl\":\"https:\/\/transfereurope.com\/wp-content\/uploads\/2025\/08\/Italy-Milan-Transfers-598-10-1.jpg\",\"datePublished\":\"2025-08-05T23:38:51+00:00\",\"description\":\"Prenajmite si auto z Brna do Bratislavy so \u0161of\u00e9rom. Zarezervujte si s\u00fakromn\u00fd transfer Brno-Bratislava na Transfer Europe \u2714 Ve\u013ek\u00fd vozov\u00fd park \u2714 Profesion\u00e1lni vodi\u010di \u260e + 421 951 460 615.\",\"breadcrumb\":{\"@id\":\"https:\/\/transfereurope.com\/sk\/transfer-z-brna-do-bratislavy\/#breadcrumb\"},\"inLanguage\":\"sk-SK\",\"potentialAction\":[{\"@type\":\"ReadAction\",\"target\":[\"https:\/\/transfereurope.com\/sk\/transfer-z-brna-do-bratislavy\/\"]}]},{\"@type\":\"ImageObject\",\"inLanguage\":\"sk-SK\",\"@id\":\"https:\/\/transfereurope.com\/sk\/transfer-z-brna-do-bratislavy\/#primaryimage\",\"url\":\"https:\/\/transfereurope.com\/wp-content\/uploads\/2025\/08\/Italy-Milan-Transfers-598-10-1.jpg\",\"contentUrl\":\"https:\/\/transfereurope.com\/wp-content\/uploads\/2025\/08\/Italy-Milan-Transfers-598-10-1.jpg\",\"width\":1500,\"height\":2000},{\"@type\":\"BreadcrumbList\",\"@id\":\"https:\/\/transfereurope.com\/sk\/transfer-z-brna-do-bratislavy\/#breadcrumb\",\"itemListElement\":[{\"@type\":\"ListItem\",\"position\":1,\"name\":\"Home\",\"item\":\"https:\/\/transfereurope.com\/sk\/\"},{\"@type\":\"ListItem\",\"position\":2,\"name\":\"Transfer z Brna do Bratislavy\"}]},{\"@type\":\"WebSite\",\"@id\":\"https:\/\/transfereurope.com\/sk\/#website\",\"url\":\"https:\/\/transfereurope.com\/sk\/\",\"name\":\"transfereurope\",\"description\":\"\",\"publisher\":{\"@id\":\"https:\/\/transfereurope.com\/sk\/#organization\"},\"potentialAction\":[{\"@type\":\"SearchAction\",\"target\":{\"@type\":\"EntryPoint\",\"urlTemplate\":\"https:\/\/transfereurope.com\/sk\/?s={search_term_string}\"},\"query-input\":{\"@type\":\"PropertyValueSpecification\",\"valueRequired\":true,\"valueName\":\"search_term_string\"}}],\"inLanguage\":\"sk-SK\"},{\"@type\":\"Organization\",\"@id\":\"https:\/\/transfereurope.com\/sk\/#organization\",\"name\":\"transfereurope\",\"url\":\"https:\/\/transfereurope.com\/sk\/\",\"logo\":{\"@type\":\"ImageObject\",\"inLanguage\":\"sk-SK\",\"@id\":\"https:\/\/transfereurope.com\/sk\/#\/schema\/logo\/image\/\",\"url\":\"https:\/\/transfereurope.com\/wp-content\/uploads\/2025\/08\/TRANSFERS-1655.png\",\"contentUrl\":\"https:\/\/transfereurope.com\/wp-content\/uploads\/2025\/08\/TRANSFERS-1655.png\",\"width\":500,\"height\":274,\"caption\":\"transfereurope\"},\"image\":{\"@id\":\"https:\/\/transfereurope.com\/sk\/#\/schema\/logo\/image\/\"}}]}<\/script>\n<!-- \/ Yoast SEO plugin. -->","yoast_head_json":{"title":"Transfer z Brna do Bratislavy s vodi\u010dom - Transfer Europe","description":"Prenajmite si auto z Brna do Bratislavy so \u0161of\u00e9rom. Zarezervujte si s\u00fakromn\u00fd transfer Brno-Bratislava na Transfer Europe \u2714 Ve\u013ek\u00fd vozov\u00fd park \u2714 Profesion\u00e1lni vodi\u010di \u260e + 421 951 460 615.","robots":{"index":"index","follow":"follow","max-snippet":"max-snippet:-1","max-image-preview":"max-image-preview:large","max-video-preview":"max-video-preview:-1"},"canonical":"https:\/\/transfereurope.com\/sk\/transfer-z-brna-do-bratislavy\/","og_locale":"sk_SK","og_type":"article","og_title":"Transfer z Brna do Bratislavy s vodi\u010dom - Transfer Europe","og_description":"Prenajmite si auto z Brna do Bratislavy so \u0161of\u00e9rom. Zarezervujte si s\u00fakromn\u00fd transfer Brno-Bratislava na Transfer Europe \u2714 Ve\u013ek\u00fd vozov\u00fd park \u2714 Profesion\u00e1lni vodi\u010di \u260e + 421 951 460 615.","og_url":"https:\/\/transfereurope.com\/sk\/transfer-z-brna-do-bratislavy\/","og_site_name":"transfereurope","og_image":[{"width":1500,"height":2000,"url":"https:\/\/transfereurope.com\/wp-content\/uploads\/2025\/08\/Italy-Milan-Transfers-598-10-1.jpg","type":"image\/jpeg"}],"twitter_card":"summary_large_image","twitter_misc":{"Predpokladan\u00fd \u010das \u010d\u00edtania":"4 min\u00faty"},"schema":{"@context":"https:\/\/schema.org","@graph":[{"@type":"WebPage","@id":"https:\/\/transfereurope.com\/sk\/transfer-z-brna-do-bratislavy\/","url":"https:\/\/transfereurope.com\/sk\/transfer-z-brna-do-bratislavy\/","name":"Transfer z Brna do Bratislavy s vodi\u010dom - Transfer Europe","isPartOf":{"@id":"https:\/\/transfereurope.com\/sk\/#website"},"primaryImageOfPage":{"@id":"https:\/\/transfereurope.com\/sk\/transfer-z-brna-do-bratislavy\/#primaryimage"},"image":{"@id":"https:\/\/transfereurope.com\/sk\/transfer-z-brna-do-bratislavy\/#primaryimage"},"thumbnailUrl":"https:\/\/transfereurope.com\/wp-content\/uploads\/2025\/08\/Italy-Milan-Transfers-598-10-1.jpg","datePublished":"2025-08-05T23:38:51+00:00","description":"Prenajmite si auto z Brna do Bratislavy so \u0161of\u00e9rom. Zarezervujte si s\u00fakromn\u00fd transfer Brno-Bratislava na Transfer Europe \u2714 Ve\u013ek\u00fd vozov\u00fd park \u2714 Profesion\u00e1lni vodi\u010di \u260e + 421 951 460 615.","breadcrumb":{"@id":"https:\/\/transfereurope.com\/sk\/transfer-z-brna-do-bratislavy\/#breadcrumb"},"inLanguage":"sk-SK","potentialAction":[{"@type":"ReadAction","target":["https:\/\/transfereurope.com\/sk\/transfer-z-brna-do-bratislavy\/"]}]},{"@type":"ImageObject","inLanguage":"sk-SK","@id":"https:\/\/transfereurope.com\/sk\/transfer-z-brna-do-bratislavy\/#primaryimage","url":"https:\/\/transfereurope.com\/wp-content\/uploads\/2025\/08\/Italy-Milan-Transfers-598-10-1.jpg","contentUrl":"https:\/\/transfereurope.com\/wp-content\/uploads\/2025\/08\/Italy-Milan-Transfers-598-10-1.jpg","width":1500,"height":2000},{"@type":"BreadcrumbList","@id":"https:\/\/transfereurope.com\/sk\/transfer-z-brna-do-bratislavy\/#breadcrumb","itemListElement":[{"@type":"ListItem","position":1,"name":"Home","item":"https:\/\/transfereurope.com\/sk\/"},{"@type":"ListItem","position":2,"name":"Transfer z Brna do Bratislavy"}]},{"@type":"WebSite","@id":"https:\/\/transfereurope.com\/sk\/#website","url":"https:\/\/transfereurope.com\/sk\/","name":"transfereurope","description":"","publisher":{"@id":"https:\/\/transfereurope.com\/sk\/#organization"},"potentialAction":[{"@type":"SearchAction","target":{"@type":"EntryPoint","urlTemplate":"https:\/\/transfereurope.com\/sk\/?s={search_term_string}"},"query-input":{"@type":"PropertyValueSpecification","valueRequired":true,"valueName":"search_term_string"}}],"inLanguage":"sk-SK"},{"@type":"Organization","@id":"https:\/\/transfereurope.com\/sk\/#organization","name":"transfereurope","url":"https:\/\/transfereurope.com\/sk\/","logo":{"@type":"ImageObject","inLanguage":"sk-SK","@id":"https:\/\/transfereurope.com\/sk\/#\/schema\/logo\/image\/","url":"https:\/\/transfereurope.com\/wp-content\/uploads\/2025\/08\/TRANSFERS-1655.png","contentUrl":"https:\/\/transfereurope.com\/wp-content\/uploads\/2025\/08\/TRANSFERS-1655.png","width":500,"height":274,"caption":"transfereurope"},"image":{"@id":"https:\/\/transfereurope.com\/sk\/#\/schema\/logo\/image\/"}}]}},"_links":{"self":[{"href":"https:\/\/transfereurope.com\/sk\/wp-json\/wp\/v2\/pages\/79875","targetHints":{"allow":["GET"]}}],"collection":[{"href":"https:\/\/transfereurope.com\/sk\/wp-json\/wp\/v2\/pages"}],"about":[{"href":"https:\/\/transfereurope.com\/sk\/wp-json\/wp\/v2\/types\/page"}],"author":[{"embeddable":true,"href":"https:\/\/transfereurope.com\/sk\/wp-json\/wp\/v2\/users\/1"}],"replies":[{"embeddable":true,"href":"https:\/\/transfereurope.com\/sk\/wp-json\/wp\/v2\/comments?post=79875"}],"version-history":[{"count":0,"href":"https:\/\/transfereurope.com\/sk\/wp-json\/wp\/v2\/pages\/79875\/revisions"}],"wp:featuredmedia":[{"embeddable":true,"href":"https:\/\/transfereurope.com\/sk\/wp-json\/wp\/v2\/media\/79876"}],"wp:attachment":[{"href":"https:\/\/transfereurope.com\/sk\/wp-json\/wp\/v2\/media?parent=79875"}],"curies":[{"name":"wp","href":"https:\/\/api.w.org\/{rel}","templated":true}]}}