{"id":79776,"date":"2025-08-05T23:37:59","date_gmt":"2025-08-05T23:37:59","guid":{"rendered":"https:\/\/transfereurope.com\/transfer-z-brna-do-budapesti\/"},"modified":"2025-08-05T23:37:59","modified_gmt":"2025-08-05T23:37:59","slug":"transfer-z-brna-do-budapesti","status":"publish","type":"page","link":"https:\/\/transfereurope.com\/sk\/transfer-z-brna-do-budapesti\/","title":{"rendered":"Transfer z Brna do Budape\u0161ti"},"content":{"rendered":"\n<div id=\"t4-masthead\" class=\"t4-section  t4-masthead\">\n<div class=\"t4-col text-center\">\n<div class=\"ja-masthead\" >\n<div class=\"ja-masthead-detail\">\n<h1 class=\"ja-masthead-title\">Transfer z Brna do Budape\u0161ti<\/h1>\n<p>                 <!---->            <\/p>\n<div class=\"block-breadcrumb\">                       <\/div>\n<\/p><\/div>\n<\/p><\/div>\n<pre><\/pre>\n<\/div>\n<\/div>\n<div id=\"t4-main-body\" class=\"t4-section  t4-main-body\" role=\"main body\">\n<div class=\"t4-section-inner container\">\n<div class=\"t4-row row\">\n<div class=\"t4-col col-12 col-xl\">\n<div id=\"system-message-container\"> \t<\/div>\n<p>       <script type=\"text\/javascript\" ><\/script> <\/p>\n<div class=\"com-content-article item-page view-tour-detail\">\n<div class=\"tour-top-info clearfix\">\n<div class=\"pull-left\">\n<div class=\"category-article-dot\">\n<div class=\"category-name\"> \t\t\t\t\t<a href=\"\/sk\/destinacie\/brno\" itemprop=\"genre\">Brno Osobn\u00e1 preprava<\/a> \t\t\t\t<\/div>\n<\/p><\/div>\n<\/p><\/div>\n<div class=\"pull-right\">\n<div class=\"text-danger tour-price\"> \t\t\t\t\t\t<a href=\"\/sk\/rezervovat-transfer\">Rezervova\u0165<\/a><\/div>\n<\/p><\/div>\n<\/p><\/div>\n<p>  \t <!--\t-->  \t<\/p>\n<div class=\"vm-product-container\">\n<figure class=\"pull-left item-image\">\n<div class=\"main-image\"> \t\t<a title=\"Brno to Budapest Transfer Service\" rel='vm-additional-images' href=\"\/images\/virtuemart\/product\/Europe Destinations Transfers (3)273.jpg\"><img decoding=\"async\"  loading=\"lazy\"  src=\"\/wp-content\/uploads\/2025\/08\/Europe-Destinations-Transfers-3273-2.jpg\"  alt=\"Brno to Budapest Transfer Service\"  \/><\/a>\t\t<\/p>\n<div class=\"clear\"><\/div>\n<\/p><\/div>\n<\/figure>\n<div class=\"vm-product-details-container\">\n<div class=\"spacer-buy-area\">    \t\t \t\t<\/div>\n<\/p><\/div>\n<div class=\"clear\"><\/div>\n<\/p><\/div>\n<div class=\"product-description\" >\n<p>Ke\u010f ide o bezprobl\u00e9mov\u00fa prepravu medzi Brnom a Budape\u0161\u0165ou, neh\u013eadajte ni\u010d in\u00e9 ako na\u0161e \u0161pecializovan\u00e9 transferov\u00e9 slu\u017eby. \u010ci u\u017e ste turista, obchodn\u00fd cestuj\u00faci, alebo jednoducho h\u013ead\u00e1te bezprobl\u00e9mov\u00fd sp\u00f4sob, ako sa dosta\u0165 z jedn\u00e9ho \u00fa\u017easn\u00e9ho mesta do druh\u00e9ho, n\u00e1\u0161 s\u00fakromn\u00fd pren\u00e1jom auta a slu\u017eby s\u00fakromn\u00e9ho vodi\u010da sa o v\u00e1s postaraj\u00fa.<\/p>\n<p style=\"text-align: center;\"><a class=\"btn btn-primary\" href=\"\/sk\/rezervovat-transfer\">Rezervova\u0165<\/a><\/p>\n<h2 style=\"text-align: center;\"><strong>Pre\u010do si vybra\u0165 n\u00e1\u0161 transfer z Brna do Budape\u0161ti?<\/strong><\/h2>\n<ul>\n<li><strong>Spo\u013eahlivos\u0165:<\/strong> Sme hrd\u00ed na na\u0161u presnos\u0165 a spo\u013eahlivos\u0165, v\u010faka \u010domu sa nemus\u00edte ob\u00e1va\u0165, \u017ee sa dostanete z jedn\u00e9ho mesta do druh\u00e9ho.<\/li>\n<li><strong>Komfort:<\/strong> Cestujte \u0161t\u00fdlovo a pohodlne v\u010faka na\u0161im modern\u00fdm a dobre udr\u017eiavan\u00fdm vozidl\u00e1m.<\/li>\n<li><strong>Pohodlie:<\/strong> Pon\u00fakame bezprobl\u00e9mov\u00fd proces rezerv\u00e1cie a flexibiln\u00e9 mo\u017enosti, ktor\u00e9 vyhovuj\u00fa va\u0161im potreb\u00e1m.<\/li>\n<li><strong>Cenov\u00e1 dostupnos\u0165:<\/strong> Vychutnajte si konkurencieschopn\u00e9 ceny za \u0161pi\u010dkov\u00e9 slu\u017eby s\u00fakromn\u00e9ho transferu.<\/li>\n<li><strong>Spokojnos\u0165 z\u00e1kazn\u00edkov:<\/strong> N\u00e1\u0161 z\u00e1v\u00e4zok k spokojnosti z\u00e1kazn\u00edkov je neochvejn\u00fd. Va\u0161e pohodlie a bezpe\u010dnos\u0165 s\u00fa na\u0161imi hlavn\u00fdmi prioritami.<\/li>\n<\/ul>\n<h2 style=\"text-align: center;\">\u00a0<\/h2>\n<h2 style=\"text-align: center;\"><strong>Rezerv\u00e1cia transferu z Brna do Budape\u0161ti\u00a0<\/strong><\/h2>\n<p>Tak pre\u010do sa tr\u00e1pi\u0165 s verejnou dopravou alebo s h\u013eadan\u00edm spo\u013eahlivej autopo\u017ei\u010dovne, ke\u010f si m\u00f4\u017eete dopria\u0165 pohodln\u00fa a bezstresov\u00fa cestu s na\u0161ou slu\u017ebou transferu z Brna do Budape\u0161ti? Rozhodnite sa rozumne a rezervujte si prepravu u n\u00e1s e\u0161te dnes! \u010ci u\u017e cestujete pracovne alebo na dovolenku, sme tu, aby sme v\u00e1m zabezpe\u010dili bezprobl\u00e9mov\u00fa a pr\u00edjemn\u00fa cestu.<\/p>\n<p style=\"text-align: center;\"><a class=\"btn btn-primary\" href=\"\/sk\/rezervovat-transfer\">Rezervova\u0165<\/a><\/p>\n<h2 style=\"text-align: center;\"><b>Ako sa dosta\u0165 z Brna do Budape\u0161ti<\/b><\/h2>\n<p>Ak pl\u00e1nujete cestu z Brna do Budape\u0161ti, m\u00e1te na v\u00fdber z nieko\u013ek\u00fdch mo\u017enost\u00ed. Obe mest\u00e1, ktor\u00e9 s\u00fa zn\u00e1me svojou hist\u00f3riou a kult\u00farou, s\u00fa dobre prepojen\u00e9, tak\u017ee cestovanie medzi nimi je pomerne jednoduch\u00e9. Tu s\u00fa niektor\u00e9 z najbe\u017enej\u0161\u00edch sp\u00f4sobov, ako sa dosta\u0165 z Brna do Budape\u0161ti:<\/p>\n<h3>Vlak<\/h3>\n<p>Jednou z najpohodlnej\u0161\u00edch a najekologickej\u0161\u00edch mo\u017enost\u00ed je cesta vlakom. Cesta vlakom pon\u00faka n\u00e1dhern\u00e9 v\u00fdh\u013eady na krajinu, ke\u010f prech\u00e1dzate kr\u00e1snou krajinou \u010ceskej republiky aj Ma\u010farska.<\/p>\n<p>Vlaky z Brna do Budape\u0161ti s\u00fa pohodln\u00e9 a pomerne r\u00fdchle, niektor\u00e9 trasy trvaj\u00fa pribli\u017ene 4 a\u017e 5 hod\u00edn. Pozrite si cestovn\u00fd poriadok vlakov a rezervujte si l\u00edstky vopred, aby ste z\u00edskali najlep\u0161ie ceny.<\/p>\n<h3>Autobus<\/h3>\n<p>\u010eal\u0161ou cenovo v\u00fdhodnou mo\u017enos\u0165ou je pou\u017ei\u0165 autobus. Medzi Brnom a Budape\u0161\u0165ou denne prem\u00e1va nieko\u013eko autobusov\u00fdch spolo\u010dnost\u00ed, ktor\u00e9 pon\u00fakaj\u00fa flexibiln\u00e9 cestovn\u00e9 poriadky, aby sa prisp\u00f4sobili va\u0161im cestovn\u00fdm pl\u00e1nom.<\/p>\n<p>Cesty autobusom m\u00f4\u017eu trva\u0165 o nie\u010do dlh\u0161ie ako vlakom, zvy\u010dajne od 4 do 6 hod\u00edn, ale \u010dasto s\u00fa cenovo v\u00fdhodn\u00e9.<\/p>\n<h3>Auto<\/h3>\n<p>Ak d\u00e1vate prednos\u0165 flexibilite a mo\u017enosti presk\u00fama\u0165 malebn\u00e9 trasy medzi oboma mestami vlastn\u00fdm tempom, zv\u00e1\u017ete jazdu autom. Cesta trv\u00e1 pribli\u017ene 3,5 a\u017e 4,5 hodiny v z\u00e1vislosti od zvolenej trasy a dopravn\u00fdch podmienok.<\/p>\n<p>Uistite sa, \u017ee va\u0161e vozidlo sp\u013a\u0148a medzin\u00e1rodn\u00e9 po\u017eiadavky na vedenie vozidla a vopred si napl\u00e1nujte trasu. Nezabudnite zv\u00e1\u017ei\u0165 m\u00fdto a mo\u017enosti parkovania.<\/p>\n<p>\u00a0<\/p>\n<h3>Leteck\u00e1 doprava<\/h3>\n<p>Aj ke\u010f to nie je naj\u010dastej\u0161ia vo\u013eba na t\u00fato relat\u00edvne kr\u00e1tku vzdialenos\u0165, pr\u00edle\u017eitostne s\u00fa k dispoz\u00edcii lety. Vyu\u017eitie letu m\u00f4\u017ee v\u00fdrazne skr\u00e1ti\u0165 \u010das cestovania, pri\u010dom priame lety trvaj\u00fa zvy\u010dajne pribli\u017ene 1 hodinu.<\/p>\n<p>Majte na pam\u00e4ti, \u017ee pri zoh\u013eadnen\u00ed bezpe\u010dnostnej kontroly na letisku a tranzitn\u00e9ho \u010dasu m\u00f4\u017ee by\u0165 celkov\u00fd \u010das cesty dlh\u0161\u00ed, ne\u017e sa o\u010dak\u00e1va.<\/p>\n<h3>S\u00fakromn\u00fd transfer<\/h3>\n<p>Ak si chcete u\u017ei\u0165 skuto\u010dne pohodln\u00fa a bezprobl\u00e9mov\u00fa cestu, vyu\u017eite slu\u017eby s\u00fakromn\u00e9ho transferu. M\u00f4\u017eete si prenaja\u0165 auto s vodi\u010dom, ktor\u00fd v\u00e1s vyzdvihne v Brne a odvezie priamo do cie\u013ea v Budape\u0161ti. T\u00e1to mo\u017enos\u0165 pon\u00faka individu\u00e1lne slu\u017eby, komfort a pohodlie.<\/p>\n<h3>D\u00f4le\u017eit\u00e9 tipy:<\/h3>\n<ul>\n<li>Skontrolujte si v\u00edzov\u00e9 a pasov\u00e9 po\u017eiadavky, najm\u00e4 ak cestujete medzi \u010ceskou republikou a Ma\u010farskom.<\/li>\n<li>Vopred si rezervujte vybran\u00fd druh dopravy, najm\u00e4 po\u010das hlavnej cestovnej sez\u00f3ny.<\/li>\n<li>Obozn\u00e1mte sa s miestnou menou a jazykom, ktor\u00fdm sa hovor\u00ed v Budape\u0161ti, teda s ma\u010far\u010dinou.<\/li>\n<\/ul>\n<p style=\"text-align: center;\"><a class=\"btn btn-primary\" href=\"\/sk\/rezervovat-transfer\">Rezervova\u0165<\/a><\/p>\n<p style=\"text-align: left;\">Bez oh\u013eadu na to, ktor\u00fd sp\u00f4sob dopravy si vyberiete, Brno aj Budape\u0161\u0165 maj\u00fa \u010do pon\u00faknu\u0165, tak\u017ee cesta sa stane vzru\u0161uj\u00facou s\u00fa\u010das\u0165ou v\u00e1\u0161ho cestovate\u013esk\u00e9ho dobrodru\u017estva. U\u017eite si cestu a presk\u00famajte bohat\u00fa hist\u00f3riu a pulzuj\u00facu kult\u00faru t\u00fdchto dvoch neuverite\u013en\u00fdch miest!<\/p>\n<\/p><\/div>\n<div class=\"product-price-container\">\n<div class=\"sale-price\"> \t\t<\/div>\n<\/p><\/div>\n<div class=\"options\"><\/div>\n<div> \t\t<\/div>\n<p>   \t  <script type=\"text\/javascript\" ><\/script>  <script type=\"text\/javascript\" ><\/script>  <script type=\"text\/javascript\" ><\/script> <script type=\"text\/javascript\" ><\/script> <script type=\"text\/javascript\" ><\/script> <script type=\"text\/javascript\" ><\/script> <\/div>\n<p> \t\t<!-- \u041f\u043b\u0430\u0433\u0438\u043d \u0440\u0435\u0439\u0442\u0438\u043d\u0433\u0430 --> <\/p>\n<div class=\"vrvote-body\">\n<ul class=\"vrvote-ul\">\n<li id=\"rating_49\" class=\"current-rating\" style=\"width:98.89%;\"><\/li>\n<li> \t\t\t\t\t\t<a class=\"vr-one-star\" onclick=\"javascript:JSVRvote(49,1,178,36,0)\" href=\"javascript:void(null)\">1<\/a> \t\t\t\t\t<\/li>\n<li> \t\t\t\t\t\t<a class=\"vr-two-stars\" onclick=\"javascript:JSVRvote(49,2,178,36,0)\" href=\"javascript:void(null)\">2<\/a> \t\t\t\t\t<\/li>\n<li> \t\t\t\t\t\t<a class=\"vr-three-stars\" onclick=\"javascript:JSVRvote(49,3,178,36,0)\" href=\"javascript:void(null)\">3<\/a> \t\t\t\t\t<\/li>\n<li> \t\t\t\t\t\t<a class=\"vr-four-stars\" onclick=\"javascript:JSVRvote(49,4,178,36,0)\" href=\"javascript:void(null)\">4<\/a> \t\t\t\t\t<\/li>\n<li> \t\t\t\t\t\t<a class=\"vr-five-stars\" onclick=\"javascript:JSVRvote(49,5,178,36,0)\" href=\"javascript:void(null)\">5<\/a> \t\t\t\t\t<\/li>\n<\/ul><\/div>\n<p> \t\t\t<span id=\"vrvote_49\" class=\"vrvote-count\"><small><\/small><\/span>\t<\/span><script type=\"application\/ld+json\"><\/script>   <\/div>\n<div class=\"t4-col sidebar-r col-12 col-xl-4\">\n<div class=\"t4-module module\" id=\"Mod306\">\n<div class=\"module-inner\">\n<div class=\"module-ct\">\n<div class=\"bannergroup\">\n<div class=\"banneritem\"> \t\t\t\t\t\t\t\t\t\t\t\t\t\t\t\t\t\t\t\t\t\t\t\t\t\t\t\t\t\t\t\t\t\t\t\t\t\t\t\t\t\t\t\t\t\t\t\t\t\t<img \t\t\t\t\t\tsrc=\"\/wp-content\/uploads\/2025\/08\/banner-transfer-europe-sk-431.png\" \t\t\t\t\t\talt=\"Banner-sk\" \t\t\t\t\t\t\t\t\t\t\t\t\t\t\t\t\t\/> \t\t\t\t\t\t\t\t\t\t\t<\/p>\n<div class=\"clr\"><\/div>\n<\/p><\/div>\n<\/p><\/div>\n<\/p><\/div>\n<\/div>\n<\/div><\/div>\n<\/p><\/div>\n<\/div><\/div>\n<div id=\"t4-section-8\" class=\"t4-section  t4-section-8  section-border-top\" role=\"section-8\">\n<div class=\"bg-overlay bg-overlay-image\">&nbsp;<\/div>\n<\/p><\/div>\n<p>  <a href='javascript:' id='back-to-top'><i class='fa fa-chevron-up'><\/i><\/a>                <\/p>\n","protected":false},"excerpt":{"rendered":"<p>Transfer z Brna do Budape\u0161ti Brno Osobn\u00e1 preprava Rezervova\u0165 Ke\u010f ide o bezprobl\u00e9mov\u00fa prepravu medzi Brnom a Budape\u0161\u0165ou, neh\u013eadajte ni\u010d in\u00e9 ako na\u0161e \u0161pecializovan\u00e9 transferov\u00e9 slu\u017eby. \u010ci u\u017e ste turista, obchodn\u00fd cestuj\u00faci, alebo jednoducho h\u013ead\u00e1te bezprobl\u00e9mov\u00fd sp\u00f4sob, ako sa dosta\u0165 z jedn\u00e9ho \u00fa\u017easn\u00e9ho mesta do druh\u00e9ho, n\u00e1\u0161 s\u00fakromn\u00fd pren\u00e1jom auta a slu\u017eby s\u00fakromn\u00e9ho vodi\u010da sa [&hellip;]<\/p>\n","protected":false},"author":1,"featured_media":79777,"parent":0,"menu_order":0,"comment_status":"closed","ping_status":"closed","template":"","meta":{"footnotes":""},"class_list":["post-79776","page","type-page","status-publish","has-post-thumbnail","hentry"],"yoast_head":"<!-- This site is optimized with the Yoast SEO plugin v25.6 - https:\/\/yoast.com\/wordpress\/plugins\/seo\/ -->\n<title>Transfer z Brna do Budape\u0161ti s\u00fakromn\u00fdm vodi\u010dom - Transfer Europe<\/title>\n<meta name=\"description\" content=\"Transferov\u00e1 objedn\u00e1vka \u201eBrno-Budape\u0161\u0165\u201c s osobn\u00fdm vodi\u010dom. Transfer do Budape\u0161ti z Brna, Transfer Europe \u2714 Ve\u013ek\u00fd vozov\u00fd park \u2714 Profesion\u00e1lni vodi\u010di \u260e + 421 951 460 615.\" \/>\n<meta name=\"robots\" content=\"index, follow, max-snippet:-1, max-image-preview:large, max-video-preview:-1\" \/>\n<link rel=\"canonical\" href=\"https:\/\/transfereurope.com\/sk\/transfer-z-brna-do-budapesti\/\" \/>\n<meta property=\"og:locale\" content=\"sk_SK\" \/>\n<meta property=\"og:type\" content=\"article\" \/>\n<meta property=\"og:title\" content=\"Transfer z Brna do Budape\u0161ti s\u00fakromn\u00fdm vodi\u010dom - Transfer Europe\" \/>\n<meta property=\"og:description\" content=\"Transferov\u00e1 objedn\u00e1vka \u201eBrno-Budape\u0161\u0165\u201c s osobn\u00fdm vodi\u010dom. Transfer do Budape\u0161ti z Brna, Transfer Europe \u2714 Ve\u013ek\u00fd vozov\u00fd park \u2714 Profesion\u00e1lni vodi\u010di \u260e + 421 951 460 615.\" \/>\n<meta property=\"og:url\" content=\"https:\/\/transfereurope.com\/sk\/transfer-z-brna-do-budapesti\/\" \/>\n<meta property=\"og:site_name\" content=\"transfereurope\" \/>\n<meta property=\"og:image\" content=\"https:\/\/transfereurope.com\/wp-content\/uploads\/2025\/08\/Europe-Destinations-Transfers-3273-2-1.jpg\" \/>\n\t<meta property=\"og:image:width\" content=\"1500\" \/>\n\t<meta property=\"og:image:height\" content=\"2000\" \/>\n\t<meta property=\"og:image:type\" content=\"image\/jpeg\" \/>\n<meta name=\"twitter:card\" content=\"summary_large_image\" \/>\n<meta name=\"twitter:label1\" content=\"Predpokladan\u00fd \u010das \u010d\u00edtania\" \/>\n\t<meta name=\"twitter:data1\" content=\"4 min\u00faty\" \/>\n<script type=\"application\/ld+json\" class=\"yoast-schema-graph\">{\"@context\":\"https:\/\/schema.org\",\"@graph\":[{\"@type\":\"WebPage\",\"@id\":\"https:\/\/transfereurope.com\/sk\/transfer-z-brna-do-budapesti\/\",\"url\":\"https:\/\/transfereurope.com\/sk\/transfer-z-brna-do-budapesti\/\",\"name\":\"Transfer z Brna do Budape\u0161ti s\u00fakromn\u00fdm vodi\u010dom - Transfer Europe\",\"isPartOf\":{\"@id\":\"https:\/\/transfereurope.com\/sk\/#website\"},\"primaryImageOfPage\":{\"@id\":\"https:\/\/transfereurope.com\/sk\/transfer-z-brna-do-budapesti\/#primaryimage\"},\"image\":{\"@id\":\"https:\/\/transfereurope.com\/sk\/transfer-z-brna-do-budapesti\/#primaryimage\"},\"thumbnailUrl\":\"https:\/\/transfereurope.com\/wp-content\/uploads\/2025\/08\/Europe-Destinations-Transfers-3273-2-1.jpg\",\"datePublished\":\"2025-08-05T23:37:59+00:00\",\"description\":\"Transferov\u00e1 objedn\u00e1vka \u201eBrno-Budape\u0161\u0165\u201c s osobn\u00fdm vodi\u010dom. Transfer do Budape\u0161ti z Brna, Transfer Europe \u2714 Ve\u013ek\u00fd vozov\u00fd park \u2714 Profesion\u00e1lni vodi\u010di \u260e + 421 951 460 615.\",\"breadcrumb\":{\"@id\":\"https:\/\/transfereurope.com\/sk\/transfer-z-brna-do-budapesti\/#breadcrumb\"},\"inLanguage\":\"sk-SK\",\"potentialAction\":[{\"@type\":\"ReadAction\",\"target\":[\"https:\/\/transfereurope.com\/sk\/transfer-z-brna-do-budapesti\/\"]}]},{\"@type\":\"ImageObject\",\"inLanguage\":\"sk-SK\",\"@id\":\"https:\/\/transfereurope.com\/sk\/transfer-z-brna-do-budapesti\/#primaryimage\",\"url\":\"https:\/\/transfereurope.com\/wp-content\/uploads\/2025\/08\/Europe-Destinations-Transfers-3273-2-1.jpg\",\"contentUrl\":\"https:\/\/transfereurope.com\/wp-content\/uploads\/2025\/08\/Europe-Destinations-Transfers-3273-2-1.jpg\",\"width\":1500,\"height\":2000},{\"@type\":\"BreadcrumbList\",\"@id\":\"https:\/\/transfereurope.com\/sk\/transfer-z-brna-do-budapesti\/#breadcrumb\",\"itemListElement\":[{\"@type\":\"ListItem\",\"position\":1,\"name\":\"Home\",\"item\":\"https:\/\/transfereurope.com\/sk\/\"},{\"@type\":\"ListItem\",\"position\":2,\"name\":\"Transfer z Brna do Budape\u0161ti\"}]},{\"@type\":\"WebSite\",\"@id\":\"https:\/\/transfereurope.com\/sk\/#website\",\"url\":\"https:\/\/transfereurope.com\/sk\/\",\"name\":\"transfereurope\",\"description\":\"\",\"publisher\":{\"@id\":\"https:\/\/transfereurope.com\/sk\/#organization\"},\"potentialAction\":[{\"@type\":\"SearchAction\",\"target\":{\"@type\":\"EntryPoint\",\"urlTemplate\":\"https:\/\/transfereurope.com\/sk\/?s={search_term_string}\"},\"query-input\":{\"@type\":\"PropertyValueSpecification\",\"valueRequired\":true,\"valueName\":\"search_term_string\"}}],\"inLanguage\":\"sk-SK\"},{\"@type\":\"Organization\",\"@id\":\"https:\/\/transfereurope.com\/sk\/#organization\",\"name\":\"transfereurope\",\"url\":\"https:\/\/transfereurope.com\/sk\/\",\"logo\":{\"@type\":\"ImageObject\",\"inLanguage\":\"sk-SK\",\"@id\":\"https:\/\/transfereurope.com\/sk\/#\/schema\/logo\/image\/\",\"url\":\"https:\/\/transfereurope.com\/wp-content\/uploads\/2025\/08\/TRANSFERS-1655.png\",\"contentUrl\":\"https:\/\/transfereurope.com\/wp-content\/uploads\/2025\/08\/TRANSFERS-1655.png\",\"width\":500,\"height\":274,\"caption\":\"transfereurope\"},\"image\":{\"@id\":\"https:\/\/transfereurope.com\/sk\/#\/schema\/logo\/image\/\"}}]}<\/script>\n<!-- \/ Yoast SEO plugin. -->","yoast_head_json":{"title":"Transfer z Brna do Budape\u0161ti s\u00fakromn\u00fdm vodi\u010dom - Transfer Europe","description":"Transferov\u00e1 objedn\u00e1vka \u201eBrno-Budape\u0161\u0165\u201c s osobn\u00fdm vodi\u010dom. Transfer do Budape\u0161ti z Brna, Transfer Europe \u2714 Ve\u013ek\u00fd vozov\u00fd park \u2714 Profesion\u00e1lni vodi\u010di \u260e + 421 951 460 615.","robots":{"index":"index","follow":"follow","max-snippet":"max-snippet:-1","max-image-preview":"max-image-preview:large","max-video-preview":"max-video-preview:-1"},"canonical":"https:\/\/transfereurope.com\/sk\/transfer-z-brna-do-budapesti\/","og_locale":"sk_SK","og_type":"article","og_title":"Transfer z Brna do Budape\u0161ti s\u00fakromn\u00fdm vodi\u010dom - Transfer Europe","og_description":"Transferov\u00e1 objedn\u00e1vka \u201eBrno-Budape\u0161\u0165\u201c s osobn\u00fdm vodi\u010dom. Transfer do Budape\u0161ti z Brna, Transfer Europe \u2714 Ve\u013ek\u00fd vozov\u00fd park \u2714 Profesion\u00e1lni vodi\u010di \u260e + 421 951 460 615.","og_url":"https:\/\/transfereurope.com\/sk\/transfer-z-brna-do-budapesti\/","og_site_name":"transfereurope","og_image":[{"width":1500,"height":2000,"url":"https:\/\/transfereurope.com\/wp-content\/uploads\/2025\/08\/Europe-Destinations-Transfers-3273-2-1.jpg","type":"image\/jpeg"}],"twitter_card":"summary_large_image","twitter_misc":{"Predpokladan\u00fd \u010das \u010d\u00edtania":"4 min\u00faty"},"schema":{"@context":"https:\/\/schema.org","@graph":[{"@type":"WebPage","@id":"https:\/\/transfereurope.com\/sk\/transfer-z-brna-do-budapesti\/","url":"https:\/\/transfereurope.com\/sk\/transfer-z-brna-do-budapesti\/","name":"Transfer z Brna do Budape\u0161ti s\u00fakromn\u00fdm vodi\u010dom - Transfer Europe","isPartOf":{"@id":"https:\/\/transfereurope.com\/sk\/#website"},"primaryImageOfPage":{"@id":"https:\/\/transfereurope.com\/sk\/transfer-z-brna-do-budapesti\/#primaryimage"},"image":{"@id":"https:\/\/transfereurope.com\/sk\/transfer-z-brna-do-budapesti\/#primaryimage"},"thumbnailUrl":"https:\/\/transfereurope.com\/wp-content\/uploads\/2025\/08\/Europe-Destinations-Transfers-3273-2-1.jpg","datePublished":"2025-08-05T23:37:59+00:00","description":"Transferov\u00e1 objedn\u00e1vka \u201eBrno-Budape\u0161\u0165\u201c s osobn\u00fdm vodi\u010dom. Transfer do Budape\u0161ti z Brna, Transfer Europe \u2714 Ve\u013ek\u00fd vozov\u00fd park \u2714 Profesion\u00e1lni vodi\u010di \u260e + 421 951 460 615.","breadcrumb":{"@id":"https:\/\/transfereurope.com\/sk\/transfer-z-brna-do-budapesti\/#breadcrumb"},"inLanguage":"sk-SK","potentialAction":[{"@type":"ReadAction","target":["https:\/\/transfereurope.com\/sk\/transfer-z-brna-do-budapesti\/"]}]},{"@type":"ImageObject","inLanguage":"sk-SK","@id":"https:\/\/transfereurope.com\/sk\/transfer-z-brna-do-budapesti\/#primaryimage","url":"https:\/\/transfereurope.com\/wp-content\/uploads\/2025\/08\/Europe-Destinations-Transfers-3273-2-1.jpg","contentUrl":"https:\/\/transfereurope.com\/wp-content\/uploads\/2025\/08\/Europe-Destinations-Transfers-3273-2-1.jpg","width":1500,"height":2000},{"@type":"BreadcrumbList","@id":"https:\/\/transfereurope.com\/sk\/transfer-z-brna-do-budapesti\/#breadcrumb","itemListElement":[{"@type":"ListItem","position":1,"name":"Home","item":"https:\/\/transfereurope.com\/sk\/"},{"@type":"ListItem","position":2,"name":"Transfer z Brna do Budape\u0161ti"}]},{"@type":"WebSite","@id":"https:\/\/transfereurope.com\/sk\/#website","url":"https:\/\/transfereurope.com\/sk\/","name":"transfereurope","description":"","publisher":{"@id":"https:\/\/transfereurope.com\/sk\/#organization"},"potentialAction":[{"@type":"SearchAction","target":{"@type":"EntryPoint","urlTemplate":"https:\/\/transfereurope.com\/sk\/?s={search_term_string}"},"query-input":{"@type":"PropertyValueSpecification","valueRequired":true,"valueName":"search_term_string"}}],"inLanguage":"sk-SK"},{"@type":"Organization","@id":"https:\/\/transfereurope.com\/sk\/#organization","name":"transfereurope","url":"https:\/\/transfereurope.com\/sk\/","logo":{"@type":"ImageObject","inLanguage":"sk-SK","@id":"https:\/\/transfereurope.com\/sk\/#\/schema\/logo\/image\/","url":"https:\/\/transfereurope.com\/wp-content\/uploads\/2025\/08\/TRANSFERS-1655.png","contentUrl":"https:\/\/transfereurope.com\/wp-content\/uploads\/2025\/08\/TRANSFERS-1655.png","width":500,"height":274,"caption":"transfereurope"},"image":{"@id":"https:\/\/transfereurope.com\/sk\/#\/schema\/logo\/image\/"}}]}},"_links":{"self":[{"href":"https:\/\/transfereurope.com\/sk\/wp-json\/wp\/v2\/pages\/79776","targetHints":{"allow":["GET"]}}],"collection":[{"href":"https:\/\/transfereurope.com\/sk\/wp-json\/wp\/v2\/pages"}],"about":[{"href":"https:\/\/transfereurope.com\/sk\/wp-json\/wp\/v2\/types\/page"}],"author":[{"embeddable":true,"href":"https:\/\/transfereurope.com\/sk\/wp-json\/wp\/v2\/users\/1"}],"replies":[{"embeddable":true,"href":"https:\/\/transfereurope.com\/sk\/wp-json\/wp\/v2\/comments?post=79776"}],"version-history":[{"count":0,"href":"https:\/\/transfereurope.com\/sk\/wp-json\/wp\/v2\/pages\/79776\/revisions"}],"wp:featuredmedia":[{"embeddable":true,"href":"https:\/\/transfereurope.com\/sk\/wp-json\/wp\/v2\/media\/79777"}],"wp:attachment":[{"href":"https:\/\/transfereurope.com\/sk\/wp-json\/wp\/v2\/media?parent=79776"}],"curies":[{"name":"wp","href":"https:\/\/api.w.org\/{rel}","templated":true}]}}