{"id":79677,"date":"2025-08-05T23:37:07","date_gmt":"2025-08-05T23:37:07","guid":{"rendered":"https:\/\/transfereurope.com\/transfer-z-brna-do-viedne\/"},"modified":"2025-08-05T23:37:07","modified_gmt":"2025-08-05T23:37:07","slug":"transfer-z-brna-do-viedne","status":"publish","type":"page","link":"https:\/\/transfereurope.com\/sk\/transfer-z-brna-do-viedne\/","title":{"rendered":"Transfer z Brna do Viedne"},"content":{"rendered":"\n<div id=\"t4-masthead\" class=\"t4-section  t4-masthead\">\n<div class=\"t4-col text-center\">\n<div class=\"ja-masthead\" >\n<div class=\"ja-masthead-detail\">\n<h1 class=\"ja-masthead-title\">Transfer z Brna do Viedne<\/h1>\n<p>                 <!---->            <\/p>\n<div class=\"block-breadcrumb\">                       <\/div>\n<\/p><\/div>\n<\/p><\/div>\n<pre><\/pre>\n<\/div>\n<\/div>\n<div id=\"t4-main-body\" class=\"t4-section  t4-main-body\" role=\"main body\">\n<div class=\"t4-section-inner container\">\n<div class=\"t4-row row\">\n<div class=\"t4-col col-12 col-xl\">\n<div id=\"system-message-container\"> \t<\/div>\n<p>       <script type=\"text\/javascript\" ><\/script> <\/p>\n<div class=\"com-content-article item-page view-tour-detail\">\n<div class=\"tour-top-info clearfix\">\n<div class=\"pull-left\">\n<div class=\"category-article-dot\">\n<div class=\"category-name\"> \t\t\t\t\t<a href=\"\/sk\/destinacie\/brno\" itemprop=\"genre\">Brno Osobn\u00e1 preprava<\/a> \t\t\t\t<\/div>\n<\/p><\/div>\n<\/p><\/div>\n<div class=\"pull-right\">\n<div class=\"text-danger tour-price\"> \t\t\t\t\t\t<a href=\"\/sk\/rezervovat-transfer\">Rezervova\u0165<\/a><\/div>\n<\/p><\/div>\n<\/p><\/div>\n<p>  \t <!--\t-->  \t<\/p>\n<div class=\"vm-product-container\">\n<figure class=\"pull-left item-image\">\n<div class=\"main-image\"> \t\t<a title=\"Brno to Vienna Transfer Service\" rel='vm-additional-images' href=\"\/images\/virtuemart\/product\/Europe Destinations Transfers (4)97.jpg\"><img decoding=\"async\"  loading=\"lazy\"  src=\"\/wp-content\/uploads\/2025\/08\/Europe-Destinations-Transfers-497-10.jpg\"  alt=\"Brno to Vienna Transfer Service\"  \/><\/a>\t\t<\/p>\n<div class=\"clear\"><\/div>\n<\/p><\/div>\n<\/figure>\n<div class=\"vm-product-details-container\">\n<div class=\"spacer-buy-area\">    \t\t \t\t<\/div>\n<\/p><\/div>\n<div class=\"clear\"><\/div>\n<\/p><\/div>\n<div class=\"product-description\" >\n<p>Ak potrebujete spo\u013eahliv\u00fa prepravu z Brna do Viedne alebo naopak, neh\u013eadajte ni\u010d in\u00e9 ako na\u0161e pr\u00e9miov\u00e9 transferov\u00e9 slu\u017eby. \u0160pecializujeme sa na ponuku pohodln\u00e9ho a komfortn\u00e9ho pren\u00e1jmu s\u00fakromn\u00e9ho vozidla, ktor\u00fd v\u00e1m zaru\u010d\u00ed bezpe\u010dn\u00fd a bezstresov\u00fd pr\u00edchod do cie\u013ea.<\/p>\n<p>N\u00e1\u0161 vozov\u00fd park dobre udr\u017eiavan\u00fdch vozidiel a profesion\u00e1lni s\u00fakromn\u00ed vodi\u010di s\u00fa v\u00e1m k dispoz\u00edcii a zabezpe\u010dia v\u00e1m bezprobl\u00e9mov\u00fa a pohodln\u00fa cestu medzi t\u00fdmito dvoma kr\u00e1snymi mestami. \u010ci u\u017e cestujete slu\u017eobne alebo na dovolenku, na\u0161a slu\u017eba transferu z Brna do Viedne je va\u0161ou vo\u013ebou pre efekt\u00edvnu a \u0161t\u00fdlov\u00fa dopravu.<\/p>\n<p style=\"text-align: center;\"><a class=\"btn btn-primary\" href=\"\/sk\/rezervovat-transfer\">Rezervova\u0165<\/a><\/p>\n<h2 style=\"text-align: center;\"><strong>Pre\u010do si vybra\u0165 na\u0161e slu\u017eby transferu z Brna do Viedne?<\/strong><\/h2>\n<ul>\n<li><strong>Pohodlie:<\/strong> Ch\u00e1peme, \u017ee cestovn\u00e9 pl\u00e1ny m\u00f4\u017eu by\u0165 stresuj\u00face, ale na\u0161\u00edm cie\u013eom je, aby va\u0161a cesta bola \u010do najbezprobl\u00e9movej\u0161ia. S na\u0161ou slu\u017ebou s\u00fakromn\u00e9ho vodi\u010da si m\u00f4\u017eete odd\u00fdchnu\u0165, preto\u017ee viete, \u017ee v\u00e1s vyzdvihneme a vysad\u00edme na vami zvolenom mieste a vo vami zvolenom \u010dase.<\/li>\n<li><strong>Komfort:<\/strong> Na\u0161e pohodln\u00e9 a dobre vybaven\u00e9 vozidl\u00e1 v\u00e1m zabezpe\u010dia \u0161t\u00fdlov\u00e9 cestovanie. Po\u010das cesty budete ma\u0165 dostatok priestoru na odpo\u010dinok alebo pr\u00e1cu, \u010do z nej urob\u00ed produkt\u00edvny a pr\u00edjemn\u00fd z\u00e1\u017eitok.<\/li>\n<li><strong>Spo\u013eahlivos\u0165:<\/strong> Sme hrd\u00ed na presnos\u0165 a spo\u013eahlivos\u0165. M\u00f4\u017eete sa spo\u013eahn\u00fa\u0165, \u017ee budeme k dispoz\u00edcii, ke\u010f n\u00e1s budete potrebova\u0165, a poskytneme v\u00e1m spo\u013eahliv\u00e9 prepravn\u00e9 slu\u017eby pre va\u0161e pohodlie.<\/li>\n<li><strong>Bezpe\u010dnos\u0165:<\/strong> Va\u0161a bezpe\u010dnos\u0165 je na\u0161ou najvy\u0161\u0161ou prioritou. Na\u0161i sk\u00fasen\u00ed s\u00fakromn\u00ed vodi\u010di s\u00fa vy\u0161kolen\u00ed na dodr\u017eiavanie najvy\u0161\u0161\u00edch bezpe\u010dnostn\u00fdch noriem, \u010d\u00edm zabezpe\u010duj\u00fa bezpe\u010dn\u00fa a bezstarostn\u00fa cestu.<\/li>\n<li><strong>Konkuren\u010dn\u00e9 ceny:<\/strong> Pon\u00fakame konkurencieschopn\u00e9 ceny za na\u0161e s\u00fakromn\u00e9 prepravn\u00e9 slu\u017eby, \u010d\u00edm zabezpe\u010dujeme, \u017ee za svoje peniaze dostanete vynikaj\u00facu hodnotu.<\/li>\n<\/ul>\n<h2 style=\"text-align: center;\">\u00a0<\/h2>\n<h2 style=\"text-align: center;\"><strong>Rezerv\u00e1cia transferu z Brna do Viedne\u00a0<\/strong><\/h2>\n<p>\u010ci u\u017e ste turista, ktor\u00fd chce spozna\u0165 bohat\u00fa hist\u00f3riu Viedne, alebo obchodn\u00fd cestuj\u00faci, ktor\u00fd sa chyst\u00e1 na d\u00f4le\u017eit\u00e9 stretnutie v Brne, na\u0161a slu\u017eba transferu z Brna do Viedne je tu, aby uspokojila va\u0161e potreby.<\/p>\n<p>Nenechajte svoju dopravu na n\u00e1hodu. Objednajte si transfer z Brna do Viedne u n\u00e1s e\u0161te dnes a za\u017eite dokonal\u00e9 s\u00fakromn\u00e9 prepravn\u00e9 slu\u017eby. Na\u0161\u00edm cie\u013eom je, aby bola va\u0161a cesta pohodln\u00e1, komfortn\u00e1 a nezabudnute\u013en\u00e1.<\/p>\n<p style=\"text-align: center;\"><a class=\"btn btn-primary\" href=\"\/sk\/rezervovat-transfer\">Rezervova\u0165<\/a><\/p>\n<h2 style=\"text-align: center;\"><b>Ako sa dosta\u0165 z Brna do Viedne<\/b><\/h2>\n<p>Cesta z Brna do Viedne je jednoduch\u00e1 a pon\u00faka viacero mo\u017enost\u00ed dopravy, ktor\u00e9 vyhovuj\u00fa va\u0161im preferenci\u00e1m a \u010dasov\u00fdm mo\u017enostiam. Tu je nieko\u013eko ob\u013e\u00faben\u00fdch sp\u00f4sobov, ako uskuto\u010dni\u0165 cestu medzi t\u00fdmito dvoma fantastick\u00fdmi mestami:<\/p>\n<h3>Vlak<\/h3>\n<p>Vlak je pohodln\u00e1 a ekologick\u00e1 mo\u017enos\u0165 cestovania z Brna do Viedne. Cesta pon\u00faka malebn\u00fd v\u00fdh\u013ead na rak\u00fasku krajinu a zvy\u010dajne trv\u00e1 pribli\u017ene dve a pol hodiny. Vlaky prem\u00e1vaj\u00fa pravidelne, tak\u017ee je to pre mnoh\u00fdch cestuj\u00facich jednoduch\u00e1 vo\u013eba.<\/p>\n<h3>Autobus<\/h3>\n<p>Ak h\u013ead\u00e1te cenovo v\u00fdhodnej\u0161iu mo\u017enos\u0165, zv\u00e1\u017ete cestu autobusom z Brna do Viedne. T\u00fato trasu prev\u00e1dzkuje nieko\u013eko autobusov\u00fdch spolo\u010dnost\u00ed, ktor\u00e9 pon\u00fakaj\u00fa r\u00f4zne \u010dasy odchodov, aby vyhovovali v\u00e1\u0161mu \u010dasov\u00e9mu rozvrhu. \u010cas cesty autobusom sa m\u00f4\u017ee l\u00ed\u0161i\u0165, ale zvy\u010dajne trv\u00e1 pribli\u017ene tri a\u017e \u0161tyri hodiny.<\/p>\n<h3>Auto<\/h3>\n<p>Pre t\u00fdch, ktor\u00ed si cenia flexibilitu a nez\u00e1vislos\u0165, je jazda autom vynikaj\u00facou vo\u013ebou. Cesta medzi Brnom a Vied\u0148ou trv\u00e1 pribli\u017ene dve a\u017e dve a pol hodiny v z\u00e1vislosti od dopravn\u00fdch podmienok. Nezabudnite si skontrolova\u0165 pr\u00edpadn\u00e9 m\u00fdto a uistite sa, \u017ee m\u00e1te potrebn\u00e9 doklady a povolenia na prekro\u010denie hran\u00edc.<\/p>\n<p>\u00a0<\/p>\n<h3>Transfer z letiska<\/h3>\n<p>Ak prilietate do Brna lietadlom, m\u00f4\u017eete si vybra\u0165 transfer z letiska do Viedne. T\u00e1to slu\u017eba poskytuje pohodln\u00fa a priamu mo\u017enos\u0165 prepravy do rak\u00faskej metropoly, \u010d\u00edm v\u00e1m u\u0161etr\u00ed \u010das a starosti.<\/p>\n<h3>S\u00fakromn\u00e1 automobilov\u00e1 slu\u017eba<\/h3>\n<p>Ak si chcete u\u017ei\u0165 luxusn\u00e9 cestovanie bez stresu, rezervujte si s\u00fakromn\u00fa automobilov\u00fa slu\u017ebu. S\u00fakromn\u00fd vodi\u010d v\u00e1s vyzdvihne v Brne a odvezie priamo do cie\u013ea vo Viedni, pri\u010dom v\u00e1m pon\u00fakne maxim\u00e1lny komfort a pohodlie.<\/p>\n<h3>Spolo\u010dn\u00e9 pou\u017e\u00edvanie auta<\/h3>\n<p>Zdie\u013eanie jazdy so spolucestuj\u00facimi prostredn\u00edctvom platforiem na zdie\u013eanie \u00e1ut m\u00f4\u017ee by\u0165 n\u00e1kladovo efekt\u00edvna a ekologick\u00e1 mo\u017enos\u0165. Je to tie\u017e skvel\u00fd sp\u00f4sob, ako spozna\u0165 nov\u00fdch \u013eud\u00ed a zdie\u013ea\u0165 cestu.<\/p>\n<h3>Cyklistika<\/h3>\n<p>Ak ste dobrodru\u017en\u00e1 du\u0161a a radi jazd\u00edte na bicykli, m\u00f4\u017eete presk\u00fama\u0165 malebn\u00fa krajinu a prejs\u0165 si cestu z Brna do Viedne na bicykli. T\u00e1to mo\u017enos\u0165 nie je pre slab\u00e9 povahy a vy\u017eaduje si ist\u00e9 predbe\u017en\u00e9 pl\u00e1novanie, ale m\u00f4\u017ee to by\u0165 neuverite\u013ene obohacuj\u00faci z\u00e1\u017eitok.<\/p>\n<p style=\"text-align: center;\"><a class=\"btn btn-primary\" href=\"\/sk\/rezervovat-transfer\">Rezervova\u0165<\/a><\/p>\n<p style=\"text-align: left;\">Bez oh\u013eadu na to, ktor\u00fd sp\u00f4sob si vyberiete, Brno aj Viede\u0148 pon\u00fakaj\u00fa bohat\u00e9 kult\u00farne z\u00e1\u017eitky a cesta medzi nimi je pr\u00edle\u017eitos\u0165ou na spozn\u00e1vanie n\u00e1dhernej krajiny \u010ceskej republiky a Rak\u00faska. Vyberte si sp\u00f4sob dopravy, ktor\u00fd najlep\u0161ie vyhovuje va\u0161im preferenci\u00e1m, a vydajte sa na cestu z Brna do Viedne s \u013eahkos\u0165ou. \u0160\u0165astn\u00fa cestu!<\/p>\n<\/p><\/div>\n<div class=\"product-price-container\">\n<div class=\"sale-price\"> \t\t<\/div>\n<\/p><\/div>\n<div class=\"options\"><\/div>\n<div> \t\t<\/div>\n<p>   \t  <script type=\"text\/javascript\" ><\/script>  <script type=\"text\/javascript\" ><\/script>  <script type=\"text\/javascript\" ><\/script> <script type=\"text\/javascript\" ><\/script> <script type=\"text\/javascript\" ><\/script> <script type=\"text\/javascript\" ><\/script> <\/div>\n<p> \t\t<!-- \u041f\u043b\u0430\u0433\u0438\u043d \u0440\u0435\u0439\u0442\u0438\u043d\u0433\u0430 --> <\/p>\n<div class=\"vrvote-body\">\n<ul class=\"vrvote-ul\">\n<li id=\"rating_47\" class=\"current-rating\" style=\"width:99.39%;\"><\/li>\n<li> \t\t\t\t\t\t<a class=\"vr-one-star\" onclick=\"javascript:JSVRvote(47,1,164,33,0)\" href=\"javascript:void(null)\">1<\/a> \t\t\t\t\t<\/li>\n<li> \t\t\t\t\t\t<a class=\"vr-two-stars\" onclick=\"javascript:JSVRvote(47,2,164,33,0)\" href=\"javascript:void(null)\">2<\/a> \t\t\t\t\t<\/li>\n<li> \t\t\t\t\t\t<a class=\"vr-three-stars\" onclick=\"javascript:JSVRvote(47,3,164,33,0)\" href=\"javascript:void(null)\">3<\/a> \t\t\t\t\t<\/li>\n<li> \t\t\t\t\t\t<a class=\"vr-four-stars\" onclick=\"javascript:JSVRvote(47,4,164,33,0)\" href=\"javascript:void(null)\">4<\/a> \t\t\t\t\t<\/li>\n<li> \t\t\t\t\t\t<a class=\"vr-five-stars\" onclick=\"javascript:JSVRvote(47,5,164,33,0)\" href=\"javascript:void(null)\">5<\/a> \t\t\t\t\t<\/li>\n<\/ul><\/div>\n<p> \t\t\t<span id=\"vrvote_47\" class=\"vrvote-count\"><small><\/small><\/span>\t<\/span><script type=\"application\/ld+json\"><\/script>   <\/div>\n<div class=\"t4-col sidebar-r col-12 col-xl-4\">\n<div class=\"t4-module module\" id=\"Mod306\">\n<div class=\"module-inner\">\n<div class=\"module-ct\">\n<div class=\"bannergroup\">\n<div class=\"banneritem\"> \t\t\t\t\t\t\t\t\t\t\t\t\t\t\t\t\t\t\t\t\t\t\t\t\t\t\t\t\t\t\t\t\t\t\t\t\t\t\t\t\t\t\t\t\t\t\t\t\t\t<img \t\t\t\t\t\tsrc=\"\/wp-content\/uploads\/2025\/08\/banner-transfer-europe-sk-430.png\" \t\t\t\t\t\talt=\"Banner-sk\" \t\t\t\t\t\t\t\t\t\t\t\t\t\t\t\t\t\/> \t\t\t\t\t\t\t\t\t\t\t<\/p>\n<div class=\"clr\"><\/div>\n<\/p><\/div>\n<\/p><\/div>\n<\/p><\/div>\n<\/div>\n<\/div><\/div>\n<\/p><\/div>\n<\/div><\/div>\n<div id=\"t4-section-8\" class=\"t4-section  t4-section-8  section-border-top\" role=\"section-8\">\n<div class=\"bg-overlay bg-overlay-image\">&nbsp;<\/div>\n<\/p><\/div>\n<p>  <a href='javascript:' id='back-to-top'><i class='fa fa-chevron-up'><\/i><\/a>                <\/p>\n","protected":false},"excerpt":{"rendered":"<p>Transfer z Brna do Viedne Brno Osobn\u00e1 preprava Rezervova\u0165 Ak potrebujete spo\u013eahliv\u00fa prepravu z Brna do Viedne alebo naopak, neh\u013eadajte ni\u010d in\u00e9 ako na\u0161e pr\u00e9miov\u00e9 transferov\u00e9 slu\u017eby. \u0160pecializujeme sa na ponuku pohodln\u00e9ho a komfortn\u00e9ho pren\u00e1jmu s\u00fakromn\u00e9ho vozidla, ktor\u00fd v\u00e1m zaru\u010d\u00ed bezpe\u010dn\u00fd a bezstresov\u00fd pr\u00edchod do cie\u013ea. N\u00e1\u0161 vozov\u00fd park dobre udr\u017eiavan\u00fdch vozidiel a profesion\u00e1lni s\u00fakromn\u00ed [&hellip;]<\/p>\n","protected":false},"author":1,"featured_media":79678,"parent":0,"menu_order":0,"comment_status":"closed","ping_status":"closed","template":"","meta":{"footnotes":""},"class_list":["post-79677","page","type-page","status-publish","has-post-thumbnail","hentry"],"yoast_head":"<!-- This site is optimized with the Yoast SEO plugin v25.6 - https:\/\/yoast.com\/wordpress\/plugins\/seo\/ -->\n<title>S\u00fakromn\u00fd transfer z Brna do Viedne - Transfer Europe<\/title>\n<meta name=\"description\" content=\"Transferov\u00e1 objedn\u00e1vka \u201eBrno-Viede\u0148\u201c s osobn\u00fdm vodi\u010dom. Jazda osobn\u00fdm vodi\u010dom z Brna do Viedne, Transfer Europe \u2714 Ve\u013ek\u00fd vozov\u00fd park \u2714 Profesion\u00e1lni vodi\u010di \u260e + 421 951 460 615.\" \/>\n<meta name=\"robots\" content=\"index, follow, max-snippet:-1, max-image-preview:large, max-video-preview:-1\" \/>\n<link rel=\"canonical\" href=\"https:\/\/transfereurope.com\/sk\/transfer-z-brna-do-viedne\/\" \/>\n<meta property=\"og:locale\" content=\"sk_SK\" \/>\n<meta property=\"og:type\" content=\"article\" \/>\n<meta property=\"og:title\" content=\"S\u00fakromn\u00fd transfer z Brna do Viedne - Transfer Europe\" \/>\n<meta property=\"og:description\" content=\"Transferov\u00e1 objedn\u00e1vka \u201eBrno-Viede\u0148\u201c s osobn\u00fdm vodi\u010dom. Jazda osobn\u00fdm vodi\u010dom z Brna do Viedne, Transfer Europe \u2714 Ve\u013ek\u00fd vozov\u00fd park \u2714 Profesion\u00e1lni vodi\u010di \u260e + 421 951 460 615.\" \/>\n<meta property=\"og:url\" content=\"https:\/\/transfereurope.com\/sk\/transfer-z-brna-do-viedne\/\" \/>\n<meta property=\"og:site_name\" content=\"transfereurope\" \/>\n<meta property=\"og:image\" content=\"https:\/\/transfereurope.com\/wp-content\/uploads\/2025\/08\/Europe-Destinations-Transfers-497-10-1.jpg\" \/>\n\t<meta property=\"og:image:width\" content=\"1500\" \/>\n\t<meta property=\"og:image:height\" content=\"2000\" \/>\n\t<meta property=\"og:image:type\" content=\"image\/jpeg\" \/>\n<meta name=\"twitter:card\" content=\"summary_large_image\" \/>\n<meta name=\"twitter:label1\" content=\"Predpokladan\u00fd \u010das \u010d\u00edtania\" \/>\n\t<meta name=\"twitter:data1\" content=\"5 min\u00fat\" \/>\n<script type=\"application\/ld+json\" class=\"yoast-schema-graph\">{\"@context\":\"https:\/\/schema.org\",\"@graph\":[{\"@type\":\"WebPage\",\"@id\":\"https:\/\/transfereurope.com\/sk\/transfer-z-brna-do-viedne\/\",\"url\":\"https:\/\/transfereurope.com\/sk\/transfer-z-brna-do-viedne\/\",\"name\":\"S\u00fakromn\u00fd transfer z Brna do Viedne - Transfer Europe\",\"isPartOf\":{\"@id\":\"https:\/\/transfereurope.com\/sk\/#website\"},\"primaryImageOfPage\":{\"@id\":\"https:\/\/transfereurope.com\/sk\/transfer-z-brna-do-viedne\/#primaryimage\"},\"image\":{\"@id\":\"https:\/\/transfereurope.com\/sk\/transfer-z-brna-do-viedne\/#primaryimage\"},\"thumbnailUrl\":\"https:\/\/transfereurope.com\/wp-content\/uploads\/2025\/08\/Europe-Destinations-Transfers-497-10-1.jpg\",\"datePublished\":\"2025-08-05T23:37:07+00:00\",\"description\":\"Transferov\u00e1 objedn\u00e1vka \u201eBrno-Viede\u0148\u201c s osobn\u00fdm vodi\u010dom. Jazda osobn\u00fdm vodi\u010dom z Brna do Viedne, Transfer Europe \u2714 Ve\u013ek\u00fd vozov\u00fd park \u2714 Profesion\u00e1lni vodi\u010di \u260e + 421 951 460 615.\",\"breadcrumb\":{\"@id\":\"https:\/\/transfereurope.com\/sk\/transfer-z-brna-do-viedne\/#breadcrumb\"},\"inLanguage\":\"sk-SK\",\"potentialAction\":[{\"@type\":\"ReadAction\",\"target\":[\"https:\/\/transfereurope.com\/sk\/transfer-z-brna-do-viedne\/\"]}]},{\"@type\":\"ImageObject\",\"inLanguage\":\"sk-SK\",\"@id\":\"https:\/\/transfereurope.com\/sk\/transfer-z-brna-do-viedne\/#primaryimage\",\"url\":\"https:\/\/transfereurope.com\/wp-content\/uploads\/2025\/08\/Europe-Destinations-Transfers-497-10-1.jpg\",\"contentUrl\":\"https:\/\/transfereurope.com\/wp-content\/uploads\/2025\/08\/Europe-Destinations-Transfers-497-10-1.jpg\",\"width\":1500,\"height\":2000},{\"@type\":\"BreadcrumbList\",\"@id\":\"https:\/\/transfereurope.com\/sk\/transfer-z-brna-do-viedne\/#breadcrumb\",\"itemListElement\":[{\"@type\":\"ListItem\",\"position\":1,\"name\":\"Home\",\"item\":\"https:\/\/transfereurope.com\/sk\/\"},{\"@type\":\"ListItem\",\"position\":2,\"name\":\"Transfer z Brna do Viedne\"}]},{\"@type\":\"WebSite\",\"@id\":\"https:\/\/transfereurope.com\/sk\/#website\",\"url\":\"https:\/\/transfereurope.com\/sk\/\",\"name\":\"transfereurope\",\"description\":\"\",\"publisher\":{\"@id\":\"https:\/\/transfereurope.com\/sk\/#organization\"},\"potentialAction\":[{\"@type\":\"SearchAction\",\"target\":{\"@type\":\"EntryPoint\",\"urlTemplate\":\"https:\/\/transfereurope.com\/sk\/?s={search_term_string}\"},\"query-input\":{\"@type\":\"PropertyValueSpecification\",\"valueRequired\":true,\"valueName\":\"search_term_string\"}}],\"inLanguage\":\"sk-SK\"},{\"@type\":\"Organization\",\"@id\":\"https:\/\/transfereurope.com\/sk\/#organization\",\"name\":\"transfereurope\",\"url\":\"https:\/\/transfereurope.com\/sk\/\",\"logo\":{\"@type\":\"ImageObject\",\"inLanguage\":\"sk-SK\",\"@id\":\"https:\/\/transfereurope.com\/sk\/#\/schema\/logo\/image\/\",\"url\":\"https:\/\/transfereurope.com\/wp-content\/uploads\/2025\/08\/TRANSFERS-1655.png\",\"contentUrl\":\"https:\/\/transfereurope.com\/wp-content\/uploads\/2025\/08\/TRANSFERS-1655.png\",\"width\":500,\"height\":274,\"caption\":\"transfereurope\"},\"image\":{\"@id\":\"https:\/\/transfereurope.com\/sk\/#\/schema\/logo\/image\/\"}}]}<\/script>\n<!-- \/ Yoast SEO plugin. -->","yoast_head_json":{"title":"S\u00fakromn\u00fd transfer z Brna do Viedne - Transfer Europe","description":"Transferov\u00e1 objedn\u00e1vka \u201eBrno-Viede\u0148\u201c s osobn\u00fdm vodi\u010dom. Jazda osobn\u00fdm vodi\u010dom z Brna do Viedne, Transfer Europe \u2714 Ve\u013ek\u00fd vozov\u00fd park \u2714 Profesion\u00e1lni vodi\u010di \u260e + 421 951 460 615.","robots":{"index":"index","follow":"follow","max-snippet":"max-snippet:-1","max-image-preview":"max-image-preview:large","max-video-preview":"max-video-preview:-1"},"canonical":"https:\/\/transfereurope.com\/sk\/transfer-z-brna-do-viedne\/","og_locale":"sk_SK","og_type":"article","og_title":"S\u00fakromn\u00fd transfer z Brna do Viedne - Transfer Europe","og_description":"Transferov\u00e1 objedn\u00e1vka \u201eBrno-Viede\u0148\u201c s osobn\u00fdm vodi\u010dom. Jazda osobn\u00fdm vodi\u010dom z Brna do Viedne, Transfer Europe \u2714 Ve\u013ek\u00fd vozov\u00fd park \u2714 Profesion\u00e1lni vodi\u010di \u260e + 421 951 460 615.","og_url":"https:\/\/transfereurope.com\/sk\/transfer-z-brna-do-viedne\/","og_site_name":"transfereurope","og_image":[{"width":1500,"height":2000,"url":"https:\/\/transfereurope.com\/wp-content\/uploads\/2025\/08\/Europe-Destinations-Transfers-497-10-1.jpg","type":"image\/jpeg"}],"twitter_card":"summary_large_image","twitter_misc":{"Predpokladan\u00fd \u010das \u010d\u00edtania":"5 min\u00fat"},"schema":{"@context":"https:\/\/schema.org","@graph":[{"@type":"WebPage","@id":"https:\/\/transfereurope.com\/sk\/transfer-z-brna-do-viedne\/","url":"https:\/\/transfereurope.com\/sk\/transfer-z-brna-do-viedne\/","name":"S\u00fakromn\u00fd transfer z Brna do Viedne - Transfer Europe","isPartOf":{"@id":"https:\/\/transfereurope.com\/sk\/#website"},"primaryImageOfPage":{"@id":"https:\/\/transfereurope.com\/sk\/transfer-z-brna-do-viedne\/#primaryimage"},"image":{"@id":"https:\/\/transfereurope.com\/sk\/transfer-z-brna-do-viedne\/#primaryimage"},"thumbnailUrl":"https:\/\/transfereurope.com\/wp-content\/uploads\/2025\/08\/Europe-Destinations-Transfers-497-10-1.jpg","datePublished":"2025-08-05T23:37:07+00:00","description":"Transferov\u00e1 objedn\u00e1vka \u201eBrno-Viede\u0148\u201c s osobn\u00fdm vodi\u010dom. Jazda osobn\u00fdm vodi\u010dom z Brna do Viedne, Transfer Europe \u2714 Ve\u013ek\u00fd vozov\u00fd park \u2714 Profesion\u00e1lni vodi\u010di \u260e + 421 951 460 615.","breadcrumb":{"@id":"https:\/\/transfereurope.com\/sk\/transfer-z-brna-do-viedne\/#breadcrumb"},"inLanguage":"sk-SK","potentialAction":[{"@type":"ReadAction","target":["https:\/\/transfereurope.com\/sk\/transfer-z-brna-do-viedne\/"]}]},{"@type":"ImageObject","inLanguage":"sk-SK","@id":"https:\/\/transfereurope.com\/sk\/transfer-z-brna-do-viedne\/#primaryimage","url":"https:\/\/transfereurope.com\/wp-content\/uploads\/2025\/08\/Europe-Destinations-Transfers-497-10-1.jpg","contentUrl":"https:\/\/transfereurope.com\/wp-content\/uploads\/2025\/08\/Europe-Destinations-Transfers-497-10-1.jpg","width":1500,"height":2000},{"@type":"BreadcrumbList","@id":"https:\/\/transfereurope.com\/sk\/transfer-z-brna-do-viedne\/#breadcrumb","itemListElement":[{"@type":"ListItem","position":1,"name":"Home","item":"https:\/\/transfereurope.com\/sk\/"},{"@type":"ListItem","position":2,"name":"Transfer z Brna do Viedne"}]},{"@type":"WebSite","@id":"https:\/\/transfereurope.com\/sk\/#website","url":"https:\/\/transfereurope.com\/sk\/","name":"transfereurope","description":"","publisher":{"@id":"https:\/\/transfereurope.com\/sk\/#organization"},"potentialAction":[{"@type":"SearchAction","target":{"@type":"EntryPoint","urlTemplate":"https:\/\/transfereurope.com\/sk\/?s={search_term_string}"},"query-input":{"@type":"PropertyValueSpecification","valueRequired":true,"valueName":"search_term_string"}}],"inLanguage":"sk-SK"},{"@type":"Organization","@id":"https:\/\/transfereurope.com\/sk\/#organization","name":"transfereurope","url":"https:\/\/transfereurope.com\/sk\/","logo":{"@type":"ImageObject","inLanguage":"sk-SK","@id":"https:\/\/transfereurope.com\/sk\/#\/schema\/logo\/image\/","url":"https:\/\/transfereurope.com\/wp-content\/uploads\/2025\/08\/TRANSFERS-1655.png","contentUrl":"https:\/\/transfereurope.com\/wp-content\/uploads\/2025\/08\/TRANSFERS-1655.png","width":500,"height":274,"caption":"transfereurope"},"image":{"@id":"https:\/\/transfereurope.com\/sk\/#\/schema\/logo\/image\/"}}]}},"_links":{"self":[{"href":"https:\/\/transfereurope.com\/sk\/wp-json\/wp\/v2\/pages\/79677","targetHints":{"allow":["GET"]}}],"collection":[{"href":"https:\/\/transfereurope.com\/sk\/wp-json\/wp\/v2\/pages"}],"about":[{"href":"https:\/\/transfereurope.com\/sk\/wp-json\/wp\/v2\/types\/page"}],"author":[{"embeddable":true,"href":"https:\/\/transfereurope.com\/sk\/wp-json\/wp\/v2\/users\/1"}],"replies":[{"embeddable":true,"href":"https:\/\/transfereurope.com\/sk\/wp-json\/wp\/v2\/comments?post=79677"}],"version-history":[{"count":0,"href":"https:\/\/transfereurope.com\/sk\/wp-json\/wp\/v2\/pages\/79677\/revisions"}],"wp:featuredmedia":[{"embeddable":true,"href":"https:\/\/transfereurope.com\/sk\/wp-json\/wp\/v2\/media\/79678"}],"wp:attachment":[{"href":"https:\/\/transfereurope.com\/sk\/wp-json\/wp\/v2\/media?parent=79677"}],"curies":[{"name":"wp","href":"https:\/\/api.w.org\/{rel}","templated":true}]}}