{"id":78672,"date":"2025-08-05T23:20:35","date_gmt":"2025-08-05T23:20:35","guid":{"rendered":"https:\/\/transfereurope.com\/transfer-z-viedne-do-drazdan\/"},"modified":"2025-08-05T23:20:35","modified_gmt":"2025-08-05T23:20:35","slug":"transfer-z-viedne-do-drazdan","status":"publish","type":"page","link":"https:\/\/transfereurope.com\/sk\/transfer-z-viedne-do-drazdan\/","title":{"rendered":"Transfer z Viedne do Dr\u00e1\u017e\u010fan"},"content":{"rendered":"\n<div id=\"t4-masthead\" class=\"t4-section  t4-masthead\">\n<div class=\"t4-col text-center\">\n<div class=\"ja-masthead\" >\n<div class=\"ja-masthead-detail\">\n<h1 class=\"ja-masthead-title\">Transfer z Viedne do Dr\u00e1\u017e\u010fan<\/h1>\n<p>                 <!---->            <\/p>\n<div class=\"block-breadcrumb\">\n<div class=\"moduletable\">\n<div aria-label=\"Breadcrumbs\" role=\"navigation\">\n<ul  class=\"breadcrumb\">\n<li class=\"active\"> \t\t\t\t<span class=\"fas fa-map-marker-alt home-map\"><\/span> \t\t\t<\/li>\n<li itemprop='itemListElement' > \t\t\t\t\t\t\t\t\t\t\t<a  href=\"\/sk\/\" class=\"pathway\"><span itemprop=\"name\">Hlavn\u00e1 str\u00e1nka<\/span><\/a> \t\t\t\t\t \t\t\t\t\t\t\t\t\t\t\t<span class=\"divider\"> \t\t\t\t\t\t\t<i class=\"fa fa-angle-double-right\" aria-hidden=\"true\"><\/i> \t\t\t\t\t\t<\/span> \t\t\t\t\t\t\t\t\t\t<meta  content=\"1\"> \t\t\t\t<\/li>\n<li itemprop='itemListElement' > \t\t\t\t\t\t\t\t\t\t\t<a  href=\"\/sk\/destinacie\" class=\"pathway\"><span itemprop=\"name\">Destin\u00e1cie<\/span><\/a> \t\t\t\t\t \t\t\t\t\t\t\t\t\t\t\t<span class=\"divider\"> \t\t\t\t\t\t\t<i class=\"fa fa-angle-double-right\" aria-hidden=\"true\"><\/i> \t\t\t\t\t\t<\/span> \t\t\t\t\t\t\t\t\t\t<meta  content=\"2\"> \t\t\t\t<\/li>\n<li itemprop='itemListElement' > \t\t\t\t\t\t\t\t\t\t\t<a  href=\"\/sk\/destinacie\/vieden\" class=\"pathway\"><span itemprop=\"name\">Viede\u0148<\/span><\/a> \t\t\t\t\t \t\t\t\t\t\t\t\t\t\t\t<span class=\"divider\"> \t\t\t\t\t\t\t<i class=\"fa fa-angle-double-right\" aria-hidden=\"true\"><\/i> \t\t\t\t\t\t<\/span> \t\t\t\t\t\t\t\t\t\t<meta  content=\"3\"> \t\t\t\t<\/li>\n<li   class=\"active\"> \t\t\t\t\t<span itemprop=\"name\"> \t\t\t\t\t\tTransfer z Viedne do Dr\u00e1\u017e\u010fan\t\t\t\t\t<\/span> \t\t\t\t\t<meta  content=\"4\"> \t\t\t\t<\/li>\n<\/ul><\/div>\n<\/p><\/div>\n<\/p><\/div>\n<\/p><\/div>\n<\/p><\/div>\n<pre><\/pre>\n<\/div>\n<\/div>\n<div id=\"t4-main-body\" class=\"t4-section  t4-main-body\" role=\"main body\">\n<div class=\"t4-section-inner container\">\n<div class=\"t4-row row\">\n<div class=\"t4-col col-12 col-xl\">\n<div id=\"system-message-container\"> \t<\/div>\n<p>       <script type=\"text\/javascript\" ><\/script> <\/p>\n<div class=\"com-content-article item-page view-tour-detail\">\n<div class=\"tour-top-info clearfix\">\n<div class=\"pull-left\">\n<div class=\"category-article-dot\">\n<div class=\"category-name\"> \t\t\t\t\t<a href=\"\/sk\/destinacie\/vieden\" itemprop=\"genre\">Transfery Viede\u0148<\/a> \t\t\t\t<\/div>\n<\/p><\/div>\n<\/p><\/div>\n<div class=\"pull-right\">\n<div class=\"text-danger tour-price\"> \t\t\t\t\t\t<a href=\"\/sk\/rezervovat-transfer\">Rezervova\u0165<\/a><\/div>\n<\/p><\/div>\n<\/p><\/div>\n<p>  \t <!--\t-->  \t<\/p>\n<div class=\"vm-product-container\">\n<figure class=\"pull-left item-image\">\n<div class=\"main-image\"> \t\t<a title=\"Vienna to Dresden Transfer Service\" rel='vm-additional-images' href=\"\/images\/virtuemart\/product\/Italy Milan Transfers (5)7.jpg\"><img decoding=\"async\"  loading=\"lazy\"  src=\"\/wp-content\/uploads\/2025\/08\/Italy-Milan-Transfers-57-5.jpg\"  alt=\"Vienna to Dresden Transfer Service\"  \/><\/a>\t\t<\/p>\n<div class=\"clear\"><\/div>\n<\/p><\/div>\n<\/figure>\n<div class=\"vm-product-details-container\">\n<div class=\"spacer-buy-area\">    \t\t \t\t<\/div>\n<\/p><\/div>\n<div class=\"clear\"><\/div>\n<\/p><\/div>\n<div class=\"product-description\" >\n<p>H\u013ead\u00e1te spo\u013eahliv\u00fa a efekt\u00edvnu prepravn\u00fa slu\u017ebu, ktor\u00e1 v\u00e1s bez probl\u00e9mov doprav\u00ed z Viedne do Dr\u00e1\u017e\u010fan? U\u017e nemus\u00edte h\u013eada\u0165 \u010falej! Viede\u0148 &#8211; Dr\u00e1\u017e\u010fany Transfer je v\u00e1\u0161 \u0161pecializovan\u00fd pren\u00e1jom auta a slu\u017eba s\u00fakromn\u00e9ho vodi\u010da, ktor\u00e1 zabezpe\u010d\u00ed, \u017ee va\u0161a cesta bude pohodln\u00e1, komfortn\u00e1 a bez stresu.<\/p>\n<p style=\"text-align: center;\"><a class=\"btn btn-primary\" href=\"\/sk\/rezervovat-transfer\">Rezervova\u0165<\/a><\/p>\n<h2 style=\"text-align: center;\"><strong>Pre\u010do si vybra\u0165 n\u00e1\u0161 transfer z Viedne do Dr\u00e1\u017e\u010fan?<\/strong><\/h2>\n<ul>\n<li><strong>Profesionalita:<\/strong>\u00a0N\u00e1\u0161 t\u00edm je odhodlan\u00fd poskytn\u00fa\u0165 v\u00e1m najvy\u0161\u0161iu \u00farove\u0148 profesionality a slu\u017eieb z\u00e1kazn\u00edkom.<\/li>\n<li><strong>Dochv\u00ed\u013enos\u0165:<\/strong>\u00a0Sme hrd\u00ed na svoju dochv\u00ed\u013enos\u0165, v\u010faka ktorej sa dostanete do cie\u013ea bez zbyto\u010dn\u00e9ho me\u0161kania.<\/li>\n<li><strong>Bezpe\u010dnos\u0165:<\/strong>\u00a0Va\u0161a bezpe\u010dnos\u0165 je na\u0161ou najvy\u0161\u0161ou prioritou. Dodr\u017eiavame pr\u00edsne bezpe\u010dnostn\u00e9 normy a pre v\u00e1\u0161 pokoj pravidelne vykon\u00e1vame \u00fadr\u017ebu na\u0161ich vozidiel.<\/li>\n<li><strong>Pohodlie:<\/strong>\u00a0Pon\u00fakame pohodln\u00fd a jednoduch\u00fd proces rezerv\u00e1cie, ktor\u00fd v\u00e1m umo\u017en\u00ed zabezpe\u010di\u0165 si transfer len nieko\u013ek\u00fdmi kliknutiami.<\/li>\n<li><strong>Konkuren\u010dn\u00e9 ceny:<\/strong>\u00a0Za na\u0161e \u0161pi\u010dkov\u00e9 slu\u017eby pon\u00fakame konkurencieschopn\u00e9 ceny.<\/li>\n<\/ul>\n<h2 style=\"text-align: center;\">\u00a0<\/h2>\n<h2 style=\"text-align: center;\"><strong>Rezerv\u00e1cia transferu z Viedne do Dr\u00e1\u017e\u010fan\u00a0<\/strong><\/h2>\n<p>Dovo\u013ete, aby sa spolo\u010dnos\u0165 Vienna to Dresden Transfer stala va\u0161ou spo\u013eahlivou vo\u013ebou pre v\u0161etky va\u0161e prepravn\u00e9 potreby. \u010ci u\u017e cestujete slu\u017eobne alebo na dovolenku, n\u00e1\u0161 pren\u00e1jom auta a slu\u017eby s\u00fakromn\u00e9ho vodi\u010da v\u00e1m zaru\u010dia bezprobl\u00e9mov\u00fa cestu. Rezervujte si u n\u00e1s e\u0161te dnes a za\u017eite ten rozdiel.<\/p>\n<p>V pr\u00edpade ot\u00e1zok a rezerv\u00e1ci\u00ed n\u00e1s nev\u00e1hajte kontaktova\u0165. Te\u0161\u00edme sa, \u017ee v\u00e1m budeme m\u00f4c\u0165 posl\u00fa\u017ei\u0165 na va\u0161ej ceste z Viedne do Dr\u00e1\u017e\u010fan.<\/p>\n<p style=\"text-align: center;\"><a class=\"btn btn-primary\" href=\"\/sk\/rezervovat-transfer\">Rezervova\u0165<\/a><\/p>\n<h2 style=\"text-align: center;\"><b>Ako sa dosta\u0165 z Viedne do Dr\u00e1\u017e\u010fan<\/b><\/h2>\n<p>Cestou z Viedne do Dr\u00e1\u017e\u010fan sa v\u00e1m otvor\u00ed svet kult\u00farnych a historick\u00fdch z\u00e1\u017eitkov. Dr\u00e1\u017e\u010fany, zn\u00e1me svojou \u00fa\u017easnou architekt\u00farou a bohatou hist\u00f3riou, s\u00fa mestom, ktor\u00e9 sa oplat\u00ed presk\u00fama\u0165. Tu sa dozviete, ako m\u00f4\u017eete bez probl\u00e9mov absolvova\u0165 cestu z Viedne do Dr\u00e1\u017e\u010fan:<\/p>\n<h3>Automobilom<\/h3>\n<p>Najflexibilnej\u0161\u00ed sp\u00f4sob, ako cestova\u0165 z Viedne do Dr\u00e1\u017e\u010fan, je autom. Cesta trv\u00e1 pribli\u017ene 3,5 a\u017e 4 hodiny a prekon\u00e1va vzdialenos\u0165 pribli\u017ene 250 kilometrov. M\u00f4\u017eete vyu\u017ei\u0165 dia\u013enice A4 a E40, ktor\u00e9 sp\u00e1jaj\u00fa obe mest\u00e1. Nezabudnite si vopred skontrolova\u0165 dopravn\u00e9 podmienky a napl\u00e1nova\u0165 trasu.<\/p>\n<h3>Vlakom<\/h3>\n<p>Pohodlnou a ekologickou vo\u013ebou s\u00fa vlaky. Z Viedne do Dr\u00e1\u017e\u010fan m\u00f4\u017eete cestova\u0165 priamym vlakom, ktor\u00fd zvy\u010dajne odch\u00e1dza z viedenskej hlavnej \u017eelezni\u010dnej stanice (Hauptbahnhof). Cesta trv\u00e1 pribli\u017ene 4 a\u017e 5 hod\u00edn. Nezabudnite si pozrie\u0165 cestovn\u00fd poriadok vlakov a rezervova\u0165 si l\u00edstky vopred, aby ste z\u00edskali najlep\u0161ie ceny.<\/p>\n<h3>Autobusom<\/h3>\n<p>Medzi Vied\u0148ou a Dr\u00e1\u017e\u010fanmi denne prem\u00e1va nieko\u013eko autobusov\u00fdch spolo\u010dnost\u00ed. Cesta autobusom trv\u00e1 pribli\u017ene 5 a\u017e 6 hod\u00edn. Pozrite si r\u00f4zne mo\u017enosti a cestovn\u00e9 poriadky autobusov, aby ste na\u0161li ten, ktor\u00fd vyhovuje va\u0161im cestovn\u00fdm pl\u00e1nom.<\/p>\n<h3>Letecky<\/h3>\n<p>Ak uprednost\u0148ujete r\u00fdchlej\u0161iu mo\u017enos\u0165, m\u00f4\u017eete vyu\u017ei\u0165 let z medzin\u00e1rodn\u00e9ho letiska Viede\u0148 (VIE) na letisko Dr\u00e1\u017e\u010fany (DRS). Let trv\u00e1 pribli\u017ene 1,5 hodiny. Zv\u00e1\u017ete v\u0161ak \u010das potrebn\u00fd na bezpe\u010dnostn\u00fa kontrolu na letisku a prepravu na letisko a z letiska.<\/p>\n<h3>Pren\u00e1jom auta<\/h3>\n<p>Ak nem\u00e1te vlastn\u00e9 auto, m\u00f4\u017eete si ho po\u017ei\u010da\u0165 vo Viedni a vr\u00e1ti\u0165 v Dr\u00e1\u017e\u010fanoch. T\u00e1to mo\u017enos\u0165 pon\u00faka flexibilitu a mo\u017enos\u0165 presk\u00fama\u0165 obe mest\u00e1 a ich okolie vlastn\u00fdm tempom.<\/p>\n<h3>Kombin\u00e1cia dopravy<\/h3>\n<p>V z\u00e1vislosti od v\u00e1\u0161ho programu a preferenci\u00ed m\u00f4\u017eete kombinova\u0165 mo\u017enosti dopravy. M\u00f4\u017eete napr\u00edklad cestova\u0165 vlakom alebo letecky do mesta v bl\u00edzkosti Dr\u00e1\u017e\u010fan a potom pou\u017ei\u0165 miestnu dopravu, aby ste sa dostali do cie\u013eovej destin\u00e1cie.<\/p>\n<p style=\"text-align: center;\"><a class=\"btn btn-primary\" href=\"\/sk\/rezervovat-transfer\">Rezervova\u0165<\/a><\/p>\n<p style=\"text-align: left;\">Nech u\u017e si vyberiete ak\u00fdko\u013evek sp\u00f4sob, cesta z Viedne do Dr\u00e1\u017e\u010fan s\u013eubuje vzru\u0161uj\u00face dobrodru\u017estvo pln\u00e9 kult\u00farnych objavov a malebnej krajiny. U\u017eite si cestovanie!<\/p>\n<\/p><\/div>\n<div class=\"product-price-container\">\n<div class=\"sale-price\"> \t\t<\/div>\n<\/p><\/div>\n<div class=\"options\"><\/div>\n<div> \t\t<\/div>\n<p>   \t  <script type=\"text\/javascript\" ><\/script>  <script type=\"text\/javascript\" ><\/script>  <script type=\"text\/javascript\" ><\/script> <script type=\"text\/javascript\" ><\/script> <script type=\"text\/javascript\" ><\/script> <script type=\"text\/javascript\" ><\/script> <\/div>\n<p> \t\t<!-- \u041f\u043b\u0430\u0433\u0438\u043d \u0440\u0435\u0439\u0442\u0438\u043d\u0433\u0430 --> <\/p>\n<div class=\"vrvote-body\">\n<ul class=\"vrvote-ul\">\n<li id=\"rating_7\" class=\"current-rating\" style=\"width:99.43%;\"><\/li>\n<li> \t\t\t\t\t\t<a class=\"vr-one-star\" onclick=\"javascript:JSVRvote(7,1,174,35,0)\" href=\"javascript:void(null)\">1<\/a> \t\t\t\t\t<\/li>\n<li> \t\t\t\t\t\t<a class=\"vr-two-stars\" onclick=\"javascript:JSVRvote(7,2,174,35,0)\" href=\"javascript:void(null)\">2<\/a> \t\t\t\t\t<\/li>\n<li> \t\t\t\t\t\t<a class=\"vr-three-stars\" onclick=\"javascript:JSVRvote(7,3,174,35,0)\" href=\"javascript:void(null)\">3<\/a> \t\t\t\t\t<\/li>\n<li> \t\t\t\t\t\t<a class=\"vr-four-stars\" onclick=\"javascript:JSVRvote(7,4,174,35,0)\" href=\"javascript:void(null)\">4<\/a> \t\t\t\t\t<\/li>\n<li> \t\t\t\t\t\t<a class=\"vr-five-stars\" onclick=\"javascript:JSVRvote(7,5,174,35,0)\" href=\"javascript:void(null)\">5<\/a> \t\t\t\t\t<\/li>\n<\/ul><\/div>\n<p> \t\t\t<span id=\"vrvote_7\" class=\"vrvote-count\"><small><\/small><\/span>\t<\/span><script type=\"application\/ld+json\"><\/script>   <\/div>\n<div class=\"t4-col sidebar-r col-12 col-xl-4\">\n<div class=\"t4-module module\" id=\"Mod306\">\n<div class=\"module-inner\">\n<div class=\"module-ct\">\n<div class=\"bannergroup\">\n<div class=\"banneritem\"> \t\t\t\t\t\t\t\t\t\t\t\t\t\t\t\t\t\t\t\t\t\t\t\t\t\t\t\t\t\t\t\t\t\t\t\t\t\t\t\t\t\t\t\t\t\t\t\t\t\t<img \t\t\t\t\t\tsrc=\"\/wp-content\/uploads\/2025\/08\/banner-transfer-europe-sk-425.png\" \t\t\t\t\t\talt=\"Banner-sk\" \t\t\t\t\t\t\t\t\t\t\t\t\t\t\t\t\t\/> \t\t\t\t\t\t\t\t\t\t\t<\/p>\n<div class=\"clr\"><\/div>\n<\/p><\/div>\n<\/p><\/div>\n<\/p><\/div>\n<\/div>\n<\/div><\/div>\n<\/p><\/div>\n<\/div><\/div>\n<div id=\"t4-section-8\" class=\"t4-section  t4-section-8  section-border-top\" role=\"section-8\">\n<div class=\"bg-overlay bg-overlay-image\">&nbsp;<\/div>\n<\/p><\/div>\n<p>  <a href='javascript:' id='back-to-top'><i class='fa fa-chevron-up'><\/i><\/a>                <\/p>\n","protected":false},"excerpt":{"rendered":"<p>Transfer z Viedne do Dr\u00e1\u017e\u010fan Hlavn\u00e1 str\u00e1nka Destin\u00e1cie Viede\u0148 Transfer z Viedne do Dr\u00e1\u017e\u010fan Transfery Viede\u0148 Rezervova\u0165 H\u013ead\u00e1te spo\u013eahliv\u00fa a efekt\u00edvnu prepravn\u00fa slu\u017ebu, ktor\u00e1 v\u00e1s bez probl\u00e9mov doprav\u00ed z Viedne do Dr\u00e1\u017e\u010fan? U\u017e nemus\u00edte h\u013eada\u0165 \u010falej! Viede\u0148 &#8211; Dr\u00e1\u017e\u010fany Transfer je v\u00e1\u0161 \u0161pecializovan\u00fd pren\u00e1jom auta a slu\u017eba s\u00fakromn\u00e9ho vodi\u010da, ktor\u00e1 zabezpe\u010d\u00ed, \u017ee va\u0161a cesta bude [&hellip;]<\/p>\n","protected":false},"author":1,"featured_media":78673,"parent":0,"menu_order":0,"comment_status":"closed","ping_status":"closed","template":"","meta":{"footnotes":""},"class_list":["post-78672","page","type-page","status-publish","has-post-thumbnail","hentry"],"yoast_head":"<!-- This site is optimized with the Yoast SEO plugin v25.6 - https:\/\/yoast.com\/wordpress\/plugins\/seo\/ -->\n<title>Transfer z Viedne do Dr\u00e1\u017e\u010fan - Transfer Eur\u00f3pa<\/title>\n<meta name=\"description\" content=\"\u0160of\u00e9rujte z Viedne do Dr\u00e1\u017e\u010fan autom. Zarezervujte si online transfer Viede\u0148 - Dr\u00e1\u017e\u010fany s dopravou Transfer Europe \u2714Ve\u013ek\u00fd vozov\u00fd park \u2714VIP taxi \u2714Bezpe\u010dn\u00e1 platba.\" \/>\n<meta name=\"robots\" content=\"index, follow, max-snippet:-1, max-image-preview:large, max-video-preview:-1\" \/>\n<link rel=\"canonical\" href=\"https:\/\/transfereurope.com\/sk\/transfer-z-viedne-do-drazdan\/\" \/>\n<meta property=\"og:locale\" content=\"sk_SK\" \/>\n<meta property=\"og:type\" content=\"article\" \/>\n<meta property=\"og:title\" content=\"Transfer z Viedne do Dr\u00e1\u017e\u010fan - Transfer Eur\u00f3pa\" \/>\n<meta property=\"og:description\" content=\"\u0160of\u00e9rujte z Viedne do Dr\u00e1\u017e\u010fan autom. Zarezervujte si online transfer Viede\u0148 - Dr\u00e1\u017e\u010fany s dopravou Transfer Europe \u2714Ve\u013ek\u00fd vozov\u00fd park \u2714VIP taxi \u2714Bezpe\u010dn\u00e1 platba.\" \/>\n<meta property=\"og:url\" content=\"https:\/\/transfereurope.com\/sk\/transfer-z-viedne-do-drazdan\/\" \/>\n<meta property=\"og:site_name\" content=\"transfereurope\" \/>\n<meta property=\"og:image\" content=\"https:\/\/transfereurope.com\/wp-content\/uploads\/2025\/08\/Italy-Milan-Transfers-57-5-1.jpg\" \/>\n\t<meta property=\"og:image:width\" content=\"1500\" \/>\n\t<meta property=\"og:image:height\" content=\"2000\" \/>\n\t<meta property=\"og:image:type\" content=\"image\/jpeg\" \/>\n<meta name=\"twitter:card\" content=\"summary_large_image\" \/>\n<meta name=\"twitter:label1\" content=\"Predpokladan\u00fd \u010das \u010d\u00edtania\" \/>\n\t<meta name=\"twitter:data1\" content=\"3 min\u00faty\" \/>\n<script type=\"application\/ld+json\" class=\"yoast-schema-graph\">{\"@context\":\"https:\/\/schema.org\",\"@graph\":[{\"@type\":\"WebPage\",\"@id\":\"https:\/\/transfereurope.com\/sk\/transfer-z-viedne-do-drazdan\/\",\"url\":\"https:\/\/transfereurope.com\/sk\/transfer-z-viedne-do-drazdan\/\",\"name\":\"Transfer z Viedne do Dr\u00e1\u017e\u010fan - Transfer Eur\u00f3pa\",\"isPartOf\":{\"@id\":\"https:\/\/transfereurope.com\/sk\/#website\"},\"primaryImageOfPage\":{\"@id\":\"https:\/\/transfereurope.com\/sk\/transfer-z-viedne-do-drazdan\/#primaryimage\"},\"image\":{\"@id\":\"https:\/\/transfereurope.com\/sk\/transfer-z-viedne-do-drazdan\/#primaryimage\"},\"thumbnailUrl\":\"https:\/\/transfereurope.com\/wp-content\/uploads\/2025\/08\/Italy-Milan-Transfers-57-5-1.jpg\",\"datePublished\":\"2025-08-05T23:20:35+00:00\",\"description\":\"\u0160of\u00e9rujte z Viedne do Dr\u00e1\u017e\u010fan autom. Zarezervujte si online transfer Viede\u0148 - Dr\u00e1\u017e\u010fany s dopravou Transfer Europe \u2714Ve\u013ek\u00fd vozov\u00fd park \u2714VIP taxi \u2714Bezpe\u010dn\u00e1 platba.\",\"breadcrumb\":{\"@id\":\"https:\/\/transfereurope.com\/sk\/transfer-z-viedne-do-drazdan\/#breadcrumb\"},\"inLanguage\":\"sk-SK\",\"potentialAction\":[{\"@type\":\"ReadAction\",\"target\":[\"https:\/\/transfereurope.com\/sk\/transfer-z-viedne-do-drazdan\/\"]}]},{\"@type\":\"ImageObject\",\"inLanguage\":\"sk-SK\",\"@id\":\"https:\/\/transfereurope.com\/sk\/transfer-z-viedne-do-drazdan\/#primaryimage\",\"url\":\"https:\/\/transfereurope.com\/wp-content\/uploads\/2025\/08\/Italy-Milan-Transfers-57-5-1.jpg\",\"contentUrl\":\"https:\/\/transfereurope.com\/wp-content\/uploads\/2025\/08\/Italy-Milan-Transfers-57-5-1.jpg\",\"width\":1500,\"height\":2000},{\"@type\":\"BreadcrumbList\",\"@id\":\"https:\/\/transfereurope.com\/sk\/transfer-z-viedne-do-drazdan\/#breadcrumb\",\"itemListElement\":[{\"@type\":\"ListItem\",\"position\":1,\"name\":\"Home\",\"item\":\"https:\/\/transfereurope.com\/sk\/\"},{\"@type\":\"ListItem\",\"position\":2,\"name\":\"Transfer z Viedne do Dr\u00e1\u017e\u010fan\"}]},{\"@type\":\"WebSite\",\"@id\":\"https:\/\/transfereurope.com\/sk\/#website\",\"url\":\"https:\/\/transfereurope.com\/sk\/\",\"name\":\"transfereurope\",\"description\":\"\",\"publisher\":{\"@id\":\"https:\/\/transfereurope.com\/sk\/#organization\"},\"potentialAction\":[{\"@type\":\"SearchAction\",\"target\":{\"@type\":\"EntryPoint\",\"urlTemplate\":\"https:\/\/transfereurope.com\/sk\/?s={search_term_string}\"},\"query-input\":{\"@type\":\"PropertyValueSpecification\",\"valueRequired\":true,\"valueName\":\"search_term_string\"}}],\"inLanguage\":\"sk-SK\"},{\"@type\":\"Organization\",\"@id\":\"https:\/\/transfereurope.com\/sk\/#organization\",\"name\":\"transfereurope\",\"url\":\"https:\/\/transfereurope.com\/sk\/\",\"logo\":{\"@type\":\"ImageObject\",\"inLanguage\":\"sk-SK\",\"@id\":\"https:\/\/transfereurope.com\/sk\/#\/schema\/logo\/image\/\",\"url\":\"https:\/\/transfereurope.com\/wp-content\/uploads\/2025\/08\/TRANSFERS-1655.png\",\"contentUrl\":\"https:\/\/transfereurope.com\/wp-content\/uploads\/2025\/08\/TRANSFERS-1655.png\",\"width\":500,\"height\":274,\"caption\":\"transfereurope\"},\"image\":{\"@id\":\"https:\/\/transfereurope.com\/sk\/#\/schema\/logo\/image\/\"}}]}<\/script>\n<!-- \/ Yoast SEO plugin. -->","yoast_head_json":{"title":"Transfer z Viedne do Dr\u00e1\u017e\u010fan - Transfer Eur\u00f3pa","description":"\u0160of\u00e9rujte z Viedne do Dr\u00e1\u017e\u010fan autom. Zarezervujte si online transfer Viede\u0148 - Dr\u00e1\u017e\u010fany s dopravou Transfer Europe \u2714Ve\u013ek\u00fd vozov\u00fd park \u2714VIP taxi \u2714Bezpe\u010dn\u00e1 platba.","robots":{"index":"index","follow":"follow","max-snippet":"max-snippet:-1","max-image-preview":"max-image-preview:large","max-video-preview":"max-video-preview:-1"},"canonical":"https:\/\/transfereurope.com\/sk\/transfer-z-viedne-do-drazdan\/","og_locale":"sk_SK","og_type":"article","og_title":"Transfer z Viedne do Dr\u00e1\u017e\u010fan - Transfer Eur\u00f3pa","og_description":"\u0160of\u00e9rujte z Viedne do Dr\u00e1\u017e\u010fan autom. Zarezervujte si online transfer Viede\u0148 - Dr\u00e1\u017e\u010fany s dopravou Transfer Europe \u2714Ve\u013ek\u00fd vozov\u00fd park \u2714VIP taxi \u2714Bezpe\u010dn\u00e1 platba.","og_url":"https:\/\/transfereurope.com\/sk\/transfer-z-viedne-do-drazdan\/","og_site_name":"transfereurope","og_image":[{"width":1500,"height":2000,"url":"https:\/\/transfereurope.com\/wp-content\/uploads\/2025\/08\/Italy-Milan-Transfers-57-5-1.jpg","type":"image\/jpeg"}],"twitter_card":"summary_large_image","twitter_misc":{"Predpokladan\u00fd \u010das \u010d\u00edtania":"3 min\u00faty"},"schema":{"@context":"https:\/\/schema.org","@graph":[{"@type":"WebPage","@id":"https:\/\/transfereurope.com\/sk\/transfer-z-viedne-do-drazdan\/","url":"https:\/\/transfereurope.com\/sk\/transfer-z-viedne-do-drazdan\/","name":"Transfer z Viedne do Dr\u00e1\u017e\u010fan - Transfer Eur\u00f3pa","isPartOf":{"@id":"https:\/\/transfereurope.com\/sk\/#website"},"primaryImageOfPage":{"@id":"https:\/\/transfereurope.com\/sk\/transfer-z-viedne-do-drazdan\/#primaryimage"},"image":{"@id":"https:\/\/transfereurope.com\/sk\/transfer-z-viedne-do-drazdan\/#primaryimage"},"thumbnailUrl":"https:\/\/transfereurope.com\/wp-content\/uploads\/2025\/08\/Italy-Milan-Transfers-57-5-1.jpg","datePublished":"2025-08-05T23:20:35+00:00","description":"\u0160of\u00e9rujte z Viedne do Dr\u00e1\u017e\u010fan autom. Zarezervujte si online transfer Viede\u0148 - Dr\u00e1\u017e\u010fany s dopravou Transfer Europe \u2714Ve\u013ek\u00fd vozov\u00fd park \u2714VIP taxi \u2714Bezpe\u010dn\u00e1 platba.","breadcrumb":{"@id":"https:\/\/transfereurope.com\/sk\/transfer-z-viedne-do-drazdan\/#breadcrumb"},"inLanguage":"sk-SK","potentialAction":[{"@type":"ReadAction","target":["https:\/\/transfereurope.com\/sk\/transfer-z-viedne-do-drazdan\/"]}]},{"@type":"ImageObject","inLanguage":"sk-SK","@id":"https:\/\/transfereurope.com\/sk\/transfer-z-viedne-do-drazdan\/#primaryimage","url":"https:\/\/transfereurope.com\/wp-content\/uploads\/2025\/08\/Italy-Milan-Transfers-57-5-1.jpg","contentUrl":"https:\/\/transfereurope.com\/wp-content\/uploads\/2025\/08\/Italy-Milan-Transfers-57-5-1.jpg","width":1500,"height":2000},{"@type":"BreadcrumbList","@id":"https:\/\/transfereurope.com\/sk\/transfer-z-viedne-do-drazdan\/#breadcrumb","itemListElement":[{"@type":"ListItem","position":1,"name":"Home","item":"https:\/\/transfereurope.com\/sk\/"},{"@type":"ListItem","position":2,"name":"Transfer z Viedne do Dr\u00e1\u017e\u010fan"}]},{"@type":"WebSite","@id":"https:\/\/transfereurope.com\/sk\/#website","url":"https:\/\/transfereurope.com\/sk\/","name":"transfereurope","description":"","publisher":{"@id":"https:\/\/transfereurope.com\/sk\/#organization"},"potentialAction":[{"@type":"SearchAction","target":{"@type":"EntryPoint","urlTemplate":"https:\/\/transfereurope.com\/sk\/?s={search_term_string}"},"query-input":{"@type":"PropertyValueSpecification","valueRequired":true,"valueName":"search_term_string"}}],"inLanguage":"sk-SK"},{"@type":"Organization","@id":"https:\/\/transfereurope.com\/sk\/#organization","name":"transfereurope","url":"https:\/\/transfereurope.com\/sk\/","logo":{"@type":"ImageObject","inLanguage":"sk-SK","@id":"https:\/\/transfereurope.com\/sk\/#\/schema\/logo\/image\/","url":"https:\/\/transfereurope.com\/wp-content\/uploads\/2025\/08\/TRANSFERS-1655.png","contentUrl":"https:\/\/transfereurope.com\/wp-content\/uploads\/2025\/08\/TRANSFERS-1655.png","width":500,"height":274,"caption":"transfereurope"},"image":{"@id":"https:\/\/transfereurope.com\/sk\/#\/schema\/logo\/image\/"}}]}},"_links":{"self":[{"href":"https:\/\/transfereurope.com\/sk\/wp-json\/wp\/v2\/pages\/78672","targetHints":{"allow":["GET"]}}],"collection":[{"href":"https:\/\/transfereurope.com\/sk\/wp-json\/wp\/v2\/pages"}],"about":[{"href":"https:\/\/transfereurope.com\/sk\/wp-json\/wp\/v2\/types\/page"}],"author":[{"embeddable":true,"href":"https:\/\/transfereurope.com\/sk\/wp-json\/wp\/v2\/users\/1"}],"replies":[{"embeddable":true,"href":"https:\/\/transfereurope.com\/sk\/wp-json\/wp\/v2\/comments?post=78672"}],"version-history":[{"count":0,"href":"https:\/\/transfereurope.com\/sk\/wp-json\/wp\/v2\/pages\/78672\/revisions"}],"wp:featuredmedia":[{"embeddable":true,"href":"https:\/\/transfereurope.com\/sk\/wp-json\/wp\/v2\/media\/78673"}],"wp:attachment":[{"href":"https:\/\/transfereurope.com\/sk\/wp-json\/wp\/v2\/media?parent=78672"}],"curies":[{"name":"wp","href":"https:\/\/api.w.org\/{rel}","templated":true}]}}