{"id":73761,"date":"2025-08-05T21:42:31","date_gmt":"2025-08-05T21:42:31","guid":{"rendered":"https:\/\/transfereurope.com\/destinations\/budapest\/"},"modified":"2025-08-05T21:42:58","modified_gmt":"2025-08-05T21:42:58","slug":"budapest","status":"publish","type":"page","link":"https:\/\/transfereurope.com\/sk\/budapest\/","title":{"rendered":"Budape\u0161\u0165 Osobn\u00e1 preprava"},"content":{"rendered":"\n<div id=\"t4-masthead\" class=\"t4-section  t4-masthead\">\n<div class=\"t4-col text-center\">\n<div class=\"ja-masthead\" >\n<div class=\"ja-masthead-detail\">                 <!---->            <\/p>\n<div class=\"block-breadcrumb\">\n<div class=\"moduletable\">\n<div aria-label=\"Breadcrumbs\" role=\"navigation\">\n<ul  class=\"breadcrumb\">\n<li class=\"active\"> \t\t\t\t<span class=\"fas fa-map-marker-alt home-map\"><\/span> \t\t\t<\/li>\n<li itemprop='itemListElement' > \t\t\t\t\t\t\t\t\t\t\t<a  href=\"\/sk\/\" class=\"pathway\"><span itemprop=\"name\">Hlavn\u00e1 str\u00e1nka<\/span><\/a> \t\t\t\t\t \t\t\t\t\t\t\t\t\t\t\t<span class=\"divider\"> \t\t\t\t\t\t\t<i class=\"fa fa-angle-double-right\" aria-hidden=\"true\"><\/i> \t\t\t\t\t\t<\/span> \t\t\t\t\t\t\t\t\t\t<meta  content=\"1\"> \t\t\t\t<\/li>\n<li itemprop='itemListElement' > \t\t\t\t\t\t\t\t\t\t\t<a  href=\"\/sk\/destinacie\" class=\"pathway\"><span itemprop=\"name\">Destin\u00e1cie<\/span><\/a> \t\t\t\t\t \t\t\t\t\t\t\t\t\t\t\t<span class=\"divider\"> \t\t\t\t\t\t\t<i class=\"fa fa-angle-double-right\" aria-hidden=\"true\"><\/i> \t\t\t\t\t\t<\/span> \t\t\t\t\t\t\t\t\t\t<meta  content=\"2\"> \t\t\t\t<\/li>\n<li   class=\"active\"> \t\t\t\t\t<span itemprop=\"name\"> \t\t\t\t\t\tBudape\u0161\u0165\t\t\t\t\t<\/span> \t\t\t\t\t<meta  content=\"3\"> \t\t\t\t<\/li>\n<\/ul><\/div>\n<\/p><\/div>\n<\/p><\/div>\n<\/p><\/div>\n<\/p><\/div>\n<pre><\/pre>\n<\/div>\n<\/div>\n<div id=\"t4-main-body\" class=\"t4-section  t4-main-body\" role=\"main body\">\n<div class=\"t4-section-inner container\">\n<div class=\"t4-row row\">\n<div class=\"t4-col col-12 col-xl\">\n<div id=\"system-message-container\"> \t<\/div>\n<div class=\"com-content-category-blog blog layout-view-tours-list\">\n<div class=\"browse-view\">\n<div class=\"page-subheader clearfix\">\n<h1 class=\"page-subtitle\"> \t\t\t<span class=\"subheading-category\">Budape\u0161\u0165 Osobn\u00e1 preprava<\/span> \t\t<\/h1>\n<\/p><\/div>\n<div class=\"items-row cols-2 row-0 row\">\n<div class=\"col-12 col-lg-6\">\n<div class=\"item\" data-vm=\"product-container\">\n<figure class=\"pull-right item-image\">  \t\t\t\t\t<a title=\"Transfer z Budape\u0161ti do Prahy\" href=\"\/sk\/destinacie\/budapest\/transfer-z-budapesti-do-prahy\"> \t\t\t\t\t\t<img decoding=\"async\"  class=\"browseProductImage\"  loading=\"lazy\"  src=\"\/wp-content\/uploads\/2025\/08\/Europe-Destinations-Transfers-364-11.jpg\"  alt=\"Budapest to Prague Transfer Service\"  \/>\t\t\t\t\t<\/a><figcaption class=\"caption\">Transfer z Budape\u0161ti do Prahy<\/figcaption><\/figure>\n<div class=\"item-content\">\n<div class=\"category-article-dot\">\n<div class=\"category-name\"> \t\t\t\t\t<a href=\"\/\" itemprop=\"genre\"> \t\t\t\t\t\tBudape\u0161\u0165 Osobn\u00e1 preprava\t\t\t\t\t<\/a> \t\t\t\t\t<\/div>\n<\/p><\/div>\n<div class=\"page-header\">\n<h2 itemprop=\"headline\"> \t\t\t\t\t<a href=\"\/sk\/destinacie\/budapest\/transfer-z-budapesti-do-prahy\" itemprop=\"url\">Transfer z Budape\u0161ti do Prahy<\/a> \t\t\t\t<\/h2>\n<\/p><\/div>\n<div class=\"text-danger tour-price\"> \t\t\t\t<a href=\"\/sk\/rezervovat-transfer\">Rezervova\u0165<\/a>\t\t\t\t<\/div>\n<\/p><\/div>\n<\/p><\/div>\n<\/p><\/div>\n<div class=\"col-12 col-lg-6\">\n<div class=\"item\" data-vm=\"product-container\">\n<figure class=\"pull-right item-image\">  \t\t\t\t\t<a title=\"Transfer z Budape\u0161ti do Brna\" href=\"\/sk\/destinacie\/budapest\/transfer-z-budapesti-do-brna\"> \t\t\t\t\t\t<img decoding=\"async\"  class=\"browseProductImage\"  loading=\"lazy\"  src=\"\/wp-content\/uploads\/2025\/08\/Europe-Destinations-Transfers-193-10.jpg\"  alt=\"Budapest to Brno Transfer Service\"  \/>\t\t\t\t\t<\/a><figcaption class=\"caption\">Transfer z Budape\u0161ti do Brna<\/figcaption><\/figure>\n<div class=\"item-content\">\n<div class=\"category-article-dot\">\n<div class=\"category-name\"> \t\t\t\t\t<a href=\"\/\" itemprop=\"genre\"> \t\t\t\t\t\tBudape\u0161\u0165 Osobn\u00e1 preprava\t\t\t\t\t<\/a> \t\t\t\t\t<\/div>\n<\/p><\/div>\n<div class=\"page-header\">\n<h2 itemprop=\"headline\"> \t\t\t\t\t<a href=\"\/sk\/destinacie\/budapest\/transfer-z-budapesti-do-brna\" itemprop=\"url\">Transfer z Budape\u0161ti do Brna<\/a> \t\t\t\t<\/h2>\n<\/p><\/div>\n<div class=\"text-danger tour-price\"> \t\t\t\t<a href=\"\/sk\/rezervovat-transfer\">Rezervova\u0165<\/a>\t\t\t\t<\/div>\n<\/p><\/div>\n<\/p><\/div>\n<\/p><\/div>\n<div class=\"clear\"><\/div>\n<\/p><\/div>\n<div class=\"horizontal-separator\"><\/div>\n<div class=\"items-row cols-2 row-0 row\">\n<div class=\"col-12 col-lg-6\">\n<div class=\"item\" data-vm=\"product-container\">\n<figure class=\"pull-right item-image\">  \t\t\t\t\t<a title=\"Transfer z budape\u0161tianskeho letiska do Budape\u0161ti\" href=\"\/sk\/destinacie\/budapest\/transfer-z-budapestianskeho-letiska-do-budapesti\"> \t\t\t\t\t\t<img decoding=\"async\"  class=\"browseProductImage\"  loading=\"lazy\"  src=\"\/wp-content\/uploads\/2025\/08\/Europe-Destinations-Transfers-427-10.jpg\"  alt=\"Budapest Airport to Budapest city Transfer Service\"  \/>\t\t\t\t\t<\/a><figcaption class=\"caption\">Transfer z budape\u0161tianskeho letiska do Budape\u0161ti<\/figcaption><\/figure>\n<div class=\"item-content\">\n<div class=\"category-article-dot\">\n<div class=\"category-name\"> \t\t\t\t\t<a href=\"\/\" itemprop=\"genre\"> \t\t\t\t\t\tBudape\u0161\u0165 Osobn\u00e1 preprava\t\t\t\t\t<\/a> \t\t\t\t\t<\/div>\n<\/p><\/div>\n<div class=\"page-header\">\n<h2 itemprop=\"headline\"> \t\t\t\t\t<a href=\"\/sk\/destinacie\/budapest\/transfer-z-budapestianskeho-letiska-do-budapesti\" itemprop=\"url\">Transfer z budape\u0161tianskeho letiska do Budape\u0161ti<\/a> \t\t\t\t<\/h2>\n<\/p><\/div>\n<div class=\"text-danger tour-price\"> \t\t\t\t<a href=\"\/sk\/rezervovat-transfer\">Rezervova\u0165<\/a>\t\t\t\t<\/div>\n<\/p><\/div>\n<\/p><\/div>\n<\/p><\/div>\n<div class=\"col-12 col-lg-6\">\n<div class=\"item\" data-vm=\"product-container\">\n<figure class=\"pull-right item-image\">  \t\t\t\t\t<a title=\"Transfer z Budape\u0161ti do Bratislavy\" href=\"\/sk\/destinacie\/budapest\/transfer-z-budapesti-do-bratislavy\"> \t\t\t\t\t\t<img decoding=\"async\"  class=\"browseProductImage\"  loading=\"lazy\"  src=\"\/wp-content\/uploads\/2025\/08\/Italy-Milan-Transfers-5298-10.jpg\"  alt=\"Budapest to Bratislava Transfer Service\"  \/>\t\t\t\t\t<\/a><figcaption class=\"caption\">Transfer z Budape\u0161ti do Bratislavy<\/figcaption><\/figure>\n<div class=\"item-content\">\n<div class=\"category-article-dot\">\n<div class=\"category-name\"> \t\t\t\t\t<a href=\"\/\" itemprop=\"genre\"> \t\t\t\t\t\tBudape\u0161\u0165 Osobn\u00e1 preprava\t\t\t\t\t<\/a> \t\t\t\t\t<\/div>\n<\/p><\/div>\n<div class=\"page-header\">\n<h2 itemprop=\"headline\"> \t\t\t\t\t<a href=\"\/sk\/destinacie\/budapest\/transfer-z-budapesti-do-bratislavy\" itemprop=\"url\">Transfer z Budape\u0161ti do Bratislavy<\/a> \t\t\t\t<\/h2>\n<\/p><\/div>\n<div class=\"text-danger tour-price\"> \t\t\t\t<a href=\"\/sk\/rezervovat-transfer\">Rezervova\u0165<\/a>\t\t\t\t<\/div>\n<\/p><\/div>\n<\/p><\/div>\n<\/p><\/div>\n<div class=\"clear\"><\/div>\n<\/p><\/div>\n<div class=\"vm-pagination vm-pagination-bottom\">\n<ul>\n<li class=\"pagination-start\"><span class=\"pagenav\"><\/span><\/li>\n<li class=\"pagination-prev\"><span class=\"pagenav\"><\/span><\/li>\n<li><span class=\"pagenav\">1<\/span><\/li>\n<li><a  title=\"2\" href=\"\/sk\/destinacie\/budapest?start=4\" class=\"pagenav\">2<\/a><\/li>\n<li class=\"pagination-next\"><a rel=\"next\" title=\"\" href=\"\/sk\/destinacie\/budapest?start=4\" class=\"pagenav\"><\/a><\/li>\n<li class=\"pagination-end\"><a rel=\"next\" title=\"\" href=\"\/sk\/destinacie\/budapest?start=4\" class=\"pagenav\"><\/a><\/li>\n<\/ul>\n<p><span class=\"vm-page-counter\">Strana 1 z 2<\/span><\/div>\n<\/p><\/div>\n<\/p><\/div>\n<p>  <!-- end browse-view --> <\/p>\n<div class=\"vrvote-body\">\n<ul class=\"vrvote-ul\">\n<li id=\"rating_6\" class=\"current-rating\" style=\"width:99.29%;\"><\/li>\n<li> \t\t\t\t\t\t<a class=\"vr-one-star\" onclick=\"javascript:JSVRvote(6,1,139,28,0)\" href=\"javascript:void(null)\">1<\/a> \t\t\t\t\t<\/li>\n<li> \t\t\t\t\t\t<a class=\"vr-two-stars\" onclick=\"javascript:JSVRvote(6,2,139,28,0)\" href=\"javascript:void(null)\">2<\/a> \t\t\t\t\t<\/li>\n<li> \t\t\t\t\t\t<a class=\"vr-three-stars\" onclick=\"javascript:JSVRvote(6,3,139,28,0)\" href=\"javascript:void(null)\">3<\/a> \t\t\t\t\t<\/li>\n<li> \t\t\t\t\t\t<a class=\"vr-four-stars\" onclick=\"javascript:JSVRvote(6,4,139,28,0)\" href=\"javascript:void(null)\">4<\/a> \t\t\t\t\t<\/li>\n<li> \t\t\t\t\t\t<a class=\"vr-five-stars\" onclick=\"javascript:JSVRvote(6,5,139,28,0)\" href=\"javascript:void(null)\">5<\/a> \t\t\t\t\t<\/li>\n<\/ul><\/div>\n<p> \t\t\t<span id=\"vrvote_6\" class=\"vrvote-count\"><small><\/small><\/span>\t<\/span><script type=\"application\/ld+json\"><\/script>  <\/p>\n<div class=\"category_description\"> \t<\/div>\n<p>       <script type=\"text\/javascript\" ><\/script>  <script type=\"text\/javascript\" ><\/script> <script type=\"text\/javascript\" ><\/script>  <script type=\"text\/javascript\" ><\/script>  <\/div>\n<div class=\"t4-col sidebar-r col-12 col-xl-4\">\n<div class=\"t4-module module\" id=\"Mod306\">\n<div class=\"module-inner\">\n<div class=\"module-ct\">\n<div class=\"bannergroup\">\n<div class=\"banneritem\"> \t\t\t\t\t\t\t\t\t\t\t\t\t\t\t\t\t\t\t\t\t\t\t\t\t\t\t\t\t\t\t\t\t\t\t\t\t\t\t\t\t\t\t\t\t\t\t\t\t\t<img \t\t\t\t\t\tsrc=\"\/wp-content\/uploads\/2025\/08\/banner-transfer-europe-sk-419.png\" \t\t\t\t\t\talt=\"Banner-sk\" \t\t\t\t\t\t\t\t\t\t\t\t\t\t\t\t\t\/> \t\t\t\t\t\t\t\t\t\t\t<\/p>\n<div class=\"clr\"><\/div>\n<\/p><\/div>\n<\/p><\/div>\n<\/p><\/div>\n<\/div>\n<\/div><\/div>\n<\/p><\/div>\n<\/div><\/div>\n<div id=\"t4-section-8\" class=\"t4-section  t4-section-8  section-border-top\" role=\"section-8\">\n<div class=\"bg-overlay bg-overlay-image\">&nbsp;<\/div>\n<\/p><\/div>\n<p>  <a href='javascript:' id='back-to-top'><i class='fa fa-chevron-up'><\/i><\/a>                <\/p>\n","protected":false},"excerpt":{"rendered":"<p>Hlavn\u00e1 str\u00e1nka Destin\u00e1cie Budape\u0161\u0165 Budape\u0161\u0165 Osobn\u00e1 preprava Transfer z Budape\u0161ti do Prahy Budape\u0161\u0165 Osobn\u00e1 preprava Transfer z Budape\u0161ti do Prahy Rezervova\u0165 Transfer z Budape\u0161ti do Brna Budape\u0161\u0165 Osobn\u00e1 preprava Transfer z Budape\u0161ti do Brna Rezervova\u0165 Transfer z budape\u0161tianskeho letiska do Budape\u0161ti Budape\u0161\u0165 Osobn\u00e1 preprava Transfer z budape\u0161tianskeho letiska do Budape\u0161ti Rezervova\u0165 Transfer z Budape\u0161ti do [&hellip;]<\/p>\n","protected":false},"author":1,"featured_media":73762,"parent":0,"menu_order":0,"comment_status":"closed","ping_status":"closed","template":"","meta":{"footnotes":""},"class_list":["post-73761","page","type-page","status-publish","has-post-thumbnail","hentry"],"yoast_head":"<!-- This site is optimized with the Yoast SEO plugin v25.6 - https:\/\/yoast.com\/wordpress\/plugins\/seo\/ -->\n<title>Objednajte si prevod v Budape\u0161ti. Po\u017ei\u010dov\u0148a automobilov s vodi\u010dom<\/title>\n<meta name=\"description\" content=\"Pren\u00e1jom auta s vodi\u010dom v Budape\u0161ti. Zarezervujte si transfer online v Budape\u0161ti \u2714 Ve\u013ek\u00fd vozov\u00fd park \u2714 Profesion\u00e1lni vodi\u010di \u260e +421 940 904 184\" \/>\n<meta name=\"robots\" content=\"index, follow, max-snippet:-1, max-image-preview:large, max-video-preview:-1\" \/>\n<link rel=\"canonical\" href=\"https:\/\/transfereurope.com\/sk\/budapest\/\" \/>\n<meta property=\"og:locale\" content=\"sk_SK\" \/>\n<meta property=\"og:type\" content=\"article\" \/>\n<meta property=\"og:title\" content=\"Objednajte si prevod v Budape\u0161ti. Po\u017ei\u010dov\u0148a automobilov s vodi\u010dom\" \/>\n<meta property=\"og:description\" content=\"Pren\u00e1jom auta s vodi\u010dom v Budape\u0161ti. Zarezervujte si transfer online v Budape\u0161ti \u2714 Ve\u013ek\u00fd vozov\u00fd park \u2714 Profesion\u00e1lni vodi\u010di \u260e +421 940 904 184\" \/>\n<meta property=\"og:url\" content=\"https:\/\/transfereurope.com\/sk\/budapest\/\" \/>\n<meta property=\"og:site_name\" content=\"transfereurope\" \/>\n<meta property=\"article:modified_time\" content=\"2025-08-05T21:42:58+00:00\" \/>\n<meta property=\"og:image\" content=\"https:\/\/transfereurope.com\/wp-content\/uploads\/2025\/08\/Europe-Destinations-Transfers-364-10-1.jpg\" \/>\n\t<meta property=\"og:image:width\" content=\"1500\" \/>\n\t<meta property=\"og:image:height\" content=\"2000\" \/>\n\t<meta property=\"og:image:type\" content=\"image\/jpeg\" \/>\n<meta name=\"twitter:card\" content=\"summary_large_image\" \/>\n<script type=\"application\/ld+json\" class=\"yoast-schema-graph\">{\"@context\":\"https:\/\/schema.org\",\"@graph\":[{\"@type\":\"WebPage\",\"@id\":\"https:\/\/transfereurope.com\/sk\/budapest\/\",\"url\":\"https:\/\/transfereurope.com\/sk\/budapest\/\",\"name\":\"Objednajte si prevod v Budape\u0161ti. Po\u017ei\u010dov\u0148a automobilov s vodi\u010dom\",\"isPartOf\":{\"@id\":\"https:\/\/transfereurope.com\/sk\/#website\"},\"primaryImageOfPage\":{\"@id\":\"https:\/\/transfereurope.com\/sk\/budapest\/#primaryimage\"},\"image\":{\"@id\":\"https:\/\/transfereurope.com\/sk\/budapest\/#primaryimage\"},\"thumbnailUrl\":\"https:\/\/transfereurope.com\/wp-content\/uploads\/2025\/08\/Europe-Destinations-Transfers-364-10-1.jpg\",\"datePublished\":\"2025-08-05T21:42:31+00:00\",\"dateModified\":\"2025-08-05T21:42:58+00:00\",\"description\":\"Pren\u00e1jom auta s vodi\u010dom v Budape\u0161ti. Zarezervujte si transfer online v Budape\u0161ti \u2714 Ve\u013ek\u00fd vozov\u00fd park \u2714 Profesion\u00e1lni vodi\u010di \u260e +421 940 904 184\",\"breadcrumb\":{\"@id\":\"https:\/\/transfereurope.com\/sk\/budapest\/#breadcrumb\"},\"inLanguage\":\"sk-SK\",\"potentialAction\":[{\"@type\":\"ReadAction\",\"target\":[\"https:\/\/transfereurope.com\/sk\/budapest\/\"]}]},{\"@type\":\"ImageObject\",\"inLanguage\":\"sk-SK\",\"@id\":\"https:\/\/transfereurope.com\/sk\/budapest\/#primaryimage\",\"url\":\"https:\/\/transfereurope.com\/wp-content\/uploads\/2025\/08\/Europe-Destinations-Transfers-364-10-1.jpg\",\"contentUrl\":\"https:\/\/transfereurope.com\/wp-content\/uploads\/2025\/08\/Europe-Destinations-Transfers-364-10-1.jpg\",\"width\":1500,\"height\":2000},{\"@type\":\"BreadcrumbList\",\"@id\":\"https:\/\/transfereurope.com\/sk\/budapest\/#breadcrumb\",\"itemListElement\":[{\"@type\":\"ListItem\",\"position\":1,\"name\":\"Home\",\"item\":\"https:\/\/transfereurope.com\/sk\/\"},{\"@type\":\"ListItem\",\"position\":2,\"name\":\"Budape\u0161\u0165 Osobn\u00e1 preprava\"}]},{\"@type\":\"WebSite\",\"@id\":\"https:\/\/transfereurope.com\/sk\/#website\",\"url\":\"https:\/\/transfereurope.com\/sk\/\",\"name\":\"transfereurope\",\"description\":\"\",\"publisher\":{\"@id\":\"https:\/\/transfereurope.com\/sk\/#organization\"},\"potentialAction\":[{\"@type\":\"SearchAction\",\"target\":{\"@type\":\"EntryPoint\",\"urlTemplate\":\"https:\/\/transfereurope.com\/sk\/?s={search_term_string}\"},\"query-input\":{\"@type\":\"PropertyValueSpecification\",\"valueRequired\":true,\"valueName\":\"search_term_string\"}}],\"inLanguage\":\"sk-SK\"},{\"@type\":\"Organization\",\"@id\":\"https:\/\/transfereurope.com\/sk\/#organization\",\"name\":\"transfereurope\",\"url\":\"https:\/\/transfereurope.com\/sk\/\",\"logo\":{\"@type\":\"ImageObject\",\"inLanguage\":\"sk-SK\",\"@id\":\"https:\/\/transfereurope.com\/sk\/#\/schema\/logo\/image\/\",\"url\":\"https:\/\/transfereurope.com\/wp-content\/uploads\/2025\/08\/TRANSFERS-1655.png\",\"contentUrl\":\"https:\/\/transfereurope.com\/wp-content\/uploads\/2025\/08\/TRANSFERS-1655.png\",\"width\":500,\"height\":274,\"caption\":\"transfereurope\"},\"image\":{\"@id\":\"https:\/\/transfereurope.com\/sk\/#\/schema\/logo\/image\/\"}}]}<\/script>\n<!-- \/ Yoast SEO plugin. -->","yoast_head_json":{"title":"Objednajte si prevod v Budape\u0161ti. Po\u017ei\u010dov\u0148a automobilov s vodi\u010dom","description":"Pren\u00e1jom auta s vodi\u010dom v Budape\u0161ti. Zarezervujte si transfer online v Budape\u0161ti \u2714 Ve\u013ek\u00fd vozov\u00fd park \u2714 Profesion\u00e1lni vodi\u010di \u260e +421 940 904 184","robots":{"index":"index","follow":"follow","max-snippet":"max-snippet:-1","max-image-preview":"max-image-preview:large","max-video-preview":"max-video-preview:-1"},"canonical":"https:\/\/transfereurope.com\/sk\/budapest\/","og_locale":"sk_SK","og_type":"article","og_title":"Objednajte si prevod v Budape\u0161ti. Po\u017ei\u010dov\u0148a automobilov s vodi\u010dom","og_description":"Pren\u00e1jom auta s vodi\u010dom v Budape\u0161ti. Zarezervujte si transfer online v Budape\u0161ti \u2714 Ve\u013ek\u00fd vozov\u00fd park \u2714 Profesion\u00e1lni vodi\u010di \u260e +421 940 904 184","og_url":"https:\/\/transfereurope.com\/sk\/budapest\/","og_site_name":"transfereurope","article_modified_time":"2025-08-05T21:42:58+00:00","og_image":[{"width":1500,"height":2000,"url":"https:\/\/transfereurope.com\/wp-content\/uploads\/2025\/08\/Europe-Destinations-Transfers-364-10-1.jpg","type":"image\/jpeg"}],"twitter_card":"summary_large_image","schema":{"@context":"https:\/\/schema.org","@graph":[{"@type":"WebPage","@id":"https:\/\/transfereurope.com\/sk\/budapest\/","url":"https:\/\/transfereurope.com\/sk\/budapest\/","name":"Objednajte si prevod v Budape\u0161ti. Po\u017ei\u010dov\u0148a automobilov s vodi\u010dom","isPartOf":{"@id":"https:\/\/transfereurope.com\/sk\/#website"},"primaryImageOfPage":{"@id":"https:\/\/transfereurope.com\/sk\/budapest\/#primaryimage"},"image":{"@id":"https:\/\/transfereurope.com\/sk\/budapest\/#primaryimage"},"thumbnailUrl":"https:\/\/transfereurope.com\/wp-content\/uploads\/2025\/08\/Europe-Destinations-Transfers-364-10-1.jpg","datePublished":"2025-08-05T21:42:31+00:00","dateModified":"2025-08-05T21:42:58+00:00","description":"Pren\u00e1jom auta s vodi\u010dom v Budape\u0161ti. Zarezervujte si transfer online v Budape\u0161ti \u2714 Ve\u013ek\u00fd vozov\u00fd park \u2714 Profesion\u00e1lni vodi\u010di \u260e +421 940 904 184","breadcrumb":{"@id":"https:\/\/transfereurope.com\/sk\/budapest\/#breadcrumb"},"inLanguage":"sk-SK","potentialAction":[{"@type":"ReadAction","target":["https:\/\/transfereurope.com\/sk\/budapest\/"]}]},{"@type":"ImageObject","inLanguage":"sk-SK","@id":"https:\/\/transfereurope.com\/sk\/budapest\/#primaryimage","url":"https:\/\/transfereurope.com\/wp-content\/uploads\/2025\/08\/Europe-Destinations-Transfers-364-10-1.jpg","contentUrl":"https:\/\/transfereurope.com\/wp-content\/uploads\/2025\/08\/Europe-Destinations-Transfers-364-10-1.jpg","width":1500,"height":2000},{"@type":"BreadcrumbList","@id":"https:\/\/transfereurope.com\/sk\/budapest\/#breadcrumb","itemListElement":[{"@type":"ListItem","position":1,"name":"Home","item":"https:\/\/transfereurope.com\/sk\/"},{"@type":"ListItem","position":2,"name":"Budape\u0161\u0165 Osobn\u00e1 preprava"}]},{"@type":"WebSite","@id":"https:\/\/transfereurope.com\/sk\/#website","url":"https:\/\/transfereurope.com\/sk\/","name":"transfereurope","description":"","publisher":{"@id":"https:\/\/transfereurope.com\/sk\/#organization"},"potentialAction":[{"@type":"SearchAction","target":{"@type":"EntryPoint","urlTemplate":"https:\/\/transfereurope.com\/sk\/?s={search_term_string}"},"query-input":{"@type":"PropertyValueSpecification","valueRequired":true,"valueName":"search_term_string"}}],"inLanguage":"sk-SK"},{"@type":"Organization","@id":"https:\/\/transfereurope.com\/sk\/#organization","name":"transfereurope","url":"https:\/\/transfereurope.com\/sk\/","logo":{"@type":"ImageObject","inLanguage":"sk-SK","@id":"https:\/\/transfereurope.com\/sk\/#\/schema\/logo\/image\/","url":"https:\/\/transfereurope.com\/wp-content\/uploads\/2025\/08\/TRANSFERS-1655.png","contentUrl":"https:\/\/transfereurope.com\/wp-content\/uploads\/2025\/08\/TRANSFERS-1655.png","width":500,"height":274,"caption":"transfereurope"},"image":{"@id":"https:\/\/transfereurope.com\/sk\/#\/schema\/logo\/image\/"}}]}},"_links":{"self":[{"href":"https:\/\/transfereurope.com\/sk\/wp-json\/wp\/v2\/pages\/73761","targetHints":{"allow":["GET"]}}],"collection":[{"href":"https:\/\/transfereurope.com\/sk\/wp-json\/wp\/v2\/pages"}],"about":[{"href":"https:\/\/transfereurope.com\/sk\/wp-json\/wp\/v2\/types\/page"}],"author":[{"embeddable":true,"href":"https:\/\/transfereurope.com\/sk\/wp-json\/wp\/v2\/users\/1"}],"replies":[{"embeddable":true,"href":"https:\/\/transfereurope.com\/sk\/wp-json\/wp\/v2\/comments?post=73761"}],"version-history":[{"count":1,"href":"https:\/\/transfereurope.com\/sk\/wp-json\/wp\/v2\/pages\/73761\/revisions"}],"predecessor-version":[{"id":73801,"href":"https:\/\/transfereurope.com\/sk\/wp-json\/wp\/v2\/pages\/73761\/revisions\/73801"}],"wp:featuredmedia":[{"embeddable":true,"href":"https:\/\/transfereurope.com\/sk\/wp-json\/wp\/v2\/media\/73762"}],"wp:attachment":[{"href":"https:\/\/transfereurope.com\/sk\/wp-json\/wp\/v2\/media?parent=73761"}],"curies":[{"name":"wp","href":"https:\/\/api.w.org\/{rel}","templated":true}]}}