{"id":73204,"date":"2025-08-05T16:16:52","date_gmt":"2025-08-05T16:16:52","guid":{"rendered":"https:\/\/transfereurope.com\/transfer-z-brna-do-prahy\/"},"modified":"2025-08-05T16:16:52","modified_gmt":"2025-08-05T16:16:52","slug":"transfer-z-brna-do-prahy","status":"publish","type":"page","link":"https:\/\/transfereurope.com\/sk\/transfer-z-brna-do-prahy\/","title":{"rendered":"Transfer z Brna do Prahy"},"content":{"rendered":"\n<div id=\"t4-masthead\" class=\"t4-section  t4-masthead\">\n<div class=\"t4-col text-center\">\n<div class=\"ja-masthead\" >\n<div class=\"ja-masthead-detail\">\n<h1 class=\"ja-masthead-title\">Transfer z Brna do Prahy<\/h1>\n<p>                 <!---->            <\/p>\n<div class=\"block-breadcrumb\">                       <\/div>\n<\/p><\/div>\n<\/p><\/div>\n<pre><\/pre>\n<\/div>\n<\/div>\n<div id=\"t4-main-body\" class=\"t4-section  t4-main-body\" role=\"main body\">\n<div class=\"t4-section-inner container\">\n<div class=\"t4-row row\">\n<div class=\"t4-col col-12 col-xl\">\n<div id=\"system-message-container\"> \t<\/div>\n<div class=\"com-content-article item-page view-tour-detail\">\n<div class=\"tour-top-info clearfix\">\n<div class=\"pull-left\">\n<div class=\"category-article-dot\">\n<div class=\"category-name\"> \t\t\t\t\t<a href=\"\/sk\/destinacie\/brno\" itemprop=\"genre\">Brno Osobn\u00e1 preprava<\/a> \t\t\t\t<\/div>\n<\/p><\/div>\n<\/p><\/div>\n<div class=\"pull-right\">\n<div class=\"text-danger tour-price\"> \t\t\t\t\t\t<a href=\"\/sk\/rezervovat-transfer\">Rezervova\u0165<\/a><\/div>\n<\/p><\/div>\n<\/p><\/div>\n<p>  \t <!--\t-->  \t<\/p>\n<div class=\"vm-product-container\">\n<figure class=\"pull-left item-image\">\n<div class=\"main-image\"> \t\t<a title=\"Brno to Prague Transfer Service\" rel='vm-additional-images' href=\"\/images\/virtuemart\/product\/Europe Destinations Transfers (4)39.jpg\"><img decoding=\"async\"  loading=\"lazy\"  src=\"\/wp-content\/uploads\/2025\/08\/Europe-Destinations-Transfers-439-2.jpg\"  alt=\"Brno to Prague Transfer Service\"  \/><\/a>\t\t<\/p>\n<div class=\"clear\"><\/div>\n<\/p><\/div>\n<\/figure>\n<div class=\"vm-product-details-container\">\n<div class=\"spacer-buy-area\">    \t\t \t\t<\/div>\n<\/p><\/div>\n<div class=\"clear\"><\/div>\n<\/p><\/div>\n<div class=\"product-description\" >\n<div class=\"book-now mt-5\" style=\"text-align: left;\">\n<div class=\"book-now mt-5\" style=\"text-align: left;\">\n<div class=\"book-now mt-5\" style=\"text-align: left;\">\n<p>H\u013ead\u00e1te bezprobl\u00e9mov\u00fa a pohodln\u00fa cestu z Brna do Prahy? Ste na spr\u00e1vnom mieste! Na\u0161a slu\u017eba transferu z Brna do Prahy v\u00e1m pon\u00faka dokonal\u00e9 rie\u0161enie pre va\u0161e potreby v oblasti dopravy. \u010ci u\u017e ste turista, ktor\u00fd nav\u0161t\u00edvil kr\u00e1snu \u010cesk\u00fa republiku, obchodn\u00fd cestuj\u00faci alebo miestny obyvate\u013e, na\u0161a slu\u017eba pren\u00e1jmu auta a s\u00fakromn\u00e9ho vodi\u010da je navrhnut\u00e1 tak, aby bola va\u0161a cesta pohodln\u00e1 a pr\u00edjemn\u00e1.<\/p>\n<p style=\"text-align: center;\"><a class=\"btn btn-primary\" href=\"\/sk\/rezervovat-transfer\">Rezervova\u0165<\/a><\/p>\n<h2 style=\"text-align: center;\"><strong>Pre\u010do si vybra\u0165 na\u0161u slu\u017ebu transferu z Brna do Prahy?<\/strong><\/h2>\n<ul>\n<li><strong>Pohodln\u00e1 doprava:<\/strong> N\u00e1\u0161 modern\u00fd a dobre udr\u017eiavan\u00fd vozov\u00fd park zaru\u010duje pohodln\u00fa jazdu z Brna do Prahy. Odd\u00fdchnite si v na\u0161ich priestrann\u00fdch a klimatizovan\u00fdch vozidl\u00e1ch a o zvy\u0161ok sa postaraj\u00fa na\u0161i sk\u00fasen\u00ed vodi\u010di.<\/li>\n<li><strong>S\u00fakromn\u00fd vodi\u010d:<\/strong> Vychutnajte si pohodlie, ktor\u00e9 v\u00e1m poskytuje profesion\u00e1lny vodi\u010d. Vyzdvihne v\u00e1s z po\u017eadovan\u00e9ho miesta v Brne a bezpe\u010dne v\u00e1s doprav\u00ed do cie\u013ea v Prahe.<\/li>\n<li><strong>Efekt\u00edvnos\u0165:<\/strong> Vieme, \u017ee presnos\u0165 a spo\u013eahlivos\u0165 s\u00fa d\u00f4le\u017eit\u00e9. Zaru\u010dujeme v\u010dasn\u00e9 vyzdvihnutie a odovzdanie, v\u010faka \u010domu sa dostanete do cie\u013ea bez ak\u00e9hoko\u013evek stresu alebo me\u0161kania.<\/li>\n<li><strong>Konkuren\u010dn\u00e9 ceny:<\/strong> Pon\u00fakame konkurencieschopn\u00e9 ceny za na\u0161e transferov\u00e9 slu\u017eby, v\u010faka \u010domu s\u00fa cenovo dostupn\u00e9 pre jednotlivcov aj skupiny. Rozl\u00fa\u010dte sa so zlo\u017eitos\u0165ou verejnej dopravy a neistotou cien tax\u00edkov.<\/li>\n<li><strong>Slu\u017eby na mieru:<\/strong> Na\u0161e prepravn\u00e9 slu\u017eby m\u00f4\u017eeme prisp\u00f4sobi\u0165 va\u0161im \u0161pecifick\u00fdm potreb\u00e1m. \u010ci u\u017e cestujete pracovne, na dovolenku alebo na \u0161peci\u00e1lnu pr\u00edle\u017eitos\u0165, postar\u00e1me sa o v\u00e1s.<\/li>\n<\/ul>\n<h2 style=\"text-align: center;\">\u00a0<\/h2>\n<h2 style=\"text-align: center;\"><strong>Rezerv\u00e1cia transferu z Brna do Prahy\u00a0<\/strong><\/h2>\n<p>Rezerv\u00e1cia transferu s nami je jednoduch\u00e1 a pohodln\u00e1. Sta\u010d\u00ed nav\u0161t\u00edvi\u0165 na\u0161u webov\u00fa str\u00e1nku a vyplni\u0165 rezerva\u010dn\u00fd formul\u00e1r s va\u0161imi cestovn\u00fdmi \u00fadajmi. Okam\u017eite sa v\u00e1m ozveme s potvrden\u00edm a m\u00f4\u017eete sa spo\u013eahn\u00fa\u0165 na na\u0161e spo\u013eahliv\u00e9 slu\u017eby.<\/p>\n<p>Nedovo\u013ete, aby v\u00e1m stres z prepravy prekazil va\u0161e pl\u00e1ny. Vyberte si na\u0161e slu\u017eby transferu z Brna do Prahy a za\u017eite hladk\u00fa, pohodln\u00fa a bezstarostn\u00fa cestu. Te\u0161\u00edme sa na to, \u017ee v\u00e1m budeme m\u00f4c\u0165 sl\u00fa\u017ei\u0165 a \u017ee va\u0161e cestovanie bude v\u00fdnimo\u010dn\u00e9.<\/p>\n<p>Kontaktujte n\u00e1s e\u0161te dnes pre v\u0161etky va\u0161e prepravn\u00e9 potreby!<\/p>\n<p style=\"text-align: center;\"><a class=\"btn btn-primary\" href=\"\/sk\/rezervovat-transfer\">Rezervova\u0165<\/a><\/p>\n<h2 style=\"text-align: center;\"><b>Ako sa dosta\u0165 z Brna do Prahy<\/b><\/h2>\n<p>Cesta z Brna do Prahy je jednoduch\u00e1 v\u010faka nieko\u013ek\u00fdm pohodln\u00fdm mo\u017enostiam dopravy. \u010ci u\u017e cestujete pracovne, na dovolenku alebo za in\u00fdm \u00fa\u010delom, tu s\u00fa niektor\u00e9 z najob\u013e\u00fabenej\u0161\u00edch sp\u00f4sobov, ako sa na cestu dosta\u0165:<\/p>\n<h3>Vlak<\/h3>\n<p>Vlakov\u00e9 spojenie medzi Brnom a Prahou je zn\u00e1me svojou efekt\u00edvnos\u0165ou a r\u00fdchlos\u0165ou. Na tejto trase prem\u00e1vaj\u00fa pravideln\u00e9 vlaky, ktor\u00e9 pon\u00fakaj\u00fa \u0161tandardn\u00e9 aj vysokor\u00fdchlostn\u00e9 spoje. Cesta vlakom poskytuje pohodln\u00fa a malebn\u00fa jazdu \u010deskou krajinou. Nezabudnite si skontrolova\u0165 cestovn\u00fd poriadok a rezervova\u0165 si l\u00edstky vopred, najm\u00e4 v \u010dase cestovnej \u0161pi\u010dky.<\/p>\n<h3>Autobus<\/h3>\n<p>Medzi Brnom a Prahou prem\u00e1va nieko\u013eko autobusov\u00fdch spolo\u010dnost\u00ed, \u010do predstavuje cenovo v\u00fdhodn\u00fa a flexibiln\u00fa mo\u017enos\u0165. Autobusy prem\u00e1vaj\u00fa v r\u00f4znych \u010dasoch po\u010das cel\u00e9ho d\u0148a a cestovn\u00e9 poriadky si m\u00f4\u017eete \u013eahko vyh\u013eada\u0165 a l\u00edstky rezervova\u0165 online. V\u00fdhodou autobusovej dopravy s\u00fa aj r\u00f4zne n\u00e1stupn\u00e9 a v\u00fdstupn\u00e9 miesta v oboch mest\u00e1ch.<\/p>\n<p>\u00a0<\/p>\n<h3>Auto<\/h3>\n<p>Ak d\u00e1vate prednos\u0165 vo\u013enosti pri spozn\u00e1van\u00ed vlastn\u00fdm tempom, m\u00f4\u017eete si prenaja\u0165 auto a z Brna do Prahy sa dopravi\u0165 autom. Cesta trv\u00e1 pribli\u017ene dve a\u017e tri hodiny v z\u00e1vislosti od dopravn\u00fdch podmienok. V\u010faka dobre udr\u017eiavan\u00fdm dia\u013eniciam je to jednoduch\u00e1 trasa. Majte na pam\u00e4ti, \u017ee parkovanie v Prahe m\u00f4\u017ee by\u0165 n\u00e1ro\u010dn\u00e9, preto vopred zv\u00e1\u017ete mo\u017enosti parkovania.<\/p>\n<h3>S\u00fakromn\u00fd transfer<\/h3>\n<p>Ak chcete z\u00edska\u0165 pohodlnej\u0161\u00ed a osobnej\u0161\u00ed z\u00e1\u017eitok, rezervujte si s\u00fakromn\u00fa dopravu. T\u00e1to mo\u017enos\u0165 v\u00e1m umo\u017en\u00ed ma\u0165 vyhraden\u00e9ho vodi\u010da a vozidlo, ktor\u00e9 v\u00e1s vyzdvihne na vybranom mieste v Brne a vysad\u00ed priamo v cieli v Prahe. Je to bezstresov\u00e1 a pohodln\u00e1 vo\u013eba, najm\u00e4 ak m\u00e1te \u0165a\u017ek\u00fa bato\u017einu alebo chcete luxusn\u00fd z\u00e1\u017eitok z cesty.<\/p>\n<h3>Leteck\u00e1 doprava<\/h3>\n<p>Hoci z Brna do Prahy nelet\u00edte priamo, ak uprednost\u0148ujete leteck\u00fa dopravu, m\u00f4\u017eete vyu\u017ei\u0165 prestup cez Letisko V\u00e1clava Havla Praha. Cesta je pomerne kr\u00e1tka a m\u00f4\u017ee v\u00e1m u\u0161etri\u0165 \u010das, ak m\u00e1te nabit\u00fd program.<\/p>\n<p style=\"text-align: center;\"><a class=\"btn btn-primary\" href=\"\/sk\/rezervovat-transfer\">Rezervova\u0165<\/a><\/p>\n<p style=\"text-align: left;\">Nech u\u017e si vyberiete ak\u00fdko\u013evek druh dopravy, va\u0161a cesta z Brna do Prahy bude nezabudnute\u013en\u00e1. Pri rozhodovan\u00ed zv\u00e1\u017ete svoje priority, rozpo\u010det a \u010dasov\u00fd harmonogram a pod\u013ea toho si napl\u00e1nujte cestu. Bezpe\u010dn\u00e9 cestovanie!<\/p>\n<\/p><\/div>\n<\/p><\/div>\n<\/p><\/div>\n<\/p><\/div>\n<div class=\"product-price-container\">\n<div class=\"sale-price\"> \t\t<\/div>\n<\/p><\/div>\n<div class=\"options\"><\/div>\n<div> \t\t<\/div>\n<p>   \t        <script type=\"text\/javascript\" ><\/script>  <script type=\"text\/javascript\" ><\/script> <script type=\"text\/javascript\" ><\/script>  <script type=\"text\/javascript\" ><\/script> <script type=\"text\/javascript\" ><\/script> <script type=\"text\/javascript\" ><\/script> <script type=\"text\/javascript\" ><\/script> <\/div>\n<p> \t\t<!-- \u041f\u043b\u0430\u0433\u0438\u043d \u0440\u0435\u0439\u0442\u0438\u043d\u0433\u0430 --> <\/p>\n<div class=\"vrvote-body\">\n<ul class=\"vrvote-ul\">\n<li id=\"rating_46\" class=\"current-rating\" style=\"width:98.67%;\"><\/li>\n<li> \t\t\t\t\t\t<a class=\"vr-one-star\" onclick=\"javascript:JSVRvote(46,1,148,30,0)\" href=\"javascript:void(null)\">1<\/a> \t\t\t\t\t<\/li>\n<li> \t\t\t\t\t\t<a class=\"vr-two-stars\" onclick=\"javascript:JSVRvote(46,2,148,30,0)\" href=\"javascript:void(null)\">2<\/a> \t\t\t\t\t<\/li>\n<li> \t\t\t\t\t\t<a class=\"vr-three-stars\" onclick=\"javascript:JSVRvote(46,3,148,30,0)\" href=\"javascript:void(null)\">3<\/a> \t\t\t\t\t<\/li>\n<li> \t\t\t\t\t\t<a class=\"vr-four-stars\" onclick=\"javascript:JSVRvote(46,4,148,30,0)\" href=\"javascript:void(null)\">4<\/a> \t\t\t\t\t<\/li>\n<li> \t\t\t\t\t\t<a class=\"vr-five-stars\" onclick=\"javascript:JSVRvote(46,5,148,30,0)\" href=\"javascript:void(null)\">5<\/a> \t\t\t\t\t<\/li>\n<\/ul><\/div>\n<p> \t\t\t<span id=\"vrvote_46\" class=\"vrvote-count\"><small><\/small><\/span>\t<\/span><script type=\"application\/ld+json\"><\/script>   <\/div>\n<div class=\"t4-col sidebar-r col-12 col-xl-4\">\n<div class=\"t4-module module\" id=\"Mod306\">\n<div class=\"module-inner\">\n<div class=\"module-ct\">\n<div class=\"bannergroup\">\n<div class=\"banneritem\"> \t\t\t\t\t\t\t\t\t\t\t\t\t\t\t\t\t\t\t\t\t\t\t\t\t\t\t\t\t\t\t\t\t\t\t\t\t\t\t\t\t\t\t\t\t\t\t\t\t\t<img \t\t\t\t\t\tsrc=\"\/wp-content\/uploads\/2025\/08\/banner-transfer-europe-sk-417.png\" \t\t\t\t\t\talt=\"Banner-sk\" \t\t\t\t\t\t\t\t\t\t\t\t\t\t\t\t\t\/> \t\t\t\t\t\t\t\t\t\t\t<\/p>\n<div class=\"clr\"><\/div>\n<\/p><\/div>\n<\/p><\/div>\n<\/p><\/div>\n<\/div>\n<\/div><\/div>\n<\/p><\/div>\n<\/div><\/div>\n<div id=\"t4-section-8\" class=\"t4-section  t4-section-8  section-border-top\" role=\"section-8\">\n<div class=\"bg-overlay bg-overlay-image\">&nbsp;<\/div>\n<\/p><\/div>\n<p>  <a href='javascript:' id='back-to-top'><i class='fa fa-chevron-up'><\/i><\/a>                <\/p>\n","protected":false},"excerpt":{"rendered":"<p>Transfer z Brna do Prahy Brno Osobn\u00e1 preprava Rezervova\u0165 H\u013ead\u00e1te bezprobl\u00e9mov\u00fa a pohodln\u00fa cestu z Brna do Prahy? Ste na spr\u00e1vnom mieste! Na\u0161a slu\u017eba transferu z Brna do Prahy v\u00e1m pon\u00faka dokonal\u00e9 rie\u0161enie pre va\u0161e potreby v oblasti dopravy. \u010ci u\u017e ste turista, ktor\u00fd nav\u0161t\u00edvil kr\u00e1snu \u010cesk\u00fa republiku, obchodn\u00fd cestuj\u00faci alebo miestny obyvate\u013e, na\u0161a slu\u017eba [&hellip;]<\/p>\n","protected":false},"author":1,"featured_media":73205,"parent":0,"menu_order":0,"comment_status":"closed","ping_status":"closed","template":"","meta":{"footnotes":""},"class_list":["post-73204","page","type-page","status-publish","has-post-thumbnail","hentry"],"yoast_head":"<!-- This site is optimized with the Yoast SEO plugin v25.6 - https:\/\/yoast.com\/wordpress\/plugins\/seo\/ -->\n<title>Transfer z Brna do Prahy s\u00fakromn\u00fdm vodi\u010dom - Transfer Europe<\/title>\n<meta name=\"description\" content=\"Transferov\u00e1 objedn\u00e1vka \u201eBrno-Praha\u201c s osobn\u00fdm vodi\u010dom. Individu\u00e1lny transfer z Brna do Prahy, Transfer Europe \u2714 Ve\u013ek\u00fd vozov\u00fd park \u2714 Profesion\u00e1lni vodi\u010di \u260e + 421 951 460 615.\" \/>\n<meta name=\"robots\" content=\"index, follow, max-snippet:-1, max-image-preview:large, max-video-preview:-1\" \/>\n<link rel=\"canonical\" href=\"https:\/\/transfereurope.com\/sk\/transfer-z-brna-do-prahy\/\" \/>\n<meta property=\"og:locale\" content=\"sk_SK\" \/>\n<meta property=\"og:type\" content=\"article\" \/>\n<meta property=\"og:title\" content=\"Transfer z Brna do Prahy s\u00fakromn\u00fdm vodi\u010dom - Transfer Europe\" \/>\n<meta property=\"og:description\" content=\"Transferov\u00e1 objedn\u00e1vka \u201eBrno-Praha\u201c s osobn\u00fdm vodi\u010dom. Individu\u00e1lny transfer z Brna do Prahy, Transfer Europe \u2714 Ve\u013ek\u00fd vozov\u00fd park \u2714 Profesion\u00e1lni vodi\u010di \u260e + 421 951 460 615.\" \/>\n<meta property=\"og:url\" content=\"https:\/\/transfereurope.com\/sk\/transfer-z-brna-do-prahy\/\" \/>\n<meta property=\"og:site_name\" content=\"transfereurope\" \/>\n<meta property=\"og:image\" content=\"https:\/\/transfereurope.com\/wp-content\/uploads\/2025\/08\/Europe-Destinations-Transfers-439-2-1.jpg\" \/>\n\t<meta property=\"og:image:width\" content=\"1500\" \/>\n\t<meta property=\"og:image:height\" content=\"2000\" \/>\n\t<meta property=\"og:image:type\" content=\"image\/jpeg\" \/>\n<meta name=\"twitter:card\" content=\"summary_large_image\" \/>\n<meta name=\"twitter:label1\" content=\"Predpokladan\u00fd \u010das \u010d\u00edtania\" \/>\n\t<meta name=\"twitter:data1\" content=\"4 min\u00faty\" \/>\n<script type=\"application\/ld+json\" class=\"yoast-schema-graph\">{\"@context\":\"https:\/\/schema.org\",\"@graph\":[{\"@type\":\"WebPage\",\"@id\":\"https:\/\/transfereurope.com\/sk\/transfer-z-brna-do-prahy\/\",\"url\":\"https:\/\/transfereurope.com\/sk\/transfer-z-brna-do-prahy\/\",\"name\":\"Transfer z Brna do Prahy s\u00fakromn\u00fdm vodi\u010dom - Transfer Europe\",\"isPartOf\":{\"@id\":\"https:\/\/transfereurope.com\/sk\/#website\"},\"primaryImageOfPage\":{\"@id\":\"https:\/\/transfereurope.com\/sk\/transfer-z-brna-do-prahy\/#primaryimage\"},\"image\":{\"@id\":\"https:\/\/transfereurope.com\/sk\/transfer-z-brna-do-prahy\/#primaryimage\"},\"thumbnailUrl\":\"https:\/\/transfereurope.com\/wp-content\/uploads\/2025\/08\/Europe-Destinations-Transfers-439-2-1.jpg\",\"datePublished\":\"2025-08-05T16:16:52+00:00\",\"description\":\"Transferov\u00e1 objedn\u00e1vka \u201eBrno-Praha\u201c s osobn\u00fdm vodi\u010dom. Individu\u00e1lny transfer z Brna do Prahy, Transfer Europe \u2714 Ve\u013ek\u00fd vozov\u00fd park \u2714 Profesion\u00e1lni vodi\u010di \u260e + 421 951 460 615.\",\"breadcrumb\":{\"@id\":\"https:\/\/transfereurope.com\/sk\/transfer-z-brna-do-prahy\/#breadcrumb\"},\"inLanguage\":\"sk-SK\",\"potentialAction\":[{\"@type\":\"ReadAction\",\"target\":[\"https:\/\/transfereurope.com\/sk\/transfer-z-brna-do-prahy\/\"]}]},{\"@type\":\"ImageObject\",\"inLanguage\":\"sk-SK\",\"@id\":\"https:\/\/transfereurope.com\/sk\/transfer-z-brna-do-prahy\/#primaryimage\",\"url\":\"https:\/\/transfereurope.com\/wp-content\/uploads\/2025\/08\/Europe-Destinations-Transfers-439-2-1.jpg\",\"contentUrl\":\"https:\/\/transfereurope.com\/wp-content\/uploads\/2025\/08\/Europe-Destinations-Transfers-439-2-1.jpg\",\"width\":1500,\"height\":2000},{\"@type\":\"BreadcrumbList\",\"@id\":\"https:\/\/transfereurope.com\/sk\/transfer-z-brna-do-prahy\/#breadcrumb\",\"itemListElement\":[{\"@type\":\"ListItem\",\"position\":1,\"name\":\"Home\",\"item\":\"https:\/\/transfereurope.com\/sk\/\"},{\"@type\":\"ListItem\",\"position\":2,\"name\":\"Transfer z Brna do Prahy\"}]},{\"@type\":\"WebSite\",\"@id\":\"https:\/\/transfereurope.com\/sk\/#website\",\"url\":\"https:\/\/transfereurope.com\/sk\/\",\"name\":\"transfereurope\",\"description\":\"\",\"publisher\":{\"@id\":\"https:\/\/transfereurope.com\/sk\/#organization\"},\"potentialAction\":[{\"@type\":\"SearchAction\",\"target\":{\"@type\":\"EntryPoint\",\"urlTemplate\":\"https:\/\/transfereurope.com\/sk\/?s={search_term_string}\"},\"query-input\":{\"@type\":\"PropertyValueSpecification\",\"valueRequired\":true,\"valueName\":\"search_term_string\"}}],\"inLanguage\":\"sk-SK\"},{\"@type\":\"Organization\",\"@id\":\"https:\/\/transfereurope.com\/sk\/#organization\",\"name\":\"transfereurope\",\"url\":\"https:\/\/transfereurope.com\/sk\/\",\"logo\":{\"@type\":\"ImageObject\",\"inLanguage\":\"sk-SK\",\"@id\":\"https:\/\/transfereurope.com\/sk\/#\/schema\/logo\/image\/\",\"url\":\"https:\/\/transfereurope.com\/wp-content\/uploads\/2025\/08\/TRANSFERS-1655.png\",\"contentUrl\":\"https:\/\/transfereurope.com\/wp-content\/uploads\/2025\/08\/TRANSFERS-1655.png\",\"width\":500,\"height\":274,\"caption\":\"transfereurope\"},\"image\":{\"@id\":\"https:\/\/transfereurope.com\/sk\/#\/schema\/logo\/image\/\"}}]}<\/script>\n<!-- \/ Yoast SEO plugin. -->","yoast_head_json":{"title":"Transfer z Brna do Prahy s\u00fakromn\u00fdm vodi\u010dom - Transfer Europe","description":"Transferov\u00e1 objedn\u00e1vka \u201eBrno-Praha\u201c s osobn\u00fdm vodi\u010dom. Individu\u00e1lny transfer z Brna do Prahy, Transfer Europe \u2714 Ve\u013ek\u00fd vozov\u00fd park \u2714 Profesion\u00e1lni vodi\u010di \u260e + 421 951 460 615.","robots":{"index":"index","follow":"follow","max-snippet":"max-snippet:-1","max-image-preview":"max-image-preview:large","max-video-preview":"max-video-preview:-1"},"canonical":"https:\/\/transfereurope.com\/sk\/transfer-z-brna-do-prahy\/","og_locale":"sk_SK","og_type":"article","og_title":"Transfer z Brna do Prahy s\u00fakromn\u00fdm vodi\u010dom - Transfer Europe","og_description":"Transferov\u00e1 objedn\u00e1vka \u201eBrno-Praha\u201c s osobn\u00fdm vodi\u010dom. Individu\u00e1lny transfer z Brna do Prahy, Transfer Europe \u2714 Ve\u013ek\u00fd vozov\u00fd park \u2714 Profesion\u00e1lni vodi\u010di \u260e + 421 951 460 615.","og_url":"https:\/\/transfereurope.com\/sk\/transfer-z-brna-do-prahy\/","og_site_name":"transfereurope","og_image":[{"width":1500,"height":2000,"url":"https:\/\/transfereurope.com\/wp-content\/uploads\/2025\/08\/Europe-Destinations-Transfers-439-2-1.jpg","type":"image\/jpeg"}],"twitter_card":"summary_large_image","twitter_misc":{"Predpokladan\u00fd \u010das \u010d\u00edtania":"4 min\u00faty"},"schema":{"@context":"https:\/\/schema.org","@graph":[{"@type":"WebPage","@id":"https:\/\/transfereurope.com\/sk\/transfer-z-brna-do-prahy\/","url":"https:\/\/transfereurope.com\/sk\/transfer-z-brna-do-prahy\/","name":"Transfer z Brna do Prahy s\u00fakromn\u00fdm vodi\u010dom - Transfer Europe","isPartOf":{"@id":"https:\/\/transfereurope.com\/sk\/#website"},"primaryImageOfPage":{"@id":"https:\/\/transfereurope.com\/sk\/transfer-z-brna-do-prahy\/#primaryimage"},"image":{"@id":"https:\/\/transfereurope.com\/sk\/transfer-z-brna-do-prahy\/#primaryimage"},"thumbnailUrl":"https:\/\/transfereurope.com\/wp-content\/uploads\/2025\/08\/Europe-Destinations-Transfers-439-2-1.jpg","datePublished":"2025-08-05T16:16:52+00:00","description":"Transferov\u00e1 objedn\u00e1vka \u201eBrno-Praha\u201c s osobn\u00fdm vodi\u010dom. Individu\u00e1lny transfer z Brna do Prahy, Transfer Europe \u2714 Ve\u013ek\u00fd vozov\u00fd park \u2714 Profesion\u00e1lni vodi\u010di \u260e + 421 951 460 615.","breadcrumb":{"@id":"https:\/\/transfereurope.com\/sk\/transfer-z-brna-do-prahy\/#breadcrumb"},"inLanguage":"sk-SK","potentialAction":[{"@type":"ReadAction","target":["https:\/\/transfereurope.com\/sk\/transfer-z-brna-do-prahy\/"]}]},{"@type":"ImageObject","inLanguage":"sk-SK","@id":"https:\/\/transfereurope.com\/sk\/transfer-z-brna-do-prahy\/#primaryimage","url":"https:\/\/transfereurope.com\/wp-content\/uploads\/2025\/08\/Europe-Destinations-Transfers-439-2-1.jpg","contentUrl":"https:\/\/transfereurope.com\/wp-content\/uploads\/2025\/08\/Europe-Destinations-Transfers-439-2-1.jpg","width":1500,"height":2000},{"@type":"BreadcrumbList","@id":"https:\/\/transfereurope.com\/sk\/transfer-z-brna-do-prahy\/#breadcrumb","itemListElement":[{"@type":"ListItem","position":1,"name":"Home","item":"https:\/\/transfereurope.com\/sk\/"},{"@type":"ListItem","position":2,"name":"Transfer z Brna do Prahy"}]},{"@type":"WebSite","@id":"https:\/\/transfereurope.com\/sk\/#website","url":"https:\/\/transfereurope.com\/sk\/","name":"transfereurope","description":"","publisher":{"@id":"https:\/\/transfereurope.com\/sk\/#organization"},"potentialAction":[{"@type":"SearchAction","target":{"@type":"EntryPoint","urlTemplate":"https:\/\/transfereurope.com\/sk\/?s={search_term_string}"},"query-input":{"@type":"PropertyValueSpecification","valueRequired":true,"valueName":"search_term_string"}}],"inLanguage":"sk-SK"},{"@type":"Organization","@id":"https:\/\/transfereurope.com\/sk\/#organization","name":"transfereurope","url":"https:\/\/transfereurope.com\/sk\/","logo":{"@type":"ImageObject","inLanguage":"sk-SK","@id":"https:\/\/transfereurope.com\/sk\/#\/schema\/logo\/image\/","url":"https:\/\/transfereurope.com\/wp-content\/uploads\/2025\/08\/TRANSFERS-1655.png","contentUrl":"https:\/\/transfereurope.com\/wp-content\/uploads\/2025\/08\/TRANSFERS-1655.png","width":500,"height":274,"caption":"transfereurope"},"image":{"@id":"https:\/\/transfereurope.com\/sk\/#\/schema\/logo\/image\/"}}]}},"_links":{"self":[{"href":"https:\/\/transfereurope.com\/sk\/wp-json\/wp\/v2\/pages\/73204","targetHints":{"allow":["GET"]}}],"collection":[{"href":"https:\/\/transfereurope.com\/sk\/wp-json\/wp\/v2\/pages"}],"about":[{"href":"https:\/\/transfereurope.com\/sk\/wp-json\/wp\/v2\/types\/page"}],"author":[{"embeddable":true,"href":"https:\/\/transfereurope.com\/sk\/wp-json\/wp\/v2\/users\/1"}],"replies":[{"embeddable":true,"href":"https:\/\/transfereurope.com\/sk\/wp-json\/wp\/v2\/comments?post=73204"}],"version-history":[{"count":0,"href":"https:\/\/transfereurope.com\/sk\/wp-json\/wp\/v2\/pages\/73204\/revisions"}],"wp:featuredmedia":[{"embeddable":true,"href":"https:\/\/transfereurope.com\/sk\/wp-json\/wp\/v2\/media\/73205"}],"wp:attachment":[{"href":"https:\/\/transfereurope.com\/sk\/wp-json\/wp\/v2\/media?parent=73204"}],"curies":[{"name":"wp","href":"https:\/\/api.w.org\/{rel}","templated":true}]}}