{"id":73105,"date":"2025-08-05T16:15:46","date_gmt":"2025-08-05T16:15:46","guid":{"rendered":"https:\/\/transfereurope.com\/transfer-z-brna-do-drazdan\/"},"modified":"2025-08-05T16:15:46","modified_gmt":"2025-08-05T16:15:46","slug":"transfer-z-brna-do-drazdan","status":"publish","type":"page","link":"https:\/\/transfereurope.com\/sk\/transfer-z-brna-do-drazdan\/","title":{"rendered":"Transfer z Brna do Dr\u00e1\u017e\u010fan"},"content":{"rendered":"\n<div id=\"t4-masthead\" class=\"t4-section  t4-masthead\">\n<div class=\"t4-col text-center\">\n<div class=\"ja-masthead\" >\n<div class=\"ja-masthead-detail\">\n<h1 class=\"ja-masthead-title\">Transfer z Brna do Dr\u00e1\u017e\u010fan<\/h1>\n<p>                 <!---->            <\/p>\n<div class=\"block-breadcrumb\">                       <\/div>\n<\/p><\/div>\n<\/p><\/div>\n<pre><\/pre>\n<\/div>\n<\/div>\n<div id=\"t4-main-body\" class=\"t4-section  t4-main-body\" role=\"main body\">\n<div class=\"t4-section-inner container\">\n<div class=\"t4-row row\">\n<div class=\"t4-col col-12 col-xl\">\n<div id=\"system-message-container\"> \t<\/div>\n<div class=\"com-content-article item-page view-tour-detail\">\n<div class=\"tour-top-info clearfix\">\n<div class=\"pull-left\">\n<div class=\"category-article-dot\">\n<div class=\"category-name\"> \t\t\t\t\t<a href=\"\/sk\/destinacie\/brno\" itemprop=\"genre\">Brno Osobn\u00e1 preprava<\/a> \t\t\t\t<\/div>\n<\/p><\/div>\n<\/p><\/div>\n<div class=\"pull-right\">\n<div class=\"text-danger tour-price\"> \t\t\t\t\t\t<a href=\"\/sk\/rezervovat-transfer\">Rezervova\u0165<\/a><\/div>\n<\/p><\/div>\n<\/p><\/div>\n<p>  \t <!--\t-->  \t<\/p>\n<div class=\"vm-product-container\">\n<figure class=\"pull-left item-image\">\n<div class=\"main-image\"> \t\t<a title=\"Brno to Dresden Transfer Service\" rel='vm-additional-images' href=\"\/images\/virtuemart\/product\/Europe Destinations Transfers (1)64.jpg\"><img decoding=\"async\"  loading=\"lazy\"  src=\"\/wp-content\/uploads\/2025\/08\/Europe-Destinations-Transfers-164-7.jpg\"  alt=\"Brno to Dresden Transfer Service\"  \/><\/a>\t\t<\/p>\n<div class=\"clear\"><\/div>\n<\/p><\/div>\n<\/figure>\n<div class=\"vm-product-details-container\">\n<div class=\"spacer-buy-area\">    \t\t \t\t<\/div>\n<\/p><\/div>\n<div class=\"clear\"><\/div>\n<\/p><\/div>\n<div class=\"product-description\" >\n<div class=\"book-now mt-5\" style=\"text-align: left;\">\n<p>Pl\u00e1nujete cestu z Brna do Dr\u00e1\u017e\u010fan a h\u013ead\u00e1te spo\u013eahliv\u00fa a pohodln\u00fa dopravu? U\u017e nemus\u00edte h\u013eada\u0165 \u010falej! Brno &#8211; Dr\u00e1\u017e\u010fany Transfer je va\u0161a vo\u013eba pre bezprobl\u00e9mov\u00fd a pohodln\u00fd transfer. \u010ci u\u017e cestujete slu\u017eobne alebo na dovolenku, na\u0161e slu\u017eby s\u00fakromn\u00e9ho vodi\u010da a pren\u00e1jmu auta s\u00fa prisp\u00f4soben\u00e9 tak, aby splnili v\u0161etky va\u0161e prepravn\u00e9 potreby.<\/p>\n<p style=\"text-align: center;\"><a class=\"btn btn-primary\" href=\"\/sk\/rezervovat-transfer\">Rezervova\u0165<\/a><\/p>\n<h2 style=\"text-align: center;\"><strong>Pre\u010do si vybra\u0165 n\u00e1\u0161 transfer z Brna do Dr\u00e1\u017e\u010fan?<\/strong><\/h2>\n<ul>\n<li><strong>Pren\u00e1jom s\u00fakromn\u00e9ho vozidla:<\/strong> V Brno to Dresden Transfer pon\u00fakame flotilu dobre udr\u017eiavan\u00fdch, vysoko kvalitn\u00fdch vozidiel, ktor\u00e9 vyhovuj\u00fa va\u0161im preferenci\u00e1m a po\u017eiadavk\u00e1m. Vyberte si z na\u0161ej ponuky vozidiel, ktor\u00e9 v\u00e1m zabezpe\u010dia pohodln\u00fa a \u0161t\u00fdlov\u00fa cestu.<\/li>\n<li><strong>Profesion\u00e1lni vodi\u010di:<\/strong> N\u00e1\u0161 t\u00edm profesion\u00e1lnych vodi\u010dov je sk\u00fasen\u00fd, zdvoril\u00fd a dobre pozn\u00e1 trasy medzi Brnom a Dr\u00e1\u017e\u010fanmi. Bu\u010fte si ist\u00ed, \u017ee ste v bezpe\u010dn\u00fdch ruk\u00e1ch.<\/li>\n<li><strong>Pohodlie:<\/strong> Ch\u00e1peme, \u017ee v\u00e1\u0161 \u010das je cenn\u00fd. S na\u0161ou slu\u017ebou od dver\u00ed k dver\u00e1m sa nebudete musie\u0165 ob\u00e1va\u0165 \u0165a\u017ekost\u00ed s verejnou dopravou alebo navig\u00e1ciou po nezn\u00e1mych cest\u00e1ch. Pohodlne sa usa\u010fte, relaxujte a vychutnajte si bezprobl\u00e9mov\u00fa cestu.<\/li>\n<li><strong>Individu\u00e1lna preprava:<\/strong> Vych\u00e1dzame v \u00fastrety va\u0161im \u0161pecifick\u00fdm potreb\u00e1m a \u010dasov\u00e9mu rozvrhu. \u010ci u\u017e cestujete sami alebo so skupinou, dok\u00e1\u017eeme sa prisp\u00f4sobi\u0165 va\u0161im po\u017eiadavk\u00e1m.<\/li>\n<li><strong>Konkuren\u010dn\u00e9 ceny:<\/strong> Ver\u00edme, \u017ee poskytujeme prepravu najvy\u0161\u0161ej kvality bez toho, aby sme rozbili banku. Na\u0161e ceny s\u00fa konkurencieschopn\u00e9 a transparentn\u00e9, \u010do zaru\u010duje vynikaj\u00facu hodnotu za va\u0161e peniaze.<\/li>\n<\/ul>\n<h2 style=\"text-align: center;\">\u00a0<\/h2>\n<h2 style=\"text-align: center;\"><strong>Rezerv\u00e1cia transferu z Brna do Dr\u00e1\u017e\u010fan\u00a0<\/strong><\/h2>\n<p>Rezerv\u00e1cia transferu z Brna do Dr\u00e1\u017e\u010fan je s nami r\u00fdchla a jednoduch\u00e1. Jednoducho n\u00e1s oslovte prostredn\u00edctvom na\u0161ej webovej str\u00e1nky alebo n\u00e1s kontaktujte priamo. Zdie\u013eajte svoje cestovn\u00e9 \u00fadaje a my sa postar\u00e1me o zvy\u0161ok, \u010d\u00edm zabezpe\u010d\u00edme r\u00fdchle a spo\u013eahliv\u00e9 slu\u017eby. Nez\u00e1le\u017e\u00ed na tom, kam smerujete alebo ak\u00fd je \u00fa\u010del va\u0161ej cesty, Brno to Dresden Transfer je tu, aby sa va\u0161a preprava stala hladkou a bez stresu.<\/p>\n<p>V spolo\u010dnosti Brno to Dresden Transfer sa sna\u017e\u00edme poskytova\u0165 prepravn\u00e9 slu\u017eby na najvy\u0161\u0161ej \u00farovni. Na\u0161\u00edm cie\u013eom je prekona\u0165 va\u0161e o\u010dak\u00e1vania a urobi\u0165 z va\u0161ej cesty nezabudnute\u013en\u00fd z\u00e1\u017eitok. Vysk\u00fa\u0161ajte rozdiel s na\u0161\u00edm s\u00fakromn\u00fdm vodi\u010dom a slu\u017ebou pren\u00e1jmu auta a u\u017eite si maxim\u00e1lne pohodlie, komfort a \u0161t\u00fdl.<\/p>\n<p>Kontaktujte n\u00e1s e\u0161te dnes a rezervujte si transfer z Brna do Dr\u00e1\u017e\u010fan a nechajte n\u00e1s postara\u0165 sa o va\u0161e prepravn\u00e9 potreby. Te\u0161\u00edme sa, \u017ee v\u00e1m budeme m\u00f4c\u0165 posl\u00fa\u017ei\u0165 na va\u0161ej nadch\u00e1dzaj\u00facej ceste!<\/p>\n<p style=\"text-align: center;\"><a class=\"btn btn-primary\" href=\"\/sk\/rezervovat-transfer\">Rezervova\u0165<\/a><\/p>\n<h2 style=\"text-align: center;\"><b>Ako sa dosta\u0165 z Brna do Dr\u00e1\u017e\u010fan<\/b><\/h2>\n<p>Pl\u00e1nujete v\u00fdlet z pulzuj\u00faceho Brna do historick\u00fdch a malebn\u00fdch Dr\u00e1\u017e\u010fan? Tu je nieko\u013eko pohodln\u00fdch mo\u017enost\u00ed dopravy, ktor\u00e9 v\u00e1m pom\u00f4\u017eu cestu \u013eahko zvl\u00e1dnu\u0165:<\/p>\n<h3>Vlak<\/h3>\n<p>Cestovanie vlakom je ob\u013e\u00fabenou vo\u013ebou pre cestuj\u00facich z Brna do Dr\u00e1\u017e\u010fan. K dispoz\u00edcii s\u00fa priame vlakov\u00e9 spojenia, ktor\u00e9 s\u00fa pohodlnou a komfortnou vo\u013ebou. Cesta pon\u00faka malebn\u00fd v\u00fdh\u013ead na krajinu a m\u00f4\u017eete si vychutna\u0165 pohodov\u00fa jazdu.<\/p>\n<h3>Autobus<\/h3>\n<p>Autobusov\u00e1 doprava je k dispoz\u00edcii aj pre t\u00fdch, ktor\u00ed h\u013eadaj\u00fa cenovo dostupn\u00fa mo\u017enos\u0165 dopravy. Medzi Brnom a Dr\u00e1\u017e\u010fanmi prem\u00e1va nieko\u013eko autobusov\u00fdch spolo\u010dnost\u00ed, ktor\u00e9 pon\u00fakaj\u00fa r\u00f4zne \u010dasy odchodov, aby vyhovovali va\u0161im \u010dasov\u00fdm mo\u017enostiam.<\/p>\n<h3>Po\u017ei\u010dov\u0148a \u00e1ut<\/h3>\n<p>Ak d\u00e1vate prednos\u0165 flexibilite a mo\u017enosti spozn\u00e1va\u0165 krajinu vlastn\u00fdm tempom, zv\u00e1\u017ete pren\u00e1jom auta. T\u00e1to mo\u017enos\u0165 v\u00e1m umo\u017en\u00ed robi\u0165 obch\u00e1dzky, nav\u0161t\u00edvi\u0165 in\u00e9 zauj\u00edmav\u00e9 miesta po ceste a poskytne v\u00e1m pohodlie a komfort.<\/p>\n<p>\u00a0<\/p>\n<h3>S\u00fakromn\u00fd transfer<\/h3>\n<p>Ak si chcete dopria\u0165 individu\u00e1lny a bezstresov\u00fd z\u00e1\u017eitok, m\u00f4\u017eete si zvoli\u0165 s\u00fakromn\u00fd transfer. S\u00fakromn\u00ed vodi\u010di a po\u017ei\u010dov\u0148a \u00e1ut s\u00fa k dispoz\u00edcii, aby v\u00e1s vyzdvihli v Brne a odviezli priamo do cie\u013ea v Dr\u00e1\u017e\u010fanoch. T\u00e1to vo\u013eba je ide\u00e1lna pre t\u00fdch, ktor\u00ed h\u013eadaj\u00fa komfort a pohodlie.<\/p>\n<h3>Leteck\u00e1 doprava<\/h3>\n<p>Ak v\u00e1m z\u00e1le\u017e\u00ed na \u010dase a h\u013ead\u00e1te najr\u00fdchlej\u0161\u00ed sp\u00f4sob, ako sa dosta\u0165 do Dr\u00e1\u017e\u010fan, zv\u00e1\u017ete let. Z Brna do Dr\u00e1\u017e\u010fan s\u00edce nelietaj\u00fa \u017eiadne priame lety, ale m\u00f4\u017eete vyu\u017ei\u0165 prestup cez hlavn\u00e9 letisk\u00e1.<\/p>\n<h3>Kombin\u00e1cia dopravy<\/h3>\n<p>Niekedy je najefekt\u00edvnej\u0161\u00edm sp\u00f4sobom cestovania kombin\u00e1cia r\u00f4znych druhov dopravy. Napr\u00edklad m\u00f4\u017eete \u00eds\u0165 vlakom alebo autobusom do bl\u00edzkeho mesta a potom nast\u00fapi\u0165 na prestupn\u00fd vlak alebo let do Dr\u00e1\u017e\u010fan.<\/p>\n<p>Predt\u00fdm, ako sa vyd\u00e1te na cestu, je nevyhnutn\u00e9 skontrolova\u0165 aktu\u00e1lne cestovn\u00e9 poriadky, dostupnos\u0165 a pr\u00edpadn\u00e9 cestovn\u00e9 obmedzenia, najm\u00e4 ak cestujete do zahrani\u010dia. Okrem toho si nezabudnite rezervova\u0165 l\u00edstky vopred, aby ste si zabezpe\u010dili hlad\u0161ie a predv\u00eddate\u013enej\u0161ie cestovanie.<\/p>\n<p style=\"text-align: center;\"><a class=\"btn btn-primary\" href=\"\/sk\/rezervovat-transfer\">Rezervova\u0165<\/a><\/p>\n<p style=\"text-align: left;\">Bez oh\u013eadu na to, ak\u00fd sp\u00f4sob dopravy si vyberiete, va\u0161a cesta z Brna do Dr\u00e1\u017e\u010fan pon\u00faka mo\u017enos\u0165 spozna\u0165 dve kr\u00e1sne mest\u00e1 s ich jedine\u010dn\u00fdmi kult\u00farnymi a historick\u00fdmi pamiatkami. \u0160\u0165astn\u00fa cestu!<\/p>\n<\/p><\/div>\n<\/p><\/div>\n<div class=\"product-price-container\">\n<div class=\"sale-price\"> \t\t<\/div>\n<\/p><\/div>\n<div class=\"options\"><\/div>\n<div> \t\t<\/div>\n<p>   \t        <script type=\"text\/javascript\" ><\/script>  <script type=\"text\/javascript\" ><\/script> <script type=\"text\/javascript\" ><\/script>  <script type=\"text\/javascript\" ><\/script> <script type=\"text\/javascript\" ><\/script> <script type=\"text\/javascript\" ><\/script> <script type=\"text\/javascript\" ><\/script> <\/div>\n<p> \t\t<!-- \u041f\u043b\u0430\u0433\u0438\u043d \u0440\u0435\u0439\u0442\u0438\u043d\u0433\u0430 --> <\/p>\n<div class=\"vrvote-body\">\n<ul class=\"vrvote-ul\">\n<li id=\"rating_45\" class=\"current-rating\" style=\"width:98.50%;\"><\/li>\n<li> \t\t\t\t\t\t<a class=\"vr-one-star\" onclick=\"javascript:JSVRvote(45,1,197,40,0)\" href=\"javascript:void(null)\">1<\/a> \t\t\t\t\t<\/li>\n<li> \t\t\t\t\t\t<a class=\"vr-two-stars\" onclick=\"javascript:JSVRvote(45,2,197,40,0)\" href=\"javascript:void(null)\">2<\/a> \t\t\t\t\t<\/li>\n<li> \t\t\t\t\t\t<a class=\"vr-three-stars\" onclick=\"javascript:JSVRvote(45,3,197,40,0)\" href=\"javascript:void(null)\">3<\/a> \t\t\t\t\t<\/li>\n<li> \t\t\t\t\t\t<a class=\"vr-four-stars\" onclick=\"javascript:JSVRvote(45,4,197,40,0)\" href=\"javascript:void(null)\">4<\/a> \t\t\t\t\t<\/li>\n<li> \t\t\t\t\t\t<a class=\"vr-five-stars\" onclick=\"javascript:JSVRvote(45,5,197,40,0)\" href=\"javascript:void(null)\">5<\/a> \t\t\t\t\t<\/li>\n<\/ul><\/div>\n<p> \t\t\t<span id=\"vrvote_45\" class=\"vrvote-count\"><small><\/small><\/span>\t<\/span><script type=\"application\/ld+json\"><\/script>   <\/div>\n<div class=\"t4-col sidebar-r col-12 col-xl-4\">\n<div class=\"t4-module module\" id=\"Mod306\">\n<div class=\"module-inner\">\n<div class=\"module-ct\">\n<div class=\"bannergroup\">\n<div class=\"banneritem\"> \t\t\t\t\t\t\t\t\t\t\t\t\t\t\t\t\t\t\t\t\t\t\t\t\t\t\t\t\t\t\t\t\t\t\t\t\t\t\t\t\t\t\t\t\t\t\t\t\t\t<img \t\t\t\t\t\tsrc=\"\/wp-content\/uploads\/2025\/08\/banner-transfer-europe-sk-416.png\" \t\t\t\t\t\talt=\"Banner-sk\" \t\t\t\t\t\t\t\t\t\t\t\t\t\t\t\t\t\/> \t\t\t\t\t\t\t\t\t\t\t<\/p>\n<div class=\"clr\"><\/div>\n<\/p><\/div>\n<\/p><\/div>\n<\/p><\/div>\n<\/div>\n<\/div><\/div>\n<\/p><\/div>\n<\/div><\/div>\n<div id=\"t4-section-8\" class=\"t4-section  t4-section-8  section-border-top\" role=\"section-8\">\n<div class=\"bg-overlay bg-overlay-image\">&nbsp;<\/div>\n<\/p><\/div>\n<p>  <a href='javascript:' id='back-to-top'><i class='fa fa-chevron-up'><\/i><\/a>                <\/p>\n","protected":false},"excerpt":{"rendered":"<p>Transfer z Brna do Dr\u00e1\u017e\u010fan Brno Osobn\u00e1 preprava Rezervova\u0165 Pl\u00e1nujete cestu z Brna do Dr\u00e1\u017e\u010fan a h\u013ead\u00e1te spo\u013eahliv\u00fa a pohodln\u00fa dopravu? U\u017e nemus\u00edte h\u013eada\u0165 \u010falej! Brno &#8211; Dr\u00e1\u017e\u010fany Transfer je va\u0161a vo\u013eba pre bezprobl\u00e9mov\u00fd a pohodln\u00fd transfer. \u010ci u\u017e cestujete slu\u017eobne alebo na dovolenku, na\u0161e slu\u017eby s\u00fakromn\u00e9ho vodi\u010da a pren\u00e1jmu auta s\u00fa prisp\u00f4soben\u00e9 tak, aby [&hellip;]<\/p>\n","protected":false},"author":1,"featured_media":73106,"parent":0,"menu_order":0,"comment_status":"closed","ping_status":"closed","template":"","meta":{"footnotes":""},"class_list":["post-73105","page","type-page","status-publish","has-post-thumbnail","hentry"],"yoast_head":"<!-- This site is optimized with the Yoast SEO plugin v25.6 - https:\/\/yoast.com\/wordpress\/plugins\/seo\/ -->\n<title>Transfer z Brna do Dr\u00e1\u017e\u010fan - Transfer Europe<\/title>\n<meta name=\"description\" content=\"\u0160of\u00e9rujte z Brna do Dr\u00e1\u017e\u010fan s autom. Zarezervujte si online transfer Brno - Dr\u00e1\u017e\u010fany pomocou slu\u017eby Transfer Europe \u2714Ve\u013ek\u00fd vozov\u00fd park \u2714VIP taxi \u2714Bezpe\u010dn\u00e1 platba \u260e+421 951 460 615\" \/>\n<meta name=\"robots\" content=\"index, follow, max-snippet:-1, max-image-preview:large, max-video-preview:-1\" \/>\n<link rel=\"canonical\" href=\"https:\/\/transfereurope.com\/sk\/transfer-z-brna-do-drazdan\/\" \/>\n<meta property=\"og:locale\" content=\"sk_SK\" \/>\n<meta property=\"og:type\" content=\"article\" \/>\n<meta property=\"og:title\" content=\"Transfer z Brna do Dr\u00e1\u017e\u010fan - Transfer Europe\" \/>\n<meta property=\"og:description\" content=\"\u0160of\u00e9rujte z Brna do Dr\u00e1\u017e\u010fan s autom. Zarezervujte si online transfer Brno - Dr\u00e1\u017e\u010fany pomocou slu\u017eby Transfer Europe \u2714Ve\u013ek\u00fd vozov\u00fd park \u2714VIP taxi \u2714Bezpe\u010dn\u00e1 platba \u260e+421 951 460 615\" \/>\n<meta property=\"og:url\" content=\"https:\/\/transfereurope.com\/sk\/transfer-z-brna-do-drazdan\/\" \/>\n<meta property=\"og:site_name\" content=\"transfereurope\" \/>\n<meta property=\"og:image\" content=\"https:\/\/transfereurope.com\/wp-content\/uploads\/2025\/08\/Europe-Destinations-Transfers-164-7-1.jpg\" \/>\n\t<meta property=\"og:image:width\" content=\"1500\" \/>\n\t<meta property=\"og:image:height\" content=\"2000\" \/>\n\t<meta property=\"og:image:type\" content=\"image\/jpeg\" \/>\n<meta name=\"twitter:card\" content=\"summary_large_image\" \/>\n<meta name=\"twitter:label1\" content=\"Predpokladan\u00fd \u010das \u010d\u00edtania\" \/>\n\t<meta name=\"twitter:data1\" content=\"5 min\u00fat\" \/>\n<script type=\"application\/ld+json\" class=\"yoast-schema-graph\">{\"@context\":\"https:\/\/schema.org\",\"@graph\":[{\"@type\":\"WebPage\",\"@id\":\"https:\/\/transfereurope.com\/sk\/transfer-z-brna-do-drazdan\/\",\"url\":\"https:\/\/transfereurope.com\/sk\/transfer-z-brna-do-drazdan\/\",\"name\":\"Transfer z Brna do Dr\u00e1\u017e\u010fan - Transfer Europe\",\"isPartOf\":{\"@id\":\"https:\/\/transfereurope.com\/sk\/#website\"},\"primaryImageOfPage\":{\"@id\":\"https:\/\/transfereurope.com\/sk\/transfer-z-brna-do-drazdan\/#primaryimage\"},\"image\":{\"@id\":\"https:\/\/transfereurope.com\/sk\/transfer-z-brna-do-drazdan\/#primaryimage\"},\"thumbnailUrl\":\"https:\/\/transfereurope.com\/wp-content\/uploads\/2025\/08\/Europe-Destinations-Transfers-164-7-1.jpg\",\"datePublished\":\"2025-08-05T16:15:46+00:00\",\"description\":\"\u0160of\u00e9rujte z Brna do Dr\u00e1\u017e\u010fan s autom. Zarezervujte si online transfer Brno - Dr\u00e1\u017e\u010fany pomocou slu\u017eby Transfer Europe \u2714Ve\u013ek\u00fd vozov\u00fd park \u2714VIP taxi \u2714Bezpe\u010dn\u00e1 platba \u260e+421 951 460 615\",\"breadcrumb\":{\"@id\":\"https:\/\/transfereurope.com\/sk\/transfer-z-brna-do-drazdan\/#breadcrumb\"},\"inLanguage\":\"sk-SK\",\"potentialAction\":[{\"@type\":\"ReadAction\",\"target\":[\"https:\/\/transfereurope.com\/sk\/transfer-z-brna-do-drazdan\/\"]}]},{\"@type\":\"ImageObject\",\"inLanguage\":\"sk-SK\",\"@id\":\"https:\/\/transfereurope.com\/sk\/transfer-z-brna-do-drazdan\/#primaryimage\",\"url\":\"https:\/\/transfereurope.com\/wp-content\/uploads\/2025\/08\/Europe-Destinations-Transfers-164-7-1.jpg\",\"contentUrl\":\"https:\/\/transfereurope.com\/wp-content\/uploads\/2025\/08\/Europe-Destinations-Transfers-164-7-1.jpg\",\"width\":1500,\"height\":2000},{\"@type\":\"BreadcrumbList\",\"@id\":\"https:\/\/transfereurope.com\/sk\/transfer-z-brna-do-drazdan\/#breadcrumb\",\"itemListElement\":[{\"@type\":\"ListItem\",\"position\":1,\"name\":\"Home\",\"item\":\"https:\/\/transfereurope.com\/sk\/\"},{\"@type\":\"ListItem\",\"position\":2,\"name\":\"Transfer z Brna do Dr\u00e1\u017e\u010fan\"}]},{\"@type\":\"WebSite\",\"@id\":\"https:\/\/transfereurope.com\/sk\/#website\",\"url\":\"https:\/\/transfereurope.com\/sk\/\",\"name\":\"transfereurope\",\"description\":\"\",\"publisher\":{\"@id\":\"https:\/\/transfereurope.com\/sk\/#organization\"},\"potentialAction\":[{\"@type\":\"SearchAction\",\"target\":{\"@type\":\"EntryPoint\",\"urlTemplate\":\"https:\/\/transfereurope.com\/sk\/?s={search_term_string}\"},\"query-input\":{\"@type\":\"PropertyValueSpecification\",\"valueRequired\":true,\"valueName\":\"search_term_string\"}}],\"inLanguage\":\"sk-SK\"},{\"@type\":\"Organization\",\"@id\":\"https:\/\/transfereurope.com\/sk\/#organization\",\"name\":\"transfereurope\",\"url\":\"https:\/\/transfereurope.com\/sk\/\",\"logo\":{\"@type\":\"ImageObject\",\"inLanguage\":\"sk-SK\",\"@id\":\"https:\/\/transfereurope.com\/sk\/#\/schema\/logo\/image\/\",\"url\":\"https:\/\/transfereurope.com\/wp-content\/uploads\/2025\/08\/TRANSFERS-1655.png\",\"contentUrl\":\"https:\/\/transfereurope.com\/wp-content\/uploads\/2025\/08\/TRANSFERS-1655.png\",\"width\":500,\"height\":274,\"caption\":\"transfereurope\"},\"image\":{\"@id\":\"https:\/\/transfereurope.com\/sk\/#\/schema\/logo\/image\/\"}}]}<\/script>\n<!-- \/ Yoast SEO plugin. -->","yoast_head_json":{"title":"Transfer z Brna do Dr\u00e1\u017e\u010fan - Transfer Europe","description":"\u0160of\u00e9rujte z Brna do Dr\u00e1\u017e\u010fan s autom. Zarezervujte si online transfer Brno - Dr\u00e1\u017e\u010fany pomocou slu\u017eby Transfer Europe \u2714Ve\u013ek\u00fd vozov\u00fd park \u2714VIP taxi \u2714Bezpe\u010dn\u00e1 platba \u260e+421 951 460 615","robots":{"index":"index","follow":"follow","max-snippet":"max-snippet:-1","max-image-preview":"max-image-preview:large","max-video-preview":"max-video-preview:-1"},"canonical":"https:\/\/transfereurope.com\/sk\/transfer-z-brna-do-drazdan\/","og_locale":"sk_SK","og_type":"article","og_title":"Transfer z Brna do Dr\u00e1\u017e\u010fan - Transfer Europe","og_description":"\u0160of\u00e9rujte z Brna do Dr\u00e1\u017e\u010fan s autom. Zarezervujte si online transfer Brno - Dr\u00e1\u017e\u010fany pomocou slu\u017eby Transfer Europe \u2714Ve\u013ek\u00fd vozov\u00fd park \u2714VIP taxi \u2714Bezpe\u010dn\u00e1 platba \u260e+421 951 460 615","og_url":"https:\/\/transfereurope.com\/sk\/transfer-z-brna-do-drazdan\/","og_site_name":"transfereurope","og_image":[{"width":1500,"height":2000,"url":"https:\/\/transfereurope.com\/wp-content\/uploads\/2025\/08\/Europe-Destinations-Transfers-164-7-1.jpg","type":"image\/jpeg"}],"twitter_card":"summary_large_image","twitter_misc":{"Predpokladan\u00fd \u010das \u010d\u00edtania":"5 min\u00fat"},"schema":{"@context":"https:\/\/schema.org","@graph":[{"@type":"WebPage","@id":"https:\/\/transfereurope.com\/sk\/transfer-z-brna-do-drazdan\/","url":"https:\/\/transfereurope.com\/sk\/transfer-z-brna-do-drazdan\/","name":"Transfer z Brna do Dr\u00e1\u017e\u010fan - Transfer Europe","isPartOf":{"@id":"https:\/\/transfereurope.com\/sk\/#website"},"primaryImageOfPage":{"@id":"https:\/\/transfereurope.com\/sk\/transfer-z-brna-do-drazdan\/#primaryimage"},"image":{"@id":"https:\/\/transfereurope.com\/sk\/transfer-z-brna-do-drazdan\/#primaryimage"},"thumbnailUrl":"https:\/\/transfereurope.com\/wp-content\/uploads\/2025\/08\/Europe-Destinations-Transfers-164-7-1.jpg","datePublished":"2025-08-05T16:15:46+00:00","description":"\u0160of\u00e9rujte z Brna do Dr\u00e1\u017e\u010fan s autom. Zarezervujte si online transfer Brno - Dr\u00e1\u017e\u010fany pomocou slu\u017eby Transfer Europe \u2714Ve\u013ek\u00fd vozov\u00fd park \u2714VIP taxi \u2714Bezpe\u010dn\u00e1 platba \u260e+421 951 460 615","breadcrumb":{"@id":"https:\/\/transfereurope.com\/sk\/transfer-z-brna-do-drazdan\/#breadcrumb"},"inLanguage":"sk-SK","potentialAction":[{"@type":"ReadAction","target":["https:\/\/transfereurope.com\/sk\/transfer-z-brna-do-drazdan\/"]}]},{"@type":"ImageObject","inLanguage":"sk-SK","@id":"https:\/\/transfereurope.com\/sk\/transfer-z-brna-do-drazdan\/#primaryimage","url":"https:\/\/transfereurope.com\/wp-content\/uploads\/2025\/08\/Europe-Destinations-Transfers-164-7-1.jpg","contentUrl":"https:\/\/transfereurope.com\/wp-content\/uploads\/2025\/08\/Europe-Destinations-Transfers-164-7-1.jpg","width":1500,"height":2000},{"@type":"BreadcrumbList","@id":"https:\/\/transfereurope.com\/sk\/transfer-z-brna-do-drazdan\/#breadcrumb","itemListElement":[{"@type":"ListItem","position":1,"name":"Home","item":"https:\/\/transfereurope.com\/sk\/"},{"@type":"ListItem","position":2,"name":"Transfer z Brna do Dr\u00e1\u017e\u010fan"}]},{"@type":"WebSite","@id":"https:\/\/transfereurope.com\/sk\/#website","url":"https:\/\/transfereurope.com\/sk\/","name":"transfereurope","description":"","publisher":{"@id":"https:\/\/transfereurope.com\/sk\/#organization"},"potentialAction":[{"@type":"SearchAction","target":{"@type":"EntryPoint","urlTemplate":"https:\/\/transfereurope.com\/sk\/?s={search_term_string}"},"query-input":{"@type":"PropertyValueSpecification","valueRequired":true,"valueName":"search_term_string"}}],"inLanguage":"sk-SK"},{"@type":"Organization","@id":"https:\/\/transfereurope.com\/sk\/#organization","name":"transfereurope","url":"https:\/\/transfereurope.com\/sk\/","logo":{"@type":"ImageObject","inLanguage":"sk-SK","@id":"https:\/\/transfereurope.com\/sk\/#\/schema\/logo\/image\/","url":"https:\/\/transfereurope.com\/wp-content\/uploads\/2025\/08\/TRANSFERS-1655.png","contentUrl":"https:\/\/transfereurope.com\/wp-content\/uploads\/2025\/08\/TRANSFERS-1655.png","width":500,"height":274,"caption":"transfereurope"},"image":{"@id":"https:\/\/transfereurope.com\/sk\/#\/schema\/logo\/image\/"}}]}},"_links":{"self":[{"href":"https:\/\/transfereurope.com\/sk\/wp-json\/wp\/v2\/pages\/73105","targetHints":{"allow":["GET"]}}],"collection":[{"href":"https:\/\/transfereurope.com\/sk\/wp-json\/wp\/v2\/pages"}],"about":[{"href":"https:\/\/transfereurope.com\/sk\/wp-json\/wp\/v2\/types\/page"}],"author":[{"embeddable":true,"href":"https:\/\/transfereurope.com\/sk\/wp-json\/wp\/v2\/users\/1"}],"replies":[{"embeddable":true,"href":"https:\/\/transfereurope.com\/sk\/wp-json\/wp\/v2\/comments?post=73105"}],"version-history":[{"count":0,"href":"https:\/\/transfereurope.com\/sk\/wp-json\/wp\/v2\/pages\/73105\/revisions"}],"wp:featuredmedia":[{"embeddable":true,"href":"https:\/\/transfereurope.com\/sk\/wp-json\/wp\/v2\/media\/73106"}],"wp:attachment":[{"href":"https:\/\/transfereurope.com\/sk\/wp-json\/wp\/v2\/media?parent=73105"}],"curies":[{"name":"wp","href":"https:\/\/api.w.org\/{rel}","templated":true}]}}