{"id":72703,"date":"2025-08-05T16:11:55","date_gmt":"2025-08-05T16:11:55","guid":{"rendered":"https:\/\/transfereurope.com\/transfer-z-prahy-do-brna\/"},"modified":"2025-08-05T16:11:55","modified_gmt":"2025-08-05T16:11:55","slug":"transfer-z-prahy-do-brna","status":"publish","type":"page","link":"https:\/\/transfereurope.com\/sk\/destinacie\/praha\/transfer-z-prahy-do-brna\/","title":{"rendered":"Transfer z Prahy do Brna"},"content":{"rendered":"\n<div id=\"t4-masthead\" class=\"t4-section  t4-masthead\">\n<div class=\"t4-col text-center\">\n<div class=\"ja-masthead\" >\n<div class=\"ja-masthead-detail\">\n<h1 class=\"ja-masthead-title\">Transfer z Prahy do Brna<\/h1>\n<p>                 <!---->            <\/p>\n<div class=\"block-breadcrumb\">                       <\/div>\n<\/p><\/div>\n<\/p><\/div>\n<pre><\/pre>\n<\/div>\n<\/div>\n<div id=\"t4-main-body\" class=\"t4-section  t4-main-body\" role=\"main body\">\n<div class=\"t4-section-inner container\">\n<div class=\"t4-row row\">\n<div class=\"t4-col col-12 col-xl\">\n<div id=\"system-message-container\"> \t<\/div>\n<div class=\"com-content-article item-page view-tour-detail\">\n<div class=\"tour-top-info clearfix\">\n<div class=\"pull-left\">\n<div class=\"category-article-dot\">\n<div class=\"category-name\"> \t\t\t\t\t<a href=\"\/sk\/destinacie\/praha\" itemprop=\"genre\">Praha Osobn\u00e1 preprava<\/a> \t\t\t\t<\/div>\n<\/p><\/div>\n<\/p><\/div>\n<div class=\"pull-right\">\n<div class=\"text-danger tour-price\"> \t\t\t\t\t\t<a href=\"\/sk\/rezervovat-transfer\">Rezervova\u0165<\/a><\/div>\n<\/p><\/div>\n<\/p><\/div>\n<p>  \t <!--\t-->  \t<\/p>\n<div class=\"vm-product-container\">\n<figure class=\"pull-left item-image\">\n<div class=\"main-image\"> \t\t<a title=\"Prague to Brno Transfer Service\" rel='vm-additional-images' href=\"\/images\/virtuemart\/product\/Italy Milan Transfers (5)83.jpg\"><img decoding=\"async\"  loading=\"lazy\"  src=\"\/wp-content\/uploads\/2025\/08\/Italy-Milan-Transfers-583-7.jpg\"  alt=\"Prague to Brno Transfer Service\"  \/><\/a>\t\t<\/p>\n<div class=\"clear\"><\/div>\n<\/p><\/div>\n<\/figure>\n<div class=\"vm-product-details-container\">\n<div class=\"spacer-buy-area\">    \t\t \t\t<\/div>\n<\/p><\/div>\n<div class=\"clear\"><\/div>\n<\/p><\/div>\n<div class=\"product-description\" >\n<div class=\"book-now mt-5\" style=\"text-align: left;\">\n<p>H\u013ead\u00e1te bezprobl\u00e9mov\u00fa a bezstresov\u00fa cestu z Prahy do Brna? U\u017e neh\u013eadajte \u010falej! Na\u0161a pr\u00e9miov\u00e1 prepravn\u00e1 slu\u017eba je tu, aby uspokojila v\u0161etky va\u0161e potreby. \u010ci u\u017e ste turista objavuj\u00faci kr\u00e1snu \u010cesk\u00fa republiku alebo obchodn\u00fd cestuj\u00faci s nabit\u00fdm programom, n\u00e1\u0161 s\u00fakromn\u00fd vodi\u010d a slu\u017eba pren\u00e1jmu auta s\u00fa v\u00e1m k dispoz\u00edcii a zabezpe\u010dia v\u00e1m pohodln\u00fa a komfortn\u00fa cestu.<\/p>\n<p style=\"text-align: center;\"><a class=\"btn btn-primary\" href=\"\/sk\/rezervovat-transfer\">Rezervova\u0165<\/a><\/p>\n<h2 style=\"text-align: center;\"><strong>Pre\u010do si vybra\u0165 na\u0161e slu\u017eby prepravy z Prahy do Brna?<\/strong><\/h2>\n<ul>\n<li><strong>S\u00fakromn\u00fd vodi\u010d:<\/strong> Na\u0161i sk\u00fasen\u00ed a profesion\u00e1lni vodi\u010di sa sna\u017eia zabezpe\u010di\u0165 v\u00e1m bezpe\u010dn\u00fa a pohodln\u00fa cestu. Poznaj\u00fa najlep\u0161ie trasy a zabezpe\u010dia, aby ste sa do cie\u013ea dostali efekt\u00edvne.<\/li>\n<li><strong>Pren\u00e1jom auta:<\/strong> Vyberte si z na\u0161ej rozmanitej flotily dobre udr\u017eiavan\u00fdch, pohodln\u00fdch a modern\u00fdch vozidiel. Od elegantn\u00fdch sedanov a\u017e po priestrann\u00e9 dod\u00e1vky &#8211; m\u00e1me pre v\u00e1s ide\u00e1lne vozidlo.<\/li>\n<li><strong>Doprava:<\/strong> Vezmite si vozidlo, ktor\u00e9 v\u00e1m pom\u00f4\u017ee pri preprave: Pon\u00fakame cel\u00fd rad mo\u017enost\u00ed dopravy prisp\u00f4soben\u00fdch va\u0161im preferenci\u00e1m a ve\u013ekosti skupiny. \u010ci u\u017e cestujete sami, s rodinou alebo ako s\u00fa\u010das\u0165 v\u00e4\u010d\u0161ej skupiny, m\u00e1me pre v\u00e1s to spr\u00e1vne rie\u0161enie prepravy.<\/li>\n<li><strong>Spo\u013eahliv\u00e9 slu\u017eby:<\/strong> Na\u0161ou silnou str\u00e1nkou je dochv\u00ed\u013enos\u0165. M\u00f4\u017eete sa spo\u013eahn\u00fa\u0165, \u017ee v\u00e1s vyzdvihneme a vysad\u00edme na vami ur\u010den\u00fdch miestach v\u017edy na\u010das.<\/li>\n<li><strong>Konkuren\u010dn\u00e9 ceny:<\/strong> Vychutnajte si slu\u017eby najvy\u0161\u0161ej kvality bez toho, aby ste prepadli. Na\u0161e konkuren\u010dn\u00e9 ceny v\u00e1m zaru\u010dia, \u017ee za svoje peniaze dostanete skvel\u00fa hodnotu.<\/li>\n<li><strong>Jednoduch\u00e1 rezerv\u00e1cia:<\/strong> Rezerv\u00e1cia transferu z Prahy do Brna je v\u010faka na\u0161ej pou\u017e\u00edvate\u013esky pr\u00edvetivej online platforme hra\u010dka. Sta\u010d\u00ed p\u00e1r kliknut\u00ed a v\u0161etko je pripraven\u00e9!<\/li>\n<li><strong>Z\u00e1\u017eitok na mieru:<\/strong> Ch\u00e1peme, \u017ee ka\u017ed\u00fd cestuj\u00faci je jedine\u010dn\u00fd. Ozn\u00e1mte n\u00e1m svoje \u0161pecifick\u00e9 po\u017eiadavky a my prisp\u00f4sob\u00edme na\u0161e slu\u017eby va\u0161im individu\u00e1lnym potreb\u00e1m.<\/li>\n<\/ul>\n<h2 style=\"text-align: center;\">\u00a0<\/h2>\n<h2 style=\"text-align: center;\"><strong>Rezerv\u00e1cia transferu z Prahy do Brna\u00a0<\/strong><\/h2>\n<p>Urobte si nezabudnute\u013en\u00fa cestu z Prahy do Brna s na\u0161imi spo\u013eahliv\u00fdmi, pohodln\u00fdmi a efekt\u00edvnymi prepravn\u00fdmi slu\u017ebami. Za\u017eite pohodlie s\u00fakromn\u00e9ho vodi\u010da a pren\u00e1jom auta ako nikdy predt\u00fdm. Rezervujte si transfer e\u0161te dnes a nechajte n\u00e1s postara\u0165 sa o v\u0161etky va\u0161e cestovn\u00e9 potreby!<\/p>\n<p style=\"text-align: center;\"><a class=\"btn btn-primary\" href=\"\/sk\/rezervovat-transfer\">Rezervova\u0165<\/a><\/p>\n<h2 style=\"text-align: center;\"><b>Ako sa dosta\u0165 z Prahy do Brna<\/b><\/h2>\n<p>Pl\u00e1nujete cestu z podmanivej Prahy do pulzuj\u00faceho Brna v srdci \u010ceskej republiky? \u010ci u\u017e ste turista, ktor\u00fd chce spozna\u0165 bohat\u00fa hist\u00f3riu a kult\u00faru Brna, alebo obchodn\u00fd cestuj\u00faci, ktor\u00fd m\u00e1 v meste dohodnut\u00e9 stretnutia, m\u00f4\u017eete si vybra\u0165 z nieko\u013ek\u00fdch pohodln\u00fdch mo\u017enost\u00ed dopravy.<\/p>\n<h3>Vlak<\/h3>\n<p>Cesta vlakom z Prahy do Brna je ob\u013e\u00fabenou a efekt\u00edvnou vo\u013ebou. Vlaky s\u00fa pohodln\u00e9 a jazdia \u010dasto. Cesta poskytuje n\u00e1dhern\u00e9 malebn\u00e9 v\u00fdh\u013eady na \u010desk\u00fa krajinu a trv\u00e1 pribli\u017ene 2,5 a\u017e 3 hodiny. Nezabudnite si pozrie\u0165 cestovn\u00e9 poriadky a rezervova\u0165 si l\u00edstky vopred, aby ste si zabezpe\u010dili miesto.<\/p>\n<h3>Autobus<\/h3>\n<p>\u010eal\u0161ou mo\u017enos\u0165ou je autobus z Prahy do Brna. Autobusov\u00e1 doprava je spo\u013eahliv\u00e1 a t\u00fato trasu pon\u00fakaj\u00fa r\u00f4zne spolo\u010dnosti. Cesta trv\u00e1 pribli\u017ene 2,5 a\u017e 3,5 hodiny v z\u00e1vislosti od autobusu a trasy. Niektor\u00e9 autobusy pon\u00fakaj\u00fa na palube vybavenie, ako je Wi-Fi a elektrick\u00e9 z\u00e1suvky, ktor\u00e9 v\u00e1m zabezpe\u010dia pohodln\u00fa cestu.<\/p>\n<h3>Po\u017ei\u010dov\u0148a \u00e1ut<\/h3>\n<p>Ak d\u00e1vate prednos\u0165 v\u00e4\u010d\u0161ej flexibilite pri cestovan\u00ed, zv\u00e1\u017ete pren\u00e1jom auta v Prahe. T\u00e1to mo\u017enos\u0165 v\u00e1m umo\u017en\u00ed presk\u00fama\u0165 krajinu vlastn\u00fdm tempom a nav\u0161t\u00edvi\u0165 zauj\u00edmavosti po ceste. Cesta autom zvy\u010dajne trv\u00e1 pribli\u017ene 2,5 a\u017e 3 hodiny v z\u00e1vislosti od prem\u00e1vky a zast\u00e1vok.<\/p>\n<p>\u00a0<\/p>\n<h3>S\u00fakromn\u00fd transfer<\/h3>\n<p>Ak si chcete u\u017ei\u0165 individu\u00e1lnu a bezprobl\u00e9mov\u00fa cestu, m\u00f4\u017eete si zvoli\u0165 s\u00fakromn\u00fd transfer. Prenajmite si s\u00fakromn\u00e9ho vodi\u010da a pohodln\u00e9 vozidlo a u\u017eite si cestu z Prahy do Brna bez stresu. T\u00e1to mo\u017enos\u0165 je ide\u00e1lna pre t\u00fdch, ktor\u00ed si cenia pohodlie a komfort a chc\u00fa ma\u0165 z\u00e1\u017eitok z cesty \u0161it\u00fd na mieru.<\/p>\n<h3>Lety<\/h3>\n<p>Hoci to nie je naj\u010dastej\u0161ia vo\u013eba, medzi Prahou a Brnom sa pr\u00edle\u017eitostne lieta. Let je r\u00fdchly, trv\u00e1 pribli\u017ene 45 min\u00fat, ale zv\u00e1\u017ete \u010das potrebn\u00fd na presun na letisko a sp\u00e4\u0165, bezpe\u010dnostn\u00e9 kontroly a \u010dakacie doby.<\/p>\n<h3>Spolo\u010dn\u00e1 jazda autom a zdie\u013eanie jazdy<\/h3>\n<p>M\u00f4\u017eete tie\u017e presk\u00fama\u0165 slu\u017eby spoluj\u00edzdy a zdie\u013eania jazdy, ktor\u00e9 m\u00f4\u017eu by\u0165 k dispoz\u00edcii na cestovanie medzi Prahou a Brnom. Tieto mo\u017enosti m\u00f4\u017eu by\u0165 cenovo v\u00fdhodn\u00e9 a umo\u017enia v\u00e1m zdie\u013ea\u0165 cestu s in\u00fdmi cestuj\u00facimi.<\/p>\n<p style=\"text-align: center;\"><a class=\"btn btn-primary\" href=\"\/sk\/rezervovat-transfer\">Rezervova\u0165<\/a><\/p>\n<p style=\"text-align: left;\">Pri pl\u00e1novan\u00ed cesty nezabudnite zv\u00e1\u017ei\u0165 faktory, ako je v\u00e1\u0161 rozpo\u010det, \u010dasov\u00fd pl\u00e1n a osobn\u00e9 preferencie. Nech u\u017e si vyberiete ak\u00fdko\u013evek sp\u00f4sob dopravy, Praha aj Brno pon\u00fakaj\u00fa jedine\u010dn\u00e9 z\u00e1\u017eitky a stoja za n\u00e1v\u0161tevu. Bezpe\u010dn\u00e9 cestovanie!<\/p>\n<\/p><\/div>\n<\/p><\/div>\n<div class=\"product-price-container\">\n<div class=\"sale-price\"> \t\t<\/div>\n<\/p><\/div>\n<div class=\"options\"><\/div>\n<div> \t\t<\/div>\n<p>   \t        <script type=\"text\/javascript\" ><\/script>  <script type=\"text\/javascript\" ><\/script> <script type=\"text\/javascript\" ><\/script>  <script type=\"text\/javascript\" ><\/script> <script type=\"text\/javascript\" ><\/script> <script type=\"text\/javascript\" ><\/script> <script type=\"text\/javascript\" ><\/script> <\/div>\n<p> \t\t<!-- \u041f\u043b\u0430\u0433\u0438\u043d \u0440\u0435\u0439\u0442\u0438\u043d\u0433\u0430 --> <\/p>\n<div class=\"vrvote-body\">\n<ul class=\"vrvote-ul\">\n<li id=\"rating_40\" class=\"current-rating\" style=\"width:99.35%;\"><\/li>\n<li> \t\t\t\t\t\t<a class=\"vr-one-star\" onclick=\"javascript:JSVRvote(40,1,154,31,0)\" href=\"javascript:void(null)\">1<\/a> \t\t\t\t\t<\/li>\n<li> \t\t\t\t\t\t<a class=\"vr-two-stars\" onclick=\"javascript:JSVRvote(40,2,154,31,0)\" href=\"javascript:void(null)\">2<\/a> \t\t\t\t\t<\/li>\n<li> \t\t\t\t\t\t<a class=\"vr-three-stars\" onclick=\"javascript:JSVRvote(40,3,154,31,0)\" href=\"javascript:void(null)\">3<\/a> \t\t\t\t\t<\/li>\n<li> \t\t\t\t\t\t<a class=\"vr-four-stars\" onclick=\"javascript:JSVRvote(40,4,154,31,0)\" href=\"javascript:void(null)\">4<\/a> \t\t\t\t\t<\/li>\n<li> \t\t\t\t\t\t<a class=\"vr-five-stars\" onclick=\"javascript:JSVRvote(40,5,154,31,0)\" href=\"javascript:void(null)\">5<\/a> \t\t\t\t\t<\/li>\n<\/ul><\/div>\n<p> \t\t\t<span id=\"vrvote_40\" class=\"vrvote-count\"><small><\/small><\/span>\t<\/span><script type=\"application\/ld+json\"><\/script>   <\/div>\n<div class=\"t4-col sidebar-r col-12 col-xl-4\">\n<div class=\"t4-module module\" id=\"Mod306\">\n<div class=\"module-inner\">\n<div class=\"module-ct\">\n<div class=\"bannergroup\">\n<div class=\"banneritem\"> \t\t\t\t\t\t\t\t\t\t\t\t\t\t\t\t\t\t\t\t\t\t\t\t\t\t\t\t\t\t\t\t\t\t\t\t\t\t\t\t\t\t\t\t\t\t\t\t\t\t<img \t\t\t\t\t\tsrc=\"\/wp-content\/uploads\/2025\/08\/banner-transfer-europe-sk-412.png\" \t\t\t\t\t\talt=\"Banner-sk\" \t\t\t\t\t\t\t\t\t\t\t\t\t\t\t\t\t\/> \t\t\t\t\t\t\t\t\t\t\t<\/p>\n<div class=\"clr\"><\/div>\n<\/p><\/div>\n<\/p><\/div>\n<\/p><\/div>\n<\/div>\n<\/div><\/div>\n<\/p><\/div>\n<\/div><\/div>\n<div id=\"t4-section-8\" class=\"t4-section  t4-section-8  section-border-top\" role=\"section-8\">\n<div class=\"bg-overlay bg-overlay-image\">&nbsp;<\/div>\n<\/p><\/div>\n<p>  <a href='javascript:' id='back-to-top'><i class='fa fa-chevron-up'><\/i><\/a>                <\/p>\n","protected":false},"excerpt":{"rendered":"<p>Transfer z Prahy do Brna Praha Osobn\u00e1 preprava Rezervova\u0165 H\u013ead\u00e1te bezprobl\u00e9mov\u00fa a bezstresov\u00fa cestu z Prahy do Brna? U\u017e neh\u013eadajte \u010falej! Na\u0161a pr\u00e9miov\u00e1 prepravn\u00e1 slu\u017eba je tu, aby uspokojila v\u0161etky va\u0161e potreby. \u010ci u\u017e ste turista objavuj\u00faci kr\u00e1snu \u010cesk\u00fa republiku alebo obchodn\u00fd cestuj\u00faci s nabit\u00fdm programom, n\u00e1\u0161 s\u00fakromn\u00fd vodi\u010d a slu\u017eba pren\u00e1jmu auta s\u00fa v\u00e1m [&hellip;]<\/p>\n","protected":false},"author":1,"featured_media":72704,"parent":19248,"menu_order":0,"comment_status":"closed","ping_status":"closed","template":"","meta":{"footnotes":""},"class_list":["post-72703","page","type-page","status-publish","has-post-thumbnail","hentry"],"yoast_head":"<!-- This site is optimized with the Yoast SEO plugin v25.6 - https:\/\/yoast.com\/wordpress\/plugins\/seo\/ -->\n<title>Transfer z Prahy do Brna s\u00fakromn\u00fdm vodi\u010dom - Transfer Europe<\/title>\n<meta name=\"description\" content=\"Transferov\u00e1 objedn\u00e1vka \u201ePraha-Brno\u201c s osobn\u00fdm vodi\u010dom. Individu\u00e1lny transfer z Prahy do Brna (\u010cesk\u00e1 republika), Transfer Europe \u2714 Ve\u013ek\u00fd vozov\u00fd park \u2714 Profesion\u00e1lni vodi\u010di \u260e + 421 951 460 615.\" \/>\n<meta name=\"robots\" content=\"index, follow, max-snippet:-1, max-image-preview:large, max-video-preview:-1\" \/>\n<link rel=\"canonical\" href=\"https:\/\/transfereurope.com\/sk\/destinacie\/praha\/transfer-z-prahy-do-brna\/\" \/>\n<meta property=\"og:locale\" content=\"sk_SK\" \/>\n<meta property=\"og:type\" content=\"article\" \/>\n<meta property=\"og:title\" content=\"Transfer z Prahy do Brna s\u00fakromn\u00fdm vodi\u010dom - Transfer Europe\" \/>\n<meta property=\"og:description\" content=\"Transferov\u00e1 objedn\u00e1vka \u201ePraha-Brno\u201c s osobn\u00fdm vodi\u010dom. Individu\u00e1lny transfer z Prahy do Brna (\u010cesk\u00e1 republika), Transfer Europe \u2714 Ve\u013ek\u00fd vozov\u00fd park \u2714 Profesion\u00e1lni vodi\u010di \u260e + 421 951 460 615.\" \/>\n<meta property=\"og:url\" content=\"https:\/\/transfereurope.com\/sk\/destinacie\/praha\/transfer-z-prahy-do-brna\/\" \/>\n<meta property=\"og:site_name\" content=\"transfereurope\" \/>\n<meta property=\"og:image\" content=\"https:\/\/transfereurope.com\/wp-content\/uploads\/2025\/08\/Italy-Milan-Transfers-583-7-1.jpg\" \/>\n\t<meta property=\"og:image:width\" content=\"1500\" \/>\n\t<meta property=\"og:image:height\" content=\"2000\" \/>\n\t<meta property=\"og:image:type\" content=\"image\/jpeg\" \/>\n<meta name=\"twitter:card\" content=\"summary_large_image\" \/>\n<meta name=\"twitter:label1\" content=\"Predpokladan\u00fd \u010das \u010d\u00edtania\" \/>\n\t<meta name=\"twitter:data1\" content=\"4 min\u00faty\" \/>\n<script type=\"application\/ld+json\" class=\"yoast-schema-graph\">{\"@context\":\"https:\/\/schema.org\",\"@graph\":[{\"@type\":\"WebPage\",\"@id\":\"https:\/\/transfereurope.com\/sk\/destinacie\/praha\/transfer-z-prahy-do-brna\/\",\"url\":\"https:\/\/transfereurope.com\/sk\/destinacie\/praha\/transfer-z-prahy-do-brna\/\",\"name\":\"Transfer z Prahy do Brna s\u00fakromn\u00fdm vodi\u010dom - Transfer Europe\",\"isPartOf\":{\"@id\":\"https:\/\/transfereurope.com\/sk\/#website\"},\"primaryImageOfPage\":{\"@id\":\"https:\/\/transfereurope.com\/sk\/destinacie\/praha\/transfer-z-prahy-do-brna\/#primaryimage\"},\"image\":{\"@id\":\"https:\/\/transfereurope.com\/sk\/destinacie\/praha\/transfer-z-prahy-do-brna\/#primaryimage\"},\"thumbnailUrl\":\"https:\/\/transfereurope.com\/wp-content\/uploads\/2025\/08\/Italy-Milan-Transfers-583-7-1.jpg\",\"datePublished\":\"2025-08-05T16:11:55+00:00\",\"description\":\"Transferov\u00e1 objedn\u00e1vka \u201ePraha-Brno\u201c s osobn\u00fdm vodi\u010dom. Individu\u00e1lny transfer z Prahy do Brna (\u010cesk\u00e1 republika), Transfer Europe \u2714 Ve\u013ek\u00fd vozov\u00fd park \u2714 Profesion\u00e1lni vodi\u010di \u260e + 421 951 460 615.\",\"breadcrumb\":{\"@id\":\"https:\/\/transfereurope.com\/sk\/destinacie\/praha\/transfer-z-prahy-do-brna\/#breadcrumb\"},\"inLanguage\":\"sk-SK\",\"potentialAction\":[{\"@type\":\"ReadAction\",\"target\":[\"https:\/\/transfereurope.com\/sk\/destinacie\/praha\/transfer-z-prahy-do-brna\/\"]}]},{\"@type\":\"ImageObject\",\"inLanguage\":\"sk-SK\",\"@id\":\"https:\/\/transfereurope.com\/sk\/destinacie\/praha\/transfer-z-prahy-do-brna\/#primaryimage\",\"url\":\"https:\/\/transfereurope.com\/wp-content\/uploads\/2025\/08\/Italy-Milan-Transfers-583-7-1.jpg\",\"contentUrl\":\"https:\/\/transfereurope.com\/wp-content\/uploads\/2025\/08\/Italy-Milan-Transfers-583-7-1.jpg\",\"width\":1500,\"height\":2000},{\"@type\":\"BreadcrumbList\",\"@id\":\"https:\/\/transfereurope.com\/sk\/destinacie\/praha\/transfer-z-prahy-do-brna\/#breadcrumb\",\"itemListElement\":[{\"@type\":\"ListItem\",\"position\":1,\"name\":\"Home\",\"item\":\"https:\/\/transfereurope.com\/sk\/\"},{\"@type\":\"ListItem\",\"position\":2,\"name\":\"Transfer z Prahy do Brna\"}]},{\"@type\":\"WebSite\",\"@id\":\"https:\/\/transfereurope.com\/sk\/#website\",\"url\":\"https:\/\/transfereurope.com\/sk\/\",\"name\":\"transfereurope\",\"description\":\"\",\"publisher\":{\"@id\":\"https:\/\/transfereurope.com\/sk\/#organization\"},\"potentialAction\":[{\"@type\":\"SearchAction\",\"target\":{\"@type\":\"EntryPoint\",\"urlTemplate\":\"https:\/\/transfereurope.com\/sk\/?s={search_term_string}\"},\"query-input\":{\"@type\":\"PropertyValueSpecification\",\"valueRequired\":true,\"valueName\":\"search_term_string\"}}],\"inLanguage\":\"sk-SK\"},{\"@type\":\"Organization\",\"@id\":\"https:\/\/transfereurope.com\/sk\/#organization\",\"name\":\"transfereurope\",\"url\":\"https:\/\/transfereurope.com\/sk\/\",\"logo\":{\"@type\":\"ImageObject\",\"inLanguage\":\"sk-SK\",\"@id\":\"https:\/\/transfereurope.com\/sk\/#\/schema\/logo\/image\/\",\"url\":\"https:\/\/transfereurope.com\/wp-content\/uploads\/2025\/08\/TRANSFERS-1655.png\",\"contentUrl\":\"https:\/\/transfereurope.com\/wp-content\/uploads\/2025\/08\/TRANSFERS-1655.png\",\"width\":500,\"height\":274,\"caption\":\"transfereurope\"},\"image\":{\"@id\":\"https:\/\/transfereurope.com\/sk\/#\/schema\/logo\/image\/\"}}]}<\/script>\n<!-- \/ Yoast SEO plugin. -->","yoast_head_json":{"title":"Transfer z Prahy do Brna s\u00fakromn\u00fdm vodi\u010dom - Transfer Europe","description":"Transferov\u00e1 objedn\u00e1vka \u201ePraha-Brno\u201c s osobn\u00fdm vodi\u010dom. Individu\u00e1lny transfer z Prahy do Brna (\u010cesk\u00e1 republika), Transfer Europe \u2714 Ve\u013ek\u00fd vozov\u00fd park \u2714 Profesion\u00e1lni vodi\u010di \u260e + 421 951 460 615.","robots":{"index":"index","follow":"follow","max-snippet":"max-snippet:-1","max-image-preview":"max-image-preview:large","max-video-preview":"max-video-preview:-1"},"canonical":"https:\/\/transfereurope.com\/sk\/destinacie\/praha\/transfer-z-prahy-do-brna\/","og_locale":"sk_SK","og_type":"article","og_title":"Transfer z Prahy do Brna s\u00fakromn\u00fdm vodi\u010dom - Transfer Europe","og_description":"Transferov\u00e1 objedn\u00e1vka \u201ePraha-Brno\u201c s osobn\u00fdm vodi\u010dom. Individu\u00e1lny transfer z Prahy do Brna (\u010cesk\u00e1 republika), Transfer Europe \u2714 Ve\u013ek\u00fd vozov\u00fd park \u2714 Profesion\u00e1lni vodi\u010di \u260e + 421 951 460 615.","og_url":"https:\/\/transfereurope.com\/sk\/destinacie\/praha\/transfer-z-prahy-do-brna\/","og_site_name":"transfereurope","og_image":[{"width":1500,"height":2000,"url":"https:\/\/transfereurope.com\/wp-content\/uploads\/2025\/08\/Italy-Milan-Transfers-583-7-1.jpg","type":"image\/jpeg"}],"twitter_card":"summary_large_image","twitter_misc":{"Predpokladan\u00fd \u010das \u010d\u00edtania":"4 min\u00faty"},"schema":{"@context":"https:\/\/schema.org","@graph":[{"@type":"WebPage","@id":"https:\/\/transfereurope.com\/sk\/destinacie\/praha\/transfer-z-prahy-do-brna\/","url":"https:\/\/transfereurope.com\/sk\/destinacie\/praha\/transfer-z-prahy-do-brna\/","name":"Transfer z Prahy do Brna s\u00fakromn\u00fdm vodi\u010dom - Transfer Europe","isPartOf":{"@id":"https:\/\/transfereurope.com\/sk\/#website"},"primaryImageOfPage":{"@id":"https:\/\/transfereurope.com\/sk\/destinacie\/praha\/transfer-z-prahy-do-brna\/#primaryimage"},"image":{"@id":"https:\/\/transfereurope.com\/sk\/destinacie\/praha\/transfer-z-prahy-do-brna\/#primaryimage"},"thumbnailUrl":"https:\/\/transfereurope.com\/wp-content\/uploads\/2025\/08\/Italy-Milan-Transfers-583-7-1.jpg","datePublished":"2025-08-05T16:11:55+00:00","description":"Transferov\u00e1 objedn\u00e1vka \u201ePraha-Brno\u201c s osobn\u00fdm vodi\u010dom. Individu\u00e1lny transfer z Prahy do Brna (\u010cesk\u00e1 republika), Transfer Europe \u2714 Ve\u013ek\u00fd vozov\u00fd park \u2714 Profesion\u00e1lni vodi\u010di \u260e + 421 951 460 615.","breadcrumb":{"@id":"https:\/\/transfereurope.com\/sk\/destinacie\/praha\/transfer-z-prahy-do-brna\/#breadcrumb"},"inLanguage":"sk-SK","potentialAction":[{"@type":"ReadAction","target":["https:\/\/transfereurope.com\/sk\/destinacie\/praha\/transfer-z-prahy-do-brna\/"]}]},{"@type":"ImageObject","inLanguage":"sk-SK","@id":"https:\/\/transfereurope.com\/sk\/destinacie\/praha\/transfer-z-prahy-do-brna\/#primaryimage","url":"https:\/\/transfereurope.com\/wp-content\/uploads\/2025\/08\/Italy-Milan-Transfers-583-7-1.jpg","contentUrl":"https:\/\/transfereurope.com\/wp-content\/uploads\/2025\/08\/Italy-Milan-Transfers-583-7-1.jpg","width":1500,"height":2000},{"@type":"BreadcrumbList","@id":"https:\/\/transfereurope.com\/sk\/destinacie\/praha\/transfer-z-prahy-do-brna\/#breadcrumb","itemListElement":[{"@type":"ListItem","position":1,"name":"Home","item":"https:\/\/transfereurope.com\/sk\/"},{"@type":"ListItem","position":2,"name":"Transfer z Prahy do Brna"}]},{"@type":"WebSite","@id":"https:\/\/transfereurope.com\/sk\/#website","url":"https:\/\/transfereurope.com\/sk\/","name":"transfereurope","description":"","publisher":{"@id":"https:\/\/transfereurope.com\/sk\/#organization"},"potentialAction":[{"@type":"SearchAction","target":{"@type":"EntryPoint","urlTemplate":"https:\/\/transfereurope.com\/sk\/?s={search_term_string}"},"query-input":{"@type":"PropertyValueSpecification","valueRequired":true,"valueName":"search_term_string"}}],"inLanguage":"sk-SK"},{"@type":"Organization","@id":"https:\/\/transfereurope.com\/sk\/#organization","name":"transfereurope","url":"https:\/\/transfereurope.com\/sk\/","logo":{"@type":"ImageObject","inLanguage":"sk-SK","@id":"https:\/\/transfereurope.com\/sk\/#\/schema\/logo\/image\/","url":"https:\/\/transfereurope.com\/wp-content\/uploads\/2025\/08\/TRANSFERS-1655.png","contentUrl":"https:\/\/transfereurope.com\/wp-content\/uploads\/2025\/08\/TRANSFERS-1655.png","width":500,"height":274,"caption":"transfereurope"},"image":{"@id":"https:\/\/transfereurope.com\/sk\/#\/schema\/logo\/image\/"}}]}},"_links":{"self":[{"href":"https:\/\/transfereurope.com\/sk\/wp-json\/wp\/v2\/pages\/72703","targetHints":{"allow":["GET"]}}],"collection":[{"href":"https:\/\/transfereurope.com\/sk\/wp-json\/wp\/v2\/pages"}],"about":[{"href":"https:\/\/transfereurope.com\/sk\/wp-json\/wp\/v2\/types\/page"}],"author":[{"embeddable":true,"href":"https:\/\/transfereurope.com\/sk\/wp-json\/wp\/v2\/users\/1"}],"replies":[{"embeddable":true,"href":"https:\/\/transfereurope.com\/sk\/wp-json\/wp\/v2\/comments?post=72703"}],"version-history":[{"count":0,"href":"https:\/\/transfereurope.com\/sk\/wp-json\/wp\/v2\/pages\/72703\/revisions"}],"up":[{"embeddable":true,"href":"https:\/\/transfereurope.com\/sk\/wp-json\/wp\/v2\/pages\/19248"}],"wp:featuredmedia":[{"embeddable":true,"href":"https:\/\/transfereurope.com\/sk\/wp-json\/wp\/v2\/media\/72704"}],"wp:attachment":[{"href":"https:\/\/transfereurope.com\/sk\/wp-json\/wp\/v2\/media?parent=72703"}],"curies":[{"name":"wp","href":"https:\/\/api.w.org\/{rel}","templated":true}]}}