{"id":72604,"date":"2025-08-05T16:11:00","date_gmt":"2025-08-05T16:11:00","guid":{"rendered":"https:\/\/transfereurope.com\/transfer-praha-bratislava\/"},"modified":"2025-08-05T16:11:00","modified_gmt":"2025-08-05T16:11:00","slug":"transfer-praha-bratislava","status":"publish","type":"page","link":"https:\/\/transfereurope.com\/sk\/destinacie\/praha\/transfer-praha-bratislava\/","title":{"rendered":"Transfer z Prahy do Bratislavy"},"content":{"rendered":"\n<div id=\"t4-masthead\" class=\"t4-section  t4-masthead\">\n<div class=\"t4-col text-center\">\n<div class=\"ja-masthead\" >\n<div class=\"ja-masthead-detail\">\n<h1 class=\"ja-masthead-title\">Transfer z Prahy do Bratislavy<\/h1>\n<p>                 <!---->            <\/p>\n<div class=\"block-breadcrumb\">                       <\/div>\n<\/p><\/div>\n<\/p><\/div>\n<pre><\/pre>\n<\/div>\n<\/div>\n<div id=\"t4-main-body\" class=\"t4-section  t4-main-body\" role=\"main body\">\n<div class=\"t4-section-inner container\">\n<div class=\"t4-row row\">\n<div class=\"t4-col col-12 col-xl\">\n<div id=\"system-message-container\"> \t<\/div>\n<p>       <script type=\"text\/javascript\" ><\/script> <\/p>\n<div class=\"com-content-article item-page view-tour-detail\">\n<div class=\"tour-top-info clearfix\">\n<div class=\"pull-left\">\n<div class=\"category-article-dot\">\n<div class=\"category-name\"> \t\t\t\t\t<a href=\"\/sk\/destinacie\/praha\" itemprop=\"genre\">Praha Osobn\u00e1 preprava<\/a> \t\t\t\t<\/div>\n<\/p><\/div>\n<\/p><\/div>\n<div class=\"pull-right\">\n<div class=\"text-danger tour-price\"> \t\t\t\t\t\t<a href=\"\/sk\/rezervovat-transfer\">Rezervova\u0165<\/a><\/div>\n<\/p><\/div>\n<\/p><\/div>\n<p>  \t <!--\t-->  \t<\/p>\n<div class=\"vm-product-container\">\n<figure class=\"pull-left item-image\">\n<div class=\"main-image\"> \t\t<a title=\"Prague to Bratislava Transfer Service\" rel='vm-additional-images' href=\"\/images\/virtuemart\/product\/Europe Destinations Transfers (1)75.jpg\"><img decoding=\"async\"  loading=\"lazy\"  src=\"\/wp-content\/uploads\/2025\/08\/Europe-Destinations-Transfers-175-7.jpg\"  alt=\"Prague to Bratislava Transfer Service\"  \/><\/a>\t\t<\/p>\n<div class=\"clear\"><\/div>\n<\/p><\/div>\n<\/figure>\n<div class=\"vm-product-details-container\">\n<div class=\"spacer-buy-area\">    \t\t \t\t<\/div>\n<\/p><\/div>\n<div class=\"clear\"><\/div>\n<\/p><\/div>\n<div class=\"product-description\" >\n<p>Ke\u010f ide o bezprobl\u00e9mov\u00fa a pohodln\u00fa prepravu medzi Prahou a Bratislavou, neh\u013eadajte ni\u010d in\u00e9 ako na\u0161u \u0161pecializovan\u00fa slu\u017ebu transferu. \u0160pecializujeme sa na poskytovanie pren\u00e1jmu s\u00fakromn\u00fdch vozidiel s profesion\u00e1lnym a sk\u00fasen\u00fdm s\u00fakromn\u00fdm vodi\u010dom, v\u010faka \u010domu bude va\u0161a cesta nielen jazdou, ale aj nezabudnute\u013en\u00fdm z\u00e1\u017eitkom.<\/p>\n<p style=\"text-align: center;\"><a class=\"btn btn-primary\" href=\"\/sk\/rezervovat-transfer\">Rezervova\u0165<\/a><\/p>\n<h2 style=\"text-align: center;\"><strong>Pre\u010do si vybra\u0165 n\u00e1\u0161 transfer z Prahy do Bratislavy?<\/strong><\/h2>\n<ul>\n<li><strong>Pohodlie:<\/strong>\u00a0N\u00e1\u0161 s\u00fakromn\u00fd vodi\u010d v\u00e1s vyzdvihne na vami vybranom mieste v Prahe a vysad\u00ed v\u00e1s v cieli v Bratislave. Nemus\u00edte sa stara\u0165 o cestovn\u00e9 poriadky verejnej dopravy ani navigova\u0165 po nezn\u00e1mych tras\u00e1ch.<\/li>\n<li><strong>Komfort:<\/strong>\u00a0Cestujte \u0161t\u00fdlovo a pohodlne v jednom z na\u0161ich dobre udr\u017eiavan\u00fdch vozidiel. N\u00e1\u0161 vozov\u00fd park je navrhnut\u00fd tak, aby pon\u00fakol plynul\u00fa a pohodov\u00fa cestu, \u010di u\u017e cestujete pracovne alebo na dovolenku.<\/li>\n<li><strong>Bezpe\u010dnos\u0165:<\/strong>\u00a0Va\u0161a bezpe\u010dnos\u0165 je na\u0161ou najvy\u0161\u0161ou prioritou. Na\u0161i profesion\u00e1lni vodi\u010di maj\u00fa pln\u00fa licenciu a prech\u00e1dzaj\u00fa pr\u00edsnym \u0161kolen\u00edm, aby zabezpe\u010dili va\u0161u pohodu po\u010das celej cesty.<\/li>\n<li><strong>Spo\u013eahlivos\u0165:<\/strong>\u00a0Vieme, \u017ee presnos\u0165 je d\u00f4le\u017eit\u00e1. M\u00f4\u017eete sa spo\u013eahn\u00fa\u0165, \u017ee v\u017edy pr\u00eddeme na\u010das. Rozl\u00fa\u010dte sa so stresom z pon\u00e1h\u013eania sa, aby ste stihli svoju prepravu.<\/li>\n<li><strong>S\u00fakromie:<\/strong>\u00a0Vychutnajte si cestu bez ak\u00e9hoko\u013evek vyru\u0161ovania. Na\u0161a s\u00fakromn\u00e1 preprava v\u00e1m pon\u00faka pokojn\u00fa a osobn\u00fa atmosf\u00e9ru, v ktorej m\u00f4\u017eete relaxova\u0165, pracova\u0165 alebo jednoducho oddychova\u0165.<\/li>\n<li><strong>Cenov\u00e1 dostupnos\u0165:<\/strong>\u00a0Pon\u00fakame konkurencieschopn\u00e9 ceny za na\u0161e \u0161pi\u010dkov\u00e9 slu\u017eby. Zist\u00edte, \u017ee pohodlie a komfort, ktor\u00e9 poskytujeme, sa v\u00e1m oplat\u00ed investova\u0165.<\/li>\n<\/ul>\n<h2 style=\"text-align: center;\">\u00a0<\/h2>\n<h2 style=\"text-align: center;\"><strong>Rezerv\u00e1cia transferu z Prahy do Bratislavy\u00a0<\/strong><\/h2>\n<p>Rezerv\u00e1cia pren\u00e1jmu s\u00fakromn\u00e9ho vozidla je s nami jednoduch\u00e1 a bezprobl\u00e9mov\u00e1. Jednoducho vypl\u0148te n\u00e1\u0161 online rezerva\u010dn\u00fd formul\u00e1r, uve\u010fte svoje cestovn\u00e9 \u00fadaje a my sa postar\u00e1me o zvy\u0161ok. Pon\u00fakame tie\u017e flexibilitu, v\u010faka ktorej si m\u00f4\u017eete vybra\u0165 vozidlo, ktor\u00e9 najlep\u0161ie vyhovuje va\u0161im potreb\u00e1m.<\/p>\n<p>\u010ci u\u017e cestujete pracovne, za turistikou alebo z ak\u00e9hoko\u013evek in\u00e9ho d\u00f4vodu, na\u0161a slu\u017eba transferu z Prahy do Bratislavy je tu, aby v\u00e1m u\u013eah\u010dila cestu. Za\u017eite dokonal\u00fa prepravu s na\u0161imi profesion\u00e1lnymi slu\u017ebami s\u00fakromn\u00e9ho vodi\u010da a prepravn\u00fdmi slu\u017ebami. Rezervujte si transfer e\u0161te dnes a u\u017eite si pohodln\u00fa cestu medzi t\u00fdmito dvoma kr\u00e1snymi mestami bez stresu.<\/p>\n<p style=\"text-align: center;\"><a class=\"btn btn-primary\" href=\"\/sk\/rezervovat-transfer\">Rezervova\u0165<\/a><\/p>\n<h2 style=\"text-align: center;\"><b>Ako sa dosta\u0165 z Prahy do Bratislavy<\/b><\/h2>\n<p>Pl\u00e1nujete cestu z o\u010daruj\u00facej Prahy do malebn\u00e9ho hlavn\u00e9ho mesta Slovenska, Bratislavy? \u010ci u\u017e ste cestovate\u013e t\u00fa\u017eiaci po dobrodru\u017estve, alebo obchodn\u00fd pracovn\u00edk s d\u00f4le\u017eit\u00fdmi stretnutiami, m\u00e1me pre v\u00e1s nieko\u013eko mo\u017enost\u00ed dopravy, aby bola va\u0161a cesta pohodln\u00e1 a pr\u00edjemn\u00e1.<\/p>\n<h3>Vlak<\/h3>\n<p>Jedn\u00fdm z najob\u013e\u00fabenej\u0161\u00edch a najp\u00fatavej\u0161\u00edch sp\u00f4sobov cestovania medzi Prahou a Bratislavou je vlak. Jazda vlakom pon\u00faka malebn\u00e9 v\u00fdh\u013eady na \u010desk\u00fa a slovensk\u00fa krajinu. Denne je k dispoz\u00edcii nieko\u013eko spojov a cesta trv\u00e1 pribli\u017ene \u0161tyri a\u017e p\u00e4\u0165 hod\u00edn. Pre bezprobl\u00e9mov\u00fa cestu si nezabudnite skontrolova\u0165 cestovn\u00e9 poriadky vlakov a rezervova\u0165 si l\u00edstky vopred.<\/p>\n<h3>Autobus<\/h3>\n<p>Efekt\u00edvnou a cenovo v\u00fdhodnou mo\u017enos\u0165ou je autobusov\u00e1 doprava z Prahy do Bratislavy. T\u00fato trasu prev\u00e1dzkuje viacero autobusov\u00fdch spolo\u010dnost\u00ed, ktor\u00e9 pon\u00fakaj\u00fa r\u00f4zne \u010dasy odchodov a ceny. Cesta autobusom zvy\u010dajne trv\u00e1 pribli\u017ene \u0161tyri a\u017e p\u00e4\u0165 hod\u00edn, \u010do je v\u00fdhodn\u00e1 vo\u013eba pre cestuj\u00facich, ktor\u00ed chc\u00fa u\u0161etri\u0165 na n\u00e1kladoch na dopravu.<\/p>\n<p>\u00a0<\/p>\n<h3>Po\u017ei\u010dov\u0148a \u00e1ut<\/h3>\n<p>Pre t\u00fdch, ktor\u00ed d\u00e1vaj\u00fa prednos\u0165 flexibilite a slobode objavovania vlastn\u00fdm tempom, je v\u00fdbornou vo\u013ebou pren\u00e1jom auta v Prahe a cesta do Bratislavy. Cesta zvy\u010dajne trv\u00e1 pribli\u017ene tri a\u017e \u0161tyri hodiny v z\u00e1vislosti od prem\u00e1vky a zvolenej trasy. Nezabudnite si skontrolova\u0165 pr\u00edpadn\u00e9 m\u00fdto a pripravte si potrebn\u00e9 doklady vr\u00e1tane vodi\u010dsk\u00e9ho preukazu a zmluvy o pren\u00e1jme vozidla.<\/p>\n<h3>S\u00fakromn\u00fd transfer<\/h3>\n<p>Ak si cen\u00edte pohodlie, s\u00fakromie a bezprobl\u00e9mov\u00fa cestu, zv\u00e1\u017ete slu\u017ebu s\u00fakromn\u00e9ho transferu. M\u00f4\u017eete si prenaja\u0165 s\u00fakromn\u00e9 auto s profesion\u00e1lnym vodi\u010dom, ktor\u00fd v\u00e1s vyzdvihne v Prahe a vysad\u00ed na po\u017eadovanom mieste v Bratislave. T\u00e1to mo\u017enos\u0165 pon\u00faka pohodlie a individu\u00e1lny z\u00e1\u017eitok, \u010d\u00edm v\u00e1m zabezpe\u010d\u00ed cestovanie vo ve\u013ekom \u0161t\u00fdle.<\/p>\n<h3>Lietadlo<\/h3>\n<p>Ak v\u00e1m z\u00e1le\u017e\u00ed na \u010dase, m\u00f4\u017eete si vybra\u0165 let z Prahy do Bratislavy. Aj ke\u010f je to najr\u00fdchlej\u0161ia mo\u017enos\u0165, nezabudnite, \u017ee budete musie\u0165 zoh\u013eadni\u0165 \u010das potrebn\u00fd na presun na letisko a z letiska, absolvovanie bezpe\u010dnostnej kontroly a \u010dakanie na let. T\u00e1to mo\u017enos\u0165 je ide\u00e1lna pre t\u00fdch, ktor\u00ed maj\u00fa nabit\u00fd rozvrh.<\/p>\n<p style=\"text-align: center;\"><a class=\"btn btn-primary\" href=\"\/sk\/rezervovat-transfer\">Rezervova\u0165<\/a><\/p>\n<p style=\"text-align: left;\">Cesta z Prahy do Bratislavy je cesta pln\u00e1 mo\u017enost\u00ed, ktor\u00e9 vyhovuj\u00fa va\u0161im preferenci\u00e1m a cestovn\u00fdm potreb\u00e1m. \u010ci u\u017e sa rozhodnete pre malebn\u00fa vlakov\u00fa trasu, cenovo v\u00fdhodn\u00fa jazdu autobusom, flexibiln\u00fd pren\u00e1jom auta, s\u00fakromn\u00fd transfer alebo r\u00fdchly let, va\u0161a cesta medzi t\u00fdmito dvoma dynamick\u00fdmi mestami bude nezabudnute\u013en\u00e1. Vyberte si pod\u013ea svojich prior\u00edt a pripravte sa na vzru\u0161uj\u00face dobrodru\u017estvo alebo produkt\u00edvnu pracovn\u00fa n\u00e1v\u0161tevu. Bezpe\u010dn\u00e9 cestovanie!<\/p>\n<\/p><\/div>\n<div class=\"product-price-container\">\n<div class=\"sale-price\"> \t\t<\/div>\n<\/p><\/div>\n<div class=\"options\"><\/div>\n<div> \t\t<\/div>\n<p>   \t  <script type=\"text\/javascript\" ><\/script>  <script type=\"text\/javascript\" ><\/script>  <script type=\"text\/javascript\" ><\/script> <script type=\"text\/javascript\" ><\/script> <script type=\"text\/javascript\" ><\/script> <script type=\"text\/javascript\" ><\/script> <\/div>\n<p> \t\t<!-- \u041f\u043b\u0430\u0433\u0438\u043d \u0440\u0435\u0439\u0442\u0438\u043d\u0433\u0430 --> <\/p>\n<div class=\"vrvote-body\">\n<ul class=\"vrvote-ul\">\n<li id=\"rating_42\" class=\"current-rating\" style=\"width:95.91%;\"><\/li>\n<li> \t\t\t\t\t\t<a class=\"vr-one-star\" onclick=\"javascript:JSVRvote(42,1,211,44,0)\" href=\"javascript:void(null)\">1<\/a> \t\t\t\t\t<\/li>\n<li> \t\t\t\t\t\t<a class=\"vr-two-stars\" onclick=\"javascript:JSVRvote(42,2,211,44,0)\" href=\"javascript:void(null)\">2<\/a> \t\t\t\t\t<\/li>\n<li> \t\t\t\t\t\t<a class=\"vr-three-stars\" onclick=\"javascript:JSVRvote(42,3,211,44,0)\" href=\"javascript:void(null)\">3<\/a> \t\t\t\t\t<\/li>\n<li> \t\t\t\t\t\t<a class=\"vr-four-stars\" onclick=\"javascript:JSVRvote(42,4,211,44,0)\" href=\"javascript:void(null)\">4<\/a> \t\t\t\t\t<\/li>\n<li> \t\t\t\t\t\t<a class=\"vr-five-stars\" onclick=\"javascript:JSVRvote(42,5,211,44,0)\" href=\"javascript:void(null)\">5<\/a> \t\t\t\t\t<\/li>\n<\/ul><\/div>\n<p> \t\t\t<span id=\"vrvote_42\" class=\"vrvote-count\"><small><\/small><\/span>\t<\/span><script type=\"application\/ld+json\"><\/script>   <\/div>\n<div class=\"t4-col sidebar-r col-12 col-xl-4\">\n<div class=\"t4-module module\" id=\"Mod306\">\n<div class=\"module-inner\">\n<div class=\"module-ct\">\n<div class=\"bannergroup\">\n<div class=\"banneritem\"> \t\t\t\t\t\t\t\t\t\t\t\t\t\t\t\t\t\t\t\t\t\t\t\t\t\t\t\t\t\t\t\t\t\t\t\t\t\t\t\t\t\t\t\t\t\t\t\t\t\t<img \t\t\t\t\t\tsrc=\"\/wp-content\/uploads\/2025\/08\/banner-transfer-europe-sk-411.png\" \t\t\t\t\t\talt=\"Banner-sk\" \t\t\t\t\t\t\t\t\t\t\t\t\t\t\t\t\t\/> \t\t\t\t\t\t\t\t\t\t\t<\/p>\n<div class=\"clr\"><\/div>\n<\/p><\/div>\n<\/p><\/div>\n<\/p><\/div>\n<\/div>\n<\/div><\/div>\n<\/p><\/div>\n<\/div><\/div>\n<div id=\"t4-section-8\" class=\"t4-section  t4-section-8  section-border-top\" role=\"section-8\">\n<div class=\"bg-overlay bg-overlay-image\">&nbsp;<\/div>\n<\/p><\/div>\n<p>  <a href='javascript:' id='back-to-top'><i class='fa fa-chevron-up'><\/i><\/a>                <\/p>\n","protected":false},"excerpt":{"rendered":"<p>Transfer z Prahy do Bratislavy Praha Osobn\u00e1 preprava Rezervova\u0165 Ke\u010f ide o bezprobl\u00e9mov\u00fa a pohodln\u00fa prepravu medzi Prahou a Bratislavou, neh\u013eadajte ni\u010d in\u00e9 ako na\u0161u \u0161pecializovan\u00fa slu\u017ebu transferu. \u0160pecializujeme sa na poskytovanie pren\u00e1jmu s\u00fakromn\u00fdch vozidiel s profesion\u00e1lnym a sk\u00fasen\u00fdm s\u00fakromn\u00fdm vodi\u010dom, v\u010faka \u010domu bude va\u0161a cesta nielen jazdou, ale aj nezabudnute\u013en\u00fdm z\u00e1\u017eitkom. Rezervova\u0165 Pre\u010do si [&hellip;]<\/p>\n","protected":false},"author":1,"featured_media":72605,"parent":19248,"menu_order":0,"comment_status":"closed","ping_status":"closed","template":"","meta":{"footnotes":""},"class_list":["post-72604","page","type-page","status-publish","has-post-thumbnail","hentry"],"yoast_head":"<!-- This site is optimized with the Yoast SEO plugin v25.6 - https:\/\/yoast.com\/wordpress\/plugins\/seo\/ -->\n<title>Transfer z Prahy do Bratislavy s vodi\u010dom - Transfer Europe<\/title>\n<meta name=\"description\" content=\"Autopo\u017ei\u010dov\u0148a z Prahy do Bratislavy s vodi\u010dom. Zarezervujte si s\u00fakromn\u00fd transfer Praha - Bratislava na Transfer Europe \u2714 Ve\u013ek\u00fd vozov\u00fd park \u2714 Profesion\u00e1lni vodi\u010di \u260e + 421 951 460 615.\" \/>\n<meta name=\"robots\" content=\"index, follow, max-snippet:-1, max-image-preview:large, max-video-preview:-1\" \/>\n<link rel=\"canonical\" href=\"https:\/\/transfereurope.com\/sk\/destinacie\/praha\/transfer-praha-bratislava\/\" \/>\n<meta property=\"og:locale\" content=\"sk_SK\" \/>\n<meta property=\"og:type\" content=\"article\" \/>\n<meta property=\"og:title\" content=\"Transfer z Prahy do Bratislavy s vodi\u010dom - Transfer Europe\" \/>\n<meta property=\"og:description\" content=\"Autopo\u017ei\u010dov\u0148a z Prahy do Bratislavy s vodi\u010dom. Zarezervujte si s\u00fakromn\u00fd transfer Praha - Bratislava na Transfer Europe \u2714 Ve\u013ek\u00fd vozov\u00fd park \u2714 Profesion\u00e1lni vodi\u010di \u260e + 421 951 460 615.\" \/>\n<meta property=\"og:url\" content=\"https:\/\/transfereurope.com\/sk\/destinacie\/praha\/transfer-praha-bratislava\/\" \/>\n<meta property=\"og:site_name\" content=\"transfereurope\" \/>\n<meta property=\"og:image\" content=\"https:\/\/transfereurope.com\/wp-content\/uploads\/2025\/08\/Europe-Destinations-Transfers-175-7-1.jpg\" \/>\n\t<meta property=\"og:image:width\" content=\"1500\" \/>\n\t<meta property=\"og:image:height\" content=\"2000\" \/>\n\t<meta property=\"og:image:type\" content=\"image\/jpeg\" \/>\n<meta name=\"twitter:card\" content=\"summary_large_image\" \/>\n<meta name=\"twitter:label1\" content=\"Predpokladan\u00fd \u010das \u010d\u00edtania\" \/>\n\t<meta name=\"twitter:data1\" content=\"5 min\u00fat\" \/>\n<script type=\"application\/ld+json\" class=\"yoast-schema-graph\">{\"@context\":\"https:\/\/schema.org\",\"@graph\":[{\"@type\":\"WebPage\",\"@id\":\"https:\/\/transfereurope.com\/sk\/destinacie\/praha\/transfer-praha-bratislava\/\",\"url\":\"https:\/\/transfereurope.com\/sk\/destinacie\/praha\/transfer-praha-bratislava\/\",\"name\":\"Transfer z Prahy do Bratislavy s vodi\u010dom - Transfer Europe\",\"isPartOf\":{\"@id\":\"https:\/\/transfereurope.com\/sk\/#website\"},\"primaryImageOfPage\":{\"@id\":\"https:\/\/transfereurope.com\/sk\/destinacie\/praha\/transfer-praha-bratislava\/#primaryimage\"},\"image\":{\"@id\":\"https:\/\/transfereurope.com\/sk\/destinacie\/praha\/transfer-praha-bratislava\/#primaryimage\"},\"thumbnailUrl\":\"https:\/\/transfereurope.com\/wp-content\/uploads\/2025\/08\/Europe-Destinations-Transfers-175-7-1.jpg\",\"datePublished\":\"2025-08-05T16:11:00+00:00\",\"description\":\"Autopo\u017ei\u010dov\u0148a z Prahy do Bratislavy s vodi\u010dom. Zarezervujte si s\u00fakromn\u00fd transfer Praha - Bratislava na Transfer Europe \u2714 Ve\u013ek\u00fd vozov\u00fd park \u2714 Profesion\u00e1lni vodi\u010di \u260e + 421 951 460 615.\",\"breadcrumb\":{\"@id\":\"https:\/\/transfereurope.com\/sk\/destinacie\/praha\/transfer-praha-bratislava\/#breadcrumb\"},\"inLanguage\":\"sk-SK\",\"potentialAction\":[{\"@type\":\"ReadAction\",\"target\":[\"https:\/\/transfereurope.com\/sk\/destinacie\/praha\/transfer-praha-bratislava\/\"]}]},{\"@type\":\"ImageObject\",\"inLanguage\":\"sk-SK\",\"@id\":\"https:\/\/transfereurope.com\/sk\/destinacie\/praha\/transfer-praha-bratislava\/#primaryimage\",\"url\":\"https:\/\/transfereurope.com\/wp-content\/uploads\/2025\/08\/Europe-Destinations-Transfers-175-7-1.jpg\",\"contentUrl\":\"https:\/\/transfereurope.com\/wp-content\/uploads\/2025\/08\/Europe-Destinations-Transfers-175-7-1.jpg\",\"width\":1500,\"height\":2000},{\"@type\":\"BreadcrumbList\",\"@id\":\"https:\/\/transfereurope.com\/sk\/destinacie\/praha\/transfer-praha-bratislava\/#breadcrumb\",\"itemListElement\":[{\"@type\":\"ListItem\",\"position\":1,\"name\":\"Home\",\"item\":\"https:\/\/transfereurope.com\/sk\/\"},{\"@type\":\"ListItem\",\"position\":2,\"name\":\"Transfer z Prahy do Bratislavy\"}]},{\"@type\":\"WebSite\",\"@id\":\"https:\/\/transfereurope.com\/sk\/#website\",\"url\":\"https:\/\/transfereurope.com\/sk\/\",\"name\":\"transfereurope\",\"description\":\"\",\"publisher\":{\"@id\":\"https:\/\/transfereurope.com\/sk\/#organization\"},\"potentialAction\":[{\"@type\":\"SearchAction\",\"target\":{\"@type\":\"EntryPoint\",\"urlTemplate\":\"https:\/\/transfereurope.com\/sk\/?s={search_term_string}\"},\"query-input\":{\"@type\":\"PropertyValueSpecification\",\"valueRequired\":true,\"valueName\":\"search_term_string\"}}],\"inLanguage\":\"sk-SK\"},{\"@type\":\"Organization\",\"@id\":\"https:\/\/transfereurope.com\/sk\/#organization\",\"name\":\"transfereurope\",\"url\":\"https:\/\/transfereurope.com\/sk\/\",\"logo\":{\"@type\":\"ImageObject\",\"inLanguage\":\"sk-SK\",\"@id\":\"https:\/\/transfereurope.com\/sk\/#\/schema\/logo\/image\/\",\"url\":\"https:\/\/transfereurope.com\/wp-content\/uploads\/2025\/08\/TRANSFERS-1655.png\",\"contentUrl\":\"https:\/\/transfereurope.com\/wp-content\/uploads\/2025\/08\/TRANSFERS-1655.png\",\"width\":500,\"height\":274,\"caption\":\"transfereurope\"},\"image\":{\"@id\":\"https:\/\/transfereurope.com\/sk\/#\/schema\/logo\/image\/\"}}]}<\/script>\n<!-- \/ Yoast SEO plugin. -->","yoast_head_json":{"title":"Transfer z Prahy do Bratislavy s vodi\u010dom - Transfer Europe","description":"Autopo\u017ei\u010dov\u0148a z Prahy do Bratislavy s vodi\u010dom. Zarezervujte si s\u00fakromn\u00fd transfer Praha - Bratislava na Transfer Europe \u2714 Ve\u013ek\u00fd vozov\u00fd park \u2714 Profesion\u00e1lni vodi\u010di \u260e + 421 951 460 615.","robots":{"index":"index","follow":"follow","max-snippet":"max-snippet:-1","max-image-preview":"max-image-preview:large","max-video-preview":"max-video-preview:-1"},"canonical":"https:\/\/transfereurope.com\/sk\/destinacie\/praha\/transfer-praha-bratislava\/","og_locale":"sk_SK","og_type":"article","og_title":"Transfer z Prahy do Bratislavy s vodi\u010dom - Transfer Europe","og_description":"Autopo\u017ei\u010dov\u0148a z Prahy do Bratislavy s vodi\u010dom. Zarezervujte si s\u00fakromn\u00fd transfer Praha - Bratislava na Transfer Europe \u2714 Ve\u013ek\u00fd vozov\u00fd park \u2714 Profesion\u00e1lni vodi\u010di \u260e + 421 951 460 615.","og_url":"https:\/\/transfereurope.com\/sk\/destinacie\/praha\/transfer-praha-bratislava\/","og_site_name":"transfereurope","og_image":[{"width":1500,"height":2000,"url":"https:\/\/transfereurope.com\/wp-content\/uploads\/2025\/08\/Europe-Destinations-Transfers-175-7-1.jpg","type":"image\/jpeg"}],"twitter_card":"summary_large_image","twitter_misc":{"Predpokladan\u00fd \u010das \u010d\u00edtania":"5 min\u00fat"},"schema":{"@context":"https:\/\/schema.org","@graph":[{"@type":"WebPage","@id":"https:\/\/transfereurope.com\/sk\/destinacie\/praha\/transfer-praha-bratislava\/","url":"https:\/\/transfereurope.com\/sk\/destinacie\/praha\/transfer-praha-bratislava\/","name":"Transfer z Prahy do Bratislavy s vodi\u010dom - Transfer Europe","isPartOf":{"@id":"https:\/\/transfereurope.com\/sk\/#website"},"primaryImageOfPage":{"@id":"https:\/\/transfereurope.com\/sk\/destinacie\/praha\/transfer-praha-bratislava\/#primaryimage"},"image":{"@id":"https:\/\/transfereurope.com\/sk\/destinacie\/praha\/transfer-praha-bratislava\/#primaryimage"},"thumbnailUrl":"https:\/\/transfereurope.com\/wp-content\/uploads\/2025\/08\/Europe-Destinations-Transfers-175-7-1.jpg","datePublished":"2025-08-05T16:11:00+00:00","description":"Autopo\u017ei\u010dov\u0148a z Prahy do Bratislavy s vodi\u010dom. Zarezervujte si s\u00fakromn\u00fd transfer Praha - Bratislava na Transfer Europe \u2714 Ve\u013ek\u00fd vozov\u00fd park \u2714 Profesion\u00e1lni vodi\u010di \u260e + 421 951 460 615.","breadcrumb":{"@id":"https:\/\/transfereurope.com\/sk\/destinacie\/praha\/transfer-praha-bratislava\/#breadcrumb"},"inLanguage":"sk-SK","potentialAction":[{"@type":"ReadAction","target":["https:\/\/transfereurope.com\/sk\/destinacie\/praha\/transfer-praha-bratislava\/"]}]},{"@type":"ImageObject","inLanguage":"sk-SK","@id":"https:\/\/transfereurope.com\/sk\/destinacie\/praha\/transfer-praha-bratislava\/#primaryimage","url":"https:\/\/transfereurope.com\/wp-content\/uploads\/2025\/08\/Europe-Destinations-Transfers-175-7-1.jpg","contentUrl":"https:\/\/transfereurope.com\/wp-content\/uploads\/2025\/08\/Europe-Destinations-Transfers-175-7-1.jpg","width":1500,"height":2000},{"@type":"BreadcrumbList","@id":"https:\/\/transfereurope.com\/sk\/destinacie\/praha\/transfer-praha-bratislava\/#breadcrumb","itemListElement":[{"@type":"ListItem","position":1,"name":"Home","item":"https:\/\/transfereurope.com\/sk\/"},{"@type":"ListItem","position":2,"name":"Transfer z Prahy do Bratislavy"}]},{"@type":"WebSite","@id":"https:\/\/transfereurope.com\/sk\/#website","url":"https:\/\/transfereurope.com\/sk\/","name":"transfereurope","description":"","publisher":{"@id":"https:\/\/transfereurope.com\/sk\/#organization"},"potentialAction":[{"@type":"SearchAction","target":{"@type":"EntryPoint","urlTemplate":"https:\/\/transfereurope.com\/sk\/?s={search_term_string}"},"query-input":{"@type":"PropertyValueSpecification","valueRequired":true,"valueName":"search_term_string"}}],"inLanguage":"sk-SK"},{"@type":"Organization","@id":"https:\/\/transfereurope.com\/sk\/#organization","name":"transfereurope","url":"https:\/\/transfereurope.com\/sk\/","logo":{"@type":"ImageObject","inLanguage":"sk-SK","@id":"https:\/\/transfereurope.com\/sk\/#\/schema\/logo\/image\/","url":"https:\/\/transfereurope.com\/wp-content\/uploads\/2025\/08\/TRANSFERS-1655.png","contentUrl":"https:\/\/transfereurope.com\/wp-content\/uploads\/2025\/08\/TRANSFERS-1655.png","width":500,"height":274,"caption":"transfereurope"},"image":{"@id":"https:\/\/transfereurope.com\/sk\/#\/schema\/logo\/image\/"}}]}},"_links":{"self":[{"href":"https:\/\/transfereurope.com\/sk\/wp-json\/wp\/v2\/pages\/72604","targetHints":{"allow":["GET"]}}],"collection":[{"href":"https:\/\/transfereurope.com\/sk\/wp-json\/wp\/v2\/pages"}],"about":[{"href":"https:\/\/transfereurope.com\/sk\/wp-json\/wp\/v2\/types\/page"}],"author":[{"embeddable":true,"href":"https:\/\/transfereurope.com\/sk\/wp-json\/wp\/v2\/users\/1"}],"replies":[{"embeddable":true,"href":"https:\/\/transfereurope.com\/sk\/wp-json\/wp\/v2\/comments?post=72604"}],"version-history":[{"count":0,"href":"https:\/\/transfereurope.com\/sk\/wp-json\/wp\/v2\/pages\/72604\/revisions"}],"up":[{"embeddable":true,"href":"https:\/\/transfereurope.com\/sk\/wp-json\/wp\/v2\/pages\/19248"}],"wp:featuredmedia":[{"embeddable":true,"href":"https:\/\/transfereurope.com\/sk\/wp-json\/wp\/v2\/media\/72605"}],"wp:attachment":[{"href":"https:\/\/transfereurope.com\/sk\/wp-json\/wp\/v2\/media?parent=72604"}],"curies":[{"name":"wp","href":"https:\/\/api.w.org\/{rel}","templated":true}]}}