{"id":72400,"date":"2025-08-05T16:09:04","date_gmt":"2025-08-05T16:09:04","guid":{"rendered":"https:\/\/transfereurope.com\/transfer-praha-letisko-centrum-praha\/"},"modified":"2025-08-05T16:09:04","modified_gmt":"2025-08-05T16:09:04","slug":"transfer-praha-letisko-centrum-praha","status":"publish","type":"page","link":"https:\/\/transfereurope.com\/sk\/destinacie\/praha\/transfer-praha-letisko-centrum-praha\/","title":{"rendered":"Transfery z letiska Praha"},"content":{"rendered":"\n<div id=\"t4-masthead\" class=\"t4-section  t4-masthead\">\n<div class=\"t4-col text-center\">\n<div class=\"ja-masthead\" >\n<div class=\"ja-masthead-detail\">\n<h1 class=\"ja-masthead-title\">Transfery z letiska Praha<\/h1>\n<p>                 <!---->            <\/p>\n<div class=\"block-breadcrumb\">                       <\/div>\n<\/p><\/div>\n<\/p><\/div>\n<pre><\/pre>\n<\/div>\n<\/div>\n<div id=\"t4-main-body\" class=\"t4-section  t4-main-body\" role=\"main body\">\n<div class=\"t4-section-inner container\">\n<div class=\"t4-row row\">\n<div class=\"t4-col col-12 col-xl\">\n<div id=\"system-message-container\"> \t<\/div>\n<div class=\"com-content-article item-page view-tour-detail\">\n<div class=\"tour-top-info clearfix\">\n<div class=\"pull-left\">\n<div class=\"category-article-dot\">\n<div class=\"category-name\"> \t\t\t\t\t<a href=\"\/sk\/destinacie\/praha\" itemprop=\"genre\">Praha Osobn\u00e1 preprava<\/a> \t\t\t\t<\/div>\n<\/p><\/div>\n<\/p><\/div>\n<div class=\"pull-right\">\n<div class=\"text-danger tour-price\"> \t\t\t\t\t\t<a href=\"\/sk\/rezervovat-transfer\">Rezervova\u0165<\/a><\/div>\n<\/p><\/div>\n<\/p><\/div>\n<p>  \t <!--\t-->  \t<\/p>\n<div class=\"vm-product-container\">\n<figure class=\"pull-left item-image\">\n<div class=\"main-image\"> \t\t<a title=\"Prague airport transfers\" rel='vm-additional-images' href=\"\/images\/virtuemart\/product\/Europe Destinations Transfers (4)18.jpg\"><img decoding=\"async\"  loading=\"lazy\"  src=\"\/wp-content\/uploads\/2025\/08\/Europe-Destinations-Transfers-418-7.jpg\"  alt=\"Prague airport transfers\"  \/><\/a>\t\t<\/p>\n<div class=\"clear\"><\/div>\n<\/p><\/div>\n<\/figure>\n<div class=\"vm-product-details-container\">\n<div class=\"spacer-buy-area\">    \t\t \t\t<\/div>\n<\/p><\/div>\n<div class=\"clear\"><\/div>\n<\/p><\/div>\n<div class=\"product-description\" >\n<div class=\"book-now mt-5\" style=\"text-align: left;\">\n<p>V\u00edtajte na str\u00e1nkach hlavnej slu\u017eby transferu z Letiska V\u00e1clava Havla Praha do Prahy. V na\u0161ej spolo\u010dnosti sa \u0161pecializujeme na poskytovanie v\u00fdnimo\u010dn\u00fdch dopravn\u00fdch rie\u0161en\u00ed pre cestuj\u00facich prich\u00e1dzaj\u00facich do pulzuj\u00faceho hlavn\u00e9ho mesta \u010ceskej republiky. \u010ci u\u017e nav\u0161t\u00edvite Prahu pracovne alebo na dovolenku, na\u0161a slu\u017eba pren\u00e1jmu s\u00fakromn\u00e9ho vodi\u010da v\u00e1m zabezpe\u010d\u00ed pohodln\u00fd a bezstresov\u00fd transfer z Letiska V\u00e1clava Havla do v\u00e1\u0161ho cie\u013ea v meste.<\/p>\n<p>Na\u0161a slu\u017eba transferu z Letiska V\u00e1clava Havla Praha do Prahy sa sna\u017e\u00ed, aby va\u0161a cesta bola bezprobl\u00e9mov\u00e1 a pr\u00edjemn\u00e1. Ch\u00e1peme d\u00f4le\u017eitos\u0165 hladk\u00e9ho prechodu po dlhom lete, a preto pon\u00fakame spo\u013eahliv\u00e9 a efekt\u00edvne slu\u017eby prepravy autom. Na\u0161i profesion\u00e1lni vodi\u010di, ktor\u00ed klad\u00fa ve\u013ek\u00fd d\u00f4raz na bezpe\u010dnos\u0165 a pohodlie, v\u00e1s \u013eahko a presne dopravia do cie\u013ea.<\/p>\n<p style=\"text-align: center;\"><span style=\"font-weight: 400;\"><a class=\"btn btn-primary\" href=\"\/sk\/rezervovat-transfer-z-na-letisko\">Rezervova\u0165<\/a><\/span><\/p>\n<h2 style=\"text-align: center;\"><strong>Pre\u010do si vybra\u0165 na\u0161u slu\u017ebu transferu z Letiska V\u00e1clava Havla Praha do Prahy?<\/strong><\/h2>\n<ul>\n<li><strong>Pohodlie:<\/strong> Vyhnite sa probl\u00e9mom s verejnou dopravou alebo \u010dakan\u00edm v radoch tax\u00edkov. N\u00e1\u0161 s\u00fakromn\u00fd vodi\u010d v\u00e1s bude \u010daka\u0165 na letisku, pom\u00f4\u017ee v\u00e1m s bato\u017einou a zabezpe\u010d\u00ed hladk\u00fd presun do va\u0161ej destin\u00e1cie.<\/li>\n<li><strong>Komfort:<\/strong> Cestujte \u0161t\u00fdlovo a pohodlne v\u010faka na\u0161ej flotile dobre udr\u017eiavan\u00fdch vozidiel. Relaxujte a u\u017e\u00edvajte si jazdu, zatia\u013e \u010do n\u00e1\u0161 sk\u00fasen\u00fd vodi\u010d sa postar\u00e1 o cestu.<\/li>\n<li><strong>Presnos\u0165:<\/strong> \u010cas je ve\u013emi d\u00f4le\u017eit\u00fd, najm\u00e4 ke\u010f sa chcete dosta\u0165 do cie\u013ea. Na\u0161i vodi\u010di sa sna\u017eia by\u0165 na\u010das a zabezpe\u010di\u0165, aby ste sa do svojho ubytovacieho zariadenia alebo na stretnutie dostali v\u010das.<\/li>\n<li><strong>Bezpe\u010dnos\u0165:<\/strong> Va\u0161a bezpe\u010dnos\u0165 je na\u0161ou najvy\u0161\u0161ou prioritou. Na\u0161i vodi\u010di s\u00fa vysoko vy\u0161kolen\u00ed a sk\u00fasen\u00ed a poskytuj\u00fa bezpe\u010dn\u00e9 a spo\u013eahliv\u00e9 prepravn\u00e9 slu\u017eby.<\/li>\n<li><strong>Cenov\u00e1 dostupnos\u0165:<\/strong> Za\u017eite luxus s\u00fakromnej prepravy bez vysok\u00fdch n\u00e1kladov. Pon\u00fakame konkurencieschopn\u00e9 ceny, aby bola va\u0161a cesta pr\u00edjemn\u00e1 a cenovo v\u00fdhodn\u00e1.<\/li>\n<\/ul>\n<h2 style=\"text-align: center;\"><strong><img decoding=\"async\" title=\"Prague city to Vaclav Havel Airport Prague Transfer Service\" src=\"\/wp-content\/uploads\/2025\/08\/prague-city-to-vaclav-havel-airport-prague-transfer-service-1.jpg\" alt=\"Prague city to Vaclav Havel Airport Prague Transfer Service\" \/><\/strong><\/h2>\n<h2 style=\"text-align: center;\"><strong>Rezerv\u00e1cia transferu z Vaclav Havel Airport Prague do Prahy\u00a0<\/strong><\/h2>\n<p>Ke\u010f si vyberiete na\u0161u slu\u017ebu transferu z Letiska V\u00e1clava Havla Praha do Prahy, vyberiete si spo\u013eahliv\u00e9ho partnera, ktor\u00fd sa star\u00e1 o va\u0161e pohodlie a spokojnos\u0165. Dovo\u013ete n\u00e1m, aby sme v\u00e1s zbavili stresu z letiskov\u00e9ho transferu a urobili z va\u0161ej cesty do Prahy pr\u00edjemn\u00fd z\u00e1\u017eitok. Rezervujte si jazdu e\u0161te dnes a zistite, ak\u00fd rozdiel m\u00f4\u017ee prinies\u0165 profesion\u00e1lna automobilov\u00e1 slu\u017eba.<\/p>\n<p style=\"text-align: center;\"><span style=\"font-weight: 400;\"><a class=\"btn btn-primary\" href=\"\/sk\/rezervovat-transfer-z-na-letisko\">Rezervova\u0165<\/a><\/span><\/p>\n<h2 style=\"text-align: center;\"><b>Ako sa dosta\u0165 z Letiska V\u00e1clava Havla Praha do Prahy<\/b><\/h2>\n<p>Tu je nieko\u013eko mo\u017enost\u00ed, ako sa dosta\u0165 z letiska do mesta:<\/p>\n<ul>\n<li><strong>Taxi:<\/strong> Na letisku s\u00fa k dispoz\u00edcii licencovan\u00e9 tax\u00edky. Pred za\u010dat\u00edm cesty sa dohodnite na cene cestovn\u00e9ho.<\/li>\n<li><strong>Letiskov\u00e1 kyvadlov\u00e1 doprava:<\/strong> Informujte sa v hoteli, \u010di pon\u00faka kyvadlov\u00fa dopravu. Je to pohodln\u00fd sp\u00f4sob, ako sa dosta\u0165 do svojho ubytovacieho zariadenia.<\/li>\n<li><strong>Verejn\u00e1 doprava:<\/strong> Autobusov\u00e1 linka 119 sp\u00e1ja letisko so stanicou metra N\u00e1dra\u017e\u00ed Veleslav\u00edn, tak\u017ee verejn\u00e1 doprava je cenovo v\u00fdhodn\u00e1.<\/li>\n<li><strong>S\u00fakromn\u00e9 transferov\u00e9 slu\u017eby:<\/strong> Vyberte si s\u00fakromn\u00e9 vozidlo, aby ste sa prepravili bez stresu. Ide\u00e1lne pre t\u00fdch, ktor\u00ed maj\u00fa bato\u017einu alebo cestuj\u00fa v skupin\u00e1ch.<\/li>\n<li><strong>Pren\u00e1jom auta:<\/strong> Pren\u00e1jom auta pon\u00faka flexibilitu, ale vy\u017eaduje si znalos\u0165 pra\u017eskej dopravy a pravidiel parkovania.<\/li>\n<li><strong>Online slu\u017eby zdie\u013eania jazdy:<\/strong> Slu\u017eby ako Uber alebo Bolt poskytuj\u00fa \u010fal\u0161iu pohodln\u00fa mo\u017enos\u0165, ako sa dosta\u0165 do mesta.<\/li>\n<li><strong>Airport Express Bus:<\/strong> Vyhraden\u00e1 kyvadlov\u00e1 doprava z pra\u017eskej hlavnej \u017eelezni\u010dnej stanice pon\u00faka priamu trasu na letisko.<\/li>\n<\/ul>\n<p><span style=\"font-weight: 400;\"><img decoding=\"async\" title=\"Prague city to Vaclav Havel Airport Prague\" src=\"\/wp-content\/uploads\/2025\/08\/prague-city-to-vaclav-havel-airport-prague-1.jpg\" alt=\"Prague city to Vaclav Havel Airport Prague\" \/><\/span><\/p>\n<p style=\"text-align: center;\">\u00a0<a class=\"btn btn-primary\" href=\"\/sk\/rezervovat-transfer-z-na-letisko\">Rezervova\u0165<\/a><\/p>\n<p>Vyberte si mo\u017enos\u0165, ktor\u00e1 najlep\u0161ie vyhovuje va\u0161im potreb\u00e1m a \u010dasov\u00e9mu rozvrhu, a zabezpe\u010dte si hladk\u00fd transfer do Prahy po pr\u00edlete na Letisko V\u00e1clava Havla.<\/p>\n<\/p><\/div>\n<div id=\"gtx-trans\" style=\"position: absolute; left: 740px; top: 71.6562px;\">\u00a0<\/div>\n<\/p><\/div>\n<div class=\"product-price-container\">\n<div class=\"sale-price\"> \t\t<\/div>\n<\/p><\/div>\n<div class=\"options\"><\/div>\n<div> \t\t<\/div>\n<p>   \t        <script type=\"text\/javascript\" ><\/script>  <script type=\"text\/javascript\" ><\/script> <script type=\"text\/javascript\" ><\/script>  <script type=\"text\/javascript\" ><\/script> <script type=\"text\/javascript\" ><\/script> <script type=\"text\/javascript\" ><\/script> <script type=\"text\/javascript\" ><\/script> <\/div>\n<p> \t\t<!-- \u041f\u043b\u0430\u0433\u0438\u043d \u0440\u0435\u0439\u0442\u0438\u043d\u0433\u0430 --> <\/p>\n<div class=\"vrvote-body\">\n<ul class=\"vrvote-ul\">\n<li id=\"rating_41\" class=\"current-rating\" style=\"width:99.47%;\"><\/li>\n<li> \t\t\t\t\t\t<a class=\"vr-one-star\" onclick=\"javascript:JSVRvote(41,1,189,38,0)\" href=\"javascript:void(null)\">1<\/a> \t\t\t\t\t<\/li>\n<li> \t\t\t\t\t\t<a class=\"vr-two-stars\" onclick=\"javascript:JSVRvote(41,2,189,38,0)\" href=\"javascript:void(null)\">2<\/a> \t\t\t\t\t<\/li>\n<li> \t\t\t\t\t\t<a class=\"vr-three-stars\" onclick=\"javascript:JSVRvote(41,3,189,38,0)\" href=\"javascript:void(null)\">3<\/a> \t\t\t\t\t<\/li>\n<li> \t\t\t\t\t\t<a class=\"vr-four-stars\" onclick=\"javascript:JSVRvote(41,4,189,38,0)\" href=\"javascript:void(null)\">4<\/a> \t\t\t\t\t<\/li>\n<li> \t\t\t\t\t\t<a class=\"vr-five-stars\" onclick=\"javascript:JSVRvote(41,5,189,38,0)\" href=\"javascript:void(null)\">5<\/a> \t\t\t\t\t<\/li>\n<\/ul><\/div>\n<p> \t\t\t<span id=\"vrvote_41\" class=\"vrvote-count\"><small><\/small><\/span>\t<\/span><script type=\"application\/ld+json\"><\/script>   <\/div>\n<div class=\"t4-col sidebar-r col-12 col-xl-4\">\n<div class=\"t4-module module\" id=\"Mod306\">\n<div class=\"module-inner\">\n<div class=\"module-ct\">\n<div class=\"bannergroup\">\n<div class=\"banneritem\"> \t\t\t\t\t\t\t\t\t\t\t\t\t\t\t\t\t\t\t\t\t\t\t\t\t\t\t\t\t\t\t\t\t\t\t\t\t\t\t\t\t\t\t\t\t\t\t\t\t\t<img \t\t\t\t\t\tsrc=\"\/wp-content\/uploads\/2025\/08\/banner-transfer-europe-sk-409.png\" \t\t\t\t\t\talt=\"Banner-sk\" \t\t\t\t\t\t\t\t\t\t\t\t\t\t\t\t\t\/> \t\t\t\t\t\t\t\t\t\t\t<\/p>\n<div class=\"clr\"><\/div>\n<\/p><\/div>\n<\/p><\/div>\n<\/p><\/div>\n<\/div>\n<\/div><\/div>\n<\/p><\/div>\n<\/div><\/div>\n<div id=\"t4-section-8\" class=\"t4-section  t4-section-8  section-border-top\" role=\"section-8\">\n<div class=\"bg-overlay bg-overlay-image\">&nbsp;<\/div>\n<\/p><\/div>\n<p>  <a href='javascript:' id='back-to-top'><i class='fa fa-chevron-up'><\/i><\/a>                <\/p>\n","protected":false},"excerpt":{"rendered":"<p>Transfery z letiska Praha Praha Osobn\u00e1 preprava Rezervova\u0165 V\u00edtajte na str\u00e1nkach hlavnej slu\u017eby transferu z Letiska V\u00e1clava Havla Praha do Prahy. V na\u0161ej spolo\u010dnosti sa \u0161pecializujeme na poskytovanie v\u00fdnimo\u010dn\u00fdch dopravn\u00fdch rie\u0161en\u00ed pre cestuj\u00facich prich\u00e1dzaj\u00facich do pulzuj\u00faceho hlavn\u00e9ho mesta \u010ceskej republiky. \u010ci u\u017e nav\u0161t\u00edvite Prahu pracovne alebo na dovolenku, na\u0161a slu\u017eba pren\u00e1jmu s\u00fakromn\u00e9ho vodi\u010da v\u00e1m zabezpe\u010d\u00ed [&hellip;]<\/p>\n","protected":false},"author":1,"featured_media":72401,"parent":19248,"menu_order":0,"comment_status":"closed","ping_status":"closed","template":"","meta":{"footnotes":""},"class_list":["post-72400","page","type-page","status-publish","has-post-thumbnail","hentry"],"yoast_head":"<!-- This site is optimized with the Yoast SEO plugin v25.6 - https:\/\/yoast.com\/wordpress\/plugins\/seo\/ -->\n<title>Transfer z letiska V\u00e1clava Havla do Prahy<\/title>\n<meta name=\"description\" content=\"Pren\u00e1jom auta s vodi\u010dom z Letiska V\u00e1clava Havla do centra Prahy. Spo\u013eahliv\u00fd transfer \u2714 Ve\u013ek\u00fd vozov\u00fd park \u2714 Profesion\u00e1lni vodi\u010di \u260e+421 940 904 184\" \/>\n<meta name=\"robots\" content=\"index, follow, max-snippet:-1, max-image-preview:large, max-video-preview:-1\" \/>\n<link rel=\"canonical\" href=\"https:\/\/transfereurope.com\/sk\/destinacie\/praha\/transfer-praha-letisko-centrum-praha\/\" \/>\n<meta property=\"og:locale\" content=\"sk_SK\" \/>\n<meta property=\"og:type\" content=\"article\" \/>\n<meta property=\"og:title\" content=\"Transfer z letiska V\u00e1clava Havla do Prahy\" \/>\n<meta property=\"og:description\" content=\"Pren\u00e1jom auta s vodi\u010dom z Letiska V\u00e1clava Havla do centra Prahy. Spo\u013eahliv\u00fd transfer \u2714 Ve\u013ek\u00fd vozov\u00fd park \u2714 Profesion\u00e1lni vodi\u010di \u260e+421 940 904 184\" \/>\n<meta property=\"og:url\" content=\"https:\/\/transfereurope.com\/sk\/destinacie\/praha\/transfer-praha-letisko-centrum-praha\/\" \/>\n<meta property=\"og:site_name\" content=\"transfereurope\" \/>\n<meta property=\"og:image\" content=\"https:\/\/transfereurope.com\/wp-content\/uploads\/2025\/08\/Europe-Destinations-Transfers-418-7-1.jpg\" \/>\n\t<meta property=\"og:image:width\" content=\"1500\" \/>\n\t<meta property=\"og:image:height\" content=\"2000\" \/>\n\t<meta property=\"og:image:type\" content=\"image\/jpeg\" \/>\n<meta name=\"twitter:card\" content=\"summary_large_image\" \/>\n<meta name=\"twitter:label1\" content=\"Predpokladan\u00fd \u010das \u010d\u00edtania\" \/>\n\t<meta name=\"twitter:data1\" content=\"3 min\u00faty\" \/>\n<script type=\"application\/ld+json\" class=\"yoast-schema-graph\">{\"@context\":\"https:\/\/schema.org\",\"@graph\":[{\"@type\":\"WebPage\",\"@id\":\"https:\/\/transfereurope.com\/sk\/destinacie\/praha\/transfer-praha-letisko-centrum-praha\/\",\"url\":\"https:\/\/transfereurope.com\/sk\/destinacie\/praha\/transfer-praha-letisko-centrum-praha\/\",\"name\":\"Transfer z letiska V\u00e1clava Havla do Prahy\",\"isPartOf\":{\"@id\":\"https:\/\/transfereurope.com\/sk\/#website\"},\"primaryImageOfPage\":{\"@id\":\"https:\/\/transfereurope.com\/sk\/destinacie\/praha\/transfer-praha-letisko-centrum-praha\/#primaryimage\"},\"image\":{\"@id\":\"https:\/\/transfereurope.com\/sk\/destinacie\/praha\/transfer-praha-letisko-centrum-praha\/#primaryimage\"},\"thumbnailUrl\":\"https:\/\/transfereurope.com\/wp-content\/uploads\/2025\/08\/Europe-Destinations-Transfers-418-7-1.jpg\",\"datePublished\":\"2025-08-05T16:09:04+00:00\",\"description\":\"Pren\u00e1jom auta s vodi\u010dom z Letiska V\u00e1clava Havla do centra Prahy. Spo\u013eahliv\u00fd transfer \u2714 Ve\u013ek\u00fd vozov\u00fd park \u2714 Profesion\u00e1lni vodi\u010di \u260e+421 940 904 184\",\"breadcrumb\":{\"@id\":\"https:\/\/transfereurope.com\/sk\/destinacie\/praha\/transfer-praha-letisko-centrum-praha\/#breadcrumb\"},\"inLanguage\":\"sk-SK\",\"potentialAction\":[{\"@type\":\"ReadAction\",\"target\":[\"https:\/\/transfereurope.com\/sk\/destinacie\/praha\/transfer-praha-letisko-centrum-praha\/\"]}]},{\"@type\":\"ImageObject\",\"inLanguage\":\"sk-SK\",\"@id\":\"https:\/\/transfereurope.com\/sk\/destinacie\/praha\/transfer-praha-letisko-centrum-praha\/#primaryimage\",\"url\":\"https:\/\/transfereurope.com\/wp-content\/uploads\/2025\/08\/Europe-Destinations-Transfers-418-7-1.jpg\",\"contentUrl\":\"https:\/\/transfereurope.com\/wp-content\/uploads\/2025\/08\/Europe-Destinations-Transfers-418-7-1.jpg\",\"width\":1500,\"height\":2000},{\"@type\":\"BreadcrumbList\",\"@id\":\"https:\/\/transfereurope.com\/sk\/destinacie\/praha\/transfer-praha-letisko-centrum-praha\/#breadcrumb\",\"itemListElement\":[{\"@type\":\"ListItem\",\"position\":1,\"name\":\"Home\",\"item\":\"https:\/\/transfereurope.com\/sk\/\"},{\"@type\":\"ListItem\",\"position\":2,\"name\":\"Transfery z letiska Praha\"}]},{\"@type\":\"WebSite\",\"@id\":\"https:\/\/transfereurope.com\/sk\/#website\",\"url\":\"https:\/\/transfereurope.com\/sk\/\",\"name\":\"transfereurope\",\"description\":\"\",\"publisher\":{\"@id\":\"https:\/\/transfereurope.com\/sk\/#organization\"},\"potentialAction\":[{\"@type\":\"SearchAction\",\"target\":{\"@type\":\"EntryPoint\",\"urlTemplate\":\"https:\/\/transfereurope.com\/sk\/?s={search_term_string}\"},\"query-input\":{\"@type\":\"PropertyValueSpecification\",\"valueRequired\":true,\"valueName\":\"search_term_string\"}}],\"inLanguage\":\"sk-SK\"},{\"@type\":\"Organization\",\"@id\":\"https:\/\/transfereurope.com\/sk\/#organization\",\"name\":\"transfereurope\",\"url\":\"https:\/\/transfereurope.com\/sk\/\",\"logo\":{\"@type\":\"ImageObject\",\"inLanguage\":\"sk-SK\",\"@id\":\"https:\/\/transfereurope.com\/sk\/#\/schema\/logo\/image\/\",\"url\":\"https:\/\/transfereurope.com\/wp-content\/uploads\/2025\/08\/TRANSFERS-1655.png\",\"contentUrl\":\"https:\/\/transfereurope.com\/wp-content\/uploads\/2025\/08\/TRANSFERS-1655.png\",\"width\":500,\"height\":274,\"caption\":\"transfereurope\"},\"image\":{\"@id\":\"https:\/\/transfereurope.com\/sk\/#\/schema\/logo\/image\/\"}}]}<\/script>\n<!-- \/ Yoast SEO plugin. -->","yoast_head_json":{"title":"Transfer z letiska V\u00e1clava Havla do Prahy","description":"Pren\u00e1jom auta s vodi\u010dom z Letiska V\u00e1clava Havla do centra Prahy. Spo\u013eahliv\u00fd transfer \u2714 Ve\u013ek\u00fd vozov\u00fd park \u2714 Profesion\u00e1lni vodi\u010di \u260e+421 940 904 184","robots":{"index":"index","follow":"follow","max-snippet":"max-snippet:-1","max-image-preview":"max-image-preview:large","max-video-preview":"max-video-preview:-1"},"canonical":"https:\/\/transfereurope.com\/sk\/destinacie\/praha\/transfer-praha-letisko-centrum-praha\/","og_locale":"sk_SK","og_type":"article","og_title":"Transfer z letiska V\u00e1clava Havla do Prahy","og_description":"Pren\u00e1jom auta s vodi\u010dom z Letiska V\u00e1clava Havla do centra Prahy. Spo\u013eahliv\u00fd transfer \u2714 Ve\u013ek\u00fd vozov\u00fd park \u2714 Profesion\u00e1lni vodi\u010di \u260e+421 940 904 184","og_url":"https:\/\/transfereurope.com\/sk\/destinacie\/praha\/transfer-praha-letisko-centrum-praha\/","og_site_name":"transfereurope","og_image":[{"width":1500,"height":2000,"url":"https:\/\/transfereurope.com\/wp-content\/uploads\/2025\/08\/Europe-Destinations-Transfers-418-7-1.jpg","type":"image\/jpeg"}],"twitter_card":"summary_large_image","twitter_misc":{"Predpokladan\u00fd \u010das \u010d\u00edtania":"3 min\u00faty"},"schema":{"@context":"https:\/\/schema.org","@graph":[{"@type":"WebPage","@id":"https:\/\/transfereurope.com\/sk\/destinacie\/praha\/transfer-praha-letisko-centrum-praha\/","url":"https:\/\/transfereurope.com\/sk\/destinacie\/praha\/transfer-praha-letisko-centrum-praha\/","name":"Transfer z letiska V\u00e1clava Havla do Prahy","isPartOf":{"@id":"https:\/\/transfereurope.com\/sk\/#website"},"primaryImageOfPage":{"@id":"https:\/\/transfereurope.com\/sk\/destinacie\/praha\/transfer-praha-letisko-centrum-praha\/#primaryimage"},"image":{"@id":"https:\/\/transfereurope.com\/sk\/destinacie\/praha\/transfer-praha-letisko-centrum-praha\/#primaryimage"},"thumbnailUrl":"https:\/\/transfereurope.com\/wp-content\/uploads\/2025\/08\/Europe-Destinations-Transfers-418-7-1.jpg","datePublished":"2025-08-05T16:09:04+00:00","description":"Pren\u00e1jom auta s vodi\u010dom z Letiska V\u00e1clava Havla do centra Prahy. Spo\u013eahliv\u00fd transfer \u2714 Ve\u013ek\u00fd vozov\u00fd park \u2714 Profesion\u00e1lni vodi\u010di \u260e+421 940 904 184","breadcrumb":{"@id":"https:\/\/transfereurope.com\/sk\/destinacie\/praha\/transfer-praha-letisko-centrum-praha\/#breadcrumb"},"inLanguage":"sk-SK","potentialAction":[{"@type":"ReadAction","target":["https:\/\/transfereurope.com\/sk\/destinacie\/praha\/transfer-praha-letisko-centrum-praha\/"]}]},{"@type":"ImageObject","inLanguage":"sk-SK","@id":"https:\/\/transfereurope.com\/sk\/destinacie\/praha\/transfer-praha-letisko-centrum-praha\/#primaryimage","url":"https:\/\/transfereurope.com\/wp-content\/uploads\/2025\/08\/Europe-Destinations-Transfers-418-7-1.jpg","contentUrl":"https:\/\/transfereurope.com\/wp-content\/uploads\/2025\/08\/Europe-Destinations-Transfers-418-7-1.jpg","width":1500,"height":2000},{"@type":"BreadcrumbList","@id":"https:\/\/transfereurope.com\/sk\/destinacie\/praha\/transfer-praha-letisko-centrum-praha\/#breadcrumb","itemListElement":[{"@type":"ListItem","position":1,"name":"Home","item":"https:\/\/transfereurope.com\/sk\/"},{"@type":"ListItem","position":2,"name":"Transfery z letiska Praha"}]},{"@type":"WebSite","@id":"https:\/\/transfereurope.com\/sk\/#website","url":"https:\/\/transfereurope.com\/sk\/","name":"transfereurope","description":"","publisher":{"@id":"https:\/\/transfereurope.com\/sk\/#organization"},"potentialAction":[{"@type":"SearchAction","target":{"@type":"EntryPoint","urlTemplate":"https:\/\/transfereurope.com\/sk\/?s={search_term_string}"},"query-input":{"@type":"PropertyValueSpecification","valueRequired":true,"valueName":"search_term_string"}}],"inLanguage":"sk-SK"},{"@type":"Organization","@id":"https:\/\/transfereurope.com\/sk\/#organization","name":"transfereurope","url":"https:\/\/transfereurope.com\/sk\/","logo":{"@type":"ImageObject","inLanguage":"sk-SK","@id":"https:\/\/transfereurope.com\/sk\/#\/schema\/logo\/image\/","url":"https:\/\/transfereurope.com\/wp-content\/uploads\/2025\/08\/TRANSFERS-1655.png","contentUrl":"https:\/\/transfereurope.com\/wp-content\/uploads\/2025\/08\/TRANSFERS-1655.png","width":500,"height":274,"caption":"transfereurope"},"image":{"@id":"https:\/\/transfereurope.com\/sk\/#\/schema\/logo\/image\/"}}]}},"_links":{"self":[{"href":"https:\/\/transfereurope.com\/sk\/wp-json\/wp\/v2\/pages\/72400","targetHints":{"allow":["GET"]}}],"collection":[{"href":"https:\/\/transfereurope.com\/sk\/wp-json\/wp\/v2\/pages"}],"about":[{"href":"https:\/\/transfereurope.com\/sk\/wp-json\/wp\/v2\/types\/page"}],"author":[{"embeddable":true,"href":"https:\/\/transfereurope.com\/sk\/wp-json\/wp\/v2\/users\/1"}],"replies":[{"embeddable":true,"href":"https:\/\/transfereurope.com\/sk\/wp-json\/wp\/v2\/comments?post=72400"}],"version-history":[{"count":0,"href":"https:\/\/transfereurope.com\/sk\/wp-json\/wp\/v2\/pages\/72400\/revisions"}],"up":[{"embeddable":true,"href":"https:\/\/transfereurope.com\/sk\/wp-json\/wp\/v2\/pages\/19248"}],"wp:featuredmedia":[{"embeddable":true,"href":"https:\/\/transfereurope.com\/sk\/wp-json\/wp\/v2\/media\/72401"}],"wp:attachment":[{"href":"https:\/\/transfereurope.com\/sk\/wp-json\/wp\/v2\/media?parent=72400"}],"curies":[{"name":"wp","href":"https:\/\/api.w.org\/{rel}","templated":true}]}}