{"id":71103,"date":"2025-08-05T15:55:31","date_gmt":"2025-08-05T15:55:31","guid":{"rendered":"https:\/\/transfereurope.com\/transfer-z-bratislavy-do-salzburgu\/"},"modified":"2025-08-05T15:55:31","modified_gmt":"2025-08-05T15:55:31","slug":"transfer-z-bratislavy-do-salzburgu","status":"publish","type":"page","link":"https:\/\/transfereurope.com\/sk\/transfer-z-bratislavy-do-salzburgu\/","title":{"rendered":"Transfer z Bratislavy do Salzburgu"},"content":{"rendered":"\n<div id=\"t4-masthead\" class=\"t4-section  t4-masthead\">\n<div class=\"t4-col text-center\">\n<div class=\"ja-masthead\" >\n<div class=\"ja-masthead-detail\">\n<h1 class=\"ja-masthead-title\">Transfer z Bratislavy do Salzburgu<\/h1>\n<p>                 <!---->            <\/p>\n<div class=\"block-breadcrumb\">\n<div class=\"moduletable\">\n<div aria-label=\"Breadcrumbs\" role=\"navigation\">\n<ul  class=\"breadcrumb\">\n<li class=\"active\"> \t\t\t\t<span class=\"fas fa-map-marker-alt home-map\"><\/span> \t\t\t<\/li>\n<li itemprop='itemListElement' > \t\t\t\t\t\t\t\t\t\t\t<a  href=\"\/sk\/\" class=\"pathway\"><span itemprop=\"name\">Hlavn\u00e1 str\u00e1nka<\/span><\/a> \t\t\t\t\t \t\t\t\t\t\t\t\t\t\t\t<span class=\"divider\"> \t\t\t\t\t\t\t<i class=\"fa fa-angle-double-right\" aria-hidden=\"true\"><\/i> \t\t\t\t\t\t<\/span> \t\t\t\t\t\t\t\t\t\t<meta  content=\"1\"> \t\t\t\t<\/li>\n<li itemprop='itemListElement' > \t\t\t\t\t\t\t\t\t\t\t<a  href=\"\/sk\/destinacie\" class=\"pathway\"><span itemprop=\"name\">Destin\u00e1cie<\/span><\/a> \t\t\t\t\t \t\t\t\t\t\t\t\t\t\t\t<span class=\"divider\"> \t\t\t\t\t\t\t<i class=\"fa fa-angle-double-right\" aria-hidden=\"true\"><\/i> \t\t\t\t\t\t<\/span> \t\t\t\t\t\t\t\t\t\t<meta  content=\"2\"> \t\t\t\t<\/li>\n<li itemprop='itemListElement' > \t\t\t\t\t\t\t\t\t\t\t<a  href=\"\/sk\/destinacie\/bratislava\" class=\"pathway\"><span itemprop=\"name\">Bratislava<\/span><\/a> \t\t\t\t\t \t\t\t\t\t\t\t\t\t\t\t<span class=\"divider\"> \t\t\t\t\t\t\t<i class=\"fa fa-angle-double-right\" aria-hidden=\"true\"><\/i> \t\t\t\t\t\t<\/span> \t\t\t\t\t\t\t\t\t\t<meta  content=\"3\"> \t\t\t\t<\/li>\n<li   class=\"active\"> \t\t\t\t\t<span itemprop=\"name\"> \t\t\t\t\t\tTransfer z Bratislavy do Salzburgu\t\t\t\t\t<\/span> \t\t\t\t\t<meta  content=\"4\"> \t\t\t\t<\/li>\n<\/ul><\/div>\n<\/p><\/div>\n<\/p><\/div>\n<\/p><\/div>\n<\/p><\/div>\n<pre><\/pre>\n<\/div>\n<\/div>\n<div id=\"t4-main-body\" class=\"t4-section  t4-main-body\" role=\"main body\">\n<div class=\"t4-section-inner container\">\n<div class=\"t4-row row\">\n<div class=\"t4-col col-12 col-xl\">\n<div id=\"system-message-container\"> \t<\/div>\n<div class=\"com-content-article item-page view-tour-detail\">\n<div class=\"tour-top-info clearfix\">\n<div class=\"pull-left\">\n<div class=\"category-article-dot\">\n<div class=\"category-name\"> \t\t\t\t\t<a href=\"\/sk\/destinacie\/bratislava\" itemprop=\"genre\">Bratislava Osobn\u00e1 preprava<\/a> \t\t\t\t<\/div>\n<\/p><\/div>\n<\/p><\/div>\n<div class=\"pull-right\">\n<div class=\"text-danger tour-price\"> \t\t\t\t\t\t<a href=\"\/sk\/rezervovat-transfer\">Rezervova\u0165<\/a><\/div>\n<\/p><\/div>\n<\/p><\/div>\n<p>  \t <!--\t-->  \t<\/p>\n<div class=\"vm-product-container\">\n<figure class=\"pull-left item-image\">\n<div class=\"main-image\"> \t\t<a title=\"Bratislava to Salzburg Transfer Service\" rel='vm-additional-images' href=\"\/images\/virtuemart\/product\/Europe Destinations Transfers (1)764.jpg\"><img decoding=\"async\"  loading=\"lazy\"  src=\"\/wp-content\/uploads\/2025\/08\/Europe-Destinations-Transfers-1764-2.jpg\"  alt=\"Bratislava to Salzburg Transfer Service\"  \/><\/a>\t\t<\/p>\n<div class=\"clear\"><\/div>\n<\/p><\/div>\n<\/figure>\n<div class=\"vm-product-details-container\">\n<div class=\"spacer-buy-area\">    \t\t \t\t<\/div>\n<\/p><\/div>\n<div class=\"clear\"><\/div>\n<\/p><\/div>\n<div class=\"product-description\" >\n<div class=\"book-now mt-5\" style=\"text-align: left;\">\n<p>Vitajte na str\u00e1nkach hlavnej prepravnej slu\u017eby z Bratislavy do Salzburgu! Ke\u010f ide o spo\u013eahliv\u00fa a pohodln\u00fa prepravu medzi t\u00fdmito dvoma \u00fa\u017easn\u00fdmi mestami, neh\u013eadajte \u010falej. Na\u0161a slu\u017eba pren\u00e1jmu s\u00fakromn\u00fdch vozidiel a prepravy je tu, aby zabezpe\u010dila, \u017ee va\u0161a cesta bude nielen pohodln\u00e1, ale aj pr\u00edjemnou s\u00fa\u010das\u0165ou v\u00e1\u0161ho cestovn\u00e9ho z\u00e1\u017eitku.<\/p>\n<p style=\"text-align: center;\"><a class=\"btn btn-primary\" href=\"\/sk\/rezervovat-transfer\">Rezervova\u0165<\/a><\/p>\n<h2 style=\"text-align: center;\"><strong>Pre\u010do si vybra\u0165 n\u00e1\u0161 transfer z Bratislavy do Salzburgu?<\/strong><\/h2>\n<ul>\n<li><strong>Preprava bez n\u00e1mahy:<\/strong> Na\u0161\u00edm cie\u013eom je poskytn\u00fa\u0165 v\u00e1m bezprobl\u00e9mov\u00fa prepravu bez stresu. Bez oh\u013eadu na to, \u010di cestujete pracovne alebo na dovolenku, na\u0161e \u0161pi\u010dkov\u00e9 dopravn\u00e9 slu\u017eby v\u00e1s bez probl\u00e9mov dopravia z Bratislavy do Salzburgu.<\/li>\n<li><strong>S\u00fakromn\u00fd vodi\u010d:<\/strong> Vychutnajte si scen\u00e9riu, ke\u010f sa volantu ujm\u00fa na\u0161i sk\u00fasen\u00ed a profesion\u00e1lni s\u00fakromn\u00ed vodi\u010di. Nie s\u00fa to len \u0161of\u00e9ri, ale aj va\u0161i spolo\u010dn\u00edci na tejto ceste, ktor\u00ed sa postaraj\u00fa o va\u0161u bezpe\u010dnos\u0165 a pohodlie na ka\u017edom kroku.<\/li>\n<li><strong>Pohodln\u00e1 preprava:<\/strong> Ver\u00edme, \u017ee va\u0161a cesta bude \u010do najpohodlnej\u0161ia. Na\u0161e modern\u00e9 a dobre udr\u017eiavan\u00e9 vozidl\u00e1 s\u00fa vybaven\u00e9 v\u0161etk\u00fdm komfortom, ktor\u00fd potrebujete na pohodov\u00fa jazdu. Mysleli sme na v\u0161etko, od bezplatn\u00e9ho Wi-Fi a\u017e po ob\u010derstvenie.<\/li>\n<li><strong>Bezprobl\u00e9mov\u00e1 rezerv\u00e1cia:<\/strong> Rezerv\u00e1cia transferu z Bratislavy do Salzburgu je tak jednoduch\u00e1, ako to len ide. Sta\u010d\u00ed vyplni\u0165 n\u00e1\u0161 online formul\u00e1r alebo n\u00e1m zavola\u0165 a my sa postar\u00e1me o zvy\u0161ok. Va\u0161a spokojnos\u0165 je na\u0161ou prioritou a sme tu, aby sme sa prisp\u00f4sobili va\u0161im jedine\u010dn\u00fdm potreb\u00e1m a preferenci\u00e1m.<\/li>\n<li><strong>Spo\u013eahliv\u00e9 slu\u017eby:<\/strong> Sme hrd\u00ed na to, \u017ee sme presn\u00ed a spo\u013eahliv\u00ed. M\u00f4\u017eete sa spo\u013eahn\u00fa\u0165, \u017ee budeme k dispoz\u00edcii, ke\u010f n\u00e1s budete potrebova\u0165, a zabezpe\u010d\u00edme, aby ste pri\u0161li na miesto ur\u010denia v\u010das.<\/li>\n<\/ul>\n<p style=\"text-align: center;\">\u00a0<\/p>\n<h2 style=\"text-align: center;\"><strong>Rezerv\u00e1cia transferu z Bratislavy do Salzburgu<\/strong><\/h2>\n<p>Za\u017eite rozdiel s na\u0161ou slu\u017ebou pren\u00e1jmu s\u00fakromn\u00e9ho vozidla z Bratislavy do Salzburgu. Neuspokojte sa s oby\u010dajnou dopravou; vyberte si komfort, pohodlie a kvalitu. Va\u0161a cesta je na\u0161ou v\u00e1\u0161\u0148ou a my sa te\u0161\u00edme, \u017ee v\u00e1m budeme m\u00f4c\u0165 posl\u00fa\u017ei\u0165 pri va\u0161ej \u010fal\u0161ej ceste. Rezervujte si svoju prepravu e\u0161te dnes a objavte dokonalos\u0165 na\u0161ich prepravn\u00fdch slu\u017eieb!<\/p>\n<p style=\"text-align: center;\"><a class=\"btn btn-primary\" href=\"\/sk\/rezervovat-transfer\">Rezervova\u0165<\/a><\/p>\n<h2 style=\"text-align: center;\"><b>Ako sa dosta\u0165 z Bratislavy do Salzburgu<\/b><\/h2>\n<p>Cesta z Bratislavy do Salzburgu je pln\u00e1 malebnej krajiny a historick\u00e9ho \u0161armu. Tu je nieko\u013eko pohodln\u00fdch mo\u017enost\u00ed, ako tento malebn\u00fd prechod uskuto\u010dni\u0165:<\/p>\n<h3>Automobilom<\/h3>\n<p>Najflexibilnej\u0161\u00edm a najvyh\u013ead\u00e1vanej\u0161\u00edm sp\u00f4sobom cesty z Bratislavy do Salzburgu je cesta autom. Cesta trv\u00e1 pribli\u017ene 3 a\u017e 3,5 hodiny a cestou si vychutn\u00e1te kr\u00e1sne v\u00fdh\u013eady na krajinu. Vyu\u017eite dia\u013enice D4 a A4, ktor\u00e9 v\u00e1s napojia na dia\u013enicu A6 a potom na dia\u013enicu A1, ktor\u00e1 v\u00e1s dovedie do Salzburgu.<\/p>\n<h3>Vlak<\/h3>\n<p>Z bratislavskej hlavnej stanice (Hlavn\u00e1 stanica) m\u00f4\u017eete \u00eds\u0165 vlakom do Viedne (Wien Hauptbahnhof) a potom prest\u00fapi\u0165 na \u010fal\u0161\u00ed vlak do Salzburgu. Cesta zvy\u010dajne trv\u00e1 pribli\u017ene 4,5 a\u017e 5 hod\u00edn.<\/p>\n<p>\u00a0<\/p>\n<h3>Autobus<\/h3>\n<p>Medzi Bratislavou a Salzburgom prem\u00e1va nieko\u013eko autobusov\u00fdch spolo\u010dnost\u00ed. Cesta autobusom trv\u00e1 zvy\u010dajne pribli\u017ene 4 a\u017e 5 hod\u00edn v z\u00e1vislosti od zvolenej trasy a zast\u00e1vok.<\/p>\n<h3>Leteck\u00e9 lety<\/h3>\n<p>Hoci z Bratislavy do Salzburgu nelet\u00edte priamo, m\u00f4\u017eete zv\u00e1\u017ei\u0165 let z letiska Bratislava na letisko Salzburg s medziprist\u00e1t\u00edm vo Viedni alebo v inom prestupnom meste. Celkov\u00fd \u010das cesty lietadlom sa m\u00f4\u017ee l\u00ed\u0161i\u0165, ale zvy\u010dajne je r\u00fdchlej\u0161\u00ed ako in\u00e9 mo\u017enosti.<\/p>\n<h3>S\u00fakromn\u00fd transfer<\/h3>\n<p>Ak si chcete objedna\u0165 pohodln\u00fa a komfortn\u00fa slu\u017ebu, zv\u00e1\u017ete mo\u017enos\u0165 s\u00fakromn\u00e9ho transferu. Auto so \u0161of\u00e9rom v\u00e1s vyzdvihne v Bratislave a odvezie priamo do cie\u013ea v Salzburgu. T\u00e1to mo\u017enos\u0165 zaru\u010duje bezstresov\u00fd a individu\u00e1lny z\u00e1\u017eitok z cesty.<\/p>\n<p style=\"text-align: center;\"><a class=\"btn btn-primary\" href=\"\/sk\/rezervovat-transfer\">Rezervova\u0165<\/a><\/p>\n<p style=\"text-align: left;\">Nech u\u017e si vyberiete ak\u00fdko\u013evek sp\u00f4sob dopravy, cestu medzi t\u00fdmito dvoma o\u010daruj\u00facimi mestami si ur\u010dite u\u017eijete. V\u00fdber nakoniec z\u00e1vis\u00ed od va\u0161ich preferenci\u00ed t\u00fdkaj\u00facich sa \u010dasu cestovania, rozpo\u010dtu a z\u00e1\u017eitkov, ktor\u00e9 si \u017eel\u00e1te. Bezpe\u010dn\u00e9 cestovanie!<\/p>\n<\/p><\/div>\n<\/p><\/div>\n<div class=\"product-price-container\">\n<div class=\"sale-price\"> \t\t<\/div>\n<\/p><\/div>\n<div class=\"options\"><\/div>\n<div> \t\t<\/div>\n<p>   \t        <script type=\"text\/javascript\" ><\/script>  <script type=\"text\/javascript\" ><\/script> <script type=\"text\/javascript\" ><\/script>  <script type=\"text\/javascript\" ><\/script> <script type=\"text\/javascript\" ><\/script> <script type=\"text\/javascript\" ><\/script> <script type=\"text\/javascript\" ><\/script> <\/div>\n<p> \t\t<!-- \u041f\u043b\u0430\u0433\u0438\u043d \u0440\u0435\u0439\u0442\u0438\u043d\u0433\u0430 --> <\/p>\n<div class=\"vrvote-body\">\n<ul class=\"vrvote-ul\">\n<li id=\"rating_80\" class=\"current-rating\" style=\"width:98.00%;\"><\/li>\n<li> \t\t\t\t\t\t<a class=\"vr-one-star\" onclick=\"javascript:JSVRvote(80,1,147,30,0)\" href=\"javascript:void(null)\">1<\/a> \t\t\t\t\t<\/li>\n<li> \t\t\t\t\t\t<a class=\"vr-two-stars\" onclick=\"javascript:JSVRvote(80,2,147,30,0)\" href=\"javascript:void(null)\">2<\/a> \t\t\t\t\t<\/li>\n<li> \t\t\t\t\t\t<a class=\"vr-three-stars\" onclick=\"javascript:JSVRvote(80,3,147,30,0)\" href=\"javascript:void(null)\">3<\/a> \t\t\t\t\t<\/li>\n<li> \t\t\t\t\t\t<a class=\"vr-four-stars\" onclick=\"javascript:JSVRvote(80,4,147,30,0)\" href=\"javascript:void(null)\">4<\/a> \t\t\t\t\t<\/li>\n<li> \t\t\t\t\t\t<a class=\"vr-five-stars\" onclick=\"javascript:JSVRvote(80,5,147,30,0)\" href=\"javascript:void(null)\">5<\/a> \t\t\t\t\t<\/li>\n<\/ul><\/div>\n<p> \t\t\t<span id=\"vrvote_80\" class=\"vrvote-count\"><small><\/small><\/span>\t<\/span><script type=\"application\/ld+json\"><\/script>   <\/div>\n<div class=\"t4-col sidebar-r col-12 col-xl-4\">\n<div class=\"t4-module module\" id=\"Mod306\">\n<div class=\"module-inner\">\n<div class=\"module-ct\">\n<div class=\"bannergroup\">\n<div class=\"banneritem\"> \t\t\t\t\t\t\t\t\t\t\t\t\t\t\t\t\t\t\t\t\t\t\t\t\t\t\t\t\t\t\t\t\t\t\t\t\t\t\t\t\t\t\t\t\t\t\t\t\t\t<img \t\t\t\t\t\tsrc=\"\/wp-content\/uploads\/2025\/08\/banner-transfer-europe-sk-396.png\" \t\t\t\t\t\talt=\"Banner-sk\" \t\t\t\t\t\t\t\t\t\t\t\t\t\t\t\t\t\/> \t\t\t\t\t\t\t\t\t\t\t<\/p>\n<div class=\"clr\"><\/div>\n<\/p><\/div>\n<\/p><\/div>\n<\/p><\/div>\n<\/div>\n<\/div><\/div>\n<\/p><\/div>\n<\/div><\/div>\n<div id=\"t4-section-8\" class=\"t4-section  t4-section-8  section-border-top\" role=\"section-8\">\n<div class=\"bg-overlay bg-overlay-image\">&nbsp;<\/div>\n<\/p><\/div>\n<p>  <a href='javascript:' id='back-to-top'><i class='fa fa-chevron-up'><\/i><\/a>                <\/p>\n","protected":false},"excerpt":{"rendered":"<p>Transfer z Bratislavy do Salzburgu Hlavn\u00e1 str\u00e1nka Destin\u00e1cie Bratislava Transfer z Bratislavy do Salzburgu Bratislava Osobn\u00e1 preprava Rezervova\u0165 Vitajte na str\u00e1nkach hlavnej prepravnej slu\u017eby z Bratislavy do Salzburgu! Ke\u010f ide o spo\u013eahliv\u00fa a pohodln\u00fa prepravu medzi t\u00fdmito dvoma \u00fa\u017easn\u00fdmi mestami, neh\u013eadajte \u010falej. Na\u0161a slu\u017eba pren\u00e1jmu s\u00fakromn\u00fdch vozidiel a prepravy je tu, aby zabezpe\u010dila, \u017ee va\u0161a [&hellip;]<\/p>\n","protected":false},"author":1,"featured_media":71104,"parent":0,"menu_order":0,"comment_status":"closed","ping_status":"closed","template":"","meta":{"footnotes":""},"class_list":["post-71103","page","type-page","status-publish","has-post-thumbnail","hentry"],"yoast_head":"<!-- This site is optimized with the Yoast SEO plugin v25.6 - https:\/\/yoast.com\/wordpress\/plugins\/seo\/ -->\n<title>Transfer z Bratislavy do Salzburgu - Transfer Europe<\/title>\n<meta name=\"description\" content=\"\u0160of\u00e9rujte z Bratislavy do Salzburgu s vodi\u010dom. Zarezervujte si online transfer Bratislava - Salzburg na Transfer Europe \u2714Ve\u013ek\u00fd vozov\u00fd park \u2714VIP taxi \u2714Bezpe\u010dn\u00e1 platba.\" \/>\n<meta name=\"robots\" content=\"index, follow, max-snippet:-1, max-image-preview:large, max-video-preview:-1\" \/>\n<link rel=\"canonical\" href=\"https:\/\/transfereurope.com\/sk\/transfer-z-bratislavy-do-salzburgu\/\" \/>\n<meta property=\"og:locale\" content=\"sk_SK\" \/>\n<meta property=\"og:type\" content=\"article\" \/>\n<meta property=\"og:title\" content=\"Transfer z Bratislavy do Salzburgu - Transfer Europe\" \/>\n<meta property=\"og:description\" content=\"\u0160of\u00e9rujte z Bratislavy do Salzburgu s vodi\u010dom. Zarezervujte si online transfer Bratislava - Salzburg na Transfer Europe \u2714Ve\u013ek\u00fd vozov\u00fd park \u2714VIP taxi \u2714Bezpe\u010dn\u00e1 platba.\" \/>\n<meta property=\"og:url\" content=\"https:\/\/transfereurope.com\/sk\/transfer-z-bratislavy-do-salzburgu\/\" \/>\n<meta property=\"og:site_name\" content=\"transfereurope\" \/>\n<meta property=\"og:image\" content=\"https:\/\/transfereurope.com\/wp-content\/uploads\/2025\/08\/Europe-Destinations-Transfers-1764-2-1.jpg\" \/>\n\t<meta property=\"og:image:width\" content=\"1500\" \/>\n\t<meta property=\"og:image:height\" content=\"2000\" \/>\n\t<meta property=\"og:image:type\" content=\"image\/jpeg\" \/>\n<meta name=\"twitter:card\" content=\"summary_large_image\" \/>\n<meta name=\"twitter:label1\" content=\"Predpokladan\u00fd \u010das \u010d\u00edtania\" \/>\n\t<meta name=\"twitter:data1\" content=\"4 min\u00faty\" \/>\n<script type=\"application\/ld+json\" class=\"yoast-schema-graph\">{\"@context\":\"https:\/\/schema.org\",\"@graph\":[{\"@type\":\"WebPage\",\"@id\":\"https:\/\/transfereurope.com\/sk\/transfer-z-bratislavy-do-salzburgu\/\",\"url\":\"https:\/\/transfereurope.com\/sk\/transfer-z-bratislavy-do-salzburgu\/\",\"name\":\"Transfer z Bratislavy do Salzburgu - Transfer Europe\",\"isPartOf\":{\"@id\":\"https:\/\/transfereurope.com\/sk\/#website\"},\"primaryImageOfPage\":{\"@id\":\"https:\/\/transfereurope.com\/sk\/transfer-z-bratislavy-do-salzburgu\/#primaryimage\"},\"image\":{\"@id\":\"https:\/\/transfereurope.com\/sk\/transfer-z-bratislavy-do-salzburgu\/#primaryimage\"},\"thumbnailUrl\":\"https:\/\/transfereurope.com\/wp-content\/uploads\/2025\/08\/Europe-Destinations-Transfers-1764-2-1.jpg\",\"datePublished\":\"2025-08-05T15:55:31+00:00\",\"description\":\"\u0160of\u00e9rujte z Bratislavy do Salzburgu s vodi\u010dom. Zarezervujte si online transfer Bratislava - Salzburg na Transfer Europe \u2714Ve\u013ek\u00fd vozov\u00fd park \u2714VIP taxi \u2714Bezpe\u010dn\u00e1 platba.\",\"breadcrumb\":{\"@id\":\"https:\/\/transfereurope.com\/sk\/transfer-z-bratislavy-do-salzburgu\/#breadcrumb\"},\"inLanguage\":\"sk-SK\",\"potentialAction\":[{\"@type\":\"ReadAction\",\"target\":[\"https:\/\/transfereurope.com\/sk\/transfer-z-bratislavy-do-salzburgu\/\"]}]},{\"@type\":\"ImageObject\",\"inLanguage\":\"sk-SK\",\"@id\":\"https:\/\/transfereurope.com\/sk\/transfer-z-bratislavy-do-salzburgu\/#primaryimage\",\"url\":\"https:\/\/transfereurope.com\/wp-content\/uploads\/2025\/08\/Europe-Destinations-Transfers-1764-2-1.jpg\",\"contentUrl\":\"https:\/\/transfereurope.com\/wp-content\/uploads\/2025\/08\/Europe-Destinations-Transfers-1764-2-1.jpg\",\"width\":1500,\"height\":2000},{\"@type\":\"BreadcrumbList\",\"@id\":\"https:\/\/transfereurope.com\/sk\/transfer-z-bratislavy-do-salzburgu\/#breadcrumb\",\"itemListElement\":[{\"@type\":\"ListItem\",\"position\":1,\"name\":\"Home\",\"item\":\"https:\/\/transfereurope.com\/sk\/\"},{\"@type\":\"ListItem\",\"position\":2,\"name\":\"Transfer z Bratislavy do Salzburgu\"}]},{\"@type\":\"WebSite\",\"@id\":\"https:\/\/transfereurope.com\/sk\/#website\",\"url\":\"https:\/\/transfereurope.com\/sk\/\",\"name\":\"transfereurope\",\"description\":\"\",\"publisher\":{\"@id\":\"https:\/\/transfereurope.com\/sk\/#organization\"},\"potentialAction\":[{\"@type\":\"SearchAction\",\"target\":{\"@type\":\"EntryPoint\",\"urlTemplate\":\"https:\/\/transfereurope.com\/sk\/?s={search_term_string}\"},\"query-input\":{\"@type\":\"PropertyValueSpecification\",\"valueRequired\":true,\"valueName\":\"search_term_string\"}}],\"inLanguage\":\"sk-SK\"},{\"@type\":\"Organization\",\"@id\":\"https:\/\/transfereurope.com\/sk\/#organization\",\"name\":\"transfereurope\",\"url\":\"https:\/\/transfereurope.com\/sk\/\",\"logo\":{\"@type\":\"ImageObject\",\"inLanguage\":\"sk-SK\",\"@id\":\"https:\/\/transfereurope.com\/sk\/#\/schema\/logo\/image\/\",\"url\":\"https:\/\/transfereurope.com\/wp-content\/uploads\/2025\/08\/TRANSFERS-1655.png\",\"contentUrl\":\"https:\/\/transfereurope.com\/wp-content\/uploads\/2025\/08\/TRANSFERS-1655.png\",\"width\":500,\"height\":274,\"caption\":\"transfereurope\"},\"image\":{\"@id\":\"https:\/\/transfereurope.com\/sk\/#\/schema\/logo\/image\/\"}}]}<\/script>\n<!-- \/ Yoast SEO plugin. -->","yoast_head_json":{"title":"Transfer z Bratislavy do Salzburgu - Transfer Europe","description":"\u0160of\u00e9rujte z Bratislavy do Salzburgu s vodi\u010dom. Zarezervujte si online transfer Bratislava - Salzburg na Transfer Europe \u2714Ve\u013ek\u00fd vozov\u00fd park \u2714VIP taxi \u2714Bezpe\u010dn\u00e1 platba.","robots":{"index":"index","follow":"follow","max-snippet":"max-snippet:-1","max-image-preview":"max-image-preview:large","max-video-preview":"max-video-preview:-1"},"canonical":"https:\/\/transfereurope.com\/sk\/transfer-z-bratislavy-do-salzburgu\/","og_locale":"sk_SK","og_type":"article","og_title":"Transfer z Bratislavy do Salzburgu - Transfer Europe","og_description":"\u0160of\u00e9rujte z Bratislavy do Salzburgu s vodi\u010dom. Zarezervujte si online transfer Bratislava - Salzburg na Transfer Europe \u2714Ve\u013ek\u00fd vozov\u00fd park \u2714VIP taxi \u2714Bezpe\u010dn\u00e1 platba.","og_url":"https:\/\/transfereurope.com\/sk\/transfer-z-bratislavy-do-salzburgu\/","og_site_name":"transfereurope","og_image":[{"width":1500,"height":2000,"url":"https:\/\/transfereurope.com\/wp-content\/uploads\/2025\/08\/Europe-Destinations-Transfers-1764-2-1.jpg","type":"image\/jpeg"}],"twitter_card":"summary_large_image","twitter_misc":{"Predpokladan\u00fd \u010das \u010d\u00edtania":"4 min\u00faty"},"schema":{"@context":"https:\/\/schema.org","@graph":[{"@type":"WebPage","@id":"https:\/\/transfereurope.com\/sk\/transfer-z-bratislavy-do-salzburgu\/","url":"https:\/\/transfereurope.com\/sk\/transfer-z-bratislavy-do-salzburgu\/","name":"Transfer z Bratislavy do Salzburgu - Transfer Europe","isPartOf":{"@id":"https:\/\/transfereurope.com\/sk\/#website"},"primaryImageOfPage":{"@id":"https:\/\/transfereurope.com\/sk\/transfer-z-bratislavy-do-salzburgu\/#primaryimage"},"image":{"@id":"https:\/\/transfereurope.com\/sk\/transfer-z-bratislavy-do-salzburgu\/#primaryimage"},"thumbnailUrl":"https:\/\/transfereurope.com\/wp-content\/uploads\/2025\/08\/Europe-Destinations-Transfers-1764-2-1.jpg","datePublished":"2025-08-05T15:55:31+00:00","description":"\u0160of\u00e9rujte z Bratislavy do Salzburgu s vodi\u010dom. Zarezervujte si online transfer Bratislava - Salzburg na Transfer Europe \u2714Ve\u013ek\u00fd vozov\u00fd park \u2714VIP taxi \u2714Bezpe\u010dn\u00e1 platba.","breadcrumb":{"@id":"https:\/\/transfereurope.com\/sk\/transfer-z-bratislavy-do-salzburgu\/#breadcrumb"},"inLanguage":"sk-SK","potentialAction":[{"@type":"ReadAction","target":["https:\/\/transfereurope.com\/sk\/transfer-z-bratislavy-do-salzburgu\/"]}]},{"@type":"ImageObject","inLanguage":"sk-SK","@id":"https:\/\/transfereurope.com\/sk\/transfer-z-bratislavy-do-salzburgu\/#primaryimage","url":"https:\/\/transfereurope.com\/wp-content\/uploads\/2025\/08\/Europe-Destinations-Transfers-1764-2-1.jpg","contentUrl":"https:\/\/transfereurope.com\/wp-content\/uploads\/2025\/08\/Europe-Destinations-Transfers-1764-2-1.jpg","width":1500,"height":2000},{"@type":"BreadcrumbList","@id":"https:\/\/transfereurope.com\/sk\/transfer-z-bratislavy-do-salzburgu\/#breadcrumb","itemListElement":[{"@type":"ListItem","position":1,"name":"Home","item":"https:\/\/transfereurope.com\/sk\/"},{"@type":"ListItem","position":2,"name":"Transfer z Bratislavy do Salzburgu"}]},{"@type":"WebSite","@id":"https:\/\/transfereurope.com\/sk\/#website","url":"https:\/\/transfereurope.com\/sk\/","name":"transfereurope","description":"","publisher":{"@id":"https:\/\/transfereurope.com\/sk\/#organization"},"potentialAction":[{"@type":"SearchAction","target":{"@type":"EntryPoint","urlTemplate":"https:\/\/transfereurope.com\/sk\/?s={search_term_string}"},"query-input":{"@type":"PropertyValueSpecification","valueRequired":true,"valueName":"search_term_string"}}],"inLanguage":"sk-SK"},{"@type":"Organization","@id":"https:\/\/transfereurope.com\/sk\/#organization","name":"transfereurope","url":"https:\/\/transfereurope.com\/sk\/","logo":{"@type":"ImageObject","inLanguage":"sk-SK","@id":"https:\/\/transfereurope.com\/sk\/#\/schema\/logo\/image\/","url":"https:\/\/transfereurope.com\/wp-content\/uploads\/2025\/08\/TRANSFERS-1655.png","contentUrl":"https:\/\/transfereurope.com\/wp-content\/uploads\/2025\/08\/TRANSFERS-1655.png","width":500,"height":274,"caption":"transfereurope"},"image":{"@id":"https:\/\/transfereurope.com\/sk\/#\/schema\/logo\/image\/"}}]}},"_links":{"self":[{"href":"https:\/\/transfereurope.com\/sk\/wp-json\/wp\/v2\/pages\/71103","targetHints":{"allow":["GET"]}}],"collection":[{"href":"https:\/\/transfereurope.com\/sk\/wp-json\/wp\/v2\/pages"}],"about":[{"href":"https:\/\/transfereurope.com\/sk\/wp-json\/wp\/v2\/types\/page"}],"author":[{"embeddable":true,"href":"https:\/\/transfereurope.com\/sk\/wp-json\/wp\/v2\/users\/1"}],"replies":[{"embeddable":true,"href":"https:\/\/transfereurope.com\/sk\/wp-json\/wp\/v2\/comments?post=71103"}],"version-history":[{"count":0,"href":"https:\/\/transfereurope.com\/sk\/wp-json\/wp\/v2\/pages\/71103\/revisions"}],"wp:featuredmedia":[{"embeddable":true,"href":"https:\/\/transfereurope.com\/sk\/wp-json\/wp\/v2\/media\/71104"}],"wp:attachment":[{"href":"https:\/\/transfereurope.com\/sk\/wp-json\/wp\/v2\/media?parent=71103"}],"curies":[{"name":"wp","href":"https:\/\/api.w.org\/{rel}","templated":true}]}}