{"id":70034,"date":"2025-08-05T15:44:31","date_gmt":"2025-08-05T15:44:31","guid":{"rendered":"https:\/\/transfereurope.com\/transfer-z-bratislavskeho-letiska-do-bratislavy\/"},"modified":"2025-08-05T15:44:31","modified_gmt":"2025-08-05T15:44:31","slug":"transfer-z-bratislavskeho-letiska-do-bratislavy","status":"publish","type":"page","link":"https:\/\/transfereurope.com\/sk\/transfer-z-bratislavskeho-letiska-do-bratislavy\/","title":{"rendered":"Transfer z bratislavsk\u00e9ho letiska do Bratislavy"},"content":{"rendered":"\n<div id=\"t4-masthead\" class=\"t4-section  t4-masthead\">\n<div class=\"t4-col text-center\">\n<div class=\"ja-masthead\" >\n<div class=\"ja-masthead-detail\">\n<h1 class=\"ja-masthead-title\">Transfer z bratislavsk\u00e9ho letiska do Bratislavy<\/h1>\n<p>                 <!---->            <\/p>\n<div class=\"block-breadcrumb\">\n<div class=\"moduletable\">\n<div aria-label=\"Breadcrumbs\" role=\"navigation\">\n<ul  class=\"breadcrumb\">\n<li class=\"active\"> \t\t\t\t<span class=\"fas fa-map-marker-alt home-map\"><\/span> \t\t\t<\/li>\n<li itemprop='itemListElement' > \t\t\t\t\t\t\t\t\t\t\t<a  href=\"\/sk\/\" class=\"pathway\"><span itemprop=\"name\">Hlavn\u00e1 str\u00e1nka<\/span><\/a> \t\t\t\t\t \t\t\t\t\t\t\t\t\t\t\t<span class=\"divider\"> \t\t\t\t\t\t\t<i class=\"fa fa-angle-double-right\" aria-hidden=\"true\"><\/i> \t\t\t\t\t\t<\/span> \t\t\t\t\t\t\t\t\t\t<meta  content=\"1\"> \t\t\t\t<\/li>\n<li itemprop='itemListElement' > \t\t\t\t\t\t\t\t\t\t\t<a  href=\"\/sk\/destinacie\" class=\"pathway\"><span itemprop=\"name\">Destin\u00e1cie<\/span><\/a> \t\t\t\t\t \t\t\t\t\t\t\t\t\t\t\t<span class=\"divider\"> \t\t\t\t\t\t\t<i class=\"fa fa-angle-double-right\" aria-hidden=\"true\"><\/i> \t\t\t\t\t\t<\/span> \t\t\t\t\t\t\t\t\t\t<meta  content=\"2\"> \t\t\t\t<\/li>\n<li itemprop='itemListElement' > \t\t\t\t\t\t\t\t\t\t\t<a  href=\"\/sk\/destinacie\/bratislava\" class=\"pathway\"><span itemprop=\"name\">Bratislava<\/span><\/a> \t\t\t\t\t \t\t\t\t\t\t\t\t\t\t\t<span class=\"divider\"> \t\t\t\t\t\t\t<i class=\"fa fa-angle-double-right\" aria-hidden=\"true\"><\/i> \t\t\t\t\t\t<\/span> \t\t\t\t\t\t\t\t\t\t<meta  content=\"3\"> \t\t\t\t<\/li>\n<li   class=\"active\"> \t\t\t\t\t<span itemprop=\"name\"> \t\t\t\t\t\tTransfer z bratislavsk\u00e9ho letiska do Bratislavy\t\t\t\t\t<\/span> \t\t\t\t\t<meta  content=\"4\"> \t\t\t\t<\/li>\n<\/ul><\/div>\n<\/p><\/div>\n<\/p><\/div>\n<\/p><\/div>\n<\/p><\/div>\n<pre><\/pre>\n<\/div>\n<\/div>\n<div id=\"t4-main-body\" class=\"t4-section  t4-main-body\" role=\"main body\">\n<div class=\"t4-section-inner container\">\n<div class=\"t4-row row\">\n<div class=\"t4-col col-12 col-xl\">\n<div id=\"system-message-container\"> \t<\/div>\n<p>       <script type=\"text\/javascript\" ><\/script> <\/p>\n<div class=\"com-content-article item-page view-tour-detail\">\n<div class=\"tour-top-info clearfix\">\n<div class=\"pull-left\">\n<div class=\"category-article-dot\">\n<div class=\"category-name\"> \t\t\t\t\t<a href=\"\/sk\/destinacie\/bratislava\" itemprop=\"genre\">Bratislava Osobn\u00e1 preprava<\/a> \t\t\t\t<\/div>\n<\/p><\/div>\n<\/p><\/div>\n<div class=\"pull-right\">\n<div class=\"text-danger tour-price\"> \t\t\t\t\t\t<a href=\"\/sk\/rezervovat-transfer\">Rezervova\u0165<\/a><\/div>\n<\/p><\/div>\n<\/p><\/div>\n<p>  \t <!--\t-->  \t<\/p>\n<div class=\"vm-product-container\">\n<figure class=\"pull-left item-image\">\n<div class=\"main-image\"> \t\t<a title=\"Bratislava Airport to Bratislava Transfer Service\" rel='vm-additional-images' href=\"\/images\/virtuemart\/product\/Europe Destinations Transfers (4)84.jpg\"><img decoding=\"async\"  loading=\"lazy\"  src=\"\/wp-content\/uploads\/2025\/08\/Europe-Destinations-Transfers-484-2.jpg\"  alt=\"Bratislava Airport to Bratislava Transfer Service\"  \/><\/a>\t\t<\/p>\n<div class=\"clear\"><\/div>\n<\/p><\/div>\n<\/figure>\n<div class=\"vm-product-details-container\">\n<div class=\"spacer-buy-area\">    \t\t \t\t<\/div>\n<\/p><\/div>\n<div class=\"clear\"><\/div>\n<\/p><\/div>\n<div class=\"product-description\" >\n<p>Prilietate na bratislavsk\u00e9 letisko a h\u013ead\u00e1te pohodln\u00fd a komfortn\u00fd sp\u00f4sob, ako sa dosta\u0165 do centra Bratislavy? U\u017e nemus\u00edte h\u013eada\u0165 \u010falej! Na\u0161a \u0161pi\u010dkov\u00e1 prepravn\u00e1 slu\u017eba pon\u00faka ide\u00e1lne rie\u0161enie pre va\u0161u cestu z bratislavsk\u00e9ho letiska do centra mesta.<\/p>\n<p>Na\u0161a slu\u017eba transferu je navrhnut\u00e1 tak, aby v\u00e1m poskytla bezprobl\u00e9mov\u00fd a bezstresov\u00fd z\u00e1\u017eitok. Ch\u00e1peme d\u00f4le\u017eitos\u0165 hladk\u00e9ho prechodu z letiska do va\u0161ej destin\u00e1cie, a preto pre va\u0161e pohodlie pon\u00fakame pren\u00e1jom s\u00fakromn\u00e9ho vodi\u010da.<\/p>\n<p style=\"text-align: center;\"><a class=\"btn btn-primary\" href=\"\/sk\/rezervovat-transfer-z-na-letisko\">Rezervova\u0165<\/a><\/p>\n<h2 style=\"text-align: center;\"><strong>Pre\u010do si vybra\u0165 na\u0161u slu\u017ebu transferu z letiska Bratislava do Bratislavy?<\/strong><\/h2>\n<ul>\n<li><strong>Pohodlie:<\/strong> Rozl\u00fa\u010dte sa s probl\u00e9mami s navig\u00e1ciou verejnej dopravy alebo h\u013eadan\u00edm tax\u00edka. N\u00e1\u0161 s\u00fakromn\u00fd vodi\u010d na v\u00e1s bude \u010daka\u0165 na letisku a bude pripraven\u00fd odviez\u0165 v\u00e1s priamo do cie\u013ea.<\/li>\n<li><strong>Komfort:<\/strong> Uvo\u013enite sa v pohodlnom aute, ktor\u00e9 v\u00e1m zabezpe\u010d\u00ed pr\u00edjemn\u00fa cestu do centra Bratislavy. Na\u0161e vozidl\u00e1 s\u00fa dobre udr\u017eiavan\u00e9 a na\u0161i profesion\u00e1lni vodi\u010di sa staraj\u00fa o va\u0161e pohodlie a bezpe\u010dnos\u0165.<\/li>\n<li><strong>Personalizovan\u00e9 slu\u017eby:<\/strong> Na\u0161e slu\u017eby prisp\u00f4sob\u00edme va\u0161im \u0161pecifick\u00fdm potreb\u00e1m. \u010ci u\u017e cestujete sami alebo so skupinou, m\u00e1me pre v\u00e1s tie spr\u00e1vne mo\u017enosti prepravy.<\/li>\n<li><strong>Spo\u013eahlivos\u0165:<\/strong> Na\u0161i vodi\u010di s\u00fa dobre vy\u0161kolen\u00ed, aby v\u00e1m zabezpe\u010dili v\u010dasn\u00e9 dosiahnutie cie\u013ea. Nemus\u00edte sa ob\u00e1va\u0165 me\u0161kania alebo zme\u0161kan\u00fdch spojov.<\/li>\n<li><strong>Cenov\u00e1 dostupnos\u0165:<\/strong> Na\u0161e ceny s\u00fa konkurencieschopn\u00e9 a pon\u00fakaj\u00fa vynikaj\u00facu hodnotu za vysokokvalitn\u00e9 slu\u017eby, ktor\u00e9 poskytujeme. S\u00fakromn\u00fd transfer si m\u00f4\u017eete u\u017ei\u0165 bez toho, aby ste prepadli.<\/li>\n<\/ul>\n<p style=\"text-align: center;\">\u00a0<\/p>\n<h2 style=\"text-align: center;\"><strong>Rezerv\u00e1cia transferu z letiska Bratislava do Bratislavy<\/strong>\u00a0<\/h2>\n<p>\u010ci u\u017e nav\u0161t\u00edvite Bratislavu pracovne alebo na dovolenku, na\u0161a slu\u017eba transferu je ide\u00e1lnou vo\u013ebou na presun z bratislavsk\u00e9ho letiska do centra mesta. Rezervujte si s\u00fakromn\u00e9ho vodi\u010da a dopravu e\u0161te dnes a za\u017eite bezprobl\u00e9mov\u00fa cestu, ktor\u00e1 zanech\u00e1 trval\u00fd dojem.<\/p>\n<p>Neuspokojte sa s oby\u010dajn\u00fdm, ke\u010f m\u00f4\u017eete ma\u0165 neoby\u010dajn\u00e9. Vyberte si pre svoje potreby prepravy z bratislavsk\u00e9ho letiska do centra Bratislavy na\u0161u slu\u017ebu transferu.<\/p>\n<p style=\"text-align: center;\"><a class=\"btn btn-primary\" href=\"\/sk\/rezervovat-transfer-z-na-letisko\">Rezervova\u0165<\/a><\/p>\n<h2 style=\"text-align: center;\"><strong>Ako sa dosta\u0165 z letiska Bratislava do Bratislavy<\/strong><\/h2>\n<p>Cesta z letiska do centra Bratislavy je jednoduch\u00e1 a pohodln\u00e1. Prin\u00e1\u0161ame v\u00e1m podrobn\u00fd n\u00e1vod, ako t\u00fato cestu zvl\u00e1dnu\u0165 bez probl\u00e9mov:<\/p>\n<h3>Taxi<\/h3>\n<p>Po pr\u00edlete na bratislavsk\u00e9 letisko je jedn\u00fdm z najpohodlnej\u0161\u00edch a najr\u00fdchlej\u0161\u00edch sp\u00f4sobov, ako sa dosta\u0165 do centra mesta, tax\u00edk. Stanovi\u0161tia tax\u00edkov s\u00fa na letisku \u013eahko dostupn\u00e9 a \u013eahko si m\u00f4\u017eete v\u0161imn\u00fa\u0165 ur\u010den\u00e9 stanovi\u0161tia tax\u00edkov. Sta\u010d\u00ed nasko\u010di\u0165 do tax\u00edka a za pribli\u017ene 20 a\u017e 25 min\u00fat, v z\u00e1vislosti od dopravn\u00fdch podmienok, budete na ceste do centra Bratislavy.<\/p>\n<h3>Zdie\u013eanie jazdy<\/h3>\n<p>Na bratislavskom letisku s\u00fa k dispoz\u00edcii aj slu\u017eby zdie\u013eanej jazdy, ako napr\u00edklad Uber. Pomocou aplik\u00e1cie na zdie\u013eanie j\u00e1zd si m\u00f4\u017eete vy\u017eiada\u0165 odvoz do centra mesta. T\u00e1to mo\u017enos\u0165 poskytuje pohodlie bezhotovostn\u00fdch transakci\u00ed a \u010dasto v\u00fdhodn\u00e9 ceny.<\/p>\n<h3>Verejn\u00e1 doprava<\/h3>\n<p>Bratislavsk\u00e9 letisko je dobre prepojen\u00e9 s mestom verejnou dopravou. M\u00f4\u017eete vyu\u017ei\u0165 autobus \u010d. 61, ktor\u00fd prem\u00e1va medzi letiskom a centrom mesta. Je to cenovo v\u00fdhodn\u00e1 mo\u017enos\u0165 a cesta trv\u00e1 pribli\u017ene 30-40 min\u00fat. L\u00edstky si m\u00f4\u017eete zak\u00fapi\u0165 na letisku alebo priamo u vodi\u010da autobusu.<\/p>\n<p>\u00a0<\/p>\n<h3>Letiskov\u00e1 kyvadlov\u00e1 doprava<\/h3>\n<p>Niektor\u00e9 hotely v Bratislave pon\u00fakaj\u00fa pre svojich host\u00ed kyvadlov\u00fa dopravu na letisko a sp\u00e4\u0165. Ak sa ubytujete v jednom z t\u00fdchto hotelov, vopred sa informujte, \u010di poskytuj\u00fa letiskov\u00fa kyvadlov\u00fa dopravu.<\/p>\n<h3>Predbe\u017ene rezervovan\u00e9 transfery<\/h3>\n<p>Ak d\u00e1vate prednos\u0165 bezprobl\u00e9mov\u00e9mu a osobn\u00e9mu z\u00e1\u017eitku, m\u00f4\u017eete si vopred rezervova\u0165 s\u00fakromn\u00fd letiskov\u00fd transfer. Tieto slu\u017eby \u010dasto pon\u00fakaj\u00fa prepravu od dver\u00ed k dver\u00e1m s vyhraden\u00fdm vodi\u010dom, ktor\u00fd sa s vami stretne na letisku a odvezie v\u00e1s priamo do v\u00e1\u0161ho cie\u013ea v centre Bratislavy.<\/p>\n<p style=\"text-align: center;\"><a class=\"btn btn-primary\" href=\"\/sk\/rezervovat-transfer-z-na-letisko\">Rezervova\u0165<\/a><\/p>\n<p style=\"text-align: left;\">Bez oh\u013eadu na to, ktor\u00fa mo\u017enos\u0165 dopravy si vyberiete, n\u00e1jdete tu cel\u00fd rad mo\u017enost\u00ed, ktor\u00e9 vyhovuj\u00fa va\u0161im preferenci\u00e1m a rozpo\u010dtu. Cesta z bratislavsk\u00e9ho letiska do centra mesta je relat\u00edvne kr\u00e1tka, \u010do je v\u00fdhodn\u00e9 pre cestuj\u00facich prich\u00e1dzaj\u00facich do slovensk\u00e9ho hlavn\u00e9ho mesta.<\/p>\n<\/p><\/div>\n<div class=\"product-price-container\">\n<div class=\"sale-price\"> \t\t<\/div>\n<\/p><\/div>\n<div class=\"options\"><\/div>\n<div> \t\t<\/div>\n<p>   \t  <script type=\"text\/javascript\" ><\/script>  <script type=\"text\/javascript\" ><\/script>  <script type=\"text\/javascript\" ><\/script> <script type=\"text\/javascript\" ><\/script> <script type=\"text\/javascript\" ><\/script> <script type=\"text\/javascript\" ><\/script> <\/div>\n<p> \t\t<!-- \u041f\u043b\u0430\u0433\u0438\u043d \u0440\u0435\u0439\u0442\u0438\u043d\u0433\u0430 --> <\/p>\n<div class=\"vrvote-body\">\n<ul class=\"vrvote-ul\">\n<li id=\"rating_28\" class=\"current-rating\" style=\"width:99.47%;\"><\/li>\n<li> \t\t\t\t\t\t<a class=\"vr-one-star\" onclick=\"javascript:JSVRvote(28,1,189,38,0)\" href=\"javascript:void(null)\">1<\/a> \t\t\t\t\t<\/li>\n<li> \t\t\t\t\t\t<a class=\"vr-two-stars\" onclick=\"javascript:JSVRvote(28,2,189,38,0)\" href=\"javascript:void(null)\">2<\/a> \t\t\t\t\t<\/li>\n<li> \t\t\t\t\t\t<a class=\"vr-three-stars\" onclick=\"javascript:JSVRvote(28,3,189,38,0)\" href=\"javascript:void(null)\">3<\/a> \t\t\t\t\t<\/li>\n<li> \t\t\t\t\t\t<a class=\"vr-four-stars\" onclick=\"javascript:JSVRvote(28,4,189,38,0)\" href=\"javascript:void(null)\">4<\/a> \t\t\t\t\t<\/li>\n<li> \t\t\t\t\t\t<a class=\"vr-five-stars\" onclick=\"javascript:JSVRvote(28,5,189,38,0)\" href=\"javascript:void(null)\">5<\/a> \t\t\t\t\t<\/li>\n<\/ul><\/div>\n<p> \t\t\t<span id=\"vrvote_28\" class=\"vrvote-count\"><small><\/small><\/span>\t<\/span><script type=\"application\/ld+json\"><\/script>   <\/div>\n<div class=\"t4-col sidebar-r col-12 col-xl-4\">\n<div class=\"t4-module module\" id=\"Mod306\">\n<div class=\"module-inner\">\n<div class=\"module-ct\">\n<div class=\"bannergroup\">\n<div class=\"banneritem\"> \t\t\t\t\t\t\t\t\t\t\t\t\t\t\t\t\t\t\t\t\t\t\t\t\t\t\t\t\t\t\t\t\t\t\t\t\t\t\t\t\t\t\t\t\t\t\t\t\t\t<img \t\t\t\t\t\tsrc=\"\/wp-content\/uploads\/2025\/08\/banner-transfer-europe-sk-387.png\" \t\t\t\t\t\talt=\"Banner-sk\" \t\t\t\t\t\t\t\t\t\t\t\t\t\t\t\t\t\/> \t\t\t\t\t\t\t\t\t\t\t<\/p>\n<div class=\"clr\"><\/div>\n<\/p><\/div>\n<\/p><\/div>\n<\/p><\/div>\n<\/div>\n<\/div><\/div>\n<\/p><\/div>\n<\/div><\/div>\n<div id=\"t4-section-8\" class=\"t4-section  t4-section-8  section-border-top\" role=\"section-8\">\n<div class=\"bg-overlay bg-overlay-image\">&nbsp;<\/div>\n<\/p><\/div>\n<p>  <a href='javascript:' id='back-to-top'><i class='fa fa-chevron-up'><\/i><\/a>                <\/p>\n","protected":false},"excerpt":{"rendered":"<p>Transfer z bratislavsk\u00e9ho letiska do Bratislavy Hlavn\u00e1 str\u00e1nka Destin\u00e1cie Bratislava Transfer z bratislavsk\u00e9ho letiska do Bratislavy Bratislava Osobn\u00e1 preprava Rezervova\u0165 Prilietate na bratislavsk\u00e9 letisko a h\u013ead\u00e1te pohodln\u00fd a komfortn\u00fd sp\u00f4sob, ako sa dosta\u0165 do centra Bratislavy? U\u017e nemus\u00edte h\u013eada\u0165 \u010falej! Na\u0161a \u0161pi\u010dkov\u00e1 prepravn\u00e1 slu\u017eba pon\u00faka ide\u00e1lne rie\u0161enie pre va\u0161u cestu z bratislavsk\u00e9ho letiska do centra [&hellip;]<\/p>\n","protected":false},"author":1,"featured_media":70035,"parent":0,"menu_order":0,"comment_status":"closed","ping_status":"closed","template":"","meta":{"footnotes":""},"class_list":["post-70034","page","type-page","status-publish","has-post-thumbnail","hentry"],"yoast_head":"<!-- This site is optimized with the Yoast SEO plugin v25.6 - https:\/\/yoast.com\/wordpress\/plugins\/seo\/ -->\n<title>Transfer z bratislavsk\u00e9ho letiska do mesta - Transfer Europe<\/title>\n<meta name=\"description\" content=\"Transfer \u201eBratislava Airport-Center\u201c so \u0161of\u00e9rom. Objednajte si transfer z bratislavsk\u00e9ho letiska do centra mesta na Transfer Europe \u2714 Ve\u013ek\u00fd vozov\u00fd park \u2714 Profesion\u00e1lni vodi\u010di \u260e + 421 951 460 615\" \/>\n<meta name=\"robots\" content=\"index, follow, max-snippet:-1, max-image-preview:large, max-video-preview:-1\" \/>\n<link rel=\"canonical\" href=\"https:\/\/transfereurope.com\/sk\/transfer-z-bratislavskeho-letiska-do-bratislavy\/\" \/>\n<meta property=\"og:locale\" content=\"sk_SK\" \/>\n<meta property=\"og:type\" content=\"article\" \/>\n<meta property=\"og:title\" content=\"Transfer z bratislavsk\u00e9ho letiska do mesta - Transfer Europe\" \/>\n<meta property=\"og:description\" content=\"Transfer \u201eBratislava Airport-Center\u201c so \u0161of\u00e9rom. Objednajte si transfer z bratislavsk\u00e9ho letiska do centra mesta na Transfer Europe \u2714 Ve\u013ek\u00fd vozov\u00fd park \u2714 Profesion\u00e1lni vodi\u010di \u260e + 421 951 460 615\" \/>\n<meta property=\"og:url\" content=\"https:\/\/transfereurope.com\/sk\/transfer-z-bratislavskeho-letiska-do-bratislavy\/\" \/>\n<meta property=\"og:site_name\" content=\"transfereurope\" \/>\n<meta property=\"og:image\" content=\"https:\/\/transfereurope.com\/wp-content\/uploads\/2025\/08\/Europe-Destinations-Transfers-484-2-1.jpg\" \/>\n\t<meta property=\"og:image:width\" content=\"1500\" \/>\n\t<meta property=\"og:image:height\" content=\"2000\" \/>\n\t<meta property=\"og:image:type\" content=\"image\/jpeg\" \/>\n<meta name=\"twitter:card\" content=\"summary_large_image\" \/>\n<meta name=\"twitter:label1\" content=\"Predpokladan\u00fd \u010das \u010d\u00edtania\" \/>\n\t<meta name=\"twitter:data1\" content=\"4 min\u00faty\" \/>\n<script type=\"application\/ld+json\" class=\"yoast-schema-graph\">{\"@context\":\"https:\/\/schema.org\",\"@graph\":[{\"@type\":\"WebPage\",\"@id\":\"https:\/\/transfereurope.com\/sk\/transfer-z-bratislavskeho-letiska-do-bratislavy\/\",\"url\":\"https:\/\/transfereurope.com\/sk\/transfer-z-bratislavskeho-letiska-do-bratislavy\/\",\"name\":\"Transfer z bratislavsk\u00e9ho letiska do mesta - Transfer Europe\",\"isPartOf\":{\"@id\":\"https:\/\/transfereurope.com\/sk\/#website\"},\"primaryImageOfPage\":{\"@id\":\"https:\/\/transfereurope.com\/sk\/transfer-z-bratislavskeho-letiska-do-bratislavy\/#primaryimage\"},\"image\":{\"@id\":\"https:\/\/transfereurope.com\/sk\/transfer-z-bratislavskeho-letiska-do-bratislavy\/#primaryimage\"},\"thumbnailUrl\":\"https:\/\/transfereurope.com\/wp-content\/uploads\/2025\/08\/Europe-Destinations-Transfers-484-2-1.jpg\",\"datePublished\":\"2025-08-05T15:44:31+00:00\",\"description\":\"Transfer \u201eBratislava Airport-Center\u201c so \u0161of\u00e9rom. Objednajte si transfer z bratislavsk\u00e9ho letiska do centra mesta na Transfer Europe \u2714 Ve\u013ek\u00fd vozov\u00fd park \u2714 Profesion\u00e1lni vodi\u010di \u260e + 421 951 460 615\",\"breadcrumb\":{\"@id\":\"https:\/\/transfereurope.com\/sk\/transfer-z-bratislavskeho-letiska-do-bratislavy\/#breadcrumb\"},\"inLanguage\":\"sk-SK\",\"potentialAction\":[{\"@type\":\"ReadAction\",\"target\":[\"https:\/\/transfereurope.com\/sk\/transfer-z-bratislavskeho-letiska-do-bratislavy\/\"]}]},{\"@type\":\"ImageObject\",\"inLanguage\":\"sk-SK\",\"@id\":\"https:\/\/transfereurope.com\/sk\/transfer-z-bratislavskeho-letiska-do-bratislavy\/#primaryimage\",\"url\":\"https:\/\/transfereurope.com\/wp-content\/uploads\/2025\/08\/Europe-Destinations-Transfers-484-2-1.jpg\",\"contentUrl\":\"https:\/\/transfereurope.com\/wp-content\/uploads\/2025\/08\/Europe-Destinations-Transfers-484-2-1.jpg\",\"width\":1500,\"height\":2000},{\"@type\":\"BreadcrumbList\",\"@id\":\"https:\/\/transfereurope.com\/sk\/transfer-z-bratislavskeho-letiska-do-bratislavy\/#breadcrumb\",\"itemListElement\":[{\"@type\":\"ListItem\",\"position\":1,\"name\":\"Home\",\"item\":\"https:\/\/transfereurope.com\/sk\/\"},{\"@type\":\"ListItem\",\"position\":2,\"name\":\"Transfer z bratislavsk\u00e9ho letiska do Bratislavy\"}]},{\"@type\":\"WebSite\",\"@id\":\"https:\/\/transfereurope.com\/sk\/#website\",\"url\":\"https:\/\/transfereurope.com\/sk\/\",\"name\":\"transfereurope\",\"description\":\"\",\"publisher\":{\"@id\":\"https:\/\/transfereurope.com\/sk\/#organization\"},\"potentialAction\":[{\"@type\":\"SearchAction\",\"target\":{\"@type\":\"EntryPoint\",\"urlTemplate\":\"https:\/\/transfereurope.com\/sk\/?s={search_term_string}\"},\"query-input\":{\"@type\":\"PropertyValueSpecification\",\"valueRequired\":true,\"valueName\":\"search_term_string\"}}],\"inLanguage\":\"sk-SK\"},{\"@type\":\"Organization\",\"@id\":\"https:\/\/transfereurope.com\/sk\/#organization\",\"name\":\"transfereurope\",\"url\":\"https:\/\/transfereurope.com\/sk\/\",\"logo\":{\"@type\":\"ImageObject\",\"inLanguage\":\"sk-SK\",\"@id\":\"https:\/\/transfereurope.com\/sk\/#\/schema\/logo\/image\/\",\"url\":\"https:\/\/transfereurope.com\/wp-content\/uploads\/2025\/08\/TRANSFERS-1655.png\",\"contentUrl\":\"https:\/\/transfereurope.com\/wp-content\/uploads\/2025\/08\/TRANSFERS-1655.png\",\"width\":500,\"height\":274,\"caption\":\"transfereurope\"},\"image\":{\"@id\":\"https:\/\/transfereurope.com\/sk\/#\/schema\/logo\/image\/\"}}]}<\/script>\n<!-- \/ Yoast SEO plugin. -->","yoast_head_json":{"title":"Transfer z bratislavsk\u00e9ho letiska do mesta - Transfer Europe","description":"Transfer \u201eBratislava Airport-Center\u201c so \u0161of\u00e9rom. Objednajte si transfer z bratislavsk\u00e9ho letiska do centra mesta na Transfer Europe \u2714 Ve\u013ek\u00fd vozov\u00fd park \u2714 Profesion\u00e1lni vodi\u010di \u260e + 421 951 460 615","robots":{"index":"index","follow":"follow","max-snippet":"max-snippet:-1","max-image-preview":"max-image-preview:large","max-video-preview":"max-video-preview:-1"},"canonical":"https:\/\/transfereurope.com\/sk\/transfer-z-bratislavskeho-letiska-do-bratislavy\/","og_locale":"sk_SK","og_type":"article","og_title":"Transfer z bratislavsk\u00e9ho letiska do mesta - Transfer Europe","og_description":"Transfer \u201eBratislava Airport-Center\u201c so \u0161of\u00e9rom. Objednajte si transfer z bratislavsk\u00e9ho letiska do centra mesta na Transfer Europe \u2714 Ve\u013ek\u00fd vozov\u00fd park \u2714 Profesion\u00e1lni vodi\u010di \u260e + 421 951 460 615","og_url":"https:\/\/transfereurope.com\/sk\/transfer-z-bratislavskeho-letiska-do-bratislavy\/","og_site_name":"transfereurope","og_image":[{"width":1500,"height":2000,"url":"https:\/\/transfereurope.com\/wp-content\/uploads\/2025\/08\/Europe-Destinations-Transfers-484-2-1.jpg","type":"image\/jpeg"}],"twitter_card":"summary_large_image","twitter_misc":{"Predpokladan\u00fd \u010das \u010d\u00edtania":"4 min\u00faty"},"schema":{"@context":"https:\/\/schema.org","@graph":[{"@type":"WebPage","@id":"https:\/\/transfereurope.com\/sk\/transfer-z-bratislavskeho-letiska-do-bratislavy\/","url":"https:\/\/transfereurope.com\/sk\/transfer-z-bratislavskeho-letiska-do-bratislavy\/","name":"Transfer z bratislavsk\u00e9ho letiska do mesta - Transfer Europe","isPartOf":{"@id":"https:\/\/transfereurope.com\/sk\/#website"},"primaryImageOfPage":{"@id":"https:\/\/transfereurope.com\/sk\/transfer-z-bratislavskeho-letiska-do-bratislavy\/#primaryimage"},"image":{"@id":"https:\/\/transfereurope.com\/sk\/transfer-z-bratislavskeho-letiska-do-bratislavy\/#primaryimage"},"thumbnailUrl":"https:\/\/transfereurope.com\/wp-content\/uploads\/2025\/08\/Europe-Destinations-Transfers-484-2-1.jpg","datePublished":"2025-08-05T15:44:31+00:00","description":"Transfer \u201eBratislava Airport-Center\u201c so \u0161of\u00e9rom. Objednajte si transfer z bratislavsk\u00e9ho letiska do centra mesta na Transfer Europe \u2714 Ve\u013ek\u00fd vozov\u00fd park \u2714 Profesion\u00e1lni vodi\u010di \u260e + 421 951 460 615","breadcrumb":{"@id":"https:\/\/transfereurope.com\/sk\/transfer-z-bratislavskeho-letiska-do-bratislavy\/#breadcrumb"},"inLanguage":"sk-SK","potentialAction":[{"@type":"ReadAction","target":["https:\/\/transfereurope.com\/sk\/transfer-z-bratislavskeho-letiska-do-bratislavy\/"]}]},{"@type":"ImageObject","inLanguage":"sk-SK","@id":"https:\/\/transfereurope.com\/sk\/transfer-z-bratislavskeho-letiska-do-bratislavy\/#primaryimage","url":"https:\/\/transfereurope.com\/wp-content\/uploads\/2025\/08\/Europe-Destinations-Transfers-484-2-1.jpg","contentUrl":"https:\/\/transfereurope.com\/wp-content\/uploads\/2025\/08\/Europe-Destinations-Transfers-484-2-1.jpg","width":1500,"height":2000},{"@type":"BreadcrumbList","@id":"https:\/\/transfereurope.com\/sk\/transfer-z-bratislavskeho-letiska-do-bratislavy\/#breadcrumb","itemListElement":[{"@type":"ListItem","position":1,"name":"Home","item":"https:\/\/transfereurope.com\/sk\/"},{"@type":"ListItem","position":2,"name":"Transfer z bratislavsk\u00e9ho letiska do Bratislavy"}]},{"@type":"WebSite","@id":"https:\/\/transfereurope.com\/sk\/#website","url":"https:\/\/transfereurope.com\/sk\/","name":"transfereurope","description":"","publisher":{"@id":"https:\/\/transfereurope.com\/sk\/#organization"},"potentialAction":[{"@type":"SearchAction","target":{"@type":"EntryPoint","urlTemplate":"https:\/\/transfereurope.com\/sk\/?s={search_term_string}"},"query-input":{"@type":"PropertyValueSpecification","valueRequired":true,"valueName":"search_term_string"}}],"inLanguage":"sk-SK"},{"@type":"Organization","@id":"https:\/\/transfereurope.com\/sk\/#organization","name":"transfereurope","url":"https:\/\/transfereurope.com\/sk\/","logo":{"@type":"ImageObject","inLanguage":"sk-SK","@id":"https:\/\/transfereurope.com\/sk\/#\/schema\/logo\/image\/","url":"https:\/\/transfereurope.com\/wp-content\/uploads\/2025\/08\/TRANSFERS-1655.png","contentUrl":"https:\/\/transfereurope.com\/wp-content\/uploads\/2025\/08\/TRANSFERS-1655.png","width":500,"height":274,"caption":"transfereurope"},"image":{"@id":"https:\/\/transfereurope.com\/sk\/#\/schema\/logo\/image\/"}}]}},"_links":{"self":[{"href":"https:\/\/transfereurope.com\/sk\/wp-json\/wp\/v2\/pages\/70034","targetHints":{"allow":["GET"]}}],"collection":[{"href":"https:\/\/transfereurope.com\/sk\/wp-json\/wp\/v2\/pages"}],"about":[{"href":"https:\/\/transfereurope.com\/sk\/wp-json\/wp\/v2\/types\/page"}],"author":[{"embeddable":true,"href":"https:\/\/transfereurope.com\/sk\/wp-json\/wp\/v2\/users\/1"}],"replies":[{"embeddable":true,"href":"https:\/\/transfereurope.com\/sk\/wp-json\/wp\/v2\/comments?post=70034"}],"version-history":[{"count":0,"href":"https:\/\/transfereurope.com\/sk\/wp-json\/wp\/v2\/pages\/70034\/revisions"}],"wp:featuredmedia":[{"embeddable":true,"href":"https:\/\/transfereurope.com\/sk\/wp-json\/wp\/v2\/media\/70035"}],"wp:attachment":[{"href":"https:\/\/transfereurope.com\/sk\/wp-json\/wp\/v2\/media?parent=70034"}],"curies":[{"name":"wp","href":"https:\/\/api.w.org\/{rel}","templated":true}]}}