{"id":69929,"date":"2025-08-05T15:43:11","date_gmt":"2025-08-05T15:43:11","guid":{"rendered":"https:\/\/transfereurope.com\/transfer-z-bratislavy-do-zakopane\/"},"modified":"2025-08-05T15:43:11","modified_gmt":"2025-08-05T15:43:11","slug":"transfer-z-bratislavy-do-zakopane","status":"publish","type":"page","link":"https:\/\/transfereurope.com\/sk\/transfer-z-bratislavy-do-zakopane\/","title":{"rendered":"Transfer z Bratislavy do Zakopane"},"content":{"rendered":"\n<div id=\"t4-masthead\" class=\"t4-section  t4-masthead\">\n<div class=\"t4-col text-center\">\n<div class=\"ja-masthead\" >\n<div class=\"ja-masthead-detail\">\n<h1 class=\"ja-masthead-title\">Transfer z Bratislavy do Zakopane<\/h1>\n<p>                 <!---->            <\/p>\n<div class=\"block-breadcrumb\">                       <\/div>\n<\/p><\/div>\n<\/p><\/div>\n<pre><\/pre>\n<\/div>\n<\/div>\n<div id=\"t4-main-body\" class=\"t4-section  t4-main-body\" role=\"main body\">\n<div class=\"t4-section-inner container\">\n<div class=\"t4-row row\">\n<div class=\"t4-col col-12 col-xl\">\n<div id=\"system-message-container\"> \t<\/div>\n<p>       <script type=\"text\/javascript\" ><\/script> <\/p>\n<div class=\"com-content-article item-page view-tour-detail\">\n<div class=\"tour-top-info clearfix\">\n<div class=\"pull-left\">\n<div class=\"category-article-dot\">\n<div class=\"category-name\"> \t\t\t\t\t<a href=\"\/sk\/destinacie\/bratislava\" itemprop=\"genre\">Bratislava Osobn\u00e1 preprava<\/a> \t\t\t\t<\/div>\n<\/p><\/div>\n<\/p><\/div>\n<div class=\"pull-right\">\n<div class=\"text-danger tour-price\"> \t\t\t\t\t\t<a href=\"\/sk\/rezervovat-transfer\">Rezervova\u0165<\/a><\/div>\n<\/p><\/div>\n<\/p><\/div>\n<p>  \t <!--\t-->  \t<\/p>\n<div class=\"vm-product-container\">\n<figure class=\"pull-left item-image\">\n<div class=\"main-image\"> \t\t<a title=\"Bratislava to Zakopane Transfer Service\" rel='vm-additional-images' href=\"\/images\/virtuemart\/product\/Europe Destinations Transfers (3)89.jpg\"><img decoding=\"async\"  loading=\"lazy\"  src=\"\/wp-content\/uploads\/2025\/08\/Europe-Destinations-Transfers-389-7.jpg\"  alt=\"Bratislava to Zakopane Transfer Service\"  \/><\/a>\t\t<\/p>\n<div class=\"clear\"><\/div>\n<\/p><\/div>\n<\/figure>\n<div class=\"vm-product-details-container\">\n<div class=\"spacer-buy-area\">    \t\t \t\t<\/div>\n<\/p><\/div>\n<div class=\"clear\"><\/div>\n<\/p><\/div>\n<div class=\"product-description\" >\n<p>Vitajte v na\u0161ej hlavnej slu\u017ebe prepravy z Bratislavy do Zakopane! Ak h\u013ead\u00e1te spo\u013eahliv\u00fd a pohodln\u00fd sp\u00f4sob prepravy medzi t\u00fdmito dvoma malebn\u00fdmi eur\u00f3pskymi mestami, neh\u013eadajte \u010falej. Na\u0161a slu\u017eba pren\u00e1jmu s\u00fakromn\u00fdch vozidiel a prepravy je tu, aby v\u00e1m zabezpe\u010dila hladk\u00fa a pr\u00edjemn\u00fa cestu.<\/p>\n<p>N\u00e1\u0161 t\u00edm profesion\u00e1lnych s\u00fakromn\u00fdch vodi\u010dov je odhodlan\u00fd poskytn\u00fa\u0165 v\u00e1m ten najlep\u0161\u00ed mo\u017en\u00fd z\u00e1\u017eitok z prepravy. \u010ci u\u017e ste turista, ktor\u00fd chce spozna\u0165 bohat\u00fa hist\u00f3riu a kult\u00faru Bratislavy a Zakopane, alebo obchodn\u00fd cestuj\u00faci, ktor\u00e9ho \u010dakaj\u00fa d\u00f4le\u017eit\u00e9 stretnutia, pon\u00fakame v\u00e1m slu\u017eby na \u00farovni, ktor\u00e1 spln\u00ed va\u0161e potreby a pred\u010d\u00ed va\u0161e o\u010dak\u00e1vania.<\/p>\n<p style=\"text-align: center;\"><a class=\"btn btn-primary\" href=\"\/sk\/rezervovat-transfer\">Rezervova\u0165<\/a><\/p>\n<h2 style=\"text-align: center;\"><strong>Pre\u010do si vybra\u0165 na\u0161u slu\u017ebu transferu z Bratislavy do Zakopane?<\/strong><\/h2>\n<ul>\n<li><strong>Pren\u00e1jom s\u00fakromn\u00e9ho vozidla:<\/strong>\u00a0Pon\u00fakame flotilu dobre udr\u017eiavan\u00fdch, pohodln\u00fdch a modern\u00fdch vozidiel, ktor\u00e9 vyhovuj\u00fa va\u0161im cestovn\u00fdm preferenci\u00e1m, od \u0161tandardn\u00fdch sedanov a\u017e po priestrann\u00e9 SUV.<\/li>\n<li><strong>Sk\u00fasen\u00ed vodi\u010di:<\/strong>\u00a0Na\u0161i sk\u00fasen\u00ed s\u00fakromn\u00ed vodi\u010di maj\u00fa rozsiahle znalosti regi\u00f3nu, v\u010faka \u010domu sa do cie\u013ea dostanete bezpe\u010dne a na\u010das.<\/li>\n<li><strong>Slu\u017eby od dver\u00ed k dver\u00e1m:<\/strong>\u00a0Poskytujeme pohodln\u00fa prepravu od dver\u00ed k dver\u00e1m, v\u010faka \u010domu sa nemus\u00edte ob\u0165a\u017eova\u0165 s verejnou dopravou alebo stresom z jazdy v nezn\u00e1mom ter\u00e9ne.<\/li>\n<li><strong>Cestovanie na mieru:<\/strong>\u00a0Na\u0161e slu\u017eby sa daj\u00fa prisp\u00f4sobi\u0165 va\u0161im \u0161pecifick\u00fdm potreb\u00e1m, \u010di u\u017e cestujete na dovolenku alebo pracovne. Na po\u017eiadanie dok\u00e1\u017eeme vyhovie\u0165 \u0161peci\u00e1lnym po\u017eiadavk\u00e1m a poskytn\u00fa\u0165 \u010fal\u0161ie slu\u017eby.<\/li>\n<li><strong>Cenovo dostupn\u00e9 a transparentn\u00e9 ceny:<\/strong>\u00a0Pon\u00fakame konkurencieschopn\u00e9 a transparentn\u00e9 ceny bez skryt\u00fdch poplatkov. N\u00e1klady budete pozna\u0165 vopred, tak\u017ee si pod\u013ea nich m\u00f4\u017eete napl\u00e1nova\u0165 rozpo\u010det na cestu.<\/li>\n<li><strong>Presnos\u0165:<\/strong>\u00a0Sme hrd\u00ed na n\u00e1\u0161 z\u00e1v\u00e4zok dochv\u00ed\u013enosti. Ch\u00e1peme, \u017ee je d\u00f4le\u017eit\u00e9, aby ste sa do cie\u013ea dostali v\u017edy na\u010das.<\/li>\n<\/ul>\n<p style=\"text-align: center;\"><img decoding=\"async\" title=\"Bratislava to Ljubljana Transfer Service\" src=\"\/wp-content\/uploads\/2025\/08\/bratislava-to-ljubljana-transfer-service-4.jpg\" alt=\"Bratislava to Ljubljana Transfer Service\" \/>\u00a0<\/p>\n<h2 style=\"text-align: center;\"><strong>Rezerv\u00e1cia transferu z Bratislavy do Zakopane<\/strong><\/h2>\n<p>Ak si u n\u00e1s zarezervujete transfer z Bratislavy do Zakopane, zaist\u00edte si cestu bez stresu a z\u00e1bavy. Pohodlne sa usa\u010fte, odd\u00fdchnite si a nechajte prepravu na n\u00e1s, zatia\u013e \u010do vy sa s\u00fastre\u010fte na to, aby ste zo svojej cesty vy\u0165a\u017eili maximum. Za\u017eite pohodlie a komfort na\u0161ej s\u00fakromnej po\u017ei\u010dovne \u00e1ut a prepravnej slu\u017eby e\u0161te dnes.<\/p>\n<p style=\"text-align: center;\"><a class=\"btn btn-primary\" href=\"\/sk\/rezervovat-transfer\">Rezervova\u0165<\/a><\/p>\n<h2 style=\"text-align: center;\"><strong>Ako sa dosta\u0165 z Bratislavy do Zakopane<\/strong><\/h2>\n<p>Traveling from Bratislava to Zakopane provides an opportunity to explore the diverse landscapes and cultural heritage of Central Europe. Consider the following options when planning your journey between these two charming cities:<\/p>\n<h3><strong>Automobilom<\/strong><\/h3>\n<p>Najflexibilnej\u0161\u00ed sp\u00f4sob cestovania z Bratislavy do Zakopan\u00e9ho je autom. Na vzdialenos\u0165 pribli\u017ene 340 kilometrov trv\u00e1 cesta pribli\u017ene 3,5 a\u017e 4 hodiny v z\u00e1vislosti od dopravn\u00fdch podmienok. Vyberte sa vhodnou trasou, ktor\u00e1 v\u00e1m umo\u017en\u00ed slobodne sa zastavi\u0165 a presk\u00fama\u0165 mest\u00e1 a atrakcie na ceste.<\/p>\n<h3><strong>Vlakom<\/strong><\/h3>\n<p>Rozhodnite sa pre sc\u00e9nick\u00fa cestu vlakom z Bratislavy do Zakopan\u00e9ho. Vlaky prem\u00e1vaj\u00fa pravidelne a jazda trv\u00e1 pribli\u017ene 6-7 hod\u00edn s prestupom. Skontrolujte si cestovn\u00e9 poriadky vlakov a rezervujte si l\u00edstky vopred.<\/p>\n<p><img decoding=\"async\" title=\"Bratislava to Ljubljana\" src=\"\/wp-content\/uploads\/2025\/08\/bratislava-to-ljubljana-4.jpg\" alt=\"Bratislava to Ljubljana\" \/><\/p>\n<h3><strong>Autobusom<\/strong><\/h3>\n<p>Pohodlnou mo\u017enos\u0165ou s\u00fa autobusy, na ktor\u00fdch prem\u00e1vaj\u00fa r\u00f4zne spolo\u010dnosti, ktor\u00e9 poskytuj\u00fa priame aj nepriame slu\u017eby. \u010cas cesty autobusom je podobn\u00fd ako pri vlaku, trv\u00e1 pribli\u017ene 6-7 hod\u00edn. Nezabudnite si skontrolova\u0165 cestovn\u00fd poriadok autobusov a rezervova\u0165 si l\u00edstky vopred.<\/p>\n<h3><strong>Letecky<\/strong><\/h3>\n<p>Pre najr\u00fdchlej\u0161iu mo\u017enos\u0165 zv\u00e1\u017ete let z Bratislavy do Zakopan\u00e9ho. Aj ke\u010f nemusia existova\u0165 priame lety, m\u00f4\u017eete si rezervova\u0165 let s medziprist\u00e1t\u00edm v inom eur\u00f3pskom meste, \u010d\u00edm sa celkov\u00fd \u010das cesty skr\u00e1ti na pribli\u017ene 3-4 hodiny.<\/p>\n<h3><strong>Organizovan\u00e9 v\u00fdlety<\/strong><\/h3>\n<p>Rozhodnite sa pre bezprobl\u00e9mov\u00e9 z\u00e1\u017eitky s organizovan\u00fdmi z\u00e1jazdmi alebo s\u00fakromn\u00fdmi dopravn\u00fdmi slu\u017ebami, ktor\u00e9 pon\u00fakaj\u00fa transfery z domu do domu medzi Bratislavou a Zakopan\u00fdm. T\u00e1to mo\u017enos\u0165 poskytuje pohodlie a komfort, v\u010faka \u010domu si m\u00f4\u017eete u\u017ei\u0165 cestu bez ob\u00e1v o logistiku.<\/p>\n<p style=\"text-align: center;\"><a class=\"btn btn-primary\" href=\"\/sk\/rezervovat-transfer\">Rezervova\u0165<\/a><\/p>\n<p style=\"text-align: left;\">Bez oh\u013eadu na vami zvolen\u00fd sp\u00f4sob dopravy, cesta z Bratislavy do Zakopan\u00e9ho pon\u00faka \u0161ancu spozna\u0165 kr\u00e1sy a kult\u00faru Slovenska aj Po\u013eska. Napl\u00e1nujte si cestu na z\u00e1klade va\u0161ich preferenci\u00ed r\u00fdchlosti, pohodlia a flexibility a vychutnajte si z\u00e1\u017eitky medzi t\u00fdmito dvoma podmaniv\u00fdmi eur\u00f3pskymi destin\u00e1ciami.<\/p>\n<\/p><\/div>\n<div class=\"product-price-container\">\n<div class=\"sale-price\"> \t\t<\/div>\n<\/p><\/div>\n<div class=\"options\"><\/div>\n<div> \t\t<\/div>\n<p>   \t  <script type=\"text\/javascript\" ><\/script>  <script type=\"text\/javascript\" ><\/script>  <script type=\"text\/javascript\" ><\/script> <script type=\"text\/javascript\" ><\/script> <script type=\"text\/javascript\" ><\/script> <script type=\"text\/javascript\" ><\/script> <\/div>\n<p> \t\t<!-- \u041f\u043b\u0430\u0433\u0438\u043d \u0440\u0435\u0439\u0442\u0438\u043d\u0433\u0430 --> <\/p>\n<div class=\"vrvote-body\">\n<ul class=\"vrvote-ul\">\n<li id=\"rating_165\" class=\"current-rating\" style=\"width:97.50%;\"><\/li>\n<li> \t\t\t\t\t\t<a class=\"vr-one-star\" onclick=\"javascript:JSVRvote(165,1,39,8,0)\" href=\"javascript:void(null)\">1<\/a> \t\t\t\t\t<\/li>\n<li> \t\t\t\t\t\t<a class=\"vr-two-stars\" onclick=\"javascript:JSVRvote(165,2,39,8,0)\" href=\"javascript:void(null)\">2<\/a> \t\t\t\t\t<\/li>\n<li> \t\t\t\t\t\t<a class=\"vr-three-stars\" onclick=\"javascript:JSVRvote(165,3,39,8,0)\" href=\"javascript:void(null)\">3<\/a> \t\t\t\t\t<\/li>\n<li> \t\t\t\t\t\t<a class=\"vr-four-stars\" onclick=\"javascript:JSVRvote(165,4,39,8,0)\" href=\"javascript:void(null)\">4<\/a> \t\t\t\t\t<\/li>\n<li> \t\t\t\t\t\t<a class=\"vr-five-stars\" onclick=\"javascript:JSVRvote(165,5,39,8,0)\" href=\"javascript:void(null)\">5<\/a> \t\t\t\t\t<\/li>\n<\/ul><\/div>\n<p> \t\t\t<span id=\"vrvote_165\" class=\"vrvote-count\"><small><\/small><\/span>\t<\/span><script type=\"application\/ld+json\"><\/script>   <\/div>\n<div class=\"t4-col sidebar-r col-12 col-xl-4\">\n<div class=\"t4-module module\" id=\"Mod306\">\n<div class=\"module-inner\">\n<div class=\"module-ct\">\n<div class=\"bannergroup\">\n<div class=\"banneritem\"> \t\t\t\t\t\t\t\t\t\t\t\t\t\t\t\t\t\t\t\t\t\t\t\t\t\t\t\t\t\t\t\t\t\t\t\t\t\t\t\t\t\t\t\t\t\t\t\t\t\t<img \t\t\t\t\t\tsrc=\"\/wp-content\/uploads\/2025\/08\/banner-transfer-europe-sk-386.png\" \t\t\t\t\t\talt=\"Banner-sk\" \t\t\t\t\t\t\t\t\t\t\t\t\t\t\t\t\t\/> \t\t\t\t\t\t\t\t\t\t\t<\/p>\n<div class=\"clr\"><\/div>\n<\/p><\/div>\n<\/p><\/div>\n<\/p><\/div>\n<\/div>\n<\/div><\/div>\n<\/p><\/div>\n<\/div><\/div>\n<div id=\"t4-section-8\" class=\"t4-section  t4-section-8  section-border-top\" role=\"section-8\">\n<div class=\"bg-overlay bg-overlay-image\">&nbsp;<\/div>\n<\/p><\/div>\n<p>  <a href='javascript:' id='back-to-top'><i class='fa fa-chevron-up'><\/i><\/a>                <\/p>\n","protected":false},"excerpt":{"rendered":"<p>Transfer z Bratislavy do Zakopane Bratislava Osobn\u00e1 preprava Rezervova\u0165 Vitajte v na\u0161ej hlavnej slu\u017ebe prepravy z Bratislavy do Zakopane! Ak h\u013ead\u00e1te spo\u013eahliv\u00fd a pohodln\u00fd sp\u00f4sob prepravy medzi t\u00fdmito dvoma malebn\u00fdmi eur\u00f3pskymi mestami, neh\u013eadajte \u010falej. Na\u0161a slu\u017eba pren\u00e1jmu s\u00fakromn\u00fdch vozidiel a prepravy je tu, aby v\u00e1m zabezpe\u010dila hladk\u00fa a pr\u00edjemn\u00fa cestu. N\u00e1\u0161 t\u00edm profesion\u00e1lnych s\u00fakromn\u00fdch vodi\u010dov [&hellip;]<\/p>\n","protected":false},"author":1,"featured_media":69930,"parent":0,"menu_order":0,"comment_status":"closed","ping_status":"closed","template":"","meta":{"footnotes":""},"class_list":["post-69929","page","type-page","status-publish","has-post-thumbnail","hentry"],"yoast_head":"<!-- This site is optimized with the Yoast SEO plugin v25.6 - https:\/\/yoast.com\/wordpress\/plugins\/seo\/ -->\n<title>Transfer Bratislava \u2194 Zakopane | Kyvadlov\u00e1 doprava Bratislava \u2014 Transfer Europe<\/title>\n<meta name=\"description\" content=\"Kyvadlov\u00e1 doprava Bratislava do Zakopane cez vzdialenos\u0165 328 km za 4,5 hod\u00edn. Transfer cez Bratislavu - Zakopane minivanom, VIP, pr\u00e9miov\u00fdm vozidlom na Transfer Europe \u2714Ve\u013ek\u00fd vozov\u00fd park \u2714VIP taxi \u2714Bezpe\u010dn\u00e1 platba.\" \/>\n<meta name=\"robots\" content=\"index, follow, max-snippet:-1, max-image-preview:large, max-video-preview:-1\" \/>\n<link rel=\"canonical\" href=\"https:\/\/transfereurope.com\/sk\/transfer-z-bratislavy-do-zakopane\/\" \/>\n<meta property=\"og:locale\" content=\"sk_SK\" \/>\n<meta property=\"og:type\" content=\"article\" \/>\n<meta property=\"og:title\" content=\"Transfer Bratislava \u2194 Zakopane | Kyvadlov\u00e1 doprava Bratislava \u2014 Transfer Europe\" \/>\n<meta property=\"og:description\" content=\"Kyvadlov\u00e1 doprava Bratislava do Zakopane cez vzdialenos\u0165 328 km za 4,5 hod\u00edn. Transfer cez Bratislavu - Zakopane minivanom, VIP, pr\u00e9miov\u00fdm vozidlom na Transfer Europe \u2714Ve\u013ek\u00fd vozov\u00fd park \u2714VIP taxi \u2714Bezpe\u010dn\u00e1 platba.\" \/>\n<meta property=\"og:url\" content=\"https:\/\/transfereurope.com\/sk\/transfer-z-bratislavy-do-zakopane\/\" \/>\n<meta property=\"og:site_name\" content=\"transfereurope\" \/>\n<meta property=\"og:image\" content=\"https:\/\/transfereurope.com\/wp-content\/uploads\/2025\/08\/Europe-Destinations-Transfers-389-7-1.jpg\" \/>\n\t<meta property=\"og:image:width\" content=\"1500\" \/>\n\t<meta property=\"og:image:height\" content=\"2000\" \/>\n\t<meta property=\"og:image:type\" content=\"image\/jpeg\" \/>\n<meta name=\"twitter:card\" content=\"summary_large_image\" \/>\n<meta name=\"twitter:label1\" content=\"Predpokladan\u00fd \u010das \u010d\u00edtania\" \/>\n\t<meta name=\"twitter:data1\" content=\"4 min\u00faty\" \/>\n<script type=\"application\/ld+json\" class=\"yoast-schema-graph\">{\"@context\":\"https:\/\/schema.org\",\"@graph\":[{\"@type\":\"WebPage\",\"@id\":\"https:\/\/transfereurope.com\/sk\/transfer-z-bratislavy-do-zakopane\/\",\"url\":\"https:\/\/transfereurope.com\/sk\/transfer-z-bratislavy-do-zakopane\/\",\"name\":\"Transfer Bratislava \u2194 Zakopane | Kyvadlov\u00e1 doprava Bratislava \u2014 Transfer Europe\",\"isPartOf\":{\"@id\":\"https:\/\/transfereurope.com\/sk\/#website\"},\"primaryImageOfPage\":{\"@id\":\"https:\/\/transfereurope.com\/sk\/transfer-z-bratislavy-do-zakopane\/#primaryimage\"},\"image\":{\"@id\":\"https:\/\/transfereurope.com\/sk\/transfer-z-bratislavy-do-zakopane\/#primaryimage\"},\"thumbnailUrl\":\"https:\/\/transfereurope.com\/wp-content\/uploads\/2025\/08\/Europe-Destinations-Transfers-389-7-1.jpg\",\"datePublished\":\"2025-08-05T15:43:11+00:00\",\"description\":\"Kyvadlov\u00e1 doprava Bratislava do Zakopane cez vzdialenos\u0165 328 km za 4,5 hod\u00edn. Transfer cez Bratislavu - Zakopane minivanom, VIP, pr\u00e9miov\u00fdm vozidlom na Transfer Europe \u2714Ve\u013ek\u00fd vozov\u00fd park \u2714VIP taxi \u2714Bezpe\u010dn\u00e1 platba.\",\"breadcrumb\":{\"@id\":\"https:\/\/transfereurope.com\/sk\/transfer-z-bratislavy-do-zakopane\/#breadcrumb\"},\"inLanguage\":\"sk-SK\",\"potentialAction\":[{\"@type\":\"ReadAction\",\"target\":[\"https:\/\/transfereurope.com\/sk\/transfer-z-bratislavy-do-zakopane\/\"]}]},{\"@type\":\"ImageObject\",\"inLanguage\":\"sk-SK\",\"@id\":\"https:\/\/transfereurope.com\/sk\/transfer-z-bratislavy-do-zakopane\/#primaryimage\",\"url\":\"https:\/\/transfereurope.com\/wp-content\/uploads\/2025\/08\/Europe-Destinations-Transfers-389-7-1.jpg\",\"contentUrl\":\"https:\/\/transfereurope.com\/wp-content\/uploads\/2025\/08\/Europe-Destinations-Transfers-389-7-1.jpg\",\"width\":1500,\"height\":2000},{\"@type\":\"BreadcrumbList\",\"@id\":\"https:\/\/transfereurope.com\/sk\/transfer-z-bratislavy-do-zakopane\/#breadcrumb\",\"itemListElement\":[{\"@type\":\"ListItem\",\"position\":1,\"name\":\"Home\",\"item\":\"https:\/\/transfereurope.com\/sk\/\"},{\"@type\":\"ListItem\",\"position\":2,\"name\":\"Transfer z Bratislavy do Zakopane\"}]},{\"@type\":\"WebSite\",\"@id\":\"https:\/\/transfereurope.com\/sk\/#website\",\"url\":\"https:\/\/transfereurope.com\/sk\/\",\"name\":\"transfereurope\",\"description\":\"\",\"publisher\":{\"@id\":\"https:\/\/transfereurope.com\/sk\/#organization\"},\"potentialAction\":[{\"@type\":\"SearchAction\",\"target\":{\"@type\":\"EntryPoint\",\"urlTemplate\":\"https:\/\/transfereurope.com\/sk\/?s={search_term_string}\"},\"query-input\":{\"@type\":\"PropertyValueSpecification\",\"valueRequired\":true,\"valueName\":\"search_term_string\"}}],\"inLanguage\":\"sk-SK\"},{\"@type\":\"Organization\",\"@id\":\"https:\/\/transfereurope.com\/sk\/#organization\",\"name\":\"transfereurope\",\"url\":\"https:\/\/transfereurope.com\/sk\/\",\"logo\":{\"@type\":\"ImageObject\",\"inLanguage\":\"sk-SK\",\"@id\":\"https:\/\/transfereurope.com\/sk\/#\/schema\/logo\/image\/\",\"url\":\"https:\/\/transfereurope.com\/wp-content\/uploads\/2025\/08\/TRANSFERS-1655.png\",\"contentUrl\":\"https:\/\/transfereurope.com\/wp-content\/uploads\/2025\/08\/TRANSFERS-1655.png\",\"width\":500,\"height\":274,\"caption\":\"transfereurope\"},\"image\":{\"@id\":\"https:\/\/transfereurope.com\/sk\/#\/schema\/logo\/image\/\"}}]}<\/script>\n<!-- \/ Yoast SEO plugin. -->","yoast_head_json":{"title":"Transfer Bratislava \u2194 Zakopane | Kyvadlov\u00e1 doprava Bratislava \u2014 Transfer Europe","description":"Kyvadlov\u00e1 doprava Bratislava do Zakopane cez vzdialenos\u0165 328 km za 4,5 hod\u00edn. Transfer cez Bratislavu - Zakopane minivanom, VIP, pr\u00e9miov\u00fdm vozidlom na Transfer Europe \u2714Ve\u013ek\u00fd vozov\u00fd park \u2714VIP taxi \u2714Bezpe\u010dn\u00e1 platba.","robots":{"index":"index","follow":"follow","max-snippet":"max-snippet:-1","max-image-preview":"max-image-preview:large","max-video-preview":"max-video-preview:-1"},"canonical":"https:\/\/transfereurope.com\/sk\/transfer-z-bratislavy-do-zakopane\/","og_locale":"sk_SK","og_type":"article","og_title":"Transfer Bratislava \u2194 Zakopane | Kyvadlov\u00e1 doprava Bratislava \u2014 Transfer Europe","og_description":"Kyvadlov\u00e1 doprava Bratislava do Zakopane cez vzdialenos\u0165 328 km za 4,5 hod\u00edn. Transfer cez Bratislavu - Zakopane minivanom, VIP, pr\u00e9miov\u00fdm vozidlom na Transfer Europe \u2714Ve\u013ek\u00fd vozov\u00fd park \u2714VIP taxi \u2714Bezpe\u010dn\u00e1 platba.","og_url":"https:\/\/transfereurope.com\/sk\/transfer-z-bratislavy-do-zakopane\/","og_site_name":"transfereurope","og_image":[{"width":1500,"height":2000,"url":"https:\/\/transfereurope.com\/wp-content\/uploads\/2025\/08\/Europe-Destinations-Transfers-389-7-1.jpg","type":"image\/jpeg"}],"twitter_card":"summary_large_image","twitter_misc":{"Predpokladan\u00fd \u010das \u010d\u00edtania":"4 min\u00faty"},"schema":{"@context":"https:\/\/schema.org","@graph":[{"@type":"WebPage","@id":"https:\/\/transfereurope.com\/sk\/transfer-z-bratislavy-do-zakopane\/","url":"https:\/\/transfereurope.com\/sk\/transfer-z-bratislavy-do-zakopane\/","name":"Transfer Bratislava \u2194 Zakopane | Kyvadlov\u00e1 doprava Bratislava \u2014 Transfer Europe","isPartOf":{"@id":"https:\/\/transfereurope.com\/sk\/#website"},"primaryImageOfPage":{"@id":"https:\/\/transfereurope.com\/sk\/transfer-z-bratislavy-do-zakopane\/#primaryimage"},"image":{"@id":"https:\/\/transfereurope.com\/sk\/transfer-z-bratislavy-do-zakopane\/#primaryimage"},"thumbnailUrl":"https:\/\/transfereurope.com\/wp-content\/uploads\/2025\/08\/Europe-Destinations-Transfers-389-7-1.jpg","datePublished":"2025-08-05T15:43:11+00:00","description":"Kyvadlov\u00e1 doprava Bratislava do Zakopane cez vzdialenos\u0165 328 km za 4,5 hod\u00edn. Transfer cez Bratislavu - Zakopane minivanom, VIP, pr\u00e9miov\u00fdm vozidlom na Transfer Europe \u2714Ve\u013ek\u00fd vozov\u00fd park \u2714VIP taxi \u2714Bezpe\u010dn\u00e1 platba.","breadcrumb":{"@id":"https:\/\/transfereurope.com\/sk\/transfer-z-bratislavy-do-zakopane\/#breadcrumb"},"inLanguage":"sk-SK","potentialAction":[{"@type":"ReadAction","target":["https:\/\/transfereurope.com\/sk\/transfer-z-bratislavy-do-zakopane\/"]}]},{"@type":"ImageObject","inLanguage":"sk-SK","@id":"https:\/\/transfereurope.com\/sk\/transfer-z-bratislavy-do-zakopane\/#primaryimage","url":"https:\/\/transfereurope.com\/wp-content\/uploads\/2025\/08\/Europe-Destinations-Transfers-389-7-1.jpg","contentUrl":"https:\/\/transfereurope.com\/wp-content\/uploads\/2025\/08\/Europe-Destinations-Transfers-389-7-1.jpg","width":1500,"height":2000},{"@type":"BreadcrumbList","@id":"https:\/\/transfereurope.com\/sk\/transfer-z-bratislavy-do-zakopane\/#breadcrumb","itemListElement":[{"@type":"ListItem","position":1,"name":"Home","item":"https:\/\/transfereurope.com\/sk\/"},{"@type":"ListItem","position":2,"name":"Transfer z Bratislavy do Zakopane"}]},{"@type":"WebSite","@id":"https:\/\/transfereurope.com\/sk\/#website","url":"https:\/\/transfereurope.com\/sk\/","name":"transfereurope","description":"","publisher":{"@id":"https:\/\/transfereurope.com\/sk\/#organization"},"potentialAction":[{"@type":"SearchAction","target":{"@type":"EntryPoint","urlTemplate":"https:\/\/transfereurope.com\/sk\/?s={search_term_string}"},"query-input":{"@type":"PropertyValueSpecification","valueRequired":true,"valueName":"search_term_string"}}],"inLanguage":"sk-SK"},{"@type":"Organization","@id":"https:\/\/transfereurope.com\/sk\/#organization","name":"transfereurope","url":"https:\/\/transfereurope.com\/sk\/","logo":{"@type":"ImageObject","inLanguage":"sk-SK","@id":"https:\/\/transfereurope.com\/sk\/#\/schema\/logo\/image\/","url":"https:\/\/transfereurope.com\/wp-content\/uploads\/2025\/08\/TRANSFERS-1655.png","contentUrl":"https:\/\/transfereurope.com\/wp-content\/uploads\/2025\/08\/TRANSFERS-1655.png","width":500,"height":274,"caption":"transfereurope"},"image":{"@id":"https:\/\/transfereurope.com\/sk\/#\/schema\/logo\/image\/"}}]}},"_links":{"self":[{"href":"https:\/\/transfereurope.com\/sk\/wp-json\/wp\/v2\/pages\/69929","targetHints":{"allow":["GET"]}}],"collection":[{"href":"https:\/\/transfereurope.com\/sk\/wp-json\/wp\/v2\/pages"}],"about":[{"href":"https:\/\/transfereurope.com\/sk\/wp-json\/wp\/v2\/types\/page"}],"author":[{"embeddable":true,"href":"https:\/\/transfereurope.com\/sk\/wp-json\/wp\/v2\/users\/1"}],"replies":[{"embeddable":true,"href":"https:\/\/transfereurope.com\/sk\/wp-json\/wp\/v2\/comments?post=69929"}],"version-history":[{"count":0,"href":"https:\/\/transfereurope.com\/sk\/wp-json\/wp\/v2\/pages\/69929\/revisions"}],"wp:featuredmedia":[{"embeddable":true,"href":"https:\/\/transfereurope.com\/sk\/wp-json\/wp\/v2\/media\/69930"}],"wp:attachment":[{"href":"https:\/\/transfereurope.com\/sk\/wp-json\/wp\/v2\/media?parent=69929"}],"curies":[{"name":"wp","href":"https:\/\/api.w.org\/{rel}","templated":true}]}}