{"id":69496,"date":"2025-08-05T15:38:26","date_gmt":"2025-08-05T15:38:26","guid":{"rendered":"https:\/\/transfereurope.com\/transfery-z-rima-do-ravella\/"},"modified":"2025-08-05T15:38:26","modified_gmt":"2025-08-05T15:38:26","slug":"transfery-z-rima-do-ravella","status":"publish","type":"page","link":"https:\/\/transfereurope.com\/sk\/destinacie\/sukromne-transfery-v-taliansku\/transfery-z-rima-do-ravella\/","title":{"rendered":"Transfery z R\u00edma do Ravella"},"content":{"rendered":"\n<div id=\"t4-masthead\" class=\"t4-section  t4-masthead\">\n<div class=\"t4-col text-center\">\n<div class=\"ja-masthead\" >\n<div class=\"ja-masthead-detail\">\n<h1 class=\"ja-masthead-title\">Transfery z R\u00edma do Ravella<\/h1>\n<p>                 <!---->            <\/p>\n<div class=\"block-breadcrumb\">                       <\/div>\n<\/p><\/div>\n<\/p><\/div>\n<pre><\/pre>\n<\/div>\n<\/div>\n<div id=\"t4-main-body\" class=\"t4-section  t4-main-body\" role=\"main body\">\n<div class=\"t4-section-inner container\">\n<div class=\"t4-row row\">\n<div class=\"t4-col col-12 col-xl\">\n<div id=\"system-message-container\"> \t<\/div>\n<div class=\"com-content-article item-page view-tour-detail\">\n<div class=\"tour-top-info clearfix\">\n<div class=\"pull-left\">\n<div class=\"category-article-dot\">\n<div class=\"category-name\"> \t\t\t\t\t<a href=\"\/sk\/destinacie\/sukromne-transfery-v-taliansku\" itemprop=\"genre\">S\u00fakromn\u00e9 \u200b\u200btransfery v Taliansku<\/a> \t\t\t\t<\/div>\n<\/p><\/div>\n<\/p><\/div>\n<div class=\"pull-right\">\n<div class=\"text-danger tour-price\"> \t\t\t\t\t\t<a href=\"\/sk\/rezervovat-transfer\">Rezervova\u0165<\/a><\/div>\n<\/p><\/div>\n<\/p><\/div>\n<p>  \t <!--\t-->  \t<\/p>\n<div class=\"vm-product-container\">\n<figure class=\"pull-left item-image\">\n<div class=\"main-image\"> \t\t<a title=\"Transfers from Rome to Ravello\" rel='vm-additional-images' href=\"\/images\/virtuemart\/product\/Italy Milan Transfers (1)61.jpg\"><img decoding=\"async\"  loading=\"lazy\"  src=\"\/wp-content\/uploads\/2025\/08\/Italy-Milan-Transfers-161-2.jpg\"  alt=\"Transfers from Rome to Ravello\"  \/><\/a>\t\t<\/p>\n<div class=\"clear\"><\/div>\n<\/p><\/div>\n<\/figure>\n<div class=\"vm-product-details-container\">\n<div class=\"spacer-buy-area\">    \t\t \t\t<\/div>\n<\/p><\/div>\n<div class=\"clear\"><\/div>\n<\/p><\/div>\n<div class=\"product-description\" >\n<p style=\"text-align: center;\"><a class=\"btn btn-primary\" href=\"\/sk\/rezervovat-transfer\">Rezervova\u0165<\/a><\/p>\n<h2 style=\"text-align: center;\"><strong>Pr\u00e9miov\u00e9 s\u00fakromn\u00e9 transfery z R\u00edma do Ravella s Transfer Europe<\/strong><\/h2>\n<p>Ravello, malebn\u00e9 meste\u010dko na pobre\u017e\u00ed Amalfi, je zn\u00e1me n\u00e1dhern\u00fdm v\u00fdh\u013eadom na pobre\u017eie, historick\u00fdmi vilami a pokojn\u00fdmi z\u00e1hradami. Cesta do Ravella, ktor\u00e9 sa nach\u00e1dza pribli\u017ene 280 km od R\u00edma, trv\u00e1 zvy\u010dajne pribli\u017ene 3,5 a\u017e 4 hodiny a cestou pon\u00faka malebn\u00e9 v\u00fdh\u013eady na taliansku krajinu a pobre\u017eie. Ak sa rozhodnete pre s\u00fakromn\u00fd transfer, va\u0161a cesta bude nielen pohodln\u00e1, ale aj komfortn\u00e1, tak\u017ee si budete m\u00f4c\u0165 odd\u00fdchnu\u0165 a vychutna\u0165 si cestu.<\/p>\n<p><img decoding=\"async\" style=\"font-size: 12.16px;\" src=\"\/wp-content\/uploads\/2025\/08\/Italy_Private_Taxi_Transfers_3-153.png\" alt=\"\" \/><\/p>\n<h3>Pre\u010do si vybra\u0165 s\u00fakromn\u00fd transfer z R\u00edma do Ravella?<\/h3>\n<p>V\u00fdber s\u00fakromn\u00e9ho transferu z R\u00edma do Ravella s Transfer Europe je z\u00e1rukou bezprobl\u00e9mov\u00e9ho cestovania. Namiesto stresu z verejnej dopravy alebo nepredv\u00eddate\u013enosti tax\u00edkov v\u00e1m na\u0161a slu\u017eba s\u00fakromn\u00e9ho transferu pon\u00faka luxusn\u00fa a spo\u013eahliv\u00fa alternat\u00edvu. Na\u0161i profesion\u00e1lni vodi\u010di v\u00e1s vyzdvihn\u00fa na vami ur\u010denom mieste v R\u00edme a prepravia v\u00e1s priamo do cie\u013ea v Ravello, \u010d\u00edm zabezpe\u010dia hladk\u00fa a pr\u00edjemn\u00fa cestu.<\/p>\n<p style=\"text-align: center;\"><a class=\"btn btn-primary\" href=\"\/sk\/rezervovat-transfer\">Rezervova\u0165<\/a><\/p>\n<p style=\"text-align: left;\">\u00a0<img decoding=\"async\" src=\"\/wp-content\/uploads\/2025\/08\/Italy_Private_Taxi_Transfers_4-158.png\" alt=\"\" \/><\/p>\n<h3>N\u00e1\u0161 v\u00fdnimo\u010dn\u00fd vozov\u00fd park<\/h3>\n<p>V spolo\u010dnosti Transfer Europe sme hrd\u00ed na to, \u017ee m\u00f4\u017eeme pon\u00faknu\u0165 r\u00f4znorod\u00fd vozov\u00fd park, ktor\u00fd je navrhnut\u00fd tak, aby uspokojil v\u0161etky va\u0161e cestovn\u00e9 potreby. \u010ci u\u017e d\u00e1vate prednos\u0165 elegancii VIP \u00e1ut, pohodliu sedanov, v\u0161estrannosti d\u017e\u00edpov alebo priestrannosti minivanov a mikrobusov, m\u00e1me pre v\u00e1s ide\u00e1lne vozidlo. Ka\u017ed\u00e9 vozidlo je starostlivo udr\u017eiavan\u00e9 a vybaven\u00e9 modern\u00fdm vybaven\u00edm, ktor\u00e9 zabezpe\u010d\u00ed va\u0161u bezpe\u010dnos\u0165 a pohodlie po\u010das celej cesty. Pre rodiny pon\u00fakame detsk\u00e9 seda\u010dky, aby sme zaistili bezpe\u010dnos\u0165 na\u0161ich najmen\u0161\u00edch cestuj\u00facich.<\/p>\n<p><img decoding=\"async\" src=\"\/wp-content\/uploads\/2025\/08\/Italy_Private_Taxi_Transfers_2-153.png\" alt=\"\" \/><\/p>\n<h4>Pre\u010do cestova\u0165 s Transfer Europe?<\/h4>\n<ul>\n<li><strong>Cestovn\u00e9 rie\u0161enia na mieru:<\/strong> Na\u0161e slu\u017eby prisp\u00f4sobujeme va\u0161im \u0161pecifick\u00fdm po\u017eiadavk\u00e1m na cestovanie, \u010d\u00edm zabezpe\u010dujeme individu\u00e1lny a pohodln\u00fd z\u00e1\u017eitok.<\/li>\n<li><strong>Profesion\u00e1lni vodi\u010di:<\/strong> Na\u0161i sk\u00fasen\u00ed vodi\u010di poskytuj\u00fa v\u00fdnimo\u010dn\u00e9 slu\u017eby, pon\u00fakaj\u00fa miestne poznatky a zabezpe\u010duj\u00fa bezprobl\u00e9mov\u00fa cestu.<\/li>\n<li><strong>Spo\u013eahlivos\u0165:<\/strong> Sme hrd\u00ed na svoju dochv\u00ed\u013enos\u0165 a spo\u013eahlivos\u0165, sledujeme dopravn\u00e9 podmienky, aby sme pod\u013ea potreby upravili harmonogramy a zabezpe\u010dili v\u010dasn\u00fd pr\u00edchod.<\/li>\n<li><strong>Bezpe\u010dnos\u0165 a pohodlie:<\/strong> Va\u0161a bezpe\u010dnos\u0165 a pohodlie s\u00fa na\u0161imi hlavn\u00fdmi prioritami. Dodr\u017eiavame najvy\u0161\u0161ie \u0161tandardy \u00fadr\u017eby a \u010distoty vozidiel, aby sme zaru\u010dili bezpe\u010dn\u00fd a pr\u00edjemn\u00fd z\u00e1\u017eitok z cestovania.<\/li>\n<\/ul>\n<p style=\"text-align: center;\"><a class=\"btn btn-primary\" href=\"\/sk\/rezervovat-transfer\">Rezervova\u0165<\/a><\/p>\n<p style=\"text-align: left;\"><img decoding=\"async\" src=\"\/wp-content\/uploads\/2025\/08\/Italy_Private_Taxi_Transfers_1-164.png\" alt=\"\" \/><\/p>\n<h4>Rezervujte si s\u00fakromn\u00fd transfer e\u0161te dnes!<\/h4>\n<p>Pl\u00e1nujete cestu z R\u00edma do Ravella? Zabezpe\u010dte si luxusn\u00fa cestu bez stresu a rezervujte si s\u00fakromn\u00fd transfer s Transfer Europe. N\u00e1\u0161 rezerva\u010dn\u00fd proces je jednoduch\u00fd a pohodln\u00fd &#8211; sta\u010d\u00ed vyplni\u0165 formul\u00e1r na na\u0161ej webovej str\u00e1nke, posla\u0165 n\u00e1m e-mail alebo n\u00e1s kontaktova\u0165 cez WhatsApp. \u010ci u\u017e cestujete pracovne, turisticky alebo s rodinou, na\u0161e slu\u017eby s\u00fa navrhnut\u00e9 tak, aby sp\u013a\u0148ali v\u0161etky va\u0161e potreby. <strong>Rezervujte si s\u00fakromn\u00fd transfer e\u0161te dnes a za\u017eite maxim\u00e1lny komfort a pohodlie s Transfer Europe.<\/strong> Viac inform\u00e1ci\u00ed o na\u0161ich <a href=\"\/sk\/destinacie\/sukromne-transfery-v-taliansku\/sukromne-transfery-z-na-letisko-taliansko\">transferoch z letiska v Taliansku<\/a> a \u010fal\u0161\u00edch <a href=\"\/ru\/napravleniya\/chastnye-transfery-v-italii\">s\u00fakromn\u00fdch transferoch do Talianska<\/a> n\u00e1jdete na na\u0161ej webovej str\u00e1nke alebo n\u00e1s kontaktujte priamo. Sme odhodlan\u00ed poskytn\u00fa\u0165 v\u00e1m tie najlep\u0161ie slu\u017eby transferu v Taliansku.<\/p>\n<\/p><\/div>\n<div class=\"product-price-container\">\n<div class=\"sale-price\"> \t\t<\/div>\n<\/p><\/div>\n<div class=\"options\"><\/div>\n<div> \t\t<\/div>\n<p>   \t        <script type=\"text\/javascript\" ><\/script>  <script type=\"text\/javascript\" ><\/script> <script type=\"text\/javascript\" ><\/script>  <script type=\"text\/javascript\" ><\/script> <script type=\"text\/javascript\" ><\/script> <script type=\"text\/javascript\" ><\/script> <script type=\"text\/javascript\" ><\/script> <\/div>\n<p> \t\t<!-- \u041f\u043b\u0430\u0433\u0438\u043d \u0440\u0435\u0439\u0442\u0438\u043d\u0433\u0430 --> <\/p>\n<div class=\"vrvote-body\">\n<ul class=\"vrvote-ul\">\n<li id=\"rating_518\" class=\"current-rating\" style=\"width:100.00%;\"><\/li>\n<li> \t\t\t\t\t\t<a class=\"vr-one-star\" onclick=\"javascript:JSVRvote(518,1,20,4,0)\" href=\"javascript:void(null)\">1<\/a> \t\t\t\t\t<\/li>\n<li> \t\t\t\t\t\t<a class=\"vr-two-stars\" onclick=\"javascript:JSVRvote(518,2,20,4,0)\" href=\"javascript:void(null)\">2<\/a> \t\t\t\t\t<\/li>\n<li> \t\t\t\t\t\t<a class=\"vr-three-stars\" onclick=\"javascript:JSVRvote(518,3,20,4,0)\" href=\"javascript:void(null)\">3<\/a> \t\t\t\t\t<\/li>\n<li> \t\t\t\t\t\t<a class=\"vr-four-stars\" onclick=\"javascript:JSVRvote(518,4,20,4,0)\" href=\"javascript:void(null)\">4<\/a> \t\t\t\t\t<\/li>\n<li> \t\t\t\t\t\t<a class=\"vr-five-stars\" onclick=\"javascript:JSVRvote(518,5,20,4,0)\" href=\"javascript:void(null)\">5<\/a> \t\t\t\t\t<\/li>\n<\/ul><\/div>\n<p> \t\t\t<span id=\"vrvote_518\" class=\"vrvote-count\"><small><\/small><\/span>\t<\/span><script type=\"application\/ld+json\"><\/script>   <\/div>\n<div class=\"t4-col sidebar-r col-12 col-xl-4\">\n<div class=\"t4-module module\" id=\"Mod306\">\n<div class=\"module-inner\">\n<div class=\"module-ct\">\n<div class=\"bannergroup\">\n<div class=\"banneritem\"> \t\t\t\t\t\t\t\t\t\t\t\t\t\t\t\t\t\t\t\t\t\t\t\t\t\t\t\t\t\t\t\t\t\t\t\t\t\t\t\t\t\t\t\t\t\t\t\t\t\t<img \t\t\t\t\t\tsrc=\"\/wp-content\/uploads\/2025\/08\/banner-transfer-europe-sk-382.png\" \t\t\t\t\t\talt=\"Banner-sk\" \t\t\t\t\t\t\t\t\t\t\t\t\t\t\t\t\t\/> \t\t\t\t\t\t\t\t\t\t\t<\/p>\n<div class=\"clr\"><\/div>\n<\/p><\/div>\n<\/p><\/div>\n<\/p><\/div>\n<\/div>\n<\/div><\/div>\n<\/p><\/div>\n<\/div><\/div>\n<div id=\"t4-section-8\" class=\"t4-section  t4-section-8  section-border-top\" role=\"section-8\">\n<div class=\"bg-overlay bg-overlay-image\">&nbsp;<\/div>\n<\/p><\/div>\n<p>  <a href='javascript:' id='back-to-top'><i class='fa fa-chevron-up'><\/i><\/a>                <\/p>\n","protected":false},"excerpt":{"rendered":"<p>Transfery z R\u00edma do Ravella S\u00fakromn\u00e9 \u200b\u200btransfery v Taliansku Rezervova\u0165 Rezervova\u0165 Pr\u00e9miov\u00e9 s\u00fakromn\u00e9 transfery z R\u00edma do Ravella s Transfer Europe Ravello, malebn\u00e9 meste\u010dko na pobre\u017e\u00ed Amalfi, je zn\u00e1me n\u00e1dhern\u00fdm v\u00fdh\u013eadom na pobre\u017eie, historick\u00fdmi vilami a pokojn\u00fdmi z\u00e1hradami. Cesta do Ravella, ktor\u00e9 sa nach\u00e1dza pribli\u017ene 280 km od R\u00edma, trv\u00e1 zvy\u010dajne pribli\u017ene 3,5 a\u017e 4 [&hellip;]<\/p>\n","protected":false},"author":1,"featured_media":69497,"parent":20313,"menu_order":0,"comment_status":"closed","ping_status":"closed","template":"","meta":{"footnotes":""},"class_list":["post-69496","page","type-page","status-publish","has-post-thumbnail","hentry"],"yoast_head":"<!-- This site is optimized with the Yoast SEO plugin v25.6 - https:\/\/yoast.com\/wordpress\/plugins\/seo\/ -->\n<title>Luxusn\u00e9 s\u00fakromn\u00e9 transfery z R\u00edma do Ravella | Transfer Europe<\/title>\n<meta name=\"description\" content=\"Rezervujte si s\u00fakromn\u00fd transfer z R\u00edma do Ravella s Transfer Europe. U\u017eite si luxusn\u00e9 vozidl\u00e1, profesion\u00e1lne slu\u017eby a pohodln\u00fa cestu. Ide\u00e1lne pre podnikate\u013eov, turistov a rodiny \u260e +421940904184.\" \/>\n<meta name=\"robots\" content=\"index, follow, max-snippet:-1, max-image-preview:large, max-video-preview:-1\" \/>\n<link rel=\"canonical\" href=\"https:\/\/transfereurope.com\/sk\/destinacie\/sukromne-transfery-v-taliansku\/transfery-z-rima-do-ravella\/\" \/>\n<meta property=\"og:locale\" content=\"sk_SK\" \/>\n<meta property=\"og:type\" content=\"article\" \/>\n<meta property=\"og:title\" content=\"Luxusn\u00e9 s\u00fakromn\u00e9 transfery z R\u00edma do Ravella | Transfer Europe\" \/>\n<meta property=\"og:description\" content=\"Rezervujte si s\u00fakromn\u00fd transfer z R\u00edma do Ravella s Transfer Europe. U\u017eite si luxusn\u00e9 vozidl\u00e1, profesion\u00e1lne slu\u017eby a pohodln\u00fa cestu. Ide\u00e1lne pre podnikate\u013eov, turistov a rodiny \u260e +421940904184.\" \/>\n<meta property=\"og:url\" content=\"https:\/\/transfereurope.com\/sk\/destinacie\/sukromne-transfery-v-taliansku\/transfery-z-rima-do-ravella\/\" \/>\n<meta property=\"og:site_name\" content=\"transfereurope\" \/>\n<meta property=\"og:image\" content=\"https:\/\/transfereurope.com\/wp-content\/uploads\/2025\/08\/Italy-Milan-Transfers-161-2-1.jpg\" \/>\n\t<meta property=\"og:image:width\" content=\"1500\" \/>\n\t<meta property=\"og:image:height\" content=\"2000\" \/>\n\t<meta property=\"og:image:type\" content=\"image\/jpeg\" \/>\n<meta name=\"twitter:card\" content=\"summary_large_image\" \/>\n<meta name=\"twitter:label1\" content=\"Predpokladan\u00fd \u010das \u010d\u00edtania\" \/>\n\t<meta name=\"twitter:data1\" content=\"3 min\u00faty\" \/>\n<script type=\"application\/ld+json\" class=\"yoast-schema-graph\">{\"@context\":\"https:\/\/schema.org\",\"@graph\":[{\"@type\":\"WebPage\",\"@id\":\"https:\/\/transfereurope.com\/sk\/destinacie\/sukromne-transfery-v-taliansku\/transfery-z-rima-do-ravella\/\",\"url\":\"https:\/\/transfereurope.com\/sk\/destinacie\/sukromne-transfery-v-taliansku\/transfery-z-rima-do-ravella\/\",\"name\":\"Luxusn\u00e9 s\u00fakromn\u00e9 transfery z R\u00edma do Ravella | Transfer Europe\",\"isPartOf\":{\"@id\":\"https:\/\/transfereurope.com\/sk\/#website\"},\"primaryImageOfPage\":{\"@id\":\"https:\/\/transfereurope.com\/sk\/destinacie\/sukromne-transfery-v-taliansku\/transfery-z-rima-do-ravella\/#primaryimage\"},\"image\":{\"@id\":\"https:\/\/transfereurope.com\/sk\/destinacie\/sukromne-transfery-v-taliansku\/transfery-z-rima-do-ravella\/#primaryimage\"},\"thumbnailUrl\":\"https:\/\/transfereurope.com\/wp-content\/uploads\/2025\/08\/Italy-Milan-Transfers-161-2-1.jpg\",\"datePublished\":\"2025-08-05T15:38:26+00:00\",\"description\":\"Rezervujte si s\u00fakromn\u00fd transfer z R\u00edma do Ravella s Transfer Europe. U\u017eite si luxusn\u00e9 vozidl\u00e1, profesion\u00e1lne slu\u017eby a pohodln\u00fa cestu. Ide\u00e1lne pre podnikate\u013eov, turistov a rodiny \u260e +421940904184.\",\"breadcrumb\":{\"@id\":\"https:\/\/transfereurope.com\/sk\/destinacie\/sukromne-transfery-v-taliansku\/transfery-z-rima-do-ravella\/#breadcrumb\"},\"inLanguage\":\"sk-SK\",\"potentialAction\":[{\"@type\":\"ReadAction\",\"target\":[\"https:\/\/transfereurope.com\/sk\/destinacie\/sukromne-transfery-v-taliansku\/transfery-z-rima-do-ravella\/\"]}]},{\"@type\":\"ImageObject\",\"inLanguage\":\"sk-SK\",\"@id\":\"https:\/\/transfereurope.com\/sk\/destinacie\/sukromne-transfery-v-taliansku\/transfery-z-rima-do-ravella\/#primaryimage\",\"url\":\"https:\/\/transfereurope.com\/wp-content\/uploads\/2025\/08\/Italy-Milan-Transfers-161-2-1.jpg\",\"contentUrl\":\"https:\/\/transfereurope.com\/wp-content\/uploads\/2025\/08\/Italy-Milan-Transfers-161-2-1.jpg\",\"width\":1500,\"height\":2000},{\"@type\":\"BreadcrumbList\",\"@id\":\"https:\/\/transfereurope.com\/sk\/destinacie\/sukromne-transfery-v-taliansku\/transfery-z-rima-do-ravella\/#breadcrumb\",\"itemListElement\":[{\"@type\":\"ListItem\",\"position\":1,\"name\":\"Home\",\"item\":\"https:\/\/transfereurope.com\/sk\/\"},{\"@type\":\"ListItem\",\"position\":2,\"name\":\"Transfery z R\u00edma do Ravella\"}]},{\"@type\":\"WebSite\",\"@id\":\"https:\/\/transfereurope.com\/sk\/#website\",\"url\":\"https:\/\/transfereurope.com\/sk\/\",\"name\":\"transfereurope\",\"description\":\"\",\"publisher\":{\"@id\":\"https:\/\/transfereurope.com\/sk\/#organization\"},\"potentialAction\":[{\"@type\":\"SearchAction\",\"target\":{\"@type\":\"EntryPoint\",\"urlTemplate\":\"https:\/\/transfereurope.com\/sk\/?s={search_term_string}\"},\"query-input\":{\"@type\":\"PropertyValueSpecification\",\"valueRequired\":true,\"valueName\":\"search_term_string\"}}],\"inLanguage\":\"sk-SK\"},{\"@type\":\"Organization\",\"@id\":\"https:\/\/transfereurope.com\/sk\/#organization\",\"name\":\"transfereurope\",\"url\":\"https:\/\/transfereurope.com\/sk\/\",\"logo\":{\"@type\":\"ImageObject\",\"inLanguage\":\"sk-SK\",\"@id\":\"https:\/\/transfereurope.com\/sk\/#\/schema\/logo\/image\/\",\"url\":\"https:\/\/transfereurope.com\/wp-content\/uploads\/2025\/08\/TRANSFERS-1655.png\",\"contentUrl\":\"https:\/\/transfereurope.com\/wp-content\/uploads\/2025\/08\/TRANSFERS-1655.png\",\"width\":500,\"height\":274,\"caption\":\"transfereurope\"},\"image\":{\"@id\":\"https:\/\/transfereurope.com\/sk\/#\/schema\/logo\/image\/\"}}]}<\/script>\n<!-- \/ Yoast SEO plugin. -->","yoast_head_json":{"title":"Luxusn\u00e9 s\u00fakromn\u00e9 transfery z R\u00edma do Ravella | Transfer Europe","description":"Rezervujte si s\u00fakromn\u00fd transfer z R\u00edma do Ravella s Transfer Europe. U\u017eite si luxusn\u00e9 vozidl\u00e1, profesion\u00e1lne slu\u017eby a pohodln\u00fa cestu. Ide\u00e1lne pre podnikate\u013eov, turistov a rodiny \u260e +421940904184.","robots":{"index":"index","follow":"follow","max-snippet":"max-snippet:-1","max-image-preview":"max-image-preview:large","max-video-preview":"max-video-preview:-1"},"canonical":"https:\/\/transfereurope.com\/sk\/destinacie\/sukromne-transfery-v-taliansku\/transfery-z-rima-do-ravella\/","og_locale":"sk_SK","og_type":"article","og_title":"Luxusn\u00e9 s\u00fakromn\u00e9 transfery z R\u00edma do Ravella | Transfer Europe","og_description":"Rezervujte si s\u00fakromn\u00fd transfer z R\u00edma do Ravella s Transfer Europe. U\u017eite si luxusn\u00e9 vozidl\u00e1, profesion\u00e1lne slu\u017eby a pohodln\u00fa cestu. Ide\u00e1lne pre podnikate\u013eov, turistov a rodiny \u260e +421940904184.","og_url":"https:\/\/transfereurope.com\/sk\/destinacie\/sukromne-transfery-v-taliansku\/transfery-z-rima-do-ravella\/","og_site_name":"transfereurope","og_image":[{"width":1500,"height":2000,"url":"https:\/\/transfereurope.com\/wp-content\/uploads\/2025\/08\/Italy-Milan-Transfers-161-2-1.jpg","type":"image\/jpeg"}],"twitter_card":"summary_large_image","twitter_misc":{"Predpokladan\u00fd \u010das \u010d\u00edtania":"3 min\u00faty"},"schema":{"@context":"https:\/\/schema.org","@graph":[{"@type":"WebPage","@id":"https:\/\/transfereurope.com\/sk\/destinacie\/sukromne-transfery-v-taliansku\/transfery-z-rima-do-ravella\/","url":"https:\/\/transfereurope.com\/sk\/destinacie\/sukromne-transfery-v-taliansku\/transfery-z-rima-do-ravella\/","name":"Luxusn\u00e9 s\u00fakromn\u00e9 transfery z R\u00edma do Ravella | Transfer Europe","isPartOf":{"@id":"https:\/\/transfereurope.com\/sk\/#website"},"primaryImageOfPage":{"@id":"https:\/\/transfereurope.com\/sk\/destinacie\/sukromne-transfery-v-taliansku\/transfery-z-rima-do-ravella\/#primaryimage"},"image":{"@id":"https:\/\/transfereurope.com\/sk\/destinacie\/sukromne-transfery-v-taliansku\/transfery-z-rima-do-ravella\/#primaryimage"},"thumbnailUrl":"https:\/\/transfereurope.com\/wp-content\/uploads\/2025\/08\/Italy-Milan-Transfers-161-2-1.jpg","datePublished":"2025-08-05T15:38:26+00:00","description":"Rezervujte si s\u00fakromn\u00fd transfer z R\u00edma do Ravella s Transfer Europe. U\u017eite si luxusn\u00e9 vozidl\u00e1, profesion\u00e1lne slu\u017eby a pohodln\u00fa cestu. Ide\u00e1lne pre podnikate\u013eov, turistov a rodiny \u260e +421940904184.","breadcrumb":{"@id":"https:\/\/transfereurope.com\/sk\/destinacie\/sukromne-transfery-v-taliansku\/transfery-z-rima-do-ravella\/#breadcrumb"},"inLanguage":"sk-SK","potentialAction":[{"@type":"ReadAction","target":["https:\/\/transfereurope.com\/sk\/destinacie\/sukromne-transfery-v-taliansku\/transfery-z-rima-do-ravella\/"]}]},{"@type":"ImageObject","inLanguage":"sk-SK","@id":"https:\/\/transfereurope.com\/sk\/destinacie\/sukromne-transfery-v-taliansku\/transfery-z-rima-do-ravella\/#primaryimage","url":"https:\/\/transfereurope.com\/wp-content\/uploads\/2025\/08\/Italy-Milan-Transfers-161-2-1.jpg","contentUrl":"https:\/\/transfereurope.com\/wp-content\/uploads\/2025\/08\/Italy-Milan-Transfers-161-2-1.jpg","width":1500,"height":2000},{"@type":"BreadcrumbList","@id":"https:\/\/transfereurope.com\/sk\/destinacie\/sukromne-transfery-v-taliansku\/transfery-z-rima-do-ravella\/#breadcrumb","itemListElement":[{"@type":"ListItem","position":1,"name":"Home","item":"https:\/\/transfereurope.com\/sk\/"},{"@type":"ListItem","position":2,"name":"Transfery z R\u00edma do Ravella"}]},{"@type":"WebSite","@id":"https:\/\/transfereurope.com\/sk\/#website","url":"https:\/\/transfereurope.com\/sk\/","name":"transfereurope","description":"","publisher":{"@id":"https:\/\/transfereurope.com\/sk\/#organization"},"potentialAction":[{"@type":"SearchAction","target":{"@type":"EntryPoint","urlTemplate":"https:\/\/transfereurope.com\/sk\/?s={search_term_string}"},"query-input":{"@type":"PropertyValueSpecification","valueRequired":true,"valueName":"search_term_string"}}],"inLanguage":"sk-SK"},{"@type":"Organization","@id":"https:\/\/transfereurope.com\/sk\/#organization","name":"transfereurope","url":"https:\/\/transfereurope.com\/sk\/","logo":{"@type":"ImageObject","inLanguage":"sk-SK","@id":"https:\/\/transfereurope.com\/sk\/#\/schema\/logo\/image\/","url":"https:\/\/transfereurope.com\/wp-content\/uploads\/2025\/08\/TRANSFERS-1655.png","contentUrl":"https:\/\/transfereurope.com\/wp-content\/uploads\/2025\/08\/TRANSFERS-1655.png","width":500,"height":274,"caption":"transfereurope"},"image":{"@id":"https:\/\/transfereurope.com\/sk\/#\/schema\/logo\/image\/"}}]}},"_links":{"self":[{"href":"https:\/\/transfereurope.com\/sk\/wp-json\/wp\/v2\/pages\/69496","targetHints":{"allow":["GET"]}}],"collection":[{"href":"https:\/\/transfereurope.com\/sk\/wp-json\/wp\/v2\/pages"}],"about":[{"href":"https:\/\/transfereurope.com\/sk\/wp-json\/wp\/v2\/types\/page"}],"author":[{"embeddable":true,"href":"https:\/\/transfereurope.com\/sk\/wp-json\/wp\/v2\/users\/1"}],"replies":[{"embeddable":true,"href":"https:\/\/transfereurope.com\/sk\/wp-json\/wp\/v2\/comments?post=69496"}],"version-history":[{"count":0,"href":"https:\/\/transfereurope.com\/sk\/wp-json\/wp\/v2\/pages\/69496\/revisions"}],"up":[{"embeddable":true,"href":"https:\/\/transfereurope.com\/sk\/wp-json\/wp\/v2\/pages\/20313"}],"wp:featuredmedia":[{"embeddable":true,"href":"https:\/\/transfereurope.com\/sk\/wp-json\/wp\/v2\/media\/69497"}],"wp:attachment":[{"href":"https:\/\/transfereurope.com\/sk\/wp-json\/wp\/v2\/media?parent=69496"}],"curies":[{"name":"wp","href":"https:\/\/api.w.org\/{rel}","templated":true}]}}