{"id":69109,"date":"2025-08-05T15:32:47","date_gmt":"2025-08-05T15:32:47","guid":{"rendered":"https:\/\/transfereurope.com\/transfery-z-letiska-benatky-taliansko-do-hotela\/"},"modified":"2025-08-05T15:32:47","modified_gmt":"2025-08-05T15:32:47","slug":"transfery-z-letiska-benatky-taliansko-do-hotela","status":"publish","type":"page","link":"https:\/\/transfereurope.com\/sk\/destinacie\/sukromne-transfery-v-taliansku\/transfery-z-letiska-benatky-taliansko-do-hotela\/","title":{"rendered":"Transfery z letiska Ben\u00e1tky Taliansko do hotela"},"content":{"rendered":"\n<div id=\"t4-masthead\" class=\"t4-section  t4-masthead\">\n<div class=\"t4-col text-center\">\n<div class=\"ja-masthead\" >\n<div class=\"ja-masthead-detail\">\n<h1 class=\"ja-masthead-title\">Transfery z letiska Ben\u00e1tky Taliansko do hotela<\/h1>\n<p>                 <!---->            <\/p>\n<div class=\"block-breadcrumb\">                       <\/div>\n<\/p><\/div>\n<\/p><\/div>\n<pre><\/pre>\n<\/div>\n<\/div>\n<div id=\"t4-main-body\" class=\"t4-section  t4-main-body\" role=\"main body\">\n<div class=\"t4-section-inner container\">\n<div class=\"t4-row row\">\n<div class=\"t4-col col-12 col-xl\">\n<div id=\"system-message-container\"> \t<\/div>\n<div class=\"com-content-article item-page view-tour-detail\">\n<div class=\"tour-top-info clearfix\">\n<div class=\"pull-left\">\n<div class=\"category-article-dot\">\n<div class=\"category-name\"> \t\t\t\t\t<a href=\"\/sk\/destinacie\/sukromne-transfery-v-taliansku\" itemprop=\"genre\">S\u00fakromn\u00e9 \u200b\u200btransfery v Taliansku<\/a> \t\t\t\t<\/div>\n<\/p><\/div>\n<\/p><\/div>\n<div class=\"pull-right\">\n<div class=\"text-danger tour-price\"> \t\t\t\t\t\t<a href=\"\/sk\/rezervovat-transfer\">Rezervova\u0165<\/a><\/div>\n<\/p><\/div>\n<\/p><\/div>\n<p>  \t <!--\t-->  \t<\/p>\n<div class=\"vm-product-container\">\n<figure class=\"pull-left item-image\">\n<div class=\"main-image\"> \t\t<a title=\"Venice Italy Airport to Hotel Transfers\" rel='vm-additional-images' href=\"\/images\/virtuemart\/product\/Italy Milan Transfers42.jpg\"><img decoding=\"async\"  loading=\"lazy\"  src=\"\/wp-content\/uploads\/2025\/08\/Italy-Milan-Transfers42-2.jpg\"  alt=\"Venice Italy Airport to Hotel Transfers\"  \/><\/a>\t\t<\/p>\n<div class=\"clear\"><\/div>\n<\/p><\/div>\n<\/figure>\n<div class=\"vm-product-details-container\">\n<div class=\"spacer-buy-area\">    \t\t \t\t<\/div>\n<\/p><\/div>\n<div class=\"clear\"><\/div>\n<\/p><\/div>\n<div class=\"product-description\" >\n<p style=\"text-align: center;\"><a class=\"btn btn-primary\" href=\"\/sk\/rezervovat-transfer-z-na-letisko\">Rezervova\u0165<\/a><\/p>\n<h2 style=\"text-align: center;\"><strong>Pr\u00e9miov\u00e9 transfery z letiska do hotela v Ben\u00e1tkach s Transfer Europe<\/strong><\/h2>\n<p>Za\u010dnite svoju cestu do Ben\u00e1tok s eleganciou a \u013eahkos\u0165ou v\u010faka luxusn\u00fdm <strong>transferom z letiska do hotela v Ben\u00e1tkach v Taliansku<\/strong> od spolo\u010dnosti Transfer Europe. Na\u0161e \u0161pi\u010dkov\u00e9 slu\u017eby z letiska Marco Polo a\u017e k dver\u00e1m v\u00e1\u0161ho hotela zabezpe\u010dia, \u017ee va\u0161e prv\u00e9 a posledn\u00e9 chv\u00edle v Ben\u00e1tkach bud\u00fa rovnako o\u010daruj\u00face ako samotn\u00e9 mesto.<\/p>\n<p><img decoding=\"async\" style=\"font-size: 12.16px;\" src=\"\/wp-content\/uploads\/2025\/08\/Italy_Private_Taxi_Transfers_3-144.png\" alt=\"\" \/><\/p>\n<h3>Vyberte si ide\u00e1lnu jazdu z n\u00e1\u0161ho rozsiahleho vozov\u00e9ho parku<\/h3>\n<p>Transfer Europe pon\u00faka r\u00f4znorod\u00fd vozov\u00fd park prisp\u00f4soben\u00fd na uspokojenie rozmanit\u00fdch potrieb na\u0161ich klientov. \u010ci u\u017e d\u00e1vate prednos\u0165 exkluzivite VIP vozidla, pohodliu sedanu, robustnosti d\u017e\u00edpu alebo priestrannosti minivanu \u010di mikrobusu, m\u00e1me pre v\u00e1s ide\u00e1lne vozidlo, ktor\u00e9 dopln\u00ed v\u00e1\u0161 \u0161t\u00fdl cestovania. Ka\u017ed\u00e1 mo\u017enos\u0165 je vybaven\u00e1 tak, aby v\u00e1m poskytla maxim\u00e1lne pohodlie a bezpe\u010dnos\u0165 po\u010das <strong>transferu z letiska do hotela Ben\u00e1tky Taliansko<\/strong>.<\/p>\n<p style=\"text-align: center;\"><a class=\"btn btn-primary\" href=\"\/sk\/rezervovat-transfer-z-na-letisko\">Rezervova\u0165<\/a><\/p>\n<p style=\"text-align: left;\">\u00a0<img decoding=\"async\" src=\"\/wp-content\/uploads\/2025\/08\/Italy_Private_Taxi_Transfers_4-149.png\" alt=\"\" \/><\/p>\n<h3>Ob\u013e\u00faben\u00e9 hotelov\u00e9 destin\u00e1cie v Ben\u00e1tky<\/h3>\n<p>Na\u0161e <strong>transfery z letiska v Ben\u00e1tkach<\/strong> v Taliansku \u010dasto sl\u00fa\u017eia hos\u0165om ubytovan\u00fdm v niektor\u00fdch z najzn\u00e1mej\u0161\u00edch ben\u00e1tskych hotelov, ako je napr\u00edklad bohat\u00fd hotel Danieli, luxusn\u00fd pal\u00e1c Gritti a o\u010daruj\u00faci hotel Rialto. Tieto miesta sa nach\u00e1dzaj\u00fa pribli\u017ene 20-30 min\u00fat od letiska v z\u00e1vislosti od prem\u00e1vky a pon\u00fakaj\u00fa r\u00fdchlu a malebn\u00fa trasu na za\u010diatok v\u00e1\u0161ho pobytu.<\/p>\n<p><img decoding=\"async\" src=\"\/wp-content\/uploads\/2025\/08\/Italy_Private_Taxi_Transfers_2-144.png\" alt=\"\" \/><\/p>\n<h4>Pre\u010do je Transfer Europe ide\u00e1lnou vo\u013ebou pre transfery z letiska do hotela v Ben\u00e1tkach v Taliansku<\/h4>\n<p>V\u00fdber Transfer Europe pre va\u0161e potreby transferu znamen\u00e1 u\u017e\u00edva\u0165 si:<\/p>\n<ul>\n<li><strong>\u0160irok\u00e1 ponuka vozidiel:<\/strong> N\u00e1\u0161 vozov\u00fd park sa m\u00f4\u017ee prisp\u00f4sobi\u0165 akejko\u013evek ve\u013ekosti skupiny alebo preferenci\u00e1m.<\/li>\n<li><strong>Efekt\u00edvne slu\u017eby:<\/strong> Sme hrd\u00ed na v\u010dasn\u00e9 a spo\u013eahliv\u00e9 transfery, v\u010faka ktor\u00fdm sa pohodlne dostanete do cie\u013ea.<\/li>\n<li><strong>Ubytovanie pre v\u0161etk\u00fdch cestuj\u00facich:<\/strong> Na po\u017eiadanie n\u00e1jdete vhodn\u00e9 mo\u017enosti pre obchodn\u00fdch cestuj\u00facich, turistov aj rodiny s de\u0165mi, vr\u00e1tane detsk\u00fdch seda\u010diek.<\/li>\n<\/ul>\n<p style=\"text-align: center;\"><a class=\"btn btn-primary\" href=\"\/sk\/rezervovat-transfer-z-na-letisko\">Rezervova\u0165<\/a><\/p>\n<p style=\"text-align: left;\"><img decoding=\"async\" src=\"\/wp-content\/uploads\/2025\/08\/Italy_Private_Taxi_Transfers_1-155.png\" alt=\"\" \/><\/p>\n<h4>Rezervujte si transfer z letiska do hotela v Ben\u00e1tkach v Taliansku e\u0161te dnes!<\/h4>\n<p>Za\u010dnite svoje ben\u00e1tske dobrodru\u017estvo s noblesou a relaxom, ktor\u00fd si zasl\u00fa\u017eite. Kontaktujte Transfer Europe a rezervujte si <strong>transfer z letiska do hotela v Ben\u00e1tkach v Taliansku<\/strong>. Bez oh\u013eadu na to, \u010di ste na n\u00e1v\u0161teve pracovne alebo vo vo\u013enom \u010dase, sami alebo s rodinou, sme odhodlan\u00ed zabezpe\u010di\u0165, aby va\u0161a cesta bola bezprobl\u00e9mov\u00e1 a nezabudnute\u013en\u00e1. Viac inform\u00e1ci\u00ed o na\u0161ich <a href=\"\/sk\/destinacie\/sukromne-transfery-v-taliansku\/sukromne-transfery-z-na-letisko-taliansko\">transferoch z letiska v Taliansku<\/a> a \u010fal\u0161\u00edch <a href=\"\/sk\/destinacie\/sukromne-transfery-v-taliansku\">s\u00fakromn\u00fdch transferoch v Taliansku<\/a> n\u00e1jdete na na\u0161ej webovej str\u00e1nke alebo n\u00e1s kontaktujte priamo. Sme odhodlan\u00ed poskytn\u00fa\u0165 v\u00e1m tie najlep\u0161ie slu\u017eby transferu v Taliansku.<\/p>\n<div id=\"gtx-trans\" style=\"position: absolute; left: -4px; top: 3689.98px;\">\u00a0<\/div>\n<\/p><\/div>\n<div class=\"product-price-container\">\n<div class=\"sale-price\"> \t\t<\/div>\n<\/p><\/div>\n<div class=\"options\"><\/div>\n<div> \t\t<\/div>\n<p>   \t        <script type=\"text\/javascript\" ><\/script>  <script type=\"text\/javascript\" ><\/script> <script type=\"text\/javascript\" ><\/script>  <script type=\"text\/javascript\" ><\/script> <script type=\"text\/javascript\" ><\/script> <script type=\"text\/javascript\" ><\/script> <script type=\"text\/javascript\" ><\/script> <\/div>\n<p> \t\t<!-- \u041f\u043b\u0430\u0433\u0438\u043d \u0440\u0435\u0439\u0442\u0438\u043d\u0433\u0430 --> <\/p>\n<div class=\"vrvote-body\">\n<ul class=\"vrvote-ul\">\n<li id=\"rating_495\" class=\"current-rating\" style=\"width:100.00%;\"><\/li>\n<li> \t\t\t\t\t\t<a class=\"vr-one-star\" onclick=\"javascript:JSVRvote(495,1,20,4,0)\" href=\"javascript:void(null)\">1<\/a> \t\t\t\t\t<\/li>\n<li> \t\t\t\t\t\t<a class=\"vr-two-stars\" onclick=\"javascript:JSVRvote(495,2,20,4,0)\" href=\"javascript:void(null)\">2<\/a> \t\t\t\t\t<\/li>\n<li> \t\t\t\t\t\t<a class=\"vr-three-stars\" onclick=\"javascript:JSVRvote(495,3,20,4,0)\" href=\"javascript:void(null)\">3<\/a> \t\t\t\t\t<\/li>\n<li> \t\t\t\t\t\t<a class=\"vr-four-stars\" onclick=\"javascript:JSVRvote(495,4,20,4,0)\" href=\"javascript:void(null)\">4<\/a> \t\t\t\t\t<\/li>\n<li> \t\t\t\t\t\t<a class=\"vr-five-stars\" onclick=\"javascript:JSVRvote(495,5,20,4,0)\" href=\"javascript:void(null)\">5<\/a> \t\t\t\t\t<\/li>\n<\/ul><\/div>\n<p> \t\t\t<span id=\"vrvote_495\" class=\"vrvote-count\"><small><\/small><\/span>\t<\/span><script type=\"application\/ld+json\"><\/script>   <\/div>\n<div class=\"t4-col sidebar-r col-12 col-xl-4\">\n<div class=\"t4-module module\" id=\"Mod306\">\n<div class=\"module-inner\">\n<div class=\"module-ct\">\n<div class=\"bannergroup\">\n<div class=\"banneritem\"> \t\t\t\t\t\t\t\t\t\t\t\t\t\t\t\t\t\t\t\t\t\t\t\t\t\t\t\t\t\t\t\t\t\t\t\t\t\t\t\t\t\t\t\t\t\t\t\t\t\t<img \t\t\t\t\t\tsrc=\"\/wp-content\/uploads\/2025\/08\/banner-transfer-europe-sk-379.png\" \t\t\t\t\t\talt=\"Banner-sk\" \t\t\t\t\t\t\t\t\t\t\t\t\t\t\t\t\t\/> \t\t\t\t\t\t\t\t\t\t\t<\/p>\n<div class=\"clr\"><\/div>\n<\/p><\/div>\n<\/p><\/div>\n<\/p><\/div>\n<\/div>\n<\/div><\/div>\n<\/p><\/div>\n<\/div><\/div>\n<div id=\"t4-section-8\" class=\"t4-section  t4-section-8  section-border-top\" role=\"section-8\">\n<div class=\"bg-overlay bg-overlay-image\">&nbsp;<\/div>\n<\/p><\/div>\n<p>  <a href='javascript:' id='back-to-top'><i class='fa fa-chevron-up'><\/i><\/a>                <\/p>\n","protected":false},"excerpt":{"rendered":"<p>Transfery z letiska Ben\u00e1tky Taliansko do hotela S\u00fakromn\u00e9 \u200b\u200btransfery v Taliansku Rezervova\u0165 Rezervova\u0165 Pr\u00e9miov\u00e9 transfery z letiska do hotela v Ben\u00e1tkach s Transfer Europe Za\u010dnite svoju cestu do Ben\u00e1tok s eleganciou a \u013eahkos\u0165ou v\u010faka luxusn\u00fdm transferom z letiska do hotela v Ben\u00e1tkach v Taliansku od spolo\u010dnosti Transfer Europe. Na\u0161e \u0161pi\u010dkov\u00e9 slu\u017eby z letiska Marco Polo [&hellip;]<\/p>\n","protected":false},"author":1,"featured_media":69110,"parent":20313,"menu_order":0,"comment_status":"closed","ping_status":"closed","template":"","meta":{"footnotes":""},"class_list":["post-69109","page","type-page","status-publish","has-post-thumbnail","hentry"],"yoast_head":"<!-- This site is optimized with the Yoast SEO plugin v25.6 - https:\/\/yoast.com\/wordpress\/plugins\/seo\/ -->\n<title>Elegantn\u00fd transfer z letiska do hotela v Ben\u00e1tkach | Transfer Europe<\/title>\n<meta name=\"description\" content=\"Pricestujte \u0161t\u00fdlovo s transfermi z letiska do hotela v Ben\u00e1tkach v Taliansku. Za\u017eite luxusn\u00e9 transfery do \u0161pi\u010dkov\u00fdch hotelov, ako s\u00fa Hotel Danieli a Gritti Palace. Rezervujte si teraz: \u260e +421940904184.\" \/>\n<meta name=\"robots\" content=\"index, follow, max-snippet:-1, max-image-preview:large, max-video-preview:-1\" \/>\n<link rel=\"canonical\" href=\"https:\/\/transfereurope.com\/sk\/destinacie\/sukromne-transfery-v-taliansku\/transfery-z-letiska-benatky-taliansko-do-hotela\/\" \/>\n<meta property=\"og:locale\" content=\"sk_SK\" \/>\n<meta property=\"og:type\" content=\"article\" \/>\n<meta property=\"og:title\" content=\"Elegantn\u00fd transfer z letiska do hotela v Ben\u00e1tkach | Transfer Europe\" \/>\n<meta property=\"og:description\" content=\"Pricestujte \u0161t\u00fdlovo s transfermi z letiska do hotela v Ben\u00e1tkach v Taliansku. Za\u017eite luxusn\u00e9 transfery do \u0161pi\u010dkov\u00fdch hotelov, ako s\u00fa Hotel Danieli a Gritti Palace. Rezervujte si teraz: \u260e +421940904184.\" \/>\n<meta property=\"og:url\" content=\"https:\/\/transfereurope.com\/sk\/destinacie\/sukromne-transfery-v-taliansku\/transfery-z-letiska-benatky-taliansko-do-hotela\/\" \/>\n<meta property=\"og:site_name\" content=\"transfereurope\" \/>\n<meta property=\"og:image\" content=\"https:\/\/transfereurope.com\/wp-content\/uploads\/2025\/08\/Italy-Milan-Transfers42-2-1.jpg\" \/>\n\t<meta property=\"og:image:width\" content=\"1500\" \/>\n\t<meta property=\"og:image:height\" content=\"2000\" \/>\n\t<meta property=\"og:image:type\" content=\"image\/jpeg\" \/>\n<meta name=\"twitter:card\" content=\"summary_large_image\" \/>\n<meta name=\"twitter:label1\" content=\"Predpokladan\u00fd \u010das \u010d\u00edtania\" \/>\n\t<meta name=\"twitter:data1\" content=\"3 min\u00faty\" \/>\n<script type=\"application\/ld+json\" class=\"yoast-schema-graph\">{\"@context\":\"https:\/\/schema.org\",\"@graph\":[{\"@type\":\"WebPage\",\"@id\":\"https:\/\/transfereurope.com\/sk\/destinacie\/sukromne-transfery-v-taliansku\/transfery-z-letiska-benatky-taliansko-do-hotela\/\",\"url\":\"https:\/\/transfereurope.com\/sk\/destinacie\/sukromne-transfery-v-taliansku\/transfery-z-letiska-benatky-taliansko-do-hotela\/\",\"name\":\"Elegantn\u00fd transfer z letiska do hotela v Ben\u00e1tkach | Transfer Europe\",\"isPartOf\":{\"@id\":\"https:\/\/transfereurope.com\/sk\/#website\"},\"primaryImageOfPage\":{\"@id\":\"https:\/\/transfereurope.com\/sk\/destinacie\/sukromne-transfery-v-taliansku\/transfery-z-letiska-benatky-taliansko-do-hotela\/#primaryimage\"},\"image\":{\"@id\":\"https:\/\/transfereurope.com\/sk\/destinacie\/sukromne-transfery-v-taliansku\/transfery-z-letiska-benatky-taliansko-do-hotela\/#primaryimage\"},\"thumbnailUrl\":\"https:\/\/transfereurope.com\/wp-content\/uploads\/2025\/08\/Italy-Milan-Transfers42-2-1.jpg\",\"datePublished\":\"2025-08-05T15:32:47+00:00\",\"description\":\"Pricestujte \u0161t\u00fdlovo s transfermi z letiska do hotela v Ben\u00e1tkach v Taliansku. Za\u017eite luxusn\u00e9 transfery do \u0161pi\u010dkov\u00fdch hotelov, ako s\u00fa Hotel Danieli a Gritti Palace. Rezervujte si teraz: \u260e +421940904184.\",\"breadcrumb\":{\"@id\":\"https:\/\/transfereurope.com\/sk\/destinacie\/sukromne-transfery-v-taliansku\/transfery-z-letiska-benatky-taliansko-do-hotela\/#breadcrumb\"},\"inLanguage\":\"sk-SK\",\"potentialAction\":[{\"@type\":\"ReadAction\",\"target\":[\"https:\/\/transfereurope.com\/sk\/destinacie\/sukromne-transfery-v-taliansku\/transfery-z-letiska-benatky-taliansko-do-hotela\/\"]}]},{\"@type\":\"ImageObject\",\"inLanguage\":\"sk-SK\",\"@id\":\"https:\/\/transfereurope.com\/sk\/destinacie\/sukromne-transfery-v-taliansku\/transfery-z-letiska-benatky-taliansko-do-hotela\/#primaryimage\",\"url\":\"https:\/\/transfereurope.com\/wp-content\/uploads\/2025\/08\/Italy-Milan-Transfers42-2-1.jpg\",\"contentUrl\":\"https:\/\/transfereurope.com\/wp-content\/uploads\/2025\/08\/Italy-Milan-Transfers42-2-1.jpg\",\"width\":1500,\"height\":2000},{\"@type\":\"BreadcrumbList\",\"@id\":\"https:\/\/transfereurope.com\/sk\/destinacie\/sukromne-transfery-v-taliansku\/transfery-z-letiska-benatky-taliansko-do-hotela\/#breadcrumb\",\"itemListElement\":[{\"@type\":\"ListItem\",\"position\":1,\"name\":\"Home\",\"item\":\"https:\/\/transfereurope.com\/sk\/\"},{\"@type\":\"ListItem\",\"position\":2,\"name\":\"Transfery z letiska Ben\u00e1tky Taliansko do hotela\"}]},{\"@type\":\"WebSite\",\"@id\":\"https:\/\/transfereurope.com\/sk\/#website\",\"url\":\"https:\/\/transfereurope.com\/sk\/\",\"name\":\"transfereurope\",\"description\":\"\",\"publisher\":{\"@id\":\"https:\/\/transfereurope.com\/sk\/#organization\"},\"potentialAction\":[{\"@type\":\"SearchAction\",\"target\":{\"@type\":\"EntryPoint\",\"urlTemplate\":\"https:\/\/transfereurope.com\/sk\/?s={search_term_string}\"},\"query-input\":{\"@type\":\"PropertyValueSpecification\",\"valueRequired\":true,\"valueName\":\"search_term_string\"}}],\"inLanguage\":\"sk-SK\"},{\"@type\":\"Organization\",\"@id\":\"https:\/\/transfereurope.com\/sk\/#organization\",\"name\":\"transfereurope\",\"url\":\"https:\/\/transfereurope.com\/sk\/\",\"logo\":{\"@type\":\"ImageObject\",\"inLanguage\":\"sk-SK\",\"@id\":\"https:\/\/transfereurope.com\/sk\/#\/schema\/logo\/image\/\",\"url\":\"https:\/\/transfereurope.com\/wp-content\/uploads\/2025\/08\/TRANSFERS-1655.png\",\"contentUrl\":\"https:\/\/transfereurope.com\/wp-content\/uploads\/2025\/08\/TRANSFERS-1655.png\",\"width\":500,\"height\":274,\"caption\":\"transfereurope\"},\"image\":{\"@id\":\"https:\/\/transfereurope.com\/sk\/#\/schema\/logo\/image\/\"}}]}<\/script>\n<!-- \/ Yoast SEO plugin. -->","yoast_head_json":{"title":"Elegantn\u00fd transfer z letiska do hotela v Ben\u00e1tkach | Transfer Europe","description":"Pricestujte \u0161t\u00fdlovo s transfermi z letiska do hotela v Ben\u00e1tkach v Taliansku. Za\u017eite luxusn\u00e9 transfery do \u0161pi\u010dkov\u00fdch hotelov, ako s\u00fa Hotel Danieli a Gritti Palace. Rezervujte si teraz: \u260e +421940904184.","robots":{"index":"index","follow":"follow","max-snippet":"max-snippet:-1","max-image-preview":"max-image-preview:large","max-video-preview":"max-video-preview:-1"},"canonical":"https:\/\/transfereurope.com\/sk\/destinacie\/sukromne-transfery-v-taliansku\/transfery-z-letiska-benatky-taliansko-do-hotela\/","og_locale":"sk_SK","og_type":"article","og_title":"Elegantn\u00fd transfer z letiska do hotela v Ben\u00e1tkach | Transfer Europe","og_description":"Pricestujte \u0161t\u00fdlovo s transfermi z letiska do hotela v Ben\u00e1tkach v Taliansku. Za\u017eite luxusn\u00e9 transfery do \u0161pi\u010dkov\u00fdch hotelov, ako s\u00fa Hotel Danieli a Gritti Palace. Rezervujte si teraz: \u260e +421940904184.","og_url":"https:\/\/transfereurope.com\/sk\/destinacie\/sukromne-transfery-v-taliansku\/transfery-z-letiska-benatky-taliansko-do-hotela\/","og_site_name":"transfereurope","og_image":[{"width":1500,"height":2000,"url":"https:\/\/transfereurope.com\/wp-content\/uploads\/2025\/08\/Italy-Milan-Transfers42-2-1.jpg","type":"image\/jpeg"}],"twitter_card":"summary_large_image","twitter_misc":{"Predpokladan\u00fd \u010das \u010d\u00edtania":"3 min\u00faty"},"schema":{"@context":"https:\/\/schema.org","@graph":[{"@type":"WebPage","@id":"https:\/\/transfereurope.com\/sk\/destinacie\/sukromne-transfery-v-taliansku\/transfery-z-letiska-benatky-taliansko-do-hotela\/","url":"https:\/\/transfereurope.com\/sk\/destinacie\/sukromne-transfery-v-taliansku\/transfery-z-letiska-benatky-taliansko-do-hotela\/","name":"Elegantn\u00fd transfer z letiska do hotela v Ben\u00e1tkach | Transfer Europe","isPartOf":{"@id":"https:\/\/transfereurope.com\/sk\/#website"},"primaryImageOfPage":{"@id":"https:\/\/transfereurope.com\/sk\/destinacie\/sukromne-transfery-v-taliansku\/transfery-z-letiska-benatky-taliansko-do-hotela\/#primaryimage"},"image":{"@id":"https:\/\/transfereurope.com\/sk\/destinacie\/sukromne-transfery-v-taliansku\/transfery-z-letiska-benatky-taliansko-do-hotela\/#primaryimage"},"thumbnailUrl":"https:\/\/transfereurope.com\/wp-content\/uploads\/2025\/08\/Italy-Milan-Transfers42-2-1.jpg","datePublished":"2025-08-05T15:32:47+00:00","description":"Pricestujte \u0161t\u00fdlovo s transfermi z letiska do hotela v Ben\u00e1tkach v Taliansku. Za\u017eite luxusn\u00e9 transfery do \u0161pi\u010dkov\u00fdch hotelov, ako s\u00fa Hotel Danieli a Gritti Palace. Rezervujte si teraz: \u260e +421940904184.","breadcrumb":{"@id":"https:\/\/transfereurope.com\/sk\/destinacie\/sukromne-transfery-v-taliansku\/transfery-z-letiska-benatky-taliansko-do-hotela\/#breadcrumb"},"inLanguage":"sk-SK","potentialAction":[{"@type":"ReadAction","target":["https:\/\/transfereurope.com\/sk\/destinacie\/sukromne-transfery-v-taliansku\/transfery-z-letiska-benatky-taliansko-do-hotela\/"]}]},{"@type":"ImageObject","inLanguage":"sk-SK","@id":"https:\/\/transfereurope.com\/sk\/destinacie\/sukromne-transfery-v-taliansku\/transfery-z-letiska-benatky-taliansko-do-hotela\/#primaryimage","url":"https:\/\/transfereurope.com\/wp-content\/uploads\/2025\/08\/Italy-Milan-Transfers42-2-1.jpg","contentUrl":"https:\/\/transfereurope.com\/wp-content\/uploads\/2025\/08\/Italy-Milan-Transfers42-2-1.jpg","width":1500,"height":2000},{"@type":"BreadcrumbList","@id":"https:\/\/transfereurope.com\/sk\/destinacie\/sukromne-transfery-v-taliansku\/transfery-z-letiska-benatky-taliansko-do-hotela\/#breadcrumb","itemListElement":[{"@type":"ListItem","position":1,"name":"Home","item":"https:\/\/transfereurope.com\/sk\/"},{"@type":"ListItem","position":2,"name":"Transfery z letiska Ben\u00e1tky Taliansko do hotela"}]},{"@type":"WebSite","@id":"https:\/\/transfereurope.com\/sk\/#website","url":"https:\/\/transfereurope.com\/sk\/","name":"transfereurope","description":"","publisher":{"@id":"https:\/\/transfereurope.com\/sk\/#organization"},"potentialAction":[{"@type":"SearchAction","target":{"@type":"EntryPoint","urlTemplate":"https:\/\/transfereurope.com\/sk\/?s={search_term_string}"},"query-input":{"@type":"PropertyValueSpecification","valueRequired":true,"valueName":"search_term_string"}}],"inLanguage":"sk-SK"},{"@type":"Organization","@id":"https:\/\/transfereurope.com\/sk\/#organization","name":"transfereurope","url":"https:\/\/transfereurope.com\/sk\/","logo":{"@type":"ImageObject","inLanguage":"sk-SK","@id":"https:\/\/transfereurope.com\/sk\/#\/schema\/logo\/image\/","url":"https:\/\/transfereurope.com\/wp-content\/uploads\/2025\/08\/TRANSFERS-1655.png","contentUrl":"https:\/\/transfereurope.com\/wp-content\/uploads\/2025\/08\/TRANSFERS-1655.png","width":500,"height":274,"caption":"transfereurope"},"image":{"@id":"https:\/\/transfereurope.com\/sk\/#\/schema\/logo\/image\/"}}]}},"_links":{"self":[{"href":"https:\/\/transfereurope.com\/sk\/wp-json\/wp\/v2\/pages\/69109","targetHints":{"allow":["GET"]}}],"collection":[{"href":"https:\/\/transfereurope.com\/sk\/wp-json\/wp\/v2\/pages"}],"about":[{"href":"https:\/\/transfereurope.com\/sk\/wp-json\/wp\/v2\/types\/page"}],"author":[{"embeddable":true,"href":"https:\/\/transfereurope.com\/sk\/wp-json\/wp\/v2\/users\/1"}],"replies":[{"embeddable":true,"href":"https:\/\/transfereurope.com\/sk\/wp-json\/wp\/v2\/comments?post=69109"}],"version-history":[{"count":0,"href":"https:\/\/transfereurope.com\/sk\/wp-json\/wp\/v2\/pages\/69109\/revisions"}],"up":[{"embeddable":true,"href":"https:\/\/transfereurope.com\/sk\/wp-json\/wp\/v2\/pages\/20313"}],"wp:featuredmedia":[{"embeddable":true,"href":"https:\/\/transfereurope.com\/sk\/wp-json\/wp\/v2\/media\/69110"}],"wp:attachment":[{"href":"https:\/\/transfereurope.com\/sk\/wp-json\/wp\/v2\/media?parent=69109"}],"curies":[{"name":"wp","href":"https:\/\/api.w.org\/{rel}","templated":true}]}}