{"id":65464,"date":"2025-08-05T14:40:22","date_gmt":"2025-08-05T14:40:22","guid":{"rendered":"https:\/\/transfereurope.com\/transfery-zo-stanice-tiburtina-na-letisko-v-rime\/"},"modified":"2025-08-05T14:40:22","modified_gmt":"2025-08-05T14:40:22","slug":"transfery-zo-stanice-tiburtina-na-letisko-v-rime","status":"publish","type":"page","link":"https:\/\/transfereurope.com\/sk\/destinacie\/sukromne-transfery-v-taliansku\/transfery-zo-stanice-tiburtina-na-letisko-v-rime\/","title":{"rendered":"Transfery zo stanice Tiburtina na letisko v R\u00edme"},"content":{"rendered":"\n<div id=\"t4-masthead\" class=\"t4-section  t4-masthead\">\n<div class=\"t4-col text-center\">\n<div class=\"ja-masthead\" >\n<div class=\"ja-masthead-detail\">\n<h1 class=\"ja-masthead-title\">Transfery zo stanice Tiburtina na letisko v R\u00edme<\/h1>\n<p>                 <!---->            <\/p>\n<div class=\"block-breadcrumb\">                       <\/div>\n<\/p><\/div>\n<\/p><\/div>\n<pre><\/pre>\n<\/div>\n<\/div>\n<div id=\"t4-main-body\" class=\"t4-section  t4-main-body\" role=\"main body\">\n<div class=\"t4-section-inner container\">\n<div class=\"t4-row row\">\n<div class=\"t4-col col-12 col-xl\">\n<div id=\"system-message-container\"> \t<\/div>\n<div class=\"com-content-article item-page view-tour-detail\">\n<div class=\"tour-top-info clearfix\">\n<div class=\"pull-left\">\n<div class=\"category-article-dot\">\n<div class=\"category-name\"> \t\t\t\t\t<a href=\"\/sk\/destinacie\/sukromne-transfery-v-taliansku\" itemprop=\"genre\">S\u00fakromn\u00e9 \u200b\u200btransfery v Taliansku<\/a> \t\t\t\t<\/div>\n<\/p><\/div>\n<\/p><\/div>\n<div class=\"pull-right\">\n<div class=\"text-danger tour-price\"> \t\t\t\t\t\t<a href=\"\/sk\/rezervovat-transfer\">Rezervova\u0165<\/a><\/div>\n<\/p><\/div>\n<\/p><\/div>\n<p>  \t <!--\t-->  \t<\/p>\n<div class=\"vm-product-container\">\n<figure class=\"pull-left item-image\">\n<div class=\"main-image\"> \t\t<a title=\"Transfers from Tiburtina Station to Rome Airport\" rel='vm-additional-images' href=\"\/images\/virtuemart\/product\/Italy Milan Transfers (5)581.jpg\"><img decoding=\"async\"  loading=\"lazy\"  src=\"\/wp-content\/uploads\/2025\/08\/Italy-Milan-Transfers-5581-2.jpg\"  alt=\"Transfers from Tiburtina Station to Rome Airport\"  \/><\/a>\t\t<\/p>\n<div class=\"clear\"><\/div>\n<\/p><\/div>\n<\/figure>\n<div class=\"vm-product-details-container\">\n<div class=\"spacer-buy-area\">    \t\t \t\t<\/div>\n<\/p><\/div>\n<div class=\"clear\"><\/div>\n<\/p><\/div>\n<div class=\"product-description\" >\n<p style=\"text-align: center;\"><a class=\"btn btn-primary\" href=\"\/sk\/rezervovat-transfer-z-na-letisko\">Rezervova\u0165<\/a><\/p>\n<h2 style=\"text-align: center;\"><strong>Pr\u00e9miov\u00e9 transfery zo stanice Tiburtina na letisko v R\u00edme s Transfer Europe<\/strong><\/h2>\n<p>Cestovanie zo stanice Tiburtina na r\u00edmske letisk\u00e1 je s Transfer Europe hra\u010dka. \u010ci u\u017e smerujete na letisko Ciampino alebo Fiumicino, na\u0161a s\u00fakromn\u00e1 slu\u017eba transferu v\u00e1m zabezpe\u010d\u00ed hladk\u00fa a pohodln\u00fa cestu. Vzdialenos\u0165 zo stanice Tiburtina na letisko Ciampino je pribli\u017ene 25 kilometrov a cesta autom zvy\u010dajne trv\u00e1 pribli\u017ene 30 min\u00fat. Letisko Fiumicino je vzdialen\u00e9 pribli\u017ene 40 kilometrov a cesta trv\u00e1 zvy\u010dajne pribli\u017ene 45 min\u00fat. V\u00fdberom na\u0161ej slu\u017eby s\u00fakromn\u00e9ho transferu sa zbav\u00edte probl\u00e9mov s verejnou dopravou alebo h\u013eadan\u00edm tax\u00edka, v\u010faka \u010domu bude va\u0161e cestovanie bez stresu a pr\u00edjemn\u00e9.<\/p>\n<p><img decoding=\"async\" style=\"font-size: 12.16px;\" src=\"\/wp-content\/uploads\/2025\/08\/Italy_Private_Taxi_Transfers_3-60.png\" alt=\"\" \/><\/p>\n<h3>Pre\u010do si vybra\u0165 Transfer Europe?<\/h3>\n<ul>\n<li><strong>Cestovn\u00e9 rie\u0161enia na mieru:<\/strong>\u00a0Na\u0161e slu\u017eby prisp\u00f4sobujeme va\u0161im \u0161pecifick\u00fdm cestovn\u00fdm potreb\u00e1m, \u010d\u00edm zabezpe\u010dujeme individu\u00e1lny a pohodln\u00fd z\u00e1\u017eitok.<\/li>\n<li><strong>Profesion\u00e1lni vodi\u010di:<\/strong>\u00a0Na\u0161i sk\u00fasen\u00ed vodi\u010di poskytuj\u00fa v\u00fdnimo\u010dn\u00e9 slu\u017eby, pon\u00fakaj\u00fa miestne poznatky a zabezpe\u010duj\u00fa bezprobl\u00e9mov\u00fa cestu.<\/li>\n<li><strong>Spo\u013eahlivos\u0165:<\/strong>\u00a0Zaru\u010dujeme presnos\u0165 a spo\u013eahlivos\u0165, sledujeme dopravn\u00e9 podmienky, aby sme pod\u013ea potreby upravili harmonogramy a zabezpe\u010dili v\u010dasn\u00fd pr\u00edchod.<\/li>\n<li><strong>Pohodlie a bezpe\u010dnos\u0165:<\/strong>\u00a0Va\u0161e pohodlie a bezpe\u010dnos\u0165 s\u00fa na\u0161imi hlavn\u00fdmi prioritami a my sa sna\u017e\u00edme poskytn\u00fa\u0165 v\u00e1m z\u00e1\u017eitok z cestovania, ktor\u00fd sp\u013a\u0148a najvy\u0161\u0161ie \u0161tandardy.<\/li>\n<\/ul>\n<p style=\"text-align: center;\"><a class=\"btn btn-primary\" href=\"\/sk\/rezervovat-transfer-z-na-letisko\">Rezervova\u0165<\/a><\/p>\n<p style=\"text-align: left;\">\u00a0<img decoding=\"async\" src=\"\/wp-content\/uploads\/2025\/08\/Italy_Private_Taxi_Transfers_4-65.png\" alt=\"\" \/><\/p>\n<h3>Transfery z r\u00edmskeho letiska Tiburtina na letisko Ciampino<\/h3>\n<p>Cestuj\u00facim, ktor\u00ed smeruj\u00fa na letisko Ciampino zo stanice Tiburtina, pon\u00faka Transfer Europe spo\u013eahliv\u00e9 a pohodln\u00e9 rie\u0161enie. Na\u0161i profesion\u00e1lni vodi\u010di v\u00e1s vyzdvihn\u00fa na stanici Tiburtina a odvez\u00fa priamo na letisko Ciampino, \u010d\u00edm v\u00e1m zabezpe\u010dia v\u010dasn\u00fd pr\u00edchod na v\u00e1\u0161 let. V\u010faka n\u00e1\u0161mu luxusn\u00e9mu vozov\u00e9mu parku, ktor\u00fd zah\u0155\u0148a VIP aut\u00e1, sedany, d\u017e\u00edpy, minivany a mikrobusy, m\u00f4\u017eete relaxova\u0165 a u\u017e\u00edva\u0165 si cestu.<\/p>\n<h3>Transfer zo \u017eelezni\u010dnej stanice Tiburtina v R\u00edme do hotela<\/h3>\n<p>Potrebujete transfer zo \u017eelezni\u010dnej stanice Tiburtina do svojho hotela v R\u00edme? Transfer Europe sa o v\u00e1s postar\u00e1. Na\u0161a s\u00fakromn\u00e1 slu\u017eba transferu v\u00e1m zabezpe\u010d\u00ed bezprobl\u00e9mov\u00fa a bezstresov\u00fa cestu z vlakovej stanice do v\u00e1\u0161ho hotela. Bez oh\u013eadu na to, \u010di ste ubytovan\u00ed v butikovom hoteli alebo v luxusnom zariaden\u00ed, na\u0161i profesion\u00e1lni vodi\u010di v\u00e1m zabezpe\u010dia pohodln\u00fd a \u0161t\u00fdlov\u00fd pr\u00edchod.<\/p>\n<h3>Transfer zo \u017eelezni\u010dnej stanice Tiburtina v R\u00edme do hotela Sofitel<\/h3>\n<p>Pre t\u00fdch, ktor\u00ed sa ubytuj\u00fa v prest\u00ed\u017enom hoteli Sofitel v R\u00edme, pon\u00faka Transfer Europe exkluz\u00edvnu slu\u017ebu transferu zo \u017eelezni\u010dnej stanice Tiburtina. Na\u0161i profesion\u00e1lni vodi\u010di v\u00e1s priv\u00edtaj\u00fa na vlakovej stanici, pom\u00f4\u017eu v\u00e1m s bato\u017einou a zabezpe\u010dia pohodln\u00fd a efekt\u00edvny transfer do hotela Sofitel. Vychutnajte si luxusn\u00fd za\u010diatok svojho pobytu v R\u00edme s na\u0161ou pr\u00e9miovou slu\u017ebou transferu.<br \/><img decoding=\"async\" src=\"\/wp-content\/uploads\/2025\/08\/Italy_Private_Taxi_Transfers_2-60.png\" alt=\"\" \/><\/p>\n<h4>N\u00e1\u0161 luxusn\u00fd vozov\u00fd park<\/h4>\n<p>V spolo\u010dnosti Transfer Europe sme hrd\u00ed na n\u00e1\u0161 rozsiahly vozov\u00fd park, ktor\u00fd je navrhnut\u00fd tak, aby vyhovoval potreb\u00e1m ka\u017ed\u00e9ho cestuj\u00faceho. N\u00e1\u0161 v\u00fdber zah\u0155\u0148a:<\/p>\n<ul>\n<li><strong>VIP Autos:<\/strong>\u00a0Pon\u00faka najvy\u0161\u0161\u00ed luxus a sofistikovanos\u0165.<\/li>\n<li><strong>Sedany:<\/strong>\u00a0Pohodln\u00e9 a \u0161t\u00fdlov\u00e9, ide\u00e1lne pre individu\u00e1lnych cestuj\u00facich alebo mal\u00e9 skupiny.<\/li>\n<li><strong>D\u017e\u00edpy:<\/strong>\u00a0Ide\u00e1lne pre t\u00fdch, ktor\u00ed h\u013eadaj\u00fa drsn\u00fa a dobrodru\u017en\u00fa jazdu.<\/li>\n<li><strong>Minivany a minibusy:<\/strong>\u00a0s: priestrann\u00e9 a pohodln\u00e9, vhodn\u00e9 pre rodiny alebo v\u00e4\u010d\u0161ie skupiny.<\/li>\n<\/ul>\n<p>V\u0161etky na\u0161e vozidl\u00e1 s\u00fa starostlivo udr\u017eiavan\u00e9 a vybaven\u00e9 modern\u00fdm vybaven\u00edm, ktor\u00e9 zaist\u00ed va\u0161u bezpe\u010dnos\u0165 a pohodlie. Pre rodiny pon\u00fakame vozidl\u00e1 s detsk\u00fdmi seda\u010dkami, aby sme zaistili bezpe\u010dnos\u0165 a pohodlie na\u0161ich najmen\u0161\u00edch cestuj\u00facich.<\/p>\n<p style=\"text-align: center;\"><a class=\"btn btn-primary\" href=\"\/sk\/rezervovat-transfer-z-na-letisko\">Rezervova\u0165<\/a><\/p>\n<p style=\"text-align: left;\"><img decoding=\"async\" src=\"\/wp-content\/uploads\/2025\/08\/Italy_Private_Taxi_Transfers_1-71.png\" alt=\"\" \/><\/p>\n<h4>Rezervujte si s\u00fakromn\u00fd transfer e\u0161te dnes!<\/h4>\n<p>Pl\u00e1nujete cestu zo stanice Tiburtina na r\u00edmske letisk\u00e1 alebo do svojho hotela? Vyberte si Transfer Europe pre luxusn\u00e9 cestovanie bez stresu. N\u00e1\u0161 rezerva\u010dn\u00fd proces je jednoduch\u00fd a pohodln\u00fd &#8211; vypl\u0148te formul\u00e1r na na\u0161ej webovej str\u00e1nke, po\u0161lite n\u00e1m e-mail alebo n\u00e1s kontaktujte cez WhatsApp. \u010ci u\u017e cestujete pracovne, turisticky alebo s rodinou, na\u0161e slu\u017eby s\u00fa navrhnut\u00e9 tak, aby sp\u013a\u0148ali v\u0161etky va\u0161e potreby.\u00a0<strong>Rezervujte si s\u00fakromn\u00fd transfer e\u0161te dnes a za\u017eite maxim\u00e1lny komfort a pohodlie s Transfer Europe.<\/strong>\u00a0Viac inform\u00e1ci\u00ed o na\u0161ich t<a href=\"\/sk\/destinacie\/sukromne-transfery-v-taliansku\/sukromne-transfery-z-na-letisko-taliansko\">ransferoch z letiska v Taliansku<\/a>\u00a0a \u010fal\u0161\u00edch\u00a0<a href=\"\/sk\/destinacie\/sukromne-transfery-v-taliansku\">s\u00fakromn\u00fdch transferoch do Talianska<\/a>\u00a0n\u00e1jdete na na\u0161ej webovej str\u00e1nke alebo n\u00e1s kontaktujte priamo. Sme odhodlan\u00ed poskytn\u00fa\u0165 v\u00e1m tie najlep\u0161ie slu\u017eby transferu v Taliansku.<\/p>\n<\/p><\/div>\n<div class=\"product-price-container\">\n<div class=\"sale-price\"> \t\t<\/div>\n<\/p><\/div>\n<div class=\"options\"><\/div>\n<div> \t\t<\/div>\n<p>   \t        <script type=\"text\/javascript\" ><\/script>  <script type=\"text\/javascript\" ><\/script> <script type=\"text\/javascript\" ><\/script>  <script type=\"text\/javascript\" ><\/script> <script type=\"text\/javascript\" ><\/script> <script type=\"text\/javascript\" ><\/script> <script type=\"text\/javascript\" ><\/script> <\/div>\n<p> \t\t<!-- \u041f\u043b\u0430\u0433\u0438\u043d \u0440\u0435\u0439\u0442\u0438\u043d\u0433\u0430 --> <\/p>\n<div class=\"vrvote-body\">\n<ul class=\"vrvote-ul\">\n<li id=\"rating_525\" class=\"current-rating\" style=\"width:100.00%;\"><\/li>\n<li> \t\t\t\t\t\t<a class=\"vr-one-star\" onclick=\"javascript:JSVRvote(525,1,40,8,0)\" href=\"javascript:void(null)\">1<\/a> \t\t\t\t\t<\/li>\n<li> \t\t\t\t\t\t<a class=\"vr-two-stars\" onclick=\"javascript:JSVRvote(525,2,40,8,0)\" href=\"javascript:void(null)\">2<\/a> \t\t\t\t\t<\/li>\n<li> \t\t\t\t\t\t<a class=\"vr-three-stars\" onclick=\"javascript:JSVRvote(525,3,40,8,0)\" href=\"javascript:void(null)\">3<\/a> \t\t\t\t\t<\/li>\n<li> \t\t\t\t\t\t<a class=\"vr-four-stars\" onclick=\"javascript:JSVRvote(525,4,40,8,0)\" href=\"javascript:void(null)\">4<\/a> \t\t\t\t\t<\/li>\n<li> \t\t\t\t\t\t<a class=\"vr-five-stars\" onclick=\"javascript:JSVRvote(525,5,40,8,0)\" href=\"javascript:void(null)\">5<\/a> \t\t\t\t\t<\/li>\n<\/ul><\/div>\n<p> \t\t\t<span id=\"vrvote_525\" class=\"vrvote-count\"><small><\/small><\/span>\t<\/span><script type=\"application\/ld+json\"><\/script>   <\/div>\n<div class=\"t4-col sidebar-r col-12 col-xl-4\">\n<div class=\"t4-module module\" id=\"Mod306\">\n<div class=\"module-inner\">\n<div class=\"module-ct\">\n<div class=\"bannergroup\">\n<div class=\"banneritem\"> \t\t\t\t\t\t\t\t\t\t\t\t\t\t\t\t\t\t\t\t\t\t\t\t\t\t\t\t\t\t\t\t\t\t\t\t\t\t\t\t\t\t\t\t\t\t\t\t\t\t<img \t\t\t\t\t\tsrc=\"\/wp-content\/uploads\/2025\/08\/banner-transfer-europe-sk-351.png\" \t\t\t\t\t\talt=\"Banner-sk\" \t\t\t\t\t\t\t\t\t\t\t\t\t\t\t\t\t\/> \t\t\t\t\t\t\t\t\t\t\t<\/p>\n<div class=\"clr\"><\/div>\n<\/p><\/div>\n<\/p><\/div>\n<\/p><\/div>\n<\/div>\n<\/div><\/div>\n<\/p><\/div>\n<\/div><\/div>\n<div id=\"t4-section-8\" class=\"t4-section  t4-section-8  section-border-top\" role=\"section-8\">\n<div class=\"bg-overlay bg-overlay-image\">&nbsp;<\/div>\n<\/p><\/div>\n<p>  <a href='javascript:' id='back-to-top'><i class='fa fa-chevron-up'><\/i><\/a>                <\/p>\n","protected":false},"excerpt":{"rendered":"<p>Transfery zo stanice Tiburtina na letisko v R\u00edme S\u00fakromn\u00e9 \u200b\u200btransfery v Taliansku Rezervova\u0165 Rezervova\u0165 Pr\u00e9miov\u00e9 transfery zo stanice Tiburtina na letisko v R\u00edme s Transfer Europe Cestovanie zo stanice Tiburtina na r\u00edmske letisk\u00e1 je s Transfer Europe hra\u010dka. \u010ci u\u017e smerujete na letisko Ciampino alebo Fiumicino, na\u0161a s\u00fakromn\u00e1 slu\u017eba transferu v\u00e1m zabezpe\u010d\u00ed hladk\u00fa a pohodln\u00fa [&hellip;]<\/p>\n","protected":false},"author":1,"featured_media":65465,"parent":20313,"menu_order":0,"comment_status":"closed","ping_status":"closed","template":"","meta":{"footnotes":""},"class_list":["post-65464","page","type-page","status-publish","has-post-thumbnail","hentry"],"yoast_head":"<!-- This site is optimized with the Yoast SEO plugin v25.6 - https:\/\/yoast.com\/wordpress\/plugins\/seo\/ -->\n<title>Transfery zo stanice Tiburtina na letisko v R\u00edme | Transfer Europe<\/title>\n<meta name=\"description\" content=\"Rezervujte si transfer zo stanice Tiburtina na letisko v R\u00edme s Transfer Europe. U\u017eite si luxusn\u00e9 vozidl\u00e1, profesion\u00e1lne slu\u017eby a pohodln\u00fa cestu \u260e +421940904184\" \/>\n<meta name=\"robots\" content=\"index, follow, max-snippet:-1, max-image-preview:large, max-video-preview:-1\" \/>\n<link rel=\"canonical\" href=\"https:\/\/transfereurope.com\/sk\/destinacie\/sukromne-transfery-v-taliansku\/transfery-zo-stanice-tiburtina-na-letisko-v-rime\/\" \/>\n<meta property=\"og:locale\" content=\"sk_SK\" \/>\n<meta property=\"og:type\" content=\"article\" \/>\n<meta property=\"og:title\" content=\"Transfery zo stanice Tiburtina na letisko v R\u00edme | Transfer Europe\" \/>\n<meta property=\"og:description\" content=\"Rezervujte si transfer zo stanice Tiburtina na letisko v R\u00edme s Transfer Europe. U\u017eite si luxusn\u00e9 vozidl\u00e1, profesion\u00e1lne slu\u017eby a pohodln\u00fa cestu \u260e +421940904184\" \/>\n<meta property=\"og:url\" content=\"https:\/\/transfereurope.com\/sk\/destinacie\/sukromne-transfery-v-taliansku\/transfery-zo-stanice-tiburtina-na-letisko-v-rime\/\" \/>\n<meta property=\"og:site_name\" content=\"transfereurope\" \/>\n<meta property=\"og:image\" content=\"https:\/\/transfereurope.com\/wp-content\/uploads\/2025\/08\/Italy-Milan-Transfers-5581-2-1.jpg\" \/>\n\t<meta property=\"og:image:width\" content=\"1500\" \/>\n\t<meta property=\"og:image:height\" content=\"2000\" \/>\n\t<meta property=\"og:image:type\" content=\"image\/jpeg\" \/>\n<meta name=\"twitter:card\" content=\"summary_large_image\" \/>\n<meta name=\"twitter:label1\" content=\"Predpokladan\u00fd \u010das \u010d\u00edtania\" \/>\n\t<meta name=\"twitter:data1\" content=\"4 min\u00faty\" \/>\n<script type=\"application\/ld+json\" class=\"yoast-schema-graph\">{\"@context\":\"https:\/\/schema.org\",\"@graph\":[{\"@type\":\"WebPage\",\"@id\":\"https:\/\/transfereurope.com\/sk\/destinacie\/sukromne-transfery-v-taliansku\/transfery-zo-stanice-tiburtina-na-letisko-v-rime\/\",\"url\":\"https:\/\/transfereurope.com\/sk\/destinacie\/sukromne-transfery-v-taliansku\/transfery-zo-stanice-tiburtina-na-letisko-v-rime\/\",\"name\":\"Transfery zo stanice Tiburtina na letisko v R\u00edme | Transfer Europe\",\"isPartOf\":{\"@id\":\"https:\/\/transfereurope.com\/sk\/#website\"},\"primaryImageOfPage\":{\"@id\":\"https:\/\/transfereurope.com\/sk\/destinacie\/sukromne-transfery-v-taliansku\/transfery-zo-stanice-tiburtina-na-letisko-v-rime\/#primaryimage\"},\"image\":{\"@id\":\"https:\/\/transfereurope.com\/sk\/destinacie\/sukromne-transfery-v-taliansku\/transfery-zo-stanice-tiburtina-na-letisko-v-rime\/#primaryimage\"},\"thumbnailUrl\":\"https:\/\/transfereurope.com\/wp-content\/uploads\/2025\/08\/Italy-Milan-Transfers-5581-2-1.jpg\",\"datePublished\":\"2025-08-05T14:40:22+00:00\",\"description\":\"Rezervujte si transfer zo stanice Tiburtina na letisko v R\u00edme s Transfer Europe. U\u017eite si luxusn\u00e9 vozidl\u00e1, profesion\u00e1lne slu\u017eby a pohodln\u00fa cestu \u260e +421940904184\",\"breadcrumb\":{\"@id\":\"https:\/\/transfereurope.com\/sk\/destinacie\/sukromne-transfery-v-taliansku\/transfery-zo-stanice-tiburtina-na-letisko-v-rime\/#breadcrumb\"},\"inLanguage\":\"sk-SK\",\"potentialAction\":[{\"@type\":\"ReadAction\",\"target\":[\"https:\/\/transfereurope.com\/sk\/destinacie\/sukromne-transfery-v-taliansku\/transfery-zo-stanice-tiburtina-na-letisko-v-rime\/\"]}]},{\"@type\":\"ImageObject\",\"inLanguage\":\"sk-SK\",\"@id\":\"https:\/\/transfereurope.com\/sk\/destinacie\/sukromne-transfery-v-taliansku\/transfery-zo-stanice-tiburtina-na-letisko-v-rime\/#primaryimage\",\"url\":\"https:\/\/transfereurope.com\/wp-content\/uploads\/2025\/08\/Italy-Milan-Transfers-5581-2-1.jpg\",\"contentUrl\":\"https:\/\/transfereurope.com\/wp-content\/uploads\/2025\/08\/Italy-Milan-Transfers-5581-2-1.jpg\",\"width\":1500,\"height\":2000},{\"@type\":\"BreadcrumbList\",\"@id\":\"https:\/\/transfereurope.com\/sk\/destinacie\/sukromne-transfery-v-taliansku\/transfery-zo-stanice-tiburtina-na-letisko-v-rime\/#breadcrumb\",\"itemListElement\":[{\"@type\":\"ListItem\",\"position\":1,\"name\":\"Home\",\"item\":\"https:\/\/transfereurope.com\/sk\/\"},{\"@type\":\"ListItem\",\"position\":2,\"name\":\"Transfery zo stanice Tiburtina na letisko v R\u00edme\"}]},{\"@type\":\"WebSite\",\"@id\":\"https:\/\/transfereurope.com\/sk\/#website\",\"url\":\"https:\/\/transfereurope.com\/sk\/\",\"name\":\"transfereurope\",\"description\":\"\",\"publisher\":{\"@id\":\"https:\/\/transfereurope.com\/sk\/#organization\"},\"potentialAction\":[{\"@type\":\"SearchAction\",\"target\":{\"@type\":\"EntryPoint\",\"urlTemplate\":\"https:\/\/transfereurope.com\/sk\/?s={search_term_string}\"},\"query-input\":{\"@type\":\"PropertyValueSpecification\",\"valueRequired\":true,\"valueName\":\"search_term_string\"}}],\"inLanguage\":\"sk-SK\"},{\"@type\":\"Organization\",\"@id\":\"https:\/\/transfereurope.com\/sk\/#organization\",\"name\":\"transfereurope\",\"url\":\"https:\/\/transfereurope.com\/sk\/\",\"logo\":{\"@type\":\"ImageObject\",\"inLanguage\":\"sk-SK\",\"@id\":\"https:\/\/transfereurope.com\/sk\/#\/schema\/logo\/image\/\",\"url\":\"https:\/\/transfereurope.com\/wp-content\/uploads\/2025\/08\/TRANSFERS-1655.png\",\"contentUrl\":\"https:\/\/transfereurope.com\/wp-content\/uploads\/2025\/08\/TRANSFERS-1655.png\",\"width\":500,\"height\":274,\"caption\":\"transfereurope\"},\"image\":{\"@id\":\"https:\/\/transfereurope.com\/sk\/#\/schema\/logo\/image\/\"}}]}<\/script>\n<!-- \/ Yoast SEO plugin. -->","yoast_head_json":{"title":"Transfery zo stanice Tiburtina na letisko v R\u00edme | Transfer Europe","description":"Rezervujte si transfer zo stanice Tiburtina na letisko v R\u00edme s Transfer Europe. U\u017eite si luxusn\u00e9 vozidl\u00e1, profesion\u00e1lne slu\u017eby a pohodln\u00fa cestu \u260e +421940904184","robots":{"index":"index","follow":"follow","max-snippet":"max-snippet:-1","max-image-preview":"max-image-preview:large","max-video-preview":"max-video-preview:-1"},"canonical":"https:\/\/transfereurope.com\/sk\/destinacie\/sukromne-transfery-v-taliansku\/transfery-zo-stanice-tiburtina-na-letisko-v-rime\/","og_locale":"sk_SK","og_type":"article","og_title":"Transfery zo stanice Tiburtina na letisko v R\u00edme | Transfer Europe","og_description":"Rezervujte si transfer zo stanice Tiburtina na letisko v R\u00edme s Transfer Europe. U\u017eite si luxusn\u00e9 vozidl\u00e1, profesion\u00e1lne slu\u017eby a pohodln\u00fa cestu \u260e +421940904184","og_url":"https:\/\/transfereurope.com\/sk\/destinacie\/sukromne-transfery-v-taliansku\/transfery-zo-stanice-tiburtina-na-letisko-v-rime\/","og_site_name":"transfereurope","og_image":[{"width":1500,"height":2000,"url":"https:\/\/transfereurope.com\/wp-content\/uploads\/2025\/08\/Italy-Milan-Transfers-5581-2-1.jpg","type":"image\/jpeg"}],"twitter_card":"summary_large_image","twitter_misc":{"Predpokladan\u00fd \u010das \u010d\u00edtania":"4 min\u00faty"},"schema":{"@context":"https:\/\/schema.org","@graph":[{"@type":"WebPage","@id":"https:\/\/transfereurope.com\/sk\/destinacie\/sukromne-transfery-v-taliansku\/transfery-zo-stanice-tiburtina-na-letisko-v-rime\/","url":"https:\/\/transfereurope.com\/sk\/destinacie\/sukromne-transfery-v-taliansku\/transfery-zo-stanice-tiburtina-na-letisko-v-rime\/","name":"Transfery zo stanice Tiburtina na letisko v R\u00edme | Transfer Europe","isPartOf":{"@id":"https:\/\/transfereurope.com\/sk\/#website"},"primaryImageOfPage":{"@id":"https:\/\/transfereurope.com\/sk\/destinacie\/sukromne-transfery-v-taliansku\/transfery-zo-stanice-tiburtina-na-letisko-v-rime\/#primaryimage"},"image":{"@id":"https:\/\/transfereurope.com\/sk\/destinacie\/sukromne-transfery-v-taliansku\/transfery-zo-stanice-tiburtina-na-letisko-v-rime\/#primaryimage"},"thumbnailUrl":"https:\/\/transfereurope.com\/wp-content\/uploads\/2025\/08\/Italy-Milan-Transfers-5581-2-1.jpg","datePublished":"2025-08-05T14:40:22+00:00","description":"Rezervujte si transfer zo stanice Tiburtina na letisko v R\u00edme s Transfer Europe. U\u017eite si luxusn\u00e9 vozidl\u00e1, profesion\u00e1lne slu\u017eby a pohodln\u00fa cestu \u260e +421940904184","breadcrumb":{"@id":"https:\/\/transfereurope.com\/sk\/destinacie\/sukromne-transfery-v-taliansku\/transfery-zo-stanice-tiburtina-na-letisko-v-rime\/#breadcrumb"},"inLanguage":"sk-SK","potentialAction":[{"@type":"ReadAction","target":["https:\/\/transfereurope.com\/sk\/destinacie\/sukromne-transfery-v-taliansku\/transfery-zo-stanice-tiburtina-na-letisko-v-rime\/"]}]},{"@type":"ImageObject","inLanguage":"sk-SK","@id":"https:\/\/transfereurope.com\/sk\/destinacie\/sukromne-transfery-v-taliansku\/transfery-zo-stanice-tiburtina-na-letisko-v-rime\/#primaryimage","url":"https:\/\/transfereurope.com\/wp-content\/uploads\/2025\/08\/Italy-Milan-Transfers-5581-2-1.jpg","contentUrl":"https:\/\/transfereurope.com\/wp-content\/uploads\/2025\/08\/Italy-Milan-Transfers-5581-2-1.jpg","width":1500,"height":2000},{"@type":"BreadcrumbList","@id":"https:\/\/transfereurope.com\/sk\/destinacie\/sukromne-transfery-v-taliansku\/transfery-zo-stanice-tiburtina-na-letisko-v-rime\/#breadcrumb","itemListElement":[{"@type":"ListItem","position":1,"name":"Home","item":"https:\/\/transfereurope.com\/sk\/"},{"@type":"ListItem","position":2,"name":"Transfery zo stanice Tiburtina na letisko v R\u00edme"}]},{"@type":"WebSite","@id":"https:\/\/transfereurope.com\/sk\/#website","url":"https:\/\/transfereurope.com\/sk\/","name":"transfereurope","description":"","publisher":{"@id":"https:\/\/transfereurope.com\/sk\/#organization"},"potentialAction":[{"@type":"SearchAction","target":{"@type":"EntryPoint","urlTemplate":"https:\/\/transfereurope.com\/sk\/?s={search_term_string}"},"query-input":{"@type":"PropertyValueSpecification","valueRequired":true,"valueName":"search_term_string"}}],"inLanguage":"sk-SK"},{"@type":"Organization","@id":"https:\/\/transfereurope.com\/sk\/#organization","name":"transfereurope","url":"https:\/\/transfereurope.com\/sk\/","logo":{"@type":"ImageObject","inLanguage":"sk-SK","@id":"https:\/\/transfereurope.com\/sk\/#\/schema\/logo\/image\/","url":"https:\/\/transfereurope.com\/wp-content\/uploads\/2025\/08\/TRANSFERS-1655.png","contentUrl":"https:\/\/transfereurope.com\/wp-content\/uploads\/2025\/08\/TRANSFERS-1655.png","width":500,"height":274,"caption":"transfereurope"},"image":{"@id":"https:\/\/transfereurope.com\/sk\/#\/schema\/logo\/image\/"}}]}},"_links":{"self":[{"href":"https:\/\/transfereurope.com\/sk\/wp-json\/wp\/v2\/pages\/65464","targetHints":{"allow":["GET"]}}],"collection":[{"href":"https:\/\/transfereurope.com\/sk\/wp-json\/wp\/v2\/pages"}],"about":[{"href":"https:\/\/transfereurope.com\/sk\/wp-json\/wp\/v2\/types\/page"}],"author":[{"embeddable":true,"href":"https:\/\/transfereurope.com\/sk\/wp-json\/wp\/v2\/users\/1"}],"replies":[{"embeddable":true,"href":"https:\/\/transfereurope.com\/sk\/wp-json\/wp\/v2\/comments?post=65464"}],"version-history":[{"count":0,"href":"https:\/\/transfereurope.com\/sk\/wp-json\/wp\/v2\/pages\/65464\/revisions"}],"up":[{"embeddable":true,"href":"https:\/\/transfereurope.com\/sk\/wp-json\/wp\/v2\/pages\/20313"}],"wp:featuredmedia":[{"embeddable":true,"href":"https:\/\/transfereurope.com\/sk\/wp-json\/wp\/v2\/media\/65465"}],"wp:attachment":[{"href":"https:\/\/transfereurope.com\/sk\/wp-json\/wp\/v2\/media?parent=65464"}],"curies":[{"name":"wp","href":"https:\/\/api.w.org\/{rel}","templated":true}]}}