{"id":63717,"date":"2025-08-05T14:16:17","date_gmt":"2025-08-05T14:16:17","guid":{"rendered":"https:\/\/transfereurope.com\/transfery-z-milanskeho-letiska-malpensa-k-jazeru-como\/"},"modified":"2025-08-05T14:16:17","modified_gmt":"2025-08-05T14:16:17","slug":"transfery-z-milanskeho-letiska-malpensa-k-jazeru-como","status":"publish","type":"page","link":"https:\/\/transfereurope.com\/sk\/destinacie\/sukromne-transfery-v-taliansku\/transfery-z-milanskeho-letiska-malpensa-k-jazeru-como\/","title":{"rendered":"Transfery z mil\u00e1nskeho letiska Malpensa k jazeru Como"},"content":{"rendered":"\n<div id=\"t4-masthead\" class=\"t4-section  t4-masthead\">\n<div class=\"t4-col text-center\">\n<div class=\"ja-masthead\" >\n<div class=\"ja-masthead-detail\">\n<h1 class=\"ja-masthead-title\">Transfery z mil\u00e1nskeho letiska Malpensa k jazeru Como<\/h1>\n<p>                 <!---->            <\/p>\n<div class=\"block-breadcrumb\">                       <\/div>\n<\/p><\/div>\n<\/p><\/div>\n<pre><\/pre>\n<\/div>\n<\/div>\n<div id=\"t4-main-body\" class=\"t4-section  t4-main-body\" role=\"main body\">\n<div class=\"t4-section-inner container\">\n<div class=\"t4-row row\">\n<div class=\"t4-col col-12 col-xl\">\n<div id=\"system-message-container\"> \t<\/div>\n<div class=\"com-content-article item-page view-tour-detail\">\n<div class=\"tour-top-info clearfix\">\n<div class=\"pull-left\">\n<div class=\"category-article-dot\">\n<div class=\"category-name\"> \t\t\t\t\t<a href=\"\/sk\/destinacie\/sukromne-transfery-v-taliansku\" itemprop=\"genre\">S\u00fakromn\u00e9 \u200b\u200btransfery v Taliansku<\/a> \t\t\t\t<\/div>\n<\/p><\/div>\n<\/p><\/div>\n<div class=\"pull-right\">\n<div class=\"text-danger tour-price\"> \t\t\t\t\t\t<a href=\"\/sk\/rezervovat-transfer\">Rezervova\u0165<\/a><\/div>\n<\/p><\/div>\n<\/p><\/div>\n<p>  \t <!--\t-->  \t<\/p>\n<div class=\"vm-product-container\">\n<figure class=\"pull-left item-image\">\n<div class=\"main-image\"> \t\t<a title=\"Transfers from Milan Malpensa to Lake Como\" rel='vm-additional-images' href=\"\/images\/virtuemart\/product\/Italy Milan Transfers (1)47.jpg\"><img decoding=\"async\"  loading=\"lazy\"  src=\"\/wp-content\/uploads\/2025\/08\/Italy-Milan-Transfers-147-2.jpg\"  alt=\"Transfers from Milan Malpensa to Lake Como\"  \/><\/a>\t\t<\/p>\n<div class=\"clear\"><\/div>\n<\/p><\/div>\n<\/figure>\n<div class=\"vm-product-details-container\">\n<div class=\"spacer-buy-area\">    \t\t \t\t<\/div>\n<\/p><\/div>\n<div class=\"clear\"><\/div>\n<\/p><\/div>\n<div class=\"product-description\" >\n<p style=\"text-align: center;\"><a class=\"btn btn-primary\" href=\"\/sk\/rezervovat-transfer-z-na-letisko\">Rezervova\u0165<\/a><\/p>\n<h2 style=\"text-align: center;\"><strong><br \/>Transfery z Mil\u00e1na Malpensa k jazeru Como s Transfer Europe<br \/><\/strong><\/h2>\n<p>H\u013ead\u00e1te spo\u013eahliv\u00e9 transfery z Mil\u00e1na Malpensa k jazeru Como? Transfer Europe pon\u00faka \u0161pi\u010dkov\u00e9 transferov\u00e9 slu\u017eby, ktor\u00e9 zabezpe\u010dia pohodln\u00fa a luxusn\u00fa cestu. Na\u0161i profesion\u00e1lni \u0161of\u00e9ri a rozmanit\u00fd vozov\u00fd park z n\u00e1s robia najlep\u0161iu vo\u013ebu pre va\u0161e cestovn\u00e9 potreby.<\/p>\n<p><img decoding=\"async\" src=\"\/wp-content\/uploads\/2025\/08\/Italy_Private_Taxi_Transfers_3-24.png\" alt=\"\" \/><\/p>\n<h3>Pre\u010do si vybra\u0165 Transfer Europe na transfer z Mil\u00e1na Malpensa k jazeru Como?<\/h3>\n<h4>Rozsiahla flotila luxusn\u00fdch vozidiel<\/h4>\n<p>V spolo\u010dnosti Transfer Europe sme hrd\u00ed na n\u00e1\u0161 ve\u013ek\u00fd vozov\u00fd park VIP vozidiel, sedanov, SUV, minivanov a mikrobusov. \u010ci u\u017e cestujete sami, s rodinou alebo v skupine, m\u00e1me pre v\u00e1s ide\u00e1lne vozidlo, ktor\u00e9 pohodlne a \u0161t\u00fdlovo vyhovie va\u0161im potreb\u00e1m.<\/p>\n<h4>Profesion\u00e1lne slu\u017eby Meet &amp; Greet<\/h4>\n<p>Na\u0161i vodi\u010di v\u00e1s priv\u00edtaj\u00fa na letisku s ozna\u010den\u00edm, pom\u00f4\u017eu v\u00e1m s bato\u017einou a srde\u010dne v\u00e1s priv\u00edtaj\u00fa v Taliansku. Pon\u00fakame bezplatn\u00e9 \u010dakanie v pr\u00edpade me\u0161kania v\u00e1\u0161ho letu, \u010d\u00edm zabezpe\u010d\u00edme bezstresov\u00fd za\u010diatok va\u0161ej cesty.<\/p>\n<h4>Sc\u00e9nick\u00e1 a pohodln\u00e1 cesta<\/h4>\n<p>Jazero Como je jednou z naj\u010darovnej\u0161\u00edch talianskych destin\u00e1ci\u00ed, ktor\u00e1 je zn\u00e1ma svojou \u00fachvatnou krajinou a o\u010daruj\u00facimi mestami. Na\u0161e\u00a0<strong>transfery z Mil\u00e1na Malpensa<\/strong>\u00a0k jazeru Como\u00a0v\u00e1m umo\u017enia uvo\u013eni\u0165 sa a vychutna\u0165 si malebn\u00fa jazdu, aby bola va\u0161a cesta rovnako pr\u00edjemn\u00e1 ako cie\u013e.<\/p>\n<p style=\"text-align: center;\"><a class=\"btn btn-primary\" href=\"\/sk\/rezervovat-transfer-z-na-letisko\">Rezervova\u0165<\/a><\/p>\n<p style=\"text-align: left;\">\u00a0<img decoding=\"async\" src=\"\/wp-content\/uploads\/2025\/08\/Italy_Private_Taxi_Transfers_4-26.png\" alt=\"\" \/><\/p>\n<h3>Slu\u017eby, ktor\u00e9 pon\u00fakame<\/h3>\n<h4>VIP transfery<\/h4>\n<p>Cestujte v luxuse s na\u0161imi VIP vozidlami, ktor\u00e9 pon\u00fakaj\u00fa maxim\u00e1lny komfort a \u0161t\u00fdl.<\/p>\n<h4>Transfery vhodn\u00e9 pre rodiny<\/h4>\n<p>Na po\u017eiadanie poskytujeme detsk\u00e9 seda\u010dky, \u010d\u00edm zabezpe\u010d\u00edme bezpe\u010dn\u00fa a pohodln\u00fa jazdu pre va\u0161e ratolesti.<\/p>\n<h4>Skupinov\u00e9 prevody<\/h4>\n<p>Na\u0161e minibusy a minivany s\u00fa ide\u00e1lne pre skupiny a pon\u00fakaj\u00fa dostatok priestoru a pohodlia pre v\u0161etk\u00fdch cestuj\u00facich.<\/p>\n<p><img decoding=\"async\" src=\"\/wp-content\/uploads\/2025\/08\/Italy_Private_Taxi_Transfers_2-24.png\" alt=\"\" \/><\/p>\n<h3>V\u00fdhody rezerv\u00e1cie s\u00fakromn\u00e9ho transferu vopred<\/h3>\n<p>Rezerv\u00e1cia\u00a0<strong>transferu z Mil\u00e1na Malpensa k jazeru Como<\/strong>\u00a0vopred prin\u00e1\u0161a mnoh\u00e9 v\u00fdhody:<\/p>\n<ul>\n<li><strong>Dochv\u00ed\u013enos\u0165:<\/strong>\u00a0Na\u0161i vodi\u010di s\u00fa v\u017edy na\u010das a \u010dakaj\u00fa na v\u00e1s na ur\u010denom mieste.<\/li>\n<li><strong>Pomoc s bato\u017einou:<\/strong>\u00a0Na\u0161i vodi\u010di sa postaraj\u00fa o va\u0161u bato\u017einu, \u010d\u00edm v\u00e1m spr\u00edjemnia cestovanie.<\/li>\n<li><strong>Flexibiln\u00e9 cestovanie:<\/strong>\u00a0Po n\u00e1v\u0161teve jazera Como v\u00e1s m\u00f4\u017eeme odviez\u0165 do v\u00e1\u0161ho hotela alebo do akejko\u013evek inej destin\u00e1cie v Taliansku.<\/li>\n<li><strong>Pohodlie a bezpe\u010dnos\u0165:<\/strong>\u00a0Vychutnajte si plynul\u00fa jazdu v na\u0161ich dobre udr\u017eiavan\u00fdch vozidl\u00e1ch, v ktor\u00fdch s\u00fa na po\u017eiadanie k dispoz\u00edcii detsk\u00e9 seda\u010dky.<\/li>\n<\/ul>\n<h3>Pre\u010do nav\u0161t\u00edvi\u0165 jazero Como?<\/h3>\n<p>Jazero Como pri\u0165ahuje turistov svojimi \u00fachvatn\u00fdmi scen\u00e9riami, elegantn\u00fdmi vilami a o\u010daruj\u00facimi mestami. Kri\u0161t\u00e1\u013eovo \u010dist\u00e1 voda, svie\u017ee z\u00e1hrady a mo\u017enosti presk\u00fama\u0165 malebn\u00e9 miesta ako Bellagio, Varenna a Como z neho robia destin\u00e1ciu, ktor\u00fa mus\u00edte nav\u0161t\u00edvi\u0165. \u010ci u\u017e h\u013ead\u00e1te oddych alebo dobrodru\u017estvo, jazero Como pon\u00faka nie\u010do pre ka\u017ed\u00e9ho.<\/p>\n<p style=\"text-align: center;\"><a class=\"btn btn-primary\" href=\"\/sk\/rezervovat-transfer-z-na-letisko\">Rezervova\u0165<\/a><\/p>\n<p style=\"text-align: left;\"><img decoding=\"async\" src=\"\/wp-content\/uploads\/2025\/08\/Italy_Private_Taxi_Transfers_1-32.png\" alt=\"\" \/><\/p>\n<h4>Rezervujte si s\u00fakromn\u00fd transfer e\u0161te dnes!<\/h4>\n<p>Rezervujte si transfery z Mil\u00e1na Malpensa k jazeru Como s Transfer Europe e\u0161te dnes a za\u017eite tie najlep\u0161ie slu\u017eby v oblasti s\u00fakromn\u00fdch transferov. Uspokojujeme potreby podnikate\u013eov, turistov a rod\u00edn a pon\u00fakame rie\u0161enia na mieru, ktor\u00e9 sp\u013a\u0148aj\u00fa va\u0161e \u0161pecifick\u00e9 potreby. Viac inform\u00e1ci\u00ed o na\u0161ich\u00a0<a href=\"\/sk\/destinacie\/sukromne-transfery-v-taliansku\">s\u00fakromn\u00fdch transferoch do Talianska<\/a>\u00a0n\u00e1jdete na na\u0161ej webovej str\u00e1nke alebo n\u00e1s kontaktujte priamo. Sme odhodlan\u00ed poskytn\u00fa\u0165 v\u00e1m tie najlep\u0161ie slu\u017eby transferu v Taliansku.<\/p>\n<\/p><\/div>\n<div class=\"product-price-container\">\n<div class=\"sale-price\"> \t\t<\/div>\n<\/p><\/div>\n<div class=\"options\"><\/div>\n<div> \t\t<\/div>\n<p>   \t        <script type=\"text\/javascript\" ><\/script>  <script type=\"text\/javascript\" ><\/script> <script type=\"text\/javascript\" ><\/script>  <script type=\"text\/javascript\" ><\/script> <script type=\"text\/javascript\" ><\/script> <script type=\"text\/javascript\" ><\/script> <script type=\"text\/javascript\" ><\/script> <\/div>\n<p> \t\t<!-- \u041f\u043b\u0430\u0433\u0438\u043d \u0440\u0435\u0439\u0442\u0438\u043d\u0433\u0430 --> <\/p>\n<div class=\"vrvote-body\">\n<ul class=\"vrvote-ul\">\n<li id=\"rating_540\" class=\"current-rating\" style=\"width:100.00%;\"><\/li>\n<li> \t\t\t\t\t\t<a class=\"vr-one-star\" onclick=\"javascript:JSVRvote(540,1,45,9,0)\" href=\"javascript:void(null)\">1<\/a> \t\t\t\t\t<\/li>\n<li> \t\t\t\t\t\t<a class=\"vr-two-stars\" onclick=\"javascript:JSVRvote(540,2,45,9,0)\" href=\"javascript:void(null)\">2<\/a> \t\t\t\t\t<\/li>\n<li> \t\t\t\t\t\t<a class=\"vr-three-stars\" onclick=\"javascript:JSVRvote(540,3,45,9,0)\" href=\"javascript:void(null)\">3<\/a> \t\t\t\t\t<\/li>\n<li> \t\t\t\t\t\t<a class=\"vr-four-stars\" onclick=\"javascript:JSVRvote(540,4,45,9,0)\" href=\"javascript:void(null)\">4<\/a> \t\t\t\t\t<\/li>\n<li> \t\t\t\t\t\t<a class=\"vr-five-stars\" onclick=\"javascript:JSVRvote(540,5,45,9,0)\" href=\"javascript:void(null)\">5<\/a> \t\t\t\t\t<\/li>\n<\/ul><\/div>\n<p> \t\t\t<span id=\"vrvote_540\" class=\"vrvote-count\"><small><\/small><\/span>\t<\/span><script type=\"application\/ld+json\"><\/script>   <\/div>\n<div class=\"t4-col sidebar-r col-12 col-xl-4\">\n<div class=\"t4-module module\" id=\"Mod306\">\n<div class=\"module-inner\">\n<div class=\"module-ct\">\n<div class=\"bannergroup\">\n<div class=\"banneritem\"> \t\t\t\t\t\t\t\t\t\t\t\t\t\t\t\t\t\t\t\t\t\t\t\t\t\t\t\t\t\t\t\t\t\t\t\t\t\t\t\t\t\t\t\t\t\t\t\t\t\t<img \t\t\t\t\t\tsrc=\"\/wp-content\/uploads\/2025\/08\/banner-transfer-europe-sk-338.png\" \t\t\t\t\t\talt=\"Banner-sk\" \t\t\t\t\t\t\t\t\t\t\t\t\t\t\t\t\t\/> \t\t\t\t\t\t\t\t\t\t\t<\/p>\n<div class=\"clr\"><\/div>\n<\/p><\/div>\n<\/p><\/div>\n<\/p><\/div>\n<\/div>\n<\/div><\/div>\n<\/p><\/div>\n<\/div><\/div>\n<div id=\"t4-section-8\" class=\"t4-section  t4-section-8  section-border-top\" role=\"section-8\">\n<div class=\"bg-overlay bg-overlay-image\">&nbsp;<\/div>\n<\/p><\/div>\n<p>  <a href='javascript:' id='back-to-top'><i class='fa fa-chevron-up'><\/i><\/a>                <\/p>\n","protected":false},"excerpt":{"rendered":"<p>Transfery z mil\u00e1nskeho letiska Malpensa k jazeru Como S\u00fakromn\u00e9 \u200b\u200btransfery v Taliansku Rezervova\u0165 Rezervova\u0165 Transfery z Mil\u00e1na Malpensa k jazeru Como s Transfer Europe H\u013ead\u00e1te spo\u013eahliv\u00e9 transfery z Mil\u00e1na Malpensa k jazeru Como? Transfer Europe pon\u00faka \u0161pi\u010dkov\u00e9 transferov\u00e9 slu\u017eby, ktor\u00e9 zabezpe\u010dia pohodln\u00fa a luxusn\u00fa cestu. Na\u0161i profesion\u00e1lni \u0161of\u00e9ri a rozmanit\u00fd vozov\u00fd park z n\u00e1s robia [&hellip;]<\/p>\n","protected":false},"author":1,"featured_media":63718,"parent":20313,"menu_order":0,"comment_status":"closed","ping_status":"closed","template":"","meta":{"footnotes":""},"class_list":["post-63717","page","type-page","status-publish","has-post-thumbnail","hentry"],"yoast_head":"<!-- This site is optimized with the Yoast SEO plugin v25.6 - https:\/\/yoast.com\/wordpress\/plugins\/seo\/ -->\n<title>Transfery z Mil\u00e1na Malpensa k jazeru Como | Pr\u00e9miov\u00e9 transfery k jazeru Como<\/title>\n<meta name=\"description\" content=\"Rezervujte si transfer z Mil\u00e1na Malpensa k jazeru Como s Transfer Europe a u\u017eite si luxusn\u00fa a pohodln\u00fa cestu. Vyu\u017eite profesion\u00e1lne slu\u017eby meet a greet, \u0161irok\u00fa ponuku vozidiel a bezplatn\u00fd \u010das \u010dakania v pr\u00edpade me\u0161kania letu \u260e +421940904184.\" \/>\n<meta name=\"robots\" content=\"index, follow, max-snippet:-1, max-image-preview:large, max-video-preview:-1\" \/>\n<link rel=\"canonical\" href=\"https:\/\/transfereurope.com\/sk\/destinacie\/sukromne-transfery-v-taliansku\/transfery-z-milanskeho-letiska-malpensa-k-jazeru-como\/\" \/>\n<meta property=\"og:locale\" content=\"sk_SK\" \/>\n<meta property=\"og:type\" content=\"article\" \/>\n<meta property=\"og:title\" content=\"Transfery z Mil\u00e1na Malpensa k jazeru Como | Pr\u00e9miov\u00e9 transfery k jazeru Como\" \/>\n<meta property=\"og:description\" content=\"Rezervujte si transfer z Mil\u00e1na Malpensa k jazeru Como s Transfer Europe a u\u017eite si luxusn\u00fa a pohodln\u00fa cestu. Vyu\u017eite profesion\u00e1lne slu\u017eby meet a greet, \u0161irok\u00fa ponuku vozidiel a bezplatn\u00fd \u010das \u010dakania v pr\u00edpade me\u0161kania letu \u260e +421940904184.\" \/>\n<meta property=\"og:url\" content=\"https:\/\/transfereurope.com\/sk\/destinacie\/sukromne-transfery-v-taliansku\/transfery-z-milanskeho-letiska-malpensa-k-jazeru-como\/\" \/>\n<meta property=\"og:site_name\" content=\"transfereurope\" \/>\n<meta property=\"og:image\" content=\"https:\/\/transfereurope.com\/wp-content\/uploads\/2025\/08\/Italy-Milan-Transfers-147-2-1.jpg\" \/>\n\t<meta property=\"og:image:width\" content=\"1500\" \/>\n\t<meta property=\"og:image:height\" content=\"2000\" \/>\n\t<meta property=\"og:image:type\" content=\"image\/jpeg\" \/>\n<meta name=\"twitter:card\" content=\"summary_large_image\" \/>\n<meta name=\"twitter:label1\" content=\"Predpokladan\u00fd \u010das \u010d\u00edtania\" \/>\n\t<meta name=\"twitter:data1\" content=\"3 min\u00faty\" \/>\n<script type=\"application\/ld+json\" class=\"yoast-schema-graph\">{\"@context\":\"https:\/\/schema.org\",\"@graph\":[{\"@type\":\"WebPage\",\"@id\":\"https:\/\/transfereurope.com\/sk\/destinacie\/sukromne-transfery-v-taliansku\/transfery-z-milanskeho-letiska-malpensa-k-jazeru-como\/\",\"url\":\"https:\/\/transfereurope.com\/sk\/destinacie\/sukromne-transfery-v-taliansku\/transfery-z-milanskeho-letiska-malpensa-k-jazeru-como\/\",\"name\":\"Transfery z Mil\u00e1na Malpensa k jazeru Como | Pr\u00e9miov\u00e9 transfery k jazeru Como\",\"isPartOf\":{\"@id\":\"https:\/\/transfereurope.com\/sk\/#website\"},\"primaryImageOfPage\":{\"@id\":\"https:\/\/transfereurope.com\/sk\/destinacie\/sukromne-transfery-v-taliansku\/transfery-z-milanskeho-letiska-malpensa-k-jazeru-como\/#primaryimage\"},\"image\":{\"@id\":\"https:\/\/transfereurope.com\/sk\/destinacie\/sukromne-transfery-v-taliansku\/transfery-z-milanskeho-letiska-malpensa-k-jazeru-como\/#primaryimage\"},\"thumbnailUrl\":\"https:\/\/transfereurope.com\/wp-content\/uploads\/2025\/08\/Italy-Milan-Transfers-147-2-1.jpg\",\"datePublished\":\"2025-08-05T14:16:17+00:00\",\"description\":\"Rezervujte si transfer z Mil\u00e1na Malpensa k jazeru Como s Transfer Europe a u\u017eite si luxusn\u00fa a pohodln\u00fa cestu. Vyu\u017eite profesion\u00e1lne slu\u017eby meet a greet, \u0161irok\u00fa ponuku vozidiel a bezplatn\u00fd \u010das \u010dakania v pr\u00edpade me\u0161kania letu \u260e +421940904184.\",\"breadcrumb\":{\"@id\":\"https:\/\/transfereurope.com\/sk\/destinacie\/sukromne-transfery-v-taliansku\/transfery-z-milanskeho-letiska-malpensa-k-jazeru-como\/#breadcrumb\"},\"inLanguage\":\"sk-SK\",\"potentialAction\":[{\"@type\":\"ReadAction\",\"target\":[\"https:\/\/transfereurope.com\/sk\/destinacie\/sukromne-transfery-v-taliansku\/transfery-z-milanskeho-letiska-malpensa-k-jazeru-como\/\"]}]},{\"@type\":\"ImageObject\",\"inLanguage\":\"sk-SK\",\"@id\":\"https:\/\/transfereurope.com\/sk\/destinacie\/sukromne-transfery-v-taliansku\/transfery-z-milanskeho-letiska-malpensa-k-jazeru-como\/#primaryimage\",\"url\":\"https:\/\/transfereurope.com\/wp-content\/uploads\/2025\/08\/Italy-Milan-Transfers-147-2-1.jpg\",\"contentUrl\":\"https:\/\/transfereurope.com\/wp-content\/uploads\/2025\/08\/Italy-Milan-Transfers-147-2-1.jpg\",\"width\":1500,\"height\":2000},{\"@type\":\"BreadcrumbList\",\"@id\":\"https:\/\/transfereurope.com\/sk\/destinacie\/sukromne-transfery-v-taliansku\/transfery-z-milanskeho-letiska-malpensa-k-jazeru-como\/#breadcrumb\",\"itemListElement\":[{\"@type\":\"ListItem\",\"position\":1,\"name\":\"Home\",\"item\":\"https:\/\/transfereurope.com\/sk\/\"},{\"@type\":\"ListItem\",\"position\":2,\"name\":\"Transfery z mil\u00e1nskeho letiska Malpensa k jazeru Como\"}]},{\"@type\":\"WebSite\",\"@id\":\"https:\/\/transfereurope.com\/sk\/#website\",\"url\":\"https:\/\/transfereurope.com\/sk\/\",\"name\":\"transfereurope\",\"description\":\"\",\"publisher\":{\"@id\":\"https:\/\/transfereurope.com\/sk\/#organization\"},\"potentialAction\":[{\"@type\":\"SearchAction\",\"target\":{\"@type\":\"EntryPoint\",\"urlTemplate\":\"https:\/\/transfereurope.com\/sk\/?s={search_term_string}\"},\"query-input\":{\"@type\":\"PropertyValueSpecification\",\"valueRequired\":true,\"valueName\":\"search_term_string\"}}],\"inLanguage\":\"sk-SK\"},{\"@type\":\"Organization\",\"@id\":\"https:\/\/transfereurope.com\/sk\/#organization\",\"name\":\"transfereurope\",\"url\":\"https:\/\/transfereurope.com\/sk\/\",\"logo\":{\"@type\":\"ImageObject\",\"inLanguage\":\"sk-SK\",\"@id\":\"https:\/\/transfereurope.com\/sk\/#\/schema\/logo\/image\/\",\"url\":\"https:\/\/transfereurope.com\/wp-content\/uploads\/2025\/08\/TRANSFERS-1655.png\",\"contentUrl\":\"https:\/\/transfereurope.com\/wp-content\/uploads\/2025\/08\/TRANSFERS-1655.png\",\"width\":500,\"height\":274,\"caption\":\"transfereurope\"},\"image\":{\"@id\":\"https:\/\/transfereurope.com\/sk\/#\/schema\/logo\/image\/\"}}]}<\/script>\n<!-- \/ Yoast SEO plugin. -->","yoast_head_json":{"title":"Transfery z Mil\u00e1na Malpensa k jazeru Como | Pr\u00e9miov\u00e9 transfery k jazeru Como","description":"Rezervujte si transfer z Mil\u00e1na Malpensa k jazeru Como s Transfer Europe a u\u017eite si luxusn\u00fa a pohodln\u00fa cestu. Vyu\u017eite profesion\u00e1lne slu\u017eby meet a greet, \u0161irok\u00fa ponuku vozidiel a bezplatn\u00fd \u010das \u010dakania v pr\u00edpade me\u0161kania letu \u260e +421940904184.","robots":{"index":"index","follow":"follow","max-snippet":"max-snippet:-1","max-image-preview":"max-image-preview:large","max-video-preview":"max-video-preview:-1"},"canonical":"https:\/\/transfereurope.com\/sk\/destinacie\/sukromne-transfery-v-taliansku\/transfery-z-milanskeho-letiska-malpensa-k-jazeru-como\/","og_locale":"sk_SK","og_type":"article","og_title":"Transfery z Mil\u00e1na Malpensa k jazeru Como | Pr\u00e9miov\u00e9 transfery k jazeru Como","og_description":"Rezervujte si transfer z Mil\u00e1na Malpensa k jazeru Como s Transfer Europe a u\u017eite si luxusn\u00fa a pohodln\u00fa cestu. Vyu\u017eite profesion\u00e1lne slu\u017eby meet a greet, \u0161irok\u00fa ponuku vozidiel a bezplatn\u00fd \u010das \u010dakania v pr\u00edpade me\u0161kania letu \u260e +421940904184.","og_url":"https:\/\/transfereurope.com\/sk\/destinacie\/sukromne-transfery-v-taliansku\/transfery-z-milanskeho-letiska-malpensa-k-jazeru-como\/","og_site_name":"transfereurope","og_image":[{"width":1500,"height":2000,"url":"https:\/\/transfereurope.com\/wp-content\/uploads\/2025\/08\/Italy-Milan-Transfers-147-2-1.jpg","type":"image\/jpeg"}],"twitter_card":"summary_large_image","twitter_misc":{"Predpokladan\u00fd \u010das \u010d\u00edtania":"3 min\u00faty"},"schema":{"@context":"https:\/\/schema.org","@graph":[{"@type":"WebPage","@id":"https:\/\/transfereurope.com\/sk\/destinacie\/sukromne-transfery-v-taliansku\/transfery-z-milanskeho-letiska-malpensa-k-jazeru-como\/","url":"https:\/\/transfereurope.com\/sk\/destinacie\/sukromne-transfery-v-taliansku\/transfery-z-milanskeho-letiska-malpensa-k-jazeru-como\/","name":"Transfery z Mil\u00e1na Malpensa k jazeru Como | Pr\u00e9miov\u00e9 transfery k jazeru Como","isPartOf":{"@id":"https:\/\/transfereurope.com\/sk\/#website"},"primaryImageOfPage":{"@id":"https:\/\/transfereurope.com\/sk\/destinacie\/sukromne-transfery-v-taliansku\/transfery-z-milanskeho-letiska-malpensa-k-jazeru-como\/#primaryimage"},"image":{"@id":"https:\/\/transfereurope.com\/sk\/destinacie\/sukromne-transfery-v-taliansku\/transfery-z-milanskeho-letiska-malpensa-k-jazeru-como\/#primaryimage"},"thumbnailUrl":"https:\/\/transfereurope.com\/wp-content\/uploads\/2025\/08\/Italy-Milan-Transfers-147-2-1.jpg","datePublished":"2025-08-05T14:16:17+00:00","description":"Rezervujte si transfer z Mil\u00e1na Malpensa k jazeru Como s Transfer Europe a u\u017eite si luxusn\u00fa a pohodln\u00fa cestu. Vyu\u017eite profesion\u00e1lne slu\u017eby meet a greet, \u0161irok\u00fa ponuku vozidiel a bezplatn\u00fd \u010das \u010dakania v pr\u00edpade me\u0161kania letu \u260e +421940904184.","breadcrumb":{"@id":"https:\/\/transfereurope.com\/sk\/destinacie\/sukromne-transfery-v-taliansku\/transfery-z-milanskeho-letiska-malpensa-k-jazeru-como\/#breadcrumb"},"inLanguage":"sk-SK","potentialAction":[{"@type":"ReadAction","target":["https:\/\/transfereurope.com\/sk\/destinacie\/sukromne-transfery-v-taliansku\/transfery-z-milanskeho-letiska-malpensa-k-jazeru-como\/"]}]},{"@type":"ImageObject","inLanguage":"sk-SK","@id":"https:\/\/transfereurope.com\/sk\/destinacie\/sukromne-transfery-v-taliansku\/transfery-z-milanskeho-letiska-malpensa-k-jazeru-como\/#primaryimage","url":"https:\/\/transfereurope.com\/wp-content\/uploads\/2025\/08\/Italy-Milan-Transfers-147-2-1.jpg","contentUrl":"https:\/\/transfereurope.com\/wp-content\/uploads\/2025\/08\/Italy-Milan-Transfers-147-2-1.jpg","width":1500,"height":2000},{"@type":"BreadcrumbList","@id":"https:\/\/transfereurope.com\/sk\/destinacie\/sukromne-transfery-v-taliansku\/transfery-z-milanskeho-letiska-malpensa-k-jazeru-como\/#breadcrumb","itemListElement":[{"@type":"ListItem","position":1,"name":"Home","item":"https:\/\/transfereurope.com\/sk\/"},{"@type":"ListItem","position":2,"name":"Transfery z mil\u00e1nskeho letiska Malpensa k jazeru Como"}]},{"@type":"WebSite","@id":"https:\/\/transfereurope.com\/sk\/#website","url":"https:\/\/transfereurope.com\/sk\/","name":"transfereurope","description":"","publisher":{"@id":"https:\/\/transfereurope.com\/sk\/#organization"},"potentialAction":[{"@type":"SearchAction","target":{"@type":"EntryPoint","urlTemplate":"https:\/\/transfereurope.com\/sk\/?s={search_term_string}"},"query-input":{"@type":"PropertyValueSpecification","valueRequired":true,"valueName":"search_term_string"}}],"inLanguage":"sk-SK"},{"@type":"Organization","@id":"https:\/\/transfereurope.com\/sk\/#organization","name":"transfereurope","url":"https:\/\/transfereurope.com\/sk\/","logo":{"@type":"ImageObject","inLanguage":"sk-SK","@id":"https:\/\/transfereurope.com\/sk\/#\/schema\/logo\/image\/","url":"https:\/\/transfereurope.com\/wp-content\/uploads\/2025\/08\/TRANSFERS-1655.png","contentUrl":"https:\/\/transfereurope.com\/wp-content\/uploads\/2025\/08\/TRANSFERS-1655.png","width":500,"height":274,"caption":"transfereurope"},"image":{"@id":"https:\/\/transfereurope.com\/sk\/#\/schema\/logo\/image\/"}}]}},"_links":{"self":[{"href":"https:\/\/transfereurope.com\/sk\/wp-json\/wp\/v2\/pages\/63717","targetHints":{"allow":["GET"]}}],"collection":[{"href":"https:\/\/transfereurope.com\/sk\/wp-json\/wp\/v2\/pages"}],"about":[{"href":"https:\/\/transfereurope.com\/sk\/wp-json\/wp\/v2\/types\/page"}],"author":[{"embeddable":true,"href":"https:\/\/transfereurope.com\/sk\/wp-json\/wp\/v2\/users\/1"}],"replies":[{"embeddable":true,"href":"https:\/\/transfereurope.com\/sk\/wp-json\/wp\/v2\/comments?post=63717"}],"version-history":[{"count":0,"href":"https:\/\/transfereurope.com\/sk\/wp-json\/wp\/v2\/pages\/63717\/revisions"}],"up":[{"embeddable":true,"href":"https:\/\/transfereurope.com\/sk\/wp-json\/wp\/v2\/pages\/20313"}],"wp:featuredmedia":[{"embeddable":true,"href":"https:\/\/transfereurope.com\/sk\/wp-json\/wp\/v2\/media\/63718"}],"wp:attachment":[{"href":"https:\/\/transfereurope.com\/sk\/wp-json\/wp\/v2\/media?parent=63717"}],"curies":[{"name":"wp","href":"https:\/\/api.w.org\/{rel}","templated":true}]}}