{"id":62431,"date":"2025-08-05T13:58:57","date_gmt":"2025-08-05T13:58:57","guid":{"rendered":"https:\/\/transfereurope.com\/sukromne-transfery-z-na-letisko-taliansko\/"},"modified":"2025-08-05T13:58:57","modified_gmt":"2025-08-05T13:58:57","slug":"sukromne-transfery-z-na-letisko-taliansko","status":"publish","type":"page","link":"https:\/\/transfereurope.com\/sk\/destinacie\/sukromne-transfery-v-taliansku\/sukromne-transfery-z-na-letisko-taliansko\/","title":{"rendered":"S\u00fakromn\u00e9 transfery z a na letisko Taliansko"},"content":{"rendered":"\n<div id=\"t4-masthead\" class=\"t4-section  t4-masthead\">\n<div class=\"t4-col text-center\">\n<div class=\"ja-masthead\" >\n<div class=\"ja-masthead-detail\">\n<h1 class=\"ja-masthead-title\">S\u00fakromn\u00e9 transfery z a na letisko Taliansko<\/h1>\n<p>                 <!---->            <\/p>\n<div class=\"block-breadcrumb\">                       <\/div>\n<\/p><\/div>\n<\/p><\/div>\n<pre><\/pre>\n<\/div>\n<\/div>\n<div id=\"t4-main-body\" class=\"t4-section  t4-main-body\" role=\"main body\">\n<div class=\"t4-section-inner container\">\n<div class=\"t4-row row\">\n<div class=\"t4-col col-12 col-xl\">\n<div id=\"system-message-container\"> \t<\/div>\n<div class=\"com-content-article item-page view-tour-detail\">\n<div class=\"tour-top-info clearfix\">\n<div class=\"pull-left\">\n<div class=\"category-article-dot\">\n<div class=\"category-name\"> \t\t\t\t\t<a href=\"\/sk\/destinacie\/sukromne-transfery-v-taliansku\" itemprop=\"genre\">S\u00fakromn\u00e9 \u200b\u200btransfery v Taliansku<\/a> \t\t\t\t<\/div>\n<\/p><\/div>\n<\/p><\/div>\n<div class=\"pull-right\">\n<div class=\"text-danger tour-price\"> \t\t\t\t\t\t<a href=\"\/sk\/rezervovat-transfer\">Rezervova\u0165<\/a><\/div>\n<\/p><\/div>\n<\/p><\/div>\n<p>  \t <!--\t-->  \t<\/p>\n<div class=\"vm-product-container\">\n<figure class=\"pull-left item-image\">\n<div class=\"main-image\"> \t\t<a title=\"Private Airport Transfers Italy\" rel='vm-additional-images' href=\"\/images\/virtuemart\/product\/Italy Milan Transfers (5)15.jpg\"><img decoding=\"async\"  loading=\"lazy\"  src=\"\/wp-content\/uploads\/2025\/08\/Italy-Milan-Transfers-515-2.jpg\"  alt=\"Private Airport Transfers Italy\"  \/><\/a>\t\t<\/p>\n<div class=\"clear\"><\/div>\n<\/p><\/div>\n<\/figure>\n<div class=\"vm-product-details-container\">\n<div class=\"spacer-buy-area\">    \t\t \t\t<\/div>\n<\/p><\/div>\n<div class=\"clear\"><\/div>\n<\/p><\/div>\n<div class=\"product-description\" >\n<p style=\"text-align: center;\"><a class=\"btn btn-primary\" href=\"\/sk\/rezervovat-transfer-z-na-letisko\">Rezervova\u0165<\/a><\/p>\n<h2 style=\"text-align: center;\"><strong>Luxusn\u00e9 transfery z a na letisko v Taliansku s Transfer Europe<\/strong><\/h2>\n<p>Za\u010dnite a ukon\u010dite svoju cestu v Taliansku na vysokej \u00farovni s v\u00fdnimo\u010dn\u00fdmi letiskov\u00fdmi transfermi v Taliansku od spolo\u010dnosti Transfer Europe. \u010ci u\u017e prilietate na ru\u0161n\u00e9 letisk\u00e1 v R\u00edme, Mil\u00e1ne alebo na malebn\u00e9 letisk\u00e1 v Trevise a Bari, na\u0161e pr\u00e9miov\u00e9 slu\u017eby transferu z letiska v Taliansku v\u00e1m zabezpe\u010dia luxusn\u00fa, pohodln\u00fa a dokonale prisp\u00f4soben\u00fa cestu na letisko a z neho.<\/p>\n<p>Pre cestuj\u00facich, ktor\u00ed h\u013eadaj\u00fa <strong>najlep\u0161ie letiskov\u00e9 transfery v Taliansku<\/strong>, je Transfer Europe najlep\u0161ou vo\u013ebou. Na\u0161e slu\u017eby pon\u00fakaj\u00fa bezprobl\u00e9mov\u00e9 spojenie z ru\u0161n\u00fdch talianskych let\u00edsk do va\u0161ej vybranej destin\u00e1cie, \u010d\u00edm v\u00e1m zabezpe\u010dia bezstresov\u00fd za\u010diatok v\u00e1\u0161ho talianskeho dobrodru\u017estva. \u010ci u\u017e prist\u00e1vate v R\u00edme, Mil\u00e1ne alebo Ben\u00e1tkach, n\u00e1\u0161 rozmanit\u00fd vozov\u00fd park, ktor\u00fd zah\u0155\u0148a luxusn\u00e9 sedany, priestrann\u00e9 minivany a pohodln\u00e9 minibusy, je pripraven\u00fd splni\u0165 va\u0161e potreby. S Transfer Europe m\u00f4\u017eete vyu\u017e\u00edva\u0165 v\u00fdhody v\u010dasn\u00e9ho vyzdvihnutia, profesion\u00e1lnych vodi\u010dov a pokoj, ktor\u00fd prin\u00e1\u0161a spo\u013eahliv\u00e1 a efekt\u00edvna doprava. Nechajte n\u00e1s postara\u0165 sa o logistiku v\u00e1\u0161ho letiskov\u00e9ho transferu, aby ste si mohli odd\u00fdchnu\u0165 a vychutna\u0165 si \u00fa\u017easn\u00fa krajinu a bohat\u00fa kult\u00faru, ktor\u00fa Taliansko pon\u00faka.<\/p>\n<p><img decoding=\"async\" src=\"\/wp-content\/uploads\/2025\/08\/Italy_Private_Taxi_Transfers_3-7.png\" alt=\"\" \/><\/p>\n<h3>Pr\u00e9miov\u00e1 vozov\u00e1 flotila pre pohodln\u00e9 transfery z a na letisko Taliansko<\/h3>\n<p>V spolo\u010dnosti Transfer Europe sme hrd\u00ed na n\u00e1\u0161 v\u0161estrann\u00fd vozov\u00fd park, ktor\u00fd zaru\u010duje vysok\u00fd \u0161tandard pohodlia a \u0161t\u00fdlu. \u010ci u\u017e potrebujete VIP vozidlo na obchodn\u00e9 cesty, sedan na individu\u00e1lne cesty alebo priestrann\u00e9 SUV a minivany na rodinn\u00e9 cestovanie, m\u00e1me dokonal\u00e9 vozidlo pre ka\u017ed\u00e9ho cestuj\u00faceho. Na\u0161e v\u00e4\u010d\u0161ie minibusy s\u00fa ide\u00e1lne na skupinov\u00e9 transfery, v\u010faka ktor\u00fdm bude v\u00e1\u0161 <strong>transfer z letiska do mesta v Taliansku<\/strong> rovnako pohodov\u00fd ako va\u0161a cie\u013eov\u00e1 destin\u00e1cia.<\/p>\n<p style=\"text-align: center;\"><a class=\"btn btn-primary\" href=\"\/sk\/rezervovat-transfer-z-na-letisko\">Rezervova\u0165<\/a><\/p>\n<p style=\"text-align: left;\">\u00a0<img decoding=\"async\" src=\"\/wp-content\/uploads\/2025\/08\/Italy_Private_Taxi_Transfers_4-1.png\" alt=\"\" \/><\/p>\n<h3>Transfery z\/na letisko v Taliansku na mieru pre ka\u017ed\u00fa destin\u00e1ciu<\/h3>\n<p>Objavujte kr\u00e1sy Talianska od okamihu prist\u00e1tia s na\u0161imi flexibiln\u00fdmi <strong>letiskov\u00fdmi transfermi Taliansko<\/strong>. Pon\u00fakame priame transfery z hlavn\u00fdch let\u00edsk na \u013eubovo\u013en\u00e9 miesto v Taliansku, aby ste sa nedostali do \u017eiadnej destin\u00e1cie. \u010ci u\u017e potrebujete r\u00fdchly transfer do centra mesta alebo malebn\u00fa cestu do vzdialenej vidieckej vily, na\u0161e <strong>transfery z letiska Treviso v Taliansko<\/strong> a \u010fal\u0161ie letisk\u00e1 v\u00e1m poskytn\u00fa dokonal\u00fd za\u010diatok v\u00e1\u0161ho talianskeho dobrodru\u017estva.<\/p>\n<p>Transfer Europe vynik\u00e1 v poskytovan\u00ed efekt\u00edvnych letiskov\u00fdch taxi transferov v Taliansku, ktor\u00e9 zabezpe\u010dia hladk\u00fd prechod z letiska do va\u0161ej cie\u013eovej destin\u00e1cie. Na\u0161e taxi transfery z letiska v Taliansku s\u00fa navrhnut\u00e9 pre komfort a pohodlie, v\u010faka \u010domu sa vyhnete nepr\u00edjemn\u00e9mu navigovaniu verejnou dopravou alebo \u010dakaniu na odvoz. \u010ci u\u017e prilietate na ru\u0161n\u00e9 letisk\u00e1 v R\u00edme, Mil\u00e1ne alebo v ktoromko\u013evek inom meste, na\u0161e spo\u013eahliv\u00e9 slu\u017eby v\u00e1m zaru\u010dia, \u017ee v\u00e1s profesion\u00e1lny vodi\u010d bude \u010daka\u0165, aby v\u00e1s odviezol, kamko\u013evek potrebujete. Rozhodnite sa pre transfery tax\u00edkom z letiska Transfer Europe v Taliansku, aby ste mohli za\u010da\u0165 alebo ukon\u010di\u0165 svoju cestu bez stresu a u\u017ei\u0165 si pohodlie s\u00fakromn\u00e9ho tax\u00edka bez ak\u00e9hoko\u013evek me\u0161kania.<\/p>\n<p><img decoding=\"async\" src=\"\/wp-content\/uploads\/2025\/08\/Italy_Private_Taxi_Transfers_2-7.png\" alt=\"\" \/><\/p>\n<h4>Pre\u010do si vybra\u0165 Transfer Europe pre v\u00e1\u0161 transfer z\/na letisko v Taliansku?<\/h4>\n<p>Zvoli\u0165 si Transfer Europe znamen\u00e1 vybra\u0165 si \u0161pi\u010dkov\u00e9 slu\u017eby, flexibilitu v mo\u017enostiach cestovania a z\u00e1v\u00e4zok k pohodliu. Medzi hlavn\u00e9 v\u00fdhody patria:<\/p>\n<ul>\n<li><strong>Rozsiahly a luxusn\u00fd vozov\u00fd park:<\/strong> Na\u0161e vozidl\u00e1 s\u00fa vybaven\u00e9 tak, aby poskytovali pohodlie a eleganciu: od sedanov a\u017e po minibusy.<\/li>\n<li><strong>Pokrytie cel\u00e9ho Talianska:<\/strong> Na\u0161e slu\u017eby sa neobmedzuj\u00fa len na pr\u00edlety; umo\u017e\u0148ujeme odlety na v\u0161etky hlavn\u00e9 a men\u0161ie letisk\u00e1 v celom Taliansku.<\/li>\n<li><strong>Vhodn\u00e9 pre rodiny a podnikate\u013eov:<\/strong> Sme vybaven\u00ed detsk\u00fdmi seda\u010dkami a vybaven\u00edm prisp\u00f4soben\u00fdm pre profesion\u00e1lov v oblasti podnikania a vyhovieme v\u0161etk\u00fdm potreb\u00e1m.<\/li>\n<\/ul>\n<p style=\"text-align: center;\"><a class=\"btn btn-primary\" href=\"\/sk\/rezervovat-transfer-z-na-letisko\">Rezervova\u0165<\/a><\/p>\n<p style=\"text-align: left;\"><img decoding=\"async\" src=\"\/wp-content\/uploads\/2025\/08\/Italy_Private_Taxi_Transfers_1-7.png\" alt=\"\" \/><\/p>\n<h4>Rezervujte si transfer z\/na letisko v Taliansku e\u0161te dnes!<\/h4>\n<p>Zabezpe\u010dte si bezprobl\u00e9mov\u00e9 a pr\u00edjemn\u00e9 cestovanie po Taliansku, rovnako ako samotn\u00fa destin\u00e1ciu. Kontaktujte Transfer Europe a dohodnite si <a href=\"\/sk\/destinacie\/sukromne-transfery-v-taliansku\">transfer z letiska v Taliansku<\/a> alebo napl\u00e1nujte pohodln\u00fd odlet z Talianska. Transfer si m\u00f4\u017eete jednoducho rezervova\u0165 vyplnen\u00edm formul\u00e1ra, ktor\u00fd je k dispoz\u00edcii prostredn\u00edctvom tla\u010didla na na\u0161ej webovej str\u00e1nke, alebo priamo kontaktova\u0165 na\u0161ich mana\u017e\u00e9rov prostredn\u00edctvom messengerov alebo e-mailu, ktor\u00fd n\u00e1jdete v \u010dasti kontakty. Ide\u00e1lne pre turistov aj obchodn\u00fdch cestuj\u00facich, v\u010faka n\u00e1m je cestovanie v Taliansku bezprobl\u00e9mov\u00e9 a \u0161t\u00fdlov\u00e9. Viac inform\u00e1ci\u00ed o na\u0161ich s\u00fakromn\u00fdch transferoch do Talianska n\u00e1jdete na na\u0161ej webovej str\u00e1nke alebo n\u00e1s kontaktujte priamo. Sme odhodlan\u00ed poskytn\u00fa\u0165 v\u00e1m tie najlep\u0161ie slu\u017eby transferu v Taliansku.<\/p>\n<\/p><\/div>\n<div class=\"product-price-container\">\n<div class=\"sale-price\"> \t\t<\/div>\n<\/p><\/div>\n<div class=\"options\"><\/div>\n<div> \t\t<\/div>\n<p>   \t        <script type=\"text\/javascript\" ><\/script>  <script type=\"text\/javascript\" ><\/script> <script type=\"text\/javascript\" ><\/script>  <script type=\"text\/javascript\" ><\/script> <script type=\"text\/javascript\" ><\/script> <script type=\"text\/javascript\" ><\/script> <script type=\"text\/javascript\" ><\/script> <\/div>\n<p> \t\t<!-- \u041f\u043b\u0430\u0433\u0438\u043d \u0440\u0435\u0439\u0442\u0438\u043d\u0433\u0430 --> <\/p>\n<div class=\"vrvote-body\">\n<ul class=\"vrvote-ul\">\n<li id=\"rating_491\" class=\"current-rating\" style=\"width:100.00%;\"><\/li>\n<li> \t\t\t\t\t\t<a class=\"vr-one-star\" onclick=\"javascript:JSVRvote(491,1,45,9,0)\" href=\"javascript:void(null)\">1<\/a> \t\t\t\t\t<\/li>\n<li> \t\t\t\t\t\t<a class=\"vr-two-stars\" onclick=\"javascript:JSVRvote(491,2,45,9,0)\" href=\"javascript:void(null)\">2<\/a> \t\t\t\t\t<\/li>\n<li> \t\t\t\t\t\t<a class=\"vr-three-stars\" onclick=\"javascript:JSVRvote(491,3,45,9,0)\" href=\"javascript:void(null)\">3<\/a> \t\t\t\t\t<\/li>\n<li> \t\t\t\t\t\t<a class=\"vr-four-stars\" onclick=\"javascript:JSVRvote(491,4,45,9,0)\" href=\"javascript:void(null)\">4<\/a> \t\t\t\t\t<\/li>\n<li> \t\t\t\t\t\t<a class=\"vr-five-stars\" onclick=\"javascript:JSVRvote(491,5,45,9,0)\" href=\"javascript:void(null)\">5<\/a> \t\t\t\t\t<\/li>\n<\/ul><\/div>\n<p> \t\t\t<span id=\"vrvote_491\" class=\"vrvote-count\"><small><\/small><\/span>\t<\/span><script type=\"application\/ld+json\"><\/script>   <\/div>\n<div class=\"t4-col sidebar-r col-12 col-xl-4\">\n<div class=\"t4-module module\" id=\"Mod306\">\n<div class=\"module-inner\">\n<div class=\"module-ct\">\n<div class=\"bannergroup\">\n<div class=\"banneritem\"> \t\t\t\t\t\t\t\t\t\t\t\t\t\t\t\t\t\t\t\t\t\t\t\t\t\t\t\t\t\t\t\t\t\t\t\t\t\t\t\t\t\t\t\t\t\t\t\t\t\t<img \t\t\t\t\t\tsrc=\"\/wp-content\/uploads\/2025\/08\/banner-transfer-europe-sk-330.png\" \t\t\t\t\t\talt=\"Banner-sk\" \t\t\t\t\t\t\t\t\t\t\t\t\t\t\t\t\t\/> \t\t\t\t\t\t\t\t\t\t\t<\/p>\n<div class=\"clr\"><\/div>\n<\/p><\/div>\n<\/p><\/div>\n<\/p><\/div>\n<\/div>\n<\/div><\/div>\n<\/p><\/div>\n<\/div><\/div>\n<div id=\"t4-section-8\" class=\"t4-section  t4-section-8  section-border-top\" role=\"section-8\">\n<div class=\"bg-overlay bg-overlay-image\">&nbsp;<\/div>\n<\/p><\/div>\n<p>  <a href='javascript:' id='back-to-top'><i class='fa fa-chevron-up'><\/i><\/a>                <\/p>\n","protected":false},"excerpt":{"rendered":"<p>S\u00fakromn\u00e9 transfery z a na letisko Taliansko S\u00fakromn\u00e9 \u200b\u200btransfery v Taliansku Rezervova\u0165 Rezervova\u0165 Luxusn\u00e9 transfery z a na letisko v Taliansku s Transfer Europe Za\u010dnite a ukon\u010dite svoju cestu v Taliansku na vysokej \u00farovni s v\u00fdnimo\u010dn\u00fdmi letiskov\u00fdmi transfermi v Taliansku od spolo\u010dnosti Transfer Europe. \u010ci u\u017e prilietate na ru\u0161n\u00e9 letisk\u00e1 v R\u00edme, Mil\u00e1ne alebo na [&hellip;]<\/p>\n","protected":false},"author":1,"featured_media":62432,"parent":20313,"menu_order":0,"comment_status":"closed","ping_status":"closed","template":"","meta":{"footnotes":""},"class_list":["post-62431","page","type-page","status-publish","has-post-thumbnail","hentry"],"yoast_head":"<!-- This site is optimized with the Yoast SEO plugin v25.6 - https:\/\/yoast.com\/wordpress\/plugins\/seo\/ -->\n<title>Luxusn\u00e9 transfery z a na letisko v Taliansku | VIP, rodinn\u00e9, firemn\u00e9<\/title>\n<meta name=\"description\" content=\"Rezervujte si luxusn\u00fd letiskov\u00fd transfer v Taliansku s Transfer Europe. Flexibiln\u00e9 slu\u017eby na mieru zo v\u0161etk\u00fdch hlavn\u00fdch let\u00edsk. Zavolajte: \u260e +421940904184\" \/>\n<meta name=\"robots\" content=\"index, follow, max-snippet:-1, max-image-preview:large, max-video-preview:-1\" \/>\n<link rel=\"canonical\" href=\"https:\/\/transfereurope.com\/sk\/destinacie\/sukromne-transfery-v-taliansku\/sukromne-transfery-z-na-letisko-taliansko\/\" \/>\n<meta property=\"og:locale\" content=\"sk_SK\" \/>\n<meta property=\"og:type\" content=\"article\" \/>\n<meta property=\"og:title\" content=\"Luxusn\u00e9 transfery z a na letisko v Taliansku | VIP, rodinn\u00e9, firemn\u00e9\" \/>\n<meta property=\"og:description\" content=\"Rezervujte si luxusn\u00fd letiskov\u00fd transfer v Taliansku s Transfer Europe. Flexibiln\u00e9 slu\u017eby na mieru zo v\u0161etk\u00fdch hlavn\u00fdch let\u00edsk. Zavolajte: \u260e +421940904184\" \/>\n<meta property=\"og:url\" content=\"https:\/\/transfereurope.com\/sk\/destinacie\/sukromne-transfery-v-taliansku\/sukromne-transfery-z-na-letisko-taliansko\/\" \/>\n<meta property=\"og:site_name\" content=\"transfereurope\" \/>\n<meta property=\"og:image\" content=\"https:\/\/transfereurope.com\/wp-content\/uploads\/2025\/08\/Italy-Milan-Transfers-515-2-1.jpg\" \/>\n\t<meta property=\"og:image:width\" content=\"1500\" \/>\n\t<meta property=\"og:image:height\" content=\"2000\" \/>\n\t<meta property=\"og:image:type\" content=\"image\/jpeg\" \/>\n<meta name=\"twitter:card\" content=\"summary_large_image\" \/>\n<meta name=\"twitter:label1\" content=\"Predpokladan\u00fd \u010das \u010d\u00edtania\" \/>\n\t<meta name=\"twitter:data1\" content=\"4 min\u00faty\" \/>\n<script type=\"application\/ld+json\" class=\"yoast-schema-graph\">{\"@context\":\"https:\/\/schema.org\",\"@graph\":[{\"@type\":\"WebPage\",\"@id\":\"https:\/\/transfereurope.com\/sk\/destinacie\/sukromne-transfery-v-taliansku\/sukromne-transfery-z-na-letisko-taliansko\/\",\"url\":\"https:\/\/transfereurope.com\/sk\/destinacie\/sukromne-transfery-v-taliansku\/sukromne-transfery-z-na-letisko-taliansko\/\",\"name\":\"Luxusn\u00e9 transfery z a na letisko v Taliansku | VIP, rodinn\u00e9, firemn\u00e9\",\"isPartOf\":{\"@id\":\"https:\/\/transfereurope.com\/sk\/#website\"},\"primaryImageOfPage\":{\"@id\":\"https:\/\/transfereurope.com\/sk\/destinacie\/sukromne-transfery-v-taliansku\/sukromne-transfery-z-na-letisko-taliansko\/#primaryimage\"},\"image\":{\"@id\":\"https:\/\/transfereurope.com\/sk\/destinacie\/sukromne-transfery-v-taliansku\/sukromne-transfery-z-na-letisko-taliansko\/#primaryimage\"},\"thumbnailUrl\":\"https:\/\/transfereurope.com\/wp-content\/uploads\/2025\/08\/Italy-Milan-Transfers-515-2-1.jpg\",\"datePublished\":\"2025-08-05T13:58:57+00:00\",\"description\":\"Rezervujte si luxusn\u00fd letiskov\u00fd transfer v Taliansku s Transfer Europe. Flexibiln\u00e9 slu\u017eby na mieru zo v\u0161etk\u00fdch hlavn\u00fdch let\u00edsk. Zavolajte: \u260e +421940904184\",\"breadcrumb\":{\"@id\":\"https:\/\/transfereurope.com\/sk\/destinacie\/sukromne-transfery-v-taliansku\/sukromne-transfery-z-na-letisko-taliansko\/#breadcrumb\"},\"inLanguage\":\"sk-SK\",\"potentialAction\":[{\"@type\":\"ReadAction\",\"target\":[\"https:\/\/transfereurope.com\/sk\/destinacie\/sukromne-transfery-v-taliansku\/sukromne-transfery-z-na-letisko-taliansko\/\"]}]},{\"@type\":\"ImageObject\",\"inLanguage\":\"sk-SK\",\"@id\":\"https:\/\/transfereurope.com\/sk\/destinacie\/sukromne-transfery-v-taliansku\/sukromne-transfery-z-na-letisko-taliansko\/#primaryimage\",\"url\":\"https:\/\/transfereurope.com\/wp-content\/uploads\/2025\/08\/Italy-Milan-Transfers-515-2-1.jpg\",\"contentUrl\":\"https:\/\/transfereurope.com\/wp-content\/uploads\/2025\/08\/Italy-Milan-Transfers-515-2-1.jpg\",\"width\":1500,\"height\":2000},{\"@type\":\"BreadcrumbList\",\"@id\":\"https:\/\/transfereurope.com\/sk\/destinacie\/sukromne-transfery-v-taliansku\/sukromne-transfery-z-na-letisko-taliansko\/#breadcrumb\",\"itemListElement\":[{\"@type\":\"ListItem\",\"position\":1,\"name\":\"Home\",\"item\":\"https:\/\/transfereurope.com\/sk\/\"},{\"@type\":\"ListItem\",\"position\":2,\"name\":\"S\u00fakromn\u00e9 transfery z a na letisko Taliansko\"}]},{\"@type\":\"WebSite\",\"@id\":\"https:\/\/transfereurope.com\/sk\/#website\",\"url\":\"https:\/\/transfereurope.com\/sk\/\",\"name\":\"transfereurope\",\"description\":\"\",\"publisher\":{\"@id\":\"https:\/\/transfereurope.com\/sk\/#organization\"},\"potentialAction\":[{\"@type\":\"SearchAction\",\"target\":{\"@type\":\"EntryPoint\",\"urlTemplate\":\"https:\/\/transfereurope.com\/sk\/?s={search_term_string}\"},\"query-input\":{\"@type\":\"PropertyValueSpecification\",\"valueRequired\":true,\"valueName\":\"search_term_string\"}}],\"inLanguage\":\"sk-SK\"},{\"@type\":\"Organization\",\"@id\":\"https:\/\/transfereurope.com\/sk\/#organization\",\"name\":\"transfereurope\",\"url\":\"https:\/\/transfereurope.com\/sk\/\",\"logo\":{\"@type\":\"ImageObject\",\"inLanguage\":\"sk-SK\",\"@id\":\"https:\/\/transfereurope.com\/sk\/#\/schema\/logo\/image\/\",\"url\":\"https:\/\/transfereurope.com\/wp-content\/uploads\/2025\/08\/TRANSFERS-1655.png\",\"contentUrl\":\"https:\/\/transfereurope.com\/wp-content\/uploads\/2025\/08\/TRANSFERS-1655.png\",\"width\":500,\"height\":274,\"caption\":\"transfereurope\"},\"image\":{\"@id\":\"https:\/\/transfereurope.com\/sk\/#\/schema\/logo\/image\/\"}}]}<\/script>\n<!-- \/ Yoast SEO plugin. -->","yoast_head_json":{"title":"Luxusn\u00e9 transfery z a na letisko v Taliansku | VIP, rodinn\u00e9, firemn\u00e9","description":"Rezervujte si luxusn\u00fd letiskov\u00fd transfer v Taliansku s Transfer Europe. Flexibiln\u00e9 slu\u017eby na mieru zo v\u0161etk\u00fdch hlavn\u00fdch let\u00edsk. Zavolajte: \u260e +421940904184","robots":{"index":"index","follow":"follow","max-snippet":"max-snippet:-1","max-image-preview":"max-image-preview:large","max-video-preview":"max-video-preview:-1"},"canonical":"https:\/\/transfereurope.com\/sk\/destinacie\/sukromne-transfery-v-taliansku\/sukromne-transfery-z-na-letisko-taliansko\/","og_locale":"sk_SK","og_type":"article","og_title":"Luxusn\u00e9 transfery z a na letisko v Taliansku | VIP, rodinn\u00e9, firemn\u00e9","og_description":"Rezervujte si luxusn\u00fd letiskov\u00fd transfer v Taliansku s Transfer Europe. Flexibiln\u00e9 slu\u017eby na mieru zo v\u0161etk\u00fdch hlavn\u00fdch let\u00edsk. Zavolajte: \u260e +421940904184","og_url":"https:\/\/transfereurope.com\/sk\/destinacie\/sukromne-transfery-v-taliansku\/sukromne-transfery-z-na-letisko-taliansko\/","og_site_name":"transfereurope","og_image":[{"width":1500,"height":2000,"url":"https:\/\/transfereurope.com\/wp-content\/uploads\/2025\/08\/Italy-Milan-Transfers-515-2-1.jpg","type":"image\/jpeg"}],"twitter_card":"summary_large_image","twitter_misc":{"Predpokladan\u00fd \u010das \u010d\u00edtania":"4 min\u00faty"},"schema":{"@context":"https:\/\/schema.org","@graph":[{"@type":"WebPage","@id":"https:\/\/transfereurope.com\/sk\/destinacie\/sukromne-transfery-v-taliansku\/sukromne-transfery-z-na-letisko-taliansko\/","url":"https:\/\/transfereurope.com\/sk\/destinacie\/sukromne-transfery-v-taliansku\/sukromne-transfery-z-na-letisko-taliansko\/","name":"Luxusn\u00e9 transfery z a na letisko v Taliansku | VIP, rodinn\u00e9, firemn\u00e9","isPartOf":{"@id":"https:\/\/transfereurope.com\/sk\/#website"},"primaryImageOfPage":{"@id":"https:\/\/transfereurope.com\/sk\/destinacie\/sukromne-transfery-v-taliansku\/sukromne-transfery-z-na-letisko-taliansko\/#primaryimage"},"image":{"@id":"https:\/\/transfereurope.com\/sk\/destinacie\/sukromne-transfery-v-taliansku\/sukromne-transfery-z-na-letisko-taliansko\/#primaryimage"},"thumbnailUrl":"https:\/\/transfereurope.com\/wp-content\/uploads\/2025\/08\/Italy-Milan-Transfers-515-2-1.jpg","datePublished":"2025-08-05T13:58:57+00:00","description":"Rezervujte si luxusn\u00fd letiskov\u00fd transfer v Taliansku s Transfer Europe. Flexibiln\u00e9 slu\u017eby na mieru zo v\u0161etk\u00fdch hlavn\u00fdch let\u00edsk. Zavolajte: \u260e +421940904184","breadcrumb":{"@id":"https:\/\/transfereurope.com\/sk\/destinacie\/sukromne-transfery-v-taliansku\/sukromne-transfery-z-na-letisko-taliansko\/#breadcrumb"},"inLanguage":"sk-SK","potentialAction":[{"@type":"ReadAction","target":["https:\/\/transfereurope.com\/sk\/destinacie\/sukromne-transfery-v-taliansku\/sukromne-transfery-z-na-letisko-taliansko\/"]}]},{"@type":"ImageObject","inLanguage":"sk-SK","@id":"https:\/\/transfereurope.com\/sk\/destinacie\/sukromne-transfery-v-taliansku\/sukromne-transfery-z-na-letisko-taliansko\/#primaryimage","url":"https:\/\/transfereurope.com\/wp-content\/uploads\/2025\/08\/Italy-Milan-Transfers-515-2-1.jpg","contentUrl":"https:\/\/transfereurope.com\/wp-content\/uploads\/2025\/08\/Italy-Milan-Transfers-515-2-1.jpg","width":1500,"height":2000},{"@type":"BreadcrumbList","@id":"https:\/\/transfereurope.com\/sk\/destinacie\/sukromne-transfery-v-taliansku\/sukromne-transfery-z-na-letisko-taliansko\/#breadcrumb","itemListElement":[{"@type":"ListItem","position":1,"name":"Home","item":"https:\/\/transfereurope.com\/sk\/"},{"@type":"ListItem","position":2,"name":"S\u00fakromn\u00e9 transfery z a na letisko Taliansko"}]},{"@type":"WebSite","@id":"https:\/\/transfereurope.com\/sk\/#website","url":"https:\/\/transfereurope.com\/sk\/","name":"transfereurope","description":"","publisher":{"@id":"https:\/\/transfereurope.com\/sk\/#organization"},"potentialAction":[{"@type":"SearchAction","target":{"@type":"EntryPoint","urlTemplate":"https:\/\/transfereurope.com\/sk\/?s={search_term_string}"},"query-input":{"@type":"PropertyValueSpecification","valueRequired":true,"valueName":"search_term_string"}}],"inLanguage":"sk-SK"},{"@type":"Organization","@id":"https:\/\/transfereurope.com\/sk\/#organization","name":"transfereurope","url":"https:\/\/transfereurope.com\/sk\/","logo":{"@type":"ImageObject","inLanguage":"sk-SK","@id":"https:\/\/transfereurope.com\/sk\/#\/schema\/logo\/image\/","url":"https:\/\/transfereurope.com\/wp-content\/uploads\/2025\/08\/TRANSFERS-1655.png","contentUrl":"https:\/\/transfereurope.com\/wp-content\/uploads\/2025\/08\/TRANSFERS-1655.png","width":500,"height":274,"caption":"transfereurope"},"image":{"@id":"https:\/\/transfereurope.com\/sk\/#\/schema\/logo\/image\/"}}]}},"_links":{"self":[{"href":"https:\/\/transfereurope.com\/sk\/wp-json\/wp\/v2\/pages\/62431","targetHints":{"allow":["GET"]}}],"collection":[{"href":"https:\/\/transfereurope.com\/sk\/wp-json\/wp\/v2\/pages"}],"about":[{"href":"https:\/\/transfereurope.com\/sk\/wp-json\/wp\/v2\/types\/page"}],"author":[{"embeddable":true,"href":"https:\/\/transfereurope.com\/sk\/wp-json\/wp\/v2\/users\/1"}],"replies":[{"embeddable":true,"href":"https:\/\/transfereurope.com\/sk\/wp-json\/wp\/v2\/comments?post=62431"}],"version-history":[{"count":0,"href":"https:\/\/transfereurope.com\/sk\/wp-json\/wp\/v2\/pages\/62431\/revisions"}],"up":[{"embeddable":true,"href":"https:\/\/transfereurope.com\/sk\/wp-json\/wp\/v2\/pages\/20313"}],"wp:featuredmedia":[{"embeddable":true,"href":"https:\/\/transfereurope.com\/sk\/wp-json\/wp\/v2\/media\/62432"}],"wp:attachment":[{"href":"https:\/\/transfereurope.com\/sk\/wp-json\/wp\/v2\/media?parent=62431"}],"curies":[{"name":"wp","href":"https:\/\/api.w.org\/{rel}","templated":true}]}}