{"id":62305,"date":"2025-08-05T13:57:11","date_gmt":"2025-08-05T13:57:11","guid":{"rendered":"https:\/\/transfereurope.com\/transfery-z-letiska-zeneva-do-les-houches\/"},"modified":"2025-08-05T13:57:11","modified_gmt":"2025-08-05T13:57:11","slug":"transfery-z-letiska-zeneva-do-les-houches","status":"publish","type":"page","link":"https:\/\/transfereurope.com\/sk\/destinacie\/svajciarske-transfery\/transfery-z-letiska-zeneva-do-les-houches\/","title":{"rendered":"Transfery z letiska \u017deneva do Les Houches"},"content":{"rendered":"\n<div id=\"t4-masthead\" class=\"t4-section  t4-masthead\">\n<div class=\"t4-col text-center\">\n<div class=\"ja-masthead\" >\n<div class=\"ja-masthead-detail\">\n<h1 class=\"ja-masthead-title\">Transfery z letiska \u017deneva do Les Houches<\/h1>\n<p>                 <!---->            <\/p>\n<div class=\"block-breadcrumb\">                       <\/div>\n<\/p><\/div>\n<\/p><\/div>\n<pre><\/pre>\n<\/div>\n<\/div>\n<div id=\"t4-main-body\" class=\"t4-section  t4-main-body\" role=\"main body\">\n<div class=\"t4-section-inner container\">\n<div class=\"t4-row row\">\n<div class=\"t4-col col-12 col-xl\">\n<div id=\"system-message-container\"> \t<\/div>\n<div class=\"com-content-article item-page view-tour-detail\">\n<div class=\"tour-top-info clearfix\">\n<div class=\"pull-left\">\n<div class=\"category-article-dot\">\n<div class=\"category-name\"> \t\t\t\t\t<a href=\"\/sk\/destinacie\/svajciarske-transfery\" itemprop=\"genre\">Transfery do \u0160vaj\u010diarska<\/a> \t\t\t\t<\/div>\n<\/p><\/div>\n<\/p><\/div>\n<div class=\"pull-right\">\n<div class=\"text-danger tour-price\"> \t\t\t\t\t\t<a href=\"\/sk\/rezervovat-transfer\">Rezervova\u0165<\/a><\/div>\n<\/p><\/div>\n<\/p><\/div>\n<p>  \t <!--\t-->  \t<\/p>\n<div class=\"vm-product-container\">\n<figure class=\"pull-left item-image\">\n<div class=\"main-image\"> \t\t<a title=\"Geneva Airport Transfers to Les Houches\" rel='vm-additional-images' href=\"\/images\/virtuemart\/product\/Italy Milan Transfers (2)23.jpg\"><img decoding=\"async\"  loading=\"lazy\"  src=\"\/wp-content\/uploads\/2025\/08\/Italy-Milan-Transfers-223-2.jpg\"  alt=\"Geneva Airport Transfers to Les Houches\"  \/><\/a>\t\t<\/p>\n<div class=\"clear\"><\/div>\n<\/p><\/div>\n<\/figure>\n<div class=\"vm-product-details-container\">\n<div class=\"spacer-buy-area\">    \t\t \t\t<\/div>\n<\/p><\/div>\n<div class=\"clear\"><\/div>\n<\/p><\/div>\n<div class=\"product-description\" >\n<p style=\"text-align: center;\"><a class=\"btn btn-primary\" href=\"\/sk\/rezervovat-transfer-z-na-letisko\">Rezervova\u0165<\/a><\/p>\n<h2 style=\"text-align: center;\">Transfery z letiska \u017deneva do Les Houches s Transfer Europe<\/h2>\n<h3>S\u00fakromn\u00e9 transfery z letiska \u017deneva do Les Houches<\/h3>\n<p>Za\u017eite maxim\u00e1lny komfort a pohodlie s na\u0161imi s\u00fakromn\u00fdmi transfermi z letiska \u017deneva do Les Houches. V spolo\u010dnosti Transfer Europe sa venujeme poskytovaniu \u0161pi\u010dkov\u00fdch dopravn\u00fdch rie\u0161en\u00ed prisp\u00f4soben\u00fdch potreb\u00e1m obchodn\u00fdch pracovn\u00edkov, turistov a obyvate\u013eov \u0160vaj\u010diarska, ktor\u00ed pri cestovan\u00ed uprednost\u0148uj\u00fa efekt\u00edvnos\u0165 a luxus.<\/p>\n<p><img decoding=\"async\" style=\"display: block; margin-left: auto; margin-right: auto;\" src=\"\/wp-content\/uploads\/2025\/08\/Airport_Transfer_Switzerland_2-186.jpg\" alt=\"\" \/><\/p>\n<h3>Pre\u010do si vybra\u0165 Transfer Europe pre v\u00e1\u0161 transfer z letiska \u017deneva do Les Houches?<\/h3>\n<p>N\u00e1\u0161 vozov\u00fd park zah\u0155\u0148a \u0161irok\u00fa \u0161k\u00e1lu vozidiel, ktor\u00e9 vyhovuj\u00fa va\u0161im potreb\u00e1m, vr\u00e1tane sedanov, minivanov, SUV a mikrobusov. Ka\u017ed\u00e9 vozidlo je starostlivo udr\u017eiavan\u00e9, aby sa zabezpe\u010dila \u010dist\u00e1 a pohodln\u00e1 jazda. Na\u0161i profesion\u00e1lni a priate\u013esk\u00ed vodi\u010di s\u00fa k dispoz\u00edcii 24 hod\u00edn denne, 7 dn\u00ed v t\u00fd\u017edni a s\u00fa pripraven\u00ed zabezpe\u010di\u0165 bezprobl\u00e9mov\u00e9 cestovanie.<\/p>\n<h4>Preh\u013ead vozidlov\u00e9ho parku<\/h4>\n<ul>\n<li><strong>Sedany:<\/strong> Ide\u00e1lne pre individu\u00e1lnych cestuj\u00facich alebo mal\u00e9 skupiny, ktor\u00e9 h\u013eadaj\u00fa luxusn\u00fa jazdu.<\/li>\n<li><strong>Minivany:<\/strong> Ide\u00e1lne pre rodiny alebo skupiny, ktor\u00e9 potrebuj\u00fa viac priestoru a pohodlia.<\/li>\n<li><strong>SUV:<\/strong> Vhodn\u00e9 pre cestuj\u00facich, ktor\u00ed h\u013eadaj\u00fa robustn\u00fa a \u0161t\u00fdlov\u00fa mo\u017enos\u0165 cestovania.<\/li>\n<li><strong>Minibusy:<\/strong> Vynikaj\u00face pre v\u00e4\u010d\u0161ie skupiny, ktor\u00e9 zabezpe\u010dia, \u017ee v\u0161etci bud\u00fa cestova\u0165 spolu a v pohodl\u00ed.<\/li>\n<\/ul>\n<p style=\"text-align: center;\"><a class=\"btn btn-primary\" href=\"\/sk\/rezervovat-transfer-z-na-letisko\">Rezervova\u0165<\/a><\/p>\n<h3>Podrobnosti o cestovan\u00ed: Z letiska \u017deneva do Les Houches<\/h3>\n<p>Malebn\u00e1 cesta z letiska \u017deneva do Les Houches trv\u00e1 pribli\u017ene 85 kilometrov a v z\u00e1vislosti od dopravn\u00fdch a poveternostn\u00fdch podmienok trv\u00e1 pribli\u017ene 1,5 hodiny. Les Houches, zn\u00e1me svojou n\u00e1dhernou alpskou scen\u00e9riou a outdoorov\u00fdmi aktivitami, je destin\u00e1ciou, ktor\u00e1 s\u013eubuje dobrodru\u017estvo aj oddych.<\/p>\n<h3>V\u00fdhody v\u00fdberu Transfer Europe<\/h3>\n<ul>\n<li><strong>Dochv\u00ed\u013enos\u0165:<\/strong> Cen\u00edme si v\u00e1\u0161 \u010das a zabezpe\u010dujeme v\u010dasn\u00e9 vyzdvihnutie a odovzdanie.<\/li>\n<li><strong>Pohodlie:<\/strong> Cestujte v na\u0161ich \u010dist\u00fdch, nov\u00fdch vozidl\u00e1ch vybaven\u00fdch modern\u00fdm zariaden\u00edm.<\/li>\n<li><strong>Bezpe\u010dnos\u0165:<\/strong> Na\u0161i vodi\u010di s\u00fa vysoko kvalifikovan\u00ed profesion\u00e1li, ktor\u00ed dbaj\u00fa na va\u0161u bezpe\u010dnos\u0165.<\/li>\n<li><strong>Flexibilita:<\/strong> V\u010faka na\u0161ej nepretr\u017eitej dostupnosti slu\u017eieb sa prisp\u00f4sob\u00edme v\u00e1\u0161mu rozvrhu.<\/li>\n<\/ul>\n<h3>Spiato\u010dn\u00fd transfer z Les Houches na letisko \u017deneva<\/h3>\n<p>Pl\u00e1nujete spiato\u010dn\u00fa cestu? M\u00e1me pre v\u00e1s rie\u0161enie. U\u017eite si rovnak\u00fa \u00farove\u0148 pohodlia, bezpe\u010dnosti a profesionality aj pri ceste sp\u00e4\u0165 z Les Houches na letisko \u017deneva. Na\u0161e slu\u017eby s\u00fa navrhnut\u00e9 tak, aby va\u0161e cestovanie bolo na spiato\u010dnej ceste rovnako pr\u00edjemn\u00e9 ako na ceste tam.<\/p>\n<p><img decoding=\"async\" style=\"display: block; margin-left: auto; margin-right: auto;\" src=\"\/wp-content\/uploads\/2025\/08\/Airport_Transfer_Switzerland_3-182.jpg\" alt=\"\" \/><\/p>\n<h3>Rezervujte si transfer z letiska \u017deneva do Les Houches e\u0161te dnes<\/h3>\n<p>Ste pripraven\u00ed za\u017ei\u0165 najlep\u0161\u00ed transfer z letiska \u017deneva do Les Houches? Rezervujte si transfer s Transfer Europe e\u0161te dnes a u\u017eite si s\u00fakromn\u00fd, luxusn\u00fd a efekt\u00edvny z\u00e1\u017eitok z cestovania. \u010ci u\u017e na slu\u017eobn\u00fa cestu alebo na vo\u013en\u00fd \u010das, n\u00e1\u0161 \u0161pecializovan\u00fd t\u00edm je tu, aby v\u00e1m poskytol \u0161pi\u010dkov\u00e9 dopravn\u00e9 rie\u0161enia.<\/p>\n<p style=\"text-align: center;\"><a class=\"btn btn-primary\" href=\"\/sk\/rezervovat-transfer-z-na-letisko\">Rezervova\u0165<\/a><\/p>\n<h4>Kontaktujte n\u00e1s<\/h4>\n<p>Kontaktujte n\u00e1s kedyko\u013evek, aby ste si rezervovali transfer alebo sa dozvedeli viac o na\u0161ich slu\u017eb\u00e1ch. Va\u0161a spokojnos\u0165 je na\u0161ou najvy\u0161\u0161ou prioritou a my sa usilujeme o to, aby bol v\u00e1\u0161 z\u00e1\u017eitok z cesty v\u00fdnimo\u010dn\u00fd.<\/p>\n<p><img decoding=\"async\" style=\"display: block; margin-left: auto; margin-right: auto;\" src=\"\/wp-content\/uploads\/2025\/08\/Airport_Transfer_Switzerland_1-186.jpg\" alt=\"\" \/><\/p>\n<p>Vyberte si Transfer Europe pre svoj transfer z letiska \u017deneva do Les Houches a zistite, ak\u00fd rozdiel m\u00f4\u017ee prinies\u0165 kvalita, spo\u013eahlivos\u0165 a profesionalita. Ak chcete z\u00edska\u0165 viac inform\u00e1ci\u00ed o na\u0161ich <a href=\"\/sk\/destinacie\/svajciarske-transfery\/transfery-z-letiska-svajciarsko\">transferoch z letiska vo \u0160vaj\u010diarsku<\/a> alebo in\u00fdch <a href=\"\/sk\/destinacie\/svajciarske-transfery\">transferoch zo \u0160vaj\u010diarska<\/a>, nav\u0161t\u00edvte na\u0161u webov\u00fa str\u00e1nku alebo n\u00e1s kontaktujte priamo. Sme odhodlan\u00ed poskytn\u00fa\u0165 v\u00e1m tie najlep\u0161ie slu\u017eby transferu vo \u0160vaj\u010diarsku.<\/p>\n<\/p><\/div>\n<div class=\"product-price-container\">\n<div class=\"sale-price\"> \t\t<\/div>\n<\/p><\/div>\n<div class=\"options\"><\/div>\n<div> \t\t<\/div>\n<p>   \t        <script type=\"text\/javascript\" ><\/script>  <script type=\"text\/javascript\" ><\/script> <script type=\"text\/javascript\" ><\/script>  <script type=\"text\/javascript\" ><\/script> <script type=\"text\/javascript\" ><\/script> <script type=\"text\/javascript\" ><\/script> <script type=\"text\/javascript\" ><\/script> <\/div>\n<p> \t\t<!-- \u041f\u043b\u0430\u0433\u0438\u043d \u0440\u0435\u0439\u0442\u0438\u043d\u0433\u0430 --> <\/p>\n<div class=\"vrvote-body\">\n<ul class=\"vrvote-ul\">\n<li id=\"rating_438\" class=\"current-rating\" style=\"width:95.00%;\"><\/li>\n<li> \t\t\t\t\t\t<a class=\"vr-one-star\" onclick=\"javascript:JSVRvote(438,1,19,4,0)\" href=\"javascript:void(null)\">1<\/a> \t\t\t\t\t<\/li>\n<li> \t\t\t\t\t\t<a class=\"vr-two-stars\" onclick=\"javascript:JSVRvote(438,2,19,4,0)\" href=\"javascript:void(null)\">2<\/a> \t\t\t\t\t<\/li>\n<li> \t\t\t\t\t\t<a class=\"vr-three-stars\" onclick=\"javascript:JSVRvote(438,3,19,4,0)\" href=\"javascript:void(null)\">3<\/a> \t\t\t\t\t<\/li>\n<li> \t\t\t\t\t\t<a class=\"vr-four-stars\" onclick=\"javascript:JSVRvote(438,4,19,4,0)\" href=\"javascript:void(null)\">4<\/a> \t\t\t\t\t<\/li>\n<li> \t\t\t\t\t\t<a class=\"vr-five-stars\" onclick=\"javascript:JSVRvote(438,5,19,4,0)\" href=\"javascript:void(null)\">5<\/a> \t\t\t\t\t<\/li>\n<\/ul><\/div>\n<p> \t\t\t<span id=\"vrvote_438\" class=\"vrvote-count\"><small><\/small><\/span>\t<\/span><script type=\"application\/ld+json\"><\/script>   <\/div>\n<div class=\"t4-col sidebar-r col-12 col-xl-4\">\n<div class=\"t4-module module\" id=\"Mod306\">\n<div class=\"module-inner\">\n<div class=\"module-ct\">\n<div class=\"bannergroup\">\n<div class=\"banneritem\"> \t\t\t\t\t\t\t\t\t\t\t\t\t\t\t\t\t\t\t\t\t\t\t\t\t\t\t\t\t\t\t\t\t\t\t\t\t\t\t\t\t\t\t\t\t\t\t\t\t\t<img \t\t\t\t\t\tsrc=\"\/wp-content\/uploads\/2025\/08\/banner-transfer-europe-sk-329.png\" \t\t\t\t\t\talt=\"Banner-sk\" \t\t\t\t\t\t\t\t\t\t\t\t\t\t\t\t\t\/> \t\t\t\t\t\t\t\t\t\t\t<\/p>\n<div class=\"clr\"><\/div>\n<\/p><\/div>\n<\/p><\/div>\n<\/p><\/div>\n<\/div>\n<\/div><\/div>\n<\/p><\/div>\n<\/div><\/div>\n<div id=\"t4-section-8\" class=\"t4-section  t4-section-8  section-border-top\" role=\"section-8\">\n<div class=\"bg-overlay bg-overlay-image\">&nbsp;<\/div>\n<\/p><\/div>\n<p>  <a href='javascript:' id='back-to-top'><i class='fa fa-chevron-up'><\/i><\/a>                <\/p>\n","protected":false},"excerpt":{"rendered":"<p>Transfery z letiska \u017deneva do Les Houches Transfery do \u0160vaj\u010diarska Rezervova\u0165 Rezervova\u0165 Transfery z letiska \u017deneva do Les Houches s Transfer Europe S\u00fakromn\u00e9 transfery z letiska \u017deneva do Les Houches Za\u017eite maxim\u00e1lny komfort a pohodlie s na\u0161imi s\u00fakromn\u00fdmi transfermi z letiska \u017deneva do Les Houches. V spolo\u010dnosti Transfer Europe sa venujeme poskytovaniu \u0161pi\u010dkov\u00fdch dopravn\u00fdch rie\u0161en\u00ed [&hellip;]<\/p>\n","protected":false},"author":1,"featured_media":62306,"parent":20175,"menu_order":0,"comment_status":"closed","ping_status":"closed","template":"","meta":{"footnotes":""},"class_list":["post-62305","page","type-page","status-publish","has-post-thumbnail","hentry"],"yoast_head":"<!-- This site is optimized with the Yoast SEO plugin v25.6 - https:\/\/yoast.com\/wordpress\/plugins\/seo\/ -->\n<title>Transfer z letiska \u017deneva do Les Houches | Transfer Eur\u00f3pe<\/title>\n<meta name=\"description\" content=\"Rezervujte si transfer z letiska \u017deneva do Les Houches s Transfer Europe. U\u017eite si pohodlie, bezpe\u010dnos\u0165 a 24\/7 slu\u017eby Zavolajte n\u00e1m na \u260e +421940904184\" \/>\n<meta name=\"robots\" content=\"index, follow, max-snippet:-1, max-image-preview:large, max-video-preview:-1\" \/>\n<link rel=\"canonical\" href=\"https:\/\/transfereurope.com\/sk\/destinacie\/svajciarske-transfery\/transfery-z-letiska-zeneva-do-les-houches\/\" \/>\n<meta property=\"og:locale\" content=\"sk_SK\" \/>\n<meta property=\"og:type\" content=\"article\" \/>\n<meta property=\"og:title\" content=\"Transfer z letiska \u017deneva do Les Houches | Transfer Eur\u00f3pe\" \/>\n<meta property=\"og:description\" content=\"Rezervujte si transfer z letiska \u017deneva do Les Houches s Transfer Europe. U\u017eite si pohodlie, bezpe\u010dnos\u0165 a 24\/7 slu\u017eby Zavolajte n\u00e1m na \u260e +421940904184\" \/>\n<meta property=\"og:url\" content=\"https:\/\/transfereurope.com\/sk\/destinacie\/svajciarske-transfery\/transfery-z-letiska-zeneva-do-les-houches\/\" \/>\n<meta property=\"og:site_name\" content=\"transfereurope\" \/>\n<meta property=\"og:image\" content=\"https:\/\/transfereurope.com\/wp-content\/uploads\/2025\/08\/Italy-Milan-Transfers-223-2-1.jpg\" \/>\n\t<meta property=\"og:image:width\" content=\"1500\" \/>\n\t<meta property=\"og:image:height\" content=\"2000\" \/>\n\t<meta property=\"og:image:type\" content=\"image\/jpeg\" \/>\n<meta name=\"twitter:card\" content=\"summary_large_image\" \/>\n<meta name=\"twitter:label1\" content=\"Predpokladan\u00fd \u010das \u010d\u00edtania\" \/>\n\t<meta name=\"twitter:data1\" content=\"3 min\u00faty\" \/>\n<script type=\"application\/ld+json\" class=\"yoast-schema-graph\">{\"@context\":\"https:\/\/schema.org\",\"@graph\":[{\"@type\":\"WebPage\",\"@id\":\"https:\/\/transfereurope.com\/sk\/destinacie\/svajciarske-transfery\/transfery-z-letiska-zeneva-do-les-houches\/\",\"url\":\"https:\/\/transfereurope.com\/sk\/destinacie\/svajciarske-transfery\/transfery-z-letiska-zeneva-do-les-houches\/\",\"name\":\"Transfer z letiska \u017deneva do Les Houches | Transfer Eur\u00f3pe\",\"isPartOf\":{\"@id\":\"https:\/\/transfereurope.com\/sk\/#website\"},\"primaryImageOfPage\":{\"@id\":\"https:\/\/transfereurope.com\/sk\/destinacie\/svajciarske-transfery\/transfery-z-letiska-zeneva-do-les-houches\/#primaryimage\"},\"image\":{\"@id\":\"https:\/\/transfereurope.com\/sk\/destinacie\/svajciarske-transfery\/transfery-z-letiska-zeneva-do-les-houches\/#primaryimage\"},\"thumbnailUrl\":\"https:\/\/transfereurope.com\/wp-content\/uploads\/2025\/08\/Italy-Milan-Transfers-223-2-1.jpg\",\"datePublished\":\"2025-08-05T13:57:11+00:00\",\"description\":\"Rezervujte si transfer z letiska \u017deneva do Les Houches s Transfer Europe. U\u017eite si pohodlie, bezpe\u010dnos\u0165 a 24\/7 slu\u017eby Zavolajte n\u00e1m na \u260e +421940904184\",\"breadcrumb\":{\"@id\":\"https:\/\/transfereurope.com\/sk\/destinacie\/svajciarske-transfery\/transfery-z-letiska-zeneva-do-les-houches\/#breadcrumb\"},\"inLanguage\":\"sk-SK\",\"potentialAction\":[{\"@type\":\"ReadAction\",\"target\":[\"https:\/\/transfereurope.com\/sk\/destinacie\/svajciarske-transfery\/transfery-z-letiska-zeneva-do-les-houches\/\"]}]},{\"@type\":\"ImageObject\",\"inLanguage\":\"sk-SK\",\"@id\":\"https:\/\/transfereurope.com\/sk\/destinacie\/svajciarske-transfery\/transfery-z-letiska-zeneva-do-les-houches\/#primaryimage\",\"url\":\"https:\/\/transfereurope.com\/wp-content\/uploads\/2025\/08\/Italy-Milan-Transfers-223-2-1.jpg\",\"contentUrl\":\"https:\/\/transfereurope.com\/wp-content\/uploads\/2025\/08\/Italy-Milan-Transfers-223-2-1.jpg\",\"width\":1500,\"height\":2000},{\"@type\":\"BreadcrumbList\",\"@id\":\"https:\/\/transfereurope.com\/sk\/destinacie\/svajciarske-transfery\/transfery-z-letiska-zeneva-do-les-houches\/#breadcrumb\",\"itemListElement\":[{\"@type\":\"ListItem\",\"position\":1,\"name\":\"Home\",\"item\":\"https:\/\/transfereurope.com\/sk\/\"},{\"@type\":\"ListItem\",\"position\":2,\"name\":\"Transfery z letiska \u017deneva do Les Houches\"}]},{\"@type\":\"WebSite\",\"@id\":\"https:\/\/transfereurope.com\/sk\/#website\",\"url\":\"https:\/\/transfereurope.com\/sk\/\",\"name\":\"transfereurope\",\"description\":\"\",\"publisher\":{\"@id\":\"https:\/\/transfereurope.com\/sk\/#organization\"},\"potentialAction\":[{\"@type\":\"SearchAction\",\"target\":{\"@type\":\"EntryPoint\",\"urlTemplate\":\"https:\/\/transfereurope.com\/sk\/?s={search_term_string}\"},\"query-input\":{\"@type\":\"PropertyValueSpecification\",\"valueRequired\":true,\"valueName\":\"search_term_string\"}}],\"inLanguage\":\"sk-SK\"},{\"@type\":\"Organization\",\"@id\":\"https:\/\/transfereurope.com\/sk\/#organization\",\"name\":\"transfereurope\",\"url\":\"https:\/\/transfereurope.com\/sk\/\",\"logo\":{\"@type\":\"ImageObject\",\"inLanguage\":\"sk-SK\",\"@id\":\"https:\/\/transfereurope.com\/sk\/#\/schema\/logo\/image\/\",\"url\":\"https:\/\/transfereurope.com\/wp-content\/uploads\/2025\/08\/TRANSFERS-1655.png\",\"contentUrl\":\"https:\/\/transfereurope.com\/wp-content\/uploads\/2025\/08\/TRANSFERS-1655.png\",\"width\":500,\"height\":274,\"caption\":\"transfereurope\"},\"image\":{\"@id\":\"https:\/\/transfereurope.com\/sk\/#\/schema\/logo\/image\/\"}}]}<\/script>\n<!-- \/ Yoast SEO plugin. -->","yoast_head_json":{"title":"Transfer z letiska \u017deneva do Les Houches | Transfer Eur\u00f3pe","description":"Rezervujte si transfer z letiska \u017deneva do Les Houches s Transfer Europe. U\u017eite si pohodlie, bezpe\u010dnos\u0165 a 24\/7 slu\u017eby Zavolajte n\u00e1m na \u260e +421940904184","robots":{"index":"index","follow":"follow","max-snippet":"max-snippet:-1","max-image-preview":"max-image-preview:large","max-video-preview":"max-video-preview:-1"},"canonical":"https:\/\/transfereurope.com\/sk\/destinacie\/svajciarske-transfery\/transfery-z-letiska-zeneva-do-les-houches\/","og_locale":"sk_SK","og_type":"article","og_title":"Transfer z letiska \u017deneva do Les Houches | Transfer Eur\u00f3pe","og_description":"Rezervujte si transfer z letiska \u017deneva do Les Houches s Transfer Europe. U\u017eite si pohodlie, bezpe\u010dnos\u0165 a 24\/7 slu\u017eby Zavolajte n\u00e1m na \u260e +421940904184","og_url":"https:\/\/transfereurope.com\/sk\/destinacie\/svajciarske-transfery\/transfery-z-letiska-zeneva-do-les-houches\/","og_site_name":"transfereurope","og_image":[{"width":1500,"height":2000,"url":"https:\/\/transfereurope.com\/wp-content\/uploads\/2025\/08\/Italy-Milan-Transfers-223-2-1.jpg","type":"image\/jpeg"}],"twitter_card":"summary_large_image","twitter_misc":{"Predpokladan\u00fd \u010das \u010d\u00edtania":"3 min\u00faty"},"schema":{"@context":"https:\/\/schema.org","@graph":[{"@type":"WebPage","@id":"https:\/\/transfereurope.com\/sk\/destinacie\/svajciarske-transfery\/transfery-z-letiska-zeneva-do-les-houches\/","url":"https:\/\/transfereurope.com\/sk\/destinacie\/svajciarske-transfery\/transfery-z-letiska-zeneva-do-les-houches\/","name":"Transfer z letiska \u017deneva do Les Houches | Transfer Eur\u00f3pe","isPartOf":{"@id":"https:\/\/transfereurope.com\/sk\/#website"},"primaryImageOfPage":{"@id":"https:\/\/transfereurope.com\/sk\/destinacie\/svajciarske-transfery\/transfery-z-letiska-zeneva-do-les-houches\/#primaryimage"},"image":{"@id":"https:\/\/transfereurope.com\/sk\/destinacie\/svajciarske-transfery\/transfery-z-letiska-zeneva-do-les-houches\/#primaryimage"},"thumbnailUrl":"https:\/\/transfereurope.com\/wp-content\/uploads\/2025\/08\/Italy-Milan-Transfers-223-2-1.jpg","datePublished":"2025-08-05T13:57:11+00:00","description":"Rezervujte si transfer z letiska \u017deneva do Les Houches s Transfer Europe. U\u017eite si pohodlie, bezpe\u010dnos\u0165 a 24\/7 slu\u017eby Zavolajte n\u00e1m na \u260e +421940904184","breadcrumb":{"@id":"https:\/\/transfereurope.com\/sk\/destinacie\/svajciarske-transfery\/transfery-z-letiska-zeneva-do-les-houches\/#breadcrumb"},"inLanguage":"sk-SK","potentialAction":[{"@type":"ReadAction","target":["https:\/\/transfereurope.com\/sk\/destinacie\/svajciarske-transfery\/transfery-z-letiska-zeneva-do-les-houches\/"]}]},{"@type":"ImageObject","inLanguage":"sk-SK","@id":"https:\/\/transfereurope.com\/sk\/destinacie\/svajciarske-transfery\/transfery-z-letiska-zeneva-do-les-houches\/#primaryimage","url":"https:\/\/transfereurope.com\/wp-content\/uploads\/2025\/08\/Italy-Milan-Transfers-223-2-1.jpg","contentUrl":"https:\/\/transfereurope.com\/wp-content\/uploads\/2025\/08\/Italy-Milan-Transfers-223-2-1.jpg","width":1500,"height":2000},{"@type":"BreadcrumbList","@id":"https:\/\/transfereurope.com\/sk\/destinacie\/svajciarske-transfery\/transfery-z-letiska-zeneva-do-les-houches\/#breadcrumb","itemListElement":[{"@type":"ListItem","position":1,"name":"Home","item":"https:\/\/transfereurope.com\/sk\/"},{"@type":"ListItem","position":2,"name":"Transfery z letiska \u017deneva do Les Houches"}]},{"@type":"WebSite","@id":"https:\/\/transfereurope.com\/sk\/#website","url":"https:\/\/transfereurope.com\/sk\/","name":"transfereurope","description":"","publisher":{"@id":"https:\/\/transfereurope.com\/sk\/#organization"},"potentialAction":[{"@type":"SearchAction","target":{"@type":"EntryPoint","urlTemplate":"https:\/\/transfereurope.com\/sk\/?s={search_term_string}"},"query-input":{"@type":"PropertyValueSpecification","valueRequired":true,"valueName":"search_term_string"}}],"inLanguage":"sk-SK"},{"@type":"Organization","@id":"https:\/\/transfereurope.com\/sk\/#organization","name":"transfereurope","url":"https:\/\/transfereurope.com\/sk\/","logo":{"@type":"ImageObject","inLanguage":"sk-SK","@id":"https:\/\/transfereurope.com\/sk\/#\/schema\/logo\/image\/","url":"https:\/\/transfereurope.com\/wp-content\/uploads\/2025\/08\/TRANSFERS-1655.png","contentUrl":"https:\/\/transfereurope.com\/wp-content\/uploads\/2025\/08\/TRANSFERS-1655.png","width":500,"height":274,"caption":"transfereurope"},"image":{"@id":"https:\/\/transfereurope.com\/sk\/#\/schema\/logo\/image\/"}}]}},"_links":{"self":[{"href":"https:\/\/transfereurope.com\/sk\/wp-json\/wp\/v2\/pages\/62305","targetHints":{"allow":["GET"]}}],"collection":[{"href":"https:\/\/transfereurope.com\/sk\/wp-json\/wp\/v2\/pages"}],"about":[{"href":"https:\/\/transfereurope.com\/sk\/wp-json\/wp\/v2\/types\/page"}],"author":[{"embeddable":true,"href":"https:\/\/transfereurope.com\/sk\/wp-json\/wp\/v2\/users\/1"}],"replies":[{"embeddable":true,"href":"https:\/\/transfereurope.com\/sk\/wp-json\/wp\/v2\/comments?post=62305"}],"version-history":[{"count":0,"href":"https:\/\/transfereurope.com\/sk\/wp-json\/wp\/v2\/pages\/62305\/revisions"}],"up":[{"embeddable":true,"href":"https:\/\/transfereurope.com\/sk\/wp-json\/wp\/v2\/pages\/20175"}],"wp:featuredmedia":[{"embeddable":true,"href":"https:\/\/transfereurope.com\/sk\/wp-json\/wp\/v2\/media\/62306"}],"wp:attachment":[{"href":"https:\/\/transfereurope.com\/sk\/wp-json\/wp\/v2\/media?parent=62305"}],"curies":[{"name":"wp","href":"https:\/\/api.w.org\/{rel}","templated":true}]}}