{"id":50827,"date":"2025-08-05T02:20:23","date_gmt":"2025-08-05T02:20:23","guid":{"rendered":"https:\/\/transfereurope.com\/transfer-zo-zenevy-do-val-thorens\/"},"modified":"2025-08-05T02:20:23","modified_gmt":"2025-08-05T02:20:23","slug":"transfer-zo-zenevy-do-val-thorens","status":"publish","type":"page","link":"https:\/\/transfereurope.com\/sk\/destinacie\/svajciarske-transfery\/transfer-zo-zenevy-do-val-thorens\/","title":{"rendered":"Transfer zo \u017denevy do Val Thorens"},"content":{"rendered":"\n<div id=\"t4-masthead\" class=\"t4-section  t4-masthead\">\n<div class=\"t4-col text-center\">\n<div class=\"ja-masthead\" >\n<div class=\"ja-masthead-detail\">\n<h1 class=\"ja-masthead-title\">Transfer zo \u017denevy do Val Thorens<\/h1>\n<p>                 <!---->            <\/p>\n<div class=\"block-breadcrumb\">                       <\/div>\n<\/p><\/div>\n<\/p><\/div>\n<pre><\/pre>\n<\/div>\n<\/div>\n<div id=\"t4-main-body\" class=\"t4-section  t4-main-body\" role=\"main body\">\n<div class=\"t4-section-inner container\">\n<div class=\"t4-row row\">\n<div class=\"t4-col col-12 col-xl\">\n<div id=\"system-message-container\"> \t<\/div>\n<div class=\"com-content-article item-page view-tour-detail\">\n<div class=\"tour-top-info clearfix\">\n<div class=\"pull-left\">\n<div class=\"category-article-dot\">\n<div class=\"category-name\"> \t\t\t\t\t<a href=\"\/sk\/destinacie\/svajciarske-transfery\" itemprop=\"genre\">Transfery do \u0160vaj\u010diarska<\/a> \t\t\t\t<\/div>\n<\/p><\/div>\n<\/p><\/div>\n<div class=\"pull-right\">\n<div class=\"text-danger tour-price\"> \t\t\t\t\t\t<a href=\"\/sk\/rezervovat-transfer\">Rezervova\u0165<\/a><\/div>\n<\/p><\/div>\n<\/p><\/div>\n<p>  \t <!--\t-->  \t<\/p>\n<div class=\"vm-product-container\">\n<figure class=\"pull-left item-image\">\n<div class=\"main-image\"> \t\t<a title=\"Geneva Transfer to Val Thorens\" rel='vm-additional-images' href=\"\/images\/virtuemart\/product\/Italy Milan Transfers (2)57.jpg\"><img decoding=\"async\"  loading=\"lazy\"  src=\"\/wp-content\/uploads\/2025\/08\/Italy-Milan-Transfers-257-2.jpg\"  alt=\"Geneva Transfer to Val Thorens\"  \/><\/a>\t\t<\/p>\n<div class=\"clear\"><\/div>\n<\/p><\/div>\n<\/figure>\n<div class=\"vm-product-details-container\">\n<div class=\"spacer-buy-area\">    \t\t \t\t<\/div>\n<\/p><\/div>\n<div class=\"clear\"><\/div>\n<\/p><\/div>\n<div class=\"product-description\" >\n<p style=\"text-align: center;\"><a class=\"btn btn-primary\" href=\"\/sk\/rezervovat-transfer\">Rezervova\u0165<\/a><\/p>\n<h2 style=\"text-align: center;\">Transfer zo \u017denevy do Val Thorens s Transfer Europe<\/h2>\n<h3>S\u00fakromn\u00fd transfer zo \u017denevy do Val Thorens<\/h3>\n<p>Pre t\u00fdch, ktor\u00ed h\u013eadaj\u00fa luxusn\u00e9 a efekt\u00edvne cestovanie, je na\u0161a slu\u017eba transferu zo \u017denevy do Val Thorens ide\u00e1lnym rie\u0161en\u00edm. \u010ci u\u017e ste obchodn\u00edk, turista alebo miestny obyvate\u013e, Transfer Europe je tu, aby v\u00e1m poskytol prvotriedne slu\u017eby s\u00fakromn\u00e9ho transferu, ktor\u00e9 v\u00e1m zaru\u010dia pohodlie a spo\u013eahlivos\u0165.<\/p>\n<p><img decoding=\"async\" style=\"display: block; margin-left: auto; margin-right: auto;\" src=\"\/wp-content\/uploads\/2025\/08\/Transfer_in_Switzerland_1-113.png\" alt=\"\" \/><\/p>\n<h3>Pre\u010do si vybra\u0165 Transfer Europe pre v\u00e1\u0161 transfer z \u017denevy do Val Thorens?<\/h3>\n<p>V spolo\u010dnosti Transfer Europe si uvedomujeme d\u00f4le\u017eitos\u0165 bezprobl\u00e9mov\u00e9ho cestovania. Na\u0161a slu\u017eba transferu zo \u017denevy do Val Thorens pon\u00faka nieko\u013eko v\u00fdhod, ktor\u00e9 n\u00e1s odli\u0161uj\u00fa:<\/p>\n<ul>\n<li><strong>R\u00f4znorod\u00e1 flotila:<\/strong> Pon\u00fakame \u0161irok\u00fa \u0161k\u00e1lu vozidiel, ktor\u00e9 vyhovuj\u00fa va\u0161im potreb\u00e1m, vr\u00e1tane sedanov, minivanov, SUV a minibusov. Ka\u017ed\u00e9 vozidlo je starostlivo udr\u017eiavan\u00e9, aby bola zaisten\u00e1 bezpe\u010dnos\u0165 a pohodlie.<\/li>\n<li><strong>Profesion\u00e1lni vodi\u010di:<\/strong> N\u00e1\u0161 t\u00edm sk\u00fasen\u00fdch a priate\u013esk\u00fdch vodi\u010dov sa sna\u017e\u00ed poskytova\u0165 slu\u017eby na najvy\u0161\u0161ej \u00farovni. S\u00fa profesion\u00e1lni, zdvoril\u00ed a poznaj\u00fa najlep\u0161ie trasy, aby v\u00e1m zabezpe\u010dili r\u00fdchle dosiahnutie cie\u013ea.<\/li>\n<li><strong>Dostupnos\u0165 24 hod\u00edn denne, 7 dn\u00ed v t\u00fd\u017edni:<\/strong> Na\u0161e slu\u017eby s\u00fa k dispoz\u00edcii nepretr\u017eite, \u010di u\u017e potrebujete transfer zo \u017denevy do Val Thorens skoro r\u00e1no alebo neskoro ve\u010der. V\u017edy sme pripraven\u00ed prisp\u00f4sobi\u0165 sa v\u00e1\u0161mu \u010dasov\u00e9mu rozvrhu.<\/li>\n<li><strong>\u010cist\u00e9 a nov\u00e9 vozidl\u00e1:<\/strong> N\u00e1\u0161 vozov\u00fd park pozost\u00e1va z \u010dist\u00fdch a nov\u00fdch vozidiel, ktor\u00e9 s\u00fa vybaven\u00e9 modern\u00fdm vybaven\u00edm, aby bola va\u0161a cesta pr\u00edjemn\u00e1 a pohodov\u00e1.<\/li>\n<\/ul>\n<p style=\"text-align: center;\"><a class=\"btn btn-primary\" href=\"\/sk\/rezervovat-transfer\">Rezervova\u0165<\/a><\/p>\n<h3>Podrobnosti o cestovan\u00ed<\/h3>\n<p>Vzdialenos\u0165 zo \u017denevy do Val Thorens je pribli\u017ene 150 kilometrov a cesta zvy\u010dajne trv\u00e1 pribli\u017ene 2 hodiny a 45 min\u00fat v z\u00e1vislosti od dopravn\u00fdch podmienok. Val Thorens je zn\u00e1me svojou n\u00e1dhernou alpskou scen\u00e9riou, ly\u017eiarskymi zariadeniami svetovej triedy a \u017eivou apr\u00e9s-ski atmosf\u00e9rou. Na\u0161i vodi\u010di s\u00fa dobre obozn\u00e1men\u00ed s najlep\u0161\u00edmi trasami, \u010do zaru\u010duje hladk\u00fd a efekt\u00edvny presun.<\/p>\n<h3>Spiato\u010dn\u00fd transfer: Val Thorens do \u017denevy<\/h3>\n<p>Pon\u00fakame aj spiato\u010dn\u00e9 transfery z Val Thorens do \u017denevy. U\u017eite si rovnako kvalitn\u00e9 slu\u017eby a pohodlie aj na ceste sp\u00e4\u0165. Na\u0161i vodi\u010di sa postaraj\u00fa o to, aby ste do cie\u013ea dorazili na\u010das, \u010di u\u017e ide o mesto \u017deneva alebo \u017eenevsk\u00e9 letisko.<\/p>\n<h3>V\u00fdhody v\u00fdberu Transfer Europe<\/h3>\n<ul>\n<li><strong>Dochv\u00ed\u013enos\u0165:<\/strong> Pri v\u0161etk\u00fdch transferoch zo \u017denevy do Val Thorens si v\u00e1\u017eime v\u00e1\u0161 \u010das a zaru\u010dujeme v\u010dasn\u00e9 vyzdvihnutie a odovzdanie.<\/li>\n<li><strong>Komfort:<\/strong> Cestujte v luxuse s na\u0161\u00edm dobre udr\u017eiavan\u00fdm vozov\u00fdm parkom, ktor\u00fd je navrhnut\u00fd tak, aby v\u00e1m poskytol maxim\u00e1lny komfort.<\/li>\n<li><strong>Bezpe\u010dnos\u0165:<\/strong> Va\u0161a bezpe\u010dnos\u0165 je na\u0161ou prioritou. Na\u0161e vozidl\u00e1 s\u00fa pravidelne kontrolovan\u00e9 a udr\u017eiavan\u00e9 pod\u013ea najvy\u0161\u0161\u00edch \u0161tandardov.<\/li>\n<li><strong>Flexibilita:<\/strong> Vych\u00e1dzame v \u00fastrety va\u0161im \u0161pecifick\u00fdm potreb\u00e1m a preferenci\u00e1m a pon\u00fakame individu\u00e1lne rie\u0161enia transferu z \u017denevy do Val Thorens.<\/li>\n<\/ul>\n<p><img decoding=\"async\" style=\"display: block; margin-left: auto; margin-right: auto;\" src=\"\/wp-content\/uploads\/2025\/08\/Transfer_in_Switzerland-113.jpg\" alt=\"\" \/><\/p>\n<h3>Rezervujte si transfer z \u017denevy do Val Thorens e\u0161te dnes<\/h3>\n<p>Ste pripraven\u00ed za\u017ei\u0165 najlep\u0161\u00ed transfer zo \u017denevy do Val Thorens? Rezervujte si transfer z \u017denevy do Val Thorens s Transfer Europe e\u0161te dnes a u\u017eite si s\u00fakromn\u00fd, luxusn\u00fd a efekt\u00edvny z\u00e1\u017eitok z cestovania. \u010ci u\u017e na slu\u017eobn\u00fa cestu alebo na vo\u013en\u00fd \u010das, n\u00e1\u0161 \u0161pecializovan\u00fd t\u00edm je tu, aby v\u00e1m poskytol \u0161pi\u010dkov\u00e9 dopravn\u00e9 rie\u0161enia.<\/p>\n<p style=\"text-align: center;\"><a class=\"btn btn-primary\" href=\"\/sk\/rezervovat-transfer\">Rezervova\u0165<\/a><\/p>\n<p><strong>Kontaktujte n\u00e1s:<\/strong> Obr\u00e1\u0165te sa na n\u00e1s kedyko\u013evek, aby ste si rezervovali transfer z \u017denevy do Val Thorens alebo sa dozvedeli viac o na\u0161ich slu\u017eb\u00e1ch. Va\u0161a spokojnos\u0165 je na\u0161ou najvy\u0161\u0161ou prioritou a my sa sna\u017e\u00edme, aby bol v\u00e1\u0161 z\u00e1\u017eitok z cesty zo \u017denevy do Val Thorens v\u00fdnimo\u010dn\u00fd.<\/p>\n<p><img decoding=\"async\" style=\"display: block; margin-left: auto; margin-right: auto;\" src=\"\/wp-content\/uploads\/2025\/08\/Transfer_in_Switzerland_4-120.png\" alt=\"\" \/><\/p>\n<p>Vyberte si Transfer Europe pre v\u00e1\u0161 transfer z \u017denevy do Val Thorens a objavte rozdiel, ktor\u00fd m\u00f4\u017ee prinies\u0165 kvalita, spo\u013eahlivos\u0165 a profesionalita. Viac inform\u00e1ci\u00ed o na\u0161ich <a href=\"\/sk\/destinacie\/svajciarske-transfery\/transfery-z-letiska-svajciarsko\">transferoch z letiska vo \u0160vaj\u010diarsku<\/a> alebo in\u00fdch <a href=\"\/sk\/destinacie\/svajciarske-transfery\">transferoch zo \u0160vaj\u010diarska<\/a> n\u00e1jdete na na\u0161ej webovej str\u00e1nke alebo n\u00e1s kontaktujte priamo. Sme odhodlan\u00ed poskytn\u00fa\u0165 v\u00e1m tie najlep\u0161ie transferov\u00e9 slu\u017eby vo \u0160vaj\u010diarsku.<\/p>\n<\/p><\/div>\n<div class=\"product-price-container\">\n<div class=\"sale-price\"> \t\t<\/div>\n<\/p><\/div>\n<div class=\"options\"><\/div>\n<div> \t\t<\/div>\n<p>   \t        <script type=\"text\/javascript\" ><\/script>  <script type=\"text\/javascript\" ><\/script> <script type=\"text\/javascript\" ><\/script>  <script type=\"text\/javascript\" ><\/script> <script type=\"text\/javascript\" ><\/script> <script type=\"text\/javascript\" ><\/script> <script type=\"text\/javascript\" ><\/script> <\/div>\n<p> \t\t<!-- \u041f\u043b\u0430\u0433\u0438\u043d \u0440\u0435\u0439\u0442\u0438\u043d\u0433\u0430 --> <\/p>\n<div class=\"vrvote-body\">\n<ul class=\"vrvote-ul\">\n<li id=\"rating_383\" class=\"current-rating\" style=\"width:100.00%;\"><\/li>\n<li> \t\t\t\t\t\t<a class=\"vr-one-star\" onclick=\"javascript:JSVRvote(383,1,20,4,0)\" href=\"javascript:void(null)\">1<\/a> \t\t\t\t\t<\/li>\n<li> \t\t\t\t\t\t<a class=\"vr-two-stars\" onclick=\"javascript:JSVRvote(383,2,20,4,0)\" href=\"javascript:void(null)\">2<\/a> \t\t\t\t\t<\/li>\n<li> \t\t\t\t\t\t<a class=\"vr-three-stars\" onclick=\"javascript:JSVRvote(383,3,20,4,0)\" href=\"javascript:void(null)\">3<\/a> \t\t\t\t\t<\/li>\n<li> \t\t\t\t\t\t<a class=\"vr-four-stars\" onclick=\"javascript:JSVRvote(383,4,20,4,0)\" href=\"javascript:void(null)\">4<\/a> \t\t\t\t\t<\/li>\n<li> \t\t\t\t\t\t<a class=\"vr-five-stars\" onclick=\"javascript:JSVRvote(383,5,20,4,0)\" href=\"javascript:void(null)\">5<\/a> \t\t\t\t\t<\/li>\n<\/ul><\/div>\n<p> \t\t\t<span id=\"vrvote_383\" class=\"vrvote-count\"><small><\/small><\/span>\t<\/span><script type=\"application\/ld+json\"><\/script>   <\/div>\n<div class=\"t4-col sidebar-r col-12 col-xl-4\">\n<div class=\"t4-module module\" id=\"Mod306\">\n<div class=\"module-inner\">\n<div class=\"module-ct\">\n<div class=\"bannergroup\">\n<div class=\"banneritem\"> \t\t\t\t\t\t\t\t\t\t\t\t\t\t\t\t\t\t\t\t\t\t\t\t\t\t\t\t\t\t\t\t\t\t\t\t\t\t\t\t\t\t\t\t\t\t\t\t\t\t<img \t\t\t\t\t\tsrc=\"\/wp-content\/uploads\/2025\/08\/banner-transfer-europe-sk-230.png\" \t\t\t\t\t\talt=\"Banner-sk\" \t\t\t\t\t\t\t\t\t\t\t\t\t\t\t\t\t\/> \t\t\t\t\t\t\t\t\t\t\t<\/p>\n<div class=\"clr\"><\/div>\n<\/p><\/div>\n<\/p><\/div>\n<\/p><\/div>\n<\/div>\n<\/div><\/div>\n<\/p><\/div>\n<\/div><\/div>\n<div id=\"t4-section-8\" class=\"t4-section  t4-section-8  section-border-top\" role=\"section-8\">\n<div class=\"bg-overlay bg-overlay-image\">&nbsp;<\/div>\n<\/p><\/div>\n<p>  <a href='javascript:' id='back-to-top'><i class='fa fa-chevron-up'><\/i><\/a>                <\/p>\n","protected":false},"excerpt":{"rendered":"<p>Transfer zo \u017denevy do Val Thorens Transfery do \u0160vaj\u010diarska Rezervova\u0165 Rezervova\u0165 Transfer zo \u017denevy do Val Thorens s Transfer Europe S\u00fakromn\u00fd transfer zo \u017denevy do Val Thorens Pre t\u00fdch, ktor\u00ed h\u013eadaj\u00fa luxusn\u00e9 a efekt\u00edvne cestovanie, je na\u0161a slu\u017eba transferu zo \u017denevy do Val Thorens ide\u00e1lnym rie\u0161en\u00edm. \u010ci u\u017e ste obchodn\u00edk, turista alebo miestny obyvate\u013e, Transfer [&hellip;]<\/p>\n","protected":false},"author":1,"featured_media":50828,"parent":20175,"menu_order":0,"comment_status":"closed","ping_status":"closed","template":"","meta":{"footnotes":""},"class_list":["post-50827","page","type-page","status-publish","has-post-thumbnail","hentry"],"yoast_head":"<!-- This site is optimized with the Yoast SEO plugin v25.6 - https:\/\/yoast.com\/wordpress\/plugins\/seo\/ -->\n<title>Transfer zo \u017denevy do Val Thorens | N\u00e1vrat z Val Thorens do \u017denevy | Transfer Europe<\/title>\n<meta name=\"description\" content=\"Rezervujte si s\u00fakromn\u00fd transfer z \u017denevy do Val Thorens s Transfer Europe. U\u017eite si pohodlie, bezpe\u010dnos\u0165 a slu\u017eby 24 hod\u00edn denne, 7 dn\u00ed v t\u00fd\u017edni. Zavolajte n\u00e1m na \u260e +421940904184 pre v\u00e1\u0161 transfer z \u017denevy do Val Thorens. Spo\u013eahliv\u00fd a luxusn\u00fd z\u00e1\u017eitok z cestovania.\" \/>\n<meta name=\"robots\" content=\"index, follow, max-snippet:-1, max-image-preview:large, max-video-preview:-1\" \/>\n<link rel=\"canonical\" href=\"https:\/\/transfereurope.com\/sk\/destinacie\/svajciarske-transfery\/transfer-zo-zenevy-do-val-thorens\/\" \/>\n<meta property=\"og:locale\" content=\"sk_SK\" \/>\n<meta property=\"og:type\" content=\"article\" \/>\n<meta property=\"og:title\" content=\"Transfer zo \u017denevy do Val Thorens | N\u00e1vrat z Val Thorens do \u017denevy | Transfer Europe\" \/>\n<meta property=\"og:description\" content=\"Rezervujte si s\u00fakromn\u00fd transfer z \u017denevy do Val Thorens s Transfer Europe. U\u017eite si pohodlie, bezpe\u010dnos\u0165 a slu\u017eby 24 hod\u00edn denne, 7 dn\u00ed v t\u00fd\u017edni. Zavolajte n\u00e1m na \u260e +421940904184 pre v\u00e1\u0161 transfer z \u017denevy do Val Thorens. Spo\u013eahliv\u00fd a luxusn\u00fd z\u00e1\u017eitok z cestovania.\" \/>\n<meta property=\"og:url\" content=\"https:\/\/transfereurope.com\/sk\/destinacie\/svajciarske-transfery\/transfer-zo-zenevy-do-val-thorens\/\" \/>\n<meta property=\"og:site_name\" content=\"transfereurope\" \/>\n<meta property=\"og:image\" content=\"https:\/\/transfereurope.com\/wp-content\/uploads\/2025\/08\/Italy-Milan-Transfers-257-2-1.jpg\" \/>\n\t<meta property=\"og:image:width\" content=\"1500\" \/>\n\t<meta property=\"og:image:height\" content=\"2000\" \/>\n\t<meta property=\"og:image:type\" content=\"image\/jpeg\" \/>\n<meta name=\"twitter:card\" content=\"summary_large_image\" \/>\n<meta name=\"twitter:label1\" content=\"Predpokladan\u00fd \u010das \u010d\u00edtania\" \/>\n\t<meta name=\"twitter:data1\" content=\"4 min\u00faty\" \/>\n<script type=\"application\/ld+json\" class=\"yoast-schema-graph\">{\"@context\":\"https:\/\/schema.org\",\"@graph\":[{\"@type\":\"WebPage\",\"@id\":\"https:\/\/transfereurope.com\/sk\/destinacie\/svajciarske-transfery\/transfer-zo-zenevy-do-val-thorens\/\",\"url\":\"https:\/\/transfereurope.com\/sk\/destinacie\/svajciarske-transfery\/transfer-zo-zenevy-do-val-thorens\/\",\"name\":\"Transfer zo \u017denevy do Val Thorens | N\u00e1vrat z Val Thorens do \u017denevy | Transfer Europe\",\"isPartOf\":{\"@id\":\"https:\/\/transfereurope.com\/sk\/#website\"},\"primaryImageOfPage\":{\"@id\":\"https:\/\/transfereurope.com\/sk\/destinacie\/svajciarske-transfery\/transfer-zo-zenevy-do-val-thorens\/#primaryimage\"},\"image\":{\"@id\":\"https:\/\/transfereurope.com\/sk\/destinacie\/svajciarske-transfery\/transfer-zo-zenevy-do-val-thorens\/#primaryimage\"},\"thumbnailUrl\":\"https:\/\/transfereurope.com\/wp-content\/uploads\/2025\/08\/Italy-Milan-Transfers-257-2-1.jpg\",\"datePublished\":\"2025-08-05T02:20:23+00:00\",\"description\":\"Rezervujte si s\u00fakromn\u00fd transfer z \u017denevy do Val Thorens s Transfer Europe. U\u017eite si pohodlie, bezpe\u010dnos\u0165 a slu\u017eby 24 hod\u00edn denne, 7 dn\u00ed v t\u00fd\u017edni. Zavolajte n\u00e1m na \u260e +421940904184 pre v\u00e1\u0161 transfer z \u017denevy do Val Thorens. Spo\u013eahliv\u00fd a luxusn\u00fd z\u00e1\u017eitok z cestovania.\",\"breadcrumb\":{\"@id\":\"https:\/\/transfereurope.com\/sk\/destinacie\/svajciarske-transfery\/transfer-zo-zenevy-do-val-thorens\/#breadcrumb\"},\"inLanguage\":\"sk-SK\",\"potentialAction\":[{\"@type\":\"ReadAction\",\"target\":[\"https:\/\/transfereurope.com\/sk\/destinacie\/svajciarske-transfery\/transfer-zo-zenevy-do-val-thorens\/\"]}]},{\"@type\":\"ImageObject\",\"inLanguage\":\"sk-SK\",\"@id\":\"https:\/\/transfereurope.com\/sk\/destinacie\/svajciarske-transfery\/transfer-zo-zenevy-do-val-thorens\/#primaryimage\",\"url\":\"https:\/\/transfereurope.com\/wp-content\/uploads\/2025\/08\/Italy-Milan-Transfers-257-2-1.jpg\",\"contentUrl\":\"https:\/\/transfereurope.com\/wp-content\/uploads\/2025\/08\/Italy-Milan-Transfers-257-2-1.jpg\",\"width\":1500,\"height\":2000},{\"@type\":\"BreadcrumbList\",\"@id\":\"https:\/\/transfereurope.com\/sk\/destinacie\/svajciarske-transfery\/transfer-zo-zenevy-do-val-thorens\/#breadcrumb\",\"itemListElement\":[{\"@type\":\"ListItem\",\"position\":1,\"name\":\"Home\",\"item\":\"https:\/\/transfereurope.com\/sk\/\"},{\"@type\":\"ListItem\",\"position\":2,\"name\":\"Transfer zo \u017denevy do Val Thorens\"}]},{\"@type\":\"WebSite\",\"@id\":\"https:\/\/transfereurope.com\/sk\/#website\",\"url\":\"https:\/\/transfereurope.com\/sk\/\",\"name\":\"transfereurope\",\"description\":\"\",\"publisher\":{\"@id\":\"https:\/\/transfereurope.com\/sk\/#organization\"},\"potentialAction\":[{\"@type\":\"SearchAction\",\"target\":{\"@type\":\"EntryPoint\",\"urlTemplate\":\"https:\/\/transfereurope.com\/sk\/?s={search_term_string}\"},\"query-input\":{\"@type\":\"PropertyValueSpecification\",\"valueRequired\":true,\"valueName\":\"search_term_string\"}}],\"inLanguage\":\"sk-SK\"},{\"@type\":\"Organization\",\"@id\":\"https:\/\/transfereurope.com\/sk\/#organization\",\"name\":\"transfereurope\",\"url\":\"https:\/\/transfereurope.com\/sk\/\",\"logo\":{\"@type\":\"ImageObject\",\"inLanguage\":\"sk-SK\",\"@id\":\"https:\/\/transfereurope.com\/sk\/#\/schema\/logo\/image\/\",\"url\":\"https:\/\/transfereurope.com\/wp-content\/uploads\/2025\/08\/TRANSFERS-1655.png\",\"contentUrl\":\"https:\/\/transfereurope.com\/wp-content\/uploads\/2025\/08\/TRANSFERS-1655.png\",\"width\":500,\"height\":274,\"caption\":\"transfereurope\"},\"image\":{\"@id\":\"https:\/\/transfereurope.com\/sk\/#\/schema\/logo\/image\/\"}}]}<\/script>\n<!-- \/ Yoast SEO plugin. -->","yoast_head_json":{"title":"Transfer zo \u017denevy do Val Thorens | N\u00e1vrat z Val Thorens do \u017denevy | Transfer Europe","description":"Rezervujte si s\u00fakromn\u00fd transfer z \u017denevy do Val Thorens s Transfer Europe. U\u017eite si pohodlie, bezpe\u010dnos\u0165 a slu\u017eby 24 hod\u00edn denne, 7 dn\u00ed v t\u00fd\u017edni. Zavolajte n\u00e1m na \u260e +421940904184 pre v\u00e1\u0161 transfer z \u017denevy do Val Thorens. Spo\u013eahliv\u00fd a luxusn\u00fd z\u00e1\u017eitok z cestovania.","robots":{"index":"index","follow":"follow","max-snippet":"max-snippet:-1","max-image-preview":"max-image-preview:large","max-video-preview":"max-video-preview:-1"},"canonical":"https:\/\/transfereurope.com\/sk\/destinacie\/svajciarske-transfery\/transfer-zo-zenevy-do-val-thorens\/","og_locale":"sk_SK","og_type":"article","og_title":"Transfer zo \u017denevy do Val Thorens | N\u00e1vrat z Val Thorens do \u017denevy | Transfer Europe","og_description":"Rezervujte si s\u00fakromn\u00fd transfer z \u017denevy do Val Thorens s Transfer Europe. U\u017eite si pohodlie, bezpe\u010dnos\u0165 a slu\u017eby 24 hod\u00edn denne, 7 dn\u00ed v t\u00fd\u017edni. Zavolajte n\u00e1m na \u260e +421940904184 pre v\u00e1\u0161 transfer z \u017denevy do Val Thorens. Spo\u013eahliv\u00fd a luxusn\u00fd z\u00e1\u017eitok z cestovania.","og_url":"https:\/\/transfereurope.com\/sk\/destinacie\/svajciarske-transfery\/transfer-zo-zenevy-do-val-thorens\/","og_site_name":"transfereurope","og_image":[{"width":1500,"height":2000,"url":"https:\/\/transfereurope.com\/wp-content\/uploads\/2025\/08\/Italy-Milan-Transfers-257-2-1.jpg","type":"image\/jpeg"}],"twitter_card":"summary_large_image","twitter_misc":{"Predpokladan\u00fd \u010das \u010d\u00edtania":"4 min\u00faty"},"schema":{"@context":"https:\/\/schema.org","@graph":[{"@type":"WebPage","@id":"https:\/\/transfereurope.com\/sk\/destinacie\/svajciarske-transfery\/transfer-zo-zenevy-do-val-thorens\/","url":"https:\/\/transfereurope.com\/sk\/destinacie\/svajciarske-transfery\/transfer-zo-zenevy-do-val-thorens\/","name":"Transfer zo \u017denevy do Val Thorens | N\u00e1vrat z Val Thorens do \u017denevy | Transfer Europe","isPartOf":{"@id":"https:\/\/transfereurope.com\/sk\/#website"},"primaryImageOfPage":{"@id":"https:\/\/transfereurope.com\/sk\/destinacie\/svajciarske-transfery\/transfer-zo-zenevy-do-val-thorens\/#primaryimage"},"image":{"@id":"https:\/\/transfereurope.com\/sk\/destinacie\/svajciarske-transfery\/transfer-zo-zenevy-do-val-thorens\/#primaryimage"},"thumbnailUrl":"https:\/\/transfereurope.com\/wp-content\/uploads\/2025\/08\/Italy-Milan-Transfers-257-2-1.jpg","datePublished":"2025-08-05T02:20:23+00:00","description":"Rezervujte si s\u00fakromn\u00fd transfer z \u017denevy do Val Thorens s Transfer Europe. U\u017eite si pohodlie, bezpe\u010dnos\u0165 a slu\u017eby 24 hod\u00edn denne, 7 dn\u00ed v t\u00fd\u017edni. Zavolajte n\u00e1m na \u260e +421940904184 pre v\u00e1\u0161 transfer z \u017denevy do Val Thorens. Spo\u013eahliv\u00fd a luxusn\u00fd z\u00e1\u017eitok z cestovania.","breadcrumb":{"@id":"https:\/\/transfereurope.com\/sk\/destinacie\/svajciarske-transfery\/transfer-zo-zenevy-do-val-thorens\/#breadcrumb"},"inLanguage":"sk-SK","potentialAction":[{"@type":"ReadAction","target":["https:\/\/transfereurope.com\/sk\/destinacie\/svajciarske-transfery\/transfer-zo-zenevy-do-val-thorens\/"]}]},{"@type":"ImageObject","inLanguage":"sk-SK","@id":"https:\/\/transfereurope.com\/sk\/destinacie\/svajciarske-transfery\/transfer-zo-zenevy-do-val-thorens\/#primaryimage","url":"https:\/\/transfereurope.com\/wp-content\/uploads\/2025\/08\/Italy-Milan-Transfers-257-2-1.jpg","contentUrl":"https:\/\/transfereurope.com\/wp-content\/uploads\/2025\/08\/Italy-Milan-Transfers-257-2-1.jpg","width":1500,"height":2000},{"@type":"BreadcrumbList","@id":"https:\/\/transfereurope.com\/sk\/destinacie\/svajciarske-transfery\/transfer-zo-zenevy-do-val-thorens\/#breadcrumb","itemListElement":[{"@type":"ListItem","position":1,"name":"Home","item":"https:\/\/transfereurope.com\/sk\/"},{"@type":"ListItem","position":2,"name":"Transfer zo \u017denevy do Val Thorens"}]},{"@type":"WebSite","@id":"https:\/\/transfereurope.com\/sk\/#website","url":"https:\/\/transfereurope.com\/sk\/","name":"transfereurope","description":"","publisher":{"@id":"https:\/\/transfereurope.com\/sk\/#organization"},"potentialAction":[{"@type":"SearchAction","target":{"@type":"EntryPoint","urlTemplate":"https:\/\/transfereurope.com\/sk\/?s={search_term_string}"},"query-input":{"@type":"PropertyValueSpecification","valueRequired":true,"valueName":"search_term_string"}}],"inLanguage":"sk-SK"},{"@type":"Organization","@id":"https:\/\/transfereurope.com\/sk\/#organization","name":"transfereurope","url":"https:\/\/transfereurope.com\/sk\/","logo":{"@type":"ImageObject","inLanguage":"sk-SK","@id":"https:\/\/transfereurope.com\/sk\/#\/schema\/logo\/image\/","url":"https:\/\/transfereurope.com\/wp-content\/uploads\/2025\/08\/TRANSFERS-1655.png","contentUrl":"https:\/\/transfereurope.com\/wp-content\/uploads\/2025\/08\/TRANSFERS-1655.png","width":500,"height":274,"caption":"transfereurope"},"image":{"@id":"https:\/\/transfereurope.com\/sk\/#\/schema\/logo\/image\/"}}]}},"_links":{"self":[{"href":"https:\/\/transfereurope.com\/sk\/wp-json\/wp\/v2\/pages\/50827","targetHints":{"allow":["GET"]}}],"collection":[{"href":"https:\/\/transfereurope.com\/sk\/wp-json\/wp\/v2\/pages"}],"about":[{"href":"https:\/\/transfereurope.com\/sk\/wp-json\/wp\/v2\/types\/page"}],"author":[{"embeddable":true,"href":"https:\/\/transfereurope.com\/sk\/wp-json\/wp\/v2\/users\/1"}],"replies":[{"embeddable":true,"href":"https:\/\/transfereurope.com\/sk\/wp-json\/wp\/v2\/comments?post=50827"}],"version-history":[{"count":0,"href":"https:\/\/transfereurope.com\/sk\/wp-json\/wp\/v2\/pages\/50827\/revisions"}],"up":[{"embeddable":true,"href":"https:\/\/transfereurope.com\/sk\/wp-json\/wp\/v2\/pages\/20175"}],"wp:featuredmedia":[{"embeddable":true,"href":"https:\/\/transfereurope.com\/sk\/wp-json\/wp\/v2\/media\/50828"}],"wp:attachment":[{"href":"https:\/\/transfereurope.com\/sk\/wp-json\/wp\/v2\/media?parent=50827"}],"curies":[{"name":"wp","href":"https:\/\/api.w.org\/{rel}","templated":true}]}}