{"id":46267,"date":"2025-08-05T01:16:31","date_gmt":"2025-08-05T01:16:31","guid":{"rendered":"https:\/\/transfereurope.com\/transfer-z-zenevy-do-annecy\/"},"modified":"2025-08-05T01:16:31","modified_gmt":"2025-08-05T01:16:31","slug":"transfer-z-zenevy-do-annecy","status":"publish","type":"page","link":"https:\/\/transfereurope.com\/sk\/destinacie\/svajciarske-transfery\/transfer-z-zenevy-do-annecy\/","title":{"rendered":"Transfer z \u017denevy do Annecy"},"content":{"rendered":"\n<div id=\"t4-masthead\" class=\"t4-section  t4-masthead\">\n<div class=\"t4-col text-center\">\n<div class=\"ja-masthead\" >\n<div class=\"ja-masthead-detail\">\n<h1 class=\"ja-masthead-title\">Transfer z \u017denevy do Annecy<\/h1>\n<p>                 <!---->            <\/p>\n<div class=\"block-breadcrumb\">                       <\/div>\n<\/p><\/div>\n<\/p><\/div>\n<pre><\/pre>\n<\/div>\n<\/div>\n<div id=\"t4-main-body\" class=\"t4-section  t4-main-body\" role=\"main body\">\n<div class=\"t4-section-inner container\">\n<div class=\"t4-row row\">\n<div class=\"t4-col col-12 col-xl\">\n<div id=\"system-message-container\"> \t<\/div>\n<div class=\"com-content-article item-page view-tour-detail\">\n<div class=\"tour-top-info clearfix\">\n<div class=\"pull-left\">\n<div class=\"category-article-dot\">\n<div class=\"category-name\"> \t\t\t\t\t<a href=\"\/sk\/destinacie\/svajciarske-transfery\" itemprop=\"genre\">Transfery do \u0160vaj\u010diarska<\/a> \t\t\t\t<\/div>\n<\/p><\/div>\n<\/p><\/div>\n<div class=\"pull-right\">\n<div class=\"text-danger tour-price\"> \t\t\t\t\t\t<a href=\"\/sk\/rezervovat-transfer\">Rezervova\u0165<\/a><\/div>\n<\/p><\/div>\n<\/p><\/div>\n<p>  \t <!--\t-->  \t<\/p>\n<div class=\"vm-product-container\">\n<figure class=\"pull-left item-image\">\n<div class=\"main-image\"> \t\t<a title=\"Transfer Geneva to Annecy\" rel='vm-additional-images' href=\"\/images\/virtuemart\/product\/Italy Milan Transfers (1)57.jpg\"><img decoding=\"async\"  loading=\"lazy\"  src=\"\/wp-content\/uploads\/2025\/08\/Italy-Milan-Transfers-157-2.jpg\"  alt=\"Transfer Geneva to Annecy\"  \/><\/a>\t\t<\/p>\n<div class=\"clear\"><\/div>\n<\/p><\/div>\n<\/figure>\n<div class=\"vm-product-details-container\">\n<div class=\"spacer-buy-area\">    \t\t \t\t<\/div>\n<\/p><\/div>\n<div class=\"clear\"><\/div>\n<\/p><\/div>\n<div class=\"product-description\" >\n<p style=\"text-align: center;\"><a class=\"btn btn-primary\" href=\"\/sk\/rezervovat-transfer\">Rezervova\u0165<\/a><\/p>\n<h2 style=\"text-align: center;\">Transfer \u017deneva &#8211; Annecy s Transfer Europe<\/h2>\n<h3>Transfery zo \u017denevy do Annecy<\/h3>\n<p>Za\u017eite maxim\u00e1lne pohodlie a luxus s na\u0161ou slu\u017ebou transferu zo \u017denevy do Annecy. V spolo\u010dnosti Transfer Europe sa \u0161pecializujeme na poskytovanie pr\u00e9miov\u00fdch s\u00fakromn\u00fdch transferov, ktor\u00e9 zabezpe\u010duj\u00fa hladk\u00fa a pohodln\u00fa cestu pre obchodn\u00fdch cestuj\u00facich, turistov aj obyvate\u013eov \u0160vaj\u010diarska.<\/p>\n<p><img decoding=\"async\" style=\"display: block; margin-left: auto; margin-right: auto;\" src=\"\/wp-content\/uploads\/2025\/08\/Transfer_in_Switzerland_1-75.png\" alt=\"\" \/><\/p>\n<h3>Pre\u010do si vybra\u0165 Transfer Europe pre v\u00e1\u0161 transfer z \u017denevy do Annecy?<\/h3>\n<p>Ke\u010f si objedn\u00e1te transfer zo \u017denevy do Annecy so spolo\u010dnos\u0165ou Transfer Europe, z\u00edskate mno\u017estvo v\u00fdhod, v\u010faka ktor\u00fdm bude va\u0161a cesta v\u00fdnimo\u010dn\u00e1. N\u00e1\u0161 rozmanit\u00fd vozov\u00fd park zah\u0155\u0148a sedany, minivany, SUV a minibusy, ktor\u00e9 vyhovuj\u00fa v\u0161etk\u00fdm ve\u013ekostiam skup\u00edn a preferenci\u00e1m. Ka\u017ed\u00e9 vozidlo je \u010dist\u00e9, nov\u00e9 a udr\u017eiavan\u00e9 pod\u013ea najvy\u0161\u0161\u00edch \u0161tandardov, \u010do zaru\u010duje bezpe\u010dn\u00fa a pr\u00edjemn\u00fa jazdu.<\/p>\n<p><strong>V\u00fdhody v\u00fdberu Transfer Europe:<\/strong><\/p>\n<ul>\n<li><strong>Pohodlie a bezpe\u010dnos\u0165:<\/strong>\u00a0Cestujte \u0161t\u00fdlovo v na\u0161ich starostlivo udr\u017eiavan\u00fdch vozidl\u00e1ch, ktor\u00e9 v\u00e1m zabezpe\u010dia pohodln\u00fa a bezpe\u010dn\u00fa cestu.<\/li>\n<li><strong>Profesion\u00e1lni vodi\u010di:<\/strong>\u00a0Na\u0161i sk\u00fasen\u00ed a priate\u013esk\u00ed vodi\u010di poskytuj\u00fa prvotriedne slu\u017eby a zabezpe\u010duj\u00fa hladk\u00fd a pr\u00edjemn\u00fd presun.<\/li>\n<li><strong>Dostupnos\u0165 24 hod\u00edn denne, 7 dn\u00ed v t\u00fd\u017edni:<\/strong>\u00a0Pon\u00fakame nepretr\u017eit\u00fa prev\u00e1dzku, aby sme sa prisp\u00f4sobili v\u00e1\u0161mu cestovn\u00e9mu pl\u00e1nu a pon\u00fakli flexibilitu a spo\u013eahlivos\u0165.<\/li>\n<li><strong>Presnos\u0165:<\/strong>\u00a0Aby ste mohli cestova\u0165 bez stresu, v\u00e1\u017eime si v\u00e1\u0161 \u010das a zabezpe\u010dujeme v\u010dasn\u00e9 vyzdvihnutie a odovzdanie.<\/li>\n<\/ul>\n<p style=\"text-align: center;\"><a class=\"btn btn-primary\" href=\"\/sk\/rezervovat-transfer\">Rezervova\u0165<\/a><\/p>\n<h4>Podrobnosti o cestovan\u00ed<\/h4>\n<p>Vzdialenos\u0165 zo \u017denevy do Annecy je pribli\u017ene 45 kilometrov a \u010das presunu sa odhaduje na pribli\u017ene 1 hodinu v z\u00e1vislosti od dopravn\u00fdch a poveternostn\u00fdch podmienok. Cestou sa v\u00e1m naskytne n\u00e1dhern\u00e1 scen\u00e9ria franc\u00fazskych \u00c1lp a malebn\u00e1 krajina jazera Annecy, ktor\u00e1 umocn\u00ed v\u00e1\u0161 z\u00e1\u017eitok z cesty.<\/p>\n<h3>Spiato\u010dn\u00fd transfer z Annecy do \u017denevy<\/h3>\n<p>Pon\u00fakame aj spiato\u010dn\u00e9 transfery z Annecy do \u017denevy, aby va\u0161a cesta bola bezprobl\u00e9mov\u00e1 od za\u010diatku a\u017e do konca. Vychutnajte si rovnak\u00fa \u00farove\u0148 luxusu a profesionality aj na spiato\u010dnej ceste, aby va\u0161e cestovn\u00e9 pl\u00e1ny boli bez starost\u00ed.<\/p>\n<p><img decoding=\"async\" style=\"display: block; margin-left: auto; margin-right: auto;\" src=\"\/wp-content\/uploads\/2025\/08\/Transfer_in_Switzerland-75.jpg\" alt=\"\" \/><\/p>\n<h3>Rezervujte si transfer z \u017denevy do Annecy e\u0161te dnes<\/h3>\n<p>Ste pripraven\u00ed za\u017ei\u0165 najlep\u0161\u00ed transfer zo \u017denevy do Annecy? Rezervujte si transfer s Transfer Europe e\u0161te dnes a u\u017eite si s\u00fakromn\u00fd, luxusn\u00fd a efekt\u00edvny z\u00e1\u017eitok z cestovania. \u010ci u\u017e na slu\u017eobn\u00fa cestu alebo na dovolenku, n\u00e1\u0161 \u0161pecializovan\u00fd t\u00edm je tu, aby v\u00e1m poskytol \u0161pi\u010dkov\u00e9 dopravn\u00e9 rie\u0161enia.<\/p>\n<p style=\"text-align: center;\"><a class=\"btn btn-primary\" href=\"\/sk\/rezervovat-transfer\">Rezervova\u0165<\/a><\/p>\n<p><strong>Kontaktujte n\u00e1s:<\/strong>\u00a0Kontaktujte n\u00e1s kedyko\u013evek, aby ste si rezervovali transfer alebo sa dozvedeli viac o na\u0161ich slu\u017eb\u00e1ch. Va\u0161a spokojnos\u0165 je na\u0161ou najvy\u0161\u0161ou prioritou a my sa sna\u017e\u00edme, aby va\u0161e cestovanie zo \u017denevy do Annecy bolo v\u00fdnimo\u010dn\u00e9.<\/p>\n<p><img decoding=\"async\" src=\"\/wp-content\/uploads\/2025\/08\/Transfer_in_Switzerland_4-82.png\" alt=\"\" \/><\/p>\n<p>Vyberte si Transfer Europe pre svoj transfer z \u017denevy do Annecy a objavte rozdiel, ktor\u00fd m\u00f4\u017ee prinies\u0165 kvalita, spo\u013eahlivos\u0165 a profesionalita. Viac inform\u00e1ci\u00ed o na\u0161ich\u00a0<a href=\"\/sk\/destinacie\/svajciarske-transfery\/transfery-z-letiska-svajciarsko\">transferoch z letiska vo \u0160vaj\u010diarsku<\/a>\u00a0alebo in\u00fdch\u00a0<a href=\"\/sk\/destinacie\/svajciarske-transfery\">transferoch zo \u0160vaj\u010diarska<\/a>\u00a0n\u00e1jdete na na\u0161ej webovej str\u00e1nke alebo n\u00e1s kontaktujte priamo. Sme odhodlan\u00ed poskytn\u00fa\u0165 v\u00e1m tie najlep\u0161ie transferov\u00e9 slu\u017eby vo \u0160vaj\u010diarsku.<\/p>\n<\/p><\/div>\n<div class=\"product-price-container\">\n<div class=\"sale-price\"> \t\t<\/div>\n<\/p><\/div>\n<div class=\"options\"><\/div>\n<div> \t\t<\/div>\n<p>   \t        <script type=\"text\/javascript\" ><\/script>  <script type=\"text\/javascript\" ><\/script> <script type=\"text\/javascript\" ><\/script>  <script type=\"text\/javascript\" ><\/script> <script type=\"text\/javascript\" ><\/script> <script type=\"text\/javascript\" ><\/script> <script type=\"text\/javascript\" ><\/script> <\/div>\n<p> \t\t<!-- \u041f\u043b\u0430\u0433\u0438\u043d \u0440\u0435\u0439\u0442\u0438\u043d\u0433\u0430 --> <\/p>\n<div class=\"vrvote-body\">\n<ul class=\"vrvote-ul\">\n<li id=\"rating_422\" class=\"current-rating\" style=\"width:100.00%;\"><\/li>\n<li> \t\t\t\t\t\t<a class=\"vr-one-star\" onclick=\"javascript:JSVRvote(422,1,30,6,0)\" href=\"javascript:void(null)\">1<\/a> \t\t\t\t\t<\/li>\n<li> \t\t\t\t\t\t<a class=\"vr-two-stars\" onclick=\"javascript:JSVRvote(422,2,30,6,0)\" href=\"javascript:void(null)\">2<\/a> \t\t\t\t\t<\/li>\n<li> \t\t\t\t\t\t<a class=\"vr-three-stars\" onclick=\"javascript:JSVRvote(422,3,30,6,0)\" href=\"javascript:void(null)\">3<\/a> \t\t\t\t\t<\/li>\n<li> \t\t\t\t\t\t<a class=\"vr-four-stars\" onclick=\"javascript:JSVRvote(422,4,30,6,0)\" href=\"javascript:void(null)\">4<\/a> \t\t\t\t\t<\/li>\n<li> \t\t\t\t\t\t<a class=\"vr-five-stars\" onclick=\"javascript:JSVRvote(422,5,30,6,0)\" href=\"javascript:void(null)\">5<\/a> \t\t\t\t\t<\/li>\n<\/ul><\/div>\n<p> \t\t\t<span id=\"vrvote_422\" class=\"vrvote-count\"><small><\/small><\/span>\t<\/span><script type=\"application\/ld+json\"><\/script>   <\/div>\n<div class=\"t4-col sidebar-r col-12 col-xl-4\">\n<div class=\"t4-module module\" id=\"Mod306\">\n<div class=\"module-inner\">\n<div class=\"module-ct\">\n<div class=\"bannergroup\">\n<div class=\"banneritem\"> \t\t\t\t\t\t\t\t\t\t\t\t\t\t\t\t\t\t\t\t\t\t\t\t\t\t\t\t\t\t\t\t\t\t\t\t\t\t\t\t\t\t\t\t\t\t\t\t\t\t<img \t\t\t\t\t\tsrc=\"\/wp-content\/uploads\/2025\/08\/banner-transfer-europe-sk-191.png\" \t\t\t\t\t\talt=\"Banner-sk\" \t\t\t\t\t\t\t\t\t\t\t\t\t\t\t\t\t\/> \t\t\t\t\t\t\t\t\t\t\t<\/p>\n<div class=\"clr\"><\/div>\n<\/p><\/div>\n<\/p><\/div>\n<\/p><\/div>\n<\/div>\n<\/div><\/div>\n<\/p><\/div>\n<\/div><\/div>\n<div id=\"t4-section-8\" class=\"t4-section  t4-section-8  section-border-top\" role=\"section-8\">\n<div class=\"bg-overlay bg-overlay-image\">&nbsp;<\/div>\n<\/p><\/div>\n<p>  <a href='javascript:' id='back-to-top'><i class='fa fa-chevron-up'><\/i><\/a>                <\/p>\n","protected":false},"excerpt":{"rendered":"<p>Transfer z \u017denevy do Annecy Transfery do \u0160vaj\u010diarska Rezervova\u0165 Rezervova\u0165 Transfer \u017deneva &#8211; Annecy s Transfer Europe Transfery zo \u017denevy do Annecy Za\u017eite maxim\u00e1lne pohodlie a luxus s na\u0161ou slu\u017ebou transferu zo \u017denevy do Annecy. V spolo\u010dnosti Transfer Europe sa \u0161pecializujeme na poskytovanie pr\u00e9miov\u00fdch s\u00fakromn\u00fdch transferov, ktor\u00e9 zabezpe\u010duj\u00fa hladk\u00fa a pohodln\u00fa cestu pre obchodn\u00fdch cestuj\u00facich, [&hellip;]<\/p>\n","protected":false},"author":1,"featured_media":46268,"parent":20175,"menu_order":0,"comment_status":"closed","ping_status":"closed","template":"","meta":{"footnotes":""},"class_list":["post-46267","page","type-page","status-publish","has-post-thumbnail","hentry"],"yoast_head":"<!-- This site is optimized with the Yoast SEO plugin v25.6 - https:\/\/yoast.com\/wordpress\/plugins\/seo\/ -->\n<title>Transfer \u017deneva - Annecy | N\u00e1vrat Annecy - \u017deneva | Transfer Europe<\/title>\n<meta name=\"description\" content=\"Rezervujte si transfer z \u017denevy do Annecy s Transfer Europe. U\u017eite si pohodlie, bezpe\u010dnos\u0165 a slu\u017eby 24 hod\u00edn denne, 7 dn\u00ed v t\u00fd\u017edni. Zavolajte n\u00e1m na \u260e +421940904184 pre va\u0161e potreby pr\u00e9miov\u00e9ho transferu.\" \/>\n<meta name=\"robots\" content=\"index, follow, max-snippet:-1, max-image-preview:large, max-video-preview:-1\" \/>\n<link rel=\"canonical\" href=\"https:\/\/transfereurope.com\/sk\/destinacie\/svajciarske-transfery\/transfer-z-zenevy-do-annecy\/\" \/>\n<meta property=\"og:locale\" content=\"sk_SK\" \/>\n<meta property=\"og:type\" content=\"article\" \/>\n<meta property=\"og:title\" content=\"Transfer \u017deneva - Annecy | N\u00e1vrat Annecy - \u017deneva | Transfer Europe\" \/>\n<meta property=\"og:description\" content=\"Rezervujte si transfer z \u017denevy do Annecy s Transfer Europe. U\u017eite si pohodlie, bezpe\u010dnos\u0165 a slu\u017eby 24 hod\u00edn denne, 7 dn\u00ed v t\u00fd\u017edni. Zavolajte n\u00e1m na \u260e +421940904184 pre va\u0161e potreby pr\u00e9miov\u00e9ho transferu.\" \/>\n<meta property=\"og:url\" content=\"https:\/\/transfereurope.com\/sk\/destinacie\/svajciarske-transfery\/transfer-z-zenevy-do-annecy\/\" \/>\n<meta property=\"og:site_name\" content=\"transfereurope\" \/>\n<meta property=\"og:image\" content=\"https:\/\/transfereurope.com\/wp-content\/uploads\/2025\/08\/Italy-Milan-Transfers-157-2-1.jpg\" \/>\n\t<meta property=\"og:image:width\" content=\"1500\" \/>\n\t<meta property=\"og:image:height\" content=\"2000\" \/>\n\t<meta property=\"og:image:type\" content=\"image\/jpeg\" \/>\n<meta name=\"twitter:card\" content=\"summary_large_image\" \/>\n<meta name=\"twitter:label1\" content=\"Predpokladan\u00fd \u010das \u010d\u00edtania\" \/>\n\t<meta name=\"twitter:data1\" content=\"3 min\u00faty\" \/>\n<script type=\"application\/ld+json\" class=\"yoast-schema-graph\">{\"@context\":\"https:\/\/schema.org\",\"@graph\":[{\"@type\":\"WebPage\",\"@id\":\"https:\/\/transfereurope.com\/sk\/destinacie\/svajciarske-transfery\/transfer-z-zenevy-do-annecy\/\",\"url\":\"https:\/\/transfereurope.com\/sk\/destinacie\/svajciarske-transfery\/transfer-z-zenevy-do-annecy\/\",\"name\":\"Transfer \u017deneva - Annecy | N\u00e1vrat Annecy - \u017deneva | Transfer Europe\",\"isPartOf\":{\"@id\":\"https:\/\/transfereurope.com\/sk\/#website\"},\"primaryImageOfPage\":{\"@id\":\"https:\/\/transfereurope.com\/sk\/destinacie\/svajciarske-transfery\/transfer-z-zenevy-do-annecy\/#primaryimage\"},\"image\":{\"@id\":\"https:\/\/transfereurope.com\/sk\/destinacie\/svajciarske-transfery\/transfer-z-zenevy-do-annecy\/#primaryimage\"},\"thumbnailUrl\":\"https:\/\/transfereurope.com\/wp-content\/uploads\/2025\/08\/Italy-Milan-Transfers-157-2-1.jpg\",\"datePublished\":\"2025-08-05T01:16:31+00:00\",\"description\":\"Rezervujte si transfer z \u017denevy do Annecy s Transfer Europe. U\u017eite si pohodlie, bezpe\u010dnos\u0165 a slu\u017eby 24 hod\u00edn denne, 7 dn\u00ed v t\u00fd\u017edni. Zavolajte n\u00e1m na \u260e +421940904184 pre va\u0161e potreby pr\u00e9miov\u00e9ho transferu.\",\"breadcrumb\":{\"@id\":\"https:\/\/transfereurope.com\/sk\/destinacie\/svajciarske-transfery\/transfer-z-zenevy-do-annecy\/#breadcrumb\"},\"inLanguage\":\"sk-SK\",\"potentialAction\":[{\"@type\":\"ReadAction\",\"target\":[\"https:\/\/transfereurope.com\/sk\/destinacie\/svajciarske-transfery\/transfer-z-zenevy-do-annecy\/\"]}]},{\"@type\":\"ImageObject\",\"inLanguage\":\"sk-SK\",\"@id\":\"https:\/\/transfereurope.com\/sk\/destinacie\/svajciarske-transfery\/transfer-z-zenevy-do-annecy\/#primaryimage\",\"url\":\"https:\/\/transfereurope.com\/wp-content\/uploads\/2025\/08\/Italy-Milan-Transfers-157-2-1.jpg\",\"contentUrl\":\"https:\/\/transfereurope.com\/wp-content\/uploads\/2025\/08\/Italy-Milan-Transfers-157-2-1.jpg\",\"width\":1500,\"height\":2000},{\"@type\":\"BreadcrumbList\",\"@id\":\"https:\/\/transfereurope.com\/sk\/destinacie\/svajciarske-transfery\/transfer-z-zenevy-do-annecy\/#breadcrumb\",\"itemListElement\":[{\"@type\":\"ListItem\",\"position\":1,\"name\":\"Home\",\"item\":\"https:\/\/transfereurope.com\/sk\/\"},{\"@type\":\"ListItem\",\"position\":2,\"name\":\"Transfer z \u017denevy do Annecy\"}]},{\"@type\":\"WebSite\",\"@id\":\"https:\/\/transfereurope.com\/sk\/#website\",\"url\":\"https:\/\/transfereurope.com\/sk\/\",\"name\":\"transfereurope\",\"description\":\"\",\"publisher\":{\"@id\":\"https:\/\/transfereurope.com\/sk\/#organization\"},\"potentialAction\":[{\"@type\":\"SearchAction\",\"target\":{\"@type\":\"EntryPoint\",\"urlTemplate\":\"https:\/\/transfereurope.com\/sk\/?s={search_term_string}\"},\"query-input\":{\"@type\":\"PropertyValueSpecification\",\"valueRequired\":true,\"valueName\":\"search_term_string\"}}],\"inLanguage\":\"sk-SK\"},{\"@type\":\"Organization\",\"@id\":\"https:\/\/transfereurope.com\/sk\/#organization\",\"name\":\"transfereurope\",\"url\":\"https:\/\/transfereurope.com\/sk\/\",\"logo\":{\"@type\":\"ImageObject\",\"inLanguage\":\"sk-SK\",\"@id\":\"https:\/\/transfereurope.com\/sk\/#\/schema\/logo\/image\/\",\"url\":\"https:\/\/transfereurope.com\/wp-content\/uploads\/2025\/08\/TRANSFERS-1655.png\",\"contentUrl\":\"https:\/\/transfereurope.com\/wp-content\/uploads\/2025\/08\/TRANSFERS-1655.png\",\"width\":500,\"height\":274,\"caption\":\"transfereurope\"},\"image\":{\"@id\":\"https:\/\/transfereurope.com\/sk\/#\/schema\/logo\/image\/\"}}]}<\/script>\n<!-- \/ Yoast SEO plugin. -->","yoast_head_json":{"title":"Transfer \u017deneva - Annecy | N\u00e1vrat Annecy - \u017deneva | Transfer Europe","description":"Rezervujte si transfer z \u017denevy do Annecy s Transfer Europe. U\u017eite si pohodlie, bezpe\u010dnos\u0165 a slu\u017eby 24 hod\u00edn denne, 7 dn\u00ed v t\u00fd\u017edni. Zavolajte n\u00e1m na \u260e +421940904184 pre va\u0161e potreby pr\u00e9miov\u00e9ho transferu.","robots":{"index":"index","follow":"follow","max-snippet":"max-snippet:-1","max-image-preview":"max-image-preview:large","max-video-preview":"max-video-preview:-1"},"canonical":"https:\/\/transfereurope.com\/sk\/destinacie\/svajciarske-transfery\/transfer-z-zenevy-do-annecy\/","og_locale":"sk_SK","og_type":"article","og_title":"Transfer \u017deneva - Annecy | N\u00e1vrat Annecy - \u017deneva | Transfer Europe","og_description":"Rezervujte si transfer z \u017denevy do Annecy s Transfer Europe. U\u017eite si pohodlie, bezpe\u010dnos\u0165 a slu\u017eby 24 hod\u00edn denne, 7 dn\u00ed v t\u00fd\u017edni. Zavolajte n\u00e1m na \u260e +421940904184 pre va\u0161e potreby pr\u00e9miov\u00e9ho transferu.","og_url":"https:\/\/transfereurope.com\/sk\/destinacie\/svajciarske-transfery\/transfer-z-zenevy-do-annecy\/","og_site_name":"transfereurope","og_image":[{"width":1500,"height":2000,"url":"https:\/\/transfereurope.com\/wp-content\/uploads\/2025\/08\/Italy-Milan-Transfers-157-2-1.jpg","type":"image\/jpeg"}],"twitter_card":"summary_large_image","twitter_misc":{"Predpokladan\u00fd \u010das \u010d\u00edtania":"3 min\u00faty"},"schema":{"@context":"https:\/\/schema.org","@graph":[{"@type":"WebPage","@id":"https:\/\/transfereurope.com\/sk\/destinacie\/svajciarske-transfery\/transfer-z-zenevy-do-annecy\/","url":"https:\/\/transfereurope.com\/sk\/destinacie\/svajciarske-transfery\/transfer-z-zenevy-do-annecy\/","name":"Transfer \u017deneva - Annecy | N\u00e1vrat Annecy - \u017deneva | Transfer Europe","isPartOf":{"@id":"https:\/\/transfereurope.com\/sk\/#website"},"primaryImageOfPage":{"@id":"https:\/\/transfereurope.com\/sk\/destinacie\/svajciarske-transfery\/transfer-z-zenevy-do-annecy\/#primaryimage"},"image":{"@id":"https:\/\/transfereurope.com\/sk\/destinacie\/svajciarske-transfery\/transfer-z-zenevy-do-annecy\/#primaryimage"},"thumbnailUrl":"https:\/\/transfereurope.com\/wp-content\/uploads\/2025\/08\/Italy-Milan-Transfers-157-2-1.jpg","datePublished":"2025-08-05T01:16:31+00:00","description":"Rezervujte si transfer z \u017denevy do Annecy s Transfer Europe. U\u017eite si pohodlie, bezpe\u010dnos\u0165 a slu\u017eby 24 hod\u00edn denne, 7 dn\u00ed v t\u00fd\u017edni. Zavolajte n\u00e1m na \u260e +421940904184 pre va\u0161e potreby pr\u00e9miov\u00e9ho transferu.","breadcrumb":{"@id":"https:\/\/transfereurope.com\/sk\/destinacie\/svajciarske-transfery\/transfer-z-zenevy-do-annecy\/#breadcrumb"},"inLanguage":"sk-SK","potentialAction":[{"@type":"ReadAction","target":["https:\/\/transfereurope.com\/sk\/destinacie\/svajciarske-transfery\/transfer-z-zenevy-do-annecy\/"]}]},{"@type":"ImageObject","inLanguage":"sk-SK","@id":"https:\/\/transfereurope.com\/sk\/destinacie\/svajciarske-transfery\/transfer-z-zenevy-do-annecy\/#primaryimage","url":"https:\/\/transfereurope.com\/wp-content\/uploads\/2025\/08\/Italy-Milan-Transfers-157-2-1.jpg","contentUrl":"https:\/\/transfereurope.com\/wp-content\/uploads\/2025\/08\/Italy-Milan-Transfers-157-2-1.jpg","width":1500,"height":2000},{"@type":"BreadcrumbList","@id":"https:\/\/transfereurope.com\/sk\/destinacie\/svajciarske-transfery\/transfer-z-zenevy-do-annecy\/#breadcrumb","itemListElement":[{"@type":"ListItem","position":1,"name":"Home","item":"https:\/\/transfereurope.com\/sk\/"},{"@type":"ListItem","position":2,"name":"Transfer z \u017denevy do Annecy"}]},{"@type":"WebSite","@id":"https:\/\/transfereurope.com\/sk\/#website","url":"https:\/\/transfereurope.com\/sk\/","name":"transfereurope","description":"","publisher":{"@id":"https:\/\/transfereurope.com\/sk\/#organization"},"potentialAction":[{"@type":"SearchAction","target":{"@type":"EntryPoint","urlTemplate":"https:\/\/transfereurope.com\/sk\/?s={search_term_string}"},"query-input":{"@type":"PropertyValueSpecification","valueRequired":true,"valueName":"search_term_string"}}],"inLanguage":"sk-SK"},{"@type":"Organization","@id":"https:\/\/transfereurope.com\/sk\/#organization","name":"transfereurope","url":"https:\/\/transfereurope.com\/sk\/","logo":{"@type":"ImageObject","inLanguage":"sk-SK","@id":"https:\/\/transfereurope.com\/sk\/#\/schema\/logo\/image\/","url":"https:\/\/transfereurope.com\/wp-content\/uploads\/2025\/08\/TRANSFERS-1655.png","contentUrl":"https:\/\/transfereurope.com\/wp-content\/uploads\/2025\/08\/TRANSFERS-1655.png","width":500,"height":274,"caption":"transfereurope"},"image":{"@id":"https:\/\/transfereurope.com\/sk\/#\/schema\/logo\/image\/"}}]}},"_links":{"self":[{"href":"https:\/\/transfereurope.com\/sk\/wp-json\/wp\/v2\/pages\/46267","targetHints":{"allow":["GET"]}}],"collection":[{"href":"https:\/\/transfereurope.com\/sk\/wp-json\/wp\/v2\/pages"}],"about":[{"href":"https:\/\/transfereurope.com\/sk\/wp-json\/wp\/v2\/types\/page"}],"author":[{"embeddable":true,"href":"https:\/\/transfereurope.com\/sk\/wp-json\/wp\/v2\/users\/1"}],"replies":[{"embeddable":true,"href":"https:\/\/transfereurope.com\/sk\/wp-json\/wp\/v2\/comments?post=46267"}],"version-history":[{"count":0,"href":"https:\/\/transfereurope.com\/sk\/wp-json\/wp\/v2\/pages\/46267\/revisions"}],"up":[{"embeddable":true,"href":"https:\/\/transfereurope.com\/sk\/wp-json\/wp\/v2\/pages\/20175"}],"wp:featuredmedia":[{"embeddable":true,"href":"https:\/\/transfereurope.com\/sk\/wp-json\/wp\/v2\/media\/46268"}],"wp:attachment":[{"href":"https:\/\/transfereurope.com\/sk\/wp-json\/wp\/v2\/media?parent=46267"}],"curies":[{"name":"wp","href":"https:\/\/api.w.org\/{rel}","templated":true}]}}