{"id":38026,"date":"2025-08-04T23:26:26","date_gmt":"2025-08-04T23:26:26","guid":{"rendered":"https:\/\/transfereurope.com\/transfer-z-viedenskeho-letiska-do-hallstattu\/"},"modified":"2025-08-04T23:26:26","modified_gmt":"2025-08-04T23:26:26","slug":"transfer-z-viedenskeho-letiska-do-hallstattu","status":"publish","type":"page","link":"https:\/\/transfereurope.com\/sk\/destinacie\/vieden\/transfer-z-viedenskeho-letiska-do-hallstattu\/","title":{"rendered":"Transfer z Viedensk\u00e9ho Letiska do Hallstattu"},"content":{"rendered":"\n<div id=\"t4-masthead\" class=\"t4-section  t4-masthead\">\n<div class=\"t4-col text-center\">\n<div class=\"ja-masthead\" >\n<div class=\"ja-masthead-detail\">\n<h1 class=\"ja-masthead-title\">Transfer z Viedensk\u00e9ho Letiska do Hallstattu<\/h1>\n<p>                 <!---->            <\/p>\n<div class=\"block-breadcrumb\">\n<div class=\"moduletable\">\n<div aria-label=\"Breadcrumbs\" role=\"navigation\">\n<ul  class=\"breadcrumb\">\n<li class=\"active\"> \t\t\t\t<span class=\"fas fa-map-marker-alt home-map\"><\/span> \t\t\t<\/li>\n<li itemprop='itemListElement' > \t\t\t\t\t\t\t\t\t\t\t<a  href=\"\/sk\/\" class=\"pathway\"><span itemprop=\"name\">Hlavn\u00e1 str\u00e1nka<\/span><\/a> \t\t\t\t\t \t\t\t\t\t\t\t\t\t\t\t<span class=\"divider\"> \t\t\t\t\t\t\t<i class=\"fa fa-angle-double-right\" aria-hidden=\"true\"><\/i> \t\t\t\t\t\t<\/span> \t\t\t\t\t\t\t\t\t\t<meta  content=\"1\"> \t\t\t\t<\/li>\n<li itemprop='itemListElement' > \t\t\t\t\t\t\t\t\t\t\t<a  href=\"\/sk\/destinacie\" class=\"pathway\"><span itemprop=\"name\">Destin\u00e1cie<\/span><\/a> \t\t\t\t\t \t\t\t\t\t\t\t\t\t\t\t<span class=\"divider\"> \t\t\t\t\t\t\t<i class=\"fa fa-angle-double-right\" aria-hidden=\"true\"><\/i> \t\t\t\t\t\t<\/span> \t\t\t\t\t\t\t\t\t\t<meta  content=\"2\"> \t\t\t\t<\/li>\n<li itemprop='itemListElement' > \t\t\t\t\t\t\t\t\t\t\t<a  href=\"\/sk\/destinacie\/vieden\" class=\"pathway\"><span itemprop=\"name\">Viede\u0148<\/span><\/a> \t\t\t\t\t \t\t\t\t\t\t\t\t\t\t\t<span class=\"divider\"> \t\t\t\t\t\t\t<i class=\"fa fa-angle-double-right\" aria-hidden=\"true\"><\/i> \t\t\t\t\t\t<\/span> \t\t\t\t\t\t\t\t\t\t<meta  content=\"3\"> \t\t\t\t<\/li>\n<li   class=\"active\"> \t\t\t\t\t<span itemprop=\"name\"> \t\t\t\t\t\tTransfer z Viedensk\u00e9ho Letiska do Hallstattu\t\t\t\t\t<\/span> \t\t\t\t\t<meta  content=\"4\"> \t\t\t\t<\/li>\n<\/ul><\/div>\n<\/p><\/div>\n<\/p><\/div>\n<\/p><\/div>\n<\/p><\/div>\n<pre><\/pre>\n<\/div>\n<\/div>\n<div id=\"t4-main-body\" class=\"t4-section  t4-main-body\" role=\"main body\">\n<div class=\"t4-section-inner container\">\n<div class=\"t4-row row\">\n<div class=\"t4-col col-12 col-xl\">\n<div id=\"system-message-container\"> \t<\/div>\n<div class=\"com-content-article item-page view-tour-detail\">\n<div class=\"tour-top-info clearfix\">\n<div class=\"pull-left\">\n<div class=\"category-article-dot\">\n<div class=\"category-name\"> \t\t\t\t\t<a href=\"\/sk\/destinacie\/vieden\" itemprop=\"genre\">Transfery Viede\u0148<\/a> \t\t\t\t<\/div>\n<\/p><\/div>\n<\/p><\/div>\n<div class=\"pull-right\">\n<div class=\"text-danger tour-price\"> \t\t\t\t\t\t<a href=\"\/sk\/rezervovat-transfer\">Rezervova\u0165<\/a><\/div>\n<\/p><\/div>\n<\/p><\/div>\n<p>  \t <!--\t-->  \t<\/p>\n<div class=\"vm-product-container\">\n<figure class=\"pull-left item-image\">\n<div class=\"main-image\"> \t\t<a title=\"Vienna-Schwechat Airport to Hallstatt Transfer Service\" rel='vm-additional-images' href=\"\/images\/virtuemart\/product\/Europe Destinations Transfers (4)94.jpg\"><img decoding=\"async\"  loading=\"lazy\"  src=\"\/wp-content\/uploads\/2025\/08\/Europe-Destinations-Transfers-494-2.jpg\"  alt=\"Vienna-Schwechat Airport to Hallstatt Transfer Service\"  \/><\/a>\t\t<\/p>\n<div class=\"clear\"><\/div>\n<\/p><\/div>\n<\/figure>\n<div class=\"vm-product-details-container\">\n<div class=\"spacer-buy-area\">    \t\t \t\t<\/div>\n<\/p><\/div>\n<div class=\"clear\"><\/div>\n<\/p><\/div>\n<div class=\"product-description\" >\n<div class=\"book-now mt-5\" style=\"text-align: left;\">\n<p>Pl\u00e1nujete cestu z letiska Viede\u0148-Schwechat do malebnej dedinky Hallstatt? U\u017e nemus\u00edte h\u013eada\u0165 \u010falej! Na\u0161a pr\u00e9miov\u00e1 slu\u017eba prepravy a pren\u00e1jmu auta so s\u00fakromn\u00fdm vodi\u010dom je tu, aby v\u00e1m zabezpe\u010dila bezprobl\u00e9mov\u00fa a pohodln\u00fa prepravu.<\/p>\n<p style=\"text-align: center;\"><a class=\"btn btn-primary\" href=\"\/sk\/rezervovat-transfer-z-na-letisko\">Rezervova\u0165<\/a><\/p>\n<h2 style=\"text-align: center;\"><strong>Pre\u010do si vybra\u0165 n\u00e1\u0161 transfer z letiska Viede\u0148-Schwechat do Hallstattu?<\/strong><\/h2>\n<ul>\n<li><strong>Efekt\u00edvna a spo\u013eahliv\u00e1 doprava:<\/strong>\u00a0pri cestovan\u00ed z letiska Viede\u0148-Schwechat do Hallstattu je najd\u00f4le\u017eitej\u0161ie pohodlie a spo\u013eahlivos\u0165. Na\u0161a slu\u017eba transferu bola starostlivo navrhnut\u00e1 tak, aby sp\u013a\u0148ala va\u0161e prepravn\u00e9 potreby a pon\u00fakla v\u00e1m pohodlie a pokoj, ktor\u00fd si zasl\u00fa\u017eite.<\/li>\n<li><strong>Odbornos\u0165 s\u00fakromn\u00fdch vodi\u010dov:<\/strong>\u00a0s na\u0161imi kvalifikovan\u00fdmi s\u00fakromn\u00fdmi vodi\u010dmi si m\u00f4\u017eete vychutna\u0165 kr\u00e1su malebnej rak\u00faskej krajiny a starosti s prepravou prenecha\u0165 n\u00e1m. Na\u0161i vodi\u010di s\u00fa nielen sk\u00fasen\u00ed, ale aj dobre zorientovan\u00ed v najlep\u0161\u00edch tras\u00e1ch, \u010do v\u00e1m zaru\u010d\u00ed efekt\u00edvne dosiahnutie cie\u013ea.<\/li>\n<li><strong>Pren\u00e1jom auta na mieru:<\/strong>\u00a0Ch\u00e1peme, \u017ee ka\u017ed\u00fd cestovate\u013e je jedine\u010dn\u00fd, a preto pon\u00fakame rozmanit\u00fa \u0161k\u00e1lu mo\u017enost\u00ed pren\u00e1jmu auta, aby sme uspokojili va\u0161e \u0161pecifick\u00e9 po\u017eiadavky. \u010ci u\u017e cestujete sami, so skupinou alebo so zna\u010dn\u00fdm mno\u017estvom bato\u017einy, n\u00e1\u0161 dopravn\u00fd vozov\u00fd park sa dok\u00e1\u017ee prisp\u00f4sobi\u0165 va\u0161im potreb\u00e1m.<\/li>\n<li><strong>Bezprobl\u00e9mov\u00e1 cesta:<\/strong>\u00a0Va\u0161a cesta z letiska Viede\u0148-Schwechat do Hallstattu bude v\u010faka na\u0161im \u0161pi\u010dkov\u00fdm prepravn\u00fdm slu\u017eb\u00e1m bez stresu a pr\u00edjemn\u00e1. N\u00e1\u0161 z\u00e1v\u00e4zok k spokojnosti z\u00e1kazn\u00edkov je neochvejn\u00fd a sme hrd\u00ed na to, \u017ee poskytujeme bezprobl\u00e9mov\u00fa a pohodln\u00fa jazdu.<\/li>\n<\/ul>\n<h2 style=\"text-align: center;\">\u00a0<\/h2>\n<h2 style=\"text-align: center;\"><strong>Rezerv\u00e1cia transferu z letiska Viede\u0148-Schwechat do Hallstattu\u00a0<\/strong><\/h2>\n<p>Nev\u00e1hajte a rezervujte si transfer z letiska Viede\u0148-Schwechat do Hallstattu e\u0161te dnes. Za\u017eite najlep\u0161ie slu\u017eby s\u00fakromn\u00e9ho vodi\u010da a pren\u00e1jom auta pre nezabudnute\u013en\u00fd v\u00fdlet do jednej z naj\u010darovnej\u0161\u00edch rak\u00faskych destin\u00e1ci\u00ed.<\/p>\n<p style=\"text-align: center;\"><a class=\"btn btn-primary\" href=\"\/sk\/rezervovat-transfer-z-na-letisko\">Rezervova\u0165<\/a><\/p>\n<h2 style=\"text-align: center;\"><b>Ako sa dosta\u0165 z letiska Viede\u0148-Schwechat do Hallstattu<\/b><\/h2>\n<p>Cesta z letiska Viede\u0148-Schwechat do \u010darovnej dedinky Hallstatt je jednoduch\u00e1 a pr\u00edjemn\u00e1. Tu je jednoduch\u00fd n\u00e1vod, ako \u010do najlep\u0161ie vyu\u017ei\u0165 transfer:<\/p>\n<h3>Transfer s\u00fakromn\u00fdm vozidlom<\/h3>\n<p>Ak chcete dosiahnu\u0165 maxim\u00e1lne pohodlie a komfort, zv\u00e1\u017ete rezerv\u00e1ciu s\u00fakromn\u00e9ho transferu autom. Profesion\u00e1lny vodi\u010d sa s vami stretne na letisku a odvezie v\u00e1s priamo do Hallstattu, v\u010faka \u010domu si budete m\u00f4c\u0165 odd\u00fdchnu\u0165 a vychutna\u0165 si malebn\u00fa cestu.<\/p>\n<h3>Verejn\u00e1 doprava<\/h3>\n<p>Ak uprednost\u0148ujete finan\u010dne v\u00fdhodnej\u0161iu mo\u017enos\u0165, m\u00f4\u017eete vyu\u017ei\u0165 kombin\u00e1ciu verejnej dopravy. Najprv sa z letiska Viede\u0148-Schwechat odvezte vlakom na hlavn\u00fa viedensk\u00fa \u017eelezni\u010dn\u00fa stanicu Wien Hauptbahnhof. Odtia\u013e nasadnite na vlak do Attnang-Puchheim a prestupte na vlak smeruj\u00faci do Hallstattu. T\u00e1to mo\u017enos\u0165 je cenovo v\u00fdhodn\u00e1, ale m\u00f4\u017ee si vy\u017eadova\u0165 viac \u010dasu na cestovanie.<\/p>\n<p>\u00a0<\/p>\n<h3>Pren\u00e1jom auta<\/h3>\n<p>Pren\u00e1jom auta na letisku Viede\u0148-Schwechat v\u00e1m umo\u017en\u00ed flexibilne spozn\u00e1va\u0165 regi\u00f3n vlastn\u00fdm tempom. Cesta do Hallstattu trv\u00e1 pribli\u017ene 3 a\u017e 4 hodiny a pon\u00faka vo\u013enos\u0165 zastavi\u0165 a vychutna\u0165 si malebn\u00fa rak\u00fasku krajinu po ceste.<\/p>\n<h3>Kyvadlov\u00e1 doprava<\/h3>\n<p>Medzi letiskom Viede\u0148-Schwechat a Hallstattom prem\u00e1vaj\u00fa niektor\u00e9 kyvadlov\u00e9 slu\u017eby, ktor\u00e9 poskytuj\u00fa pohodln\u00fa mo\u017enos\u0165 pre t\u00fdch, ktor\u00ed rad\u0161ej nejazdia autom. Nezabudnite si vopred rezervova\u0165 miesto, aby ste si ho zabezpe\u010dili.<\/p>\n<p style=\"text-align: center;\"><a class=\"btn btn-primary\" href=\"\/sk\/rezervovat-transfer-z-na-letisko\">Rezervova\u0165<\/a><\/p>\n<p>Bez oh\u013eadu na to, ak\u00fd sp\u00f4sob dopravy si vyberiete, \u010dak\u00e1 v\u00e1s na ceste z letiska Viede\u0148-Schwechat do dedinky Hallstatt, ktor\u00e1 je ako z poh\u013eadnice. Hallstatt so svojou \u00fa\u017easnou polohou na brehu jazera a o\u010daruj\u00facou alpskou architekt\u00farou je destin\u00e1ciou, ktor\u00fa mus\u00edte v Rak\u00fasku nav\u0161t\u00edvi\u0165. U\u017eite si cestu!<\/p>\n<\/p><\/div>\n<\/p><\/div>\n<div class=\"product-price-container\">\n<div class=\"sale-price\"> \t\t<\/div>\n<\/p><\/div>\n<div class=\"options\"><\/div>\n<div> \t\t<\/div>\n<p>   \t        <script type=\"text\/javascript\" ><\/script>  <script type=\"text\/javascript\" ><\/script> <script type=\"text\/javascript\" ><\/script>  <script type=\"text\/javascript\" ><\/script> <script type=\"text\/javascript\" ><\/script> <script type=\"text\/javascript\" ><\/script> <script type=\"text\/javascript\" ><\/script> <\/div>\n<p> \t\t<!-- \u041f\u043b\u0430\u0433\u0438\u043d \u0440\u0435\u0439\u0442\u0438\u043d\u0433\u0430 --> <\/p>\n<div class=\"vrvote-body\">\n<ul class=\"vrvote-ul\">\n<li id=\"rating_124\" class=\"current-rating\" style=\"width:98.33%;\"><\/li>\n<li> \t\t\t\t\t\t<a class=\"vr-one-star\" onclick=\"javascript:JSVRvote(124,1,118,24,0)\" href=\"javascript:void(null)\">1<\/a> \t\t\t\t\t<\/li>\n<li> \t\t\t\t\t\t<a class=\"vr-two-stars\" onclick=\"javascript:JSVRvote(124,2,118,24,0)\" href=\"javascript:void(null)\">2<\/a> \t\t\t\t\t<\/li>\n<li> \t\t\t\t\t\t<a class=\"vr-three-stars\" onclick=\"javascript:JSVRvote(124,3,118,24,0)\" href=\"javascript:void(null)\">3<\/a> \t\t\t\t\t<\/li>\n<li> \t\t\t\t\t\t<a class=\"vr-four-stars\" onclick=\"javascript:JSVRvote(124,4,118,24,0)\" href=\"javascript:void(null)\">4<\/a> \t\t\t\t\t<\/li>\n<li> \t\t\t\t\t\t<a class=\"vr-five-stars\" onclick=\"javascript:JSVRvote(124,5,118,24,0)\" href=\"javascript:void(null)\">5<\/a> \t\t\t\t\t<\/li>\n<\/ul><\/div>\n<p> \t\t\t<span id=\"vrvote_124\" class=\"vrvote-count\"><small><\/small><\/span>\t<\/span><script type=\"application\/ld+json\"><\/script>   <\/div>\n<div class=\"t4-col sidebar-r col-12 col-xl-4\">\n<div class=\"t4-module module\" id=\"Mod306\">\n<div class=\"module-inner\">\n<div class=\"module-ct\">\n<div class=\"bannergroup\">\n<div class=\"banneritem\"> \t\t\t\t\t\t\t\t\t\t\t\t\t\t\t\t\t\t\t\t\t\t\t\t\t\t\t\t\t\t\t\t\t\t\t\t\t\t\t\t\t\t\t\t\t\t\t\t\t\t<img \t\t\t\t\t\tsrc=\"\/wp-content\/uploads\/2025\/08\/banner-transfer-europe-sk-121.png\" \t\t\t\t\t\talt=\"Banner-sk\" \t\t\t\t\t\t\t\t\t\t\t\t\t\t\t\t\t\/> \t\t\t\t\t\t\t\t\t\t\t<\/p>\n<div class=\"clr\"><\/div>\n<\/p><\/div>\n<\/p><\/div>\n<\/p><\/div>\n<\/div>\n<\/div><\/div>\n<\/p><\/div>\n<\/div><\/div>\n<div id=\"t4-section-8\" class=\"t4-section  t4-section-8  section-border-top\" role=\"section-8\">\n<div class=\"bg-overlay bg-overlay-image\">&nbsp;<\/div>\n<\/p><\/div>\n<p>  <a href='javascript:' id='back-to-top'><i class='fa fa-chevron-up'><\/i><\/a>                <\/p>\n","protected":false},"excerpt":{"rendered":"<p>Transfer z Viedensk\u00e9ho Letiska do Hallstattu Hlavn\u00e1 str\u00e1nka Destin\u00e1cie Viede\u0148 Transfer z Viedensk\u00e9ho Letiska do Hallstattu Transfery Viede\u0148 Rezervova\u0165 Pl\u00e1nujete cestu z letiska Viede\u0148-Schwechat do malebnej dedinky Hallstatt? U\u017e nemus\u00edte h\u013eada\u0165 \u010falej! Na\u0161a pr\u00e9miov\u00e1 slu\u017eba prepravy a pren\u00e1jmu auta so s\u00fakromn\u00fdm vodi\u010dom je tu, aby v\u00e1m zabezpe\u010dila bezprobl\u00e9mov\u00fa a pohodln\u00fa prepravu. Rezervova\u0165 Pre\u010do si vybra\u0165 [&hellip;]<\/p>\n","protected":false},"author":1,"featured_media":38027,"parent":18891,"menu_order":0,"comment_status":"closed","ping_status":"closed","template":"","meta":{"footnotes":""},"class_list":["post-38026","page","type-page","status-publish","has-post-thumbnail","hentry"],"yoast_head":"<!-- This site is optimized with the Yoast SEO plugin v25.6 - https:\/\/yoast.com\/wordpress\/plugins\/seo\/ -->\n<title>Transfer z Viedensk\u00e9ho Letiska do Hallstattu \u2013 Transfer Europe<\/title>\n<meta name=\"description\" content=\"Cesta z letiska VIE do rak\u00faskeho Hal\u0161tatu autom s vodi\u010dom. Rezervujte si online transfer Letisko Viede\u0148-Schwechat \u2013 Hallstatt na Transfer Europe \u2714VIP taxi \u2714Zabezpe\u010den\u00e1 platba.\" \/>\n<meta name=\"robots\" content=\"index, follow, max-snippet:-1, max-image-preview:large, max-video-preview:-1\" \/>\n<link rel=\"canonical\" href=\"https:\/\/transfereurope.com\/sk\/destinacie\/vieden\/transfer-z-viedenskeho-letiska-do-hallstattu\/\" \/>\n<meta property=\"og:locale\" content=\"sk_SK\" \/>\n<meta property=\"og:type\" content=\"article\" \/>\n<meta property=\"og:title\" content=\"Transfer z Viedensk\u00e9ho Letiska do Hallstattu \u2013 Transfer Europe\" \/>\n<meta property=\"og:description\" content=\"Cesta z letiska VIE do rak\u00faskeho Hal\u0161tatu autom s vodi\u010dom. Rezervujte si online transfer Letisko Viede\u0148-Schwechat \u2013 Hallstatt na Transfer Europe \u2714VIP taxi \u2714Zabezpe\u010den\u00e1 platba.\" \/>\n<meta property=\"og:url\" content=\"https:\/\/transfereurope.com\/sk\/destinacie\/vieden\/transfer-z-viedenskeho-letiska-do-hallstattu\/\" \/>\n<meta property=\"og:site_name\" content=\"transfereurope\" \/>\n<meta property=\"og:image\" content=\"https:\/\/transfereurope.com\/wp-content\/uploads\/2025\/08\/Europe-Destinations-Transfers-494-2-1.jpg\" \/>\n\t<meta property=\"og:image:width\" content=\"1500\" \/>\n\t<meta property=\"og:image:height\" content=\"2000\" \/>\n\t<meta property=\"og:image:type\" content=\"image\/jpeg\" \/>\n<meta name=\"twitter:card\" content=\"summary_large_image\" \/>\n<meta name=\"twitter:label1\" content=\"Predpokladan\u00fd \u010das \u010d\u00edtania\" \/>\n\t<meta name=\"twitter:data1\" content=\"3 min\u00faty\" \/>\n<script type=\"application\/ld+json\" class=\"yoast-schema-graph\">{\"@context\":\"https:\/\/schema.org\",\"@graph\":[{\"@type\":\"WebPage\",\"@id\":\"https:\/\/transfereurope.com\/sk\/destinacie\/vieden\/transfer-z-viedenskeho-letiska-do-hallstattu\/\",\"url\":\"https:\/\/transfereurope.com\/sk\/destinacie\/vieden\/transfer-z-viedenskeho-letiska-do-hallstattu\/\",\"name\":\"Transfer z Viedensk\u00e9ho Letiska do Hallstattu \u2013 Transfer Europe\",\"isPartOf\":{\"@id\":\"https:\/\/transfereurope.com\/sk\/#website\"},\"primaryImageOfPage\":{\"@id\":\"https:\/\/transfereurope.com\/sk\/destinacie\/vieden\/transfer-z-viedenskeho-letiska-do-hallstattu\/#primaryimage\"},\"image\":{\"@id\":\"https:\/\/transfereurope.com\/sk\/destinacie\/vieden\/transfer-z-viedenskeho-letiska-do-hallstattu\/#primaryimage\"},\"thumbnailUrl\":\"https:\/\/transfereurope.com\/wp-content\/uploads\/2025\/08\/Europe-Destinations-Transfers-494-2-1.jpg\",\"datePublished\":\"2025-08-04T23:26:26+00:00\",\"description\":\"Cesta z letiska VIE do rak\u00faskeho Hal\u0161tatu autom s vodi\u010dom. Rezervujte si online transfer Letisko Viede\u0148-Schwechat \u2013 Hallstatt na Transfer Europe \u2714VIP taxi \u2714Zabezpe\u010den\u00e1 platba.\",\"breadcrumb\":{\"@id\":\"https:\/\/transfereurope.com\/sk\/destinacie\/vieden\/transfer-z-viedenskeho-letiska-do-hallstattu\/#breadcrumb\"},\"inLanguage\":\"sk-SK\",\"potentialAction\":[{\"@type\":\"ReadAction\",\"target\":[\"https:\/\/transfereurope.com\/sk\/destinacie\/vieden\/transfer-z-viedenskeho-letiska-do-hallstattu\/\"]}]},{\"@type\":\"ImageObject\",\"inLanguage\":\"sk-SK\",\"@id\":\"https:\/\/transfereurope.com\/sk\/destinacie\/vieden\/transfer-z-viedenskeho-letiska-do-hallstattu\/#primaryimage\",\"url\":\"https:\/\/transfereurope.com\/wp-content\/uploads\/2025\/08\/Europe-Destinations-Transfers-494-2-1.jpg\",\"contentUrl\":\"https:\/\/transfereurope.com\/wp-content\/uploads\/2025\/08\/Europe-Destinations-Transfers-494-2-1.jpg\",\"width\":1500,\"height\":2000},{\"@type\":\"BreadcrumbList\",\"@id\":\"https:\/\/transfereurope.com\/sk\/destinacie\/vieden\/transfer-z-viedenskeho-letiska-do-hallstattu\/#breadcrumb\",\"itemListElement\":[{\"@type\":\"ListItem\",\"position\":1,\"name\":\"Home\",\"item\":\"https:\/\/transfereurope.com\/sk\/\"},{\"@type\":\"ListItem\",\"position\":2,\"name\":\"Transfer z Viedensk\u00e9ho Letiska do Hallstattu\"}]},{\"@type\":\"WebSite\",\"@id\":\"https:\/\/transfereurope.com\/sk\/#website\",\"url\":\"https:\/\/transfereurope.com\/sk\/\",\"name\":\"transfereurope\",\"description\":\"\",\"publisher\":{\"@id\":\"https:\/\/transfereurope.com\/sk\/#organization\"},\"potentialAction\":[{\"@type\":\"SearchAction\",\"target\":{\"@type\":\"EntryPoint\",\"urlTemplate\":\"https:\/\/transfereurope.com\/sk\/?s={search_term_string}\"},\"query-input\":{\"@type\":\"PropertyValueSpecification\",\"valueRequired\":true,\"valueName\":\"search_term_string\"}}],\"inLanguage\":\"sk-SK\"},{\"@type\":\"Organization\",\"@id\":\"https:\/\/transfereurope.com\/sk\/#organization\",\"name\":\"transfereurope\",\"url\":\"https:\/\/transfereurope.com\/sk\/\",\"logo\":{\"@type\":\"ImageObject\",\"inLanguage\":\"sk-SK\",\"@id\":\"https:\/\/transfereurope.com\/sk\/#\/schema\/logo\/image\/\",\"url\":\"https:\/\/transfereurope.com\/wp-content\/uploads\/2025\/08\/TRANSFERS-1655.png\",\"contentUrl\":\"https:\/\/transfereurope.com\/wp-content\/uploads\/2025\/08\/TRANSFERS-1655.png\",\"width\":500,\"height\":274,\"caption\":\"transfereurope\"},\"image\":{\"@id\":\"https:\/\/transfereurope.com\/sk\/#\/schema\/logo\/image\/\"}}]}<\/script>\n<!-- \/ Yoast SEO plugin. -->","yoast_head_json":{"title":"Transfer z Viedensk\u00e9ho Letiska do Hallstattu \u2013 Transfer Europe","description":"Cesta z letiska VIE do rak\u00faskeho Hal\u0161tatu autom s vodi\u010dom. Rezervujte si online transfer Letisko Viede\u0148-Schwechat \u2013 Hallstatt na Transfer Europe \u2714VIP taxi \u2714Zabezpe\u010den\u00e1 platba.","robots":{"index":"index","follow":"follow","max-snippet":"max-snippet:-1","max-image-preview":"max-image-preview:large","max-video-preview":"max-video-preview:-1"},"canonical":"https:\/\/transfereurope.com\/sk\/destinacie\/vieden\/transfer-z-viedenskeho-letiska-do-hallstattu\/","og_locale":"sk_SK","og_type":"article","og_title":"Transfer z Viedensk\u00e9ho Letiska do Hallstattu \u2013 Transfer Europe","og_description":"Cesta z letiska VIE do rak\u00faskeho Hal\u0161tatu autom s vodi\u010dom. Rezervujte si online transfer Letisko Viede\u0148-Schwechat \u2013 Hallstatt na Transfer Europe \u2714VIP taxi \u2714Zabezpe\u010den\u00e1 platba.","og_url":"https:\/\/transfereurope.com\/sk\/destinacie\/vieden\/transfer-z-viedenskeho-letiska-do-hallstattu\/","og_site_name":"transfereurope","og_image":[{"width":1500,"height":2000,"url":"https:\/\/transfereurope.com\/wp-content\/uploads\/2025\/08\/Europe-Destinations-Transfers-494-2-1.jpg","type":"image\/jpeg"}],"twitter_card":"summary_large_image","twitter_misc":{"Predpokladan\u00fd \u010das \u010d\u00edtania":"3 min\u00faty"},"schema":{"@context":"https:\/\/schema.org","@graph":[{"@type":"WebPage","@id":"https:\/\/transfereurope.com\/sk\/destinacie\/vieden\/transfer-z-viedenskeho-letiska-do-hallstattu\/","url":"https:\/\/transfereurope.com\/sk\/destinacie\/vieden\/transfer-z-viedenskeho-letiska-do-hallstattu\/","name":"Transfer z Viedensk\u00e9ho Letiska do Hallstattu \u2013 Transfer Europe","isPartOf":{"@id":"https:\/\/transfereurope.com\/sk\/#website"},"primaryImageOfPage":{"@id":"https:\/\/transfereurope.com\/sk\/destinacie\/vieden\/transfer-z-viedenskeho-letiska-do-hallstattu\/#primaryimage"},"image":{"@id":"https:\/\/transfereurope.com\/sk\/destinacie\/vieden\/transfer-z-viedenskeho-letiska-do-hallstattu\/#primaryimage"},"thumbnailUrl":"https:\/\/transfereurope.com\/wp-content\/uploads\/2025\/08\/Europe-Destinations-Transfers-494-2-1.jpg","datePublished":"2025-08-04T23:26:26+00:00","description":"Cesta z letiska VIE do rak\u00faskeho Hal\u0161tatu autom s vodi\u010dom. Rezervujte si online transfer Letisko Viede\u0148-Schwechat \u2013 Hallstatt na Transfer Europe \u2714VIP taxi \u2714Zabezpe\u010den\u00e1 platba.","breadcrumb":{"@id":"https:\/\/transfereurope.com\/sk\/destinacie\/vieden\/transfer-z-viedenskeho-letiska-do-hallstattu\/#breadcrumb"},"inLanguage":"sk-SK","potentialAction":[{"@type":"ReadAction","target":["https:\/\/transfereurope.com\/sk\/destinacie\/vieden\/transfer-z-viedenskeho-letiska-do-hallstattu\/"]}]},{"@type":"ImageObject","inLanguage":"sk-SK","@id":"https:\/\/transfereurope.com\/sk\/destinacie\/vieden\/transfer-z-viedenskeho-letiska-do-hallstattu\/#primaryimage","url":"https:\/\/transfereurope.com\/wp-content\/uploads\/2025\/08\/Europe-Destinations-Transfers-494-2-1.jpg","contentUrl":"https:\/\/transfereurope.com\/wp-content\/uploads\/2025\/08\/Europe-Destinations-Transfers-494-2-1.jpg","width":1500,"height":2000},{"@type":"BreadcrumbList","@id":"https:\/\/transfereurope.com\/sk\/destinacie\/vieden\/transfer-z-viedenskeho-letiska-do-hallstattu\/#breadcrumb","itemListElement":[{"@type":"ListItem","position":1,"name":"Home","item":"https:\/\/transfereurope.com\/sk\/"},{"@type":"ListItem","position":2,"name":"Transfer z Viedensk\u00e9ho Letiska do Hallstattu"}]},{"@type":"WebSite","@id":"https:\/\/transfereurope.com\/sk\/#website","url":"https:\/\/transfereurope.com\/sk\/","name":"transfereurope","description":"","publisher":{"@id":"https:\/\/transfereurope.com\/sk\/#organization"},"potentialAction":[{"@type":"SearchAction","target":{"@type":"EntryPoint","urlTemplate":"https:\/\/transfereurope.com\/sk\/?s={search_term_string}"},"query-input":{"@type":"PropertyValueSpecification","valueRequired":true,"valueName":"search_term_string"}}],"inLanguage":"sk-SK"},{"@type":"Organization","@id":"https:\/\/transfereurope.com\/sk\/#organization","name":"transfereurope","url":"https:\/\/transfereurope.com\/sk\/","logo":{"@type":"ImageObject","inLanguage":"sk-SK","@id":"https:\/\/transfereurope.com\/sk\/#\/schema\/logo\/image\/","url":"https:\/\/transfereurope.com\/wp-content\/uploads\/2025\/08\/TRANSFERS-1655.png","contentUrl":"https:\/\/transfereurope.com\/wp-content\/uploads\/2025\/08\/TRANSFERS-1655.png","width":500,"height":274,"caption":"transfereurope"},"image":{"@id":"https:\/\/transfereurope.com\/sk\/#\/schema\/logo\/image\/"}}]}},"_links":{"self":[{"href":"https:\/\/transfereurope.com\/sk\/wp-json\/wp\/v2\/pages\/38026","targetHints":{"allow":["GET"]}}],"collection":[{"href":"https:\/\/transfereurope.com\/sk\/wp-json\/wp\/v2\/pages"}],"about":[{"href":"https:\/\/transfereurope.com\/sk\/wp-json\/wp\/v2\/types\/page"}],"author":[{"embeddable":true,"href":"https:\/\/transfereurope.com\/sk\/wp-json\/wp\/v2\/users\/1"}],"replies":[{"embeddable":true,"href":"https:\/\/transfereurope.com\/sk\/wp-json\/wp\/v2\/comments?post=38026"}],"version-history":[{"count":0,"href":"https:\/\/transfereurope.com\/sk\/wp-json\/wp\/v2\/pages\/38026\/revisions"}],"up":[{"embeddable":true,"href":"https:\/\/transfereurope.com\/sk\/wp-json\/wp\/v2\/pages\/18891"}],"wp:featuredmedia":[{"embeddable":true,"href":"https:\/\/transfereurope.com\/sk\/wp-json\/wp\/v2\/media\/38027"}],"wp:attachment":[{"href":"https:\/\/transfereurope.com\/sk\/wp-json\/wp\/v2\/media?parent=38026"}],"curies":[{"name":"wp","href":"https:\/\/api.w.org\/{rel}","templated":true}]}}