{"id":36673,"date":"2025-08-04T23:16:52","date_gmt":"2025-08-04T23:16:52","guid":{"rendered":"https:\/\/transfereurope.com\/transfery-z-viedne-do-melku\/"},"modified":"2025-08-04T23:16:52","modified_gmt":"2025-08-04T23:16:52","slug":"transfery-z-viedne-do-melku","status":"publish","type":"page","link":"https:\/\/transfereurope.com\/sk\/destinacie\/vieden\/transfery-z-viedne-do-melku\/","title":{"rendered":"Transfery z Viedne do Melku"},"content":{"rendered":"\n<div id=\"t4-masthead\" class=\"t4-section  t4-masthead\">\n<div class=\"t4-col text-center\">\n<div class=\"ja-masthead\" >\n<div class=\"ja-masthead-detail\">\n<h1 class=\"ja-masthead-title\">Transfery z Viedne do Melku<\/h1>\n<p>                 <!---->            <\/p>\n<div class=\"block-breadcrumb\">                       <\/div>\n<\/p><\/div>\n<\/p><\/div>\n<pre><\/pre>\n<\/div>\n<\/div>\n<div id=\"t4-main-body\" class=\"t4-section  t4-main-body\" role=\"main body\">\n<div class=\"t4-section-inner container\">\n<div class=\"t4-row row\">\n<div class=\"t4-col col-12 col-xl\">\n<div id=\"system-message-container\"> \t<\/div>\n<div class=\"com-content-article item-page view-tour-detail\">\n<div class=\"tour-top-info clearfix\">\n<div class=\"pull-left\">\n<div class=\"category-article-dot\">\n<div class=\"category-name\"> \t\t\t\t\t<a href=\"\/sk\/destinacie\/vieden\" itemprop=\"genre\">Transfery Viede\u0148<\/a> \t\t\t\t<\/div>\n<\/p><\/div>\n<\/p><\/div>\n<div class=\"pull-right\">\n<div class=\"text-danger tour-price\"> \t\t\t\t\t\t<a href=\"\/sk\/rezervovat-transfer\">Rezervova\u0165<\/a><\/div>\n<\/p><\/div>\n<\/p><\/div>\n<p>  \t <!--\t-->  \t<\/p>\n<div class=\"vm-product-container\">\n<figure class=\"pull-left item-image\">\n<div class=\"main-image\"> \t\t<a title=\"From Vienna to Melk Transfers\" rel='vm-additional-images' href=\"\/images\/virtuemart\/product\/Europe Destinations Transfers (1)52.jpg\"><img decoding=\"async\"  loading=\"lazy\"  src=\"\/wp-content\/uploads\/2025\/08\/Europe-Destinations-Transfers-152-2.jpg\"  alt=\"From Vienna to Melk Transfers\"  \/><\/a>\t\t<\/p>\n<div class=\"clear\"><\/div>\n<\/p><\/div>\n<\/figure>\n<div class=\"vm-product-details-container\">\n<div class=\"spacer-buy-area\">    \t\t \t\t<\/div>\n<\/p><\/div>\n<div class=\"clear\"><\/div>\n<\/p><\/div>\n<div class=\"product-description\" >\n<div class=\"book-now mt-5\" dir=\"rtl\" style=\"text-align: left;\">\n<h2 dir=\"ltr\" style=\"text-align: center;\"><span style=\"font-weight: 400;\">Transfery z Viedne do Melku: Cestujte \u013eahko a pohodlne<\/span><\/h2>\n<p dir=\"ltr\">Vydajte sa z Viedne do centra Melku s na\u0161ou \u0161pi\u010dkovou slu\u017ebou transferu z Viedne do Melku. Na\u0161e transfery z Viedne do Melku s\u00fa ur\u010den\u00e9 pre t\u00fdch, ktor\u00ed si cenia pohodlie, presnos\u0165 a bezprobl\u00e9mov\u00fd z\u00e1\u017eitok z cestovania, aby bola va\u0161a cesta rovnako pr\u00edjemn\u00e1 ako samotn\u00e1 destin\u00e1cia. Ide\u00e1lne pre turistov, obchodn\u00fdch cestuj\u00facich alebo v\u0161etk\u00fdch, ktor\u00ed chc\u00fa spozna\u0165 pr\u00edrodn\u00e9 kr\u00e1sy a kult\u00farne bohatstvo Melku, zabezpe\u010d\u00edme hladk\u00fd prechod od za\u010diatku a\u017e do konca.<\/p>\n<p dir=\"ltr\" style=\"text-align: center;\"><span style=\"font-weight: 400;\"><a class=\"btn btn-primary\" href=\"\/sk\/rezervovat-transfer\">Rezervova\u0165<\/a><\/span><\/p>\n<p dir=\"ltr\" style=\"text-align: center;\"><span style=\"font-weight: 400;\"><img decoding=\"async\" src=\"\/wp-content\/uploads\/2025\/08\/From_Munich_to_Vienna_Transfers-117.jpg\" alt=\"\" \/><\/span><\/p>\n<h2 dir=\"ltr\" style=\"text-align: center;\"><span style=\"font-weight: 400;\">Pre\u010do je na\u0161a slu\u017eba transferu z Viedne do Melku optim\u00e1lnou vo\u013ebou<\/span><\/h2>\n<p dir=\"ltr\"><strong>Priame a luxusn\u00e9 cestovanie:<\/strong> Vyhnite sa \u0165a\u017ekostiam s verejnou dopravou a neistote pri \u010dakan\u00ed. Na\u0161e priame transfery z Viedne do Melku pon\u00fakaj\u00fa s\u00fakromn\u00e9 slu\u017eby od dver\u00ed k dver\u00e1m, ktor\u00e9 v\u00e1m umo\u017enia odd\u00fdchnu\u0165 si a vychutna\u0165 si malebn\u00e9 v\u00fdh\u013eady na ceste.<\/p>\n<p dir=\"ltr\"><strong>Prisp\u00f4sobite\u013en\u00e9 rezerv\u00e1cie pre va\u0161e pohodlie:<\/strong> V\u010faka n\u00e1\u0161mu jednoduch\u00e9mu rezerva\u010dn\u00e9mu syst\u00e9mu je organiz\u00e1cia v\u00e1\u0161ho transferu z Viedne do Melku hra\u010dkou. Poskytujeme v\u00fdber vozidiel, ktor\u00e9 zodpovedaj\u00fa va\u0161im preferenci\u00e1m a cestovn\u00fdm potreb\u00e1m, \u010d\u00edm zabezpe\u010d\u00edme z\u00e1\u017eitok z cesty \u0161it\u00fd na mieru.<\/p>\n<p dir=\"ltr\"><strong>D\u00f4veryhodn\u00fd a odborn\u00fd servis:<\/strong> Cestujte s istotou, \u017ee na\u0161e transfery z Viedne do Melku s\u00fa v ruk\u00e1ch sk\u00fasen\u00fdch vodi\u010dov. N\u00e1\u0161 t\u00edm uprednost\u0148uje va\u0161u bezpe\u010dnos\u0165, pohodlie a \u010dasov\u00fd harmonogram a sna\u017e\u00ed sa v\u00e1m poskytn\u00fa\u0165 v\u00fdnimo\u010dn\u00fd cestovate\u013esk\u00fd z\u00e1\u017eitok.<\/p>\n<p dir=\"ltr\" style=\"text-align: center;\"><a class=\"btn btn-primary\" href=\"\/sk\/rezervovat-transfer\">Rezervova\u0165<\/a><\/p>\n<p dir=\"ltr\" style=\"text-align: center;\"><img decoding=\"async\" src=\"\/wp-content\/uploads\/2025\/08\/From_Munich_to_Vienna_Transfer-117.jpg\" alt=\"\" \/><\/p>\n<h3 dir=\"ltr\" style=\"text-align: center;\">S\u00fakromn\u00e9 transfery z Viedne do Melku pre ka\u017ed\u00e9ho cestuj\u00faceho<\/h3>\n<p dir=\"ltr\">Pre v\u0161etky typy cestuj\u00facich: Na\u0161e slu\u017eby transferu z Viedne do Melku s\u00fa dostato\u010dne univerz\u00e1lne na to, aby splnili potreby ka\u017ed\u00e9ho cestovate\u013ea, \u010di u\u017e sa vyd\u00e1vate na s\u00f3lo dobrodru\u017estvo, cestujete s partnerom alebo koordinujete skupinov\u00fa cestu. M\u00e1me pre v\u00e1s vhodn\u00e9 vozidlo &#8211; od luxusn\u00fdch sedanov pre individu\u00e1lnych cestuj\u00facich alebo p\u00e1ry a\u017e po priestrann\u00e9 minivany pre rodiny alebo skupiny.<\/p>\n<p dir=\"ltr\">Mo\u017enosti malebn\u00fdch tr\u00e1s: Vylep\u0161ite svoj transfer z Viedne do Melku v\u00fdberom trasy, ktor\u00e1 v\u00e1m poskytne \u00fachvatn\u00fa krajinu a zauj\u00edmav\u00e9 miesta na trase. Preme\u0148te svoju cestu na obohacuj\u00faci z\u00e1\u017eitok, ktor\u00fd sa za\u010d\u00edna v okamihu, ke\u010f vyraz\u00edte z Viedne.<\/p>\n<h2 dir=\"ltr\" style=\"text-align: center;\">Zjednodu\u0161te si transfer z Viedne do Melku jednoduchou rezerv\u00e1ciou<\/h2>\n<p dir=\"ltr\">Zabezpe\u010denie transferu z Viedne do Melku je v\u010faka n\u00e1\u0161mu online rezerva\u010dn\u00e9mu syst\u00e9mu bezprobl\u00e9mov\u00e9. Vyberte si ide\u00e1lne vozidlo, dokon\u010dite rezerv\u00e1ciu a o\u010dak\u00e1vajte pohodov\u00fa a efekt\u00edvnu cestu. N\u00e1\u0161 t\u00edm z\u00e1kazn\u00edckeho servisu je v pohotovosti, aby v\u00e1m pomohol s ak\u00fdmiko\u013evek ot\u00e1zkami alebo \u0161pecifick\u00fdmi po\u017eiadavkami.<\/p>\n<p dir=\"ltr\">\u00a0<\/p>\n<p dir=\"ltr\" style=\"text-align: center;\"><a class=\"btn btn-primary\" href=\"\/sk\/rezervovat-transfer\">Rezervova\u0165<\/a><\/p>\n<p dir=\"ltr\" style=\"text-align: center;\"><img decoding=\"async\" src=\"\/wp-content\/uploads\/2025\/08\/Transfers_Munich_Vienna-117.jpg\" alt=\"\" \/><\/p>\n<h3 dir=\"ltr\" style=\"text-align: center;\">Najlep\u0161ia vo\u013eba pre va\u0161u cestu do Melku<\/h3>\n<p dir=\"ltr\">Na\u0161e transfery z Viedne do Melku sa vyzna\u010duj\u00fa neochvejnou snahou o kvalitu a s\u00fa zameran\u00e9 na prekonanie va\u0161ich o\u010dak\u00e1van\u00ed. Vychutnajte si v\u00fdhody v\u010dasn\u00e9ho cestovania, bezkonkuren\u010dn\u00e9ho pohodlia a pokoja, ktor\u00fd sprev\u00e1dza v\u00fdber poprednej transferovej slu\u017eby. Pon\u00fakame v\u00e1m pohodln\u00fd <a href=\"\/sk\/destinacie\/vieden\">transfer z mesta Viede\u0148<\/a> alebo <a href=\"\/sk\/destinacie\/vieden\/transfer-letisko-vieden\">transfer z letiska Viede\u0148<\/a> do Melku.<\/p>\n<h3 dir=\"ltr\" style=\"text-align: center;\">Objednajte si transfer z Viedne do Melku teraz<\/h3>\n<p dir=\"ltr\">Pripravte sa na nezabudnute\u013en\u00fa cestu do Melku a objednajte si transfer u n\u00e1s e\u0161te dnes. Za\u017eite vrchol slu\u017eieb, komfortu a pohodlia na ceste z Viedne do Melku. Rozhodnite sa pre na\u0161u slu\u017ebu transferu z Viedne do Melku a u\u017eite si cestu, ktor\u00e1 je rovnako pozoruhodn\u00e1 ako samotn\u00e1 destin\u00e1cia.<\/p>\n<p dir=\"ltr\" style=\"text-align: center;\"><a class=\"btn btn-primary\" href=\"\/sk\/rezervovat-transfer\">Rezervova\u0165<\/a><\/p>\n<\/p><\/div>\n<\/p><\/div>\n<div class=\"product-price-container\">\n<div class=\"sale-price\"> \t\t<\/div>\n<\/p><\/div>\n<div class=\"options\"><\/div>\n<div> \t\t<\/div>\n<p>   \t        <script type=\"text\/javascript\" ><\/script>  <script type=\"text\/javascript\" ><\/script> <script type=\"text\/javascript\" ><\/script>  <script type=\"text\/javascript\" ><\/script> <script type=\"text\/javascript\" ><\/script> <script type=\"text\/javascript\" ><\/script> <script type=\"text\/javascript\" ><\/script> <\/div>\n<p> \t\t<!-- \u041f\u043b\u0430\u0433\u0438\u043d \u0440\u0435\u0439\u0442\u0438\u043d\u0433\u0430 --> <\/p>\n<div class=\"vrvote-body\">\n<ul class=\"vrvote-ul\">\n<li id=\"rating_255\" class=\"current-rating\" style=\"width:100.00%;\"><\/li>\n<li> \t\t\t\t\t\t<a class=\"vr-one-star\" onclick=\"javascript:JSVRvote(255,1,20,4,0)\" href=\"javascript:void(null)\">1<\/a> \t\t\t\t\t<\/li>\n<li> \t\t\t\t\t\t<a class=\"vr-two-stars\" onclick=\"javascript:JSVRvote(255,2,20,4,0)\" href=\"javascript:void(null)\">2<\/a> \t\t\t\t\t<\/li>\n<li> \t\t\t\t\t\t<a class=\"vr-three-stars\" onclick=\"javascript:JSVRvote(255,3,20,4,0)\" href=\"javascript:void(null)\">3<\/a> \t\t\t\t\t<\/li>\n<li> \t\t\t\t\t\t<a class=\"vr-four-stars\" onclick=\"javascript:JSVRvote(255,4,20,4,0)\" href=\"javascript:void(null)\">4<\/a> \t\t\t\t\t<\/li>\n<li> \t\t\t\t\t\t<a class=\"vr-five-stars\" onclick=\"javascript:JSVRvote(255,5,20,4,0)\" href=\"javascript:void(null)\">5<\/a> \t\t\t\t\t<\/li>\n<\/ul><\/div>\n<p> \t\t\t<span id=\"vrvote_255\" class=\"vrvote-count\"><small><\/small><\/span>\t<\/span><script type=\"application\/ld+json\"><\/script>   <\/div>\n<div class=\"t4-col sidebar-r col-12 col-xl-4\">\n<div class=\"t4-module module\" id=\"Mod306\">\n<div class=\"module-inner\">\n<div class=\"module-ct\">\n<div class=\"bannergroup\">\n<div class=\"banneritem\"> \t\t\t\t\t\t\t\t\t\t\t\t\t\t\t\t\t\t\t\t\t\t\t\t\t\t\t\t\t\t\t\t\t\t\t\t\t\t\t\t\t\t\t\t\t\t\t\t\t\t<img \t\t\t\t\t\tsrc=\"\/wp-content\/uploads\/2025\/08\/banner-transfer-europe-sk-111.png\" \t\t\t\t\t\talt=\"Banner-sk\" \t\t\t\t\t\t\t\t\t\t\t\t\t\t\t\t\t\/> \t\t\t\t\t\t\t\t\t\t\t<\/p>\n<div class=\"clr\"><\/div>\n<\/p><\/div>\n<\/p><\/div>\n<\/p><\/div>\n<\/div>\n<\/div><\/div>\n<\/p><\/div>\n<\/div><\/div>\n<div id=\"t4-section-8\" class=\"t4-section  t4-section-8  section-border-top\" role=\"section-8\">\n<div class=\"bg-overlay bg-overlay-image\">&nbsp;<\/div>\n<\/p><\/div>\n<p>  <a href='javascript:' id='back-to-top'><i class='fa fa-chevron-up'><\/i><\/a>                <\/p>\n","protected":false},"excerpt":{"rendered":"<p>Transfery z Viedne do Melku Transfery Viede\u0148 Rezervova\u0165 Transfery z Viedne do Melku: Cestujte \u013eahko a pohodlne Vydajte sa z Viedne do centra Melku s na\u0161ou \u0161pi\u010dkovou slu\u017ebou transferu z Viedne do Melku. Na\u0161e transfery z Viedne do Melku s\u00fa ur\u010den\u00e9 pre t\u00fdch, ktor\u00ed si cenia pohodlie, presnos\u0165 a bezprobl\u00e9mov\u00fd z\u00e1\u017eitok z cestovania, aby bola [&hellip;]<\/p>\n","protected":false},"author":1,"featured_media":36674,"parent":18891,"menu_order":0,"comment_status":"closed","ping_status":"closed","template":"","meta":{"footnotes":""},"class_list":["post-36673","page","type-page","status-publish","has-post-thumbnail","hentry"],"yoast_head":"<!-- This site is optimized with the Yoast SEO plugin v25.6 - https:\/\/yoast.com\/wordpress\/plugins\/seo\/ -->\n<title>Transfery z Viedne do Melku - rezervujte teraz!<\/title>\n<meta name=\"description\" content=\"Predbe\u017ene si rezervujte transfery z Viedne do Melku! 24\/7, viacjazy\u010dn\u00ed vodi\u010di, r\u00f4zne vozidl\u00e1: \u260e +421940904184\" \/>\n<meta name=\"robots\" content=\"index, follow, max-snippet:-1, max-image-preview:large, max-video-preview:-1\" \/>\n<link rel=\"canonical\" href=\"https:\/\/transfereurope.com\/sk\/destinacie\/vieden\/transfery-z-viedne-do-melku\/\" \/>\n<meta property=\"og:locale\" content=\"sk_SK\" \/>\n<meta property=\"og:type\" content=\"article\" \/>\n<meta property=\"og:title\" content=\"Transfery z Viedne do Melku - rezervujte teraz!\" \/>\n<meta property=\"og:description\" content=\"Predbe\u017ene si rezervujte transfery z Viedne do Melku! 24\/7, viacjazy\u010dn\u00ed vodi\u010di, r\u00f4zne vozidl\u00e1: \u260e +421940904184\" \/>\n<meta property=\"og:url\" content=\"https:\/\/transfereurope.com\/sk\/destinacie\/vieden\/transfery-z-viedne-do-melku\/\" \/>\n<meta property=\"og:site_name\" content=\"transfereurope\" \/>\n<meta property=\"og:image\" content=\"https:\/\/transfereurope.com\/wp-content\/uploads\/2025\/08\/Europe-Destinations-Transfers-152-2-1.jpg\" \/>\n\t<meta property=\"og:image:width\" content=\"1500\" \/>\n\t<meta property=\"og:image:height\" content=\"2000\" \/>\n\t<meta property=\"og:image:type\" content=\"image\/jpeg\" \/>\n<meta name=\"twitter:card\" content=\"summary_large_image\" \/>\n<meta name=\"twitter:label1\" content=\"Predpokladan\u00fd \u010das \u010d\u00edtania\" \/>\n\t<meta name=\"twitter:data1\" content=\"3 min\u00faty\" \/>\n<script type=\"application\/ld+json\" class=\"yoast-schema-graph\">{\"@context\":\"https:\/\/schema.org\",\"@graph\":[{\"@type\":\"WebPage\",\"@id\":\"https:\/\/transfereurope.com\/sk\/destinacie\/vieden\/transfery-z-viedne-do-melku\/\",\"url\":\"https:\/\/transfereurope.com\/sk\/destinacie\/vieden\/transfery-z-viedne-do-melku\/\",\"name\":\"Transfery z Viedne do Melku - rezervujte teraz!\",\"isPartOf\":{\"@id\":\"https:\/\/transfereurope.com\/sk\/#website\"},\"primaryImageOfPage\":{\"@id\":\"https:\/\/transfereurope.com\/sk\/destinacie\/vieden\/transfery-z-viedne-do-melku\/#primaryimage\"},\"image\":{\"@id\":\"https:\/\/transfereurope.com\/sk\/destinacie\/vieden\/transfery-z-viedne-do-melku\/#primaryimage\"},\"thumbnailUrl\":\"https:\/\/transfereurope.com\/wp-content\/uploads\/2025\/08\/Europe-Destinations-Transfers-152-2-1.jpg\",\"datePublished\":\"2025-08-04T23:16:52+00:00\",\"description\":\"Predbe\u017ene si rezervujte transfery z Viedne do Melku! 24\/7, viacjazy\u010dn\u00ed vodi\u010di, r\u00f4zne vozidl\u00e1: \u260e +421940904184\",\"breadcrumb\":{\"@id\":\"https:\/\/transfereurope.com\/sk\/destinacie\/vieden\/transfery-z-viedne-do-melku\/#breadcrumb\"},\"inLanguage\":\"sk-SK\",\"potentialAction\":[{\"@type\":\"ReadAction\",\"target\":[\"https:\/\/transfereurope.com\/sk\/destinacie\/vieden\/transfery-z-viedne-do-melku\/\"]}]},{\"@type\":\"ImageObject\",\"inLanguage\":\"sk-SK\",\"@id\":\"https:\/\/transfereurope.com\/sk\/destinacie\/vieden\/transfery-z-viedne-do-melku\/#primaryimage\",\"url\":\"https:\/\/transfereurope.com\/wp-content\/uploads\/2025\/08\/Europe-Destinations-Transfers-152-2-1.jpg\",\"contentUrl\":\"https:\/\/transfereurope.com\/wp-content\/uploads\/2025\/08\/Europe-Destinations-Transfers-152-2-1.jpg\",\"width\":1500,\"height\":2000},{\"@type\":\"BreadcrumbList\",\"@id\":\"https:\/\/transfereurope.com\/sk\/destinacie\/vieden\/transfery-z-viedne-do-melku\/#breadcrumb\",\"itemListElement\":[{\"@type\":\"ListItem\",\"position\":1,\"name\":\"Home\",\"item\":\"https:\/\/transfereurope.com\/sk\/\"},{\"@type\":\"ListItem\",\"position\":2,\"name\":\"Transfery z Viedne do Melku\"}]},{\"@type\":\"WebSite\",\"@id\":\"https:\/\/transfereurope.com\/sk\/#website\",\"url\":\"https:\/\/transfereurope.com\/sk\/\",\"name\":\"transfereurope\",\"description\":\"\",\"publisher\":{\"@id\":\"https:\/\/transfereurope.com\/sk\/#organization\"},\"potentialAction\":[{\"@type\":\"SearchAction\",\"target\":{\"@type\":\"EntryPoint\",\"urlTemplate\":\"https:\/\/transfereurope.com\/sk\/?s={search_term_string}\"},\"query-input\":{\"@type\":\"PropertyValueSpecification\",\"valueRequired\":true,\"valueName\":\"search_term_string\"}}],\"inLanguage\":\"sk-SK\"},{\"@type\":\"Organization\",\"@id\":\"https:\/\/transfereurope.com\/sk\/#organization\",\"name\":\"transfereurope\",\"url\":\"https:\/\/transfereurope.com\/sk\/\",\"logo\":{\"@type\":\"ImageObject\",\"inLanguage\":\"sk-SK\",\"@id\":\"https:\/\/transfereurope.com\/sk\/#\/schema\/logo\/image\/\",\"url\":\"https:\/\/transfereurope.com\/wp-content\/uploads\/2025\/08\/TRANSFERS-1655.png\",\"contentUrl\":\"https:\/\/transfereurope.com\/wp-content\/uploads\/2025\/08\/TRANSFERS-1655.png\",\"width\":500,\"height\":274,\"caption\":\"transfereurope\"},\"image\":{\"@id\":\"https:\/\/transfereurope.com\/sk\/#\/schema\/logo\/image\/\"}}]}<\/script>\n<!-- \/ Yoast SEO plugin. -->","yoast_head_json":{"title":"Transfery z Viedne do Melku - rezervujte teraz!","description":"Predbe\u017ene si rezervujte transfery z Viedne do Melku! 24\/7, viacjazy\u010dn\u00ed vodi\u010di, r\u00f4zne vozidl\u00e1: \u260e +421940904184","robots":{"index":"index","follow":"follow","max-snippet":"max-snippet:-1","max-image-preview":"max-image-preview:large","max-video-preview":"max-video-preview:-1"},"canonical":"https:\/\/transfereurope.com\/sk\/destinacie\/vieden\/transfery-z-viedne-do-melku\/","og_locale":"sk_SK","og_type":"article","og_title":"Transfery z Viedne do Melku - rezervujte teraz!","og_description":"Predbe\u017ene si rezervujte transfery z Viedne do Melku! 24\/7, viacjazy\u010dn\u00ed vodi\u010di, r\u00f4zne vozidl\u00e1: \u260e +421940904184","og_url":"https:\/\/transfereurope.com\/sk\/destinacie\/vieden\/transfery-z-viedne-do-melku\/","og_site_name":"transfereurope","og_image":[{"width":1500,"height":2000,"url":"https:\/\/transfereurope.com\/wp-content\/uploads\/2025\/08\/Europe-Destinations-Transfers-152-2-1.jpg","type":"image\/jpeg"}],"twitter_card":"summary_large_image","twitter_misc":{"Predpokladan\u00fd \u010das \u010d\u00edtania":"3 min\u00faty"},"schema":{"@context":"https:\/\/schema.org","@graph":[{"@type":"WebPage","@id":"https:\/\/transfereurope.com\/sk\/destinacie\/vieden\/transfery-z-viedne-do-melku\/","url":"https:\/\/transfereurope.com\/sk\/destinacie\/vieden\/transfery-z-viedne-do-melku\/","name":"Transfery z Viedne do Melku - rezervujte teraz!","isPartOf":{"@id":"https:\/\/transfereurope.com\/sk\/#website"},"primaryImageOfPage":{"@id":"https:\/\/transfereurope.com\/sk\/destinacie\/vieden\/transfery-z-viedne-do-melku\/#primaryimage"},"image":{"@id":"https:\/\/transfereurope.com\/sk\/destinacie\/vieden\/transfery-z-viedne-do-melku\/#primaryimage"},"thumbnailUrl":"https:\/\/transfereurope.com\/wp-content\/uploads\/2025\/08\/Europe-Destinations-Transfers-152-2-1.jpg","datePublished":"2025-08-04T23:16:52+00:00","description":"Predbe\u017ene si rezervujte transfery z Viedne do Melku! 24\/7, viacjazy\u010dn\u00ed vodi\u010di, r\u00f4zne vozidl\u00e1: \u260e +421940904184","breadcrumb":{"@id":"https:\/\/transfereurope.com\/sk\/destinacie\/vieden\/transfery-z-viedne-do-melku\/#breadcrumb"},"inLanguage":"sk-SK","potentialAction":[{"@type":"ReadAction","target":["https:\/\/transfereurope.com\/sk\/destinacie\/vieden\/transfery-z-viedne-do-melku\/"]}]},{"@type":"ImageObject","inLanguage":"sk-SK","@id":"https:\/\/transfereurope.com\/sk\/destinacie\/vieden\/transfery-z-viedne-do-melku\/#primaryimage","url":"https:\/\/transfereurope.com\/wp-content\/uploads\/2025\/08\/Europe-Destinations-Transfers-152-2-1.jpg","contentUrl":"https:\/\/transfereurope.com\/wp-content\/uploads\/2025\/08\/Europe-Destinations-Transfers-152-2-1.jpg","width":1500,"height":2000},{"@type":"BreadcrumbList","@id":"https:\/\/transfereurope.com\/sk\/destinacie\/vieden\/transfery-z-viedne-do-melku\/#breadcrumb","itemListElement":[{"@type":"ListItem","position":1,"name":"Home","item":"https:\/\/transfereurope.com\/sk\/"},{"@type":"ListItem","position":2,"name":"Transfery z Viedne do Melku"}]},{"@type":"WebSite","@id":"https:\/\/transfereurope.com\/sk\/#website","url":"https:\/\/transfereurope.com\/sk\/","name":"transfereurope","description":"","publisher":{"@id":"https:\/\/transfereurope.com\/sk\/#organization"},"potentialAction":[{"@type":"SearchAction","target":{"@type":"EntryPoint","urlTemplate":"https:\/\/transfereurope.com\/sk\/?s={search_term_string}"},"query-input":{"@type":"PropertyValueSpecification","valueRequired":true,"valueName":"search_term_string"}}],"inLanguage":"sk-SK"},{"@type":"Organization","@id":"https:\/\/transfereurope.com\/sk\/#organization","name":"transfereurope","url":"https:\/\/transfereurope.com\/sk\/","logo":{"@type":"ImageObject","inLanguage":"sk-SK","@id":"https:\/\/transfereurope.com\/sk\/#\/schema\/logo\/image\/","url":"https:\/\/transfereurope.com\/wp-content\/uploads\/2025\/08\/TRANSFERS-1655.png","contentUrl":"https:\/\/transfereurope.com\/wp-content\/uploads\/2025\/08\/TRANSFERS-1655.png","width":500,"height":274,"caption":"transfereurope"},"image":{"@id":"https:\/\/transfereurope.com\/sk\/#\/schema\/logo\/image\/"}}]}},"_links":{"self":[{"href":"https:\/\/transfereurope.com\/sk\/wp-json\/wp\/v2\/pages\/36673","targetHints":{"allow":["GET"]}}],"collection":[{"href":"https:\/\/transfereurope.com\/sk\/wp-json\/wp\/v2\/pages"}],"about":[{"href":"https:\/\/transfereurope.com\/sk\/wp-json\/wp\/v2\/types\/page"}],"author":[{"embeddable":true,"href":"https:\/\/transfereurope.com\/sk\/wp-json\/wp\/v2\/users\/1"}],"replies":[{"embeddable":true,"href":"https:\/\/transfereurope.com\/sk\/wp-json\/wp\/v2\/comments?post=36673"}],"version-history":[{"count":0,"href":"https:\/\/transfereurope.com\/sk\/wp-json\/wp\/v2\/pages\/36673\/revisions"}],"up":[{"embeddable":true,"href":"https:\/\/transfereurope.com\/sk\/wp-json\/wp\/v2\/pages\/18891"}],"wp:featuredmedia":[{"embeddable":true,"href":"https:\/\/transfereurope.com\/sk\/wp-json\/wp\/v2\/media\/36674"}],"wp:attachment":[{"href":"https:\/\/transfereurope.com\/sk\/wp-json\/wp\/v2\/media?parent=36673"}],"curies":[{"name":"wp","href":"https:\/\/api.w.org\/{rel}","templated":true}]}}