{"id":33400,"date":"2025-08-04T22:53:06","date_gmt":"2025-08-04T22:53:06","guid":{"rendered":"https:\/\/transfereurope.com\/transfer-z-viedne-do-karlovych-varov\/"},"modified":"2025-08-04T22:53:06","modified_gmt":"2025-08-04T22:53:06","slug":"transfer-z-viedne-do-karlovych-varov","status":"publish","type":"page","link":"https:\/\/transfereurope.com\/sk\/destinacie\/vieden\/transfer-z-viedne-do-karlovych-varov\/","title":{"rendered":"Transfer z Viedne do Karlov\u00fdch Varov"},"content":{"rendered":"\n<div id=\"t4-masthead\" class=\"t4-section  t4-masthead\">\n<div class=\"t4-col text-center\">\n<div class=\"ja-masthead\" >\n<div class=\"ja-masthead-detail\">\n<h1 class=\"ja-masthead-title\">Transfer z Viedne do Karlov\u00fdch Varov<\/h1>\n<p>                 <!---->            <\/p>\n<div class=\"block-breadcrumb\">                       <\/div>\n<\/p><\/div>\n<\/p><\/div>\n<pre><\/pre>\n<\/div>\n<\/div>\n<div id=\"t4-main-body\" class=\"t4-section  t4-main-body\" role=\"main body\">\n<div class=\"t4-section-inner container\">\n<div class=\"t4-row row\">\n<div class=\"t4-col col-12 col-xl\">\n<div id=\"system-message-container\"> \t<\/div>\n<div class=\"com-content-article item-page view-tour-detail\">\n<div class=\"tour-top-info clearfix\">\n<div class=\"pull-left\">\n<div class=\"category-article-dot\">\n<div class=\"category-name\"> \t\t\t\t\t<a href=\"\/sk\/destinacie\/vieden\" itemprop=\"genre\">Transfery Viede\u0148<\/a> \t\t\t\t<\/div>\n<\/p><\/div>\n<\/p><\/div>\n<div class=\"pull-right\">\n<div class=\"text-danger tour-price\"> \t\t\t\t\t\t<a href=\"\/sk\/rezervovat-transfer\">Rezervova\u0165<\/a><\/div>\n<\/p><\/div>\n<\/p><\/div>\n<p>  \t <!--\t-->  \t<\/p>\n<div class=\"vm-product-container\">\n<figure class=\"pull-left item-image\">\n<div class=\"main-image\"> \t\t<a title=\"Transfer From Vienna to Karlovy Vary\" rel='vm-additional-images' href=\"\/images\/virtuemart\/product\/Europe Destinations Transfers (1)76.jpg\"><img decoding=\"async\"  loading=\"lazy\"  src=\"\/wp-content\/uploads\/2025\/08\/Europe-Destinations-Transfers-176-2.jpg\"  alt=\"Transfer From Vienna to Karlovy Vary\"  \/><\/a>\t\t<\/p>\n<div class=\"clear\"><\/div>\n<\/p><\/div>\n<\/figure>\n<div class=\"vm-product-details-container\">\n<div class=\"spacer-buy-area\">    \t\t \t\t<\/div>\n<\/p><\/div>\n<div class=\"clear\"><\/div>\n<\/p><\/div>\n<div class=\"product-description\" >\n<div class=\"book-now mt-5\" style=\"text-align: left;\">\n<h2 style=\"text-align: center;\">Najlep\u0161\u00ed transfer z Viedne do Karlovych Varov: cestujte jednoducho a pohodlne<\/h2>\n<p>H\u013ead\u00e1te mo\u017enos\u0165 bezprobl\u00e9mov\u00e9ho cestovania z Viedne do Karlovych Varov? Na\u0161a najlep\u0161ia prepravn\u00e1 slu\u017eba z Viedne do Karlovych Varov pon\u00faka hladk\u00fa a pohodln\u00fa cestu cez Rak\u00fasko. \u010ci u\u017e idete na dovolenku, slu\u017eobne alebo z ak\u00e9hoko\u013evek in\u00e9ho d\u00f4vodu, na\u0161e transfery z Viedne do Karlovych Varov urobia va\u0161u cestu pr\u00edjemnou a bez stresu.<\/p>\n<p style=\"text-align: center;\"><span style=\"font-weight: 400;\"><a class=\"btn btn-primary\" href=\"\/sk\/rezervovat-transfer\">Rezervova\u0165<\/a><\/span><\/p>\n<p style=\"text-align: center;\"><span style=\"font-weight: 400;\"><img decoding=\"async\" src=\"\/wp-content\/uploads\/2025\/08\/From_Munich_to_Vienna_Transfers-37.jpg\" alt=\"\" \/><\/span><\/p>\n<h2 style=\"text-align: center;\">Pre\u010do je na\u0161a prepravn\u00e1 slu\u017eba z Viedne do Karlovych Varov tou najlep\u0161ou vo\u013ebou<\/h2>\n<p><strong>Jednoduch\u00e9 a priame cestovanie:<\/strong> zabudnite na probl\u00e9my s verejnou dopravou a \u010dakan\u00edm na prestupy. Na\u0161e priame transfery z Viedne do Karlovych Varov znamenaj\u00fa, \u017ee si m\u00f4\u017eete u\u017ei\u0165 bezprobl\u00e9mov\u00fa cestu od dver\u00ed k dver\u00e1m, tak\u017ee budete po\u010das celej cesty uvo\u013enen\u00ed.<\/p>\n<p><strong>Flexibiln\u00e1 rezerv\u00e1cia pre va\u0161e pohodlie:<\/strong> Organiz\u00e1cia transferu z Viedne do Karlovych Varov nem\u00f4\u017ee by\u0165 s na\u0161\u00edm pohodln\u00fdm rezerva\u010dn\u00fdm syst\u00e9mom jednoduch\u0161ia. Pon\u00fakame r\u00f4zne mo\u017enosti vozidiel, aby vyhovovali v\u00e1\u0161mu \u0161t\u00fdlu cestovania a po\u017eiadavk\u00e1m.<\/p>\n<p><strong>Spo\u013eahliv\u00fd a profesion\u00e1lny servis:<\/strong> S d\u00f4razom na profesionalitu a spo\u013eahlivos\u0165 na\u0161e transfery z Viedne do Karlovych Varov vykon\u00e1vaj\u00fa sk\u00fasen\u00ed vodi\u010di, ktor\u00ed sa staraj\u00fa o va\u0161u bezpe\u010dnos\u0165, presnos\u0165 a pohodlie.<\/p>\n<p style=\"text-align: center;\"><a class=\"btn btn-primary\" href=\"\/sk\/rezervovat-transfer\">Rezervova\u0165<\/a><\/p>\n<p style=\"text-align: center;\"><img decoding=\"async\" src=\"\/wp-content\/uploads\/2025\/08\/From_Munich_to_Vienna_Transfer-37.jpg\" alt=\"\" \/><\/p>\n<h3 style=\"text-align: center;\">S\u00fakromn\u00fd transfer z Viedne do Karlovych Varov pre ka\u017ed\u00e9ho cestuj\u00faceho<\/h3>\n<ul>\n<li>Vhodn\u00e9 pre jednotlivcov a skupiny: \u010ci u\u017e ste s\u00f3lo dobrodruh alebo cestujete s priate\u013emi \u010di rodinou, na\u0161e prepravn\u00e9 slu\u017eby z Viedne do Karlovych Varov s\u00fa navrhnut\u00e9 tak, aby vyhovovali va\u0161im potreb\u00e1m. Od luxusn\u00fdch sedanov a\u017e po priestrann\u00e9 dod\u00e1vky, m\u00e1me pre v\u00e1s dokonal\u00e9 vozidlo.<\/li>\n<li>Dostupn\u00e9 sc\u00e9nick\u00e9 cesty: Urobte z v\u00e1\u0161ho presunu z Viedne do Karlovych Varov sc\u00e9nick\u00e9 dobrodru\u017estvo. U\u017eite si \u00fachvatn\u00fa rak\u00fasku krajinu a urobte si nezabudnute\u013en\u00e9 zast\u00e1vky na ceste, v\u010faka \u010domu bude v\u00e1\u0161 v\u00fdlet nezabudnute\u013en\u00fdm z\u00e1\u017eitkom.<\/li>\n<\/ul>\n<h3 style=\"text-align: center;\">Rezervujte si transfer z Viedne do Karlovych Varov<\/h3>\n<p>V\u010faka n\u00e1\u0161mu online rezerva\u010dn\u00e9mu procesu je zabezpe\u010denie v\u00e1\u0161ho transferu z Viedne do Karlovych Varov jednoduch\u00e9 a bezprobl\u00e9mov\u00e9. Vyberte si auto, dokon\u010dite rezerv\u00e1ciu a pripravte sa na pohodln\u00fa cestu. N\u00e1\u0161 t\u00edm z\u00e1kazn\u00edckych slu\u017eieb je v\u017edy pripraven\u00fd pom\u00f4c\u0165 s ak\u00fdmiko\u013evek ot\u00e1zkami alebo \u0161peci\u00e1lnymi po\u017eiadavkami.<\/p>\n<p style=\"text-align: center;\"><a class=\"btn btn-primary\" href=\"\/sk\/rezervovat-transfer\">Rezervova\u0165<\/a><\/p>\n<p style=\"text-align: center;\"><img decoding=\"async\" src=\"\/wp-content\/uploads\/2025\/08\/Transfers_Munich_Vienna-37.jpg\" alt=\"\" \/><\/p>\n<h3 style=\"text-align: center;\">Najlep\u0161ia vo\u013eba na cestu z Viedne do Karlovych Varov<\/h3>\n<p>N\u00e1\u0161 z\u00e1v\u00e4zok k dokonalosti zais\u0165uje, \u017ee na\u0161e transfery z Viedne do Karlovych Varov vynikn\u00fa od ostatn\u00fdch. U\u017eite si cestu rovnako ako cie\u013e, s v\u00fdhodami efekt\u00edvneho cestovania, pohodlia a pokoja s vedom\u00edm, \u017ee ste si vybrali to najlep\u0161ie. Pon\u00fakame V\u00e1m pohodln\u00fd <a href=\"\/sk\/destinacie\/vieden\">transfer z Viedne<\/a> alebo <a href=\"\/sk\/destinacie\/vieden\/transfer-letisko-vieden\">transfer z viedensk\u00e9ho letiska<\/a> do Karlovych Varov.<\/p>\n<h3 style=\"text-align: center;\">Rezervujte si transfer z Viedne do Karlovych Varov u\u017e teraz<\/h3>\n<p>Nenech\u00e1vajte cestovn\u00e9 z\u00e1le\u017eitosti na n\u00e1hodu. Rezervujte si u n\u00e1s transfer z Viedne do Karlovych Varov e\u0161te dnes a cestujte pohodlne, spo\u013eahlivo a pohodlne. Vysk\u00fa\u0161ajte najefekt\u00edvnej\u0161\u00ed sp\u00f4sob cestovania medzi t\u00fdmito kr\u00e1snymi rak\u00faskymi mestami s na\u0161imi prvotriednymi transferov\u00fdmi slu\u017ebami.<\/p>\n<p style=\"text-align: center;\"><a class=\"btn btn-primary\" href=\"\/sk\/rezervovat-transfer\">Rezervova\u0165<\/a><\/p>\n<\/p><\/div>\n<div id=\"gtx-trans\" style=\"position: absolute; left: 473px; top: 2753.26px;\">\u00a0<\/div>\n<\/p><\/div>\n<div class=\"product-price-container\">\n<div class=\"sale-price\"> \t\t<\/div>\n<\/p><\/div>\n<div class=\"options\"><\/div>\n<div> \t\t<\/div>\n<p>   \t        <script type=\"text\/javascript\" ><\/script>  <script type=\"text\/javascript\" ><\/script> <script type=\"text\/javascript\" ><\/script>  <script type=\"text\/javascript\" ><\/script> <script type=\"text\/javascript\" ><\/script> <script type=\"text\/javascript\" ><\/script> <script type=\"text\/javascript\" ><\/script> <\/div>\n<p> \t\t<!-- \u041f\u043b\u0430\u0433\u0438\u043d \u0440\u0435\u0439\u0442\u0438\u043d\u0433\u0430 --> <\/p>\n<div class=\"vrvote-body\">\n<ul class=\"vrvote-ul\">\n<li id=\"rating_232\" class=\"current-rating\" style=\"width:100.00%;\"><\/li>\n<li> \t\t\t\t\t\t<a class=\"vr-one-star\" onclick=\"javascript:JSVRvote(232,1,45,9,0)\" href=\"javascript:void(null)\">1<\/a> \t\t\t\t\t<\/li>\n<li> \t\t\t\t\t\t<a class=\"vr-two-stars\" onclick=\"javascript:JSVRvote(232,2,45,9,0)\" href=\"javascript:void(null)\">2<\/a> \t\t\t\t\t<\/li>\n<li> \t\t\t\t\t\t<a class=\"vr-three-stars\" onclick=\"javascript:JSVRvote(232,3,45,9,0)\" href=\"javascript:void(null)\">3<\/a> \t\t\t\t\t<\/li>\n<li> \t\t\t\t\t\t<a class=\"vr-four-stars\" onclick=\"javascript:JSVRvote(232,4,45,9,0)\" href=\"javascript:void(null)\">4<\/a> \t\t\t\t\t<\/li>\n<li> \t\t\t\t\t\t<a class=\"vr-five-stars\" onclick=\"javascript:JSVRvote(232,5,45,9,0)\" href=\"javascript:void(null)\">5<\/a> \t\t\t\t\t<\/li>\n<\/ul><\/div>\n<p> \t\t\t<span id=\"vrvote_232\" class=\"vrvote-count\"><small><\/small><\/span>\t<\/span><script type=\"application\/ld+json\"><\/script>   <\/div>\n<div class=\"t4-col sidebar-r col-12 col-xl-4\">\n<div class=\"t4-module module\" id=\"Mod306\">\n<div class=\"module-inner\">\n<div class=\"module-ct\">\n<div class=\"bannergroup\">\n<div class=\"banneritem\"> \t\t\t\t\t\t\t\t\t\t\t\t\t\t\t\t\t\t\t\t\t\t\t\t\t\t\t\t\t\t\t\t\t\t\t\t\t\t\t\t\t\t\t\t\t\t\t\t\t\t<img \t\t\t\t\t\tsrc=\"\/wp-content\/uploads\/2025\/08\/banner-transfer-europe-sk-85.png\" \t\t\t\t\t\talt=\"Banner-sk\" \t\t\t\t\t\t\t\t\t\t\t\t\t\t\t\t\t\/> \t\t\t\t\t\t\t\t\t\t\t<\/p>\n<div class=\"clr\"><\/div>\n<\/p><\/div>\n<\/p><\/div>\n<\/p><\/div>\n<\/div>\n<\/div><\/div>\n<\/p><\/div>\n<\/div><\/div>\n<div id=\"t4-section-8\" class=\"t4-section  t4-section-8  section-border-top\" role=\"section-8\">\n<div class=\"bg-overlay bg-overlay-image\">&nbsp;<\/div>\n<\/p><\/div>\n<p>  <a href='javascript:' id='back-to-top'><i class='fa fa-chevron-up'><\/i><\/a>                <\/p>\n","protected":false},"excerpt":{"rendered":"<p>Transfer z Viedne do Karlov\u00fdch Varov Transfery Viede\u0148 Rezervova\u0165 Najlep\u0161\u00ed transfer z Viedne do Karlovych Varov: cestujte jednoducho a pohodlne H\u013ead\u00e1te mo\u017enos\u0165 bezprobl\u00e9mov\u00e9ho cestovania z Viedne do Karlovych Varov? Na\u0161a najlep\u0161ia prepravn\u00e1 slu\u017eba z Viedne do Karlovych Varov pon\u00faka hladk\u00fa a pohodln\u00fa cestu cez Rak\u00fasko. \u010ci u\u017e idete na dovolenku, slu\u017eobne alebo z ak\u00e9hoko\u013evek in\u00e9ho [&hellip;]<\/p>\n","protected":false},"author":1,"featured_media":33401,"parent":18891,"menu_order":0,"comment_status":"closed","ping_status":"closed","template":"","meta":{"footnotes":""},"class_list":["post-33400","page","type-page","status-publish","has-post-thumbnail","hentry"],"yoast_head":"<!-- This site is optimized with the Yoast SEO plugin v25.6 - https:\/\/yoast.com\/wordpress\/plugins\/seo\/ -->\n<title>Transfer z Viedne do Karlovych Varov \u2013 rezervujte teraz!<\/title>\n<meta name=\"description\" content=\"Va\u0161a najlep\u0161ia cesta s na\u0161ou slu\u017ebou dopravy z Viedne do Karlovych Varov. Cenovo dostupn\u00e9, spo\u013eahliv\u00e9 a pohodln\u00e9. Zavolajte n\u00e1m \u260e +421 940 904 184 a rezervujte si\" \/>\n<meta name=\"robots\" content=\"index, follow, max-snippet:-1, max-image-preview:large, max-video-preview:-1\" \/>\n<link rel=\"canonical\" href=\"https:\/\/transfereurope.com\/sk\/destinacie\/vieden\/transfer-z-viedne-do-karlovych-varov\/\" \/>\n<meta property=\"og:locale\" content=\"sk_SK\" \/>\n<meta property=\"og:type\" content=\"article\" \/>\n<meta property=\"og:title\" content=\"Transfer z Viedne do Karlovych Varov \u2013 rezervujte teraz!\" \/>\n<meta property=\"og:description\" content=\"Va\u0161a najlep\u0161ia cesta s na\u0161ou slu\u017ebou dopravy z Viedne do Karlovych Varov. Cenovo dostupn\u00e9, spo\u013eahliv\u00e9 a pohodln\u00e9. Zavolajte n\u00e1m \u260e +421 940 904 184 a rezervujte si\" \/>\n<meta property=\"og:url\" content=\"https:\/\/transfereurope.com\/sk\/destinacie\/vieden\/transfer-z-viedne-do-karlovych-varov\/\" \/>\n<meta property=\"og:site_name\" content=\"transfereurope\" \/>\n<meta property=\"og:image\" content=\"https:\/\/transfereurope.com\/wp-content\/uploads\/2025\/08\/Europe-Destinations-Transfers-176-2-1.jpg\" \/>\n\t<meta property=\"og:image:width\" content=\"1500\" \/>\n\t<meta property=\"og:image:height\" content=\"2000\" \/>\n\t<meta property=\"og:image:type\" content=\"image\/jpeg\" \/>\n<meta name=\"twitter:card\" content=\"summary_large_image\" \/>\n<meta name=\"twitter:label1\" content=\"Predpokladan\u00fd \u010das \u010d\u00edtania\" \/>\n\t<meta name=\"twitter:data1\" content=\"3 min\u00faty\" \/>\n<script type=\"application\/ld+json\" class=\"yoast-schema-graph\">{\"@context\":\"https:\/\/schema.org\",\"@graph\":[{\"@type\":\"WebPage\",\"@id\":\"https:\/\/transfereurope.com\/sk\/destinacie\/vieden\/transfer-z-viedne-do-karlovych-varov\/\",\"url\":\"https:\/\/transfereurope.com\/sk\/destinacie\/vieden\/transfer-z-viedne-do-karlovych-varov\/\",\"name\":\"Transfer z Viedne do Karlovych Varov \u2013 rezervujte teraz!\",\"isPartOf\":{\"@id\":\"https:\/\/transfereurope.com\/sk\/#website\"},\"primaryImageOfPage\":{\"@id\":\"https:\/\/transfereurope.com\/sk\/destinacie\/vieden\/transfer-z-viedne-do-karlovych-varov\/#primaryimage\"},\"image\":{\"@id\":\"https:\/\/transfereurope.com\/sk\/destinacie\/vieden\/transfer-z-viedne-do-karlovych-varov\/#primaryimage\"},\"thumbnailUrl\":\"https:\/\/transfereurope.com\/wp-content\/uploads\/2025\/08\/Europe-Destinations-Transfers-176-2-1.jpg\",\"datePublished\":\"2025-08-04T22:53:06+00:00\",\"description\":\"Va\u0161a najlep\u0161ia cesta s na\u0161ou slu\u017ebou dopravy z Viedne do Karlovych Varov. Cenovo dostupn\u00e9, spo\u013eahliv\u00e9 a pohodln\u00e9. Zavolajte n\u00e1m \u260e +421 940 904 184 a rezervujte si\",\"breadcrumb\":{\"@id\":\"https:\/\/transfereurope.com\/sk\/destinacie\/vieden\/transfer-z-viedne-do-karlovych-varov\/#breadcrumb\"},\"inLanguage\":\"sk-SK\",\"potentialAction\":[{\"@type\":\"ReadAction\",\"target\":[\"https:\/\/transfereurope.com\/sk\/destinacie\/vieden\/transfer-z-viedne-do-karlovych-varov\/\"]}]},{\"@type\":\"ImageObject\",\"inLanguage\":\"sk-SK\",\"@id\":\"https:\/\/transfereurope.com\/sk\/destinacie\/vieden\/transfer-z-viedne-do-karlovych-varov\/#primaryimage\",\"url\":\"https:\/\/transfereurope.com\/wp-content\/uploads\/2025\/08\/Europe-Destinations-Transfers-176-2-1.jpg\",\"contentUrl\":\"https:\/\/transfereurope.com\/wp-content\/uploads\/2025\/08\/Europe-Destinations-Transfers-176-2-1.jpg\",\"width\":1500,\"height\":2000},{\"@type\":\"BreadcrumbList\",\"@id\":\"https:\/\/transfereurope.com\/sk\/destinacie\/vieden\/transfer-z-viedne-do-karlovych-varov\/#breadcrumb\",\"itemListElement\":[{\"@type\":\"ListItem\",\"position\":1,\"name\":\"Home\",\"item\":\"https:\/\/transfereurope.com\/sk\/\"},{\"@type\":\"ListItem\",\"position\":2,\"name\":\"Transfer z Viedne do Karlov\u00fdch Varov\"}]},{\"@type\":\"WebSite\",\"@id\":\"https:\/\/transfereurope.com\/sk\/#website\",\"url\":\"https:\/\/transfereurope.com\/sk\/\",\"name\":\"transfereurope\",\"description\":\"\",\"publisher\":{\"@id\":\"https:\/\/transfereurope.com\/sk\/#organization\"},\"potentialAction\":[{\"@type\":\"SearchAction\",\"target\":{\"@type\":\"EntryPoint\",\"urlTemplate\":\"https:\/\/transfereurope.com\/sk\/?s={search_term_string}\"},\"query-input\":{\"@type\":\"PropertyValueSpecification\",\"valueRequired\":true,\"valueName\":\"search_term_string\"}}],\"inLanguage\":\"sk-SK\"},{\"@type\":\"Organization\",\"@id\":\"https:\/\/transfereurope.com\/sk\/#organization\",\"name\":\"transfereurope\",\"url\":\"https:\/\/transfereurope.com\/sk\/\",\"logo\":{\"@type\":\"ImageObject\",\"inLanguage\":\"sk-SK\",\"@id\":\"https:\/\/transfereurope.com\/sk\/#\/schema\/logo\/image\/\",\"url\":\"https:\/\/transfereurope.com\/wp-content\/uploads\/2025\/08\/TRANSFERS-1655.png\",\"contentUrl\":\"https:\/\/transfereurope.com\/wp-content\/uploads\/2025\/08\/TRANSFERS-1655.png\",\"width\":500,\"height\":274,\"caption\":\"transfereurope\"},\"image\":{\"@id\":\"https:\/\/transfereurope.com\/sk\/#\/schema\/logo\/image\/\"}}]}<\/script>\n<!-- \/ Yoast SEO plugin. -->","yoast_head_json":{"title":"Transfer z Viedne do Karlovych Varov \u2013 rezervujte teraz!","description":"Va\u0161a najlep\u0161ia cesta s na\u0161ou slu\u017ebou dopravy z Viedne do Karlovych Varov. Cenovo dostupn\u00e9, spo\u013eahliv\u00e9 a pohodln\u00e9. Zavolajte n\u00e1m \u260e +421 940 904 184 a rezervujte si","robots":{"index":"index","follow":"follow","max-snippet":"max-snippet:-1","max-image-preview":"max-image-preview:large","max-video-preview":"max-video-preview:-1"},"canonical":"https:\/\/transfereurope.com\/sk\/destinacie\/vieden\/transfer-z-viedne-do-karlovych-varov\/","og_locale":"sk_SK","og_type":"article","og_title":"Transfer z Viedne do Karlovych Varov \u2013 rezervujte teraz!","og_description":"Va\u0161a najlep\u0161ia cesta s na\u0161ou slu\u017ebou dopravy z Viedne do Karlovych Varov. Cenovo dostupn\u00e9, spo\u013eahliv\u00e9 a pohodln\u00e9. Zavolajte n\u00e1m \u260e +421 940 904 184 a rezervujte si","og_url":"https:\/\/transfereurope.com\/sk\/destinacie\/vieden\/transfer-z-viedne-do-karlovych-varov\/","og_site_name":"transfereurope","og_image":[{"width":1500,"height":2000,"url":"https:\/\/transfereurope.com\/wp-content\/uploads\/2025\/08\/Europe-Destinations-Transfers-176-2-1.jpg","type":"image\/jpeg"}],"twitter_card":"summary_large_image","twitter_misc":{"Predpokladan\u00fd \u010das \u010d\u00edtania":"3 min\u00faty"},"schema":{"@context":"https:\/\/schema.org","@graph":[{"@type":"WebPage","@id":"https:\/\/transfereurope.com\/sk\/destinacie\/vieden\/transfer-z-viedne-do-karlovych-varov\/","url":"https:\/\/transfereurope.com\/sk\/destinacie\/vieden\/transfer-z-viedne-do-karlovych-varov\/","name":"Transfer z Viedne do Karlovych Varov \u2013 rezervujte teraz!","isPartOf":{"@id":"https:\/\/transfereurope.com\/sk\/#website"},"primaryImageOfPage":{"@id":"https:\/\/transfereurope.com\/sk\/destinacie\/vieden\/transfer-z-viedne-do-karlovych-varov\/#primaryimage"},"image":{"@id":"https:\/\/transfereurope.com\/sk\/destinacie\/vieden\/transfer-z-viedne-do-karlovych-varov\/#primaryimage"},"thumbnailUrl":"https:\/\/transfereurope.com\/wp-content\/uploads\/2025\/08\/Europe-Destinations-Transfers-176-2-1.jpg","datePublished":"2025-08-04T22:53:06+00:00","description":"Va\u0161a najlep\u0161ia cesta s na\u0161ou slu\u017ebou dopravy z Viedne do Karlovych Varov. Cenovo dostupn\u00e9, spo\u013eahliv\u00e9 a pohodln\u00e9. Zavolajte n\u00e1m \u260e +421 940 904 184 a rezervujte si","breadcrumb":{"@id":"https:\/\/transfereurope.com\/sk\/destinacie\/vieden\/transfer-z-viedne-do-karlovych-varov\/#breadcrumb"},"inLanguage":"sk-SK","potentialAction":[{"@type":"ReadAction","target":["https:\/\/transfereurope.com\/sk\/destinacie\/vieden\/transfer-z-viedne-do-karlovych-varov\/"]}]},{"@type":"ImageObject","inLanguage":"sk-SK","@id":"https:\/\/transfereurope.com\/sk\/destinacie\/vieden\/transfer-z-viedne-do-karlovych-varov\/#primaryimage","url":"https:\/\/transfereurope.com\/wp-content\/uploads\/2025\/08\/Europe-Destinations-Transfers-176-2-1.jpg","contentUrl":"https:\/\/transfereurope.com\/wp-content\/uploads\/2025\/08\/Europe-Destinations-Transfers-176-2-1.jpg","width":1500,"height":2000},{"@type":"BreadcrumbList","@id":"https:\/\/transfereurope.com\/sk\/destinacie\/vieden\/transfer-z-viedne-do-karlovych-varov\/#breadcrumb","itemListElement":[{"@type":"ListItem","position":1,"name":"Home","item":"https:\/\/transfereurope.com\/sk\/"},{"@type":"ListItem","position":2,"name":"Transfer z Viedne do Karlov\u00fdch Varov"}]},{"@type":"WebSite","@id":"https:\/\/transfereurope.com\/sk\/#website","url":"https:\/\/transfereurope.com\/sk\/","name":"transfereurope","description":"","publisher":{"@id":"https:\/\/transfereurope.com\/sk\/#organization"},"potentialAction":[{"@type":"SearchAction","target":{"@type":"EntryPoint","urlTemplate":"https:\/\/transfereurope.com\/sk\/?s={search_term_string}"},"query-input":{"@type":"PropertyValueSpecification","valueRequired":true,"valueName":"search_term_string"}}],"inLanguage":"sk-SK"},{"@type":"Organization","@id":"https:\/\/transfereurope.com\/sk\/#organization","name":"transfereurope","url":"https:\/\/transfereurope.com\/sk\/","logo":{"@type":"ImageObject","inLanguage":"sk-SK","@id":"https:\/\/transfereurope.com\/sk\/#\/schema\/logo\/image\/","url":"https:\/\/transfereurope.com\/wp-content\/uploads\/2025\/08\/TRANSFERS-1655.png","contentUrl":"https:\/\/transfereurope.com\/wp-content\/uploads\/2025\/08\/TRANSFERS-1655.png","width":500,"height":274,"caption":"transfereurope"},"image":{"@id":"https:\/\/transfereurope.com\/sk\/#\/schema\/logo\/image\/"}}]}},"_links":{"self":[{"href":"https:\/\/transfereurope.com\/sk\/wp-json\/wp\/v2\/pages\/33400","targetHints":{"allow":["GET"]}}],"collection":[{"href":"https:\/\/transfereurope.com\/sk\/wp-json\/wp\/v2\/pages"}],"about":[{"href":"https:\/\/transfereurope.com\/sk\/wp-json\/wp\/v2\/types\/page"}],"author":[{"embeddable":true,"href":"https:\/\/transfereurope.com\/sk\/wp-json\/wp\/v2\/users\/1"}],"replies":[{"embeddable":true,"href":"https:\/\/transfereurope.com\/sk\/wp-json\/wp\/v2\/comments?post=33400"}],"version-history":[{"count":0,"href":"https:\/\/transfereurope.com\/sk\/wp-json\/wp\/v2\/pages\/33400\/revisions"}],"up":[{"embeddable":true,"href":"https:\/\/transfereurope.com\/sk\/wp-json\/wp\/v2\/pages\/18891"}],"wp:featuredmedia":[{"embeddable":true,"href":"https:\/\/transfereurope.com\/sk\/wp-json\/wp\/v2\/media\/33401"}],"wp:attachment":[{"href":"https:\/\/transfereurope.com\/sk\/wp-json\/wp\/v2\/media?parent=33400"}],"curies":[{"name":"wp","href":"https:\/\/api.w.org\/{rel}","templated":true}]}}