{"id":33040,"date":"2025-08-04T22:50:39","date_gmt":"2025-08-04T22:50:39","guid":{"rendered":"https:\/\/transfereurope.com\/transfer-z-viedne-do-sarvar\/"},"modified":"2025-08-04T22:50:39","modified_gmt":"2025-08-04T22:50:39","slug":"transfer-z-viedne-do-sarvar","status":"publish","type":"page","link":"https:\/\/transfereurope.com\/sk\/destinacie\/vieden\/transfer-z-viedne-do-sarvar\/","title":{"rendered":"Transfer z Viedne do \u0160arv\u00e1r"},"content":{"rendered":"\n<div id=\"t4-masthead\" class=\"t4-section  t4-masthead\">\n<div class=\"t4-col text-center\">\n<div class=\"ja-masthead\" >\n<div class=\"ja-masthead-detail\">\n<h1 class=\"ja-masthead-title\">Transfer z Viedne do \u0160arv\u00e1r<\/h1>\n<p>                 <!---->            <\/p>\n<div class=\"block-breadcrumb\">                       <\/div>\n<\/p><\/div>\n<\/p><\/div>\n<pre><\/pre>\n<\/div>\n<\/div>\n<div id=\"t4-main-body\" class=\"t4-section  t4-main-body\" role=\"main body\">\n<div class=\"t4-section-inner container\">\n<div class=\"t4-row row\">\n<div class=\"t4-col col-12 col-xl\">\n<div id=\"system-message-container\"> \t<\/div>\n<div class=\"com-content-article item-page view-tour-detail\">\n<div class=\"tour-top-info clearfix\">\n<div class=\"pull-left\">\n<div class=\"category-article-dot\">\n<div class=\"category-name\"> \t\t\t\t\t<a href=\"\/sk\/destinacie\/vieden\" itemprop=\"genre\">Transfery Viede\u0148<\/a> \t\t\t\t<\/div>\n<\/p><\/div>\n<\/p><\/div>\n<div class=\"pull-right\">\n<div class=\"text-danger tour-price\"> \t\t\t\t\t\t<a href=\"\/sk\/rezervovat-transfer\">Rezervova\u0165<\/a><\/div>\n<\/p><\/div>\n<\/p><\/div>\n<p>  \t <!--\t-->  \t<\/p>\n<div class=\"vm-product-container\">\n<figure class=\"pull-left item-image\">\n<div class=\"main-image\"> \t\t<a title=\"From Vienna to Scharvar Transfers\" rel='vm-additional-images' href=\"\/images\/virtuemart\/product\/Italy Milan Transfers (5)9.jpg\"><img decoding=\"async\"  loading=\"lazy\"  src=\"\/wp-content\/uploads\/2025\/08\/Italy-Milan-Transfers-59-2.jpg\"  alt=\"From Vienna to Scharvar Transfers\"  \/><\/a>\t\t<\/p>\n<div class=\"clear\"><\/div>\n<\/p><\/div>\n<\/figure>\n<div class=\"vm-product-details-container\">\n<div class=\"spacer-buy-area\">    \t\t \t\t<\/div>\n<\/p><\/div>\n<div class=\"clear\"><\/div>\n<\/p><\/div>\n<div class=\"product-description\" >\n<div class=\"book-now mt-5\" style=\"text-align: left;\">\n<h2 style=\"text-align: center;\">Transfer z Viedne do \u0160arv\u00e1r: Va\u0161a cesta k v\u00fdletu bez starost\u00ed<\/h2>\n<p>Vydajte sa na bezprobl\u00e9mov\u00fa cestu s na\u0161\u00edm v\u00fdnimo\u010dn\u00fdm transferom z Viedne do \u0160arv\u00e1r, ktor\u00fd je navrhnut\u00fd tak, aby poskytoval maxim\u00e1lny komfort a pohodlie. \u010ci u\u017e cestujete za pr\u00e1cou, z\u00e1bavou alebo ak\u00fdmko\u013evek in\u00fdm \u00fa\u010delom, v\u00fdber na\u0161ich transferov z Viedne do \u0160arv\u00e1r zaru\u010duje cestu bez stresu a pr\u00edjemn\u00fa z\u00e1bavu.<\/p>\n<p style=\"text-align: center;\"><a class=\"btn btn-primary\" href=\"\/sk\/rezervovat-transfer\">Rezervova\u0165<\/a><\/p>\n<p style=\"text-align: center;\"><strong><img decoding=\"async\" src=\"\/wp-content\/uploads\/2025\/08\/From_Munich_to_Vienna_Transfers-28.jpg\" alt=\"\" \/><\/strong><\/p>\n<h2 style=\"text-align: center;\"><strong>V\u00fdhody v\u00fdberu n\u00e1\u0161ho transferu z Viedne do \u0160arv\u00e1r<\/strong><\/h2>\n<p><strong>Bezprobl\u00e9mov\u00e9, priame cestovanie:<\/strong> Vyhnite sa probl\u00e9mom s verejnou dopravou a \u010dakan\u00edm na prestupy. Na\u0161e priame transfery z Viedne do \u0160arv\u00e1r poskytuj\u00fa bezprobl\u00e9mov\u00fa slu\u017ebu od dver\u00ed k dver\u00e1m, tak\u017ee si m\u00f4\u017eete odd\u00fdchnu\u0165 a u\u017ei\u0165 si v\u00fdlet.<\/p>\n<p><strong>R\u00f4zne mo\u017enosti rezerv\u00e1cie:<\/strong> N\u00e1\u0161 pohodln\u00fd rezerva\u010dn\u00fd syst\u00e9m v\u00e1m u\u013eah\u010d\u00ed zariadi\u0165 si transfer z Viedne do \u0160arv\u00e1r. Pon\u00fakame v\u00fdber typov vozidiel pod\u013ea va\u0161ich jedine\u010dn\u00fdch potrieb a preferenci\u00ed.<\/p>\n<p><strong>Spo\u013eahliv\u00fd a profesion\u00e1lny servis:<\/strong> Sme hrd\u00ed na profesionalitu a spo\u013eahlivos\u0165 na\u0161ich transferov z Viedne do \u0160arv\u00e1r. Cestujte s istotou s vedom\u00edm, \u017ee na\u0161i sk\u00fasen\u00ed vodi\u010di s\u00fa pri kormidle a zais\u0165uj\u00fa presnos\u0165, bezpe\u010dnos\u0165 a pohodlie.<\/p>\n<p style=\"text-align: center;\"><a class=\"btn btn-primary\" href=\"\/sk\/rezervovat-transfer\">Rezervova\u0165<\/a><\/p>\n<p style=\"text-align: center;\"><img decoding=\"async\" src=\"\/wp-content\/uploads\/2025\/08\/From_Munich_to_Vienna_Transfer-28.jpg\" alt=\"\" \/><\/p>\n<h3 style=\"text-align: center;\">S\u00fakromn\u00fd transfer pre ka\u017ed\u00e9ho cestuj\u00faceho z Viedne do \u0160arv\u00e1r<\/h3>\n<ul>\n<li>Individu\u00e1lne a skupinov\u00e9 transfery: \u010ci u\u017e let\u00edte sami alebo so skupinou, na\u0161e transferov\u00e9 slu\u017eby z Viedne do \u0160arv\u00e1r s\u00fa navrhnut\u00e9 tak, aby vyhovovali va\u0161im cestovn\u00fdm po\u017eiadavk\u00e1m. Vyberte si z elegantn\u00fdch sedanov, priestrann\u00fdch minivanov alebo v\u00e4\u010d\u0161\u00edch vozidiel pre skupinov\u00e9 cestovanie.<\/li>\n<li>Mo\u017enosti sc\u00e9nickej trasy: Vyberte si sc\u00e9nick\u00fa trasu a vylep\u0161ite tak svoj z\u00e1\u017eitok z dopravy z Viedne do \u0160arv\u00e1r. Obdivujte \u00fa\u017easn\u00fa scen\u00e9riu a urobte si nezabudnute\u013en\u00e9 zast\u00e1vky na ceste, \u010d\u00edm prid\u00e1te \u010fal\u0161iu vrstvu z\u00e1bavy k va\u0161ej ceste medzi t\u00fdmito historick\u00fdmi mestami.<\/li>\n<\/ul>\n<h3 style=\"text-align: center;\">Rezerv\u00e1cia transferu z Viedne do \u0160arv\u00e1r je ve\u013emi jednoduch\u00e1<\/h3>\n<p>Rezerv\u00e1cia transferu z Viedne do \u0160arv\u00e1r nem\u00f4\u017ee by\u0165 jednoduch\u0161ia pomocou n\u00e1\u0161ho rezerva\u010dn\u00e9ho formul\u00e1ra. Vyberte si preferovan\u00e9 auto, potvr\u010fte rezerv\u00e1ciu a vydajte sa na bezprobl\u00e9mov\u00fa cestu. N\u00e1\u0161 t\u00edm z\u00e1kazn\u00edckych slu\u017eieb je k dispoz\u00edcii 24 hod\u00edn denne, aby v\u00e1m pomohol s ak\u00fdmiko\u013evek ot\u00e1zkami alebo \u0161peci\u00e1lnymi podmienkami.<\/p>\n<p style=\"text-align: center;\"><a class=\"btn btn-primary\" href=\"\/sk\/rezervovat-transfer\">Rezervova\u0165<\/a><\/p>\n<p style=\"text-align: center;\"><img decoding=\"async\" src=\"\/wp-content\/uploads\/2025\/08\/Transfers_Munich_Vienna-28.jpg\" alt=\"\" \/><\/p>\n<h3 style=\"text-align: center;\">Pre\u010do sa na\u0161e transferov\u00e9 slu\u017eby z Viedne do \u0160arv\u00e1r l\u00ed\u0161ia od ostatn\u00fdch?<\/h3>\n<p>N\u00e1\u0161 z\u00e1v\u00e4zok k dokonalosti znamen\u00e1, \u017ee na\u0161e transfery z Viedne do \u0160arv\u00e1r maj\u00fa bezkonkuren\u010dn\u00fa kvalitu a slu\u017eby. U\u017eite si cestu rovnako ako cie\u013e s v\u00fdhodami, ako je efekt\u00edvne nasmerovanie, pohodln\u00e1 cesta a pokoj v du\u0161i, ktor\u00fd vypl\u00fdva z v\u00fdberu toho najlep\u0161ieho. Pon\u00fakame V\u00e1m pohodln\u00fd <a href=\"\/sk\/destinacie\/vieden\">transfer z Viedne<\/a> alebo <a href=\"\/sk\/destinacie\/vieden\/transfer-letisko-vieden\">transfer z viedensk\u00e9ho letiska<\/a> do \u0160arv\u00e1r.<\/p>\n<h3 style=\"text-align: center;\">Rezervujte si transfer z Viedne do \u0160arv\u00e1r u\u017e teraz<\/h3>\n<p>Uistite sa, \u017ee s\u00fa va\u0161e cestovn\u00e9 pl\u00e1ny v dobr\u00fdch ruk\u00e1ch. Rezervujte si u n\u00e1s transfer z Viedne do \u0160arv\u00e1r pr\u00e1ve teraz a ponorte sa do atmosf\u00e9ry pohodlia, spo\u013eahlivosti a pohodlia. Vychutnajte si najlep\u0161\u00ed sp\u00f4sob cestovania medzi t\u00fdmito o\u010daruj\u00facimi mestami s na\u0161imi \u0161pi\u010dkov\u00fdmi transferov\u00fdmi slu\u017ebami.<\/p>\n<p style=\"text-align: center;\"><a class=\"btn btn-primary\" href=\"\/sk\/rezervovat-transfer\">Rezervova\u0165<\/a><\/p>\n<\/p><\/div>\n<div id=\"gtx-trans\" style=\"position: absolute; left: -26px; top: 2723.61px;\">\u00a0<\/div>\n<\/p><\/div>\n<div class=\"product-price-container\">\n<div class=\"sale-price\"> \t\t<\/div>\n<\/p><\/div>\n<div class=\"options\"><\/div>\n<div> \t\t<\/div>\n<p>   \t        <script type=\"text\/javascript\" ><\/script>  <script type=\"text\/javascript\" ><\/script> <script type=\"text\/javascript\" ><\/script>  <script type=\"text\/javascript\" ><\/script> <script type=\"text\/javascript\" ><\/script> <script type=\"text\/javascript\" ><\/script> <script type=\"text\/javascript\" ><\/script> <\/div>\n<p> \t\t<!-- \u041f\u043b\u0430\u0433\u0438\u043d \u0440\u0435\u0439\u0442\u0438\u043d\u0433\u0430 --> <\/p>\n<div class=\"vrvote-body\">\n<ul class=\"vrvote-ul\">\n<li id=\"rating_274\" class=\"current-rating\" style=\"width:100.00%;\"><\/li>\n<li> \t\t\t\t\t\t<a class=\"vr-one-star\" onclick=\"javascript:JSVRvote(274,1,35,7,0)\" href=\"javascript:void(null)\">1<\/a> \t\t\t\t\t<\/li>\n<li> \t\t\t\t\t\t<a class=\"vr-two-stars\" onclick=\"javascript:JSVRvote(274,2,35,7,0)\" href=\"javascript:void(null)\">2<\/a> \t\t\t\t\t<\/li>\n<li> \t\t\t\t\t\t<a class=\"vr-three-stars\" onclick=\"javascript:JSVRvote(274,3,35,7,0)\" href=\"javascript:void(null)\">3<\/a> \t\t\t\t\t<\/li>\n<li> \t\t\t\t\t\t<a class=\"vr-four-stars\" onclick=\"javascript:JSVRvote(274,4,35,7,0)\" href=\"javascript:void(null)\">4<\/a> \t\t\t\t\t<\/li>\n<li> \t\t\t\t\t\t<a class=\"vr-five-stars\" onclick=\"javascript:JSVRvote(274,5,35,7,0)\" href=\"javascript:void(null)\">5<\/a> \t\t\t\t\t<\/li>\n<\/ul><\/div>\n<p> \t\t\t<span id=\"vrvote_274\" class=\"vrvote-count\"><small><\/small><\/span>\t<\/span><script type=\"application\/ld+json\"><\/script>   <\/div>\n<div class=\"t4-col sidebar-r col-12 col-xl-4\">\n<div class=\"t4-module module\" id=\"Mod306\">\n<div class=\"module-inner\">\n<div class=\"module-ct\">\n<div class=\"bannergroup\">\n<div class=\"banneritem\"> \t\t\t\t\t\t\t\t\t\t\t\t\t\t\t\t\t\t\t\t\t\t\t\t\t\t\t\t\t\t\t\t\t\t\t\t\t\t\t\t\t\t\t\t\t\t\t\t\t\t<img \t\t\t\t\t\tsrc=\"\/wp-content\/uploads\/2025\/08\/banner-transfer-europe-sk-82.png\" \t\t\t\t\t\talt=\"Banner-sk\" \t\t\t\t\t\t\t\t\t\t\t\t\t\t\t\t\t\/> \t\t\t\t\t\t\t\t\t\t\t<\/p>\n<div class=\"clr\"><\/div>\n<\/p><\/div>\n<\/p><\/div>\n<\/p><\/div>\n<\/div>\n<\/div><\/div>\n<\/p><\/div>\n<\/div><\/div>\n<div id=\"t4-section-8\" class=\"t4-section  t4-section-8  section-border-top\" role=\"section-8\">\n<div class=\"bg-overlay bg-overlay-image\">&nbsp;<\/div>\n<\/p><\/div>\n<p>  <a href='javascript:' id='back-to-top'><i class='fa fa-chevron-up'><\/i><\/a>                <\/p>\n","protected":false},"excerpt":{"rendered":"<p>Transfer z Viedne do \u0160arv\u00e1r Transfery Viede\u0148 Rezervova\u0165 Transfer z Viedne do \u0160arv\u00e1r: Va\u0161a cesta k v\u00fdletu bez starost\u00ed Vydajte sa na bezprobl\u00e9mov\u00fa cestu s na\u0161\u00edm v\u00fdnimo\u010dn\u00fdm transferom z Viedne do \u0160arv\u00e1r, ktor\u00fd je navrhnut\u00fd tak, aby poskytoval maxim\u00e1lny komfort a pohodlie. \u010ci u\u017e cestujete za pr\u00e1cou, z\u00e1bavou alebo ak\u00fdmko\u013evek in\u00fdm \u00fa\u010delom, v\u00fdber na\u0161ich transferov [&hellip;]<\/p>\n","protected":false},"author":1,"featured_media":33041,"parent":18891,"menu_order":0,"comment_status":"closed","ping_status":"closed","template":"","meta":{"footnotes":""},"class_list":["post-33040","page","type-page","status-publish","has-post-thumbnail","hentry"],"yoast_head":"<!-- This site is optimized with the Yoast SEO plugin v25.6 - https:\/\/yoast.com\/wordpress\/plugins\/seo\/ -->\n<title>Transfer z Viedne do \u0160arv\u00e1r \u2013 rezervujte teraz!<\/title>\n<meta name=\"description\" content=\"V\u00e1\u0161 najlep\u0161\u00ed v\u00fdlet s na\u0161ou prepravnou slu\u017ebou z Viedne do \u0160arv\u00e1r. Cenovo dostupn\u00e9, spo\u013eahliv\u00e9 a pohodln\u00e9. Zavolajte n\u00e1m \u260e +421 940 904 184 a rezervujte si\" \/>\n<meta name=\"robots\" content=\"index, follow, max-snippet:-1, max-image-preview:large, max-video-preview:-1\" \/>\n<link rel=\"canonical\" href=\"https:\/\/transfereurope.com\/sk\/destinacie\/vieden\/transfer-z-viedne-do-sarvar\/\" \/>\n<meta property=\"og:locale\" content=\"sk_SK\" \/>\n<meta property=\"og:type\" content=\"article\" \/>\n<meta property=\"og:title\" content=\"Transfer z Viedne do \u0160arv\u00e1r \u2013 rezervujte teraz!\" \/>\n<meta property=\"og:description\" content=\"V\u00e1\u0161 najlep\u0161\u00ed v\u00fdlet s na\u0161ou prepravnou slu\u017ebou z Viedne do \u0160arv\u00e1r. Cenovo dostupn\u00e9, spo\u013eahliv\u00e9 a pohodln\u00e9. Zavolajte n\u00e1m \u260e +421 940 904 184 a rezervujte si\" \/>\n<meta property=\"og:url\" content=\"https:\/\/transfereurope.com\/sk\/destinacie\/vieden\/transfer-z-viedne-do-sarvar\/\" \/>\n<meta property=\"og:site_name\" content=\"transfereurope\" \/>\n<meta property=\"og:image\" content=\"https:\/\/transfereurope.com\/wp-content\/uploads\/2025\/08\/Italy-Milan-Transfers-59-2-1.jpg\" \/>\n\t<meta property=\"og:image:width\" content=\"1500\" \/>\n\t<meta property=\"og:image:height\" content=\"2000\" \/>\n\t<meta property=\"og:image:type\" content=\"image\/jpeg\" \/>\n<meta name=\"twitter:card\" content=\"summary_large_image\" \/>\n<meta name=\"twitter:label1\" content=\"Predpokladan\u00fd \u010das \u010d\u00edtania\" \/>\n\t<meta name=\"twitter:data1\" content=\"3 min\u00faty\" \/>\n<script type=\"application\/ld+json\" class=\"yoast-schema-graph\">{\"@context\":\"https:\/\/schema.org\",\"@graph\":[{\"@type\":\"WebPage\",\"@id\":\"https:\/\/transfereurope.com\/sk\/destinacie\/vieden\/transfer-z-viedne-do-sarvar\/\",\"url\":\"https:\/\/transfereurope.com\/sk\/destinacie\/vieden\/transfer-z-viedne-do-sarvar\/\",\"name\":\"Transfer z Viedne do \u0160arv\u00e1r \u2013 rezervujte teraz!\",\"isPartOf\":{\"@id\":\"https:\/\/transfereurope.com\/sk\/#website\"},\"primaryImageOfPage\":{\"@id\":\"https:\/\/transfereurope.com\/sk\/destinacie\/vieden\/transfer-z-viedne-do-sarvar\/#primaryimage\"},\"image\":{\"@id\":\"https:\/\/transfereurope.com\/sk\/destinacie\/vieden\/transfer-z-viedne-do-sarvar\/#primaryimage\"},\"thumbnailUrl\":\"https:\/\/transfereurope.com\/wp-content\/uploads\/2025\/08\/Italy-Milan-Transfers-59-2-1.jpg\",\"datePublished\":\"2025-08-04T22:50:39+00:00\",\"description\":\"V\u00e1\u0161 najlep\u0161\u00ed v\u00fdlet s na\u0161ou prepravnou slu\u017ebou z Viedne do \u0160arv\u00e1r. Cenovo dostupn\u00e9, spo\u013eahliv\u00e9 a pohodln\u00e9. Zavolajte n\u00e1m \u260e +421 940 904 184 a rezervujte si\",\"breadcrumb\":{\"@id\":\"https:\/\/transfereurope.com\/sk\/destinacie\/vieden\/transfer-z-viedne-do-sarvar\/#breadcrumb\"},\"inLanguage\":\"sk-SK\",\"potentialAction\":[{\"@type\":\"ReadAction\",\"target\":[\"https:\/\/transfereurope.com\/sk\/destinacie\/vieden\/transfer-z-viedne-do-sarvar\/\"]}]},{\"@type\":\"ImageObject\",\"inLanguage\":\"sk-SK\",\"@id\":\"https:\/\/transfereurope.com\/sk\/destinacie\/vieden\/transfer-z-viedne-do-sarvar\/#primaryimage\",\"url\":\"https:\/\/transfereurope.com\/wp-content\/uploads\/2025\/08\/Italy-Milan-Transfers-59-2-1.jpg\",\"contentUrl\":\"https:\/\/transfereurope.com\/wp-content\/uploads\/2025\/08\/Italy-Milan-Transfers-59-2-1.jpg\",\"width\":1500,\"height\":2000},{\"@type\":\"BreadcrumbList\",\"@id\":\"https:\/\/transfereurope.com\/sk\/destinacie\/vieden\/transfer-z-viedne-do-sarvar\/#breadcrumb\",\"itemListElement\":[{\"@type\":\"ListItem\",\"position\":1,\"name\":\"Home\",\"item\":\"https:\/\/transfereurope.com\/sk\/\"},{\"@type\":\"ListItem\",\"position\":2,\"name\":\"Transfer z Viedne do \u0160arv\u00e1r\"}]},{\"@type\":\"WebSite\",\"@id\":\"https:\/\/transfereurope.com\/sk\/#website\",\"url\":\"https:\/\/transfereurope.com\/sk\/\",\"name\":\"transfereurope\",\"description\":\"\",\"publisher\":{\"@id\":\"https:\/\/transfereurope.com\/sk\/#organization\"},\"potentialAction\":[{\"@type\":\"SearchAction\",\"target\":{\"@type\":\"EntryPoint\",\"urlTemplate\":\"https:\/\/transfereurope.com\/sk\/?s={search_term_string}\"},\"query-input\":{\"@type\":\"PropertyValueSpecification\",\"valueRequired\":true,\"valueName\":\"search_term_string\"}}],\"inLanguage\":\"sk-SK\"},{\"@type\":\"Organization\",\"@id\":\"https:\/\/transfereurope.com\/sk\/#organization\",\"name\":\"transfereurope\",\"url\":\"https:\/\/transfereurope.com\/sk\/\",\"logo\":{\"@type\":\"ImageObject\",\"inLanguage\":\"sk-SK\",\"@id\":\"https:\/\/transfereurope.com\/sk\/#\/schema\/logo\/image\/\",\"url\":\"https:\/\/transfereurope.com\/wp-content\/uploads\/2025\/08\/TRANSFERS-1655.png\",\"contentUrl\":\"https:\/\/transfereurope.com\/wp-content\/uploads\/2025\/08\/TRANSFERS-1655.png\",\"width\":500,\"height\":274,\"caption\":\"transfereurope\"},\"image\":{\"@id\":\"https:\/\/transfereurope.com\/sk\/#\/schema\/logo\/image\/\"}}]}<\/script>\n<!-- \/ Yoast SEO plugin. -->","yoast_head_json":{"title":"Transfer z Viedne do \u0160arv\u00e1r \u2013 rezervujte teraz!","description":"V\u00e1\u0161 najlep\u0161\u00ed v\u00fdlet s na\u0161ou prepravnou slu\u017ebou z Viedne do \u0160arv\u00e1r. Cenovo dostupn\u00e9, spo\u013eahliv\u00e9 a pohodln\u00e9. Zavolajte n\u00e1m \u260e +421 940 904 184 a rezervujte si","robots":{"index":"index","follow":"follow","max-snippet":"max-snippet:-1","max-image-preview":"max-image-preview:large","max-video-preview":"max-video-preview:-1"},"canonical":"https:\/\/transfereurope.com\/sk\/destinacie\/vieden\/transfer-z-viedne-do-sarvar\/","og_locale":"sk_SK","og_type":"article","og_title":"Transfer z Viedne do \u0160arv\u00e1r \u2013 rezervujte teraz!","og_description":"V\u00e1\u0161 najlep\u0161\u00ed v\u00fdlet s na\u0161ou prepravnou slu\u017ebou z Viedne do \u0160arv\u00e1r. Cenovo dostupn\u00e9, spo\u013eahliv\u00e9 a pohodln\u00e9. Zavolajte n\u00e1m \u260e +421 940 904 184 a rezervujte si","og_url":"https:\/\/transfereurope.com\/sk\/destinacie\/vieden\/transfer-z-viedne-do-sarvar\/","og_site_name":"transfereurope","og_image":[{"width":1500,"height":2000,"url":"https:\/\/transfereurope.com\/wp-content\/uploads\/2025\/08\/Italy-Milan-Transfers-59-2-1.jpg","type":"image\/jpeg"}],"twitter_card":"summary_large_image","twitter_misc":{"Predpokladan\u00fd \u010das \u010d\u00edtania":"3 min\u00faty"},"schema":{"@context":"https:\/\/schema.org","@graph":[{"@type":"WebPage","@id":"https:\/\/transfereurope.com\/sk\/destinacie\/vieden\/transfer-z-viedne-do-sarvar\/","url":"https:\/\/transfereurope.com\/sk\/destinacie\/vieden\/transfer-z-viedne-do-sarvar\/","name":"Transfer z Viedne do \u0160arv\u00e1r \u2013 rezervujte teraz!","isPartOf":{"@id":"https:\/\/transfereurope.com\/sk\/#website"},"primaryImageOfPage":{"@id":"https:\/\/transfereurope.com\/sk\/destinacie\/vieden\/transfer-z-viedne-do-sarvar\/#primaryimage"},"image":{"@id":"https:\/\/transfereurope.com\/sk\/destinacie\/vieden\/transfer-z-viedne-do-sarvar\/#primaryimage"},"thumbnailUrl":"https:\/\/transfereurope.com\/wp-content\/uploads\/2025\/08\/Italy-Milan-Transfers-59-2-1.jpg","datePublished":"2025-08-04T22:50:39+00:00","description":"V\u00e1\u0161 najlep\u0161\u00ed v\u00fdlet s na\u0161ou prepravnou slu\u017ebou z Viedne do \u0160arv\u00e1r. Cenovo dostupn\u00e9, spo\u013eahliv\u00e9 a pohodln\u00e9. Zavolajte n\u00e1m \u260e +421 940 904 184 a rezervujte si","breadcrumb":{"@id":"https:\/\/transfereurope.com\/sk\/destinacie\/vieden\/transfer-z-viedne-do-sarvar\/#breadcrumb"},"inLanguage":"sk-SK","potentialAction":[{"@type":"ReadAction","target":["https:\/\/transfereurope.com\/sk\/destinacie\/vieden\/transfer-z-viedne-do-sarvar\/"]}]},{"@type":"ImageObject","inLanguage":"sk-SK","@id":"https:\/\/transfereurope.com\/sk\/destinacie\/vieden\/transfer-z-viedne-do-sarvar\/#primaryimage","url":"https:\/\/transfereurope.com\/wp-content\/uploads\/2025\/08\/Italy-Milan-Transfers-59-2-1.jpg","contentUrl":"https:\/\/transfereurope.com\/wp-content\/uploads\/2025\/08\/Italy-Milan-Transfers-59-2-1.jpg","width":1500,"height":2000},{"@type":"BreadcrumbList","@id":"https:\/\/transfereurope.com\/sk\/destinacie\/vieden\/transfer-z-viedne-do-sarvar\/#breadcrumb","itemListElement":[{"@type":"ListItem","position":1,"name":"Home","item":"https:\/\/transfereurope.com\/sk\/"},{"@type":"ListItem","position":2,"name":"Transfer z Viedne do \u0160arv\u00e1r"}]},{"@type":"WebSite","@id":"https:\/\/transfereurope.com\/sk\/#website","url":"https:\/\/transfereurope.com\/sk\/","name":"transfereurope","description":"","publisher":{"@id":"https:\/\/transfereurope.com\/sk\/#organization"},"potentialAction":[{"@type":"SearchAction","target":{"@type":"EntryPoint","urlTemplate":"https:\/\/transfereurope.com\/sk\/?s={search_term_string}"},"query-input":{"@type":"PropertyValueSpecification","valueRequired":true,"valueName":"search_term_string"}}],"inLanguage":"sk-SK"},{"@type":"Organization","@id":"https:\/\/transfereurope.com\/sk\/#organization","name":"transfereurope","url":"https:\/\/transfereurope.com\/sk\/","logo":{"@type":"ImageObject","inLanguage":"sk-SK","@id":"https:\/\/transfereurope.com\/sk\/#\/schema\/logo\/image\/","url":"https:\/\/transfereurope.com\/wp-content\/uploads\/2025\/08\/TRANSFERS-1655.png","contentUrl":"https:\/\/transfereurope.com\/wp-content\/uploads\/2025\/08\/TRANSFERS-1655.png","width":500,"height":274,"caption":"transfereurope"},"image":{"@id":"https:\/\/transfereurope.com\/sk\/#\/schema\/logo\/image\/"}}]}},"_links":{"self":[{"href":"https:\/\/transfereurope.com\/sk\/wp-json\/wp\/v2\/pages\/33040","targetHints":{"allow":["GET"]}}],"collection":[{"href":"https:\/\/transfereurope.com\/sk\/wp-json\/wp\/v2\/pages"}],"about":[{"href":"https:\/\/transfereurope.com\/sk\/wp-json\/wp\/v2\/types\/page"}],"author":[{"embeddable":true,"href":"https:\/\/transfereurope.com\/sk\/wp-json\/wp\/v2\/users\/1"}],"replies":[{"embeddable":true,"href":"https:\/\/transfereurope.com\/sk\/wp-json\/wp\/v2\/comments?post=33040"}],"version-history":[{"count":0,"href":"https:\/\/transfereurope.com\/sk\/wp-json\/wp\/v2\/pages\/33040\/revisions"}],"up":[{"embeddable":true,"href":"https:\/\/transfereurope.com\/sk\/wp-json\/wp\/v2\/pages\/18891"}],"wp:featuredmedia":[{"embeddable":true,"href":"https:\/\/transfereurope.com\/sk\/wp-json\/wp\/v2\/media\/33041"}],"wp:attachment":[{"href":"https:\/\/transfereurope.com\/sk\/wp-json\/wp\/v2\/media?parent=33040"}],"curies":[{"name":"wp","href":"https:\/\/api.w.org\/{rel}","templated":true}]}}