{"id":32080,"date":"2025-08-04T22:44:07","date_gmt":"2025-08-04T22:44:07","guid":{"rendered":"https:\/\/transfereurope.com\/transfery-z-bratislavy-do-viedne\/"},"modified":"2025-08-04T22:44:07","modified_gmt":"2025-08-04T22:44:07","slug":"transfery-z-bratislavy-do-viedne","status":"publish","type":"page","link":"https:\/\/transfereurope.com\/sk\/destinacie\/vieden\/transfery-z-bratislavy-do-viedne\/","title":{"rendered":"Transfer z Bratislavy do Viedne"},"content":{"rendered":"\n<div id=\"t4-masthead\" class=\"t4-section  t4-masthead\">\n<div class=\"t4-col text-center\">\n<div class=\"ja-masthead\" >\n<div class=\"ja-masthead-detail\">\n<h1 class=\"ja-masthead-title\">Transfer z Bratislavy do Viedne<\/h1>\n<p>                 <!---->            <\/p>\n<div class=\"block-breadcrumb\">                       <\/div>\n<\/p><\/div>\n<\/p><\/div>\n<pre><\/pre>\n<\/div>\n<\/div>\n<div id=\"t4-main-body\" class=\"t4-section  t4-main-body\" role=\"main body\">\n<div class=\"t4-section-inner container\">\n<div class=\"t4-row row\">\n<div class=\"t4-col col-12 col-xl\">\n<div id=\"system-message-container\"> \t<\/div>\n<div class=\"com-content-article item-page view-tour-detail\">\n<div class=\"tour-top-info clearfix\">\n<div class=\"pull-left\">\n<div class=\"category-article-dot\">\n<div class=\"category-name\"> \t\t\t\t\t<a href=\"\/sk\/destinacie\/vieden\" itemprop=\"genre\">Transfery Viede\u0148<\/a> \t\t\t\t<\/div>\n<\/p><\/div>\n<\/p><\/div>\n<div class=\"pull-right\">\n<div class=\"text-danger tour-price\"> \t\t\t\t\t\t<a href=\"\/sk\/rezervovat-transfer\">Rezervova\u0165<\/a><\/div>\n<\/p><\/div>\n<\/p><\/div>\n<p>  \t <!--\t-->  \t<\/p>\n<div class=\"vm-product-container\">\n<figure class=\"pull-left item-image\">\n<div class=\"main-image\"> \t\t<a title=\"From Bratislava to Vienna Transfers\" rel='vm-additional-images' href=\"\/images\/virtuemart\/product\/Europe Destinations Transfers (3).jpg\"><img decoding=\"async\"  loading=\"lazy\"  src=\"\/wp-content\/uploads\/2025\/08\/Europe-Destinations-Transfers-3-8.jpg\"  alt=\"From Bratislava to Vienna Transfers\"  \/><\/a>\t\t<\/p>\n<div class=\"clear\"><\/div>\n<\/p><\/div>\n<\/figure>\n<div class=\"vm-product-details-container\">\n<div class=\"spacer-buy-area\">    \t\t \t\t<\/div>\n<\/p><\/div>\n<div class=\"clear\"><\/div>\n<\/p><\/div>\n<div class=\"product-description\" >\n<div class=\"book-now mt-5\" style=\"text-align: left;\">\n<h2 style=\"text-align: center;\">Transfer z Bratislavy do Viedne: Va\u0161a br\u00e1na k cestovaniu bez n\u00e1mahy<\/h2>\n<p>Pl\u00e1nujete cestu z Bratislavy do Viedne? Objavte jednoduchos\u0165 transferov z Bratislavy do Viedne. Na\u0161a \u0161pi\u010dkov\u00e1 prepravn\u00e1 slu\u017eba z Bratislavy do Viedne v\u00e1m pon\u00faka bezprobl\u00e9mov\u00e9 cestovanie. \u010ci u\u017e cestujete za z\u00e1bavou, obchodom alebo z ak\u00e9hoko\u013evek in\u00e9ho d\u00f4vodu, na\u0161e transfery z Bratislavy do Viedne zaistia, \u017ee va\u0161a cesta prebehne hladko, pohodlne a v\u010das.<\/p>\n<p style=\"text-align: center;\"><a class=\"btn btn-primary\" href=\"\/sk\/rezervovat-transfer\">Rezervova\u0165<\/a><\/p>\n<p style=\"text-align: center;\"><span style=\"font-weight: 400;\"><img decoding=\"async\" src=\"\/wp-content\/uploads\/2025\/08\/From_Munich_to_Vienna_Transfers-4.jpg\" alt=\"\" \/><\/span><\/p>\n<h2 style=\"text-align: center;\">Pre\u010do sa rozhodn\u00fa\u0165 pre na\u0161e prepravn\u00e9 slu\u017eby z Bratislavy do Viedne?<\/h2>\n<p><strong>Priame a pohodln\u00e9 cestovanie:<\/strong> Rozl\u00fa\u010dte sa s \u0165a\u017ekos\u0165ami s navig\u00e1ciou v MHD alebo \u010dakan\u00edm na spoje. Na\u0161e priame transfery z Bratislavy do Viedne poskytuj\u00fa bezprobl\u00e9mov\u00fa slu\u017ebu od dver\u00ed k dver\u00e1m, \u010do v\u00e1m umo\u017en\u00ed odd\u00fdchnu\u0165 si a u\u017ei\u0165 si cestu.<\/p>\n<p><strong>Flexibiln\u00e9 mo\u017enosti rezerv\u00e1cie:<\/strong> V\u010faka na\u0161ej jednoducho pou\u017eite\u013enej rezerva\u010dnej platforme je zabezpe\u010denie v\u00e1\u0161ho transferu z Bratislavy do Viedne jednoduch\u00e9. Vyberte si z r\u00f4znych mo\u017enost\u00ed vozidiel, ktor\u00e9 zodpovedaj\u00fa v\u00e1\u0161mu osobn\u00e9mu \u0161t\u00fdlu cestovania a po\u017eiadavk\u00e1m.<\/p>\n<p><strong>Profesion\u00e1lny a spo\u013eahliv\u00fd servis:<\/strong> N\u00e1\u0161 z\u00e1v\u00e4zok k dokonalosti zais\u0165uje, \u017ee v\u00e1\u0161 transfer z Bratislavy do Viedne je v ruk\u00e1ch profesion\u00e1lnych vodi\u010dov. Za\u017eite presnos\u0165, bezpe\u010dnos\u0165 a pohodlie s na\u0161imi vysoko hodnoten\u00fdmi prepravn\u00fdmi slu\u017ebami.<\/p>\n<p style=\"text-align: center;\"><a class=\"btn btn-primary\" href=\"\/sk\/rezervovat-transfer\">Rezervova\u0165<\/a><\/p>\n<p style=\"text-align: center;\"><img decoding=\"async\" src=\"\/wp-content\/uploads\/2025\/08\/From_Munich_to_Vienna_Transfer-4.jpg\" alt=\"\" \/><\/p>\n<h3 style=\"text-align: center;\">S\u00fakromn\u00e9 \u200b\u200btransfery z Bratislavy do Viedne pre ka\u017ed\u00e9ho cestuj\u00faceho<\/h3>\n<ul>\n<li>Samostatn\u00ed cestuj\u00faci a skupiny: \u010ci u\u017e cestujete s\u00f3lo alebo so skupinou, na\u0161e prepravn\u00e9 slu\u017eby navrhnut\u00e9 z Bratislavy do Viedne vyhovej\u00fa va\u0161im potreb\u00e1m. Vyberte si z luxusn\u00fdch sedanov, priestrann\u00fdch minivanov alebo pohodln\u00fdch autobusov.<\/li>\n<li>Dostupn\u00e9 sc\u00e9nick\u00e9 trasy: Rozhodnite sa obohati\u0165 svoj transfer z Bratislavy do Viedne o malebn\u00fa trasu. U\u017eite si \u00fachvatn\u00e9 v\u00fdh\u013eady a malebn\u00e9 zast\u00e1vky na ceste, v\u010faka \u010domu bude va\u0161a cesta medzi t\u00fdmito dvoma mestami nezabudnute\u013en\u00fdm z\u00e1\u017eitkom.<\/li>\n<\/ul>\n<h3 style=\"text-align: center;\">Rezervujte si transfer z Bratislavy do Viedne e\u0161te dnes<\/h3>\n<p>Rezerv\u00e1cia transferu z Bratislavy do Viedne nebola nikdy jednoduch\u0161ia. Nav\u0161t\u00edvte na\u0161u webov\u00fa str\u00e1nku, vyberte si preferovan\u00e9 vozidlo a zabezpe\u010dte si miesto pre bezstarostn\u00fd transfer. Na\u0161a z\u00e1kazn\u00edcka podpora je k dispoz\u00edcii 24 hod\u00edn denne, 7 dn\u00ed v t\u00fd\u017edni, aby v\u00e1m pomohla s ak\u00fdmiko\u013evek ot\u00e1zkami alebo \u0161peci\u00e1lnymi po\u017eiadavkami.<\/p>\n<p style=\"text-align: center;\"><a class=\"btn btn-primary\" href=\"\/sk\/rezervovat-transfer\">Rezervova\u0165<\/a><\/p>\n<p style=\"text-align: center;\"><img decoding=\"async\" src=\"\/wp-content\/uploads\/2025\/08\/Transfers_Munich_Vienna-4.jpg\" alt=\"\" \/><\/p>\n<h3 style=\"text-align: center;\">Za\u017eite to najlep\u0161ie s na\u0161imi prepravn\u00fdmi slu\u017ebami z Bratislavy do Viedne<\/h3>\n<p>N\u00e1\u0161 z\u00e1v\u00e4zok poskytova\u0165 vynikaj\u00face transferov\u00e9 slu\u017eby znamen\u00e1, \u017ee ke\u010f si n\u00e1s vyberiete na cestu z Bratislavy do Viedne, m\u00f4\u017eete o\u010dak\u00e1va\u0165 len to najlep\u0161ie. U\u017eite si v\u00fdhody transferu bez stresu a viac \u010dasu na pl\u00e1novanie aktiv\u00edt vo Viedni. Pon\u00fakame V\u00e1m pohodln\u00fd <a href=\"\/sk\/destinacie\/vieden\">transfer z Viedne<\/a> alebo <a href=\"\/sk\/destinacie\/vieden\/transfer-letisko-vieden\">z letiska Viede\u0148 transfer<\/a> do Bratislavy.<\/p>\n<h3 style=\"text-align: center;\">Rezervujte si transfer z Bratislavy do Viedne u\u017e teraz<\/h3>\n<p>Nenechajte svoje cestovate\u013esk\u00e9 pl\u00e1ny na n\u00e1hodu. Rezervujte si u n\u00e1s transfer z Bratislavy do Viedne e\u0161te dnes a vst\u00fapte do sveta komfortu, pohodlia a spo\u013eahlivosti. Vyu\u017eite svoj v\u00fdlet medzi t\u00fdmito ikonick\u00fdmi mestami na maximum s na\u0161ou jedine\u010dnou slu\u017ebou dopravy.<\/p>\n<p style=\"text-align: center;\"><a class=\"btn btn-primary\" href=\"\/sk\/rezervovat-transfer\">Rezervova\u0165<\/a><\/p>\n<\/p><\/div>\n<div id=\"gtx-trans\" style=\"position: absolute; left: 241px; top: 2622.61px;\">\u00a0<\/div>\n<\/p><\/div>\n<div class=\"product-price-container\">\n<div class=\"sale-price\"> \t\t<\/div>\n<\/p><\/div>\n<div class=\"options\"><\/div>\n<div> \t\t<\/div>\n<p>   \t        <script type=\"text\/javascript\" ><\/script>  <script type=\"text\/javascript\" ><\/script> <script type=\"text\/javascript\" ><\/script>  <script type=\"text\/javascript\" ><\/script> <script type=\"text\/javascript\" ><\/script> <script type=\"text\/javascript\" ><\/script> <script type=\"text\/javascript\" ><\/script> <\/div>\n<p> \t\t<!-- \u041f\u043b\u0430\u0433\u0438\u043d \u0440\u0435\u0439\u0442\u0438\u043d\u0433\u0430 --> <\/p>\n<div class=\"vrvote-body\">\n<ul class=\"vrvote-ul\">\n<li id=\"rating_280\" class=\"current-rating\" style=\"width:100.00%;\"><\/li>\n<li> \t\t\t\t\t\t<a class=\"vr-one-star\" onclick=\"javascript:JSVRvote(280,1,50,10,0)\" href=\"javascript:void(null)\">1<\/a> \t\t\t\t\t<\/li>\n<li> \t\t\t\t\t\t<a class=\"vr-two-stars\" onclick=\"javascript:JSVRvote(280,2,50,10,0)\" href=\"javascript:void(null)\">2<\/a> \t\t\t\t\t<\/li>\n<li> \t\t\t\t\t\t<a class=\"vr-three-stars\" onclick=\"javascript:JSVRvote(280,3,50,10,0)\" href=\"javascript:void(null)\">3<\/a> \t\t\t\t\t<\/li>\n<li> \t\t\t\t\t\t<a class=\"vr-four-stars\" onclick=\"javascript:JSVRvote(280,4,50,10,0)\" href=\"javascript:void(null)\">4<\/a> \t\t\t\t\t<\/li>\n<li> \t\t\t\t\t\t<a class=\"vr-five-stars\" onclick=\"javascript:JSVRvote(280,5,50,10,0)\" href=\"javascript:void(null)\">5<\/a> \t\t\t\t\t<\/li>\n<\/ul><\/div>\n<p> \t\t\t<span id=\"vrvote_280\" class=\"vrvote-count\"><small><\/small><\/span>\t<\/span><script type=\"application\/ld+json\"><\/script>   <\/div>\n<div class=\"t4-col sidebar-r col-12 col-xl-4\">\n<div class=\"t4-module module\" id=\"Mod306\">\n<div class=\"module-inner\">\n<div class=\"module-ct\">\n<div class=\"bannergroup\">\n<div class=\"banneritem\"> \t\t\t\t\t\t\t\t\t\t\t\t\t\t\t\t\t\t\t\t\t\t\t\t\t\t\t\t\t\t\t\t\t\t\t\t\t\t\t\t\t\t\t\t\t\t\t\t\t\t<img \t\t\t\t\t\tsrc=\"\/wp-content\/uploads\/2025\/08\/banner-transfer-europe-sk-74.png\" \t\t\t\t\t\talt=\"Banner-sk\" \t\t\t\t\t\t\t\t\t\t\t\t\t\t\t\t\t\/> \t\t\t\t\t\t\t\t\t\t\t<\/p>\n<div class=\"clr\"><\/div>\n<\/p><\/div>\n<\/p><\/div>\n<\/p><\/div>\n<\/div>\n<\/div><\/div>\n<\/p><\/div>\n<\/div><\/div>\n<div id=\"t4-section-8\" class=\"t4-section  t4-section-8  section-border-top\" role=\"section-8\">\n<div class=\"bg-overlay bg-overlay-image\">&nbsp;<\/div>\n<\/p><\/div>\n<p>  <a href='javascript:' id='back-to-top'><i class='fa fa-chevron-up'><\/i><\/a>                <\/p>\n","protected":false},"excerpt":{"rendered":"<p>Transfer z Bratislavy do Viedne Transfery Viede\u0148 Rezervova\u0165 Transfer z Bratislavy do Viedne: Va\u0161a br\u00e1na k cestovaniu bez n\u00e1mahy Pl\u00e1nujete cestu z Bratislavy do Viedne? Objavte jednoduchos\u0165 transferov z Bratislavy do Viedne. Na\u0161a \u0161pi\u010dkov\u00e1 prepravn\u00e1 slu\u017eba z Bratislavy do Viedne v\u00e1m pon\u00faka bezprobl\u00e9mov\u00e9 cestovanie. \u010ci u\u017e cestujete za z\u00e1bavou, obchodom alebo z ak\u00e9hoko\u013evek in\u00e9ho d\u00f4vodu, [&hellip;]<\/p>\n","protected":false},"author":1,"featured_media":32081,"parent":18891,"menu_order":0,"comment_status":"closed","ping_status":"closed","template":"","meta":{"footnotes":""},"class_list":["post-32080","page","type-page","status-publish","has-post-thumbnail","hentry"],"yoast_head":"<!-- This site is optimized with the Yoast SEO plugin v25.6 - https:\/\/yoast.com\/wordpress\/plugins\/seo\/ -->\n<title>Transfery z Bratislavy do Viedne \u2013 rezervujte teraz!<\/title>\n<meta name=\"description\" content=\"Va\u0161a najlep\u0161ia cesta s na\u0161ou slu\u017ebou dopravy z Bratislavy do Viedne. Cenovo dostupn\u00e9, spo\u013eahliv\u00e9 a pohodln\u00e9. Zavolajte n\u00e1m \u260e +421 940 904 184 a rezervujte si\" \/>\n<meta name=\"robots\" content=\"index, follow, max-snippet:-1, max-image-preview:large, max-video-preview:-1\" \/>\n<link rel=\"canonical\" href=\"https:\/\/transfereurope.com\/sk\/destinacie\/vieden\/transfery-z-bratislavy-do-viedne\/\" \/>\n<meta property=\"og:locale\" content=\"sk_SK\" \/>\n<meta property=\"og:type\" content=\"article\" \/>\n<meta property=\"og:title\" content=\"Transfery z Bratislavy do Viedne \u2013 rezervujte teraz!\" \/>\n<meta property=\"og:description\" content=\"Va\u0161a najlep\u0161ia cesta s na\u0161ou slu\u017ebou dopravy z Bratislavy do Viedne. Cenovo dostupn\u00e9, spo\u013eahliv\u00e9 a pohodln\u00e9. Zavolajte n\u00e1m \u260e +421 940 904 184 a rezervujte si\" \/>\n<meta property=\"og:url\" content=\"https:\/\/transfereurope.com\/sk\/destinacie\/vieden\/transfery-z-bratislavy-do-viedne\/\" \/>\n<meta property=\"og:site_name\" content=\"transfereurope\" \/>\n<meta property=\"og:image\" content=\"https:\/\/transfereurope.com\/wp-content\/uploads\/2025\/08\/Europe-Destinations-Transfers-3-8-1.jpg\" \/>\n\t<meta property=\"og:image:width\" content=\"1500\" \/>\n\t<meta property=\"og:image:height\" content=\"2000\" \/>\n\t<meta property=\"og:image:type\" content=\"image\/jpeg\" \/>\n<meta name=\"twitter:card\" content=\"summary_large_image\" \/>\n<meta name=\"twitter:label1\" content=\"Predpokladan\u00fd \u010das \u010d\u00edtania\" \/>\n\t<meta name=\"twitter:data1\" content=\"3 min\u00faty\" \/>\n<script type=\"application\/ld+json\" class=\"yoast-schema-graph\">{\"@context\":\"https:\/\/schema.org\",\"@graph\":[{\"@type\":\"WebPage\",\"@id\":\"https:\/\/transfereurope.com\/sk\/destinacie\/vieden\/transfery-z-bratislavy-do-viedne\/\",\"url\":\"https:\/\/transfereurope.com\/sk\/destinacie\/vieden\/transfery-z-bratislavy-do-viedne\/\",\"name\":\"Transfery z Bratislavy do Viedne \u2013 rezervujte teraz!\",\"isPartOf\":{\"@id\":\"https:\/\/transfereurope.com\/sk\/#website\"},\"primaryImageOfPage\":{\"@id\":\"https:\/\/transfereurope.com\/sk\/destinacie\/vieden\/transfery-z-bratislavy-do-viedne\/#primaryimage\"},\"image\":{\"@id\":\"https:\/\/transfereurope.com\/sk\/destinacie\/vieden\/transfery-z-bratislavy-do-viedne\/#primaryimage\"},\"thumbnailUrl\":\"https:\/\/transfereurope.com\/wp-content\/uploads\/2025\/08\/Europe-Destinations-Transfers-3-8-1.jpg\",\"datePublished\":\"2025-08-04T22:44:07+00:00\",\"description\":\"Va\u0161a najlep\u0161ia cesta s na\u0161ou slu\u017ebou dopravy z Bratislavy do Viedne. Cenovo dostupn\u00e9, spo\u013eahliv\u00e9 a pohodln\u00e9. Zavolajte n\u00e1m \u260e +421 940 904 184 a rezervujte si\",\"breadcrumb\":{\"@id\":\"https:\/\/transfereurope.com\/sk\/destinacie\/vieden\/transfery-z-bratislavy-do-viedne\/#breadcrumb\"},\"inLanguage\":\"sk-SK\",\"potentialAction\":[{\"@type\":\"ReadAction\",\"target\":[\"https:\/\/transfereurope.com\/sk\/destinacie\/vieden\/transfery-z-bratislavy-do-viedne\/\"]}]},{\"@type\":\"ImageObject\",\"inLanguage\":\"sk-SK\",\"@id\":\"https:\/\/transfereurope.com\/sk\/destinacie\/vieden\/transfery-z-bratislavy-do-viedne\/#primaryimage\",\"url\":\"https:\/\/transfereurope.com\/wp-content\/uploads\/2025\/08\/Europe-Destinations-Transfers-3-8-1.jpg\",\"contentUrl\":\"https:\/\/transfereurope.com\/wp-content\/uploads\/2025\/08\/Europe-Destinations-Transfers-3-8-1.jpg\",\"width\":1500,\"height\":2000},{\"@type\":\"BreadcrumbList\",\"@id\":\"https:\/\/transfereurope.com\/sk\/destinacie\/vieden\/transfery-z-bratislavy-do-viedne\/#breadcrumb\",\"itemListElement\":[{\"@type\":\"ListItem\",\"position\":1,\"name\":\"Home\",\"item\":\"https:\/\/transfereurope.com\/sk\/\"},{\"@type\":\"ListItem\",\"position\":2,\"name\":\"Transfer z Bratislavy do Viedne\"}]},{\"@type\":\"WebSite\",\"@id\":\"https:\/\/transfereurope.com\/sk\/#website\",\"url\":\"https:\/\/transfereurope.com\/sk\/\",\"name\":\"transfereurope\",\"description\":\"\",\"publisher\":{\"@id\":\"https:\/\/transfereurope.com\/sk\/#organization\"},\"potentialAction\":[{\"@type\":\"SearchAction\",\"target\":{\"@type\":\"EntryPoint\",\"urlTemplate\":\"https:\/\/transfereurope.com\/sk\/?s={search_term_string}\"},\"query-input\":{\"@type\":\"PropertyValueSpecification\",\"valueRequired\":true,\"valueName\":\"search_term_string\"}}],\"inLanguage\":\"sk-SK\"},{\"@type\":\"Organization\",\"@id\":\"https:\/\/transfereurope.com\/sk\/#organization\",\"name\":\"transfereurope\",\"url\":\"https:\/\/transfereurope.com\/sk\/\",\"logo\":{\"@type\":\"ImageObject\",\"inLanguage\":\"sk-SK\",\"@id\":\"https:\/\/transfereurope.com\/sk\/#\/schema\/logo\/image\/\",\"url\":\"https:\/\/transfereurope.com\/wp-content\/uploads\/2025\/08\/TRANSFERS-1655.png\",\"contentUrl\":\"https:\/\/transfereurope.com\/wp-content\/uploads\/2025\/08\/TRANSFERS-1655.png\",\"width\":500,\"height\":274,\"caption\":\"transfereurope\"},\"image\":{\"@id\":\"https:\/\/transfereurope.com\/sk\/#\/schema\/logo\/image\/\"}}]}<\/script>\n<!-- \/ Yoast SEO plugin. -->","yoast_head_json":{"title":"Transfery z Bratislavy do Viedne \u2013 rezervujte teraz!","description":"Va\u0161a najlep\u0161ia cesta s na\u0161ou slu\u017ebou dopravy z Bratislavy do Viedne. Cenovo dostupn\u00e9, spo\u013eahliv\u00e9 a pohodln\u00e9. Zavolajte n\u00e1m \u260e +421 940 904 184 a rezervujte si","robots":{"index":"index","follow":"follow","max-snippet":"max-snippet:-1","max-image-preview":"max-image-preview:large","max-video-preview":"max-video-preview:-1"},"canonical":"https:\/\/transfereurope.com\/sk\/destinacie\/vieden\/transfery-z-bratislavy-do-viedne\/","og_locale":"sk_SK","og_type":"article","og_title":"Transfery z Bratislavy do Viedne \u2013 rezervujte teraz!","og_description":"Va\u0161a najlep\u0161ia cesta s na\u0161ou slu\u017ebou dopravy z Bratislavy do Viedne. Cenovo dostupn\u00e9, spo\u013eahliv\u00e9 a pohodln\u00e9. Zavolajte n\u00e1m \u260e +421 940 904 184 a rezervujte si","og_url":"https:\/\/transfereurope.com\/sk\/destinacie\/vieden\/transfery-z-bratislavy-do-viedne\/","og_site_name":"transfereurope","og_image":[{"width":1500,"height":2000,"url":"https:\/\/transfereurope.com\/wp-content\/uploads\/2025\/08\/Europe-Destinations-Transfers-3-8-1.jpg","type":"image\/jpeg"}],"twitter_card":"summary_large_image","twitter_misc":{"Predpokladan\u00fd \u010das \u010d\u00edtania":"3 min\u00faty"},"schema":{"@context":"https:\/\/schema.org","@graph":[{"@type":"WebPage","@id":"https:\/\/transfereurope.com\/sk\/destinacie\/vieden\/transfery-z-bratislavy-do-viedne\/","url":"https:\/\/transfereurope.com\/sk\/destinacie\/vieden\/transfery-z-bratislavy-do-viedne\/","name":"Transfery z Bratislavy do Viedne \u2013 rezervujte teraz!","isPartOf":{"@id":"https:\/\/transfereurope.com\/sk\/#website"},"primaryImageOfPage":{"@id":"https:\/\/transfereurope.com\/sk\/destinacie\/vieden\/transfery-z-bratislavy-do-viedne\/#primaryimage"},"image":{"@id":"https:\/\/transfereurope.com\/sk\/destinacie\/vieden\/transfery-z-bratislavy-do-viedne\/#primaryimage"},"thumbnailUrl":"https:\/\/transfereurope.com\/wp-content\/uploads\/2025\/08\/Europe-Destinations-Transfers-3-8-1.jpg","datePublished":"2025-08-04T22:44:07+00:00","description":"Va\u0161a najlep\u0161ia cesta s na\u0161ou slu\u017ebou dopravy z Bratislavy do Viedne. Cenovo dostupn\u00e9, spo\u013eahliv\u00e9 a pohodln\u00e9. Zavolajte n\u00e1m \u260e +421 940 904 184 a rezervujte si","breadcrumb":{"@id":"https:\/\/transfereurope.com\/sk\/destinacie\/vieden\/transfery-z-bratislavy-do-viedne\/#breadcrumb"},"inLanguage":"sk-SK","potentialAction":[{"@type":"ReadAction","target":["https:\/\/transfereurope.com\/sk\/destinacie\/vieden\/transfery-z-bratislavy-do-viedne\/"]}]},{"@type":"ImageObject","inLanguage":"sk-SK","@id":"https:\/\/transfereurope.com\/sk\/destinacie\/vieden\/transfery-z-bratislavy-do-viedne\/#primaryimage","url":"https:\/\/transfereurope.com\/wp-content\/uploads\/2025\/08\/Europe-Destinations-Transfers-3-8-1.jpg","contentUrl":"https:\/\/transfereurope.com\/wp-content\/uploads\/2025\/08\/Europe-Destinations-Transfers-3-8-1.jpg","width":1500,"height":2000},{"@type":"BreadcrumbList","@id":"https:\/\/transfereurope.com\/sk\/destinacie\/vieden\/transfery-z-bratislavy-do-viedne\/#breadcrumb","itemListElement":[{"@type":"ListItem","position":1,"name":"Home","item":"https:\/\/transfereurope.com\/sk\/"},{"@type":"ListItem","position":2,"name":"Transfer z Bratislavy do Viedne"}]},{"@type":"WebSite","@id":"https:\/\/transfereurope.com\/sk\/#website","url":"https:\/\/transfereurope.com\/sk\/","name":"transfereurope","description":"","publisher":{"@id":"https:\/\/transfereurope.com\/sk\/#organization"},"potentialAction":[{"@type":"SearchAction","target":{"@type":"EntryPoint","urlTemplate":"https:\/\/transfereurope.com\/sk\/?s={search_term_string}"},"query-input":{"@type":"PropertyValueSpecification","valueRequired":true,"valueName":"search_term_string"}}],"inLanguage":"sk-SK"},{"@type":"Organization","@id":"https:\/\/transfereurope.com\/sk\/#organization","name":"transfereurope","url":"https:\/\/transfereurope.com\/sk\/","logo":{"@type":"ImageObject","inLanguage":"sk-SK","@id":"https:\/\/transfereurope.com\/sk\/#\/schema\/logo\/image\/","url":"https:\/\/transfereurope.com\/wp-content\/uploads\/2025\/08\/TRANSFERS-1655.png","contentUrl":"https:\/\/transfereurope.com\/wp-content\/uploads\/2025\/08\/TRANSFERS-1655.png","width":500,"height":274,"caption":"transfereurope"},"image":{"@id":"https:\/\/transfereurope.com\/sk\/#\/schema\/logo\/image\/"}}]}},"_links":{"self":[{"href":"https:\/\/transfereurope.com\/sk\/wp-json\/wp\/v2\/pages\/32080","targetHints":{"allow":["GET"]}}],"collection":[{"href":"https:\/\/transfereurope.com\/sk\/wp-json\/wp\/v2\/pages"}],"about":[{"href":"https:\/\/transfereurope.com\/sk\/wp-json\/wp\/v2\/types\/page"}],"author":[{"embeddable":true,"href":"https:\/\/transfereurope.com\/sk\/wp-json\/wp\/v2\/users\/1"}],"replies":[{"embeddable":true,"href":"https:\/\/transfereurope.com\/sk\/wp-json\/wp\/v2\/comments?post=32080"}],"version-history":[{"count":0,"href":"https:\/\/transfereurope.com\/sk\/wp-json\/wp\/v2\/pages\/32080\/revisions"}],"up":[{"embeddable":true,"href":"https:\/\/transfereurope.com\/sk\/wp-json\/wp\/v2\/pages\/18891"}],"wp:featuredmedia":[{"embeddable":true,"href":"https:\/\/transfereurope.com\/sk\/wp-json\/wp\/v2\/media\/32081"}],"wp:attachment":[{"href":"https:\/\/transfereurope.com\/sk\/wp-json\/wp\/v2\/media?parent=32080"}],"curies":[{"name":"wp","href":"https:\/\/api.w.org\/{rel}","templated":true}]}}