{"id":31849,"date":"2025-08-04T22:42:34","date_gmt":"2025-08-04T22:42:34","guid":{"rendered":"https:\/\/transfereurope.com\/transfer-z-viedne-do-hallstattu\/"},"modified":"2025-08-04T22:42:34","modified_gmt":"2025-08-04T22:42:34","slug":"transfer-z-viedne-do-hallstattu","status":"publish","type":"page","link":"https:\/\/transfereurope.com\/sk\/destinacie\/vieden\/transfer-z-viedne-do-hallstattu\/","title":{"rendered":"Transfer z Viedne do Hallstattu"},"content":{"rendered":"\n<div id=\"t4-masthead\" class=\"t4-section  t4-masthead\">\n<div class=\"t4-col text-center\">\n<div class=\"ja-masthead\" >\n<div class=\"ja-masthead-detail\">\n<h1 class=\"ja-masthead-title\">Transfer z Viedne do Hallstattu<\/h1>\n<p>                 <!---->            <\/p>\n<div class=\"block-breadcrumb\">\n<div class=\"moduletable\">\n<div aria-label=\"Breadcrumbs\" role=\"navigation\">\n<ul  class=\"breadcrumb\">\n<li class=\"active\"> \t\t\t\t<span class=\"fas fa-map-marker-alt home-map\"><\/span> \t\t\t<\/li>\n<li itemprop='itemListElement' > \t\t\t\t\t\t\t\t\t\t\t<a  href=\"\/sk\/\" class=\"pathway\"><span itemprop=\"name\">Hlavn\u00e1 str\u00e1nka<\/span><\/a> \t\t\t\t\t \t\t\t\t\t\t\t\t\t\t\t<span class=\"divider\"> \t\t\t\t\t\t\t<i class=\"fa fa-angle-double-right\" aria-hidden=\"true\"><\/i> \t\t\t\t\t\t<\/span> \t\t\t\t\t\t\t\t\t\t<meta  content=\"1\"> \t\t\t\t<\/li>\n<li itemprop='itemListElement' > \t\t\t\t\t\t\t\t\t\t\t<a  href=\"\/sk\/destinacie\" class=\"pathway\"><span itemprop=\"name\">Destin\u00e1cie<\/span><\/a> \t\t\t\t\t \t\t\t\t\t\t\t\t\t\t\t<span class=\"divider\"> \t\t\t\t\t\t\t<i class=\"fa fa-angle-double-right\" aria-hidden=\"true\"><\/i> \t\t\t\t\t\t<\/span> \t\t\t\t\t\t\t\t\t\t<meta  content=\"2\"> \t\t\t\t<\/li>\n<li itemprop='itemListElement' > \t\t\t\t\t\t\t\t\t\t\t<a  href=\"\/sk\/destinacie\/vieden\" class=\"pathway\"><span itemprop=\"name\">Viede\u0148<\/span><\/a> \t\t\t\t\t \t\t\t\t\t\t\t\t\t\t\t<span class=\"divider\"> \t\t\t\t\t\t\t<i class=\"fa fa-angle-double-right\" aria-hidden=\"true\"><\/i> \t\t\t\t\t\t<\/span> \t\t\t\t\t\t\t\t\t\t<meta  content=\"3\"> \t\t\t\t<\/li>\n<li   class=\"active\"> \t\t\t\t\t<span itemprop=\"name\"> \t\t\t\t\t\tTransfer z Viedne do Hallstattu\t\t\t\t\t<\/span> \t\t\t\t\t<meta  content=\"4\"> \t\t\t\t<\/li>\n<\/ul><\/div>\n<\/p><\/div>\n<\/p><\/div>\n<\/p><\/div>\n<\/p><\/div>\n<pre><\/pre>\n<\/div>\n<\/div>\n<div id=\"t4-main-body\" class=\"t4-section  t4-main-body\" role=\"main body\">\n<div class=\"t4-section-inner container\">\n<div class=\"t4-row row\">\n<div class=\"t4-col col-12 col-xl\">\n<div id=\"system-message-container\"> \t<\/div>\n<div class=\"com-content-article item-page view-tour-detail\">\n<div class=\"tour-top-info clearfix\">\n<div class=\"pull-left\">\n<div class=\"category-article-dot\">\n<div class=\"category-name\"> \t\t\t\t\t<a href=\"\/sk\/destinacie\/vieden\" itemprop=\"genre\">Transfery Viede\u0148<\/a> \t\t\t\t<\/div>\n<\/p><\/div>\n<\/p><\/div>\n<div class=\"pull-right\">\n<div class=\"text-danger tour-price\"> \t\t\t\t\t\t<a href=\"\/sk\/rezervovat-transfer\">Rezervova\u0165<\/a><\/div>\n<\/p><\/div>\n<\/p><\/div>\n<p>  \t <!--\t-->  \t<\/p>\n<div class=\"vm-product-container\">\n<figure class=\"pull-left item-image\">\n<div class=\"main-image\"> \t\t<a title=\"Vienna to Hallstatt Transfer Service\" rel='vm-additional-images' href=\"\/images\/virtuemart\/product\/Europe Destinations Transfers (1)41.jpg\"><img decoding=\"async\"  loading=\"lazy\"  src=\"\/wp-content\/uploads\/2025\/08\/Europe-Destinations-Transfers-141-2.jpg\"  alt=\"Vienna to Hallstatt Transfer Service\"  \/><\/a>\t\t<\/p>\n<div class=\"clear\"><\/div>\n<\/p><\/div>\n<\/figure>\n<div class=\"vm-product-details-container\">\n<div class=\"spacer-buy-area\">    \t\t \t\t<\/div>\n<\/p><\/div>\n<div class=\"clear\"><\/div>\n<\/p><\/div>\n<div class=\"product-description\" >\n<div class=\"book-now mt-5\" style=\"text-align: left;\">\n<p>Pl\u00e1nujete v\u00fdlet z pulzuj\u00faceho historick\u00e9ho mesta Viede\u0148 do malebnej dedinky Hallstatt? Neh\u013eadajte u\u017e \u017eiadne \u010fal\u0161ie rie\u0161enie pre bezprobl\u00e9mov\u00fa prepravu. Na\u0161a slu\u017eba transferu z Viedne do Hallstattu je tu, aby v\u00e1m cestu \u010do najviac u\u013eah\u010dila a spr\u00edjemnila.<\/p>\n<p>Na\u0161e \u0161pi\u010dkov\u00e9 prepravn\u00e9 slu\u017eby s\u00fa navrhnut\u00e9 tak, aby uspokojili v\u0161etky va\u0161e potreby. Ch\u00e1peme, \u017ee va\u0161a cesta by mala by\u0165 o spozn\u00e1van\u00ed kr\u00e1s Rak\u00faska, nie o starostiach s logistikou. Preto v\u00e1m pon\u00fakame slu\u017eby s\u00fakromn\u00e9ho vodi\u010da a pren\u00e1jom auta, ktor\u00e9 v\u00e1m zabezpe\u010dia cestovanie vo ve\u013ekom \u0161t\u00fdle, pohodl\u00ed a s \u00fapln\u00fdm pokojom.<\/p>\n<p style=\"text-align: center;\"><a class=\"btn btn-primary\" href=\"\/sk\/rezervovat-transfer\">Rezervova\u0165<\/a><\/p>\n<h2 style=\"text-align: center;\"><strong>Pre\u010do si vybra\u0165 n\u00e1\u0161 transfer z Viedne do Hallstattu?<\/strong><\/h2>\n<ul>\n<li><strong>Pohodlie:<\/strong>\u00a0Rozl\u00fa\u010dte sa s probl\u00e9mami s verejnou dopravou alebo pren\u00e1jmom auta. N\u00e1\u0161 s\u00fakromn\u00fd vodi\u010d v\u00e1s vyzdvihne na po\u017eadovanom mieste vo Viedni, \u010di u\u017e na letisku, v hoteli alebo na inom mieste pod\u013ea v\u00e1\u0161ho v\u00fdberu, a odvezie v\u00e1s priamo do Hallstattu.<\/li>\n<li><strong>Komfort:<\/strong>\u00a0N\u00e1\u0161 vozov\u00fd park dobre udr\u017eiavan\u00fdch vozidiel v\u00e1m zabezpe\u010d\u00ed pohodln\u00fa a pohodov\u00fa cestu. Vychutnajte si malebn\u00fa trasu z Viedne do Hallstattu bez stresu z jazdy autom.<\/li>\n<li><strong>Bezpe\u010dnos\u0165:<\/strong>\u00a0Kladieme d\u00f4raz na va\u0161u bezpe\u010dnos\u0165 a pokoj. Na\u0161i vodi\u010di s\u00fa sk\u00fasen\u00ed profesion\u00e1li, ktor\u00ed uprednost\u0148uj\u00fa va\u0161u bezpe\u010dnos\u0165, zatia\u013e \u010do na\u0161e vozidl\u00e1 s\u00fa pravidelne kontrolovan\u00e9 a udr\u017eiavan\u00e9 pod\u013ea najvy\u0161\u0161\u00edch \u0161tandardov.<\/li>\n<li><strong>Flexibilita:<\/strong>\u00a0Ch\u00e1peme, \u017ee cestovn\u00e9 pl\u00e1ny sa m\u00f4\u017eu zmeni\u0165. S na\u0161imi slu\u017ebami m\u00e1te mo\u017enos\u0165 flexibilne prisp\u00f4sobi\u0165 pl\u00e1n prepravy svojim potreb\u00e1m.<\/li>\n<li><strong>Z\u00e1\u017eitok bez stresu:<\/strong>\u00a0Nechajte logistiku na n\u00e1s. M\u00f4\u017eete sa s\u00fastredi\u0165 na vychutn\u00e1vanie \u00fachvatnej krajiny, o\u010daruj\u00facich dediniek a neuverite\u013en\u00fdch z\u00e1\u017eitkov, ktor\u00e9 Hallstatt pon\u00faka.<\/li>\n<\/ul>\n<p>\u010ci u\u017e cestujete na dovolenku, slu\u017eobne alebo na \u0161peci\u00e1lnu pr\u00edle\u017eitos\u0165, na\u0161a slu\u017eba transferu z Viedne do Hallstattu je ide\u00e1lnou vo\u013ebou pre efekt\u00edvnu a spo\u013eahliv\u00fa prepravu.<\/p>\n<h2 style=\"text-align: center;\">\u00a0<\/h2>\n<h2 style=\"text-align: center;\"><strong>Rezerv\u00e1cia transferu z Viedne do Hallstattu\u00a0<\/strong><\/h2>\n<p>Nedovo\u013ete, aby cesta zatienila v\u00e1\u0161 cie\u013e. Rezervujte si transfer z Viedne do Hallstattu s nami e\u0161te dnes a vychutnajte si kr\u00e1sy Rak\u00faska s pokojom, ktor\u00fd v\u00e1m poskytn\u00fa na\u0161e profesion\u00e1lne a \u0161pecializovan\u00e9 slu\u017eby.<\/p>\n<p style=\"text-align: center;\"><a class=\"btn btn-primary\" href=\"\/sk\/rezervovat-transfer\">Rezervova\u0165<\/a><\/p>\n<h2 style=\"text-align: center;\"><b>Ako sa dosta\u0165 z Viedne do Hallstattu<\/b><\/h2>\n<p>Cesta z Viedne do Hallstattu je cesta pln\u00e1 malebn\u00fdch kr\u00e1s a kult\u00farneho pozn\u00e1vania. Hallstatt, p\u00f4vabn\u00e1 dedinka le\u017eiaca v srdci rak\u00faskych \u00c1lp, je zn\u00e1ma svoj\u00edm malebn\u00fdm prostred\u00edm na brehu jazera a bohatou hist\u00f3riou. Tu sa dozviete, ako m\u00f4\u017eete t\u00fato cestu absolvova\u0165:<\/p>\n<h3>Automobilom<\/h3>\n<p>Ak d\u00e1vate prednos\u0165 flexibilite a mo\u017enosti spozn\u00e1va\u0165 krajinu vlastn\u00fdm tempom, pren\u00e1jom auta je v\u00fdbornou vo\u013ebou. Cesta z Viedne do Hallstattu je dlh\u00e1 pribli\u017ene 300 kilometrov a zvy\u010dajne trv\u00e1 pribli\u017ene 3,5 a\u017e 4,5 hodiny v z\u00e1vislosti od prem\u00e1vky a stavu vozovky. Budete cestova\u0165 \u00fachvatnou rak\u00faskou krajinou a cestou budete robi\u0165 zast\u00e1vky, aby ste zachytili kr\u00e1sy regi\u00f3nu.<\/p>\n<h3>Vlakom<\/h3>\n<p>Cesta vlakom z Viedne do Hallstattu pon\u00faka pohodln\u00fd a efekt\u00edvny sp\u00f4sob cestovania. Za\u010dnite vlakom z Viedne do Attnang-Puchheimu, ktor\u00fd je hlavn\u00fdm \u017eelezni\u010dn\u00fdm uzlom. Z Attnang-Puchheimu m\u00f4\u017eete nast\u00fapi\u0165 na pr\u00edpojn\u00fd vlak do Hallstattu. Cel\u00e1 cesta vlakom trv\u00e1 pribli\u017ene 3,5 a\u017e 4,5 hodiny v z\u00e1vislosti od pr\u00edpojov.<\/p>\n<p>\u00a0<\/p>\n<h3>Autobusom<\/h3>\n<p>Priamu dopravu z Viedne do Hallstattu pon\u00faka nieko\u013eko autobusov\u00fdch spolo\u010dnost\u00ed. Cesta trv\u00e1 zvy\u010dajne pribli\u017ene 4 a\u017e 5 hod\u00edn. Autobusy s\u00fa pohodlnou mo\u017enos\u0165ou pre t\u00fdch, ktor\u00ed rad\u0161ej nejazdia autom alebo vlakom.<\/p>\n<h3>Transferom z Viedne do Hallstattu<\/h3>\n<p>Pre pohodln\u00fd, s\u00fakromn\u00fd a bezstresov\u00fd transfer si m\u00f4\u017eete naja\u0165 s\u00fakromn\u00e9ho vodi\u010da alebo vyu\u017ei\u0165 transferov\u00fa slu\u017ebu, ktor\u00e1 sa \u0161pecializuje na cesty medzi Vied\u0148ou a Hallstattom. T\u00e1to mo\u017enos\u0165 v\u00e1m umo\u017en\u00ed po\u010das jazdy relaxova\u0165, kocha\u0165 sa v\u00fdh\u013eadmi a u\u017e\u00edva\u0165 si pohodlie slu\u017eby od dver\u00ed k dver\u00e1m.<\/p>\n<h3>Letecky<\/h3>\n<p>Hoci sa v Hallstatte nenach\u00e1dza \u017eiadne letisko, m\u00f4\u017eete zv\u00e1\u017ei\u0165 let z Viedne na ne\u010falek\u00e9 letisko Salzburg. Odtia\u013e sa m\u00f4\u017eete autobusom alebo vlakom dosta\u0165 do Hallstattu, ktor\u00fd je vzdialen\u00fd pribli\u017ene 80 kilometrov. T\u00e1to mo\u017enos\u0165 je ide\u00e1lna pre t\u00fdch, ktor\u00ed chc\u00fa r\u00fdchlo prekona\u0165 vzdialenos\u0165.<\/p>\n<p style=\"text-align: center;\"><a class=\"btn btn-primary\" href=\"\/sk\/rezervovat-transfer\">Rezervova\u0165<\/a><\/p>\n<p style=\"text-align: left;\">Bez oh\u013eadu na to, ak\u00fd sp\u00f4sob dopravy si vyberiete, cesta z Viedne do Hallstattu bude nezabudnute\u013enou s\u00fa\u010das\u0165ou v\u00e1\u0161ho rak\u00faskeho dobrodru\u017estva. Hallstatt so svojou \u00fa\u017easnou alpskou krajinou a kult\u00farnymi pokladmi \u010dak\u00e1, aby v\u00e1s priv\u00edtal.<\/p>\n<\/p><\/div>\n<\/p><\/div>\n<div class=\"product-price-container\">\n<div class=\"sale-price\"> \t\t<\/div>\n<\/p><\/div>\n<div class=\"options\"><\/div>\n<div> \t\t<\/div>\n<p>   \t        <script type=\"text\/javascript\" ><\/script>  <script type=\"text\/javascript\" ><\/script> <script type=\"text\/javascript\" ><\/script>  <script type=\"text\/javascript\" ><\/script> <script type=\"text\/javascript\" ><\/script> <script type=\"text\/javascript\" ><\/script> <script type=\"text\/javascript\" ><\/script> <\/div>\n<p> \t\t<!-- \u041f\u043b\u0430\u0433\u0438\u043d \u0440\u0435\u0439\u0442\u0438\u043d\u0433\u0430 --> <\/p>\n<div class=\"vrvote-body\">\n<ul class=\"vrvote-ul\">\n<li id=\"rating_123\" class=\"current-rating\" style=\"width:98.40%;\"><\/li>\n<li> \t\t\t\t\t\t<a class=\"vr-one-star\" onclick=\"javascript:JSVRvote(123,1,123,25,0)\" href=\"javascript:void(null)\">1<\/a> \t\t\t\t\t<\/li>\n<li> \t\t\t\t\t\t<a class=\"vr-two-stars\" onclick=\"javascript:JSVRvote(123,2,123,25,0)\" href=\"javascript:void(null)\">2<\/a> \t\t\t\t\t<\/li>\n<li> \t\t\t\t\t\t<a class=\"vr-three-stars\" onclick=\"javascript:JSVRvote(123,3,123,25,0)\" href=\"javascript:void(null)\">3<\/a> \t\t\t\t\t<\/li>\n<li> \t\t\t\t\t\t<a class=\"vr-four-stars\" onclick=\"javascript:JSVRvote(123,4,123,25,0)\" href=\"javascript:void(null)\">4<\/a> \t\t\t\t\t<\/li>\n<li> \t\t\t\t\t\t<a class=\"vr-five-stars\" onclick=\"javascript:JSVRvote(123,5,123,25,0)\" href=\"javascript:void(null)\">5<\/a> \t\t\t\t\t<\/li>\n<\/ul><\/div>\n<p> \t\t\t<span id=\"vrvote_123\" class=\"vrvote-count\"><small><\/small><\/span>\t<\/span><script type=\"application\/ld+json\"><\/script>   <\/div>\n<div class=\"t4-col sidebar-r col-12 col-xl-4\">\n<div class=\"t4-module module\" id=\"Mod306\">\n<div class=\"module-inner\">\n<div class=\"module-ct\">\n<div class=\"bannergroup\">\n<div class=\"banneritem\"> \t\t\t\t\t\t\t\t\t\t\t\t\t\t\t\t\t\t\t\t\t\t\t\t\t\t\t\t\t\t\t\t\t\t\t\t\t\t\t\t\t\t\t\t\t\t\t\t\t\t<img \t\t\t\t\t\tsrc=\"\/wp-content\/uploads\/2025\/08\/banner-transfer-europe-sk-72.png\" \t\t\t\t\t\talt=\"Banner-sk\" \t\t\t\t\t\t\t\t\t\t\t\t\t\t\t\t\t\/> \t\t\t\t\t\t\t\t\t\t\t<\/p>\n<div class=\"clr\"><\/div>\n<\/p><\/div>\n<\/p><\/div>\n<\/p><\/div>\n<\/div>\n<\/div><\/div>\n<\/p><\/div>\n<\/div><\/div>\n<div id=\"t4-section-8\" class=\"t4-section  t4-section-8  section-border-top\" role=\"section-8\">\n<div class=\"bg-overlay bg-overlay-image\">&nbsp;<\/div>\n<\/p><\/div>\n<p>  <a href='javascript:' id='back-to-top'><i class='fa fa-chevron-up'><\/i><\/a>                <\/p>\n","protected":false},"excerpt":{"rendered":"<p>Transfer z Viedne do Hallstattu Hlavn\u00e1 str\u00e1nka Destin\u00e1cie Viede\u0148 Transfer z Viedne do Hallstattu Transfery Viede\u0148 Rezervova\u0165 Pl\u00e1nujete v\u00fdlet z pulzuj\u00faceho historick\u00e9ho mesta Viede\u0148 do malebnej dedinky Hallstatt? Neh\u013eadajte u\u017e \u017eiadne \u010fal\u0161ie rie\u0161enie pre bezprobl\u00e9mov\u00fa prepravu. Na\u0161a slu\u017eba transferu z Viedne do Hallstattu je tu, aby v\u00e1m cestu \u010do najviac u\u013eah\u010dila a spr\u00edjemnila. Na\u0161e \u0161pi\u010dkov\u00e9 [&hellip;]<\/p>\n","protected":false},"author":1,"featured_media":31850,"parent":18891,"menu_order":0,"comment_status":"closed","ping_status":"closed","template":"","meta":{"footnotes":""},"class_list":["post-31849","page","type-page","status-publish","has-post-thumbnail","hentry"],"yoast_head":"<!-- This site is optimized with the Yoast SEO plugin v25.6 - https:\/\/yoast.com\/wordpress\/plugins\/seo\/ -->\n<title>Transfer z Viedne do Hallstattu \u2013 Transfer Europe<\/title>\n<meta name=\"description\" content=\"Cestujte z Viedne do Hal\u0161tatu autom cez vzdialenos\u0165 288 km za 3 hodiny. Rezervujte si online prevod Viede\u0148-Hal\u0161tat na Transfer Europe \u2714VIP taxi \u2714Zabezpe\u010den\u00e1 platba.\" \/>\n<meta name=\"robots\" content=\"index, follow, max-snippet:-1, max-image-preview:large, max-video-preview:-1\" \/>\n<link rel=\"canonical\" href=\"https:\/\/transfereurope.com\/sk\/destinacie\/vieden\/transfer-z-viedne-do-hallstattu\/\" \/>\n<meta property=\"og:locale\" content=\"sk_SK\" \/>\n<meta property=\"og:type\" content=\"article\" \/>\n<meta property=\"og:title\" content=\"Transfer z Viedne do Hallstattu \u2013 Transfer Europe\" \/>\n<meta property=\"og:description\" content=\"Cestujte z Viedne do Hal\u0161tatu autom cez vzdialenos\u0165 288 km za 3 hodiny. Rezervujte si online prevod Viede\u0148-Hal\u0161tat na Transfer Europe \u2714VIP taxi \u2714Zabezpe\u010den\u00e1 platba.\" \/>\n<meta property=\"og:url\" content=\"https:\/\/transfereurope.com\/sk\/destinacie\/vieden\/transfer-z-viedne-do-hallstattu\/\" \/>\n<meta property=\"og:site_name\" content=\"transfereurope\" \/>\n<meta property=\"og:image\" content=\"https:\/\/transfereurope.com\/wp-content\/uploads\/2025\/08\/Europe-Destinations-Transfers-141-2-1.jpg\" \/>\n\t<meta property=\"og:image:width\" content=\"1500\" \/>\n\t<meta property=\"og:image:height\" content=\"2000\" \/>\n\t<meta property=\"og:image:type\" content=\"image\/jpeg\" \/>\n<meta name=\"twitter:card\" content=\"summary_large_image\" \/>\n<meta name=\"twitter:label1\" content=\"Predpokladan\u00fd \u010das \u010d\u00edtania\" \/>\n\t<meta name=\"twitter:data1\" content=\"4 min\u00faty\" \/>\n<script type=\"application\/ld+json\" class=\"yoast-schema-graph\">{\"@context\":\"https:\/\/schema.org\",\"@graph\":[{\"@type\":\"WebPage\",\"@id\":\"https:\/\/transfereurope.com\/sk\/destinacie\/vieden\/transfer-z-viedne-do-hallstattu\/\",\"url\":\"https:\/\/transfereurope.com\/sk\/destinacie\/vieden\/transfer-z-viedne-do-hallstattu\/\",\"name\":\"Transfer z Viedne do Hallstattu \u2013 Transfer Europe\",\"isPartOf\":{\"@id\":\"https:\/\/transfereurope.com\/sk\/#website\"},\"primaryImageOfPage\":{\"@id\":\"https:\/\/transfereurope.com\/sk\/destinacie\/vieden\/transfer-z-viedne-do-hallstattu\/#primaryimage\"},\"image\":{\"@id\":\"https:\/\/transfereurope.com\/sk\/destinacie\/vieden\/transfer-z-viedne-do-hallstattu\/#primaryimage\"},\"thumbnailUrl\":\"https:\/\/transfereurope.com\/wp-content\/uploads\/2025\/08\/Europe-Destinations-Transfers-141-2-1.jpg\",\"datePublished\":\"2025-08-04T22:42:34+00:00\",\"description\":\"Cestujte z Viedne do Hal\u0161tatu autom cez vzdialenos\u0165 288 km za 3 hodiny. Rezervujte si online prevod Viede\u0148-Hal\u0161tat na Transfer Europe \u2714VIP taxi \u2714Zabezpe\u010den\u00e1 platba.\",\"breadcrumb\":{\"@id\":\"https:\/\/transfereurope.com\/sk\/destinacie\/vieden\/transfer-z-viedne-do-hallstattu\/#breadcrumb\"},\"inLanguage\":\"sk-SK\",\"potentialAction\":[{\"@type\":\"ReadAction\",\"target\":[\"https:\/\/transfereurope.com\/sk\/destinacie\/vieden\/transfer-z-viedne-do-hallstattu\/\"]}]},{\"@type\":\"ImageObject\",\"inLanguage\":\"sk-SK\",\"@id\":\"https:\/\/transfereurope.com\/sk\/destinacie\/vieden\/transfer-z-viedne-do-hallstattu\/#primaryimage\",\"url\":\"https:\/\/transfereurope.com\/wp-content\/uploads\/2025\/08\/Europe-Destinations-Transfers-141-2-1.jpg\",\"contentUrl\":\"https:\/\/transfereurope.com\/wp-content\/uploads\/2025\/08\/Europe-Destinations-Transfers-141-2-1.jpg\",\"width\":1500,\"height\":2000},{\"@type\":\"BreadcrumbList\",\"@id\":\"https:\/\/transfereurope.com\/sk\/destinacie\/vieden\/transfer-z-viedne-do-hallstattu\/#breadcrumb\",\"itemListElement\":[{\"@type\":\"ListItem\",\"position\":1,\"name\":\"Home\",\"item\":\"https:\/\/transfereurope.com\/sk\/\"},{\"@type\":\"ListItem\",\"position\":2,\"name\":\"Transfer z Viedne do Hallstattu\"}]},{\"@type\":\"WebSite\",\"@id\":\"https:\/\/transfereurope.com\/sk\/#website\",\"url\":\"https:\/\/transfereurope.com\/sk\/\",\"name\":\"transfereurope\",\"description\":\"\",\"publisher\":{\"@id\":\"https:\/\/transfereurope.com\/sk\/#organization\"},\"potentialAction\":[{\"@type\":\"SearchAction\",\"target\":{\"@type\":\"EntryPoint\",\"urlTemplate\":\"https:\/\/transfereurope.com\/sk\/?s={search_term_string}\"},\"query-input\":{\"@type\":\"PropertyValueSpecification\",\"valueRequired\":true,\"valueName\":\"search_term_string\"}}],\"inLanguage\":\"sk-SK\"},{\"@type\":\"Organization\",\"@id\":\"https:\/\/transfereurope.com\/sk\/#organization\",\"name\":\"transfereurope\",\"url\":\"https:\/\/transfereurope.com\/sk\/\",\"logo\":{\"@type\":\"ImageObject\",\"inLanguage\":\"sk-SK\",\"@id\":\"https:\/\/transfereurope.com\/sk\/#\/schema\/logo\/image\/\",\"url\":\"https:\/\/transfereurope.com\/wp-content\/uploads\/2025\/08\/TRANSFERS-1655.png\",\"contentUrl\":\"https:\/\/transfereurope.com\/wp-content\/uploads\/2025\/08\/TRANSFERS-1655.png\",\"width\":500,\"height\":274,\"caption\":\"transfereurope\"},\"image\":{\"@id\":\"https:\/\/transfereurope.com\/sk\/#\/schema\/logo\/image\/\"}}]}<\/script>\n<!-- \/ Yoast SEO plugin. -->","yoast_head_json":{"title":"Transfer z Viedne do Hallstattu \u2013 Transfer Europe","description":"Cestujte z Viedne do Hal\u0161tatu autom cez vzdialenos\u0165 288 km za 3 hodiny. Rezervujte si online prevod Viede\u0148-Hal\u0161tat na Transfer Europe \u2714VIP taxi \u2714Zabezpe\u010den\u00e1 platba.","robots":{"index":"index","follow":"follow","max-snippet":"max-snippet:-1","max-image-preview":"max-image-preview:large","max-video-preview":"max-video-preview:-1"},"canonical":"https:\/\/transfereurope.com\/sk\/destinacie\/vieden\/transfer-z-viedne-do-hallstattu\/","og_locale":"sk_SK","og_type":"article","og_title":"Transfer z Viedne do Hallstattu \u2013 Transfer Europe","og_description":"Cestujte z Viedne do Hal\u0161tatu autom cez vzdialenos\u0165 288 km za 3 hodiny. Rezervujte si online prevod Viede\u0148-Hal\u0161tat na Transfer Europe \u2714VIP taxi \u2714Zabezpe\u010den\u00e1 platba.","og_url":"https:\/\/transfereurope.com\/sk\/destinacie\/vieden\/transfer-z-viedne-do-hallstattu\/","og_site_name":"transfereurope","og_image":[{"width":1500,"height":2000,"url":"https:\/\/transfereurope.com\/wp-content\/uploads\/2025\/08\/Europe-Destinations-Transfers-141-2-1.jpg","type":"image\/jpeg"}],"twitter_card":"summary_large_image","twitter_misc":{"Predpokladan\u00fd \u010das \u010d\u00edtania":"4 min\u00faty"},"schema":{"@context":"https:\/\/schema.org","@graph":[{"@type":"WebPage","@id":"https:\/\/transfereurope.com\/sk\/destinacie\/vieden\/transfer-z-viedne-do-hallstattu\/","url":"https:\/\/transfereurope.com\/sk\/destinacie\/vieden\/transfer-z-viedne-do-hallstattu\/","name":"Transfer z Viedne do Hallstattu \u2013 Transfer Europe","isPartOf":{"@id":"https:\/\/transfereurope.com\/sk\/#website"},"primaryImageOfPage":{"@id":"https:\/\/transfereurope.com\/sk\/destinacie\/vieden\/transfer-z-viedne-do-hallstattu\/#primaryimage"},"image":{"@id":"https:\/\/transfereurope.com\/sk\/destinacie\/vieden\/transfer-z-viedne-do-hallstattu\/#primaryimage"},"thumbnailUrl":"https:\/\/transfereurope.com\/wp-content\/uploads\/2025\/08\/Europe-Destinations-Transfers-141-2-1.jpg","datePublished":"2025-08-04T22:42:34+00:00","description":"Cestujte z Viedne do Hal\u0161tatu autom cez vzdialenos\u0165 288 km za 3 hodiny. Rezervujte si online prevod Viede\u0148-Hal\u0161tat na Transfer Europe \u2714VIP taxi \u2714Zabezpe\u010den\u00e1 platba.","breadcrumb":{"@id":"https:\/\/transfereurope.com\/sk\/destinacie\/vieden\/transfer-z-viedne-do-hallstattu\/#breadcrumb"},"inLanguage":"sk-SK","potentialAction":[{"@type":"ReadAction","target":["https:\/\/transfereurope.com\/sk\/destinacie\/vieden\/transfer-z-viedne-do-hallstattu\/"]}]},{"@type":"ImageObject","inLanguage":"sk-SK","@id":"https:\/\/transfereurope.com\/sk\/destinacie\/vieden\/transfer-z-viedne-do-hallstattu\/#primaryimage","url":"https:\/\/transfereurope.com\/wp-content\/uploads\/2025\/08\/Europe-Destinations-Transfers-141-2-1.jpg","contentUrl":"https:\/\/transfereurope.com\/wp-content\/uploads\/2025\/08\/Europe-Destinations-Transfers-141-2-1.jpg","width":1500,"height":2000},{"@type":"BreadcrumbList","@id":"https:\/\/transfereurope.com\/sk\/destinacie\/vieden\/transfer-z-viedne-do-hallstattu\/#breadcrumb","itemListElement":[{"@type":"ListItem","position":1,"name":"Home","item":"https:\/\/transfereurope.com\/sk\/"},{"@type":"ListItem","position":2,"name":"Transfer z Viedne do Hallstattu"}]},{"@type":"WebSite","@id":"https:\/\/transfereurope.com\/sk\/#website","url":"https:\/\/transfereurope.com\/sk\/","name":"transfereurope","description":"","publisher":{"@id":"https:\/\/transfereurope.com\/sk\/#organization"},"potentialAction":[{"@type":"SearchAction","target":{"@type":"EntryPoint","urlTemplate":"https:\/\/transfereurope.com\/sk\/?s={search_term_string}"},"query-input":{"@type":"PropertyValueSpecification","valueRequired":true,"valueName":"search_term_string"}}],"inLanguage":"sk-SK"},{"@type":"Organization","@id":"https:\/\/transfereurope.com\/sk\/#organization","name":"transfereurope","url":"https:\/\/transfereurope.com\/sk\/","logo":{"@type":"ImageObject","inLanguage":"sk-SK","@id":"https:\/\/transfereurope.com\/sk\/#\/schema\/logo\/image\/","url":"https:\/\/transfereurope.com\/wp-content\/uploads\/2025\/08\/TRANSFERS-1655.png","contentUrl":"https:\/\/transfereurope.com\/wp-content\/uploads\/2025\/08\/TRANSFERS-1655.png","width":500,"height":274,"caption":"transfereurope"},"image":{"@id":"https:\/\/transfereurope.com\/sk\/#\/schema\/logo\/image\/"}}]}},"_links":{"self":[{"href":"https:\/\/transfereurope.com\/sk\/wp-json\/wp\/v2\/pages\/31849","targetHints":{"allow":["GET"]}}],"collection":[{"href":"https:\/\/transfereurope.com\/sk\/wp-json\/wp\/v2\/pages"}],"about":[{"href":"https:\/\/transfereurope.com\/sk\/wp-json\/wp\/v2\/types\/page"}],"author":[{"embeddable":true,"href":"https:\/\/transfereurope.com\/sk\/wp-json\/wp\/v2\/users\/1"}],"replies":[{"embeddable":true,"href":"https:\/\/transfereurope.com\/sk\/wp-json\/wp\/v2\/comments?post=31849"}],"version-history":[{"count":0,"href":"https:\/\/transfereurope.com\/sk\/wp-json\/wp\/v2\/pages\/31849\/revisions"}],"up":[{"embeddable":true,"href":"https:\/\/transfereurope.com\/sk\/wp-json\/wp\/v2\/pages\/18891"}],"wp:featuredmedia":[{"embeddable":true,"href":"https:\/\/transfereurope.com\/sk\/wp-json\/wp\/v2\/media\/31850"}],"wp:attachment":[{"href":"https:\/\/transfereurope.com\/sk\/wp-json\/wp\/v2\/media?parent=31849"}],"curies":[{"name":"wp","href":"https:\/\/api.w.org\/{rel}","templated":true}]}}