{"id":31750,"date":"2025-08-04T22:41:48","date_gmt":"2025-08-04T22:41:48","guid":{"rendered":"https:\/\/transfereurope.com\/transfer-z-letiska-vieden-schwechat-do-varsavy\/"},"modified":"2025-08-04T22:41:48","modified_gmt":"2025-08-04T22:41:48","slug":"transfer-z-letiska-vieden-schwechat-do-varsavy","status":"publish","type":"page","link":"https:\/\/transfereurope.com\/sk\/destinacie\/vieden\/transfer-z-letiska-vieden-schwechat-do-varsavy\/","title":{"rendered":"Transfer z letiska Viede\u0148-Schwechat do Var\u0161avy"},"content":{"rendered":"\n<div id=\"t4-masthead\" class=\"t4-section  t4-masthead\">\n<div class=\"t4-col text-center\">\n<div class=\"ja-masthead\" >\n<div class=\"ja-masthead-detail\">\n<h1 class=\"ja-masthead-title\">Transfer z letiska Viede\u0148-Schwechat do Var\u0161avy<\/h1>\n<p>                 <!---->            <\/p>\n<div class=\"block-breadcrumb\">\n<div class=\"moduletable\">\n<div aria-label=\"Breadcrumbs\" role=\"navigation\">\n<ul  class=\"breadcrumb\">\n<li class=\"active\"> \t\t\t\t<span class=\"fas fa-map-marker-alt home-map\"><\/span> \t\t\t<\/li>\n<li itemprop='itemListElement' > \t\t\t\t\t\t\t\t\t\t\t<a  href=\"\/sk\/\" class=\"pathway\"><span itemprop=\"name\">Hlavn\u00e1 str\u00e1nka<\/span><\/a> \t\t\t\t\t \t\t\t\t\t\t\t\t\t\t\t<span class=\"divider\"> \t\t\t\t\t\t\t<i class=\"fa fa-angle-double-right\" aria-hidden=\"true\"><\/i> \t\t\t\t\t\t<\/span> \t\t\t\t\t\t\t\t\t\t<meta  content=\"1\"> \t\t\t\t<\/li>\n<li itemprop='itemListElement' > \t\t\t\t\t\t\t\t\t\t\t<a  href=\"\/sk\/destinacie\" class=\"pathway\"><span itemprop=\"name\">Destin\u00e1cie<\/span><\/a> \t\t\t\t\t \t\t\t\t\t\t\t\t\t\t\t<span class=\"divider\"> \t\t\t\t\t\t\t<i class=\"fa fa-angle-double-right\" aria-hidden=\"true\"><\/i> \t\t\t\t\t\t<\/span> \t\t\t\t\t\t\t\t\t\t<meta  content=\"2\"> \t\t\t\t<\/li>\n<li itemprop='itemListElement' > \t\t\t\t\t\t\t\t\t\t\t<a  href=\"\/sk\/destinacie\/vieden\" class=\"pathway\"><span itemprop=\"name\">Viede\u0148<\/span><\/a> \t\t\t\t\t \t\t\t\t\t\t\t\t\t\t\t<span class=\"divider\"> \t\t\t\t\t\t\t<i class=\"fa fa-angle-double-right\" aria-hidden=\"true\"><\/i> \t\t\t\t\t\t<\/span> \t\t\t\t\t\t\t\t\t\t<meta  content=\"3\"> \t\t\t\t<\/li>\n<li   class=\"active\"> \t\t\t\t\t<span itemprop=\"name\"> \t\t\t\t\t\tTransfer z letiska Viede\u0148-Schwechat do Var\u0161avy\t\t\t\t\t<\/span> \t\t\t\t\t<meta  content=\"4\"> \t\t\t\t<\/li>\n<\/ul><\/div>\n<\/p><\/div>\n<\/p><\/div>\n<\/p><\/div>\n<\/p><\/div>\n<pre><\/pre>\n<\/div>\n<\/div>\n<div id=\"t4-main-body\" class=\"t4-section  t4-main-body\" role=\"main body\">\n<div class=\"t4-section-inner container\">\n<div class=\"t4-row row\">\n<div class=\"t4-col col-12 col-xl\">\n<div id=\"system-message-container\"> \t<\/div>\n<div class=\"com-content-article item-page view-tour-detail\">\n<div class=\"tour-top-info clearfix\">\n<div class=\"pull-left\">\n<div class=\"category-article-dot\">\n<div class=\"category-name\"> \t\t\t\t\t<a href=\"\/sk\/destinacie\/vieden\" itemprop=\"genre\">Transfery Viede\u0148<\/a> \t\t\t\t<\/div>\n<\/p><\/div>\n<\/p><\/div>\n<div class=\"pull-right\">\n<div class=\"text-danger tour-price\"> \t\t\t\t\t\t<a href=\"\/sk\/rezervovat-transfer\">Rezervova\u0165<\/a><\/div>\n<\/p><\/div>\n<\/p><\/div>\n<p>  \t <!--\t-->  \t<\/p>\n<div class=\"vm-product-container\">\n<figure class=\"pull-left item-image\">\n<div class=\"main-image\"> \t\t<a title=\"Vienna-Schwechat Airport to Warsaw Transfer Service\" rel='vm-additional-images' href=\"\/images\/virtuemart\/product\/Europe Destinations Transfers (4)966.jpg\"><img decoding=\"async\"  loading=\"lazy\"  src=\"\/wp-content\/uploads\/2025\/08\/Europe-Destinations-Transfers-4966-2.jpg\"  alt=\"Vienna-Schwechat Airport to Warsaw Transfer Service\"  \/><\/a>\t\t<\/p>\n<div class=\"clear\"><\/div>\n<\/p><\/div>\n<\/figure>\n<div class=\"vm-product-details-container\">\n<div class=\"spacer-buy-area\">    \t\t \t\t<\/div>\n<\/p><\/div>\n<div class=\"clear\"><\/div>\n<\/p><\/div>\n<div class=\"product-description\" >\n<div class=\"book-now mt-5\" style=\"text-align: left;\">\n<p>Vitajte na str\u00e1nke s najlep\u0161\u00edm rie\u0161en\u00edm prepravy z letiska Viede\u0148-Schwechat do Var\u0161avy! Na\u0161a \u0161pecializovan\u00e1 slu\u017eba transferu v\u00e1m pon\u00faka pohodlie, komfort a spo\u013eahlivos\u0165, ktor\u00e9 si zasl\u00fa\u017eite pri cestovan\u00ed medzi t\u00fdmito dvoma dynamick\u00fdmi mestami.<\/p>\n<p>Ke\u010f si vyberiete na\u0161u slu\u017ebu transferu z letiska Viede\u0148-Schwechat do Var\u0161avy, vyberiete si stelesnenie cestovania bez stresu. N\u00e1\u0161 pren\u00e1jom s\u00fakromn\u00e9ho vozidla s profesion\u00e1lnym vodi\u010dom v\u00e1m zaru\u010d\u00ed, \u017ee va\u0161a cesta nebude len transferom, ale nezabudnute\u013en\u00fdm a pr\u00edjemn\u00fdm z\u00e1\u017eitkom. N\u00e1\u0161 vozov\u00fd park pohodln\u00fdch a dobre udr\u017eiavan\u00fdch vozidiel spolu s na\u0161imi zdvoril\u00fdmi a znal\u00fdmi vodi\u010dmi v\u00e1s bez probl\u00e9mov doprav\u00ed z letiska do va\u0161ej cie\u013eovej destin\u00e1cie vo Var\u0161ave.<\/p>\n<p style=\"text-align: center;\"><a class=\"btn btn-primary\" href=\"\/sk\/rezervovat-transfer-z-na-letisko\">Rezervova\u0165<\/a><\/p>\n<h2 style=\"text-align: center;\"><strong>Pre\u010do si vybra\u0165 n\u00e1\u0161 transfer z letiska Viede\u0148-Schwechat do Var\u0161avy?<\/strong><\/h2>\n<ul>\n<li><strong>\u00da\u010dinnos\u0165:<\/strong>\u00a0Ch\u00e1peme hodnotu \u010dasu. Na\u0161i vodi\u010di s\u00fa dochv\u00ed\u013eni a sna\u017eia sa poskytova\u0165 r\u00fdchle a efekt\u00edvne slu\u017eby.<\/li>\n<li><strong>Komfort:<\/strong>\u00a0V na\u0161ich modern\u00fdch klimatizovan\u00fdch vozidl\u00e1ch sa pohodlne usa\u010fte a vychutnajte si plynul\u00fa a pohodln\u00fa jazdu.<\/li>\n<li><strong>Bezpe\u010dnos\u0165:<\/strong>\u00a0Va\u0161a bezpe\u010dnos\u0165 je na\u0161ou prioritou. Na\u0161i vodi\u010di s\u00fa sk\u00fasen\u00ed a plne licencovan\u00ed a na\u0161e vozidl\u00e1 s\u00fa pravidelne kontrolovan\u00e9, aby sme zabezpe\u010dili va\u0161e pohodlie.<\/li>\n<li><strong>Konkuren\u010dn\u00e9 ceny:<\/strong>\u00a0Pon\u00fakame konkurencieschopn\u00e9 ceny za na\u0161e vysokokvalitn\u00e9 slu\u017eby, v\u010faka ktor\u00fdm bude v\u00e1\u0161 transfer nielen pohodln\u00fd, ale aj cenovo v\u00fdhodn\u00fd.<\/li>\n<li><strong>Flexibiln\u00e1 rezerv\u00e1cia:<\/strong>\u00a0Rezerv\u00e1cia u n\u00e1s je jednoduch\u00e1 a flexibiln\u00e1. Prepravu si m\u00f4\u017eete napl\u00e1nova\u0165 pod\u013ea \u010dasu pr\u00edletu alebo odletu.<\/li>\n<li><strong>Individu\u00e1lne sk\u00fasenosti:<\/strong>\u00a0Sme odhodlan\u00ed poskytova\u0165 individu\u00e1lny z\u00e1\u017eitok. Ak m\u00e1te nejak\u00e9 \u0161pecifick\u00e9 po\u017eiadavky, dajte n\u00e1m vedie\u0165 a my prisp\u00f4sob\u00edme slu\u017ebu va\u0161im potreb\u00e1m.<\/li>\n<\/ul>\n<h2 style=\"text-align: center;\">\u00a0<\/h2>\n<h2 style=\"text-align: center;\"><strong>Rezerv\u00e1cia transferu z letiska Viede\u0148-Schwechat do Var\u0161avy\u00a0<\/strong><\/h2>\n<p>\u010ci u\u017e ste obchodn\u00fd cestuj\u00faci, ktor\u00fd h\u013ead\u00e1 spo\u013eahliv\u00fd transfer z letiska, alebo turista, ktor\u00fd t\u00fa\u017ei spozna\u0165 kr\u00e1sne mesto Var\u0161ava, na\u0161a slu\u017eba transferu z letiska Viede\u0148-Schwechat do Var\u0161avy je tou najlep\u0161ou vo\u013ebou pre va\u0161u prepravu. Nemus\u00edte sa ob\u00e1va\u0165 navig\u00e1cie vo verejnej doprave alebo rie\u0161i\u0165 probl\u00e9my s h\u013eadan\u00edm tax\u00edka. S na\u0161\u00edm s\u00fakromn\u00fdm vodi\u010dom a dobre udr\u017eiavan\u00fdmi vozidlami bude va\u0161a cesta hladk\u00e1, pohodln\u00e1 a pr\u00edjemn\u00e1.<\/p>\n<p>Rezervujte si transfer z letiska Viede\u0148-Schwechat do Var\u0161avy u n\u00e1s e\u0161te dnes a za\u017eite pohodlie s\u00fakromnej dopravy v tej najlep\u0161ej podobe. Va\u0161e pohodlie a spokojnos\u0165 s\u00fa na\u0161imi najvy\u0161\u0161\u00edmi prioritami.<\/p>\n<p style=\"text-align: center;\"><a class=\"btn btn-primary\" href=\"\/sk\/rezervovat-transfer-z-na-letisko\">Rezervova\u0165<\/a><\/p>\n<h2 style=\"text-align: center;\"><b>Ako sa dosta\u0165 z letiska Viede\u0148-Schwechat do Var\u0161avy<\/b><\/h2>\n<p>Cesta z letiska Viede\u0148-Schwechat do o\u010daruj\u00facej Var\u0161avy je cestou plnou mo\u017enost\u00ed a my sme tu, aby sme v\u00e1m poradili, ako si zabezpe\u010di\u0165 bezprobl\u00e9mov\u00fa a pr\u00edjemn\u00fa cestu.<\/p>\n<h3>Leteckou dopravou<\/h3>\n<p>Jedn\u00fdm z najpohodlnej\u0161\u00edch sp\u00f4sobov, ako sa dosta\u0165 z letiska Viede\u0148-Schwechat do Var\u0161avy, je priamy let. Medzi Vied\u0148ou a Var\u0161avou denne lieta nieko\u013eko leteck\u00fdch spolo\u010dnost\u00ed, tak\u017ee je to r\u00fdchla a efekt\u00edvna vo\u013eba. Po pr\u00edlete na var\u0161avsk\u00e9 letisko Chopina alebo var\u0161avsk\u00e9 letisko Modlin sa ocitnete len nieko\u013eko okamihov od centra mesta.<\/p>\n<h3>Vlakom<\/h3>\n<p>Ak d\u00e1vate prednos\u0165 kombin\u00e1cii cestovania a v\u00fdh\u013eadu na krajinu, v\u00fdbornou vo\u013ebou je cestovanie vlakom. M\u00f4\u017eete nast\u00fapi\u0165 na vlak z Viedne do Var\u0161avy, ktor\u00fd v\u00e1m pon\u00fakne pohodln\u00fa a ekologick\u00fa cestu malebnou krajinou. Vlakov\u00e9 stanice v oboch mest\u00e1ch s\u00fa dobre napojen\u00e9 na miestne dopravn\u00e9 siete, \u010do v\u00e1m zaru\u010d\u00ed, \u017ee sa \u013eahko dostanete do cie\u013eovej destin\u00e1cie.<\/p>\n<h3>Slu\u017eba s\u00fakromn\u00e9ho transferu<\/h3>\n<p>Pre t\u00fdch, ktor\u00ed h\u013eadaj\u00fa pohodlie a bezstresov\u00fd z\u00e1\u017eitok, je s\u00fakromn\u00fd transfer z letiska Viede\u0148-Schwechat do Var\u0161avy fantastickou vo\u013ebou. M\u00f4\u017eete si objedna\u0165 s\u00fakromn\u00e9 auto a vodi\u010da, ktor\u00ed v\u00e1s priv\u00edtaj\u00fa na letisku a odvez\u00fa v\u00e1s priamo do v\u00e1\u0161ho ubytovacieho zariadenia vo Var\u0161ave. T\u00e1to mo\u017enos\u0165 je ide\u00e1lna pre cestuj\u00facich, ktor\u00ed si cenia pohodlie, osobn\u00e9 slu\u017eby a bezprobl\u00e9mov\u00fa cestu.<\/p>\n<p>\u00a0<\/p>\n<h3>Pren\u00e1jom vozidiel<\/h3>\n<p>Pren\u00e1jom auta na letisku Viede\u0148-Schwechat v\u00e1m umo\u017en\u00ed flexibilne spozn\u00e1va\u0165 regi\u00f3n vlastn\u00fdm tempom. M\u00f4\u017eete \u00eds\u0165 autom z Viedne do Var\u0161avy a cestou si slobodne zastavova\u0165 na malebn\u00fdch miestach alebo v mest\u00e1ch. Len sa uistite, \u017ee ste si skontrolovali pravidl\u00e1 po\u017ei\u010dovne \u00e1ut pre prekra\u010dovanie medzin\u00e1rodn\u00fdch hran\u00edc.<\/p>\n<h3>Autobusov\u00e9 slu\u017eby<\/h3>\n<p>Medzi Vied\u0148ou a Var\u0161avou prem\u00e1vaj\u00fa aj autobusov\u00e9 spoje. T\u00e1to mo\u017enos\u0165 m\u00f4\u017ee by\u0165 cenovo v\u00fdhodnej\u0161ia, ale zvy\u010dajne trv\u00e1 dlh\u0161ie ako in\u00e9 mo\u017enosti. M\u00f4\u017ee v\u0161ak by\u0165 dobrou vo\u013ebou pre cestuj\u00facich, ktor\u00ed h\u013eadaj\u00fa cenovo v\u00fdhodn\u00fd sp\u00f4sob, ako sa dosta\u0165 do Var\u0161avy.<\/p>\n<h3>Spolo\u010dn\u00e9 jazdy a zdie\u013eanie \u00e1ut<\/h3>\n<p>M\u00f4\u017eete presk\u00fama\u0165 slu\u017eby zdie\u013ean\u00fdch j\u00e1zd alebo spoluj\u00edzd, ktor\u00e9 pon\u00fakaj\u00fa cenovo v\u00fdhodn\u00e9 sp\u00f4soby cestovania z Viedne do Var\u0161avy. Tieto slu\u017eby sp\u00e1jaj\u00fa cestuj\u00facich s vodi\u010dmi smeruj\u00facimi rovnak\u00fdm smerom, \u010do predstavuje cenovo v\u00fdhodn\u00fa mo\u017enos\u0165.<\/p>\n<p style=\"text-align: center;\"><a class=\"btn btn-primary\" href=\"\/sk\/rezervovat-transfer-z-na-letisko\">Rezervova\u0165<\/a><\/p>\n<p style=\"text-align: left;\"><span style=\"font-weight: 400;\">Cesta z letiska Viede\u0148-Schwechat do Var\u0161avy je jednoduch\u00e1 a pon\u00faka r\u00f4zne mo\u017enosti dopravy, ktor\u00e9 vyhovuj\u00fa r\u00f4znym preferenci\u00e1m a rozpo\u010dtom. \u010ci u\u017e sa rozhodnete pre priamy let, pohodln\u00fa cestu vlakom, s\u00fakromn\u00fa prepravu alebo ak\u00fdko\u013evek in\u00fd druh dopravy, va\u0161e dobrodru\u017estvo z Viedne do Var\u0161avy s\u013eubuje, \u017ee bude nezabudnute\u013enou s\u00fa\u010das\u0165ou va\u0161ej cesty.\u00a0Choose the option that best suits your needs and embark on your journey with ease. Safe travels!<\/span><\/p>\n<\/p><\/div>\n<\/p><\/div>\n<div class=\"product-price-container\">\n<div class=\"sale-price\"> \t\t<\/div>\n<\/p><\/div>\n<div class=\"options\"><\/div>\n<div> \t\t<\/div>\n<p>   \t        <script type=\"text\/javascript\" ><\/script>  <script type=\"text\/javascript\" ><\/script> <script type=\"text\/javascript\" ><\/script>  <script type=\"text\/javascript\" ><\/script> <script type=\"text\/javascript\" ><\/script> <script type=\"text\/javascript\" ><\/script> <script type=\"text\/javascript\" ><\/script> <\/div>\n<p> \t\t<!-- \u041f\u043b\u0430\u0433\u0438\u043d \u0440\u0435\u0439\u0442\u0438\u043d\u0433\u0430 --> <\/p>\n<div class=\"vrvote-body\">\n<ul class=\"vrvote-ul\">\n<li id=\"rating_106\" class=\"current-rating\" style=\"width:98.13%;\"><\/li>\n<li> \t\t\t\t\t\t<a class=\"vr-one-star\" onclick=\"javascript:JSVRvote(106,1,157,32,0)\" href=\"javascript:void(null)\">1<\/a> \t\t\t\t\t<\/li>\n<li> \t\t\t\t\t\t<a class=\"vr-two-stars\" onclick=\"javascript:JSVRvote(106,2,157,32,0)\" href=\"javascript:void(null)\">2<\/a> \t\t\t\t\t<\/li>\n<li> \t\t\t\t\t\t<a class=\"vr-three-stars\" onclick=\"javascript:JSVRvote(106,3,157,32,0)\" href=\"javascript:void(null)\">3<\/a> \t\t\t\t\t<\/li>\n<li> \t\t\t\t\t\t<a class=\"vr-four-stars\" onclick=\"javascript:JSVRvote(106,4,157,32,0)\" href=\"javascript:void(null)\">4<\/a> \t\t\t\t\t<\/li>\n<li> \t\t\t\t\t\t<a class=\"vr-five-stars\" onclick=\"javascript:JSVRvote(106,5,157,32,0)\" href=\"javascript:void(null)\">5<\/a> \t\t\t\t\t<\/li>\n<\/ul><\/div>\n<p> \t\t\t<span id=\"vrvote_106\" class=\"vrvote-count\"><small><\/small><\/span>\t<\/span><script type=\"application\/ld+json\"><\/script>   <\/div>\n<div class=\"t4-col sidebar-r col-12 col-xl-4\">\n<div class=\"t4-module module\" id=\"Mod306\">\n<div class=\"module-inner\">\n<div class=\"module-ct\">\n<div class=\"bannergroup\">\n<div class=\"banneritem\"> \t\t\t\t\t\t\t\t\t\t\t\t\t\t\t\t\t\t\t\t\t\t\t\t\t\t\t\t\t\t\t\t\t\t\t\t\t\t\t\t\t\t\t\t\t\t\t\t\t\t<img \t\t\t\t\t\tsrc=\"\/wp-content\/uploads\/2025\/08\/banner-transfer-europe-sk-71.png\" \t\t\t\t\t\talt=\"Banner-sk\" \t\t\t\t\t\t\t\t\t\t\t\t\t\t\t\t\t\/> \t\t\t\t\t\t\t\t\t\t\t<\/p>\n<div class=\"clr\"><\/div>\n<\/p><\/div>\n<\/p><\/div>\n<\/p><\/div>\n<\/div>\n<\/div><\/div>\n<\/p><\/div>\n<\/div><\/div>\n<div id=\"t4-section-8\" class=\"t4-section  t4-section-8  section-border-top\" role=\"section-8\">\n<div class=\"bg-overlay bg-overlay-image\">&nbsp;<\/div>\n<\/p><\/div>\n<p>  <a href='javascript:' id='back-to-top'><i class='fa fa-chevron-up'><\/i><\/a>                <\/p>\n","protected":false},"excerpt":{"rendered":"<p>Transfer z letiska Viede\u0148-Schwechat do Var\u0161avy Hlavn\u00e1 str\u00e1nka Destin\u00e1cie Viede\u0148 Transfer z letiska Viede\u0148-Schwechat do Var\u0161avy Transfery Viede\u0148 Rezervova\u0165 Vitajte na str\u00e1nke s najlep\u0161\u00edm rie\u0161en\u00edm prepravy z letiska Viede\u0148-Schwechat do Var\u0161avy! Na\u0161a \u0161pecializovan\u00e1 slu\u017eba transferu v\u00e1m pon\u00faka pohodlie, komfort a spo\u013eahlivos\u0165, ktor\u00e9 si zasl\u00fa\u017eite pri cestovan\u00ed medzi t\u00fdmito dvoma dynamick\u00fdmi mestami. Ke\u010f si vyberiete na\u0161u [&hellip;]<\/p>\n","protected":false},"author":1,"featured_media":31751,"parent":18891,"menu_order":0,"comment_status":"closed","ping_status":"closed","template":"","meta":{"footnotes":""},"class_list":["post-31750","page","type-page","status-publish","has-post-thumbnail","hentry"],"yoast_head":"<!-- This site is optimized with the Yoast SEO plugin v25.6 - https:\/\/yoast.com\/wordpress\/plugins\/seo\/ -->\n<title>Transfer z letiska Viede\u0148-Schwechat, VIE do Var\u0161avy - Transfer Eur\u00f3pa<\/title>\n<meta name=\"description\" content=\"Cesta z letiska VIE do po\u013eskej Var\u0161avy autom s vodi\u010dom. Rezervujte si online transfer Letisko Viede\u0148-Schwechat - Var\u0161ava na Transfer Europe \u2714Ve\u013ek\u00fd vozov\u00fd park \u2714VIP taxi \u2714Bezpe\u010dn\u00e9 platby.\" \/>\n<meta name=\"robots\" content=\"index, follow, max-snippet:-1, max-image-preview:large, max-video-preview:-1\" \/>\n<link rel=\"canonical\" href=\"https:\/\/transfereurope.com\/sk\/destinacie\/vieden\/transfer-z-letiska-vieden-schwechat-do-varsavy\/\" \/>\n<meta property=\"og:locale\" content=\"sk_SK\" \/>\n<meta property=\"og:type\" content=\"article\" \/>\n<meta property=\"og:title\" content=\"Transfer z letiska Viede\u0148-Schwechat, VIE do Var\u0161avy - Transfer Eur\u00f3pa\" \/>\n<meta property=\"og:description\" content=\"Cesta z letiska VIE do po\u013eskej Var\u0161avy autom s vodi\u010dom. Rezervujte si online transfer Letisko Viede\u0148-Schwechat - Var\u0161ava na Transfer Europe \u2714Ve\u013ek\u00fd vozov\u00fd park \u2714VIP taxi \u2714Bezpe\u010dn\u00e9 platby.\" \/>\n<meta property=\"og:url\" content=\"https:\/\/transfereurope.com\/sk\/destinacie\/vieden\/transfer-z-letiska-vieden-schwechat-do-varsavy\/\" \/>\n<meta property=\"og:site_name\" content=\"transfereurope\" \/>\n<meta property=\"og:image\" content=\"https:\/\/transfereurope.com\/wp-content\/uploads\/2025\/08\/Europe-Destinations-Transfers-4966-2-1.jpg\" \/>\n\t<meta property=\"og:image:width\" content=\"1500\" \/>\n\t<meta property=\"og:image:height\" content=\"2000\" \/>\n\t<meta property=\"og:image:type\" content=\"image\/jpeg\" \/>\n<meta name=\"twitter:card\" content=\"summary_large_image\" \/>\n<meta name=\"twitter:label1\" content=\"Predpokladan\u00fd \u010das \u010d\u00edtania\" \/>\n\t<meta name=\"twitter:data1\" content=\"5 min\u00fat\" \/>\n<script type=\"application\/ld+json\" class=\"yoast-schema-graph\">{\"@context\":\"https:\/\/schema.org\",\"@graph\":[{\"@type\":\"WebPage\",\"@id\":\"https:\/\/transfereurope.com\/sk\/destinacie\/vieden\/transfer-z-letiska-vieden-schwechat-do-varsavy\/\",\"url\":\"https:\/\/transfereurope.com\/sk\/destinacie\/vieden\/transfer-z-letiska-vieden-schwechat-do-varsavy\/\",\"name\":\"Transfer z letiska Viede\u0148-Schwechat, VIE do Var\u0161avy - Transfer Eur\u00f3pa\",\"isPartOf\":{\"@id\":\"https:\/\/transfereurope.com\/sk\/#website\"},\"primaryImageOfPage\":{\"@id\":\"https:\/\/transfereurope.com\/sk\/destinacie\/vieden\/transfer-z-letiska-vieden-schwechat-do-varsavy\/#primaryimage\"},\"image\":{\"@id\":\"https:\/\/transfereurope.com\/sk\/destinacie\/vieden\/transfer-z-letiska-vieden-schwechat-do-varsavy\/#primaryimage\"},\"thumbnailUrl\":\"https:\/\/transfereurope.com\/wp-content\/uploads\/2025\/08\/Europe-Destinations-Transfers-4966-2-1.jpg\",\"datePublished\":\"2025-08-04T22:41:48+00:00\",\"description\":\"Cesta z letiska VIE do po\u013eskej Var\u0161avy autom s vodi\u010dom. Rezervujte si online transfer Letisko Viede\u0148-Schwechat - Var\u0161ava na Transfer Europe \u2714Ve\u013ek\u00fd vozov\u00fd park \u2714VIP taxi \u2714Bezpe\u010dn\u00e9 platby.\",\"breadcrumb\":{\"@id\":\"https:\/\/transfereurope.com\/sk\/destinacie\/vieden\/transfer-z-letiska-vieden-schwechat-do-varsavy\/#breadcrumb\"},\"inLanguage\":\"sk-SK\",\"potentialAction\":[{\"@type\":\"ReadAction\",\"target\":[\"https:\/\/transfereurope.com\/sk\/destinacie\/vieden\/transfer-z-letiska-vieden-schwechat-do-varsavy\/\"]}]},{\"@type\":\"ImageObject\",\"inLanguage\":\"sk-SK\",\"@id\":\"https:\/\/transfereurope.com\/sk\/destinacie\/vieden\/transfer-z-letiska-vieden-schwechat-do-varsavy\/#primaryimage\",\"url\":\"https:\/\/transfereurope.com\/wp-content\/uploads\/2025\/08\/Europe-Destinations-Transfers-4966-2-1.jpg\",\"contentUrl\":\"https:\/\/transfereurope.com\/wp-content\/uploads\/2025\/08\/Europe-Destinations-Transfers-4966-2-1.jpg\",\"width\":1500,\"height\":2000},{\"@type\":\"BreadcrumbList\",\"@id\":\"https:\/\/transfereurope.com\/sk\/destinacie\/vieden\/transfer-z-letiska-vieden-schwechat-do-varsavy\/#breadcrumb\",\"itemListElement\":[{\"@type\":\"ListItem\",\"position\":1,\"name\":\"Home\",\"item\":\"https:\/\/transfereurope.com\/sk\/\"},{\"@type\":\"ListItem\",\"position\":2,\"name\":\"Transfer z letiska Viede\u0148-Schwechat do Var\u0161avy\"}]},{\"@type\":\"WebSite\",\"@id\":\"https:\/\/transfereurope.com\/sk\/#website\",\"url\":\"https:\/\/transfereurope.com\/sk\/\",\"name\":\"transfereurope\",\"description\":\"\",\"publisher\":{\"@id\":\"https:\/\/transfereurope.com\/sk\/#organization\"},\"potentialAction\":[{\"@type\":\"SearchAction\",\"target\":{\"@type\":\"EntryPoint\",\"urlTemplate\":\"https:\/\/transfereurope.com\/sk\/?s={search_term_string}\"},\"query-input\":{\"@type\":\"PropertyValueSpecification\",\"valueRequired\":true,\"valueName\":\"search_term_string\"}}],\"inLanguage\":\"sk-SK\"},{\"@type\":\"Organization\",\"@id\":\"https:\/\/transfereurope.com\/sk\/#organization\",\"name\":\"transfereurope\",\"url\":\"https:\/\/transfereurope.com\/sk\/\",\"logo\":{\"@type\":\"ImageObject\",\"inLanguage\":\"sk-SK\",\"@id\":\"https:\/\/transfereurope.com\/sk\/#\/schema\/logo\/image\/\",\"url\":\"https:\/\/transfereurope.com\/wp-content\/uploads\/2025\/08\/TRANSFERS-1655.png\",\"contentUrl\":\"https:\/\/transfereurope.com\/wp-content\/uploads\/2025\/08\/TRANSFERS-1655.png\",\"width\":500,\"height\":274,\"caption\":\"transfereurope\"},\"image\":{\"@id\":\"https:\/\/transfereurope.com\/sk\/#\/schema\/logo\/image\/\"}}]}<\/script>\n<!-- \/ Yoast SEO plugin. -->","yoast_head_json":{"title":"Transfer z letiska Viede\u0148-Schwechat, VIE do Var\u0161avy - Transfer Eur\u00f3pa","description":"Cesta z letiska VIE do po\u013eskej Var\u0161avy autom s vodi\u010dom. Rezervujte si online transfer Letisko Viede\u0148-Schwechat - Var\u0161ava na Transfer Europe \u2714Ve\u013ek\u00fd vozov\u00fd park \u2714VIP taxi \u2714Bezpe\u010dn\u00e9 platby.","robots":{"index":"index","follow":"follow","max-snippet":"max-snippet:-1","max-image-preview":"max-image-preview:large","max-video-preview":"max-video-preview:-1"},"canonical":"https:\/\/transfereurope.com\/sk\/destinacie\/vieden\/transfer-z-letiska-vieden-schwechat-do-varsavy\/","og_locale":"sk_SK","og_type":"article","og_title":"Transfer z letiska Viede\u0148-Schwechat, VIE do Var\u0161avy - Transfer Eur\u00f3pa","og_description":"Cesta z letiska VIE do po\u013eskej Var\u0161avy autom s vodi\u010dom. Rezervujte si online transfer Letisko Viede\u0148-Schwechat - Var\u0161ava na Transfer Europe \u2714Ve\u013ek\u00fd vozov\u00fd park \u2714VIP taxi \u2714Bezpe\u010dn\u00e9 platby.","og_url":"https:\/\/transfereurope.com\/sk\/destinacie\/vieden\/transfer-z-letiska-vieden-schwechat-do-varsavy\/","og_site_name":"transfereurope","og_image":[{"width":1500,"height":2000,"url":"https:\/\/transfereurope.com\/wp-content\/uploads\/2025\/08\/Europe-Destinations-Transfers-4966-2-1.jpg","type":"image\/jpeg"}],"twitter_card":"summary_large_image","twitter_misc":{"Predpokladan\u00fd \u010das \u010d\u00edtania":"5 min\u00fat"},"schema":{"@context":"https:\/\/schema.org","@graph":[{"@type":"WebPage","@id":"https:\/\/transfereurope.com\/sk\/destinacie\/vieden\/transfer-z-letiska-vieden-schwechat-do-varsavy\/","url":"https:\/\/transfereurope.com\/sk\/destinacie\/vieden\/transfer-z-letiska-vieden-schwechat-do-varsavy\/","name":"Transfer z letiska Viede\u0148-Schwechat, VIE do Var\u0161avy - Transfer Eur\u00f3pa","isPartOf":{"@id":"https:\/\/transfereurope.com\/sk\/#website"},"primaryImageOfPage":{"@id":"https:\/\/transfereurope.com\/sk\/destinacie\/vieden\/transfer-z-letiska-vieden-schwechat-do-varsavy\/#primaryimage"},"image":{"@id":"https:\/\/transfereurope.com\/sk\/destinacie\/vieden\/transfer-z-letiska-vieden-schwechat-do-varsavy\/#primaryimage"},"thumbnailUrl":"https:\/\/transfereurope.com\/wp-content\/uploads\/2025\/08\/Europe-Destinations-Transfers-4966-2-1.jpg","datePublished":"2025-08-04T22:41:48+00:00","description":"Cesta z letiska VIE do po\u013eskej Var\u0161avy autom s vodi\u010dom. Rezervujte si online transfer Letisko Viede\u0148-Schwechat - Var\u0161ava na Transfer Europe \u2714Ve\u013ek\u00fd vozov\u00fd park \u2714VIP taxi \u2714Bezpe\u010dn\u00e9 platby.","breadcrumb":{"@id":"https:\/\/transfereurope.com\/sk\/destinacie\/vieden\/transfer-z-letiska-vieden-schwechat-do-varsavy\/#breadcrumb"},"inLanguage":"sk-SK","potentialAction":[{"@type":"ReadAction","target":["https:\/\/transfereurope.com\/sk\/destinacie\/vieden\/transfer-z-letiska-vieden-schwechat-do-varsavy\/"]}]},{"@type":"ImageObject","inLanguage":"sk-SK","@id":"https:\/\/transfereurope.com\/sk\/destinacie\/vieden\/transfer-z-letiska-vieden-schwechat-do-varsavy\/#primaryimage","url":"https:\/\/transfereurope.com\/wp-content\/uploads\/2025\/08\/Europe-Destinations-Transfers-4966-2-1.jpg","contentUrl":"https:\/\/transfereurope.com\/wp-content\/uploads\/2025\/08\/Europe-Destinations-Transfers-4966-2-1.jpg","width":1500,"height":2000},{"@type":"BreadcrumbList","@id":"https:\/\/transfereurope.com\/sk\/destinacie\/vieden\/transfer-z-letiska-vieden-schwechat-do-varsavy\/#breadcrumb","itemListElement":[{"@type":"ListItem","position":1,"name":"Home","item":"https:\/\/transfereurope.com\/sk\/"},{"@type":"ListItem","position":2,"name":"Transfer z letiska Viede\u0148-Schwechat do Var\u0161avy"}]},{"@type":"WebSite","@id":"https:\/\/transfereurope.com\/sk\/#website","url":"https:\/\/transfereurope.com\/sk\/","name":"transfereurope","description":"","publisher":{"@id":"https:\/\/transfereurope.com\/sk\/#organization"},"potentialAction":[{"@type":"SearchAction","target":{"@type":"EntryPoint","urlTemplate":"https:\/\/transfereurope.com\/sk\/?s={search_term_string}"},"query-input":{"@type":"PropertyValueSpecification","valueRequired":true,"valueName":"search_term_string"}}],"inLanguage":"sk-SK"},{"@type":"Organization","@id":"https:\/\/transfereurope.com\/sk\/#organization","name":"transfereurope","url":"https:\/\/transfereurope.com\/sk\/","logo":{"@type":"ImageObject","inLanguage":"sk-SK","@id":"https:\/\/transfereurope.com\/sk\/#\/schema\/logo\/image\/","url":"https:\/\/transfereurope.com\/wp-content\/uploads\/2025\/08\/TRANSFERS-1655.png","contentUrl":"https:\/\/transfereurope.com\/wp-content\/uploads\/2025\/08\/TRANSFERS-1655.png","width":500,"height":274,"caption":"transfereurope"},"image":{"@id":"https:\/\/transfereurope.com\/sk\/#\/schema\/logo\/image\/"}}]}},"_links":{"self":[{"href":"https:\/\/transfereurope.com\/sk\/wp-json\/wp\/v2\/pages\/31750","targetHints":{"allow":["GET"]}}],"collection":[{"href":"https:\/\/transfereurope.com\/sk\/wp-json\/wp\/v2\/pages"}],"about":[{"href":"https:\/\/transfereurope.com\/sk\/wp-json\/wp\/v2\/types\/page"}],"author":[{"embeddable":true,"href":"https:\/\/transfereurope.com\/sk\/wp-json\/wp\/v2\/users\/1"}],"replies":[{"embeddable":true,"href":"https:\/\/transfereurope.com\/sk\/wp-json\/wp\/v2\/comments?post=31750"}],"version-history":[{"count":0,"href":"https:\/\/transfereurope.com\/sk\/wp-json\/wp\/v2\/pages\/31750\/revisions"}],"up":[{"embeddable":true,"href":"https:\/\/transfereurope.com\/sk\/wp-json\/wp\/v2\/pages\/18891"}],"wp:featuredmedia":[{"embeddable":true,"href":"https:\/\/transfereurope.com\/sk\/wp-json\/wp\/v2\/media\/31751"}],"wp:attachment":[{"href":"https:\/\/transfereurope.com\/sk\/wp-json\/wp\/v2\/media?parent=31750"}],"curies":[{"name":"wp","href":"https:\/\/api.w.org\/{rel}","templated":true}]}}