{"id":31555,"date":"2025-08-04T22:40:20","date_gmt":"2025-08-04T22:40:20","guid":{"rendered":"https:\/\/transfereurope.com\/transfer-z-letiska-vieden-schwechat-do-salzburgu\/"},"modified":"2025-08-04T22:40:20","modified_gmt":"2025-08-04T22:40:20","slug":"transfer-z-letiska-vieden-schwechat-do-salzburgu","status":"publish","type":"page","link":"https:\/\/transfereurope.com\/sk\/destinacie\/vieden\/transfer-z-letiska-vieden-schwechat-do-salzburgu\/","title":{"rendered":"Transfer z letiska Viede\u0148-Schwechat do Salzburgu"},"content":{"rendered":"\n<div id=\"t4-masthead\" class=\"t4-section  t4-masthead\">\n<div class=\"t4-col text-center\">\n<div class=\"ja-masthead\" >\n<div class=\"ja-masthead-detail\">\n<h1 class=\"ja-masthead-title\">Transfer z letiska Viede\u0148-Schwechat do Salzburgu<\/h1>\n<p>                 <!---->            <\/p>\n<div class=\"block-breadcrumb\">\n<div class=\"moduletable\">\n<div aria-label=\"Breadcrumbs\" role=\"navigation\">\n<ul  class=\"breadcrumb\">\n<li class=\"active\"> \t\t\t\t<span class=\"fas fa-map-marker-alt home-map\"><\/span> \t\t\t<\/li>\n<li itemprop='itemListElement' > \t\t\t\t\t\t\t\t\t\t\t<a  href=\"\/sk\/\" class=\"pathway\"><span itemprop=\"name\">Hlavn\u00e1 str\u00e1nka<\/span><\/a> \t\t\t\t\t \t\t\t\t\t\t\t\t\t\t\t<span class=\"divider\"> \t\t\t\t\t\t\t<i class=\"fa fa-angle-double-right\" aria-hidden=\"true\"><\/i> \t\t\t\t\t\t<\/span> \t\t\t\t\t\t\t\t\t\t<meta  content=\"1\"> \t\t\t\t<\/li>\n<li itemprop='itemListElement' > \t\t\t\t\t\t\t\t\t\t\t<a  href=\"\/sk\/destinacie\" class=\"pathway\"><span itemprop=\"name\">Destin\u00e1cie<\/span><\/a> \t\t\t\t\t \t\t\t\t\t\t\t\t\t\t\t<span class=\"divider\"> \t\t\t\t\t\t\t<i class=\"fa fa-angle-double-right\" aria-hidden=\"true\"><\/i> \t\t\t\t\t\t<\/span> \t\t\t\t\t\t\t\t\t\t<meta  content=\"2\"> \t\t\t\t<\/li>\n<li itemprop='itemListElement' > \t\t\t\t\t\t\t\t\t\t\t<a  href=\"\/sk\/destinacie\/vieden\" class=\"pathway\"><span itemprop=\"name\">Viede\u0148<\/span><\/a> \t\t\t\t\t \t\t\t\t\t\t\t\t\t\t\t<span class=\"divider\"> \t\t\t\t\t\t\t<i class=\"fa fa-angle-double-right\" aria-hidden=\"true\"><\/i> \t\t\t\t\t\t<\/span> \t\t\t\t\t\t\t\t\t\t<meta  content=\"3\"> \t\t\t\t<\/li>\n<li   class=\"active\"> \t\t\t\t\t<span itemprop=\"name\"> \t\t\t\t\t\tTransfer z letiska Viede\u0148-Schwechat do Salzburgu\t\t\t\t\t<\/span> \t\t\t\t\t<meta  content=\"4\"> \t\t\t\t<\/li>\n<\/ul><\/div>\n<\/p><\/div>\n<\/p><\/div>\n<\/p><\/div>\n<\/p><\/div>\n<pre><\/pre>\n<\/div>\n<\/div>\n<div id=\"t4-main-body\" class=\"t4-section  t4-main-body\" role=\"main body\">\n<div class=\"t4-section-inner container\">\n<div class=\"t4-row row\">\n<div class=\"t4-col col-12 col-xl\">\n<div id=\"system-message-container\"> \t<\/div>\n<div class=\"com-content-article item-page view-tour-detail\">\n<div class=\"tour-top-info clearfix\">\n<div class=\"pull-left\">\n<div class=\"category-article-dot\">\n<div class=\"category-name\"> \t\t\t\t\t<a href=\"\/sk\/destinacie\/vieden\" itemprop=\"genre\">Transfery Viede\u0148<\/a> \t\t\t\t<\/div>\n<\/p><\/div>\n<\/p><\/div>\n<div class=\"pull-right\">\n<div class=\"text-danger tour-price\"> \t\t\t\t\t\t<a href=\"\/sk\/rezervovat-transfer\">Rezervova\u0165<\/a><\/div>\n<\/p><\/div>\n<\/p><\/div>\n<p>  \t <!--\t-->  \t<\/p>\n<div class=\"vm-product-container\">\n<figure class=\"pull-left item-image\">\n<div class=\"main-image\"> \t\t<a title=\"Vienna-Schwechat Airport to Salzburg Transfer Service\" rel='vm-additional-images' href=\"\/images\/virtuemart\/product\/Europe Destinations Transfers (1)854.jpg\"><img decoding=\"async\"  loading=\"lazy\"  src=\"\/wp-content\/uploads\/2025\/08\/Europe-Destinations-Transfers-1854-2.jpg\"  alt=\"Vienna-Schwechat Airport to Salzburg Transfer Service\"  \/><\/a>\t\t<\/p>\n<div class=\"clear\"><\/div>\n<\/p><\/div>\n<\/figure>\n<div class=\"vm-product-details-container\">\n<div class=\"spacer-buy-area\">    \t\t \t\t<\/div>\n<\/p><\/div>\n<div class=\"clear\"><\/div>\n<\/p><\/div>\n<div class=\"product-description\" >\n<div class=\"book-now mt-5\" style=\"text-align: left;\">\n<p>Vitajte vo va\u0161om bezprobl\u00e9movom a pohodlnom rie\u0161en\u00ed prepravy z letiska Viede\u0148-Schwechat do malebn\u00e9ho Salzburgu. N\u00e1\u0161 \u0161pecializovan\u00fd t\u00edm v spolo\u010dnosti Transfer Europe je tu, aby v\u00e1m poskytol bezprobl\u00e9mov\u00fd transfer bez stresu.<\/p>\n<p style=\"text-align: center;\"><a class=\"btn btn-primary\" href=\"\/sk\/rezervovat-transfer-z-na-letisko\">Rezervova\u0165<\/a><\/p>\n<h2 style=\"text-align: center;\"><strong>Pre\u010do si vybra\u0165 n\u00e1\u0161 transfer z letiska Viede\u0148-Schwechat do Salzburgu?<\/strong><\/h2>\n<ul>\n<li><strong>S\u00fakromn\u00fd vodi\u010d:<\/strong>\u00a0N\u00e1\u0161 profesion\u00e1lny a zdvoril\u00fd vodi\u010d je v\u00e1m k dispoz\u00edcii a zabezpe\u010d\u00ed, aby va\u0161a cesta nebola len transferom, ale aj pr\u00edjemn\u00fdm z\u00e1\u017eitkom. V\u00e1\u0161 osobn\u00fd \u0161of\u00e9r v\u00e1s priv\u00edta na letisku, pom\u00f4\u017ee v\u00e1m s bato\u017einou a odvezie v\u00e1s priamo do cie\u013ea va\u0161ej cesty v Salzburgu.<\/li>\n<li><strong>Komfortn\u00e9 vozidl\u00e1:<\/strong>\u00a0Cestujte \u0161t\u00fdlovo a pohodlne v na\u0161ich dobre udr\u017eiavan\u00fdch, modern\u00fdch vozidl\u00e1ch. N\u00e1\u0161 vozov\u00fd park pon\u00faka r\u00f4zne mo\u017enosti, ktor\u00e9 vyhovuj\u00fa va\u0161im potreb\u00e1m, \u010di u\u017e cestujete sami, so skupinou alebo prev\u00e1\u017eate \u010fal\u0161iu bato\u017einu.<\/li>\n<li><strong>Presnos\u0165:<\/strong>\u00a0N\u00e1\u0161 t\u00edm sa sna\u017e\u00ed, aby ste sa do cie\u013ea dostali v\u010das. M\u00f4\u017eete sa spo\u013eahn\u00fa\u0165, \u017ee po pr\u00edchode v\u00e1s budeme \u010daka\u0165 a prisp\u00f4sob\u00edme sa v\u00e1\u0161mu harmonogramu.<\/li>\n<li><strong>Pohodlie pri preprave:<\/strong>\u00a0Vyhovieme va\u0161im \u0161pecifick\u00fdm po\u017eiadavk\u00e1m. \u010ci u\u017e cestujete slu\u017eobne alebo na dovolenku, na\u0161e slu\u017eby prepravy v\u00e1m zabezpe\u010dia hladk\u00fa a efekt\u00edvnu cestu.<\/li>\n<li><strong>Bezprobl\u00e9mov\u00e1 rezerv\u00e1cia:<\/strong>\u00a0Rezerv\u00e1cia transferu z letiska Viede\u0148-Schwechat do Salzburgu je s nami jednoduch\u00e1. Jednoducho si vyberte vozidlo, uve\u010fte svoje cestovn\u00e9 \u00fadaje a o zvy\u0161ok sa postar\u00e1me my.<\/li>\n<li><strong>Konkuren\u010dn\u00e9 ceny:<\/strong>\u00a0Za\u017eite pr\u00e9miov\u00e9 slu\u017eby za rozumn\u00e9 ceny. Pon\u00fakame transparentn\u00e9 ceny bez skryt\u00fdch poplatkov, v\u010faka \u010domu s\u00fa na\u0161e slu\u017eby transferu vynikaj\u00facim pomerom ceny a kvality.<\/li>\n<li><strong>Flexibiln\u00e9 mo\u017enosti pren\u00e1jmu:<\/strong>\u00a0Pon\u00fakame flexibiln\u00e9 mo\u017enosti pren\u00e1jmu, aby sme sa prisp\u00f4sobili va\u0161im potreb\u00e1m, \u010di u\u017e potrebujete jednosmern\u00fd transfer alebo spiato\u010dn\u00fa cestu.<\/li>\n<\/ul>\n<h2 style=\"text-align: center;\">\u00a0<\/h2>\n<h2 style=\"text-align: center;\"><strong>Rezerv\u00e1cia transferu z letiska Viede\u0148-Schwechat do Salzburgu\u00a0<\/strong><\/h2>\n<p>Urobte si cestu z letiska Viede\u0148-Schwechat do Salzburgu \u010do najpohodlnej\u0161iu a najpr\u00edjemnej\u0161iu v\u010faka na\u0161ej \u0161pecializovanej dopravnej slu\u017ebe. Rezervujte si transfer e\u0161te dnes a nechajte n\u00e1s postara\u0165 sa o va\u0161e prepravn\u00e9 potreby.<\/p>\n<p>Transfer Europe je v\u00e1\u0161 d\u00f4veryhodn\u00fd partner pre letiskov\u00fa dopravu. Te\u0161\u00edme sa, \u017ee v\u00e1m m\u00f4\u017eeme posl\u00fa\u017ei\u0165 na va\u0161ej ceste z letiska Viede\u0148-Schwechat do o\u010daruj\u00faceho mesta Salzburg.<\/p>\n<p style=\"text-align: center;\"><a class=\"btn btn-primary\" href=\"\/sk\/rezervovat-transfer-z-na-letisko\">Rezervova\u0165<\/a><\/p>\n<h2 style=\"text-align: center;\"><b>Ako sa dosta\u0165 z letiska Viede\u0148-Schwechat do Salzburgu<\/b><\/h2>\n<p>Pl\u00e1nujete cestu z letiska Viede\u0148-Schwechat do o\u010daruj\u00faceho Salzburgu? \u010ci u\u017e cestujete pracovne alebo na dovolenku, na v\u00fdber m\u00e1te nieko\u013eko pohodln\u00fdch mo\u017enost\u00ed.<\/p>\n<h3>S\u00fakromn\u00e9 auto alebo slu\u017eba transferu<\/h3>\n<p>Ak si chcete u\u017ei\u0165 bezprobl\u00e9mov\u00fd a bezstresov\u00fd z\u00e1\u017eitok, zv\u00e1\u017ete rezerv\u00e1ciu s\u00fakromn\u00e9ho auta alebo transferu. S\u00fakromn\u00fd vodi\u010d v\u00e1s priv\u00edta na letisku, pom\u00f4\u017ee v\u00e1m s bato\u017einou a odvezie v\u00e1s priamo do cie\u013ea v Salzburgu. T\u00e1to mo\u017enos\u0165 pon\u00faka pohodlie, s\u00fakromie a flexibilitu.<\/p>\n<h3>Letiskov\u00e1 kyvadlov\u00e1 doprava<\/h3>\n<p>Niektor\u00e9 spolo\u010dnosti pon\u00fakaj\u00fa kyvadlov\u00fa dopravu z letiska Viede\u0148-Schwechat do Salzburgu. T\u00e1to kyvadlov\u00e1 doprava je cenovo v\u00fdhodn\u00e1 a m\u00f4\u017ee by\u0165 dobrou vo\u013ebou, ak cestujete so skupinou.<\/p>\n<h3>Vlak<\/h3>\n<p>Z Viedne do Salzburgu m\u00f4\u017eete cestova\u0165 vlakom. \u017delezni\u010dn\u00e1 stanica na viedenskom letisku je dobre prepojen\u00e1 s hlavnou mestskou \u017eelezni\u010dnou stanicou Wien Hauptbahnhof. Odtia\u013e m\u00f4\u017eete nast\u00fapi\u0165 na priamy vlak do Salzburgu. Vlaky s\u00fa zn\u00e1me svojou efekt\u00edvnos\u0165ou a malebn\u00fdmi trasami.<\/p>\n<p>\u00a0<\/p>\n<h3>Autobus<\/h3>\n<p>Medzi Vied\u0148ou a Salzburgom prem\u00e1va aj autobusov\u00e1 doprava. S\u00fa cenovo v\u00fdhodn\u00e9, ale m\u00f4\u017eu trva\u0165 dlh\u0161ie ako vlaky alebo s\u00fakromn\u00e9 transfery.<\/p>\n<h3>Pren\u00e1jom auta<\/h3>\n<p>Ak chcete ma\u0165 rad\u0161ej vo\u013enos\u0165 pri objavovan\u00ed na vlastn\u00fa p\u00e4s\u0165, m\u00f4\u017eete si na letisku Viede\u0148-Schwechat prenaja\u0165 auto. Salzburg je dobre prepojen\u00fd sie\u0165ou dia\u013enic, tak\u017ee je \u013eahko dostupn\u00fd autom.<\/p>\n<h3>Taxi<\/h3>\n<p>Na letisku s\u00fa \u013eahko dostupn\u00e9 tax\u00edky, ktor\u00e9 pon\u00fakaj\u00fa pohodln\u00e9 slu\u017eby od dver\u00ed k dver\u00e1m. M\u00f4\u017eu v\u0161ak by\u0165 drah\u0161ie ako in\u00e9 mo\u017enosti.<\/p>\n<p style=\"text-align: center;\"><a class=\"btn btn-primary\" href=\"\/sk\/rezervovat-transfer-z-na-letisko\">Rezervova\u0165<\/a><\/p>\n<p style=\"text-align: left;\">Bez oh\u013eadu na to, ktor\u00fa mo\u017enos\u0165 si vyberiete, je nevyhnutn\u00e9 napl\u00e1nova\u0165 si dopravu vopred, aby ste si zabezpe\u010dili hladk\u00fa a pr\u00edjemn\u00fa cestu z letiska Viede\u0148-Schwechat do Salzburgu. Pri rozhodovan\u00ed zv\u00e1\u017ete svoj rozpo\u010det, \u010dasov\u00fd harmonogram a osobn\u00e9 preferencie a u\u017eite si cestu do tohto kr\u00e1sneho rak\u00faskeho mesta. Bezpe\u010dn\u00e9 cestovanie!<\/p>\n<\/p><\/div>\n<\/p><\/div>\n<div class=\"product-price-container\">\n<div class=\"sale-price\"> \t\t<\/div>\n<\/p><\/div>\n<div class=\"options\"><\/div>\n<div> \t\t<\/div>\n<p>   \t        <script type=\"text\/javascript\" ><\/script>  <script type=\"text\/javascript\" ><\/script> <script type=\"text\/javascript\" ><\/script>  <script type=\"text\/javascript\" ><\/script> <script type=\"text\/javascript\" ><\/script> <script type=\"text\/javascript\" ><\/script> <script type=\"text\/javascript\" ><\/script> <\/div>\n<p> \t\t<!-- \u041f\u043b\u0430\u0433\u0438\u043d \u0440\u0435\u0439\u0442\u0438\u043d\u0433\u0430 --> <\/p>\n<div class=\"vrvote-body\">\n<ul class=\"vrvote-ul\">\n<li id=\"rating_98\" class=\"current-rating\" style=\"width:98.71%;\"><\/li>\n<li> \t\t\t\t\t\t<a class=\"vr-one-star\" onclick=\"javascript:JSVRvote(98,1,153,31,0)\" href=\"javascript:void(null)\">1<\/a> \t\t\t\t\t<\/li>\n<li> \t\t\t\t\t\t<a class=\"vr-two-stars\" onclick=\"javascript:JSVRvote(98,2,153,31,0)\" href=\"javascript:void(null)\">2<\/a> \t\t\t\t\t<\/li>\n<li> \t\t\t\t\t\t<a class=\"vr-three-stars\" onclick=\"javascript:JSVRvote(98,3,153,31,0)\" href=\"javascript:void(null)\">3<\/a> \t\t\t\t\t<\/li>\n<li> \t\t\t\t\t\t<a class=\"vr-four-stars\" onclick=\"javascript:JSVRvote(98,4,153,31,0)\" href=\"javascript:void(null)\">4<\/a> \t\t\t\t\t<\/li>\n<li> \t\t\t\t\t\t<a class=\"vr-five-stars\" onclick=\"javascript:JSVRvote(98,5,153,31,0)\" href=\"javascript:void(null)\">5<\/a> \t\t\t\t\t<\/li>\n<\/ul><\/div>\n<p> \t\t\t<span id=\"vrvote_98\" class=\"vrvote-count\"><small><\/small><\/span>\t<\/span><script type=\"application\/ld+json\"><\/script>   <\/div>\n<div class=\"t4-col sidebar-r col-12 col-xl-4\">\n<div class=\"t4-module module\" id=\"Mod306\">\n<div class=\"module-inner\">\n<div class=\"module-ct\">\n<div class=\"bannergroup\">\n<div class=\"banneritem\"> \t\t\t\t\t\t\t\t\t\t\t\t\t\t\t\t\t\t\t\t\t\t\t\t\t\t\t\t\t\t\t\t\t\t\t\t\t\t\t\t\t\t\t\t\t\t\t\t\t\t<img \t\t\t\t\t\tsrc=\"\/wp-content\/uploads\/2025\/08\/banner-transfer-europe-sk-69.png\" \t\t\t\t\t\talt=\"Banner-sk\" \t\t\t\t\t\t\t\t\t\t\t\t\t\t\t\t\t\/> \t\t\t\t\t\t\t\t\t\t\t<\/p>\n<div class=\"clr\"><\/div>\n<\/p><\/div>\n<\/p><\/div>\n<\/p><\/div>\n<\/div>\n<\/div><\/div>\n<\/p><\/div>\n<\/div><\/div>\n<div id=\"t4-section-8\" class=\"t4-section  t4-section-8  section-border-top\" role=\"section-8\">\n<div class=\"bg-overlay bg-overlay-image\">&nbsp;<\/div>\n<\/p><\/div>\n<p>  <a href='javascript:' id='back-to-top'><i class='fa fa-chevron-up'><\/i><\/a>                <\/p>\n","protected":false},"excerpt":{"rendered":"<p>Transfer z letiska Viede\u0148-Schwechat do Salzburgu Hlavn\u00e1 str\u00e1nka Destin\u00e1cie Viede\u0148 Transfer z letiska Viede\u0148-Schwechat do Salzburgu Transfery Viede\u0148 Rezervova\u0165 Vitajte vo va\u0161om bezprobl\u00e9movom a pohodlnom rie\u0161en\u00ed prepravy z letiska Viede\u0148-Schwechat do malebn\u00e9ho Salzburgu. N\u00e1\u0161 \u0161pecializovan\u00fd t\u00edm v spolo\u010dnosti Transfer Europe je tu, aby v\u00e1m poskytol bezprobl\u00e9mov\u00fd transfer bez stresu. Rezervova\u0165 Pre\u010do si vybra\u0165 n\u00e1\u0161 transfer [&hellip;]<\/p>\n","protected":false},"author":1,"featured_media":31556,"parent":18891,"menu_order":0,"comment_status":"closed","ping_status":"closed","template":"","meta":{"footnotes":""},"class_list":["post-31555","page","type-page","status-publish","has-post-thumbnail","hentry"],"yoast_head":"<!-- This site is optimized with the Yoast SEO plugin v25.6 - https:\/\/yoast.com\/wordpress\/plugins\/seo\/ -->\n<title>Transfer z letiska Viede\u0148-Schwechat, VIE do Salzburgu - Transfer Eur\u00f3pa<\/title>\n<meta name=\"description\" content=\"Cesta z letiska VIE do rak\u00faskeho Salzburgu autom s vodi\u010dom. Rezervujte si online transfer Letisko Viede\u0148-Schwechat - Salzburg na Transfer Europe \u2714 Ve\u013ek\u00fd vozov\u00fd park \u2714 VIP taxi \u2714 Bezpe\u010dn\u00e9 platby.\" \/>\n<meta name=\"robots\" content=\"index, follow, max-snippet:-1, max-image-preview:large, max-video-preview:-1\" \/>\n<link rel=\"canonical\" href=\"https:\/\/transfereurope.com\/sk\/destinacie\/vieden\/transfer-z-letiska-vieden-schwechat-do-salzburgu\/\" \/>\n<meta property=\"og:locale\" content=\"sk_SK\" \/>\n<meta property=\"og:type\" content=\"article\" \/>\n<meta property=\"og:title\" content=\"Transfer z letiska Viede\u0148-Schwechat, VIE do Salzburgu - Transfer Eur\u00f3pa\" \/>\n<meta property=\"og:description\" content=\"Cesta z letiska VIE do rak\u00faskeho Salzburgu autom s vodi\u010dom. Rezervujte si online transfer Letisko Viede\u0148-Schwechat - Salzburg na Transfer Europe \u2714 Ve\u013ek\u00fd vozov\u00fd park \u2714 VIP taxi \u2714 Bezpe\u010dn\u00e9 platby.\" \/>\n<meta property=\"og:url\" content=\"https:\/\/transfereurope.com\/sk\/destinacie\/vieden\/transfer-z-letiska-vieden-schwechat-do-salzburgu\/\" \/>\n<meta property=\"og:site_name\" content=\"transfereurope\" \/>\n<meta property=\"og:image\" content=\"https:\/\/transfereurope.com\/wp-content\/uploads\/2025\/08\/Europe-Destinations-Transfers-1854-2-1.jpg\" \/>\n\t<meta property=\"og:image:width\" content=\"1500\" \/>\n\t<meta property=\"og:image:height\" content=\"2000\" \/>\n\t<meta property=\"og:image:type\" content=\"image\/jpeg\" \/>\n<meta name=\"twitter:card\" content=\"summary_large_image\" \/>\n<meta name=\"twitter:label1\" content=\"Predpokladan\u00fd \u010das \u010d\u00edtania\" \/>\n\t<meta name=\"twitter:data1\" content=\"4 min\u00faty\" \/>\n<script type=\"application\/ld+json\" class=\"yoast-schema-graph\">{\"@context\":\"https:\/\/schema.org\",\"@graph\":[{\"@type\":\"WebPage\",\"@id\":\"https:\/\/transfereurope.com\/sk\/destinacie\/vieden\/transfer-z-letiska-vieden-schwechat-do-salzburgu\/\",\"url\":\"https:\/\/transfereurope.com\/sk\/destinacie\/vieden\/transfer-z-letiska-vieden-schwechat-do-salzburgu\/\",\"name\":\"Transfer z letiska Viede\u0148-Schwechat, VIE do Salzburgu - Transfer Eur\u00f3pa\",\"isPartOf\":{\"@id\":\"https:\/\/transfereurope.com\/sk\/#website\"},\"primaryImageOfPage\":{\"@id\":\"https:\/\/transfereurope.com\/sk\/destinacie\/vieden\/transfer-z-letiska-vieden-schwechat-do-salzburgu\/#primaryimage\"},\"image\":{\"@id\":\"https:\/\/transfereurope.com\/sk\/destinacie\/vieden\/transfer-z-letiska-vieden-schwechat-do-salzburgu\/#primaryimage\"},\"thumbnailUrl\":\"https:\/\/transfereurope.com\/wp-content\/uploads\/2025\/08\/Europe-Destinations-Transfers-1854-2-1.jpg\",\"datePublished\":\"2025-08-04T22:40:20+00:00\",\"description\":\"Cesta z letiska VIE do rak\u00faskeho Salzburgu autom s vodi\u010dom. Rezervujte si online transfer Letisko Viede\u0148-Schwechat - Salzburg na Transfer Europe \u2714 Ve\u013ek\u00fd vozov\u00fd park \u2714 VIP taxi \u2714 Bezpe\u010dn\u00e9 platby.\",\"breadcrumb\":{\"@id\":\"https:\/\/transfereurope.com\/sk\/destinacie\/vieden\/transfer-z-letiska-vieden-schwechat-do-salzburgu\/#breadcrumb\"},\"inLanguage\":\"sk-SK\",\"potentialAction\":[{\"@type\":\"ReadAction\",\"target\":[\"https:\/\/transfereurope.com\/sk\/destinacie\/vieden\/transfer-z-letiska-vieden-schwechat-do-salzburgu\/\"]}]},{\"@type\":\"ImageObject\",\"inLanguage\":\"sk-SK\",\"@id\":\"https:\/\/transfereurope.com\/sk\/destinacie\/vieden\/transfer-z-letiska-vieden-schwechat-do-salzburgu\/#primaryimage\",\"url\":\"https:\/\/transfereurope.com\/wp-content\/uploads\/2025\/08\/Europe-Destinations-Transfers-1854-2-1.jpg\",\"contentUrl\":\"https:\/\/transfereurope.com\/wp-content\/uploads\/2025\/08\/Europe-Destinations-Transfers-1854-2-1.jpg\",\"width\":1500,\"height\":2000},{\"@type\":\"BreadcrumbList\",\"@id\":\"https:\/\/transfereurope.com\/sk\/destinacie\/vieden\/transfer-z-letiska-vieden-schwechat-do-salzburgu\/#breadcrumb\",\"itemListElement\":[{\"@type\":\"ListItem\",\"position\":1,\"name\":\"Home\",\"item\":\"https:\/\/transfereurope.com\/sk\/\"},{\"@type\":\"ListItem\",\"position\":2,\"name\":\"Transfer z letiska Viede\u0148-Schwechat do Salzburgu\"}]},{\"@type\":\"WebSite\",\"@id\":\"https:\/\/transfereurope.com\/sk\/#website\",\"url\":\"https:\/\/transfereurope.com\/sk\/\",\"name\":\"transfereurope\",\"description\":\"\",\"publisher\":{\"@id\":\"https:\/\/transfereurope.com\/sk\/#organization\"},\"potentialAction\":[{\"@type\":\"SearchAction\",\"target\":{\"@type\":\"EntryPoint\",\"urlTemplate\":\"https:\/\/transfereurope.com\/sk\/?s={search_term_string}\"},\"query-input\":{\"@type\":\"PropertyValueSpecification\",\"valueRequired\":true,\"valueName\":\"search_term_string\"}}],\"inLanguage\":\"sk-SK\"},{\"@type\":\"Organization\",\"@id\":\"https:\/\/transfereurope.com\/sk\/#organization\",\"name\":\"transfereurope\",\"url\":\"https:\/\/transfereurope.com\/sk\/\",\"logo\":{\"@type\":\"ImageObject\",\"inLanguage\":\"sk-SK\",\"@id\":\"https:\/\/transfereurope.com\/sk\/#\/schema\/logo\/image\/\",\"url\":\"https:\/\/transfereurope.com\/wp-content\/uploads\/2025\/08\/TRANSFERS-1655.png\",\"contentUrl\":\"https:\/\/transfereurope.com\/wp-content\/uploads\/2025\/08\/TRANSFERS-1655.png\",\"width\":500,\"height\":274,\"caption\":\"transfereurope\"},\"image\":{\"@id\":\"https:\/\/transfereurope.com\/sk\/#\/schema\/logo\/image\/\"}}]}<\/script>\n<!-- \/ Yoast SEO plugin. -->","yoast_head_json":{"title":"Transfer z letiska Viede\u0148-Schwechat, VIE do Salzburgu - Transfer Eur\u00f3pa","description":"Cesta z letiska VIE do rak\u00faskeho Salzburgu autom s vodi\u010dom. Rezervujte si online transfer Letisko Viede\u0148-Schwechat - Salzburg na Transfer Europe \u2714 Ve\u013ek\u00fd vozov\u00fd park \u2714 VIP taxi \u2714 Bezpe\u010dn\u00e9 platby.","robots":{"index":"index","follow":"follow","max-snippet":"max-snippet:-1","max-image-preview":"max-image-preview:large","max-video-preview":"max-video-preview:-1"},"canonical":"https:\/\/transfereurope.com\/sk\/destinacie\/vieden\/transfer-z-letiska-vieden-schwechat-do-salzburgu\/","og_locale":"sk_SK","og_type":"article","og_title":"Transfer z letiska Viede\u0148-Schwechat, VIE do Salzburgu - Transfer Eur\u00f3pa","og_description":"Cesta z letiska VIE do rak\u00faskeho Salzburgu autom s vodi\u010dom. Rezervujte si online transfer Letisko Viede\u0148-Schwechat - Salzburg na Transfer Europe \u2714 Ve\u013ek\u00fd vozov\u00fd park \u2714 VIP taxi \u2714 Bezpe\u010dn\u00e9 platby.","og_url":"https:\/\/transfereurope.com\/sk\/destinacie\/vieden\/transfer-z-letiska-vieden-schwechat-do-salzburgu\/","og_site_name":"transfereurope","og_image":[{"width":1500,"height":2000,"url":"https:\/\/transfereurope.com\/wp-content\/uploads\/2025\/08\/Europe-Destinations-Transfers-1854-2-1.jpg","type":"image\/jpeg"}],"twitter_card":"summary_large_image","twitter_misc":{"Predpokladan\u00fd \u010das \u010d\u00edtania":"4 min\u00faty"},"schema":{"@context":"https:\/\/schema.org","@graph":[{"@type":"WebPage","@id":"https:\/\/transfereurope.com\/sk\/destinacie\/vieden\/transfer-z-letiska-vieden-schwechat-do-salzburgu\/","url":"https:\/\/transfereurope.com\/sk\/destinacie\/vieden\/transfer-z-letiska-vieden-schwechat-do-salzburgu\/","name":"Transfer z letiska Viede\u0148-Schwechat, VIE do Salzburgu - Transfer Eur\u00f3pa","isPartOf":{"@id":"https:\/\/transfereurope.com\/sk\/#website"},"primaryImageOfPage":{"@id":"https:\/\/transfereurope.com\/sk\/destinacie\/vieden\/transfer-z-letiska-vieden-schwechat-do-salzburgu\/#primaryimage"},"image":{"@id":"https:\/\/transfereurope.com\/sk\/destinacie\/vieden\/transfer-z-letiska-vieden-schwechat-do-salzburgu\/#primaryimage"},"thumbnailUrl":"https:\/\/transfereurope.com\/wp-content\/uploads\/2025\/08\/Europe-Destinations-Transfers-1854-2-1.jpg","datePublished":"2025-08-04T22:40:20+00:00","description":"Cesta z letiska VIE do rak\u00faskeho Salzburgu autom s vodi\u010dom. Rezervujte si online transfer Letisko Viede\u0148-Schwechat - Salzburg na Transfer Europe \u2714 Ve\u013ek\u00fd vozov\u00fd park \u2714 VIP taxi \u2714 Bezpe\u010dn\u00e9 platby.","breadcrumb":{"@id":"https:\/\/transfereurope.com\/sk\/destinacie\/vieden\/transfer-z-letiska-vieden-schwechat-do-salzburgu\/#breadcrumb"},"inLanguage":"sk-SK","potentialAction":[{"@type":"ReadAction","target":["https:\/\/transfereurope.com\/sk\/destinacie\/vieden\/transfer-z-letiska-vieden-schwechat-do-salzburgu\/"]}]},{"@type":"ImageObject","inLanguage":"sk-SK","@id":"https:\/\/transfereurope.com\/sk\/destinacie\/vieden\/transfer-z-letiska-vieden-schwechat-do-salzburgu\/#primaryimage","url":"https:\/\/transfereurope.com\/wp-content\/uploads\/2025\/08\/Europe-Destinations-Transfers-1854-2-1.jpg","contentUrl":"https:\/\/transfereurope.com\/wp-content\/uploads\/2025\/08\/Europe-Destinations-Transfers-1854-2-1.jpg","width":1500,"height":2000},{"@type":"BreadcrumbList","@id":"https:\/\/transfereurope.com\/sk\/destinacie\/vieden\/transfer-z-letiska-vieden-schwechat-do-salzburgu\/#breadcrumb","itemListElement":[{"@type":"ListItem","position":1,"name":"Home","item":"https:\/\/transfereurope.com\/sk\/"},{"@type":"ListItem","position":2,"name":"Transfer z letiska Viede\u0148-Schwechat do Salzburgu"}]},{"@type":"WebSite","@id":"https:\/\/transfereurope.com\/sk\/#website","url":"https:\/\/transfereurope.com\/sk\/","name":"transfereurope","description":"","publisher":{"@id":"https:\/\/transfereurope.com\/sk\/#organization"},"potentialAction":[{"@type":"SearchAction","target":{"@type":"EntryPoint","urlTemplate":"https:\/\/transfereurope.com\/sk\/?s={search_term_string}"},"query-input":{"@type":"PropertyValueSpecification","valueRequired":true,"valueName":"search_term_string"}}],"inLanguage":"sk-SK"},{"@type":"Organization","@id":"https:\/\/transfereurope.com\/sk\/#organization","name":"transfereurope","url":"https:\/\/transfereurope.com\/sk\/","logo":{"@type":"ImageObject","inLanguage":"sk-SK","@id":"https:\/\/transfereurope.com\/sk\/#\/schema\/logo\/image\/","url":"https:\/\/transfereurope.com\/wp-content\/uploads\/2025\/08\/TRANSFERS-1655.png","contentUrl":"https:\/\/transfereurope.com\/wp-content\/uploads\/2025\/08\/TRANSFERS-1655.png","width":500,"height":274,"caption":"transfereurope"},"image":{"@id":"https:\/\/transfereurope.com\/sk\/#\/schema\/logo\/image\/"}}]}},"_links":{"self":[{"href":"https:\/\/transfereurope.com\/sk\/wp-json\/wp\/v2\/pages\/31555","targetHints":{"allow":["GET"]}}],"collection":[{"href":"https:\/\/transfereurope.com\/sk\/wp-json\/wp\/v2\/pages"}],"about":[{"href":"https:\/\/transfereurope.com\/sk\/wp-json\/wp\/v2\/types\/page"}],"author":[{"embeddable":true,"href":"https:\/\/transfereurope.com\/sk\/wp-json\/wp\/v2\/users\/1"}],"replies":[{"embeddable":true,"href":"https:\/\/transfereurope.com\/sk\/wp-json\/wp\/v2\/comments?post=31555"}],"version-history":[{"count":0,"href":"https:\/\/transfereurope.com\/sk\/wp-json\/wp\/v2\/pages\/31555\/revisions"}],"up":[{"embeddable":true,"href":"https:\/\/transfereurope.com\/sk\/wp-json\/wp\/v2\/pages\/18891"}],"wp:featuredmedia":[{"embeddable":true,"href":"https:\/\/transfereurope.com\/sk\/wp-json\/wp\/v2\/media\/31556"}],"wp:attachment":[{"href":"https:\/\/transfereurope.com\/sk\/wp-json\/wp\/v2\/media?parent=31555"}],"curies":[{"name":"wp","href":"https:\/\/api.w.org\/{rel}","templated":true}]}}