{"id":31456,"date":"2025-08-04T22:39:33","date_gmt":"2025-08-04T22:39:33","guid":{"rendered":"https:\/\/transfereurope.com\/transfer-z-letiska-vieden-schwechat-do-krakova\/"},"modified":"2025-08-04T22:39:33","modified_gmt":"2025-08-04T22:39:33","slug":"transfer-z-letiska-vieden-schwechat-do-krakova","status":"publish","type":"page","link":"https:\/\/transfereurope.com\/sk\/destinacie\/vieden\/transfer-z-letiska-vieden-schwechat-do-krakova\/","title":{"rendered":"Transfer z letiska Viede\u0148-Schwechat do Krakova"},"content":{"rendered":"\n<div id=\"t4-masthead\" class=\"t4-section  t4-masthead\">\n<div class=\"t4-col text-center\">\n<div class=\"ja-masthead\" >\n<div class=\"ja-masthead-detail\">\n<h1 class=\"ja-masthead-title\">Transfer z letiska Viede\u0148-Schwechat do Krakova<\/h1>\n<p>                 <!---->            <\/p>\n<div class=\"block-breadcrumb\">\n<div class=\"moduletable\">\n<div aria-label=\"Breadcrumbs\" role=\"navigation\">\n<ul  class=\"breadcrumb\">\n<li class=\"active\"> \t\t\t\t<span class=\"fas fa-map-marker-alt home-map\"><\/span> \t\t\t<\/li>\n<li itemprop='itemListElement' > \t\t\t\t\t\t\t\t\t\t\t<a  href=\"\/sk\/\" class=\"pathway\"><span itemprop=\"name\">Hlavn\u00e1 str\u00e1nka<\/span><\/a> \t\t\t\t\t \t\t\t\t\t\t\t\t\t\t\t<span class=\"divider\"> \t\t\t\t\t\t\t<i class=\"fa fa-angle-double-right\" aria-hidden=\"true\"><\/i> \t\t\t\t\t\t<\/span> \t\t\t\t\t\t\t\t\t\t<meta  content=\"1\"> \t\t\t\t<\/li>\n<li itemprop='itemListElement' > \t\t\t\t\t\t\t\t\t\t\t<a  href=\"\/sk\/destinacie\" class=\"pathway\"><span itemprop=\"name\">Destin\u00e1cie<\/span><\/a> \t\t\t\t\t \t\t\t\t\t\t\t\t\t\t\t<span class=\"divider\"> \t\t\t\t\t\t\t<i class=\"fa fa-angle-double-right\" aria-hidden=\"true\"><\/i> \t\t\t\t\t\t<\/span> \t\t\t\t\t\t\t\t\t\t<meta  content=\"2\"> \t\t\t\t<\/li>\n<li itemprop='itemListElement' > \t\t\t\t\t\t\t\t\t\t\t<a  href=\"\/sk\/destinacie\/vieden\" class=\"pathway\"><span itemprop=\"name\">Viede\u0148<\/span><\/a> \t\t\t\t\t \t\t\t\t\t\t\t\t\t\t\t<span class=\"divider\"> \t\t\t\t\t\t\t<i class=\"fa fa-angle-double-right\" aria-hidden=\"true\"><\/i> \t\t\t\t\t\t<\/span> \t\t\t\t\t\t\t\t\t\t<meta  content=\"3\"> \t\t\t\t<\/li>\n<li   class=\"active\"> \t\t\t\t\t<span itemprop=\"name\"> \t\t\t\t\t\tTransfer z letiska Viede\u0148-Schwechat do Krakova\t\t\t\t\t<\/span> \t\t\t\t\t<meta  content=\"4\"> \t\t\t\t<\/li>\n<\/ul><\/div>\n<\/p><\/div>\n<\/p><\/div>\n<\/p><\/div>\n<\/p><\/div>\n<pre><\/pre>\n<\/div>\n<\/div>\n<div id=\"t4-main-body\" class=\"t4-section  t4-main-body\" role=\"main body\">\n<div class=\"t4-section-inner container\">\n<div class=\"t4-row row\">\n<div class=\"t4-col col-12 col-xl\">\n<div id=\"system-message-container\"> \t<\/div>\n<div class=\"com-content-article item-page view-tour-detail\">\n<div class=\"tour-top-info clearfix\">\n<div class=\"pull-left\">\n<div class=\"category-article-dot\">\n<div class=\"category-name\"> \t\t\t\t\t<a href=\"\/sk\/destinacie\/vieden\" itemprop=\"genre\">Transfery Viede\u0148<\/a> \t\t\t\t<\/div>\n<\/p><\/div>\n<\/p><\/div>\n<div class=\"pull-right\">\n<div class=\"text-danger tour-price\"> \t\t\t\t\t\t<a href=\"\/sk\/rezervovat-transfer\">Rezervova\u0165<\/a><\/div>\n<\/p><\/div>\n<\/p><\/div>\n<p>  \t <!--\t-->  \t<\/p>\n<div class=\"vm-product-container\">\n<figure class=\"pull-left item-image\">\n<div class=\"main-image\"> \t\t<a title=\"Vienna-Schwechat Airport to Krakow Transfer Service\" rel='vm-additional-images' href=\"\/images\/virtuemart\/product\/Italy Milan Transfers (5)31.jpg\"><img decoding=\"async\"  loading=\"lazy\"  src=\"\/wp-content\/uploads\/2025\/08\/Italy-Milan-Transfers-531-2.jpg\"  alt=\"Vienna-Schwechat Airport to Krakow Transfer Service\"  \/><\/a>\t\t<\/p>\n<div class=\"clear\"><\/div>\n<\/p><\/div>\n<\/figure>\n<div class=\"vm-product-details-container\">\n<div class=\"spacer-buy-area\">    \t\t \t\t<\/div>\n<\/p><\/div>\n<div class=\"clear\"><\/div>\n<\/p><\/div>\n<div class=\"product-description\" >\n<div class=\"book-now mt-5\" style=\"text-align: left;\">\n<p>V spolo\u010dnosti Vienna-Schwechat Airport Transfer sme hrd\u00ed na to, \u017ee poskytujeme \u0161pi\u010dkov\u00e9 dopravn\u00e9 rie\u0161enia, aby va\u0161a cesta bola pohodln\u00e1 a bez stresu. \u010ci u\u017e ste obchodn\u00fd cestuj\u00faci alebo turista, n\u00e1\u0161 \u0161pecializovan\u00fd t\u00edm je tu, aby v\u00e1m pon\u00fakol bezprobl\u00e9mov\u00fd a spo\u013eahliv\u00fd transfer.<\/p>\n<p style=\"text-align: center;\"><a class=\"btn btn-primary\" href=\"\/sk\/rezervovat-transfer-z-na-letisko\">Rezervova\u0165<\/a><\/p>\n<h2 style=\"text-align: center;\"><strong>Pre\u010do si vybra\u0165 n\u00e1\u0161 transfer z letiska Viede\u0148-Schwechat do Krakova?<\/strong><\/h2>\n<ul>\n<li><strong>Spo\u013eahlivos\u0165:<\/strong>\u00a0Sme hrd\u00ed na svoju dochv\u00ed\u013enos\u0165. M\u00f4\u017eete sa spo\u013eahn\u00fa\u0165, \u017ee budeme pripraven\u00ed dopravi\u0165 v\u00e1s do cie\u013ea bez oh\u013eadu na \u010das pr\u00edletu v\u00e1\u0161ho lietadla.<\/li>\n<li><strong>Pohodlie:<\/strong>\u00a0Na\u0161e vozidl\u00e1 s\u00fa vybaven\u00e9 modern\u00fdm vybaven\u00edm, aby bola va\u0161a cesta \u010do najpohodlnej\u0161ia. Pohodlne sa usa\u010fte, uvo\u013enite sa a u\u017eite si jazdu.<\/li>\n<li><strong>Sk\u00fasen\u00ed vodi\u010di:<\/strong>\u00a0Na\u0161i profesion\u00e1lni vodi\u010di s\u00fa dobre vy\u0161kolen\u00ed a poznaj\u00fa najlep\u0161ie trasy z letiska Viede\u0148-Schwechat do Krakova, \u010d\u00edm v\u00e1m zabezpe\u010dia bezprobl\u00e9mov\u00fa cestu.<\/li>\n<li><strong>Konkuren\u010dn\u00e9 ceny:<\/strong>\u00a0Pon\u00fakame konkurencieschopn\u00e9 ceny za na\u0161e vysokokvalitn\u00e9 slu\u017eby. U\u017e\u00edvajte si v\u00fdhody s\u00fakromn\u00e9ho transferu bez toho, aby ste prepadli.<\/li>\n<li><strong>Rie\u0161enia na mieru:<\/strong>\u00a0\u010ci u\u017e cestujete sami, s rodinou alebo vo v\u00e4\u010d\u0161ej skupine, dok\u00e1\u017eeme sa prisp\u00f4sobi\u0165 va\u0161im \u0161pecifick\u00fdm potreb\u00e1m. Sta\u010d\u00ed n\u00e1m ozn\u00e1mi\u0165 svoje po\u017eiadavky a my v\u0161etko zariadime za v\u00e1s.<\/li>\n<\/ul>\n<h2 style=\"text-align: center;\">\u00a0<\/h2>\n<h2 style=\"text-align: center;\"><strong>Rezerv\u00e1cia transferu z letiska Viede\u0148-Schwechat do Krakova\u00a0<\/strong><\/h2>\n<p>Nestresujte sa transferom z letiska Viede\u0148-Schwechat do Krakova. Postar\u00e1me sa o va\u0161u prepravu a pon\u00fakneme v\u00e1m s\u00fakromn\u00e9, pohodln\u00e9 a spo\u013eahliv\u00e9 slu\u017eby. Rezervujte si transfer z letiska Viede\u0148-Schwechat do Krakova u n\u00e1s e\u0161te dnes a za\u017eite pohodlie skuto\u010dne v\u00fdnimo\u010dn\u00fdch prepravn\u00fdch slu\u017eieb.<\/p>\n<p style=\"text-align: center;\"><a class=\"btn btn-primary\" href=\"\/sk\/rezervovat-transfer-z-na-letisko\">Rezervova\u0165<\/a><\/p>\n<h2 style=\"text-align: center;\"><b>Ako sa dosta\u0165 z letiska Viede\u0148-Schwechat do Krakova<\/b><\/h2>\n<p>Cesta z letiska Viede\u0148-Schwechat do Krakova je pomerne jednoduch\u00e1 a m\u00f4\u017eete si vybra\u0165 z nieko\u013ek\u00fdch mo\u017enost\u00ed dopravy. Tu je stru\u010dn\u00fd n\u00e1vod, ako tento presun uskuto\u010dni\u0165:<\/p>\n<h3>Lety<\/h3>\n<p>Ak uprednost\u0148ujete priamy let, m\u00f4\u017eete si vyh\u013eada\u0165 dostupn\u00e9 lety z letiska Viede\u0148-Schwechat (VIE) na medzin\u00e1rodn\u00e9 letisko J\u00e1na Pavla II. Krakov-Balice (KRK). T\u00fato trasu pon\u00faka nieko\u013eko leteck\u00fdch spolo\u010dnost\u00ed a je to najr\u00fdchlej\u0161\u00ed sp\u00f4sob, ako sa dosta\u0165 z jedn\u00e9ho mesta do druh\u00e9ho.<\/p>\n<h3>Vlak<\/h3>\n<p>Hoci medzi Vied\u0148ou a Krakovom nie je priame vlakov\u00e9 spojenie, z Viedne do Krakova m\u00f4\u017eete cestova\u0165 vlakom s prestupom v Prahe alebo v in\u00fdch mest\u00e1ch, ako s\u00fa Katovice alebo Ostrava. Cesta vlakom pon\u00faka malebn\u00fd v\u00fdh\u013ead na eur\u00f3psku krajinu a m\u00f4\u017ee by\u0165 pre cestuj\u00facich pohodlnou vo\u013ebou.<\/p>\n<h3>\u00a0<\/h3>\n<h3>Autobus<\/h3>\n<p>Autobusov\u00e9 spoje sp\u00e1jaj\u00fa Viede\u0148 a Krakov. M\u00f4\u017eete si vyh\u013eada\u0165 autobusov\u00fdch dopravcov, ktor\u00ed t\u00fato trasu zabezpe\u010duj\u00fa, a cesta v\u00e1s m\u00f4\u017ee vies\u0165 malebnou krajinou.<\/p>\n<h3>Po\u017ei\u010dov\u0148a \u00e1ut<\/h3>\n<p>Ak d\u00e1vate prednos\u0165 v\u00e4\u010d\u0161ej nez\u00e1vislosti pri pl\u00e1novan\u00ed cesty, m\u00f4\u017eete si na letisku Viede\u0148-Schwechat prenaja\u0165 auto. T\u00e1to mo\u017enos\u0165 v\u00e1m umo\u017en\u00ed spozn\u00e1va\u0165 krajinu a robi\u0165 zast\u00e1vky po ceste. Dajte si pozor na pr\u00edpadn\u00e9 cezhrani\u010dn\u00e9 poplatky a mo\u017enosti parkovania v Krakove.<\/p>\n<h3>S\u00fakromn\u00fd transfer<\/h3>\n<p>Pre bezprobl\u00e9mov\u00fd a pohodln\u00fd transfer si m\u00f4\u017eete objedna\u0165 s\u00fakromn\u00fd transfer, ktor\u00fd v\u00e1s odvezie z letiska Viede\u0148-Schwechat priamo do Krakova. Je to v\u00fdborn\u00e1 vo\u013eba, ak si cen\u00edte pohodlie a chcete, aby sa o va\u0161u cestu postaral vyhraden\u00fd vodi\u010d.<\/p>\n<p style=\"text-align: center;\"><a class=\"btn btn-primary\" href=\"\/sk\/rezervovat-transfer-z-na-letisko\">Rezervova\u0165<\/a><\/p>\n<p style=\"text-align: left;\">Bez oh\u013eadu na to, ak\u00fd sp\u00f4sob dopravy si vyberiete, je d\u00f4le\u017eit\u00e9 napl\u00e1nova\u0165 si cestu vopred, skontrolova\u0165 dostupnos\u0165 a cestovn\u00e9 poriadky a zv\u00e1\u017ei\u0165 svoj rozpo\u010det a preferencie. Letisko Viede\u0148-Schwechat pon\u00faka r\u00f4zne mo\u017enosti, ako sa dosta\u0165 do Krakova, \u010do umo\u017e\u0148uje prisp\u00f4sobi\u0165 cestu va\u0161im konkr\u00e9tnym potreb\u00e1m a \u017eelaniam. Bezpe\u010dn\u00e9 cestovanie!<\/p>\n<\/p><\/div>\n<\/p><\/div>\n<div class=\"product-price-container\">\n<div class=\"sale-price\"> \t\t<\/div>\n<\/p><\/div>\n<div class=\"options\"><\/div>\n<div> \t\t<\/div>\n<p>   \t        <script type=\"text\/javascript\" ><\/script>  <script type=\"text\/javascript\" ><\/script> <script type=\"text\/javascript\" ><\/script>  <script type=\"text\/javascript\" ><\/script> <script type=\"text\/javascript\" ><\/script> <script type=\"text\/javascript\" ><\/script> <script type=\"text\/javascript\" ><\/script> <\/div>\n<p> \t\t<!-- \u041f\u043b\u0430\u0433\u0438\u043d \u0440\u0435\u0439\u0442\u0438\u043d\u0433\u0430 --> <\/p>\n<div class=\"vrvote-body\">\n<ul class=\"vrvote-ul\">\n<li id=\"rating_102\" class=\"current-rating\" style=\"width:98.67%;\"><\/li>\n<li> \t\t\t\t\t\t<a class=\"vr-one-star\" onclick=\"javascript:JSVRvote(102,1,148,30,0)\" href=\"javascript:void(null)\">1<\/a> \t\t\t\t\t<\/li>\n<li> \t\t\t\t\t\t<a class=\"vr-two-stars\" onclick=\"javascript:JSVRvote(102,2,148,30,0)\" href=\"javascript:void(null)\">2<\/a> \t\t\t\t\t<\/li>\n<li> \t\t\t\t\t\t<a class=\"vr-three-stars\" onclick=\"javascript:JSVRvote(102,3,148,30,0)\" href=\"javascript:void(null)\">3<\/a> \t\t\t\t\t<\/li>\n<li> \t\t\t\t\t\t<a class=\"vr-four-stars\" onclick=\"javascript:JSVRvote(102,4,148,30,0)\" href=\"javascript:void(null)\">4<\/a> \t\t\t\t\t<\/li>\n<li> \t\t\t\t\t\t<a class=\"vr-five-stars\" onclick=\"javascript:JSVRvote(102,5,148,30,0)\" href=\"javascript:void(null)\">5<\/a> \t\t\t\t\t<\/li>\n<\/ul><\/div>\n<p> \t\t\t<span id=\"vrvote_102\" class=\"vrvote-count\"><small><\/small><\/span>\t<\/span><script type=\"application\/ld+json\"><\/script>   <\/div>\n<div class=\"t4-col sidebar-r col-12 col-xl-4\">\n<div class=\"t4-module module\" id=\"Mod306\">\n<div class=\"module-inner\">\n<div class=\"module-ct\">\n<div class=\"bannergroup\">\n<div class=\"banneritem\"> \t\t\t\t\t\t\t\t\t\t\t\t\t\t\t\t\t\t\t\t\t\t\t\t\t\t\t\t\t\t\t\t\t\t\t\t\t\t\t\t\t\t\t\t\t\t\t\t\t\t<img \t\t\t\t\t\tsrc=\"\/wp-content\/uploads\/2025\/08\/banner-transfer-europe-sk-68.png\" \t\t\t\t\t\talt=\"Banner-sk\" \t\t\t\t\t\t\t\t\t\t\t\t\t\t\t\t\t\/> \t\t\t\t\t\t\t\t\t\t\t<\/p>\n<div class=\"clr\"><\/div>\n<\/p><\/div>\n<\/p><\/div>\n<\/p><\/div>\n<\/div>\n<\/div><\/div>\n<\/p><\/div>\n<\/div><\/div>\n<div id=\"t4-section-8\" class=\"t4-section  t4-section-8  section-border-top\" role=\"section-8\">\n<div class=\"bg-overlay bg-overlay-image\">&nbsp;<\/div>\n<\/p><\/div>\n<p>  <a href='javascript:' id='back-to-top'><i class='fa fa-chevron-up'><\/i><\/a>                <\/p>\n","protected":false},"excerpt":{"rendered":"<p>Transfer z letiska Viede\u0148-Schwechat do Krakova Hlavn\u00e1 str\u00e1nka Destin\u00e1cie Viede\u0148 Transfer z letiska Viede\u0148-Schwechat do Krakova Transfery Viede\u0148 Rezervova\u0165 V spolo\u010dnosti Vienna-Schwechat Airport Transfer sme hrd\u00ed na to, \u017ee poskytujeme \u0161pi\u010dkov\u00e9 dopravn\u00e9 rie\u0161enia, aby va\u0161a cesta bola pohodln\u00e1 a bez stresu. \u010ci u\u017e ste obchodn\u00fd cestuj\u00faci alebo turista, n\u00e1\u0161 \u0161pecializovan\u00fd t\u00edm je tu, aby v\u00e1m [&hellip;]<\/p>\n","protected":false},"author":1,"featured_media":31457,"parent":18891,"menu_order":0,"comment_status":"closed","ping_status":"closed","template":"","meta":{"footnotes":""},"class_list":["post-31456","page","type-page","status-publish","has-post-thumbnail","hentry"],"yoast_head":"<!-- This site is optimized with the Yoast SEO plugin v25.6 - https:\/\/yoast.com\/wordpress\/plugins\/seo\/ -->\n<title>Transfer z letiska Viede\u0148-Schwechat, VIE do Krakova - Transfer Eur\u00f3pa<\/title>\n<meta name=\"description\" content=\"Cesta z letiska VIE do po\u013esk\u00e9ho Krakova s \u200b\u200bvodi\u010dom. Zarezervujte si online transfer Letisko Viede\u0148-Schwechat - Krakov prostredn\u00edctvom slu\u017eby Transfer Europe \u2714Ve\u013ek\u00fd vozov\u00fd park \u2714VIP taxi \u2714Bezpe\u010dn\u00e1 platba.\" \/>\n<meta name=\"robots\" content=\"index, follow, max-snippet:-1, max-image-preview:large, max-video-preview:-1\" \/>\n<link rel=\"canonical\" href=\"https:\/\/transfereurope.com\/sk\/destinacie\/vieden\/transfer-z-letiska-vieden-schwechat-do-krakova\/\" \/>\n<meta property=\"og:locale\" content=\"sk_SK\" \/>\n<meta property=\"og:type\" content=\"article\" \/>\n<meta property=\"og:title\" content=\"Transfer z letiska Viede\u0148-Schwechat, VIE do Krakova - Transfer Eur\u00f3pa\" \/>\n<meta property=\"og:description\" content=\"Cesta z letiska VIE do po\u013esk\u00e9ho Krakova s \u200b\u200bvodi\u010dom. Zarezervujte si online transfer Letisko Viede\u0148-Schwechat - Krakov prostredn\u00edctvom slu\u017eby Transfer Europe \u2714Ve\u013ek\u00fd vozov\u00fd park \u2714VIP taxi \u2714Bezpe\u010dn\u00e1 platba.\" \/>\n<meta property=\"og:url\" content=\"https:\/\/transfereurope.com\/sk\/destinacie\/vieden\/transfer-z-letiska-vieden-schwechat-do-krakova\/\" \/>\n<meta property=\"og:site_name\" content=\"transfereurope\" \/>\n<meta property=\"og:image\" content=\"https:\/\/transfereurope.com\/wp-content\/uploads\/2025\/08\/Italy-Milan-Transfers-531-2-1.jpg\" \/>\n\t<meta property=\"og:image:width\" content=\"1500\" \/>\n\t<meta property=\"og:image:height\" content=\"2000\" \/>\n\t<meta property=\"og:image:type\" content=\"image\/jpeg\" \/>\n<meta name=\"twitter:card\" content=\"summary_large_image\" \/>\n<meta name=\"twitter:label1\" content=\"Predpokladan\u00fd \u010das \u010d\u00edtania\" \/>\n\t<meta name=\"twitter:data1\" content=\"3 min\u00faty\" \/>\n<script type=\"application\/ld+json\" class=\"yoast-schema-graph\">{\"@context\":\"https:\/\/schema.org\",\"@graph\":[{\"@type\":\"WebPage\",\"@id\":\"https:\/\/transfereurope.com\/sk\/destinacie\/vieden\/transfer-z-letiska-vieden-schwechat-do-krakova\/\",\"url\":\"https:\/\/transfereurope.com\/sk\/destinacie\/vieden\/transfer-z-letiska-vieden-schwechat-do-krakova\/\",\"name\":\"Transfer z letiska Viede\u0148-Schwechat, VIE do Krakova - Transfer Eur\u00f3pa\",\"isPartOf\":{\"@id\":\"https:\/\/transfereurope.com\/sk\/#website\"},\"primaryImageOfPage\":{\"@id\":\"https:\/\/transfereurope.com\/sk\/destinacie\/vieden\/transfer-z-letiska-vieden-schwechat-do-krakova\/#primaryimage\"},\"image\":{\"@id\":\"https:\/\/transfereurope.com\/sk\/destinacie\/vieden\/transfer-z-letiska-vieden-schwechat-do-krakova\/#primaryimage\"},\"thumbnailUrl\":\"https:\/\/transfereurope.com\/wp-content\/uploads\/2025\/08\/Italy-Milan-Transfers-531-2-1.jpg\",\"datePublished\":\"2025-08-04T22:39:33+00:00\",\"description\":\"Cesta z letiska VIE do po\u013esk\u00e9ho Krakova s \u200b\u200bvodi\u010dom. Zarezervujte si online transfer Letisko Viede\u0148-Schwechat - Krakov prostredn\u00edctvom slu\u017eby Transfer Europe \u2714Ve\u013ek\u00fd vozov\u00fd park \u2714VIP taxi \u2714Bezpe\u010dn\u00e1 platba.\",\"breadcrumb\":{\"@id\":\"https:\/\/transfereurope.com\/sk\/destinacie\/vieden\/transfer-z-letiska-vieden-schwechat-do-krakova\/#breadcrumb\"},\"inLanguage\":\"sk-SK\",\"potentialAction\":[{\"@type\":\"ReadAction\",\"target\":[\"https:\/\/transfereurope.com\/sk\/destinacie\/vieden\/transfer-z-letiska-vieden-schwechat-do-krakova\/\"]}]},{\"@type\":\"ImageObject\",\"inLanguage\":\"sk-SK\",\"@id\":\"https:\/\/transfereurope.com\/sk\/destinacie\/vieden\/transfer-z-letiska-vieden-schwechat-do-krakova\/#primaryimage\",\"url\":\"https:\/\/transfereurope.com\/wp-content\/uploads\/2025\/08\/Italy-Milan-Transfers-531-2-1.jpg\",\"contentUrl\":\"https:\/\/transfereurope.com\/wp-content\/uploads\/2025\/08\/Italy-Milan-Transfers-531-2-1.jpg\",\"width\":1500,\"height\":2000},{\"@type\":\"BreadcrumbList\",\"@id\":\"https:\/\/transfereurope.com\/sk\/destinacie\/vieden\/transfer-z-letiska-vieden-schwechat-do-krakova\/#breadcrumb\",\"itemListElement\":[{\"@type\":\"ListItem\",\"position\":1,\"name\":\"Home\",\"item\":\"https:\/\/transfereurope.com\/sk\/\"},{\"@type\":\"ListItem\",\"position\":2,\"name\":\"Transfer z letiska Viede\u0148-Schwechat do Krakova\"}]},{\"@type\":\"WebSite\",\"@id\":\"https:\/\/transfereurope.com\/sk\/#website\",\"url\":\"https:\/\/transfereurope.com\/sk\/\",\"name\":\"transfereurope\",\"description\":\"\",\"publisher\":{\"@id\":\"https:\/\/transfereurope.com\/sk\/#organization\"},\"potentialAction\":[{\"@type\":\"SearchAction\",\"target\":{\"@type\":\"EntryPoint\",\"urlTemplate\":\"https:\/\/transfereurope.com\/sk\/?s={search_term_string}\"},\"query-input\":{\"@type\":\"PropertyValueSpecification\",\"valueRequired\":true,\"valueName\":\"search_term_string\"}}],\"inLanguage\":\"sk-SK\"},{\"@type\":\"Organization\",\"@id\":\"https:\/\/transfereurope.com\/sk\/#organization\",\"name\":\"transfereurope\",\"url\":\"https:\/\/transfereurope.com\/sk\/\",\"logo\":{\"@type\":\"ImageObject\",\"inLanguage\":\"sk-SK\",\"@id\":\"https:\/\/transfereurope.com\/sk\/#\/schema\/logo\/image\/\",\"url\":\"https:\/\/transfereurope.com\/wp-content\/uploads\/2025\/08\/TRANSFERS-1655.png\",\"contentUrl\":\"https:\/\/transfereurope.com\/wp-content\/uploads\/2025\/08\/TRANSFERS-1655.png\",\"width\":500,\"height\":274,\"caption\":\"transfereurope\"},\"image\":{\"@id\":\"https:\/\/transfereurope.com\/sk\/#\/schema\/logo\/image\/\"}}]}<\/script>\n<!-- \/ Yoast SEO plugin. -->","yoast_head_json":{"title":"Transfer z letiska Viede\u0148-Schwechat, VIE do Krakova - Transfer Eur\u00f3pa","description":"Cesta z letiska VIE do po\u013esk\u00e9ho Krakova s \u200b\u200bvodi\u010dom. Zarezervujte si online transfer Letisko Viede\u0148-Schwechat - Krakov prostredn\u00edctvom slu\u017eby Transfer Europe \u2714Ve\u013ek\u00fd vozov\u00fd park \u2714VIP taxi \u2714Bezpe\u010dn\u00e1 platba.","robots":{"index":"index","follow":"follow","max-snippet":"max-snippet:-1","max-image-preview":"max-image-preview:large","max-video-preview":"max-video-preview:-1"},"canonical":"https:\/\/transfereurope.com\/sk\/destinacie\/vieden\/transfer-z-letiska-vieden-schwechat-do-krakova\/","og_locale":"sk_SK","og_type":"article","og_title":"Transfer z letiska Viede\u0148-Schwechat, VIE do Krakova - Transfer Eur\u00f3pa","og_description":"Cesta z letiska VIE do po\u013esk\u00e9ho Krakova s \u200b\u200bvodi\u010dom. Zarezervujte si online transfer Letisko Viede\u0148-Schwechat - Krakov prostredn\u00edctvom slu\u017eby Transfer Europe \u2714Ve\u013ek\u00fd vozov\u00fd park \u2714VIP taxi \u2714Bezpe\u010dn\u00e1 platba.","og_url":"https:\/\/transfereurope.com\/sk\/destinacie\/vieden\/transfer-z-letiska-vieden-schwechat-do-krakova\/","og_site_name":"transfereurope","og_image":[{"width":1500,"height":2000,"url":"https:\/\/transfereurope.com\/wp-content\/uploads\/2025\/08\/Italy-Milan-Transfers-531-2-1.jpg","type":"image\/jpeg"}],"twitter_card":"summary_large_image","twitter_misc":{"Predpokladan\u00fd \u010das \u010d\u00edtania":"3 min\u00faty"},"schema":{"@context":"https:\/\/schema.org","@graph":[{"@type":"WebPage","@id":"https:\/\/transfereurope.com\/sk\/destinacie\/vieden\/transfer-z-letiska-vieden-schwechat-do-krakova\/","url":"https:\/\/transfereurope.com\/sk\/destinacie\/vieden\/transfer-z-letiska-vieden-schwechat-do-krakova\/","name":"Transfer z letiska Viede\u0148-Schwechat, VIE do Krakova - Transfer Eur\u00f3pa","isPartOf":{"@id":"https:\/\/transfereurope.com\/sk\/#website"},"primaryImageOfPage":{"@id":"https:\/\/transfereurope.com\/sk\/destinacie\/vieden\/transfer-z-letiska-vieden-schwechat-do-krakova\/#primaryimage"},"image":{"@id":"https:\/\/transfereurope.com\/sk\/destinacie\/vieden\/transfer-z-letiska-vieden-schwechat-do-krakova\/#primaryimage"},"thumbnailUrl":"https:\/\/transfereurope.com\/wp-content\/uploads\/2025\/08\/Italy-Milan-Transfers-531-2-1.jpg","datePublished":"2025-08-04T22:39:33+00:00","description":"Cesta z letiska VIE do po\u013esk\u00e9ho Krakova s \u200b\u200bvodi\u010dom. Zarezervujte si online transfer Letisko Viede\u0148-Schwechat - Krakov prostredn\u00edctvom slu\u017eby Transfer Europe \u2714Ve\u013ek\u00fd vozov\u00fd park \u2714VIP taxi \u2714Bezpe\u010dn\u00e1 platba.","breadcrumb":{"@id":"https:\/\/transfereurope.com\/sk\/destinacie\/vieden\/transfer-z-letiska-vieden-schwechat-do-krakova\/#breadcrumb"},"inLanguage":"sk-SK","potentialAction":[{"@type":"ReadAction","target":["https:\/\/transfereurope.com\/sk\/destinacie\/vieden\/transfer-z-letiska-vieden-schwechat-do-krakova\/"]}]},{"@type":"ImageObject","inLanguage":"sk-SK","@id":"https:\/\/transfereurope.com\/sk\/destinacie\/vieden\/transfer-z-letiska-vieden-schwechat-do-krakova\/#primaryimage","url":"https:\/\/transfereurope.com\/wp-content\/uploads\/2025\/08\/Italy-Milan-Transfers-531-2-1.jpg","contentUrl":"https:\/\/transfereurope.com\/wp-content\/uploads\/2025\/08\/Italy-Milan-Transfers-531-2-1.jpg","width":1500,"height":2000},{"@type":"BreadcrumbList","@id":"https:\/\/transfereurope.com\/sk\/destinacie\/vieden\/transfer-z-letiska-vieden-schwechat-do-krakova\/#breadcrumb","itemListElement":[{"@type":"ListItem","position":1,"name":"Home","item":"https:\/\/transfereurope.com\/sk\/"},{"@type":"ListItem","position":2,"name":"Transfer z letiska Viede\u0148-Schwechat do Krakova"}]},{"@type":"WebSite","@id":"https:\/\/transfereurope.com\/sk\/#website","url":"https:\/\/transfereurope.com\/sk\/","name":"transfereurope","description":"","publisher":{"@id":"https:\/\/transfereurope.com\/sk\/#organization"},"potentialAction":[{"@type":"SearchAction","target":{"@type":"EntryPoint","urlTemplate":"https:\/\/transfereurope.com\/sk\/?s={search_term_string}"},"query-input":{"@type":"PropertyValueSpecification","valueRequired":true,"valueName":"search_term_string"}}],"inLanguage":"sk-SK"},{"@type":"Organization","@id":"https:\/\/transfereurope.com\/sk\/#organization","name":"transfereurope","url":"https:\/\/transfereurope.com\/sk\/","logo":{"@type":"ImageObject","inLanguage":"sk-SK","@id":"https:\/\/transfereurope.com\/sk\/#\/schema\/logo\/image\/","url":"https:\/\/transfereurope.com\/wp-content\/uploads\/2025\/08\/TRANSFERS-1655.png","contentUrl":"https:\/\/transfereurope.com\/wp-content\/uploads\/2025\/08\/TRANSFERS-1655.png","width":500,"height":274,"caption":"transfereurope"},"image":{"@id":"https:\/\/transfereurope.com\/sk\/#\/schema\/logo\/image\/"}}]}},"_links":{"self":[{"href":"https:\/\/transfereurope.com\/sk\/wp-json\/wp\/v2\/pages\/31456","targetHints":{"allow":["GET"]}}],"collection":[{"href":"https:\/\/transfereurope.com\/sk\/wp-json\/wp\/v2\/pages"}],"about":[{"href":"https:\/\/transfereurope.com\/sk\/wp-json\/wp\/v2\/types\/page"}],"author":[{"embeddable":true,"href":"https:\/\/transfereurope.com\/sk\/wp-json\/wp\/v2\/users\/1"}],"replies":[{"embeddable":true,"href":"https:\/\/transfereurope.com\/sk\/wp-json\/wp\/v2\/comments?post=31456"}],"version-history":[{"count":0,"href":"https:\/\/transfereurope.com\/sk\/wp-json\/wp\/v2\/pages\/31456\/revisions"}],"up":[{"embeddable":true,"href":"https:\/\/transfereurope.com\/sk\/wp-json\/wp\/v2\/pages\/18891"}],"wp:featuredmedia":[{"embeddable":true,"href":"https:\/\/transfereurope.com\/sk\/wp-json\/wp\/v2\/media\/31457"}],"wp:attachment":[{"href":"https:\/\/transfereurope.com\/sk\/wp-json\/wp\/v2\/media?parent=31456"}],"curies":[{"name":"wp","href":"https:\/\/api.w.org\/{rel}","templated":true}]}}