{"id":31357,"date":"2025-08-04T22:38:35","date_gmt":"2025-08-04T22:38:35","guid":{"rendered":"https:\/\/transfereurope.com\/transfer-z-viedne-na-letisko-varsava-chopin\/"},"modified":"2025-08-04T22:38:35","modified_gmt":"2025-08-04T22:38:35","slug":"transfer-z-viedne-na-letisko-varsava-chopin","status":"publish","type":"page","link":"https:\/\/transfereurope.com\/sk\/destinacie\/vieden\/transfer-z-viedne-na-letisko-varsava-chopin\/","title":{"rendered":"Transfer z Viedne na letisko Var\u0161ava-Chopin"},"content":{"rendered":"\n<div id=\"t4-masthead\" class=\"t4-section  t4-masthead\">\n<div class=\"t4-col text-center\">\n<div class=\"ja-masthead\" >\n<div class=\"ja-masthead-detail\">\n<h1 class=\"ja-masthead-title\">Transfer z Viedne na letisko Var\u0161ava-Chopin<\/h1>\n<p>                 <!---->            <\/p>\n<div class=\"block-breadcrumb\">\n<div class=\"moduletable\">\n<div aria-label=\"Breadcrumbs\" role=\"navigation\">\n<ul  class=\"breadcrumb\">\n<li class=\"active\"> \t\t\t\t<span class=\"fas fa-map-marker-alt home-map\"><\/span> \t\t\t<\/li>\n<li itemprop='itemListElement' > \t\t\t\t\t\t\t\t\t\t\t<a  href=\"\/sk\/\" class=\"pathway\"><span itemprop=\"name\">Hlavn\u00e1 str\u00e1nka<\/span><\/a> \t\t\t\t\t \t\t\t\t\t\t\t\t\t\t\t<span class=\"divider\"> \t\t\t\t\t\t\t<i class=\"fa fa-angle-double-right\" aria-hidden=\"true\"><\/i> \t\t\t\t\t\t<\/span> \t\t\t\t\t\t\t\t\t\t<meta  content=\"1\"> \t\t\t\t<\/li>\n<li itemprop='itemListElement' > \t\t\t\t\t\t\t\t\t\t\t<a  href=\"\/sk\/destinacie\" class=\"pathway\"><span itemprop=\"name\">Destin\u00e1cie<\/span><\/a> \t\t\t\t\t \t\t\t\t\t\t\t\t\t\t\t<span class=\"divider\"> \t\t\t\t\t\t\t<i class=\"fa fa-angle-double-right\" aria-hidden=\"true\"><\/i> \t\t\t\t\t\t<\/span> \t\t\t\t\t\t\t\t\t\t<meta  content=\"2\"> \t\t\t\t<\/li>\n<li itemprop='itemListElement' > \t\t\t\t\t\t\t\t\t\t\t<a  href=\"\/sk\/destinacie\/vieden\" class=\"pathway\"><span itemprop=\"name\">Viede\u0148<\/span><\/a> \t\t\t\t\t \t\t\t\t\t\t\t\t\t\t\t<span class=\"divider\"> \t\t\t\t\t\t\t<i class=\"fa fa-angle-double-right\" aria-hidden=\"true\"><\/i> \t\t\t\t\t\t<\/span> \t\t\t\t\t\t\t\t\t\t<meta  content=\"3\"> \t\t\t\t<\/li>\n<li   class=\"active\"> \t\t\t\t\t<span itemprop=\"name\"> \t\t\t\t\t\tTransfer z Viedne na letisko Var\u0161ava-Chopin\t\t\t\t\t<\/span> \t\t\t\t\t<meta  content=\"4\"> \t\t\t\t<\/li>\n<\/ul><\/div>\n<\/p><\/div>\n<\/p><\/div>\n<\/p><\/div>\n<\/p><\/div>\n<pre><\/pre>\n<\/div>\n<\/div>\n<div id=\"t4-main-body\" class=\"t4-section  t4-main-body\" role=\"main body\">\n<div class=\"t4-section-inner container\">\n<div class=\"t4-row row\">\n<div class=\"t4-col col-12 col-xl\">\n<div id=\"system-message-container\"> \t<\/div>\n<div class=\"com-content-article item-page view-tour-detail\">\n<div class=\"tour-top-info clearfix\">\n<div class=\"pull-left\">\n<div class=\"category-article-dot\">\n<div class=\"category-name\"> \t\t\t\t\t<a href=\"\/sk\/destinacie\/vieden\" itemprop=\"genre\">Transfery Viede\u0148<\/a> \t\t\t\t<\/div>\n<\/p><\/div>\n<\/p><\/div>\n<div class=\"pull-right\">\n<div class=\"text-danger tour-price\"> \t\t\t\t\t\t<a href=\"\/sk\/rezervovat-transfer\">Rezervova\u0165<\/a><\/div>\n<\/p><\/div>\n<\/p><\/div>\n<p>  \t <!--\t-->  \t<\/p>\n<div class=\"vm-product-container\">\n<figure class=\"pull-left item-image\">\n<div class=\"main-image\"> \t\t<a title=\"Vienna to Warsaw-Chopin Airport Transfer Service\" rel='vm-additional-images' href=\"\/images\/virtuemart\/product\/Italy Milan Transfers (5)294.jpg\"><img decoding=\"async\"  loading=\"lazy\"  src=\"\/wp-content\/uploads\/2025\/08\/Italy-Milan-Transfers-5294-2.jpg\"  alt=\"Vienna to Warsaw-Chopin Airport Transfer Service\"  \/><\/a>\t\t<\/p>\n<div class=\"clear\"><\/div>\n<\/p><\/div>\n<\/figure>\n<div class=\"vm-product-details-container\">\n<div class=\"spacer-buy-area\">    \t\t \t\t<\/div>\n<\/p><\/div>\n<div class=\"clear\"><\/div>\n<\/p><\/div>\n<div class=\"product-description\" >\n<div class=\"book-now mt-5\" style=\"text-align: left;\">\n<p>Vitajte v na\u0161ej pr\u00e9miovej slu\u017ebe transferu z Viedne na letisko Var\u0161ava-Chopin. Ke\u010f ide o bezprobl\u00e9mov\u00fa a pohodln\u00fa prepravu, sme va\u0161ou spo\u013eahlivou vo\u013ebou. \u010ci u\u017e ste obchodn\u00fd cestuj\u00faci alebo turista, n\u00e1\u0161 pren\u00e1jom s\u00fakromn\u00e9ho vodi\u010da a slu\u017eby automobilu v\u00e1m zabezpe\u010dia, \u017ee sa do cie\u013ea dostanete pohodlne a na\u010das.<\/p>\n<p style=\"text-align: center;\"><a class=\"btn btn-primary\" href=\"\/sk\/rezervovat-transfer-z-na-letisko\">Rezervova\u0165<\/a><\/p>\n<h2 style=\"text-align: center;\"><strong>Pre\u010do si vybra\u0165 na\u0161u slu\u017ebu transferu z Viedne na letisko Var\u0161ava-Chopin?<\/strong><\/h2>\n<ul>\n<li><strong>\u00da\u010dinnos\u0165:<\/strong>\u00a0Preto pon\u00fakame efekt\u00edvnu a v\u010dasn\u00fa prepravu. Rozl\u00fa\u010dte sa so stresom z verejnej dopravy alebo h\u013eadania tax\u00edka; n\u00e1\u0161 s\u00fakromn\u00fd vodi\u010d v\u00e1s vyzdvihne na po\u017eadovanom mieste vo Viedni a doprav\u00ed v\u00e1s na letisko Var\u0161ava-Chopin s maxim\u00e1lnou profesionalitou.<\/li>\n<li><strong>Komfort:<\/strong>\u00a0N\u00e1\u0161 vozov\u00fd park pohodln\u00fdch a dobre udr\u017eiavan\u00fdch vozidiel zaru\u010duje bezprobl\u00e9mov\u00fa a pr\u00edjemn\u00fa cestu. M\u00f4\u017eete relaxova\u0165, doh\u00e1\u0148a\u0165 pracovn\u00e9 povinnosti alebo si jednoducho vychutna\u0165 malebn\u00fa trasu z Viedne na letisko Var\u0161ava-Chopin.<\/li>\n<li><strong>Bezpe\u010dnos\u0165:<\/strong>\u00a0Va\u0161a bezpe\u010dnos\u0165 je na\u0161ou najvy\u0161\u0161ou prioritou. Na\u0161i s\u00fakromn\u00ed vodi\u010di s\u00fa sk\u00fasen\u00ed profesion\u00e1li, ktor\u00ed sa sna\u017eia zabezpe\u010di\u0165 v\u00e1m bezpe\u010dn\u00fa a bezstarostn\u00fa cestu. Dodr\u017eiavame najvy\u0161\u0161ie bezpe\u010dnostn\u00e9 \u0161tandardy.<\/li>\n<li><strong>Cenov\u00e1 dostupnos\u0165:<\/strong>\u00a0Pon\u00fakame konkurencieschopn\u00e9 ceny za na\u0161e prepravn\u00e9 slu\u017eby, ktor\u00e9 s\u00fa vynikaj\u00facou cenou pre jednotlivcov aj skupiny. \u017diadne skryt\u00e9 poplatky, len transparentn\u00e9 ceny.<\/li>\n<li><strong>Pohodlie:<\/strong>\u00a0Rezerv\u00e1cia transferu z Viedne na letisko Var\u0161ava-Chopin je s nami hra\u010dka. Jednoducho n\u00e1s kontaktujte a my v\u0161etko zariadime za v\u00e1s. Na\u0161\u00edm cie\u013eom je, aby ste sa pri cestovan\u00ed c\u00edtili \u010do najbezprobl\u00e9movej\u0161ie.<\/li>\n<\/ul>\n<h2 style=\"text-align: center;\">\u00a0<\/h2>\n<h2 style=\"text-align: center;\"><strong>Rezerv\u00e1cia transferu z Viedne na letisko Var\u0161ava-Chopin\u00a0<\/strong><\/h2>\n<p>\u010ci u\u017e cestujete do Var\u0161avy pracovne alebo na dovolenku, spo\u013eahnite sa na na\u0161u slu\u017ebu transferu z Viedne na letisko Var\u0161ava-Chopin, ktor\u00e1 v\u00e1m poskytne najlep\u0161ie slu\u017eby v oblasti pren\u00e1jmu s\u00fakromn\u00e9ho vodi\u010da a dopravy. Kontaktujte n\u00e1s e\u0161te dnes, aby ste si urobili rezerv\u00e1ciu a za\u017eili rozdiel s na\u0161ou \u0161pecializovanou automobilovou slu\u017ebou. Va\u0161a cesta na letisko Var\u0161ava-Chopin sa za\u010d\u00edna tu!<\/p>\n<p style=\"text-align: center;\"><a class=\"btn btn-primary\" href=\"\/sk\/rezervovat-transfer-z-na-letisko\">Rezervova\u0165<\/a><\/p>\n<h2 style=\"text-align: center;\"><b>Ako sa dosta\u0165 z Viedne na letisko Var\u0161ava-Chopin<\/b><\/h2>\n<p>Ak pl\u00e1nujete cestu z Viedne do Var\u0161avy a potrebujete sa dosta\u0165 na letisko Var\u0161ava-Chopin, m\u00e1te k dispoz\u00edcii nieko\u013eko pohodln\u00fdch mo\u017enost\u00ed. Tu je sprievodca, ktor\u00fd v\u00e1m pom\u00f4\u017ee hladko zvl\u00e1dnu\u0165 prestup:<\/p>\n<h3>Lety<\/h3>\n<p>Najr\u00fdchlej\u0161\u00ed sp\u00f4sob, ako sa dosta\u0165 z Viedne na letisko Var\u0161ava-Chopin, je vyu\u017ei\u0165 priamy let. Mnoh\u00e9 leteck\u00e9 spolo\u010dnosti pon\u00fakaj\u00fa denn\u00e9 lety medzi medzin\u00e1rodn\u00fdm letiskom Viede\u0148 (VIE) a letiskom Var\u0161ava-Chopin (WAW). Let trv\u00e1 pribli\u017ene 1 hodinu, \u010do z neho rob\u00ed r\u00fdchlu a efekt\u00edvnu mo\u017enos\u0165 pre cestuj\u00facich.<\/p>\n<h3>Vlak<\/h3>\n<p>\u010eal\u0161ou pohodlnou mo\u017enos\u0165ou je cesta vlakom. Z Viedne do Var\u0161avy sa m\u00f4\u017eete dosta\u0165 vlakom, pri\u010dom k dispoz\u00edcii je nieko\u013eko spojov. Cesta vlakom pon\u00faka pohodln\u00fa a malebn\u00fa trasu malebnou krajinou strednej Eur\u00f3py. Cesta vlakom trv\u00e1 pribli\u017ene 4-6 hod\u00edn v z\u00e1vislosti od trasy a typu vlaku.<\/p>\n<p>\u00a0<\/p>\n<h3>Autobus<\/h3>\n<p>Na cestu z Viedne do Var\u0161avy m\u00f4\u017eete vyu\u017ei\u0165 aj autobusov\u00fa dopravu. Hoci t\u00e1to mo\u017enos\u0165 m\u00f4\u017ee trva\u0165 dlh\u0161ie v porovnan\u00ed s letom alebo vlakom, m\u00f4\u017ee by\u0165 cenovo v\u00fdhodnej\u0161ia. Cesta autobusom zvy\u010dajne trv\u00e1 pribli\u017ene 7-9 hod\u00edn.<\/p>\n<h3>Pren\u00e1jom auta<\/h3>\n<p>Pre t\u00fdch, ktor\u00ed uprednost\u0148uj\u00fa flexibilitu a nez\u00e1vislos\u0165, je mo\u017enos\u0165ou pren\u00e1jom auta. Z Viedne na letisko Var\u0161ava-Chopin m\u00f4\u017eete cestova\u0165 autom, \u010do je pribli\u017ene 4-6 hod\u00edn cesty v z\u00e1vislosti od zvolenej trasy a stavu ciest. T\u00e1to mo\u017enos\u0165 v\u00e1m umo\u017en\u00ed spozn\u00e1va\u0165 krajinu a robi\u0165 zast\u00e1vky po ceste.<\/p>\n<h3>S\u00fakromn\u00fd transfer<\/h3>\n<p>Ak si cen\u00edte pohodlie a komfort, zv\u00e1\u017ete mo\u017enos\u0165 pren\u00e1jmu s\u00fakromnej dopravy s vyhraden\u00fdm vodi\u010dom. T\u00e1to mo\u017enos\u0165 zaru\u010duje bezprobl\u00e9mov\u00fa cestu a vy m\u00f4\u017eete relaxova\u0165, zatia\u013e \u010do sa profesion\u00e1lny vodi\u010d postar\u00e1 o detaily prepravy. T\u00e1to slu\u017eba m\u00f4\u017ee by\u0165 obzvl\u00e1\u0161\u0165 v\u00fdhodn\u00e1 pre v\u00e4\u010d\u0161ie skupiny alebo osoby so \u0161pecifick\u00fdmi cestovn\u00fdmi po\u017eiadavkami.<\/p>\n<p style=\"text-align: center;\"><a class=\"btn btn-primary\" href=\"\/sk\/rezervovat-transfer-z-na-letisko\">Rezervova\u0165<\/a><\/p>\n<p style=\"text-align: left;\">Vyberte si sp\u00f4sob dopravy, ktor\u00fd najlep\u0161ie vyhovuje va\u0161im preferenci\u00e1m, rozpo\u010dtu a \u010dasov\u00e9mu pl\u00e1nu. V\u010faka viacer\u00fdm dostupn\u00fdm mo\u017enostiam je cesta z Viedne na letisko Var\u0161ava-Chopin pohodln\u00e1 a dostupn\u00e1, \u010do zaru\u010duje bezprobl\u00e9mov\u00fd za\u010diatok va\u0161ej cesty.<\/p>\n<\/p><\/div>\n<\/p><\/div>\n<div class=\"product-price-container\">\n<div class=\"sale-price\"> \t\t<\/div>\n<\/p><\/div>\n<div class=\"options\"><\/div>\n<div> \t\t<\/div>\n<p>   \t        <script type=\"text\/javascript\" ><\/script>  <script type=\"text\/javascript\" ><\/script> <script type=\"text\/javascript\" ><\/script>  <script type=\"text\/javascript\" ><\/script> <script type=\"text\/javascript\" ><\/script> <script type=\"text\/javascript\" ><\/script> <script type=\"text\/javascript\" ><\/script> <\/div>\n<p> \t\t<!-- \u041f\u043b\u0430\u0433\u0438\u043d \u0440\u0435\u0439\u0442\u0438\u043d\u0433\u0430 --> <\/p>\n<div class=\"vrvote-body\">\n<ul class=\"vrvote-ul\">\n<li id=\"rating_95\" class=\"current-rating\" style=\"width:98.79%;\"><\/li>\n<li> \t\t\t\t\t\t<a class=\"vr-one-star\" onclick=\"javascript:JSVRvote(95,1,163,33,0)\" href=\"javascript:void(null)\">1<\/a> \t\t\t\t\t<\/li>\n<li> \t\t\t\t\t\t<a class=\"vr-two-stars\" onclick=\"javascript:JSVRvote(95,2,163,33,0)\" href=\"javascript:void(null)\">2<\/a> \t\t\t\t\t<\/li>\n<li> \t\t\t\t\t\t<a class=\"vr-three-stars\" onclick=\"javascript:JSVRvote(95,3,163,33,0)\" href=\"javascript:void(null)\">3<\/a> \t\t\t\t\t<\/li>\n<li> \t\t\t\t\t\t<a class=\"vr-four-stars\" onclick=\"javascript:JSVRvote(95,4,163,33,0)\" href=\"javascript:void(null)\">4<\/a> \t\t\t\t\t<\/li>\n<li> \t\t\t\t\t\t<a class=\"vr-five-stars\" onclick=\"javascript:JSVRvote(95,5,163,33,0)\" href=\"javascript:void(null)\">5<\/a> \t\t\t\t\t<\/li>\n<\/ul><\/div>\n<p> \t\t\t<span id=\"vrvote_95\" class=\"vrvote-count\"><small><\/small><\/span>\t<\/span><script type=\"application\/ld+json\"><\/script>   <\/div>\n<div class=\"t4-col sidebar-r col-12 col-xl-4\">\n<div class=\"t4-module module\" id=\"Mod306\">\n<div class=\"module-inner\">\n<div class=\"module-ct\">\n<div class=\"bannergroup\">\n<div class=\"banneritem\"> \t\t\t\t\t\t\t\t\t\t\t\t\t\t\t\t\t\t\t\t\t\t\t\t\t\t\t\t\t\t\t\t\t\t\t\t\t\t\t\t\t\t\t\t\t\t\t\t\t\t<img \t\t\t\t\t\tsrc=\"\/wp-content\/uploads\/2025\/08\/banner-transfer-europe-sk-67.png\" \t\t\t\t\t\talt=\"Banner-sk\" \t\t\t\t\t\t\t\t\t\t\t\t\t\t\t\t\t\/> \t\t\t\t\t\t\t\t\t\t\t<\/p>\n<div class=\"clr\"><\/div>\n<\/p><\/div>\n<\/p><\/div>\n<\/p><\/div>\n<\/div>\n<\/div><\/div>\n<\/p><\/div>\n<\/div><\/div>\n<div id=\"t4-section-8\" class=\"t4-section  t4-section-8  section-border-top\" role=\"section-8\">\n<div class=\"bg-overlay bg-overlay-image\">&nbsp;<\/div>\n<\/p><\/div>\n<p>  <a href='javascript:' id='back-to-top'><i class='fa fa-chevron-up'><\/i><\/a>                <\/p>\n","protected":false},"excerpt":{"rendered":"<p>Transfer z Viedne na letisko Var\u0161ava-Chopin Hlavn\u00e1 str\u00e1nka Destin\u00e1cie Viede\u0148 Transfer z Viedne na letisko Var\u0161ava-Chopin Transfery Viede\u0148 Rezervova\u0165 Vitajte v na\u0161ej pr\u00e9miovej slu\u017ebe transferu z Viedne na letisko Var\u0161ava-Chopin. Ke\u010f ide o bezprobl\u00e9mov\u00fa a pohodln\u00fa prepravu, sme va\u0161ou spo\u013eahlivou vo\u013ebou. \u010ci u\u017e ste obchodn\u00fd cestuj\u00faci alebo turista, n\u00e1\u0161 pren\u00e1jom s\u00fakromn\u00e9ho vodi\u010da a slu\u017eby automobilu [&hellip;]<\/p>\n","protected":false},"author":1,"featured_media":31358,"parent":18891,"menu_order":0,"comment_status":"closed","ping_status":"closed","template":"","meta":{"footnotes":""},"class_list":["post-31357","page","type-page","status-publish","has-post-thumbnail","hentry"],"yoast_head":"<!-- This site is optimized with the Yoast SEO plugin v25.6 - https:\/\/yoast.com\/wordpress\/plugins\/seo\/ -->\n<title>Transfer z Viedne do letiska Var\u0161ava-Chopin, WAW - Transfer Eur\u00f3pa<\/title>\n<meta name=\"description\" content=\"Cesta z rak\u00faskej Viedne do letiska WAW autom s vodi\u010dom. Zarezervujte si online transfer Viede\u0148 - Var\u0161ava-Chopinovo letisko na Transfer Europe \u2714Ve\u013ek\u00fd vozov\u00fd park \u2714VIP taxi \u2714Bezpe\u010dn\u00e1 platba.\" \/>\n<meta name=\"robots\" content=\"index, follow, max-snippet:-1, max-image-preview:large, max-video-preview:-1\" \/>\n<link rel=\"canonical\" href=\"https:\/\/transfereurope.com\/sk\/destinacie\/vieden\/transfer-z-viedne-na-letisko-varsava-chopin\/\" \/>\n<meta property=\"og:locale\" content=\"sk_SK\" \/>\n<meta property=\"og:type\" content=\"article\" \/>\n<meta property=\"og:title\" content=\"Transfer z Viedne do letiska Var\u0161ava-Chopin, WAW - Transfer Eur\u00f3pa\" \/>\n<meta property=\"og:description\" content=\"Cesta z rak\u00faskej Viedne do letiska WAW autom s vodi\u010dom. Zarezervujte si online transfer Viede\u0148 - Var\u0161ava-Chopinovo letisko na Transfer Europe \u2714Ve\u013ek\u00fd vozov\u00fd park \u2714VIP taxi \u2714Bezpe\u010dn\u00e1 platba.\" \/>\n<meta property=\"og:url\" content=\"https:\/\/transfereurope.com\/sk\/destinacie\/vieden\/transfer-z-viedne-na-letisko-varsava-chopin\/\" \/>\n<meta property=\"og:site_name\" content=\"transfereurope\" \/>\n<meta property=\"og:image\" content=\"https:\/\/transfereurope.com\/wp-content\/uploads\/2025\/08\/Italy-Milan-Transfers-5294-2-1.jpg\" \/>\n\t<meta property=\"og:image:width\" content=\"1500\" \/>\n\t<meta property=\"og:image:height\" content=\"2000\" \/>\n\t<meta property=\"og:image:type\" content=\"image\/jpeg\" \/>\n<meta name=\"twitter:card\" content=\"summary_large_image\" \/>\n<meta name=\"twitter:label1\" content=\"Predpokladan\u00fd \u010das \u010d\u00edtania\" \/>\n\t<meta name=\"twitter:data1\" content=\"4 min\u00faty\" \/>\n<script type=\"application\/ld+json\" class=\"yoast-schema-graph\">{\"@context\":\"https:\/\/schema.org\",\"@graph\":[{\"@type\":\"WebPage\",\"@id\":\"https:\/\/transfereurope.com\/sk\/destinacie\/vieden\/transfer-z-viedne-na-letisko-varsava-chopin\/\",\"url\":\"https:\/\/transfereurope.com\/sk\/destinacie\/vieden\/transfer-z-viedne-na-letisko-varsava-chopin\/\",\"name\":\"Transfer z Viedne do letiska Var\u0161ava-Chopin, WAW - Transfer Eur\u00f3pa\",\"isPartOf\":{\"@id\":\"https:\/\/transfereurope.com\/sk\/#website\"},\"primaryImageOfPage\":{\"@id\":\"https:\/\/transfereurope.com\/sk\/destinacie\/vieden\/transfer-z-viedne-na-letisko-varsava-chopin\/#primaryimage\"},\"image\":{\"@id\":\"https:\/\/transfereurope.com\/sk\/destinacie\/vieden\/transfer-z-viedne-na-letisko-varsava-chopin\/#primaryimage\"},\"thumbnailUrl\":\"https:\/\/transfereurope.com\/wp-content\/uploads\/2025\/08\/Italy-Milan-Transfers-5294-2-1.jpg\",\"datePublished\":\"2025-08-04T22:38:35+00:00\",\"description\":\"Cesta z rak\u00faskej Viedne do letiska WAW autom s vodi\u010dom. Zarezervujte si online transfer Viede\u0148 - Var\u0161ava-Chopinovo letisko na Transfer Europe \u2714Ve\u013ek\u00fd vozov\u00fd park \u2714VIP taxi \u2714Bezpe\u010dn\u00e1 platba.\",\"breadcrumb\":{\"@id\":\"https:\/\/transfereurope.com\/sk\/destinacie\/vieden\/transfer-z-viedne-na-letisko-varsava-chopin\/#breadcrumb\"},\"inLanguage\":\"sk-SK\",\"potentialAction\":[{\"@type\":\"ReadAction\",\"target\":[\"https:\/\/transfereurope.com\/sk\/destinacie\/vieden\/transfer-z-viedne-na-letisko-varsava-chopin\/\"]}]},{\"@type\":\"ImageObject\",\"inLanguage\":\"sk-SK\",\"@id\":\"https:\/\/transfereurope.com\/sk\/destinacie\/vieden\/transfer-z-viedne-na-letisko-varsava-chopin\/#primaryimage\",\"url\":\"https:\/\/transfereurope.com\/wp-content\/uploads\/2025\/08\/Italy-Milan-Transfers-5294-2-1.jpg\",\"contentUrl\":\"https:\/\/transfereurope.com\/wp-content\/uploads\/2025\/08\/Italy-Milan-Transfers-5294-2-1.jpg\",\"width\":1500,\"height\":2000},{\"@type\":\"BreadcrumbList\",\"@id\":\"https:\/\/transfereurope.com\/sk\/destinacie\/vieden\/transfer-z-viedne-na-letisko-varsava-chopin\/#breadcrumb\",\"itemListElement\":[{\"@type\":\"ListItem\",\"position\":1,\"name\":\"Home\",\"item\":\"https:\/\/transfereurope.com\/sk\/\"},{\"@type\":\"ListItem\",\"position\":2,\"name\":\"Transfer z Viedne na letisko Var\u0161ava-Chopin\"}]},{\"@type\":\"WebSite\",\"@id\":\"https:\/\/transfereurope.com\/sk\/#website\",\"url\":\"https:\/\/transfereurope.com\/sk\/\",\"name\":\"transfereurope\",\"description\":\"\",\"publisher\":{\"@id\":\"https:\/\/transfereurope.com\/sk\/#organization\"},\"potentialAction\":[{\"@type\":\"SearchAction\",\"target\":{\"@type\":\"EntryPoint\",\"urlTemplate\":\"https:\/\/transfereurope.com\/sk\/?s={search_term_string}\"},\"query-input\":{\"@type\":\"PropertyValueSpecification\",\"valueRequired\":true,\"valueName\":\"search_term_string\"}}],\"inLanguage\":\"sk-SK\"},{\"@type\":\"Organization\",\"@id\":\"https:\/\/transfereurope.com\/sk\/#organization\",\"name\":\"transfereurope\",\"url\":\"https:\/\/transfereurope.com\/sk\/\",\"logo\":{\"@type\":\"ImageObject\",\"inLanguage\":\"sk-SK\",\"@id\":\"https:\/\/transfereurope.com\/sk\/#\/schema\/logo\/image\/\",\"url\":\"https:\/\/transfereurope.com\/wp-content\/uploads\/2025\/08\/TRANSFERS-1655.png\",\"contentUrl\":\"https:\/\/transfereurope.com\/wp-content\/uploads\/2025\/08\/TRANSFERS-1655.png\",\"width\":500,\"height\":274,\"caption\":\"transfereurope\"},\"image\":{\"@id\":\"https:\/\/transfereurope.com\/sk\/#\/schema\/logo\/image\/\"}}]}<\/script>\n<!-- \/ Yoast SEO plugin. -->","yoast_head_json":{"title":"Transfer z Viedne do letiska Var\u0161ava-Chopin, WAW - Transfer Eur\u00f3pa","description":"Cesta z rak\u00faskej Viedne do letiska WAW autom s vodi\u010dom. Zarezervujte si online transfer Viede\u0148 - Var\u0161ava-Chopinovo letisko na Transfer Europe \u2714Ve\u013ek\u00fd vozov\u00fd park \u2714VIP taxi \u2714Bezpe\u010dn\u00e1 platba.","robots":{"index":"index","follow":"follow","max-snippet":"max-snippet:-1","max-image-preview":"max-image-preview:large","max-video-preview":"max-video-preview:-1"},"canonical":"https:\/\/transfereurope.com\/sk\/destinacie\/vieden\/transfer-z-viedne-na-letisko-varsava-chopin\/","og_locale":"sk_SK","og_type":"article","og_title":"Transfer z Viedne do letiska Var\u0161ava-Chopin, WAW - Transfer Eur\u00f3pa","og_description":"Cesta z rak\u00faskej Viedne do letiska WAW autom s vodi\u010dom. Zarezervujte si online transfer Viede\u0148 - Var\u0161ava-Chopinovo letisko na Transfer Europe \u2714Ve\u013ek\u00fd vozov\u00fd park \u2714VIP taxi \u2714Bezpe\u010dn\u00e1 platba.","og_url":"https:\/\/transfereurope.com\/sk\/destinacie\/vieden\/transfer-z-viedne-na-letisko-varsava-chopin\/","og_site_name":"transfereurope","og_image":[{"width":1500,"height":2000,"url":"https:\/\/transfereurope.com\/wp-content\/uploads\/2025\/08\/Italy-Milan-Transfers-5294-2-1.jpg","type":"image\/jpeg"}],"twitter_card":"summary_large_image","twitter_misc":{"Predpokladan\u00fd \u010das \u010d\u00edtania":"4 min\u00faty"},"schema":{"@context":"https:\/\/schema.org","@graph":[{"@type":"WebPage","@id":"https:\/\/transfereurope.com\/sk\/destinacie\/vieden\/transfer-z-viedne-na-letisko-varsava-chopin\/","url":"https:\/\/transfereurope.com\/sk\/destinacie\/vieden\/transfer-z-viedne-na-letisko-varsava-chopin\/","name":"Transfer z Viedne do letiska Var\u0161ava-Chopin, WAW - Transfer Eur\u00f3pa","isPartOf":{"@id":"https:\/\/transfereurope.com\/sk\/#website"},"primaryImageOfPage":{"@id":"https:\/\/transfereurope.com\/sk\/destinacie\/vieden\/transfer-z-viedne-na-letisko-varsava-chopin\/#primaryimage"},"image":{"@id":"https:\/\/transfereurope.com\/sk\/destinacie\/vieden\/transfer-z-viedne-na-letisko-varsava-chopin\/#primaryimage"},"thumbnailUrl":"https:\/\/transfereurope.com\/wp-content\/uploads\/2025\/08\/Italy-Milan-Transfers-5294-2-1.jpg","datePublished":"2025-08-04T22:38:35+00:00","description":"Cesta z rak\u00faskej Viedne do letiska WAW autom s vodi\u010dom. Zarezervujte si online transfer Viede\u0148 - Var\u0161ava-Chopinovo letisko na Transfer Europe \u2714Ve\u013ek\u00fd vozov\u00fd park \u2714VIP taxi \u2714Bezpe\u010dn\u00e1 platba.","breadcrumb":{"@id":"https:\/\/transfereurope.com\/sk\/destinacie\/vieden\/transfer-z-viedne-na-letisko-varsava-chopin\/#breadcrumb"},"inLanguage":"sk-SK","potentialAction":[{"@type":"ReadAction","target":["https:\/\/transfereurope.com\/sk\/destinacie\/vieden\/transfer-z-viedne-na-letisko-varsava-chopin\/"]}]},{"@type":"ImageObject","inLanguage":"sk-SK","@id":"https:\/\/transfereurope.com\/sk\/destinacie\/vieden\/transfer-z-viedne-na-letisko-varsava-chopin\/#primaryimage","url":"https:\/\/transfereurope.com\/wp-content\/uploads\/2025\/08\/Italy-Milan-Transfers-5294-2-1.jpg","contentUrl":"https:\/\/transfereurope.com\/wp-content\/uploads\/2025\/08\/Italy-Milan-Transfers-5294-2-1.jpg","width":1500,"height":2000},{"@type":"BreadcrumbList","@id":"https:\/\/transfereurope.com\/sk\/destinacie\/vieden\/transfer-z-viedne-na-letisko-varsava-chopin\/#breadcrumb","itemListElement":[{"@type":"ListItem","position":1,"name":"Home","item":"https:\/\/transfereurope.com\/sk\/"},{"@type":"ListItem","position":2,"name":"Transfer z Viedne na letisko Var\u0161ava-Chopin"}]},{"@type":"WebSite","@id":"https:\/\/transfereurope.com\/sk\/#website","url":"https:\/\/transfereurope.com\/sk\/","name":"transfereurope","description":"","publisher":{"@id":"https:\/\/transfereurope.com\/sk\/#organization"},"potentialAction":[{"@type":"SearchAction","target":{"@type":"EntryPoint","urlTemplate":"https:\/\/transfereurope.com\/sk\/?s={search_term_string}"},"query-input":{"@type":"PropertyValueSpecification","valueRequired":true,"valueName":"search_term_string"}}],"inLanguage":"sk-SK"},{"@type":"Organization","@id":"https:\/\/transfereurope.com\/sk\/#organization","name":"transfereurope","url":"https:\/\/transfereurope.com\/sk\/","logo":{"@type":"ImageObject","inLanguage":"sk-SK","@id":"https:\/\/transfereurope.com\/sk\/#\/schema\/logo\/image\/","url":"https:\/\/transfereurope.com\/wp-content\/uploads\/2025\/08\/TRANSFERS-1655.png","contentUrl":"https:\/\/transfereurope.com\/wp-content\/uploads\/2025\/08\/TRANSFERS-1655.png","width":500,"height":274,"caption":"transfereurope"},"image":{"@id":"https:\/\/transfereurope.com\/sk\/#\/schema\/logo\/image\/"}}]}},"_links":{"self":[{"href":"https:\/\/transfereurope.com\/sk\/wp-json\/wp\/v2\/pages\/31357","targetHints":{"allow":["GET"]}}],"collection":[{"href":"https:\/\/transfereurope.com\/sk\/wp-json\/wp\/v2\/pages"}],"about":[{"href":"https:\/\/transfereurope.com\/sk\/wp-json\/wp\/v2\/types\/page"}],"author":[{"embeddable":true,"href":"https:\/\/transfereurope.com\/sk\/wp-json\/wp\/v2\/users\/1"}],"replies":[{"embeddable":true,"href":"https:\/\/transfereurope.com\/sk\/wp-json\/wp\/v2\/comments?post=31357"}],"version-history":[{"count":0,"href":"https:\/\/transfereurope.com\/sk\/wp-json\/wp\/v2\/pages\/31357\/revisions"}],"up":[{"embeddable":true,"href":"https:\/\/transfereurope.com\/sk\/wp-json\/wp\/v2\/pages\/18891"}],"wp:featuredmedia":[{"embeddable":true,"href":"https:\/\/transfereurope.com\/sk\/wp-json\/wp\/v2\/media\/31358"}],"wp:attachment":[{"href":"https:\/\/transfereurope.com\/sk\/wp-json\/wp\/v2\/media?parent=31357"}],"curies":[{"name":"wp","href":"https:\/\/api.w.org\/{rel}","templated":true}]}}