{"id":31258,"date":"2025-08-04T22:37:50","date_gmt":"2025-08-04T22:37:50","guid":{"rendered":"https:\/\/transfereurope.com\/transfer-z-viedne-do-varsavy\/"},"modified":"2025-08-04T22:37:50","modified_gmt":"2025-08-04T22:37:50","slug":"transfer-z-viedne-do-varsavy","status":"publish","type":"page","link":"https:\/\/transfereurope.com\/sk\/destinacie\/vieden\/transfer-z-viedne-do-varsavy\/","title":{"rendered":"Transfer z Viedne do Var\u0161avy"},"content":{"rendered":"\n<div id=\"t4-masthead\" class=\"t4-section  t4-masthead\">\n<div class=\"t4-col text-center\">\n<div class=\"ja-masthead\" >\n<div class=\"ja-masthead-detail\">\n<h1 class=\"ja-masthead-title\">Transfer z Viedne do Var\u0161avy<\/h1>\n<p>                 <!---->            <\/p>\n<div class=\"block-breadcrumb\">\n<div class=\"moduletable\">\n<div aria-label=\"Breadcrumbs\" role=\"navigation\">\n<ul  class=\"breadcrumb\">\n<li class=\"active\"> \t\t\t\t<span class=\"fas fa-map-marker-alt home-map\"><\/span> \t\t\t<\/li>\n<li itemprop='itemListElement' > \t\t\t\t\t\t\t\t\t\t\t<a  href=\"\/sk\/\" class=\"pathway\"><span itemprop=\"name\">Hlavn\u00e1 str\u00e1nka<\/span><\/a> \t\t\t\t\t \t\t\t\t\t\t\t\t\t\t\t<span class=\"divider\"> \t\t\t\t\t\t\t<i class=\"fa fa-angle-double-right\" aria-hidden=\"true\"><\/i> \t\t\t\t\t\t<\/span> \t\t\t\t\t\t\t\t\t\t<meta  content=\"1\"> \t\t\t\t<\/li>\n<li itemprop='itemListElement' > \t\t\t\t\t\t\t\t\t\t\t<a  href=\"\/sk\/destinacie\" class=\"pathway\"><span itemprop=\"name\">Destin\u00e1cie<\/span><\/a> \t\t\t\t\t \t\t\t\t\t\t\t\t\t\t\t<span class=\"divider\"> \t\t\t\t\t\t\t<i class=\"fa fa-angle-double-right\" aria-hidden=\"true\"><\/i> \t\t\t\t\t\t<\/span> \t\t\t\t\t\t\t\t\t\t<meta  content=\"2\"> \t\t\t\t<\/li>\n<li itemprop='itemListElement' > \t\t\t\t\t\t\t\t\t\t\t<a  href=\"\/sk\/destinacie\/vieden\" class=\"pathway\"><span itemprop=\"name\">Viede\u0148<\/span><\/a> \t\t\t\t\t \t\t\t\t\t\t\t\t\t\t\t<span class=\"divider\"> \t\t\t\t\t\t\t<i class=\"fa fa-angle-double-right\" aria-hidden=\"true\"><\/i> \t\t\t\t\t\t<\/span> \t\t\t\t\t\t\t\t\t\t<meta  content=\"3\"> \t\t\t\t<\/li>\n<li   class=\"active\"> \t\t\t\t\t<span itemprop=\"name\"> \t\t\t\t\t\tTransfer z Viedne do Var\u0161avy\t\t\t\t\t<\/span> \t\t\t\t\t<meta  content=\"4\"> \t\t\t\t<\/li>\n<\/ul><\/div>\n<\/p><\/div>\n<\/p><\/div>\n<\/p><\/div>\n<\/p><\/div>\n<pre><\/pre>\n<\/div>\n<\/div>\n<div id=\"t4-main-body\" class=\"t4-section  t4-main-body\" role=\"main body\">\n<div class=\"t4-section-inner container\">\n<div class=\"t4-row row\">\n<div class=\"t4-col col-12 col-xl\">\n<div id=\"system-message-container\"> \t<\/div>\n<div class=\"com-content-article item-page view-tour-detail\">\n<div class=\"tour-top-info clearfix\">\n<div class=\"pull-left\">\n<div class=\"category-article-dot\">\n<div class=\"category-name\"> \t\t\t\t\t<a href=\"\/sk\/destinacie\/vieden\" itemprop=\"genre\">Transfery Viede\u0148<\/a> \t\t\t\t<\/div>\n<\/p><\/div>\n<\/p><\/div>\n<div class=\"pull-right\">\n<div class=\"text-danger tour-price\"> \t\t\t\t\t\t<a href=\"\/sk\/rezervovat-transfer\">Rezervova\u0165<\/a><\/div>\n<\/p><\/div>\n<\/p><\/div>\n<p>  \t <!--\t-->  \t<\/p>\n<div class=\"vm-product-container\">\n<figure class=\"pull-left item-image\">\n<div class=\"main-image\"> \t\t<a title=\"Vienna to Warsaw Transfer Service\" rel='vm-additional-images' href=\"\/images\/virtuemart\/product\/Europe Destinations Transfers (1)31.jpg\"><img decoding=\"async\"  loading=\"lazy\"  src=\"\/wp-content\/uploads\/2025\/08\/Europe-Destinations-Transfers-131-2.jpg\"  alt=\"Vienna to Warsaw Transfer Service\"  \/><\/a>\t\t<\/p>\n<div class=\"clear\"><\/div>\n<\/p><\/div>\n<\/figure>\n<div class=\"vm-product-details-container\">\n<div class=\"spacer-buy-area\">    \t\t \t\t<\/div>\n<\/p><\/div>\n<div class=\"clear\"><\/div>\n<\/p><\/div>\n<div class=\"product-description\" >\n<div class=\"book-now mt-5\" style=\"text-align: left;\">\n<p>H\u013ead\u00e1te spo\u013eahliv\u00fa a pohodln\u00fa dopravn\u00fa slu\u017ebu, ktor\u00e1 v\u00e1s odvezie z centra Viedne do pulzuj\u00facej Var\u0161avy? U\u017e nemus\u00edte h\u013eada\u0165 \u010falej. Na\u0161a slu\u017eba prepravy z Viedne do Var\u0161avy pon\u00faka bezprobl\u00e9mov\u00fa a pohodln\u00fa cestu z jedn\u00e9ho eur\u00f3pskeho klenotu do druh\u00e9ho.<\/p>\n<p style=\"text-align: center;\"><a class=\"btn btn-primary\" href=\"\/sk\/rezervovat-transfer\">Rezervova\u0165<\/a><\/p>\n<h2 style=\"text-align: center;\"><strong>Pre\u010do si vybra\u0165 n\u00e1\u0161 transfer z Viedne do Var\u0161avy?<\/strong><\/h2>\n<ul>\n<li><strong>S\u00fakromn\u00fd vodi\u010d:<\/strong>\u00a0Na\u0161i profesion\u00e1lni a zdvoril\u00ed s\u00fakromn\u00ed vodi\u010di s\u00fa v\u00e1m k dispoz\u00edcii, aby v\u00e1m zabezpe\u010dili bezpe\u010dn\u00fa a pr\u00edjemn\u00fa cestu. Nie s\u00fa len \u0161of\u00e9rmi, ale aj va\u0161imi spolo\u010dn\u00edkmi na cest\u00e1ch, v\u010faka ktor\u00fdm bude va\u0161a cesta rovnako pr\u00edjemn\u00e1 ako samotn\u00e1 destin\u00e1cia.<\/li>\n<li><strong>Pren\u00e1jom auta:<\/strong>\u00a0Pon\u00fakame flotilu dobre udr\u017eiavan\u00fdch, pohodln\u00fdch a klimatizovan\u00fdch vozidiel, ktor\u00e9 vyhovuj\u00fa va\u0161im \u0161pecifick\u00fdm potreb\u00e1m. \u010ci u\u017e cestujete sami, so skupinou alebo s rodinou, m\u00e1me pre v\u00e1s ide\u00e1lne vozidlo.<\/li>\n<li><strong>Efekt\u00edvna doprava:<\/strong>\u00a0Vieme, \u017ee presnos\u0165 je d\u00f4le\u017eit\u00e1, a preto je na\u0161\u00edm poslan\u00edm dopravi\u0165 v\u00e1s do cie\u013ea na\u010das. Na\u0161i vodi\u010di s\u00fa obozn\u00e1men\u00ed s najlep\u0161\u00edmi trasami, \u010d\u00edm zabezpe\u010duj\u00fa plynul\u00fd a efekt\u00edvny presun.<\/li>\n<li><strong>Slu\u017eby od dver\u00ed k dver\u00e1m:<\/strong>\u00a0S na\u0161ou slu\u017ebou od dver\u00ed k dver\u00e1m sa nemus\u00edte ob\u00e1va\u0165 navig\u00e1cie po nezn\u00e1mych uliciach alebo rie\u0161enia probl\u00e9mov s verejnou dopravou. Vyzdvihneme v\u00e1s na vami zvolenom mieste vo Viedni a vysad\u00edme v\u00e1s v po\u017eadovanej destin\u00e1cii vo Var\u0161ave.<\/li>\n<li><strong>Spo\u013eahliv\u00e1 preprava:<\/strong>\u00a0M\u00f4\u017eete si by\u0165 ist\u00ed, \u017ee na\u0161e vozidl\u00e1 s\u00fa pravidelne udr\u017eiavan\u00e9 a na\u0161i vodi\u010di s\u00fa sk\u00fasen\u00ed profesion\u00e1li, tak\u017ee si m\u00f4\u017eete vychutna\u0165 bezpe\u010dn\u00fa a pohodln\u00fa jazdu.<\/li>\n<\/ul>\n<h2 style=\"text-align: center;\">\u00a0<\/h2>\n<h2 style=\"text-align: center;\"><strong>Rezerv\u00e1cia transferu z Viedne do Var\u0161avy\u00a0<\/strong><\/h2>\n<p>Urobte si z cesty z Viedne do Var\u0161avy nezabudnute\u013en\u00fd z\u00e1\u017eitok s transferom z Viedne do Var\u0161avy. Rezervujte si u n\u00e1s prepravu e\u0161te dnes a nechajte n\u00e1s postara\u0165 sa o v\u0161etky va\u0161e cestovn\u00e9 potreby. Va\u0161a spokojnos\u0165 je na\u0161ou prioritou a my sa sna\u017e\u00edme poskytova\u0165 tie najlep\u0161ie slu\u017eby v oblasti s\u00fakromnej dopravy.<\/p>\n<p style=\"text-align: center;\"><a class=\"btn btn-primary\" href=\"\/sk\/rezervovat-transfer\">Rezervova\u0165<\/a><\/p>\n<h2 style=\"text-align: center;\"><strong>Ako sa dosta\u0165 z Viedne do Var\u0161avy<\/strong><\/h2>\n<p>Cesta z Viedne do Var\u0161avy pon\u00faka skvel\u00fa pr\u00edle\u017eitos\u0165 spozna\u0165 kr\u00e1sy strednej Eur\u00f3py. \u010ci u\u017e ste turista alebo obchodn\u00fd cestuj\u00faci, tu je nieko\u013eko mo\u017enost\u00ed, ako sa dosta\u0165 z Viedne do Var\u0161avy:<\/p>\n<h3>Leteckou dopravou<\/h3>\n<p>Z Viedne do Var\u0161avy sa najr\u00fdchlej\u0161ie dostanete priamym letom. Medzin\u00e1rodn\u00e9 letisko Viede\u0148 (VIE) a letisko Chopina vo Var\u0161ave (WAW) s\u00fa dobre prepojen\u00e9 mnoh\u00fdmi denn\u00fdmi letmi. T\u00e1to mo\u017enos\u0165 je ide\u00e1lna, ak chcete u\u0161etri\u0165 \u010das a r\u00fdchlo sa dosta\u0165 do cie\u013ea.<\/p>\n<h3>Vlakom<\/h3>\n<p>Ak uprednost\u0148ujete vyhliadkov\u00fa trasu, zv\u00e1\u017ete cestu vlakom z Viedne do Var\u0161avy. Cesta vlakom pon\u00faka kr\u00e1sne v\u00fdh\u013eady na krajinu a je pohodln\u00e1. Cesta zvy\u010dajne trv\u00e1 pribli\u017ene 7 a\u017e 9 hod\u00edn v z\u00e1vislosti od typu vlaku a pr\u00edpojov.<\/p>\n<h3>Autobusom<\/h3>\n<p>Medzi Vied\u0148ou a Var\u0161avou prem\u00e1va autobusov\u00e1 doprava, ktor\u00e1 pon\u00faka ekonomicky v\u00fdhodn\u00e9 cestovanie. Cesta m\u00f4\u017ee trva\u0165 pribli\u017ene 8 a\u017e 10 hod\u00edn a autobusy s\u00fa vybaven\u00e9 modern\u00fdmi zariadeniami, ktor\u00e9 zabezpe\u010dia va\u0161e pohodlie po\u010das jazdy.<\/p>\n<p>\u00a0<\/p>\n<h3>Automobilom<\/h3>\n<p>Pre v\u00e4\u010d\u0161iu flexibilitu a mo\u017enos\u0165 presk\u00fama\u0165 regi\u00f3ny medzi nimi si m\u00f4\u017eete prenaja\u0165 auto a odviez\u0165 sa z Viedne do Var\u0161avy. Vzdialenos\u0165 je pribli\u017ene 450 kilometrov a cesta zvy\u010dajne trv\u00e1 pribli\u017ene 4 a\u017e 5 hod\u00edn v z\u00e1vislosti od prem\u00e1vky a trasy.<\/p>\n<h3>S\u00fakromn\u00fdm transferom<\/h3>\n<p>Pre bezprobl\u00e9mov\u00fa a pohodln\u00fa cestu zv\u00e1\u017ete pren\u00e1jom s\u00fakromn\u00e9ho vodi\u010da alebo vyu\u017eite \u0161pecializovan\u00fa slu\u017ebu transferu, ako je na\u0161a slu\u017eba &#8222;Transfer z Viedne do Var\u0161avy&#8220;. T\u00e1to mo\u017enos\u0165 v\u00e1m umo\u017en\u00ed cestova\u0165 vlastn\u00fdm tempom a vychutna\u0165 si individu\u00e1lny z\u00e1\u017eitok.<\/p>\n<h3>Cyklistikou alebo ch\u00f4dzou<\/h3>\n<p>Ak patr\u00edte k dobrodru\u017en\u00fdm cestovate\u013eom, m\u00f4\u017eete si trasu z Viedne do Var\u0161avy prejs\u0165 na bicykli alebo pe\u0161o. Je to jedine\u010dn\u00fd sp\u00f4sob spozn\u00e1vania krajiny a kult\u00fary regi\u00f3nu, vy\u017eaduje si v\u0161ak d\u00f4kladn\u00e9 pl\u00e1novanie a v\u00fddr\u017e.<\/p>\n<p style=\"text-align: center;\"><a class=\"btn btn-primary\" href=\"\/sk\/rezervovat-transfer\">Rezervova\u0165<\/a><\/p>\n<p style=\"text-align: left;\">Bez oh\u013eadu na to, ak\u00fd sp\u00f4sob dopravy si vyberiete, va\u0161a cesta z Viedne do Var\u0161avy bude obohacuj\u00facim a nezabudnute\u013en\u00fdm z\u00e1\u017eitkom. Napl\u00e1nujte si cestu pod\u013ea svojich preferenci\u00ed, rozpo\u010dtu a \u010dasov\u00e9ho harmonogramu a vychutnajte si rozmanit\u00fa krajinu a kult\u00fary, ktor\u00e9 tento regi\u00f3n pon\u00faka. Bezpe\u010dn\u00e9 cestovanie!<\/p>\n<\/p><\/div>\n<\/p><\/div>\n<div class=\"product-price-container\">\n<div class=\"sale-price\"> \t\t<\/div>\n<\/p><\/div>\n<div class=\"options\"><\/div>\n<div> \t\t<\/div>\n<p>   \t        <script type=\"text\/javascript\" ><\/script>  <script type=\"text\/javascript\" ><\/script> <script type=\"text\/javascript\" ><\/script>  <script type=\"text\/javascript\" ><\/script> <script type=\"text\/javascript\" ><\/script> <script type=\"text\/javascript\" ><\/script> <script type=\"text\/javascript\" ><\/script> <\/div>\n<p> \t\t<!-- \u041f\u043b\u0430\u0433\u0438\u043d \u0440\u0435\u0439\u0442\u0438\u043d\u0433\u0430 --> <\/p>\n<div class=\"vrvote-body\">\n<ul class=\"vrvote-ul\">\n<li id=\"rating_83\" class=\"current-rating\" style=\"width:97.69%;\"><\/li>\n<li> \t\t\t\t\t\t<a class=\"vr-one-star\" onclick=\"javascript:JSVRvote(83,1,127,26,0)\" href=\"javascript:void(null)\">1<\/a> \t\t\t\t\t<\/li>\n<li> \t\t\t\t\t\t<a class=\"vr-two-stars\" onclick=\"javascript:JSVRvote(83,2,127,26,0)\" href=\"javascript:void(null)\">2<\/a> \t\t\t\t\t<\/li>\n<li> \t\t\t\t\t\t<a class=\"vr-three-stars\" onclick=\"javascript:JSVRvote(83,3,127,26,0)\" href=\"javascript:void(null)\">3<\/a> \t\t\t\t\t<\/li>\n<li> \t\t\t\t\t\t<a class=\"vr-four-stars\" onclick=\"javascript:JSVRvote(83,4,127,26,0)\" href=\"javascript:void(null)\">4<\/a> \t\t\t\t\t<\/li>\n<li> \t\t\t\t\t\t<a class=\"vr-five-stars\" onclick=\"javascript:JSVRvote(83,5,127,26,0)\" href=\"javascript:void(null)\">5<\/a> \t\t\t\t\t<\/li>\n<\/ul><\/div>\n<p> \t\t\t<span id=\"vrvote_83\" class=\"vrvote-count\"><small><\/small><\/span>\t<\/span><script type=\"application\/ld+json\"><\/script>   <\/div>\n<div class=\"t4-col sidebar-r col-12 col-xl-4\">\n<div class=\"t4-module module\" id=\"Mod306\">\n<div class=\"module-inner\">\n<div class=\"module-ct\">\n<div class=\"bannergroup\">\n<div class=\"banneritem\"> \t\t\t\t\t\t\t\t\t\t\t\t\t\t\t\t\t\t\t\t\t\t\t\t\t\t\t\t\t\t\t\t\t\t\t\t\t\t\t\t\t\t\t\t\t\t\t\t\t\t<img \t\t\t\t\t\tsrc=\"\/wp-content\/uploads\/2025\/08\/banner-transfer-europe-sk-66.png\" \t\t\t\t\t\talt=\"Banner-sk\" \t\t\t\t\t\t\t\t\t\t\t\t\t\t\t\t\t\/> \t\t\t\t\t\t\t\t\t\t\t<\/p>\n<div class=\"clr\"><\/div>\n<\/p><\/div>\n<\/p><\/div>\n<\/p><\/div>\n<\/div>\n<\/div><\/div>\n<\/p><\/div>\n<\/div><\/div>\n<div id=\"t4-section-8\" class=\"t4-section  t4-section-8  section-border-top\" role=\"section-8\">\n<div class=\"bg-overlay bg-overlay-image\">&nbsp;<\/div>\n<\/p><\/div>\n<p>  <a href='javascript:' id='back-to-top'><i class='fa fa-chevron-up'><\/i><\/a>                <\/p>\n","protected":false},"excerpt":{"rendered":"<p>Transfer z Viedne do Var\u0161avy Hlavn\u00e1 str\u00e1nka Destin\u00e1cie Viede\u0148 Transfer z Viedne do Var\u0161avy Transfery Viede\u0148 Rezervova\u0165 H\u013ead\u00e1te spo\u013eahliv\u00fa a pohodln\u00fa dopravn\u00fa slu\u017ebu, ktor\u00e1 v\u00e1s odvezie z centra Viedne do pulzuj\u00facej Var\u0161avy? U\u017e nemus\u00edte h\u013eada\u0165 \u010falej. Na\u0161a slu\u017eba prepravy z Viedne do Var\u0161avy pon\u00faka bezprobl\u00e9mov\u00fa a pohodln\u00fa cestu z jedn\u00e9ho eur\u00f3pskeho klenotu do druh\u00e9ho. Rezervova\u0165 [&hellip;]<\/p>\n","protected":false},"author":1,"featured_media":31259,"parent":18891,"menu_order":0,"comment_status":"closed","ping_status":"closed","template":"","meta":{"footnotes":""},"class_list":["post-31258","page","type-page","status-publish","has-post-thumbnail","hentry"],"yoast_head":"<!-- This site is optimized with the Yoast SEO plugin v25.6 - https:\/\/yoast.com\/wordpress\/plugins\/seo\/ -->\n<title>Transfer z Viedne do Var\u0161avy - Transfer Europe<\/title>\n<meta name=\"description\" content=\"\u0160of\u00e9rujte z Viedne do Var\u0161avy s vodi\u010dom. Zarezervujte si online transfer Viede\u0148 - Var\u0161ava na Transfer Europe \u2714Ve\u013ek\u00fd vozov\u00fd park \u2714VIP taxi \u2714Bezpe\u010dn\u00e1 platba.\" \/>\n<meta name=\"robots\" content=\"index, follow, max-snippet:-1, max-image-preview:large, max-video-preview:-1\" \/>\n<link rel=\"canonical\" href=\"https:\/\/transfereurope.com\/sk\/destinacie\/vieden\/transfer-z-viedne-do-varsavy\/\" \/>\n<meta property=\"og:locale\" content=\"sk_SK\" \/>\n<meta property=\"og:type\" content=\"article\" \/>\n<meta property=\"og:title\" content=\"Transfer z Viedne do Var\u0161avy - Transfer Europe\" \/>\n<meta property=\"og:description\" content=\"\u0160of\u00e9rujte z Viedne do Var\u0161avy s vodi\u010dom. Zarezervujte si online transfer Viede\u0148 - Var\u0161ava na Transfer Europe \u2714Ve\u013ek\u00fd vozov\u00fd park \u2714VIP taxi \u2714Bezpe\u010dn\u00e1 platba.\" \/>\n<meta property=\"og:url\" content=\"https:\/\/transfereurope.com\/sk\/destinacie\/vieden\/transfer-z-viedne-do-varsavy\/\" \/>\n<meta property=\"og:site_name\" content=\"transfereurope\" \/>\n<meta property=\"og:image\" content=\"https:\/\/transfereurope.com\/wp-content\/uploads\/2025\/08\/Europe-Destinations-Transfers-131-2-1.jpg\" \/>\n\t<meta property=\"og:image:width\" content=\"1500\" \/>\n\t<meta property=\"og:image:height\" content=\"2000\" \/>\n\t<meta property=\"og:image:type\" content=\"image\/jpeg\" \/>\n<meta name=\"twitter:card\" content=\"summary_large_image\" \/>\n<meta name=\"twitter:label1\" content=\"Predpokladan\u00fd \u010das \u010d\u00edtania\" \/>\n\t<meta name=\"twitter:data1\" content=\"4 min\u00faty\" \/>\n<script type=\"application\/ld+json\" class=\"yoast-schema-graph\">{\"@context\":\"https:\/\/schema.org\",\"@graph\":[{\"@type\":\"WebPage\",\"@id\":\"https:\/\/transfereurope.com\/sk\/destinacie\/vieden\/transfer-z-viedne-do-varsavy\/\",\"url\":\"https:\/\/transfereurope.com\/sk\/destinacie\/vieden\/transfer-z-viedne-do-varsavy\/\",\"name\":\"Transfer z Viedne do Var\u0161avy - Transfer Europe\",\"isPartOf\":{\"@id\":\"https:\/\/transfereurope.com\/sk\/#website\"},\"primaryImageOfPage\":{\"@id\":\"https:\/\/transfereurope.com\/sk\/destinacie\/vieden\/transfer-z-viedne-do-varsavy\/#primaryimage\"},\"image\":{\"@id\":\"https:\/\/transfereurope.com\/sk\/destinacie\/vieden\/transfer-z-viedne-do-varsavy\/#primaryimage\"},\"thumbnailUrl\":\"https:\/\/transfereurope.com\/wp-content\/uploads\/2025\/08\/Europe-Destinations-Transfers-131-2-1.jpg\",\"datePublished\":\"2025-08-04T22:37:50+00:00\",\"description\":\"\u0160of\u00e9rujte z Viedne do Var\u0161avy s vodi\u010dom. Zarezervujte si online transfer Viede\u0148 - Var\u0161ava na Transfer Europe \u2714Ve\u013ek\u00fd vozov\u00fd park \u2714VIP taxi \u2714Bezpe\u010dn\u00e1 platba.\",\"breadcrumb\":{\"@id\":\"https:\/\/transfereurope.com\/sk\/destinacie\/vieden\/transfer-z-viedne-do-varsavy\/#breadcrumb\"},\"inLanguage\":\"sk-SK\",\"potentialAction\":[{\"@type\":\"ReadAction\",\"target\":[\"https:\/\/transfereurope.com\/sk\/destinacie\/vieden\/transfer-z-viedne-do-varsavy\/\"]}]},{\"@type\":\"ImageObject\",\"inLanguage\":\"sk-SK\",\"@id\":\"https:\/\/transfereurope.com\/sk\/destinacie\/vieden\/transfer-z-viedne-do-varsavy\/#primaryimage\",\"url\":\"https:\/\/transfereurope.com\/wp-content\/uploads\/2025\/08\/Europe-Destinations-Transfers-131-2-1.jpg\",\"contentUrl\":\"https:\/\/transfereurope.com\/wp-content\/uploads\/2025\/08\/Europe-Destinations-Transfers-131-2-1.jpg\",\"width\":1500,\"height\":2000},{\"@type\":\"BreadcrumbList\",\"@id\":\"https:\/\/transfereurope.com\/sk\/destinacie\/vieden\/transfer-z-viedne-do-varsavy\/#breadcrumb\",\"itemListElement\":[{\"@type\":\"ListItem\",\"position\":1,\"name\":\"Home\",\"item\":\"https:\/\/transfereurope.com\/sk\/\"},{\"@type\":\"ListItem\",\"position\":2,\"name\":\"Transfer z Viedne do Var\u0161avy\"}]},{\"@type\":\"WebSite\",\"@id\":\"https:\/\/transfereurope.com\/sk\/#website\",\"url\":\"https:\/\/transfereurope.com\/sk\/\",\"name\":\"transfereurope\",\"description\":\"\",\"publisher\":{\"@id\":\"https:\/\/transfereurope.com\/sk\/#organization\"},\"potentialAction\":[{\"@type\":\"SearchAction\",\"target\":{\"@type\":\"EntryPoint\",\"urlTemplate\":\"https:\/\/transfereurope.com\/sk\/?s={search_term_string}\"},\"query-input\":{\"@type\":\"PropertyValueSpecification\",\"valueRequired\":true,\"valueName\":\"search_term_string\"}}],\"inLanguage\":\"sk-SK\"},{\"@type\":\"Organization\",\"@id\":\"https:\/\/transfereurope.com\/sk\/#organization\",\"name\":\"transfereurope\",\"url\":\"https:\/\/transfereurope.com\/sk\/\",\"logo\":{\"@type\":\"ImageObject\",\"inLanguage\":\"sk-SK\",\"@id\":\"https:\/\/transfereurope.com\/sk\/#\/schema\/logo\/image\/\",\"url\":\"https:\/\/transfereurope.com\/wp-content\/uploads\/2025\/08\/TRANSFERS-1655.png\",\"contentUrl\":\"https:\/\/transfereurope.com\/wp-content\/uploads\/2025\/08\/TRANSFERS-1655.png\",\"width\":500,\"height\":274,\"caption\":\"transfereurope\"},\"image\":{\"@id\":\"https:\/\/transfereurope.com\/sk\/#\/schema\/logo\/image\/\"}}]}<\/script>\n<!-- \/ Yoast SEO plugin. -->","yoast_head_json":{"title":"Transfer z Viedne do Var\u0161avy - Transfer Europe","description":"\u0160of\u00e9rujte z Viedne do Var\u0161avy s vodi\u010dom. Zarezervujte si online transfer Viede\u0148 - Var\u0161ava na Transfer Europe \u2714Ve\u013ek\u00fd vozov\u00fd park \u2714VIP taxi \u2714Bezpe\u010dn\u00e1 platba.","robots":{"index":"index","follow":"follow","max-snippet":"max-snippet:-1","max-image-preview":"max-image-preview:large","max-video-preview":"max-video-preview:-1"},"canonical":"https:\/\/transfereurope.com\/sk\/destinacie\/vieden\/transfer-z-viedne-do-varsavy\/","og_locale":"sk_SK","og_type":"article","og_title":"Transfer z Viedne do Var\u0161avy - Transfer Europe","og_description":"\u0160of\u00e9rujte z Viedne do Var\u0161avy s vodi\u010dom. Zarezervujte si online transfer Viede\u0148 - Var\u0161ava na Transfer Europe \u2714Ve\u013ek\u00fd vozov\u00fd park \u2714VIP taxi \u2714Bezpe\u010dn\u00e1 platba.","og_url":"https:\/\/transfereurope.com\/sk\/destinacie\/vieden\/transfer-z-viedne-do-varsavy\/","og_site_name":"transfereurope","og_image":[{"width":1500,"height":2000,"url":"https:\/\/transfereurope.com\/wp-content\/uploads\/2025\/08\/Europe-Destinations-Transfers-131-2-1.jpg","type":"image\/jpeg"}],"twitter_card":"summary_large_image","twitter_misc":{"Predpokladan\u00fd \u010das \u010d\u00edtania":"4 min\u00faty"},"schema":{"@context":"https:\/\/schema.org","@graph":[{"@type":"WebPage","@id":"https:\/\/transfereurope.com\/sk\/destinacie\/vieden\/transfer-z-viedne-do-varsavy\/","url":"https:\/\/transfereurope.com\/sk\/destinacie\/vieden\/transfer-z-viedne-do-varsavy\/","name":"Transfer z Viedne do Var\u0161avy - Transfer Europe","isPartOf":{"@id":"https:\/\/transfereurope.com\/sk\/#website"},"primaryImageOfPage":{"@id":"https:\/\/transfereurope.com\/sk\/destinacie\/vieden\/transfer-z-viedne-do-varsavy\/#primaryimage"},"image":{"@id":"https:\/\/transfereurope.com\/sk\/destinacie\/vieden\/transfer-z-viedne-do-varsavy\/#primaryimage"},"thumbnailUrl":"https:\/\/transfereurope.com\/wp-content\/uploads\/2025\/08\/Europe-Destinations-Transfers-131-2-1.jpg","datePublished":"2025-08-04T22:37:50+00:00","description":"\u0160of\u00e9rujte z Viedne do Var\u0161avy s vodi\u010dom. Zarezervujte si online transfer Viede\u0148 - Var\u0161ava na Transfer Europe \u2714Ve\u013ek\u00fd vozov\u00fd park \u2714VIP taxi \u2714Bezpe\u010dn\u00e1 platba.","breadcrumb":{"@id":"https:\/\/transfereurope.com\/sk\/destinacie\/vieden\/transfer-z-viedne-do-varsavy\/#breadcrumb"},"inLanguage":"sk-SK","potentialAction":[{"@type":"ReadAction","target":["https:\/\/transfereurope.com\/sk\/destinacie\/vieden\/transfer-z-viedne-do-varsavy\/"]}]},{"@type":"ImageObject","inLanguage":"sk-SK","@id":"https:\/\/transfereurope.com\/sk\/destinacie\/vieden\/transfer-z-viedne-do-varsavy\/#primaryimage","url":"https:\/\/transfereurope.com\/wp-content\/uploads\/2025\/08\/Europe-Destinations-Transfers-131-2-1.jpg","contentUrl":"https:\/\/transfereurope.com\/wp-content\/uploads\/2025\/08\/Europe-Destinations-Transfers-131-2-1.jpg","width":1500,"height":2000},{"@type":"BreadcrumbList","@id":"https:\/\/transfereurope.com\/sk\/destinacie\/vieden\/transfer-z-viedne-do-varsavy\/#breadcrumb","itemListElement":[{"@type":"ListItem","position":1,"name":"Home","item":"https:\/\/transfereurope.com\/sk\/"},{"@type":"ListItem","position":2,"name":"Transfer z Viedne do Var\u0161avy"}]},{"@type":"WebSite","@id":"https:\/\/transfereurope.com\/sk\/#website","url":"https:\/\/transfereurope.com\/sk\/","name":"transfereurope","description":"","publisher":{"@id":"https:\/\/transfereurope.com\/sk\/#organization"},"potentialAction":[{"@type":"SearchAction","target":{"@type":"EntryPoint","urlTemplate":"https:\/\/transfereurope.com\/sk\/?s={search_term_string}"},"query-input":{"@type":"PropertyValueSpecification","valueRequired":true,"valueName":"search_term_string"}}],"inLanguage":"sk-SK"},{"@type":"Organization","@id":"https:\/\/transfereurope.com\/sk\/#organization","name":"transfereurope","url":"https:\/\/transfereurope.com\/sk\/","logo":{"@type":"ImageObject","inLanguage":"sk-SK","@id":"https:\/\/transfereurope.com\/sk\/#\/schema\/logo\/image\/","url":"https:\/\/transfereurope.com\/wp-content\/uploads\/2025\/08\/TRANSFERS-1655.png","contentUrl":"https:\/\/transfereurope.com\/wp-content\/uploads\/2025\/08\/TRANSFERS-1655.png","width":500,"height":274,"caption":"transfereurope"},"image":{"@id":"https:\/\/transfereurope.com\/sk\/#\/schema\/logo\/image\/"}}]}},"_links":{"self":[{"href":"https:\/\/transfereurope.com\/sk\/wp-json\/wp\/v2\/pages\/31258","targetHints":{"allow":["GET"]}}],"collection":[{"href":"https:\/\/transfereurope.com\/sk\/wp-json\/wp\/v2\/pages"}],"about":[{"href":"https:\/\/transfereurope.com\/sk\/wp-json\/wp\/v2\/types\/page"}],"author":[{"embeddable":true,"href":"https:\/\/transfereurope.com\/sk\/wp-json\/wp\/v2\/users\/1"}],"replies":[{"embeddable":true,"href":"https:\/\/transfereurope.com\/sk\/wp-json\/wp\/v2\/comments?post=31258"}],"version-history":[{"count":0,"href":"https:\/\/transfereurope.com\/sk\/wp-json\/wp\/v2\/pages\/31258\/revisions"}],"up":[{"embeddable":true,"href":"https:\/\/transfereurope.com\/sk\/wp-json\/wp\/v2\/pages\/18891"}],"wp:featuredmedia":[{"embeddable":true,"href":"https:\/\/transfereurope.com\/sk\/wp-json\/wp\/v2\/media\/31259"}],"wp:attachment":[{"href":"https:\/\/transfereurope.com\/sk\/wp-json\/wp\/v2\/media?parent=31258"}],"curies":[{"name":"wp","href":"https:\/\/api.w.org\/{rel}","templated":true}]}}