{"id":31159,"date":"2025-08-04T22:37:05","date_gmt":"2025-08-04T22:37:05","guid":{"rendered":"https:\/\/transfereurope.com\/transfer-z-viedne-do-salzburgu\/"},"modified":"2025-08-04T22:37:05","modified_gmt":"2025-08-04T22:37:05","slug":"transfer-z-viedne-do-salzburgu","status":"publish","type":"page","link":"https:\/\/transfereurope.com\/sk\/destinacie\/vieden\/transfer-z-viedne-do-salzburgu\/","title":{"rendered":"Transfer z Viedne do Salzburgu"},"content":{"rendered":"\n<div id=\"t4-masthead\" class=\"t4-section  t4-masthead\">\n<div class=\"t4-col text-center\">\n<div class=\"ja-masthead\" >\n<div class=\"ja-masthead-detail\">\n<h1 class=\"ja-masthead-title\">Transfer z Viedne do Salzburgu<\/h1>\n<p>                 <!---->            <\/p>\n<div class=\"block-breadcrumb\">\n<div class=\"moduletable\">\n<div aria-label=\"Breadcrumbs\" role=\"navigation\">\n<ul  class=\"breadcrumb\">\n<li class=\"active\"> \t\t\t\t<span class=\"fas fa-map-marker-alt home-map\"><\/span> \t\t\t<\/li>\n<li itemprop='itemListElement' > \t\t\t\t\t\t\t\t\t\t\t<a  href=\"\/sk\/\" class=\"pathway\"><span itemprop=\"name\">Hlavn\u00e1 str\u00e1nka<\/span><\/a> \t\t\t\t\t \t\t\t\t\t\t\t\t\t\t\t<span class=\"divider\"> \t\t\t\t\t\t\t<i class=\"fa fa-angle-double-right\" aria-hidden=\"true\"><\/i> \t\t\t\t\t\t<\/span> \t\t\t\t\t\t\t\t\t\t<meta  content=\"1\"> \t\t\t\t<\/li>\n<li itemprop='itemListElement' > \t\t\t\t\t\t\t\t\t\t\t<a  href=\"\/sk\/destinacie\" class=\"pathway\"><span itemprop=\"name\">Destin\u00e1cie<\/span><\/a> \t\t\t\t\t \t\t\t\t\t\t\t\t\t\t\t<span class=\"divider\"> \t\t\t\t\t\t\t<i class=\"fa fa-angle-double-right\" aria-hidden=\"true\"><\/i> \t\t\t\t\t\t<\/span> \t\t\t\t\t\t\t\t\t\t<meta  content=\"2\"> \t\t\t\t<\/li>\n<li itemprop='itemListElement' > \t\t\t\t\t\t\t\t\t\t\t<a  href=\"\/sk\/destinacie\/vieden\" class=\"pathway\"><span itemprop=\"name\">Viede\u0148<\/span><\/a> \t\t\t\t\t \t\t\t\t\t\t\t\t\t\t\t<span class=\"divider\"> \t\t\t\t\t\t\t<i class=\"fa fa-angle-double-right\" aria-hidden=\"true\"><\/i> \t\t\t\t\t\t<\/span> \t\t\t\t\t\t\t\t\t\t<meta  content=\"3\"> \t\t\t\t<\/li>\n<li   class=\"active\"> \t\t\t\t\t<span itemprop=\"name\"> \t\t\t\t\t\tTransfer z Viedne do Salzburgu\t\t\t\t\t<\/span> \t\t\t\t\t<meta  content=\"4\"> \t\t\t\t<\/li>\n<\/ul><\/div>\n<\/p><\/div>\n<\/p><\/div>\n<\/p><\/div>\n<\/p><\/div>\n<pre><\/pre>\n<\/div>\n<\/div>\n<div id=\"t4-main-body\" class=\"t4-section  t4-main-body\" role=\"main body\">\n<div class=\"t4-section-inner container\">\n<div class=\"t4-row row\">\n<div class=\"t4-col col-12 col-xl\">\n<div id=\"system-message-container\"> \t<\/div>\n<div class=\"com-content-article item-page view-tour-detail\">\n<div class=\"tour-top-info clearfix\">\n<div class=\"pull-left\">\n<div class=\"category-article-dot\">\n<div class=\"category-name\"> \t\t\t\t\t<a href=\"\/sk\/destinacie\/vieden\" itemprop=\"genre\">Transfery Viede\u0148<\/a> \t\t\t\t<\/div>\n<\/p><\/div>\n<\/p><\/div>\n<div class=\"pull-right\">\n<div class=\"text-danger tour-price\"> \t\t\t\t\t\t<a href=\"\/sk\/rezervovat-transfer\">Rezervova\u0165<\/a><\/div>\n<\/p><\/div>\n<\/p><\/div>\n<p>  \t <!--\t-->  \t<\/p>\n<div class=\"vm-product-container\">\n<figure class=\"pull-left item-image\">\n<div class=\"main-image\"> \t\t<a title=\"Vienna to Salzburg Transfer Service\" rel='vm-additional-images' href=\"\/images\/virtuemart\/product\/Europe Destinations Transfers (3)85.jpg\"><img decoding=\"async\"  loading=\"lazy\"  src=\"\/wp-content\/uploads\/2025\/08\/Europe-Destinations-Transfers-385-2.jpg\"  alt=\"Vienna to Salzburg Transfer Service\"  \/><\/a>\t\t<\/p>\n<div class=\"clear\"><\/div>\n<\/p><\/div>\n<\/figure>\n<div class=\"vm-product-details-container\">\n<div class=\"spacer-buy-area\">    \t\t \t\t<\/div>\n<\/p><\/div>\n<div class=\"clear\"><\/div>\n<\/p><\/div>\n<div class=\"product-description\" >\n<div class=\"book-now mt-5\" style=\"text-align: left;\">\n<p>Ak potrebujete spo\u013eahliv\u00fa a pohodln\u00fa prepravu medzi Vied\u0148ou a Salzburgom, neh\u013eadajte ni\u010d in\u00e9 ako na\u0161u pr\u00e9miov\u00fa slu\u017ebu transferu. \u010ci u\u017e cestujete pracovne alebo na dovolenku, na\u0161a slu\u017eba pren\u00e1jmu auta a s\u00fakromn\u00e9ho vodi\u010da v\u00e1m pon\u00faka pohodln\u00fd a bezstresov\u00fd sp\u00f4sob, ako sa dosta\u0165 z Viedne do \u00fa\u017easn\u00e9ho mesta Salzburg.<\/p>\n<p>Na\u0161a slu\u017eba transferu z Viedne do Salzburgu je ide\u00e1lnou vo\u013ebou pre t\u00fdch, ktor\u00ed h\u013eadaj\u00fa bezprobl\u00e9mov\u00fa a pr\u00edjemn\u00fa cestu. S na\u0161\u00edm s\u00fakromn\u00fdm vodi\u010dom za volantom si m\u00f4\u017eete odd\u00fdchnu\u0165 a ponori\u0165 sa do malebnej rak\u00faskej krajiny po\u010das cesty z jedn\u00e9ho ikonick\u00e9ho mesta do druh\u00e9ho. N\u00e1\u0161 \u0161pecializovan\u00fd t\u00edm sa sna\u017e\u00ed poskytn\u00fa\u0165 v\u00e1m bezprobl\u00e9mov\u00fd a nezabudnute\u013en\u00fd cestovn\u00fd z\u00e1\u017eitok a zabezpe\u010di\u0165, aby va\u0161a cesta prebehla \u010do najplynulej\u0161ie.<\/p>\n<p style=\"text-align: center;\"><a class=\"btn btn-primary\" href=\"\/sk\/rezervovat-transfer\">Rezervova\u0165<\/a><\/p>\n<h2 style=\"text-align: center;\"><strong>Pre\u010do si vybra\u0165 n\u00e1\u0161 transfer z Viedne do Salzburgu?<\/strong><\/h2>\n<ul>\n<li style=\"font-weight: 400;\"><strong>Komfort a pohodlie:<\/strong>\u00a0Na\u0161e modern\u00e9 a dobre udr\u017eiavan\u00e9 vozidl\u00e1 s\u00fa navrhnut\u00e9 tak, aby v\u00e1m po\u010das cesty poskytli maxim\u00e1lne pohodlie. Relaxujte v na\u0161ich priestrann\u00fdch vozidl\u00e1ch, preto\u017ee o riadenie sa postar\u00e1 n\u00e1\u0161 s\u00fakromn\u00fd vodi\u010d.<\/li>\n<li style=\"font-weight: 400;\"><strong>Profesion\u00e1lne slu\u017eby:<\/strong>\u00a0Na\u0161i sk\u00fasen\u00ed vodi\u010di s\u00fa nielen sk\u00fasen\u00ed za volantom, ale maj\u00fa aj znalosti o najlep\u0161\u00edch tras\u00e1ch a miestnych poznatkoch, v\u010faka \u010domu sa do cie\u013ea dostanete efekt\u00edvne.<\/li>\n<li style=\"font-weight: 400;\"><strong>Transfery na mieru:<\/strong>\u00a0Vieme, \u017ee ka\u017ed\u00fd cestuj\u00faci je jedine\u010dn\u00fd, a na\u0161e slu\u017eby m\u00f4\u017eeme prisp\u00f4sobi\u0165 va\u0161im \u0161pecifick\u00fdm potreb\u00e1m. \u010ci u\u017e cestujete sami alebo so skupinou, m\u00e1me pre v\u00e1s to spr\u00e1vne vozidlo.<\/li>\n<li style=\"font-weight: 400;\"><strong>Presnos\u0165:<\/strong>\u00a0Sme hrd\u00ed na svoju dochv\u00ed\u013enos\u0165. M\u00f4\u017eete n\u00e1m d\u00f4verova\u0165, \u017ee v\u00e1s v\u017edy doprav\u00edme do cie\u013ea na\u010das.<\/li>\n<li style=\"font-weight: 400;\"><strong>Bezpe\u010dnos\u0165 na prvom mieste:<\/strong>\u00a0Va\u0161a bezpe\u010dnos\u0165 je na\u0161ou najvy\u0161\u0161ou prioritou. Na\u0161e vozidl\u00e1 s\u00fa pravidelne kontrolovan\u00e9 a na\u0161i vodi\u010di s\u00fa vy\u0161kolen\u00ed tak, aby dodr\u017eiavali najvy\u0161\u0161ie bezpe\u010dnostn\u00e9 normy.<\/li>\n<li style=\"font-weight: 400;\"><strong>Cenovo dostupn\u00e9 ceny:<\/strong>\u00a0Pon\u00fakame konkurencieschopn\u00e9 ceny za na\u0161e vysokokvalitn\u00e9 transferov\u00e9 slu\u017eby. Zist\u00edte, \u017ee na\u0161e ceny s\u00fa primeran\u00e9 a transparentn\u00e9, \u010do v\u00e1m zaru\u010d\u00ed, \u017ee za svoje peniaze dostanete skvel\u00fa hodnotu.<\/li>\n<\/ul>\n<h2 style=\"text-align: center;\">\u00a0<\/h2>\n<h2 style=\"text-align: center;\"><strong>Rezerv\u00e1cia transferu z Viedne do Salzburgu\u00a0<\/strong><\/h2>\n<p>Za\u017eite jednoduchos\u0165 a pohodlie pri cestovan\u00ed medzi Vied\u0148ou a Salzburgom s na\u0161ou slu\u017ebou transferu z Viedne do Salzburgu. \u010ci u\u017e pl\u00e1nujete slu\u017eobn\u00fa cestu, romantick\u00fa dovolenku alebo rodinn\u00fa dovolenku, n\u00e1\u0161 s\u00fakromn\u00fd vodi\u010d a slu\u017eba pren\u00e1jmu auta s\u00fa tu, aby v\u00e1m spr\u00edjemnili cestu.<\/p>\n<p>Rezervujte si u n\u00e1s prepravu z Viedne do Salzburgu e\u0161te dnes a u\u017eite si pohodlie s\u00fakromnej prepravnej slu\u017eby, ktorej prioritou je va\u0161e pohodlie a spokojnos\u0165.<\/p>\n<p style=\"text-align: center;\"><a class=\"btn btn-primary\" href=\"\/sk\/rezervovat-transfer\">Rezervova\u0165<\/a><\/p>\n<h2 style=\"text-align: center;\"><b>Ako sa dosta\u0165 z Viedne do Salzburgu<\/b><\/h2>\n<p>Viede\u0148 a Salzburg, dve naj\u010darovnej\u0161ie rak\u00faske mest\u00e1, del\u00ed vzdialenos\u0165 pribli\u017ene 300 kilometrov. Cestovanie medzi t\u00fdmito dvoma mestami je hra\u010dka a na v\u00fdber m\u00e1te nieko\u013eko mo\u017enost\u00ed dopravy. Tu s\u00fa niektor\u00e9 z najob\u013e\u00fabenej\u0161\u00edch sp\u00f4sobov, ako sa na cestu vybra\u0165:<\/p>\n<h3>Vlak<\/h3>\n<p>Rak\u00fasky \u017eelezni\u010dn\u00fd syst\u00e9m je zn\u00e1my svojou efekt\u00edvnos\u0165ou a komfortom. Z hlavnej \u017eelezni\u010dnej stanice Wien Hauptbahnhof vo Viedni sa m\u00f4\u017eete dosta\u0165 vlakom na stanicu Hauptbahnhof v Salzburgu. Cesta pon\u00faka malebn\u00e9 v\u00fdh\u013eady a zvy\u010dajne trv\u00e1 pribli\u017ene 2,5 a\u017e 3 hodiny. Vlaky prem\u00e1vaj\u00fa \u010dasto, tak\u017ee je to pohodln\u00e1 vo\u013eba.<\/p>\n<h3>Autobus<\/h3>\n<p>Ak d\u00e1vate prednos\u0165 cenovo v\u00fdhodnej\u0161iemu variantu, zv\u00e1\u017ete cestu autobusom. Medzi Vied\u0148ou a Salzburgom prem\u00e1va nieko\u013eko autobusov\u00fdch spolo\u010dnost\u00ed, ktor\u00e9 poskytuj\u00fa cenovo dostupn\u00fa dopravu. Cesta trv\u00e1 o nie\u010do dlh\u0161ie ako vlakom, zvy\u010dajne pribli\u017ene 3,5 a\u017e 4 hodiny, ale je to pohodln\u00fd sp\u00f4sob cestovania.<\/p>\n<h3>Auto<\/h3>\n<p>Ak chcete by\u0165 flexibilnej\u0161\u00ed a ma\u0165 mo\u017enos\u0165 presk\u00fama\u0165 krajinu, m\u00f4\u017eete si prenaja\u0165 auto a z Viedne do Salzburgu sa dopravi\u0165 autom. Cesta trv\u00e1 pribli\u017ene 3 hodiny po dia\u013eniciach A1 a A8. Umo\u017en\u00ed v\u00e1m zastavi\u0165 sa po ceste v o\u010daruj\u00facich mest\u00e1ch a na malebn\u00fdch miestach.<\/p>\n<p>\u00a0<\/p>\n<h3>Lety<\/h3>\n<p>Ak v\u00e1m z\u00e1le\u017e\u00ed na \u010dase, m\u00f4\u017eete sa rozhodn\u00fa\u0165 pre kr\u00e1tky vn\u00fatro\u0161t\u00e1tny let. Medzin\u00e1rodn\u00e9 letisko Viede\u0148 a letisko Salzburg pon\u00fakaj\u00fa pravideln\u00e9 lety medzi t\u00fdmito dvoma mestami. Samotn\u00fd let je r\u00fdchly, trv\u00e1 menej ako hodinu, ale ke\u010f zoh\u013eadn\u00edte letiskov\u00e9 proced\u00fary, nemus\u00ed by\u0165 v\u00fdrazne r\u00fdchlej\u0161\u00ed ako vlak.<\/p>\n<h3>S\u00fakromn\u00fd transfer<\/h3>\n<p>Pre pohodln\u00fa a bezstresov\u00fa cestu si m\u00f4\u017eete objedna\u0165 s\u00fakromn\u00fd transfer. To v\u00e1m umo\u017en\u00ed cestova\u0165 v pohodl\u00ed s vyhraden\u00fdm vodi\u010dom, ktor\u00fd v\u00e1s vyzdvihne vo Viedni a vysad\u00ed na po\u017eadovanom mieste v Salzburgu. S\u00fakromn\u00e9 transfery s\u00fa obzvl\u00e1\u0161\u0165 v\u00fdhodn\u00e9 pre ve\u013ek\u00e9 skupiny alebo osoby s dodato\u010dnou bato\u017einou.<\/p>\n<h3>Spoluj\u00edzda<\/h3>\n<p>Zv\u00e1\u017ete platformy na zdie\u013eanie j\u00e1zd alebo mo\u017enosti spolo\u010dn\u00e9ho vyu\u017e\u00edvania \u00e1ut, ktor\u00e9 m\u00f4\u017eu by\u0165 ekonomick\u00e9 a ekologick\u00e9. M\u00f4\u017eete n\u00e1js\u0165 spolucestuj\u00facich, ktor\u00ed smeruj\u00fa rovnak\u00fdm smerom, \u010do m\u00f4\u017ee urobi\u0165 cestu spolo\u010denskej\u0161ou a ekonomickej\u0161ou.<\/p>\n<p style=\"text-align: center;\"><a class=\"btn btn-primary\" href=\"\/sk\/rezervovat-transfer\">Rezervova\u0165<\/a><\/p>\n<p style=\"text-align: left;\">Bez oh\u013eadu na to, ak\u00fd sp\u00f4sob dopravy si vyberiete, \u010dak\u00e1 v\u00e1s pri ceste z Viedne do Salzburgu z\u00e1\u017eitok. Obe mest\u00e1 pon\u00fakaj\u00fa jedine\u010dn\u00e9 z\u00e1\u017eitky, \u00fa\u017easn\u00fa architekt\u00faru a bohat\u00e9 kult\u00farne dedi\u010dstvo. Vyberte si teda mo\u017enos\u0165, ktor\u00e1 najlep\u0161ie vyhovuje va\u0161im preferenci\u00e1m, \u010dasov\u00e9mu rozvrhu a rozpo\u010dtu, a vydajte sa na nezabudnute\u013en\u00fa cestu z Viedne do Salzburgu.<\/p>\n<\/p><\/div>\n<\/p><\/div>\n<div class=\"product-price-container\">\n<div class=\"sale-price\"> \t\t<\/div>\n<\/p><\/div>\n<div class=\"options\"><\/div>\n<div> \t\t<\/div>\n<p>   \t        <script type=\"text\/javascript\" ><\/script>  <script type=\"text\/javascript\" ><\/script> <script type=\"text\/javascript\" ><\/script>  <script type=\"text\/javascript\" ><\/script> <script type=\"text\/javascript\" ><\/script> <script type=\"text\/javascript\" ><\/script> <script type=\"text\/javascript\" ><\/script> <\/div>\n<p> \t\t<!-- \u041f\u043b\u0430\u0433\u0438\u043d \u0440\u0435\u0439\u0442\u0438\u043d\u0433\u0430 --> <\/p>\n<div class=\"vrvote-body\">\n<ul class=\"vrvote-ul\">\n<li id=\"rating_79\" class=\"current-rating\" style=\"width:97.93%;\"><\/li>\n<li> \t\t\t\t\t\t<a class=\"vr-one-star\" onclick=\"javascript:JSVRvote(79,1,142,29,0)\" href=\"javascript:void(null)\">1<\/a> \t\t\t\t\t<\/li>\n<li> \t\t\t\t\t\t<a class=\"vr-two-stars\" onclick=\"javascript:JSVRvote(79,2,142,29,0)\" href=\"javascript:void(null)\">2<\/a> \t\t\t\t\t<\/li>\n<li> \t\t\t\t\t\t<a class=\"vr-three-stars\" onclick=\"javascript:JSVRvote(79,3,142,29,0)\" href=\"javascript:void(null)\">3<\/a> \t\t\t\t\t<\/li>\n<li> \t\t\t\t\t\t<a class=\"vr-four-stars\" onclick=\"javascript:JSVRvote(79,4,142,29,0)\" href=\"javascript:void(null)\">4<\/a> \t\t\t\t\t<\/li>\n<li> \t\t\t\t\t\t<a class=\"vr-five-stars\" onclick=\"javascript:JSVRvote(79,5,142,29,0)\" href=\"javascript:void(null)\">5<\/a> \t\t\t\t\t<\/li>\n<\/ul><\/div>\n<p> \t\t\t<span id=\"vrvote_79\" class=\"vrvote-count\"><small><\/small><\/span>\t<\/span><script type=\"application\/ld+json\"><\/script>   <\/div>\n<div class=\"t4-col sidebar-r col-12 col-xl-4\">\n<div class=\"t4-module module\" id=\"Mod306\">\n<div class=\"module-inner\">\n<div class=\"module-ct\">\n<div class=\"bannergroup\">\n<div class=\"banneritem\"> \t\t\t\t\t\t\t\t\t\t\t\t\t\t\t\t\t\t\t\t\t\t\t\t\t\t\t\t\t\t\t\t\t\t\t\t\t\t\t\t\t\t\t\t\t\t\t\t\t\t<img \t\t\t\t\t\tsrc=\"\/wp-content\/uploads\/2025\/08\/banner-transfer-europe-sk-65.png\" \t\t\t\t\t\talt=\"Banner-sk\" \t\t\t\t\t\t\t\t\t\t\t\t\t\t\t\t\t\/> \t\t\t\t\t\t\t\t\t\t\t<\/p>\n<div class=\"clr\"><\/div>\n<\/p><\/div>\n<\/p><\/div>\n<\/p><\/div>\n<\/div>\n<\/div><\/div>\n<\/p><\/div>\n<\/div><\/div>\n<div id=\"t4-section-8\" class=\"t4-section  t4-section-8  section-border-top\" role=\"section-8\">\n<div class=\"bg-overlay bg-overlay-image\">&nbsp;<\/div>\n<\/p><\/div>\n<p>  <a href='javascript:' id='back-to-top'><i class='fa fa-chevron-up'><\/i><\/a>                <\/p>\n","protected":false},"excerpt":{"rendered":"<p>Transfer z Viedne do Salzburgu Hlavn\u00e1 str\u00e1nka Destin\u00e1cie Viede\u0148 Transfer z Viedne do Salzburgu Transfery Viede\u0148 Rezervova\u0165 Ak potrebujete spo\u013eahliv\u00fa a pohodln\u00fa prepravu medzi Vied\u0148ou a Salzburgom, neh\u013eadajte ni\u010d in\u00e9 ako na\u0161u pr\u00e9miov\u00fa slu\u017ebu transferu. \u010ci u\u017e cestujete pracovne alebo na dovolenku, na\u0161a slu\u017eba pren\u00e1jmu auta a s\u00fakromn\u00e9ho vodi\u010da v\u00e1m pon\u00faka pohodln\u00fd a bezstresov\u00fd sp\u00f4sob, [&hellip;]<\/p>\n","protected":false},"author":1,"featured_media":31160,"parent":18891,"menu_order":0,"comment_status":"closed","ping_status":"closed","template":"","meta":{"footnotes":""},"class_list":["post-31159","page","type-page","status-publish","has-post-thumbnail","hentry"],"yoast_head":"<!-- This site is optimized with the Yoast SEO plugin v25.6 - https:\/\/yoast.com\/wordpress\/plugins\/seo\/ -->\n<title>Transfer z Viedne do Salzburgu - Transfer Europe<\/title>\n<meta name=\"description\" content=\"\u0160of\u00e9rujte z Viedne do Salzburgu s vodi\u010dom. Rezervujte si online transfer Viede\u0148 - Salzburg na Transfer Europe \u2714Ve\u013ek\u00fd vozov\u00fd park \u2714VIP taxi \u2714Bezpe\u010dn\u00e1 platba.\" \/>\n<meta name=\"robots\" content=\"index, follow, max-snippet:-1, max-image-preview:large, max-video-preview:-1\" \/>\n<link rel=\"canonical\" href=\"https:\/\/transfereurope.com\/sk\/destinacie\/vieden\/transfer-z-viedne-do-salzburgu\/\" \/>\n<meta property=\"og:locale\" content=\"sk_SK\" \/>\n<meta property=\"og:type\" content=\"article\" \/>\n<meta property=\"og:title\" content=\"Transfer z Viedne do Salzburgu - Transfer Europe\" \/>\n<meta property=\"og:description\" content=\"\u0160of\u00e9rujte z Viedne do Salzburgu s vodi\u010dom. Rezervujte si online transfer Viede\u0148 - Salzburg na Transfer Europe \u2714Ve\u013ek\u00fd vozov\u00fd park \u2714VIP taxi \u2714Bezpe\u010dn\u00e1 platba.\" \/>\n<meta property=\"og:url\" content=\"https:\/\/transfereurope.com\/sk\/destinacie\/vieden\/transfer-z-viedne-do-salzburgu\/\" \/>\n<meta property=\"og:site_name\" content=\"transfereurope\" \/>\n<meta property=\"og:image\" content=\"https:\/\/transfereurope.com\/wp-content\/uploads\/2025\/08\/Europe-Destinations-Transfers-385-2-1.jpg\" \/>\n\t<meta property=\"og:image:width\" content=\"1500\" \/>\n\t<meta property=\"og:image:height\" content=\"2000\" \/>\n\t<meta property=\"og:image:type\" content=\"image\/jpeg\" \/>\n<meta name=\"twitter:card\" content=\"summary_large_image\" \/>\n<meta name=\"twitter:label1\" content=\"Predpokladan\u00fd \u010das \u010d\u00edtania\" \/>\n\t<meta name=\"twitter:data1\" content=\"5 min\u00fat\" \/>\n<script type=\"application\/ld+json\" class=\"yoast-schema-graph\">{\"@context\":\"https:\/\/schema.org\",\"@graph\":[{\"@type\":\"WebPage\",\"@id\":\"https:\/\/transfereurope.com\/sk\/destinacie\/vieden\/transfer-z-viedne-do-salzburgu\/\",\"url\":\"https:\/\/transfereurope.com\/sk\/destinacie\/vieden\/transfer-z-viedne-do-salzburgu\/\",\"name\":\"Transfer z Viedne do Salzburgu - Transfer Europe\",\"isPartOf\":{\"@id\":\"https:\/\/transfereurope.com\/sk\/#website\"},\"primaryImageOfPage\":{\"@id\":\"https:\/\/transfereurope.com\/sk\/destinacie\/vieden\/transfer-z-viedne-do-salzburgu\/#primaryimage\"},\"image\":{\"@id\":\"https:\/\/transfereurope.com\/sk\/destinacie\/vieden\/transfer-z-viedne-do-salzburgu\/#primaryimage\"},\"thumbnailUrl\":\"https:\/\/transfereurope.com\/wp-content\/uploads\/2025\/08\/Europe-Destinations-Transfers-385-2-1.jpg\",\"datePublished\":\"2025-08-04T22:37:05+00:00\",\"description\":\"\u0160of\u00e9rujte z Viedne do Salzburgu s vodi\u010dom. Rezervujte si online transfer Viede\u0148 - Salzburg na Transfer Europe \u2714Ve\u013ek\u00fd vozov\u00fd park \u2714VIP taxi \u2714Bezpe\u010dn\u00e1 platba.\",\"breadcrumb\":{\"@id\":\"https:\/\/transfereurope.com\/sk\/destinacie\/vieden\/transfer-z-viedne-do-salzburgu\/#breadcrumb\"},\"inLanguage\":\"sk-SK\",\"potentialAction\":[{\"@type\":\"ReadAction\",\"target\":[\"https:\/\/transfereurope.com\/sk\/destinacie\/vieden\/transfer-z-viedne-do-salzburgu\/\"]}]},{\"@type\":\"ImageObject\",\"inLanguage\":\"sk-SK\",\"@id\":\"https:\/\/transfereurope.com\/sk\/destinacie\/vieden\/transfer-z-viedne-do-salzburgu\/#primaryimage\",\"url\":\"https:\/\/transfereurope.com\/wp-content\/uploads\/2025\/08\/Europe-Destinations-Transfers-385-2-1.jpg\",\"contentUrl\":\"https:\/\/transfereurope.com\/wp-content\/uploads\/2025\/08\/Europe-Destinations-Transfers-385-2-1.jpg\",\"width\":1500,\"height\":2000},{\"@type\":\"BreadcrumbList\",\"@id\":\"https:\/\/transfereurope.com\/sk\/destinacie\/vieden\/transfer-z-viedne-do-salzburgu\/#breadcrumb\",\"itemListElement\":[{\"@type\":\"ListItem\",\"position\":1,\"name\":\"Home\",\"item\":\"https:\/\/transfereurope.com\/sk\/\"},{\"@type\":\"ListItem\",\"position\":2,\"name\":\"Transfer z Viedne do Salzburgu\"}]},{\"@type\":\"WebSite\",\"@id\":\"https:\/\/transfereurope.com\/sk\/#website\",\"url\":\"https:\/\/transfereurope.com\/sk\/\",\"name\":\"transfereurope\",\"description\":\"\",\"publisher\":{\"@id\":\"https:\/\/transfereurope.com\/sk\/#organization\"},\"potentialAction\":[{\"@type\":\"SearchAction\",\"target\":{\"@type\":\"EntryPoint\",\"urlTemplate\":\"https:\/\/transfereurope.com\/sk\/?s={search_term_string}\"},\"query-input\":{\"@type\":\"PropertyValueSpecification\",\"valueRequired\":true,\"valueName\":\"search_term_string\"}}],\"inLanguage\":\"sk-SK\"},{\"@type\":\"Organization\",\"@id\":\"https:\/\/transfereurope.com\/sk\/#organization\",\"name\":\"transfereurope\",\"url\":\"https:\/\/transfereurope.com\/sk\/\",\"logo\":{\"@type\":\"ImageObject\",\"inLanguage\":\"sk-SK\",\"@id\":\"https:\/\/transfereurope.com\/sk\/#\/schema\/logo\/image\/\",\"url\":\"https:\/\/transfereurope.com\/wp-content\/uploads\/2025\/08\/TRANSFERS-1655.png\",\"contentUrl\":\"https:\/\/transfereurope.com\/wp-content\/uploads\/2025\/08\/TRANSFERS-1655.png\",\"width\":500,\"height\":274,\"caption\":\"transfereurope\"},\"image\":{\"@id\":\"https:\/\/transfereurope.com\/sk\/#\/schema\/logo\/image\/\"}}]}<\/script>\n<!-- \/ Yoast SEO plugin. -->","yoast_head_json":{"title":"Transfer z Viedne do Salzburgu - Transfer Europe","description":"\u0160of\u00e9rujte z Viedne do Salzburgu s vodi\u010dom. Rezervujte si online transfer Viede\u0148 - Salzburg na Transfer Europe \u2714Ve\u013ek\u00fd vozov\u00fd park \u2714VIP taxi \u2714Bezpe\u010dn\u00e1 platba.","robots":{"index":"index","follow":"follow","max-snippet":"max-snippet:-1","max-image-preview":"max-image-preview:large","max-video-preview":"max-video-preview:-1"},"canonical":"https:\/\/transfereurope.com\/sk\/destinacie\/vieden\/transfer-z-viedne-do-salzburgu\/","og_locale":"sk_SK","og_type":"article","og_title":"Transfer z Viedne do Salzburgu - Transfer Europe","og_description":"\u0160of\u00e9rujte z Viedne do Salzburgu s vodi\u010dom. Rezervujte si online transfer Viede\u0148 - Salzburg na Transfer Europe \u2714Ve\u013ek\u00fd vozov\u00fd park \u2714VIP taxi \u2714Bezpe\u010dn\u00e1 platba.","og_url":"https:\/\/transfereurope.com\/sk\/destinacie\/vieden\/transfer-z-viedne-do-salzburgu\/","og_site_name":"transfereurope","og_image":[{"width":1500,"height":2000,"url":"https:\/\/transfereurope.com\/wp-content\/uploads\/2025\/08\/Europe-Destinations-Transfers-385-2-1.jpg","type":"image\/jpeg"}],"twitter_card":"summary_large_image","twitter_misc":{"Predpokladan\u00fd \u010das \u010d\u00edtania":"5 min\u00fat"},"schema":{"@context":"https:\/\/schema.org","@graph":[{"@type":"WebPage","@id":"https:\/\/transfereurope.com\/sk\/destinacie\/vieden\/transfer-z-viedne-do-salzburgu\/","url":"https:\/\/transfereurope.com\/sk\/destinacie\/vieden\/transfer-z-viedne-do-salzburgu\/","name":"Transfer z Viedne do Salzburgu - Transfer Europe","isPartOf":{"@id":"https:\/\/transfereurope.com\/sk\/#website"},"primaryImageOfPage":{"@id":"https:\/\/transfereurope.com\/sk\/destinacie\/vieden\/transfer-z-viedne-do-salzburgu\/#primaryimage"},"image":{"@id":"https:\/\/transfereurope.com\/sk\/destinacie\/vieden\/transfer-z-viedne-do-salzburgu\/#primaryimage"},"thumbnailUrl":"https:\/\/transfereurope.com\/wp-content\/uploads\/2025\/08\/Europe-Destinations-Transfers-385-2-1.jpg","datePublished":"2025-08-04T22:37:05+00:00","description":"\u0160of\u00e9rujte z Viedne do Salzburgu s vodi\u010dom. Rezervujte si online transfer Viede\u0148 - Salzburg na Transfer Europe \u2714Ve\u013ek\u00fd vozov\u00fd park \u2714VIP taxi \u2714Bezpe\u010dn\u00e1 platba.","breadcrumb":{"@id":"https:\/\/transfereurope.com\/sk\/destinacie\/vieden\/transfer-z-viedne-do-salzburgu\/#breadcrumb"},"inLanguage":"sk-SK","potentialAction":[{"@type":"ReadAction","target":["https:\/\/transfereurope.com\/sk\/destinacie\/vieden\/transfer-z-viedne-do-salzburgu\/"]}]},{"@type":"ImageObject","inLanguage":"sk-SK","@id":"https:\/\/transfereurope.com\/sk\/destinacie\/vieden\/transfer-z-viedne-do-salzburgu\/#primaryimage","url":"https:\/\/transfereurope.com\/wp-content\/uploads\/2025\/08\/Europe-Destinations-Transfers-385-2-1.jpg","contentUrl":"https:\/\/transfereurope.com\/wp-content\/uploads\/2025\/08\/Europe-Destinations-Transfers-385-2-1.jpg","width":1500,"height":2000},{"@type":"BreadcrumbList","@id":"https:\/\/transfereurope.com\/sk\/destinacie\/vieden\/transfer-z-viedne-do-salzburgu\/#breadcrumb","itemListElement":[{"@type":"ListItem","position":1,"name":"Home","item":"https:\/\/transfereurope.com\/sk\/"},{"@type":"ListItem","position":2,"name":"Transfer z Viedne do Salzburgu"}]},{"@type":"WebSite","@id":"https:\/\/transfereurope.com\/sk\/#website","url":"https:\/\/transfereurope.com\/sk\/","name":"transfereurope","description":"","publisher":{"@id":"https:\/\/transfereurope.com\/sk\/#organization"},"potentialAction":[{"@type":"SearchAction","target":{"@type":"EntryPoint","urlTemplate":"https:\/\/transfereurope.com\/sk\/?s={search_term_string}"},"query-input":{"@type":"PropertyValueSpecification","valueRequired":true,"valueName":"search_term_string"}}],"inLanguage":"sk-SK"},{"@type":"Organization","@id":"https:\/\/transfereurope.com\/sk\/#organization","name":"transfereurope","url":"https:\/\/transfereurope.com\/sk\/","logo":{"@type":"ImageObject","inLanguage":"sk-SK","@id":"https:\/\/transfereurope.com\/sk\/#\/schema\/logo\/image\/","url":"https:\/\/transfereurope.com\/wp-content\/uploads\/2025\/08\/TRANSFERS-1655.png","contentUrl":"https:\/\/transfereurope.com\/wp-content\/uploads\/2025\/08\/TRANSFERS-1655.png","width":500,"height":274,"caption":"transfereurope"},"image":{"@id":"https:\/\/transfereurope.com\/sk\/#\/schema\/logo\/image\/"}}]}},"_links":{"self":[{"href":"https:\/\/transfereurope.com\/sk\/wp-json\/wp\/v2\/pages\/31159","targetHints":{"allow":["GET"]}}],"collection":[{"href":"https:\/\/transfereurope.com\/sk\/wp-json\/wp\/v2\/pages"}],"about":[{"href":"https:\/\/transfereurope.com\/sk\/wp-json\/wp\/v2\/types\/page"}],"author":[{"embeddable":true,"href":"https:\/\/transfereurope.com\/sk\/wp-json\/wp\/v2\/users\/1"}],"replies":[{"embeddable":true,"href":"https:\/\/transfereurope.com\/sk\/wp-json\/wp\/v2\/comments?post=31159"}],"version-history":[{"count":0,"href":"https:\/\/transfereurope.com\/sk\/wp-json\/wp\/v2\/pages\/31159\/revisions"}],"up":[{"embeddable":true,"href":"https:\/\/transfereurope.com\/sk\/wp-json\/wp\/v2\/pages\/18891"}],"wp:featuredmedia":[{"embeddable":true,"href":"https:\/\/transfereurope.com\/sk\/wp-json\/wp\/v2\/media\/31160"}],"wp:attachment":[{"href":"https:\/\/transfereurope.com\/sk\/wp-json\/wp\/v2\/media?parent=31159"}],"curies":[{"name":"wp","href":"https:\/\/api.w.org\/{rel}","templated":true}]}}