{"id":30763,"date":"2025-08-04T22:34:01","date_gmt":"2025-08-04T22:34:01","guid":{"rendered":"https:\/\/transfereurope.com\/transfer-vieden-brno\/"},"modified":"2025-08-04T22:34:01","modified_gmt":"2025-08-04T22:34:01","slug":"transfer-vieden-brno","status":"publish","type":"page","link":"https:\/\/transfereurope.com\/sk\/destinacie\/vieden\/transfer-vieden-brno\/","title":{"rendered":"Transfer z Viedne do Brna"},"content":{"rendered":"\n<div id=\"t4-masthead\" class=\"t4-section  t4-masthead\">\n<div class=\"t4-col text-center\">\n<div class=\"ja-masthead\" >\n<div class=\"ja-masthead-detail\">\n<h1 class=\"ja-masthead-title\">Transfer z Viedne do Brna<\/h1>\n<p>                 <!---->            <\/p>\n<div class=\"block-breadcrumb\">\n<div class=\"moduletable\">\n<div aria-label=\"Breadcrumbs\" role=\"navigation\">\n<ul  class=\"breadcrumb\">\n<li class=\"active\"> \t\t\t\t<span class=\"fas fa-map-marker-alt home-map\"><\/span> \t\t\t<\/li>\n<li itemprop='itemListElement' > \t\t\t\t\t\t\t\t\t\t\t<a  href=\"\/sk\/\" class=\"pathway\"><span itemprop=\"name\">Hlavn\u00e1 str\u00e1nka<\/span><\/a> \t\t\t\t\t \t\t\t\t\t\t\t\t\t\t\t<span class=\"divider\"> \t\t\t\t\t\t\t<i class=\"fa fa-angle-double-right\" aria-hidden=\"true\"><\/i> \t\t\t\t\t\t<\/span> \t\t\t\t\t\t\t\t\t\t<meta  content=\"1\"> \t\t\t\t<\/li>\n<li itemprop='itemListElement' > \t\t\t\t\t\t\t\t\t\t\t<a  href=\"\/sk\/destinacie\" class=\"pathway\"><span itemprop=\"name\">Destin\u00e1cie<\/span><\/a> \t\t\t\t\t \t\t\t\t\t\t\t\t\t\t\t<span class=\"divider\"> \t\t\t\t\t\t\t<i class=\"fa fa-angle-double-right\" aria-hidden=\"true\"><\/i> \t\t\t\t\t\t<\/span> \t\t\t\t\t\t\t\t\t\t<meta  content=\"2\"> \t\t\t\t<\/li>\n<li itemprop='itemListElement' > \t\t\t\t\t\t\t\t\t\t\t<a  href=\"\/sk\/destinacie\/vieden\" class=\"pathway\"><span itemprop=\"name\">Viede\u0148<\/span><\/a> \t\t\t\t\t \t\t\t\t\t\t\t\t\t\t\t<span class=\"divider\"> \t\t\t\t\t\t\t<i class=\"fa fa-angle-double-right\" aria-hidden=\"true\"><\/i> \t\t\t\t\t\t<\/span> \t\t\t\t\t\t\t\t\t\t<meta  content=\"3\"> \t\t\t\t<\/li>\n<li   class=\"active\"> \t\t\t\t\t<span itemprop=\"name\"> \t\t\t\t\t\tTransfer z Viedne do Brna\t\t\t\t\t<\/span> \t\t\t\t\t<meta  content=\"4\"> \t\t\t\t<\/li>\n<\/ul><\/div>\n<\/p><\/div>\n<\/p><\/div>\n<\/p><\/div>\n<\/p><\/div>\n<pre><\/pre>\n<\/div>\n<\/div>\n<div id=\"t4-main-body\" class=\"t4-section  t4-main-body\" role=\"main body\">\n<div class=\"t4-section-inner container\">\n<div class=\"t4-row row\">\n<div class=\"t4-col col-12 col-xl\">\n<div id=\"system-message-container\"> \t<\/div>\n<p>       <script type=\"text\/javascript\" ><\/script> <\/p>\n<div class=\"com-content-article item-page view-tour-detail\">\n<div class=\"tour-top-info clearfix\">\n<div class=\"pull-left\">\n<div class=\"category-article-dot\">\n<div class=\"category-name\"> \t\t\t\t\t<a href=\"\/sk\/destinacie\/vieden\" itemprop=\"genre\">Transfery Viede\u0148<\/a> \t\t\t\t<\/div>\n<\/p><\/div>\n<\/p><\/div>\n<div class=\"pull-right\">\n<div class=\"text-danger tour-price\"> \t\t\t\t\t\t<a href=\"\/sk\/rezervovat-transfer\">Rezervova\u0165<\/a><\/div>\n<\/p><\/div>\n<\/p><\/div>\n<p>  \t <!--\t-->  \t<\/p>\n<div class=\"vm-product-container\">\n<figure class=\"pull-left item-image\">\n<div class=\"main-image\"> \t\t<a title=\"Vienna to Brno Transfer Service\" rel='vm-additional-images' href=\"\/images\/virtuemart\/product\/Europe Destinations Transfers (3)77.jpg\"><img decoding=\"async\"  loading=\"lazy\"  src=\"\/wp-content\/uploads\/2025\/08\/Europe-Destinations-Transfers-377-2.jpg\"  alt=\"Vienna to Brno Transfer Service\"  \/><\/a>\t\t<\/p>\n<div class=\"clear\"><\/div>\n<\/p><\/div>\n<\/figure>\n<div class=\"vm-product-details-container\">\n<div class=\"spacer-buy-area\">    \t\t \t\t<\/div>\n<\/p><\/div>\n<div class=\"clear\"><\/div>\n<\/p><\/div>\n<div class=\"product-description\" >\n<p>Ak h\u013ead\u00e1te spo\u013eahliv\u00fd a pohodln\u00fd sp\u00f4sob, ako cestova\u0165 z Viedne do Brna, na\u0161a slu\u017eba pren\u00e1jmu s\u00fakromn\u00e9ho vozidla je tu, aby urobila va\u0161u cestu bezprobl\u00e9movou a pr\u00edjemnou. \u010ci u\u017e cestujete pracovne alebo na dovolenku, na\u0161e prepravn\u00e9 slu\u017eby s\u00fa navrhnut\u00e9 tak, aby splnili v\u0161etky va\u0161e potreby.<\/p>\n<p style=\"text-align: center;\"><a class=\"btn btn-primary\" href=\"\/sk\/rezervovat-transfer\">Rezervova\u0165<\/a><\/p>\n<h2 style=\"text-align: center;\"><strong>Pre\u010do si vybra\u0165 n\u00e1\u0161 transfer z Viedne do Brna?<\/strong><\/h2>\n<ul style=\"list-style-type: disc;\">\n<li><strong>Slu\u017eba s\u00fakromn\u00e9ho vodi\u010da:<\/strong>\u00a0Na\u0161i sk\u00fasen\u00ed a profesion\u00e1lni vodi\u010di sa sna\u017eia zabezpe\u010di\u0165 v\u00e1m bezpe\u010dn\u00fa a pohodln\u00fa cestu. Vyzdvihn\u00fa v\u00e1s z po\u017eadovan\u00e9ho miesta vo Viedni a odvez\u00fa v\u00e1s priamo do cie\u013ea v Brne, \u010d\u00edm zabezpe\u010dia efekt\u00edvnu cestu bez stresu.<\/li>\n<li><strong>Komfortn\u00e9 vozidl\u00e1:<\/strong>\u00a0Sme hrd\u00ed na to, \u017ee pon\u00fakame flotilu dobre udr\u017eiavan\u00fdch, pohodln\u00fdch vozidiel, ktor\u00e9 s\u00fa ide\u00e1lne pre va\u0161e potreby pri cestovan\u00ed. \u010ci u\u017e cestujete sami, so skupinou alebo m\u00e1te \u0161peci\u00e1lne po\u017eiadavky, m\u00e1me pre v\u00e1s auto, ktor\u00e9 vyhovuje va\u0161im preferenci\u00e1m.<\/li>\n<li><strong>Spo\u013eahliv\u00e1 preprava:<\/strong>\u00a0Presnos\u0165 je na\u0161ou prioritou. Pri preprave z Viedne do Brna sa m\u00f4\u017eete spo\u013eahn\u00fa\u0165, \u017ee v\u017edy pr\u00eddeme na\u010das. Ch\u00e1peme, \u017ee v\u00e1\u0161 \u010das je cenn\u00fd, a preto zabezpe\u010d\u00edme, aby ste do cie\u013ea v Brne dorazili pod\u013ea pl\u00e1nu.<\/li>\n<li><strong>Prisp\u00f4soben\u00e9 v\u00e1\u0161mu grafiku:<\/strong>\u00a0Vieme, \u017ee ka\u017ed\u00fd cestuj\u00faci je jedine\u010dn\u00fd, a preto sme tu, aby sme sa prisp\u00f4sobili v\u00e1\u0161mu rozvrhu. Na\u0161e slu\u017eby si m\u00f4\u017eete objedna\u0165 v \u010dase, ktor\u00fd v\u00e1m vyhovuje, 24 hod\u00edn denne, 7 dn\u00ed v t\u00fd\u017edni, \u010do je vhodn\u00e9 pre skor\u00e9 rann\u00e9 alebo neskor\u00e9 no\u010dn\u00e9 pr\u00edchody.<\/li>\n<li><strong>Bezprobl\u00e9mov\u00e1 rezerv\u00e1cia:<\/strong>\u00a0N\u00e1\u0161 proces rezerv\u00e1cie je jednoduch\u00fd a pohodln\u00fd. Pren\u00e1jom s\u00fakromn\u00e9ho vozidla si m\u00f4\u017eete jednoducho rezervova\u0165 online, \u010do v\u00e1m umo\u017en\u00ed napl\u00e1nova\u0165 si prepravu vopred.<\/li>\n<\/ul>\n<h2 style=\"text-align: center;\">\u00a0<\/h2>\n<h2 style=\"text-align: center;\"><strong>Rezerv\u00e1cia transferu z Viedne do Brna\u00a0<\/strong><\/h2>\n<p>Bez oh\u013eadu na \u00fa\u010del va\u0161ej cesty je Vienna to Brno Transfer va\u0161\u00edm spo\u013eahliv\u00fdm partnerom v oblasti bezprobl\u00e9movej prepravy. Na\u0161\u00edm cie\u013eom je zabezpe\u010di\u0165 v\u00e1\u0161 komfort, pohodlie a pokoj po\u010das va\u0161ej cesty z Viedne do Brna.<\/p>\n<p>Nestresujte sa svojimi prepravn\u00fdmi potrebami &#8211; prenechajte ich odborn\u00edkom z Vienna to Brno Transfer. Rezervujte si u n\u00e1s pren\u00e1jom s\u00fakromn\u00e9ho vozidla e\u0161te dnes a za\u017eite \u0161pi\u010dkov\u00e9 slu\u017eby, ktor\u00e9 prekonaj\u00fa va\u0161e o\u010dak\u00e1vania. Va\u0161a cesta z Viedne do Brna e\u0161te nikdy nebola tak\u00e1 hladk\u00e1!<\/p>\n<p style=\"text-align: center;\"><a class=\"btn btn-primary\" href=\"\/sk\/rezervovat-transfer\">Rezervova\u0165<\/a><\/p>\n<h2 style=\"text-align: center;\"><b>Ako sa dosta\u0165 z Viedne do Brna<\/b><strong>\u00a0<\/strong><\/h2>\n<p>Cesta z Viedne do Brna je jednoduch\u00e1 a pr\u00edjemn\u00e1 a pon\u00faka v\u00e1m mo\u017enos\u0165 spozna\u0165 dve \u017eiv\u00e9 mest\u00e1 strednej Eur\u00f3py. Tu je nieko\u013eko pohodln\u00fdch sp\u00f4sobov, ako sa na cestu vybra\u0165:<\/p>\n<h3>Transfer s\u00fakromn\u00fdm vozidlom<\/h3>\n<p>Ak chcete ma\u0165 \u010do najv\u00e4\u010d\u0161\u00ed komfort a pohodlie, zv\u00e1\u017ete mo\u017enos\u0165 pren\u00e1jmu s\u00fakromn\u00e9ho vozidla. S\u00fakromn\u00fd vodi\u010d v\u00e1s vyzdvihne vo Viedni a odvezie v\u00e1s priamo do cie\u013ea v Brne. T\u00e1to mo\u017enos\u0165 v\u00e1m umo\u017en\u00ed cestova\u0165 vlastn\u00fdm tempom a vyu\u017e\u00edva\u0165 slu\u017eby od dver\u00ed k dver\u00e1m.<\/p>\n<h3>Vlak<\/h3>\n<p>Vlak je ob\u013e\u00fabenou vo\u013ebou na cestu z Viedne do Brna. Pon\u00faka malebn\u00fa jazdu malebnou krajinou. Vlaky prem\u00e1vaj\u00fa pravidelne a cesta trv\u00e1 pribli\u017ene 2,5 a\u017e 3 hodiny v z\u00e1vislosti od typu vlaku, ktor\u00fd si vyberiete. Nezabudnite si skontrolova\u0165 cestovn\u00fd poriadok a rezervova\u0165 si l\u00edstky vopred.<\/p>\n<h3>Autobus<\/h3>\n<p>Autobusov\u00e9 spojenie sp\u00e1ja aj Viede\u0148 a Brno. \u010casto ide o ekonomicky v\u00fdhodn\u00fa mo\u017enos\u0165, pri\u010dom si m\u00f4\u017eete vybra\u0165 z r\u00f4znych \u010dasov odchodov. Cesta autobusom zvy\u010dajne trv\u00e1 pribli\u017ene 3 a\u017e 4 hodiny v z\u00e1vislosti od prem\u00e1vky a konkr\u00e9tnej trasy.<\/p>\n<p>\u00a0<\/p>\n<h3>Po\u017ei\u010dov\u0148a \u00e1ut<\/h3>\n<p>Ak chcete ma\u0165 vo\u013enos\u0165 a spozn\u00e1va\u0165 regi\u00f3n vlastn\u00fdm tempom, pren\u00e1jom auta je skvelou vo\u013ebou. Prenajat\u00e9 auto si m\u00f4\u017eete vyzdvihn\u00fa\u0165 vo Viedni a odviez\u0165 sa do Brna. Cesta zvy\u010dajne trv\u00e1 pribli\u017ene 2 a\u017e 2,5 hodiny po dia\u013eniciach A5 a D2.<\/p>\n<h3>Slu\u017eby kyvadlovej dopravy<\/h3>\n<p>K dispoz\u00edcii je aj kyvadlov\u00e1 doprava a zdie\u013ean\u00e1 doprava. Tieto slu\u017eby m\u00f4\u017eu pon\u00faknu\u0165 cenovo v\u00fdhodn\u00fd sp\u00f4sob cestovania medzi dvoma mestami a z\u00e1rove\u0148 zdie\u013eanie jazdy s in\u00fdmi cestuj\u00facimi.<\/p>\n<h3>Bicykel<\/h3>\n<p>Pre odv\u00e1\u017enej\u0161\u00edch cestovate\u013eov m\u00f4\u017ee by\u0165 jedine\u010dn\u00fdm z\u00e1\u017eitkom jazda na bicykli z Viedne do Brna. Vzdialenos\u0165 je pribli\u017ene 120 kilometrov a s\u00fa tu vyhliadkov\u00e9 trasy, ktor\u00e9 m\u00f4\u017eete presk\u00fama\u0165.<\/p>\n<h3>Lietadlo<\/h3>\n<p>Hoci priame lety z Viedne do Brna neexistuj\u00fa, ak h\u013ead\u00e1te r\u00fdchlej\u0161\u00ed sp\u00f4sob, ako sa do Brna dosta\u0165, m\u00f4\u017eete zv\u00e1\u017ei\u0165 prestupy v in\u00fdch eur\u00f3pskych mest\u00e1ch.<\/p>\n<p style=\"text-align: center;\"><a class=\"btn btn-primary\" href=\"\/sk\/rezervovat-transfer\">Rezervova\u0165<\/a><\/p>\n<p style=\"text-align: left;\">Bez oh\u013eadu na to, ak\u00fd sp\u00f4sob dopravy si vyberiete, cesta z Viedne do Brna bude pr\u00edjemn\u00fdm z\u00e1\u017eitkom. Nezabudnite si napl\u00e1nova\u0165 cestu pod\u013ea svojich preferenci\u00ed, \u010dasov\u00e9ho harmonogramu a rozpo\u010dtu, aby ste z n\u00e1v\u0161tevy t\u00fdchto dvoch kr\u00e1snych miest v strednej Eur\u00f3pe vy\u0165a\u017eili \u010do najviac.<\/p>\n<\/p><\/div>\n<div class=\"product-price-container\">\n<div class=\"sale-price\"> \t\t<\/div>\n<\/p><\/div>\n<div class=\"options\"><\/div>\n<div> \t\t<\/div>\n<p>   \t  <script type=\"text\/javascript\" ><\/script>  <script type=\"text\/javascript\" ><\/script>  <script type=\"text\/javascript\" ><\/script> <script type=\"text\/javascript\" ><\/script> <script type=\"text\/javascript\" ><\/script> <script type=\"text\/javascript\" ><\/script> <\/div>\n<p> \t\t<!-- \u041f\u043b\u0430\u0433\u0438\u043d \u0440\u0435\u0439\u0442\u0438\u043d\u0433\u0430 --> <\/p>\n<div class=\"vrvote-body\">\n<ul class=\"vrvote-ul\">\n<li id=\"rating_15\" class=\"current-rating\" style=\"width:98.97%;\"><\/li>\n<li> \t\t\t\t\t\t<a class=\"vr-one-star\" onclick=\"javascript:JSVRvote(15,1,193,39,0)\" href=\"javascript:void(null)\">1<\/a> \t\t\t\t\t<\/li>\n<li> \t\t\t\t\t\t<a class=\"vr-two-stars\" onclick=\"javascript:JSVRvote(15,2,193,39,0)\" href=\"javascript:void(null)\">2<\/a> \t\t\t\t\t<\/li>\n<li> \t\t\t\t\t\t<a class=\"vr-three-stars\" onclick=\"javascript:JSVRvote(15,3,193,39,0)\" href=\"javascript:void(null)\">3<\/a> \t\t\t\t\t<\/li>\n<li> \t\t\t\t\t\t<a class=\"vr-four-stars\" onclick=\"javascript:JSVRvote(15,4,193,39,0)\" href=\"javascript:void(null)\">4<\/a> \t\t\t\t\t<\/li>\n<li> \t\t\t\t\t\t<a class=\"vr-five-stars\" onclick=\"javascript:JSVRvote(15,5,193,39,0)\" href=\"javascript:void(null)\">5<\/a> \t\t\t\t\t<\/li>\n<\/ul><\/div>\n<p> \t\t\t<span id=\"vrvote_15\" class=\"vrvote-count\"><small><\/small><\/span>\t<\/span><script type=\"application\/ld+json\"><\/script>   <\/div>\n<div class=\"t4-col sidebar-r col-12 col-xl-4\">\n<div class=\"t4-module module\" id=\"Mod306\">\n<div class=\"module-inner\">\n<div class=\"module-ct\">\n<div class=\"bannergroup\">\n<div class=\"banneritem\"> \t\t\t\t\t\t\t\t\t\t\t\t\t\t\t\t\t\t\t\t\t\t\t\t\t\t\t\t\t\t\t\t\t\t\t\t\t\t\t\t\t\t\t\t\t\t\t\t\t\t<img \t\t\t\t\t\tsrc=\"\/wp-content\/uploads\/2025\/08\/banner-transfer-europe-sk-61.png\" \t\t\t\t\t\talt=\"Banner-sk\" \t\t\t\t\t\t\t\t\t\t\t\t\t\t\t\t\t\/> \t\t\t\t\t\t\t\t\t\t\t<\/p>\n<div class=\"clr\"><\/div>\n<\/p><\/div>\n<\/p><\/div>\n<\/p><\/div>\n<\/div>\n<\/div><\/div>\n<\/p><\/div>\n<\/div><\/div>\n<div id=\"t4-section-8\" class=\"t4-section  t4-section-8  section-border-top\" role=\"section-8\">\n<div class=\"bg-overlay bg-overlay-image\">&nbsp;<\/div>\n<\/p><\/div>\n<p>  <a href='javascript:' id='back-to-top'><i class='fa fa-chevron-up'><\/i><\/a>                <\/p>\n","protected":false},"excerpt":{"rendered":"<p>Transfer z Viedne do Brna Hlavn\u00e1 str\u00e1nka Destin\u00e1cie Viede\u0148 Transfer z Viedne do Brna Transfery Viede\u0148 Rezervova\u0165 Ak h\u013ead\u00e1te spo\u013eahliv\u00fd a pohodln\u00fd sp\u00f4sob, ako cestova\u0165 z Viedne do Brna, na\u0161a slu\u017eba pren\u00e1jmu s\u00fakromn\u00e9ho vozidla je tu, aby urobila va\u0161u cestu bezprobl\u00e9movou a pr\u00edjemnou. \u010ci u\u017e cestujete pracovne alebo na dovolenku, na\u0161e prepravn\u00e9 slu\u017eby s\u00fa navrhnut\u00e9 [&hellip;]<\/p>\n","protected":false},"author":1,"featured_media":30764,"parent":18891,"menu_order":0,"comment_status":"closed","ping_status":"closed","template":"","meta":{"footnotes":""},"class_list":["post-30763","page","type-page","status-publish","has-post-thumbnail","hentry"],"yoast_head":"<!-- This site is optimized with the Yoast SEO plugin v25.6 - https:\/\/yoast.com\/wordpress\/plugins\/seo\/ -->\n<title>Transfer z Viedne do Brna s\u00fakromn\u00fdm vodi\u010dom - Transfer Europe<\/title>\n<meta name=\"description\" content=\"Transferov\u00e1 objedn\u00e1vka \u201eViede\u0148-Brno\u201c s osobn\u00fdm vodi\u010dom. Transfer z Viedne do Brna (\u010cesk\u00e1 republika), Transfer Europe \u2714 Ve\u013ek\u00fd vozov\u00fd park \u2714 Profesion\u00e1lni vodi\u010di \u260e + 421 951 460 615.\" \/>\n<meta name=\"robots\" content=\"index, follow, max-snippet:-1, max-image-preview:large, max-video-preview:-1\" \/>\n<link rel=\"canonical\" href=\"https:\/\/transfereurope.com\/sk\/destinacie\/vieden\/transfer-vieden-brno\/\" \/>\n<meta property=\"og:locale\" content=\"sk_SK\" \/>\n<meta property=\"og:type\" content=\"article\" \/>\n<meta property=\"og:title\" content=\"Transfer z Viedne do Brna s\u00fakromn\u00fdm vodi\u010dom - Transfer Europe\" \/>\n<meta property=\"og:description\" content=\"Transferov\u00e1 objedn\u00e1vka \u201eViede\u0148-Brno\u201c s osobn\u00fdm vodi\u010dom. Transfer z Viedne do Brna (\u010cesk\u00e1 republika), Transfer Europe \u2714 Ve\u013ek\u00fd vozov\u00fd park \u2714 Profesion\u00e1lni vodi\u010di \u260e + 421 951 460 615.\" \/>\n<meta property=\"og:url\" content=\"https:\/\/transfereurope.com\/sk\/destinacie\/vieden\/transfer-vieden-brno\/\" \/>\n<meta property=\"og:site_name\" content=\"transfereurope\" \/>\n<meta property=\"og:image\" content=\"https:\/\/transfereurope.com\/wp-content\/uploads\/2025\/08\/Europe-Destinations-Transfers-377-2-1.jpg\" \/>\n\t<meta property=\"og:image:width\" content=\"1500\" \/>\n\t<meta property=\"og:image:height\" content=\"2000\" \/>\n\t<meta property=\"og:image:type\" content=\"image\/jpeg\" \/>\n<meta name=\"twitter:card\" content=\"summary_large_image\" \/>\n<meta name=\"twitter:label1\" content=\"Predpokladan\u00fd \u010das \u010d\u00edtania\" \/>\n\t<meta name=\"twitter:data1\" content=\"4 min\u00faty\" \/>\n<script type=\"application\/ld+json\" class=\"yoast-schema-graph\">{\"@context\":\"https:\/\/schema.org\",\"@graph\":[{\"@type\":\"WebPage\",\"@id\":\"https:\/\/transfereurope.com\/sk\/destinacie\/vieden\/transfer-vieden-brno\/\",\"url\":\"https:\/\/transfereurope.com\/sk\/destinacie\/vieden\/transfer-vieden-brno\/\",\"name\":\"Transfer z Viedne do Brna s\u00fakromn\u00fdm vodi\u010dom - Transfer Europe\",\"isPartOf\":{\"@id\":\"https:\/\/transfereurope.com\/sk\/#website\"},\"primaryImageOfPage\":{\"@id\":\"https:\/\/transfereurope.com\/sk\/destinacie\/vieden\/transfer-vieden-brno\/#primaryimage\"},\"image\":{\"@id\":\"https:\/\/transfereurope.com\/sk\/destinacie\/vieden\/transfer-vieden-brno\/#primaryimage\"},\"thumbnailUrl\":\"https:\/\/transfereurope.com\/wp-content\/uploads\/2025\/08\/Europe-Destinations-Transfers-377-2-1.jpg\",\"datePublished\":\"2025-08-04T22:34:01+00:00\",\"description\":\"Transferov\u00e1 objedn\u00e1vka \u201eViede\u0148-Brno\u201c s osobn\u00fdm vodi\u010dom. Transfer z Viedne do Brna (\u010cesk\u00e1 republika), Transfer Europe \u2714 Ve\u013ek\u00fd vozov\u00fd park \u2714 Profesion\u00e1lni vodi\u010di \u260e + 421 951 460 615.\",\"breadcrumb\":{\"@id\":\"https:\/\/transfereurope.com\/sk\/destinacie\/vieden\/transfer-vieden-brno\/#breadcrumb\"},\"inLanguage\":\"sk-SK\",\"potentialAction\":[{\"@type\":\"ReadAction\",\"target\":[\"https:\/\/transfereurope.com\/sk\/destinacie\/vieden\/transfer-vieden-brno\/\"]}]},{\"@type\":\"ImageObject\",\"inLanguage\":\"sk-SK\",\"@id\":\"https:\/\/transfereurope.com\/sk\/destinacie\/vieden\/transfer-vieden-brno\/#primaryimage\",\"url\":\"https:\/\/transfereurope.com\/wp-content\/uploads\/2025\/08\/Europe-Destinations-Transfers-377-2-1.jpg\",\"contentUrl\":\"https:\/\/transfereurope.com\/wp-content\/uploads\/2025\/08\/Europe-Destinations-Transfers-377-2-1.jpg\",\"width\":1500,\"height\":2000},{\"@type\":\"BreadcrumbList\",\"@id\":\"https:\/\/transfereurope.com\/sk\/destinacie\/vieden\/transfer-vieden-brno\/#breadcrumb\",\"itemListElement\":[{\"@type\":\"ListItem\",\"position\":1,\"name\":\"Home\",\"item\":\"https:\/\/transfereurope.com\/sk\/\"},{\"@type\":\"ListItem\",\"position\":2,\"name\":\"Transfer z Viedne do Brna\"}]},{\"@type\":\"WebSite\",\"@id\":\"https:\/\/transfereurope.com\/sk\/#website\",\"url\":\"https:\/\/transfereurope.com\/sk\/\",\"name\":\"transfereurope\",\"description\":\"\",\"publisher\":{\"@id\":\"https:\/\/transfereurope.com\/sk\/#organization\"},\"potentialAction\":[{\"@type\":\"SearchAction\",\"target\":{\"@type\":\"EntryPoint\",\"urlTemplate\":\"https:\/\/transfereurope.com\/sk\/?s={search_term_string}\"},\"query-input\":{\"@type\":\"PropertyValueSpecification\",\"valueRequired\":true,\"valueName\":\"search_term_string\"}}],\"inLanguage\":\"sk-SK\"},{\"@type\":\"Organization\",\"@id\":\"https:\/\/transfereurope.com\/sk\/#organization\",\"name\":\"transfereurope\",\"url\":\"https:\/\/transfereurope.com\/sk\/\",\"logo\":{\"@type\":\"ImageObject\",\"inLanguage\":\"sk-SK\",\"@id\":\"https:\/\/transfereurope.com\/sk\/#\/schema\/logo\/image\/\",\"url\":\"https:\/\/transfereurope.com\/wp-content\/uploads\/2025\/08\/TRANSFERS-1655.png\",\"contentUrl\":\"https:\/\/transfereurope.com\/wp-content\/uploads\/2025\/08\/TRANSFERS-1655.png\",\"width\":500,\"height\":274,\"caption\":\"transfereurope\"},\"image\":{\"@id\":\"https:\/\/transfereurope.com\/sk\/#\/schema\/logo\/image\/\"}}]}<\/script>\n<!-- \/ Yoast SEO plugin. -->","yoast_head_json":{"title":"Transfer z Viedne do Brna s\u00fakromn\u00fdm vodi\u010dom - Transfer Europe","description":"Transferov\u00e1 objedn\u00e1vka \u201eViede\u0148-Brno\u201c s osobn\u00fdm vodi\u010dom. Transfer z Viedne do Brna (\u010cesk\u00e1 republika), Transfer Europe \u2714 Ve\u013ek\u00fd vozov\u00fd park \u2714 Profesion\u00e1lni vodi\u010di \u260e + 421 951 460 615.","robots":{"index":"index","follow":"follow","max-snippet":"max-snippet:-1","max-image-preview":"max-image-preview:large","max-video-preview":"max-video-preview:-1"},"canonical":"https:\/\/transfereurope.com\/sk\/destinacie\/vieden\/transfer-vieden-brno\/","og_locale":"sk_SK","og_type":"article","og_title":"Transfer z Viedne do Brna s\u00fakromn\u00fdm vodi\u010dom - Transfer Europe","og_description":"Transferov\u00e1 objedn\u00e1vka \u201eViede\u0148-Brno\u201c s osobn\u00fdm vodi\u010dom. Transfer z Viedne do Brna (\u010cesk\u00e1 republika), Transfer Europe \u2714 Ve\u013ek\u00fd vozov\u00fd park \u2714 Profesion\u00e1lni vodi\u010di \u260e + 421 951 460 615.","og_url":"https:\/\/transfereurope.com\/sk\/destinacie\/vieden\/transfer-vieden-brno\/","og_site_name":"transfereurope","og_image":[{"width":1500,"height":2000,"url":"https:\/\/transfereurope.com\/wp-content\/uploads\/2025\/08\/Europe-Destinations-Transfers-377-2-1.jpg","type":"image\/jpeg"}],"twitter_card":"summary_large_image","twitter_misc":{"Predpokladan\u00fd \u010das \u010d\u00edtania":"4 min\u00faty"},"schema":{"@context":"https:\/\/schema.org","@graph":[{"@type":"WebPage","@id":"https:\/\/transfereurope.com\/sk\/destinacie\/vieden\/transfer-vieden-brno\/","url":"https:\/\/transfereurope.com\/sk\/destinacie\/vieden\/transfer-vieden-brno\/","name":"Transfer z Viedne do Brna s\u00fakromn\u00fdm vodi\u010dom - Transfer Europe","isPartOf":{"@id":"https:\/\/transfereurope.com\/sk\/#website"},"primaryImageOfPage":{"@id":"https:\/\/transfereurope.com\/sk\/destinacie\/vieden\/transfer-vieden-brno\/#primaryimage"},"image":{"@id":"https:\/\/transfereurope.com\/sk\/destinacie\/vieden\/transfer-vieden-brno\/#primaryimage"},"thumbnailUrl":"https:\/\/transfereurope.com\/wp-content\/uploads\/2025\/08\/Europe-Destinations-Transfers-377-2-1.jpg","datePublished":"2025-08-04T22:34:01+00:00","description":"Transferov\u00e1 objedn\u00e1vka \u201eViede\u0148-Brno\u201c s osobn\u00fdm vodi\u010dom. Transfer z Viedne do Brna (\u010cesk\u00e1 republika), Transfer Europe \u2714 Ve\u013ek\u00fd vozov\u00fd park \u2714 Profesion\u00e1lni vodi\u010di \u260e + 421 951 460 615.","breadcrumb":{"@id":"https:\/\/transfereurope.com\/sk\/destinacie\/vieden\/transfer-vieden-brno\/#breadcrumb"},"inLanguage":"sk-SK","potentialAction":[{"@type":"ReadAction","target":["https:\/\/transfereurope.com\/sk\/destinacie\/vieden\/transfer-vieden-brno\/"]}]},{"@type":"ImageObject","inLanguage":"sk-SK","@id":"https:\/\/transfereurope.com\/sk\/destinacie\/vieden\/transfer-vieden-brno\/#primaryimage","url":"https:\/\/transfereurope.com\/wp-content\/uploads\/2025\/08\/Europe-Destinations-Transfers-377-2-1.jpg","contentUrl":"https:\/\/transfereurope.com\/wp-content\/uploads\/2025\/08\/Europe-Destinations-Transfers-377-2-1.jpg","width":1500,"height":2000},{"@type":"BreadcrumbList","@id":"https:\/\/transfereurope.com\/sk\/destinacie\/vieden\/transfer-vieden-brno\/#breadcrumb","itemListElement":[{"@type":"ListItem","position":1,"name":"Home","item":"https:\/\/transfereurope.com\/sk\/"},{"@type":"ListItem","position":2,"name":"Transfer z Viedne do Brna"}]},{"@type":"WebSite","@id":"https:\/\/transfereurope.com\/sk\/#website","url":"https:\/\/transfereurope.com\/sk\/","name":"transfereurope","description":"","publisher":{"@id":"https:\/\/transfereurope.com\/sk\/#organization"},"potentialAction":[{"@type":"SearchAction","target":{"@type":"EntryPoint","urlTemplate":"https:\/\/transfereurope.com\/sk\/?s={search_term_string}"},"query-input":{"@type":"PropertyValueSpecification","valueRequired":true,"valueName":"search_term_string"}}],"inLanguage":"sk-SK"},{"@type":"Organization","@id":"https:\/\/transfereurope.com\/sk\/#organization","name":"transfereurope","url":"https:\/\/transfereurope.com\/sk\/","logo":{"@type":"ImageObject","inLanguage":"sk-SK","@id":"https:\/\/transfereurope.com\/sk\/#\/schema\/logo\/image\/","url":"https:\/\/transfereurope.com\/wp-content\/uploads\/2025\/08\/TRANSFERS-1655.png","contentUrl":"https:\/\/transfereurope.com\/wp-content\/uploads\/2025\/08\/TRANSFERS-1655.png","width":500,"height":274,"caption":"transfereurope"},"image":{"@id":"https:\/\/transfereurope.com\/sk\/#\/schema\/logo\/image\/"}}]}},"_links":{"self":[{"href":"https:\/\/transfereurope.com\/sk\/wp-json\/wp\/v2\/pages\/30763","targetHints":{"allow":["GET"]}}],"collection":[{"href":"https:\/\/transfereurope.com\/sk\/wp-json\/wp\/v2\/pages"}],"about":[{"href":"https:\/\/transfereurope.com\/sk\/wp-json\/wp\/v2\/types\/page"}],"author":[{"embeddable":true,"href":"https:\/\/transfereurope.com\/sk\/wp-json\/wp\/v2\/users\/1"}],"replies":[{"embeddable":true,"href":"https:\/\/transfereurope.com\/sk\/wp-json\/wp\/v2\/comments?post=30763"}],"version-history":[{"count":0,"href":"https:\/\/transfereurope.com\/sk\/wp-json\/wp\/v2\/pages\/30763\/revisions"}],"up":[{"embeddable":true,"href":"https:\/\/transfereurope.com\/sk\/wp-json\/wp\/v2\/pages\/18891"}],"wp:featuredmedia":[{"embeddable":true,"href":"https:\/\/transfereurope.com\/sk\/wp-json\/wp\/v2\/media\/30764"}],"wp:attachment":[{"href":"https:\/\/transfereurope.com\/sk\/wp-json\/wp\/v2\/media?parent=30763"}],"curies":[{"name":"wp","href":"https:\/\/api.w.org\/{rel}","templated":true}]}}