{"id":30469,"date":"2025-08-04T22:31:49","date_gmt":"2025-08-04T22:31:49","guid":{"rendered":"https:\/\/transfereurope.com\/transfer-vieden-budapest\/"},"modified":"2025-08-04T22:31:49","modified_gmt":"2025-08-04T22:31:49","slug":"transfer-vieden-budapest","status":"publish","type":"page","link":"https:\/\/transfereurope.com\/sk\/destinacie\/vieden\/transfer-vieden-budapest\/","title":{"rendered":"Transfer z Viedne do Budape\u0161ti"},"content":{"rendered":"\n<div id=\"t4-masthead\" class=\"t4-section  t4-masthead\">\n<div class=\"t4-col text-center\">\n<div class=\"ja-masthead\" >\n<div class=\"ja-masthead-detail\">\n<h1 class=\"ja-masthead-title\">Transfer z Viedne do Budape\u0161ti<\/h1>\n<p>                 <!---->            <\/p>\n<div class=\"block-breadcrumb\">\n<div class=\"moduletable\">\n<div aria-label=\"Breadcrumbs\" role=\"navigation\">\n<ul  class=\"breadcrumb\">\n<li class=\"active\"> \t\t\t\t<span class=\"fas fa-map-marker-alt home-map\"><\/span> \t\t\t<\/li>\n<li itemprop='itemListElement' > \t\t\t\t\t\t\t\t\t\t\t<a  href=\"\/sk\/\" class=\"pathway\"><span itemprop=\"name\">Hlavn\u00e1 str\u00e1nka<\/span><\/a> \t\t\t\t\t \t\t\t\t\t\t\t\t\t\t\t<span class=\"divider\"> \t\t\t\t\t\t\t<i class=\"fa fa-angle-double-right\" aria-hidden=\"true\"><\/i> \t\t\t\t\t\t<\/span> \t\t\t\t\t\t\t\t\t\t<meta  content=\"1\"> \t\t\t\t<\/li>\n<li itemprop='itemListElement' > \t\t\t\t\t\t\t\t\t\t\t<a  href=\"\/sk\/destinacie\" class=\"pathway\"><span itemprop=\"name\">Destin\u00e1cie<\/span><\/a> \t\t\t\t\t \t\t\t\t\t\t\t\t\t\t\t<span class=\"divider\"> \t\t\t\t\t\t\t<i class=\"fa fa-angle-double-right\" aria-hidden=\"true\"><\/i> \t\t\t\t\t\t<\/span> \t\t\t\t\t\t\t\t\t\t<meta  content=\"2\"> \t\t\t\t<\/li>\n<li itemprop='itemListElement' > \t\t\t\t\t\t\t\t\t\t\t<a  href=\"\/sk\/destinacie\/vieden\" class=\"pathway\"><span itemprop=\"name\">Viede\u0148<\/span><\/a> \t\t\t\t\t \t\t\t\t\t\t\t\t\t\t\t<span class=\"divider\"> \t\t\t\t\t\t\t<i class=\"fa fa-angle-double-right\" aria-hidden=\"true\"><\/i> \t\t\t\t\t\t<\/span> \t\t\t\t\t\t\t\t\t\t<meta  content=\"3\"> \t\t\t\t<\/li>\n<li   class=\"active\"> \t\t\t\t\t<span itemprop=\"name\"> \t\t\t\t\t\tTransfer z Viedne do Budape\u0161ti\t\t\t\t\t<\/span> \t\t\t\t\t<meta  content=\"4\"> \t\t\t\t<\/li>\n<\/ul><\/div>\n<\/p><\/div>\n<\/p><\/div>\n<\/p><\/div>\n<\/p><\/div>\n<pre><\/pre>\n<\/div>\n<\/div>\n<div id=\"t4-main-body\" class=\"t4-section  t4-main-body\" role=\"main body\">\n<div class=\"t4-section-inner container\">\n<div class=\"t4-row row\">\n<div class=\"t4-col col-12 col-xl\">\n<div id=\"system-message-container\"> \t<\/div>\n<p>       <script type=\"text\/javascript\" ><\/script> <\/p>\n<div class=\"com-content-article item-page view-tour-detail\">\n<div class=\"tour-top-info clearfix\">\n<div class=\"pull-left\">\n<div class=\"category-article-dot\">\n<div class=\"category-name\"> \t\t\t\t\t<a href=\"\/sk\/destinacie\/vieden\" itemprop=\"genre\">Transfery Viede\u0148<\/a> \t\t\t\t<\/div>\n<\/p><\/div>\n<\/p><\/div>\n<div class=\"pull-right\">\n<div class=\"text-danger tour-price\"> \t\t\t\t\t\t<a href=\"\/sk\/rezervovat-transfer\">Rezervova\u0165<\/a><\/div>\n<\/p><\/div>\n<\/p><\/div>\n<p>  \t <!--\t-->  \t<\/p>\n<div class=\"vm-product-container\">\n<figure class=\"pull-left item-image\">\n<div class=\"main-image\"> \t\t<a title=\"Vienna to Budapest Transfer Service\" rel='vm-additional-images' href=\"\/images\/virtuemart\/product\/Europe Destinations Transfers (3)3.jpg\"><img decoding=\"async\"  loading=\"lazy\"  src=\"\/wp-content\/uploads\/2025\/08\/Europe-Destinations-Transfers-33-2.jpg\"  alt=\"Vienna to Budapest Transfer Service\"  \/><\/a>\t\t<\/p>\n<div class=\"clear\"><\/div>\n<\/p><\/div>\n<\/figure>\n<div class=\"vm-product-details-container\">\n<div class=\"spacer-buy-area\">    \t\t \t\t<\/div>\n<\/p><\/div>\n<div class=\"clear\"><\/div>\n<\/p><\/div>\n<div class=\"product-description\" >\n<p>Pl\u00e1nujete cestu medzi t\u00fdmito dvoma ikonick\u00fdmi eur\u00f3pskymi mestami? U\u017e nemus\u00edte h\u013eada\u0165 \u010falej, preto\u017ee na\u0161a prepravn\u00e1 slu\u017eba je tu, aby sa v\u00e1\u0161 transfer stal bezprobl\u00e9mov\u00fdm a pr\u00edjemn\u00fdm z\u00e1\u017eitkom. \u010ci u\u017e ste turista, obchodn\u00fd cestuj\u00faci alebo ktoko\u013evek, kto potrebuje spo\u013eahliv\u00fa a pohodln\u00fa prepravu, m\u00e1me pre v\u00e1s v\u0161etko.<\/p>\n<p>Na\u0161a slu\u017eba transferu z Viedne do Budape\u0161ti pon\u00faka bezprobl\u00e9mov\u00fd a pohodln\u00fd sp\u00f4sob cestovania medzi t\u00fdmito dvoma \u00fa\u017easn\u00fdmi destin\u00e1ciami. Rozl\u00fa\u010dte sa so stresom z prech\u00e1dzania nezn\u00e1mych ciest, rie\u0161enia probl\u00e9mov s verejnou dopravou alebo ob\u00e1v o va\u0161u cestu. S na\u0161imi mo\u017enos\u0165ami s\u00fakromn\u00e9ho vodi\u010da a pren\u00e1jmu auta sa m\u00f4\u017eete pohodlne usadi\u0165, relaxova\u0165 a u\u017e\u00edva\u0165 si malebn\u00fa trasu, zatia\u013e \u010do my sa postar\u00e1me o zvy\u0161ok.<\/p>\n<p style=\"text-align: center;\"><a class=\"btn btn-primary\" href=\"\/sk\/rezervovat-transfer\">Rezervova\u0165<\/a><\/p>\n<h2 style=\"text-align: center;\"><strong>Pre\u010do si vybra\u0165 n\u00e1\u0161 transfer z Viedne do Budape\u0161ti?<\/strong><\/h2>\n<ul style=\"list-style-type: disc;\">\n<li><strong>Komfort a pohodlie:<\/strong>\u00a0Poskytujeme \u0161pi\u010dkov\u00e9 vozidl\u00e1, ktor\u00e9 v\u00e1m zabezpe\u010dia pohodlie po\u010das celej cesty. Na\u0161i s\u00fakromn\u00ed vodi\u010di s\u00fa sk\u00fasen\u00ed profesion\u00e1li, ktor\u00ed zaru\u010duj\u00fa bezpe\u010dn\u00fa a bezprobl\u00e9mov\u00fa cestu.<\/li>\n<li><strong>Efekt\u00edvnos\u0165:<\/strong>\u00a0\u010cas je vz\u00e1cny a my to ch\u00e1peme. Na\u0161e slu\u017eby s\u00fa presn\u00e9, \u010d\u00edm v\u00e1m zabezpe\u010dia, \u017ee do cie\u013ea doraz\u00edte pod\u013ea pl\u00e1nu.<\/li>\n<li><strong>Personalizovan\u00e9 slu\u017eby:<\/strong>\u00a0Vych\u00e1dzame v \u00fastrety va\u0161im \u0161pecifick\u00fdm potreb\u00e1m. \u010ci u\u017e cestujete sami, s rodinou alebo v skupine, m\u00e1me pre v\u00e1s t\u00fa spr\u00e1vnu mo\u017enos\u0165 prepravy.<\/li>\n<li><strong>Sc\u00e9nick\u00e9 trasy:<\/strong>\u00a0Vychutnajte si \u00fachvatn\u00fa krajinu a kult\u00farnu rozmanitos\u0165 strednej Eur\u00f3py po\u010das cesty medzi Vied\u0148ou a Budape\u0161\u0165ou. Na\u0161i vodi\u010di poznaj\u00fa najlep\u0161ie trasy a urobia z va\u0161ej cesty nezabudnute\u013en\u00fa s\u00fa\u010das\u0165 v\u00e1\u0161ho v\u00fdletu.<\/li>\n<li><strong>Konkuren\u010dn\u00e9 ceny:<\/strong>\u00a0Vychutnajte si pr\u00e9miov\u00fa dopravu bez toho, aby ste prepadli. Pon\u00fakame prijate\u013en\u00e9 ceny bez toho, aby sme robili kompromisy v kvalite na\u0161ich slu\u017eieb.<\/li>\n<\/ul>\n<h2 style=\"text-align: center;\">\u00a0<\/h2>\n<h2 style=\"text-align: center;\"><strong>Rezerv\u00e1cia transferu z Viedne do Budape\u0161ti\u00a0<\/strong><\/h2>\n<p>Rezerv\u00e1cia transferu z Viedne do Budape\u0161ti je s nami jednoduch\u00e1. Jednoducho si vyberte preferovan\u00e9 vozidlo, uve\u010fte svoje cestovn\u00e9 \u00fadaje a zvy\u0161ok nechajte na n\u00e1s. Zabezpe\u010d\u00edme, aby va\u0161a cesta nebola len transferom, ale nezabudnute\u013enou s\u00fa\u010das\u0165ou v\u00e1\u0161ho cestovn\u00e9ho z\u00e1\u017eitku.<\/p>\n<p>Nedovo\u013ete, aby v\u00e1s obavy o dopravu zdr\u017eali od spozn\u00e1vania t\u00fdchto dvoch o\u010daruj\u00facich miest. Spoznajte kr\u00e1sy a kult\u00faru Viedne a Budape\u0161ti \u0161t\u00fdlovo s na\u0161imi slu\u017ebami transferu. Rezervujte si s\u00fakromn\u00e9ho vodi\u010da a pren\u00e1jom auta e\u0161te dnes a nechajte n\u00e1s postara\u0165 sa o va\u0161e prepravn\u00e9 potreby.<\/p>\n<p style=\"text-align: center;\"><a class=\"btn btn-primary\" href=\"\/sk\/rezervovat-transfer\">Rezervova\u0165<\/a><\/p>\n<h2 style=\"text-align: center;\"><b>Ako sa dosta\u0165 z Viedne do Budape\u0161ti<\/b><strong>\u00a0<\/strong><\/h2>\n<p>Viede\u0148 a Budape\u0161\u0165, dve naj\u00fachvatnej\u0161ie eur\u00f3pske mest\u00e1, s\u00fa od seba vzdialen\u00e9 pomerne kr\u00e1tko, \u010do u\u013eah\u010duje cestovanie medzi nimi. \u010ci u\u017e pl\u00e1nujete jednod\u0148ov\u00fd v\u00fdlet alebo dlh\u0161\u00ed pobyt, tu je nieko\u013eko mo\u017enost\u00ed, ako sa dosta\u0165 z Viedne do Budape\u0161ti:<\/p>\n<h3>Vlak<\/h3>\n<p>Cesta vlakom z Viedne do Budape\u0161ti je medzi cestovate\u013emi ob\u013e\u00faben\u00e1. Vlaky s\u00fa pohodln\u00e9 a malebn\u00e1 trasa pon\u00faka malebn\u00e9 v\u00fdh\u013eady na ma\u010farsk\u00fa a rak\u00fasku krajinu. Vlaky prem\u00e1vaj\u00fa pravidelne po\u010das cel\u00e9ho d\u0148a a \u010das jazdy sa pohybuje od pribli\u017ene 2,5 do 3,5 hodiny v z\u00e1vislosti od typu vlaku, ktor\u00fd si vyberiete.<\/p>\n<h3>Autobus<\/h3>\n<p>Viede\u0148 a Budape\u0161\u0165 sp\u00e1ja aj autobusov\u00e1 doprava. Autobusy s\u00fa ekonomickou mo\u017enos\u0165ou a cesta trv\u00e1 pribli\u017ene 3 a\u017e 4 hodiny v z\u00e1vislosti od dopravn\u00fdch podmienok. Mnoh\u00e9 autobusov\u00e9 spolo\u010dnosti pon\u00fakaj\u00fa Wi-Fi pripojenie a \u010fal\u0161ie vybavenie pre pohodln\u00fa jazdu.<\/p>\n<h3>Auto<\/h3>\n<p>Ak uprednost\u0148ujete flexibilitu vlastn\u00e9ho rozvrhu, m\u00f4\u017eete z Viedne do Budape\u0161ti cestova\u0165 autom. Cesta trv\u00e1 pribli\u017ene 2,5 a\u017e 3 hodiny v z\u00e1vislosti od trasy, ktor\u00fa zvol\u00edte. Len si dajte pozor na m\u00fdto a dostupnos\u0165 parkovania v Budape\u0161ti.<\/p>\n<p>\u00a0<\/p>\n<h3>S\u00fakromn\u00fd transfer<\/h3>\n<p>Ak si chcete u\u017ei\u0165 bezprobl\u00e9mov\u00fa a pohodln\u00fa cestu, zv\u00e1\u017ete rezerv\u00e1ciu s\u00fakromn\u00e9ho transferu. S\u00fakromn\u00fd vodi\u010d v\u00e1s vyzdvihne na po\u017eadovanom mieste vo Viedni a odvezie v\u00e1s priamo do cie\u013ea v Budape\u0161ti, \u010d\u00edm sa zabezpe\u010d\u00ed bezstresov\u00fd a efekt\u00edvny transfer.<\/p>\n<h3>Lety<\/h3>\n<p>Hoci to nie je naj\u010dastej\u0161ia vo\u013eba pre tak\u00fa kr\u00e1tku vzdialenos\u0165, z Viedne do Budape\u0161ti s\u00fa k dispoz\u00edcii aj lety. Samotn\u00fd let je r\u00fdchly, ale ke\u010f zoh\u013eadn\u00edte \u010dakacie doby na letisku a dopravu na letisk\u00e1 a z let\u00edsk, celkov\u00fd \u010das cesty nemus\u00ed by\u0165 ove\u013ea krat\u0161\u00ed ako vlakom alebo autobusom.<\/p>\n<h3>Cyklistika<\/h3>\n<p>Dobrodru\u017en\u00ed a kondi\u010dne zalo\u017een\u00ed cestovatelia m\u00f4\u017eu zv\u00e1\u017ei\u0165 cestu z Viedne do Budape\u0161ti na bicykli. Trasa je malebn\u00e1 a k dispoz\u00edcii s\u00fa cyklistick\u00e9 chodn\u00edky. Cesta bude trva\u0165 nieko\u013eko dn\u00ed, preto si ju primerane napl\u00e1nujte.<\/p>\n<h3>Plavba po Dunaji<\/h3>\n<p>Ak chcete za\u017ei\u0165 jedine\u010dn\u00fd cestovate\u013esk\u00fd z\u00e1\u017eitok, zv\u00e1\u017ete plavbu po Dunaji z Viedne do Budape\u0161ti. T\u00e1to mo\u017enos\u0165 je s\u00edce pomal\u0161ia a m\u00f4\u017ee trva\u0165 de\u0148 alebo dlh\u0161ie, ale pon\u00faka \u00fachvatn\u00e9 v\u00fdh\u013eady na rieku a zast\u00e1vky v p\u00f4vabn\u00fdch mest\u00e1ch po ceste.<\/p>\n<p style=\"text-align: center;\"><a class=\"btn btn-primary\" href=\"\/sk\/rezervovat-transfer\">Rezervova\u0165<\/a><\/p>\n<p style=\"text-align: left;\">Bez oh\u013eadu na to, ak\u00fd sp\u00f4sob dopravy si vyberiete, cesta z Viedne do Budape\u0161ti je jednoduch\u00e1 a pr\u00edjemn\u00e1. Pri rozhodovan\u00ed o najlep\u0161om sp\u00f4sobe cestovania zv\u00e1\u017ete svoje preferencie, rozpo\u010det a \u010dasov\u00fd pl\u00e1n a potom sa vydajte na dobrodru\u017en\u00fa cestu medzi t\u00fdmito dvoma n\u00e1dhern\u00fdmi eur\u00f3pskymi mestami.<\/p>\n<\/p><\/div>\n<div class=\"product-price-container\">\n<div class=\"sale-price\"> \t\t<\/div>\n<\/p><\/div>\n<div class=\"options\"><\/div>\n<div> \t\t<\/div>\n<p>   \t  <script type=\"text\/javascript\" ><\/script>  <script type=\"text\/javascript\" ><\/script>  <script type=\"text\/javascript\" ><\/script> <script type=\"text\/javascript\" ><\/script> <script type=\"text\/javascript\" ><\/script> <script type=\"text\/javascript\" ><\/script> <\/div>\n<p> \t\t<!-- \u041f\u043b\u0430\u0433\u0438\u043d \u0440\u0435\u0439\u0442\u0438\u043d\u0433\u0430 --> <\/p>\n<div class=\"vrvote-body\">\n<ul class=\"vrvote-ul\">\n<li id=\"rating_19\" class=\"current-rating\" style=\"width:99.00%;\"><\/li>\n<li> \t\t\t\t\t\t<a class=\"vr-one-star\" onclick=\"javascript:JSVRvote(19,1,198,40,0)\" href=\"javascript:void(null)\">1<\/a> \t\t\t\t\t<\/li>\n<li> \t\t\t\t\t\t<a class=\"vr-two-stars\" onclick=\"javascript:JSVRvote(19,2,198,40,0)\" href=\"javascript:void(null)\">2<\/a> \t\t\t\t\t<\/li>\n<li> \t\t\t\t\t\t<a class=\"vr-three-stars\" onclick=\"javascript:JSVRvote(19,3,198,40,0)\" href=\"javascript:void(null)\">3<\/a> \t\t\t\t\t<\/li>\n<li> \t\t\t\t\t\t<a class=\"vr-four-stars\" onclick=\"javascript:JSVRvote(19,4,198,40,0)\" href=\"javascript:void(null)\">4<\/a> \t\t\t\t\t<\/li>\n<li> \t\t\t\t\t\t<a class=\"vr-five-stars\" onclick=\"javascript:JSVRvote(19,5,198,40,0)\" href=\"javascript:void(null)\">5<\/a> \t\t\t\t\t<\/li>\n<\/ul><\/div>\n<p> \t\t\t<span id=\"vrvote_19\" class=\"vrvote-count\"><small><\/small><\/span>\t<\/span><script type=\"application\/ld+json\"><\/script>   <\/div>\n<div class=\"t4-col sidebar-r col-12 col-xl-4\">\n<div class=\"t4-module module\" id=\"Mod306\">\n<div class=\"module-inner\">\n<div class=\"module-ct\">\n<div class=\"bannergroup\">\n<div class=\"banneritem\"> \t\t\t\t\t\t\t\t\t\t\t\t\t\t\t\t\t\t\t\t\t\t\t\t\t\t\t\t\t\t\t\t\t\t\t\t\t\t\t\t\t\t\t\t\t\t\t\t\t\t<img \t\t\t\t\t\tsrc=\"\/wp-content\/uploads\/2025\/08\/banner-transfer-europe-sk-58.png\" \t\t\t\t\t\talt=\"Banner-sk\" \t\t\t\t\t\t\t\t\t\t\t\t\t\t\t\t\t\/> \t\t\t\t\t\t\t\t\t\t\t<\/p>\n<div class=\"clr\"><\/div>\n<\/p><\/div>\n<\/p><\/div>\n<\/p><\/div>\n<\/div>\n<\/div><\/div>\n<\/p><\/div>\n<\/div><\/div>\n<div id=\"t4-section-8\" class=\"t4-section  t4-section-8  section-border-top\" role=\"section-8\">\n<div class=\"bg-overlay bg-overlay-image\">&nbsp;<\/div>\n<\/p><\/div>\n<p>  <a href='javascript:' id='back-to-top'><i class='fa fa-chevron-up'><\/i><\/a>                <\/p>\n","protected":false},"excerpt":{"rendered":"<p>Transfer z Viedne do Budape\u0161ti Hlavn\u00e1 str\u00e1nka Destin\u00e1cie Viede\u0148 Transfer z Viedne do Budape\u0161ti Transfery Viede\u0148 Rezervova\u0165 Pl\u00e1nujete cestu medzi t\u00fdmito dvoma ikonick\u00fdmi eur\u00f3pskymi mestami? U\u017e nemus\u00edte h\u013eada\u0165 \u010falej, preto\u017ee na\u0161a prepravn\u00e1 slu\u017eba je tu, aby sa v\u00e1\u0161 transfer stal bezprobl\u00e9mov\u00fdm a pr\u00edjemn\u00fdm z\u00e1\u017eitkom. \u010ci u\u017e ste turista, obchodn\u00fd cestuj\u00faci alebo ktoko\u013evek, kto potrebuje spo\u013eahliv\u00fa [&hellip;]<\/p>\n","protected":false},"author":1,"featured_media":30470,"parent":18891,"menu_order":0,"comment_status":"closed","ping_status":"closed","template":"","meta":{"footnotes":""},"class_list":["post-30469","page","type-page","status-publish","has-post-thumbnail","hentry"],"yoast_head":"<!-- This site is optimized with the Yoast SEO plugin v25.6 - https:\/\/yoast.com\/wordpress\/plugins\/seo\/ -->\n<title>Transfer z Viedne do Budape\u0161ti s\u00fakromn\u00fdm vodi\u010dom - Transfer Europe<\/title>\n<meta name=\"description\" content=\"Transferov\u00e1 objedn\u00e1vka \u201eViede\u0148-Budape\u0161\u0165\u201c s osobn\u00fdm vodi\u010dom. Auto s vodi\u010dom z Budape\u0161ti do Viedne, Transfer Europe \u2714Ve\u013ek\u00fd vozov\u00fd park \u2714Profesion\u00e1lni vodi\u010di \u260e + 421 951 460 615\" \/>\n<meta name=\"robots\" content=\"index, follow, max-snippet:-1, max-image-preview:large, max-video-preview:-1\" \/>\n<link rel=\"canonical\" href=\"https:\/\/transfereurope.com\/sk\/destinacie\/vieden\/transfer-vieden-budapest\/\" \/>\n<meta property=\"og:locale\" content=\"sk_SK\" \/>\n<meta property=\"og:type\" content=\"article\" \/>\n<meta property=\"og:title\" content=\"Transfer z Viedne do Budape\u0161ti s\u00fakromn\u00fdm vodi\u010dom - Transfer Europe\" \/>\n<meta property=\"og:description\" content=\"Transferov\u00e1 objedn\u00e1vka \u201eViede\u0148-Budape\u0161\u0165\u201c s osobn\u00fdm vodi\u010dom. Auto s vodi\u010dom z Budape\u0161ti do Viedne, Transfer Europe \u2714Ve\u013ek\u00fd vozov\u00fd park \u2714Profesion\u00e1lni vodi\u010di \u260e + 421 951 460 615\" \/>\n<meta property=\"og:url\" content=\"https:\/\/transfereurope.com\/sk\/destinacie\/vieden\/transfer-vieden-budapest\/\" \/>\n<meta property=\"og:site_name\" content=\"transfereurope\" \/>\n<meta property=\"og:image\" content=\"https:\/\/transfereurope.com\/wp-content\/uploads\/2025\/08\/Europe-Destinations-Transfers-33-2-1.jpg\" \/>\n\t<meta property=\"og:image:width\" content=\"1500\" \/>\n\t<meta property=\"og:image:height\" content=\"2000\" \/>\n\t<meta property=\"og:image:type\" content=\"image\/jpeg\" \/>\n<meta name=\"twitter:card\" content=\"summary_large_image\" \/>\n<meta name=\"twitter:label1\" content=\"Predpokladan\u00fd \u010das \u010d\u00edtania\" \/>\n\t<meta name=\"twitter:data1\" content=\"5 min\u00fat\" \/>\n<script type=\"application\/ld+json\" class=\"yoast-schema-graph\">{\"@context\":\"https:\/\/schema.org\",\"@graph\":[{\"@type\":\"WebPage\",\"@id\":\"https:\/\/transfereurope.com\/sk\/destinacie\/vieden\/transfer-vieden-budapest\/\",\"url\":\"https:\/\/transfereurope.com\/sk\/destinacie\/vieden\/transfer-vieden-budapest\/\",\"name\":\"Transfer z Viedne do Budape\u0161ti s\u00fakromn\u00fdm vodi\u010dom - Transfer Europe\",\"isPartOf\":{\"@id\":\"https:\/\/transfereurope.com\/sk\/#website\"},\"primaryImageOfPage\":{\"@id\":\"https:\/\/transfereurope.com\/sk\/destinacie\/vieden\/transfer-vieden-budapest\/#primaryimage\"},\"image\":{\"@id\":\"https:\/\/transfereurope.com\/sk\/destinacie\/vieden\/transfer-vieden-budapest\/#primaryimage\"},\"thumbnailUrl\":\"https:\/\/transfereurope.com\/wp-content\/uploads\/2025\/08\/Europe-Destinations-Transfers-33-2-1.jpg\",\"datePublished\":\"2025-08-04T22:31:49+00:00\",\"description\":\"Transferov\u00e1 objedn\u00e1vka \u201eViede\u0148-Budape\u0161\u0165\u201c s osobn\u00fdm vodi\u010dom. Auto s vodi\u010dom z Budape\u0161ti do Viedne, Transfer Europe \u2714Ve\u013ek\u00fd vozov\u00fd park \u2714Profesion\u00e1lni vodi\u010di \u260e + 421 951 460 615\",\"breadcrumb\":{\"@id\":\"https:\/\/transfereurope.com\/sk\/destinacie\/vieden\/transfer-vieden-budapest\/#breadcrumb\"},\"inLanguage\":\"sk-SK\",\"potentialAction\":[{\"@type\":\"ReadAction\",\"target\":[\"https:\/\/transfereurope.com\/sk\/destinacie\/vieden\/transfer-vieden-budapest\/\"]}]},{\"@type\":\"ImageObject\",\"inLanguage\":\"sk-SK\",\"@id\":\"https:\/\/transfereurope.com\/sk\/destinacie\/vieden\/transfer-vieden-budapest\/#primaryimage\",\"url\":\"https:\/\/transfereurope.com\/wp-content\/uploads\/2025\/08\/Europe-Destinations-Transfers-33-2-1.jpg\",\"contentUrl\":\"https:\/\/transfereurope.com\/wp-content\/uploads\/2025\/08\/Europe-Destinations-Transfers-33-2-1.jpg\",\"width\":1500,\"height\":2000},{\"@type\":\"BreadcrumbList\",\"@id\":\"https:\/\/transfereurope.com\/sk\/destinacie\/vieden\/transfer-vieden-budapest\/#breadcrumb\",\"itemListElement\":[{\"@type\":\"ListItem\",\"position\":1,\"name\":\"Home\",\"item\":\"https:\/\/transfereurope.com\/sk\/\"},{\"@type\":\"ListItem\",\"position\":2,\"name\":\"Transfer z Viedne do Budape\u0161ti\"}]},{\"@type\":\"WebSite\",\"@id\":\"https:\/\/transfereurope.com\/sk\/#website\",\"url\":\"https:\/\/transfereurope.com\/sk\/\",\"name\":\"transfereurope\",\"description\":\"\",\"publisher\":{\"@id\":\"https:\/\/transfereurope.com\/sk\/#organization\"},\"potentialAction\":[{\"@type\":\"SearchAction\",\"target\":{\"@type\":\"EntryPoint\",\"urlTemplate\":\"https:\/\/transfereurope.com\/sk\/?s={search_term_string}\"},\"query-input\":{\"@type\":\"PropertyValueSpecification\",\"valueRequired\":true,\"valueName\":\"search_term_string\"}}],\"inLanguage\":\"sk-SK\"},{\"@type\":\"Organization\",\"@id\":\"https:\/\/transfereurope.com\/sk\/#organization\",\"name\":\"transfereurope\",\"url\":\"https:\/\/transfereurope.com\/sk\/\",\"logo\":{\"@type\":\"ImageObject\",\"inLanguage\":\"sk-SK\",\"@id\":\"https:\/\/transfereurope.com\/sk\/#\/schema\/logo\/image\/\",\"url\":\"https:\/\/transfereurope.com\/wp-content\/uploads\/2025\/08\/TRANSFERS-1655.png\",\"contentUrl\":\"https:\/\/transfereurope.com\/wp-content\/uploads\/2025\/08\/TRANSFERS-1655.png\",\"width\":500,\"height\":274,\"caption\":\"transfereurope\"},\"image\":{\"@id\":\"https:\/\/transfereurope.com\/sk\/#\/schema\/logo\/image\/\"}}]}<\/script>\n<!-- \/ Yoast SEO plugin. -->","yoast_head_json":{"title":"Transfer z Viedne do Budape\u0161ti s\u00fakromn\u00fdm vodi\u010dom - Transfer Europe","description":"Transferov\u00e1 objedn\u00e1vka \u201eViede\u0148-Budape\u0161\u0165\u201c s osobn\u00fdm vodi\u010dom. Auto s vodi\u010dom z Budape\u0161ti do Viedne, Transfer Europe \u2714Ve\u013ek\u00fd vozov\u00fd park \u2714Profesion\u00e1lni vodi\u010di \u260e + 421 951 460 615","robots":{"index":"index","follow":"follow","max-snippet":"max-snippet:-1","max-image-preview":"max-image-preview:large","max-video-preview":"max-video-preview:-1"},"canonical":"https:\/\/transfereurope.com\/sk\/destinacie\/vieden\/transfer-vieden-budapest\/","og_locale":"sk_SK","og_type":"article","og_title":"Transfer z Viedne do Budape\u0161ti s\u00fakromn\u00fdm vodi\u010dom - Transfer Europe","og_description":"Transferov\u00e1 objedn\u00e1vka \u201eViede\u0148-Budape\u0161\u0165\u201c s osobn\u00fdm vodi\u010dom. Auto s vodi\u010dom z Budape\u0161ti do Viedne, Transfer Europe \u2714Ve\u013ek\u00fd vozov\u00fd park \u2714Profesion\u00e1lni vodi\u010di \u260e + 421 951 460 615","og_url":"https:\/\/transfereurope.com\/sk\/destinacie\/vieden\/transfer-vieden-budapest\/","og_site_name":"transfereurope","og_image":[{"width":1500,"height":2000,"url":"https:\/\/transfereurope.com\/wp-content\/uploads\/2025\/08\/Europe-Destinations-Transfers-33-2-1.jpg","type":"image\/jpeg"}],"twitter_card":"summary_large_image","twitter_misc":{"Predpokladan\u00fd \u010das \u010d\u00edtania":"5 min\u00fat"},"schema":{"@context":"https:\/\/schema.org","@graph":[{"@type":"WebPage","@id":"https:\/\/transfereurope.com\/sk\/destinacie\/vieden\/transfer-vieden-budapest\/","url":"https:\/\/transfereurope.com\/sk\/destinacie\/vieden\/transfer-vieden-budapest\/","name":"Transfer z Viedne do Budape\u0161ti s\u00fakromn\u00fdm vodi\u010dom - Transfer Europe","isPartOf":{"@id":"https:\/\/transfereurope.com\/sk\/#website"},"primaryImageOfPage":{"@id":"https:\/\/transfereurope.com\/sk\/destinacie\/vieden\/transfer-vieden-budapest\/#primaryimage"},"image":{"@id":"https:\/\/transfereurope.com\/sk\/destinacie\/vieden\/transfer-vieden-budapest\/#primaryimage"},"thumbnailUrl":"https:\/\/transfereurope.com\/wp-content\/uploads\/2025\/08\/Europe-Destinations-Transfers-33-2-1.jpg","datePublished":"2025-08-04T22:31:49+00:00","description":"Transferov\u00e1 objedn\u00e1vka \u201eViede\u0148-Budape\u0161\u0165\u201c s osobn\u00fdm vodi\u010dom. Auto s vodi\u010dom z Budape\u0161ti do Viedne, Transfer Europe \u2714Ve\u013ek\u00fd vozov\u00fd park \u2714Profesion\u00e1lni vodi\u010di \u260e + 421 951 460 615","breadcrumb":{"@id":"https:\/\/transfereurope.com\/sk\/destinacie\/vieden\/transfer-vieden-budapest\/#breadcrumb"},"inLanguage":"sk-SK","potentialAction":[{"@type":"ReadAction","target":["https:\/\/transfereurope.com\/sk\/destinacie\/vieden\/transfer-vieden-budapest\/"]}]},{"@type":"ImageObject","inLanguage":"sk-SK","@id":"https:\/\/transfereurope.com\/sk\/destinacie\/vieden\/transfer-vieden-budapest\/#primaryimage","url":"https:\/\/transfereurope.com\/wp-content\/uploads\/2025\/08\/Europe-Destinations-Transfers-33-2-1.jpg","contentUrl":"https:\/\/transfereurope.com\/wp-content\/uploads\/2025\/08\/Europe-Destinations-Transfers-33-2-1.jpg","width":1500,"height":2000},{"@type":"BreadcrumbList","@id":"https:\/\/transfereurope.com\/sk\/destinacie\/vieden\/transfer-vieden-budapest\/#breadcrumb","itemListElement":[{"@type":"ListItem","position":1,"name":"Home","item":"https:\/\/transfereurope.com\/sk\/"},{"@type":"ListItem","position":2,"name":"Transfer z Viedne do Budape\u0161ti"}]},{"@type":"WebSite","@id":"https:\/\/transfereurope.com\/sk\/#website","url":"https:\/\/transfereurope.com\/sk\/","name":"transfereurope","description":"","publisher":{"@id":"https:\/\/transfereurope.com\/sk\/#organization"},"potentialAction":[{"@type":"SearchAction","target":{"@type":"EntryPoint","urlTemplate":"https:\/\/transfereurope.com\/sk\/?s={search_term_string}"},"query-input":{"@type":"PropertyValueSpecification","valueRequired":true,"valueName":"search_term_string"}}],"inLanguage":"sk-SK"},{"@type":"Organization","@id":"https:\/\/transfereurope.com\/sk\/#organization","name":"transfereurope","url":"https:\/\/transfereurope.com\/sk\/","logo":{"@type":"ImageObject","inLanguage":"sk-SK","@id":"https:\/\/transfereurope.com\/sk\/#\/schema\/logo\/image\/","url":"https:\/\/transfereurope.com\/wp-content\/uploads\/2025\/08\/TRANSFERS-1655.png","contentUrl":"https:\/\/transfereurope.com\/wp-content\/uploads\/2025\/08\/TRANSFERS-1655.png","width":500,"height":274,"caption":"transfereurope"},"image":{"@id":"https:\/\/transfereurope.com\/sk\/#\/schema\/logo\/image\/"}}]}},"_links":{"self":[{"href":"https:\/\/transfereurope.com\/sk\/wp-json\/wp\/v2\/pages\/30469","targetHints":{"allow":["GET"]}}],"collection":[{"href":"https:\/\/transfereurope.com\/sk\/wp-json\/wp\/v2\/pages"}],"about":[{"href":"https:\/\/transfereurope.com\/sk\/wp-json\/wp\/v2\/types\/page"}],"author":[{"embeddable":true,"href":"https:\/\/transfereurope.com\/sk\/wp-json\/wp\/v2\/users\/1"}],"replies":[{"embeddable":true,"href":"https:\/\/transfereurope.com\/sk\/wp-json\/wp\/v2\/comments?post=30469"}],"version-history":[{"count":0,"href":"https:\/\/transfereurope.com\/sk\/wp-json\/wp\/v2\/pages\/30469\/revisions"}],"up":[{"embeddable":true,"href":"https:\/\/transfereurope.com\/sk\/wp-json\/wp\/v2\/pages\/18891"}],"wp:featuredmedia":[{"embeddable":true,"href":"https:\/\/transfereurope.com\/sk\/wp-json\/wp\/v2\/media\/30470"}],"wp:attachment":[{"href":"https:\/\/transfereurope.com\/sk\/wp-json\/wp\/v2\/media?parent=30469"}],"curies":[{"name":"wp","href":"https:\/\/api.w.org\/{rel}","templated":true}]}}