{"id":30370,"date":"2025-08-04T22:31:04","date_gmt":"2025-08-04T22:31:04","guid":{"rendered":"https:\/\/transfereurope.com\/transfery-z-viedne-do-letiska-vieden\/"},"modified":"2025-08-04T22:31:04","modified_gmt":"2025-08-04T22:31:04","slug":"transfery-z-viedne-do-letiska-vieden","status":"publish","type":"page","link":"https:\/\/transfereurope.com\/sk\/destinacie\/vieden\/transfery-z-viedne-do-letiska-vieden\/","title":{"rendered":"Transfery z Viedne do letiska Viede\u0148"},"content":{"rendered":"\n<div id=\"t4-masthead\" class=\"t4-section  t4-masthead\">\n<div class=\"t4-col text-center\">\n<div class=\"ja-masthead\" >\n<div class=\"ja-masthead-detail\">\n<h1 class=\"ja-masthead-title\">Transfery z Viedne do letiska Viede\u0148<\/h1>\n<p>                 <!---->            <\/p>\n<div class=\"block-breadcrumb\">\n<div class=\"moduletable\">\n<div aria-label=\"Breadcrumbs\" role=\"navigation\">\n<ul  class=\"breadcrumb\">\n<li class=\"active\"> \t\t\t\t<span class=\"fas fa-map-marker-alt home-map\"><\/span> \t\t\t<\/li>\n<li itemprop='itemListElement' > \t\t\t\t\t\t\t\t\t\t\t<a  href=\"\/sk\/\" class=\"pathway\"><span itemprop=\"name\">Hlavn\u00e1 str\u00e1nka<\/span><\/a> \t\t\t\t\t \t\t\t\t\t\t\t\t\t\t\t<span class=\"divider\"> \t\t\t\t\t\t\t<i class=\"fa fa-angle-double-right\" aria-hidden=\"true\"><\/i> \t\t\t\t\t\t<\/span> \t\t\t\t\t\t\t\t\t\t<meta  content=\"1\"> \t\t\t\t<\/li>\n<li itemprop='itemListElement' > \t\t\t\t\t\t\t\t\t\t\t<a  href=\"\/sk\/destinacie\" class=\"pathway\"><span itemprop=\"name\">Destin\u00e1cie<\/span><\/a> \t\t\t\t\t \t\t\t\t\t\t\t\t\t\t\t<span class=\"divider\"> \t\t\t\t\t\t\t<i class=\"fa fa-angle-double-right\" aria-hidden=\"true\"><\/i> \t\t\t\t\t\t<\/span> \t\t\t\t\t\t\t\t\t\t<meta  content=\"2\"> \t\t\t\t<\/li>\n<li itemprop='itemListElement' > \t\t\t\t\t\t\t\t\t\t\t<a  href=\"\/sk\/destinacie\/vieden\" class=\"pathway\"><span itemprop=\"name\">Viede\u0148<\/span><\/a> \t\t\t\t\t \t\t\t\t\t\t\t\t\t\t\t<span class=\"divider\"> \t\t\t\t\t\t\t<i class=\"fa fa-angle-double-right\" aria-hidden=\"true\"><\/i> \t\t\t\t\t\t<\/span> \t\t\t\t\t\t\t\t\t\t<meta  content=\"3\"> \t\t\t\t<\/li>\n<li   class=\"active\"> \t\t\t\t\t<span itemprop=\"name\"> \t\t\t\t\t\tTransfery z Viedne do letiska Viede\u0148\t\t\t\t\t<\/span> \t\t\t\t\t<meta  content=\"4\"> \t\t\t\t<\/li>\n<\/ul><\/div>\n<\/p><\/div>\n<\/p><\/div>\n<\/p><\/div>\n<\/p><\/div>\n<pre><\/pre>\n<\/div>\n<\/div>\n<div id=\"t4-main-body\" class=\"t4-section  t4-main-body\" role=\"main body\">\n<div class=\"t4-section-inner container\">\n<div class=\"t4-row row\">\n<div class=\"t4-col col-12 col-xl\">\n<div id=\"system-message-container\"> \t<\/div>\n<p>       <script type=\"text\/javascript\" ><\/script> <\/p>\n<div class=\"com-content-article item-page view-tour-detail\">\n<div class=\"tour-top-info clearfix\">\n<div class=\"pull-left\">\n<div class=\"category-article-dot\">\n<div class=\"category-name\"> \t\t\t\t\t<a href=\"\/sk\/destinacie\/vieden\" itemprop=\"genre\">Transfery Viede\u0148<\/a> \t\t\t\t<\/div>\n<\/p><\/div>\n<\/p><\/div>\n<div class=\"pull-right\">\n<div class=\"text-danger tour-price\"> \t\t\t\t\t\t<a href=\"\/sk\/rezervovat-transfer\">Rezervova\u0165<\/a><\/div>\n<\/p><\/div>\n<\/p><\/div>\n<p>  \t <!--\t-->  \t<\/p>\n<div class=\"vm-product-container\">\n<figure class=\"pull-left item-image\">\n<div class=\"main-image\"> \t\t<a title=\"Vienna city to Vienna Airport Transfer Service\" rel='vm-additional-images' href=\"\/images\/virtuemart\/product\/Europe Destinations Transfers (1)779.jpg\"><img decoding=\"async\"  loading=\"lazy\"  src=\"\/wp-content\/uploads\/2025\/08\/Europe-Destinations-Transfers-1779-2.jpg\"  alt=\"Vienna city to Vienna Airport Transfer Service\"  \/><\/a>\t\t<\/p>\n<div class=\"clear\"><\/div>\n<\/p><\/div>\n<\/figure>\n<div class=\"vm-product-details-container\">\n<div class=\"spacer-buy-area\">    \t\t \t\t<\/div>\n<\/p><\/div>\n<div class=\"clear\"><\/div>\n<\/p><\/div>\n<div class=\"product-description\" >\n<p>Pokia\u013e ide o spo\u013eahliv\u00e9 a efekt\u00edvne mo\u017enosti prepravy vo Viedni, na\u0161e slu\u017eby s\u00fa najlep\u0161ou vo\u013ebou pre v\u0161etky va\u0161e cestovn\u00e9 potreby. \u010ci u\u017e ste turista, ktor\u00fd nav\u0161tevuje toto kr\u00e1sne mesto, alebo miestny obyvate\u013e, ktor\u00fd h\u013ead\u00e1 bezprobl\u00e9mov\u00fd transfer z letiska, n\u00e1\u0161 s\u00fakromn\u00fd vodi\u010d a slu\u017eba pren\u00e1jmu auta s\u00fa tu, aby v\u00e1m zabezpe\u010dili pohodln\u00fa a bezstresov\u00fa cestu.<\/p>\n<p>Na\u0161a slu\u017eba transferu z mesta Viede\u0148 na letisko Viede\u0148 sa zameriava na poskytovanie \u0161pi\u010dkov\u00fdch dopravn\u00fdch rie\u0161en\u00ed, v\u010faka ktor\u00fdm bude va\u0161a cesta z centra mesta na letisko alebo naopak \u010do najhlad\u0161ia. Ch\u00e1peme d\u00f4le\u017eitos\u0165 presnosti, pohodlia a pohodlnej jazdy, preto pon\u00fakame s\u00fakromn\u00e9ho vodi\u010da, ktor\u00fd je nielen kvalifikovan\u00fd, ale pozn\u00e1 aj najlep\u0161ie trasy, aby v\u00e1s r\u00fdchlo dopravil do cie\u013ea.<\/p>\n<p style=\"text-align: center;\"><a class=\"btn btn-primary\" href=\"\/sk\/rezervovat-transfer-z-na-letisko\">Rezervova\u0165<\/a><\/p>\n<h2 style=\"text-align: center;\"><strong>Pre\u010do si vybra\u0165 na\u0161u slu\u017ebu transferu z mesta Viede\u0148 na letisko Viede\u0148?<\/strong><\/h2>\n<ul>\n<li><strong>S\u00fakromn\u00fd vodi\u010d:<\/strong>\u00a0Na\u0161i sk\u00fasen\u00ed a zdvoril\u00ed vodi\u010di s\u00fa v\u00e1m k dispoz\u00edcii a zabezpe\u010dia va\u0161u bezpe\u010dnos\u0165 a pohodlie po\u010das celej cesty.<\/li>\n<li><strong>Pren\u00e1jom auta:<\/strong>\u00a0Vyberte si z na\u0161ej flotily dobre udr\u017eiavan\u00fdch vozidiel, ktor\u00e9 pon\u00fakaj\u00fa r\u00f4zne ve\u013ekosti a mo\u017enosti, aby vyhovovali va\u0161im \u0161pecifick\u00fdm potreb\u00e1m, \u010di u\u017e cestujete sami alebo so skupinou.<\/li>\n<li><strong>Efekt\u00edvna preprava:<\/strong>\u00a0Sme hrd\u00ed na na\u0161u presnos\u0165 a spo\u013eahlivos\u0165, tak\u017ee sa m\u00f4\u017eete spo\u013eahn\u00fa\u0165, \u017ee v\u00e1s do cie\u013ea doprav\u00edme na\u010das.<\/li>\n<li><strong>Komfortn\u00e1 preprava:<\/strong>\u00a0Na\u0161e vozidl\u00e1 s\u00fa vybaven\u00e9 modern\u00fdm vybaven\u00edm, aby bola va\u0161a cesta \u010do najpr\u00edjemnej\u0161ia.<\/li>\n<li><strong>Pohodln\u00e9 slu\u017eby:<\/strong>\u00a0Rezerv\u00e1cia u n\u00e1s je jednoduch\u00e1 a bez stresu. Sta\u010d\u00ed n\u00e1m ozn\u00e1mi\u0165 miesto vyzdvihnutia a odovzdania a my sa postar\u00e1me o zvy\u0161ok.<\/li>\n<li><strong>Dostupn\u00e9 ceny:<\/strong>\u00a0Pon\u00fakame konkurencieschopn\u00e9 ceny za na\u0161e vysokokvalitn\u00e9 prepravn\u00e9 slu\u017eby.<\/li>\n<\/ul>\n<h2 style=\"text-align: center;\">\u00a0<\/h2>\n<h2 style=\"text-align: center;\"><strong>Rezerv\u00e1cia transferu z mesta Viede\u0148 na letisko Viede\u0148\u00a0<\/strong><\/h2>\n<p>\u010ci u\u017e prilietate do Viedne a potrebujete spo\u013eahliv\u00fd transfer z letiska do centra mesta, alebo pl\u00e1nujete stihn\u00fa\u0165 svoj let na\u010das, Vienna City to Vienna Airport Transfer je v\u00e1\u0161 spo\u013eahliv\u00fd partner pre v\u0161etky va\u0161e potreby v oblasti dopravy. Sme hrd\u00ed na to, \u017ee pon\u00fakame bezprobl\u00e9mov\u00fd a pr\u00edjemn\u00fd z\u00e1\u017eitok od za\u010diatku a\u017e do konca.<\/p>\n<p>Nenechajte svoju prepravu na n\u00e1hodu; vyberte si na\u0161u prepravn\u00fa slu\u017ebu pre spo\u013eahliv\u00fa a pohodln\u00fa cestu medzi mestom Viede\u0148 a letiskom. Objednajte si n\u00e1s e\u0161te dnes a vysk\u00fa\u0161ajte rozdiel, ktor\u00fd m\u00f4\u017ee vo va\u0161ich cest\u00e1ch prinies\u0165 \u0161pecializovan\u00e1 a profesion\u00e1lna prepravn\u00e1 slu\u017eba.<\/p>\n<p style=\"text-align: center;\"><a class=\"btn btn-primary\" href=\"\/sk\/rezervovat-transfer-z-na-letisko\">Rezervova\u0165<\/a><\/p>\n<h2 style=\"text-align: center;\"><strong>Ako sa dosta\u0165 z mesta Viede\u0148 na letisko Viede\u0148\u00a0<\/strong><\/h2>\n<p>Cesta z mesta Viede\u0148 na letisko Viede\u0148 je jednoduch\u00e1 a pohodln\u00e1, pri\u010dom m\u00e1te k dispoz\u00edcii nieko\u013eko mo\u017enost\u00ed dopravy, ktor\u00e9 vyhovuj\u00fa va\u0161im preferenci\u00e1m a \u010dasov\u00e9mu rozvrhu. Tu je n\u00e1vod, ako sa dosta\u0165 na cestu:<\/p>\n<h3>Taxi slu\u017eba<\/h3>\n<p>Jedn\u00fdm z najjednoduch\u0161\u00edch a najpriamej\u0161\u00edch sp\u00f4sobov, ako sa z mesta dosta\u0165 na letisko Viede\u0148, je vyu\u017ei\u0165 tax\u00edk. Tax\u00edky n\u00e1jdete na ur\u010den\u00fdch stanovi\u0161tiach po celom meste alebo si ich m\u00f4\u017eete vopred rezervova\u0165 prostredn\u00edctvom r\u00f4znych aplik\u00e1ci\u00ed pre tax\u00edky. Jazda tax\u00edkom zvy\u010dajne trv\u00e1 pribli\u017ene 20 a\u017e 30 min\u00fat v z\u00e1vislosti od dopravn\u00fdch podmienok.<\/p>\n<h3>Letiskov\u00e9 kyvadlov\u00e9 slu\u017eby<\/h3>\n<p>Medzi mestom Viede\u0148 a letiskom Viede\u0148 prem\u00e1va nieko\u013eko kyvadlov\u00fdch liniek. Tieto kyvadlov\u00e9 autobusy predstavuj\u00fa cenovo v\u00fdhodn\u00fd a pohodln\u00fd sp\u00f4sob cestovania. \u010casto vyzdvihuj\u00fa cestuj\u00facich z centr\u00e1lnych miest a pon\u00fakaj\u00fa pravideln\u00e9 odchody po\u010das cel\u00e9ho d\u0148a.<\/p>\n<h3>Verejn\u00e1 doprava<\/h3>\n<p>Viede\u0148 m\u00e1 vynikaj\u00faci syst\u00e9m verejnej dopravy vr\u00e1tane autobusov a vlakov. M\u00f4\u017eete vyu\u017ei\u0165 mestsk\u00fd vlak na letisko (CAT), ktor\u00fd poskytuje r\u00fdchle spojenie medzi centrom mesta a letiskom len za 16 min\u00fat. Alternat\u00edvou je aj pr\u00edmestsk\u00fd vlak S-Bahn a r\u00f4zne autobusov\u00e9 linky, ktor\u00e9 sp\u00e1jaj\u00fa mesto s letiskom.<\/p>\n<p>\u00a0<\/p>\n<h3>S\u00fakromn\u00e9 auto alebo prenajat\u00e9 auto<\/h3>\n<p>Ak uprednost\u0148ujete v\u00e4\u010d\u0161iu flexibilitu, m\u00f4\u017eete si na cestu na letisko prenaja\u0165 auto alebo pou\u017ei\u0165 vlastn\u00e9 vozidlo. Letisko je dobre prepojen\u00e9 s mestom prostredn\u00edctvom dia\u013enic a hlavn\u00fdch ciest a na letisku s\u00fa k dispoz\u00edcii parkovisk\u00e1.<\/p>\n<h3>Slu\u017eby transferu z letiska<\/h3>\n<p>Ak si chcete zabezpe\u010di\u0165 osobnej\u0161\u00ed a pohodlnej\u0161\u00ed transfer, zv\u00e1\u017ete rezerv\u00e1ciu s\u00fakromn\u00e9ho transferu z letiska. Tieto slu\u017eby poskytuj\u00fa vyhraden\u00e9ho vodi\u010da a vozidlo, ktor\u00e9 v\u00e1s vyzdvihne na va\u0161om mieste v meste a odvezie v\u00e1s priamo na letisko. Je to vynikaj\u00faca vo\u013eba, ak si cen\u00edte pohodlie a presnos\u0165.<\/p>\n<h3>Bicykel<\/h3>\n<p>Ak sa c\u00edtite odv\u00e1\u017ene a m\u00e1te trochu \u010dasu, m\u00f4\u017eete sa z mesta na letisko dosta\u0165 aj na bicykli. Viede\u0148 m\u00e1 dobre rozvinut\u00fa sie\u0165 cyklotr\u00e1s, \u010do z nej rob\u00ed jedine\u010dn\u00fa a ekologick\u00fa mo\u017enos\u0165 cesty.<\/p>\n<p style=\"text-align: center;\"><a class=\"btn btn-primary\" href=\"\/sk\/rezervovat-transfer-z-na-letisko\">Rezervova\u0165<\/a><\/p>\n<p style=\"text-align: left;\">Nezabudnite, \u017ee \u010das a n\u00e1klady na cestu sa m\u00f4\u017eu l\u00ed\u0161i\u0165 v z\u00e1vislosti od zvolen\u00e9ho sp\u00f4sobu dopravy a dopravn\u00fdch podmienok. Je dobr\u00e9 pl\u00e1nova\u0165 vopred a skontrolova\u0165 si cestovn\u00e9 poriadky a dostupnos\u0165, aby ste si zabezpe\u010dili bezprobl\u00e9mov\u00fa cestu z mesta Viede\u0148 na letisko Viede\u0148.<\/p>\n<p>\u00a0<\/p>\n<\/p><\/div>\n<div class=\"product-price-container\">\n<div class=\"sale-price\"> \t\t<\/div>\n<\/p><\/div>\n<div class=\"options\"><\/div>\n<div> \t\t<\/div>\n<p>   \t  <script type=\"text\/javascript\" ><\/script>  <script type=\"text\/javascript\" ><\/script>  <script type=\"text\/javascript\" ><\/script> <script type=\"text\/javascript\" ><\/script> <script type=\"text\/javascript\" ><\/script> <script type=\"text\/javascript\" ><\/script> <\/div>\n<p> \t\t<!-- \u041f\u043b\u0430\u0433\u0438\u043d \u0440\u0435\u0439\u0442\u0438\u043d\u0433\u0430 --> <\/p>\n<div class=\"vrvote-body\">\n<ul class=\"vrvote-ul\">\n<li id=\"rating_9\" class=\"current-rating\" style=\"width:99.58%;\"><\/li>\n<li> \t\t\t\t\t\t<a class=\"vr-one-star\" onclick=\"javascript:JSVRvote(9,1,239,48,0)\" href=\"javascript:void(null)\">1<\/a> \t\t\t\t\t<\/li>\n<li> \t\t\t\t\t\t<a class=\"vr-two-stars\" onclick=\"javascript:JSVRvote(9,2,239,48,0)\" href=\"javascript:void(null)\">2<\/a> \t\t\t\t\t<\/li>\n<li> \t\t\t\t\t\t<a class=\"vr-three-stars\" onclick=\"javascript:JSVRvote(9,3,239,48,0)\" href=\"javascript:void(null)\">3<\/a> \t\t\t\t\t<\/li>\n<li> \t\t\t\t\t\t<a class=\"vr-four-stars\" onclick=\"javascript:JSVRvote(9,4,239,48,0)\" href=\"javascript:void(null)\">4<\/a> \t\t\t\t\t<\/li>\n<li> \t\t\t\t\t\t<a class=\"vr-five-stars\" onclick=\"javascript:JSVRvote(9,5,239,48,0)\" href=\"javascript:void(null)\">5<\/a> \t\t\t\t\t<\/li>\n<\/ul><\/div>\n<p> \t\t\t<span id=\"vrvote_9\" class=\"vrvote-count\"><small><\/small><\/span>\t<\/span><script type=\"application\/ld+json\"><\/script>   <\/div>\n<div class=\"t4-col sidebar-r col-12 col-xl-4\">\n<div class=\"t4-module module\" id=\"Mod306\">\n<div class=\"module-inner\">\n<div class=\"module-ct\">\n<div class=\"bannergroup\">\n<div class=\"banneritem\"> \t\t\t\t\t\t\t\t\t\t\t\t\t\t\t\t\t\t\t\t\t\t\t\t\t\t\t\t\t\t\t\t\t\t\t\t\t\t\t\t\t\t\t\t\t\t\t\t\t\t<img \t\t\t\t\t\tsrc=\"\/wp-content\/uploads\/2025\/08\/banner-transfer-europe-sk-57.png\" \t\t\t\t\t\talt=\"Banner-sk\" \t\t\t\t\t\t\t\t\t\t\t\t\t\t\t\t\t\/> \t\t\t\t\t\t\t\t\t\t\t<\/p>\n<div class=\"clr\"><\/div>\n<\/p><\/div>\n<\/p><\/div>\n<\/p><\/div>\n<\/div>\n<\/div><\/div>\n<\/p><\/div>\n<\/div><\/div>\n<div id=\"t4-section-8\" class=\"t4-section  t4-section-8  section-border-top\" role=\"section-8\">\n<div class=\"bg-overlay bg-overlay-image\">&nbsp;<\/div>\n<\/p><\/div>\n<p>  <a href='javascript:' id='back-to-top'><i class='fa fa-chevron-up'><\/i><\/a>                <\/p>\n","protected":false},"excerpt":{"rendered":"<p>Transfery z Viedne do letiska Viede\u0148 Hlavn\u00e1 str\u00e1nka Destin\u00e1cie Viede\u0148 Transfery z Viedne do letiska Viede\u0148 Transfery Viede\u0148 Rezervova\u0165 Pokia\u013e ide o spo\u013eahliv\u00e9 a efekt\u00edvne mo\u017enosti prepravy vo Viedni, na\u0161e slu\u017eby s\u00fa najlep\u0161ou vo\u013ebou pre v\u0161etky va\u0161e cestovn\u00e9 potreby. \u010ci u\u017e ste turista, ktor\u00fd nav\u0161tevuje toto kr\u00e1sne mesto, alebo miestny obyvate\u013e, ktor\u00fd h\u013ead\u00e1 bezprobl\u00e9mov\u00fd transfer [&hellip;]<\/p>\n","protected":false},"author":1,"featured_media":30371,"parent":18891,"menu_order":0,"comment_status":"closed","ping_status":"closed","template":"","meta":{"footnotes":""},"class_list":["post-30370","page","type-page","status-publish","has-post-thumbnail","hentry"],"yoast_head":"<!-- This site is optimized with the Yoast SEO plugin v25.6 - https:\/\/yoast.com\/wordpress\/plugins\/seo\/ -->\n<title>Transfer z Viedne do viedensk\u00e9ho letiska - Transfer Europe<\/title>\n<meta name=\"description\" content=\"Transfer z Viedne do viedensk\u00e9ho letiska s vodi\u010dom. Objednajte si transfer z Viedne do viedensk\u00e9ho letiska na Transfer Europe \u2714 Ve\u013ek\u00fd vozov\u00fd park \u2714 Profesion\u00e1lni vodi\u010di \u260e + 421 951 460 615\" \/>\n<meta name=\"robots\" content=\"index, follow, max-snippet:-1, max-image-preview:large, max-video-preview:-1\" \/>\n<link rel=\"canonical\" href=\"https:\/\/transfereurope.com\/sk\/destinacie\/vieden\/transfery-z-viedne-do-letiska-vieden\/\" \/>\n<meta property=\"og:locale\" content=\"sk_SK\" \/>\n<meta property=\"og:type\" content=\"article\" \/>\n<meta property=\"og:title\" content=\"Transfer z Viedne do viedensk\u00e9ho letiska - Transfer Europe\" \/>\n<meta property=\"og:description\" content=\"Transfer z Viedne do viedensk\u00e9ho letiska s vodi\u010dom. Objednajte si transfer z Viedne do viedensk\u00e9ho letiska na Transfer Europe \u2714 Ve\u013ek\u00fd vozov\u00fd park \u2714 Profesion\u00e1lni vodi\u010di \u260e + 421 951 460 615\" \/>\n<meta property=\"og:url\" content=\"https:\/\/transfereurope.com\/sk\/destinacie\/vieden\/transfery-z-viedne-do-letiska-vieden\/\" \/>\n<meta property=\"og:site_name\" content=\"transfereurope\" \/>\n<meta property=\"og:image\" content=\"https:\/\/transfereurope.com\/wp-content\/uploads\/2025\/08\/Europe-Destinations-Transfers-1779-2-1.jpg\" \/>\n\t<meta property=\"og:image:width\" content=\"1500\" \/>\n\t<meta property=\"og:image:height\" content=\"2000\" \/>\n\t<meta property=\"og:image:type\" content=\"image\/jpeg\" \/>\n<meta name=\"twitter:card\" content=\"summary_large_image\" \/>\n<meta name=\"twitter:label1\" content=\"Predpokladan\u00fd \u010das \u010d\u00edtania\" \/>\n\t<meta name=\"twitter:data1\" content=\"5 min\u00fat\" \/>\n<script type=\"application\/ld+json\" class=\"yoast-schema-graph\">{\"@context\":\"https:\/\/schema.org\",\"@graph\":[{\"@type\":\"WebPage\",\"@id\":\"https:\/\/transfereurope.com\/sk\/destinacie\/vieden\/transfery-z-viedne-do-letiska-vieden\/\",\"url\":\"https:\/\/transfereurope.com\/sk\/destinacie\/vieden\/transfery-z-viedne-do-letiska-vieden\/\",\"name\":\"Transfer z Viedne do viedensk\u00e9ho letiska - Transfer Europe\",\"isPartOf\":{\"@id\":\"https:\/\/transfereurope.com\/sk\/#website\"},\"primaryImageOfPage\":{\"@id\":\"https:\/\/transfereurope.com\/sk\/destinacie\/vieden\/transfery-z-viedne-do-letiska-vieden\/#primaryimage\"},\"image\":{\"@id\":\"https:\/\/transfereurope.com\/sk\/destinacie\/vieden\/transfery-z-viedne-do-letiska-vieden\/#primaryimage\"},\"thumbnailUrl\":\"https:\/\/transfereurope.com\/wp-content\/uploads\/2025\/08\/Europe-Destinations-Transfers-1779-2-1.jpg\",\"datePublished\":\"2025-08-04T22:31:04+00:00\",\"description\":\"Transfer z Viedne do viedensk\u00e9ho letiska s vodi\u010dom. Objednajte si transfer z Viedne do viedensk\u00e9ho letiska na Transfer Europe \u2714 Ve\u013ek\u00fd vozov\u00fd park \u2714 Profesion\u00e1lni vodi\u010di \u260e + 421 951 460 615\",\"breadcrumb\":{\"@id\":\"https:\/\/transfereurope.com\/sk\/destinacie\/vieden\/transfery-z-viedne-do-letiska-vieden\/#breadcrumb\"},\"inLanguage\":\"sk-SK\",\"potentialAction\":[{\"@type\":\"ReadAction\",\"target\":[\"https:\/\/transfereurope.com\/sk\/destinacie\/vieden\/transfery-z-viedne-do-letiska-vieden\/\"]}]},{\"@type\":\"ImageObject\",\"inLanguage\":\"sk-SK\",\"@id\":\"https:\/\/transfereurope.com\/sk\/destinacie\/vieden\/transfery-z-viedne-do-letiska-vieden\/#primaryimage\",\"url\":\"https:\/\/transfereurope.com\/wp-content\/uploads\/2025\/08\/Europe-Destinations-Transfers-1779-2-1.jpg\",\"contentUrl\":\"https:\/\/transfereurope.com\/wp-content\/uploads\/2025\/08\/Europe-Destinations-Transfers-1779-2-1.jpg\",\"width\":1500,\"height\":2000},{\"@type\":\"BreadcrumbList\",\"@id\":\"https:\/\/transfereurope.com\/sk\/destinacie\/vieden\/transfery-z-viedne-do-letiska-vieden\/#breadcrumb\",\"itemListElement\":[{\"@type\":\"ListItem\",\"position\":1,\"name\":\"Home\",\"item\":\"https:\/\/transfereurope.com\/sk\/\"},{\"@type\":\"ListItem\",\"position\":2,\"name\":\"Transfery z Viedne do letiska Viede\u0148\"}]},{\"@type\":\"WebSite\",\"@id\":\"https:\/\/transfereurope.com\/sk\/#website\",\"url\":\"https:\/\/transfereurope.com\/sk\/\",\"name\":\"transfereurope\",\"description\":\"\",\"publisher\":{\"@id\":\"https:\/\/transfereurope.com\/sk\/#organization\"},\"potentialAction\":[{\"@type\":\"SearchAction\",\"target\":{\"@type\":\"EntryPoint\",\"urlTemplate\":\"https:\/\/transfereurope.com\/sk\/?s={search_term_string}\"},\"query-input\":{\"@type\":\"PropertyValueSpecification\",\"valueRequired\":true,\"valueName\":\"search_term_string\"}}],\"inLanguage\":\"sk-SK\"},{\"@type\":\"Organization\",\"@id\":\"https:\/\/transfereurope.com\/sk\/#organization\",\"name\":\"transfereurope\",\"url\":\"https:\/\/transfereurope.com\/sk\/\",\"logo\":{\"@type\":\"ImageObject\",\"inLanguage\":\"sk-SK\",\"@id\":\"https:\/\/transfereurope.com\/sk\/#\/schema\/logo\/image\/\",\"url\":\"https:\/\/transfereurope.com\/wp-content\/uploads\/2025\/08\/TRANSFERS-1655.png\",\"contentUrl\":\"https:\/\/transfereurope.com\/wp-content\/uploads\/2025\/08\/TRANSFERS-1655.png\",\"width\":500,\"height\":274,\"caption\":\"transfereurope\"},\"image\":{\"@id\":\"https:\/\/transfereurope.com\/sk\/#\/schema\/logo\/image\/\"}}]}<\/script>\n<!-- \/ Yoast SEO plugin. -->","yoast_head_json":{"title":"Transfer z Viedne do viedensk\u00e9ho letiska - Transfer Europe","description":"Transfer z Viedne do viedensk\u00e9ho letiska s vodi\u010dom. Objednajte si transfer z Viedne do viedensk\u00e9ho letiska na Transfer Europe \u2714 Ve\u013ek\u00fd vozov\u00fd park \u2714 Profesion\u00e1lni vodi\u010di \u260e + 421 951 460 615","robots":{"index":"index","follow":"follow","max-snippet":"max-snippet:-1","max-image-preview":"max-image-preview:large","max-video-preview":"max-video-preview:-1"},"canonical":"https:\/\/transfereurope.com\/sk\/destinacie\/vieden\/transfery-z-viedne-do-letiska-vieden\/","og_locale":"sk_SK","og_type":"article","og_title":"Transfer z Viedne do viedensk\u00e9ho letiska - Transfer Europe","og_description":"Transfer z Viedne do viedensk\u00e9ho letiska s vodi\u010dom. Objednajte si transfer z Viedne do viedensk\u00e9ho letiska na Transfer Europe \u2714 Ve\u013ek\u00fd vozov\u00fd park \u2714 Profesion\u00e1lni vodi\u010di \u260e + 421 951 460 615","og_url":"https:\/\/transfereurope.com\/sk\/destinacie\/vieden\/transfery-z-viedne-do-letiska-vieden\/","og_site_name":"transfereurope","og_image":[{"width":1500,"height":2000,"url":"https:\/\/transfereurope.com\/wp-content\/uploads\/2025\/08\/Europe-Destinations-Transfers-1779-2-1.jpg","type":"image\/jpeg"}],"twitter_card":"summary_large_image","twitter_misc":{"Predpokladan\u00fd \u010das \u010d\u00edtania":"5 min\u00fat"},"schema":{"@context":"https:\/\/schema.org","@graph":[{"@type":"WebPage","@id":"https:\/\/transfereurope.com\/sk\/destinacie\/vieden\/transfery-z-viedne-do-letiska-vieden\/","url":"https:\/\/transfereurope.com\/sk\/destinacie\/vieden\/transfery-z-viedne-do-letiska-vieden\/","name":"Transfer z Viedne do viedensk\u00e9ho letiska - Transfer Europe","isPartOf":{"@id":"https:\/\/transfereurope.com\/sk\/#website"},"primaryImageOfPage":{"@id":"https:\/\/transfereurope.com\/sk\/destinacie\/vieden\/transfery-z-viedne-do-letiska-vieden\/#primaryimage"},"image":{"@id":"https:\/\/transfereurope.com\/sk\/destinacie\/vieden\/transfery-z-viedne-do-letiska-vieden\/#primaryimage"},"thumbnailUrl":"https:\/\/transfereurope.com\/wp-content\/uploads\/2025\/08\/Europe-Destinations-Transfers-1779-2-1.jpg","datePublished":"2025-08-04T22:31:04+00:00","description":"Transfer z Viedne do viedensk\u00e9ho letiska s vodi\u010dom. Objednajte si transfer z Viedne do viedensk\u00e9ho letiska na Transfer Europe \u2714 Ve\u013ek\u00fd vozov\u00fd park \u2714 Profesion\u00e1lni vodi\u010di \u260e + 421 951 460 615","breadcrumb":{"@id":"https:\/\/transfereurope.com\/sk\/destinacie\/vieden\/transfery-z-viedne-do-letiska-vieden\/#breadcrumb"},"inLanguage":"sk-SK","potentialAction":[{"@type":"ReadAction","target":["https:\/\/transfereurope.com\/sk\/destinacie\/vieden\/transfery-z-viedne-do-letiska-vieden\/"]}]},{"@type":"ImageObject","inLanguage":"sk-SK","@id":"https:\/\/transfereurope.com\/sk\/destinacie\/vieden\/transfery-z-viedne-do-letiska-vieden\/#primaryimage","url":"https:\/\/transfereurope.com\/wp-content\/uploads\/2025\/08\/Europe-Destinations-Transfers-1779-2-1.jpg","contentUrl":"https:\/\/transfereurope.com\/wp-content\/uploads\/2025\/08\/Europe-Destinations-Transfers-1779-2-1.jpg","width":1500,"height":2000},{"@type":"BreadcrumbList","@id":"https:\/\/transfereurope.com\/sk\/destinacie\/vieden\/transfery-z-viedne-do-letiska-vieden\/#breadcrumb","itemListElement":[{"@type":"ListItem","position":1,"name":"Home","item":"https:\/\/transfereurope.com\/sk\/"},{"@type":"ListItem","position":2,"name":"Transfery z Viedne do letiska Viede\u0148"}]},{"@type":"WebSite","@id":"https:\/\/transfereurope.com\/sk\/#website","url":"https:\/\/transfereurope.com\/sk\/","name":"transfereurope","description":"","publisher":{"@id":"https:\/\/transfereurope.com\/sk\/#organization"},"potentialAction":[{"@type":"SearchAction","target":{"@type":"EntryPoint","urlTemplate":"https:\/\/transfereurope.com\/sk\/?s={search_term_string}"},"query-input":{"@type":"PropertyValueSpecification","valueRequired":true,"valueName":"search_term_string"}}],"inLanguage":"sk-SK"},{"@type":"Organization","@id":"https:\/\/transfereurope.com\/sk\/#organization","name":"transfereurope","url":"https:\/\/transfereurope.com\/sk\/","logo":{"@type":"ImageObject","inLanguage":"sk-SK","@id":"https:\/\/transfereurope.com\/sk\/#\/schema\/logo\/image\/","url":"https:\/\/transfereurope.com\/wp-content\/uploads\/2025\/08\/TRANSFERS-1655.png","contentUrl":"https:\/\/transfereurope.com\/wp-content\/uploads\/2025\/08\/TRANSFERS-1655.png","width":500,"height":274,"caption":"transfereurope"},"image":{"@id":"https:\/\/transfereurope.com\/sk\/#\/schema\/logo\/image\/"}}]}},"_links":{"self":[{"href":"https:\/\/transfereurope.com\/sk\/wp-json\/wp\/v2\/pages\/30370","targetHints":{"allow":["GET"]}}],"collection":[{"href":"https:\/\/transfereurope.com\/sk\/wp-json\/wp\/v2\/pages"}],"about":[{"href":"https:\/\/transfereurope.com\/sk\/wp-json\/wp\/v2\/types\/page"}],"author":[{"embeddable":true,"href":"https:\/\/transfereurope.com\/sk\/wp-json\/wp\/v2\/users\/1"}],"replies":[{"embeddable":true,"href":"https:\/\/transfereurope.com\/sk\/wp-json\/wp\/v2\/comments?post=30370"}],"version-history":[{"count":0,"href":"https:\/\/transfereurope.com\/sk\/wp-json\/wp\/v2\/pages\/30370\/revisions"}],"up":[{"embeddable":true,"href":"https:\/\/transfereurope.com\/sk\/wp-json\/wp\/v2\/pages\/18891"}],"wp:featuredmedia":[{"embeddable":true,"href":"https:\/\/transfereurope.com\/sk\/wp-json\/wp\/v2\/media\/30371"}],"wp:attachment":[{"href":"https:\/\/transfereurope.com\/sk\/wp-json\/wp\/v2\/media?parent=30370"}],"curies":[{"name":"wp","href":"https:\/\/api.w.org\/{rel}","templated":true}]}}