{"id":30271,"date":"2025-08-04T22:30:18","date_gmt":"2025-08-04T22:30:18","guid":{"rendered":"https:\/\/transfereurope.com\/transfer-z-viedne-na-bratislavske-letisko\/"},"modified":"2025-08-04T22:30:18","modified_gmt":"2025-08-04T22:30:18","slug":"transfer-z-viedne-na-bratislavske-letisko","status":"publish","type":"page","link":"https:\/\/transfereurope.com\/sk\/destinacie\/vieden\/transfer-z-viedne-na-bratislavske-letisko\/","title":{"rendered":"Transfer z Viedne na bratislavsk\u00e9 letisko"},"content":{"rendered":"\n<div id=\"t4-masthead\" class=\"t4-section  t4-masthead\">\n<div class=\"t4-col text-center\">\n<div class=\"ja-masthead\" >\n<div class=\"ja-masthead-detail\">\n<h1 class=\"ja-masthead-title\">Transfer z Viedne na bratislavsk\u00e9 letisko<\/h1>\n<p>                 <!---->            <\/p>\n<div class=\"block-breadcrumb\">\n<div class=\"moduletable\">\n<div aria-label=\"Breadcrumbs\" role=\"navigation\">\n<ul  class=\"breadcrumb\">\n<li class=\"active\"> \t\t\t\t<span class=\"fas fa-map-marker-alt home-map\"><\/span> \t\t\t<\/li>\n<li itemprop='itemListElement' > \t\t\t\t\t\t\t\t\t\t\t<a  href=\"\/sk\/\" class=\"pathway\"><span itemprop=\"name\">Hlavn\u00e1 str\u00e1nka<\/span><\/a> \t\t\t\t\t \t\t\t\t\t\t\t\t\t\t\t<span class=\"divider\"> \t\t\t\t\t\t\t<i class=\"fa fa-angle-double-right\" aria-hidden=\"true\"><\/i> \t\t\t\t\t\t<\/span> \t\t\t\t\t\t\t\t\t\t<meta  content=\"1\"> \t\t\t\t<\/li>\n<li itemprop='itemListElement' > \t\t\t\t\t\t\t\t\t\t\t<a  href=\"\/sk\/destinacie\" class=\"pathway\"><span itemprop=\"name\">Destin\u00e1cie<\/span><\/a> \t\t\t\t\t \t\t\t\t\t\t\t\t\t\t\t<span class=\"divider\"> \t\t\t\t\t\t\t<i class=\"fa fa-angle-double-right\" aria-hidden=\"true\"><\/i> \t\t\t\t\t\t<\/span> \t\t\t\t\t\t\t\t\t\t<meta  content=\"2\"> \t\t\t\t<\/li>\n<li itemprop='itemListElement' > \t\t\t\t\t\t\t\t\t\t\t<a  href=\"\/sk\/destinacie\/vieden\" class=\"pathway\"><span itemprop=\"name\">Viede\u0148<\/span><\/a> \t\t\t\t\t \t\t\t\t\t\t\t\t\t\t\t<span class=\"divider\"> \t\t\t\t\t\t\t<i class=\"fa fa-angle-double-right\" aria-hidden=\"true\"><\/i> \t\t\t\t\t\t<\/span> \t\t\t\t\t\t\t\t\t\t<meta  content=\"3\"> \t\t\t\t<\/li>\n<li   class=\"active\"> \t\t\t\t\t<span itemprop=\"name\"> \t\t\t\t\t\tTransfer z Viedne na bratislavsk\u00e9 letisko\t\t\t\t\t<\/span> \t\t\t\t\t<meta  content=\"4\"> \t\t\t\t<\/li>\n<\/ul><\/div>\n<\/p><\/div>\n<\/p><\/div>\n<\/p><\/div>\n<\/p><\/div>\n<pre><\/pre>\n<\/div>\n<\/div>\n<div id=\"t4-main-body\" class=\"t4-section  t4-main-body\" role=\"main body\">\n<div class=\"t4-section-inner container\">\n<div class=\"t4-row row\">\n<div class=\"t4-col col-12 col-xl\">\n<div id=\"system-message-container\"> \t<\/div>\n<p>       <script type=\"text\/javascript\" ><\/script> <\/p>\n<div class=\"com-content-article item-page view-tour-detail\">\n<div class=\"tour-top-info clearfix\">\n<div class=\"pull-left\">\n<div class=\"category-article-dot\">\n<div class=\"category-name\"> \t\t\t\t\t<a href=\"\/sk\/destinacie\/vieden\" itemprop=\"genre\">Transfery Viede\u0148<\/a> \t\t\t\t<\/div>\n<\/p><\/div>\n<\/p><\/div>\n<div class=\"pull-right\">\n<div class=\"text-danger tour-price\"> \t\t\t\t\t\t<a href=\"\/sk\/rezervovat-transfer\">Rezervova\u0165<\/a><\/div>\n<\/p><\/div>\n<\/p><\/div>\n<p>  \t <!--\t-->  \t<\/p>\n<div class=\"vm-product-container\">\n<figure class=\"pull-left item-image\">\n<div class=\"main-image\"> \t\t<a title=\"Vienna city to Bratislava Airport Transfer Service\" rel='vm-additional-images' href=\"\/images\/virtuemart\/product\/Europe Destinations Transfers (4)87.jpg\"><img decoding=\"async\"  loading=\"lazy\"  src=\"\/wp-content\/uploads\/2025\/08\/Europe-Destinations-Transfers-487-2.jpg\"  alt=\"Vienna city to Bratislava Airport Transfer Service\"  \/><\/a>\t\t<\/p>\n<div class=\"clear\"><\/div>\n<\/p><\/div>\n<\/figure>\n<div class=\"vm-product-details-container\">\n<div class=\"spacer-buy-area\">    \t\t \t\t<\/div>\n<\/p><\/div>\n<div class=\"clear\"><\/div>\n<\/p><\/div>\n<div class=\"product-description\" >\n<p>Vitajte na str\u00e1nkach hlavnej slu\u017eby transferu z Viedne na letisko v Bratislave! Ke\u010f ide o spo\u013eahliv\u00fa prepravu, m\u00e1me pre v\u00e1s v\u0161etko. \u010ci u\u017e ste cestovate\u013e, ktor\u00fd h\u013ead\u00e1 cestu bez stresu, alebo obchodn\u00fd pracovn\u00edk, ktor\u00fd h\u013ead\u00e1 bezprobl\u00e9mov\u00fa jazdu, na\u0161a slu\u017eba pren\u00e1jmu auta a s\u00fakromn\u00e9ho vodi\u010da je ide\u00e1lnou vo\u013ebou pre hladk\u00fd a pohodln\u00fd z\u00e1\u017eitok z prepravy.<\/p>\n<p>Na\u0161a slu\u017eba transferu z Viedne na letisko Bratislava sa star\u00e1 o to, aby bola va\u0161a cesta pohodln\u00e1 a bezprobl\u00e9mov\u00e1. V\u010faka vozov\u00e9mu parku dobre udr\u017eiavan\u00fdch a luxusn\u00fdch vozidiel sa m\u00f4\u017eete pohodlne usadi\u0165 a relaxova\u0165, zatia\u013e \u010do n\u00e1\u0161 s\u00fakromn\u00fd vodi\u010d sa postar\u00e1 o to, aby ste do cie\u013ea dorazili vo ve\u013ekom \u0161t\u00fdle. U\u017e nemus\u00edte \u010daka\u0165 v dlh\u00fdch radoch na verejn\u00fa dopravu alebo rie\u0161i\u0165 zlo\u017eit\u00e9 navigovanie v nezn\u00e1mom meste &#8211; postar\u00e1me sa o v\u00e1s od za\u010diatku a\u017e do konca.<\/p>\n<p style=\"text-align: center;\"><a class=\"btn btn-primary\" href=\"\/sk\/rezervovat-transfer-z-na-letisko\">Rezervova\u0165<\/a><\/p>\n<h2 style=\"text-align: center;\"><b>Pre\u010do si vybra\u0165 na\u0161u slu\u017ebu transferu z Viedne na letisko Bratislava?<\/b><\/h2>\n<ul>\n<li style=\"font-weight: 400;\"><strong>Pohodlie:<\/strong> Ch\u00e1peme d\u00f4le\u017eitos\u0165 \u010dasu a pohodlia. N\u00e1\u0161 s\u00fakromn\u00fd vodi\u010d v\u00e1s vyzdvihne na po\u017eadovanom mieste vo Viedni a odvezie v\u00e1s priamo na bratislavsk\u00e9 letisko, aby ste sa v\u010das dostavili na svoj let.<\/li>\n<li style=\"font-weight: 400;\"><strong>Komfort:<\/strong> Na\u0161e vozidl\u00e1 s\u00fa starostlivo udr\u017eiavan\u00e9, aby v\u00e1m po\u010das cesty poskytli maxim\u00e1lny komfort. Odd\u00fdchnite si v ply\u0161ovom interi\u00e9ri na\u0161ich vozidiel a u\u017eite si jazdu bez stresu.<\/li>\n<li style=\"font-weight: 400;\"><strong>Profesion\u00e1lni vodi\u010di:<\/strong> Na\u0161i s\u00fakromn\u00ed vodi\u010di s\u00fa sk\u00fasen\u00ed, zdvoril\u00ed a znal\u00ed. Ich cie\u013eom je, aby bola va\u0161a cesta pr\u00edjemn\u00e1 a bezpe\u010dn\u00e1.<\/li>\n<li style=\"font-weight: 400;\"><strong>Konkuren\u010dn\u00e9 ceny:<\/strong> Pon\u00fakame konkurencieschopn\u00e9 ceny za n\u00e1\u0161 \u0161pi\u010dkov\u00fd pren\u00e1jom vozidiel a slu\u017eby s\u00fakromn\u00fdch vodi\u010dov, \u010d\u00edm zabezpe\u010dujeme, \u017ee kvalitn\u00e1 preprava nezruinuje banku.<\/li>\n<li style=\"font-weight: 400;\"><strong>Slu\u017eby na mieru:<\/strong> Va\u0161e potreby s\u00fa na\u0161ou prioritou. \u010ci u\u017e cestujete sami alebo so skupinou, m\u00e1me k dispoz\u00edcii cel\u00fd rad vozidiel, ktor\u00e9 sa prisp\u00f4sobia ve\u013ekosti va\u0161ej partie a po\u017eiadavk\u00e1m na bato\u017einu.<\/li>\n<\/ul>\n<h2 style=\"text-align: center;\">\u00a0<\/h2>\n<h2 style=\"text-align: center;\"><b>Rezerv\u00e1cia transferu z mesta Viede\u0148 na letisko Bratislava\u00a0<\/b><\/h2>\n<p>Rezerv\u00e1cia transferu z Viedne na letisko v Bratislave je jednoduch\u00e1 a zvl\u00e1dnete ju na p\u00e1r kliknut\u00ed. Nechajte n\u00e1s postara\u0165 sa o va\u0161e prepravn\u00e9 potreby, zatia\u013e \u010do vy sa s\u00fastred\u00edte na vychutn\u00e1vanie si cesty.<\/p>\n<p>Vyberte si n\u00e1s pre svoju \u010fal\u0161iu cestu a za\u017eite tie najlep\u0161ie slu\u017eby s\u00fakromn\u00e9ho vodi\u010da a pren\u00e1jmu auta pre va\u0161u prepravu z Viedne na letisko v Bratislave. Sme tu, aby sme v\u00e1m zabezpe\u010dili pohodln\u00e9, efekt\u00edvne a bezstresov\u00e9 cestovanie. Za\u010dnite svoju cestu s nami e\u0161te dnes!<\/p>\n<p style=\"text-align: center;\"><a class=\"btn btn-primary\" href=\"\/sk\/rezervovat-transfer-z-na-letisko\">Rezervova\u0165<\/a><\/p>\n<h2 style=\"text-align: center;\"><b>Ako sa dosta\u0165 z mesta Viede\u0148 na letisko Bratislava<\/b><\/h2>\n<p>Cesta z Viedne na bratislavsk\u00e9 letisko je jednoduch\u00e1 a pohodln\u00e1, pri\u010dom m\u00e1te k dispoz\u00edcii nieko\u013eko mo\u017enost\u00ed dopravy pod\u013ea va\u0161ich preferenci\u00ed. Tu je jednoduch\u00fd sprievodca, ako t\u00fato cestu uskuto\u010dni\u0165:<\/p>\n<h3>Slu\u017eby kyvadlovej dopravy<\/h3>\n<p>Jedn\u00fdm z najpohodlnej\u0161\u00edch sp\u00f4sobov dopravy z Viedne na bratislavsk\u00e9 letisko je vyu\u017eitie kyvadlovej dopravy. Pravideln\u00fa dopravu medzi Vied\u0148ou a letiskom zabezpe\u010duj\u00fa viacer\u00e9 kyvadlov\u00e9 spolo\u010dnosti, ktor\u00e9 pon\u00fakaj\u00fa pohodln\u00fa a priamu prepravu. Tieto kyvadlov\u00e9 autobusy \u010dasto prem\u00e1vaj\u00fa pod\u013ea pevn\u00e9ho cestovn\u00e9ho poriadku, v\u010faka \u010domu si m\u00f4\u017eete cestu \u013eahko napl\u00e1nova\u0165 vopred.<\/p>\n<h3>S\u00fakromn\u00e9 auto alebo tax\u00edk<\/h3>\n<p>Ak d\u00e1vate prednos\u0165 flexibilnej\u0161ej a individu\u00e1lnej\u0161ej mo\u017enosti dopravy, m\u00f4\u017eete si prenaja\u0165 s\u00fakromn\u00e9 auto alebo si vzia\u0165 tax\u00edk. Mnoh\u00e9 spolo\u010dnosti a vodi\u010di pon\u00fakaj\u00fa s\u00fakromn\u00e9 transfery z mesta Viede\u0148 na letisko v Bratislave. T\u00e1to mo\u017enos\u0165 je ide\u00e1lna, ak m\u00e1te \u0161pecifick\u00e9 \u010dasov\u00e9 po\u017eiadavky alebo ve\u013ea bato\u017einy.<\/p>\n<h3>Verejn\u00e1 doprava<\/h3>\n<p>\u010eal\u0161ou mo\u017enos\u0165ou je vyu\u017ei\u0165 verejn\u00fa dopravu. Z Viedne do Bratislavy m\u00f4\u017eete \u00eds\u0165 vlakom alebo autobusom a potom sa presun\u00fa\u0165 na letisko. Hoci t\u00e1to mo\u017enos\u0165 m\u00f4\u017ee by\u0165 cenovo v\u00fdhodnej\u0161ia, m\u00f4\u017ee by\u0165 menej pohodln\u00e1 z h\u013eadiska \u010dasu cestovania a manipul\u00e1cie s bato\u017einou.<\/p>\n<p>\u00a0<\/p>\n<h3>Po\u017ei\u010dov\u0148a \u00e1ut<\/h3>\n<p>Ak rad\u0161ej \u0161of\u00e9rujete sami, m\u00f4\u017eete si po\u017ei\u010da\u0165 auto vo Viedni a odviez\u0165 sa na bratislavsk\u00e9 letisko. Cesta je dlh\u00e1 pribli\u017ene 60 kilometrov a trv\u00e1 pribli\u017ene jednu hodinu v z\u00e1vislosti od dopravn\u00fdch podmienok.<\/p>\n<h3>Aplik\u00e1cie na zdie\u013eanie jazdy<\/h3>\n<p>Na tejto trase m\u00f4\u017eu by\u0165 k dispoz\u00edcii aj aplik\u00e1cie na zdie\u013eanie jazdy, ako je Uber, alebo miestne alternat\u00edvy, ktor\u00e9 pon\u00fakaj\u00fa modernej\u0161\u00ed a pou\u017e\u00edvate\u013esky pr\u00edvetivej\u0161\u00ed sp\u00f4sob dopravy.<\/p>\n<h3>Slu\u017eby letiskov\u00e9ho transferu<\/h3>\n<p>Mnoh\u00e9 letiskov\u00e9 transferov\u00e9 slu\u017eby pon\u00fakaj\u00fa s\u00fakromn\u00fa prepravu z Viedne na bratislavsk\u00e9 letisko. Tieto slu\u017eby \u010dasto poskytuj\u00fa profesion\u00e1lnych vodi\u010dov a pohodln\u00e9 vozidl\u00e1 pre bezprobl\u00e9mov\u00fa cestu.<\/p>\n<p style=\"text-align: center;\"><a class=\"btn btn-primary\" href=\"\/sk\/rezervovat-transfer-z-na-letisko\">Rezervova\u0165<\/a><\/p>\n<p style=\"text-align: left;\">Ak si chcete vybra\u0165 najlep\u0161iu mo\u017enos\u0165 pre svoju cestu z Viedne na letisko v Bratislave, zv\u00e1\u017ete faktory, ako je v\u00e1\u0161 rozpo\u010det, \u010das cesty a osobn\u00e9 preferencie. Odpor\u00fa\u010da sa rezervova\u0165 si dopravu vopred, najm\u00e4 po\u010das ru\u0161n\u00fdch cestovn\u00fdch sez\u00f3n, aby ste si zabezpe\u010dili hladk\u00fd a v\u010dasn\u00fd transfer na letisko. Bezpe\u010dn\u00e9 cestovanie!<\/p>\n<\/p><\/div>\n<div class=\"product-price-container\">\n<div class=\"sale-price\"> \t\t<\/div>\n<\/p><\/div>\n<div class=\"options\"><\/div>\n<div> \t\t<\/div>\n<p>   \t  <script type=\"text\/javascript\" ><\/script>  <script type=\"text\/javascript\" ><\/script>  <script type=\"text\/javascript\" ><\/script> <script type=\"text\/javascript\" ><\/script> <script type=\"text\/javascript\" ><\/script> <script type=\"text\/javascript\" ><\/script> <\/div>\n<p> \t\t<!-- \u041f\u043b\u0430\u0433\u0438\u043d \u0440\u0435\u0439\u0442\u0438\u043d\u0433\u0430 --> <\/p>\n<div class=\"vrvote-body\">\n<ul class=\"vrvote-ul\">\n<li id=\"rating_12\" class=\"current-rating\" style=\"width:99.09%;\"><\/li>\n<li> \t\t\t\t\t\t<a class=\"vr-one-star\" onclick=\"javascript:JSVRvote(12,1,218,44,0)\" href=\"javascript:void(null)\">1<\/a> \t\t\t\t\t<\/li>\n<li> \t\t\t\t\t\t<a class=\"vr-two-stars\" onclick=\"javascript:JSVRvote(12,2,218,44,0)\" href=\"javascript:void(null)\">2<\/a> \t\t\t\t\t<\/li>\n<li> \t\t\t\t\t\t<a class=\"vr-three-stars\" onclick=\"javascript:JSVRvote(12,3,218,44,0)\" href=\"javascript:void(null)\">3<\/a> \t\t\t\t\t<\/li>\n<li> \t\t\t\t\t\t<a class=\"vr-four-stars\" onclick=\"javascript:JSVRvote(12,4,218,44,0)\" href=\"javascript:void(null)\">4<\/a> \t\t\t\t\t<\/li>\n<li> \t\t\t\t\t\t<a class=\"vr-five-stars\" onclick=\"javascript:JSVRvote(12,5,218,44,0)\" href=\"javascript:void(null)\">5<\/a> \t\t\t\t\t<\/li>\n<\/ul><\/div>\n<p> \t\t\t<span id=\"vrvote_12\" class=\"vrvote-count\"><small><\/small><\/span>\t<\/span><script type=\"application\/ld+json\"><\/script>   <\/div>\n<div class=\"t4-col sidebar-r col-12 col-xl-4\">\n<div class=\"t4-module module\" id=\"Mod306\">\n<div class=\"module-inner\">\n<div class=\"module-ct\">\n<div class=\"bannergroup\">\n<div class=\"banneritem\"> \t\t\t\t\t\t\t\t\t\t\t\t\t\t\t\t\t\t\t\t\t\t\t\t\t\t\t\t\t\t\t\t\t\t\t\t\t\t\t\t\t\t\t\t\t\t\t\t\t\t<img \t\t\t\t\t\tsrc=\"\/wp-content\/uploads\/2025\/08\/banner-transfer-europe-sk-56.png\" \t\t\t\t\t\talt=\"Banner-sk\" \t\t\t\t\t\t\t\t\t\t\t\t\t\t\t\t\t\/> \t\t\t\t\t\t\t\t\t\t\t<\/p>\n<div class=\"clr\"><\/div>\n<\/p><\/div>\n<\/p><\/div>\n<\/p><\/div>\n<\/div>\n<\/div><\/div>\n<\/p><\/div>\n<\/div><\/div>\n<div id=\"t4-section-8\" class=\"t4-section  t4-section-8  section-border-top\" role=\"section-8\">\n<div class=\"bg-overlay bg-overlay-image\">&nbsp;<\/div>\n<\/p><\/div>\n<p>  <a href='javascript:' id='back-to-top'><i class='fa fa-chevron-up'><\/i><\/a>                <\/p>\n","protected":false},"excerpt":{"rendered":"<p>Transfer z Viedne na bratislavsk\u00e9 letisko Hlavn\u00e1 str\u00e1nka Destin\u00e1cie Viede\u0148 Transfer z Viedne na bratislavsk\u00e9 letisko Transfery Viede\u0148 Rezervova\u0165 Vitajte na str\u00e1nkach hlavnej slu\u017eby transferu z Viedne na letisko v Bratislave! Ke\u010f ide o spo\u013eahliv\u00fa prepravu, m\u00e1me pre v\u00e1s v\u0161etko. \u010ci u\u017e ste cestovate\u013e, ktor\u00fd h\u013ead\u00e1 cestu bez stresu, alebo obchodn\u00fd pracovn\u00edk, ktor\u00fd h\u013ead\u00e1 bezprobl\u00e9mov\u00fa [&hellip;]<\/p>\n","protected":false},"author":1,"featured_media":30272,"parent":18891,"menu_order":0,"comment_status":"closed","ping_status":"closed","template":"","meta":{"footnotes":""},"class_list":["post-30271","page","type-page","status-publish","has-post-thumbnail","hentry"],"yoast_head":"<!-- This site is optimized with the Yoast SEO plugin v25.6 - https:\/\/yoast.com\/wordpress\/plugins\/seo\/ -->\n<title>Transfer z Viedne na bratislavsk\u00e9 letisko s vodi\u010dom - Transfer Europe<\/title>\n<meta name=\"description\" content=\"Transferov\u00e1 objedn\u00e1vka \u201eLetisko Viede\u0148 - Bratislava\u201c s osobn\u00fdm vodi\u010dom. Transfer z Viedne na bratislavsk\u00e9 letisko, Transfer Europe \u2714 Ve\u013ek\u00fd vozov\u00fd park \u2714 Profesion\u00e1lni vodi\u010di \u260e + 421 951 460 615\" \/>\n<meta name=\"robots\" content=\"index, follow, max-snippet:-1, max-image-preview:large, max-video-preview:-1\" \/>\n<link rel=\"canonical\" href=\"https:\/\/transfereurope.com\/sk\/destinacie\/vieden\/transfer-z-viedne-na-bratislavske-letisko\/\" \/>\n<meta property=\"og:locale\" content=\"sk_SK\" \/>\n<meta property=\"og:type\" content=\"article\" \/>\n<meta property=\"og:title\" content=\"Transfer z Viedne na bratislavsk\u00e9 letisko s vodi\u010dom - Transfer Europe\" \/>\n<meta property=\"og:description\" content=\"Transferov\u00e1 objedn\u00e1vka \u201eLetisko Viede\u0148 - Bratislava\u201c s osobn\u00fdm vodi\u010dom. Transfer z Viedne na bratislavsk\u00e9 letisko, Transfer Europe \u2714 Ve\u013ek\u00fd vozov\u00fd park \u2714 Profesion\u00e1lni vodi\u010di \u260e + 421 951 460 615\" \/>\n<meta property=\"og:url\" content=\"https:\/\/transfereurope.com\/sk\/destinacie\/vieden\/transfer-z-viedne-na-bratislavske-letisko\/\" \/>\n<meta property=\"og:site_name\" content=\"transfereurope\" \/>\n<meta property=\"og:image\" content=\"https:\/\/transfereurope.com\/wp-content\/uploads\/2025\/08\/Europe-Destinations-Transfers-487-2-1.jpg\" \/>\n\t<meta property=\"og:image:width\" content=\"1500\" \/>\n\t<meta property=\"og:image:height\" content=\"2000\" \/>\n\t<meta property=\"og:image:type\" content=\"image\/jpeg\" \/>\n<meta name=\"twitter:card\" content=\"summary_large_image\" \/>\n<meta name=\"twitter:label1\" content=\"Predpokladan\u00fd \u010das \u010d\u00edtania\" \/>\n\t<meta name=\"twitter:data1\" content=\"5 min\u00fat\" \/>\n<script type=\"application\/ld+json\" class=\"yoast-schema-graph\">{\"@context\":\"https:\/\/schema.org\",\"@graph\":[{\"@type\":\"WebPage\",\"@id\":\"https:\/\/transfereurope.com\/sk\/destinacie\/vieden\/transfer-z-viedne-na-bratislavske-letisko\/\",\"url\":\"https:\/\/transfereurope.com\/sk\/destinacie\/vieden\/transfer-z-viedne-na-bratislavske-letisko\/\",\"name\":\"Transfer z Viedne na bratislavsk\u00e9 letisko s vodi\u010dom - Transfer Europe\",\"isPartOf\":{\"@id\":\"https:\/\/transfereurope.com\/sk\/#website\"},\"primaryImageOfPage\":{\"@id\":\"https:\/\/transfereurope.com\/sk\/destinacie\/vieden\/transfer-z-viedne-na-bratislavske-letisko\/#primaryimage\"},\"image\":{\"@id\":\"https:\/\/transfereurope.com\/sk\/destinacie\/vieden\/transfer-z-viedne-na-bratislavske-letisko\/#primaryimage\"},\"thumbnailUrl\":\"https:\/\/transfereurope.com\/wp-content\/uploads\/2025\/08\/Europe-Destinations-Transfers-487-2-1.jpg\",\"datePublished\":\"2025-08-04T22:30:18+00:00\",\"description\":\"Transferov\u00e1 objedn\u00e1vka \u201eLetisko Viede\u0148 - Bratislava\u201c s osobn\u00fdm vodi\u010dom. Transfer z Viedne na bratislavsk\u00e9 letisko, Transfer Europe \u2714 Ve\u013ek\u00fd vozov\u00fd park \u2714 Profesion\u00e1lni vodi\u010di \u260e + 421 951 460 615\",\"breadcrumb\":{\"@id\":\"https:\/\/transfereurope.com\/sk\/destinacie\/vieden\/transfer-z-viedne-na-bratislavske-letisko\/#breadcrumb\"},\"inLanguage\":\"sk-SK\",\"potentialAction\":[{\"@type\":\"ReadAction\",\"target\":[\"https:\/\/transfereurope.com\/sk\/destinacie\/vieden\/transfer-z-viedne-na-bratislavske-letisko\/\"]}]},{\"@type\":\"ImageObject\",\"inLanguage\":\"sk-SK\",\"@id\":\"https:\/\/transfereurope.com\/sk\/destinacie\/vieden\/transfer-z-viedne-na-bratislavske-letisko\/#primaryimage\",\"url\":\"https:\/\/transfereurope.com\/wp-content\/uploads\/2025\/08\/Europe-Destinations-Transfers-487-2-1.jpg\",\"contentUrl\":\"https:\/\/transfereurope.com\/wp-content\/uploads\/2025\/08\/Europe-Destinations-Transfers-487-2-1.jpg\",\"width\":1500,\"height\":2000},{\"@type\":\"BreadcrumbList\",\"@id\":\"https:\/\/transfereurope.com\/sk\/destinacie\/vieden\/transfer-z-viedne-na-bratislavske-letisko\/#breadcrumb\",\"itemListElement\":[{\"@type\":\"ListItem\",\"position\":1,\"name\":\"Home\",\"item\":\"https:\/\/transfereurope.com\/sk\/\"},{\"@type\":\"ListItem\",\"position\":2,\"name\":\"Transfer z Viedne na bratislavsk\u00e9 letisko\"}]},{\"@type\":\"WebSite\",\"@id\":\"https:\/\/transfereurope.com\/sk\/#website\",\"url\":\"https:\/\/transfereurope.com\/sk\/\",\"name\":\"transfereurope\",\"description\":\"\",\"publisher\":{\"@id\":\"https:\/\/transfereurope.com\/sk\/#organization\"},\"potentialAction\":[{\"@type\":\"SearchAction\",\"target\":{\"@type\":\"EntryPoint\",\"urlTemplate\":\"https:\/\/transfereurope.com\/sk\/?s={search_term_string}\"},\"query-input\":{\"@type\":\"PropertyValueSpecification\",\"valueRequired\":true,\"valueName\":\"search_term_string\"}}],\"inLanguage\":\"sk-SK\"},{\"@type\":\"Organization\",\"@id\":\"https:\/\/transfereurope.com\/sk\/#organization\",\"name\":\"transfereurope\",\"url\":\"https:\/\/transfereurope.com\/sk\/\",\"logo\":{\"@type\":\"ImageObject\",\"inLanguage\":\"sk-SK\",\"@id\":\"https:\/\/transfereurope.com\/sk\/#\/schema\/logo\/image\/\",\"url\":\"https:\/\/transfereurope.com\/wp-content\/uploads\/2025\/08\/TRANSFERS-1655.png\",\"contentUrl\":\"https:\/\/transfereurope.com\/wp-content\/uploads\/2025\/08\/TRANSFERS-1655.png\",\"width\":500,\"height\":274,\"caption\":\"transfereurope\"},\"image\":{\"@id\":\"https:\/\/transfereurope.com\/sk\/#\/schema\/logo\/image\/\"}}]}<\/script>\n<!-- \/ Yoast SEO plugin. -->","yoast_head_json":{"title":"Transfer z Viedne na bratislavsk\u00e9 letisko s vodi\u010dom - Transfer Europe","description":"Transferov\u00e1 objedn\u00e1vka \u201eLetisko Viede\u0148 - Bratislava\u201c s osobn\u00fdm vodi\u010dom. Transfer z Viedne na bratislavsk\u00e9 letisko, Transfer Europe \u2714 Ve\u013ek\u00fd vozov\u00fd park \u2714 Profesion\u00e1lni vodi\u010di \u260e + 421 951 460 615","robots":{"index":"index","follow":"follow","max-snippet":"max-snippet:-1","max-image-preview":"max-image-preview:large","max-video-preview":"max-video-preview:-1"},"canonical":"https:\/\/transfereurope.com\/sk\/destinacie\/vieden\/transfer-z-viedne-na-bratislavske-letisko\/","og_locale":"sk_SK","og_type":"article","og_title":"Transfer z Viedne na bratislavsk\u00e9 letisko s vodi\u010dom - Transfer Europe","og_description":"Transferov\u00e1 objedn\u00e1vka \u201eLetisko Viede\u0148 - Bratislava\u201c s osobn\u00fdm vodi\u010dom. Transfer z Viedne na bratislavsk\u00e9 letisko, Transfer Europe \u2714 Ve\u013ek\u00fd vozov\u00fd park \u2714 Profesion\u00e1lni vodi\u010di \u260e + 421 951 460 615","og_url":"https:\/\/transfereurope.com\/sk\/destinacie\/vieden\/transfer-z-viedne-na-bratislavske-letisko\/","og_site_name":"transfereurope","og_image":[{"width":1500,"height":2000,"url":"https:\/\/transfereurope.com\/wp-content\/uploads\/2025\/08\/Europe-Destinations-Transfers-487-2-1.jpg","type":"image\/jpeg"}],"twitter_card":"summary_large_image","twitter_misc":{"Predpokladan\u00fd \u010das \u010d\u00edtania":"5 min\u00fat"},"schema":{"@context":"https:\/\/schema.org","@graph":[{"@type":"WebPage","@id":"https:\/\/transfereurope.com\/sk\/destinacie\/vieden\/transfer-z-viedne-na-bratislavske-letisko\/","url":"https:\/\/transfereurope.com\/sk\/destinacie\/vieden\/transfer-z-viedne-na-bratislavske-letisko\/","name":"Transfer z Viedne na bratislavsk\u00e9 letisko s vodi\u010dom - Transfer Europe","isPartOf":{"@id":"https:\/\/transfereurope.com\/sk\/#website"},"primaryImageOfPage":{"@id":"https:\/\/transfereurope.com\/sk\/destinacie\/vieden\/transfer-z-viedne-na-bratislavske-letisko\/#primaryimage"},"image":{"@id":"https:\/\/transfereurope.com\/sk\/destinacie\/vieden\/transfer-z-viedne-na-bratislavske-letisko\/#primaryimage"},"thumbnailUrl":"https:\/\/transfereurope.com\/wp-content\/uploads\/2025\/08\/Europe-Destinations-Transfers-487-2-1.jpg","datePublished":"2025-08-04T22:30:18+00:00","description":"Transferov\u00e1 objedn\u00e1vka \u201eLetisko Viede\u0148 - Bratislava\u201c s osobn\u00fdm vodi\u010dom. Transfer z Viedne na bratislavsk\u00e9 letisko, Transfer Europe \u2714 Ve\u013ek\u00fd vozov\u00fd park \u2714 Profesion\u00e1lni vodi\u010di \u260e + 421 951 460 615","breadcrumb":{"@id":"https:\/\/transfereurope.com\/sk\/destinacie\/vieden\/transfer-z-viedne-na-bratislavske-letisko\/#breadcrumb"},"inLanguage":"sk-SK","potentialAction":[{"@type":"ReadAction","target":["https:\/\/transfereurope.com\/sk\/destinacie\/vieden\/transfer-z-viedne-na-bratislavske-letisko\/"]}]},{"@type":"ImageObject","inLanguage":"sk-SK","@id":"https:\/\/transfereurope.com\/sk\/destinacie\/vieden\/transfer-z-viedne-na-bratislavske-letisko\/#primaryimage","url":"https:\/\/transfereurope.com\/wp-content\/uploads\/2025\/08\/Europe-Destinations-Transfers-487-2-1.jpg","contentUrl":"https:\/\/transfereurope.com\/wp-content\/uploads\/2025\/08\/Europe-Destinations-Transfers-487-2-1.jpg","width":1500,"height":2000},{"@type":"BreadcrumbList","@id":"https:\/\/transfereurope.com\/sk\/destinacie\/vieden\/transfer-z-viedne-na-bratislavske-letisko\/#breadcrumb","itemListElement":[{"@type":"ListItem","position":1,"name":"Home","item":"https:\/\/transfereurope.com\/sk\/"},{"@type":"ListItem","position":2,"name":"Transfer z Viedne na bratislavsk\u00e9 letisko"}]},{"@type":"WebSite","@id":"https:\/\/transfereurope.com\/sk\/#website","url":"https:\/\/transfereurope.com\/sk\/","name":"transfereurope","description":"","publisher":{"@id":"https:\/\/transfereurope.com\/sk\/#organization"},"potentialAction":[{"@type":"SearchAction","target":{"@type":"EntryPoint","urlTemplate":"https:\/\/transfereurope.com\/sk\/?s={search_term_string}"},"query-input":{"@type":"PropertyValueSpecification","valueRequired":true,"valueName":"search_term_string"}}],"inLanguage":"sk-SK"},{"@type":"Organization","@id":"https:\/\/transfereurope.com\/sk\/#organization","name":"transfereurope","url":"https:\/\/transfereurope.com\/sk\/","logo":{"@type":"ImageObject","inLanguage":"sk-SK","@id":"https:\/\/transfereurope.com\/sk\/#\/schema\/logo\/image\/","url":"https:\/\/transfereurope.com\/wp-content\/uploads\/2025\/08\/TRANSFERS-1655.png","contentUrl":"https:\/\/transfereurope.com\/wp-content\/uploads\/2025\/08\/TRANSFERS-1655.png","width":500,"height":274,"caption":"transfereurope"},"image":{"@id":"https:\/\/transfereurope.com\/sk\/#\/schema\/logo\/image\/"}}]}},"_links":{"self":[{"href":"https:\/\/transfereurope.com\/sk\/wp-json\/wp\/v2\/pages\/30271","targetHints":{"allow":["GET"]}}],"collection":[{"href":"https:\/\/transfereurope.com\/sk\/wp-json\/wp\/v2\/pages"}],"about":[{"href":"https:\/\/transfereurope.com\/sk\/wp-json\/wp\/v2\/types\/page"}],"author":[{"embeddable":true,"href":"https:\/\/transfereurope.com\/sk\/wp-json\/wp\/v2\/users\/1"}],"replies":[{"embeddable":true,"href":"https:\/\/transfereurope.com\/sk\/wp-json\/wp\/v2\/comments?post=30271"}],"version-history":[{"count":0,"href":"https:\/\/transfereurope.com\/sk\/wp-json\/wp\/v2\/pages\/30271\/revisions"}],"up":[{"embeddable":true,"href":"https:\/\/transfereurope.com\/sk\/wp-json\/wp\/v2\/pages\/18891"}],"wp:featuredmedia":[{"embeddable":true,"href":"https:\/\/transfereurope.com\/sk\/wp-json\/wp\/v2\/media\/30272"}],"wp:attachment":[{"href":"https:\/\/transfereurope.com\/sk\/wp-json\/wp\/v2\/media?parent=30271"}],"curies":[{"name":"wp","href":"https:\/\/api.w.org\/{rel}","templated":true}]}}