{"id":30172,"date":"2025-08-04T22:29:33","date_gmt":"2025-08-04T22:29:33","guid":{"rendered":"https:\/\/transfereurope.com\/transfer-viedenske-letisko-bratislava\/"},"modified":"2025-08-04T22:29:33","modified_gmt":"2025-08-04T22:29:33","slug":"transfer-viedenske-letisko-bratislava","status":"publish","type":"page","link":"https:\/\/transfereurope.com\/sk\/destinacie\/vieden\/transfer-viedenske-letisko-bratislava\/","title":{"rendered":"Transfer z viedensk\u00e9ho letiska do Bratislavy"},"content":{"rendered":"\n<div id=\"t4-masthead\" class=\"t4-section  t4-masthead\">\n<div class=\"t4-col text-center\">\n<div class=\"ja-masthead\" >\n<div class=\"ja-masthead-detail\">\n<h1 class=\"ja-masthead-title\">Transfer z viedensk\u00e9ho letiska do Bratislavy<\/h1>\n<p>                 <!---->            <\/p>\n<div class=\"block-breadcrumb\">\n<div class=\"moduletable\">\n<div aria-label=\"Breadcrumbs\" role=\"navigation\">\n<ul  class=\"breadcrumb\">\n<li class=\"active\"> \t\t\t\t<span class=\"fas fa-map-marker-alt home-map\"><\/span> \t\t\t<\/li>\n<li itemprop='itemListElement' > \t\t\t\t\t\t\t\t\t\t\t<a  href=\"\/sk\/\" class=\"pathway\"><span itemprop=\"name\">Hlavn\u00e1 str\u00e1nka<\/span><\/a> \t\t\t\t\t \t\t\t\t\t\t\t\t\t\t\t<span class=\"divider\"> \t\t\t\t\t\t\t<i class=\"fa fa-angle-double-right\" aria-hidden=\"true\"><\/i> \t\t\t\t\t\t<\/span> \t\t\t\t\t\t\t\t\t\t<meta  content=\"1\"> \t\t\t\t<\/li>\n<li itemprop='itemListElement' > \t\t\t\t\t\t\t\t\t\t\t<a  href=\"\/sk\/destinacie\" class=\"pathway\"><span itemprop=\"name\">Destin\u00e1cie<\/span><\/a> \t\t\t\t\t \t\t\t\t\t\t\t\t\t\t\t<span class=\"divider\"> \t\t\t\t\t\t\t<i class=\"fa fa-angle-double-right\" aria-hidden=\"true\"><\/i> \t\t\t\t\t\t<\/span> \t\t\t\t\t\t\t\t\t\t<meta  content=\"2\"> \t\t\t\t<\/li>\n<li itemprop='itemListElement' > \t\t\t\t\t\t\t\t\t\t\t<a  href=\"\/sk\/destinacie\/vieden\" class=\"pathway\"><span itemprop=\"name\">Viede\u0148<\/span><\/a> \t\t\t\t\t \t\t\t\t\t\t\t\t\t\t\t<span class=\"divider\"> \t\t\t\t\t\t\t<i class=\"fa fa-angle-double-right\" aria-hidden=\"true\"><\/i> \t\t\t\t\t\t<\/span> \t\t\t\t\t\t\t\t\t\t<meta  content=\"3\"> \t\t\t\t<\/li>\n<li   class=\"active\"> \t\t\t\t\t<span itemprop=\"name\"> \t\t\t\t\t\tTransfer z viedensk\u00e9ho letiska do Bratislavy\t\t\t\t\t<\/span> \t\t\t\t\t<meta  content=\"4\"> \t\t\t\t<\/li>\n<\/ul><\/div>\n<\/p><\/div>\n<\/p><\/div>\n<\/p><\/div>\n<\/p><\/div>\n<pre><\/pre>\n<\/div>\n<\/div>\n<div id=\"t4-main-body\" class=\"t4-section  t4-main-body\" role=\"main body\">\n<div class=\"t4-section-inner container\">\n<div class=\"t4-row row\">\n<div class=\"t4-col col-12 col-xl\">\n<div id=\"system-message-container\"> \t<\/div>\n<p>       <script type=\"text\/javascript\" ><\/script> <\/p>\n<div class=\"com-content-article item-page view-tour-detail\">\n<div class=\"tour-top-info clearfix\">\n<div class=\"pull-left\">\n<div class=\"category-article-dot\">\n<div class=\"category-name\"> \t\t\t\t\t<a href=\"\/sk\/destinacie\/vieden\" itemprop=\"genre\">Transfery Viede\u0148<\/a> \t\t\t\t<\/div>\n<\/p><\/div>\n<\/p><\/div>\n<div class=\"pull-right\">\n<div class=\"text-danger tour-price\"> \t\t\t\t\t\t<a href=\"\/sk\/rezervovat-transfer\">Rezervova\u0165<\/a><\/div>\n<\/p><\/div>\n<\/p><\/div>\n<p>  \t <!--\t-->  \t<\/p>\n<div class=\"vm-product-container\">\n<figure class=\"pull-left item-image\">\n<div class=\"main-image\"> \t\t<a title=\"Vienna Airport to Bratislava Transfer Service\" rel='vm-additional-images' href=\"\/images\/virtuemart\/product\/Europe Destinations Transfers (1)68.jpg\"><img decoding=\"async\"  loading=\"lazy\"  src=\"\/wp-content\/uploads\/2025\/08\/Europe-Destinations-Transfers-168-2.jpg\"  alt=\"Vienna Airport to Bratislava Transfer Service\"  \/><\/a>\t\t<\/p>\n<div class=\"clear\"><\/div>\n<\/p><\/div>\n<\/figure>\n<div class=\"vm-product-details-container\">\n<div class=\"spacer-buy-area\">    \t\t \t\t<\/div>\n<\/p><\/div>\n<div class=\"clear\"><\/div>\n<\/p><\/div>\n<div class=\"product-description\" >\n<p>Vitajte na najpohodlnej\u0161om a najkomfortnej\u0161om sp\u00f4sobe cestovania z letiska Viede\u0148 do Bratislavy! N\u00e1\u0161 s\u00fakromn\u00fd transfer pon\u00faka bezprobl\u00e9mov\u00e9 a efekt\u00edvne rie\u0161enie prepravy medzi t\u00fdmito dvoma dynamick\u00fdmi eur\u00f3pskymi mestami.<\/p>\n<p style=\"text-align: center;\"><a class=\"btn btn-primary\" href=\"\/sk\/rezervovat-transfer-z-na-letisko\">Rezervova\u0165<\/a><\/p>\n<h2 style=\"text-align: center;\"><strong> Pre\u010do si vybra\u0165 na\u0161u slu\u017ebu transferu z letiska Viede\u0148 do Bratislavy?<\/strong><\/h2>\n<ul>\n<li style=\"font-weight: 400;\"><strong>S\u00fakromn\u00fd vodi\u010d:<\/strong> Ke\u010f si objedn\u00e1te na\u0161u slu\u017ebu transferu, budete ma\u0165 k dispoz\u00edcii profesion\u00e1lneho s\u00fakromn\u00e9ho vodi\u010da. Na\u0161i sk\u00fasen\u00ed vodi\u010di s\u00fa dobre obozn\u00e1men\u00ed s najlep\u0161\u00edmi trasami a miestnymi znalos\u0165ami, \u010do zaru\u010duje bezpe\u010dn\u00fa a pr\u00edjemn\u00fa cestu.<\/li>\n<li style=\"font-weight: 400;\"><strong>Pren\u00e1jom auta:<\/strong> Pon\u00fakame rozmanit\u00fd vozov\u00fd park, ktor\u00fd vyhovie va\u0161im potreb\u00e1m, \u010di u\u017e cestujete sami, so skupinou alebo m\u00e1te \u0161pecifick\u00e9 po\u017eiadavky. Na\u0161e dobre udr\u017eiavan\u00e9 vozidl\u00e1 s\u00fa \u010dist\u00e9, pohodln\u00e9 a vybaven\u00e9 tak, aby v\u00e1m spr\u00edjemnili cestu.<\/li>\n<li style=\"font-weight: 400;\"><strong>Pohodln\u00e1 preprava:<\/strong> Vyhnite sa probl\u00e9mom s navig\u00e1ciou vo verejnej doprave a u\u017eite si bezprobl\u00e9mov\u00fa prepravu od dver\u00ed k dver\u00e1m. Vyzdvihneme v\u00e1s priamo z viedensk\u00e9ho letiska a odvezieme v\u00e1s do v\u00e1\u0161ho cie\u013ea v Bratislave alebo naopak.<\/li>\n<li style=\"font-weight: 400;\"><strong>Spo\u013eahliv\u00e9 slu\u017eby:<\/strong> Dochv\u00ed\u013enos\u0165 a spo\u013eahlivos\u0165 s\u00fa na\u0161imi hlavn\u00fdmi prioritami. M\u00f4\u017eete n\u00e1m d\u00f4verova\u0165, \u017ee pr\u00eddeme na\u010das a doprav\u00edme v\u00e1s do cie\u013ea bez ak\u00e9hoko\u013evek me\u0161kania alebo stresu.<\/li>\n<li style=\"font-weight: 400;\"><strong>Cenovo dostupn\u00e9 ceny:<\/strong> Pon\u00fakame konkurencieschopn\u00e9 ceny za na\u0161e vysokokvalitn\u00e9 transferov\u00e9 slu\u017eby, \u010d\u00edm v\u00e1m zabezpe\u010d\u00edme vynikaj\u00facu hodnotu za va\u0161e peniaze.<\/li>\n<\/ul>\n<h2 style=\"text-align: center;\">\u00a0<\/h2>\n<h2 style=\"text-align: center;\"><span style=\"font-weight: 400;\"><b>Rezerv\u00e1cia transferu z letiska Viede\u0148 do Bratislavy<\/b><\/span><\/h2>\n<p>Rezerv\u00e1cia s\u00fakromn\u00e9ho transferu je jednoduch\u00e1. Sta\u010d\u00ed n\u00e1s kontaktova\u0165 s \u00fadajmi o va\u0161ej ceste a my sa postar\u00e1me o zvy\u0161ok. \u010ci u\u017e cestujete pracovne alebo na dovolenku, na\u0161e slu\u017eby v\u00e1m zabezpe\u010dia pohodln\u00fa a bezstresov\u00fa cestu.<\/p>\n<p>Urobte si cestu z letiska Viede\u0148 do Bratislavy alebo z Bratislavy na letisko Viede\u0148 jednoduchou v\u010faka na\u0161ej spo\u013eahlivej a efekt\u00edvnej transferovej slu\u017ebe. Za\u017eite pohodlie s\u00fakromn\u00e9ho vodi\u010da, pohodln\u00fd pren\u00e1jom vozidla a bezprobl\u00e9mov\u00fa prepravu. Rezervujte si transfer e\u0161te dnes a u\u017eite si hladk\u00fd prechod medzi t\u00fdmito dvoma kr\u00e1snymi mestami!<\/p>\n<p style=\"text-align: center;\"><a class=\"btn btn-primary\" href=\"\/sk\/rezervovat-transfer-z-na-letisko\">Rezervova\u0165<\/a><\/p>\n<h2 style=\"text-align: center;\"><b>Ako sa dosta\u0165 z letiska Viede\u0148 do Bratislavy<\/b><\/h2>\n<p>Cesta z letiska Viede\u0148 do Bratislavy je jednoduch\u00e1 a pohodln\u00e1, pri\u010dom m\u00e1te k dispoz\u00edcii nieko\u013eko mo\u017enost\u00ed, ktor\u00e9 vyhovuj\u00fa va\u0161im preferenci\u00e1m a rozpo\u010dtu. Tu je jednoduch\u00fd sprievodca, ako sa dosta\u0165 z letiska Viede\u0148 do Bratislavy:<\/p>\n<h3>Kyvadlov\u00e1 doprava<\/h3>\n<p>Medzi letiskom Viede\u0148 a centrom Bratislavy prem\u00e1va mnoho spolo\u010dnost\u00ed poskytuj\u00facich kyvadlov\u00fa dopravu. Tieto kyvadlov\u00e9 slu\u017eby s\u00fa ob\u013e\u00fabenou vo\u013ebou pre cestuj\u00facich, preto\u017ee pon\u00fakaj\u00fa priamu a pohodln\u00fa prepravu. Cesta zvy\u010dajne trv\u00e1 pribli\u017ene 45 min\u00fat a\u017e 1 hodinu v z\u00e1vislosti od dopravn\u00fdch podmienok.<\/p>\n<h3>Vlak<\/h3>\n<p>Z viedensk\u00e9ho letiska m\u00f4\u017eete do Bratislavy cestova\u0165 aj vlakom. Vlakov\u00e1 stanica na viedenskom letisku sa nach\u00e1dza priamo na letisku a sp\u00e1ja sa priamo s bratislavskou hlavnou \u017eelezni\u010dnou stanicou. Vlaky prem\u00e1vaj\u00fa pravidelne po\u010das cel\u00e9ho d\u0148a, tak\u017ee ide o efekt\u00edvnu a cenovo v\u00fdhodn\u00fa mo\u017enos\u0165.<\/p>\n<h3><b>Taxi<\/b><\/h3>\n<p>Na letisku Viede\u0148 s\u00fa \u013eahko dostupn\u00e9 tax\u00edky. T\u00e1to mo\u017enos\u0165 je s\u00edce drah\u0161ia ako kyvadlov\u00e1 doprava alebo vlak, ale poskytuje slu\u017eby od dver\u00ed k dver\u00e1m a m\u00f4\u017ee by\u0165 dobrou vo\u013ebou pre cestuj\u00facich s ve\u013ek\u00fdm mno\u017estvom bato\u017einy alebo pre t\u00fdch, ktor\u00ed h\u013eadaj\u00fa s\u00fakromnej\u0161\u00ed a pohodlnej\u0161\u00ed transfer.<\/p>\n<p>\u00a0<\/p>\n<h3>Po\u017ei\u010dov\u0148a \u00e1ut<\/h3>\n<p>Ak d\u00e1vate prednos\u0165 flexibilite pri objavovan\u00ed na vlastn\u00fa p\u00e4s\u0165, m\u00f4\u017eete si na letisku Viede\u0148 prenaja\u0165 auto. T\u00e1to mo\u017enos\u0165 je ide\u00e1lna, ak pl\u00e1nujete po\u010das cesty nav\u0161t\u00edvi\u0165 viacero miest a chcete si slobodne nastavi\u0165 vlastn\u00fd harmonogram.<\/p>\n<h3>Verejn\u00fd autobus<\/h3>\n<p>Letisko Viede\u0148 je dobre napojen\u00e9 na sie\u0165 viedenskej verejnej dopravy. Autobusom sa m\u00f4\u017eete dosta\u0165 do centra Viedne (napr. Vienna International Busterminal, Erdberg) a odtia\u013e m\u00f4\u017eete nast\u00fapi\u0165 na priamy autobus do Bratislavy. T\u00e1to mo\u017enos\u0165 je ekonomick\u00e1, ale m\u00f4\u017ee zah\u0155\u0148a\u0165 viacero prestupov a trva\u0165 dlh\u0161ie.<\/p>\n<h3>Slu\u017eby zdie\u013eanej jazdy<\/h3>\n<p>Na letisku Viede\u0148 funguj\u00fa r\u00f4zne slu\u017eby zdie\u013eanej jazdy, napr\u00edklad Uber. Prostredn\u00edctvom t\u00fdchto slu\u017eieb si m\u00f4\u017eete dohodn\u00fa\u0165 zdie\u013ean\u00fa jazdu do Bratislavy pre v\u00e4\u010d\u0161ie pohodlie a \u010dasto za v\u00fdhodn\u00e9 ceny.<\/p>\n<p style=\"text-align: center;\"><a class=\"btn btn-primary\" href=\"\/sk\/rezervovat-transfer-z-na-letisko\">Rezervova\u0165<\/a><\/p>\n<p>Nech u\u017e si vyberiete ktor\u00fako\u013evek mo\u017enos\u0165, n\u00e1jdete vhodn\u00fd sp\u00f4sob dopravy z letiska Viede\u0148 do Bratislavy, ktor\u00fd vyhovuje va\u0161im preferenci\u00e1m a \u010dasov\u00e9mu rozvrhu. Pri v\u00fdbere sa uistite, \u017ee ste zv\u00e1\u017eili faktory, ako s\u00fa n\u00e1klady, \u010das cesty a pohodlie, a u\u017eite si cestu medzi t\u00fdmito dvoma kr\u00e1snymi mestami.<\/p>\n<div id=\"gtx-trans\" style=\"position: absolute; left: -112px; top: 735.847px;\">\u00a0<\/div>\n<\/p><\/div>\n<div class=\"product-price-container\">\n<div class=\"sale-price\"> \t\t<\/div>\n<\/p><\/div>\n<div class=\"options\"><\/div>\n<div> \t\t<\/div>\n<p>   \t  <script type=\"text\/javascript\" ><\/script>  <script type=\"text\/javascript\" ><\/script>  <script type=\"text\/javascript\" ><\/script> <script type=\"text\/javascript\" ><\/script> <script type=\"text\/javascript\" ><\/script> <script type=\"text\/javascript\" ><\/script> <\/div>\n<p> \t\t<!-- \u041f\u043b\u0430\u0433\u0438\u043d \u0440\u0435\u0439\u0442\u0438\u043d\u0433\u0430 --> <\/p>\n<div class=\"vrvote-body\">\n<ul class=\"vrvote-ul\">\n<li id=\"rating_13\" class=\"current-rating\" style=\"width:98.60%;\"><\/li>\n<li> \t\t\t\t\t\t<a class=\"vr-one-star\" onclick=\"javascript:JSVRvote(13,1,212,43,0)\" href=\"javascript:void(null)\">1<\/a> \t\t\t\t\t<\/li>\n<li> \t\t\t\t\t\t<a class=\"vr-two-stars\" onclick=\"javascript:JSVRvote(13,2,212,43,0)\" href=\"javascript:void(null)\">2<\/a> \t\t\t\t\t<\/li>\n<li> \t\t\t\t\t\t<a class=\"vr-three-stars\" onclick=\"javascript:JSVRvote(13,3,212,43,0)\" href=\"javascript:void(null)\">3<\/a> \t\t\t\t\t<\/li>\n<li> \t\t\t\t\t\t<a class=\"vr-four-stars\" onclick=\"javascript:JSVRvote(13,4,212,43,0)\" href=\"javascript:void(null)\">4<\/a> \t\t\t\t\t<\/li>\n<li> \t\t\t\t\t\t<a class=\"vr-five-stars\" onclick=\"javascript:JSVRvote(13,5,212,43,0)\" href=\"javascript:void(null)\">5<\/a> \t\t\t\t\t<\/li>\n<\/ul><\/div>\n<p> \t\t\t<span id=\"vrvote_13\" class=\"vrvote-count\"><small><\/small><\/span>\t<\/span><script type=\"application\/ld+json\"><\/script>   <\/div>\n<div class=\"t4-col sidebar-r col-12 col-xl-4\">\n<div class=\"t4-module module\" id=\"Mod306\">\n<div class=\"module-inner\">\n<div class=\"module-ct\">\n<div class=\"bannergroup\">\n<div class=\"banneritem\"> \t\t\t\t\t\t\t\t\t\t\t\t\t\t\t\t\t\t\t\t\t\t\t\t\t\t\t\t\t\t\t\t\t\t\t\t\t\t\t\t\t\t\t\t\t\t\t\t\t\t<img \t\t\t\t\t\tsrc=\"\/wp-content\/uploads\/2025\/08\/banner-transfer-europe-sk-55.png\" \t\t\t\t\t\talt=\"Banner-sk\" \t\t\t\t\t\t\t\t\t\t\t\t\t\t\t\t\t\/> \t\t\t\t\t\t\t\t\t\t\t<\/p>\n<div class=\"clr\"><\/div>\n<\/p><\/div>\n<\/p><\/div>\n<\/p><\/div>\n<\/div>\n<\/div><\/div>\n<\/p><\/div>\n<\/div><\/div>\n<div id=\"t4-section-8\" class=\"t4-section  t4-section-8  section-border-top\" role=\"section-8\">\n<div class=\"bg-overlay bg-overlay-image\">&nbsp;<\/div>\n<\/p><\/div>\n<p>  <a href='javascript:' id='back-to-top'><i class='fa fa-chevron-up'><\/i><\/a>                <\/p>\n","protected":false},"excerpt":{"rendered":"<p>Transfer z viedensk\u00e9ho letiska do Bratislavy Hlavn\u00e1 str\u00e1nka Destin\u00e1cie Viede\u0148 Transfer z viedensk\u00e9ho letiska do Bratislavy Transfery Viede\u0148 Rezervova\u0165 Vitajte na najpohodlnej\u0161om a najkomfortnej\u0161om sp\u00f4sobe cestovania z letiska Viede\u0148 do Bratislavy! N\u00e1\u0161 s\u00fakromn\u00fd transfer pon\u00faka bezprobl\u00e9mov\u00e9 a efekt\u00edvne rie\u0161enie prepravy medzi t\u00fdmito dvoma dynamick\u00fdmi eur\u00f3pskymi mestami. Rezervova\u0165 Pre\u010do si vybra\u0165 na\u0161u slu\u017ebu transferu z letiska [&hellip;]<\/p>\n","protected":false},"author":1,"featured_media":30173,"parent":18891,"menu_order":0,"comment_status":"closed","ping_status":"closed","template":"","meta":{"footnotes":""},"class_list":["post-30172","page","type-page","status-publish","has-post-thumbnail","hentry"],"yoast_head":"<!-- This site is optimized with the Yoast SEO plugin v25.6 - https:\/\/yoast.com\/wordpress\/plugins\/seo\/ -->\n<title>Transfer z viedensk\u00e9ho letiska do Bratislavy s vodi\u010dom - Transfer Europe<\/title>\n<meta name=\"description\" content=\"Transferov\u00e1 objedn\u00e1vka \u201eLetisko Viede\u0148 - Bratislava\u201c s osobn\u00fdm vodi\u010dom. Transfer z viedensk\u00e9ho letiska do Bratislavy, Transfer Europe \u2714 Ve\u013ek\u00fd vozov\u00fd park \u2714 Profesion\u00e1lni vodi\u010di \u260e + 421 951 460 615\" \/>\n<meta name=\"robots\" content=\"index, follow, max-snippet:-1, max-image-preview:large, max-video-preview:-1\" \/>\n<link rel=\"canonical\" href=\"https:\/\/transfereurope.com\/sk\/destinacie\/vieden\/transfer-viedenske-letisko-bratislava\/\" \/>\n<meta property=\"og:locale\" content=\"sk_SK\" \/>\n<meta property=\"og:type\" content=\"article\" \/>\n<meta property=\"og:title\" content=\"Transfer z viedensk\u00e9ho letiska do Bratislavy s vodi\u010dom - Transfer Europe\" \/>\n<meta property=\"og:description\" content=\"Transferov\u00e1 objedn\u00e1vka \u201eLetisko Viede\u0148 - Bratislava\u201c s osobn\u00fdm vodi\u010dom. Transfer z viedensk\u00e9ho letiska do Bratislavy, Transfer Europe \u2714 Ve\u013ek\u00fd vozov\u00fd park \u2714 Profesion\u00e1lni vodi\u010di \u260e + 421 951 460 615\" \/>\n<meta property=\"og:url\" content=\"https:\/\/transfereurope.com\/sk\/destinacie\/vieden\/transfer-viedenske-letisko-bratislava\/\" \/>\n<meta property=\"og:site_name\" content=\"transfereurope\" \/>\n<meta property=\"og:image\" content=\"https:\/\/transfereurope.com\/wp-content\/uploads\/2025\/08\/Europe-Destinations-Transfers-168-2-1.jpg\" \/>\n\t<meta property=\"og:image:width\" content=\"1500\" \/>\n\t<meta property=\"og:image:height\" content=\"2000\" \/>\n\t<meta property=\"og:image:type\" content=\"image\/jpeg\" \/>\n<meta name=\"twitter:card\" content=\"summary_large_image\" \/>\n<meta name=\"twitter:label1\" content=\"Predpokladan\u00fd \u010das \u010d\u00edtania\" \/>\n\t<meta name=\"twitter:data1\" content=\"4 min\u00faty\" \/>\n<script type=\"application\/ld+json\" class=\"yoast-schema-graph\">{\"@context\":\"https:\/\/schema.org\",\"@graph\":[{\"@type\":\"WebPage\",\"@id\":\"https:\/\/transfereurope.com\/sk\/destinacie\/vieden\/transfer-viedenske-letisko-bratislava\/\",\"url\":\"https:\/\/transfereurope.com\/sk\/destinacie\/vieden\/transfer-viedenske-letisko-bratislava\/\",\"name\":\"Transfer z viedensk\u00e9ho letiska do Bratislavy s vodi\u010dom - Transfer Europe\",\"isPartOf\":{\"@id\":\"https:\/\/transfereurope.com\/sk\/#website\"},\"primaryImageOfPage\":{\"@id\":\"https:\/\/transfereurope.com\/sk\/destinacie\/vieden\/transfer-viedenske-letisko-bratislava\/#primaryimage\"},\"image\":{\"@id\":\"https:\/\/transfereurope.com\/sk\/destinacie\/vieden\/transfer-viedenske-letisko-bratislava\/#primaryimage\"},\"thumbnailUrl\":\"https:\/\/transfereurope.com\/wp-content\/uploads\/2025\/08\/Europe-Destinations-Transfers-168-2-1.jpg\",\"datePublished\":\"2025-08-04T22:29:33+00:00\",\"description\":\"Transferov\u00e1 objedn\u00e1vka \u201eLetisko Viede\u0148 - Bratislava\u201c s osobn\u00fdm vodi\u010dom. Transfer z viedensk\u00e9ho letiska do Bratislavy, Transfer Europe \u2714 Ve\u013ek\u00fd vozov\u00fd park \u2714 Profesion\u00e1lni vodi\u010di \u260e + 421 951 460 615\",\"breadcrumb\":{\"@id\":\"https:\/\/transfereurope.com\/sk\/destinacie\/vieden\/transfer-viedenske-letisko-bratislava\/#breadcrumb\"},\"inLanguage\":\"sk-SK\",\"potentialAction\":[{\"@type\":\"ReadAction\",\"target\":[\"https:\/\/transfereurope.com\/sk\/destinacie\/vieden\/transfer-viedenske-letisko-bratislava\/\"]}]},{\"@type\":\"ImageObject\",\"inLanguage\":\"sk-SK\",\"@id\":\"https:\/\/transfereurope.com\/sk\/destinacie\/vieden\/transfer-viedenske-letisko-bratislava\/#primaryimage\",\"url\":\"https:\/\/transfereurope.com\/wp-content\/uploads\/2025\/08\/Europe-Destinations-Transfers-168-2-1.jpg\",\"contentUrl\":\"https:\/\/transfereurope.com\/wp-content\/uploads\/2025\/08\/Europe-Destinations-Transfers-168-2-1.jpg\",\"width\":1500,\"height\":2000},{\"@type\":\"BreadcrumbList\",\"@id\":\"https:\/\/transfereurope.com\/sk\/destinacie\/vieden\/transfer-viedenske-letisko-bratislava\/#breadcrumb\",\"itemListElement\":[{\"@type\":\"ListItem\",\"position\":1,\"name\":\"Home\",\"item\":\"https:\/\/transfereurope.com\/sk\/\"},{\"@type\":\"ListItem\",\"position\":2,\"name\":\"Transfer z viedensk\u00e9ho letiska do Bratislavy\"}]},{\"@type\":\"WebSite\",\"@id\":\"https:\/\/transfereurope.com\/sk\/#website\",\"url\":\"https:\/\/transfereurope.com\/sk\/\",\"name\":\"transfereurope\",\"description\":\"\",\"publisher\":{\"@id\":\"https:\/\/transfereurope.com\/sk\/#organization\"},\"potentialAction\":[{\"@type\":\"SearchAction\",\"target\":{\"@type\":\"EntryPoint\",\"urlTemplate\":\"https:\/\/transfereurope.com\/sk\/?s={search_term_string}\"},\"query-input\":{\"@type\":\"PropertyValueSpecification\",\"valueRequired\":true,\"valueName\":\"search_term_string\"}}],\"inLanguage\":\"sk-SK\"},{\"@type\":\"Organization\",\"@id\":\"https:\/\/transfereurope.com\/sk\/#organization\",\"name\":\"transfereurope\",\"url\":\"https:\/\/transfereurope.com\/sk\/\",\"logo\":{\"@type\":\"ImageObject\",\"inLanguage\":\"sk-SK\",\"@id\":\"https:\/\/transfereurope.com\/sk\/#\/schema\/logo\/image\/\",\"url\":\"https:\/\/transfereurope.com\/wp-content\/uploads\/2025\/08\/TRANSFERS-1655.png\",\"contentUrl\":\"https:\/\/transfereurope.com\/wp-content\/uploads\/2025\/08\/TRANSFERS-1655.png\",\"width\":500,\"height\":274,\"caption\":\"transfereurope\"},\"image\":{\"@id\":\"https:\/\/transfereurope.com\/sk\/#\/schema\/logo\/image\/\"}}]}<\/script>\n<!-- \/ Yoast SEO plugin. -->","yoast_head_json":{"title":"Transfer z viedensk\u00e9ho letiska do Bratislavy s vodi\u010dom - Transfer Europe","description":"Transferov\u00e1 objedn\u00e1vka \u201eLetisko Viede\u0148 - Bratislava\u201c s osobn\u00fdm vodi\u010dom. Transfer z viedensk\u00e9ho letiska do Bratislavy, Transfer Europe \u2714 Ve\u013ek\u00fd vozov\u00fd park \u2714 Profesion\u00e1lni vodi\u010di \u260e + 421 951 460 615","robots":{"index":"index","follow":"follow","max-snippet":"max-snippet:-1","max-image-preview":"max-image-preview:large","max-video-preview":"max-video-preview:-1"},"canonical":"https:\/\/transfereurope.com\/sk\/destinacie\/vieden\/transfer-viedenske-letisko-bratislava\/","og_locale":"sk_SK","og_type":"article","og_title":"Transfer z viedensk\u00e9ho letiska do Bratislavy s vodi\u010dom - Transfer Europe","og_description":"Transferov\u00e1 objedn\u00e1vka \u201eLetisko Viede\u0148 - Bratislava\u201c s osobn\u00fdm vodi\u010dom. Transfer z viedensk\u00e9ho letiska do Bratislavy, Transfer Europe \u2714 Ve\u013ek\u00fd vozov\u00fd park \u2714 Profesion\u00e1lni vodi\u010di \u260e + 421 951 460 615","og_url":"https:\/\/transfereurope.com\/sk\/destinacie\/vieden\/transfer-viedenske-letisko-bratislava\/","og_site_name":"transfereurope","og_image":[{"width":1500,"height":2000,"url":"https:\/\/transfereurope.com\/wp-content\/uploads\/2025\/08\/Europe-Destinations-Transfers-168-2-1.jpg","type":"image\/jpeg"}],"twitter_card":"summary_large_image","twitter_misc":{"Predpokladan\u00fd \u010das \u010d\u00edtania":"4 min\u00faty"},"schema":{"@context":"https:\/\/schema.org","@graph":[{"@type":"WebPage","@id":"https:\/\/transfereurope.com\/sk\/destinacie\/vieden\/transfer-viedenske-letisko-bratislava\/","url":"https:\/\/transfereurope.com\/sk\/destinacie\/vieden\/transfer-viedenske-letisko-bratislava\/","name":"Transfer z viedensk\u00e9ho letiska do Bratislavy s vodi\u010dom - Transfer Europe","isPartOf":{"@id":"https:\/\/transfereurope.com\/sk\/#website"},"primaryImageOfPage":{"@id":"https:\/\/transfereurope.com\/sk\/destinacie\/vieden\/transfer-viedenske-letisko-bratislava\/#primaryimage"},"image":{"@id":"https:\/\/transfereurope.com\/sk\/destinacie\/vieden\/transfer-viedenske-letisko-bratislava\/#primaryimage"},"thumbnailUrl":"https:\/\/transfereurope.com\/wp-content\/uploads\/2025\/08\/Europe-Destinations-Transfers-168-2-1.jpg","datePublished":"2025-08-04T22:29:33+00:00","description":"Transferov\u00e1 objedn\u00e1vka \u201eLetisko Viede\u0148 - Bratislava\u201c s osobn\u00fdm vodi\u010dom. Transfer z viedensk\u00e9ho letiska do Bratislavy, Transfer Europe \u2714 Ve\u013ek\u00fd vozov\u00fd park \u2714 Profesion\u00e1lni vodi\u010di \u260e + 421 951 460 615","breadcrumb":{"@id":"https:\/\/transfereurope.com\/sk\/destinacie\/vieden\/transfer-viedenske-letisko-bratislava\/#breadcrumb"},"inLanguage":"sk-SK","potentialAction":[{"@type":"ReadAction","target":["https:\/\/transfereurope.com\/sk\/destinacie\/vieden\/transfer-viedenske-letisko-bratislava\/"]}]},{"@type":"ImageObject","inLanguage":"sk-SK","@id":"https:\/\/transfereurope.com\/sk\/destinacie\/vieden\/transfer-viedenske-letisko-bratislava\/#primaryimage","url":"https:\/\/transfereurope.com\/wp-content\/uploads\/2025\/08\/Europe-Destinations-Transfers-168-2-1.jpg","contentUrl":"https:\/\/transfereurope.com\/wp-content\/uploads\/2025\/08\/Europe-Destinations-Transfers-168-2-1.jpg","width":1500,"height":2000},{"@type":"BreadcrumbList","@id":"https:\/\/transfereurope.com\/sk\/destinacie\/vieden\/transfer-viedenske-letisko-bratislava\/#breadcrumb","itemListElement":[{"@type":"ListItem","position":1,"name":"Home","item":"https:\/\/transfereurope.com\/sk\/"},{"@type":"ListItem","position":2,"name":"Transfer z viedensk\u00e9ho letiska do Bratislavy"}]},{"@type":"WebSite","@id":"https:\/\/transfereurope.com\/sk\/#website","url":"https:\/\/transfereurope.com\/sk\/","name":"transfereurope","description":"","publisher":{"@id":"https:\/\/transfereurope.com\/sk\/#organization"},"potentialAction":[{"@type":"SearchAction","target":{"@type":"EntryPoint","urlTemplate":"https:\/\/transfereurope.com\/sk\/?s={search_term_string}"},"query-input":{"@type":"PropertyValueSpecification","valueRequired":true,"valueName":"search_term_string"}}],"inLanguage":"sk-SK"},{"@type":"Organization","@id":"https:\/\/transfereurope.com\/sk\/#organization","name":"transfereurope","url":"https:\/\/transfereurope.com\/sk\/","logo":{"@type":"ImageObject","inLanguage":"sk-SK","@id":"https:\/\/transfereurope.com\/sk\/#\/schema\/logo\/image\/","url":"https:\/\/transfereurope.com\/wp-content\/uploads\/2025\/08\/TRANSFERS-1655.png","contentUrl":"https:\/\/transfereurope.com\/wp-content\/uploads\/2025\/08\/TRANSFERS-1655.png","width":500,"height":274,"caption":"transfereurope"},"image":{"@id":"https:\/\/transfereurope.com\/sk\/#\/schema\/logo\/image\/"}}]}},"_links":{"self":[{"href":"https:\/\/transfereurope.com\/sk\/wp-json\/wp\/v2\/pages\/30172","targetHints":{"allow":["GET"]}}],"collection":[{"href":"https:\/\/transfereurope.com\/sk\/wp-json\/wp\/v2\/pages"}],"about":[{"href":"https:\/\/transfereurope.com\/sk\/wp-json\/wp\/v2\/types\/page"}],"author":[{"embeddable":true,"href":"https:\/\/transfereurope.com\/sk\/wp-json\/wp\/v2\/users\/1"}],"replies":[{"embeddable":true,"href":"https:\/\/transfereurope.com\/sk\/wp-json\/wp\/v2\/comments?post=30172"}],"version-history":[{"count":0,"href":"https:\/\/transfereurope.com\/sk\/wp-json\/wp\/v2\/pages\/30172\/revisions"}],"up":[{"embeddable":true,"href":"https:\/\/transfereurope.com\/sk\/wp-json\/wp\/v2\/pages\/18891"}],"wp:featuredmedia":[{"embeddable":true,"href":"https:\/\/transfereurope.com\/sk\/wp-json\/wp\/v2\/media\/30173"}],"wp:attachment":[{"href":"https:\/\/transfereurope.com\/sk\/wp-json\/wp\/v2\/media?parent=30172"}],"curies":[{"name":"wp","href":"https:\/\/api.w.org\/{rel}","templated":true}]}}