{"id":24827,"date":"2025-08-04T21:08:19","date_gmt":"2025-08-04T21:08:19","guid":{"rendered":"https:\/\/transfereurope.com\/vip-sluzby-na-letisku-frankfurt\/"},"modified":"2025-08-04T21:08:19","modified_gmt":"2025-08-04T21:08:19","slug":"vip-sluzby-na-letisku-frankfurt","status":"publish","type":"page","link":"https:\/\/transfereurope.com\/sk\/vip-letiskova-sluzba\/vip-sluzby-na-letisku-frankfurt\/","title":{"rendered":"VIP slu\u017eby na letisku Frankfurt"},"content":{"rendered":"\n<div id=\"t4-section-2\" class=\"t4-section  t4-section-2\" role=\"section-2\">\n<div class=\"bg-overlay bg-overlay-image\">&nbsp;<\/div>\n<div class=\"t4-section-inner container\">\n<div class=\"t4-section-inner section\" id=\"Mod1023\">\n<div class=\"section-inner\">\n<div class=\"container\">\n<div class=\"section-title-wrap text-center\">\n<h1 class=\"section-title h2 text-normal\"><span>VIP slu\u017eby na letisku Frankfurt<\/span><\/h1>\n<\/div>\n<\/div>\n<div class=\"section-ct\">\n<div id=\"acm-features-1023\" class=\"acm-features style-3\">\n<div class=\"container\">\n<div class=\"row\">\n<div class=\"col-lg-6 col-md-12 col-sm-12\">\n<div class=\"ft-image\">\n<div class=\"img-feature\">  \t\t\t\t\t\t\t<img decoding=\"async\" src=\"\/wp-content\/uploads\/2025\/08\/VIP_service_at_Frankfurt_Airport-2.png\" alt=\"VIP slu\u017eby na letisku Frankfurt (FRA)\"\/>  \t\t\t\t\t\t<\/div>\n<\/p><\/div>\n<\/p><\/div>\n<div class=\"col-lg-6 col-md-12 col-sm-12\">\n<div class=\"ft-content\">\n<h3>VIP slu\u017eby na letisku Frankfurt (FRA)<\/h3>\n<p>Spolo\u010dnos\u0165 Transfer Europe pon\u00faka VIP slu\u017eby na letisku Frankfurt, vr\u00e1tane VIP transferov v akomko\u013evek smere. Tu s\u00fa v\u00fdhody na\u0161ich VIP slu\u017eieb:<\/p>\n<ul>\n<li><strong>Osobn\u00e9 priv\u00edtanie:<\/strong> Na\u0161i VIP agenti v\u00e1s srde\u010dne priv\u00edtaj\u00fa na letisku a zabezpe\u010dia hladk\u00fd pr\u00edchod alebo odchod.<\/li>\n<li><strong>S\u00fakromn\u00fd transfer:<\/strong> U\u017eite si pohodln\u00fd a v\u010dasn\u00fd transfer z\/do letiska Frankfurt v luxusn\u00fdch vozidl\u00e1ch.<\/li>\n<li><strong>Exkluz\u00edvny pr\u00edstup do sal\u00f3nika na letisku:<\/strong> Relaxujte v s\u00fakromn\u00fdch \u010dak\u00e1r\u0148ach na letisku, kde v\u00e1m bud\u00fa pon\u00fakan\u00e9 v\u00fdnimo\u010dn\u00e9 slu\u017eby a pohodlie pred alebo po lete.<\/li>\n<li><strong>Pomoc s bato\u017einou:<\/strong> Postar\u00e1me sa o va\u0161u bato\u017einu a zabezpe\u010d\u00edme jej bezpe\u010dnos\u0165 po\u010das celej cesty.<\/li>\n<li><strong>Prisp\u00f4soben\u00e9 slu\u017eby:<\/strong> Pod\u013ea va\u0161ich preferenci\u00ed zorganizujeme \u0161peci\u00e1lne vybavenie, rezerv\u00e1cie a mnoho \u010fal\u0161ieho.<\/li>\n<li><strong>Pomoc pri odchode a pr\u00edchode:<\/strong> Zorganizujeme cel\u00fa logistiku pre va\u0161e pohodln\u00e9 prech\u00e1dzanie letiskom Frankfurt.<\/li>\n<\/ul>\n<p>D\u00f4verujte Transfer Europe, aby ste za\u017eili najvy\u0161\u0161\u00ed VIP z\u00e1\u017eitok na letisku Frankfurt (FRA).<\/p>\n<p>  \t\t\t\t\t   \t\t\t\t\t   \t\t\t\t\t\t<a class=\"btn btn-secondary mt-3\" href=\"\/sk\/rezervovat-transfer-z-na-letisko\">  \t\t\t\t\t\t\tRezervova\u0165 \t\t\t\t\t\t<\/a>  \t\t\t\t\t \t\t\t\t<\/div>\n<\/p><\/div>\n<\/p><\/div>\n<\/p><\/div>\n<\/p><\/div>\n<p>    <script><\/script><\/div>\n<\/div>\n<\/div>\n<\/div><\/div>\n<div id=\"t4-section-3\" class=\"t4-section  t4-section-3   py-0\">\n<div id=\"acm-features-1038\" class=\"acm-features style-3\">\n<div class=\"container\">\n<div class=\"row\">\n<div class=\"col-lg-6 col-md-12 col-sm-12\">\n<div class=\"ft-image\">\n<div class=\"img-feature\">  \t\t\t\t\t\t\t<img decoding=\"async\" src=\"\/wp-content\/uploads\/2025\/08\/Krakow_Airport_Meet_and_Greet-4-scaled.jpg\" alt=\"Stretnutie na letisku s vodi\u010dom Frankfurt\"\/>  \t\t\t\t\t\t<\/div>\n<\/p><\/div>\n<\/p><\/div>\n<div class=\"col-lg-6 col-md-12 col-sm-12\">\n<div class=\"ft-content\">\n<h3>\n<h2>Stretnutie na letisku s vodi\u010dom Frankfurt<\/h2>\n<\/h3>\n<p>    \t\t\t\t\t \t\t\t\t\t\tBez oh\u013eadu na to, \u010di prich\u00e1dzate alebo odch\u00e1dzate, v Transfer Europe si m\u00f4\u017eete objedna\u0165 transfer na letisko Frankfurt pre stretnutie alebo rozl\u00fa\u010dku.  <\/p>\n<p>VIP servis na letisku Frankfurt zah\u0155\u0148a:<\/p>\n<ul>\n<li>Individu\u00e1lne priv\u00edtanie pri v\u00fdchode z lietadla.<\/li>\n<li>Priviez\u0165 auto k vchodu do termin\u00e1lu.<\/li>\n<li>Check-in, nalo\u017eenie, pristavenie a balenie bato\u017einy.<\/li>\n<li>Doprovod do VIP sal\u00f3nikov, lounge z\u00f3n.<\/li>\n<li>Zr\u00fdchlen\u00fd check-in na let, prechod cez check-in a hrani\u010dn\u00fa kontrolu.<\/li>\n<li>VIP transfer do miesta ur\u010denia.<\/li>\n<\/ul>\n<p>M\u00f4\u017eete si vybra\u0165 potrebn\u00e9 VIP slu\u017eby. Vypl\u0148te \u017eiados\u0165 o rezerv\u00e1ciu VIP slu\u017eby a n\u00e1\u0161 mana\u017e\u00e9r sa s vami spoj\u00ed, aby upresnil podrobnosti.<\/p>\n<p> \t\t\t\t\t   \t\t\t\t\t   \t\t\t\t\t\t<a class=\"btn btn-secondary mt-3\" href=\"\/sk\/rezervovat-transfer-z-na-letisko\">  \t\t\t\t\t\t\tRezervova\u0165 \t\t\t\t\t\t<\/a>  \t\t\t\t\t \t\t\t\t<\/div>\n<\/p><\/div>\n<\/p><\/div>\n<\/p><\/div>\n<\/p><\/div>\n<p>    <script><\/script><\/div>\n<div id=\"t4-section-7\" class=\"t4-section  t4-section-7   section-border-bottom\" role=\"section-7\">\n<div class=\"t4-section-inner container\">\n<div class=\"t4-section-inner section\" id=\"Mod1045\">\n<div class=\"section-inner\">\n<div class=\"section-ct\">\n<div id=\"acm-features-1045\" class=\"acm-features style-3\">\n<div class=\"container\">\n<div class=\"row\">\n<div class=\"col-lg-6 col-md-12 col-sm-12\">\n<div class=\"ft-image\">\n<div class=\"img-feature\">  \t\t\t\t\t\t\t<img decoding=\"async\" src=\"\/wp-content\/uploads\/2025\/08\/Fast_Track_Amsterdam_Airport-12.png\" alt=\"Slu\u017eba Fast Track na letisku Frankfurt\"\/>  \t\t\t\t\t\t<\/div>\n<\/p><\/div>\n<\/p><\/div>\n<div class=\"col-lg-6 col-md-12 col-sm-12\">\n<div class=\"ft-content\">\n<h3>\n<h2>Slu\u017eba Fast Track na letisku Frankfurt<\/h2>\n<\/h3>\n<p>Slu\u017eba Fast Track na letisku Frankfurt v\u00e1m u\u0161etr\u00ed zd\u013ahav\u00e9 \u010dakanie v rade na odbavenie. T\u00e1to slu\u017eba v\u00e1m u\u0161etr\u00ed \u010das t\u00fdm, \u017ee ur\u00fdchli proces odbavenia a odchodu z letiska. A tie\u017e t\u00fdm, \u017ee odprevad\u00ed cestuj\u00faceho z fronty k n\u00e1stupnej br\u00e1ne alebo na parkovisko na transfer.<\/p>\n<p>Viac inform\u00e1ci\u00ed o VIP slu\u017eb\u00e1ch na letisku Frankfurt z\u00edskate na telef\u00f3nnom \u010d\u00edsle uvedenom na webovej str\u00e1nke, vyplnen\u00edm rezerva\u010dn\u00e9ho formul\u00e1ra, zaslan\u00edm ot\u00e1zky na n\u00e1\u0161 e-mail alebo kontaktovan\u00edm na\u0161ich konzultantov prostredn\u00edctvom messengerov WhatsApp alebo Telegram.<\/p>\n<p> \t\t\t\t\t   \t\t\t\t\t   \t\t\t\t\t\t<a class=\"btn btn-secondary mt-3\" href=\"\/sk\/rezervovat-transfer-z-na-letisko\">  \t\t\t\t\t\t\tRezervova\u0165 \t\t\t\t\t\t<\/a>  \t\t\t\t\t \t\t\t\t<\/div>\n<\/p><\/div>\n<\/p><\/div>\n<\/p><\/div>\n<\/p><\/div>\n<p>    <script><\/script><\/div>\n<\/div>\n<\/div>\n<\/div><\/div>\n<div class=\"t4-section\" role=\"\">\n<div class=\"t4-section-inner container\">\n<div id=\"system-message-container\"> \t<\/div>\n<div class=\"com-content-category-blog blog layout-view-tours-list\" itemscope itemtype=\"https:\/\/schema.org\/Blog\"> \t \t \t \t \t \t\t\t\t \t \t \t \t\t\t\t<!-- \u041f\u043b\u0430\u0433\u0438\u043d \u0440\u0435\u0439\u0442\u0438\u043d\u0433\u0430 --> \t\t<\/p>\n<div class=\"vrvote-body\">\n<ul class=\"vrvote-ul\">\n<li id=\"rating_309\" class=\"current-rating\" style=\"width:100.00%;\"><\/li>\n<li> \t\t\t\t\t\t<a class=\"vr-one-star\" onclick=\"javascript:JSVRvote(309,1,35,7,0)\" href=\"javascript:void(null)\">1<\/a> \t\t\t\t\t<\/li>\n<li> \t\t\t\t\t\t<a class=\"vr-two-stars\" onclick=\"javascript:JSVRvote(309,2,35,7,0)\" href=\"javascript:void(null)\">2<\/a> \t\t\t\t\t<\/li>\n<li> \t\t\t\t\t\t<a class=\"vr-three-stars\" onclick=\"javascript:JSVRvote(309,3,35,7,0)\" href=\"javascript:void(null)\">3<\/a> \t\t\t\t\t<\/li>\n<li> \t\t\t\t\t\t<a class=\"vr-four-stars\" onclick=\"javascript:JSVRvote(309,4,35,7,0)\" href=\"javascript:void(null)\">4<\/a> \t\t\t\t\t<\/li>\n<li> \t\t\t\t\t\t<a class=\"vr-five-stars\" onclick=\"javascript:JSVRvote(309,5,35,7,0)\" href=\"javascript:void(null)\">5<\/a> \t\t\t\t\t<\/li>\n<\/ul><\/div>\n<p> \t\t\t<span id=\"vrvote_309\" class=\"vrvote-count\"><small><\/small><\/span>\t<\/span><\/div>\n<p> <script type=\"application\/ld+json\"><\/script>  <\/div>\n<\/p><\/div>\n<div id=\"t4-section-8\" class=\"t4-section  t4-section-8\" role=\"section-8\">\n<div class=\"bg-overlay bg-overlay-image\">&nbsp;<\/div>\n<\/p><\/div>\n<p>      <a href='javascript:' id='back-to-top'><i class='fa fa-chevron-up'><\/i><\/a>                <\/p>\n","protected":false},"excerpt":{"rendered":"<p>&nbsp; VIP slu\u017eby na letisku Frankfurt VIP slu\u017eby na letisku Frankfurt (FRA) Spolo\u010dnos\u0165 Transfer Europe pon\u00faka VIP slu\u017eby na letisku Frankfurt, vr\u00e1tane VIP transferov v akomko\u013evek smere. Tu s\u00fa v\u00fdhody na\u0161ich VIP slu\u017eieb: Osobn\u00e9 priv\u00edtanie: Na\u0161i VIP agenti v\u00e1s srde\u010dne priv\u00edtaj\u00fa na letisku a zabezpe\u010dia hladk\u00fd pr\u00edchod alebo odchod. S\u00fakromn\u00fd transfer: U\u017eite si pohodln\u00fd a [&hellip;]<\/p>\n","protected":false},"author":1,"featured_media":24828,"parent":18432,"menu_order":0,"comment_status":"closed","ping_status":"closed","template":"","meta":{"footnotes":""},"class_list":["post-24827","page","type-page","status-publish","has-post-thumbnail","hentry"],"yoast_head":"<!-- This site is optimized with the Yoast SEO plugin v25.6 - https:\/\/yoast.com\/wordpress\/plugins\/seo\/ -->\n<title>VIP slu\u017eba na letisku Frankfurt. Zr\u00fdchlen\u00fd priebeh, stretnutia<\/title>\n<meta name=\"description\" content=\"Transfery na stretnutia a doch\u00e1dzky do Frankfurt. Zarezervujte si stretnutie na letisku v Frankfurt s vodi\u010dom v spolo\u010dnosti Transfer Europe \u2714Ve\u013ek\u00fd vozov\u00fd park \u2714Profesion\u00e1lni vodi\u010di \u260e + 421 951 460 615.\" \/>\n<meta name=\"robots\" content=\"index, follow, max-snippet:-1, max-image-preview:large, max-video-preview:-1\" \/>\n<link rel=\"canonical\" href=\"https:\/\/transfereurope.com\/sk\/vip-letiskova-sluzba\/vip-sluzby-na-letisku-frankfurt\/\" \/>\n<meta property=\"og:locale\" content=\"sk_SK\" \/>\n<meta property=\"og:type\" content=\"article\" \/>\n<meta property=\"og:title\" content=\"VIP slu\u017eba na letisku Frankfurt. Zr\u00fdchlen\u00fd priebeh, stretnutia\" \/>\n<meta property=\"og:description\" content=\"Transfery na stretnutia a doch\u00e1dzky do Frankfurt. Zarezervujte si stretnutie na letisku v Frankfurt s vodi\u010dom v spolo\u010dnosti Transfer Europe \u2714Ve\u013ek\u00fd vozov\u00fd park \u2714Profesion\u00e1lni vodi\u010di \u260e + 421 951 460 615.\" \/>\n<meta property=\"og:url\" content=\"https:\/\/transfereurope.com\/sk\/vip-letiskova-sluzba\/vip-sluzby-na-letisku-frankfurt\/\" \/>\n<meta property=\"og:site_name\" content=\"transfereurope\" \/>\n<meta property=\"og:image\" content=\"https:\/\/transfereurope.com\/wp-content\/uploads\/2025\/08\/VIP_service_at_Frankfurt_Airport-2-1.png\" \/>\n\t<meta property=\"og:image:width\" content=\"940\" \/>\n\t<meta property=\"og:image:height\" content=\"788\" \/>\n\t<meta property=\"og:image:type\" content=\"image\/png\" \/>\n<meta name=\"twitter:card\" content=\"summary_large_image\" \/>\n<meta name=\"twitter:label1\" content=\"Predpokladan\u00fd \u010das \u010d\u00edtania\" \/>\n\t<meta name=\"twitter:data1\" content=\"2 min\u00faty\" \/>\n<script type=\"application\/ld+json\" class=\"yoast-schema-graph\">{\"@context\":\"https:\/\/schema.org\",\"@graph\":[{\"@type\":\"WebPage\",\"@id\":\"https:\/\/transfereurope.com\/sk\/vip-letiskova-sluzba\/vip-sluzby-na-letisku-frankfurt\/\",\"url\":\"https:\/\/transfereurope.com\/sk\/vip-letiskova-sluzba\/vip-sluzby-na-letisku-frankfurt\/\",\"name\":\"VIP slu\u017eba na letisku Frankfurt. Zr\u00fdchlen\u00fd priebeh, stretnutia\",\"isPartOf\":{\"@id\":\"https:\/\/transfereurope.com\/sk\/#website\"},\"primaryImageOfPage\":{\"@id\":\"https:\/\/transfereurope.com\/sk\/vip-letiskova-sluzba\/vip-sluzby-na-letisku-frankfurt\/#primaryimage\"},\"image\":{\"@id\":\"https:\/\/transfereurope.com\/sk\/vip-letiskova-sluzba\/vip-sluzby-na-letisku-frankfurt\/#primaryimage\"},\"thumbnailUrl\":\"https:\/\/transfereurope.com\/wp-content\/uploads\/2025\/08\/VIP_service_at_Frankfurt_Airport-2-1.png\",\"datePublished\":\"2025-08-04T21:08:19+00:00\",\"description\":\"Transfery na stretnutia a doch\u00e1dzky do Frankfurt. Zarezervujte si stretnutie na letisku v Frankfurt s vodi\u010dom v spolo\u010dnosti Transfer Europe \u2714Ve\u013ek\u00fd vozov\u00fd park \u2714Profesion\u00e1lni vodi\u010di \u260e + 421 951 460 615.\",\"breadcrumb\":{\"@id\":\"https:\/\/transfereurope.com\/sk\/vip-letiskova-sluzba\/vip-sluzby-na-letisku-frankfurt\/#breadcrumb\"},\"inLanguage\":\"sk-SK\",\"potentialAction\":[{\"@type\":\"ReadAction\",\"target\":[\"https:\/\/transfereurope.com\/sk\/vip-letiskova-sluzba\/vip-sluzby-na-letisku-frankfurt\/\"]}]},{\"@type\":\"ImageObject\",\"inLanguage\":\"sk-SK\",\"@id\":\"https:\/\/transfereurope.com\/sk\/vip-letiskova-sluzba\/vip-sluzby-na-letisku-frankfurt\/#primaryimage\",\"url\":\"https:\/\/transfereurope.com\/wp-content\/uploads\/2025\/08\/VIP_service_at_Frankfurt_Airport-2-1.png\",\"contentUrl\":\"https:\/\/transfereurope.com\/wp-content\/uploads\/2025\/08\/VIP_service_at_Frankfurt_Airport-2-1.png\",\"width\":940,\"height\":788},{\"@type\":\"BreadcrumbList\",\"@id\":\"https:\/\/transfereurope.com\/sk\/vip-letiskova-sluzba\/vip-sluzby-na-letisku-frankfurt\/#breadcrumb\",\"itemListElement\":[{\"@type\":\"ListItem\",\"position\":1,\"name\":\"Home\",\"item\":\"https:\/\/transfereurope.com\/sk\/\"},{\"@type\":\"ListItem\",\"position\":2,\"name\":\"VIP slu\u017eby na letisku Frankfurt\"}]},{\"@type\":\"WebSite\",\"@id\":\"https:\/\/transfereurope.com\/sk\/#website\",\"url\":\"https:\/\/transfereurope.com\/sk\/\",\"name\":\"transfereurope\",\"description\":\"\",\"publisher\":{\"@id\":\"https:\/\/transfereurope.com\/sk\/#organization\"},\"potentialAction\":[{\"@type\":\"SearchAction\",\"target\":{\"@type\":\"EntryPoint\",\"urlTemplate\":\"https:\/\/transfereurope.com\/sk\/?s={search_term_string}\"},\"query-input\":{\"@type\":\"PropertyValueSpecification\",\"valueRequired\":true,\"valueName\":\"search_term_string\"}}],\"inLanguage\":\"sk-SK\"},{\"@type\":\"Organization\",\"@id\":\"https:\/\/transfereurope.com\/sk\/#organization\",\"name\":\"transfereurope\",\"url\":\"https:\/\/transfereurope.com\/sk\/\",\"logo\":{\"@type\":\"ImageObject\",\"inLanguage\":\"sk-SK\",\"@id\":\"https:\/\/transfereurope.com\/sk\/#\/schema\/logo\/image\/\",\"url\":\"https:\/\/transfereurope.com\/wp-content\/uploads\/2025\/08\/TRANSFERS-1655.png\",\"contentUrl\":\"https:\/\/transfereurope.com\/wp-content\/uploads\/2025\/08\/TRANSFERS-1655.png\",\"width\":500,\"height\":274,\"caption\":\"transfereurope\"},\"image\":{\"@id\":\"https:\/\/transfereurope.com\/sk\/#\/schema\/logo\/image\/\"}}]}<\/script>\n<!-- \/ Yoast SEO plugin. -->","yoast_head_json":{"title":"VIP slu\u017eba na letisku Frankfurt. Zr\u00fdchlen\u00fd priebeh, stretnutia","description":"Transfery na stretnutia a doch\u00e1dzky do Frankfurt. Zarezervujte si stretnutie na letisku v Frankfurt s vodi\u010dom v spolo\u010dnosti Transfer Europe \u2714Ve\u013ek\u00fd vozov\u00fd park \u2714Profesion\u00e1lni vodi\u010di \u260e + 421 951 460 615.","robots":{"index":"index","follow":"follow","max-snippet":"max-snippet:-1","max-image-preview":"max-image-preview:large","max-video-preview":"max-video-preview:-1"},"canonical":"https:\/\/transfereurope.com\/sk\/vip-letiskova-sluzba\/vip-sluzby-na-letisku-frankfurt\/","og_locale":"sk_SK","og_type":"article","og_title":"VIP slu\u017eba na letisku Frankfurt. Zr\u00fdchlen\u00fd priebeh, stretnutia","og_description":"Transfery na stretnutia a doch\u00e1dzky do Frankfurt. Zarezervujte si stretnutie na letisku v Frankfurt s vodi\u010dom v spolo\u010dnosti Transfer Europe \u2714Ve\u013ek\u00fd vozov\u00fd park \u2714Profesion\u00e1lni vodi\u010di \u260e + 421 951 460 615.","og_url":"https:\/\/transfereurope.com\/sk\/vip-letiskova-sluzba\/vip-sluzby-na-letisku-frankfurt\/","og_site_name":"transfereurope","og_image":[{"width":940,"height":788,"url":"https:\/\/transfereurope.com\/wp-content\/uploads\/2025\/08\/VIP_service_at_Frankfurt_Airport-2-1.png","type":"image\/png"}],"twitter_card":"summary_large_image","twitter_misc":{"Predpokladan\u00fd \u010das \u010d\u00edtania":"2 min\u00faty"},"schema":{"@context":"https:\/\/schema.org","@graph":[{"@type":"WebPage","@id":"https:\/\/transfereurope.com\/sk\/vip-letiskova-sluzba\/vip-sluzby-na-letisku-frankfurt\/","url":"https:\/\/transfereurope.com\/sk\/vip-letiskova-sluzba\/vip-sluzby-na-letisku-frankfurt\/","name":"VIP slu\u017eba na letisku Frankfurt. Zr\u00fdchlen\u00fd priebeh, stretnutia","isPartOf":{"@id":"https:\/\/transfereurope.com\/sk\/#website"},"primaryImageOfPage":{"@id":"https:\/\/transfereurope.com\/sk\/vip-letiskova-sluzba\/vip-sluzby-na-letisku-frankfurt\/#primaryimage"},"image":{"@id":"https:\/\/transfereurope.com\/sk\/vip-letiskova-sluzba\/vip-sluzby-na-letisku-frankfurt\/#primaryimage"},"thumbnailUrl":"https:\/\/transfereurope.com\/wp-content\/uploads\/2025\/08\/VIP_service_at_Frankfurt_Airport-2-1.png","datePublished":"2025-08-04T21:08:19+00:00","description":"Transfery na stretnutia a doch\u00e1dzky do Frankfurt. Zarezervujte si stretnutie na letisku v Frankfurt s vodi\u010dom v spolo\u010dnosti Transfer Europe \u2714Ve\u013ek\u00fd vozov\u00fd park \u2714Profesion\u00e1lni vodi\u010di \u260e + 421 951 460 615.","breadcrumb":{"@id":"https:\/\/transfereurope.com\/sk\/vip-letiskova-sluzba\/vip-sluzby-na-letisku-frankfurt\/#breadcrumb"},"inLanguage":"sk-SK","potentialAction":[{"@type":"ReadAction","target":["https:\/\/transfereurope.com\/sk\/vip-letiskova-sluzba\/vip-sluzby-na-letisku-frankfurt\/"]}]},{"@type":"ImageObject","inLanguage":"sk-SK","@id":"https:\/\/transfereurope.com\/sk\/vip-letiskova-sluzba\/vip-sluzby-na-letisku-frankfurt\/#primaryimage","url":"https:\/\/transfereurope.com\/wp-content\/uploads\/2025\/08\/VIP_service_at_Frankfurt_Airport-2-1.png","contentUrl":"https:\/\/transfereurope.com\/wp-content\/uploads\/2025\/08\/VIP_service_at_Frankfurt_Airport-2-1.png","width":940,"height":788},{"@type":"BreadcrumbList","@id":"https:\/\/transfereurope.com\/sk\/vip-letiskova-sluzba\/vip-sluzby-na-letisku-frankfurt\/#breadcrumb","itemListElement":[{"@type":"ListItem","position":1,"name":"Home","item":"https:\/\/transfereurope.com\/sk\/"},{"@type":"ListItem","position":2,"name":"VIP slu\u017eby na letisku Frankfurt"}]},{"@type":"WebSite","@id":"https:\/\/transfereurope.com\/sk\/#website","url":"https:\/\/transfereurope.com\/sk\/","name":"transfereurope","description":"","publisher":{"@id":"https:\/\/transfereurope.com\/sk\/#organization"},"potentialAction":[{"@type":"SearchAction","target":{"@type":"EntryPoint","urlTemplate":"https:\/\/transfereurope.com\/sk\/?s={search_term_string}"},"query-input":{"@type":"PropertyValueSpecification","valueRequired":true,"valueName":"search_term_string"}}],"inLanguage":"sk-SK"},{"@type":"Organization","@id":"https:\/\/transfereurope.com\/sk\/#organization","name":"transfereurope","url":"https:\/\/transfereurope.com\/sk\/","logo":{"@type":"ImageObject","inLanguage":"sk-SK","@id":"https:\/\/transfereurope.com\/sk\/#\/schema\/logo\/image\/","url":"https:\/\/transfereurope.com\/wp-content\/uploads\/2025\/08\/TRANSFERS-1655.png","contentUrl":"https:\/\/transfereurope.com\/wp-content\/uploads\/2025\/08\/TRANSFERS-1655.png","width":500,"height":274,"caption":"transfereurope"},"image":{"@id":"https:\/\/transfereurope.com\/sk\/#\/schema\/logo\/image\/"}}]}},"_links":{"self":[{"href":"https:\/\/transfereurope.com\/sk\/wp-json\/wp\/v2\/pages\/24827","targetHints":{"allow":["GET"]}}],"collection":[{"href":"https:\/\/transfereurope.com\/sk\/wp-json\/wp\/v2\/pages"}],"about":[{"href":"https:\/\/transfereurope.com\/sk\/wp-json\/wp\/v2\/types\/page"}],"author":[{"embeddable":true,"href":"https:\/\/transfereurope.com\/sk\/wp-json\/wp\/v2\/users\/1"}],"replies":[{"embeddable":true,"href":"https:\/\/transfereurope.com\/sk\/wp-json\/wp\/v2\/comments?post=24827"}],"version-history":[{"count":0,"href":"https:\/\/transfereurope.com\/sk\/wp-json\/wp\/v2\/pages\/24827\/revisions"}],"up":[{"embeddable":true,"href":"https:\/\/transfereurope.com\/sk\/wp-json\/wp\/v2\/pages\/18432"}],"wp:featuredmedia":[{"embeddable":true,"href":"https:\/\/transfereurope.com\/sk\/wp-json\/wp\/v2\/media\/24828"}],"wp:attachment":[{"href":"https:\/\/transfereurope.com\/sk\/wp-json\/wp\/v2\/media?parent=24827"}],"curies":[{"name":"wp","href":"https:\/\/api.w.org\/{rel}","templated":true}]}}