{"id":23819,"date":"2025-08-04T20:48:42","date_gmt":"2025-08-04T20:48:42","guid":{"rendered":"https:\/\/transfereurope.com\/sukromne-prehliadky-v-brne\/"},"modified":"2025-08-04T20:48:42","modified_gmt":"2025-08-04T20:48:42","slug":"sukromne-prehliadky-v-brne","status":"publish","type":"page","link":"https:\/\/transfereurope.com\/sk\/sukromne-prehliadky\/sukromne-prehliadky-v-brne\/","title":{"rendered":"Individu\u00e1lna prehliadka v Brne"},"content":{"rendered":"\n<div id=\"t4-section-2\" class=\"t4-section  t4-section-2\" role=\"section-2\">\n<div class=\"bg-overlay bg-overlay-image\">&nbsp;<\/div>\n<div class=\"t4-section-inner container\">\n<div class=\"t4-section-inner section\" id=\"Mod285\">\n<div class=\"section-inner\">\n<div class=\"container\">\n<div class=\"section-title-wrap text-center\">\n<h1 class=\"section-title h2 text-normal\"><span>Individu\u00e1lna prehliadka v Brne<\/span><\/h1>\n<p><span class=\"sub-heading font-heading-family text-normal\">Pri\u0161li ste do Brna spozna\u0165 mesto a chcete pokojne a bez n\u00e1hlenia nav\u0161t\u00edvi\u0165 najlep\u0161ie pamiatky najkraj\u0161ieho hlavn\u00e9ho mesta? Spr\u00e1vnym rozhodnut\u00edm je rezerv\u00e1cia s\u00fakromnej prehliadky Brna so sprievodcom. N\u00e1\u0161 vodi\u010d v s\u00fakromnom aute v\u00e1s pohodlne doprav\u00ed do cie\u013ea a bude \u010daka\u0165 tak dlho, ako bude potrebn\u00e9 bez \u010fal\u0161\u00edch platieb.<\/span><\/div>\n<\/div>\n<div class=\"section-ct\">\n<div id=\"acm-features-285\" class=\"acm-features style-3\">\n<div class=\"container\">\n<div class=\"row\">\n<div class=\"col-lg-6 col-md-12 col-sm-12\">\n<div class=\"ft-image\">\n<div class=\"img-feature\">  \t\t\t\t\t\t\t<img decoding=\"async\" src=\"\/wp-content\/uploads\/2025\/08\/Private_Brno_Tour_1-5.png\" alt=\"Transfers Europe v\u00e1m pon\u00faka s\u00fakromn\u00e9 \u200b\u200bprehliadky Brna so sprievodcom\"\/>  \t\t\t\t\t\t<\/div>\n<\/p><\/div>\n<\/p><\/div>\n<div class=\"col-lg-6 col-md-12 col-sm-12\">\n<div class=\"ft-content\">\n<h3>\n<h2>Transfers Europe v\u00e1m pon\u00faka s\u00fakromn\u00e9 \u200b\u200bprehliadky Brna so sprievodcom<\/h2>\n<\/h3>\n<p>Ka\u017ed\u00fd vie, \u017ee jednoduch\u00ed sprievodcovia sa nikdy nevyrovnaj\u00fa znal\u00fdm a v\u00e1\u0161niv\u00fdm sprievodcom. Poskytujeme vzru\u0161uj\u00face v\u00fdlety v Brne (\u010cesk\u00e1 republika) autom so s\u00fakromn\u00fdm sprievodcom pre perfektn\u00fd de\u0148 a prehliadku mesta.<\/p>\n<p>Ak m\u00e1te k dispoz\u00edcii dostatok \u010dasu, n\u00e1\u0161 vodi\u010d v\u00e1s vezme so sprievodcom po akejko\u013evek trase, aby ste videli maximum pamiatok a c\u00edtili sa na ceste pohodlne.<\/p>\n<p> \t\t\t\t\t   \t\t\t\t\t   \t\t\t\t\t\t<a class=\"btn btn-secondary mt-3\" href=\"\/sk\/rezervovat-transfer\">  \t\t\t\t\t\t\tRezervova\u0165 \t\t\t\t\t\t<\/a>  \t\t\t\t\t \t\t\t\t<\/div>\n<\/p><\/div>\n<\/p><\/div>\n<\/p><\/div>\n<\/p><\/div>\n<p>    <script><\/script><\/div>\n<\/div>\n<\/div>\n<\/div><\/div>\n<div id=\"t4-section-3\" class=\"t4-section  t4-section-3   py-0\">\n<div id=\"acm-video-286\" class=\"acm-video style-1\">\n<div class=\"container-hd\">\n<div class=\"row no-gutters\">\n<div class=\"col-xl-6\">\n<div class=\"video-description t4-palette-secondary\">\n<h2 class=\"text-white mt-0\">\n<h4><span style=\"color: #ffffff;\">M\u00f4\u017eete si zvoli\u0165 \u013eubovo\u013en\u00fd cie\u013e a zarezervova\u0165 si prehliadku Brna so sprievodcom: <\/p>\n<ul>\n<li>Umenie a kult\u00fara<\/li>\n<li>N\u00e1v\u0161teva m\u00faze\u00ed<\/li>\n<li>Historick\u00e9 udalosti<\/li>\n<li>Exkurzie pod hol\u00fdm nebom<\/li>\n<li>N\u00e1v\u0161teva z\u00e1bavn\u00fdch parkov<\/li>\n<li>Exkurzie pre deti so v\u0161etk\u00fdmi druhmi z\u00e1bavy<\/li>\n<\/ul>\n<p><\/span><\/h4>\n<\/h2>\n<div class=\"btn-actions\">             <a href=\"\/sk\/rezervovat-transfer\" class=\"btn btn-primary\">               objedna\u0165 prehliadku            <\/a>           <\/div>\n<\/p><\/div>\n<\/p><\/div>\n<div class=\"video-item col-xl-6\">\n<div class=\"ft-bg\" style=\"background-image: url('\/images\/tours\/Private_Brno_Tour_3.png');\"><\/div>\n<\/p><\/div>\n<\/p><\/div>\n<\/p><\/div>\n<\/p><\/div>\n<p>  <script><\/script><\/div>\n<div id=\"t4-section-7\" class=\"t4-section  t4-section-7   section-border-bottom\" role=\"section-7\">\n<div class=\"t4-section-inner container\">\n<div class=\"t4-section-inner section\" id=\"Mod287\">\n<div class=\"section-inner\">\n<div class=\"section-ct\">\n<div id=\"acm-features-287\" class=\"acm-features style-3\">\n<div class=\"container\">\n<div class=\"row\">\n<div class=\"col-lg-6 col-md-12 col-sm-12\">\n<div class=\"ft-image\">\n<div class=\"img-feature\">  \t\t\t\t\t\t\t<img decoding=\"async\" src=\"\/wp-content\/uploads\/2025\/08\/Private_Brno_Tour_2-1.png\" alt=\"V\u00fdlety a presuny v Brne\"\/>  \t\t\t\t\t\t<\/div>\n<\/p><\/div>\n<\/p><\/div>\n<div class=\"col-lg-6 col-md-12 col-sm-12\">\n<div class=\"ft-content\">\n<h3>\n<h2>V\u00fdlety a presuny v Brne<\/h2>\n<\/h3>\n<p>M\u00e1me obrovsk\u00fd v\u00fdber jednotliv\u00fdch exkurzi\u00ed po Brne so sprievodcom. Vyberieme trasu pod\u013ea va\u0161ich preferenci\u00ed. Pozn\u00e1vac\u00ed z\u00e1jazd pom\u00f4\u017ee zozn\u00e1mi\u0165 sa s mestom prv\u00fd raz a urobi\u0165 si o \u0148om predstavu.<\/p>\n<p>Trasy pre aut\u00e1 a pe\u0161ie t\u00fary, po\u010das ktor\u00fdch v\u00e1s sprievodca zozn\u00e1mi nielen s hlavn\u00fdmi pamiatkami, ale prevedie v\u00e1s aj mal\u00fdmi uli\u010dkami eur\u00f3pskych hlavn\u00fdch miest, kde nestretnete davy turistov, ale uvid\u00edte ka\u017edodenn\u00fd \u017eivot Eur\u00f3panov.<\/p>\n<p>Transfers Europe urob\u00ed v\u0161etko pre to, aby bola va\u0161a s\u00fakromn\u00e1 prehliadka Brna nezabudnute\u013en\u00e1 na dlho a zanechala len pr\u00edjemn\u00e9 dojmy! Podrobn\u00e9 inform\u00e1cie o z\u00e1jazdoch z\u00edskate na telef\u00f3nnom \u010d\u00edsle uvedenom na webov\u00fdch str\u00e1nkach, zaslan\u00ed \u017eiadosti na n\u00e1\u0161 e-mail alebo kontaktovan\u00ed konzultantov prostredn\u00edctvom poslov WhatsApp alebo Viber.<\/p>\n<p> \t\t\t\t\t   \t\t\t\t\t   \t\t\t\t\t\t<a class=\"btn btn-secondary mt-3\" href=\"\/sk\/rezervovat-transfer\">  \t\t\t\t\t\t\tRezervova\u0165 \t\t\t\t\t\t<\/a>  \t\t\t\t\t \t\t\t\t<\/div>\n<\/p><\/div>\n<\/p><\/div>\n<\/p><\/div>\n<\/p><\/div>\n<p>    <script><\/script><\/div>\n<\/div>\n<\/div>\n<\/div><\/div>\n<div class=\"t4-section\" role=\"\">\n<div class=\"t4-section-inner container\">\n<div id=\"system-message-container\"> \t<\/div>\n<div class=\"com-content-category-blog blog layout-view-tours-list\" itemscope itemtype=\"https:\/\/schema.org\/Blog\"> \t \t \t \t \t \t\t\t\t \t \t \t \t\t\t\t<!-- \u041f\u043b\u0430\u0433\u0438\u043d \u0440\u0435\u0439\u0442\u0438\u043d\u0433\u0430 --> \t\t<\/p>\n<div class=\"vrvote-body\">\n<ul class=\"vrvote-ul\">\n<li id=\"rating_94\" class=\"current-rating\" style=\"width:100.00%;\"><\/li>\n<li> \t\t\t\t\t\t<a class=\"vr-one-star\" onclick=\"javascript:JSVRvote(94,1,115,23,0)\" href=\"javascript:void(null)\">1<\/a> \t\t\t\t\t<\/li>\n<li> \t\t\t\t\t\t<a class=\"vr-two-stars\" onclick=\"javascript:JSVRvote(94,2,115,23,0)\" href=\"javascript:void(null)\">2<\/a> \t\t\t\t\t<\/li>\n<li> \t\t\t\t\t\t<a class=\"vr-three-stars\" onclick=\"javascript:JSVRvote(94,3,115,23,0)\" href=\"javascript:void(null)\">3<\/a> \t\t\t\t\t<\/li>\n<li> \t\t\t\t\t\t<a class=\"vr-four-stars\" onclick=\"javascript:JSVRvote(94,4,115,23,0)\" href=\"javascript:void(null)\">4<\/a> \t\t\t\t\t<\/li>\n<li> \t\t\t\t\t\t<a class=\"vr-five-stars\" onclick=\"javascript:JSVRvote(94,5,115,23,0)\" href=\"javascript:void(null)\">5<\/a> \t\t\t\t\t<\/li>\n<\/ul><\/div>\n<p> \t\t\t<span id=\"vrvote_94\" class=\"vrvote-count\"><small><\/small><\/span>\t<\/span><\/div>\n<p> <script type=\"application\/ld+json\"><\/script>  <\/div>\n<\/p><\/div>\n<div id=\"t4-section-8\" class=\"t4-section  t4-section-8\" role=\"section-8\">\n<div class=\"bg-overlay bg-overlay-image\">&nbsp;<\/div>\n<\/p><\/div>\n<p>      <a href='javascript:' id='back-to-top'><i class='fa fa-chevron-up'><\/i><\/a>                <\/p>\n","protected":false},"excerpt":{"rendered":"<p>&nbsp; Individu\u00e1lna prehliadka v Brne Pri\u0161li ste do Brna spozna\u0165 mesto a chcete pokojne a bez n\u00e1hlenia nav\u0161t\u00edvi\u0165 najlep\u0161ie pamiatky najkraj\u0161ieho hlavn\u00e9ho mesta? Spr\u00e1vnym rozhodnut\u00edm je rezerv\u00e1cia s\u00fakromnej prehliadky Brna so sprievodcom. N\u00e1\u0161 vodi\u010d v s\u00fakromnom aute v\u00e1s pohodlne doprav\u00ed do cie\u013ea a bude \u010daka\u0165 tak dlho, ako bude potrebn\u00e9 bez \u010fal\u0161\u00edch platieb. Transfers Europe [&hellip;]<\/p>\n","protected":false},"author":1,"featured_media":23820,"parent":18348,"menu_order":0,"comment_status":"closed","ping_status":"closed","template":"","meta":{"footnotes":""},"class_list":["post-23819","page","type-page","status-publish","has-post-thumbnail","hentry"],"yoast_head":"<!-- This site is optimized with the Yoast SEO plugin v25.6 - https:\/\/yoast.com\/wordpress\/plugins\/seo\/ -->\n<title>Sprievodn\u00e1 prehliadka Brno - Transfer po Eur\u00f3pe<\/title>\n<meta name=\"description\" content=\"S\u00fakromn\u00e9 \u200b\u200bprehliadky so sprievodcom v Brne. Zarezervujte si v\u00fdlety a transfery v Brne na transferovej Eur\u00f3pe \u2714 Ve\u013ek\u00fd vozov\u00fd park \u2714 Profesion\u00e1lni vodi\u010di \u260e + 421 951 460 615.\" \/>\n<meta name=\"robots\" content=\"index, follow, max-snippet:-1, max-image-preview:large, max-video-preview:-1\" \/>\n<link rel=\"canonical\" href=\"https:\/\/transfereurope.com\/sk\/sukromne-prehliadky\/sukromne-prehliadky-v-brne\/\" \/>\n<meta property=\"og:locale\" content=\"sk_SK\" \/>\n<meta property=\"og:type\" content=\"article\" \/>\n<meta property=\"og:title\" content=\"Sprievodn\u00e1 prehliadka Brno - Transfer po Eur\u00f3pe\" \/>\n<meta property=\"og:description\" content=\"S\u00fakromn\u00e9 \u200b\u200bprehliadky so sprievodcom v Brne. Zarezervujte si v\u00fdlety a transfery v Brne na transferovej Eur\u00f3pe \u2714 Ve\u013ek\u00fd vozov\u00fd park \u2714 Profesion\u00e1lni vodi\u010di \u260e + 421 951 460 615.\" \/>\n<meta property=\"og:url\" content=\"https:\/\/transfereurope.com\/sk\/sukromne-prehliadky\/sukromne-prehliadky-v-brne\/\" \/>\n<meta property=\"og:site_name\" content=\"transfereurope\" \/>\n<meta property=\"og:image\" content=\"https:\/\/transfereurope.com\/wp-content\/uploads\/2025\/08\/Private_Brno_Tour_1-5-1.png\" \/>\n\t<meta property=\"og:image:width\" content=\"940\" \/>\n\t<meta property=\"og:image:height\" content=\"788\" \/>\n\t<meta property=\"og:image:type\" content=\"image\/png\" \/>\n<meta name=\"twitter:card\" content=\"summary_large_image\" \/>\n<meta name=\"twitter:label1\" content=\"Predpokladan\u00fd \u010das \u010d\u00edtania\" \/>\n\t<meta name=\"twitter:data1\" content=\"2 min\u00faty\" \/>\n<script type=\"application\/ld+json\" class=\"yoast-schema-graph\">{\"@context\":\"https:\/\/schema.org\",\"@graph\":[{\"@type\":\"WebPage\",\"@id\":\"https:\/\/transfereurope.com\/sk\/sukromne-prehliadky\/sukromne-prehliadky-v-brne\/\",\"url\":\"https:\/\/transfereurope.com\/sk\/sukromne-prehliadky\/sukromne-prehliadky-v-brne\/\",\"name\":\"Sprievodn\u00e1 prehliadka Brno - Transfer po Eur\u00f3pe\",\"isPartOf\":{\"@id\":\"https:\/\/transfereurope.com\/sk\/#website\"},\"primaryImageOfPage\":{\"@id\":\"https:\/\/transfereurope.com\/sk\/sukromne-prehliadky\/sukromne-prehliadky-v-brne\/#primaryimage\"},\"image\":{\"@id\":\"https:\/\/transfereurope.com\/sk\/sukromne-prehliadky\/sukromne-prehliadky-v-brne\/#primaryimage\"},\"thumbnailUrl\":\"https:\/\/transfereurope.com\/wp-content\/uploads\/2025\/08\/Private_Brno_Tour_1-5-1.png\",\"datePublished\":\"2025-08-04T20:48:42+00:00\",\"description\":\"S\u00fakromn\u00e9 \u200b\u200bprehliadky so sprievodcom v Brne. Zarezervujte si v\u00fdlety a transfery v Brne na transferovej Eur\u00f3pe \u2714 Ve\u013ek\u00fd vozov\u00fd park \u2714 Profesion\u00e1lni vodi\u010di \u260e + 421 951 460 615.\",\"breadcrumb\":{\"@id\":\"https:\/\/transfereurope.com\/sk\/sukromne-prehliadky\/sukromne-prehliadky-v-brne\/#breadcrumb\"},\"inLanguage\":\"sk-SK\",\"potentialAction\":[{\"@type\":\"ReadAction\",\"target\":[\"https:\/\/transfereurope.com\/sk\/sukromne-prehliadky\/sukromne-prehliadky-v-brne\/\"]}]},{\"@type\":\"ImageObject\",\"inLanguage\":\"sk-SK\",\"@id\":\"https:\/\/transfereurope.com\/sk\/sukromne-prehliadky\/sukromne-prehliadky-v-brne\/#primaryimage\",\"url\":\"https:\/\/transfereurope.com\/wp-content\/uploads\/2025\/08\/Private_Brno_Tour_1-5-1.png\",\"contentUrl\":\"https:\/\/transfereurope.com\/wp-content\/uploads\/2025\/08\/Private_Brno_Tour_1-5-1.png\",\"width\":940,\"height\":788},{\"@type\":\"BreadcrumbList\",\"@id\":\"https:\/\/transfereurope.com\/sk\/sukromne-prehliadky\/sukromne-prehliadky-v-brne\/#breadcrumb\",\"itemListElement\":[{\"@type\":\"ListItem\",\"position\":1,\"name\":\"Home\",\"item\":\"https:\/\/transfereurope.com\/sk\/\"},{\"@type\":\"ListItem\",\"position\":2,\"name\":\"Individu\u00e1lna prehliadka v Brne\"}]},{\"@type\":\"WebSite\",\"@id\":\"https:\/\/transfereurope.com\/sk\/#website\",\"url\":\"https:\/\/transfereurope.com\/sk\/\",\"name\":\"transfereurope\",\"description\":\"\",\"publisher\":{\"@id\":\"https:\/\/transfereurope.com\/sk\/#organization\"},\"potentialAction\":[{\"@type\":\"SearchAction\",\"target\":{\"@type\":\"EntryPoint\",\"urlTemplate\":\"https:\/\/transfereurope.com\/sk\/?s={search_term_string}\"},\"query-input\":{\"@type\":\"PropertyValueSpecification\",\"valueRequired\":true,\"valueName\":\"search_term_string\"}}],\"inLanguage\":\"sk-SK\"},{\"@type\":\"Organization\",\"@id\":\"https:\/\/transfereurope.com\/sk\/#organization\",\"name\":\"transfereurope\",\"url\":\"https:\/\/transfereurope.com\/sk\/\",\"logo\":{\"@type\":\"ImageObject\",\"inLanguage\":\"sk-SK\",\"@id\":\"https:\/\/transfereurope.com\/sk\/#\/schema\/logo\/image\/\",\"url\":\"https:\/\/transfereurope.com\/wp-content\/uploads\/2025\/08\/TRANSFERS-1655.png\",\"contentUrl\":\"https:\/\/transfereurope.com\/wp-content\/uploads\/2025\/08\/TRANSFERS-1655.png\",\"width\":500,\"height\":274,\"caption\":\"transfereurope\"},\"image\":{\"@id\":\"https:\/\/transfereurope.com\/sk\/#\/schema\/logo\/image\/\"}}]}<\/script>\n<!-- \/ Yoast SEO plugin. -->","yoast_head_json":{"title":"Sprievodn\u00e1 prehliadka Brno - Transfer po Eur\u00f3pe","description":"S\u00fakromn\u00e9 \u200b\u200bprehliadky so sprievodcom v Brne. Zarezervujte si v\u00fdlety a transfery v Brne na transferovej Eur\u00f3pe \u2714 Ve\u013ek\u00fd vozov\u00fd park \u2714 Profesion\u00e1lni vodi\u010di \u260e + 421 951 460 615.","robots":{"index":"index","follow":"follow","max-snippet":"max-snippet:-1","max-image-preview":"max-image-preview:large","max-video-preview":"max-video-preview:-1"},"canonical":"https:\/\/transfereurope.com\/sk\/sukromne-prehliadky\/sukromne-prehliadky-v-brne\/","og_locale":"sk_SK","og_type":"article","og_title":"Sprievodn\u00e1 prehliadka Brno - Transfer po Eur\u00f3pe","og_description":"S\u00fakromn\u00e9 \u200b\u200bprehliadky so sprievodcom v Brne. Zarezervujte si v\u00fdlety a transfery v Brne na transferovej Eur\u00f3pe \u2714 Ve\u013ek\u00fd vozov\u00fd park \u2714 Profesion\u00e1lni vodi\u010di \u260e + 421 951 460 615.","og_url":"https:\/\/transfereurope.com\/sk\/sukromne-prehliadky\/sukromne-prehliadky-v-brne\/","og_site_name":"transfereurope","og_image":[{"width":940,"height":788,"url":"https:\/\/transfereurope.com\/wp-content\/uploads\/2025\/08\/Private_Brno_Tour_1-5-1.png","type":"image\/png"}],"twitter_card":"summary_large_image","twitter_misc":{"Predpokladan\u00fd \u010das \u010d\u00edtania":"2 min\u00faty"},"schema":{"@context":"https:\/\/schema.org","@graph":[{"@type":"WebPage","@id":"https:\/\/transfereurope.com\/sk\/sukromne-prehliadky\/sukromne-prehliadky-v-brne\/","url":"https:\/\/transfereurope.com\/sk\/sukromne-prehliadky\/sukromne-prehliadky-v-brne\/","name":"Sprievodn\u00e1 prehliadka Brno - Transfer po Eur\u00f3pe","isPartOf":{"@id":"https:\/\/transfereurope.com\/sk\/#website"},"primaryImageOfPage":{"@id":"https:\/\/transfereurope.com\/sk\/sukromne-prehliadky\/sukromne-prehliadky-v-brne\/#primaryimage"},"image":{"@id":"https:\/\/transfereurope.com\/sk\/sukromne-prehliadky\/sukromne-prehliadky-v-brne\/#primaryimage"},"thumbnailUrl":"https:\/\/transfereurope.com\/wp-content\/uploads\/2025\/08\/Private_Brno_Tour_1-5-1.png","datePublished":"2025-08-04T20:48:42+00:00","description":"S\u00fakromn\u00e9 \u200b\u200bprehliadky so sprievodcom v Brne. Zarezervujte si v\u00fdlety a transfery v Brne na transferovej Eur\u00f3pe \u2714 Ve\u013ek\u00fd vozov\u00fd park \u2714 Profesion\u00e1lni vodi\u010di \u260e + 421 951 460 615.","breadcrumb":{"@id":"https:\/\/transfereurope.com\/sk\/sukromne-prehliadky\/sukromne-prehliadky-v-brne\/#breadcrumb"},"inLanguage":"sk-SK","potentialAction":[{"@type":"ReadAction","target":["https:\/\/transfereurope.com\/sk\/sukromne-prehliadky\/sukromne-prehliadky-v-brne\/"]}]},{"@type":"ImageObject","inLanguage":"sk-SK","@id":"https:\/\/transfereurope.com\/sk\/sukromne-prehliadky\/sukromne-prehliadky-v-brne\/#primaryimage","url":"https:\/\/transfereurope.com\/wp-content\/uploads\/2025\/08\/Private_Brno_Tour_1-5-1.png","contentUrl":"https:\/\/transfereurope.com\/wp-content\/uploads\/2025\/08\/Private_Brno_Tour_1-5-1.png","width":940,"height":788},{"@type":"BreadcrumbList","@id":"https:\/\/transfereurope.com\/sk\/sukromne-prehliadky\/sukromne-prehliadky-v-brne\/#breadcrumb","itemListElement":[{"@type":"ListItem","position":1,"name":"Home","item":"https:\/\/transfereurope.com\/sk\/"},{"@type":"ListItem","position":2,"name":"Individu\u00e1lna prehliadka v Brne"}]},{"@type":"WebSite","@id":"https:\/\/transfereurope.com\/sk\/#website","url":"https:\/\/transfereurope.com\/sk\/","name":"transfereurope","description":"","publisher":{"@id":"https:\/\/transfereurope.com\/sk\/#organization"},"potentialAction":[{"@type":"SearchAction","target":{"@type":"EntryPoint","urlTemplate":"https:\/\/transfereurope.com\/sk\/?s={search_term_string}"},"query-input":{"@type":"PropertyValueSpecification","valueRequired":true,"valueName":"search_term_string"}}],"inLanguage":"sk-SK"},{"@type":"Organization","@id":"https:\/\/transfereurope.com\/sk\/#organization","name":"transfereurope","url":"https:\/\/transfereurope.com\/sk\/","logo":{"@type":"ImageObject","inLanguage":"sk-SK","@id":"https:\/\/transfereurope.com\/sk\/#\/schema\/logo\/image\/","url":"https:\/\/transfereurope.com\/wp-content\/uploads\/2025\/08\/TRANSFERS-1655.png","contentUrl":"https:\/\/transfereurope.com\/wp-content\/uploads\/2025\/08\/TRANSFERS-1655.png","width":500,"height":274,"caption":"transfereurope"},"image":{"@id":"https:\/\/transfereurope.com\/sk\/#\/schema\/logo\/image\/"}}]}},"_links":{"self":[{"href":"https:\/\/transfereurope.com\/sk\/wp-json\/wp\/v2\/pages\/23819","targetHints":{"allow":["GET"]}}],"collection":[{"href":"https:\/\/transfereurope.com\/sk\/wp-json\/wp\/v2\/pages"}],"about":[{"href":"https:\/\/transfereurope.com\/sk\/wp-json\/wp\/v2\/types\/page"}],"author":[{"embeddable":true,"href":"https:\/\/transfereurope.com\/sk\/wp-json\/wp\/v2\/users\/1"}],"replies":[{"embeddable":true,"href":"https:\/\/transfereurope.com\/sk\/wp-json\/wp\/v2\/comments?post=23819"}],"version-history":[{"count":0,"href":"https:\/\/transfereurope.com\/sk\/wp-json\/wp\/v2\/pages\/23819\/revisions"}],"up":[{"embeddable":true,"href":"https:\/\/transfereurope.com\/sk\/wp-json\/wp\/v2\/pages\/18348"}],"wp:featuredmedia":[{"embeddable":true,"href":"https:\/\/transfereurope.com\/sk\/wp-json\/wp\/v2\/media\/23820"}],"wp:attachment":[{"href":"https:\/\/transfereurope.com\/sk\/wp-json\/wp\/v2\/media?parent=23819"}],"curies":[{"name":"wp","href":"https:\/\/api.w.org\/{rel}","templated":true}]}}