{"id":23045,"date":"2025-08-04T20:41:18","date_gmt":"2025-08-04T20:41:18","guid":{"rendered":"https:\/\/transfereurope.com\/z-budapesti\/"},"modified":"2025-08-04T20:41:18","modified_gmt":"2025-08-04T20:41:18","slug":"z-budapesti","status":"publish","type":"page","link":"https:\/\/transfereurope.com\/sk\/outlet-parndorf\/z-budapesti\/","title":{"rendered":"z Budape\u0161ti"},"content":{"rendered":"<div id=\"t4-masthead\" class=\"t4-section  t4-masthead\"> <div class=\"t4-col text-center\"> <div class=\"ja-masthead\" > <div class=\"ja-masthead-detail\">                 <!---->            <\/p> <div class=\"block-breadcrumb\"> <div class=\"moduletable\"> <div aria-label=\"Breadcrumbs\" role=\"navigation\"> <ul  class=\"breadcrumb\"> <li class=\"active\"> \t\t\t\t<span class=\"fas fa-map-marker-alt home-map\"><\/span> \t\t\t<\/li> <li itemprop='itemListElement' > \t\t\t\t\t\t\t\t\t\t\t<a  href=\"\/sk\/\" class=\"pathway\"><span itemprop=\"name\">Hlavn\u00e1 str\u00e1nka<\/span><\/a> \t\t\t\t\t \t\t\t\t\t\t\t\t\t\t\t<span class=\"divider\"> \t\t\t\t\t\t\t<i class=\"fa fa-angle-double-right\" aria-hidden=\"true\"><\/i> \t\t\t\t\t\t<\/span> \t\t\t\t\t\t\t\t\t\t<meta  content=\"1\"> \t\t\t\t<\/li> <li itemprop='itemListElement' > \t\t\t\t\t\t\t\t\t\t\t<a  href=\"\/sk\/outlet-parndorf\" class=\"pathway\"><span itemprop=\"name\">Parndorf<\/span><\/a> \t\t\t\t\t \t\t\t\t\t\t\t\t\t\t\t<span class=\"divider\"> \t\t\t\t\t\t\t<i class=\"fa fa-angle-double-right\" aria-hidden=\"true\"><\/i> \t\t\t\t\t\t<\/span> \t\t\t\t\t\t\t\t\t\t<meta  content=\"2\"> \t\t\t\t<\/li> <li   class=\"active\"> \t\t\t\t\t<span itemprop=\"name\"> \t\t\t\t\t\tz Budape\u0161ti\t\t\t\t\t<\/span> \t\t\t\t\t<meta  content=\"3\"> \t\t\t\t<\/li> <\/ul><\/div> <\/p><\/div> <\/p><\/div> <\/p><\/div> <\/p><\/div> <pre><\/pre> <\/div> <\/div> <div id=\"t4-main-body\" class=\"t4-section  t4-main-body\" role=\"main body\"> <div class=\"t4-section-inner container\"> <div class=\"t4-row row\"> <div class=\"t4-col col-12 col-xl\"> <div id=\"system-message-container\"> \t<\/div>     <div class=\"com-content-category-blog blog layout-view-tours-list\">\n        <div class=\"browse-view\">\n\n            <div class=\"page-subheader clearfix\">\n                <h1 class=\"page-subtitle\">\n                    <span class=\"subheading-category\">z Budape\u0161ti<\/span>\n                <\/h1>\n            <\/div>\n\n                            <div class=\"items-row cols-2 row-0 row\">\n                                            <div class=\"col-12 col-lg-6\">\n                            <div class=\"item\" data-vm=\"product-container\">\n                                <figure class=\"pull-right item-image\">\n                                    <a title=\"Transfer z Budape\u0161ti do outletu Parndorf\" href=\"https:\/\/transfereurope.com\/sk\/outlet-parndorf\/z-budapesti\/transfer-z-budapesti-do-outletu-parndorf\/\">\n                                        <img decoding=\"async\" class=\"browseProductImage\" loading=\"lazy\" src=\"https:\/\/transfereurope.com\/wp-content\/uploads\/2025\/08\/Europe-Destinations-Transfers-123-7-1-225x300.jpg\" alt=\"Transfer z Budape\u0161ti do outletu Parndorf\">\n                                    <\/a>\n                                    <figcaption class=\"caption\">Transfer z Budape\u0161ti do outletu Parndorf<\/figcaption>\n                                <\/figure>\n\n                                <div class=\"item-content\">\n                                    <div class=\"category-article-dot\">\n                                        <div class=\"category-name\">\n                                            <a href=\"https:\/\/transfereurope.com\/sk\/outlet-parndorf\/z-budapesti\/\" itemprop=\"genre\">\n                                                z Budape\u0161ti                                            <\/a>\n                                        <\/div>\n                                    <\/div>\n                                    <div class=\"page-header\">\n                                        <h2 itemprop=\"headline\">\n                                            <a href=\"https:\/\/transfereurope.com\/sk\/outlet-parndorf\/z-budapesti\/transfer-z-budapesti-do-outletu-parndorf\/\" itemprop=\"url\">\n                                                Transfer z Budape\u0161ti do outletu Parndorf                                            <\/a>\n                                        <\/h2>\n                                    <\/div>\n                                    <div class=\"text-danger tour-price\">\n                                        <a href=\"https:\/\/transfereurope.com\/sk\/outlet-parndorf\/z-budapesti\/transfer-z-budapesti-do-outletu-parndorf\/#rezervovat-transfer\">Booking<\/a>\n                                    <\/div>\n                                <\/div>\n                            <\/div>\n                        <\/div>\n                                        <div class=\"clear\"><\/div>\n                <\/div>\n                \n            \n        <\/div>\n    <\/div>\n     <p>  <!-- end browse-view --> <\/p> <div class=\"vrvote-body\"> <ul class=\"vrvote-ul\"> <li id=\"rating_12\" class=\"current-rating\" style=\"width:99.09%;\"><\/li> <li> \t\t\t\t\t\t<a class=\"vr-one-star\" onclick=\"javascript:JSVRvote(12,1,218,44,0)\" href=\"javascript:void(null)\">1<\/a> \t\t\t\t\t<\/li> <li> \t\t\t\t\t\t<a class=\"vr-two-stars\" onclick=\"javascript:JSVRvote(12,2,218,44,0)\" href=\"javascript:void(null)\">2<\/a> \t\t\t\t\t<\/li> <li> \t\t\t\t\t\t<a class=\"vr-three-stars\" onclick=\"javascript:JSVRvote(12,3,218,44,0)\" href=\"javascript:void(null)\">3<\/a> \t\t\t\t\t<\/li> <li> \t\t\t\t\t\t<a class=\"vr-four-stars\" onclick=\"javascript:JSVRvote(12,4,218,44,0)\" href=\"javascript:void(null)\">4<\/a> \t\t\t\t\t<\/li> <li> \t\t\t\t\t\t<a class=\"vr-five-stars\" onclick=\"javascript:JSVRvote(12,5,218,44,0)\" href=\"javascript:void(null)\">5<\/a> \t\t\t\t\t<\/li> <\/ul><\/div> <p> \t\t\t<span id=\"vrvote_12\" class=\"vrvote-count\"><small><\/small><\/span>\t<\/span><script type=\"application\/ld+json\"><\/script>  <\/p> <div class=\"category_description\"> \t<\/div> <p>       <script type=\"text\/javascript\" ><\/script>  <script type=\"text\/javascript\" ><\/script> <script type=\"text\/javascript\" ><\/script>  <script type=\"text\/javascript\" ><\/script>  <\/div> <div class=\"t4-col sidebar-r col-12 col-xl-4\"> <div class=\"t4-module module\" id=\"Mod306\"> <div class=\"module-inner\"> <div class=\"module-ct\"> <div class=\"bannergroup\"> <div class=\"banneritem\"> \t\t\t\t\t\t\t\t\t\t\t\t\t\t\t\t\t\t\t\t\t\t\t\t\t\t\t\t\t\t\t\t\t\t\t\t\t\t\t\t\t\t\t\t\t\t\t\t\t\t<img \t\t\t\t\t\tsrc=\"\/wp-content\/uploads\/2025\/08\/banner-transfer-europe-sk-48.png\" \t\t\t\t\t\talt=\"Banner-sk\" \t\t\t\t\t\t\t\t\t\t\t\t\t\t\t\t\t\/> \t\t\t\t\t\t\t\t\t\t\t<\/p> <div class=\"clr\"><\/div> <\/p><\/div> <\/p><\/div> <\/p><\/div> <\/div> <\/div><\/div> <\/p><\/div> <\/div><\/div> <div id=\"t4-section-8\" class=\"t4-section  t4-section-8  section-border-top\" role=\"section-8\"> <div class=\"bg-overlay bg-overlay-image\">&nbsp;<\/div> <\/p><\/div> <p>  <a href='javascript:' id='back-to-top'><i class='fa fa-chevron-up'><\/i><\/a>                <\/p>","protected":false},"excerpt":{"rendered":"<p>Hlavn\u00e1 str\u00e1nka Parndorf z Budape\u0161ti z Budape\u0161ti Transfer z Budape\u0161ti do outletu Parndorf z Budape\u0161ti Transfer z Budape\u0161ti do outletu Parndorf Booking 1 2 3 4 5 &nbsp;<\/p>\n","protected":false},"author":1,"featured_media":23046,"parent":114570,"menu_order":0,"comment_status":"closed","ping_status":"closed","template":"","meta":{"footnotes":""},"class_list":["post-23045","page","type-page","status-publish","has-post-thumbnail","hentry"],"yoast_head":"<!-- This site is optimized with the Yoast SEO plugin v25.6 - https:\/\/yoast.com\/wordpress\/plugins\/seo\/ -->\n<title>Transfer do outletu Parndorf z Budape\u0161ti - Transfer Europe<\/title>\n<meta name=\"description\" content=\"Transferov\u00e1 objedn\u00e1vka Budapest-Parndorf Outlet s osobn\u00fdm vodi\u010dom. Prenajmite si auto do outletu Parndorf z Budape\u0161ti v spolo\u010dnosti Transfer Europe \u2714 Ve\u013ek\u00fd vozov\u00fd park \u2714 Profesion\u00e1lni vodi\u010di \u260e +421 940 904 184\" \/>\n<meta name=\"robots\" content=\"index, follow, max-snippet:-1, max-image-preview:large, max-video-preview:-1\" \/>\n<link rel=\"canonical\" href=\"https:\/\/transfereurope.com\/sk\/outlet-parndorf\/z-budapesti\/\" \/>\n<meta property=\"og:locale\" content=\"sk_SK\" \/>\n<meta property=\"og:type\" content=\"article\" \/>\n<meta property=\"og:title\" content=\"Transfer do outletu Parndorf z Budape\u0161ti - Transfer Europe\" \/>\n<meta property=\"og:description\" content=\"Transferov\u00e1 objedn\u00e1vka Budapest-Parndorf Outlet s osobn\u00fdm vodi\u010dom. Prenajmite si auto do outletu Parndorf z Budape\u0161ti v spolo\u010dnosti Transfer Europe \u2714 Ve\u013ek\u00fd vozov\u00fd park \u2714 Profesion\u00e1lni vodi\u010di \u260e +421 940 904 184\" \/>\n<meta property=\"og:url\" content=\"https:\/\/transfereurope.com\/sk\/outlet-parndorf\/z-budapesti\/\" \/>\n<meta property=\"og:site_name\" content=\"transfereurope\" \/>\n<meta property=\"og:image\" content=\"https:\/\/transfereurope.com\/wp-content\/uploads\/2025\/08\/Europe-Destinations-Transfers-39-5-1.jpg\" \/>\n\t<meta property=\"og:image:width\" content=\"1500\" \/>\n\t<meta property=\"og:image:height\" content=\"2000\" \/>\n\t<meta property=\"og:image:type\" content=\"image\/jpeg\" \/>\n<meta name=\"twitter:card\" content=\"summary_large_image\" \/>\n<script type=\"application\/ld+json\" class=\"yoast-schema-graph\">{\"@context\":\"https:\/\/schema.org\",\"@graph\":[{\"@type\":\"WebPage\",\"@id\":\"https:\/\/transfereurope.com\/sk\/outlet-parndorf\/z-budapesti\/\",\"url\":\"https:\/\/transfereurope.com\/sk\/outlet-parndorf\/z-budapesti\/\",\"name\":\"Transfer do outletu Parndorf z Budape\u0161ti - Transfer Europe\",\"isPartOf\":{\"@id\":\"https:\/\/transfereurope.com\/sk\/#website\"},\"primaryImageOfPage\":{\"@id\":\"https:\/\/transfereurope.com\/sk\/outlet-parndorf\/z-budapesti\/#primaryimage\"},\"image\":{\"@id\":\"https:\/\/transfereurope.com\/sk\/outlet-parndorf\/z-budapesti\/#primaryimage\"},\"thumbnailUrl\":\"https:\/\/transfereurope.com\/wp-content\/uploads\/2025\/08\/Europe-Destinations-Transfers-39-5-1.jpg\",\"datePublished\":\"2025-08-04T20:41:18+00:00\",\"description\":\"Transferov\u00e1 objedn\u00e1vka Budapest-Parndorf Outlet s osobn\u00fdm vodi\u010dom. Prenajmite si auto do outletu Parndorf z Budape\u0161ti v spolo\u010dnosti Transfer Europe \u2714 Ve\u013ek\u00fd vozov\u00fd park \u2714 Profesion\u00e1lni vodi\u010di \u260e +421 940 904 184\",\"breadcrumb\":{\"@id\":\"https:\/\/transfereurope.com\/sk\/outlet-parndorf\/z-budapesti\/#breadcrumb\"},\"inLanguage\":\"sk-SK\",\"potentialAction\":[{\"@type\":\"ReadAction\",\"target\":[\"https:\/\/transfereurope.com\/sk\/outlet-parndorf\/z-budapesti\/\"]}]},{\"@type\":\"ImageObject\",\"inLanguage\":\"sk-SK\",\"@id\":\"https:\/\/transfereurope.com\/sk\/outlet-parndorf\/z-budapesti\/#primaryimage\",\"url\":\"https:\/\/transfereurope.com\/wp-content\/uploads\/2025\/08\/Europe-Destinations-Transfers-39-5-1.jpg\",\"contentUrl\":\"https:\/\/transfereurope.com\/wp-content\/uploads\/2025\/08\/Europe-Destinations-Transfers-39-5-1.jpg\",\"width\":1500,\"height\":2000},{\"@type\":\"BreadcrumbList\",\"@id\":\"https:\/\/transfereurope.com\/sk\/outlet-parndorf\/z-budapesti\/#breadcrumb\",\"itemListElement\":[{\"@type\":\"ListItem\",\"position\":1,\"name\":\"Home\",\"item\":\"https:\/\/transfereurope.com\/sk\/\"},{\"@type\":\"ListItem\",\"position\":2,\"name\":\"z Budape\u0161ti\"}]},{\"@type\":\"WebSite\",\"@id\":\"https:\/\/transfereurope.com\/sk\/#website\",\"url\":\"https:\/\/transfereurope.com\/sk\/\",\"name\":\"transfereurope\",\"description\":\"\",\"publisher\":{\"@id\":\"https:\/\/transfereurope.com\/sk\/#organization\"},\"potentialAction\":[{\"@type\":\"SearchAction\",\"target\":{\"@type\":\"EntryPoint\",\"urlTemplate\":\"https:\/\/transfereurope.com\/sk\/?s={search_term_string}\"},\"query-input\":{\"@type\":\"PropertyValueSpecification\",\"valueRequired\":true,\"valueName\":\"search_term_string\"}}],\"inLanguage\":\"sk-SK\"},{\"@type\":\"Organization\",\"@id\":\"https:\/\/transfereurope.com\/sk\/#organization\",\"name\":\"transfereurope\",\"url\":\"https:\/\/transfereurope.com\/sk\/\",\"logo\":{\"@type\":\"ImageObject\",\"inLanguage\":\"sk-SK\",\"@id\":\"https:\/\/transfereurope.com\/sk\/#\/schema\/logo\/image\/\",\"url\":\"https:\/\/transfereurope.com\/wp-content\/uploads\/2025\/08\/TRANSFERS-1655.png\",\"contentUrl\":\"https:\/\/transfereurope.com\/wp-content\/uploads\/2025\/08\/TRANSFERS-1655.png\",\"width\":500,\"height\":274,\"caption\":\"transfereurope\"},\"image\":{\"@id\":\"https:\/\/transfereurope.com\/sk\/#\/schema\/logo\/image\/\"}}]}<\/script>\n<!-- \/ Yoast SEO plugin. -->","yoast_head_json":{"title":"Transfer do outletu Parndorf z Budape\u0161ti - Transfer Europe","description":"Transferov\u00e1 objedn\u00e1vka Budapest-Parndorf Outlet s osobn\u00fdm vodi\u010dom. Prenajmite si auto do outletu Parndorf z Budape\u0161ti v spolo\u010dnosti Transfer Europe \u2714 Ve\u013ek\u00fd vozov\u00fd park \u2714 Profesion\u00e1lni vodi\u010di \u260e +421 940 904 184","robots":{"index":"index","follow":"follow","max-snippet":"max-snippet:-1","max-image-preview":"max-image-preview:large","max-video-preview":"max-video-preview:-1"},"canonical":"https:\/\/transfereurope.com\/sk\/outlet-parndorf\/z-budapesti\/","og_locale":"sk_SK","og_type":"article","og_title":"Transfer do outletu Parndorf z Budape\u0161ti - Transfer Europe","og_description":"Transferov\u00e1 objedn\u00e1vka Budapest-Parndorf Outlet s osobn\u00fdm vodi\u010dom. Prenajmite si auto do outletu Parndorf z Budape\u0161ti v spolo\u010dnosti Transfer Europe \u2714 Ve\u013ek\u00fd vozov\u00fd park \u2714 Profesion\u00e1lni vodi\u010di \u260e +421 940 904 184","og_url":"https:\/\/transfereurope.com\/sk\/outlet-parndorf\/z-budapesti\/","og_site_name":"transfereurope","og_image":[{"width":1500,"height":2000,"url":"https:\/\/transfereurope.com\/wp-content\/uploads\/2025\/08\/Europe-Destinations-Transfers-39-5-1.jpg","type":"image\/jpeg"}],"twitter_card":"summary_large_image","schema":{"@context":"https:\/\/schema.org","@graph":[{"@type":"WebPage","@id":"https:\/\/transfereurope.com\/sk\/outlet-parndorf\/z-budapesti\/","url":"https:\/\/transfereurope.com\/sk\/outlet-parndorf\/z-budapesti\/","name":"Transfer do outletu Parndorf z Budape\u0161ti - Transfer Europe","isPartOf":{"@id":"https:\/\/transfereurope.com\/sk\/#website"},"primaryImageOfPage":{"@id":"https:\/\/transfereurope.com\/sk\/outlet-parndorf\/z-budapesti\/#primaryimage"},"image":{"@id":"https:\/\/transfereurope.com\/sk\/outlet-parndorf\/z-budapesti\/#primaryimage"},"thumbnailUrl":"https:\/\/transfereurope.com\/wp-content\/uploads\/2025\/08\/Europe-Destinations-Transfers-39-5-1.jpg","datePublished":"2025-08-04T20:41:18+00:00","description":"Transferov\u00e1 objedn\u00e1vka Budapest-Parndorf Outlet s osobn\u00fdm vodi\u010dom. Prenajmite si auto do outletu Parndorf z Budape\u0161ti v spolo\u010dnosti Transfer Europe \u2714 Ve\u013ek\u00fd vozov\u00fd park \u2714 Profesion\u00e1lni vodi\u010di \u260e +421 940 904 184","breadcrumb":{"@id":"https:\/\/transfereurope.com\/sk\/outlet-parndorf\/z-budapesti\/#breadcrumb"},"inLanguage":"sk-SK","potentialAction":[{"@type":"ReadAction","target":["https:\/\/transfereurope.com\/sk\/outlet-parndorf\/z-budapesti\/"]}]},{"@type":"ImageObject","inLanguage":"sk-SK","@id":"https:\/\/transfereurope.com\/sk\/outlet-parndorf\/z-budapesti\/#primaryimage","url":"https:\/\/transfereurope.com\/wp-content\/uploads\/2025\/08\/Europe-Destinations-Transfers-39-5-1.jpg","contentUrl":"https:\/\/transfereurope.com\/wp-content\/uploads\/2025\/08\/Europe-Destinations-Transfers-39-5-1.jpg","width":1500,"height":2000},{"@type":"BreadcrumbList","@id":"https:\/\/transfereurope.com\/sk\/outlet-parndorf\/z-budapesti\/#breadcrumb","itemListElement":[{"@type":"ListItem","position":1,"name":"Home","item":"https:\/\/transfereurope.com\/sk\/"},{"@type":"ListItem","position":2,"name":"z Budape\u0161ti"}]},{"@type":"WebSite","@id":"https:\/\/transfereurope.com\/sk\/#website","url":"https:\/\/transfereurope.com\/sk\/","name":"transfereurope","description":"","publisher":{"@id":"https:\/\/transfereurope.com\/sk\/#organization"},"potentialAction":[{"@type":"SearchAction","target":{"@type":"EntryPoint","urlTemplate":"https:\/\/transfereurope.com\/sk\/?s={search_term_string}"},"query-input":{"@type":"PropertyValueSpecification","valueRequired":true,"valueName":"search_term_string"}}],"inLanguage":"sk-SK"},{"@type":"Organization","@id":"https:\/\/transfereurope.com\/sk\/#organization","name":"transfereurope","url":"https:\/\/transfereurope.com\/sk\/","logo":{"@type":"ImageObject","inLanguage":"sk-SK","@id":"https:\/\/transfereurope.com\/sk\/#\/schema\/logo\/image\/","url":"https:\/\/transfereurope.com\/wp-content\/uploads\/2025\/08\/TRANSFERS-1655.png","contentUrl":"https:\/\/transfereurope.com\/wp-content\/uploads\/2025\/08\/TRANSFERS-1655.png","width":500,"height":274,"caption":"transfereurope"},"image":{"@id":"https:\/\/transfereurope.com\/sk\/#\/schema\/logo\/image\/"}}]}},"_links":{"self":[{"href":"https:\/\/transfereurope.com\/sk\/wp-json\/wp\/v2\/pages\/23045","targetHints":{"allow":["GET"]}}],"collection":[{"href":"https:\/\/transfereurope.com\/sk\/wp-json\/wp\/v2\/pages"}],"about":[{"href":"https:\/\/transfereurope.com\/sk\/wp-json\/wp\/v2\/types\/page"}],"author":[{"embeddable":true,"href":"https:\/\/transfereurope.com\/sk\/wp-json\/wp\/v2\/users\/1"}],"replies":[{"embeddable":true,"href":"https:\/\/transfereurope.com\/sk\/wp-json\/wp\/v2\/comments?post=23045"}],"version-history":[{"count":0,"href":"https:\/\/transfereurope.com\/sk\/wp-json\/wp\/v2\/pages\/23045\/revisions"}],"up":[{"embeddable":true,"href":"https:\/\/transfereurope.com\/sk\/wp-json\/wp\/v2\/pages\/114570"}],"wp:featuredmedia":[{"embeddable":true,"href":"https:\/\/transfereurope.com\/sk\/wp-json\/wp\/v2\/media\/23046"}],"wp:attachment":[{"href":"https:\/\/transfereurope.com\/sk\/wp-json\/wp\/v2\/media?parent=23045"}],"curies":[{"name":"wp","href":"https:\/\/api.w.org\/{rel}","templated":true}]}}