{"id":22523,"date":"2025-08-04T20:36:33","date_gmt":"2025-08-04T20:36:33","guid":{"rendered":"https:\/\/transfereurope.com\/rakuska-sluzba-sofera\/"},"modified":"2025-08-04T20:36:33","modified_gmt":"2025-08-04T20:36:33","slug":"rakuska-sluzba-sofera","status":"publish","type":"page","link":"https:\/\/transfereurope.com\/sk\/osobny-vodic\/rakuska-sluzba-sofera\/","title":{"rendered":"Rak\u00faska slu\u017eba \u0161of\u00e9ra"},"content":{"rendered":"\n<div id=\"t4-section-2\" class=\"t4-section  t4-section-2\" role=\"section-2\">\n<div class=\"bg-overlay bg-overlay-image\">&nbsp;<\/div>\n<div class=\"t4-section-inner container\">\n<div class=\"t4-section-inner section\" id=\"Mod1049\">\n<div class=\"section-inner\">\n<div class=\"container\">\n<div class=\"section-title-wrap text-center\">\n<h1 class=\"section-title h2 text-normal\"><span>Rak\u00faska slu\u017eba \u0161of\u00e9ra<\/span><\/h1>\n<p><span class=\"sub-heading font-heading-family text-normal\">Chauffeur Service in Austria is a good example of how you can get excellent service with minimal investment of time and effort<\/span><\/div>\n<\/div>\n<div class=\"section-ct\">\n<div id=\"acm-features-1049\" class=\"acm-features style-3\">\n<div class=\"container\">\n<div class=\"row\">\n<div class=\"col-lg-6 col-md-12 col-sm-12\">\n<div class=\"ft-image\">\n<div class=\"img-feature\">  \t\t\t\t\t\t\t<img decoding=\"async\" src=\"\/wp-content\/uploads\/2025\/08\/Austria_Chauffeur_Service_1-5.jpg\" alt=\"S\u00fakromn\u00fd transfer v Rak\u00fasku s vodi\u010dom\"\/>  \t\t\t\t\t\t<\/div>\n<\/p><\/div>\n<\/p><\/div>\n<div class=\"col-lg-6 col-md-12 col-sm-12\">\n<div class=\"ft-content\">\n<h3>S\u00fakromn\u00fd transfer v Rak\u00fasku s vodi\u010dom<\/h3>\n<p>Slu\u017eby osobn\u00fdch vodi\u010dov v Rak\u00fasku s\u00fa nezabudnute\u013en\u00fdm z\u00e1\u017eitkom, ke\u010f za\u017eijete, ak\u00e9 to je vidie\u0165 <a href=\"\/sk\/osobny-vodic\/osobny-vodic-vo-viedni\">Viede\u0148<\/a>, Linz, Klagenfurt a Graz z okna pohodln\u00e9ho auta bez toho, aby v\u00e1s rozpty\u013eovala cesta. Ke\u010f nasadnete do svojho vozidla so \u0161of\u00e9rom, m\u00f4\u017eete sa ponori\u0165 do n\u00e1dhernej krajiny rak\u00faskeho vidieka bez ob\u00e1v z jazdy alebo parkovania. <strong>S\u00fakromn\u00fd transfer v Rak\u00fasku<\/strong> je cesta v pohodl\u00ed, preto\u017ee vodi\u010d sa o v\u00e1s postar\u00e1 a bezpe\u010dne v\u00e1s odvezie na ak\u00fako\u013evek adresu. V\u0161etko, \u010do mus\u00edte urobi\u0165, je u\u017ei\u0165 si z\u00e1\u017eitok a relaxova\u0165 s vedom\u00edm, \u017ee vodi\u010d bude \u0161of\u00e9rova\u0165, k\u00fdm budete cestova\u0165.<\/p>\n<p> \t\t\t\t\t   \t\t\t\t\t   \t\t\t\t\t\t<a class=\"btn btn-secondary mt-3\" href=\"\/sk\/rezervovat-transfer\">  \t\t\t\t\t\t\tRezervova\u0165 \t\t\t\t\t\t<\/a>  \t\t\t\t\t \t\t\t\t<\/div>\n<\/p><\/div>\n<\/p><\/div>\n<\/p><\/div>\n<\/p><\/div>\n<p>    <script><\/script><\/div>\n<\/div>\n<\/div>\n<\/div><\/div>\n<div id=\"t4-section-6\" class=\"t4-section  t4-section-6   container-hd  t4-palette-secondary\" role=\"section-6\">\n<div class=\"t4-section-inner container\">\n<div class=\"t4-section-inner sectionmd-why\" id=\"Mod1050\">\n<div class=\"section-inner\">\n<div class=\"container\">\n<div class=\"section-title-wrap text-center\">\n<h2 class=\"section-title h2 text-white\"><span>Prepravn\u00e1 slu\u017eba v Rak\u00fasku pre pr\u00e9miov\u00e9, VIP a biznis triedy<\/span><\/h2>\n<p><span class=\"sub-heading font-heading-family text-white\">Book your trip anytime and make sure that you can travel in style, enjoy the Austrian landscapes and make good use of your time.<\/span><\/div>\n<\/div>\n<div class=\"section-ct\">\n<div class=\"acm-features style-2\">\n<div class=\"container\">\n<div class=\"features-wrap\">\n<div class=\"row\">\n<div class=\"col-sm-12 col-md-6 col-lg-6\">\n<div class=\"features-item\">\n<div class=\"img-icon mask-icon\"> \t\t\t\t\t\t\t\t<img decoding=\"async\" src=\"\/wp-content\/uploads\/2025\/08\/icons8-80-52.png\" alt=\"\" \/> \t\t\t\t\t\t\t<\/div>\n<div class=\"features-content\">\n<h3> \t\t\t\t\t\t\t\t\t\t\t\t\t\t\t\t\t\t\t<a class=\"heading-link\" href=\"#\"> \t\t\t\t\t\t\t\t\t \t\t\t\t\t\t\t\t\tVyberte Smer \t\t\t\t\t\t\t\t\t\t\t\t\t\t\t\t\t\t\t<\/a> \t\t\t\t\t\t\t\t\t\t\t\t\t\t\t\t\t<\/h3>\n<p> \t\t\t\t\t\t\t\t\t\t\t\t\t\t \t\t\t\t\t\t\t\t\t\t\t\t\t\t\t<span>Ak si chcete rezervova\u0165 pr\u00e9miov\u00fd transfer v Rak\u00fasku, zadajte po\u017eadovan\u00fa trasu. \u0160of\u00e9ri Transfer Europe poznaj\u00fa krajinu ve\u013emi dobre. Preto, ak chcete nav\u0161t\u00edvi\u0165 historick\u00e9 miesta, m\u00f4\u017eeme v\u00e1s zobra\u0165 na ak\u00fako\u013evek adresu. \u010ci u\u017e zostanete nieko\u013eko dn\u00ed alebo t\u00fd\u017ed\u0148ov.<\/span> \t\t\t\t\t\t\t\t\t\t\t\t\t<\/div>\n<\/p><\/div>\n<\/p><\/div>\n<div class=\"col-sm-12 col-md-6 col-lg-6\">\n<div class=\"features-item\">\n<div class=\"img-icon mask-icon\"> \t\t\t\t\t\t\t\t<img decoding=\"async\" src=\"\/wp-content\/uploads\/2025\/08\/icons8-car-91.png\" alt=\"\" \/> \t\t\t\t\t\t\t<\/div>\n<div class=\"features-content\">\n<h3> \t\t\t\t\t\t\t\t\t\t\t\t\t\t\t\t\t\t\t<a class=\"heading-link\" href=\"#\"> \t\t\t\t\t\t\t\t\t \t\t\t\t\t\t\t\t\tPren\u00e1jom vozidiel \t\t\t\t\t\t\t\t\t\t\t\t\t\t\t\t\t\t\t<\/a> \t\t\t\t\t\t\t\t\t\t\t\t\t\t\t\t\t<\/h3>\n<p> \t\t\t\t\t\t\t\t\t\t\t\t\t\t \t\t\t\t\t\t\t\t\t\t\t\t\t\t\t<span>Pon\u00fakame aut\u00e1 na ka\u017ed\u00fa pr\u00edle\u017eitos\u0165. Ak potrebujete slu\u017ebu limuz\u00edny na d\u00f4le\u017eit\u00fa obchodn\u00fa udalos\u0165 alebo \u0161peci\u00e1lnu dovolenku s rodinou, m\u00f4\u017eete vyu\u017ei\u0165 slu\u017ebu rak\u00faskeho \u0161of\u00e9ra a \u010fal\u0161ie mest\u00e1.<\/span> \t\t\t\t\t\t\t\t\t\t\t\t\t<\/div>\n<\/p><\/div>\n<\/p><\/div>\n<\/p><\/div>\n<div class=\"row\">\n<div class=\"col-sm-12 col-md-6 col-lg-6\">\n<div class=\"features-item\">\n<div class=\"img-icon mask-icon\"> \t\t\t\t\t\t\t\t<img decoding=\"async\" src=\"\/wp-content\/uploads\/2025\/08\/icons8-booking-91.png\" alt=\"\" \/> \t\t\t\t\t\t\t<\/div>\n<div class=\"features-content\">\n<h3> \t\t\t\t\t\t\t\t\t\t\t\t\t\t\t\t\t\t\t<a class=\"heading-link\" href=\"#\"> \t\t\t\t\t\t\t\t\t \t\t\t\t\t\t\t\t\tNajlep\u0161\u00ed \u0161of\u00e9ri v Rak\u00fasku \t\t\t\t\t\t\t\t\t\t\t\t\t\t\t\t\t\t\t<\/a> \t\t\t\t\t\t\t\t\t\t\t\t\t\t\t\t\t<\/h3>\n<p> \t\t\t\t\t\t\t\t\t\t\t\t\t\t \t\t\t\t\t\t\t\t\t\t\t\t\t\t\t<span>Poskytujeme podrobn\u00e9 inform\u00e1cie o vodi\u010dovi, ktor\u00fd v\u00e1s bude sprev\u00e1dza\u0165 na vami vybranej ceste. V\u00fdlet si m\u00f4\u017eete rezervova\u0165 vopred, na \u013eubovo\u013en\u00fd \u010das a trvanie.<\/span> \t\t\t\t\t\t\t\t\t\t\t\t\t<\/div>\n<\/p><\/div>\n<\/p><\/div>\n<div class=\"col-sm-12 col-md-6 col-lg-6\">\n<div class=\"features-item\">\n<div class=\"img-icon mask-icon\"> \t\t\t\t\t\t\t\t<img decoding=\"async\" src=\"\/wp-content\/uploads\/2025\/08\/icons8-reservations-52.png\" alt=\"\" \/> \t\t\t\t\t\t\t<\/div>\n<div class=\"features-content\">\n<h3> \t\t\t\t\t\t\t\t\t\t\t\t\t\t\t\t\t\t\t<a class=\"heading-link\" href=\"#\"> \t\t\t\t\t\t\t\t\t \t\t\t\t\t\t\t\t\tRezerv\u00e1cie \t\t\t\t\t\t\t\t\t\t\t\t\t\t\t\t\t\t\t<\/a> \t\t\t\t\t\t\t\t\t\t\t\t\t\t\t\t\t<\/h3>\n<p> \t\t\t\t\t\t\t\t\t\t\t\t\t\t \t\t\t\t\t\t\t\t\t\t\t\t\t\t\t<span>Rezerv\u00e1cie sa uskuto\u010d\u0148uj\u00fa bez probl\u00e9mov v\u010faka responz\u00edvnemu formul\u00e1ru \u017eiadosti, v poliach ktor\u00e9ho uvediete trasu, mesto, adresu hotela, \u010das pr\u00edchodu (ak je to potrebn\u00e9).<\/span> \t\t\t\t\t\t\t\t\t\t\t\t\t<\/div>\n<\/p><\/div>\n<\/p><\/div>\n<\/p><\/div>\n<\/p><\/div>\n<\/p><\/div>\n<\/p><\/div>\n<\/div>\n<\/div>\n<\/div>\n<\/div><\/div>\n<div id=\"t4-section-7\" class=\"t4-section  t4-section-7   section-border-bottom\" role=\"section-7\">\n<div class=\"t4-section-inner container\">\n<div class=\"t4-section-inner section\" id=\"Mod1051\">\n<div class=\"section-inner\">\n<div class=\"section-ct\">\n<div id=\"acm-features-1051\" class=\"acm-features style-3\">\n<div class=\"container\">\n<div class=\"row\">\n<div class=\"col-lg-6 col-md-12 col-sm-12\">\n<div class=\"ft-image\">\n<div class=\"img-feature\">  \t\t\t\t\t\t\t<img decoding=\"async\" src=\"\/wp-content\/uploads\/2025\/08\/Austria_Chauffeur_Service_2-4.jpg\" alt=\"Kde n\u00e1js\u0165 osobn\u00e9ho vodi\u010da v Rak\u00fasku? \u2013 Na Transfer Europe\"\/>  \t\t\t\t\t\t<\/div>\n<\/p><\/div>\n<\/p><\/div>\n<div class=\"col-lg-6 col-md-12 col-sm-12\">\n<div class=\"ft-content\">\n<h3>\n<h2>Kde n\u00e1js\u0165 osobn\u00e9ho vodi\u010da v Rak\u00fasku? \u2013 Na Transfer Europe<\/h2>\n<\/h3>\n<p>Vodi\u010di Transfer Europe s\u00fa dobre oble\u010den\u00ed, dokonale poznaj\u00fa oblas\u0165 a hovoria jazykom, ktor\u00fd preferujete. Poznaj\u00fa tie\u017e v\u0161etky trasy, ktor\u00fdmi cestuj\u00fa, a uk\u00e1\u017eu v\u00e1m miestne atrakcie a re\u0161taur\u00e1cie, ktor\u00e9 mus\u00edte po\u010das pobytu nav\u0161t\u00edvi\u0165. Odpor\u00fa\u010dame v\u00e1m vyu\u017ei\u0165 slu\u017eby osobn\u00e9ho vodi\u010da, aby ste mohli naplno obdivova\u0165 kr\u00e1sy Rak\u00faskej republiky.<\/p>\n<p>V\u00e1\u0161 <strong>\u0161of\u00e9r v Rak\u00fasku<\/strong> a tie\u017e poskytuje bezpe\u010dn\u00fa a pohodln\u00fa osobn\u00fa prepravu do v\u0161etk\u00fdch hlavn\u00fdch turistick\u00fdch miest: ve\u013ek\u00fdch miest, hradov, pamiatok a \u010fal\u0161\u00edch. M\u00f4\u017eeme poveda\u0165, \u017ee <strong>slu\u017eby \u0161of\u00e9ra v Rak\u00fasku<\/strong> m\u00f4\u017eu by\u0165 zdrojom skvel\u00fdch chv\u00ed\u013e s rodinou a priate\u013emi. Je to tie\u017e skvel\u00fd sp\u00f4sob, ako za\u017ei\u0165 skvel\u00fa dovolenku. Poskytne v\u00e1m pln\u00fa podporu a pomoc, aby bola va\u0161a cesta do Rak\u00faska pr\u00edjemn\u00fdm z\u00e1\u017eitkom.<\/p>\n<p> \t\t\t\t\t   \t\t\t\t\t   \t\t\t\t\t\t<a class=\"btn btn-secondary mt-3\" href=\"\/sk\/rezervovat-transfer\">  \t\t\t\t\t\t\tRezervova\u0165 \t\t\t\t\t\t<\/a>  \t\t\t\t\t \t\t\t\t<\/div>\n<\/p><\/div>\n<\/p><\/div>\n<\/p><\/div>\n<\/p><\/div>\n<p>    <script><\/script><\/div>\n<\/div>\n<\/div>\n<\/div><\/div>\n<div class=\"t4-section\" role=\"\">\n<div class=\"t4-section-inner container\">\n<div id=\"system-message-container\"> \t<\/div>\n<div class=\"com-content-category-blog blog layout-view-tours-list\" itemscope itemtype=\"https:\/\/schema.org\/Blog\"> \t \t \t \t \t \t\t\t\t \t \t \t \t\t\t\t<!-- \u041f\u043b\u0430\u0433\u0438\u043d \u0440\u0435\u0439\u0442\u0438\u043d\u0433\u0430 --> \t\t<\/p>\n<div class=\"vrvote-body\">\n<ul class=\"vrvote-ul\">\n<li id=\"rating_315\" class=\"current-rating\" style=\"width:100.00%;\"><\/li>\n<li> \t\t\t\t\t\t<a class=\"vr-one-star\" onclick=\"javascript:JSVRvote(315,1,35,7,0)\" href=\"javascript:void(null)\">1<\/a> \t\t\t\t\t<\/li>\n<li> \t\t\t\t\t\t<a class=\"vr-two-stars\" onclick=\"javascript:JSVRvote(315,2,35,7,0)\" href=\"javascript:void(null)\">2<\/a> \t\t\t\t\t<\/li>\n<li> \t\t\t\t\t\t<a class=\"vr-three-stars\" onclick=\"javascript:JSVRvote(315,3,35,7,0)\" href=\"javascript:void(null)\">3<\/a> \t\t\t\t\t<\/li>\n<li> \t\t\t\t\t\t<a class=\"vr-four-stars\" onclick=\"javascript:JSVRvote(315,4,35,7,0)\" href=\"javascript:void(null)\">4<\/a> \t\t\t\t\t<\/li>\n<li> \t\t\t\t\t\t<a class=\"vr-five-stars\" onclick=\"javascript:JSVRvote(315,5,35,7,0)\" href=\"javascript:void(null)\">5<\/a> \t\t\t\t\t<\/li>\n<\/ul><\/div>\n<p> \t\t\t<span id=\"vrvote_315\" class=\"vrvote-count\"><small><\/small><\/span>\t<\/span><\/div>\n<p> <script type=\"application\/ld+json\"><\/script>  <\/div>\n<\/p><\/div>\n<div id=\"t4-section-8\" class=\"t4-section  t4-section-8\" role=\"section-8\">\n<div class=\"bg-overlay bg-overlay-image\">&nbsp;<\/div>\n<\/p><\/div>\n<p>      <a href='javascript:' id='back-to-top'><i class='fa fa-chevron-up'><\/i><\/a>                <\/p>\n","protected":false},"excerpt":{"rendered":"<p>&nbsp; Rak\u00faska slu\u017eba \u0161of\u00e9ra Chauffeur Service in Austria is a good example of how you can get excellent service with minimal investment of time and effort S\u00fakromn\u00fd transfer v Rak\u00fasku s vodi\u010dom Slu\u017eby osobn\u00fdch vodi\u010dov v Rak\u00fasku s\u00fa nezabudnute\u013en\u00fdm z\u00e1\u017eitkom, ke\u010f za\u017eijete, ak\u00e9 to je vidie\u0165 Viede\u0148, Linz, Klagenfurt a Graz z okna pohodln\u00e9ho auta [&hellip;]<\/p>\n","protected":false},"author":1,"featured_media":22524,"parent":18255,"menu_order":0,"comment_status":"closed","ping_status":"closed","template":"","meta":{"footnotes":""},"class_list":["post-22523","page","type-page","status-publish","has-post-thumbnail","hentry"],"yoast_head":"<!-- This site is optimized with the Yoast SEO plugin v25.6 - https:\/\/yoast.com\/wordpress\/plugins\/seo\/ -->\n<title>Rak\u00faska slu\u017eba \u0161of\u00e9ra. S\u00fakromn\u00fd transfer v Rak\u00fasku \u2014 Transfer Europe<\/title>\n<meta name=\"description\" content=\"Rak\u00faska slu\u017eba \u0161of\u00e9ra a s\u00fakromn\u00e1 doprava. Najmite si vodi\u010da v Rak\u00fasku vo VIP aute cez Transfer Europe \u2714Po\u017ei\u010dov\u0148a vozidiel \u2714Limuz\u00edna \u2714Zru\u010dn\u00ed vodi\u010di.\" \/>\n<meta name=\"robots\" content=\"index, follow, max-snippet:-1, max-image-preview:large, max-video-preview:-1\" \/>\n<link rel=\"canonical\" href=\"https:\/\/transfereurope.com\/sk\/osobny-vodic\/rakuska-sluzba-sofera\/\" \/>\n<meta property=\"og:locale\" content=\"sk_SK\" \/>\n<meta property=\"og:type\" content=\"article\" \/>\n<meta property=\"og:title\" content=\"Rak\u00faska slu\u017eba \u0161of\u00e9ra. S\u00fakromn\u00fd transfer v Rak\u00fasku \u2014 Transfer Europe\" \/>\n<meta property=\"og:description\" content=\"Rak\u00faska slu\u017eba \u0161of\u00e9ra a s\u00fakromn\u00e1 doprava. Najmite si vodi\u010da v Rak\u00fasku vo VIP aute cez Transfer Europe \u2714Po\u017ei\u010dov\u0148a vozidiel \u2714Limuz\u00edna \u2714Zru\u010dn\u00ed vodi\u010di.\" \/>\n<meta property=\"og:url\" content=\"https:\/\/transfereurope.com\/sk\/osobny-vodic\/rakuska-sluzba-sofera\/\" \/>\n<meta property=\"og:site_name\" content=\"transfereurope\" \/>\n<meta property=\"og:image\" content=\"https:\/\/transfereurope.com\/wp-content\/uploads\/2025\/08\/Austria_Chauffeur_Service_1-5-1.jpg\" \/>\n\t<meta property=\"og:image:width\" content=\"960\" \/>\n\t<meta property=\"og:image:height\" content=\"1280\" \/>\n\t<meta property=\"og:image:type\" content=\"image\/jpeg\" \/>\n<meta name=\"twitter:card\" content=\"summary_large_image\" \/>\n<meta name=\"twitter:label1\" content=\"Predpokladan\u00fd \u010das \u010d\u00edtania\" \/>\n\t<meta name=\"twitter:data1\" content=\"3 min\u00faty\" \/>\n<script type=\"application\/ld+json\" class=\"yoast-schema-graph\">{\"@context\":\"https:\/\/schema.org\",\"@graph\":[{\"@type\":\"WebPage\",\"@id\":\"https:\/\/transfereurope.com\/sk\/osobny-vodic\/rakuska-sluzba-sofera\/\",\"url\":\"https:\/\/transfereurope.com\/sk\/osobny-vodic\/rakuska-sluzba-sofera\/\",\"name\":\"Rak\u00faska slu\u017eba \u0161of\u00e9ra. S\u00fakromn\u00fd transfer v Rak\u00fasku \u2014 Transfer Europe\",\"isPartOf\":{\"@id\":\"https:\/\/transfereurope.com\/sk\/#website\"},\"primaryImageOfPage\":{\"@id\":\"https:\/\/transfereurope.com\/sk\/osobny-vodic\/rakuska-sluzba-sofera\/#primaryimage\"},\"image\":{\"@id\":\"https:\/\/transfereurope.com\/sk\/osobny-vodic\/rakuska-sluzba-sofera\/#primaryimage\"},\"thumbnailUrl\":\"https:\/\/transfereurope.com\/wp-content\/uploads\/2025\/08\/Austria_Chauffeur_Service_1-5-1.jpg\",\"datePublished\":\"2025-08-04T20:36:33+00:00\",\"description\":\"Rak\u00faska slu\u017eba \u0161of\u00e9ra a s\u00fakromn\u00e1 doprava. Najmite si vodi\u010da v Rak\u00fasku vo VIP aute cez Transfer Europe \u2714Po\u017ei\u010dov\u0148a vozidiel \u2714Limuz\u00edna \u2714Zru\u010dn\u00ed vodi\u010di.\",\"breadcrumb\":{\"@id\":\"https:\/\/transfereurope.com\/sk\/osobny-vodic\/rakuska-sluzba-sofera\/#breadcrumb\"},\"inLanguage\":\"sk-SK\",\"potentialAction\":[{\"@type\":\"ReadAction\",\"target\":[\"https:\/\/transfereurope.com\/sk\/osobny-vodic\/rakuska-sluzba-sofera\/\"]}]},{\"@type\":\"ImageObject\",\"inLanguage\":\"sk-SK\",\"@id\":\"https:\/\/transfereurope.com\/sk\/osobny-vodic\/rakuska-sluzba-sofera\/#primaryimage\",\"url\":\"https:\/\/transfereurope.com\/wp-content\/uploads\/2025\/08\/Austria_Chauffeur_Service_1-5-1.jpg\",\"contentUrl\":\"https:\/\/transfereurope.com\/wp-content\/uploads\/2025\/08\/Austria_Chauffeur_Service_1-5-1.jpg\",\"width\":960,\"height\":1280},{\"@type\":\"BreadcrumbList\",\"@id\":\"https:\/\/transfereurope.com\/sk\/osobny-vodic\/rakuska-sluzba-sofera\/#breadcrumb\",\"itemListElement\":[{\"@type\":\"ListItem\",\"position\":1,\"name\":\"Home\",\"item\":\"https:\/\/transfereurope.com\/sk\/\"},{\"@type\":\"ListItem\",\"position\":2,\"name\":\"Rak\u00faska slu\u017eba \u0161of\u00e9ra\"}]},{\"@type\":\"WebSite\",\"@id\":\"https:\/\/transfereurope.com\/sk\/#website\",\"url\":\"https:\/\/transfereurope.com\/sk\/\",\"name\":\"transfereurope\",\"description\":\"\",\"publisher\":{\"@id\":\"https:\/\/transfereurope.com\/sk\/#organization\"},\"potentialAction\":[{\"@type\":\"SearchAction\",\"target\":{\"@type\":\"EntryPoint\",\"urlTemplate\":\"https:\/\/transfereurope.com\/sk\/?s={search_term_string}\"},\"query-input\":{\"@type\":\"PropertyValueSpecification\",\"valueRequired\":true,\"valueName\":\"search_term_string\"}}],\"inLanguage\":\"sk-SK\"},{\"@type\":\"Organization\",\"@id\":\"https:\/\/transfereurope.com\/sk\/#organization\",\"name\":\"transfereurope\",\"url\":\"https:\/\/transfereurope.com\/sk\/\",\"logo\":{\"@type\":\"ImageObject\",\"inLanguage\":\"sk-SK\",\"@id\":\"https:\/\/transfereurope.com\/sk\/#\/schema\/logo\/image\/\",\"url\":\"https:\/\/transfereurope.com\/wp-content\/uploads\/2025\/08\/TRANSFERS-1655.png\",\"contentUrl\":\"https:\/\/transfereurope.com\/wp-content\/uploads\/2025\/08\/TRANSFERS-1655.png\",\"width\":500,\"height\":274,\"caption\":\"transfereurope\"},\"image\":{\"@id\":\"https:\/\/transfereurope.com\/sk\/#\/schema\/logo\/image\/\"}}]}<\/script>\n<!-- \/ Yoast SEO plugin. -->","yoast_head_json":{"title":"Rak\u00faska slu\u017eba \u0161of\u00e9ra. S\u00fakromn\u00fd transfer v Rak\u00fasku \u2014 Transfer Europe","description":"Rak\u00faska slu\u017eba \u0161of\u00e9ra a s\u00fakromn\u00e1 doprava. Najmite si vodi\u010da v Rak\u00fasku vo VIP aute cez Transfer Europe \u2714Po\u017ei\u010dov\u0148a vozidiel \u2714Limuz\u00edna \u2714Zru\u010dn\u00ed vodi\u010di.","robots":{"index":"index","follow":"follow","max-snippet":"max-snippet:-1","max-image-preview":"max-image-preview:large","max-video-preview":"max-video-preview:-1"},"canonical":"https:\/\/transfereurope.com\/sk\/osobny-vodic\/rakuska-sluzba-sofera\/","og_locale":"sk_SK","og_type":"article","og_title":"Rak\u00faska slu\u017eba \u0161of\u00e9ra. S\u00fakromn\u00fd transfer v Rak\u00fasku \u2014 Transfer Europe","og_description":"Rak\u00faska slu\u017eba \u0161of\u00e9ra a s\u00fakromn\u00e1 doprava. Najmite si vodi\u010da v Rak\u00fasku vo VIP aute cez Transfer Europe \u2714Po\u017ei\u010dov\u0148a vozidiel \u2714Limuz\u00edna \u2714Zru\u010dn\u00ed vodi\u010di.","og_url":"https:\/\/transfereurope.com\/sk\/osobny-vodic\/rakuska-sluzba-sofera\/","og_site_name":"transfereurope","og_image":[{"width":960,"height":1280,"url":"https:\/\/transfereurope.com\/wp-content\/uploads\/2025\/08\/Austria_Chauffeur_Service_1-5-1.jpg","type":"image\/jpeg"}],"twitter_card":"summary_large_image","twitter_misc":{"Predpokladan\u00fd \u010das \u010d\u00edtania":"3 min\u00faty"},"schema":{"@context":"https:\/\/schema.org","@graph":[{"@type":"WebPage","@id":"https:\/\/transfereurope.com\/sk\/osobny-vodic\/rakuska-sluzba-sofera\/","url":"https:\/\/transfereurope.com\/sk\/osobny-vodic\/rakuska-sluzba-sofera\/","name":"Rak\u00faska slu\u017eba \u0161of\u00e9ra. S\u00fakromn\u00fd transfer v Rak\u00fasku \u2014 Transfer Europe","isPartOf":{"@id":"https:\/\/transfereurope.com\/sk\/#website"},"primaryImageOfPage":{"@id":"https:\/\/transfereurope.com\/sk\/osobny-vodic\/rakuska-sluzba-sofera\/#primaryimage"},"image":{"@id":"https:\/\/transfereurope.com\/sk\/osobny-vodic\/rakuska-sluzba-sofera\/#primaryimage"},"thumbnailUrl":"https:\/\/transfereurope.com\/wp-content\/uploads\/2025\/08\/Austria_Chauffeur_Service_1-5-1.jpg","datePublished":"2025-08-04T20:36:33+00:00","description":"Rak\u00faska slu\u017eba \u0161of\u00e9ra a s\u00fakromn\u00e1 doprava. Najmite si vodi\u010da v Rak\u00fasku vo VIP aute cez Transfer Europe \u2714Po\u017ei\u010dov\u0148a vozidiel \u2714Limuz\u00edna \u2714Zru\u010dn\u00ed vodi\u010di.","breadcrumb":{"@id":"https:\/\/transfereurope.com\/sk\/osobny-vodic\/rakuska-sluzba-sofera\/#breadcrumb"},"inLanguage":"sk-SK","potentialAction":[{"@type":"ReadAction","target":["https:\/\/transfereurope.com\/sk\/osobny-vodic\/rakuska-sluzba-sofera\/"]}]},{"@type":"ImageObject","inLanguage":"sk-SK","@id":"https:\/\/transfereurope.com\/sk\/osobny-vodic\/rakuska-sluzba-sofera\/#primaryimage","url":"https:\/\/transfereurope.com\/wp-content\/uploads\/2025\/08\/Austria_Chauffeur_Service_1-5-1.jpg","contentUrl":"https:\/\/transfereurope.com\/wp-content\/uploads\/2025\/08\/Austria_Chauffeur_Service_1-5-1.jpg","width":960,"height":1280},{"@type":"BreadcrumbList","@id":"https:\/\/transfereurope.com\/sk\/osobny-vodic\/rakuska-sluzba-sofera\/#breadcrumb","itemListElement":[{"@type":"ListItem","position":1,"name":"Home","item":"https:\/\/transfereurope.com\/sk\/"},{"@type":"ListItem","position":2,"name":"Rak\u00faska slu\u017eba \u0161of\u00e9ra"}]},{"@type":"WebSite","@id":"https:\/\/transfereurope.com\/sk\/#website","url":"https:\/\/transfereurope.com\/sk\/","name":"transfereurope","description":"","publisher":{"@id":"https:\/\/transfereurope.com\/sk\/#organization"},"potentialAction":[{"@type":"SearchAction","target":{"@type":"EntryPoint","urlTemplate":"https:\/\/transfereurope.com\/sk\/?s={search_term_string}"},"query-input":{"@type":"PropertyValueSpecification","valueRequired":true,"valueName":"search_term_string"}}],"inLanguage":"sk-SK"},{"@type":"Organization","@id":"https:\/\/transfereurope.com\/sk\/#organization","name":"transfereurope","url":"https:\/\/transfereurope.com\/sk\/","logo":{"@type":"ImageObject","inLanguage":"sk-SK","@id":"https:\/\/transfereurope.com\/sk\/#\/schema\/logo\/image\/","url":"https:\/\/transfereurope.com\/wp-content\/uploads\/2025\/08\/TRANSFERS-1655.png","contentUrl":"https:\/\/transfereurope.com\/wp-content\/uploads\/2025\/08\/TRANSFERS-1655.png","width":500,"height":274,"caption":"transfereurope"},"image":{"@id":"https:\/\/transfereurope.com\/sk\/#\/schema\/logo\/image\/"}}]}},"_links":{"self":[{"href":"https:\/\/transfereurope.com\/sk\/wp-json\/wp\/v2\/pages\/22523","targetHints":{"allow":["GET"]}}],"collection":[{"href":"https:\/\/transfereurope.com\/sk\/wp-json\/wp\/v2\/pages"}],"about":[{"href":"https:\/\/transfereurope.com\/sk\/wp-json\/wp\/v2\/types\/page"}],"author":[{"embeddable":true,"href":"https:\/\/transfereurope.com\/sk\/wp-json\/wp\/v2\/users\/1"}],"replies":[{"embeddable":true,"href":"https:\/\/transfereurope.com\/sk\/wp-json\/wp\/v2\/comments?post=22523"}],"version-history":[{"count":0,"href":"https:\/\/transfereurope.com\/sk\/wp-json\/wp\/v2\/pages\/22523\/revisions"}],"up":[{"embeddable":true,"href":"https:\/\/transfereurope.com\/sk\/wp-json\/wp\/v2\/pages\/18255"}],"wp:featuredmedia":[{"embeddable":true,"href":"https:\/\/transfereurope.com\/sk\/wp-json\/wp\/v2\/media\/22524"}],"wp:attachment":[{"href":"https:\/\/transfereurope.com\/sk\/wp-json\/wp\/v2\/media?parent=22523"}],"curies":[{"name":"wp","href":"https:\/\/api.w.org\/{rel}","templated":true}]}}