{"id":22394,"date":"2025-08-04T20:35:53","date_gmt":"2025-08-04T20:35:53","guid":{"rendered":"https:\/\/transfereurope.com\/sluzba-soferov-na-slovensku\/"},"modified":"2025-08-04T20:35:53","modified_gmt":"2025-08-04T20:35:53","slug":"sluzba-soferov-na-slovensku","status":"publish","type":"page","link":"https:\/\/transfereurope.com\/sk\/osobny-vodic\/sluzba-soferov-na-slovensku\/","title":{"rendered":"Slu\u017eba \u0161of\u00e9rov na Slovensku"},"content":{"rendered":"\n<div id=\"t4-section-2\" class=\"t4-section  t4-section-2\" role=\"section-2\">\n<div class=\"bg-overlay bg-overlay-image\">&nbsp;<\/div>\n<div class=\"t4-section-inner container\">\n<div class=\"t4-section-inner section\" id=\"Mod1052\">\n<div class=\"section-inner\">\n<div class=\"container\">\n<div class=\"section-title-wrap text-center\">\n<h1 class=\"section-title h2 text-normal\"><span>Slu\u017eba \u0161of\u00e9rov na Slovensku<\/span><\/h1>\n<p><span class=\"sub-heading font-heading-family text-normal\">Do not hesitate to hire a chauffeur in Slovakia is a reliable partner in your journey, no matter what the occasion<\/span><\/div>\n<\/div>\n<div class=\"section-ct\">\n<div id=\"acm-features-1052\" class=\"acm-features style-3\">\n<div class=\"container\">\n<div class=\"row\">\n<div class=\"col-lg-6 col-md-12 col-sm-12\">\n<div class=\"ft-image\">\n<div class=\"img-feature\">  \t\t\t\t\t\t\t<img decoding=\"async\" src=\"\/wp-content\/uploads\/2025\/08\/Chauffeur_Service__4-10.jpg\" alt=\"S\u00fakromn\u00fd transfer zo Slovenska s vodi\u010dom\"\/>  \t\t\t\t\t\t<\/div>\n<\/p><\/div>\n<\/p><\/div>\n<div class=\"col-lg-6 col-md-12 col-sm-12\">\n<div class=\"ft-content\">\n<h3>S\u00fakromn\u00fd transfer zo Slovenska s vodi\u010dom<\/h3>\n<p>Na Transfer Europe sa m\u00f4\u017eete spo\u013eahn\u00fa\u0165 a u\u017e\u00edva\u0165 si prvotriedne slu\u017eby. Sme pripraven\u00ed poskytn\u00fa\u0165 v\u00e1m prvotriedne slu\u017eby n\u00e1\u0161ho t\u00edmu. Sta\u010d\u00ed n\u00e1s kontaktova\u0165 a z\u00edska\u0165 bezplatn\u00fa cenov\u00fa ponuku a pr\u00edle\u017eitos\u0165 spozna\u0165 v\u00e1s. <strong>Slu\u017eba \u0161of\u00e9ra na Slovensku<\/strong> nie je len pren\u00e1jom limuz\u00edn, ale aj <strong>S\u00fakromn\u00fd transfer zo Slovenska<\/strong> do v\u0161etk\u00fdch ob\u013e\u00faben\u00fdch destin\u00e1ci\u00ed v strednej Eur\u00f3pe. Transfer Europe m\u00e1 dlhoro\u010dn\u00e9 \u00faspe\u0161n\u00e9 sk\u00fasenosti so stovkami spokojn\u00fdch z\u00e1kazn\u00edkov. Poskytujeme aj osobn\u00fa prepravn\u00fa slu\u017ebu na Slovensku <a href=\"\/sk\/osobny-vodic\/osobny-vodic-v-bratislave\">(Bratislava)<\/a>, letiskov\u00e9 transfery a jednod\u0148ov\u00e9 v\u00fdlety do miestne atrakcie.<\/p>\n<p> \t\t\t\t\t   \t\t\t\t\t   \t\t\t\t\t\t<a class=\"btn btn-secondary mt-3\" href=\"\/sk\/rezervovat-transfer\">  \t\t\t\t\t\t\tRezervova\u0165 \t\t\t\t\t\t<\/a>  \t\t\t\t\t \t\t\t\t<\/div>\n<\/p><\/div>\n<\/p><\/div>\n<\/p><\/div>\n<\/p><\/div>\n<p>    <script><\/script><\/div>\n<\/div>\n<\/div>\n<\/div><\/div>\n<div id=\"t4-section-6\" class=\"t4-section  t4-section-6   container-hd  t4-palette-secondary\" role=\"section-6\">\n<div class=\"t4-section-inner container\">\n<div class=\"t4-section-inner sectionmd-why\" id=\"Mod1053\">\n<div class=\"section-inner\">\n<div class=\"container\">\n<div class=\"section-title-wrap text-center\">\n<h2 class=\"section-title h2 text-white\"><span>Najmite si vodi\u010da na Slovensku v pr\u00e9miov\u00fdch, VIP a biznis triedach<\/span><\/h2>\n<p><span class=\"sub-heading font-heading-family text-white\">Looking for high-quality and professional Chauffeur Service in Slovakia? You&#8217;ve come to the right place! Fill out the booking application and get a comfortable trip at the highest level.<\/span><\/div>\n<\/div>\n<div class=\"section-ct\">\n<div class=\"acm-features style-2\">\n<div class=\"container\">\n<div class=\"features-wrap\">\n<div class=\"row\">\n<div class=\"col-sm-12 col-md-6 col-lg-6\">\n<div class=\"features-item\">\n<div class=\"img-icon mask-icon\"> \t\t\t\t\t\t\t\t<img decoding=\"async\" src=\"\/wp-content\/uploads\/2025\/08\/icons8-80-49.png\" alt=\"\" \/> \t\t\t\t\t\t\t<\/div>\n<div class=\"features-content\">\n<h3> \t\t\t\t\t\t\t\t\t\t\t\t\t\t\t\t\t\t\t<a class=\"heading-link\" href=\"#\"> \t\t\t\t\t\t\t\t\t \t\t\t\t\t\t\t\t\tVyberte Smer \t\t\t\t\t\t\t\t\t\t\t\t\t\t\t\t\t\t\t<\/a> \t\t\t\t\t\t\t\t\t\t\t\t\t\t\t\t\t<\/h3>\n<p> \t\t\t\t\t\t\t\t\t\t\t\t\t\t \t\t\t\t\t\t\t\t\t\t\t\t\t\t\t<span>Ak chcete rezervova\u0165 <strong>S\u00fakromn\u00fd transfer Slovakia<\/strong>, ozna\u010duje sa po\u017eadovan\u00e1 trasa. Krajinu dokonale pozn\u00e1me, tak\u017ee ak chcete nav\u0161t\u00edvi\u0165 historick\u00e9 miesta, m\u00f4\u017eeme v\u00e1s zobra\u0165 na ak\u00fako\u013evek adresu. \u010ci u\u017e zostanete nieko\u013eko dn\u00ed alebo t\u00fd\u017ed\u0148ov.<\/span> \t\t\t\t\t\t\t\t\t\t\t\t\t<\/div>\n<\/p><\/div>\n<\/p><\/div>\n<div class=\"col-sm-12 col-md-6 col-lg-6\">\n<div class=\"features-item\">\n<div class=\"img-icon mask-icon\"> \t\t\t\t\t\t\t\t<img decoding=\"async\" src=\"\/wp-content\/uploads\/2025\/08\/icons8-car-88.png\" alt=\"\" \/> \t\t\t\t\t\t\t<\/div>\n<div class=\"features-content\">\n<h3> \t\t\t\t\t\t\t\t\t\t\t\t\t\t\t\t\t\t\t<a class=\"heading-link\" href=\"#\"> \t\t\t\t\t\t\t\t\t \t\t\t\t\t\t\t\t\tPren\u00e1jom vozidiel \t\t\t\t\t\t\t\t\t\t\t\t\t\t\t\t\t\t\t<\/a> \t\t\t\t\t\t\t\t\t\t\t\t\t\t\t\t\t<\/h3>\n<p> \t\t\t\t\t\t\t\t\t\t\t\t\t\t \t\t\t\t\t\t\t\t\t\t\t\t\t\t\t<span>Pon\u00fakame aut\u00e1 na ka\u017ed\u00fa pr\u00edle\u017eitos\u0165. Ak potrebujete limuz\u00ednu na Slovensku na d\u00f4le\u017eit\u00fa obchodn\u00fa udalos\u0165 alebo \u0161peci\u00e1lnu dovolenku s rodinou, m\u00f4\u017eete vyu\u017ei\u0165 na\u0161u slu\u017ebu \u0161of\u00e9ra na cestovanie po Slovensku a in\u00fdch mest\u00e1ch.<\/span> \t\t\t\t\t\t\t\t\t\t\t\t\t<\/div>\n<\/p><\/div>\n<\/p><\/div>\n<\/p><\/div>\n<div class=\"row\">\n<div class=\"col-sm-12 col-md-6 col-lg-6\">\n<div class=\"features-item\">\n<div class=\"img-icon mask-icon\"> \t\t\t\t\t\t\t\t<img decoding=\"async\" src=\"\/wp-content\/uploads\/2025\/08\/icons8-booking-88.png\" alt=\"\" \/> \t\t\t\t\t\t\t<\/div>\n<div class=\"features-content\">\n<h3> \t\t\t\t\t\t\t\t\t\t\t\t\t\t\t\t\t\t\t<a class=\"heading-link\" href=\"#\"> \t\t\t\t\t\t\t\t\t \t\t\t\t\t\t\t\t\tPracujeme 24\/7 \t\t\t\t\t\t\t\t\t\t\t\t\t\t\t\t\t\t\t<\/a> \t\t\t\t\t\t\t\t\t\t\t\t\t\t\t\t\t<\/h3>\n<p> \t\t\t\t\t\t\t\t\t\t\t\t\t\t \t\t\t\t\t\t\t\t\t\t\t\t\t\t\t<span>Na\u0161e slu\u017eby s\u00fa dostupn\u00e9 24 hod\u00edn denne, 7 dn\u00ed v t\u00fd\u017edni, preto\u017ee ver\u00edme, \u017ee by sme mali by\u0165 k dispoz\u00edcii, ke\u010f n\u00e1s potrebujete. D\u00fafame, \u017ee v\u00fdberom osobnej prepravy Transfer Europe si z\u00edskame Va\u0161u d\u00f4veru.<\/span> \t\t\t\t\t\t\t\t\t\t\t\t\t<\/div>\n<\/p><\/div>\n<\/p><\/div>\n<div class=\"col-sm-12 col-md-6 col-lg-6\">\n<div class=\"features-item\">\n<div class=\"img-icon mask-icon\"> \t\t\t\t\t\t\t\t<img decoding=\"async\" src=\"\/wp-content\/uploads\/2025\/08\/icons8-reservations-49.png\" alt=\"\" \/> \t\t\t\t\t\t\t<\/div>\n<div class=\"features-content\">\n<h3> \t\t\t\t\t\t\t\t\t\t\t\t\t\t\t\t\t\t\t<a class=\"heading-link\" href=\"#\"> \t\t\t\t\t\t\t\t\t \t\t\t\t\t\t\t\t\tRezerv\u00e1cie \t\t\t\t\t\t\t\t\t\t\t\t\t\t\t\t\t\t\t<\/a> \t\t\t\t\t\t\t\t\t\t\t\t\t\t\t\t\t<\/h3>\n<p> \t\t\t\t\t\t\t\t\t\t\t\t\t\t \t\t\t\t\t\t\t\t\t\t\t\t\t\t\t<span>Rezerv\u00e1cie sa uskuto\u010d\u0148uj\u00fa bez probl\u00e9mov v\u010faka responz\u00edvnemu formul\u00e1ru \u017eiadosti, v poliach ktor\u00e9ho uvediete trasu, mesto, adresu hotela, \u010das pr\u00edchodu (ak je to potrebn\u00e9).<\/span> \t\t\t\t\t\t\t\t\t\t\t\t\t<\/div>\n<\/p><\/div>\n<\/p><\/div>\n<\/p><\/div>\n<\/p><\/div>\n<\/p><\/div>\n<\/p><\/div>\n<\/div>\n<\/div>\n<\/div>\n<\/div><\/div>\n<div id=\"t4-section-7\" class=\"t4-section  t4-section-7   section-border-bottom\" role=\"section-7\">\n<div class=\"t4-section-inner container\">\n<div class=\"t4-section-inner section\" id=\"Mod1054\">\n<div class=\"section-inner\">\n<div class=\"section-ct\">\n<div id=\"acm-features-1054\" class=\"acm-features style-3\">\n<div class=\"container\">\n<div class=\"row\">\n<div class=\"col-lg-6 col-md-12 col-sm-12\">\n<div class=\"ft-image\">\n<div class=\"img-feature\">  \t\t\t\t\t\t\t<img decoding=\"async\" src=\"\/wp-content\/uploads\/2025\/08\/Chauffeur_Service__5-40.jpg\" alt=\"Pre\u010do sa slu\u017eba \u0161of\u00e9ra na Slovensku objedn\u00e1va u n\u00e1s?\"\/>  \t\t\t\t\t\t<\/div>\n<\/p><\/div>\n<\/p><\/div>\n<div class=\"col-lg-6 col-md-12 col-sm-12\">\n<div class=\"ft-content\">\n<h3>\n<h2>Pre\u010do sa slu\u017eba \u0161of\u00e9ra na Slovensku objedn\u00e1va u n\u00e1s?<\/h2>\n<\/h3>\n<p>Na\u0161im klientom sa sna\u017e\u00edme pon\u00faka\u0165 spo\u013eahliv\u00e9, priate\u013esk\u00e9 a bezpe\u010dn\u00e9 slu\u017eby s <strong>vodi\u010dom na Slovensku<\/strong> v ktoromko\u013evek vybranom meste na n\u00e1v\u0161tevu. <strong>Slovakia Chauffeur Service<\/strong> je slu\u0161n\u00e1 vo\u013eba za prijate\u013en\u00fa cenu. Pre ka\u017ed\u00e9ho klienta organizujeme VIP z\u00e1jazdy do rezortu alebo kas\u00edna! Na akcie s priate\u013emi alebo rodinou zabezpe\u010d\u00edme \u0161of\u00e9ra. Do pr\u00e1ce, na pracovn\u00e9 stretnutie alebo aj do \u0161koly v\u00e1s odvezieme na\u010das a bez probl\u00e9mov.<\/p>\n<p>\u0160of\u00e9ri spolo\u010dnosti Transfer Europe, ke\u010f\u017ee s\u00fa miestni, sa v meste dobre orientuj\u00fa a odvez\u00fa v\u00e1s kamko\u013evek v krajine vr\u00e1tane letiska. Pon\u00fakan\u00e9 aut\u00e1 sa vyzna\u010duj\u00fa \u0161t\u00fdlov\u00fdm interi\u00e9rom a Hi-Fi audio syst\u00e9mom, aby na\u0161i z\u00e1kazn\u00edci z\u00edskali nezabudnute\u013en\u00fd z\u00e1\u017eitok z cestovania. D\u00fafame, \u017ee sa pre v\u00e1s staneme nenahradite\u013en\u00ed a budete n\u00e1s op\u00e4\u0165 kontaktova\u0165!<\/p>\n<p> \t\t\t\t\t   \t\t\t\t\t   \t\t\t\t\t\t<a class=\"btn btn-secondary mt-3\" href=\"\/sk\/rezervovat-transfer\">  \t\t\t\t\t\t\tRezervova\u0165 \t\t\t\t\t\t<\/a>  \t\t\t\t\t \t\t\t\t<\/div>\n<\/p><\/div>\n<\/p><\/div>\n<\/p><\/div>\n<\/p><\/div>\n<p>    <script><\/script><\/div>\n<\/div>\n<\/div>\n<\/div><\/div>\n<div class=\"t4-section\" role=\"\">\n<div class=\"t4-section-inner container\">\n<div id=\"system-message-container\"> \t<\/div>\n<div class=\"com-content-category-blog blog layout-view-tours-list\" itemscope itemtype=\"https:\/\/schema.org\/Blog\"> \t \t \t \t \t \t\t\t\t \t \t \t \t\t\t\t<!-- \u041f\u043b\u0430\u0433\u0438\u043d \u0440\u0435\u0439\u0442\u0438\u043d\u0433\u0430 --> \t\t<\/p>\n<div class=\"vrvote-body\">\n<ul class=\"vrvote-ul\">\n<li id=\"rating_316\" class=\"current-rating\" style=\"width:100.00%;\"><\/li>\n<li> \t\t\t\t\t\t<a class=\"vr-one-star\" onclick=\"javascript:JSVRvote(316,1,65,13,0)\" href=\"javascript:void(null)\">1<\/a> \t\t\t\t\t<\/li>\n<li> \t\t\t\t\t\t<a class=\"vr-two-stars\" onclick=\"javascript:JSVRvote(316,2,65,13,0)\" href=\"javascript:void(null)\">2<\/a> \t\t\t\t\t<\/li>\n<li> \t\t\t\t\t\t<a class=\"vr-three-stars\" onclick=\"javascript:JSVRvote(316,3,65,13,0)\" href=\"javascript:void(null)\">3<\/a> \t\t\t\t\t<\/li>\n<li> \t\t\t\t\t\t<a class=\"vr-four-stars\" onclick=\"javascript:JSVRvote(316,4,65,13,0)\" href=\"javascript:void(null)\">4<\/a> \t\t\t\t\t<\/li>\n<li> \t\t\t\t\t\t<a class=\"vr-five-stars\" onclick=\"javascript:JSVRvote(316,5,65,13,0)\" href=\"javascript:void(null)\">5<\/a> \t\t\t\t\t<\/li>\n<\/ul><\/div>\n<p> \t\t\t<span id=\"vrvote_316\" class=\"vrvote-count\"><small><\/small><\/span>\t<\/span><\/div>\n<p> <script type=\"application\/ld+json\"><\/script>  <\/div>\n<\/p><\/div>\n<div id=\"t4-section-8\" class=\"t4-section  t4-section-8\" role=\"section-8\">\n<div class=\"bg-overlay bg-overlay-image\">&nbsp;<\/div>\n<\/p><\/div>\n<p>      <a href='javascript:' id='back-to-top'><i class='fa fa-chevron-up'><\/i><\/a>                <\/p>\n","protected":false},"excerpt":{"rendered":"<p>&nbsp; Slu\u017eba \u0161of\u00e9rov na Slovensku Do not hesitate to hire a chauffeur in Slovakia is a reliable partner in your journey, no matter what the occasion S\u00fakromn\u00fd transfer zo Slovenska s vodi\u010dom Na Transfer Europe sa m\u00f4\u017eete spo\u013eahn\u00fa\u0165 a u\u017e\u00edva\u0165 si prvotriedne slu\u017eby. Sme pripraven\u00ed poskytn\u00fa\u0165 v\u00e1m prvotriedne slu\u017eby n\u00e1\u0161ho t\u00edmu. Sta\u010d\u00ed n\u00e1s kontaktova\u0165 a [&hellip;]<\/p>\n","protected":false},"author":1,"featured_media":22395,"parent":18255,"menu_order":0,"comment_status":"closed","ping_status":"closed","template":"","meta":{"footnotes":""},"class_list":["post-22394","page","type-page","status-publish","has-post-thumbnail","hentry"],"yoast_head":"<!-- This site is optimized with the Yoast SEO plugin v25.6 - https:\/\/yoast.com\/wordpress\/plugins\/seo\/ -->\n<title>Slu\u017eba \u0161of\u00e9rov na Slovensku. S\u00fakromn\u00fd transfer na Slovensku<\/title>\n<meta name=\"description\" content=\"Slovakia Chauffeur Service &amp; Private Transfer. Najmite si vodi\u010da na Slovensku vo VIP aute cez Transfer Europe \u2714Po\u017ei\u010dov\u0148a vozidiel \u2714Limuz\u00edna \u2714Zru\u010dn\u00ed vodi\u010di\" \/>\n<meta name=\"robots\" content=\"index, follow, max-snippet:-1, max-image-preview:large, max-video-preview:-1\" \/>\n<link rel=\"canonical\" href=\"https:\/\/transfereurope.com\/sk\/osobny-vodic\/sluzba-soferov-na-slovensku\/\" \/>\n<meta property=\"og:locale\" content=\"sk_SK\" \/>\n<meta property=\"og:type\" content=\"article\" \/>\n<meta property=\"og:title\" content=\"Slu\u017eba \u0161of\u00e9rov na Slovensku. S\u00fakromn\u00fd transfer na Slovensku\" \/>\n<meta property=\"og:description\" content=\"Slovakia Chauffeur Service &amp; Private Transfer. Najmite si vodi\u010da na Slovensku vo VIP aute cez Transfer Europe \u2714Po\u017ei\u010dov\u0148a vozidiel \u2714Limuz\u00edna \u2714Zru\u010dn\u00ed vodi\u010di\" \/>\n<meta property=\"og:url\" content=\"https:\/\/transfereurope.com\/sk\/osobny-vodic\/sluzba-soferov-na-slovensku\/\" \/>\n<meta property=\"og:site_name\" content=\"transfereurope\" \/>\n<meta property=\"og:image\" content=\"https:\/\/transfereurope.com\/wp-content\/uploads\/2025\/08\/Chauffeur_Service__4-10-1.jpg\" \/>\n\t<meta property=\"og:image:width\" content=\"960\" \/>\n\t<meta property=\"og:image:height\" content=\"1200\" \/>\n\t<meta property=\"og:image:type\" content=\"image\/jpeg\" \/>\n<meta name=\"twitter:card\" content=\"summary_large_image\" \/>\n<meta name=\"twitter:label1\" content=\"Predpokladan\u00fd \u010das \u010d\u00edtania\" \/>\n\t<meta name=\"twitter:data1\" content=\"3 min\u00faty\" \/>\n<script type=\"application\/ld+json\" class=\"yoast-schema-graph\">{\"@context\":\"https:\/\/schema.org\",\"@graph\":[{\"@type\":\"WebPage\",\"@id\":\"https:\/\/transfereurope.com\/sk\/osobny-vodic\/sluzba-soferov-na-slovensku\/\",\"url\":\"https:\/\/transfereurope.com\/sk\/osobny-vodic\/sluzba-soferov-na-slovensku\/\",\"name\":\"Slu\u017eba \u0161of\u00e9rov na Slovensku. S\u00fakromn\u00fd transfer na Slovensku\",\"isPartOf\":{\"@id\":\"https:\/\/transfereurope.com\/sk\/#website\"},\"primaryImageOfPage\":{\"@id\":\"https:\/\/transfereurope.com\/sk\/osobny-vodic\/sluzba-soferov-na-slovensku\/#primaryimage\"},\"image\":{\"@id\":\"https:\/\/transfereurope.com\/sk\/osobny-vodic\/sluzba-soferov-na-slovensku\/#primaryimage\"},\"thumbnailUrl\":\"https:\/\/transfereurope.com\/wp-content\/uploads\/2025\/08\/Chauffeur_Service__4-10-1.jpg\",\"datePublished\":\"2025-08-04T20:35:53+00:00\",\"description\":\"Slovakia Chauffeur Service &amp; Private Transfer. Najmite si vodi\u010da na Slovensku vo VIP aute cez Transfer Europe \u2714Po\u017ei\u010dov\u0148a vozidiel \u2714Limuz\u00edna \u2714Zru\u010dn\u00ed vodi\u010di\",\"breadcrumb\":{\"@id\":\"https:\/\/transfereurope.com\/sk\/osobny-vodic\/sluzba-soferov-na-slovensku\/#breadcrumb\"},\"inLanguage\":\"sk-SK\",\"potentialAction\":[{\"@type\":\"ReadAction\",\"target\":[\"https:\/\/transfereurope.com\/sk\/osobny-vodic\/sluzba-soferov-na-slovensku\/\"]}]},{\"@type\":\"ImageObject\",\"inLanguage\":\"sk-SK\",\"@id\":\"https:\/\/transfereurope.com\/sk\/osobny-vodic\/sluzba-soferov-na-slovensku\/#primaryimage\",\"url\":\"https:\/\/transfereurope.com\/wp-content\/uploads\/2025\/08\/Chauffeur_Service__4-10-1.jpg\",\"contentUrl\":\"https:\/\/transfereurope.com\/wp-content\/uploads\/2025\/08\/Chauffeur_Service__4-10-1.jpg\",\"width\":960,\"height\":1200},{\"@type\":\"BreadcrumbList\",\"@id\":\"https:\/\/transfereurope.com\/sk\/osobny-vodic\/sluzba-soferov-na-slovensku\/#breadcrumb\",\"itemListElement\":[{\"@type\":\"ListItem\",\"position\":1,\"name\":\"Home\",\"item\":\"https:\/\/transfereurope.com\/sk\/\"},{\"@type\":\"ListItem\",\"position\":2,\"name\":\"Slu\u017eba \u0161of\u00e9rov na Slovensku\"}]},{\"@type\":\"WebSite\",\"@id\":\"https:\/\/transfereurope.com\/sk\/#website\",\"url\":\"https:\/\/transfereurope.com\/sk\/\",\"name\":\"transfereurope\",\"description\":\"\",\"publisher\":{\"@id\":\"https:\/\/transfereurope.com\/sk\/#organization\"},\"potentialAction\":[{\"@type\":\"SearchAction\",\"target\":{\"@type\":\"EntryPoint\",\"urlTemplate\":\"https:\/\/transfereurope.com\/sk\/?s={search_term_string}\"},\"query-input\":{\"@type\":\"PropertyValueSpecification\",\"valueRequired\":true,\"valueName\":\"search_term_string\"}}],\"inLanguage\":\"sk-SK\"},{\"@type\":\"Organization\",\"@id\":\"https:\/\/transfereurope.com\/sk\/#organization\",\"name\":\"transfereurope\",\"url\":\"https:\/\/transfereurope.com\/sk\/\",\"logo\":{\"@type\":\"ImageObject\",\"inLanguage\":\"sk-SK\",\"@id\":\"https:\/\/transfereurope.com\/sk\/#\/schema\/logo\/image\/\",\"url\":\"https:\/\/transfereurope.com\/wp-content\/uploads\/2025\/08\/TRANSFERS-1655.png\",\"contentUrl\":\"https:\/\/transfereurope.com\/wp-content\/uploads\/2025\/08\/TRANSFERS-1655.png\",\"width\":500,\"height\":274,\"caption\":\"transfereurope\"},\"image\":{\"@id\":\"https:\/\/transfereurope.com\/sk\/#\/schema\/logo\/image\/\"}}]}<\/script>\n<!-- \/ Yoast SEO plugin. -->","yoast_head_json":{"title":"Slu\u017eba \u0161of\u00e9rov na Slovensku. S\u00fakromn\u00fd transfer na Slovensku","description":"Slovakia Chauffeur Service &amp; Private Transfer. Najmite si vodi\u010da na Slovensku vo VIP aute cez Transfer Europe \u2714Po\u017ei\u010dov\u0148a vozidiel \u2714Limuz\u00edna \u2714Zru\u010dn\u00ed vodi\u010di","robots":{"index":"index","follow":"follow","max-snippet":"max-snippet:-1","max-image-preview":"max-image-preview:large","max-video-preview":"max-video-preview:-1"},"canonical":"https:\/\/transfereurope.com\/sk\/osobny-vodic\/sluzba-soferov-na-slovensku\/","og_locale":"sk_SK","og_type":"article","og_title":"Slu\u017eba \u0161of\u00e9rov na Slovensku. S\u00fakromn\u00fd transfer na Slovensku","og_description":"Slovakia Chauffeur Service &amp; Private Transfer. Najmite si vodi\u010da na Slovensku vo VIP aute cez Transfer Europe \u2714Po\u017ei\u010dov\u0148a vozidiel \u2714Limuz\u00edna \u2714Zru\u010dn\u00ed vodi\u010di","og_url":"https:\/\/transfereurope.com\/sk\/osobny-vodic\/sluzba-soferov-na-slovensku\/","og_site_name":"transfereurope","og_image":[{"width":960,"height":1200,"url":"https:\/\/transfereurope.com\/wp-content\/uploads\/2025\/08\/Chauffeur_Service__4-10-1.jpg","type":"image\/jpeg"}],"twitter_card":"summary_large_image","twitter_misc":{"Predpokladan\u00fd \u010das \u010d\u00edtania":"3 min\u00faty"},"schema":{"@context":"https:\/\/schema.org","@graph":[{"@type":"WebPage","@id":"https:\/\/transfereurope.com\/sk\/osobny-vodic\/sluzba-soferov-na-slovensku\/","url":"https:\/\/transfereurope.com\/sk\/osobny-vodic\/sluzba-soferov-na-slovensku\/","name":"Slu\u017eba \u0161of\u00e9rov na Slovensku. S\u00fakromn\u00fd transfer na Slovensku","isPartOf":{"@id":"https:\/\/transfereurope.com\/sk\/#website"},"primaryImageOfPage":{"@id":"https:\/\/transfereurope.com\/sk\/osobny-vodic\/sluzba-soferov-na-slovensku\/#primaryimage"},"image":{"@id":"https:\/\/transfereurope.com\/sk\/osobny-vodic\/sluzba-soferov-na-slovensku\/#primaryimage"},"thumbnailUrl":"https:\/\/transfereurope.com\/wp-content\/uploads\/2025\/08\/Chauffeur_Service__4-10-1.jpg","datePublished":"2025-08-04T20:35:53+00:00","description":"Slovakia Chauffeur Service &amp; Private Transfer. Najmite si vodi\u010da na Slovensku vo VIP aute cez Transfer Europe \u2714Po\u017ei\u010dov\u0148a vozidiel \u2714Limuz\u00edna \u2714Zru\u010dn\u00ed vodi\u010di","breadcrumb":{"@id":"https:\/\/transfereurope.com\/sk\/osobny-vodic\/sluzba-soferov-na-slovensku\/#breadcrumb"},"inLanguage":"sk-SK","potentialAction":[{"@type":"ReadAction","target":["https:\/\/transfereurope.com\/sk\/osobny-vodic\/sluzba-soferov-na-slovensku\/"]}]},{"@type":"ImageObject","inLanguage":"sk-SK","@id":"https:\/\/transfereurope.com\/sk\/osobny-vodic\/sluzba-soferov-na-slovensku\/#primaryimage","url":"https:\/\/transfereurope.com\/wp-content\/uploads\/2025\/08\/Chauffeur_Service__4-10-1.jpg","contentUrl":"https:\/\/transfereurope.com\/wp-content\/uploads\/2025\/08\/Chauffeur_Service__4-10-1.jpg","width":960,"height":1200},{"@type":"BreadcrumbList","@id":"https:\/\/transfereurope.com\/sk\/osobny-vodic\/sluzba-soferov-na-slovensku\/#breadcrumb","itemListElement":[{"@type":"ListItem","position":1,"name":"Home","item":"https:\/\/transfereurope.com\/sk\/"},{"@type":"ListItem","position":2,"name":"Slu\u017eba \u0161of\u00e9rov na Slovensku"}]},{"@type":"WebSite","@id":"https:\/\/transfereurope.com\/sk\/#website","url":"https:\/\/transfereurope.com\/sk\/","name":"transfereurope","description":"","publisher":{"@id":"https:\/\/transfereurope.com\/sk\/#organization"},"potentialAction":[{"@type":"SearchAction","target":{"@type":"EntryPoint","urlTemplate":"https:\/\/transfereurope.com\/sk\/?s={search_term_string}"},"query-input":{"@type":"PropertyValueSpecification","valueRequired":true,"valueName":"search_term_string"}}],"inLanguage":"sk-SK"},{"@type":"Organization","@id":"https:\/\/transfereurope.com\/sk\/#organization","name":"transfereurope","url":"https:\/\/transfereurope.com\/sk\/","logo":{"@type":"ImageObject","inLanguage":"sk-SK","@id":"https:\/\/transfereurope.com\/sk\/#\/schema\/logo\/image\/","url":"https:\/\/transfereurope.com\/wp-content\/uploads\/2025\/08\/TRANSFERS-1655.png","contentUrl":"https:\/\/transfereurope.com\/wp-content\/uploads\/2025\/08\/TRANSFERS-1655.png","width":500,"height":274,"caption":"transfereurope"},"image":{"@id":"https:\/\/transfereurope.com\/sk\/#\/schema\/logo\/image\/"}}]}},"_links":{"self":[{"href":"https:\/\/transfereurope.com\/sk\/wp-json\/wp\/v2\/pages\/22394","targetHints":{"allow":["GET"]}}],"collection":[{"href":"https:\/\/transfereurope.com\/sk\/wp-json\/wp\/v2\/pages"}],"about":[{"href":"https:\/\/transfereurope.com\/sk\/wp-json\/wp\/v2\/types\/page"}],"author":[{"embeddable":true,"href":"https:\/\/transfereurope.com\/sk\/wp-json\/wp\/v2\/users\/1"}],"replies":[{"embeddable":true,"href":"https:\/\/transfereurope.com\/sk\/wp-json\/wp\/v2\/comments?post=22394"}],"version-history":[{"count":0,"href":"https:\/\/transfereurope.com\/sk\/wp-json\/wp\/v2\/pages\/22394\/revisions"}],"up":[{"embeddable":true,"href":"https:\/\/transfereurope.com\/sk\/wp-json\/wp\/v2\/pages\/18255"}],"wp:featuredmedia":[{"embeddable":true,"href":"https:\/\/transfereurope.com\/sk\/wp-json\/wp\/v2\/media\/22395"}],"wp:attachment":[{"href":"https:\/\/transfereurope.com\/sk\/wp-json\/wp\/v2\/media?parent=22394"}],"curies":[{"name":"wp","href":"https:\/\/api.w.org\/{rel}","templated":true}]}}