{"id":22265,"date":"2025-08-04T20:35:15","date_gmt":"2025-08-04T20:35:15","guid":{"rendered":"https:\/\/transfereurope.com\/sukromny-vodic-do-parndorf-outlet\/"},"modified":"2025-08-04T20:35:15","modified_gmt":"2025-08-04T20:35:15","slug":"sukromny-vodic-do-parndorf-outlet","status":"publish","type":"page","link":"https:\/\/transfereurope.com\/sk\/osobny-vodic\/sukromny-vodic-do-parndorf-outlet\/","title":{"rendered":"S\u00fakromn\u00fd vodi\u010d do Parndorf Outlet"},"content":{"rendered":"\n<div id=\"t4-section-2\" class=\"t4-section  t4-section-2\" role=\"section-2\">\n<div class=\"bg-overlay bg-overlay-image\">&nbsp;<\/div>\n<div class=\"t4-section-inner container\">\n<div class=\"t4-section-inner section\" id=\"Mod533\">\n<div class=\"section-inner\">\n<div class=\"container\">\n<div class=\"section-title-wrap text-center\">\n<h1 class=\"section-title h2 text-normal\"><span>S\u00fakromn\u00fd vodi\u010d do Parndorf Outlet<\/span><\/h1>\n<\/div>\n<\/div>\n<div class=\"section-ct\">\n<div id=\"acm-features-533\" class=\"acm-features style-3\">\n<div class=\"container\">\n<div class=\"row\">\n<div class=\"col-lg-6 col-md-12 col-sm-12\">\n<div class=\"ft-image\">\n<div class=\"img-feature\">  \t\t\t\t\t\t\t<img decoding=\"async\" src=\"\/wp-content\/uploads\/2025\/08\/Chauffeur_Service__6-11.jpg\" alt=\"\u0160of\u00e9r v Parndorf Outlet\"\/>  \t\t\t\t\t\t<\/div>\n<\/p><\/div>\n<\/p><\/div>\n<div class=\"col-lg-6 col-md-12 col-sm-12\">\n<div class=\"ft-content\">\n<h3>\u0160of\u00e9r v Parndorf Outlet<\/h3>\n<p>Transfer Europe pon\u00faka transferov\u00e9 slu\u017eby do jedn\u00e9ho z najv\u00e4\u010d\u0161\u00edch n\u00e1kupn\u00fdch centier v Eur\u00f3pe &#8211; Designer Outlet Parndorf. Ak patr\u00edte k \u013eu\u010fom, ktor\u00ed uprednost\u0148uj\u00fa pohodlie na ceste, potom je na\u0161a spolo\u010dnos\u0165 vynikaj\u00facou vo\u013ebou. Pre nakupuj\u00facich pon\u00fakame dopravu do outletu Parndorf z Viedne, Bratislavy a Budape\u0161ti. <\/p>\n<p> \t\t\t\t\t   \t\t\t\t\t   \t\t\t\t\t\t<a class=\"btn btn-secondary mt-3\" href=\"\/sk\/rezervovat-transfer\">  \t\t\t\t\t\t\tRezervova\u0165 \t\t\t\t\t\t<\/a>  \t\t\t\t\t \t\t\t\t<\/div>\n<\/p><\/div>\n<\/p><\/div>\n<\/p><\/div>\n<\/p><\/div>\n<p>    <script><\/script><\/div>\n<\/div>\n<\/div>\n<\/div><\/div>\n<div id=\"t4-section-6\" class=\"t4-section  t4-section-6   container-hd  t4-palette-secondary\" role=\"section-6\">\n<div class=\"t4-section-inner container\">\n<div class=\"t4-section-inner sectionmd-why\" id=\"Mod534\">\n<div class=\"section-inner\">\n<div class=\"container\">\n<div class=\"section-title-wrap text-center\">\n<h2 class=\"section-title h2 text-white\"><span>Prenajmite si auto s vodi\u010dom do Parndorfu<\/span><\/h2>\n<\/div>\n<\/div>\n<div class=\"section-ct\">\n<div class=\"acm-features style-2\">\n<div class=\"container\">\n<div class=\"features-wrap\">\n<div class=\"row\">\n<div class=\"col-sm-12 col-md-6 col-lg-6\">\n<div class=\"features-item\">\n<div class=\"img-icon mask-icon\"> \t\t\t\t\t\t\t\t<img decoding=\"async\" src=\"\/wp-content\/uploads\/2025\/08\/icons8-80-46.png\" alt=\"\" \/> \t\t\t\t\t\t\t<\/div>\n<div class=\"features-content\">\n<h3> \t\t\t\t\t\t\t\t\t\t\t\t\t\t\t\t\t\t\t<a class=\"heading-link\" href=\"\/sk\/rezervovat-transfer\"> \t\t\t\t\t\t\t\t\t \t\t\t\t\t\t\t\t\tVyberte si smer \t\t\t\t\t\t\t\t\t\t\t\t\t\t\t\t\t\t\t<\/a> \t\t\t\t\t\t\t\t\t\t\t\t\t\t\t\t\t<\/h3>\n<p> \t\t\t\t\t\t\t\t\t\t\t\t\t\t \t\t\t\t\t\t\t\t\t\t\t\t\t\t\t<span>Pre rezerv\u00e1ciu transferu z mesta do Parndorfu &#8211; mus\u00edte zvoli\u0165 po\u017eadovan\u00fa trasu, ktor\u00e1 je uveden\u00e1 na webov\u00fdch str\u00e1nkach. Pren\u00e1jom auta s vodi\u010dom do Parndorfu sa vykon\u00e1va online kedyko\u013evek a v ktorejko\u013evek krajine.<\/span> \t\t\t\t\t\t\t\t\t\t\t\t\t<\/div>\n<\/p><\/div>\n<\/p><\/div>\n<div class=\"col-sm-12 col-md-6 col-lg-6\">\n<div class=\"features-item\">\n<div class=\"img-icon mask-icon\"> \t\t\t\t\t\t\t\t<img decoding=\"async\" src=\"\/wp-content\/uploads\/2025\/08\/icons8-car-85.png\" alt=\"\" \/> \t\t\t\t\t\t\t<\/div>\n<div class=\"features-content\">\n<h3> \t\t\t\t\t\t\t\t\t\t\t\t\t\t\t\t\t\t\t<a class=\"heading-link\" href=\"\/sk\/rezervovat-transfer\"> \t\t\t\t\t\t\t\t\t \t\t\t\t\t\t\t\t\tV\u00fdber auta \t\t\t\t\t\t\t\t\t\t\t\t\t\t\t\t\t\t\t<\/a> \t\t\t\t\t\t\t\t\t\t\t\t\t\t\t\t\t<\/h3>\n<p> \t\t\t\t\t\t\t\t\t\t\t\t\t\t \t\t\t\t\t\t\t\t\t\t\t\t\t\t\t<span>Slu\u017eba v\u00e1m formou objedn\u00e1vky transferu do Parndorf Outlet poskytne zoznam pr\u00e9miov\u00fdch automobilov z flotily spolo\u010dnosti. Uve\u010fte zna\u010dku automobilu, po\u010det cestuj\u00facich.<\/span> \t\t\t\t\t\t\t\t\t\t\t\t\t<\/div>\n<\/p><\/div>\n<\/p><\/div>\n<\/p><\/div>\n<div class=\"row\">\n<div class=\"col-sm-12 col-md-6 col-lg-6\">\n<div class=\"features-item\">\n<div class=\"img-icon mask-icon\"> \t\t\t\t\t\t\t\t<img decoding=\"async\" src=\"\/wp-content\/uploads\/2025\/08\/icons8-booking-85.png\" alt=\"\" \/> \t\t\t\t\t\t\t<\/div>\n<div class=\"features-content\">\n<h3> \t\t\t\t\t\t\t\t\t\t\t\t\t\t\t\t\t\t\t<a class=\"heading-link\" href=\"\/sk\/rezervovat-transfer\"> \t\t\t\t\t\t\t\t\t \t\t\t\t\t\t\t\t\tTransferov\u00e1 rezerv\u00e1cia \t\t\t\t\t\t\t\t\t\t\t\t\t\t\t\t\t\t\t<\/a> \t\t\t\t\t\t\t\t\t\t\t\t\t\t\t\t\t<\/h3>\n<p> \t\t\t\t\t\t\t\t\t\t\t\t\t\t \t\t\t\t\t\t\t\t\t\t\t\t\t\t\t<span>Pre dokon\u010denie objedn\u00e1vky by ste mali zanecha\u0165 svoje kontaktn\u00e9 inform\u00e1cie: meno (cel\u00e9 meno), \u010d\u00edslo mobiln\u00e9ho telef\u00f3nu, e-mailov\u00e1 adresa. Ak spr\u00e1vne vypln\u00edte v\u0161etky polia, dostanete ozn\u00e1menie o platbe. Platba sa uskuto\u010d\u0148uje bankovou kartou alebo prostredn\u00edctvom online platobnej aplik\u00e1cie.<\/span> \t\t\t\t\t\t\t\t\t\t\t\t\t<\/div>\n<\/p><\/div>\n<\/p><\/div>\n<div class=\"col-sm-12 col-md-6 col-lg-6\">\n<div class=\"features-item\">\n<div class=\"img-icon mask-icon\"> \t\t\t\t\t\t\t\t<img decoding=\"async\" src=\"\/wp-content\/uploads\/2025\/08\/icons8-reservations-46.png\" alt=\"\" \/> \t\t\t\t\t\t\t<\/div>\n<div class=\"features-content\">\n<h3> \t\t\t\t\t\t\t\t\t\t\t\t\t\t\t\t\t\t\t<a class=\"heading-link\" href=\"\/sk\/rezervovat-transfer\"> \t\t\t\t\t\t\t\t\t \t\t\t\t\t\t\t\t\tRezerv\u00e1cie \t\t\t\t\t\t\t\t\t\t\t\t\t\t\t\t\t\t\t<\/a> \t\t\t\t\t\t\t\t\t\t\t\t\t\t\t\t\t<\/h3>\n<p> \t\t\t\t\t\t\t\t\t\t\t\t\t\t \t\t\t\t\t\t\t\t\t\t\t\t\t\t\t<span>Rezerv\u00e1cie sa uskuto\u010d\u0148uj\u00fa bez probl\u00e9mov v\u010faka responz\u00edvnemu formul\u00e1ru \u017eiadosti, do ktor\u00e9ho pol\u00ed uvediete trasu, mesto, adresu hotela, \u010das pr\u00edchodu (ak je to potrebn\u00e9).<\/span> \t\t\t\t\t\t\t\t\t\t\t\t\t<\/div>\n<\/p><\/div>\n<\/p><\/div>\n<\/p><\/div>\n<\/p><\/div>\n<\/p><\/div>\n<\/p><\/div>\n<\/div>\n<\/div>\n<\/div>\n<\/div><\/div>\n<div id=\"t4-section-7\" class=\"t4-section  t4-section-7   section-border-bottom\" role=\"section-7\">\n<div class=\"t4-section-inner container\">\n<div class=\"t4-section-inner section\" id=\"Mod535\">\n<div class=\"section-inner\">\n<div class=\"section-ct\">\n<div id=\"acm-features-535\" class=\"acm-features style-3\">\n<div class=\"container\">\n<div class=\"row\">\n<div class=\"col-lg-6 col-md-12 col-sm-12\">\n<div class=\"ft-image\">\n<div class=\"img-feature\">  \t\t\t\t\t\t\t<img decoding=\"async\" src=\"\/wp-content\/uploads\/2025\/08\/Chauffeur_Service__5-37.jpg\" alt=\"V\u00fdhody cestovania so s\u00fakromn\u00fdm vodi\u010dom do outletu Parndorf\"\/>  \t\t\t\t\t\t<\/div>\n<\/p><\/div>\n<\/p><\/div>\n<div class=\"col-lg-6 col-md-12 col-sm-12\">\n<div class=\"ft-content\">\n<h3>\n<h2>V\u00fdhody cestovania so s\u00fakromn\u00fdm vodi\u010dom do outletu Parndorf<\/h2>\n<\/h3>\n<ul>\n<li>Pohodln\u00e9 pr\u00e9miov\u00e9 aut\u00e1.<\/li>\n<li>Profesion\u00e1lni vodi\u010di \u0161peci\u00e1lne vy\u0161kolen\u00ed v kurzoch bezpe\u010dnej jazdy.<\/li>\n<li>Vodi\u010d \u010dak\u00e1 60 min\u00fat (hodinu) bez poplatkov za prestoje.<\/li>\n<\/ul>\n<p> \t\t\t\t\t   \t\t\t\t\t   \t\t\t\t\t\t<a class=\"btn btn-secondary mt-3\" href=\"\/sk\/rezervovat-transfer\">  \t\t\t\t\t\t\tRezervova\u0165 \t\t\t\t\t\t<\/a>  \t\t\t\t\t \t\t\t\t<\/div>\n<\/p><\/div>\n<\/p><\/div>\n<\/p><\/div>\n<\/p><\/div>\n<p>    <script><\/script><\/div>\n<\/div>\n<\/div>\n<\/div><\/div>\n<div class=\"t4-section\" role=\"\">\n<div class=\"t4-section-inner container\">\n<div id=\"system-message-container\"> \t<\/div>\n<div class=\"com-content-category-blog blog layout-view-tours-list\" itemscope itemtype=\"https:\/\/schema.org\/Blog\"> \t \t \t \t \t \t\t\t\t \t \t \t \t\t\t\t<!-- \u041f\u043b\u0430\u0433\u0438\u043d \u0440\u0435\u0439\u0442\u0438\u043d\u0433\u0430 --> \t\t<\/p>\n<div class=\"vrvote-body\">\n<ul class=\"vrvote-ul\">\n<li id=\"rating_159\" class=\"current-rating\" style=\"width:100.00%;\"><\/li>\n<li> \t\t\t\t\t\t<a class=\"vr-one-star\" onclick=\"javascript:JSVRvote(159,1,80,16,0)\" href=\"javascript:void(null)\">1<\/a> \t\t\t\t\t<\/li>\n<li> \t\t\t\t\t\t<a class=\"vr-two-stars\" onclick=\"javascript:JSVRvote(159,2,80,16,0)\" href=\"javascript:void(null)\">2<\/a> \t\t\t\t\t<\/li>\n<li> \t\t\t\t\t\t<a class=\"vr-three-stars\" onclick=\"javascript:JSVRvote(159,3,80,16,0)\" href=\"javascript:void(null)\">3<\/a> \t\t\t\t\t<\/li>\n<li> \t\t\t\t\t\t<a class=\"vr-four-stars\" onclick=\"javascript:JSVRvote(159,4,80,16,0)\" href=\"javascript:void(null)\">4<\/a> \t\t\t\t\t<\/li>\n<li> \t\t\t\t\t\t<a class=\"vr-five-stars\" onclick=\"javascript:JSVRvote(159,5,80,16,0)\" href=\"javascript:void(null)\">5<\/a> \t\t\t\t\t<\/li>\n<\/ul><\/div>\n<p> \t\t\t<span id=\"vrvote_159\" class=\"vrvote-count\"><small><\/small><\/span>\t<\/span><\/div>\n<p> <script type=\"application\/ld+json\"><\/script>  <\/div>\n<\/p><\/div>\n<div id=\"t4-section-8\" class=\"t4-section  t4-section-8\" role=\"section-8\">\n<div class=\"bg-overlay bg-overlay-image\">&nbsp;<\/div>\n<\/p><\/div>\n<p>      <a href='javascript:' id='back-to-top'><i class='fa fa-chevron-up'><\/i><\/a>                <\/p>\n","protected":false},"excerpt":{"rendered":"<p>&nbsp; S\u00fakromn\u00fd vodi\u010d do Parndorf Outlet \u0160of\u00e9r v Parndorf Outlet Transfer Europe pon\u00faka transferov\u00e9 slu\u017eby do jedn\u00e9ho z najv\u00e4\u010d\u0161\u00edch n\u00e1kupn\u00fdch centier v Eur\u00f3pe &#8211; Designer Outlet Parndorf. Ak patr\u00edte k \u013eu\u010fom, ktor\u00ed uprednost\u0148uj\u00fa pohodlie na ceste, potom je na\u0161a spolo\u010dnos\u0165 vynikaj\u00facou vo\u013ebou. Pre nakupuj\u00facich pon\u00fakame dopravu do outletu Parndorf z Viedne, Bratislavy a Budape\u0161ti. Rezervova\u0165 [&hellip;]<\/p>\n","protected":false},"author":1,"featured_media":22266,"parent":18255,"menu_order":0,"comment_status":"closed","ping_status":"closed","template":"","meta":{"footnotes":""},"class_list":["post-22265","page","type-page","status-publish","has-post-thumbnail","hentry"],"yoast_head":"<!-- This site is optimized with the Yoast SEO plugin v25.6 - https:\/\/yoast.com\/wordpress\/plugins\/seo\/ -->\n<title>\u0160of\u00e9r v Parndorf. S\u00fakromn\u00fd vodi\u010d do Parndorf Outlet \u2014 Transfer Europe<\/title>\n<meta name=\"description\" content=\"\u0160of\u00e9r v Parndorf Outlet, Rak\u00fasko. Slu\u017eby osobn\u00e9ho vodi\u010da v Fashion Outlet Parndorf, Transfer Europe \u2714Ve\u013ek\u00fd vozov\u00fd park \u2714Profesion\u00e1lni \u0161of\u00e9ri \u260e + 421 951 460 615.\" \/>\n<meta name=\"robots\" content=\"index, follow, max-snippet:-1, max-image-preview:large, max-video-preview:-1\" \/>\n<link rel=\"canonical\" href=\"https:\/\/transfereurope.com\/sk\/osobny-vodic\/sukromny-vodic-do-parndorf-outlet\/\" \/>\n<meta property=\"og:locale\" content=\"sk_SK\" \/>\n<meta property=\"og:type\" content=\"article\" \/>\n<meta property=\"og:title\" content=\"\u0160of\u00e9r v Parndorf. S\u00fakromn\u00fd vodi\u010d do Parndorf Outlet \u2014 Transfer Europe\" \/>\n<meta property=\"og:description\" content=\"\u0160of\u00e9r v Parndorf Outlet, Rak\u00fasko. Slu\u017eby osobn\u00e9ho vodi\u010da v Fashion Outlet Parndorf, Transfer Europe \u2714Ve\u013ek\u00fd vozov\u00fd park \u2714Profesion\u00e1lni \u0161of\u00e9ri \u260e + 421 951 460 615.\" \/>\n<meta property=\"og:url\" content=\"https:\/\/transfereurope.com\/sk\/osobny-vodic\/sukromny-vodic-do-parndorf-outlet\/\" \/>\n<meta property=\"og:site_name\" content=\"transfereurope\" \/>\n<meta property=\"og:image\" content=\"https:\/\/transfereurope.com\/wp-content\/uploads\/2025\/08\/Chauffeur_Service__6-11-1.jpg\" \/>\n\t<meta property=\"og:image:width\" content=\"1200\" \/>\n\t<meta property=\"og:image:height\" content=\"960\" \/>\n\t<meta property=\"og:image:type\" content=\"image\/jpeg\" \/>\n<meta name=\"twitter:card\" content=\"summary_large_image\" \/>\n<meta name=\"twitter:label1\" content=\"Predpokladan\u00fd \u010das \u010d\u00edtania\" \/>\n\t<meta name=\"twitter:data1\" content=\"1 min\u00fata\" \/>\n<script type=\"application\/ld+json\" class=\"yoast-schema-graph\">{\"@context\":\"https:\/\/schema.org\",\"@graph\":[{\"@type\":\"WebPage\",\"@id\":\"https:\/\/transfereurope.com\/sk\/osobny-vodic\/sukromny-vodic-do-parndorf-outlet\/\",\"url\":\"https:\/\/transfereurope.com\/sk\/osobny-vodic\/sukromny-vodic-do-parndorf-outlet\/\",\"name\":\"\u0160of\u00e9r v Parndorf. S\u00fakromn\u00fd vodi\u010d do Parndorf Outlet \u2014 Transfer Europe\",\"isPartOf\":{\"@id\":\"https:\/\/transfereurope.com\/sk\/#website\"},\"primaryImageOfPage\":{\"@id\":\"https:\/\/transfereurope.com\/sk\/osobny-vodic\/sukromny-vodic-do-parndorf-outlet\/#primaryimage\"},\"image\":{\"@id\":\"https:\/\/transfereurope.com\/sk\/osobny-vodic\/sukromny-vodic-do-parndorf-outlet\/#primaryimage\"},\"thumbnailUrl\":\"https:\/\/transfereurope.com\/wp-content\/uploads\/2025\/08\/Chauffeur_Service__6-11-1.jpg\",\"datePublished\":\"2025-08-04T20:35:15+00:00\",\"description\":\"\u0160of\u00e9r v Parndorf Outlet, Rak\u00fasko. Slu\u017eby osobn\u00e9ho vodi\u010da v Fashion Outlet Parndorf, Transfer Europe \u2714Ve\u013ek\u00fd vozov\u00fd park \u2714Profesion\u00e1lni \u0161of\u00e9ri \u260e + 421 951 460 615.\",\"breadcrumb\":{\"@id\":\"https:\/\/transfereurope.com\/sk\/osobny-vodic\/sukromny-vodic-do-parndorf-outlet\/#breadcrumb\"},\"inLanguage\":\"sk-SK\",\"potentialAction\":[{\"@type\":\"ReadAction\",\"target\":[\"https:\/\/transfereurope.com\/sk\/osobny-vodic\/sukromny-vodic-do-parndorf-outlet\/\"]}]},{\"@type\":\"ImageObject\",\"inLanguage\":\"sk-SK\",\"@id\":\"https:\/\/transfereurope.com\/sk\/osobny-vodic\/sukromny-vodic-do-parndorf-outlet\/#primaryimage\",\"url\":\"https:\/\/transfereurope.com\/wp-content\/uploads\/2025\/08\/Chauffeur_Service__6-11-1.jpg\",\"contentUrl\":\"https:\/\/transfereurope.com\/wp-content\/uploads\/2025\/08\/Chauffeur_Service__6-11-1.jpg\",\"width\":1200,\"height\":960},{\"@type\":\"BreadcrumbList\",\"@id\":\"https:\/\/transfereurope.com\/sk\/osobny-vodic\/sukromny-vodic-do-parndorf-outlet\/#breadcrumb\",\"itemListElement\":[{\"@type\":\"ListItem\",\"position\":1,\"name\":\"Home\",\"item\":\"https:\/\/transfereurope.com\/sk\/\"},{\"@type\":\"ListItem\",\"position\":2,\"name\":\"S\u00fakromn\u00fd vodi\u010d do Parndorf Outlet\"}]},{\"@type\":\"WebSite\",\"@id\":\"https:\/\/transfereurope.com\/sk\/#website\",\"url\":\"https:\/\/transfereurope.com\/sk\/\",\"name\":\"transfereurope\",\"description\":\"\",\"publisher\":{\"@id\":\"https:\/\/transfereurope.com\/sk\/#organization\"},\"potentialAction\":[{\"@type\":\"SearchAction\",\"target\":{\"@type\":\"EntryPoint\",\"urlTemplate\":\"https:\/\/transfereurope.com\/sk\/?s={search_term_string}\"},\"query-input\":{\"@type\":\"PropertyValueSpecification\",\"valueRequired\":true,\"valueName\":\"search_term_string\"}}],\"inLanguage\":\"sk-SK\"},{\"@type\":\"Organization\",\"@id\":\"https:\/\/transfereurope.com\/sk\/#organization\",\"name\":\"transfereurope\",\"url\":\"https:\/\/transfereurope.com\/sk\/\",\"logo\":{\"@type\":\"ImageObject\",\"inLanguage\":\"sk-SK\",\"@id\":\"https:\/\/transfereurope.com\/sk\/#\/schema\/logo\/image\/\",\"url\":\"https:\/\/transfereurope.com\/wp-content\/uploads\/2025\/08\/TRANSFERS-1655.png\",\"contentUrl\":\"https:\/\/transfereurope.com\/wp-content\/uploads\/2025\/08\/TRANSFERS-1655.png\",\"width\":500,\"height\":274,\"caption\":\"transfereurope\"},\"image\":{\"@id\":\"https:\/\/transfereurope.com\/sk\/#\/schema\/logo\/image\/\"}}]}<\/script>\n<!-- \/ Yoast SEO plugin. -->","yoast_head_json":{"title":"\u0160of\u00e9r v Parndorf. S\u00fakromn\u00fd vodi\u010d do Parndorf Outlet \u2014 Transfer Europe","description":"\u0160of\u00e9r v Parndorf Outlet, Rak\u00fasko. Slu\u017eby osobn\u00e9ho vodi\u010da v Fashion Outlet Parndorf, Transfer Europe \u2714Ve\u013ek\u00fd vozov\u00fd park \u2714Profesion\u00e1lni \u0161of\u00e9ri \u260e + 421 951 460 615.","robots":{"index":"index","follow":"follow","max-snippet":"max-snippet:-1","max-image-preview":"max-image-preview:large","max-video-preview":"max-video-preview:-1"},"canonical":"https:\/\/transfereurope.com\/sk\/osobny-vodic\/sukromny-vodic-do-parndorf-outlet\/","og_locale":"sk_SK","og_type":"article","og_title":"\u0160of\u00e9r v Parndorf. S\u00fakromn\u00fd vodi\u010d do Parndorf Outlet \u2014 Transfer Europe","og_description":"\u0160of\u00e9r v Parndorf Outlet, Rak\u00fasko. Slu\u017eby osobn\u00e9ho vodi\u010da v Fashion Outlet Parndorf, Transfer Europe \u2714Ve\u013ek\u00fd vozov\u00fd park \u2714Profesion\u00e1lni \u0161of\u00e9ri \u260e + 421 951 460 615.","og_url":"https:\/\/transfereurope.com\/sk\/osobny-vodic\/sukromny-vodic-do-parndorf-outlet\/","og_site_name":"transfereurope","og_image":[{"width":1200,"height":960,"url":"https:\/\/transfereurope.com\/wp-content\/uploads\/2025\/08\/Chauffeur_Service__6-11-1.jpg","type":"image\/jpeg"}],"twitter_card":"summary_large_image","twitter_misc":{"Predpokladan\u00fd \u010das \u010d\u00edtania":"1 min\u00fata"},"schema":{"@context":"https:\/\/schema.org","@graph":[{"@type":"WebPage","@id":"https:\/\/transfereurope.com\/sk\/osobny-vodic\/sukromny-vodic-do-parndorf-outlet\/","url":"https:\/\/transfereurope.com\/sk\/osobny-vodic\/sukromny-vodic-do-parndorf-outlet\/","name":"\u0160of\u00e9r v Parndorf. S\u00fakromn\u00fd vodi\u010d do Parndorf Outlet \u2014 Transfer Europe","isPartOf":{"@id":"https:\/\/transfereurope.com\/sk\/#website"},"primaryImageOfPage":{"@id":"https:\/\/transfereurope.com\/sk\/osobny-vodic\/sukromny-vodic-do-parndorf-outlet\/#primaryimage"},"image":{"@id":"https:\/\/transfereurope.com\/sk\/osobny-vodic\/sukromny-vodic-do-parndorf-outlet\/#primaryimage"},"thumbnailUrl":"https:\/\/transfereurope.com\/wp-content\/uploads\/2025\/08\/Chauffeur_Service__6-11-1.jpg","datePublished":"2025-08-04T20:35:15+00:00","description":"\u0160of\u00e9r v Parndorf Outlet, Rak\u00fasko. Slu\u017eby osobn\u00e9ho vodi\u010da v Fashion Outlet Parndorf, Transfer Europe \u2714Ve\u013ek\u00fd vozov\u00fd park \u2714Profesion\u00e1lni \u0161of\u00e9ri \u260e + 421 951 460 615.","breadcrumb":{"@id":"https:\/\/transfereurope.com\/sk\/osobny-vodic\/sukromny-vodic-do-parndorf-outlet\/#breadcrumb"},"inLanguage":"sk-SK","potentialAction":[{"@type":"ReadAction","target":["https:\/\/transfereurope.com\/sk\/osobny-vodic\/sukromny-vodic-do-parndorf-outlet\/"]}]},{"@type":"ImageObject","inLanguage":"sk-SK","@id":"https:\/\/transfereurope.com\/sk\/osobny-vodic\/sukromny-vodic-do-parndorf-outlet\/#primaryimage","url":"https:\/\/transfereurope.com\/wp-content\/uploads\/2025\/08\/Chauffeur_Service__6-11-1.jpg","contentUrl":"https:\/\/transfereurope.com\/wp-content\/uploads\/2025\/08\/Chauffeur_Service__6-11-1.jpg","width":1200,"height":960},{"@type":"BreadcrumbList","@id":"https:\/\/transfereurope.com\/sk\/osobny-vodic\/sukromny-vodic-do-parndorf-outlet\/#breadcrumb","itemListElement":[{"@type":"ListItem","position":1,"name":"Home","item":"https:\/\/transfereurope.com\/sk\/"},{"@type":"ListItem","position":2,"name":"S\u00fakromn\u00fd vodi\u010d do Parndorf Outlet"}]},{"@type":"WebSite","@id":"https:\/\/transfereurope.com\/sk\/#website","url":"https:\/\/transfereurope.com\/sk\/","name":"transfereurope","description":"","publisher":{"@id":"https:\/\/transfereurope.com\/sk\/#organization"},"potentialAction":[{"@type":"SearchAction","target":{"@type":"EntryPoint","urlTemplate":"https:\/\/transfereurope.com\/sk\/?s={search_term_string}"},"query-input":{"@type":"PropertyValueSpecification","valueRequired":true,"valueName":"search_term_string"}}],"inLanguage":"sk-SK"},{"@type":"Organization","@id":"https:\/\/transfereurope.com\/sk\/#organization","name":"transfereurope","url":"https:\/\/transfereurope.com\/sk\/","logo":{"@type":"ImageObject","inLanguage":"sk-SK","@id":"https:\/\/transfereurope.com\/sk\/#\/schema\/logo\/image\/","url":"https:\/\/transfereurope.com\/wp-content\/uploads\/2025\/08\/TRANSFERS-1655.png","contentUrl":"https:\/\/transfereurope.com\/wp-content\/uploads\/2025\/08\/TRANSFERS-1655.png","width":500,"height":274,"caption":"transfereurope"},"image":{"@id":"https:\/\/transfereurope.com\/sk\/#\/schema\/logo\/image\/"}}]}},"_links":{"self":[{"href":"https:\/\/transfereurope.com\/sk\/wp-json\/wp\/v2\/pages\/22265","targetHints":{"allow":["GET"]}}],"collection":[{"href":"https:\/\/transfereurope.com\/sk\/wp-json\/wp\/v2\/pages"}],"about":[{"href":"https:\/\/transfereurope.com\/sk\/wp-json\/wp\/v2\/types\/page"}],"author":[{"embeddable":true,"href":"https:\/\/transfereurope.com\/sk\/wp-json\/wp\/v2\/users\/1"}],"replies":[{"embeddable":true,"href":"https:\/\/transfereurope.com\/sk\/wp-json\/wp\/v2\/comments?post=22265"}],"version-history":[{"count":0,"href":"https:\/\/transfereurope.com\/sk\/wp-json\/wp\/v2\/pages\/22265\/revisions"}],"up":[{"embeddable":true,"href":"https:\/\/transfereurope.com\/sk\/wp-json\/wp\/v2\/pages\/18255"}],"wp:featuredmedia":[{"embeddable":true,"href":"https:\/\/transfereurope.com\/sk\/wp-json\/wp\/v2\/media\/22266"}],"wp:attachment":[{"href":"https:\/\/transfereurope.com\/sk\/wp-json\/wp\/v2\/media?parent=22265"}],"curies":[{"name":"wp","href":"https:\/\/api.w.org\/{rel}","templated":true}]}}